{"id":155466,"date":"2023-07-05T10:34:01","date_gmt":"2023-07-05T10:34:01","guid":{"rendered":"http:\/\/talkpal.ai\/torok-nyelvtani-gyakorlatok\/"},"modified":"2025-12-17T09:49:10","modified_gmt":"2025-12-17T09:49:10","slug":"torok-nyelvtani-gyakorlatok","status":"publish","type":"page","link":"https:\/\/talkpal.ai\/hu\/torok-nyelvtani-gyakorlatok\/","title":{"rendered":"T\u00f6r\u00f6k nyelvtani gyakorlatok"},"content":{"rendered":"\r\n\r\n\r\n<section class=\"languageChallengeSection\">\r\n    <div class=\"languageInfoWrapper\">\r\n        \r\n        <h1>T\u00f6r\u00f6k nyelvtani gyakorlatok<\/h1>\r\n        <p>Szeretne magabiztosabban besz\u00e9lni t\u00f6r\u00f6k\u00fcl? A nyelvtani gyakorlatok gyakorl\u00e1sa remek m\u00f3dja a mondatszerkezet, az igek\u00f6t\u0151k \u00e9s a nyelv mindennapi mint\u00e1inak elsaj\u00e1t\u00edt\u00e1s\u00e1nak. Kezdje el felfedezni a <a href=\"https:\/\/talkpal.ai\/learn-turkish\/\">t\u00f6r\u00f6k<\/a> nyelvtani gyakorlatokat m\u00e9g ma, \u00e9s n\u00e9zze, ahogy a meg\u00e9rt\u00e9s \u00e9s a besz\u00e9dk\u00e9szs\u00e9g folyamatosan javul!<\/p>\r\n\r\n                            <a class=\"getStartedHidden\" href=\"https:\/\/app.talkpal.ai\/hu\/signup?lng=\">Kezdj\u00fck<\/a>\r\n        \r\n    <\/div>\r\n\r\n    <figure>\r\n    <img decoding=\"async\" width=\"768\" height=\"768\" src=\"https:\/\/talkpal.ai\/wp-content\/uploads\/2023\/06\/turkish-768x768.png\" class=\"languageImage no-lazy\" alt=\"Language learning for increased focus\" fetchpriority=\"high\" sizes=\"(max-width: 768px) 150px, 768px\" srcset=\"https:\/\/talkpal.ai\/wp-content\/uploads\/2023\/06\/turkish-768x768.png 768w, https:\/\/talkpal.ai\/wp-content\/uploads\/2023\/06\/turkish-300x300.png 300w\" \/>\r\n    \r\n\r\n    <\/figure>\r\n\r\n            <a class=\"getStartedVisible\" href=\"https:\/\/app.talkpal.ai\/hu\/signup?lng=\">Kezdj\u00fck<\/a>\r\n    \r\n<\/section>\r\n\r\n\r\n<!-- <section class=\"grammarSection\">\r\n    <div class=\"grammarLinks\">\r\n            <\/div>\r\n<\/section> -->\r\n\r\n\r\n\r\n\r\n<section class=\"promotionalBanner\">\r\n    <p class=\"promotionalText\">A nyelvtanul\u00e1s leghat\u00e9konyabb m\u00f3dja<\/p>\r\n    <a class=\"promotionalLink\" href=\"https:\/\/app.talkpal.ai\/hu\/signup?lng=\">Pr\u00f3b\u00e1lja ki a Talkpal ingyen<\/a>\r\n<\/section>\n<div class=\"wp-block-group pageContainerStyle\"><div class=\"wp-block-group__inner-container is-layout-constrained wp-block-group-is-layout-constrained\">\n<h2 class=\"wp-block-heading\" id=\"h-turkish-grammar-topics\">T\u00f6r\u00f6k nyelvtani t\u00e9m\u00e1k<\/h2>\n\n\n\n<p>A <a href=\"https:\/\/talkpal.ai\/learn-turkish\/\">t\u00f6r\u00f6k<\/a> nyelv tanul\u00e1sa egyed\u00fcl\u00e1ll\u00f3 szerkezete \u00e9s nyelvtana miatt kifizet\u0151d\u0151, de kih\u00edv\u00e1st jelent\u0151 v\u00e1llalkoz\u00e1s lehet. A t\u00f6r\u00f6k nyelv egyik f\u0151 szempontja, amelyet a tanul\u00f3knak meg kell \u00e9rteni\u00fck, a <a href=\"https:\/\/talkpal.ai\/grammar\/\">nyelvtan<\/a>, amely olyan t\u00e9m\u00e1kat foglal mag\u00e1ban, mint az igeid\u0151k, ig\u00e9k, f\u0151nevek, cikkek, mell\u00e9knevek, hat\u00e1roz\u00f3sz\u00f3k, felt\u00e9telekkel, el\u00f6lj\u00e1r\u00f3szavakkal \u00e9s mondat\u00e9p\u00edt\u00e9ssel. Ezeknek az \u00f6sszetev\u0151knek a meg\u00e9rt\u00e9se l\u00e9tfontoss\u00e1g\u00fa a nyelv elsaj\u00e1t\u00edt\u00e1s\u00e1hoz, mivel ezek a t\u00f6r\u00f6k kommunik\u00e1ci\u00f3 \u00e9p\u00edt\u0151k\u00f6vei.<\/p>\n\n\n\n<h3 class=\"wp-block-heading\" id=\"h-1-nouns\">1. F\u0151nevek:<\/h3>\n\n\n\n<p>Kezdje a t\u00f6r\u00f6k f\u0151nevek tanul\u00e1s\u00e1val, mivel ezek a nyelv legalapvet\u0151bb egys\u00e9gei. A mondatokban val\u00f3 haszn\u00e1latuk meg\u00e9rt\u00e9se j\u00f3 alapot ad.<\/p>\n\n\n\n<h3 class=\"wp-block-heading\" id=\"h-2-articles\">2. Cikkek:<\/h3>\n\n\n\n<p>T\u00f6r\u00f6k\u00fcl nincsenek hat\u00e1rozott vagy hat\u00e1rozatlan cikkek. Ez megk\u00f6nny\u00edti a kezd\u0151k sz\u00e1m\u00e1ra. A hat\u00e1rozotts\u00e1g \u00e9s hat\u00e1rozatlans\u00e1g kifejez\u00e9s\u00e9nek megtanul\u00e1sa azonban d\u00f6nt\u0151 fontoss\u00e1g\u00fa.<\/p>\n\n\n\n<h3 class=\"wp-block-heading\" id=\"h-3-pronouns-determiners\">3. N\u00e9vm\u00e1sok\/determin\u00e1nsok:<\/h3>\n\n\n\n<p>Ezek olyan szavak, amelyek helyettes\u00edtik vagy m\u00f3dos\u00edtj\u00e1k a f\u0151neveket. Jelezhetik a sz\u00e1mot, a birtokl\u00e1st, a nemet \u00e9s a t\u00e1vols\u00e1got. Nagyon fontos, hogy kor\u00e1n megtanuljuk \u0151ket, mert gyakran haszn\u00e1lj\u00e1k \u0151ket.<\/p>\n\n\n\n<h3 class=\"wp-block-heading\" id=\"h-4-adjectives\">4. Mell\u00e9knevek:<\/h3>\n\n\n\n<p>A mell\u00e9knevek f\u0151neveket \u00edrnak le vagy m\u00f3dos\u00edtanak. A t\u00f6r\u00f6k mell\u00e9knevek nem v\u00e1ltoznak nem vagy sz\u00e1m szerint, <a href=\"https:\/\/talkpal.ai\/locations\/language-courses-in-ami\/\">ami<\/a> leegyszer\u0171s\u00edti a tanul\u00e1st.<\/p>\n\n\n\n<h3 class=\"wp-block-heading\" id=\"h-5-adverbs\">5. Hat\u00e1roz\u00f3sz\u00f3k:<\/h3>\n\n\n\n<p>A hat\u00e1roz\u00f3szavak ig\u00e9ket, mell\u00e9kneveket vagy m\u00e1s hat\u00e1roz\u00f3szavakat \u00edrnak le. Kulcsfontoss\u00e1g\u00faak a m\u00f3d, a hely, az id\u0151, a gyakoris\u00e1g, a fok \u00e9s egyebek kifejez\u00e9s\u00e9hez, gazdag\u00edtva a nyelvet.<\/p>\n\n\n\n<h3 class=\"wp-block-heading\" id=\"h-6-verbs\">6. Ig\u00e9k:<\/h3>\n\n\n\n<p>A t\u00f6r\u00f6k ig\u00e9k ragoz\u00e1sa fesz\u00fclts\u00e9gre, hangulatra, szempontra \u00e9s hangra vonatkozik. Az ig\u00e9k tanul\u00e1sa d\u00f6nt\u0151 fontoss\u00e1g\u00fa a mondatok kialak\u00edt\u00e1s\u00e1ban.<\/p>\n\n\n\n<h3 class=\"wp-block-heading\" id=\"h-7-tenses\">7. Igeid\u0151k:<\/h3>\n\n\n\n<p>A t\u00f6r\u00f6k nyelvben kilenc igeid\u0151 <a href=\"https:\/\/talkpal.ai\/locations\/language-courses-in-van\/\">van<\/a> (m\u00falt, jelen, j\u00f6v\u0151 \u00e9s ezek v\u00e1ltozatai). Ezek meg\u00e9rt\u00e9se kulcsfontoss\u00e1g\u00fa az id\u0151 pontos kifejez\u00e9s\u00e9hez.<\/p>\n\n\n\n<h3 class=\"wp-block-heading\" id=\"h-8-tense-comparison\">8. Fesz\u00fclt \u00f6sszehasonl\u00edt\u00e1s:<\/h3>\n\n\n\n<p>Ez seg\u00edt meg\u00e9rteni a k\u00fcl\u00f6nb\u00f6z\u0151 id\u0151k k\u00f6z\u00f6tti \u00e1rnyalatokat.<\/p>\n\n\n\n<h3 class=\"wp-block-heading\" id=\"h-9-progressive\">9. Progressz\u00edv:<\/h3>\n\n\n\n<p>A progressz\u00edv fesz\u00fclts\u00e9g folyamatos cselekv\u00e9seket jelez. <a href=\"https:\/\/talkpal.ai\/culture\/how-do-you-use-the-demonstrative-pronouns-ez-and-az\/\">Ez az<\/a> id\u0151m\u00e9rt\u00e9kek egyik alkateg\u00f3ri\u00e1ja, amely fontos ahhoz, hogy pontosan kifejezd magad.<\/p>\n\n\n\n<h3 class=\"wp-block-heading\" id=\"h-10-perfect-progressive\">10. T\u00f6k\u00e9letes progressz\u00edv:<\/h3>\n\n\n\n<p>Ez az id\u0151 olyan cselekv\u00e9seket jelez, amelyek a m\u00faltban folyamatban voltak, \u00e9s a jelenig folytat\u00f3dnak, vagy \u00e9ppen befejez\u0151dtek. Ez \u00f6sszetettebb, \u00e9s a progressz\u00edv id\u0151 elsaj\u00e1t\u00edt\u00e1sa ut\u00e1n kell megtanulni.<\/p>\n\n\n\n<h3 class=\"wp-block-heading\" id=\"h-11-conditionals\">11. Felt\u00e9telek:<\/h3>\n\n\n\n<p>A felt\u00e9teles mondatok hipotetikus helyzeteket fejeznek ki, \u00e9s bizonyos felt\u00e9telekt\u0151l f\u00fcggenek. Bonyolultabb\u00e1 teszik a nyelvet.<\/p>\n\n\n\n<h3 class=\"wp-block-heading\" id=\"h-12-prepositions\">12. El\u00f6lj\u00e1r\u00f3szavak:<\/h3>\n\n\n\n<p>A prepoz\u00edci\u00f3k egy f\u0151n\u00e9v vagy n\u00e9vm\u00e1s kapcsolat\u00e1t mutatj\u00e1k egy mondat m\u00e1sik szav\u00e1val. Kulcsfontoss\u00e1g\u00faak a szavak \u00e9s gondolatok \u00f6sszekapcsol\u00e1s\u00e1ban.<\/p>\n\n\n\n<h3 class=\"wp-block-heading\" id=\"h-13-sentences\">13. Mondatok:<\/h3>\n\n\n\n<p>V\u00e9g\u00fcl, a teljes mondatok fel\u00e9p\u00edt\u00e9s\u00e9nek megtanul\u00e1sa az \u00f6sszes kor\u00e1bbi nyelvtani t\u00e9ma elsaj\u00e1t\u00edt\u00e1s\u00e1nak cs\u00facspontja.<\/p>\n<\/div><\/div>\n\r\n<section class=\"learnNavigationSection\">\r\n            \r\n        <a href=\"https:\/\/talkpal.ai\/hu\/tanulj-torokul\/\">\r\n            <div class=\"learnNavigationWrapper\">\r\n                <div class=\"learnNavigationContent\">\r\n                    <img decoding=\"async\" src=\"https:\/\/talkpal.ai\/wp-content\/uploads\/2024\/08\/Turkish.jpg\" alt=\"Turkish Flag\">\r\n                    <div>\r\n                        <h4>A t\u00f6r\u00f6k tanul\u00e1sr\u00f3l<\/h4>\r\n                        <p>Tudjon meg mindent a t\u00f6r\u00f6k nyelvtanr\u00f3l.<\/p>\r\n                    <\/div>\r\n                <\/div>\r\n            <\/div>\r\n        <\/a>\r\n\r\n        \r\n        <a href=\"https:\/\/talkpal.ai\/hu\/torok-nyelvtan\/\">\r\n            <div class=\"learnNavigationWrapper\">\r\n                <div class=\"learnNavigationContent\">\r\n                    <img decoding=\"async\" src=\"https:\/\/talkpal.ai\/wp-content\/uploads\/2024\/08\/Turkish.jpg\" alt=\"Turkish Flag\">\r\n                    <div>\r\n                        <h4>T\u00f6r\u00f6k nyelvtani \u00f3r\u00e1k<\/h4>\r\n                        <p>Gyakorolja a t\u00f6r\u00f6k nyelvtant.<\/p>\r\n                    <\/div>\r\n                <\/div>\r\n            <\/div>\r\n        <\/a>\r\n\r\n        \r\n        <a href=\"https:\/\/talkpal.ai\/vocabulary_language\/turkish\/\">\r\n            <div class=\"learnNavigationWrapper\">\r\n                <div class=\"learnNavigationContent\">\r\n                    <img decoding=\"async\" src=\"https:\/\/talkpal.ai\/wp-content\/uploads\/2024\/08\/Turkish.jpg\" alt=\"Turkish Flag\">\r\n                    <div>\r\n                        <h4>T\u00f6r\u00f6k sz\u00f3kincs<\/h4>\r\n                        <p>B\u0151v\u00edtse t\u00f6r\u00f6k sz\u00f3kincs\u00e9t.<\/p>\r\n                    <\/div>\r\n                <\/div>\r\n            <\/div>\r\n        <\/a>\r\n\r\n            <\/section>","protected":false},"excerpt":{"rendered":"<p>T\u00f6r\u00f6k nyelvtani t\u00e9m\u00e1k A t\u00f6r\u00f6k nyelv tanul\u00e1sa egyed\u00fcl\u00e1ll\u00f3 szerkezete \u00e9s nyelvtana miatt kifizet\u0151d\u0151, de kih\u00edv\u00e1st jelent\u0151 v\u00e1llalkoz\u00e1s lehet. A t\u00f6r\u00f6k nyelv egyik f\u0151 szempontja, amelyet a tanul\u00f3knak meg kell \u00e9rteni\u00fck, a nyelvtan, amely olyan t\u00e9m\u00e1kat foglal mag\u00e1ban, mint az igeid\u0151k, ig\u00e9k, f\u0151nevek, cikkek, mell\u00e9knevek, hat\u00e1roz\u00f3sz\u00f3k, felt\u00e9telekkel, el\u00f6lj\u00e1r\u00f3szavakkal \u00e9s mondat\u00e9p\u00edt\u00e9ssel. Ezeknek az \u00f6sszetev\u0151knek a meg\u00e9rt\u00e9se l\u00e9tfontoss\u00e1g\u00fa [&hellip;]<\/p>\n","protected":false},"author":6,"featured_media":120993,"parent":0,"menu_order":0,"comment_status":"closed","ping_status":"closed","template":"LearningContentPage.php","meta":{"_acf_changed":false,"footnotes":""},"class_list":["post-155466","page","type-page","status-publish","has-post-thumbnail","hentry"],"acf":[],"yoast_head":"<!-- This site is optimized with the Yoast SEO Premium plugin v27.2 (Yoast SEO v27.2) - https:\/\/yoast.com\/product\/yoast-seo-premium-wordpress\/ -->\n<title>T\u00f6r\u00f6k nyelvtani gyakorlatok - Talkpal<\/title>\n<meta name=\"description\" content=\"Saj\u00e1t\u00edtsd el a t\u00f6r\u00f6k nyelvtant \u00e1tfog\u00f3 t\u00f6r\u00f6k nyelvtani gyakorlatainkkal. Fejlessze nyelvtud\u00e1s\u00e1t hat\u00e9konyan m\u00e9g ma.\" \/>\n<meta name=\"robots\" content=\"index, follow, max-snippet:-1, max-image-preview:large, max-video-preview:-1\" \/>\n<link rel=\"canonical\" href=\"https:\/\/talkpal.ai\/hu\/torok-nyelvtani-gyakorlatok\/\" \/>\n<meta property=\"og:locale\" content=\"hu_HU\" \/>\n<meta property=\"og:type\" content=\"article\" \/>\n<meta property=\"og:title\" content=\"T\u00f6r\u00f6k nyelvtani gyakorlatok\" \/>\n<meta property=\"og:description\" content=\"T\u00f6r\u00f6k nyelvtani t\u00e9m\u00e1k A t\u00f6r\u00f6k nyelv tanul\u00e1sa egyed\u00fcl\u00e1ll\u00f3 szerkezete \u00e9s nyelvtana miatt kifizet\u0151d\u0151, de kih\u00edv\u00e1st jelent\u0151 v\u00e1llalkoz\u00e1s lehet. A t\u00f6r\u00f6k nyelv\" \/>\n<meta property=\"og:url\" content=\"https:\/\/talkpal.ai\/hu\/torok-nyelvtani-gyakorlatok\/\" \/>\n<meta property=\"og:site_name\" content=\"Talkpal\" \/>\n<meta property=\"article:publisher\" content=\"https:\/\/www.facebook.com\/profile.php?id=100090733639311\" \/>\n<meta property=\"article:modified_time\" content=\"2025-12-17T09:49:10+00:00\" \/>\n<meta property=\"og:image\" content=\"https:\/\/talkpal.ai\/wp-content\/uploads\/2023\/05\/turkish.png\" \/>\n\t<meta property=\"og:image:width\" content=\"512\" \/>\n\t<meta property=\"og:image:height\" content=\"512\" \/>\n\t<meta property=\"og:image:type\" content=\"image\/png\" \/>\n<meta name=\"twitter:card\" content=\"summary_large_image\" \/>\n<meta name=\"twitter:site\" content=\"@talkpalai\" \/>\n<meta name=\"twitter:label1\" content=\"Becs\u00fclt olvas\u00e1si id\u0151\" \/>\n\t<meta name=\"twitter:data1\" content=\"3 perc\" \/>\n<script type=\"application\/ld+json\" class=\"yoast-schema-graph\">{\"@context\":\"https:\/\/schema.org\",\"@graph\":[{\"@type\":\"WebPage\",\"@id\":\"https:\/\/talkpal.ai\/hu\/torok-nyelvtani-gyakorlatok\/\",\"url\":\"https:\/\/talkpal.ai\/hu\/torok-nyelvtani-gyakorlatok\/\",\"name\":\"T\u00f6r\u00f6k nyelvtani gyakorlatok - Talkpal\",\"isPartOf\":{\"@id\":\"https:\/\/talkpal.ai\/hu\/#website\"},\"primaryImageOfPage\":{\"@id\":\"https:\/\/talkpal.ai\/hu\/torok-nyelvtani-gyakorlatok\/#primaryimage\"},\"image\":{\"@id\":\"https:\/\/talkpal.ai\/hu\/torok-nyelvtani-gyakorlatok\/#primaryimage\"},\"thumbnailUrl\":\"https:\/\/talkpal.ai\/wp-content\/uploads\/2023\/05\/turkish.png\",\"datePublished\":\"2023-07-05T10:34:01+00:00\",\"dateModified\":\"2025-12-17T09:49:10+00:00\",\"description\":\"Saj\u00e1t\u00edtsd el a t\u00f6r\u00f6k nyelvtant \u00e1tfog\u00f3 t\u00f6r\u00f6k nyelvtani gyakorlatainkkal. Fejlessze nyelvtud\u00e1s\u00e1t hat\u00e9konyan m\u00e9g ma.\",\"breadcrumb\":{\"@id\":\"https:\/\/talkpal.ai\/hu\/torok-nyelvtani-gyakorlatok\/#breadcrumb\"},\"inLanguage\":\"hu\",\"potentialAction\":[{\"@type\":\"ReadAction\",\"target\":[\"https:\/\/talkpal.ai\/hu\/torok-nyelvtani-gyakorlatok\/\"]}]},{\"@type\":\"ImageObject\",\"inLanguage\":\"hu\",\"@id\":\"https:\/\/talkpal.ai\/hu\/torok-nyelvtani-gyakorlatok\/#primaryimage\",\"url\":\"https:\/\/talkpal.ai\/wp-content\/uploads\/2023\/05\/turkish.png\",\"contentUrl\":\"https:\/\/talkpal.ai\/wp-content\/uploads\/2023\/05\/turkish.png\",\"width\":512,\"height\":512},{\"@type\":\"BreadcrumbList\",\"@id\":\"https:\/\/talkpal.ai\/hu\/torok-nyelvtani-gyakorlatok\/#breadcrumb\",\"itemListElement\":[{\"@type\":\"ListItem\",\"position\":1,\"name\":\"Homepage\",\"item\":\"https:\/\/talkpal.ai\/hu\/\"},{\"@type\":\"ListItem\",\"position\":2,\"name\":\"T\u00f6r\u00f6k nyelvtani gyakorlatok\"}]},{\"@type\":\"WebSite\",\"@id\":\"https:\/\/talkpal.ai\/hu\/#website\",\"url\":\"https:\/\/talkpal.ai\/hu\/\",\"name\":\"Talkpal\",\"description\":\"AI Language Learning\",\"publisher\":{\"@id\":\"https:\/\/talkpal.ai\/hu\/#organization\"},\"alternateName\":\"Talkpal AI\",\"potentialAction\":[{\"@type\":\"SearchAction\",\"target\":{\"@type\":\"EntryPoint\",\"urlTemplate\":\"https:\/\/talkpal.ai\/hu\/?s={search_term_string}\"},\"query-input\":{\"@type\":\"PropertyValueSpecification\",\"valueRequired\":true,\"valueName\":\"search_term_string\"}}],\"inLanguage\":\"hu\"},{\"@type\":\"Organization\",\"@id\":\"https:\/\/talkpal.ai\/hu\/#organization\",\"name\":\"Talkpal, Inc.\",\"alternateName\":\"Talkpal AI\",\"url\":\"https:\/\/talkpal.ai\/hu\/\",\"logo\":{\"@type\":\"ImageObject\",\"inLanguage\":\"hu\",\"@id\":\"https:\/\/talkpal.ai\/hu\/#\/schema\/logo\/image\/\",\"url\":\"https:\/\/talkpal.ai\/wp-content\/uploads\/2024\/03\/Talkpal-Logo-Icon.png\",\"contentUrl\":\"https:\/\/talkpal.ai\/wp-content\/uploads\/2024\/03\/Talkpal-Logo-Icon.png\",\"width\":2880,\"height\":2880,\"caption\":\"Talkpal, Inc.\"},\"image\":{\"@id\":\"https:\/\/talkpal.ai\/hu\/#\/schema\/logo\/image\/\"},\"sameAs\":[\"https:\/\/www.facebook.com\/profile.php?id=100090733639311\",\"https:\/\/x.com\/talkpalai\",\"https:\/\/www.linkedin.com\/company\/talkpal\/\",\"https:\/\/www.youtube.com\/@TalkPal\/\",\"https:\/\/www.tiktok.com\/@talkpal\",\"https:\/\/www.instagram.com\/talkpal_ai\/\",\"https:\/\/www.crunchbase.com\/organization\/talkpal-9cde\",\"https:\/\/www.g2.com\/products\/talkpal-for-business\/\",\"https:\/\/www.trustpilot.com\/review\/talkpal.ai\",\"https:\/\/www.capterra.com\/p\/10006800\/TalkPal\/\"],\"description\":\"Talkpal is a language learning web and mobile education app, powered by the latest AI technologies, that provides engaging experiences to its customers in many different languages to help them improve their language skills. Users can chat about unlimited amount of topics with the app and use other modes to practice their language learning.\",\"email\":\"support@talkpal.ai\",\"legalName\":\"Talkpal, Inc.\",\"foundingDate\":\"2023-04-03\",\"duns\":\"118989042\",\"numberOfEmployees\":{\"@type\":\"QuantitativeValue\",\"minValue\":\"11\",\"maxValue\":\"50\"},\"publishingPrinciples\":\"https:\/\/talkpal.ai\/publishing-principles\/\",\"actionableFeedbackPolicy\":\"https:\/\/talkpal.ai\/actionable-feedback-policy\/\",\"correctionsPolicy\":\"https:\/\/talkpal.ai\/corrections-policy\/\",\"ethicsPolicy\":\"https:\/\/talkpal.ai\/ethics-policy\/\",\"diversityPolicy\":\"https:\/\/talkpal.ai\/diversity-policy\/\",\"diversityStaffingReport\":\"https:\/\/talkpal.ai\/diversity-policy\/\"}]}<\/script>\n<!-- \/ Yoast SEO Premium plugin. -->","yoast_head_json":{"title":"T\u00f6r\u00f6k nyelvtani gyakorlatok - Talkpal","description":"Saj\u00e1t\u00edtsd el a t\u00f6r\u00f6k nyelvtant \u00e1tfog\u00f3 t\u00f6r\u00f6k nyelvtani gyakorlatainkkal. Fejlessze nyelvtud\u00e1s\u00e1t hat\u00e9konyan m\u00e9g ma.","robots":{"index":"index","follow":"follow","max-snippet":"max-snippet:-1","max-image-preview":"max-image-preview:large","max-video-preview":"max-video-preview:-1"},"canonical":"https:\/\/talkpal.ai\/hu\/torok-nyelvtani-gyakorlatok\/","og_locale":"hu_HU","og_type":"article","og_title":"T\u00f6r\u00f6k nyelvtani gyakorlatok","og_description":"T\u00f6r\u00f6k nyelvtani t\u00e9m\u00e1k A t\u00f6r\u00f6k nyelv tanul\u00e1sa egyed\u00fcl\u00e1ll\u00f3 szerkezete \u00e9s nyelvtana miatt kifizet\u0151d\u0151, de kih\u00edv\u00e1st jelent\u0151 v\u00e1llalkoz\u00e1s lehet. A t\u00f6r\u00f6k nyelv","og_url":"https:\/\/talkpal.ai\/hu\/torok-nyelvtani-gyakorlatok\/","og_site_name":"Talkpal","article_publisher":"https:\/\/www.facebook.com\/profile.php?id=100090733639311","article_modified_time":"2025-12-17T09:49:10+00:00","og_image":[{"width":512,"height":512,"url":"https:\/\/talkpal.ai\/wp-content\/uploads\/2023\/05\/turkish.png","type":"image\/png"}],"twitter_card":"summary_large_image","twitter_site":"@talkpalai","twitter_misc":{"Becs\u00fclt olvas\u00e1si id\u0151":"3 perc"},"schema":{"@context":"https:\/\/schema.org","@graph":[{"@type":"WebPage","@id":"https:\/\/talkpal.ai\/hu\/torok-nyelvtani-gyakorlatok\/","url":"https:\/\/talkpal.ai\/hu\/torok-nyelvtani-gyakorlatok\/","name":"T\u00f6r\u00f6k nyelvtani gyakorlatok - Talkpal","isPartOf":{"@id":"https:\/\/talkpal.ai\/hu\/#website"},"primaryImageOfPage":{"@id":"https:\/\/talkpal.ai\/hu\/torok-nyelvtani-gyakorlatok\/#primaryimage"},"image":{"@id":"https:\/\/talkpal.ai\/hu\/torok-nyelvtani-gyakorlatok\/#primaryimage"},"thumbnailUrl":"https:\/\/talkpal.ai\/wp-content\/uploads\/2023\/05\/turkish.png","datePublished":"2023-07-05T10:34:01+00:00","dateModified":"2025-12-17T09:49:10+00:00","description":"Saj\u00e1t\u00edtsd el a t\u00f6r\u00f6k nyelvtant \u00e1tfog\u00f3 t\u00f6r\u00f6k nyelvtani gyakorlatainkkal. Fejlessze nyelvtud\u00e1s\u00e1t hat\u00e9konyan m\u00e9g ma.","breadcrumb":{"@id":"https:\/\/talkpal.ai\/hu\/torok-nyelvtani-gyakorlatok\/#breadcrumb"},"inLanguage":"hu","potentialAction":[{"@type":"ReadAction","target":["https:\/\/talkpal.ai\/hu\/torok-nyelvtani-gyakorlatok\/"]}]},{"@type":"ImageObject","inLanguage":"hu","@id":"https:\/\/talkpal.ai\/hu\/torok-nyelvtani-gyakorlatok\/#primaryimage","url":"https:\/\/talkpal.ai\/wp-content\/uploads\/2023\/05\/turkish.png","contentUrl":"https:\/\/talkpal.ai\/wp-content\/uploads\/2023\/05\/turkish.png","width":512,"height":512},{"@type":"BreadcrumbList","@id":"https:\/\/talkpal.ai\/hu\/torok-nyelvtani-gyakorlatok\/#breadcrumb","itemListElement":[{"@type":"ListItem","position":1,"name":"Homepage","item":"https:\/\/talkpal.ai\/hu\/"},{"@type":"ListItem","position":2,"name":"T\u00f6r\u00f6k nyelvtani gyakorlatok"}]},{"@type":"WebSite","@id":"https:\/\/talkpal.ai\/hu\/#website","url":"https:\/\/talkpal.ai\/hu\/","name":"Talkpal","description":"AI Language Learning","publisher":{"@id":"https:\/\/talkpal.ai\/hu\/#organization"},"alternateName":"Talkpal AI","potentialAction":[{"@type":"SearchAction","target":{"@type":"EntryPoint","urlTemplate":"https:\/\/talkpal.ai\/hu\/?s={search_term_string}"},"query-input":{"@type":"PropertyValueSpecification","valueRequired":true,"valueName":"search_term_string"}}],"inLanguage":"hu"},{"@type":"Organization","@id":"https:\/\/talkpal.ai\/hu\/#organization","name":"Talkpal, Inc.","alternateName":"Talkpal AI","url":"https:\/\/talkpal.ai\/hu\/","logo":{"@type":"ImageObject","inLanguage":"hu","@id":"https:\/\/talkpal.ai\/hu\/#\/schema\/logo\/image\/","url":"https:\/\/talkpal.ai\/wp-content\/uploads\/2024\/03\/Talkpal-Logo-Icon.png","contentUrl":"https:\/\/talkpal.ai\/wp-content\/uploads\/2024\/03\/Talkpal-Logo-Icon.png","width":2880,"height":2880,"caption":"Talkpal, Inc."},"image":{"@id":"https:\/\/talkpal.ai\/hu\/#\/schema\/logo\/image\/"},"sameAs":["https:\/\/www.facebook.com\/profile.php?id=100090733639311","https:\/\/x.com\/talkpalai","https:\/\/www.linkedin.com\/company\/talkpal\/","https:\/\/www.youtube.com\/@TalkPal\/","https:\/\/www.tiktok.com\/@talkpal","https:\/\/www.instagram.com\/talkpal_ai\/","https:\/\/www.crunchbase.com\/organization\/talkpal-9cde","https:\/\/www.g2.com\/products\/talkpal-for-business\/","https:\/\/www.trustpilot.com\/review\/talkpal.ai","https:\/\/www.capterra.com\/p\/10006800\/TalkPal\/"],"description":"Talkpal is a language learning web and mobile education app, powered by the latest AI technologies, that provides engaging experiences to its customers in many different languages to help them improve their language skills. Users can chat about unlimited amount of topics with the app and use other modes to practice their language learning.","email":"support@talkpal.ai","legalName":"Talkpal, Inc.","foundingDate":"2023-04-03","duns":"118989042","numberOfEmployees":{"@type":"QuantitativeValue","minValue":"11","maxValue":"50"},"publishingPrinciples":"https:\/\/talkpal.ai\/publishing-principles\/","actionableFeedbackPolicy":"https:\/\/talkpal.ai\/actionable-feedback-policy\/","correctionsPolicy":"https:\/\/talkpal.ai\/corrections-policy\/","ethicsPolicy":"https:\/\/talkpal.ai\/ethics-policy\/","diversityPolicy":"https:\/\/talkpal.ai\/diversity-policy\/","diversityStaffingReport":"https:\/\/talkpal.ai\/diversity-policy\/"}]}},"_links":{"self":[{"href":"https:\/\/talkpal.ai\/hu\/wp-json\/wp\/v2\/pages\/155466","targetHints":{"allow":["GET"]}}],"collection":[{"href":"https:\/\/talkpal.ai\/hu\/wp-json\/wp\/v2\/pages"}],"about":[{"href":"https:\/\/talkpal.ai\/hu\/wp-json\/wp\/v2\/types\/page"}],"author":[{"embeddable":true,"href":"https:\/\/talkpal.ai\/hu\/wp-json\/wp\/v2\/users\/6"}],"replies":[{"embeddable":true,"href":"https:\/\/talkpal.ai\/hu\/wp-json\/wp\/v2\/comments?post=155466"}],"version-history":[{"count":0,"href":"https:\/\/talkpal.ai\/hu\/wp-json\/wp\/v2\/pages\/155466\/revisions"}],"wp:featuredmedia":[{"embeddable":true,"href":"https:\/\/talkpal.ai\/hu\/wp-json\/wp\/v2\/media\/120993"}],"wp:attachment":[{"href":"https:\/\/talkpal.ai\/hu\/wp-json\/wp\/v2\/media?parent=155466"}],"curies":[{"name":"wp","href":"https:\/\/api.w.org\/{rel}","templated":true}]}}