{"id":155164,"date":"2023-07-05T10:41:01","date_gmt":"2023-07-05T10:41:01","guid":{"rendered":"http:\/\/talkpal.ai\/urdu-nyelvtani-gyakorlatok\/"},"modified":"2025-12-17T14:41:52","modified_gmt":"2025-12-17T14:41:52","slug":"urdu-nyelvtani-gyakorlatok","status":"publish","type":"page","link":"https:\/\/talkpal.ai\/hu\/urdu-nyelvtani-gyakorlatok\/","title":{"rendered":"Urdu nyelvtani gyakorlatok"},"content":{"rendered":"\r\n\r\n\r\n<section class=\"languageChallengeSection\">\r\n    <div class=\"languageInfoWrapper\">\r\n        \r\n        <h1>Urdu nyelvtani gyakorlatok<\/h1>\r\n        <p>Szeretn\u00e9 magabiztosabban haszn\u00e1lni az <a href=\"https:\/\/talkpal.ai\/learn-urdu\/\">urdu<\/a> nyelvet? A nyelvtani gyakorlatok gyakorl\u00e1sa remek m\u00f3dja a mondatszerkezet, az igealakok \u00e9s az <a href=\"https:\/\/talkpal.ai\/learn-urdu\/\">urdu<\/a> nyelv egyedi jellemz\u0151inek elsaj\u00e1t\u00edt\u00e1s\u00e1nak. Kezdj el dolgozni az urdu nyelvtanodon m\u00e9g ma, \u00e9s figyeld, ahogy a meg\u00e9rt\u00e9sed \u00e9s a foly\u00e9kony besz\u00e9dk\u00e9szs\u00e9ged minden egyes gyakorlattal javul!<\/p>\r\n\r\n                            <a class=\"getStartedHidden\" href=\"https:\/\/app.talkpal.ai\/hu\/signup?lng=\">Kezdj\u00fck<\/a>\r\n        \r\n    <\/div>\r\n\r\n    <figure>\r\n    <img decoding=\"async\" width=\"768\" height=\"768\" src=\"https:\/\/talkpal.ai\/wp-content\/uploads\/2023\/06\/urdu-768x768.png\" class=\"languageImage no-lazy\" alt=\"Language learning for global understanding\" fetchpriority=\"high\" sizes=\"(max-width: 768px) 150px, 768px\" srcset=\"https:\/\/talkpal.ai\/wp-content\/uploads\/2023\/06\/urdu-768x768.png 768w, https:\/\/talkpal.ai\/wp-content\/uploads\/2023\/06\/urdu-300x300.png 300w\" \/>\r\n    \r\n\r\n    <\/figure>\r\n\r\n            <a class=\"getStartedVisible\" href=\"https:\/\/app.talkpal.ai\/hu\/signup?lng=\">Kezdj\u00fck<\/a>\r\n    \r\n<\/section>\r\n\r\n\r\n<!-- <section class=\"grammarSection\">\r\n    <div class=\"grammarLinks\">\r\n            <\/div>\r\n<\/section> -->\r\n\r\n\r\n\r\n\r\n<section class=\"promotionalBanner\">\r\n    <p class=\"promotionalText\">A nyelvtanul\u00e1s leghat\u00e9konyabb m\u00f3dja<\/p>\r\n    <a class=\"promotionalLink\" href=\"https:\/\/app.talkpal.ai\/hu\/signup?lng=\">Pr\u00f3b\u00e1lja ki a Talkpal ingyen<\/a>\r\n<\/section>\n<div class=\"wp-block-group pageContainerStyle\"><div class=\"wp-block-group__inner-container is-layout-constrained wp-block-group-is-layout-constrained\">\n<h2 class=\"wp-block-heading\" id=\"h-urdu-grammar-topics\">Urdu nyelvtani t\u00e9m\u00e1k<\/h2>\n\n\n\n<p>Az urdu nyelv, a v\u00e1ltozatos kifejez\u00e9sekkel, m\u00e9ly jelent\u00e9sekkel \u00e9s bonyolult nyelvtani strukt\u00far\u00e1val gazdag\u00edtott nyelv tanul\u00e1sa leny\u0171g\u00f6z\u0151 utaz\u00e1s lehet. A <a href=\"https:\/\/talkpal.ai\/grammar\/\">nyelvtan<\/a> elsaj\u00e1t\u00edt\u00e1sa azonban szisztematikus megk\u00f6zel\u00edt\u00e9st ig\u00e9nyel. Az al\u00e1bbiakban az urdu nyelvtani t\u00e9m\u00e1k javasolt sorrendje \u00e9s r\u00f6vid le\u00edr\u00e1sa tal\u00e1lhat\u00f3, amelyek seg\u00edtenek a nyelv k\u00f6nny\u0171 \u00e9s hat\u00e9kony elsaj\u00e1t\u00edt\u00e1s\u00e1ban.<\/p>\n\n\n\n<h3 class=\"wp-block-heading\" id=\"h-1-nouns\">1. F\u0151nevek:<\/h3>\n\n\n\n<p>Kezdje a f\u0151nevek vagy &#8222;izmusok&#8221; azonos\u00edt\u00e1s\u00e1val az urdu nyelvben, \u00e9s \u00e9rtse meg, hogyan alkotj\u00e1k a mondatok alapj\u00e1t. Tanulja meg azonos\u00edtani a gyakori, megfelel\u0151, megsz\u00e1ml\u00e1lhat\u00f3 \u00e9s megsz\u00e1ml\u00e1lhatatlan f\u0151neveket.<\/p>\n\n\n\n<h3 class=\"wp-block-heading\" id=\"h-2-pronouns-determiners\">2. N\u00e9vm\u00e1sok\/determin\u00e1nsok:<\/h3>\n\n\n\n<p>Mozogjon a n\u00e9vm\u00e1sok vagy &#8222;zaameer&#8221; \u00e9s a determin\u00e1nsok vagy &#8222;muarref&#8221; mellett. A mondatban helyettes\u00edtik a f\u0151neveket, \u00e9s jelzik a birtokl\u00e1st, a mennyis\u00e9get vagy az identit\u00e1st.<\/p>\n\n\n\n<h3 class=\"wp-block-heading\" id=\"h-3-articles\">3. Cikkek:<\/h3>\n\n\n\n<p>Az urdu nyelvben a cikkek fogalma nem olyan hangs\u00falyos, mint az angolban. M\u00e9gis fontos meg\u00e9rteni finom l\u00e9tez\u00e9s\u00fcket bizonyos posztpoz\u00edci\u00f3k form\u00e1j\u00e1ban.<\/p>\n\n\n\n<h3 class=\"wp-block-heading\" id=\"h-4-adjectives\">4. Mell\u00e9knevek:<\/h3>\n\n\n\n<p>A mell\u00e9knevek vagy &#8222;szit\u00e1k&#8221; f\u0151neveket \u00edrnak le vagy m\u00f3dos\u00edtanak. Ismerje meg a mondatokban val\u00f3 elhelyez\u00e9s\u00fcket \u00e9s egyet\u00e9rt\u00e9s\u00fcket az \u00e1ltaluk m\u00f3dos\u00edtott f\u0151nevekkel.<\/p>\n\n\n\n<h3 class=\"wp-block-heading\" id=\"h-5-verbs\">5. Ig\u00e9k:<\/h3>\n\n\n\n<p>Az ig\u00e9k vagy a &#8222;nem&#8221; alapvet\u0151 fontoss\u00e1g\u00faak a mondatszerkezetben. Ismerje meg az ig\u00e9k k\u00fcl\u00f6nb\u00f6z\u0151 t\u00edpusait \u00e9s ragoz\u00e1si szab\u00e1lyait.<\/p>\n\n\n\n<h3 class=\"wp-block-heading\" id=\"h-6-adverbs\">6. Hat\u00e1roz\u00f3sz\u00f3k:<\/h3>\n\n\n\n<p>A hat\u00e1roz\u00f3sz\u00f3k vagy &#8222;h\u0101l&#8221; ig\u00e9ket, mell\u00e9kneveket vagy m\u00e1s hat\u00e1roz\u00f3sz\u00f3kat m\u00f3dos\u00edtanak. Ismerje meg elhelyez\u00e9s\u00fcket \u00e9s k\u00fcl\u00f6nb\u00f6z\u0151 t\u00edpusaikat.<\/p>\n\n\n\n<h3 class=\"wp-block-heading\" id=\"h-7-prepositions\">7. El\u00f6lj\u00e1r\u00f3szavak:<\/h3>\n\n\n\n<p>A prepoz\u00edci\u00f3k vagy &#8222;harf-e-jarr&#8221; f\u0151neveket vagy n\u00e9vm\u00e1sokat k\u00f6tnek a mondatban l\u00e9v\u0151 m\u00e1s szavakhoz. K\u00fcl\u00f6nb\u00f6z\u0151 kapcsolatokat fejeznek ki, p\u00e9ld\u00e1ul ir\u00e1nyt, helyet, id\u0151t, okot, m\u00f3dot \u00e9s \u00f6sszeget.<\/p>\n\n\n\n<h3 class=\"wp-block-heading\" id=\"h-8-tenses\">8. Igeid\u0151k:<\/h3>\n\n\n\n<p>Az id\u0151k vagy &#8222;zam\u0101n&#8221; jelzik, hogy mikor t\u00f6rt\u00e9nik egy cselekv\u00e9s. Az urdu nyelvben h\u00e1rom alapid\u0151 <a href=\"https:\/\/talkpal.ai\/locations\/language-courses-in-van\/\">van<\/a>: m\u00falt, jelen \u00e9s j\u00f6v\u0151, mindegyiknek megvan a maga alt\u00edpusa.<\/p>\n\n\n\n<h3 class=\"wp-block-heading\" id=\"h-9-tense-comparison\">9. Fesz\u00fclt \u00f6sszehasonl\u00edt\u00e1s:<\/h3>\n\n\n\n<p>Tanulja meg \u00f6sszehasonl\u00edtani az igeid\u0151t, hogy meg\u00e9rtse a k\u00fcl\u00f6nb\u00f6z\u0151 igeid\u0151k hasonl\u00f3 mondatszerkezetei k\u00f6z\u00f6tti finom jelent\u00e9sk\u00fcl\u00f6nbs\u00e9geket.<\/p>\n\n\n\n<h3 class=\"wp-block-heading\" id=\"h-10-progressive\">10. Progressz\u00edv:<\/h3>\n\n\n\n<p>A progressz\u00edv fesz\u00fclts\u00e9g folyamatos cselekv\u00e9seket jelez. Ezt a fogalmat urdu nyelven fejezik ki seg\u00e9dig\u00e9k haszn\u00e1lat\u00e1val.<\/p>\n\n\n\n<h3 class=\"wp-block-heading\" id=\"h-11-perfect-progressive\">11. T\u00f6k\u00e9letes progressz\u00edv:<\/h3>\n\n\n\n<p>A t\u00f6k\u00e9letes progressz\u00edv id\u0151 olyan cselekv\u00e9st fejez ki, amely a m\u00faltban kezd\u0151d\u00f6tt, egy ideig folytat\u00f3dott, \u00e9s m\u00e9g mindig t\u00f6rt\u00e9nhet. Urdu nyelven ezt kieg\u00e9sz\u00edt\u0151 ig\u00e9k kombin\u00e1ci\u00f3j\u00e1val fejezik ki.<\/p>\n\n\n\n<h3 class=\"wp-block-heading\" id=\"h-12-conditionals\">12. Felt\u00e9telek:<\/h3>\n\n\n\n<p>A felt\u00e9teles m\u00f3dok vagy &#8222;shartia&#8221; hipotetikus helyzeteket \u00e9s azok lehets\u00e9ges kimenetel\u00e9t fejezik ki. Ezek az \u00f6sszetett mondatok megk\u00f6vetelik az ig\u00e9k \u00e9s az igeid\u0151k j\u00f3 meg\u00e9rt\u00e9s\u00e9t.<\/p>\n\n\n\n<h3 class=\"wp-block-heading\" id=\"h-13-sentences\">13. Mondatok:<\/h3>\n\n\n\n<p>V\u00e9g\u00fcl alkalmazza mindezeket a fogalmakat, hogy mondatokat vagy &#8222;jumley&#8221;-t alkosson. Ismerje meg a k\u00fcl\u00f6nb\u00f6z\u0151 t\u00edpus\u00fa mondatokat \u00e9s azok szerkezet\u00e9t urdu nyelven.<\/p>\n<\/div><\/div>\n\r\n<section class=\"learnNavigationSection\">\r\n            \r\n        <a href=\"https:\/\/talkpal.ai\/hu\/tanulj-urdu-nyelvet\/\">\r\n            <div class=\"learnNavigationWrapper\">\r\n                <div class=\"learnNavigationContent\">\r\n                    <img decoding=\"async\" src=\"https:\/\/talkpal.ai\/wp-content\/uploads\/2024\/08\/Urdu.jpg\" alt=\"Pakistani Flag\">\r\n                    <div>\r\n                        <h4>Az urdu tanul\u00e1sr\u00f3l<\/h4>\r\n                        <p>Tudjon meg mindent az urdu nyelvtanr\u00f3l.<\/p>\r\n                    <\/div>\r\n                <\/div>\r\n            <\/div>\r\n        <\/a>\r\n\r\n        \r\n        <a href=\"https:\/\/talkpal.ai\/hu\/urdu-nyelvtan\/\">\r\n            <div class=\"learnNavigationWrapper\">\r\n                <div class=\"learnNavigationContent\">\r\n                    <img decoding=\"async\" src=\"https:\/\/talkpal.ai\/wp-content\/uploads\/2024\/08\/Urdu.jpg\" alt=\"Pakistani Flag\">\r\n                    <div>\r\n                        <h4>Urdu nyelvtani \u00f3r\u00e1k<\/h4>\r\n                        <p>Gyakorolja az urdu nyelvtant.<\/p>\r\n                    <\/div>\r\n                <\/div>\r\n            <\/div>\r\n        <\/a>\r\n\r\n        \r\n        <a href=\"https:\/\/talkpal.ai\/vocabulary_language\/urdu\/\">\r\n            <div class=\"learnNavigationWrapper\">\r\n                <div class=\"learnNavigationContent\">\r\n                    <img decoding=\"async\" src=\"https:\/\/talkpal.ai\/wp-content\/uploads\/2024\/08\/Urdu.jpg\" alt=\"Pakistani Flag\">\r\n                    <div>\r\n                        <h4>Urdu sz\u00f3kincs<\/h4>\r\n                        <p>B\u0151v\u00edtse urdu sz\u00f3kincs\u00e9t.<\/p>\r\n                    <\/div>\r\n                <\/div>\r\n            <\/div>\r\n        <\/a>\r\n\r\n            <\/section>","protected":false},"excerpt":{"rendered":"<p>Urdu nyelvtani t\u00e9m\u00e1k Az urdu nyelv, a v\u00e1ltozatos kifejez\u00e9sekkel, m\u00e9ly jelent\u00e9sekkel \u00e9s bonyolult nyelvtani strukt\u00far\u00e1val gazdag\u00edtott nyelv tanul\u00e1sa leny\u0171g\u00f6z\u0151 utaz\u00e1s lehet. A nyelvtan elsaj\u00e1t\u00edt\u00e1sa azonban szisztematikus megk\u00f6zel\u00edt\u00e9st ig\u00e9nyel. Az al\u00e1bbiakban az urdu nyelvtani t\u00e9m\u00e1k javasolt sorrendje \u00e9s r\u00f6vid le\u00edr\u00e1sa tal\u00e1lhat\u00f3, amelyek seg\u00edtenek a nyelv k\u00f6nny\u0171 \u00e9s hat\u00e9kony elsaj\u00e1t\u00edt\u00e1s\u00e1ban. 1. F\u0151nevek: Kezdje a f\u0151nevek vagy &#8222;izmusok&#8221; [&hellip;]<\/p>\n","protected":false},"author":6,"featured_media":121245,"parent":0,"menu_order":0,"comment_status":"closed","ping_status":"closed","template":"LearningContentPage.php","meta":{"_acf_changed":false,"footnotes":""},"class_list":["post-155164","page","type-page","status-publish","has-post-thumbnail","hentry"],"acf":[],"yoast_head":"<!-- This site is optimized with the Yoast SEO Premium plugin v27.2 (Yoast SEO v27.2) - https:\/\/yoast.com\/product\/yoast-seo-premium-wordpress\/ -->\n<title>Urdu nyelvtani gyakorlatok - Talkpal<\/title>\n<meta name=\"description\" content=\"Saj\u00e1t\u00edtsd el az urdu nyelvet \u00e1tfog\u00f3 urdu nyelvtani gyakorlatainkkal, hogy jobban meg\u00e9rtsd a f\u0151neveket, n\u00e9vm\u00e1sokat \u00e9s egyebeket.\" \/>\n<meta name=\"robots\" content=\"index, follow, max-snippet:-1, max-image-preview:large, max-video-preview:-1\" \/>\n<link rel=\"canonical\" href=\"https:\/\/talkpal.ai\/hu\/urdu-nyelvtani-gyakorlatok\/\" \/>\n<meta property=\"og:locale\" content=\"hu_HU\" \/>\n<meta property=\"og:type\" content=\"article\" \/>\n<meta property=\"og:title\" content=\"Urdu nyelvtani gyakorlatok\" \/>\n<meta property=\"og:description\" content=\"Urdu nyelvtani t\u00e9m\u00e1k Az urdu nyelv, a v\u00e1ltozatos kifejez\u00e9sekkel, m\u00e9ly jelent\u00e9sekkel \u00e9s bonyolult nyelvtani strukt\u00far\u00e1val gazdag\u00edtott nyelv tanul\u00e1sa\" \/>\n<meta property=\"og:url\" content=\"https:\/\/talkpal.ai\/hu\/urdu-nyelvtani-gyakorlatok\/\" \/>\n<meta property=\"og:site_name\" content=\"Talkpal\" \/>\n<meta property=\"article:publisher\" content=\"https:\/\/www.facebook.com\/profile.php?id=100090733639311\" \/>\n<meta property=\"article:modified_time\" content=\"2025-12-17T14:41:52+00:00\" \/>\n<meta property=\"og:image\" content=\"https:\/\/talkpal.ai\/wp-content\/uploads\/2023\/05\/Urdu-pakistan.png\" \/>\n\t<meta property=\"og:image:width\" content=\"512\" \/>\n\t<meta property=\"og:image:height\" content=\"512\" \/>\n\t<meta property=\"og:image:type\" content=\"image\/png\" \/>\n<meta name=\"twitter:card\" content=\"summary_large_image\" \/>\n<meta name=\"twitter:site\" content=\"@talkpalai\" \/>\n<meta name=\"twitter:label1\" content=\"Becs\u00fclt olvas\u00e1si id\u0151\" \/>\n\t<meta name=\"twitter:data1\" content=\"3 perc\" \/>\n<script type=\"application\/ld+json\" class=\"yoast-schema-graph\">{\"@context\":\"https:\/\/schema.org\",\"@graph\":[{\"@type\":\"WebPage\",\"@id\":\"https:\/\/talkpal.ai\/hu\/urdu-nyelvtani-gyakorlatok\/\",\"url\":\"https:\/\/talkpal.ai\/hu\/urdu-nyelvtani-gyakorlatok\/\",\"name\":\"Urdu nyelvtani gyakorlatok - Talkpal\",\"isPartOf\":{\"@id\":\"https:\/\/talkpal.ai\/hu\/#website\"},\"primaryImageOfPage\":{\"@id\":\"https:\/\/talkpal.ai\/hu\/urdu-nyelvtani-gyakorlatok\/#primaryimage\"},\"image\":{\"@id\":\"https:\/\/talkpal.ai\/hu\/urdu-nyelvtani-gyakorlatok\/#primaryimage\"},\"thumbnailUrl\":\"https:\/\/talkpal.ai\/wp-content\/uploads\/2023\/05\/Urdu-pakistan.png\",\"datePublished\":\"2023-07-05T10:41:01+00:00\",\"dateModified\":\"2025-12-17T14:41:52+00:00\",\"description\":\"Saj\u00e1t\u00edtsd el az urdu nyelvet \u00e1tfog\u00f3 urdu nyelvtani gyakorlatainkkal, hogy jobban meg\u00e9rtsd a f\u0151neveket, n\u00e9vm\u00e1sokat \u00e9s egyebeket.\",\"breadcrumb\":{\"@id\":\"https:\/\/talkpal.ai\/hu\/urdu-nyelvtani-gyakorlatok\/#breadcrumb\"},\"inLanguage\":\"hu\",\"potentialAction\":[{\"@type\":\"ReadAction\",\"target\":[\"https:\/\/talkpal.ai\/hu\/urdu-nyelvtani-gyakorlatok\/\"]}]},{\"@type\":\"ImageObject\",\"inLanguage\":\"hu\",\"@id\":\"https:\/\/talkpal.ai\/hu\/urdu-nyelvtani-gyakorlatok\/#primaryimage\",\"url\":\"https:\/\/talkpal.ai\/wp-content\/uploads\/2023\/05\/Urdu-pakistan.png\",\"contentUrl\":\"https:\/\/talkpal.ai\/wp-content\/uploads\/2023\/05\/Urdu-pakistan.png\",\"width\":512,\"height\":512},{\"@type\":\"BreadcrumbList\",\"@id\":\"https:\/\/talkpal.ai\/hu\/urdu-nyelvtani-gyakorlatok\/#breadcrumb\",\"itemListElement\":[{\"@type\":\"ListItem\",\"position\":1,\"name\":\"Homepage\",\"item\":\"https:\/\/talkpal.ai\/hu\/\"},{\"@type\":\"ListItem\",\"position\":2,\"name\":\"Urdu nyelvtani gyakorlatok\"}]},{\"@type\":\"WebSite\",\"@id\":\"https:\/\/talkpal.ai\/hu\/#website\",\"url\":\"https:\/\/talkpal.ai\/hu\/\",\"name\":\"Talkpal\",\"description\":\"AI Language Learning\",\"publisher\":{\"@id\":\"https:\/\/talkpal.ai\/hu\/#organization\"},\"alternateName\":\"Talkpal AI\",\"potentialAction\":[{\"@type\":\"SearchAction\",\"target\":{\"@type\":\"EntryPoint\",\"urlTemplate\":\"https:\/\/talkpal.ai\/hu\/?s={search_term_string}\"},\"query-input\":{\"@type\":\"PropertyValueSpecification\",\"valueRequired\":true,\"valueName\":\"search_term_string\"}}],\"inLanguage\":\"hu\"},{\"@type\":\"Organization\",\"@id\":\"https:\/\/talkpal.ai\/hu\/#organization\",\"name\":\"Talkpal, Inc.\",\"alternateName\":\"Talkpal AI\",\"url\":\"https:\/\/talkpal.ai\/hu\/\",\"logo\":{\"@type\":\"ImageObject\",\"inLanguage\":\"hu\",\"@id\":\"https:\/\/talkpal.ai\/hu\/#\/schema\/logo\/image\/\",\"url\":\"https:\/\/talkpal.ai\/wp-content\/uploads\/2024\/03\/Talkpal-Logo-Icon.png\",\"contentUrl\":\"https:\/\/talkpal.ai\/wp-content\/uploads\/2024\/03\/Talkpal-Logo-Icon.png\",\"width\":2880,\"height\":2880,\"caption\":\"Talkpal, Inc.\"},\"image\":{\"@id\":\"https:\/\/talkpal.ai\/hu\/#\/schema\/logo\/image\/\"},\"sameAs\":[\"https:\/\/www.facebook.com\/profile.php?id=100090733639311\",\"https:\/\/x.com\/talkpalai\",\"https:\/\/www.linkedin.com\/company\/talkpal\/\",\"https:\/\/www.youtube.com\/@TalkPal\/\",\"https:\/\/www.tiktok.com\/@talkpal\",\"https:\/\/www.instagram.com\/talkpal_ai\/\",\"https:\/\/www.crunchbase.com\/organization\/talkpal-9cde\",\"https:\/\/www.g2.com\/products\/talkpal-for-business\/\",\"https:\/\/www.trustpilot.com\/review\/talkpal.ai\",\"https:\/\/www.capterra.com\/p\/10006800\/TalkPal\/\"],\"description\":\"Talkpal is a language learning web and mobile education app, powered by the latest AI technologies, that provides engaging experiences to its customers in many different languages to help them improve their language skills. Users can chat about unlimited amount of topics with the app and use other modes to practice their language learning.\",\"email\":\"support@talkpal.ai\",\"legalName\":\"Talkpal, Inc.\",\"foundingDate\":\"2023-04-03\",\"duns\":\"118989042\",\"numberOfEmployees\":{\"@type\":\"QuantitativeValue\",\"minValue\":\"11\",\"maxValue\":\"50\"},\"publishingPrinciples\":\"https:\/\/talkpal.ai\/publishing-principles\/\",\"actionableFeedbackPolicy\":\"https:\/\/talkpal.ai\/actionable-feedback-policy\/\",\"correctionsPolicy\":\"https:\/\/talkpal.ai\/corrections-policy\/\",\"ethicsPolicy\":\"https:\/\/talkpal.ai\/ethics-policy\/\",\"diversityPolicy\":\"https:\/\/talkpal.ai\/diversity-policy\/\",\"diversityStaffingReport\":\"https:\/\/talkpal.ai\/diversity-policy\/\"}]}<\/script>\n<!-- \/ Yoast SEO Premium plugin. -->","yoast_head_json":{"title":"Urdu nyelvtani gyakorlatok - Talkpal","description":"Saj\u00e1t\u00edtsd el az urdu nyelvet \u00e1tfog\u00f3 urdu nyelvtani gyakorlatainkkal, hogy jobban meg\u00e9rtsd a f\u0151neveket, n\u00e9vm\u00e1sokat \u00e9s egyebeket.","robots":{"index":"index","follow":"follow","max-snippet":"max-snippet:-1","max-image-preview":"max-image-preview:large","max-video-preview":"max-video-preview:-1"},"canonical":"https:\/\/talkpal.ai\/hu\/urdu-nyelvtani-gyakorlatok\/","og_locale":"hu_HU","og_type":"article","og_title":"Urdu nyelvtani gyakorlatok","og_description":"Urdu nyelvtani t\u00e9m\u00e1k Az urdu nyelv, a v\u00e1ltozatos kifejez\u00e9sekkel, m\u00e9ly jelent\u00e9sekkel \u00e9s bonyolult nyelvtani strukt\u00far\u00e1val gazdag\u00edtott nyelv tanul\u00e1sa","og_url":"https:\/\/talkpal.ai\/hu\/urdu-nyelvtani-gyakorlatok\/","og_site_name":"Talkpal","article_publisher":"https:\/\/www.facebook.com\/profile.php?id=100090733639311","article_modified_time":"2025-12-17T14:41:52+00:00","og_image":[{"width":512,"height":512,"url":"https:\/\/talkpal.ai\/wp-content\/uploads\/2023\/05\/Urdu-pakistan.png","type":"image\/png"}],"twitter_card":"summary_large_image","twitter_site":"@talkpalai","twitter_misc":{"Becs\u00fclt olvas\u00e1si id\u0151":"3 perc"},"schema":{"@context":"https:\/\/schema.org","@graph":[{"@type":"WebPage","@id":"https:\/\/talkpal.ai\/hu\/urdu-nyelvtani-gyakorlatok\/","url":"https:\/\/talkpal.ai\/hu\/urdu-nyelvtani-gyakorlatok\/","name":"Urdu nyelvtani gyakorlatok - Talkpal","isPartOf":{"@id":"https:\/\/talkpal.ai\/hu\/#website"},"primaryImageOfPage":{"@id":"https:\/\/talkpal.ai\/hu\/urdu-nyelvtani-gyakorlatok\/#primaryimage"},"image":{"@id":"https:\/\/talkpal.ai\/hu\/urdu-nyelvtani-gyakorlatok\/#primaryimage"},"thumbnailUrl":"https:\/\/talkpal.ai\/wp-content\/uploads\/2023\/05\/Urdu-pakistan.png","datePublished":"2023-07-05T10:41:01+00:00","dateModified":"2025-12-17T14:41:52+00:00","description":"Saj\u00e1t\u00edtsd el az urdu nyelvet \u00e1tfog\u00f3 urdu nyelvtani gyakorlatainkkal, hogy jobban meg\u00e9rtsd a f\u0151neveket, n\u00e9vm\u00e1sokat \u00e9s egyebeket.","breadcrumb":{"@id":"https:\/\/talkpal.ai\/hu\/urdu-nyelvtani-gyakorlatok\/#breadcrumb"},"inLanguage":"hu","potentialAction":[{"@type":"ReadAction","target":["https:\/\/talkpal.ai\/hu\/urdu-nyelvtani-gyakorlatok\/"]}]},{"@type":"ImageObject","inLanguage":"hu","@id":"https:\/\/talkpal.ai\/hu\/urdu-nyelvtani-gyakorlatok\/#primaryimage","url":"https:\/\/talkpal.ai\/wp-content\/uploads\/2023\/05\/Urdu-pakistan.png","contentUrl":"https:\/\/talkpal.ai\/wp-content\/uploads\/2023\/05\/Urdu-pakistan.png","width":512,"height":512},{"@type":"BreadcrumbList","@id":"https:\/\/talkpal.ai\/hu\/urdu-nyelvtani-gyakorlatok\/#breadcrumb","itemListElement":[{"@type":"ListItem","position":1,"name":"Homepage","item":"https:\/\/talkpal.ai\/hu\/"},{"@type":"ListItem","position":2,"name":"Urdu nyelvtani gyakorlatok"}]},{"@type":"WebSite","@id":"https:\/\/talkpal.ai\/hu\/#website","url":"https:\/\/talkpal.ai\/hu\/","name":"Talkpal","description":"AI Language Learning","publisher":{"@id":"https:\/\/talkpal.ai\/hu\/#organization"},"alternateName":"Talkpal AI","potentialAction":[{"@type":"SearchAction","target":{"@type":"EntryPoint","urlTemplate":"https:\/\/talkpal.ai\/hu\/?s={search_term_string}"},"query-input":{"@type":"PropertyValueSpecification","valueRequired":true,"valueName":"search_term_string"}}],"inLanguage":"hu"},{"@type":"Organization","@id":"https:\/\/talkpal.ai\/hu\/#organization","name":"Talkpal, Inc.","alternateName":"Talkpal AI","url":"https:\/\/talkpal.ai\/hu\/","logo":{"@type":"ImageObject","inLanguage":"hu","@id":"https:\/\/talkpal.ai\/hu\/#\/schema\/logo\/image\/","url":"https:\/\/talkpal.ai\/wp-content\/uploads\/2024\/03\/Talkpal-Logo-Icon.png","contentUrl":"https:\/\/talkpal.ai\/wp-content\/uploads\/2024\/03\/Talkpal-Logo-Icon.png","width":2880,"height":2880,"caption":"Talkpal, Inc."},"image":{"@id":"https:\/\/talkpal.ai\/hu\/#\/schema\/logo\/image\/"},"sameAs":["https:\/\/www.facebook.com\/profile.php?id=100090733639311","https:\/\/x.com\/talkpalai","https:\/\/www.linkedin.com\/company\/talkpal\/","https:\/\/www.youtube.com\/@TalkPal\/","https:\/\/www.tiktok.com\/@talkpal","https:\/\/www.instagram.com\/talkpal_ai\/","https:\/\/www.crunchbase.com\/organization\/talkpal-9cde","https:\/\/www.g2.com\/products\/talkpal-for-business\/","https:\/\/www.trustpilot.com\/review\/talkpal.ai","https:\/\/www.capterra.com\/p\/10006800\/TalkPal\/"],"description":"Talkpal is a language learning web and mobile education app, powered by the latest AI technologies, that provides engaging experiences to its customers in many different languages to help them improve their language skills. Users can chat about unlimited amount of topics with the app and use other modes to practice their language learning.","email":"support@talkpal.ai","legalName":"Talkpal, Inc.","foundingDate":"2023-04-03","duns":"118989042","numberOfEmployees":{"@type":"QuantitativeValue","minValue":"11","maxValue":"50"},"publishingPrinciples":"https:\/\/talkpal.ai\/publishing-principles\/","actionableFeedbackPolicy":"https:\/\/talkpal.ai\/actionable-feedback-policy\/","correctionsPolicy":"https:\/\/talkpal.ai\/corrections-policy\/","ethicsPolicy":"https:\/\/talkpal.ai\/ethics-policy\/","diversityPolicy":"https:\/\/talkpal.ai\/diversity-policy\/","diversityStaffingReport":"https:\/\/talkpal.ai\/diversity-policy\/"}]}},"_links":{"self":[{"href":"https:\/\/talkpal.ai\/hu\/wp-json\/wp\/v2\/pages\/155164","targetHints":{"allow":["GET"]}}],"collection":[{"href":"https:\/\/talkpal.ai\/hu\/wp-json\/wp\/v2\/pages"}],"about":[{"href":"https:\/\/talkpal.ai\/hu\/wp-json\/wp\/v2\/types\/page"}],"author":[{"embeddable":true,"href":"https:\/\/talkpal.ai\/hu\/wp-json\/wp\/v2\/users\/6"}],"replies":[{"embeddable":true,"href":"https:\/\/talkpal.ai\/hu\/wp-json\/wp\/v2\/comments?post=155164"}],"version-history":[{"count":0,"href":"https:\/\/talkpal.ai\/hu\/wp-json\/wp\/v2\/pages\/155164\/revisions"}],"wp:featuredmedia":[{"embeddable":true,"href":"https:\/\/talkpal.ai\/hu\/wp-json\/wp\/v2\/media\/121245"}],"wp:attachment":[{"href":"https:\/\/talkpal.ai\/hu\/wp-json\/wp\/v2\/media?parent=155164"}],"curies":[{"name":"wp","href":"https:\/\/api.w.org\/{rel}","templated":true}]}}