{"id":154873,"date":"2023-07-05T11:05:37","date_gmt":"2023-07-05T11:05:37","guid":{"rendered":"http:\/\/talkpal.ai\/vietnami-nyelvtani-gyakorlatok\/"},"modified":"2025-12-17T14:43:06","modified_gmt":"2025-12-17T14:43:06","slug":"vietnami-nyelvtani-gyakorlatok","status":"publish","type":"page","link":"https:\/\/talkpal.ai\/hu\/vietnami-nyelvtani-gyakorlatok\/","title":{"rendered":"Vietn\u00e1mi nyelvtani gyakorlatok"},"content":{"rendered":"\r\n\r\n\r\n<section class=\"languageChallengeSection\">\r\n    <div class=\"languageInfoWrapper\">\r\n        \r\n        <h1>Vietn\u00e1mi nyelvtani gyakorlatok<\/h1>\r\n        <p>Sz\u00f3rakozzunk egy kicsit a szlov\u00e1k nyelvtannal! Ezek az egyszer\u0171 gyakorlatok seg\u00edtenek megszokni a nyelv m\u0171k\u00f6d\u00e9s\u00e9t, \u00e9s n\u00f6velik a magabiztoss\u00e1godat a tanul\u00e1s sor\u00e1n. K\u00e9szen \u00e1llsz? Kezdj\u00fck el!<\/p>\r\n\r\n                            <a class=\"getStartedHidden\" href=\"https:\/\/app.talkpal.ai\/hu\/signup?lng=\">Kezdj\u00fck<\/a>\r\n        \r\n    <\/div>\r\n\r\n    <figure>\r\n    <img decoding=\"async\" width=\"768\" height=\"768\" src=\"https:\/\/talkpal.ai\/wp-content\/uploads\/2023\/06\/vietnamese-768x768.png\" class=\"languageImage no-lazy\" alt=\"Language learning for extensive cultural knowledge\" fetchpriority=\"high\" sizes=\"(max-width: 768px) 150px, 768px\" srcset=\"https:\/\/talkpal.ai\/wp-content\/uploads\/2023\/06\/vietnamese-768x768.png 768w, https:\/\/talkpal.ai\/wp-content\/uploads\/2023\/06\/vietnamese-300x300.png 300w\" \/>\r\n    \r\n\r\n    <\/figure>\r\n\r\n            <a class=\"getStartedVisible\" href=\"https:\/\/app.talkpal.ai\/hu\/signup?lng=\">Kezdj\u00fck<\/a>\r\n    \r\n<\/section>\r\n\r\n\r\n<!-- <section class=\"grammarSection\">\r\n    <div class=\"grammarLinks\">\r\n            <\/div>\r\n<\/section> -->\r\n\r\n\r\n\r\n\r\n<section class=\"promotionalBanner\">\r\n    <p class=\"promotionalText\">A nyelvtanul\u00e1s leghat\u00e9konyabb m\u00f3dja<\/p>\r\n    <a class=\"promotionalLink\" href=\"https:\/\/app.talkpal.ai\/hu\/signup?lng=\">Pr\u00f3b\u00e1lja ki a Talkpal ingyen<\/a>\r\n<\/section>\n<div class=\"wp-block-group pageContainerStyle\"><div class=\"wp-block-group__inner-container is-layout-constrained wp-block-group-is-layout-constrained\">\n<h2 class=\"wp-block-heading\" id=\"h-vietnamese-grammar-topics\">Vietnami nyelvtani t\u00e9m\u00e1k<\/h2>\n\n\n\n<p>Egy \u00faj nyelv tanul\u00e1sa izgalmas \u00e9s kih\u00edv\u00e1st jelent\u0151 v\u00e1llalkoz\u00e1s lehet. A <a href=\"https:\/\/talkpal.ai\/learn-vietnamese\/\">vietnami<\/a> nyelvtan meg\u00e9rt\u00e9se a kulcs ennek a leny\u0171g\u00f6z\u0151 nyelvnek a felold\u00e1s\u00e1hoz. Itt megvitatjuk \u00e9s csoportos\u00edtjuk a fontos t\u00e9m\u00e1kat abban a sorrendben, amelyben ide\u00e1lis esetben meg kell tanulni \u0151ket, lehet\u0151v\u00e9 t\u00e9ve a komplexit\u00e1s fokozatos fel\u00e9p\u00edt\u00e9s\u00e9t. <a href=\"https:\/\/talkpal.ai\/culture\/how-do-you-use-the-demonstrative-pronouns-ez-and-az\/\">Ez az<\/a> \u00fatmutat\u00f3 mindent lefed az alapvet\u0151 elemekt\u0151l, p\u00e9ld\u00e1ul a f\u0151nevekt\u0151l \u00e9s az ig\u00e9kt\u0151l az \u00f6sszetettebb szerkezetekig, mint az igeid\u0151k \u00e9s a felt\u00e9teles \u00e1llapotok.<\/p>\n\n\n\n<h3 class=\"wp-block-heading\" id=\"h-1-nouns\">1. F\u0151nevek:<\/h3>\n\n\n\n<p>Kezdje az alapokat a <a href=\"https:\/\/talkpal.ai\/learn-vietnamese\/\">vietnami<\/a> f\u0151nevek tanul\u00e1s\u00e1val. Ezek emberek, helyek, dolgok vagy \u00f6tletek nevei. A vietnami f\u0151neveknek nincs nem\u00fck, \u00edgy egyszer\u0171bbek, mint m\u00e1s nyelveken.<\/p>\n\n\n\n<h3 class=\"wp-block-heading\" id=\"h-2-pronouns-determiners\">2. N\u00e9vm\u00e1sok\/determin\u00e1nsok:<\/h3>\n\n\n\n<p>Ha m\u00e1r <a href=\"https:\/\/talkpal.ai\/talkpal-christmas-discount\/\">j\u00f3l<\/a> \u00e9rzi mag\u00e1t a f\u0151nevekkel, l\u00e9pjen tov\u00e1bb a n\u00e9vm\u00e1sokra \u00e9s a meghat\u00e1roz\u00f3kra. Ezek a szavak helyettes\u00edtik vagy m\u00f3dos\u00edtj\u00e1k a f\u0151neveket, seg\u00edtve a mondatok t\u00f6m\u00f6rebb\u00e9 t\u00e9tel\u00e9t \u00e9s az ism\u00e9tl\u00e9s elker\u00fcl\u00e9s\u00e9t.<\/p>\n\n\n\n<h3 class=\"wp-block-heading\" id=\"h-3-verbs\">3. Ig\u00e9k:<\/h3>\n\n\n\n<p>Az ig\u00e9ket cselekv\u00e9sek vagy l\u00e9t\u00e1llapotok le\u00edr\u00e1s\u00e1ra haszn\u00e1lj\u00e1k. A vietnami nyelvben az ig\u00e9k nem v\u00e1ltoztatj\u00e1k meg form\u00e1jukat a t\u00e9ma vagy az id\u0151 szerint, <a href=\"https:\/\/talkpal.ai\/locations\/language-courses-in-ami\/\">ami<\/a> kev\u00e9sb\u00e9 bonyolult, mint n\u00e9h\u00e1ny m\u00e1s nyelven.<\/p>\n\n\n\n<h3 class=\"wp-block-heading\" id=\"h-4-adjectives\">4. Mell\u00e9knevek:<\/h3>\n\n\n\n<p>A mell\u00e9knevek tanul\u00e1sa lehet\u0151v\u00e9 teszi a f\u0151nevek r\u00e9szletesebb le\u00edr\u00e1s\u00e1t. A vietnami nyelvben a mell\u00e9knevek az \u00e1ltaluk m\u00f3dos\u00edtott f\u0151nevet k\u00f6vetik, ami elt\u00e9r az angolt\u00f3l.<\/p>\n\n\n\n<h3 class=\"wp-block-heading\" id=\"h-5-articles\">5. Cikkek:<\/h3>\n\n\n\n<p>A vietnami nyelvnek nincs cikke, ugyan\u00fagy, mint az angolnak. Azonban m\u00e9g mindig fontos meg\u00e9rteni, hogyan kell jelezni a f\u0151n\u00e9v hat\u00e1rozotts\u00e1g\u00e1t vagy hat\u00e1rozatlans\u00e1g\u00e1t.<\/p>\n\n\n\n<h3 class=\"wp-block-heading\" id=\"h-6-adverbs\">6. Hat\u00e1roz\u00f3sz\u00f3k:<\/h3>\n\n\n\n<p>A hat\u00e1roz\u00f3szavak ig\u00e9k, mell\u00e9knevek vagy m\u00e1s hat\u00e1roz\u00f3szavak m\u00f3dos\u00edt\u00e1s\u00e1ra szolg\u00e1lnak. Inform\u00e1ci\u00f3t ny\u00fajthatnak a m\u00f3dr\u00f3l, helyr\u0151l, id\u0151r\u0151l, gyakoris\u00e1gr\u00f3l, m\u00e9rt\u00e9kr\u0151l \u00e9s m\u00e1sokr\u00f3l.<\/p>\n\n\n\n<h3 class=\"wp-block-heading\" id=\"h-7-prepositions\">7. El\u00f6lj\u00e1r\u00f3szavak:<\/h3>\n\n\n\n<p>Ezek olyan szavak, amelyek egy f\u0151n\u00e9v vagy n\u00e9vm\u00e1s kapcsolat\u00e1t mutatj\u00e1k egy mondat m\u00e1sik szav\u00e1val. Megjel\u00f6lhetik a helyet, az ir\u00e1nyt, az id\u0151t, az okot \u00e9s m\u00e1s kapcsolatokat.<\/p>\n\n\n\n<h3 class=\"wp-block-heading\" id=\"h-8-tenses\">8. Igeid\u0151k:<\/h3>\n\n\n\n<p>A vietnami nyelvnek nincsenek <a href=\"https:\/\/talkpal.ai\/will-ai-kill-traditional-language-learning\/\">hagyom\u00e1nyos<\/a> \u00e9rtelemben vett fesz\u00fclts\u00e9gei. Ehelyett szavakat \u00e9s kontextust haszn\u00e1l a cselekv\u00e9s id\u0151pontj\u00e1nak jelz\u00e9s\u00e9re.<\/p>\n\n\n\n<h3 class=\"wp-block-heading\" id=\"h-9-tense-comparison\">9. Fesz\u00fclt \u00f6sszehasonl\u00edt\u00e1s:<\/h3>\n\n\n\n<p>A vietnami id\u0151k \u00f6sszehasonl\u00edt\u00e1s\u00e1nak meg\u00e9rt\u00e9se kulcsfontoss\u00e1g\u00fa. Ez mag\u00e1ban foglalja az id\u0151beli v\u00e1ltoz\u00e1sok jelz\u00e9s\u00e9re haszn\u00e1lt konkr\u00e9t szavak \u00e9s strukt\u00far\u00e1k megtanul\u00e1s\u00e1t.<\/p>\n\n\n\n<h3 class=\"wp-block-heading\" id=\"h-10-progressive\">10. Progressz\u00edv:<\/h3>\n\n\n\n<p>A vietnami progressz\u00edv szempontot a folyamatban l\u00e9v\u0151 cselekv\u00e9sek jelz\u00e9s\u00e9re haszn\u00e1lj\u00e1k. Vonatkozhat a m\u00faltra, a jelenre vagy a j\u00f6v\u0151re.<\/p>\n\n\n\n<h3 class=\"wp-block-heading\" id=\"h-11-perfect-progressive\">11. T\u00f6k\u00e9letes progressz\u00edv:<\/h3>\n\n\n\n<p>Ezt az id\u0151t olyan cselekv\u00e9sek kifejez\u00e9s\u00e9re haszn\u00e1lj\u00e1k, amelyek a m\u00faltban folyamatban voltak, \u00e9s valamilyen kapcsolatban \u00e1llnak a jelennel.<\/p>\n\n\n\n<h3 class=\"wp-block-heading\" id=\"h-12-conditionals\">12. Felt\u00e9telek:<\/h3>\n\n\n\n<p>A felt\u00e9telek olyan mondatok, amelyek hipotetikus helyzeteket \u00e9s az azokat k\u00f6vet\u0151 k\u00f6vetkezm\u00e9nyeket fejeznek ki.<\/p>\n\n\n\n<h3 class=\"wp-block-heading\" id=\"h-13-sentences\">13. Mondatok:<\/h3>\n\n\n\n<p>Miut\u00e1n meg\u00e9rtette ezeket az elemeket, elkezdhet teljes mondatokat alkotni vietnami nyelven. Ez mag\u00e1ban foglalja az alapvet\u0151 mondatszerkezet meg\u00e9rt\u00e9s\u00e9t, amely tipikusan alany-ige-objektum.<\/p>\n<\/div><\/div>\n\r\n<section class=\"learnNavigationSection\">\r\n            \r\n        <a href=\"https:\/\/talkpal.ai\/hu\/tanulj-vietnami-nyelvet\/\">\r\n            <div class=\"learnNavigationWrapper\">\r\n                <div class=\"learnNavigationContent\">\r\n                    <img decoding=\"async\" src=\"https:\/\/talkpal.ai\/wp-content\/uploads\/2024\/08\/Vietnamese.jpg\" alt=\"Vietnamise Flag\">\r\n                    <div>\r\n                        <h4>A vietn\u00e1mi tanul\u00e1sr\u00f3l<\/h4>\r\n                        <p>Tudjon meg mindent a vietnami nyelvtanr\u00f3l.<\/p>\r\n                    <\/div>\r\n                <\/div>\r\n            <\/div>\r\n        <\/a>\r\n\r\n        \r\n        <a href=\"https:\/\/talkpal.ai\/hu\/vietnami-nyelvtan\/\">\r\n            <div class=\"learnNavigationWrapper\">\r\n                <div class=\"learnNavigationContent\">\r\n                    <img decoding=\"async\" src=\"https:\/\/talkpal.ai\/wp-content\/uploads\/2024\/08\/Vietnamese.jpg\" alt=\"Vietnamise Flag\">\r\n                    <div>\r\n                        <h4>Vietnami nyelvtan leck\u00e9k<\/h4>\r\n                        <p>Gyakorolja a vietnami nyelvtant.<\/p>\r\n                    <\/div>\r\n                <\/div>\r\n            <\/div>\r\n        <\/a>\r\n\r\n        \r\n        <a href=\"https:\/\/talkpal.ai\/vocabulary_language\/vietnamese\/\">\r\n            <div class=\"learnNavigationWrapper\">\r\n                <div class=\"learnNavigationContent\">\r\n                    <img decoding=\"async\" src=\"https:\/\/talkpal.ai\/wp-content\/uploads\/2024\/08\/Vietnamese.jpg\" alt=\"Vietnamise Flag\">\r\n                    <div>\r\n                        <h4>Vietn\u00e1mi sz\u00f3kincs<\/h4>\r\n                        <p>B\u0151v\u00edtse vietn\u00e1mi sz\u00f3kincs\u00e9t.<\/p>\r\n                    <\/div>\r\n                <\/div>\r\n            <\/div>\r\n        <\/a>\r\n\r\n            <\/section>","protected":false},"excerpt":{"rendered":"<p>Vietnami nyelvtani t\u00e9m\u00e1k Egy \u00faj nyelv tanul\u00e1sa izgalmas \u00e9s kih\u00edv\u00e1st jelent\u0151 v\u00e1llalkoz\u00e1s lehet. A vietnami nyelvtan meg\u00e9rt\u00e9se a kulcs ennek a leny\u0171g\u00f6z\u0151 nyelvnek a felold\u00e1s\u00e1hoz. Itt megvitatjuk \u00e9s csoportos\u00edtjuk a fontos t\u00e9m\u00e1kat abban a sorrendben, amelyben ide\u00e1lis esetben meg kell tanulni \u0151ket, lehet\u0151v\u00e9 t\u00e9ve a komplexit\u00e1s fokozatos fel\u00e9p\u00edt\u00e9s\u00e9t. Ez az \u00fatmutat\u00f3 mindent lefed az alapvet\u0151 [&hellip;]<\/p>\n","protected":false},"author":6,"featured_media":120529,"parent":0,"menu_order":0,"comment_status":"closed","ping_status":"closed","template":"LearningContentPage.php","meta":{"_acf_changed":false,"footnotes":""},"class_list":["post-154873","page","type-page","status-publish","has-post-thumbnail","hentry"],"acf":[],"yoast_head":"<!-- This site is optimized with the Yoast SEO Premium plugin v27.2 (Yoast SEO v27.2) - https:\/\/yoast.com\/product\/yoast-seo-premium-wordpress\/ -->\n<title>Vietn\u00e1mi nyelvtani gyakorlatok - Talkpal<\/title>\n<meta name=\"description\" content=\"Fejtse meg a vietn\u00e1mi nyelv titkait a fokozatos tanul\u00e1shoz tervezett vietn\u00e1mi nyelvtani gyakorlatainkkal.\" \/>\n<meta name=\"robots\" content=\"index, follow, max-snippet:-1, max-image-preview:large, max-video-preview:-1\" \/>\n<link rel=\"canonical\" href=\"https:\/\/talkpal.ai\/hu\/vietnami-nyelvtani-gyakorlatok\/\" \/>\n<meta property=\"og:locale\" content=\"hu_HU\" \/>\n<meta property=\"og:type\" content=\"article\" \/>\n<meta property=\"og:title\" content=\"Vietn\u00e1mi nyelvtani gyakorlatok\" \/>\n<meta property=\"og:description\" content=\"Vietnami nyelvtani t\u00e9m\u00e1k Egy \u00faj nyelv tanul\u00e1sa izgalmas \u00e9s kih\u00edv\u00e1st jelent\u0151 v\u00e1llalkoz\u00e1s lehet. A vietnami nyelvtan meg\u00e9rt\u00e9se a kulcs ennek a leny\u0171g\u00f6z\u0151\" \/>\n<meta property=\"og:url\" content=\"https:\/\/talkpal.ai\/hu\/vietnami-nyelvtani-gyakorlatok\/\" \/>\n<meta property=\"og:site_name\" content=\"Talkpal\" \/>\n<meta property=\"article:publisher\" content=\"https:\/\/www.facebook.com\/profile.php?id=100090733639311\" \/>\n<meta property=\"article:modified_time\" content=\"2025-12-17T14:43:06+00:00\" \/>\n<meta property=\"og:image\" content=\"https:\/\/talkpal.ai\/wp-content\/uploads\/2023\/05\/vietnam.png\" \/>\n\t<meta property=\"og:image:width\" content=\"512\" \/>\n\t<meta property=\"og:image:height\" content=\"512\" \/>\n\t<meta property=\"og:image:type\" content=\"image\/png\" \/>\n<meta name=\"twitter:card\" content=\"summary_large_image\" \/>\n<meta name=\"twitter:site\" content=\"@talkpalai\" \/>\n<meta name=\"twitter:label1\" content=\"Becs\u00fclt olvas\u00e1si id\u0151\" \/>\n\t<meta name=\"twitter:data1\" content=\"3 perc\" \/>\n<script type=\"application\/ld+json\" class=\"yoast-schema-graph\">{\"@context\":\"https:\/\/schema.org\",\"@graph\":[{\"@type\":\"WebPage\",\"@id\":\"https:\/\/talkpal.ai\/hu\/vietnami-nyelvtani-gyakorlatok\/\",\"url\":\"https:\/\/talkpal.ai\/hu\/vietnami-nyelvtani-gyakorlatok\/\",\"name\":\"Vietn\u00e1mi nyelvtani gyakorlatok - Talkpal\",\"isPartOf\":{\"@id\":\"https:\/\/talkpal.ai\/hu\/#website\"},\"primaryImageOfPage\":{\"@id\":\"https:\/\/talkpal.ai\/hu\/vietnami-nyelvtani-gyakorlatok\/#primaryimage\"},\"image\":{\"@id\":\"https:\/\/talkpal.ai\/hu\/vietnami-nyelvtani-gyakorlatok\/#primaryimage\"},\"thumbnailUrl\":\"https:\/\/talkpal.ai\/wp-content\/uploads\/2023\/05\/vietnam.png\",\"datePublished\":\"2023-07-05T11:05:37+00:00\",\"dateModified\":\"2025-12-17T14:43:06+00:00\",\"description\":\"Fejtse meg a vietn\u00e1mi nyelv titkait a fokozatos tanul\u00e1shoz tervezett vietn\u00e1mi nyelvtani gyakorlatainkkal.\",\"breadcrumb\":{\"@id\":\"https:\/\/talkpal.ai\/hu\/vietnami-nyelvtani-gyakorlatok\/#breadcrumb\"},\"inLanguage\":\"hu\",\"potentialAction\":[{\"@type\":\"ReadAction\",\"target\":[\"https:\/\/talkpal.ai\/hu\/vietnami-nyelvtani-gyakorlatok\/\"]}]},{\"@type\":\"ImageObject\",\"inLanguage\":\"hu\",\"@id\":\"https:\/\/talkpal.ai\/hu\/vietnami-nyelvtani-gyakorlatok\/#primaryimage\",\"url\":\"https:\/\/talkpal.ai\/wp-content\/uploads\/2023\/05\/vietnam.png\",\"contentUrl\":\"https:\/\/talkpal.ai\/wp-content\/uploads\/2023\/05\/vietnam.png\",\"width\":512,\"height\":512},{\"@type\":\"BreadcrumbList\",\"@id\":\"https:\/\/talkpal.ai\/hu\/vietnami-nyelvtani-gyakorlatok\/#breadcrumb\",\"itemListElement\":[{\"@type\":\"ListItem\",\"position\":1,\"name\":\"Homepage\",\"item\":\"https:\/\/talkpal.ai\/hu\/\"},{\"@type\":\"ListItem\",\"position\":2,\"name\":\"Vietn\u00e1mi nyelvtani gyakorlatok\"}]},{\"@type\":\"WebSite\",\"@id\":\"https:\/\/talkpal.ai\/hu\/#website\",\"url\":\"https:\/\/talkpal.ai\/hu\/\",\"name\":\"Talkpal\",\"description\":\"AI Language Learning\",\"publisher\":{\"@id\":\"https:\/\/talkpal.ai\/hu\/#organization\"},\"alternateName\":\"Talkpal AI\",\"potentialAction\":[{\"@type\":\"SearchAction\",\"target\":{\"@type\":\"EntryPoint\",\"urlTemplate\":\"https:\/\/talkpal.ai\/hu\/?s={search_term_string}\"},\"query-input\":{\"@type\":\"PropertyValueSpecification\",\"valueRequired\":true,\"valueName\":\"search_term_string\"}}],\"inLanguage\":\"hu\"},{\"@type\":\"Organization\",\"@id\":\"https:\/\/talkpal.ai\/hu\/#organization\",\"name\":\"Talkpal, Inc.\",\"alternateName\":\"Talkpal AI\",\"url\":\"https:\/\/talkpal.ai\/hu\/\",\"logo\":{\"@type\":\"ImageObject\",\"inLanguage\":\"hu\",\"@id\":\"https:\/\/talkpal.ai\/hu\/#\/schema\/logo\/image\/\",\"url\":\"https:\/\/talkpal.ai\/wp-content\/uploads\/2024\/03\/Talkpal-Logo-Icon.png\",\"contentUrl\":\"https:\/\/talkpal.ai\/wp-content\/uploads\/2024\/03\/Talkpal-Logo-Icon.png\",\"width\":2880,\"height\":2880,\"caption\":\"Talkpal, Inc.\"},\"image\":{\"@id\":\"https:\/\/talkpal.ai\/hu\/#\/schema\/logo\/image\/\"},\"sameAs\":[\"https:\/\/www.facebook.com\/profile.php?id=100090733639311\",\"https:\/\/x.com\/talkpalai\",\"https:\/\/www.linkedin.com\/company\/talkpal\/\",\"https:\/\/www.youtube.com\/@TalkPal\/\",\"https:\/\/www.tiktok.com\/@talkpal\",\"https:\/\/www.instagram.com\/talkpal_ai\/\",\"https:\/\/www.crunchbase.com\/organization\/talkpal-9cde\",\"https:\/\/www.g2.com\/products\/talkpal-for-business\/\",\"https:\/\/www.trustpilot.com\/review\/talkpal.ai\",\"https:\/\/www.capterra.com\/p\/10006800\/TalkPal\/\"],\"description\":\"Talkpal is a language learning web and mobile education app, powered by the latest AI technologies, that provides engaging experiences to its customers in many different languages to help them improve their language skills. Users can chat about unlimited amount of topics with the app and use other modes to practice their language learning.\",\"email\":\"support@talkpal.ai\",\"legalName\":\"Talkpal, Inc.\",\"foundingDate\":\"2023-04-03\",\"duns\":\"118989042\",\"numberOfEmployees\":{\"@type\":\"QuantitativeValue\",\"minValue\":\"11\",\"maxValue\":\"50\"},\"publishingPrinciples\":\"https:\/\/talkpal.ai\/publishing-principles\/\",\"actionableFeedbackPolicy\":\"https:\/\/talkpal.ai\/actionable-feedback-policy\/\",\"correctionsPolicy\":\"https:\/\/talkpal.ai\/corrections-policy\/\",\"ethicsPolicy\":\"https:\/\/talkpal.ai\/ethics-policy\/\",\"diversityPolicy\":\"https:\/\/talkpal.ai\/diversity-policy\/\",\"diversityStaffingReport\":\"https:\/\/talkpal.ai\/diversity-policy\/\"}]}<\/script>\n<!-- \/ Yoast SEO Premium plugin. -->","yoast_head_json":{"title":"Vietn\u00e1mi nyelvtani gyakorlatok - Talkpal","description":"Fejtse meg a vietn\u00e1mi nyelv titkait a fokozatos tanul\u00e1shoz tervezett vietn\u00e1mi nyelvtani gyakorlatainkkal.","robots":{"index":"index","follow":"follow","max-snippet":"max-snippet:-1","max-image-preview":"max-image-preview:large","max-video-preview":"max-video-preview:-1"},"canonical":"https:\/\/talkpal.ai\/hu\/vietnami-nyelvtani-gyakorlatok\/","og_locale":"hu_HU","og_type":"article","og_title":"Vietn\u00e1mi nyelvtani gyakorlatok","og_description":"Vietnami nyelvtani t\u00e9m\u00e1k Egy \u00faj nyelv tanul\u00e1sa izgalmas \u00e9s kih\u00edv\u00e1st jelent\u0151 v\u00e1llalkoz\u00e1s lehet. A vietnami nyelvtan meg\u00e9rt\u00e9se a kulcs ennek a leny\u0171g\u00f6z\u0151","og_url":"https:\/\/talkpal.ai\/hu\/vietnami-nyelvtani-gyakorlatok\/","og_site_name":"Talkpal","article_publisher":"https:\/\/www.facebook.com\/profile.php?id=100090733639311","article_modified_time":"2025-12-17T14:43:06+00:00","og_image":[{"width":512,"height":512,"url":"https:\/\/talkpal.ai\/wp-content\/uploads\/2023\/05\/vietnam.png","type":"image\/png"}],"twitter_card":"summary_large_image","twitter_site":"@talkpalai","twitter_misc":{"Becs\u00fclt olvas\u00e1si id\u0151":"3 perc"},"schema":{"@context":"https:\/\/schema.org","@graph":[{"@type":"WebPage","@id":"https:\/\/talkpal.ai\/hu\/vietnami-nyelvtani-gyakorlatok\/","url":"https:\/\/talkpal.ai\/hu\/vietnami-nyelvtani-gyakorlatok\/","name":"Vietn\u00e1mi nyelvtani gyakorlatok - Talkpal","isPartOf":{"@id":"https:\/\/talkpal.ai\/hu\/#website"},"primaryImageOfPage":{"@id":"https:\/\/talkpal.ai\/hu\/vietnami-nyelvtani-gyakorlatok\/#primaryimage"},"image":{"@id":"https:\/\/talkpal.ai\/hu\/vietnami-nyelvtani-gyakorlatok\/#primaryimage"},"thumbnailUrl":"https:\/\/talkpal.ai\/wp-content\/uploads\/2023\/05\/vietnam.png","datePublished":"2023-07-05T11:05:37+00:00","dateModified":"2025-12-17T14:43:06+00:00","description":"Fejtse meg a vietn\u00e1mi nyelv titkait a fokozatos tanul\u00e1shoz tervezett vietn\u00e1mi nyelvtani gyakorlatainkkal.","breadcrumb":{"@id":"https:\/\/talkpal.ai\/hu\/vietnami-nyelvtani-gyakorlatok\/#breadcrumb"},"inLanguage":"hu","potentialAction":[{"@type":"ReadAction","target":["https:\/\/talkpal.ai\/hu\/vietnami-nyelvtani-gyakorlatok\/"]}]},{"@type":"ImageObject","inLanguage":"hu","@id":"https:\/\/talkpal.ai\/hu\/vietnami-nyelvtani-gyakorlatok\/#primaryimage","url":"https:\/\/talkpal.ai\/wp-content\/uploads\/2023\/05\/vietnam.png","contentUrl":"https:\/\/talkpal.ai\/wp-content\/uploads\/2023\/05\/vietnam.png","width":512,"height":512},{"@type":"BreadcrumbList","@id":"https:\/\/talkpal.ai\/hu\/vietnami-nyelvtani-gyakorlatok\/#breadcrumb","itemListElement":[{"@type":"ListItem","position":1,"name":"Homepage","item":"https:\/\/talkpal.ai\/hu\/"},{"@type":"ListItem","position":2,"name":"Vietn\u00e1mi nyelvtani gyakorlatok"}]},{"@type":"WebSite","@id":"https:\/\/talkpal.ai\/hu\/#website","url":"https:\/\/talkpal.ai\/hu\/","name":"Talkpal","description":"AI Language Learning","publisher":{"@id":"https:\/\/talkpal.ai\/hu\/#organization"},"alternateName":"Talkpal AI","potentialAction":[{"@type":"SearchAction","target":{"@type":"EntryPoint","urlTemplate":"https:\/\/talkpal.ai\/hu\/?s={search_term_string}"},"query-input":{"@type":"PropertyValueSpecification","valueRequired":true,"valueName":"search_term_string"}}],"inLanguage":"hu"},{"@type":"Organization","@id":"https:\/\/talkpal.ai\/hu\/#organization","name":"Talkpal, Inc.","alternateName":"Talkpal AI","url":"https:\/\/talkpal.ai\/hu\/","logo":{"@type":"ImageObject","inLanguage":"hu","@id":"https:\/\/talkpal.ai\/hu\/#\/schema\/logo\/image\/","url":"https:\/\/talkpal.ai\/wp-content\/uploads\/2024\/03\/Talkpal-Logo-Icon.png","contentUrl":"https:\/\/talkpal.ai\/wp-content\/uploads\/2024\/03\/Talkpal-Logo-Icon.png","width":2880,"height":2880,"caption":"Talkpal, Inc."},"image":{"@id":"https:\/\/talkpal.ai\/hu\/#\/schema\/logo\/image\/"},"sameAs":["https:\/\/www.facebook.com\/profile.php?id=100090733639311","https:\/\/x.com\/talkpalai","https:\/\/www.linkedin.com\/company\/talkpal\/","https:\/\/www.youtube.com\/@TalkPal\/","https:\/\/www.tiktok.com\/@talkpal","https:\/\/www.instagram.com\/talkpal_ai\/","https:\/\/www.crunchbase.com\/organization\/talkpal-9cde","https:\/\/www.g2.com\/products\/talkpal-for-business\/","https:\/\/www.trustpilot.com\/review\/talkpal.ai","https:\/\/www.capterra.com\/p\/10006800\/TalkPal\/"],"description":"Talkpal is a language learning web and mobile education app, powered by the latest AI technologies, that provides engaging experiences to its customers in many different languages to help them improve their language skills. Users can chat about unlimited amount of topics with the app and use other modes to practice their language learning.","email":"support@talkpal.ai","legalName":"Talkpal, Inc.","foundingDate":"2023-04-03","duns":"118989042","numberOfEmployees":{"@type":"QuantitativeValue","minValue":"11","maxValue":"50"},"publishingPrinciples":"https:\/\/talkpal.ai\/publishing-principles\/","actionableFeedbackPolicy":"https:\/\/talkpal.ai\/actionable-feedback-policy\/","correctionsPolicy":"https:\/\/talkpal.ai\/corrections-policy\/","ethicsPolicy":"https:\/\/talkpal.ai\/ethics-policy\/","diversityPolicy":"https:\/\/talkpal.ai\/diversity-policy\/","diversityStaffingReport":"https:\/\/talkpal.ai\/diversity-policy\/"}]}},"_links":{"self":[{"href":"https:\/\/talkpal.ai\/hu\/wp-json\/wp\/v2\/pages\/154873","targetHints":{"allow":["GET"]}}],"collection":[{"href":"https:\/\/talkpal.ai\/hu\/wp-json\/wp\/v2\/pages"}],"about":[{"href":"https:\/\/talkpal.ai\/hu\/wp-json\/wp\/v2\/types\/page"}],"author":[{"embeddable":true,"href":"https:\/\/talkpal.ai\/hu\/wp-json\/wp\/v2\/users\/6"}],"replies":[{"embeddable":true,"href":"https:\/\/talkpal.ai\/hu\/wp-json\/wp\/v2\/comments?post=154873"}],"version-history":[{"count":0,"href":"https:\/\/talkpal.ai\/hu\/wp-json\/wp\/v2\/pages\/154873\/revisions"}],"wp:featuredmedia":[{"embeddable":true,"href":"https:\/\/talkpal.ai\/hu\/wp-json\/wp\/v2\/media\/120529"}],"wp:attachment":[{"href":"https:\/\/talkpal.ai\/hu\/wp-json\/wp\/v2\/media?parent=154873"}],"curies":[{"name":"wp","href":"https:\/\/api.w.org\/{rel}","templated":true}]}}