{"id":154275,"date":"2023-06-16T11:18:42","date_gmt":"2023-06-16T11:18:42","guid":{"rendered":"http:\/\/talkpal.ai\/afrikaans-nyelvtani-gyakorlatok\/"},"modified":"2025-05-23T14:06:59","modified_gmt":"2025-05-23T14:06:59","slug":"afrikaans-nyelvtani-gyakorlatok","status":"publish","type":"page","link":"https:\/\/talkpal.ai\/hu\/afrikaans-nyelvtani-gyakorlatok\/","title":{"rendered":"Afrikaans nyelvtani gyakorlatok"},"content":{"rendered":"\r\n\r\n\r\n<section class=\"languageChallengeSection\">\r\n    <div class=\"languageInfoWrapper\">\r\n        \r\n        <h1>Afrikaans nyelvtani gyakorlatok<\/h1>\r\n        <p>K\u00e9szen \u00e1llsz az <a href=\"https:\/\/talkpal.ai\/learn-afrikaans\/\">afrikaans<\/a> nyelvtud\u00e1sod fejleszt\u00e9s\u00e9re? A nyelvtani gyakorlatok gyakorl\u00e1sa remek m\u00f3dja a mondatszerkezet, az igealakok \u00e9s az <a href=\"https:\/\/talkpal.ai\/learn-afrikaans\/\">afrikaans<\/a> nyelv egyedi jellemz\u0151inek elsaj\u00e1t\u00edt\u00e1s\u00e1nak. Kezdjen el dolgozni az afrikaans nyelvtanon m\u00e9g ma, \u00e9s n\u00e9zze, ahogy \u00f6nbizalma \u00e9s foly\u00e9kony nyelvtud\u00e1sa minden egyes gyakorlattal n\u00f6vekszik!\n\n<\/p>\r\n\r\n                            <a class=\"getStartedHidden\" href=\"https:\/\/app.talkpal.ai\/hu\/signup?lng=\">Kezdj\u00fck<\/a>\r\n        \r\n    <\/div>\r\n\r\n    <figure>\r\n    <img decoding=\"async\" width=\"768\" height=\"768\" src=\"https:\/\/talkpal.ai\/wp-content\/uploads\/2023\/06\/afrikaans-768x768.png\" class=\"languageImage no-lazy\" alt=\"Language learning for improved focus\" fetchpriority=\"high\" sizes=\"(max-width: 768px) 150px, 768px\" srcset=\"https:\/\/talkpal.ai\/wp-content\/uploads\/2023\/06\/afrikaans-768x768.png 768w, https:\/\/talkpal.ai\/wp-content\/uploads\/2023\/06\/afrikaans-300x300.png 300w\" \/>\r\n    \r\n\r\n    <\/figure>\r\n\r\n            <a class=\"getStartedVisible\" href=\"https:\/\/app.talkpal.ai\/hu\/signup?lng=\">Kezdj\u00fck<\/a>\r\n    \r\n<\/section>\r\n\r\n\r\n<!-- <section class=\"grammarSection\">\r\n    <div class=\"grammarLinks\">\r\n            <\/div>\r\n<\/section> -->\r\n\r\n\r\n\r\n\r\n<section class=\"promotionalBanner\">\r\n    <p class=\"promotionalText\">A nyelvtanul\u00e1s leghat\u00e9konyabb m\u00f3dja<\/p>\r\n    <a class=\"promotionalLink\" href=\"https:\/\/app.talkpal.ai\/hu\/signup?lng=\">Pr\u00f3b\u00e1lja ki a Talkpal ingyen<\/a>\r\n<\/section>\n<div class=\"wp-block-group pageContainerStyle\"><div class=\"wp-block-group__inner-container is-layout-constrained wp-block-group-is-layout-constrained\">\n<h2 class=\"wp-block-heading\" id=\"h-afrikaans-grammar-topics\">Afrikaans nyelvtani t\u00e9m\u00e1k<\/h2>\n\n\n\n<p>Az afrikaans, egy nyugati germ\u00e1n nyelv, D\u00e9l-Afrika tizenegy hivatalos nyelv\u00e9nek egyike, \u00e9s k\u00f6r\u00fclbel\u00fcl 6 milli\u00f3 ember besz\u00e9li. Az afrikaans tanul\u00e1sa gazdag\u00edt\u00f3 \u00e9s kifizet\u0151d\u0151 \u00e9lm\u00e9ny lehet, mivel nemcsak D\u00e9l-Afrik\u00e1ban, hanem Nam\u00edbi\u00e1ban \u00e9s kisebb m\u00e9rt\u00e9kben Zimbabw\u00e9ben \u00e9s Botswan\u00e1ban is besz\u00e9lik. A nyelv viszonylag k\u00f6nnyen megtanulhat\u00f3, k\u00fcl\u00f6n\u00f6sen az angolul besz\u00e9l\u0151k sz\u00e1m\u00e1ra, mivel egyszer\u0171s\u00edtett nyelvtannal rendelkezik, \u00e9s sok sz\u00f3t oszt meg az angollal \u00e9s a hollanddal. Ebben az \u00fatmutat\u00f3ban v\u00e9gigvezetj\u00fck \u00d6nt az alapvet\u0151 afrikaans nyelvtani t\u00e9m\u00e1kon, amelyeket el kell saj\u00e1t\u00edtania ahhoz, hogy foly\u00e9konyan besz\u00e9ljen \u00e9s meg\u00e9rtse a nyelvet.<\/p>\n\n\n\n<h3 class=\"wp-block-heading\" id=\"h-1-nouns-and-articles\">1. F\u0151nevek \u00e9s cikkek:<\/h3>\n\n\n\n<p>Az afrikaans nyelvben a f\u0151neveknek nincs neme, <a href=\"https:\/\/talkpal.ai\/locations\/language-courses-in-ami\/\">ami<\/a> megk\u00f6nny\u00edti a tanul\u00e1st m\u00e1s germ\u00e1n nyelvekhez k\u00e9pest. A cikkek is egyszer\u0171ek, a &#8222;die&#8221; a hat\u00e1rozott n\u00e9vel\u0151, az &#8222;n&#8221; vagy &#8222;een&#8221; pedig a hat\u00e1rozatlan n\u00e9vel\u0151.<\/p>\n\n\n\n<h3 class=\"wp-block-heading\" id=\"h-2-pronouns-determiners\">2. N\u00e9vm\u00e1sok\/determin\u00e1nsok:<\/h3>\n\n\n\n<p>A n\u00e9vm\u00e1sok olyan szavak, amelyek helyettes\u00edtik a f\u0151neveket, \u00e9s seg\u00edtenek elker\u00fclni a mondat ism\u00e9tl\u00e9s\u00e9t. Az afrikaans szem\u00e9lyes, birtokos, demonstrat\u00edv \u00e9s k\u00e9rd\u0151 n\u00e9vm\u00e1sokkal rendelkezik, amelyek elengedhetetlenek a mondatok kialak\u00edt\u00e1s\u00e1hoz.<\/p>\n\n\n\n<h3 class=\"wp-block-heading\" id=\"h-3-adjectives\">3. Mell\u00e9knevek:<\/h3>\n\n\n\n<p>A mell\u00e9knevek f\u0151neveket \u00edrnak le vagy m\u00f3dos\u00edtanak. Az afrikaans nyelvben \u00e1ltal\u00e1ban a f\u0151n\u00e9v el\u00e9 ker\u00fclnek, \u00e9s sz\u00e1mukban egyet\u00e9rtenek vele. Nincs nemek k\u00f6z\u00f6tti meg\u00e1llapod\u00e1s, ami egyszer\u0171bb\u00e9 teszi a tanul\u00e1st.<\/p>\n\n\n\n<h3 class=\"wp-block-heading\" id=\"h-4-verbs\">4. Ig\u00e9k:<\/h3>\n\n\n\n<p>Az ig\u00e9k cselekv\u0151 szavak, \u00e9s elengedhetetlenek a mondatok kialak\u00edt\u00e1s\u00e1hoz. Az afrikaansban az ig\u00e9k nem az alany szerint konjug\u00e1l\u00f3dnak, \u00edgy k\u00f6nnyebb megtanulni, mint m\u00e1s nyelveket. A rendszeres ig\u00e9k egyszer\u0171 mint\u00e1t k\u00f6vetnek, m\u00edg a szab\u00e1lytalan ig\u00e9ket meg kell jegyezni.<\/p>\n\n\n\n<h3 class=\"wp-block-heading\" id=\"h-5-tenses-and-tense-comparison\">5. Igeid\u0151k \u00e9s fesz\u00fclts\u00e9gek \u00f6sszehasonl\u00edt\u00e1sa:<\/h3>\n\n\n\n<p>Az afrikaans nyelvnek h\u00e1rom f\u0151 igeideje <a href=\"https:\/\/talkpal.ai\/locations\/language-courses-in-van\/\">van<\/a>: m\u00falt, jelen \u00e9s j\u00f6v\u0151. Ezeknek az id\u0151knek a megfogalmaz\u00e1sa \u00e9s \u00f6sszehasonl\u00edt\u00e1sa elengedhetetlen a nyelv meg\u00e9rt\u00e9s\u00e9hez \u00e9s besz\u00e9d\u00e9hez.<\/p>\n\n\n\n<h3 class=\"wp-block-heading\" id=\"h-6-progressive-and-perfect-progressive\">6. Progressz\u00edv \u00e9s t\u00f6k\u00e9letes progressz\u00edv:<\/h3>\n\n\n\n<p>A progressz\u00edv fesz\u00fclts\u00e9get a folyamatban l\u00e9v\u0151 cselekv\u00e9sek le\u00edr\u00e1s\u00e1ra haszn\u00e1lj\u00e1k, m\u00edg a t\u00f6k\u00e9letes progressz\u00edv a befejezett cselekv\u00e9seket jelzi. Ezeknek az id\u0151knek a megtanul\u00e1sa seg\u00edt egy\u00e9rtelm\u0171en kifejezni a cselekv\u00e9seket.<\/p>\n\n\n\n<h3 class=\"wp-block-heading\" id=\"h-7-adverbs\">7. Hat\u00e1roz\u00f3sz\u00f3k:<\/h3>\n\n\n\n<p>A hat\u00e1roz\u00f3szavak m\u00f3dos\u00edtj\u00e1k az ig\u00e9ket, mell\u00e9kneveket vagy m\u00e1s hat\u00e1roz\u00f3szavakat, \u00edgy t\u00f6bb inform\u00e1ci\u00f3t ny\u00fajtanak a m\u0171veletr\u0151l, a min\u0151s\u00e9gr\u0151l vagy a m\u00f3dr\u00f3l. Fontosak a mondatok r\u00e9szleteinek hozz\u00e1ad\u00e1s\u00e1hoz.<\/p>\n\n\n\n<h3 class=\"wp-block-heading\" id=\"h-8-prepositions\">8. El\u00f6lj\u00e1r\u00f3szavak:<\/h3>\n\n\n\n<p>A prepoz\u00edci\u00f3k olyan szavak, amelyek a f\u0151nevek vagy n\u00e9vm\u00e1sok \u00e9s a mondat m\u00e1s szavai k\u00f6z\u00f6tti kapcsolatot mutatj\u00e1k. Elengedhetetlenek a hely, az ir\u00e1ny, az id\u0151 \u00e9s m\u00e1s kapcsolatok kifejez\u00e9s\u00e9hez.<\/p>\n\n\n\n<h3 class=\"wp-block-heading\" id=\"h-9-conditionals\">9. Felt\u00e9telek:<\/h3>\n\n\n\n<p>A felt\u00e9teles mondatok olyan cselekv\u00e9st vagy \u00e1llapotot fejeznek ki, amely egy felt\u00e9tel teljes\u00fcl\u00e9s\u00e9t\u0151l f\u00fcgg. A tanul\u00e1si felt\u00e9telek seg\u00edtenek hipotetikus helyzetek \u00e9s k\u00f6vetkezm\u00e9nyek kifejez\u00e9s\u00e9ben.<\/p>\n\n\n\n<h3 class=\"wp-block-heading\" id=\"h-10-sentences\">10. Mondatok:<\/h3>\n\n\n\n<p>Az afrikaans mondatok szerkezet\u00e9nek meg\u00e9rt\u00e9se elengedhetetlen a saj\u00e1t mondatok kialak\u00edt\u00e1s\u00e1hoz \u00e9s m\u00e1sok mondanival\u00f3j\u00e1nak meg\u00e9rt\u00e9s\u00e9hez. A fent eml\u00edtett nyelvtani \u00f6sszetev\u0151k haszn\u00e1lat\u00e1nak ismerete seg\u00edt vil\u00e1gos \u00e9s koherens mondatok l\u00e9trehoz\u00e1s\u00e1ban.<\/p>\n<\/div><\/div>\n\r\n<section class=\"learnNavigationSection\">\r\n            \r\n        <a href=\"https:\/\/talkpal.ai\/hu\/tanulj-afrikaans-nyelvet\/\">\r\n            <div class=\"learnNavigationWrapper\">\r\n                <div class=\"learnNavigationContent\">\r\n                    <img decoding=\"async\" src=\"https:\/\/talkpal.ai\/wp-content\/uploads\/2024\/08\/Afrikaans.jpg\" alt=\"South Africa Flag\">\r\n                    <div>\r\n                        <h4>Az afrikaans tanul\u00e1sr\u00f3l<\/h4>\r\n                        <p>Tudjon meg mindent az afrikaans nyelvtanr\u00f3l.<\/p>\r\n                    <\/div>\r\n                <\/div>\r\n            <\/div>\r\n        <\/a>\r\n\r\n        \r\n        <a href=\"https:\/\/talkpal.ai\/hu\/afrikaans-nyelvtan\/\">\r\n            <div class=\"learnNavigationWrapper\">\r\n                <div class=\"learnNavigationContent\">\r\n                    <img decoding=\"async\" src=\"https:\/\/talkpal.ai\/wp-content\/uploads\/2024\/08\/Afrikaans.jpg\" alt=\"South Africa Flag\">\r\n                    <div>\r\n                        <h4>Afrikaans nyelvtani \u00f3r\u00e1k<\/h4>\r\n                        <p>Gyakorolja az afrikaans nyelvtant.<\/p>\r\n                    <\/div>\r\n                <\/div>\r\n            <\/div>\r\n        <\/a>\r\n\r\n        \r\n        <a href=\"https:\/\/talkpal.ai\/vocabulary_language\/afrikaans\/\">\r\n            <div class=\"learnNavigationWrapper\">\r\n                <div class=\"learnNavigationContent\">\r\n                    <img decoding=\"async\" src=\"https:\/\/talkpal.ai\/wp-content\/uploads\/2024\/08\/Afrikaans.jpg\" alt=\"South Africa Flag\">\r\n                    <div>\r\n                        <h4>Afrikaans sz\u00f3kincs<\/h4>\r\n                        <p>B\u0151v\u00edtse afrikaans sz\u00f3kincs\u00e9t.<\/p>\r\n                    <\/div>\r\n                <\/div>\r\n            <\/div>\r\n        <\/a>\r\n\r\n            <\/section>","protected":false},"excerpt":{"rendered":"<p>Afrikaans nyelvtani t\u00e9m\u00e1k Az afrikaans, egy nyugati germ\u00e1n nyelv, D\u00e9l-Afrika tizenegy hivatalos nyelv\u00e9nek egyike, \u00e9s k\u00f6r\u00fclbel\u00fcl 6 milli\u00f3 ember besz\u00e9li. Az afrikaans tanul\u00e1sa gazdag\u00edt\u00f3 \u00e9s kifizet\u0151d\u0151 \u00e9lm\u00e9ny lehet, mivel nemcsak D\u00e9l-Afrik\u00e1ban, hanem Nam\u00edbi\u00e1ban \u00e9s kisebb m\u00e9rt\u00e9kben Zimbabw\u00e9ben \u00e9s Botswan\u00e1ban is besz\u00e9lik. A nyelv viszonylag k\u00f6nnyen megtanulhat\u00f3, k\u00fcl\u00f6n\u00f6sen az angolul besz\u00e9l\u0151k sz\u00e1m\u00e1ra, mivel egyszer\u0171s\u00edtett nyelvtannal rendelkezik, [&hellip;]<\/p>\n","protected":false},"author":6,"featured_media":108912,"parent":0,"menu_order":0,"comment_status":"closed","ping_status":"closed","template":"LearningContentPage.php","meta":{"_acf_changed":false,"footnotes":""},"class_list":["post-154275","page","type-page","status-publish","has-post-thumbnail","hentry"],"acf":[],"yoast_head":"<!-- This site is optimized with the Yoast SEO Premium plugin v27.2 (Yoast SEO v27.2) - https:\/\/yoast.com\/product\/yoast-seo-premium-wordpress\/ -->\n<title>Afrikaans nyelvtani gyakorlatok - Talkpal<\/title>\n<meta name=\"description\" content=\"Saj\u00e1t\u00edtsa el az afrikaans nyelvet a nyelvtani gyakorlatok seg\u00edts\u00e9g\u00e9vel, amelyek c\u00e9lja a nyelvtud\u00e1s \u00e9s a foly\u00e9kony nyelvtud\u00e1s fejleszt\u00e9se.\" \/>\n<meta name=\"robots\" content=\"index, follow, max-snippet:-1, max-image-preview:large, max-video-preview:-1\" \/>\n<link rel=\"canonical\" href=\"https:\/\/talkpal.ai\/hu\/afrikaans-nyelvtani-gyakorlatok\/\" \/>\n<meta property=\"og:locale\" content=\"hu_HU\" \/>\n<meta property=\"og:type\" content=\"article\" \/>\n<meta property=\"og:title\" content=\"Afrikaans nyelvtani gyakorlatok\" \/>\n<meta property=\"og:description\" content=\"Afrikaans nyelvtani t\u00e9m\u00e1k Az afrikaans, egy nyugati germ\u00e1n nyelv, D\u00e9l-Afrika tizenegy hivatalos nyelv\u00e9nek egyike, \u00e9s k\u00f6r\u00fclbel\u00fcl 6 milli\u00f3 ember besz\u00e9li. Az\" \/>\n<meta property=\"og:url\" content=\"https:\/\/talkpal.ai\/hu\/afrikaans-nyelvtani-gyakorlatok\/\" \/>\n<meta property=\"og:site_name\" content=\"Talkpal\" \/>\n<meta property=\"article:publisher\" content=\"https:\/\/www.facebook.com\/profile.php?id=100090733639311\" \/>\n<meta property=\"article:modified_time\" content=\"2025-05-23T14:06:59+00:00\" \/>\n<meta property=\"og:image\" content=\"https:\/\/talkpal.ai\/wp-content\/uploads\/2023\/05\/south-africa.png\" \/>\n\t<meta property=\"og:image:width\" content=\"512\" \/>\n\t<meta property=\"og:image:height\" content=\"512\" \/>\n\t<meta property=\"og:image:type\" content=\"image\/png\" \/>\n<meta name=\"twitter:card\" content=\"summary_large_image\" \/>\n<meta name=\"twitter:site\" content=\"@talkpalai\" \/>\n<meta name=\"twitter:label1\" content=\"Becs\u00fclt olvas\u00e1si id\u0151\" \/>\n\t<meta name=\"twitter:data1\" content=\"3 perc\" \/>\n<script type=\"application\/ld+json\" class=\"yoast-schema-graph\">{\"@context\":\"https:\/\/schema.org\",\"@graph\":[{\"@type\":\"WebPage\",\"@id\":\"https:\/\/talkpal.ai\/hu\/afrikaans-nyelvtani-gyakorlatok\/\",\"url\":\"https:\/\/talkpal.ai\/hu\/afrikaans-nyelvtani-gyakorlatok\/\",\"name\":\"Afrikaans nyelvtani gyakorlatok - Talkpal\",\"isPartOf\":{\"@id\":\"https:\/\/talkpal.ai\/hu\/#website\"},\"primaryImageOfPage\":{\"@id\":\"https:\/\/talkpal.ai\/hu\/afrikaans-nyelvtani-gyakorlatok\/#primaryimage\"},\"image\":{\"@id\":\"https:\/\/talkpal.ai\/hu\/afrikaans-nyelvtani-gyakorlatok\/#primaryimage\"},\"thumbnailUrl\":\"https:\/\/talkpal.ai\/wp-content\/uploads\/2023\/05\/south-africa.png\",\"datePublished\":\"2023-06-16T11:18:42+00:00\",\"dateModified\":\"2025-05-23T14:06:59+00:00\",\"description\":\"Saj\u00e1t\u00edtsa el az afrikaans nyelvet a nyelvtani gyakorlatok seg\u00edts\u00e9g\u00e9vel, amelyek c\u00e9lja a nyelvtud\u00e1s \u00e9s a foly\u00e9kony nyelvtud\u00e1s fejleszt\u00e9se.\",\"breadcrumb\":{\"@id\":\"https:\/\/talkpal.ai\/hu\/afrikaans-nyelvtani-gyakorlatok\/#breadcrumb\"},\"inLanguage\":\"hu\",\"potentialAction\":[{\"@type\":\"ReadAction\",\"target\":[\"https:\/\/talkpal.ai\/hu\/afrikaans-nyelvtani-gyakorlatok\/\"]}]},{\"@type\":\"ImageObject\",\"inLanguage\":\"hu\",\"@id\":\"https:\/\/talkpal.ai\/hu\/afrikaans-nyelvtani-gyakorlatok\/#primaryimage\",\"url\":\"https:\/\/talkpal.ai\/wp-content\/uploads\/2023\/05\/south-africa.png\",\"contentUrl\":\"https:\/\/talkpal.ai\/wp-content\/uploads\/2023\/05\/south-africa.png\",\"width\":512,\"height\":512},{\"@type\":\"BreadcrumbList\",\"@id\":\"https:\/\/talkpal.ai\/hu\/afrikaans-nyelvtani-gyakorlatok\/#breadcrumb\",\"itemListElement\":[{\"@type\":\"ListItem\",\"position\":1,\"name\":\"Homepage\",\"item\":\"https:\/\/talkpal.ai\/hu\/\"},{\"@type\":\"ListItem\",\"position\":2,\"name\":\"Afrikaans nyelvtani gyakorlatok\"}]},{\"@type\":\"WebSite\",\"@id\":\"https:\/\/talkpal.ai\/hu\/#website\",\"url\":\"https:\/\/talkpal.ai\/hu\/\",\"name\":\"Talkpal\",\"description\":\"AI Language Learning\",\"publisher\":{\"@id\":\"https:\/\/talkpal.ai\/hu\/#organization\"},\"alternateName\":\"Talkpal AI\",\"potentialAction\":[{\"@type\":\"SearchAction\",\"target\":{\"@type\":\"EntryPoint\",\"urlTemplate\":\"https:\/\/talkpal.ai\/hu\/?s={search_term_string}\"},\"query-input\":{\"@type\":\"PropertyValueSpecification\",\"valueRequired\":true,\"valueName\":\"search_term_string\"}}],\"inLanguage\":\"hu\"},{\"@type\":\"Organization\",\"@id\":\"https:\/\/talkpal.ai\/hu\/#organization\",\"name\":\"Talkpal, Inc.\",\"alternateName\":\"Talkpal AI\",\"url\":\"https:\/\/talkpal.ai\/hu\/\",\"logo\":{\"@type\":\"ImageObject\",\"inLanguage\":\"hu\",\"@id\":\"https:\/\/talkpal.ai\/hu\/#\/schema\/logo\/image\/\",\"url\":\"https:\/\/talkpal.ai\/wp-content\/uploads\/2024\/03\/Talkpal-Logo-Icon.png\",\"contentUrl\":\"https:\/\/talkpal.ai\/wp-content\/uploads\/2024\/03\/Talkpal-Logo-Icon.png\",\"width\":2880,\"height\":2880,\"caption\":\"Talkpal, Inc.\"},\"image\":{\"@id\":\"https:\/\/talkpal.ai\/hu\/#\/schema\/logo\/image\/\"},\"sameAs\":[\"https:\/\/www.facebook.com\/profile.php?id=100090733639311\",\"https:\/\/x.com\/talkpalai\",\"https:\/\/www.linkedin.com\/company\/talkpal\/\",\"https:\/\/www.youtube.com\/@TalkPal\/\",\"https:\/\/www.tiktok.com\/@talkpal\",\"https:\/\/www.instagram.com\/talkpal_ai\/\",\"https:\/\/www.crunchbase.com\/organization\/talkpal-9cde\",\"https:\/\/www.g2.com\/products\/talkpal-for-business\/\",\"https:\/\/www.trustpilot.com\/review\/talkpal.ai\",\"https:\/\/www.capterra.com\/p\/10006800\/TalkPal\/\"],\"description\":\"Talkpal is a language learning web and mobile education app, powered by the latest AI technologies, that provides engaging experiences to its customers in many different languages to help them improve their language skills. Users can chat about unlimited amount of topics with the app and use other modes to practice their language learning.\",\"email\":\"support@talkpal.ai\",\"legalName\":\"Talkpal, Inc.\",\"foundingDate\":\"2023-04-03\",\"duns\":\"118989042\",\"numberOfEmployees\":{\"@type\":\"QuantitativeValue\",\"minValue\":\"11\",\"maxValue\":\"50\"},\"publishingPrinciples\":\"https:\/\/talkpal.ai\/publishing-principles\/\",\"actionableFeedbackPolicy\":\"https:\/\/talkpal.ai\/actionable-feedback-policy\/\",\"correctionsPolicy\":\"https:\/\/talkpal.ai\/corrections-policy\/\",\"ethicsPolicy\":\"https:\/\/talkpal.ai\/ethics-policy\/\",\"diversityPolicy\":\"https:\/\/talkpal.ai\/diversity-policy\/\",\"diversityStaffingReport\":\"https:\/\/talkpal.ai\/diversity-policy\/\"}]}<\/script>\n<!-- \/ Yoast SEO Premium plugin. -->","yoast_head_json":{"title":"Afrikaans nyelvtani gyakorlatok - Talkpal","description":"Saj\u00e1t\u00edtsa el az afrikaans nyelvet a nyelvtani gyakorlatok seg\u00edts\u00e9g\u00e9vel, amelyek c\u00e9lja a nyelvtud\u00e1s \u00e9s a foly\u00e9kony nyelvtud\u00e1s fejleszt\u00e9se.","robots":{"index":"index","follow":"follow","max-snippet":"max-snippet:-1","max-image-preview":"max-image-preview:large","max-video-preview":"max-video-preview:-1"},"canonical":"https:\/\/talkpal.ai\/hu\/afrikaans-nyelvtani-gyakorlatok\/","og_locale":"hu_HU","og_type":"article","og_title":"Afrikaans nyelvtani gyakorlatok","og_description":"Afrikaans nyelvtani t\u00e9m\u00e1k Az afrikaans, egy nyugati germ\u00e1n nyelv, D\u00e9l-Afrika tizenegy hivatalos nyelv\u00e9nek egyike, \u00e9s k\u00f6r\u00fclbel\u00fcl 6 milli\u00f3 ember besz\u00e9li. Az","og_url":"https:\/\/talkpal.ai\/hu\/afrikaans-nyelvtani-gyakorlatok\/","og_site_name":"Talkpal","article_publisher":"https:\/\/www.facebook.com\/profile.php?id=100090733639311","article_modified_time":"2025-05-23T14:06:59+00:00","og_image":[{"width":512,"height":512,"url":"https:\/\/talkpal.ai\/wp-content\/uploads\/2023\/05\/south-africa.png","type":"image\/png"}],"twitter_card":"summary_large_image","twitter_site":"@talkpalai","twitter_misc":{"Becs\u00fclt olvas\u00e1si id\u0151":"3 perc"},"schema":{"@context":"https:\/\/schema.org","@graph":[{"@type":"WebPage","@id":"https:\/\/talkpal.ai\/hu\/afrikaans-nyelvtani-gyakorlatok\/","url":"https:\/\/talkpal.ai\/hu\/afrikaans-nyelvtani-gyakorlatok\/","name":"Afrikaans nyelvtani gyakorlatok - Talkpal","isPartOf":{"@id":"https:\/\/talkpal.ai\/hu\/#website"},"primaryImageOfPage":{"@id":"https:\/\/talkpal.ai\/hu\/afrikaans-nyelvtani-gyakorlatok\/#primaryimage"},"image":{"@id":"https:\/\/talkpal.ai\/hu\/afrikaans-nyelvtani-gyakorlatok\/#primaryimage"},"thumbnailUrl":"https:\/\/talkpal.ai\/wp-content\/uploads\/2023\/05\/south-africa.png","datePublished":"2023-06-16T11:18:42+00:00","dateModified":"2025-05-23T14:06:59+00:00","description":"Saj\u00e1t\u00edtsa el az afrikaans nyelvet a nyelvtani gyakorlatok seg\u00edts\u00e9g\u00e9vel, amelyek c\u00e9lja a nyelvtud\u00e1s \u00e9s a foly\u00e9kony nyelvtud\u00e1s fejleszt\u00e9se.","breadcrumb":{"@id":"https:\/\/talkpal.ai\/hu\/afrikaans-nyelvtani-gyakorlatok\/#breadcrumb"},"inLanguage":"hu","potentialAction":[{"@type":"ReadAction","target":["https:\/\/talkpal.ai\/hu\/afrikaans-nyelvtani-gyakorlatok\/"]}]},{"@type":"ImageObject","inLanguage":"hu","@id":"https:\/\/talkpal.ai\/hu\/afrikaans-nyelvtani-gyakorlatok\/#primaryimage","url":"https:\/\/talkpal.ai\/wp-content\/uploads\/2023\/05\/south-africa.png","contentUrl":"https:\/\/talkpal.ai\/wp-content\/uploads\/2023\/05\/south-africa.png","width":512,"height":512},{"@type":"BreadcrumbList","@id":"https:\/\/talkpal.ai\/hu\/afrikaans-nyelvtani-gyakorlatok\/#breadcrumb","itemListElement":[{"@type":"ListItem","position":1,"name":"Homepage","item":"https:\/\/talkpal.ai\/hu\/"},{"@type":"ListItem","position":2,"name":"Afrikaans nyelvtani gyakorlatok"}]},{"@type":"WebSite","@id":"https:\/\/talkpal.ai\/hu\/#website","url":"https:\/\/talkpal.ai\/hu\/","name":"Talkpal","description":"AI Language Learning","publisher":{"@id":"https:\/\/talkpal.ai\/hu\/#organization"},"alternateName":"Talkpal AI","potentialAction":[{"@type":"SearchAction","target":{"@type":"EntryPoint","urlTemplate":"https:\/\/talkpal.ai\/hu\/?s={search_term_string}"},"query-input":{"@type":"PropertyValueSpecification","valueRequired":true,"valueName":"search_term_string"}}],"inLanguage":"hu"},{"@type":"Organization","@id":"https:\/\/talkpal.ai\/hu\/#organization","name":"Talkpal, Inc.","alternateName":"Talkpal AI","url":"https:\/\/talkpal.ai\/hu\/","logo":{"@type":"ImageObject","inLanguage":"hu","@id":"https:\/\/talkpal.ai\/hu\/#\/schema\/logo\/image\/","url":"https:\/\/talkpal.ai\/wp-content\/uploads\/2024\/03\/Talkpal-Logo-Icon.png","contentUrl":"https:\/\/talkpal.ai\/wp-content\/uploads\/2024\/03\/Talkpal-Logo-Icon.png","width":2880,"height":2880,"caption":"Talkpal, Inc."},"image":{"@id":"https:\/\/talkpal.ai\/hu\/#\/schema\/logo\/image\/"},"sameAs":["https:\/\/www.facebook.com\/profile.php?id=100090733639311","https:\/\/x.com\/talkpalai","https:\/\/www.linkedin.com\/company\/talkpal\/","https:\/\/www.youtube.com\/@TalkPal\/","https:\/\/www.tiktok.com\/@talkpal","https:\/\/www.instagram.com\/talkpal_ai\/","https:\/\/www.crunchbase.com\/organization\/talkpal-9cde","https:\/\/www.g2.com\/products\/talkpal-for-business\/","https:\/\/www.trustpilot.com\/review\/talkpal.ai","https:\/\/www.capterra.com\/p\/10006800\/TalkPal\/"],"description":"Talkpal is a language learning web and mobile education app, powered by the latest AI technologies, that provides engaging experiences to its customers in many different languages to help them improve their language skills. Users can chat about unlimited amount of topics with the app and use other modes to practice their language learning.","email":"support@talkpal.ai","legalName":"Talkpal, Inc.","foundingDate":"2023-04-03","duns":"118989042","numberOfEmployees":{"@type":"QuantitativeValue","minValue":"11","maxValue":"50"},"publishingPrinciples":"https:\/\/talkpal.ai\/publishing-principles\/","actionableFeedbackPolicy":"https:\/\/talkpal.ai\/actionable-feedback-policy\/","correctionsPolicy":"https:\/\/talkpal.ai\/corrections-policy\/","ethicsPolicy":"https:\/\/talkpal.ai\/ethics-policy\/","diversityPolicy":"https:\/\/talkpal.ai\/diversity-policy\/","diversityStaffingReport":"https:\/\/talkpal.ai\/diversity-policy\/"}]}},"_links":{"self":[{"href":"https:\/\/talkpal.ai\/hu\/wp-json\/wp\/v2\/pages\/154275","targetHints":{"allow":["GET"]}}],"collection":[{"href":"https:\/\/talkpal.ai\/hu\/wp-json\/wp\/v2\/pages"}],"about":[{"href":"https:\/\/talkpal.ai\/hu\/wp-json\/wp\/v2\/types\/page"}],"author":[{"embeddable":true,"href":"https:\/\/talkpal.ai\/hu\/wp-json\/wp\/v2\/users\/6"}],"replies":[{"embeddable":true,"href":"https:\/\/talkpal.ai\/hu\/wp-json\/wp\/v2\/comments?post=154275"}],"version-history":[{"count":0,"href":"https:\/\/talkpal.ai\/hu\/wp-json\/wp\/v2\/pages\/154275\/revisions"}],"wp:featuredmedia":[{"embeddable":true,"href":"https:\/\/talkpal.ai\/hu\/wp-json\/wp\/v2\/media\/108912"}],"wp:attachment":[{"href":"https:\/\/talkpal.ai\/hu\/wp-json\/wp\/v2\/media?parent=154275"}],"curies":[{"name":"wp","href":"https:\/\/api.w.org\/{rel}","templated":true}]}}