{"id":153766,"date":"2023-05-14T14:25:05","date_gmt":"2023-05-14T14:25:05","guid":{"rendered":"http:\/\/talkpal.ai\/szuaheli-nyelvtan\/"},"modified":"2025-12-13T15:52:00","modified_gmt":"2025-12-13T15:52:00","slug":"szuaheli-nyelvtan","status":"publish","type":"page","link":"https:\/\/talkpal.ai\/hu\/szuaheli-nyelvtan\/","title":{"rendered":"Szuah\u00e9li nyelvtan"},"content":{"rendered":"\r\n\r\n\r\n<section class=\"languageChallengeSection\">\r\n    <div class=\"languageInfoWrapper\">\r\n        \r\n        <h1>Szuah\u00e9li nyelvtan<\/h1>\r\n        <p>Fejtse meg a <a href=\"https:\/\/talkpal.ai\/swahili-grammar\/\">szuah\u00e9li nyelvtan<\/a> titkait, \u00e9s fejlessze nyelvtud\u00e1s\u00e1t a leck\u00e9k \u00e9s a val\u00f3s \u00e9letb\u0151l vett p\u00e9ld\u00e1k seg\u00edts\u00e9g\u00e9vel. Mer\u00fclj\u00f6n el a mondatszerkezet, az igem\u00f3dok \u00e9s az alapvet\u0151 nyelvtani szab\u00e1lyok alapjaiban. Gyakorolja a tanultakat a meg\u00e9rt\u00e9st meger\u0151s\u00edt\u0151 interakt\u00edv gyakorlatokkal. Kezdje el elsaj\u00e1t\u00edtani a <a href=\"https:\/\/talkpal.ai\/learn-swahili\/\">szuah\u00e9li<\/a> nyelvtant m\u00e9g ma, \u00e9s kommunik\u00e1ljon magabiztosabban!<\/p>\r\n\r\n                            <a class=\"getStartedHidden\" href=\"https:\/\/app.talkpal.ai\/hu\/signup?lng=\">Kezdj\u00fck<\/a>\r\n        \r\n    <\/div>\r\n\r\n    <figure>\r\n    <img decoding=\"async\" width=\"768\" height=\"768\" src=\"https:\/\/talkpal.ai\/wp-content\/uploads\/2023\/06\/Swahili-768x768.png\" class=\"languageImage no-lazy\" alt=\"Secrets to master language learning\" fetchpriority=\"high\" sizes=\"(max-width: 768px) 150px, 768px\" srcset=\"https:\/\/talkpal.ai\/wp-content\/uploads\/2023\/06\/Swahili-768x768.png 768w, https:\/\/talkpal.ai\/wp-content\/uploads\/2023\/06\/Swahili-300x300.png 300w\" \/>\r\n    \r\n\r\n    <\/figure>\r\n\r\n            <a class=\"getStartedVisible\" href=\"https:\/\/app.talkpal.ai\/hu\/signup?lng=\">Kezdj\u00fck<\/a>\r\n    \r\n<\/section>\r\n<section class=\"promotionalBanner\">\r\n    <p class=\"promotionalText\">A nyelvtanul\u00e1s leghat\u00e9konyabb m\u00f3dja<\/p>\r\n    <a class=\"promotionalLink\" href=\"https:\/\/app.talkpal.ai\/hu\/signup?lng=\">Pr\u00f3b\u00e1lja ki a Talkpal ingyen<\/a>\r\n<\/section>\n<div class=\"wp-block-group pageContainerStyle\"><div class=\"wp-block-group__inner-container is-layout-constrained wp-block-group-is-layout-constrained\">\n<h2 class=\"wp-block-heading\" id=\"h-swahili-grammar-demystifying-the-linguistic-adventure\">Szuah\u00e9li nyelvtan: A nyelvi kaland demisztifik\u00e1l\u00e1sa<\/h2>\n\n\n\n<p>Szuah\u00e9li <a href=\"https:\/\/talkpal.ai\/grammar\/\">nyelvtan<\/a> &#8211; h\u00edvogat\u00f3, m\u00e9gis rejt\u00e9lyes, foly\u00e9kony, m\u00e9gis \u00e9rdekes, vibr\u00e1l\u00f3, m\u00e9gis leny\u0171g\u00f6z\u0151. Ahogy megkezdi nyelvi utaz\u00e1s\u00e1t a szuah\u00e9li nyelvbe, az elb\u0171v\u00f6l\u00e9s \u00e9s a bizonytalans\u00e1g kever\u00e9k\u00e9vel tal\u00e1lkozhat. Ne izguljatok, nyelvfanatikus t\u00e1rsaim! Az\u00e9rt vagyunk itt, hogy seg\u00edts\u00fcnk eligazodni ezeken az izgalmas nyelvi vizeken!<\/p>\n\n\n\n<p>Ebben a cikkben \u00e1tfog\u00f3 \u00e1ttekint\u00e9st ny\u00fajtunk a szuah\u00e9li nyelvtanr\u00f3l, felt\u00e1rjuk a legfontosabb \u00f6sszetev\u0151ket, magyar\u00e1zatokat \u00e9s p\u00e9ld\u00e1kat k\u00edn\u00e1lunk, \u00e9s egyszer\u0171s\u00edtj\u00fck a bonyolults\u00e1got. Szabad\u00edtsuk h\u00e1t fel a szuah\u00e9li nyelv var\u00e1zs\u00e1t, \u00e9s fedezz\u00fck fel nyelvtani rejtelmeit!<\/p>\n\n\n\n<h3 class=\"wp-block-heading\" id=\"h-1-noun-classes-from-people-to-abstract-ideas\">1. F\u0151n\u00e9vi oszt\u00e1lyok: az emberekt\u0151l az absztrakt \u00f6tletekig<\/h3>\n\n\n\n<p>A szuah\u00e9li nyelvtan egy jellegzetes, m\u00e9gis l\u00e9nyeges f\u0151n\u00e9vi oszt\u00e1lyoz\u00e1si rendszer k\u00f6r\u00fcl forog. A f\u0151nevek jelent\u00e9s\u00fck vagy jellemz\u0151ik alapj\u00e1n k\u00fcl\u00f6nb\u00f6z\u0151 oszt\u00e1lyokba vannak rendezve, \u00e9s <a href=\"https:\/\/talkpal.ai\/locations\/language-courses-in-minden\/\">minden<\/a> oszt\u00e1lynak <a href=\"https:\/\/talkpal.ai\/locations\/language-courses-in-van\/\">van<\/a> egy meghat\u00e1rozott el\u0151tagja. B\u00e1r ez megf\u00e9leml\u00edt\u0151nek t\u0171nhet, d\u00f6nt\u0151 fontoss\u00e1g\u00fa a f\u0151nevek, mell\u00e9knevek \u00e9s ig\u00e9k k\u00f6z\u00f6tti meg\u00e1llapod\u00e1s kialak\u00edt\u00e1s\u00e1ban.<\/p>\n\n\n\n<p>A folyamat egyszer\u0171s\u00edt\u00e9se \u00e9rdek\u00e9ben kezdje a leggyakoribb f\u0151n\u00e9vi oszt\u00e1lyokra \u00f6sszpontos\u00edtva:<\/p>\n\n\n\n<p><strong>&#8211; 1. oszt\u00e1ly: Emberek (pl. mtu &#8211; person)<\/strong><\/p>\n\n\n\n<p><strong>&#8211; 2. oszt\u00e1ly: Az 1. oszt\u00e1lyba tartoz\u00f3 f\u0151nevek t\u00f6bbes sz\u00e1ma (pl. watu &#8211; emberek)<\/strong><\/p>\n\n\n\n<p><strong>&#8211; oszt\u00e1ly: F\u00e1k, n\u00f6v\u00e9nyek \u00e9s elvont f\u0151nevek (pl. mti &#8211; fa)<\/strong><\/p>\n\n\n\n<p><strong>&#8211; 4. oszt\u00e1ly: \u00c9lettelen t\u00e1rgyak \u00e9s elvont f\u0151nevek (pl. kiti &#8211; sz\u00e9k)<\/strong><\/p>\n\n\n\n<p>Ne feledje, hogy a gyakorlat teszi a mestert, \u00e9s a f\u0151n\u00e9vi oszt\u00e1lyok meg\u00e9rt\u00e9se id\u0151vel k\u00f6nnyebb\u00e9 v\u00e1lik!<\/p>\n\n\n\n<h3 class=\"wp-block-heading\" id=\"h-2-adjectives-from-basic-to-intricate-agreement\">2. Mell\u00e9knevek: az alapokt\u00f3l a bonyolult meg\u00e1llapod\u00e1sig<\/h3>\n\n\n\n<p>A szuah\u00e9li mell\u00e9knevek megegyeznek az \u00e1ltaluk m\u00f3dos\u00edtott f\u0151n\u00e9vi oszt\u00e1llyal \u00e9s sz\u00e1mmal. Ennek eredm\u00e9nyek\u00e9nt a mell\u00e9kneveknek t\u00f6bb el\u0151tagja van, amelyek megfelelnek a k\u00fcl\u00f6nb\u00f6z\u0151 f\u0151n\u00e9vi oszt\u00e1lyoknak. A j\u00f3 h\u00edr az, hogy sok mell\u00e9kn\u00e9vnek ugyanaz a gy\u00f6k\u00e9rszava, <a href=\"https:\/\/talkpal.ai\/locations\/language-courses-in-ami\/\">ami<\/a> k\u00f6nnyebben megtanulhat\u00f3v\u00e1 teszi \u0151ket.<\/p>\n\n\n\n<p>P\u00e9ld\u00e1ul a &#8222;-refu&#8221; gy\u00f6k &#8222;hossz\u00fat&#8221; jelent. A f\u0151n\u00e9v oszt\u00e1ly\u00e1t\u00f3l f\u00fcgg\u0151en megjelenhet &#8222;mrefu&#8221; (1. oszt\u00e1ly), &#8222;wazuri&#8221; (2. oszt\u00e1ly), &#8222;jurefu&#8221; (3. oszt\u00e1ly) \u00e9s \u00edgy tov\u00e1bb. Gyakorl\u00e1ssal a mell\u00e9kn\u00e9v-f\u0151n\u00e9v meg\u00e1llapod\u00e1s megragad\u00e1sa szell\u0151 lesz!<\/p>\n\n\n\n<h3 class=\"wp-block-heading\" id=\"h-3-verbs-tense-subject-and-object\">3. Ig\u00e9k: igeid\u0151, alany \u00e9s t\u00e1rgy<\/h3>\n\n\n\n<p>A szuah\u00e9li ig\u00e9k olyanok, mint a hat\u00e9kony sv\u00e1jci katonai k\u00e9sek, t\u00f6m\u00f6ren k\u00f6zvet\u00edtik az igeid\u0151t, az alanyt \u00e9s a t\u00e1rgyat, mindezt egy \u00fcgyes csomagban. Az igeid\u0151k \u00fagy j\u00f6nnek l\u00e9tre, hogy igeid\u0151t jel\u00f6lnek az igegy\u00f6k\u00e9rhez, m\u00edg az alany- \u00e9s t\u00e1rgyjel\u00f6l\u0151k kifejezik, hogy ki vesz r\u00e9szt a cselekv\u00e9sben.<\/p>\n\n\n\n<p>A &#8222;-soma&#8221; gy\u00f6k p\u00e9ld\u00e1ul azt jelenti, hogy &#8222;olvasni&#8221;. K\u00fcl\u00f6nb\u00f6z\u0151 el\u0151tagok \u00e9s ut\u00f3tagok hozz\u00e1ad\u00e1s\u00e1val sz\u00e1mos vari\u00e1ci\u00f3t hozhat l\u00e9tre: &#8222;anasoma&#8221; (olvas), &#8222;alisoma&#8221; (olvas), vagy &#8222;atasoma&#8221; (olvasni fog).<\/p>\n\n\n\n<h3 class=\"wp-block-heading\" id=\"h-4-word-order-subject-verb-object-for-clarity\">4. Sz\u00f3rend : t\u00e1rgy-ige-t\u00e1rgy az egy\u00e9rtelm\u0171s\u00e9g \u00e9rdek\u00e9ben<\/h3>\n\n\n\n<p>A szuah\u00e9li egy egyszer\u0171, m\u00e9gis vil\u00e1gos Subject-Verb-Object (SVO) sz\u00f3rend k\u00f6veti, hasonl\u00f3an az angolhoz, ami kev\u00e9sb\u00e9 ijeszt\u0151v\u00e9 teszi a mondatszerkeszt\u00e9st. P\u00e9ld\u00e1ul a &#8222;Mwanafunzi anasoma kitabu&#8221; k\u00f6zvetlen\u00fcl azt jelenti, hogy &#8222;A di\u00e1k (alany) olvas (ige) k\u00f6nyvet (t\u00e1rgy)&#8221;.<\/p>\n\n\n\n<h3 class=\"wp-block-heading\" id=\"h-5-embrace-the-challenges-practice-is-key\">5. Fogadja el a kih\u00edv\u00e1sokat: A gyakorlat kulcsfontoss\u00e1g\u00fa<\/h3>\n\n\n\n<p>A szuah\u00e9li nyelvtanba val\u00f3 mer\u00fcl\u00e9s eleinte kiss\u00e9 nyomaszt\u00f3nak t\u0171nhet. Ne feledje azonban, hogy a t\u00fcrelem, a gyakorlat \u00e9s a kitart\u00e1s a siker titka. Vegyen r\u00e9szt a nyelvben olvas\u00e1s, \u00edr\u00e1s, hallgat\u00e1s \u00e9s besz\u00e9d r\u00e9v\u00e9n, hogy jav\u00edtsa meg\u00e9rt\u00e9s\u00e9t \u00e9s magabiztoss\u00e1g\u00e1t.<\/p>\n\n\n\n<p>Teh\u00e1t k\u00e9szen \u00e1llsz arra, hogy felfedezd a szuah\u00e9li nyelvtan csod\u00e1it? Fogadja el bonyolults\u00e1g\u00e1t, \u00e9lvezze az \u00e1rnyalatokat, \u00e9s ne feledje, hogy odaad\u00e1ssal \u00e9s lelkesed\u00e9ssel felt\u00e1rhatja a szuah\u00e9li nyelv val\u00f3di sz\u00e9ps\u00e9g\u00e9t. Bahati njema! (Sok szerencs\u00e9t!)<\/p>\n<\/div><\/div>\n\r\n<section class=\"learnNavigationSection\">\r\n            \r\n        <a href=\"https:\/\/talkpal.ai\/hu\/tanulj-szuaheli-nyelven\/\">\r\n            <div class=\"learnNavigationWrapper\">\r\n                <div class=\"learnNavigationContent\">\r\n                    <img decoding=\"async\" src=\"https:\/\/talkpal.ai\/wp-content\/uploads\/2024\/08\/Swahili.jpg\" alt=\"Kenya and Tanzania Flags\">\r\n                    <div>\r\n                        <h4>A szuah\u00e9li nyelvtanul\u00e1sr\u00f3l<\/h4>\r\n                        <p>Tudjon meg mindent a szuah\u00e9li nyelvtanr\u00f3l.<\/p>\r\n                    <\/div>\r\n                <\/div>\r\n            <\/div>\r\n        <\/a>\r\n\r\n        \r\n        <a href=\"https:\/\/talkpal.ai\/hu\/szuaheli-nyelvtani-gyakorlatok\/\">\r\n            <div class=\"learnNavigationWrapper\">\r\n                <div class=\"learnNavigationContent\">\r\n                    <img decoding=\"async\" src=\"https:\/\/talkpal.ai\/wp-content\/uploads\/2024\/08\/Swahili.jpg\" alt=\"Kenya and Tanzania Flags\">\r\n                    <div>\r\n                        <h4>Szuah\u00e9li nyelvtani gyakorlat<\/h4>\r\n                        <p>Gyakorold a szuah\u00e9li nyelvtant.<\/p>\r\n                    <\/div>\r\n                <\/div>\r\n            <\/div>\r\n        <\/a>\r\n\r\n        \r\n        <a href=\"https:\/\/talkpal.ai\/vocabulary_language\/swahili\/\">\r\n            <div class=\"learnNavigationWrapper\">\r\n                <div class=\"learnNavigationContent\">\r\n                    <img decoding=\"async\" src=\"https:\/\/talkpal.ai\/wp-content\/uploads\/2024\/08\/Swahili.jpg\" alt=\"Kenya and Tanzania Flags\">\r\n                    <div>\r\n                        <h4>Szuah\u00e9li sz\u00f3kincs<\/h4>\r\n                        <p>B\u0151v\u00edtse szuah\u00e9li sz\u00f3kincs\u00e9t.<\/p>\r\n                    <\/div>\r\n                <\/div>\r\n            <\/div>\r\n        <\/a>\r\n\r\n            <\/section>","protected":false},"excerpt":{"rendered":"<p>Szuah\u00e9li nyelvtan: A nyelvi kaland demisztifik\u00e1l\u00e1sa Szuah\u00e9li nyelvtan &#8211; h\u00edvogat\u00f3, m\u00e9gis rejt\u00e9lyes, foly\u00e9kony, m\u00e9gis \u00e9rdekes, vibr\u00e1l\u00f3, m\u00e9gis leny\u0171g\u00f6z\u0151. Ahogy megkezdi nyelvi utaz\u00e1s\u00e1t a szuah\u00e9li nyelvbe, az elb\u0171v\u00f6l\u00e9s \u00e9s a bizonytalans\u00e1g kever\u00e9k\u00e9vel tal\u00e1lkozhat. Ne izguljatok, nyelvfanatikus t\u00e1rsaim! Az\u00e9rt vagyunk itt, hogy seg\u00edts\u00fcnk eligazodni ezeken az izgalmas nyelvi vizeken! Ebben a cikkben \u00e1tfog\u00f3 \u00e1ttekint\u00e9st ny\u00fajtunk a szuah\u00e9li [&hellip;]<\/p>\n","protected":false},"author":1,"featured_media":119181,"parent":0,"menu_order":0,"comment_status":"closed","ping_status":"closed","template":"LearningContentPage.php","meta":{"_acf_changed":false,"footnotes":""},"class_list":["post-153766","page","type-page","status-publish","has-post-thumbnail","hentry"],"acf":[],"yoast_head":"<!-- This site is optimized with the Yoast SEO Premium plugin v27.2 (Yoast SEO v27.2) - https:\/\/yoast.com\/product\/yoast-seo-premium-wordpress\/ -->\n<title>Szuah\u00e9li nyelvtan - Talkpal<\/title>\n<meta name=\"description\" content=\"Fejtse meg a szuah\u00e9li nyelvtan titkait \u00e1tfog\u00f3 \u00fatmutat\u00f3nkkal! Fedezze fel az egyedi f\u0151n\u00e9voszt\u00e1lyokat \u00e9s a legfontosabb \u00f6sszetev\u0151ket.\" \/>\n<meta name=\"robots\" content=\"index, follow, max-snippet:-1, max-image-preview:large, max-video-preview:-1\" \/>\n<link rel=\"canonical\" href=\"https:\/\/talkpal.ai\/hu\/szuaheli-nyelvtan\/\" \/>\n<meta property=\"og:locale\" content=\"hu_HU\" \/>\n<meta property=\"og:type\" content=\"article\" \/>\n<meta property=\"og:title\" content=\"Szuah\u00e9li nyelvtan\" \/>\n<meta property=\"og:description\" content=\"Szuah\u00e9li nyelvtan: A nyelvi kaland demisztifik\u00e1l\u00e1sa Szuah\u00e9li nyelvtan - h\u00edvogat\u00f3, m\u00e9gis rejt\u00e9lyes, foly\u00e9kony, m\u00e9gis \u00e9rdekes, vibr\u00e1l\u00f3, m\u00e9gis leny\u0171g\u00f6z\u0151.\" \/>\n<meta property=\"og:url\" content=\"https:\/\/talkpal.ai\/hu\/szuaheli-nyelvtan\/\" \/>\n<meta property=\"og:site_name\" content=\"Talkpal\" \/>\n<meta property=\"article:publisher\" content=\"https:\/\/www.facebook.com\/profile.php?id=100090733639311\" \/>\n<meta property=\"article:modified_time\" content=\"2025-12-13T15:52:00+00:00\" \/>\n<meta property=\"og:image\" content=\"https:\/\/talkpal.ai\/wp-content\/uploads\/2023\/05\/Swahili-tanzania.png\" \/>\n\t<meta property=\"og:image:width\" content=\"512\" \/>\n\t<meta property=\"og:image:height\" content=\"512\" \/>\n\t<meta property=\"og:image:type\" content=\"image\/png\" \/>\n<meta name=\"twitter:card\" content=\"summary_large_image\" \/>\n<meta name=\"twitter:site\" content=\"@talkpalai\" \/>\n<meta name=\"twitter:label1\" content=\"Becs\u00fclt olvas\u00e1si id\u0151\" \/>\n\t<meta name=\"twitter:data1\" content=\"4 perc\" \/>\n<script type=\"application\/ld+json\" class=\"yoast-schema-graph\">{\"@context\":\"https:\/\/schema.org\",\"@graph\":[{\"@type\":\"WebPage\",\"@id\":\"https:\/\/talkpal.ai\/hu\/szuaheli-nyelvtan\/\",\"url\":\"https:\/\/talkpal.ai\/hu\/szuaheli-nyelvtan\/\",\"name\":\"Szuah\u00e9li nyelvtan - Talkpal\",\"isPartOf\":{\"@id\":\"https:\/\/talkpal.ai\/hu\/#website\"},\"primaryImageOfPage\":{\"@id\":\"https:\/\/talkpal.ai\/hu\/szuaheli-nyelvtan\/#primaryimage\"},\"image\":{\"@id\":\"https:\/\/talkpal.ai\/hu\/szuaheli-nyelvtan\/#primaryimage\"},\"thumbnailUrl\":\"https:\/\/talkpal.ai\/wp-content\/uploads\/2023\/05\/Swahili-tanzania.png\",\"datePublished\":\"2023-05-14T14:25:05+00:00\",\"dateModified\":\"2025-12-13T15:52:00+00:00\",\"description\":\"Fejtse meg a szuah\u00e9li nyelvtan titkait \u00e1tfog\u00f3 \u00fatmutat\u00f3nkkal! Fedezze fel az egyedi f\u0151n\u00e9voszt\u00e1lyokat \u00e9s a legfontosabb \u00f6sszetev\u0151ket.\",\"breadcrumb\":{\"@id\":\"https:\/\/talkpal.ai\/hu\/szuaheli-nyelvtan\/#breadcrumb\"},\"inLanguage\":\"hu\",\"potentialAction\":[{\"@type\":\"ReadAction\",\"target\":[\"https:\/\/talkpal.ai\/hu\/szuaheli-nyelvtan\/\"]}]},{\"@type\":\"ImageObject\",\"inLanguage\":\"hu\",\"@id\":\"https:\/\/talkpal.ai\/hu\/szuaheli-nyelvtan\/#primaryimage\",\"url\":\"https:\/\/talkpal.ai\/wp-content\/uploads\/2023\/05\/Swahili-tanzania.png\",\"contentUrl\":\"https:\/\/talkpal.ai\/wp-content\/uploads\/2023\/05\/Swahili-tanzania.png\",\"width\":512,\"height\":512},{\"@type\":\"BreadcrumbList\",\"@id\":\"https:\/\/talkpal.ai\/hu\/szuaheli-nyelvtan\/#breadcrumb\",\"itemListElement\":[{\"@type\":\"ListItem\",\"position\":1,\"name\":\"Homepage\",\"item\":\"https:\/\/talkpal.ai\/hu\/\"},{\"@type\":\"ListItem\",\"position\":2,\"name\":\"Szuah\u00e9li nyelvtan\"}]},{\"@type\":\"WebSite\",\"@id\":\"https:\/\/talkpal.ai\/hu\/#website\",\"url\":\"https:\/\/talkpal.ai\/hu\/\",\"name\":\"Talkpal\",\"description\":\"AI Language Learning\",\"publisher\":{\"@id\":\"https:\/\/talkpal.ai\/hu\/#organization\"},\"alternateName\":\"Talkpal AI\",\"potentialAction\":[{\"@type\":\"SearchAction\",\"target\":{\"@type\":\"EntryPoint\",\"urlTemplate\":\"https:\/\/talkpal.ai\/hu\/?s={search_term_string}\"},\"query-input\":{\"@type\":\"PropertyValueSpecification\",\"valueRequired\":true,\"valueName\":\"search_term_string\"}}],\"inLanguage\":\"hu\"},{\"@type\":\"Organization\",\"@id\":\"https:\/\/talkpal.ai\/hu\/#organization\",\"name\":\"Talkpal, Inc.\",\"alternateName\":\"Talkpal AI\",\"url\":\"https:\/\/talkpal.ai\/hu\/\",\"logo\":{\"@type\":\"ImageObject\",\"inLanguage\":\"hu\",\"@id\":\"https:\/\/talkpal.ai\/hu\/#\/schema\/logo\/image\/\",\"url\":\"https:\/\/talkpal.ai\/wp-content\/uploads\/2024\/03\/Talkpal-Logo-Icon.png\",\"contentUrl\":\"https:\/\/talkpal.ai\/wp-content\/uploads\/2024\/03\/Talkpal-Logo-Icon.png\",\"width\":2880,\"height\":2880,\"caption\":\"Talkpal, Inc.\"},\"image\":{\"@id\":\"https:\/\/talkpal.ai\/hu\/#\/schema\/logo\/image\/\"},\"sameAs\":[\"https:\/\/www.facebook.com\/profile.php?id=100090733639311\",\"https:\/\/x.com\/talkpalai\",\"https:\/\/www.linkedin.com\/company\/talkpal\/\",\"https:\/\/www.youtube.com\/@TalkPal\/\",\"https:\/\/www.tiktok.com\/@talkpal\",\"https:\/\/www.instagram.com\/talkpal_ai\/\",\"https:\/\/www.crunchbase.com\/organization\/talkpal-9cde\",\"https:\/\/www.g2.com\/products\/talkpal-for-business\/\",\"https:\/\/www.trustpilot.com\/review\/talkpal.ai\",\"https:\/\/www.capterra.com\/p\/10006800\/TalkPal\/\"],\"description\":\"Talkpal is a language learning web and mobile education app, powered by the latest AI technologies, that provides engaging experiences to its customers in many different languages to help them improve their language skills. Users can chat about unlimited amount of topics with the app and use other modes to practice their language learning.\",\"email\":\"support@talkpal.ai\",\"legalName\":\"Talkpal, Inc.\",\"foundingDate\":\"2023-04-03\",\"duns\":\"118989042\",\"numberOfEmployees\":{\"@type\":\"QuantitativeValue\",\"minValue\":\"11\",\"maxValue\":\"50\"},\"publishingPrinciples\":\"https:\/\/talkpal.ai\/publishing-principles\/\",\"actionableFeedbackPolicy\":\"https:\/\/talkpal.ai\/actionable-feedback-policy\/\",\"correctionsPolicy\":\"https:\/\/talkpal.ai\/corrections-policy\/\",\"ethicsPolicy\":\"https:\/\/talkpal.ai\/ethics-policy\/\",\"diversityPolicy\":\"https:\/\/talkpal.ai\/diversity-policy\/\",\"diversityStaffingReport\":\"https:\/\/talkpal.ai\/diversity-policy\/\"}]}<\/script>\n<!-- \/ Yoast SEO Premium plugin. -->","yoast_head_json":{"title":"Szuah\u00e9li nyelvtan - Talkpal","description":"Fejtse meg a szuah\u00e9li nyelvtan titkait \u00e1tfog\u00f3 \u00fatmutat\u00f3nkkal! Fedezze fel az egyedi f\u0151n\u00e9voszt\u00e1lyokat \u00e9s a legfontosabb \u00f6sszetev\u0151ket.","robots":{"index":"index","follow":"follow","max-snippet":"max-snippet:-1","max-image-preview":"max-image-preview:large","max-video-preview":"max-video-preview:-1"},"canonical":"https:\/\/talkpal.ai\/hu\/szuaheli-nyelvtan\/","og_locale":"hu_HU","og_type":"article","og_title":"Szuah\u00e9li nyelvtan","og_description":"Szuah\u00e9li nyelvtan: A nyelvi kaland demisztifik\u00e1l\u00e1sa Szuah\u00e9li nyelvtan - h\u00edvogat\u00f3, m\u00e9gis rejt\u00e9lyes, foly\u00e9kony, m\u00e9gis \u00e9rdekes, vibr\u00e1l\u00f3, m\u00e9gis leny\u0171g\u00f6z\u0151.","og_url":"https:\/\/talkpal.ai\/hu\/szuaheli-nyelvtan\/","og_site_name":"Talkpal","article_publisher":"https:\/\/www.facebook.com\/profile.php?id=100090733639311","article_modified_time":"2025-12-13T15:52:00+00:00","og_image":[{"width":512,"height":512,"url":"https:\/\/talkpal.ai\/wp-content\/uploads\/2023\/05\/Swahili-tanzania.png","type":"image\/png"}],"twitter_card":"summary_large_image","twitter_site":"@talkpalai","twitter_misc":{"Becs\u00fclt olvas\u00e1si id\u0151":"4 perc"},"schema":{"@context":"https:\/\/schema.org","@graph":[{"@type":"WebPage","@id":"https:\/\/talkpal.ai\/hu\/szuaheli-nyelvtan\/","url":"https:\/\/talkpal.ai\/hu\/szuaheli-nyelvtan\/","name":"Szuah\u00e9li nyelvtan - Talkpal","isPartOf":{"@id":"https:\/\/talkpal.ai\/hu\/#website"},"primaryImageOfPage":{"@id":"https:\/\/talkpal.ai\/hu\/szuaheli-nyelvtan\/#primaryimage"},"image":{"@id":"https:\/\/talkpal.ai\/hu\/szuaheli-nyelvtan\/#primaryimage"},"thumbnailUrl":"https:\/\/talkpal.ai\/wp-content\/uploads\/2023\/05\/Swahili-tanzania.png","datePublished":"2023-05-14T14:25:05+00:00","dateModified":"2025-12-13T15:52:00+00:00","description":"Fejtse meg a szuah\u00e9li nyelvtan titkait \u00e1tfog\u00f3 \u00fatmutat\u00f3nkkal! Fedezze fel az egyedi f\u0151n\u00e9voszt\u00e1lyokat \u00e9s a legfontosabb \u00f6sszetev\u0151ket.","breadcrumb":{"@id":"https:\/\/talkpal.ai\/hu\/szuaheli-nyelvtan\/#breadcrumb"},"inLanguage":"hu","potentialAction":[{"@type":"ReadAction","target":["https:\/\/talkpal.ai\/hu\/szuaheli-nyelvtan\/"]}]},{"@type":"ImageObject","inLanguage":"hu","@id":"https:\/\/talkpal.ai\/hu\/szuaheli-nyelvtan\/#primaryimage","url":"https:\/\/talkpal.ai\/wp-content\/uploads\/2023\/05\/Swahili-tanzania.png","contentUrl":"https:\/\/talkpal.ai\/wp-content\/uploads\/2023\/05\/Swahili-tanzania.png","width":512,"height":512},{"@type":"BreadcrumbList","@id":"https:\/\/talkpal.ai\/hu\/szuaheli-nyelvtan\/#breadcrumb","itemListElement":[{"@type":"ListItem","position":1,"name":"Homepage","item":"https:\/\/talkpal.ai\/hu\/"},{"@type":"ListItem","position":2,"name":"Szuah\u00e9li nyelvtan"}]},{"@type":"WebSite","@id":"https:\/\/talkpal.ai\/hu\/#website","url":"https:\/\/talkpal.ai\/hu\/","name":"Talkpal","description":"AI Language Learning","publisher":{"@id":"https:\/\/talkpal.ai\/hu\/#organization"},"alternateName":"Talkpal AI","potentialAction":[{"@type":"SearchAction","target":{"@type":"EntryPoint","urlTemplate":"https:\/\/talkpal.ai\/hu\/?s={search_term_string}"},"query-input":{"@type":"PropertyValueSpecification","valueRequired":true,"valueName":"search_term_string"}}],"inLanguage":"hu"},{"@type":"Organization","@id":"https:\/\/talkpal.ai\/hu\/#organization","name":"Talkpal, Inc.","alternateName":"Talkpal AI","url":"https:\/\/talkpal.ai\/hu\/","logo":{"@type":"ImageObject","inLanguage":"hu","@id":"https:\/\/talkpal.ai\/hu\/#\/schema\/logo\/image\/","url":"https:\/\/talkpal.ai\/wp-content\/uploads\/2024\/03\/Talkpal-Logo-Icon.png","contentUrl":"https:\/\/talkpal.ai\/wp-content\/uploads\/2024\/03\/Talkpal-Logo-Icon.png","width":2880,"height":2880,"caption":"Talkpal, Inc."},"image":{"@id":"https:\/\/talkpal.ai\/hu\/#\/schema\/logo\/image\/"},"sameAs":["https:\/\/www.facebook.com\/profile.php?id=100090733639311","https:\/\/x.com\/talkpalai","https:\/\/www.linkedin.com\/company\/talkpal\/","https:\/\/www.youtube.com\/@TalkPal\/","https:\/\/www.tiktok.com\/@talkpal","https:\/\/www.instagram.com\/talkpal_ai\/","https:\/\/www.crunchbase.com\/organization\/talkpal-9cde","https:\/\/www.g2.com\/products\/talkpal-for-business\/","https:\/\/www.trustpilot.com\/review\/talkpal.ai","https:\/\/www.capterra.com\/p\/10006800\/TalkPal\/"],"description":"Talkpal is a language learning web and mobile education app, powered by the latest AI technologies, that provides engaging experiences to its customers in many different languages to help them improve their language skills. Users can chat about unlimited amount of topics with the app and use other modes to practice their language learning.","email":"support@talkpal.ai","legalName":"Talkpal, Inc.","foundingDate":"2023-04-03","duns":"118989042","numberOfEmployees":{"@type":"QuantitativeValue","minValue":"11","maxValue":"50"},"publishingPrinciples":"https:\/\/talkpal.ai\/publishing-principles\/","actionableFeedbackPolicy":"https:\/\/talkpal.ai\/actionable-feedback-policy\/","correctionsPolicy":"https:\/\/talkpal.ai\/corrections-policy\/","ethicsPolicy":"https:\/\/talkpal.ai\/ethics-policy\/","diversityPolicy":"https:\/\/talkpal.ai\/diversity-policy\/","diversityStaffingReport":"https:\/\/talkpal.ai\/diversity-policy\/"}]}},"_links":{"self":[{"href":"https:\/\/talkpal.ai\/hu\/wp-json\/wp\/v2\/pages\/153766","targetHints":{"allow":["GET"]}}],"collection":[{"href":"https:\/\/talkpal.ai\/hu\/wp-json\/wp\/v2\/pages"}],"about":[{"href":"https:\/\/talkpal.ai\/hu\/wp-json\/wp\/v2\/types\/page"}],"author":[{"embeddable":true,"href":"https:\/\/talkpal.ai\/hu\/wp-json\/wp\/v2\/users\/1"}],"replies":[{"embeddable":true,"href":"https:\/\/talkpal.ai\/hu\/wp-json\/wp\/v2\/comments?post=153766"}],"version-history":[{"count":0,"href":"https:\/\/talkpal.ai\/hu\/wp-json\/wp\/v2\/pages\/153766\/revisions"}],"wp:featuredmedia":[{"embeddable":true,"href":"https:\/\/talkpal.ai\/hu\/wp-json\/wp\/v2\/media\/119181"}],"wp:attachment":[{"href":"https:\/\/talkpal.ai\/hu\/wp-json\/wp\/v2\/media?parent=153766"}],"curies":[{"name":"wp","href":"https:\/\/api.w.org\/{rel}","templated":true}]}}