{"id":153449,"date":"2023-05-14T14:24:42","date_gmt":"2023-05-14T14:24:42","guid":{"rendered":"http:\/\/talkpal.ai\/thai-nyelvtan\/"},"modified":"2025-12-13T15:48:12","modified_gmt":"2025-12-13T15:48:12","slug":"thai-nyelvtan","status":"publish","type":"page","link":"https:\/\/talkpal.ai\/hu\/thai-nyelvtan\/","title":{"rendered":"Thai nyelvtan"},"content":{"rendered":"\r\n\r\n\r\n<section class=\"languageChallengeSection\">\r\n    <div class=\"languageInfoWrapper\">\r\n        \r\n        <h1>Thai nyelvtan<\/h1>\r\n        <p>Tanuljon <a href=\"https:\/\/talkpal.ai\/learn-thai\/\">thai<\/a> nyelvtant, \u00e9s tapasztalja meg egy olyan nyelv sz\u00e9ps\u00e9g\u00e9t, amely egyszerre logikus \u00e9s kifejez\u0151. Kezdje el az utaz\u00e1st, \u00e9s nyissa meg az ajt\u00f3t a gondolkod\u00e1s \u00e9s a besz\u00e9d egy leny\u0171g\u00f6z\u0151 m\u00f3dja fel\u00e9!<\/p>\r\n\r\n                            <a class=\"getStartedHidden\" href=\"https:\/\/app.talkpal.ai\/hu\/signup?lng=\">Kezdj\u00fck<\/a>\r\n        \r\n    <\/div>\r\n\r\n    <figure>\r\n    <img decoding=\"async\" width=\"768\" height=\"768\" src=\"https:\/\/talkpal.ai\/wp-content\/uploads\/2023\/06\/thai-768x768.png\" class=\"languageImage no-lazy\" alt=\"Language learning for improved thought process\" fetchpriority=\"high\" sizes=\"(max-width: 768px) 150px, 768px\" srcset=\"https:\/\/talkpal.ai\/wp-content\/uploads\/2023\/06\/thai-768x768.png 768w, https:\/\/talkpal.ai\/wp-content\/uploads\/2023\/06\/thai-300x300.png 300w\" \/>\r\n    \r\n\r\n    <\/figure>\r\n\r\n            <a class=\"getStartedVisible\" href=\"https:\/\/app.talkpal.ai\/hu\/signup?lng=\">Kezdj\u00fck<\/a>\r\n    \r\n<\/section>\r\n<section class=\"promotionalBanner\">\r\n    <p class=\"promotionalText\">A nyelvtanul\u00e1s leghat\u00e9konyabb m\u00f3dja<\/p>\r\n    <a class=\"promotionalLink\" href=\"https:\/\/app.talkpal.ai\/hu\/signup?lng=\">Pr\u00f3b\u00e1lja ki a Talkpal ingyen<\/a>\r\n<\/section>\n<div class=\"wp-block-group pageContainerStyle\"><div class=\"wp-block-group__inner-container is-layout-constrained wp-block-group-is-layout-constrained\">\n<h2 class=\"wp-block-heading\" id=\"h-thai-grammar-exploring-a-unique-linguistic-world\">Thai nyelvtan: Egy egyedi nyelvi vil\u00e1g felfedez\u00e9se<\/h2>\n\n\n\n<p><a href=\"https:\/\/talkpal.ai\/thai-grammar\/\">Thai nyelvtan<\/a> &#8211; l\u00e1tsz\u00f3lag rejt\u00e9lyes, egzotikus \u00e9s mag\u00e1val ragad\u00f3. Ahogy elindul a thai nyelv elsaj\u00e1t\u00edt\u00e1s\u00e1ra, v\u00e1ratlanul elb\u0171v\u00f6lheti a nyelvtana. Ne f\u00e9ljetek, nyelvkutat\u00f3 t\u00e1rsaim! Az\u00e9rt vagyunk itt, hogy \u00fatmutat\u00e1st \u00e9s t\u00e1mogat\u00e1st ny\u00fajtsunk ehhez a leny\u0171g\u00f6z\u0151 kalandhoz!<\/p>\n\n\n\n<p>Ebben a cikkben a thai <a href=\"https:\/\/talkpal.ai\/grammar\/\">nyelvtan<\/a> alapvet\u0151 aspektusaiba mer\u00fcl\u00fcnk, lebontjuk a kulcsfogalmakat, elmagyar\u00e1zzuk a szab\u00e1lyokat, s\u0151t egyszer\u0171s\u00edtj\u00fck a bonyolults\u00e1got. Csatlakozzon hozz\u00e1nk, mik\u00f6zben fellebbenti a f\u00e1tylat a thai nyelvtanr\u00f3l, \u00e9s l\u00e1ngra lobbantjuk szenved\u00e9ly\u00e9t e csod\u00e1latosan egyedi nyelv ir\u00e1nt!<\/p>\n\n\n\n<h3 class=\"wp-block-heading\" id=\"h-1-nouns-no-plurals-no-genders-no-worries\">1. F\u0151nevek: Nincs t\u00f6bbes sz\u00e1m, nincs nem, nincs gond!<\/h3>\n\n\n\n<p>A thai nyelvtan sz\u00e9ps\u00e9ge a f\u0151nevekkel kapcsolatos egyszer\u0171s\u00e9g\u00e9ben rejlik. A thai f\u0151nevek nem rendelkeznek nemi vagy t\u00f6bbes sz\u00e1m\u00fa form\u00e1val, \u00edgy k\u00f6nnyen haszn\u00e1lhat\u00f3k \u00e9s \u00e9rthet\u0151k. A t\u00f6bbes sz\u00e1m jelz\u00e9s\u00e9re egyszer\u0171en adjunk hozz\u00e1 egy mennyis\u00e9gi sz\u00f3t, p\u00e9ld\u00e1ul &#8222;sok&#8221; (\u0e21\u0e32\u0e01, m\u00e2ak) vagy &#8222;n\u00e9h\u00e1ny&#8221; (\u0e1a\u0e49\u0e32\u0e07, b\u00e2ang), vagy ism\u00e9telj\u00fck meg a f\u0151nevet, hogy hangs\u00falyozzuk a t\u00f6bbes sz\u00e1m jelent\u00e9s\u00e9t.<\/p>\n\n\n\n<h3 class=\"wp-block-heading\" id=\"h-2-pronouns-choose-wisely-based-on-politeness\">2. N\u00e9vm\u00e1sok: v\u00e1lasszon b\u00f6lcsen az udvariass\u00e1g alapj\u00e1n<\/h3>\n\n\n\n<p>A megfelel\u0151 n\u00e9vm\u00e1s kiv\u00e1laszt\u00e1sa elengedhetetlen a thai nyelvtanban, hogy tiszteletet \u00e9s al\u00e1zatot mutasson. A thaif\u00f6ldi n\u00e9vm\u00e1sok a besz\u00e9l\u0151 \u00e9s a hallgat\u00f3 neme, kora \u00e9s kapcsolata alapj\u00e1n v\u00e1ltoznak. P\u00e9ld\u00e1ul a &#8222;\u0e09\u0e31\u0e19&#8221; (ch\u0103n) egy gyakori inform\u00e1lis els\u0151 szem\u00e9ly\u0171 n\u00e9vm\u00e1s, m\u00edg a &#8222;\u0e1c\u0e21&#8221; (p\u014fm) a f\u00e9rfiak \u00e1ltal gyakran haszn\u00e1lt n\u00e9vm\u00e1s form\u00e1lisabb helyzetekben.<\/p>\n\n\n\n<p>Az udvariass\u00e1g \u00e9rdek\u00e9ben haszn\u00e1lja a &#8222;\u0e04\u0e38\u0e13&#8221; (kun) sz\u00f3t az &#8222;\u00f6n&#8221; \u00e9s a &#8222;\u0e40\u0e02\u0e32&#8221; (k\u0103o) sz\u00f3t az &#8222;\u0151\/azok&#8221; helyett.<\/p>\n\n\n\n<h3 class=\"wp-block-heading\" id=\"h-3-verbs-no-conjugation-or-tenses-only-particles\">3. Ig\u00e9k: nincs ragoz\u00e1s vagy igeid\u0151, csak r\u00e9szecsk\u00e9k<\/h3>\n\n\n\n<p>A thai nyelvtanban az ig\u00e9k v\u00e1ltozatlanok maradnak, f\u00fcggetlen\u00fcl a fesz\u00fclts\u00e9gt\u0151l, a hangulatt\u00f3l vagy a t\u00e1rgyt\u00f3l. Ehelyett a thai egyszer\u0171 szavakra, \u00fagynevezett r\u00e9szecsk\u00e9kre t\u00e1maszkodik, hogy jelezze a mondat fesz\u00fclts\u00e9g\u00e9t vagy hozz\u00e1\u00e1ll\u00e1s\u00e1t. Ezeket a r\u00e9szecsk\u00e9ket a mondat v\u00e9g\u00e9re helyezz\u00fck.<\/p>\n\n\n\n<p>P\u00e9ld\u00e1ul a &#8222;\u0e41\u0e25\u0e49\u0e27&#8221; (l\u00e1ew) r\u00e9szecske a m\u00falt id\u0151t vagy befejezett cselekv\u00e9st jelzi, a &#8222;\u0e01\u0e33\u0e25\u0e31\u0e07&#8221; (gam-lang) pedig a folyamatban l\u00e9v\u0151 cselekv\u00e9seket. Ez\u00e9rt a &#8222;\u0e40\u0e02\u0e32\u0e01\u0e34\u0e19&#8221; (k\u0103o gin) azt jelenti, hogy &#8222;eszik&#8221;, m\u00edg a &#8222;\u0e40\u0e02\u0e32\u0e01\u0e34\u0e19\u0e41\u0e25\u0e49\u0e27&#8221; (k\u0103o gin l\u00e1ew) azt jelenti, hogy &#8222;megette&#8221;.<\/p>\n\n\n\n<h3 class=\"wp-block-heading\" id=\"h-4-sentence-structure-clear-and-straightforward\">4. Mondatszerkezet: vil\u00e1gos \u00e9s egy\u00e9rtelm\u0171<\/h3>\n\n\n\n<p>A thai nyelvtan az angolhoz hasonl\u00f3 Subject-Verb-Object (SVO) mondatszerkezetet k\u00f6veti, <a href=\"https:\/\/talkpal.ai\/locations\/language-courses-in-ami\/\">ami<\/a> leegyszer\u0171s\u00edti az angolul besz\u00e9l\u0151k meg\u00e9rt\u00e9s\u00e9t. A f\u0151 szab\u00e1ly az, hogy a mell\u00e9knevek, hat\u00e1roz\u00f3szavak \u00e9s m\u00e1s le\u00edr\u00f3 szavak k\u00f6vetik az \u00e1ltaluk le\u00edrt f\u0151nevet vagy ig\u00e9t.<\/p>\n\n\n\n<p>P\u00e9ld\u00e1ul a &#8222;\u0e1c\u0e21\u0e0a\u0e2d\u0e1a\u0e2b\u0e19\u0e31\u0e07\u0e2a\u0e37\u0e2d\u0e19\u0e35\u0e49&#8221; (p\u014fm ch\u00e2wp n\u0103ng s\u011bu n\u00e9e) azt jelenti: &#8222;\u00c9n (alany) szeretem (ige) ezt a k\u00f6nyvet (t\u00e1rgy)&#8221;.<\/p>\n\n\n\n<h3 class=\"wp-block-heading\" id=\"h-5-immerse-yourself-in-thai-practice-makes-perfect\">5. Mer\u00fclj\u00f6n el thaiul: a gyakorlat teszi a mestert<\/h3>\n\n\n\n<p>A thai nyelvtan meg\u00e9rt\u00e9se \u00e9s elsaj\u00e1t\u00edt\u00e1sa kezdetben kih\u00edv\u00e1snak t\u0171nhet, de a kulcs a kitart\u00e1s \u00e9s a k\u00f6vetkezetes gyakorl\u00e1s. Kapcsolja be <a href=\"https:\/\/talkpal.ai\/locations\/language-courses-in-minden\/\">minden<\/a> \u00e9rz\u00e9k\u00e9t az\u00e1ltal, hogy elmer\u00fcl a nyelvben, olvas, <a href=\"https:\/\/talkpal.ai\/learn-irish\/\">\u00edr<\/a>, hallgat \u00e9s besz\u00e9lget az anyanyelvi besz\u00e9l\u0151kkel. Min\u00e9l jobban ki van t\u00e9ve a thai nyelvtannak, ann\u00e1l ismer\u0151sebbnek \u00e9s k\u00e9nyelmesebbnek \u00e9rzik ezeket az egzotikus fogalmakat.<\/p>\n\n\n\n<p>Sz\u00f3val, k\u00e9szen \u00e1llsz arra, hogy belemer\u00fclj a thai nyelvtan leny\u0171g\u00f6z\u0151 vil\u00e1g\u00e1ba? Fogadja el a kih\u00edv\u00e1st \u00e9s a thai nyelvtan egyedi jellemz\u0151it, \u00e9s id\u0151vel, odaad\u00e1ssal \u00e9s kaland\u00e9rzettel felszabad\u00edthatja a thai nyelv mag\u00e1val ragad\u00f3 sz\u00e9ps\u00e9g\u00e9t.<\/p>\n<\/div><\/div>\n\r\n<section class=\"learnNavigationSection\">\r\n            \r\n        <a href=\"https:\/\/talkpal.ai\/hu\/tanulj-thaiul\/\">\r\n            <div class=\"learnNavigationWrapper\">\r\n                <div class=\"learnNavigationContent\">\r\n                    <img decoding=\"async\" src=\"https:\/\/talkpal.ai\/wp-content\/uploads\/2024\/08\/Thai.jpg\" alt=\"Thai Flag\">\r\n                    <div>\r\n                        <h4>A thai tanul\u00e1sr\u00f3l<\/h4>\r\n                        <p>Tudjon meg mindent a thai nyelvtanr\u00f3l.<\/p>\r\n                    <\/div>\r\n                <\/div>\r\n            <\/div>\r\n        <\/a>\r\n\r\n        \r\n        <a href=\"https:\/\/talkpal.ai\/hu\/thai-nyelvtani-gyakorlatok\/\">\r\n            <div class=\"learnNavigationWrapper\">\r\n                <div class=\"learnNavigationContent\">\r\n                    <img decoding=\"async\" src=\"https:\/\/talkpal.ai\/wp-content\/uploads\/2024\/08\/Thai.jpg\" alt=\"Thai Flag\">\r\n                    <div>\r\n                        <h4>Thai nyelvtani gyakorlat<\/h4>\r\n                        <p>Gyakorolja a thai nyelvtant.<\/p>\r\n                    <\/div>\r\n                <\/div>\r\n            <\/div>\r\n        <\/a>\r\n\r\n        \r\n        <a href=\"https:\/\/talkpal.ai\/vocabulary_language\/thai\/\">\r\n            <div class=\"learnNavigationWrapper\">\r\n                <div class=\"learnNavigationContent\">\r\n                    <img decoding=\"async\" src=\"https:\/\/talkpal.ai\/wp-content\/uploads\/2024\/08\/Thai.jpg\" alt=\"Thai Flag\">\r\n                    <div>\r\n                        <h4>Thai sz\u00f3kincs<\/h4>\r\n                        <p>B\u0151v\u00edtse thai sz\u00f3kincs\u00e9t.<\/p>\r\n                    <\/div>\r\n                <\/div>\r\n            <\/div>\r\n        <\/a>\r\n\r\n            <\/section>","protected":false},"excerpt":{"rendered":"<p>Thai nyelvtan: Egy egyedi nyelvi vil\u00e1g felfedez\u00e9se Thai nyelvtan &#8211; l\u00e1tsz\u00f3lag rejt\u00e9lyes, egzotikus \u00e9s mag\u00e1val ragad\u00f3. Ahogy elindul a thai nyelv elsaj\u00e1t\u00edt\u00e1s\u00e1ra, v\u00e1ratlanul elb\u0171v\u00f6lheti a nyelvtana. Ne f\u00e9ljetek, nyelvkutat\u00f3 t\u00e1rsaim! Az\u00e9rt vagyunk itt, hogy \u00fatmutat\u00e1st \u00e9s t\u00e1mogat\u00e1st ny\u00fajtsunk ehhez a leny\u0171g\u00f6z\u0151 kalandhoz! Ebben a cikkben a thai nyelvtan alapvet\u0151 aspektusaiba mer\u00fcl\u00fcnk, lebontjuk a kulcsfogalmakat, elmagyar\u00e1zzuk [&hellip;]<\/p>\n","protected":false},"author":1,"featured_media":120811,"parent":0,"menu_order":0,"comment_status":"closed","ping_status":"closed","template":"LearningContentPage.php","meta":{"_acf_changed":false,"footnotes":""},"class_list":["post-153449","page","type-page","status-publish","has-post-thumbnail","hentry"],"acf":[],"yoast_head":"<!-- This site is optimized with the Yoast SEO Premium plugin v27.2 (Yoast SEO v27.2) - https:\/\/yoast.com\/product\/yoast-seo-premium-wordpress\/ -->\n<title>Thai nyelvtan - Talkpal<\/title>\n<meta name=\"description\" content=\"Fedezze fel a thai nyelvtan leny\u0171g\u00f6z\u0151 vil\u00e1g\u00e1t. Fedezze fel egyszer\u0171s\u00e9g\u00e9t \u00e9s egyed\u00fcl\u00e1ll\u00f3 funkci\u00f3it, amelyek \u00e9lvezetess\u00e9 teszik a tanul\u00e1st.\" \/>\n<meta name=\"robots\" content=\"index, follow, max-snippet:-1, max-image-preview:large, max-video-preview:-1\" \/>\n<link rel=\"canonical\" href=\"https:\/\/talkpal.ai\/hu\/thai-nyelvtan\/\" \/>\n<meta property=\"og:locale\" content=\"hu_HU\" \/>\n<meta property=\"og:type\" content=\"article\" \/>\n<meta property=\"og:title\" content=\"Thai nyelvtan\" \/>\n<meta property=\"og:description\" content=\"Thai nyelvtan: Egy egyedi nyelvi vil\u00e1g felfedez\u00e9se Thai nyelvtan - l\u00e1tsz\u00f3lag rejt\u00e9lyes, egzotikus \u00e9s mag\u00e1val ragad\u00f3. Ahogy elindul a thai nyelv\" \/>\n<meta property=\"og:url\" content=\"https:\/\/talkpal.ai\/hu\/thai-nyelvtan\/\" \/>\n<meta property=\"og:site_name\" content=\"Talkpal\" \/>\n<meta property=\"article:publisher\" content=\"https:\/\/www.facebook.com\/profile.php?id=100090733639311\" \/>\n<meta property=\"article:modified_time\" content=\"2025-12-13T15:48:12+00:00\" \/>\n<meta property=\"og:image\" content=\"https:\/\/talkpal.ai\/wp-content\/uploads\/2023\/05\/thailand.png\" \/>\n\t<meta property=\"og:image:width\" content=\"512\" \/>\n\t<meta property=\"og:image:height\" content=\"512\" \/>\n\t<meta property=\"og:image:type\" content=\"image\/png\" \/>\n<meta name=\"twitter:card\" content=\"summary_large_image\" \/>\n<meta name=\"twitter:site\" content=\"@talkpalai\" \/>\n<meta name=\"twitter:label1\" content=\"Becs\u00fclt olvas\u00e1si id\u0151\" \/>\n\t<meta name=\"twitter:data1\" content=\"3 perc\" \/>\n<script type=\"application\/ld+json\" class=\"yoast-schema-graph\">{\"@context\":\"https:\/\/schema.org\",\"@graph\":[{\"@type\":\"WebPage\",\"@id\":\"https:\/\/talkpal.ai\/hu\/thai-nyelvtan\/\",\"url\":\"https:\/\/talkpal.ai\/hu\/thai-nyelvtan\/\",\"name\":\"Thai nyelvtan - Talkpal\",\"isPartOf\":{\"@id\":\"https:\/\/talkpal.ai\/hu\/#website\"},\"primaryImageOfPage\":{\"@id\":\"https:\/\/talkpal.ai\/hu\/thai-nyelvtan\/#primaryimage\"},\"image\":{\"@id\":\"https:\/\/talkpal.ai\/hu\/thai-nyelvtan\/#primaryimage\"},\"thumbnailUrl\":\"https:\/\/talkpal.ai\/wp-content\/uploads\/2023\/05\/thailand.png\",\"datePublished\":\"2023-05-14T14:24:42+00:00\",\"dateModified\":\"2025-12-13T15:48:12+00:00\",\"description\":\"Fedezze fel a thai nyelvtan leny\u0171g\u00f6z\u0151 vil\u00e1g\u00e1t. Fedezze fel egyszer\u0171s\u00e9g\u00e9t \u00e9s egyed\u00fcl\u00e1ll\u00f3 funkci\u00f3it, amelyek \u00e9lvezetess\u00e9 teszik a tanul\u00e1st.\",\"breadcrumb\":{\"@id\":\"https:\/\/talkpal.ai\/hu\/thai-nyelvtan\/#breadcrumb\"},\"inLanguage\":\"hu\",\"potentialAction\":[{\"@type\":\"ReadAction\",\"target\":[\"https:\/\/talkpal.ai\/hu\/thai-nyelvtan\/\"]}]},{\"@type\":\"ImageObject\",\"inLanguage\":\"hu\",\"@id\":\"https:\/\/talkpal.ai\/hu\/thai-nyelvtan\/#primaryimage\",\"url\":\"https:\/\/talkpal.ai\/wp-content\/uploads\/2023\/05\/thailand.png\",\"contentUrl\":\"https:\/\/talkpal.ai\/wp-content\/uploads\/2023\/05\/thailand.png\",\"width\":512,\"height\":512},{\"@type\":\"BreadcrumbList\",\"@id\":\"https:\/\/talkpal.ai\/hu\/thai-nyelvtan\/#breadcrumb\",\"itemListElement\":[{\"@type\":\"ListItem\",\"position\":1,\"name\":\"Homepage\",\"item\":\"https:\/\/talkpal.ai\/hu\/\"},{\"@type\":\"ListItem\",\"position\":2,\"name\":\"Thai nyelvtan\"}]},{\"@type\":\"WebSite\",\"@id\":\"https:\/\/talkpal.ai\/hu\/#website\",\"url\":\"https:\/\/talkpal.ai\/hu\/\",\"name\":\"Talkpal\",\"description\":\"AI Language Learning\",\"publisher\":{\"@id\":\"https:\/\/talkpal.ai\/hu\/#organization\"},\"alternateName\":\"Talkpal AI\",\"potentialAction\":[{\"@type\":\"SearchAction\",\"target\":{\"@type\":\"EntryPoint\",\"urlTemplate\":\"https:\/\/talkpal.ai\/hu\/?s={search_term_string}\"},\"query-input\":{\"@type\":\"PropertyValueSpecification\",\"valueRequired\":true,\"valueName\":\"search_term_string\"}}],\"inLanguage\":\"hu\"},{\"@type\":\"Organization\",\"@id\":\"https:\/\/talkpal.ai\/hu\/#organization\",\"name\":\"Talkpal, Inc.\",\"alternateName\":\"Talkpal AI\",\"url\":\"https:\/\/talkpal.ai\/hu\/\",\"logo\":{\"@type\":\"ImageObject\",\"inLanguage\":\"hu\",\"@id\":\"https:\/\/talkpal.ai\/hu\/#\/schema\/logo\/image\/\",\"url\":\"https:\/\/talkpal.ai\/wp-content\/uploads\/2024\/03\/Talkpal-Logo-Icon.png\",\"contentUrl\":\"https:\/\/talkpal.ai\/wp-content\/uploads\/2024\/03\/Talkpal-Logo-Icon.png\",\"width\":2880,\"height\":2880,\"caption\":\"Talkpal, Inc.\"},\"image\":{\"@id\":\"https:\/\/talkpal.ai\/hu\/#\/schema\/logo\/image\/\"},\"sameAs\":[\"https:\/\/www.facebook.com\/profile.php?id=100090733639311\",\"https:\/\/x.com\/talkpalai\",\"https:\/\/www.linkedin.com\/company\/talkpal\/\",\"https:\/\/www.youtube.com\/@TalkPal\/\",\"https:\/\/www.tiktok.com\/@talkpal\",\"https:\/\/www.instagram.com\/talkpal_ai\/\",\"https:\/\/www.crunchbase.com\/organization\/talkpal-9cde\",\"https:\/\/www.g2.com\/products\/talkpal-for-business\/\",\"https:\/\/www.trustpilot.com\/review\/talkpal.ai\",\"https:\/\/www.capterra.com\/p\/10006800\/TalkPal\/\"],\"description\":\"Talkpal is a language learning web and mobile education app, powered by the latest AI technologies, that provides engaging experiences to its customers in many different languages to help them improve their language skills. Users can chat about unlimited amount of topics with the app and use other modes to practice their language learning.\",\"email\":\"support@talkpal.ai\",\"legalName\":\"Talkpal, Inc.\",\"foundingDate\":\"2023-04-03\",\"duns\":\"118989042\",\"numberOfEmployees\":{\"@type\":\"QuantitativeValue\",\"minValue\":\"11\",\"maxValue\":\"50\"},\"publishingPrinciples\":\"https:\/\/talkpal.ai\/publishing-principles\/\",\"actionableFeedbackPolicy\":\"https:\/\/talkpal.ai\/actionable-feedback-policy\/\",\"correctionsPolicy\":\"https:\/\/talkpal.ai\/corrections-policy\/\",\"ethicsPolicy\":\"https:\/\/talkpal.ai\/ethics-policy\/\",\"diversityPolicy\":\"https:\/\/talkpal.ai\/diversity-policy\/\",\"diversityStaffingReport\":\"https:\/\/talkpal.ai\/diversity-policy\/\"}]}<\/script>\n<!-- \/ Yoast SEO Premium plugin. -->","yoast_head_json":{"title":"Thai nyelvtan - Talkpal","description":"Fedezze fel a thai nyelvtan leny\u0171g\u00f6z\u0151 vil\u00e1g\u00e1t. Fedezze fel egyszer\u0171s\u00e9g\u00e9t \u00e9s egyed\u00fcl\u00e1ll\u00f3 funkci\u00f3it, amelyek \u00e9lvezetess\u00e9 teszik a tanul\u00e1st.","robots":{"index":"index","follow":"follow","max-snippet":"max-snippet:-1","max-image-preview":"max-image-preview:large","max-video-preview":"max-video-preview:-1"},"canonical":"https:\/\/talkpal.ai\/hu\/thai-nyelvtan\/","og_locale":"hu_HU","og_type":"article","og_title":"Thai nyelvtan","og_description":"Thai nyelvtan: Egy egyedi nyelvi vil\u00e1g felfedez\u00e9se Thai nyelvtan - l\u00e1tsz\u00f3lag rejt\u00e9lyes, egzotikus \u00e9s mag\u00e1val ragad\u00f3. Ahogy elindul a thai nyelv","og_url":"https:\/\/talkpal.ai\/hu\/thai-nyelvtan\/","og_site_name":"Talkpal","article_publisher":"https:\/\/www.facebook.com\/profile.php?id=100090733639311","article_modified_time":"2025-12-13T15:48:12+00:00","og_image":[{"width":512,"height":512,"url":"https:\/\/talkpal.ai\/wp-content\/uploads\/2023\/05\/thailand.png","type":"image\/png"}],"twitter_card":"summary_large_image","twitter_site":"@talkpalai","twitter_misc":{"Becs\u00fclt olvas\u00e1si id\u0151":"3 perc"},"schema":{"@context":"https:\/\/schema.org","@graph":[{"@type":"WebPage","@id":"https:\/\/talkpal.ai\/hu\/thai-nyelvtan\/","url":"https:\/\/talkpal.ai\/hu\/thai-nyelvtan\/","name":"Thai nyelvtan - Talkpal","isPartOf":{"@id":"https:\/\/talkpal.ai\/hu\/#website"},"primaryImageOfPage":{"@id":"https:\/\/talkpal.ai\/hu\/thai-nyelvtan\/#primaryimage"},"image":{"@id":"https:\/\/talkpal.ai\/hu\/thai-nyelvtan\/#primaryimage"},"thumbnailUrl":"https:\/\/talkpal.ai\/wp-content\/uploads\/2023\/05\/thailand.png","datePublished":"2023-05-14T14:24:42+00:00","dateModified":"2025-12-13T15:48:12+00:00","description":"Fedezze fel a thai nyelvtan leny\u0171g\u00f6z\u0151 vil\u00e1g\u00e1t. Fedezze fel egyszer\u0171s\u00e9g\u00e9t \u00e9s egyed\u00fcl\u00e1ll\u00f3 funkci\u00f3it, amelyek \u00e9lvezetess\u00e9 teszik a tanul\u00e1st.","breadcrumb":{"@id":"https:\/\/talkpal.ai\/hu\/thai-nyelvtan\/#breadcrumb"},"inLanguage":"hu","potentialAction":[{"@type":"ReadAction","target":["https:\/\/talkpal.ai\/hu\/thai-nyelvtan\/"]}]},{"@type":"ImageObject","inLanguage":"hu","@id":"https:\/\/talkpal.ai\/hu\/thai-nyelvtan\/#primaryimage","url":"https:\/\/talkpal.ai\/wp-content\/uploads\/2023\/05\/thailand.png","contentUrl":"https:\/\/talkpal.ai\/wp-content\/uploads\/2023\/05\/thailand.png","width":512,"height":512},{"@type":"BreadcrumbList","@id":"https:\/\/talkpal.ai\/hu\/thai-nyelvtan\/#breadcrumb","itemListElement":[{"@type":"ListItem","position":1,"name":"Homepage","item":"https:\/\/talkpal.ai\/hu\/"},{"@type":"ListItem","position":2,"name":"Thai nyelvtan"}]},{"@type":"WebSite","@id":"https:\/\/talkpal.ai\/hu\/#website","url":"https:\/\/talkpal.ai\/hu\/","name":"Talkpal","description":"AI Language Learning","publisher":{"@id":"https:\/\/talkpal.ai\/hu\/#organization"},"alternateName":"Talkpal AI","potentialAction":[{"@type":"SearchAction","target":{"@type":"EntryPoint","urlTemplate":"https:\/\/talkpal.ai\/hu\/?s={search_term_string}"},"query-input":{"@type":"PropertyValueSpecification","valueRequired":true,"valueName":"search_term_string"}}],"inLanguage":"hu"},{"@type":"Organization","@id":"https:\/\/talkpal.ai\/hu\/#organization","name":"Talkpal, Inc.","alternateName":"Talkpal AI","url":"https:\/\/talkpal.ai\/hu\/","logo":{"@type":"ImageObject","inLanguage":"hu","@id":"https:\/\/talkpal.ai\/hu\/#\/schema\/logo\/image\/","url":"https:\/\/talkpal.ai\/wp-content\/uploads\/2024\/03\/Talkpal-Logo-Icon.png","contentUrl":"https:\/\/talkpal.ai\/wp-content\/uploads\/2024\/03\/Talkpal-Logo-Icon.png","width":2880,"height":2880,"caption":"Talkpal, Inc."},"image":{"@id":"https:\/\/talkpal.ai\/hu\/#\/schema\/logo\/image\/"},"sameAs":["https:\/\/www.facebook.com\/profile.php?id=100090733639311","https:\/\/x.com\/talkpalai","https:\/\/www.linkedin.com\/company\/talkpal\/","https:\/\/www.youtube.com\/@TalkPal\/","https:\/\/www.tiktok.com\/@talkpal","https:\/\/www.instagram.com\/talkpal_ai\/","https:\/\/www.crunchbase.com\/organization\/talkpal-9cde","https:\/\/www.g2.com\/products\/talkpal-for-business\/","https:\/\/www.trustpilot.com\/review\/talkpal.ai","https:\/\/www.capterra.com\/p\/10006800\/TalkPal\/"],"description":"Talkpal is a language learning web and mobile education app, powered by the latest AI technologies, that provides engaging experiences to its customers in many different languages to help them improve their language skills. Users can chat about unlimited amount of topics with the app and use other modes to practice their language learning.","email":"support@talkpal.ai","legalName":"Talkpal, Inc.","foundingDate":"2023-04-03","duns":"118989042","numberOfEmployees":{"@type":"QuantitativeValue","minValue":"11","maxValue":"50"},"publishingPrinciples":"https:\/\/talkpal.ai\/publishing-principles\/","actionableFeedbackPolicy":"https:\/\/talkpal.ai\/actionable-feedback-policy\/","correctionsPolicy":"https:\/\/talkpal.ai\/corrections-policy\/","ethicsPolicy":"https:\/\/talkpal.ai\/ethics-policy\/","diversityPolicy":"https:\/\/talkpal.ai\/diversity-policy\/","diversityStaffingReport":"https:\/\/talkpal.ai\/diversity-policy\/"}]}},"_links":{"self":[{"href":"https:\/\/talkpal.ai\/hu\/wp-json\/wp\/v2\/pages\/153449","targetHints":{"allow":["GET"]}}],"collection":[{"href":"https:\/\/talkpal.ai\/hu\/wp-json\/wp\/v2\/pages"}],"about":[{"href":"https:\/\/talkpal.ai\/hu\/wp-json\/wp\/v2\/types\/page"}],"author":[{"embeddable":true,"href":"https:\/\/talkpal.ai\/hu\/wp-json\/wp\/v2\/users\/1"}],"replies":[{"embeddable":true,"href":"https:\/\/talkpal.ai\/hu\/wp-json\/wp\/v2\/comments?post=153449"}],"version-history":[{"count":0,"href":"https:\/\/talkpal.ai\/hu\/wp-json\/wp\/v2\/pages\/153449\/revisions"}],"wp:featuredmedia":[{"embeddable":true,"href":"https:\/\/talkpal.ai\/hu\/wp-json\/wp\/v2\/media\/120811"}],"wp:attachment":[{"href":"https:\/\/talkpal.ai\/hu\/wp-json\/wp\/v2\/media?parent=153449"}],"curies":[{"name":"wp","href":"https:\/\/api.w.org\/{rel}","templated":true}]}}