{"id":153134,"date":"2023-05-14T14:23:49","date_gmt":"2023-05-14T14:23:49","guid":{"rendered":"http:\/\/talkpal.ai\/torok-nyelvtan\/"},"modified":"2025-12-13T15:56:57","modified_gmt":"2025-12-13T15:56:57","slug":"torok-nyelvtan","status":"publish","type":"page","link":"https:\/\/talkpal.ai\/hu\/torok-nyelvtan\/","title":{"rendered":"T\u00f6r\u00f6k nyelvtan"},"content":{"rendered":"\r\n\r\n\r\n<section class=\"languageChallengeSection\">\r\n    <div class=\"languageInfoWrapper\">\r\n        \r\n        <h1>T\u00f6r\u00f6k nyelvtan<\/h1>\r\n        <p>K\u00edv\u00e1ncsi vagy a <a href=\"https:\/\/talkpal.ai\/learn-turkish\/\">t\u00f6r\u00f6k<\/a> nyelvtanul\u00e1sra? Fedezze fel a t\u00f6r\u00f6k nyelvtant, \u00e9s n\u00e9zze meg, hogy logikus fel\u00e9p\u00edt\u00e9se, mag\u00e1nhangz\u00f3-harm\u00f3ni\u00e1ja \u00e9s k\u00f6nnyen k\u00f6vethet\u0151 igemint\u00e1i hogyan teszik egyszerre leny\u0171g\u00f6z\u0151v\u00e9 \u00e9s hozz\u00e1f\u00e9rhet\u0151v\u00e9. Kezdje el az utaz\u00e1st m\u00e9g ma &#8211; a t\u00f6r\u00f6k <a href=\"https:\/\/talkpal.ai\/grammar\/\">nyelvtan<\/a> elsaj\u00e1t\u00edt\u00e1sa a kulcs a foly\u00e9kony kommunik\u00e1ci\u00f3hoz \u00e9s a kult\u00fara \u00e9s a kapcsolatok vibr\u00e1l\u00f3 vil\u00e1g\u00e1nak felt\u00e1r\u00e1s\u00e1hoz!<\/p>\r\n\r\n                            <a class=\"getStartedHidden\" href=\"https:\/\/app.talkpal.ai\/hu\/signup?lng=\">Kezdj\u00fck<\/a>\r\n        \r\n    <\/div>\r\n\r\n    <figure>\r\n    <img decoding=\"async\" width=\"768\" height=\"768\" src=\"https:\/\/talkpal.ai\/wp-content\/uploads\/2023\/06\/turkish-768x768.png\" class=\"languageImage no-lazy\" alt=\"Language learning for increased focus\" fetchpriority=\"high\" sizes=\"(max-width: 768px) 150px, 768px\" srcset=\"https:\/\/talkpal.ai\/wp-content\/uploads\/2023\/06\/turkish-768x768.png 768w, https:\/\/talkpal.ai\/wp-content\/uploads\/2023\/06\/turkish-300x300.png 300w\" \/>\r\n    \r\n\r\n    <\/figure>\r\n\r\n            <a class=\"getStartedVisible\" href=\"https:\/\/app.talkpal.ai\/hu\/signup?lng=\">Kezdj\u00fck<\/a>\r\n    \r\n<\/section>\r\n<section class=\"promotionalBanner\">\r\n    <p class=\"promotionalText\">A nyelvtanul\u00e1s leghat\u00e9konyabb m\u00f3dja<\/p>\r\n    <a class=\"promotionalLink\" href=\"https:\/\/app.talkpal.ai\/hu\/signup?lng=\">Pr\u00f3b\u00e1lja ki a Talkpal ingyen<\/a>\r\n<\/section>\n<div class=\"wp-block-group pageContainerStyle\"><div class=\"wp-block-group__inner-container is-layout-constrained wp-block-group-is-layout-constrained\">\n<h2 class=\"wp-block-heading\" id=\"h-the-ultimate-guide-to-turkish-grammar-navigating-the-intricacies-of-a-unique-language\">A t\u00f6r\u00f6k nyelvtan v\u00e9gs\u0151 \u00fatmutat\u00f3ja: navig\u00e1l\u00e1s egy egyedi nyelv bonyolults\u00e1g\u00e1ban<\/h2>\n\n\n\n<p>A t\u00f6r\u00f6k nyelvtan, mint maga a nyelv, gazdag \u00e9s leny\u0171g\u00f6z\u0151 nyelvi elemeket mutat be. A t\u00f6r\u00f6k nyelvcsal\u00e1d tagjak\u00e9nt a t\u00f6r\u00f6k nyelv v\u00e1ltozatos tulajdons\u00e1gaival elb\u0171v\u00f6li a tanul\u00f3kat, \u00e9s m\u00e9g a leggyakorlottabb besz\u00e9l\u0151ket is kih\u00edv\u00e1s el\u00e9 \u00e1ll\u00edtja. Ebben az \u00fatmutat\u00f3ban felt\u00e1rjuk a t\u00f6r\u00f6k nyelvtan legfontosabb alapelveit, megmagyar\u00e1zzuk a nyelvtan bonyolults\u00e1g\u00e1t, \u00e9s t\u00e1mogatunk abban, hogy foly\u00e9konyan besz\u00e9lje ezt a leny\u0171g\u00f6z\u0151 nyelvet. Kezdj\u00fck el!<\/p>\n\n\n\n<h3 class=\"wp-block-heading\" id=\"h-the-nuts-and-bolts-turkish-sentence-structure\">Az any\u00e1k \u00e9s csavarok: t\u00f6r\u00f6k mondatszerkezet<\/h3>\n\n\n\n<p>A t\u00f6r\u00f6k nyelvtan l\u00e9nyeg\u00e9ben meglehet\u0151sen egyszer\u0171. A nyelv \u00e1ltal\u00e1ban a <a href=\"https:\/\/talkpal.ai\/culture\/how-do-you-structure-a-sentence-using-subject-object-verb-order-in-uzbek\/\">Subject-Object-Verb<\/a> (SOV) mondatszerkezetet k\u00f6veti, ellent\u00e9tben az angollal \u00e9s sok m\u00e1s nyelvvel. P\u00e9ld\u00e1ul az &#8222;eszem egy alm\u00e1t&#8221; mondat ford\u00edt\u00e1sa &#8222;Ben elma yiyorum&#8221; (Ben=I, elma=alma, yiyorum=enni). Egyszer\u0171, igaz? Ahogy azonban egyre m\u00e9lyebbre \u00e1sunk, a t\u00f6r\u00f6k nyelvtan n\u00e9h\u00e1ny \u00e9rdekes \u00e9s jellegzetes von\u00e1s\u00e1val fogsz tal\u00e1lkozni.<\/p>\n\n\n\n<h3 class=\"wp-block-heading\" id=\"h-meet-the-family-turkish-nouns-and-their-suffixes\">Ismerje meg a csal\u00e1dot: t\u00f6r\u00f6k f\u0151nevek \u00e9s ut\u00f3tagjaik<\/h3>\n\n\n\n<p>A t\u00f6r\u00f6k nyelvtan egyik legk\u00fcl\u00f6nlegesebb jellemz\u0151je az ut\u00f3tagok haszn\u00e1lata a k\u00fcl\u00f6nb\u00f6z\u0151 nyelvtani kapcsolatok kifejez\u00e9s\u00e9re. A t\u00f6r\u00f6kben nincsenek el\u00f6lj\u00e1r\u00f3szavak; Ezek helyett ut\u00f3tagokat csatolnak a f\u0151nevekhez, hogy jelezz\u00e9k a birtokl\u00e1st, a k\u00f6zvetlen t\u00e1rgyakat \u00e9s a helyet.<\/p>\n\n\n\n<p>Vegy\u00fck p\u00e9ld\u00e1ul az &#8222;elma&#8221; (elma) sz\u00f3t, amely &#8222;alm\u00e1t&#8221; jelent:<\/p>\n\n\n\n<p><strong>&#8211; Birtokl\u00e1s: Benim elmam (Az alm\u00e1m)<\/strong><\/p>\n\n\n\n<p><strong>&#8211; K\u00f6zvetlen t\u00e1rgy: Elmay\u0131 yedim (Megettem az alm\u00e1t).<\/strong><\/p>\n\n\n\n<p><strong>&#8211; Helysz\u00edn: Elmada (Az alm\u00e1n\u00e1l)<\/strong><\/p>\n\n\n\n<p>Fontos, hogy megismerkedj ezekkel az ut\u00f3tagokkal, mivel dr\u00e1maian megv\u00e1ltoztathatj\u00e1k a mondatok jelent\u00e9s\u00e9t.<\/p>\n\n\n\n<h3 class=\"wp-block-heading\" id=\"h-playing-with-numbers-turkish-plurals-and-genders\">J\u00e1t\u00e9k a sz\u00e1mokkal: t\u00f6r\u00f6k t\u00f6bbes sz\u00e1m \u00e9s nem<\/h3>\n\n\n\n<p>A t\u00f6r\u00f6k nyelvben a t\u00f6bbes sz\u00e1m k\u00e9pz\u00e9sekor csak egy ut\u00f3tagot kell hozz\u00e1adni: -ler vagy -lar, a sz\u00f3 legk\u00f6zelebbi mag\u00e1nhangz\u00f3j\u00e1t\u00f3l f\u00fcgg\u0151en. Sok m\u00e1s nyelvt\u0151l elt\u00e9r\u0151en a t\u00f6r\u00f6kben nincs nyelvtani nem. Ez azt jelenti, hogy nem kell agg\u00f3dnia a h\u00edmnem\u0171, n\u0151nem\u0171 vagy \u00fajnem\u0171 f\u0151nevek k\u00fcl\u00f6nb\u00f6z\u0151 v\u00e9gz\u0151d\u00e9seinek vagy alakjainak megtanul\u00e1sa miatt.<\/p>\n\n\n\n<p>P\u00e9ld\u00e1ul a &#8222;k\u00f6pek&#8221; (k\u00f6pek, f\u0151n\u00e9v, jelent\u00e9se &#8222;kutya&#8221;) &#8222;k\u00f6pekler&#8221; (k\u00f6pekler, kuty\u00e1k), \u00e9s a &#8222;kedi&#8221; (kedi, f\u0151n\u00e9v, jelent\u00e9se &#8222;macska&#8221;) &#8222;kediler&#8221; (kediler, macsk\u00e1k) lesz.<\/p>\n\n\n\n<h3 class=\"wp-block-heading\" id=\"h-the-art-of-conjugation-turkish-verbs\">A ragoz\u00e1s m\u0171v\u00e9szete: t\u00f6r\u00f6k ig\u00e9k<\/h3>\n\n\n\n<p>A t\u00f6r\u00f6k ig\u00e9k els\u0151re ijeszt\u0151nek t\u0171nhetnek sz\u00e1mos igeidej\u00fck, hangulatuk \u00e9s ragoz\u00e1suk miatt. Ezek meg\u00e9rt\u00e9s\u00e9nek kulcsa azonban a k\u00f6z\u00f6s mint\u00e1k felismer\u00e9se \u00e9s a rendszeres gyakorl\u00e1s.<\/p>\n\n\n\n<p>A t\u00f6r\u00f6k nyelvben az ig\u00e9k k\u00fcl\u00f6nf\u00e9le ut\u00f3tagokat haszn\u00e1lnak az id\u0151, a hangulat \u00e9s a szem\u00e9ly jelz\u00e9s\u00e9re. Az iget\u00f6rzs v\u00e1ltozatlan marad. Vegy\u00fck p\u00e9ld\u00e1nak a &#8222;yemek&#8221; (yemek, &#8222;enni&#8221;) ig\u00e9t:<\/p>\n\n\n\n<p><strong>Jelen folyamatos fesz\u00fclts\u00e9g: Yiyorum (eszem)<\/strong><\/p>\n\n\n\n<p><strong>M\u00falt id\u0151: Yedim (ettem)<\/strong><\/p>\n\n\n\n<p><strong>J\u00f6v\u0151 id\u0151: Yiyece\u011fim (enni fogok)<\/strong><\/p>\n\n\n\n<p>Mint l\u00e1that\u00f3, a v\u00e9gz\u0151d\u00e9sek a fesz\u00fclts\u00e9g \u00e9s a szem\u00e9ly szerint v\u00e1ltoznak. Gyakorl\u00e1ssal \u00e9s t\u00fcrelemmel elkezded felismerni a mint\u00e1kat, \u00e9s legy\u0151z\u00f6d ezt a kih\u00edv\u00e1st.<\/p>\n\n\n\n<h3 class=\"wp-block-heading\" id=\"h-the-finishing-touches-turkish-adjectives-adverbs-and-more\">Az utols\u00f3 sim\u00edt\u00e1sok: t\u00f6r\u00f6k mell\u00e9knevek, hat\u00e1roz\u00f3szavak \u00e9s egyebek<\/h3>\n\n\n\n<p>Amikor t\u00f6r\u00f6k mell\u00e9knevekr\u0151l \u00e9s hat\u00e1roz\u00f3sz\u00f3kr\u00f3l <a href=\"https:\/\/talkpal.ai\/locations\/language-courses-in-van\/\">van<\/a> sz\u00f3, kritikus szerepet j\u00e1tszanak a besz\u00e9d m\u00e9lys\u00e9g\u00e9nek \u00e9s \u00f6sszetetts\u00e9g\u00e9nek n\u00f6vel\u00e9s\u00e9ben. A t\u00f6r\u00f6k mell\u00e9kneveknek nem kell megegyezni\u00fck az \u00e1ltaluk m\u00f3dos\u00edtott f\u0151n\u00e9vvel, \u00edgy k\u00f6nnyebben kezelhet\u0151k, mint sok m\u00e1s nyelvben.<\/p>\n\n\n\n<p>P\u00e9ld\u00e1ul a &#8222;g\u00fczel&#8221; (g\u00fczel) jelent\u00e9se &#8222;sz\u00e9p&#8221;, \u00e9s el\u0151fordulhat, hogy &#8222;g\u00fczel \u00e7i\u00e7ek&#8221; (g\u00fczel \u00e7i\u00e7ek, &#8222;sz\u00e9p vir\u00e1g&#8221;) vagy &#8222;g\u00fczel k\u00f6pek&#8221; (g\u00fczel k\u00f6pek, &#8222;sz\u00e9p kutya&#8221;), a t\u00f6bbes sz\u00e1m vagy a nem v\u00e1ltoz\u00e1sa n\u00e9lk\u00fcl.<\/p>\n\n\n\n<p>Az adverbek \u00e1ltal\u00e1ban hasonl\u00f3 mint\u00e1kat k\u00f6vetnek, gyakran mell\u00e9knevekb\u0151l sz\u00e1rmaznak. A t\u00f6r\u00f6k nyelvben sok hat\u00e1roz\u00f3sz\u00f3 alak\u00edthat\u00f3 ki a -ce vagy -ca ut\u00f3tag hozz\u00e1ad\u00e1s\u00e1val a mell\u00e9knevekhez, a legk\u00f6zelebbi mag\u00e1nhangz\u00f3t\u00f3l f\u00fcgg\u0151en.<\/p>\n\n\n\n<p>\u00d6sszefoglalva, a t\u00f6r\u00f6k nyelvtan bonyolults\u00e1ga \u00e9s saj\u00e1toss\u00e1gai, b\u00e1r kih\u00edv\u00e1st jelentenek, a nyelvnek megragad\u00f3 sz\u00e9ps\u00e9get \u00e9s jelleget adnak. A kitart\u00e1s, a k\u00edv\u00e1ncsis\u00e1g \u00e9s a gyakorlati <a href=\"https:\/\/talkpal.ai\/es\/descargar-la-aplicacion-talkpal-para-android-e-ios\/\">alkalmaz\u00e1s<\/a> kombin\u00e1ci\u00f3j\u00e1val hamarosan k\u00f6nnyed\u00e9n \u00e9s magabiztosan fogsz eligazodni a t\u00f6r\u00f6k nyelvtanban. Boldog tanul\u00e1st!<\/p>\n<\/div><\/div>\n\r\n<section class=\"learnNavigationSection\">\r\n            \r\n        <a href=\"https:\/\/talkpal.ai\/hu\/tanulj-torokul\/\">\r\n            <div class=\"learnNavigationWrapper\">\r\n                <div class=\"learnNavigationContent\">\r\n                    <img decoding=\"async\" src=\"https:\/\/talkpal.ai\/wp-content\/uploads\/2024\/08\/Turkish.jpg\" alt=\"Turkish Flag\">\r\n                    <div>\r\n                        <h4>A t\u00f6r\u00f6k tanul\u00e1sr\u00f3l<\/h4>\r\n                        <p>Tudjon meg mindent a t\u00f6r\u00f6k nyelvtanr\u00f3l.<\/p>\r\n                    <\/div>\r\n                <\/div>\r\n            <\/div>\r\n        <\/a>\r\n\r\n        \r\n        <a href=\"https:\/\/talkpal.ai\/hu\/torok-nyelvtani-gyakorlatok\/\">\r\n            <div class=\"learnNavigationWrapper\">\r\n                <div class=\"learnNavigationContent\">\r\n                    <img decoding=\"async\" src=\"https:\/\/talkpal.ai\/wp-content\/uploads\/2024\/08\/Turkish.jpg\" alt=\"Turkish Flag\">\r\n                    <div>\r\n                        <h4>T\u00f6r\u00f6k nyelvtani gyakorlat<\/h4>\r\n                        <p>Gyakorolja a t\u00f6r\u00f6k nyelvtant.<\/p>\r\n                    <\/div>\r\n                <\/div>\r\n            <\/div>\r\n        <\/a>\r\n\r\n        \r\n        <a href=\"https:\/\/talkpal.ai\/vocabulary_language\/turkish\/\">\r\n            <div class=\"learnNavigationWrapper\">\r\n                <div class=\"learnNavigationContent\">\r\n                    <img decoding=\"async\" src=\"https:\/\/talkpal.ai\/wp-content\/uploads\/2024\/08\/Turkish.jpg\" alt=\"Turkish Flag\">\r\n                    <div>\r\n                        <h4>T\u00f6r\u00f6k sz\u00f3kincs<\/h4>\r\n                        <p>B\u0151v\u00edtse t\u00f6r\u00f6k sz\u00f3kincs\u00e9t.<\/p>\r\n                    <\/div>\r\n                <\/div>\r\n            <\/div>\r\n        <\/a>\r\n\r\n            <\/section>","protected":false},"excerpt":{"rendered":"<p>A t\u00f6r\u00f6k nyelvtan v\u00e9gs\u0151 \u00fatmutat\u00f3ja: navig\u00e1l\u00e1s egy egyedi nyelv bonyolults\u00e1g\u00e1ban A t\u00f6r\u00f6k nyelvtan, mint maga a nyelv, gazdag \u00e9s leny\u0171g\u00f6z\u0151 nyelvi elemeket mutat be. A t\u00f6r\u00f6k nyelvcsal\u00e1d tagjak\u00e9nt a t\u00f6r\u00f6k nyelv v\u00e1ltozatos tulajdons\u00e1gaival elb\u0171v\u00f6li a tanul\u00f3kat, \u00e9s m\u00e9g a leggyakorlottabb besz\u00e9l\u0151ket is kih\u00edv\u00e1s el\u00e9 \u00e1ll\u00edtja. Ebben az \u00fatmutat\u00f3ban felt\u00e1rjuk a t\u00f6r\u00f6k nyelvtan legfontosabb alapelveit, megmagyar\u00e1zzuk [&hellip;]<\/p>\n","protected":false},"author":1,"featured_media":120993,"parent":0,"menu_order":0,"comment_status":"closed","ping_status":"closed","template":"LearningContentPage.php","meta":{"_acf_changed":false,"footnotes":""},"class_list":["post-153134","page","type-page","status-publish","has-post-thumbnail","hentry"],"acf":[],"yoast_head":"<!-- This site is optimized with the Yoast SEO Premium plugin v27.2 (Yoast SEO v27.2) - https:\/\/yoast.com\/product\/yoast-seo-premium-wordpress\/ -->\n<title>T\u00f6r\u00f6k nyelvtan - Talkpal<\/title>\n<meta name=\"description\" content=\"Fejtse meg a t\u00f6r\u00f6k nyelvtan titkait a legfontosabb alapelveket \u00e9s mondatszerkezetet bemutat\u00f3 \u00e1tfog\u00f3 \u00fatmutat\u00f3nkkal.\" \/>\n<meta name=\"robots\" content=\"index, follow, max-snippet:-1, max-image-preview:large, max-video-preview:-1\" \/>\n<link rel=\"canonical\" href=\"https:\/\/talkpal.ai\/hu\/torok-nyelvtan\/\" \/>\n<meta property=\"og:locale\" content=\"hu_HU\" \/>\n<meta property=\"og:type\" content=\"article\" \/>\n<meta property=\"og:title\" content=\"T\u00f6r\u00f6k nyelvtan\" \/>\n<meta property=\"og:description\" content=\"A t\u00f6r\u00f6k nyelvtan v\u00e9gs\u0151 \u00fatmutat\u00f3ja: navig\u00e1l\u00e1s egy egyedi nyelv bonyolults\u00e1g\u00e1ban A t\u00f6r\u00f6k nyelvtan, mint maga a nyelv, gazdag \u00e9s leny\u0171g\u00f6z\u0151 nyelvi elemeket\" \/>\n<meta property=\"og:url\" content=\"https:\/\/talkpal.ai\/hu\/torok-nyelvtan\/\" \/>\n<meta property=\"og:site_name\" content=\"Talkpal\" \/>\n<meta property=\"article:publisher\" content=\"https:\/\/www.facebook.com\/profile.php?id=100090733639311\" \/>\n<meta property=\"article:modified_time\" content=\"2025-12-13T15:56:57+00:00\" \/>\n<meta property=\"og:image\" content=\"https:\/\/talkpal.ai\/wp-content\/uploads\/2023\/05\/turkish.png\" \/>\n\t<meta property=\"og:image:width\" content=\"512\" \/>\n\t<meta property=\"og:image:height\" content=\"512\" \/>\n\t<meta property=\"og:image:type\" content=\"image\/png\" \/>\n<meta name=\"twitter:card\" content=\"summary_large_image\" \/>\n<meta name=\"twitter:site\" content=\"@talkpalai\" \/>\n<meta name=\"twitter:label1\" content=\"Becs\u00fclt olvas\u00e1si id\u0151\" \/>\n\t<meta name=\"twitter:data1\" content=\"4 perc\" \/>\n<script type=\"application\/ld+json\" class=\"yoast-schema-graph\">{\"@context\":\"https:\/\/schema.org\",\"@graph\":[{\"@type\":\"WebPage\",\"@id\":\"https:\/\/talkpal.ai\/hu\/torok-nyelvtan\/\",\"url\":\"https:\/\/talkpal.ai\/hu\/torok-nyelvtan\/\",\"name\":\"T\u00f6r\u00f6k nyelvtan - Talkpal\",\"isPartOf\":{\"@id\":\"https:\/\/talkpal.ai\/hu\/#website\"},\"primaryImageOfPage\":{\"@id\":\"https:\/\/talkpal.ai\/hu\/torok-nyelvtan\/#primaryimage\"},\"image\":{\"@id\":\"https:\/\/talkpal.ai\/hu\/torok-nyelvtan\/#primaryimage\"},\"thumbnailUrl\":\"https:\/\/talkpal.ai\/wp-content\/uploads\/2023\/05\/turkish.png\",\"datePublished\":\"2023-05-14T14:23:49+00:00\",\"dateModified\":\"2025-12-13T15:56:57+00:00\",\"description\":\"Fejtse meg a t\u00f6r\u00f6k nyelvtan titkait a legfontosabb alapelveket \u00e9s mondatszerkezetet bemutat\u00f3 \u00e1tfog\u00f3 \u00fatmutat\u00f3nkkal.\",\"breadcrumb\":{\"@id\":\"https:\/\/talkpal.ai\/hu\/torok-nyelvtan\/#breadcrumb\"},\"inLanguage\":\"hu\",\"potentialAction\":[{\"@type\":\"ReadAction\",\"target\":[\"https:\/\/talkpal.ai\/hu\/torok-nyelvtan\/\"]}]},{\"@type\":\"ImageObject\",\"inLanguage\":\"hu\",\"@id\":\"https:\/\/talkpal.ai\/hu\/torok-nyelvtan\/#primaryimage\",\"url\":\"https:\/\/talkpal.ai\/wp-content\/uploads\/2023\/05\/turkish.png\",\"contentUrl\":\"https:\/\/talkpal.ai\/wp-content\/uploads\/2023\/05\/turkish.png\",\"width\":512,\"height\":512},{\"@type\":\"BreadcrumbList\",\"@id\":\"https:\/\/talkpal.ai\/hu\/torok-nyelvtan\/#breadcrumb\",\"itemListElement\":[{\"@type\":\"ListItem\",\"position\":1,\"name\":\"Homepage\",\"item\":\"https:\/\/talkpal.ai\/hu\/\"},{\"@type\":\"ListItem\",\"position\":2,\"name\":\"T\u00f6r\u00f6k nyelvtan\"}]},{\"@type\":\"WebSite\",\"@id\":\"https:\/\/talkpal.ai\/hu\/#website\",\"url\":\"https:\/\/talkpal.ai\/hu\/\",\"name\":\"Talkpal\",\"description\":\"AI Language Learning\",\"publisher\":{\"@id\":\"https:\/\/talkpal.ai\/hu\/#organization\"},\"alternateName\":\"Talkpal AI\",\"potentialAction\":[{\"@type\":\"SearchAction\",\"target\":{\"@type\":\"EntryPoint\",\"urlTemplate\":\"https:\/\/talkpal.ai\/hu\/?s={search_term_string}\"},\"query-input\":{\"@type\":\"PropertyValueSpecification\",\"valueRequired\":true,\"valueName\":\"search_term_string\"}}],\"inLanguage\":\"hu\"},{\"@type\":\"Organization\",\"@id\":\"https:\/\/talkpal.ai\/hu\/#organization\",\"name\":\"Talkpal, Inc.\",\"alternateName\":\"Talkpal AI\",\"url\":\"https:\/\/talkpal.ai\/hu\/\",\"logo\":{\"@type\":\"ImageObject\",\"inLanguage\":\"hu\",\"@id\":\"https:\/\/talkpal.ai\/hu\/#\/schema\/logo\/image\/\",\"url\":\"https:\/\/talkpal.ai\/wp-content\/uploads\/2024\/03\/Talkpal-Logo-Icon.png\",\"contentUrl\":\"https:\/\/talkpal.ai\/wp-content\/uploads\/2024\/03\/Talkpal-Logo-Icon.png\",\"width\":2880,\"height\":2880,\"caption\":\"Talkpal, Inc.\"},\"image\":{\"@id\":\"https:\/\/talkpal.ai\/hu\/#\/schema\/logo\/image\/\"},\"sameAs\":[\"https:\/\/www.facebook.com\/profile.php?id=100090733639311\",\"https:\/\/x.com\/talkpalai\",\"https:\/\/www.linkedin.com\/company\/talkpal\/\",\"https:\/\/www.youtube.com\/@TalkPal\/\",\"https:\/\/www.tiktok.com\/@talkpal\",\"https:\/\/www.instagram.com\/talkpal_ai\/\",\"https:\/\/www.crunchbase.com\/organization\/talkpal-9cde\",\"https:\/\/www.g2.com\/products\/talkpal-for-business\/\",\"https:\/\/www.trustpilot.com\/review\/talkpal.ai\",\"https:\/\/www.capterra.com\/p\/10006800\/TalkPal\/\"],\"description\":\"Talkpal is a language learning web and mobile education app, powered by the latest AI technologies, that provides engaging experiences to its customers in many different languages to help them improve their language skills. Users can chat about unlimited amount of topics with the app and use other modes to practice their language learning.\",\"email\":\"support@talkpal.ai\",\"legalName\":\"Talkpal, Inc.\",\"foundingDate\":\"2023-04-03\",\"duns\":\"118989042\",\"numberOfEmployees\":{\"@type\":\"QuantitativeValue\",\"minValue\":\"11\",\"maxValue\":\"50\"},\"publishingPrinciples\":\"https:\/\/talkpal.ai\/publishing-principles\/\",\"actionableFeedbackPolicy\":\"https:\/\/talkpal.ai\/actionable-feedback-policy\/\",\"correctionsPolicy\":\"https:\/\/talkpal.ai\/corrections-policy\/\",\"ethicsPolicy\":\"https:\/\/talkpal.ai\/ethics-policy\/\",\"diversityPolicy\":\"https:\/\/talkpal.ai\/diversity-policy\/\",\"diversityStaffingReport\":\"https:\/\/talkpal.ai\/diversity-policy\/\"}]}<\/script>\n<!-- \/ Yoast SEO Premium plugin. -->","yoast_head_json":{"title":"T\u00f6r\u00f6k nyelvtan - Talkpal","description":"Fejtse meg a t\u00f6r\u00f6k nyelvtan titkait a legfontosabb alapelveket \u00e9s mondatszerkezetet bemutat\u00f3 \u00e1tfog\u00f3 \u00fatmutat\u00f3nkkal.","robots":{"index":"index","follow":"follow","max-snippet":"max-snippet:-1","max-image-preview":"max-image-preview:large","max-video-preview":"max-video-preview:-1"},"canonical":"https:\/\/talkpal.ai\/hu\/torok-nyelvtan\/","og_locale":"hu_HU","og_type":"article","og_title":"T\u00f6r\u00f6k nyelvtan","og_description":"A t\u00f6r\u00f6k nyelvtan v\u00e9gs\u0151 \u00fatmutat\u00f3ja: navig\u00e1l\u00e1s egy egyedi nyelv bonyolults\u00e1g\u00e1ban A t\u00f6r\u00f6k nyelvtan, mint maga a nyelv, gazdag \u00e9s leny\u0171g\u00f6z\u0151 nyelvi elemeket","og_url":"https:\/\/talkpal.ai\/hu\/torok-nyelvtan\/","og_site_name":"Talkpal","article_publisher":"https:\/\/www.facebook.com\/profile.php?id=100090733639311","article_modified_time":"2025-12-13T15:56:57+00:00","og_image":[{"width":512,"height":512,"url":"https:\/\/talkpal.ai\/wp-content\/uploads\/2023\/05\/turkish.png","type":"image\/png"}],"twitter_card":"summary_large_image","twitter_site":"@talkpalai","twitter_misc":{"Becs\u00fclt olvas\u00e1si id\u0151":"4 perc"},"schema":{"@context":"https:\/\/schema.org","@graph":[{"@type":"WebPage","@id":"https:\/\/talkpal.ai\/hu\/torok-nyelvtan\/","url":"https:\/\/talkpal.ai\/hu\/torok-nyelvtan\/","name":"T\u00f6r\u00f6k nyelvtan - Talkpal","isPartOf":{"@id":"https:\/\/talkpal.ai\/hu\/#website"},"primaryImageOfPage":{"@id":"https:\/\/talkpal.ai\/hu\/torok-nyelvtan\/#primaryimage"},"image":{"@id":"https:\/\/talkpal.ai\/hu\/torok-nyelvtan\/#primaryimage"},"thumbnailUrl":"https:\/\/talkpal.ai\/wp-content\/uploads\/2023\/05\/turkish.png","datePublished":"2023-05-14T14:23:49+00:00","dateModified":"2025-12-13T15:56:57+00:00","description":"Fejtse meg a t\u00f6r\u00f6k nyelvtan titkait a legfontosabb alapelveket \u00e9s mondatszerkezetet bemutat\u00f3 \u00e1tfog\u00f3 \u00fatmutat\u00f3nkkal.","breadcrumb":{"@id":"https:\/\/talkpal.ai\/hu\/torok-nyelvtan\/#breadcrumb"},"inLanguage":"hu","potentialAction":[{"@type":"ReadAction","target":["https:\/\/talkpal.ai\/hu\/torok-nyelvtan\/"]}]},{"@type":"ImageObject","inLanguage":"hu","@id":"https:\/\/talkpal.ai\/hu\/torok-nyelvtan\/#primaryimage","url":"https:\/\/talkpal.ai\/wp-content\/uploads\/2023\/05\/turkish.png","contentUrl":"https:\/\/talkpal.ai\/wp-content\/uploads\/2023\/05\/turkish.png","width":512,"height":512},{"@type":"BreadcrumbList","@id":"https:\/\/talkpal.ai\/hu\/torok-nyelvtan\/#breadcrumb","itemListElement":[{"@type":"ListItem","position":1,"name":"Homepage","item":"https:\/\/talkpal.ai\/hu\/"},{"@type":"ListItem","position":2,"name":"T\u00f6r\u00f6k nyelvtan"}]},{"@type":"WebSite","@id":"https:\/\/talkpal.ai\/hu\/#website","url":"https:\/\/talkpal.ai\/hu\/","name":"Talkpal","description":"AI Language Learning","publisher":{"@id":"https:\/\/talkpal.ai\/hu\/#organization"},"alternateName":"Talkpal AI","potentialAction":[{"@type":"SearchAction","target":{"@type":"EntryPoint","urlTemplate":"https:\/\/talkpal.ai\/hu\/?s={search_term_string}"},"query-input":{"@type":"PropertyValueSpecification","valueRequired":true,"valueName":"search_term_string"}}],"inLanguage":"hu"},{"@type":"Organization","@id":"https:\/\/talkpal.ai\/hu\/#organization","name":"Talkpal, Inc.","alternateName":"Talkpal AI","url":"https:\/\/talkpal.ai\/hu\/","logo":{"@type":"ImageObject","inLanguage":"hu","@id":"https:\/\/talkpal.ai\/hu\/#\/schema\/logo\/image\/","url":"https:\/\/talkpal.ai\/wp-content\/uploads\/2024\/03\/Talkpal-Logo-Icon.png","contentUrl":"https:\/\/talkpal.ai\/wp-content\/uploads\/2024\/03\/Talkpal-Logo-Icon.png","width":2880,"height":2880,"caption":"Talkpal, Inc."},"image":{"@id":"https:\/\/talkpal.ai\/hu\/#\/schema\/logo\/image\/"},"sameAs":["https:\/\/www.facebook.com\/profile.php?id=100090733639311","https:\/\/x.com\/talkpalai","https:\/\/www.linkedin.com\/company\/talkpal\/","https:\/\/www.youtube.com\/@TalkPal\/","https:\/\/www.tiktok.com\/@talkpal","https:\/\/www.instagram.com\/talkpal_ai\/","https:\/\/www.crunchbase.com\/organization\/talkpal-9cde","https:\/\/www.g2.com\/products\/talkpal-for-business\/","https:\/\/www.trustpilot.com\/review\/talkpal.ai","https:\/\/www.capterra.com\/p\/10006800\/TalkPal\/"],"description":"Talkpal is a language learning web and mobile education app, powered by the latest AI technologies, that provides engaging experiences to its customers in many different languages to help them improve their language skills. Users can chat about unlimited amount of topics with the app and use other modes to practice their language learning.","email":"support@talkpal.ai","legalName":"Talkpal, Inc.","foundingDate":"2023-04-03","duns":"118989042","numberOfEmployees":{"@type":"QuantitativeValue","minValue":"11","maxValue":"50"},"publishingPrinciples":"https:\/\/talkpal.ai\/publishing-principles\/","actionableFeedbackPolicy":"https:\/\/talkpal.ai\/actionable-feedback-policy\/","correctionsPolicy":"https:\/\/talkpal.ai\/corrections-policy\/","ethicsPolicy":"https:\/\/talkpal.ai\/ethics-policy\/","diversityPolicy":"https:\/\/talkpal.ai\/diversity-policy\/","diversityStaffingReport":"https:\/\/talkpal.ai\/diversity-policy\/"}]}},"_links":{"self":[{"href":"https:\/\/talkpal.ai\/hu\/wp-json\/wp\/v2\/pages\/153134","targetHints":{"allow":["GET"]}}],"collection":[{"href":"https:\/\/talkpal.ai\/hu\/wp-json\/wp\/v2\/pages"}],"about":[{"href":"https:\/\/talkpal.ai\/hu\/wp-json\/wp\/v2\/types\/page"}],"author":[{"embeddable":true,"href":"https:\/\/talkpal.ai\/hu\/wp-json\/wp\/v2\/users\/1"}],"replies":[{"embeddable":true,"href":"https:\/\/talkpal.ai\/hu\/wp-json\/wp\/v2\/comments?post=153134"}],"version-history":[{"count":0,"href":"https:\/\/talkpal.ai\/hu\/wp-json\/wp\/v2\/pages\/153134\/revisions"}],"wp:featuredmedia":[{"embeddable":true,"href":"https:\/\/talkpal.ai\/hu\/wp-json\/wp\/v2\/media\/120993"}],"wp:attachment":[{"href":"https:\/\/talkpal.ai\/hu\/wp-json\/wp\/v2\/media?parent=153134"}],"curies":[{"name":"wp","href":"https:\/\/api.w.org\/{rel}","templated":true}]}}