{"id":152827,"date":"2023-05-14T14:23:21","date_gmt":"2023-05-14T14:23:21","guid":{"rendered":"http:\/\/talkpal.ai\/tagalog-nyelvtan\/"},"modified":"2025-12-17T15:39:19","modified_gmt":"2025-12-17T15:39:19","slug":"tagalog-nyelvtan","status":"publish","type":"page","link":"https:\/\/talkpal.ai\/hu\/tagalog-nyelvtan\/","title":{"rendered":"Tagalog nyelvtan"},"content":{"rendered":"\r\n\r\n\r\n<section class=\"languageChallengeSection\">\r\n    <div class=\"languageInfoWrapper\">\r\n        \r\n        <h1>Tagalog nyelvtan<\/h1>\r\n        <p>Izgatottan v\u00e1rod, hogy tagalogul tanulj? Fedezze fel a <a href=\"https:\/\/talkpal.ai\/learn-tagalog\/\">tagalog<\/a> nyelvtant, ahol az egyedi igef\u00f3kuszrendszerek, a rugalmas mondatrend \u00e9s a hasznos r\u00e9szecsk\u00e9k olyan nyelvet hoznak l\u00e9tre, amely ugyanolyan kifejez\u0151, mint amilyen \u00e9rdekes. Kezdje el utaz\u00e1s\u00e1t most &#8211; a <a href=\"https:\/\/talkpal.ai\/tagalog-grammar\/\">tagalog nyelvtan<\/a> elsaj\u00e1t\u00edt\u00e1sa lehet\u0151v\u00e9 teszi, hogy magabiztosan kommunik\u00e1ljon, \u00e9s elmer\u00fclj\u00f6n a F\u00fcl\u00f6p-szigetek \u00e9l\u00e9nk kult\u00far\u00e1j\u00e1ban!<\/p>\r\n\r\n                            <a class=\"getStartedHidden\" href=\"https:\/\/app.talkpal.ai\/hu\/signup?lng=\">Kezdj\u00fck<\/a>\r\n        \r\n    <\/div>\r\n\r\n    <figure>\r\n    <img decoding=\"async\" width=\"768\" height=\"768\" src=\"https:\/\/talkpal.ai\/wp-content\/uploads\/2023\/06\/tagalog-768x768.png\" class=\"languageImage no-lazy\" alt=\"Overcoming challenges in language learning\" fetchpriority=\"high\" sizes=\"(max-width: 768px) 150px, 768px\" srcset=\"https:\/\/talkpal.ai\/wp-content\/uploads\/2023\/06\/tagalog-768x768.png 768w, https:\/\/talkpal.ai\/wp-content\/uploads\/2023\/06\/tagalog-300x300.png 300w\" \/>\r\n    \r\n\r\n    <\/figure>\r\n\r\n            <a class=\"getStartedVisible\" href=\"https:\/\/app.talkpal.ai\/hu\/signup?lng=\">Kezdj\u00fck<\/a>\r\n    \r\n<\/section>\r\n<section class=\"promotionalBanner\">\r\n    <p class=\"promotionalText\">A nyelvtanul\u00e1s leghat\u00e9konyabb m\u00f3dja<\/p>\r\n    <a class=\"promotionalLink\" href=\"https:\/\/app.talkpal.ai\/hu\/signup?lng=\">Pr\u00f3b\u00e1lja ki a Talkpal ingyen<\/a>\r\n<\/section>\n<div class=\"wp-block-group pageContainerStyle\"><div class=\"wp-block-group__inner-container is-layout-constrained wp-block-group-is-layout-constrained\">\n<h1 class=\"wp-block-heading\" id=\"h-tagalog-grammar-get-to-know-the-heart-of-filipino-language\">Tagalog nyelvtan: Ismerje meg a filipp\u00edn\u00f3 nyelv sz\u00edv\u00e9t<\/h1>\n\n\n\n<p>A tagalogot, a F\u00fcl\u00f6p-szigetek nemzeti nyelv\u00e9nek, a filipp\u00edn\u00f3nak az alapj\u00e1t vil\u00e1gszerte t\u00f6bb milli\u00f3 ember besz\u00e9li. A tagalog megtanul\u00e1s\u00e1hoz el\u0151sz\u00f6r meg kell \u00e9rtenie annak bonyolult \u00e9s leny\u0171g\u00f6z\u0151 nyelvtan\u00e1t. Ebben a cikkben belemer\u00fcl\u00fcnk a <a href=\"https:\/\/talkpal.ai\/tagalog-grammar\/\">tagalog nyelvtan<\/a> alapvet\u0151 szempontjaiba, seg\u00edtve \u00d6nt abban, hogy besz\u00e9lget\u00e9si \u00e9s bar\u00e1ts\u00e1gos m\u00f3don \u00e9rt\u00e9kelje ezt a gy\u00f6ny\u00f6r\u0171 nyelvet.<\/p>\n\n\n\n<h3 class=\"wp-block-heading\" id=\"h-1-nouns-genderless-countable-and-uncountable\">1. F\u0151nevek \u2013 nem n\u00e9lk\u00fcli, megsz\u00e1ml\u00e1lhat\u00f3 \u00e9s megsz\u00e1ml\u00e1lhatatlan<\/h3>\n\n\n\n<p>A tagalogban a f\u0151neveket (pangngalan) nem kategoriz\u00e1lj\u00e1k nemek szerint, \u00edgy k\u00f6nnyebben kezelhet\u0151k, mint n\u00e9h\u00e1ny m\u00e1s nyelv. A k\u00f6z\u00f6ns\u00e9ges f\u0151nevek emberekre, \u00e1llatokra, helyekre, dolgokra vagy \u00f6tletekre utalnak, a tulajdonnevek pedig konkr\u00e9t neveket jel\u00f6lnek. Sz\u00e1molhat\u00f3 (tahanan, jelent\u00e9se &#8222;h\u00e1z&#8221;) \u00e9s nem sz\u00e1molhat\u00f3 f\u0151nevekkel (tubig, jelent\u00e9se &#8222;v\u00edz&#8221;) egyar\u00e1nt tal\u00e1lkozhatsz. A f\u0151nevek t\u00f6bbes sz\u00e1m\u00fav\u00e1 is alak\u00edthat\u00f3k olyan speci\u00e1lis jel\u00f6l\u0151k hozz\u00e1ad\u00e1s\u00e1val, mint p\u00e9ld\u00e1ul az &#8222;mga&#8221;.<\/p>\n\n\n\n<h3 class=\"wp-block-heading\" id=\"h-2-adjectives-describing-with-flair\">2. Mell\u00e9knevek \u2013 Szeml\u00e9letes le\u00edr\u00e1s<\/h3>\n\n\n\n<p>A mell\u00e9knevek (pang-uri) t\u00f6bb inform\u00e1ci\u00f3t ny\u00fajtanak a f\u0151nevekr\u0151l, a mell\u00e9knevek tagalog nyelven t\u00f6rt\u00e9n\u0151 haszn\u00e1lat\u00e1nak sz\u00e1mos m\u00f3dj\u00e1val. A f\u0151nevek \u00f6sszehasonl\u00edt\u00e1sa a mell\u00e9knevek seg\u00edts\u00e9g\u00e9vel t\u00f6rt\u00e9nik, a &#8222;mas&#8221; \u00e9s a &#8222;pinaka&#8221; jelz\u0151k haszn\u00e1lat\u00e1val, \u00f6sszehasonl\u00edt\u00f3 \u00e9s szuperlat\u00edvusz fokozatok l\u00e9trehoz\u00e1s\u00e1ra. P\u00e9ld\u00e1ul a &#8222;maganda&#8221; jelent\u00e9se &#8222;sz\u00e9p&#8221;, m\u00edg a &#8222;mas maganda&#8221; jelent\u00e9se &#8222;szebb&#8221;, a &#8222;pinakamaganda&#8221; pedig &#8222;a legszebb&#8221;.<\/p>\n\n\n\n<h3 class=\"wp-block-heading\" id=\"h-3-pronouns-keeping-it-personal\">3. N\u00e9vm\u00e1sok \u2013 Szem\u00e9lyes megtart\u00e1sa<\/h3>\n\n\n\n<p>A tagalog <a href=\"https:\/\/talkpal.ai\/grammar\/\">nyelvtan<\/a> szem\u00e9lyes, birtokos, demonstrat\u00edv, k\u00e9rd\u0151 \u00e9s relat\u00edv n\u00e9vm\u00e1sokb\u00f3l \u00e1ll. A szem\u00e9lyes n\u00e9vm\u00e1sok h\u00e1rom esetben fordulnak el\u0151: nominat\u00edv (az alanyt jel\u00f6li), birtokos (birtokl\u00e1st jelez) \u00e9s t\u00e1rgyeset (t\u00e1rgyat jelez). A mutat\u00f3 n\u00e9vm\u00e1sokat, mint p\u00e9ld\u00e1ul az &#8222;ito&#8221; (ez) \u00e9s az &#8222;iyan&#8221; (az), konkr\u00e9t dolgok kiemel\u00e9s\u00e9re haszn\u00e1lj\u00e1k, m\u00edg a k\u00e9rd\u0151 n\u00e9vm\u00e1sokat k\u00e9rd\u00e9sek feltev\u00e9s\u00e9re haszn\u00e1lj\u00e1k.<\/p>\n\n\n\n<h3 class=\"wp-block-heading\" id=\"h-4-verbs-conjugation-and-focus\">4. Ig\u00e9k \u2013 ragoz\u00e1s \u00e9s f\u00f3kusz<\/h3>\n\n\n\n<p>A tagalog ig\u00e9k (pandiwa) l\u00e9tfontoss\u00e1g\u00fa szerepet j\u00e1tszanak a mondat\u00e9p\u00edt\u00e9sben, \u00e9s ragoz\u00e1suk elt\u00e9r\u0151. A fesz\u00fclt v\u00e1ltoz\u00e1sok helyett a tagalog igeragoz\u00e1sok szempontv\u00e1ltoz\u00e1sokat tartalmaznak. H\u00e1rom igei aspektusa <a href=\"https:\/\/talkpal.ai\/locations\/language-courses-in-van\/\">van<\/a>: befejezett (t\u00f6k\u00e9letes), befejezetlen (imperfekt\u00edv) \u00e9s megfontolt (j\u00f6v\u0151).  <\/p>\n\n\n\n<p>S\u0151t, a tagalog egyed\u00fcl\u00e1ll\u00f3 f\u00f3kuszrendszerrel rendelkezik az ig\u00e9khez kapcsol\u00f3d\u00f3an. Ebben a rendszerben az igeforma att\u00f3l f\u00fcgg\u0151en v\u00e1ltozik, hogy a mondat melyik r\u00e9sze \u00f6sszpontos\u00edt, p\u00e9ld\u00e1ul a cselekv\u00e9s t\u00e1rgya, t\u00e1rgya vagy ir\u00e1nya. Az olyan kulcsfontoss\u00e1g\u00fa jel\u00f6l\u0151k, mint az &#8222;um-&#8222;, &#8222;mag-&#8221; \u00e9s &#8222;-in&#8221; seg\u00edtenek k\u00fcl\u00f6nb\u00f6z\u0151 \u00e1rnyalatokat k\u00f6zvet\u00edteni a mondatokon bel\u00fcl.<\/p>\n\n\n\n<h3 class=\"wp-block-heading\" id=\"h-5-embracing-the-journey\">5. Az utaz\u00e1s elfogad\u00e1sa<\/h3>\n\n\n\n<p>A tagalog nyelvtan tanul\u00e1sa id\u0151t, er\u0151fesz\u00edt\u00e9st \u00e9s egy kis t\u00fcrelmet ig\u00e9nyel. Egyedis\u00e9ge azonban, miut\u00e1n elsaj\u00e1t\u00edtott\u00e1k, p\u00e1ratlan betekint\u00e9st ny\u00fajt a filipp\u00edn\u00f3 kult\u00far\u00e1ba \u00e9s \u00f6r\u00f6ks\u00e9gbe. Legyen nyitott, gyakoroljon k\u00f6vetkezetesen, \u00e9s ne f\u00e9ljen hib\u00e1zni besz\u00e9d k\u00f6zben.<\/p>\n\n\n\n<p>Ahogy egyre m\u00e9lyebbre mer\u00fclsz a tagalog nyelvtan \u00e1rnyalataiban, sz\u00e1nj id\u0151t arra, hogy \u00e9lvezd az \u00e1ltala k\u00edn\u00e1lt \u00e9l\u00e9nks\u00e9get \u00e9s gazdags\u00e1got. K\u00f3stolja meg meg\u00e9rt\u00e9s\u00e9t azokr\u00f3l a bonyolults\u00e1gokr\u00f3l, amelyek ezt a nyelvet val\u00f3ban kiv\u00e9teless\u00e9 teszik. Maligayang pag-aaral \u2013 boldog <a href=\"https:\/\/talkpal.ai\/hu\/tanulas\/\">tanul\u00e1s<\/a>!<\/p>\n<\/div><\/div>\n\r\n<section class=\"learnNavigationSection\">\r\n            \r\n        <a href=\"https:\/\/talkpal.ai\/hu\/ismerje-meg-a-tagalogot\/\">\r\n            <div class=\"learnNavigationWrapper\">\r\n                <div class=\"learnNavigationContent\">\r\n                    <img decoding=\"async\" src=\"https:\/\/talkpal.ai\/wp-content\/uploads\/2024\/08\/Tagalog.jpg\" alt=\"Philippines Flag\">\r\n                    <div>\r\n                        <h4>A tagalog tanul\u00e1sr\u00f3l<\/h4>\r\n                        <p>Tudjon meg mindent a tagalog nyelvtanr\u00f3l.<\/p>\r\n                    <\/div>\r\n                <\/div>\r\n            <\/div>\r\n        <\/a>\r\n\r\n        \r\n        <a href=\"https:\/\/talkpal.ai\/hu\/tagalog-nyelvtani-gyakorlatok\/\">\r\n            <div class=\"learnNavigationWrapper\">\r\n                <div class=\"learnNavigationContent\">\r\n                    <img decoding=\"async\" src=\"https:\/\/talkpal.ai\/wp-content\/uploads\/2024\/08\/Tagalog.jpg\" alt=\"Philippines Flag\">\r\n                    <div>\r\n                        <h4>Tagalog nyelvtani gyakorlat<\/h4>\r\n                        <p>Gyakorolja a tagalog nyelvtant.<\/p>\r\n                    <\/div>\r\n                <\/div>\r\n            <\/div>\r\n        <\/a>\r\n\r\n        \r\n        <a href=\"https:\/\/talkpal.ai\/vocabulary_language\/tagalog\/\">\r\n            <div class=\"learnNavigationWrapper\">\r\n                <div class=\"learnNavigationContent\">\r\n                    <img decoding=\"async\" src=\"https:\/\/talkpal.ai\/wp-content\/uploads\/2024\/08\/Tagalog.jpg\" alt=\"Philippines Flag\">\r\n                    <div>\r\n                        <h4>Tagalog sz\u00f3kincs<\/h4>\r\n                        <p>B\u0151v\u00edtse tagalog sz\u00f3kincs\u00e9t.<\/p>\r\n                    <\/div>\r\n                <\/div>\r\n            <\/div>\r\n        <\/a>\r\n\r\n            <\/section>","protected":false},"excerpt":{"rendered":"<p>Tagalog nyelvtan: Ismerje meg a filipp\u00edn\u00f3 nyelv sz\u00edv\u00e9t A tagalogot, a F\u00fcl\u00f6p-szigetek nemzeti nyelv\u00e9nek, a filipp\u00edn\u00f3nak az alapj\u00e1t vil\u00e1gszerte t\u00f6bb milli\u00f3 ember besz\u00e9li. A tagalog megtanul\u00e1s\u00e1hoz el\u0151sz\u00f6r meg kell \u00e9rtenie annak bonyolult \u00e9s leny\u0171g\u00f6z\u0151 nyelvtan\u00e1t. Ebben a cikkben belemer\u00fcl\u00fcnk a tagalog nyelvtan alapvet\u0151 szempontjaiba, seg\u00edtve \u00d6nt abban, hogy besz\u00e9lget\u00e9si \u00e9s bar\u00e1ts\u00e1gos m\u00f3don \u00e9rt\u00e9kelje ezt a [&hellip;]<\/p>\n","protected":false},"author":1,"featured_media":120037,"parent":0,"menu_order":0,"comment_status":"closed","ping_status":"closed","template":"LearningContentPage.php","meta":{"_acf_changed":false,"footnotes":""},"class_list":["post-152827","page","type-page","status-publish","has-post-thumbnail","hentry"],"acf":[],"yoast_head":"<!-- This site is optimized with the Yoast SEO Premium plugin v27.2 (Yoast SEO v27.2) - https:\/\/yoast.com\/product\/yoast-seo-premium-wordpress\/ -->\n<title>Tagalog nyelvtan - Talkpal<\/title>\n<meta name=\"description\" content=\"Fedezze fel a tagalog nyelvtani alapjait, \u00e9s tanulja meg, hogyan \u00e9rt\u00e9kelje ezt a gy\u00f6ny\u00f6r\u0171 nyelvet egyszer\u0171 \u00e9s bar\u00e1ts\u00e1gos m\u00f3don.\" \/>\n<meta name=\"robots\" content=\"index, follow, max-snippet:-1, max-image-preview:large, max-video-preview:-1\" \/>\n<link rel=\"canonical\" href=\"https:\/\/talkpal.ai\/hu\/tagalog-nyelvtan\/\" \/>\n<meta property=\"og:locale\" content=\"hu_HU\" \/>\n<meta property=\"og:type\" content=\"article\" \/>\n<meta property=\"og:title\" content=\"Tagalog nyelvtan\" \/>\n<meta property=\"og:description\" content=\"Tagalog nyelvtan: Ismerje meg a filipp\u00edn\u00f3 nyelv sz\u00edv\u00e9t A tagalogot, a F\u00fcl\u00f6p-szigetek nemzeti nyelv\u00e9nek, a filipp\u00edn\u00f3nak az alapj\u00e1t vil\u00e1gszerte t\u00f6bb milli\u00f3\" \/>\n<meta property=\"og:url\" content=\"https:\/\/talkpal.ai\/hu\/tagalog-nyelvtan\/\" \/>\n<meta property=\"og:site_name\" content=\"Talkpal\" \/>\n<meta property=\"article:publisher\" content=\"https:\/\/www.facebook.com\/profile.php?id=100090733639311\" \/>\n<meta property=\"article:modified_time\" content=\"2025-12-17T15:39:19+00:00\" \/>\n<meta property=\"og:image\" content=\"https:\/\/talkpal.ai\/wp-content\/uploads\/2023\/05\/Tagalog-philippines.png\" \/>\n\t<meta property=\"og:image:width\" content=\"512\" \/>\n\t<meta property=\"og:image:height\" content=\"512\" \/>\n\t<meta property=\"og:image:type\" content=\"image\/png\" \/>\n<meta name=\"twitter:card\" content=\"summary_large_image\" \/>\n<meta name=\"twitter:site\" content=\"@talkpalai\" \/>\n<meta name=\"twitter:label1\" content=\"Becs\u00fclt olvas\u00e1si id\u0151\" \/>\n\t<meta name=\"twitter:data1\" content=\"3 perc\" \/>\n<script type=\"application\/ld+json\" class=\"yoast-schema-graph\">{\"@context\":\"https:\/\/schema.org\",\"@graph\":[{\"@type\":\"WebPage\",\"@id\":\"https:\/\/talkpal.ai\/hu\/tagalog-nyelvtan\/\",\"url\":\"https:\/\/talkpal.ai\/hu\/tagalog-nyelvtan\/\",\"name\":\"Tagalog nyelvtan - Talkpal\",\"isPartOf\":{\"@id\":\"https:\/\/talkpal.ai\/hu\/#website\"},\"primaryImageOfPage\":{\"@id\":\"https:\/\/talkpal.ai\/hu\/tagalog-nyelvtan\/#primaryimage\"},\"image\":{\"@id\":\"https:\/\/talkpal.ai\/hu\/tagalog-nyelvtan\/#primaryimage\"},\"thumbnailUrl\":\"https:\/\/talkpal.ai\/wp-content\/uploads\/2023\/05\/Tagalog-philippines.png\",\"datePublished\":\"2023-05-14T14:23:21+00:00\",\"dateModified\":\"2025-12-17T15:39:19+00:00\",\"description\":\"Fedezze fel a tagalog nyelvtani alapjait, \u00e9s tanulja meg, hogyan \u00e9rt\u00e9kelje ezt a gy\u00f6ny\u00f6r\u0171 nyelvet egyszer\u0171 \u00e9s bar\u00e1ts\u00e1gos m\u00f3don.\",\"breadcrumb\":{\"@id\":\"https:\/\/talkpal.ai\/hu\/tagalog-nyelvtan\/#breadcrumb\"},\"inLanguage\":\"hu\",\"potentialAction\":[{\"@type\":\"ReadAction\",\"target\":[\"https:\/\/talkpal.ai\/hu\/tagalog-nyelvtan\/\"]}]},{\"@type\":\"ImageObject\",\"inLanguage\":\"hu\",\"@id\":\"https:\/\/talkpal.ai\/hu\/tagalog-nyelvtan\/#primaryimage\",\"url\":\"https:\/\/talkpal.ai\/wp-content\/uploads\/2023\/05\/Tagalog-philippines.png\",\"contentUrl\":\"https:\/\/talkpal.ai\/wp-content\/uploads\/2023\/05\/Tagalog-philippines.png\",\"width\":512,\"height\":512},{\"@type\":\"BreadcrumbList\",\"@id\":\"https:\/\/talkpal.ai\/hu\/tagalog-nyelvtan\/#breadcrumb\",\"itemListElement\":[{\"@type\":\"ListItem\",\"position\":1,\"name\":\"Homepage\",\"item\":\"https:\/\/talkpal.ai\/hu\/\"},{\"@type\":\"ListItem\",\"position\":2,\"name\":\"Tagalog nyelvtan\"}]},{\"@type\":\"WebSite\",\"@id\":\"https:\/\/talkpal.ai\/hu\/#website\",\"url\":\"https:\/\/talkpal.ai\/hu\/\",\"name\":\"Talkpal\",\"description\":\"AI Language Learning\",\"publisher\":{\"@id\":\"https:\/\/talkpal.ai\/hu\/#organization\"},\"alternateName\":\"Talkpal AI\",\"potentialAction\":[{\"@type\":\"SearchAction\",\"target\":{\"@type\":\"EntryPoint\",\"urlTemplate\":\"https:\/\/talkpal.ai\/hu\/?s={search_term_string}\"},\"query-input\":{\"@type\":\"PropertyValueSpecification\",\"valueRequired\":true,\"valueName\":\"search_term_string\"}}],\"inLanguage\":\"hu\"},{\"@type\":\"Organization\",\"@id\":\"https:\/\/talkpal.ai\/hu\/#organization\",\"name\":\"Talkpal, Inc.\",\"alternateName\":\"Talkpal AI\",\"url\":\"https:\/\/talkpal.ai\/hu\/\",\"logo\":{\"@type\":\"ImageObject\",\"inLanguage\":\"hu\",\"@id\":\"https:\/\/talkpal.ai\/hu\/#\/schema\/logo\/image\/\",\"url\":\"https:\/\/talkpal.ai\/wp-content\/uploads\/2024\/03\/Talkpal-Logo-Icon.png\",\"contentUrl\":\"https:\/\/talkpal.ai\/wp-content\/uploads\/2024\/03\/Talkpal-Logo-Icon.png\",\"width\":2880,\"height\":2880,\"caption\":\"Talkpal, Inc.\"},\"image\":{\"@id\":\"https:\/\/talkpal.ai\/hu\/#\/schema\/logo\/image\/\"},\"sameAs\":[\"https:\/\/www.facebook.com\/profile.php?id=100090733639311\",\"https:\/\/x.com\/talkpalai\",\"https:\/\/www.linkedin.com\/company\/talkpal\/\",\"https:\/\/www.youtube.com\/@TalkPal\/\",\"https:\/\/www.tiktok.com\/@talkpal\",\"https:\/\/www.instagram.com\/talkpal_ai\/\",\"https:\/\/www.crunchbase.com\/organization\/talkpal-9cde\",\"https:\/\/www.g2.com\/products\/talkpal-for-business\/\",\"https:\/\/www.trustpilot.com\/review\/talkpal.ai\",\"https:\/\/www.capterra.com\/p\/10006800\/TalkPal\/\"],\"description\":\"Talkpal is a language learning web and mobile education app, powered by the latest AI technologies, that provides engaging experiences to its customers in many different languages to help them improve their language skills. Users can chat about unlimited amount of topics with the app and use other modes to practice their language learning.\",\"email\":\"support@talkpal.ai\",\"legalName\":\"Talkpal, Inc.\",\"foundingDate\":\"2023-04-03\",\"duns\":\"118989042\",\"numberOfEmployees\":{\"@type\":\"QuantitativeValue\",\"minValue\":\"11\",\"maxValue\":\"50\"},\"publishingPrinciples\":\"https:\/\/talkpal.ai\/publishing-principles\/\",\"actionableFeedbackPolicy\":\"https:\/\/talkpal.ai\/actionable-feedback-policy\/\",\"correctionsPolicy\":\"https:\/\/talkpal.ai\/corrections-policy\/\",\"ethicsPolicy\":\"https:\/\/talkpal.ai\/ethics-policy\/\",\"diversityPolicy\":\"https:\/\/talkpal.ai\/diversity-policy\/\",\"diversityStaffingReport\":\"https:\/\/talkpal.ai\/diversity-policy\/\"}]}<\/script>\n<!-- \/ Yoast SEO Premium plugin. -->","yoast_head_json":{"title":"Tagalog nyelvtan - Talkpal","description":"Fedezze fel a tagalog nyelvtani alapjait, \u00e9s tanulja meg, hogyan \u00e9rt\u00e9kelje ezt a gy\u00f6ny\u00f6r\u0171 nyelvet egyszer\u0171 \u00e9s bar\u00e1ts\u00e1gos m\u00f3don.","robots":{"index":"index","follow":"follow","max-snippet":"max-snippet:-1","max-image-preview":"max-image-preview:large","max-video-preview":"max-video-preview:-1"},"canonical":"https:\/\/talkpal.ai\/hu\/tagalog-nyelvtan\/","og_locale":"hu_HU","og_type":"article","og_title":"Tagalog nyelvtan","og_description":"Tagalog nyelvtan: Ismerje meg a filipp\u00edn\u00f3 nyelv sz\u00edv\u00e9t A tagalogot, a F\u00fcl\u00f6p-szigetek nemzeti nyelv\u00e9nek, a filipp\u00edn\u00f3nak az alapj\u00e1t vil\u00e1gszerte t\u00f6bb milli\u00f3","og_url":"https:\/\/talkpal.ai\/hu\/tagalog-nyelvtan\/","og_site_name":"Talkpal","article_publisher":"https:\/\/www.facebook.com\/profile.php?id=100090733639311","article_modified_time":"2025-12-17T15:39:19+00:00","og_image":[{"width":512,"height":512,"url":"https:\/\/talkpal.ai\/wp-content\/uploads\/2023\/05\/Tagalog-philippines.png","type":"image\/png"}],"twitter_card":"summary_large_image","twitter_site":"@talkpalai","twitter_misc":{"Becs\u00fclt olvas\u00e1si id\u0151":"3 perc"},"schema":{"@context":"https:\/\/schema.org","@graph":[{"@type":"WebPage","@id":"https:\/\/talkpal.ai\/hu\/tagalog-nyelvtan\/","url":"https:\/\/talkpal.ai\/hu\/tagalog-nyelvtan\/","name":"Tagalog nyelvtan - Talkpal","isPartOf":{"@id":"https:\/\/talkpal.ai\/hu\/#website"},"primaryImageOfPage":{"@id":"https:\/\/talkpal.ai\/hu\/tagalog-nyelvtan\/#primaryimage"},"image":{"@id":"https:\/\/talkpal.ai\/hu\/tagalog-nyelvtan\/#primaryimage"},"thumbnailUrl":"https:\/\/talkpal.ai\/wp-content\/uploads\/2023\/05\/Tagalog-philippines.png","datePublished":"2023-05-14T14:23:21+00:00","dateModified":"2025-12-17T15:39:19+00:00","description":"Fedezze fel a tagalog nyelvtani alapjait, \u00e9s tanulja meg, hogyan \u00e9rt\u00e9kelje ezt a gy\u00f6ny\u00f6r\u0171 nyelvet egyszer\u0171 \u00e9s bar\u00e1ts\u00e1gos m\u00f3don.","breadcrumb":{"@id":"https:\/\/talkpal.ai\/hu\/tagalog-nyelvtan\/#breadcrumb"},"inLanguage":"hu","potentialAction":[{"@type":"ReadAction","target":["https:\/\/talkpal.ai\/hu\/tagalog-nyelvtan\/"]}]},{"@type":"ImageObject","inLanguage":"hu","@id":"https:\/\/talkpal.ai\/hu\/tagalog-nyelvtan\/#primaryimage","url":"https:\/\/talkpal.ai\/wp-content\/uploads\/2023\/05\/Tagalog-philippines.png","contentUrl":"https:\/\/talkpal.ai\/wp-content\/uploads\/2023\/05\/Tagalog-philippines.png","width":512,"height":512},{"@type":"BreadcrumbList","@id":"https:\/\/talkpal.ai\/hu\/tagalog-nyelvtan\/#breadcrumb","itemListElement":[{"@type":"ListItem","position":1,"name":"Homepage","item":"https:\/\/talkpal.ai\/hu\/"},{"@type":"ListItem","position":2,"name":"Tagalog nyelvtan"}]},{"@type":"WebSite","@id":"https:\/\/talkpal.ai\/hu\/#website","url":"https:\/\/talkpal.ai\/hu\/","name":"Talkpal","description":"AI Language Learning","publisher":{"@id":"https:\/\/talkpal.ai\/hu\/#organization"},"alternateName":"Talkpal AI","potentialAction":[{"@type":"SearchAction","target":{"@type":"EntryPoint","urlTemplate":"https:\/\/talkpal.ai\/hu\/?s={search_term_string}"},"query-input":{"@type":"PropertyValueSpecification","valueRequired":true,"valueName":"search_term_string"}}],"inLanguage":"hu"},{"@type":"Organization","@id":"https:\/\/talkpal.ai\/hu\/#organization","name":"Talkpal, Inc.","alternateName":"Talkpal AI","url":"https:\/\/talkpal.ai\/hu\/","logo":{"@type":"ImageObject","inLanguage":"hu","@id":"https:\/\/talkpal.ai\/hu\/#\/schema\/logo\/image\/","url":"https:\/\/talkpal.ai\/wp-content\/uploads\/2024\/03\/Talkpal-Logo-Icon.png","contentUrl":"https:\/\/talkpal.ai\/wp-content\/uploads\/2024\/03\/Talkpal-Logo-Icon.png","width":2880,"height":2880,"caption":"Talkpal, Inc."},"image":{"@id":"https:\/\/talkpal.ai\/hu\/#\/schema\/logo\/image\/"},"sameAs":["https:\/\/www.facebook.com\/profile.php?id=100090733639311","https:\/\/x.com\/talkpalai","https:\/\/www.linkedin.com\/company\/talkpal\/","https:\/\/www.youtube.com\/@TalkPal\/","https:\/\/www.tiktok.com\/@talkpal","https:\/\/www.instagram.com\/talkpal_ai\/","https:\/\/www.crunchbase.com\/organization\/talkpal-9cde","https:\/\/www.g2.com\/products\/talkpal-for-business\/","https:\/\/www.trustpilot.com\/review\/talkpal.ai","https:\/\/www.capterra.com\/p\/10006800\/TalkPal\/"],"description":"Talkpal is a language learning web and mobile education app, powered by the latest AI technologies, that provides engaging experiences to its customers in many different languages to help them improve their language skills. Users can chat about unlimited amount of topics with the app and use other modes to practice their language learning.","email":"support@talkpal.ai","legalName":"Talkpal, Inc.","foundingDate":"2023-04-03","duns":"118989042","numberOfEmployees":{"@type":"QuantitativeValue","minValue":"11","maxValue":"50"},"publishingPrinciples":"https:\/\/talkpal.ai\/publishing-principles\/","actionableFeedbackPolicy":"https:\/\/talkpal.ai\/actionable-feedback-policy\/","correctionsPolicy":"https:\/\/talkpal.ai\/corrections-policy\/","ethicsPolicy":"https:\/\/talkpal.ai\/ethics-policy\/","diversityPolicy":"https:\/\/talkpal.ai\/diversity-policy\/","diversityStaffingReport":"https:\/\/talkpal.ai\/diversity-policy\/"}]}},"_links":{"self":[{"href":"https:\/\/talkpal.ai\/hu\/wp-json\/wp\/v2\/pages\/152827","targetHints":{"allow":["GET"]}}],"collection":[{"href":"https:\/\/talkpal.ai\/hu\/wp-json\/wp\/v2\/pages"}],"about":[{"href":"https:\/\/talkpal.ai\/hu\/wp-json\/wp\/v2\/types\/page"}],"author":[{"embeddable":true,"href":"https:\/\/talkpal.ai\/hu\/wp-json\/wp\/v2\/users\/1"}],"replies":[{"embeddable":true,"href":"https:\/\/talkpal.ai\/hu\/wp-json\/wp\/v2\/comments?post=152827"}],"version-history":[{"count":0,"href":"https:\/\/talkpal.ai\/hu\/wp-json\/wp\/v2\/pages\/152827\/revisions"}],"wp:featuredmedia":[{"embeddable":true,"href":"https:\/\/talkpal.ai\/hu\/wp-json\/wp\/v2\/media\/120037"}],"wp:attachment":[{"href":"https:\/\/talkpal.ai\/hu\/wp-json\/wp\/v2\/media?parent=152827"}],"curies":[{"name":"wp","href":"https:\/\/api.w.org\/{rel}","templated":true}]}}