{"id":152530,"date":"2023-05-14T14:23:00","date_gmt":"2023-05-14T14:23:00","guid":{"rendered":"http:\/\/talkpal.ai\/vietnami-nyelvtan\/"},"modified":"2025-12-12T10:56:07","modified_gmt":"2025-12-12T10:56:07","slug":"vietnami-nyelvtan","status":"publish","type":"page","link":"https:\/\/talkpal.ai\/hu\/vietnami-nyelvtan\/","title":{"rendered":"Vietn\u00e1mi nyelvtan"},"content":{"rendered":"\r\n\r\n\r\n<section class=\"languageChallengeSection\">\r\n    <div class=\"languageInfoWrapper\">\r\n        \r\n        <h1>Vietn\u00e1mi nyelvtan<\/h1>\r\n        <p>A <a href=\"https:\/\/talkpal.ai\/vietnamese-grammar\/\">vietnami nyelvtan<\/a> egyszer\u0171s\u00e9g\u00e9r\u0151l \u00e9s logikus fel\u00e9p\u00edt\u00e9s\u00e9r\u0151l ismert, <a href=\"https:\/\/talkpal.ai\/locations\/language-courses-in-ami\/\">ami<\/a> az \u00faj tanul\u00f3k sz\u00e1m\u00e1ra is megk\u00f6zel\u00edthet\u0151v\u00e9 teszi. A romaniz\u00e1lt \u00e1b\u00e9c\u00e9, az igek\u00f6t\u0151k n\u00e9lk\u00fcl \u00e9s a t\u00f6bbes sz\u00e1m minim\u00e1lis haszn\u00e1lat\u00e1val a tanul\u00f3k gyorsan a sz\u00f3kincs \u00e9s a t\u00e1rsalg\u00e1si k\u00e9szs\u00e9gek fejleszt\u00e9s\u00e9re \u00f6sszpontos\u00edthatnak. A vietn\u00e1mi nyelv felfedez\u00e9se nem csak a nyelvtanul\u00e1sr\u00f3l sz\u00f3l, hanem az orsz\u00e1g gazdag kult\u00far\u00e1j\u00e1ra \u00e9s t\u00f6rt\u00e9nelm\u00e9re is ablakot nyit.<\/p>\r\n\r\n                            <a class=\"getStartedHidden\" href=\"https:\/\/app.talkpal.ai\/hu\/signup?lng=\">Kezdj\u00fck<\/a>\r\n        \r\n    <\/div>\r\n\r\n    <figure>\r\n    <img decoding=\"async\" width=\"768\" height=\"768\" src=\"https:\/\/talkpal.ai\/wp-content\/uploads\/2023\/06\/vietnamese-768x768.png\" class=\"languageImage no-lazy\" alt=\"Language learning for extensive cultural knowledge\" fetchpriority=\"high\" sizes=\"(max-width: 768px) 150px, 768px\" srcset=\"https:\/\/talkpal.ai\/wp-content\/uploads\/2023\/06\/vietnamese-768x768.png 768w, https:\/\/talkpal.ai\/wp-content\/uploads\/2023\/06\/vietnamese-300x300.png 300w\" \/>\r\n    \r\n\r\n    <\/figure>\r\n\r\n            <a class=\"getStartedVisible\" href=\"https:\/\/app.talkpal.ai\/hu\/signup?lng=\">Kezdj\u00fck<\/a>\r\n    \r\n<\/section>\r\n<section class=\"promotionalBanner\">\r\n    <p class=\"promotionalText\">A nyelvtanul\u00e1s leghat\u00e9konyabb m\u00f3dja<\/p>\r\n    <a class=\"promotionalLink\" href=\"https:\/\/app.talkpal.ai\/hu\/signup?lng=\">Pr\u00f3b\u00e1lja ki a Talkpal ingyen<\/a>\r\n<\/section>\n<div class=\"wp-block-group pageContainerStyle\"><div class=\"wp-block-group__inner-container is-layout-constrained wp-block-group-is-layout-constrained\">\n<h2 class=\"wp-block-heading\" id=\"h-the-intricacies-of-vietnamese-grammar-an-engaging-exploration\">A vietnami nyelvtan bonyolults\u00e1ga: lebilincsel\u0151 felfedez\u00e9s<\/h2>\n\n\n\n<p>A <a href=\"https:\/\/talkpal.ai\/hu\/tanulj-vietnami-nyelvet\/\">vietnami nyelv<\/a> m\u00e9ly t\u00f6rt\u00e9nelmi gy\u00f6kereivel \u00e9s egyed\u00fcl\u00e1ll\u00f3 kultur\u00e1lis h\u00e1tter\u00e9vel cs\u00e1b\u00edt\u00f3 kalandot k\u00edn\u00e1l a nyelv\u00e9szek \u00e9s a nyelvtanul\u00f3k sz\u00e1m\u00e1ra egyar\u00e1nt. M\u00edg a <a href=\"https:\/\/talkpal.ai\/learn-vietnamese\/\">vietnami<\/a> <a href=\"https:\/\/talkpal.ai\/grammar\/\">nyelvtan<\/a> kezdetben kih\u00edv\u00e1sk\u00e9nt jelenhet meg, egyszer\u0171 logik\u00e1ja \u00e9s k\u00f6vetkezetess\u00e9ge izgalmas tanul\u00e1si \u00e9lm\u00e9nyt teremt. Teh\u00e1t k\u00e9sz\u00fclj\u00f6n fel egy \u00e9rdekes nyelvi utaz\u00e1sra, mik\u00f6zben elmer\u00fcl\u00fcnk a vietnami nyelvtan saj\u00e1toss\u00e1gaiban.<\/p>\n\n\n\n<h3 class=\"wp-block-heading\" id=\"h-1-the-alphabet-a-gift-from-the-past\">1. Az \u00e1b\u00e9c\u00e9: aj\u00e1nd\u00e9k a m\u00faltb\u00f3l<\/h3>\n\n\n\n<p>A 29 bet\u0171b\u0151l \u00e1ll\u00f3 vietnami \u00e1b\u00e9c\u00e9 f\u0151k\u00e9nt a latin \u00edr\u00e1sb\u00f3l sz\u00e1rmazik, <a href=\"https:\/\/talkpal.ai\/learn-portuguese\/\">portug\u00e1l<\/a> \u00e9s <a href=\"https:\/\/talkpal.ai\/learn-french\/\">francia<\/a> kezdetekkel. A Qu\u1ed1c Ng\u1eef \u00edr\u00e1snak k\u00f6sz\u00f6nhet\u0151en a romaniz\u00e1lt \u00edr\u00e1sra val\u00f3 \u00e1tt\u00e9r\u00e9s az \u00e1b\u00e9c\u00e9t ismer\u0151ss\u00e9 \u00e9s k\u00f6nnyen hozz\u00e1f\u00e9rhet\u0151v\u00e9 tette m\u00e1s latin alap\u00fa nyelvek besz\u00e9l\u0151i sz\u00e1m\u00e1ra. Ez lehet\u0151v\u00e9 teszi a z\u00f6kken\u0151mentes bel\u00e9p\u00e9si pontot a kezd\u0151k sz\u00e1m\u00e1ra, hogy a nyelv egyedi hangjaira \u00e9s kiejt\u00e9s\u00e9re \u00f6sszpontos\u00edtsanak.<\/p>\n\n\n\n<h3 class=\"wp-block-heading\" id=\"h-2-tones-vietnamese-s-musical-notation\">2. Hangok: A vietn\u00e1mi zenei jel\u00f6l\u00e9s<\/h3>\n\n\n\n<p>A vietnami egy ton\u00e1lis nyelv, amely hat megk\u00fcl\u00f6nb\u00f6ztet\u0151 hanggal rendelkezik, amelyek k\u00fcl\u00f6nb\u00f6z\u0151 diakritikus jelek haszn\u00e1lat\u00e1val megv\u00e1ltoztatj\u00e1k a sz\u00f3 jelent\u00e9s\u00e9t. Ezeknek a hangoknak az elsaj\u00e1t\u00edt\u00e1sa kih\u00edv\u00e1st jelenthet, de zeneis\u00e9get \u00e9s \u00e1rnyalts\u00e1got ad a nyelvnek, ami m\u00e9g mag\u00e1val ragad\u00f3bb\u00e1 teszi. A t\u00fcrelem \u00e9s a gyakorlat t\u00f6k\u00e9letess\u00e9 teszi, lehet\u0151v\u00e9 t\u00e9ve, hogy teljes m\u00e9rt\u00e9kben \u00e9rt\u00e9kelje a vietnami dallamos sz\u00e9ps\u00e9g\u00e9t.<\/p>\n\n\n\n<h3 class=\"wp-block-heading\" id=\"h-3-word-order-unraveling-the-vietnamese-sentence-structure\">3. Sz\u00f3rend : a vietnami mondatszerkezet megfejt\u00e9se<\/h3>\n\n\n\n<p>Szerencs\u00e9re a vietnami sz\u00f3rend meglehet\u0151sen egyszer\u0171, az ismer\u0151s Subject-Verb-Object (SVO) form\u00e1tumot k\u00f6vetve. Ez a hozz\u00e1f\u00e9rhet\u0151 strukt\u00fara megk\u00f6nny\u00edti az angolul besz\u00e9l\u0151k sz\u00e1m\u00e1ra, hogy mondatokat alkossanak vietnami nyelven an\u00e9lk\u00fcl, hogy jelent\u0151s nyelvi v\u00e1ltoz\u00e1st tapasztaln\u00e1nak. Vegy\u00fck p\u00e9ld\u00e1ul a &#8222;T\u00f4i y\u00eau Vi\u1ec7t Nam!&#8221; p\u00e9ld\u00e1t. (Szeretem Vietnamot!), ahol mindk\u00e9t nyelv p\u00e1rhuzamos szerkezeteket haszn\u00e1l.<\/p>\n\n\n\n<h3 class=\"wp-block-heading\" id=\"h-4-no-more-plural-nouns-or-verb-conjugations\">4. Nincs t\u00f6bb t\u00f6bbes sz\u00e1m\u00fa f\u0151n\u00e9v vagy igeragoz\u00e1s<\/h3>\n\n\n\n<p>A vietnami nyelvben a f\u0151nevek nem v\u00e1ltoztatj\u00e1k meg form\u00e1jukat, hogy jelezz\u00e9k a t\u00f6bbes sz\u00e1mot, \u00e9s az ig\u00e9k k\u00f6vetkezetesek maradnak, f\u00fcggetlen\u00fcl az igeid\u0151t\u0151l vagy a t\u00e1rgyt\u00f3l. B\u00e1r ez els\u0151re zavar\u00f3nak t\u0171nhet, jelent\u0151sen leegyszer\u0171s\u00edti a nyelvtani szab\u00e1lyok tanul\u00e1s\u00e1t. Ehelyett a kontextus \u00e9s a tov\u00e1bbi szavak haszn\u00e1lata tiszt\u00e1zza a mondat jelent\u00e9s\u00e9t. Teh\u00e1t l\u00e9legezzen fel megk\u00f6nnyebb\u00fclten, amikor b\u00facs\u00fat mond a ragoz\u00e1s gondjainak.<\/p>\n\n\n\n<h3 class=\"wp-block-heading\" id=\"h-5-immerse-yourself-in-the-vietnamese-mindset\">5. Mer\u00fclj\u00f6n el a vietnami gondolkod\u00e1sm\u00f3dban<\/h3>\n\n\n\n<p>A vietn\u00e1mi nyelvtanul\u00e1s nem csak a nyelvtan elsaj\u00e1t\u00edt\u00e1s\u00e1r\u00f3l sz\u00f3l, hanem a nyelvet form\u00e1l\u00f3 kultur\u00e1lis, t\u00f6rt\u00e9nelmi \u00e9s t\u00e1rsadalmi \u00f6sszef\u00fcgg\u00e9sek megismer\u00e9s\u00e9r\u0151l is. Besz\u00e9lgessen anyanyelvi besz\u00e9l\u0151kkel, fedezze fel a vietnami irodalmat \u00e9s m\u0171v\u00e9szetet, \u00e9s pr\u00f3b\u00e1ljon meg kapcsolatot teremteni a nemzet \u00e9rt\u00e9keivel \u00e9s szok\u00e1saival. Ez a holisztikus megk\u00f6zel\u00edt\u00e9s nemcsak jav\u00edtja nyelvi k\u00e9szs\u00e9geit, hanem elm\u00e9ly\u00edti Vietnam sokoldal\u00fa sz\u00e9ps\u00e9g\u00e9nek meg\u00e9rt\u00e9s\u00e9t is.<\/p>\n\n\n\n<h3 class=\"wp-block-heading\" id=\"h-in-conclusion-relish-the-charm-of-vietnamese-grammar\">\u00d6sszefoglalva: \u00e9lvezze a vietnami nyelvtan var\u00e1zs\u00e1t<\/h3>\n\n\n\n<p>B\u00e1r a vietnami nyelvtan a felsz\u00ednen zavarba ejt\u0151nek t\u0171nhet, leny\u0171g\u00f6z\u0151 szerkezete \u00e9s a benne rejl\u0151 egyszer\u0171s\u00e9g arra \u00f6szt\u00f6nzi a tanul\u00f3kat, hogy egy kifizet\u0151d\u0151 nyelvi utaz\u00e1sra induljanak. Ahogy elmer\u00fcl a vietn\u00e1mi nyelv vil\u00e1g\u00e1ban, csod\u00e1lkozni fog a nyelvtan eleganci\u00e1j\u00e1n \u00e9s sz\u00e9ps\u00e9g\u00e9n, valamint azon a gazdag kultur\u00e1lis sz\u00f6vev\u00e9nyen, amely \u00e9vsz\u00e1zadokon \u00e1t form\u00e1lta a nyelvet. Teh\u00e1t folytassa \u00e9s fedezze fel a vietnami nyelvtan csod\u00e1it, mik\u00f6zben navig\u00e1l ennek a var\u00e1zslatos nyelvnek a nyelvi t\u00e1j\u00e1n.<\/p>\n<\/div><\/div>\n\r\n<section class=\"learnNavigationSection\">\r\n            \r\n        <a href=\"https:\/\/talkpal.ai\/hu\/tanulj-vietnami-nyelvet\/\">\r\n            <div class=\"learnNavigationWrapper\">\r\n                <div class=\"learnNavigationContent\">\r\n                    <img decoding=\"async\" src=\"https:\/\/talkpal.ai\/wp-content\/uploads\/2024\/08\/Vietnamese.jpg\" alt=\"Vietnamise Flag\">\r\n                    <div>\r\n                        <h4>A vietn\u00e1mi tanul\u00e1sr\u00f3l<\/h4>\r\n                        <p>Tudjon meg mindent a vietnami nyelvtanr\u00f3l.<\/p>\r\n                    <\/div>\r\n                <\/div>\r\n            <\/div>\r\n        <\/a>\r\n\r\n        \r\n        <a href=\"https:\/\/talkpal.ai\/hu\/vietnami-nyelvtani-gyakorlatok\/\">\r\n            <div class=\"learnNavigationWrapper\">\r\n                <div class=\"learnNavigationContent\">\r\n                    <img decoding=\"async\" src=\"https:\/\/talkpal.ai\/wp-content\/uploads\/2024\/08\/Vietnamese.jpg\" alt=\"Vietnamise Flag\">\r\n                    <div>\r\n                        <h4>Vietnami nyelvtani gyakorlat<\/h4>\r\n                        <p>Gyakorolja a vietnami nyelvtant.<\/p>\r\n                    <\/div>\r\n                <\/div>\r\n            <\/div>\r\n        <\/a>\r\n\r\n        \r\n        <a href=\"https:\/\/talkpal.ai\/vocabulary_language\/vietnamese\/\">\r\n            <div class=\"learnNavigationWrapper\">\r\n                <div class=\"learnNavigationContent\">\r\n                    <img decoding=\"async\" src=\"https:\/\/talkpal.ai\/wp-content\/uploads\/2024\/08\/Vietnamese.jpg\" alt=\"Vietnamise Flag\">\r\n                    <div>\r\n                        <h4>Vietn\u00e1mi sz\u00f3kincs<\/h4>\r\n                        <p>B\u0151v\u00edtse vietn\u00e1mi sz\u00f3kincs\u00e9t.<\/p>\r\n                    <\/div>\r\n                <\/div>\r\n            <\/div>\r\n        <\/a>\r\n\r\n            <\/section>","protected":false},"excerpt":{"rendered":"<p>A vietnami nyelvtan bonyolults\u00e1ga: lebilincsel\u0151 felfedez\u00e9s A vietnami nyelv m\u00e9ly t\u00f6rt\u00e9nelmi gy\u00f6kereivel \u00e9s egyed\u00fcl\u00e1ll\u00f3 kultur\u00e1lis h\u00e1tter\u00e9vel cs\u00e1b\u00edt\u00f3 kalandot k\u00edn\u00e1l a nyelv\u00e9szek \u00e9s a nyelvtanul\u00f3k sz\u00e1m\u00e1ra egyar\u00e1nt. M\u00edg a vietnami nyelvtan kezdetben kih\u00edv\u00e1sk\u00e9nt jelenhet meg, egyszer\u0171 logik\u00e1ja \u00e9s k\u00f6vetkezetess\u00e9ge izgalmas tanul\u00e1si \u00e9lm\u00e9nyt teremt. Teh\u00e1t k\u00e9sz\u00fclj\u00f6n fel egy \u00e9rdekes nyelvi utaz\u00e1sra, mik\u00f6zben elmer\u00fcl\u00fcnk a vietnami nyelvtan saj\u00e1toss\u00e1gaiban. [&hellip;]<\/p>\n","protected":false},"author":1,"featured_media":120529,"parent":0,"menu_order":0,"comment_status":"closed","ping_status":"closed","template":"LearningContentPage.php","meta":{"_acf_changed":false,"footnotes":""},"class_list":["post-152530","page","type-page","status-publish","has-post-thumbnail","hentry"],"acf":[],"yoast_head":"<!-- This site is optimized with the Yoast SEO Premium plugin v27.2 (Yoast SEO v27.2) - https:\/\/yoast.com\/product\/yoast-seo-premium-wordpress\/ -->\n<title>Vietn\u00e1mi nyelvtan - Talkpal<\/title>\n<meta name=\"description\" content=\"Fedezze fel a vietnami nyelvtan leny\u0171g\u00f6z\u0151 aspektusait, \u00e9s fedezze fel ennek az egyed\u00fcl\u00e1ll\u00f3 nyelvnek a tanul\u00e1s\u00e1nak \u00f6r\u00f6meit.\" \/>\n<meta name=\"robots\" content=\"index, follow, max-snippet:-1, max-image-preview:large, max-video-preview:-1\" \/>\n<link rel=\"canonical\" href=\"https:\/\/talkpal.ai\/hu\/vietnami-nyelvtan\/\" \/>\n<meta property=\"og:locale\" content=\"hu_HU\" \/>\n<meta property=\"og:type\" content=\"article\" \/>\n<meta property=\"og:title\" content=\"Vietn\u00e1mi nyelvtan\" \/>\n<meta property=\"og:description\" content=\"A vietnami nyelvtan bonyolults\u00e1ga: lebilincsel\u0151 felfedez\u00e9s A vietnami nyelv m\u00e9ly t\u00f6rt\u00e9nelmi gy\u00f6kereivel \u00e9s egyed\u00fcl\u00e1ll\u00f3 kultur\u00e1lis h\u00e1tter\u00e9vel cs\u00e1b\u00edt\u00f3\" \/>\n<meta property=\"og:url\" content=\"https:\/\/talkpal.ai\/hu\/vietnami-nyelvtan\/\" \/>\n<meta property=\"og:site_name\" content=\"Talkpal\" \/>\n<meta property=\"article:publisher\" content=\"https:\/\/www.facebook.com\/profile.php?id=100090733639311\" \/>\n<meta property=\"article:modified_time\" content=\"2025-12-12T10:56:07+00:00\" \/>\n<meta property=\"og:image\" content=\"https:\/\/talkpal.ai\/wp-content\/uploads\/2023\/05\/vietnam.png\" \/>\n\t<meta property=\"og:image:width\" content=\"512\" \/>\n\t<meta property=\"og:image:height\" content=\"512\" \/>\n\t<meta property=\"og:image:type\" content=\"image\/png\" \/>\n<meta name=\"twitter:card\" content=\"summary_large_image\" \/>\n<meta name=\"twitter:site\" content=\"@talkpalai\" \/>\n<meta name=\"twitter:label1\" content=\"Becs\u00fclt olvas\u00e1si id\u0151\" \/>\n\t<meta name=\"twitter:data1\" content=\"4 perc\" \/>\n<script type=\"application\/ld+json\" class=\"yoast-schema-graph\">{\"@context\":\"https:\/\/schema.org\",\"@graph\":[{\"@type\":\"WebPage\",\"@id\":\"https:\/\/talkpal.ai\/hu\/vietnami-nyelvtan\/\",\"url\":\"https:\/\/talkpal.ai\/hu\/vietnami-nyelvtan\/\",\"name\":\"Vietn\u00e1mi nyelvtan - Talkpal\",\"isPartOf\":{\"@id\":\"https:\/\/talkpal.ai\/hu\/#website\"},\"primaryImageOfPage\":{\"@id\":\"https:\/\/talkpal.ai\/hu\/vietnami-nyelvtan\/#primaryimage\"},\"image\":{\"@id\":\"https:\/\/talkpal.ai\/hu\/vietnami-nyelvtan\/#primaryimage\"},\"thumbnailUrl\":\"https:\/\/talkpal.ai\/wp-content\/uploads\/2023\/05\/vietnam.png\",\"datePublished\":\"2023-05-14T14:23:00+00:00\",\"dateModified\":\"2025-12-12T10:56:07+00:00\",\"description\":\"Fedezze fel a vietnami nyelvtan leny\u0171g\u00f6z\u0151 aspektusait, \u00e9s fedezze fel ennek az egyed\u00fcl\u00e1ll\u00f3 nyelvnek a tanul\u00e1s\u00e1nak \u00f6r\u00f6meit.\",\"breadcrumb\":{\"@id\":\"https:\/\/talkpal.ai\/hu\/vietnami-nyelvtan\/#breadcrumb\"},\"inLanguage\":\"hu\",\"potentialAction\":[{\"@type\":\"ReadAction\",\"target\":[\"https:\/\/talkpal.ai\/hu\/vietnami-nyelvtan\/\"]}]},{\"@type\":\"ImageObject\",\"inLanguage\":\"hu\",\"@id\":\"https:\/\/talkpal.ai\/hu\/vietnami-nyelvtan\/#primaryimage\",\"url\":\"https:\/\/talkpal.ai\/wp-content\/uploads\/2023\/05\/vietnam.png\",\"contentUrl\":\"https:\/\/talkpal.ai\/wp-content\/uploads\/2023\/05\/vietnam.png\",\"width\":512,\"height\":512},{\"@type\":\"BreadcrumbList\",\"@id\":\"https:\/\/talkpal.ai\/hu\/vietnami-nyelvtan\/#breadcrumb\",\"itemListElement\":[{\"@type\":\"ListItem\",\"position\":1,\"name\":\"Homepage\",\"item\":\"https:\/\/talkpal.ai\/hu\/\"},{\"@type\":\"ListItem\",\"position\":2,\"name\":\"Vietn\u00e1mi nyelvtan\"}]},{\"@type\":\"WebSite\",\"@id\":\"https:\/\/talkpal.ai\/hu\/#website\",\"url\":\"https:\/\/talkpal.ai\/hu\/\",\"name\":\"Talkpal\",\"description\":\"AI Language Learning\",\"publisher\":{\"@id\":\"https:\/\/talkpal.ai\/hu\/#organization\"},\"alternateName\":\"Talkpal AI\",\"potentialAction\":[{\"@type\":\"SearchAction\",\"target\":{\"@type\":\"EntryPoint\",\"urlTemplate\":\"https:\/\/talkpal.ai\/hu\/?s={search_term_string}\"},\"query-input\":{\"@type\":\"PropertyValueSpecification\",\"valueRequired\":true,\"valueName\":\"search_term_string\"}}],\"inLanguage\":\"hu\"},{\"@type\":\"Organization\",\"@id\":\"https:\/\/talkpal.ai\/hu\/#organization\",\"name\":\"Talkpal, Inc.\",\"alternateName\":\"Talkpal AI\",\"url\":\"https:\/\/talkpal.ai\/hu\/\",\"logo\":{\"@type\":\"ImageObject\",\"inLanguage\":\"hu\",\"@id\":\"https:\/\/talkpal.ai\/hu\/#\/schema\/logo\/image\/\",\"url\":\"https:\/\/talkpal.ai\/wp-content\/uploads\/2024\/03\/Talkpal-Logo-Icon.png\",\"contentUrl\":\"https:\/\/talkpal.ai\/wp-content\/uploads\/2024\/03\/Talkpal-Logo-Icon.png\",\"width\":2880,\"height\":2880,\"caption\":\"Talkpal, Inc.\"},\"image\":{\"@id\":\"https:\/\/talkpal.ai\/hu\/#\/schema\/logo\/image\/\"},\"sameAs\":[\"https:\/\/www.facebook.com\/profile.php?id=100090733639311\",\"https:\/\/x.com\/talkpalai\",\"https:\/\/www.linkedin.com\/company\/talkpal\/\",\"https:\/\/www.youtube.com\/@TalkPal\/\",\"https:\/\/www.tiktok.com\/@talkpal\",\"https:\/\/www.instagram.com\/talkpal_ai\/\",\"https:\/\/www.crunchbase.com\/organization\/talkpal-9cde\",\"https:\/\/www.g2.com\/products\/talkpal-for-business\/\",\"https:\/\/www.trustpilot.com\/review\/talkpal.ai\",\"https:\/\/www.capterra.com\/p\/10006800\/TalkPal\/\"],\"description\":\"Talkpal is a language learning web and mobile education app, powered by the latest AI technologies, that provides engaging experiences to its customers in many different languages to help them improve their language skills. Users can chat about unlimited amount of topics with the app and use other modes to practice their language learning.\",\"email\":\"support@talkpal.ai\",\"legalName\":\"Talkpal, Inc.\",\"foundingDate\":\"2023-04-03\",\"duns\":\"118989042\",\"numberOfEmployees\":{\"@type\":\"QuantitativeValue\",\"minValue\":\"11\",\"maxValue\":\"50\"},\"publishingPrinciples\":\"https:\/\/talkpal.ai\/publishing-principles\/\",\"actionableFeedbackPolicy\":\"https:\/\/talkpal.ai\/actionable-feedback-policy\/\",\"correctionsPolicy\":\"https:\/\/talkpal.ai\/corrections-policy\/\",\"ethicsPolicy\":\"https:\/\/talkpal.ai\/ethics-policy\/\",\"diversityPolicy\":\"https:\/\/talkpal.ai\/diversity-policy\/\",\"diversityStaffingReport\":\"https:\/\/talkpal.ai\/diversity-policy\/\"}]}<\/script>\n<!-- \/ Yoast SEO Premium plugin. -->","yoast_head_json":{"title":"Vietn\u00e1mi nyelvtan - Talkpal","description":"Fedezze fel a vietnami nyelvtan leny\u0171g\u00f6z\u0151 aspektusait, \u00e9s fedezze fel ennek az egyed\u00fcl\u00e1ll\u00f3 nyelvnek a tanul\u00e1s\u00e1nak \u00f6r\u00f6meit.","robots":{"index":"index","follow":"follow","max-snippet":"max-snippet:-1","max-image-preview":"max-image-preview:large","max-video-preview":"max-video-preview:-1"},"canonical":"https:\/\/talkpal.ai\/hu\/vietnami-nyelvtan\/","og_locale":"hu_HU","og_type":"article","og_title":"Vietn\u00e1mi nyelvtan","og_description":"A vietnami nyelvtan bonyolults\u00e1ga: lebilincsel\u0151 felfedez\u00e9s A vietnami nyelv m\u00e9ly t\u00f6rt\u00e9nelmi gy\u00f6kereivel \u00e9s egyed\u00fcl\u00e1ll\u00f3 kultur\u00e1lis h\u00e1tter\u00e9vel cs\u00e1b\u00edt\u00f3","og_url":"https:\/\/talkpal.ai\/hu\/vietnami-nyelvtan\/","og_site_name":"Talkpal","article_publisher":"https:\/\/www.facebook.com\/profile.php?id=100090733639311","article_modified_time":"2025-12-12T10:56:07+00:00","og_image":[{"width":512,"height":512,"url":"https:\/\/talkpal.ai\/wp-content\/uploads\/2023\/05\/vietnam.png","type":"image\/png"}],"twitter_card":"summary_large_image","twitter_site":"@talkpalai","twitter_misc":{"Becs\u00fclt olvas\u00e1si id\u0151":"4 perc"},"schema":{"@context":"https:\/\/schema.org","@graph":[{"@type":"WebPage","@id":"https:\/\/talkpal.ai\/hu\/vietnami-nyelvtan\/","url":"https:\/\/talkpal.ai\/hu\/vietnami-nyelvtan\/","name":"Vietn\u00e1mi nyelvtan - Talkpal","isPartOf":{"@id":"https:\/\/talkpal.ai\/hu\/#website"},"primaryImageOfPage":{"@id":"https:\/\/talkpal.ai\/hu\/vietnami-nyelvtan\/#primaryimage"},"image":{"@id":"https:\/\/talkpal.ai\/hu\/vietnami-nyelvtan\/#primaryimage"},"thumbnailUrl":"https:\/\/talkpal.ai\/wp-content\/uploads\/2023\/05\/vietnam.png","datePublished":"2023-05-14T14:23:00+00:00","dateModified":"2025-12-12T10:56:07+00:00","description":"Fedezze fel a vietnami nyelvtan leny\u0171g\u00f6z\u0151 aspektusait, \u00e9s fedezze fel ennek az egyed\u00fcl\u00e1ll\u00f3 nyelvnek a tanul\u00e1s\u00e1nak \u00f6r\u00f6meit.","breadcrumb":{"@id":"https:\/\/talkpal.ai\/hu\/vietnami-nyelvtan\/#breadcrumb"},"inLanguage":"hu","potentialAction":[{"@type":"ReadAction","target":["https:\/\/talkpal.ai\/hu\/vietnami-nyelvtan\/"]}]},{"@type":"ImageObject","inLanguage":"hu","@id":"https:\/\/talkpal.ai\/hu\/vietnami-nyelvtan\/#primaryimage","url":"https:\/\/talkpal.ai\/wp-content\/uploads\/2023\/05\/vietnam.png","contentUrl":"https:\/\/talkpal.ai\/wp-content\/uploads\/2023\/05\/vietnam.png","width":512,"height":512},{"@type":"BreadcrumbList","@id":"https:\/\/talkpal.ai\/hu\/vietnami-nyelvtan\/#breadcrumb","itemListElement":[{"@type":"ListItem","position":1,"name":"Homepage","item":"https:\/\/talkpal.ai\/hu\/"},{"@type":"ListItem","position":2,"name":"Vietn\u00e1mi nyelvtan"}]},{"@type":"WebSite","@id":"https:\/\/talkpal.ai\/hu\/#website","url":"https:\/\/talkpal.ai\/hu\/","name":"Talkpal","description":"AI Language Learning","publisher":{"@id":"https:\/\/talkpal.ai\/hu\/#organization"},"alternateName":"Talkpal AI","potentialAction":[{"@type":"SearchAction","target":{"@type":"EntryPoint","urlTemplate":"https:\/\/talkpal.ai\/hu\/?s={search_term_string}"},"query-input":{"@type":"PropertyValueSpecification","valueRequired":true,"valueName":"search_term_string"}}],"inLanguage":"hu"},{"@type":"Organization","@id":"https:\/\/talkpal.ai\/hu\/#organization","name":"Talkpal, Inc.","alternateName":"Talkpal AI","url":"https:\/\/talkpal.ai\/hu\/","logo":{"@type":"ImageObject","inLanguage":"hu","@id":"https:\/\/talkpal.ai\/hu\/#\/schema\/logo\/image\/","url":"https:\/\/talkpal.ai\/wp-content\/uploads\/2024\/03\/Talkpal-Logo-Icon.png","contentUrl":"https:\/\/talkpal.ai\/wp-content\/uploads\/2024\/03\/Talkpal-Logo-Icon.png","width":2880,"height":2880,"caption":"Talkpal, Inc."},"image":{"@id":"https:\/\/talkpal.ai\/hu\/#\/schema\/logo\/image\/"},"sameAs":["https:\/\/www.facebook.com\/profile.php?id=100090733639311","https:\/\/x.com\/talkpalai","https:\/\/www.linkedin.com\/company\/talkpal\/","https:\/\/www.youtube.com\/@TalkPal\/","https:\/\/www.tiktok.com\/@talkpal","https:\/\/www.instagram.com\/talkpal_ai\/","https:\/\/www.crunchbase.com\/organization\/talkpal-9cde","https:\/\/www.g2.com\/products\/talkpal-for-business\/","https:\/\/www.trustpilot.com\/review\/talkpal.ai","https:\/\/www.capterra.com\/p\/10006800\/TalkPal\/"],"description":"Talkpal is a language learning web and mobile education app, powered by the latest AI technologies, that provides engaging experiences to its customers in many different languages to help them improve their language skills. Users can chat about unlimited amount of topics with the app and use other modes to practice their language learning.","email":"support@talkpal.ai","legalName":"Talkpal, Inc.","foundingDate":"2023-04-03","duns":"118989042","numberOfEmployees":{"@type":"QuantitativeValue","minValue":"11","maxValue":"50"},"publishingPrinciples":"https:\/\/talkpal.ai\/publishing-principles\/","actionableFeedbackPolicy":"https:\/\/talkpal.ai\/actionable-feedback-policy\/","correctionsPolicy":"https:\/\/talkpal.ai\/corrections-policy\/","ethicsPolicy":"https:\/\/talkpal.ai\/ethics-policy\/","diversityPolicy":"https:\/\/talkpal.ai\/diversity-policy\/","diversityStaffingReport":"https:\/\/talkpal.ai\/diversity-policy\/"}]}},"_links":{"self":[{"href":"https:\/\/talkpal.ai\/hu\/wp-json\/wp\/v2\/pages\/152530","targetHints":{"allow":["GET"]}}],"collection":[{"href":"https:\/\/talkpal.ai\/hu\/wp-json\/wp\/v2\/pages"}],"about":[{"href":"https:\/\/talkpal.ai\/hu\/wp-json\/wp\/v2\/types\/page"}],"author":[{"embeddable":true,"href":"https:\/\/talkpal.ai\/hu\/wp-json\/wp\/v2\/users\/1"}],"replies":[{"embeddable":true,"href":"https:\/\/talkpal.ai\/hu\/wp-json\/wp\/v2\/comments?post=152530"}],"version-history":[{"count":0,"href":"https:\/\/talkpal.ai\/hu\/wp-json\/wp\/v2\/pages\/152530\/revisions"}],"wp:featuredmedia":[{"embeddable":true,"href":"https:\/\/talkpal.ai\/hu\/wp-json\/wp\/v2\/media\/120529"}],"wp:attachment":[{"href":"https:\/\/talkpal.ai\/hu\/wp-json\/wp\/v2\/media?parent=152530"}],"curies":[{"name":"wp","href":"https:\/\/api.w.org\/{rel}","templated":true}]}}