{"id":152222,"date":"2023-05-14T14:22:39","date_gmt":"2023-05-14T14:22:39","guid":{"rendered":"http:\/\/talkpal.ai\/urdu-nyelvtan\/"},"modified":"2025-12-11T16:26:22","modified_gmt":"2025-12-11T16:26:22","slug":"urdu-nyelvtan","status":"publish","type":"page","link":"https:\/\/talkpal.ai\/hu\/urdu-nyelvtan\/","title":{"rendered":"Urdu nyelvtan"},"content":{"rendered":"\r\n\r\n\r\n<section class=\"languageChallengeSection\">\r\n    <div class=\"languageInfoWrapper\">\r\n        \r\n        <h1>Urdu nyelvtan<\/h1>\r\n        <p>\u00c9rdekli az <a href=\"https:\/\/talkpal.ai\/learn-urdu\/\">urdu<\/a> nyelv tanul\u00e1sa? Mer\u00fclj\u00f6n el az urdu nyelvtanban, ahol az eleg\u00e1ns \u00edr\u00e1sm\u00f3d, a nemek szerinti f\u0151nevek \u00e9s a kifejez\u0151 igealakok egy egyszerre k\u00f6lt\u0151i \u00e9s gyakorlatias nyelvet alkotnak. Kezdje el az urdu nyelvet m\u00e9g ma &#8211; a <a href=\"https:\/\/talkpal.ai\/grammar\/\">nyelvtan<\/a> elsaj\u00e1t\u00edt\u00e1sa \u00faj utakat nyit a kommunik\u00e1ci\u00f3ban, \u00e9s m\u00e9lyen \u00f6sszekapcsolja \u00d6nt D\u00e9l-\u00c1zsia gazdag irodalmi \u00e9s kultur\u00e1lis hagyom\u00e1nyaival!<\/p>\r\n\r\n                            <a class=\"getStartedHidden\" href=\"https:\/\/app.talkpal.ai\/hu\/signup?lng=\">Kezdj\u00fck<\/a>\r\n        \r\n    <\/div>\r\n\r\n    <figure>\r\n    <img decoding=\"async\" width=\"768\" height=\"768\" src=\"https:\/\/talkpal.ai\/wp-content\/uploads\/2023\/06\/urdu-768x768.png\" class=\"languageImage no-lazy\" alt=\"Language learning for global understanding\" fetchpriority=\"high\" sizes=\"(max-width: 768px) 150px, 768px\" srcset=\"https:\/\/talkpal.ai\/wp-content\/uploads\/2023\/06\/urdu-768x768.png 768w, https:\/\/talkpal.ai\/wp-content\/uploads\/2023\/06\/urdu-300x300.png 300w\" \/>\r\n    \r\n\r\n    <\/figure>\r\n\r\n            <a class=\"getStartedVisible\" href=\"https:\/\/app.talkpal.ai\/hu\/signup?lng=\">Kezdj\u00fck<\/a>\r\n    \r\n<\/section>\r\n<section class=\"promotionalBanner\">\r\n    <p class=\"promotionalText\">A nyelvtanul\u00e1s leghat\u00e9konyabb m\u00f3dja<\/p>\r\n    <a class=\"promotionalLink\" href=\"https:\/\/app.talkpal.ai\/hu\/signup?lng=\">Pr\u00f3b\u00e1lja ki a Talkpal ingyen<\/a>\r\n<\/section>\n<div class=\"wp-block-group pageContainerStyle\"><div class=\"wp-block-group__inner-container is-layout-constrained wp-block-group-is-layout-constrained\">\n<h2 class=\"wp-block-heading\" id=\"h-urdu-grammar-exploring-the-beauty-and-intricacies-of-the-indo-aryan-language\">Urdu nyelvtan: az indo-\u00e1rja nyelv sz\u00e9ps\u00e9g\u00e9nek \u00e9s bonyolults\u00e1g\u00e1nak felt\u00e1r\u00e1sa<\/h2>\n\n\n\n<p><a href=\"https:\/\/talkpal.ai\/talkpal-discount-for-language-enthusiasts\/\">Nyelvrajong\u00f3k<\/a> \u00e9s k\u00edv\u00e1ncsi tanul\u00f3k, k\u00e9szen \u00e1llsz arra, hogy belemer\u00fclj az <a href=\"https:\/\/talkpal.ai\/urdu-grammar\/\">urdu nyelvtan<\/a> leny\u0171g\u00f6z\u0151 vil\u00e1g\u00e1ba? Az urdu, egy indo-\u00e1rja nyelv, Pakiszt\u00e1n nemzeti nyelve \u00e9s India egyik hivatalos nyelve. A vil\u00e1gszerte mintegy 70 milli\u00f3 besz\u00e9l\u0151vel rendelkez\u0151 urdu nemcsak gazdag \u00e9s kifejez\u0151 nyelv, hanem h\u00edd is az \u00e9l\u00e9nk kult\u00far\u00e1hoz \u00e9s t\u00f6rt\u00e9nelemhez. Ebben a cikkben az <a href=\"https:\/\/talkpal.ai\/urdu-grammar\/\">urdu nyelvtan<\/a> egyed\u00fcl\u00e1ll\u00f3 aspektusait vessz\u00fck g\u00f3rcs\u0151 al\u00e1, \u00e9s felfedezz\u00fck, mi k\u00fcl\u00f6nb\u00f6zteti meg m\u00e1s nyelvekt\u0151l.<\/p>\n\n\n\n<h3 class=\"wp-block-heading\" id=\"h-script-and-pronunciation-the-elegant-nastaliq\">Forgat\u00f3k\u00f6nyv \u00e9s kiejt\u00e9s: Az eleg\u00e1ns Nastaliq<\/h3>\n\n\n\n<p>Az urdu \u00edr\u00e1s a perzsa-arab Nastaliq st\u00edluson alapul, amelyet jobbr\u00f3l balra \u00edrnak \u00e9s olvasnak. A 38 bet\u0171b\u0151l \u00e1ll\u00f3, mag\u00e1nhangz\u00f3kat \u00e9s kiejt\u00e9st jel\u00f6l\u0151 diakritikus jelekkel ell\u00e1tott Nastaliq \u00edr\u00e1s eleg\u00e1ns \u00e9s g\u00f6rd\u00fcl\u00e9keny. Az \u00edr\u00e1s megtanul\u00e1sa \u00e9s az urdu hangok kiejt\u00e9s\u00e9nek elsaj\u00e1t\u00edt\u00e1sa lesz az els\u0151 l\u00e9p\u00e9s a nyelv nyelvtan meg\u00e9rt\u00e9se fel\u00e9.<\/p>\n\n\n\n<h3 class=\"wp-block-heading\" id=\"h-nouns-and-pronouns-exploring-gender-number-and-case\">F\u0151nevek \u00e9s n\u00e9vm\u00e1sok: Nem, sz\u00e1m \u00e9s eset felt\u00e1r\u00e1sa<\/h3>\n\n\n\n<p>Az urdu f\u0151neveket nem (h\u00edmnem\u0171 vagy n\u0151ies), sz\u00e1m (egyes vagy t\u00f6bbes sz\u00e1m) \u00e9s eset (k\u00f6zvetlen vagy ferde) szerint oszt\u00e1lyozz\u00e1k. A nyelvben nincsenek cikkek (mint p\u00e9ld\u00e1ul az &#8222;a&#8221; vagy &#8222;a&#8221;), ehelyett a kontextusra t\u00e1maszkodva k\u00f6zvet\u00edti a meghat\u00e1rozotts\u00e1got. Az urdu n\u00e9vm\u00e1sok a nem, a sz\u00e1m \u00e9s az eset megk\u00fcl\u00f6nb\u00f6ztet\u00e9s\u00e9t is k\u00f6vetik, \u00e9s az udvariass\u00e1g \u00e9s az ismer\u0151ss\u00e9g k\u00fcl\u00f6nb\u00f6z\u0151 form\u00e1ival rendelkeznek.<\/p>\n\n\n\n<h3 class=\"wp-block-heading\" id=\"h-postpositions-and-cases-urdu-s-unique-approach-to-indicating-relationships\">Poz\u00edci\u00f3k \u00e9s esetek: Az urdu egyedi megk\u00f6zel\u00edt\u00e9se a kapcsolatok jelz\u00e9s\u00e9re<\/h3>\n\n\n\n<p>Az el\u00f6lj\u00e1r\u00f3szavak helyett az urdu posztpoz\u00edci\u00f3kat haszn\u00e1l &#8211; olyan szavakat, amelyek az \u00e1ltaluk ir\u00e1ny\u00edtott f\u0151nevek ut\u00e1n j\u00f6nnek. Ez a megk\u00fcl\u00f6nb\u00f6ztet\u0151 tulajdons\u00e1g az eg\u00e9sz nyelven l\u00e1that\u00f3, \u00e9s jelent\u0151sen befoly\u00e1solja az esetjel\u00f6l\u00e9seket. Az urdu k\u00e9t eset\u00e9t, az egyenes \u00e9s a ferde esetet, posztpoz\u00edci\u00f3val kombin\u00e1lva haszn\u00e1lj\u00e1k a szavak k\u00f6z\u00f6tti kapcsolatok jel\u00f6l\u00e9s\u00e9re.<\/p>\n\n\n\n<h3 class=\"wp-block-heading\" id=\"h-harnessing-the-power-of-verbs-tense-aspect-and-moods\">Az ig\u00e9k erej\u00e9nek kiakn\u00e1z\u00e1sa: fesz\u00fclts\u00e9g, szempont \u00e9s hangulatok<\/h3>\n\n\n\n<p>Az urdu ig\u00e9k leny\u0171g\u00f6z\u0151ek az igeid\u0151k (m\u00falt, jelen \u00e9s j\u00f6v\u0151), aspektusok (perfekt\u00edv, t\u00f6k\u00e9letlen \u00e9s szok\u00e1sos) \u00e9s hangulatok (indikat\u00edv, imperat\u00edv \u00e9s szubjekt\u00edv) sokf\u00e9les\u00e9g\u00e9vel. A nyelv sz\u00e9les k\u00f6rben haszn\u00e1lja a kieg\u00e9sz\u00edt\u0151 ig\u00e9ket \u00f6sszetett id\u0151k kialak\u00edt\u00e1s\u00e1ra, kifejezve az id\u0151beli \u00e1rnyalatokat \u00e9s a cselekv\u00e9sek befejez\u00e9s\u00e9t.<\/p>\n\n\n\n<p>Az ig\u00e9k nem\u00fck \u00e9s sz\u00e1muk tekintet\u00e9ben is megegyeznek alanyaikkal, <a href=\"https:\/\/talkpal.ai\/locations\/language-courses-in-ami\/\">ami<\/a> tov\u00e1bb n\u00f6veli az urdu nyelvtan \u00f6sszetetts\u00e9g\u00e9t \u00e9s gazdags\u00e1g\u00e1t.<\/p>\n\n\n\n<h3 class=\"wp-block-heading\" id=\"h-adjectives-adverbs-and-more-adding-color-to-your-language\">Mell\u00e9knevek, hat\u00e1roz\u00f3szavak \u00e9s egyebek: sz\u00edn hozz\u00e1ad\u00e1sa a nyelvhez<\/h3>\n\n\n\n<p>Az urdu mell\u00e9knevek \u00e1ltal\u00e1ban k\u00f6vetik az \u00e1ltaluk m\u00f3dos\u00edtott f\u0151neveket, \u00e9s nem \u00e9s sz\u00e1m tekintet\u00e9ben egyet\u00e9rtenek vel\u00fck. A mell\u00e9kneveket \u00f6sszehasonl\u00edt\u00f3 \u00e9s szuperlat\u00edvuszokkal lehet fokozni, m\u00e9lys\u00e9get adva a le\u00edr\u00e1soknak. A mell\u00e9knevekb\u0151l sz\u00e1rmaz\u00f3 vagy \u00f6n\u00e1ll\u00f3an l\u00e9tez\u0151 urdu hat\u00e1roz\u00f3szavak szint\u00e9n l\u00e9tfontoss\u00e1g\u00fa szerepet j\u00e1tszanak a nyelvben, inform\u00e1ci\u00f3t szolg\u00e1ltatva az id\u0151r\u0151l, a m\u00f3dr\u00f3l, a helyr\u0151l \u00e9s a m\u00e9rt\u00e9kr\u0151l.<\/p>\n\n\n\n<p>Az urdu nyelvtan rengeteg k\u00f6t\u0151sz\u00f3val, k\u00f6zbesz\u00f3l\u00e1ssal, r\u00e9szecsk\u00e9vel \u00e9s egyebekkel b\u00fcszk\u00e9lkedhet, seg\u00edtve a gazdag, \u00e9rtelmes \u00e9s kifejez\u0151 mondatok fel\u00e9p\u00edt\u00e9s\u00e9t.<\/p>\n\n\n\n<h3 class=\"wp-block-heading\" id=\"h-embracing-the-world-of-urdu-grammar\">Az urdu nyelvtan vil\u00e1g\u00e1nak felkarol\u00e1sa<\/h3>\n\n\n\n<p>Az urdu nyelvtan kezdetben bonyolultnak t\u0171nhet, de amint elmer\u00fclsz a nyelv bonyolults\u00e1g\u00e1ban, megl\u00e1tod, hogy a nyelv tele <a href=\"https:\/\/talkpal.ai\/locations\/language-courses-in-van\/\">van<\/a> sz\u00e9ps\u00e9ggel \u00e9s kifejez\u00e9ssel. Az urdu tanul\u00e1s nemcsak jav\u00edtja az indo-\u00e1rja nyelvcsal\u00e1d meg\u00e9rt\u00e9s\u00e9t, hanem seg\u00edt kapcsolatba l\u00e9pni egy var\u00e1zslatos kult\u00far\u00e1val, irodalommal \u00e9s t\u00f6rt\u00e9nelemmel.<\/p>\n\n\n\n<p>Sz\u00f3val, mi\u00e9rt nem indul el az urdu nyelvtan tanul\u00e1s\u00e1nak izgalmas \u00fatj\u00e1n? Odaad\u00e1ssal \u00e9s k\u00edv\u00e1ncsis\u00e1ggal hamarosan azon kaphatja mag\u00e1t, hogy anyanyelvi besz\u00e9l\u0151kkel besz\u00e9lget, \u00f6tleteket \u00e9s t\u00f6rt\u00e9neteket cser\u00e9l ezen az er\u0151teljes nyelven. Boldog tanul\u00e1st!<\/p>\n<\/div><\/div>\n\r\n<section class=\"learnNavigationSection\">\r\n            \r\n        <a href=\"https:\/\/talkpal.ai\/hu\/tanulj-urdu-nyelvet\/\">\r\n            <div class=\"learnNavigationWrapper\">\r\n                <div class=\"learnNavigationContent\">\r\n                    <img decoding=\"async\" src=\"https:\/\/talkpal.ai\/wp-content\/uploads\/2024\/08\/Urdu.jpg\" alt=\"Pakistani Flag\">\r\n                    <div>\r\n                        <h4>Az urdu tanul\u00e1sr\u00f3l<\/h4>\r\n                        <p>Tudjon meg mindent az urdu nyelvtanr\u00f3l.<\/p>\r\n                    <\/div>\r\n                <\/div>\r\n            <\/div>\r\n        <\/a>\r\n\r\n        \r\n        <a href=\"https:\/\/talkpal.ai\/hu\/urdu-nyelvtani-gyakorlatok\/\">\r\n            <div class=\"learnNavigationWrapper\">\r\n                <div class=\"learnNavigationContent\">\r\n                    <img decoding=\"async\" src=\"https:\/\/talkpal.ai\/wp-content\/uploads\/2024\/08\/Urdu.jpg\" alt=\"Pakistani Flag\">\r\n                    <div>\r\n                        <h4>Urdu nyelvtani gyakorlat<\/h4>\r\n                        <p>Gyakorolja az urdu nyelvtant.<\/p>\r\n                    <\/div>\r\n                <\/div>\r\n            <\/div>\r\n        <\/a>\r\n\r\n        \r\n        <a href=\"https:\/\/talkpal.ai\/vocabulary_language\/urdu\/\">\r\n            <div class=\"learnNavigationWrapper\">\r\n                <div class=\"learnNavigationContent\">\r\n                    <img decoding=\"async\" src=\"https:\/\/talkpal.ai\/wp-content\/uploads\/2024\/08\/Urdu.jpg\" alt=\"Pakistani Flag\">\r\n                    <div>\r\n                        <h4>Urdu sz\u00f3kincs<\/h4>\r\n                        <p>B\u0151v\u00edtse urdu sz\u00f3kincs\u00e9t.<\/p>\r\n                    <\/div>\r\n                <\/div>\r\n            <\/div>\r\n        <\/a>\r\n\r\n            <\/section>","protected":false},"excerpt":{"rendered":"<p>Urdu nyelvtan: az indo-\u00e1rja nyelv sz\u00e9ps\u00e9g\u00e9nek \u00e9s bonyolults\u00e1g\u00e1nak felt\u00e1r\u00e1sa Nyelvrajong\u00f3k \u00e9s k\u00edv\u00e1ncsi tanul\u00f3k, k\u00e9szen \u00e1llsz arra, hogy belemer\u00fclj az urdu nyelvtan leny\u0171g\u00f6z\u0151 vil\u00e1g\u00e1ba? Az urdu, egy indo-\u00e1rja nyelv, Pakiszt\u00e1n nemzeti nyelve \u00e9s India egyik hivatalos nyelve. A vil\u00e1gszerte mintegy 70 milli\u00f3 besz\u00e9l\u0151vel rendelkez\u0151 urdu nemcsak gazdag \u00e9s kifejez\u0151 nyelv, hanem h\u00edd is az \u00e9l\u00e9nk kult\u00far\u00e1hoz [&hellip;]<\/p>\n","protected":false},"author":1,"featured_media":121245,"parent":0,"menu_order":0,"comment_status":"closed","ping_status":"closed","template":"LearningContentPage.php","meta":{"_acf_changed":false,"footnotes":""},"class_list":["post-152222","page","type-page","status-publish","has-post-thumbnail","hentry"],"acf":[],"yoast_head":"<!-- This site is optimized with the Yoast SEO Premium plugin v27.2 (Yoast SEO v27.2) - https:\/\/yoast.com\/product\/yoast-seo-premium-wordpress\/ -->\n<title>Urdu nyelvtan - Talkpal<\/title>\n<meta name=\"description\" content=\"Fedezze fel az urdu nyelvtan sz\u00e9ps\u00e9g\u00e9t. Fedezze fel egyedi aspektusait, forgat\u00f3k\u00f6nyv\u00e9t, \u00e9s azt, hogyan kapcsol\u00f3dik a kult\u00far\u00e1hoz \u00e9s a t\u00f6rt\u00e9nelemhez.\" \/>\n<meta name=\"robots\" content=\"index, follow, max-snippet:-1, max-image-preview:large, max-video-preview:-1\" \/>\n<link rel=\"canonical\" href=\"https:\/\/talkpal.ai\/hu\/urdu-nyelvtan\/\" \/>\n<meta property=\"og:locale\" content=\"hu_HU\" \/>\n<meta property=\"og:type\" content=\"article\" \/>\n<meta property=\"og:title\" content=\"Urdu nyelvtan\" \/>\n<meta property=\"og:description\" content=\"Urdu nyelvtan: az indo-\u00e1rja nyelv sz\u00e9ps\u00e9g\u00e9nek \u00e9s bonyolults\u00e1g\u00e1nak felt\u00e1r\u00e1sa Nyelvrajong\u00f3k \u00e9s k\u00edv\u00e1ncsi tanul\u00f3k, k\u00e9szen \u00e1llsz arra, hogy belemer\u00fclj az urdu\" \/>\n<meta property=\"og:url\" content=\"https:\/\/talkpal.ai\/hu\/urdu-nyelvtan\/\" \/>\n<meta property=\"og:site_name\" content=\"Talkpal\" \/>\n<meta property=\"article:publisher\" content=\"https:\/\/www.facebook.com\/profile.php?id=100090733639311\" \/>\n<meta property=\"article:modified_time\" content=\"2025-12-11T16:26:22+00:00\" \/>\n<meta property=\"og:image\" content=\"https:\/\/talkpal.ai\/wp-content\/uploads\/2023\/05\/Urdu-pakistan.png\" \/>\n\t<meta property=\"og:image:width\" content=\"512\" \/>\n\t<meta property=\"og:image:height\" content=\"512\" \/>\n\t<meta property=\"og:image:type\" content=\"image\/png\" \/>\n<meta name=\"twitter:card\" content=\"summary_large_image\" \/>\n<meta name=\"twitter:site\" content=\"@talkpalai\" \/>\n<meta name=\"twitter:label1\" content=\"Becs\u00fclt olvas\u00e1si id\u0151\" \/>\n\t<meta name=\"twitter:data1\" content=\"4 perc\" \/>\n<script type=\"application\/ld+json\" class=\"yoast-schema-graph\">{\"@context\":\"https:\/\/schema.org\",\"@graph\":[{\"@type\":\"WebPage\",\"@id\":\"https:\/\/talkpal.ai\/hu\/urdu-nyelvtan\/\",\"url\":\"https:\/\/talkpal.ai\/hu\/urdu-nyelvtan\/\",\"name\":\"Urdu nyelvtan - Talkpal\",\"isPartOf\":{\"@id\":\"https:\/\/talkpal.ai\/hu\/#website\"},\"primaryImageOfPage\":{\"@id\":\"https:\/\/talkpal.ai\/hu\/urdu-nyelvtan\/#primaryimage\"},\"image\":{\"@id\":\"https:\/\/talkpal.ai\/hu\/urdu-nyelvtan\/#primaryimage\"},\"thumbnailUrl\":\"https:\/\/talkpal.ai\/wp-content\/uploads\/2023\/05\/Urdu-pakistan.png\",\"datePublished\":\"2023-05-14T14:22:39+00:00\",\"dateModified\":\"2025-12-11T16:26:22+00:00\",\"description\":\"Fedezze fel az urdu nyelvtan sz\u00e9ps\u00e9g\u00e9t. Fedezze fel egyedi aspektusait, forgat\u00f3k\u00f6nyv\u00e9t, \u00e9s azt, hogyan kapcsol\u00f3dik a kult\u00far\u00e1hoz \u00e9s a t\u00f6rt\u00e9nelemhez.\",\"breadcrumb\":{\"@id\":\"https:\/\/talkpal.ai\/hu\/urdu-nyelvtan\/#breadcrumb\"},\"inLanguage\":\"hu\",\"potentialAction\":[{\"@type\":\"ReadAction\",\"target\":[\"https:\/\/talkpal.ai\/hu\/urdu-nyelvtan\/\"]}]},{\"@type\":\"ImageObject\",\"inLanguage\":\"hu\",\"@id\":\"https:\/\/talkpal.ai\/hu\/urdu-nyelvtan\/#primaryimage\",\"url\":\"https:\/\/talkpal.ai\/wp-content\/uploads\/2023\/05\/Urdu-pakistan.png\",\"contentUrl\":\"https:\/\/talkpal.ai\/wp-content\/uploads\/2023\/05\/Urdu-pakistan.png\",\"width\":512,\"height\":512},{\"@type\":\"BreadcrumbList\",\"@id\":\"https:\/\/talkpal.ai\/hu\/urdu-nyelvtan\/#breadcrumb\",\"itemListElement\":[{\"@type\":\"ListItem\",\"position\":1,\"name\":\"Homepage\",\"item\":\"https:\/\/talkpal.ai\/hu\/\"},{\"@type\":\"ListItem\",\"position\":2,\"name\":\"Urdu nyelvtan\"}]},{\"@type\":\"WebSite\",\"@id\":\"https:\/\/talkpal.ai\/hu\/#website\",\"url\":\"https:\/\/talkpal.ai\/hu\/\",\"name\":\"Talkpal\",\"description\":\"AI Language Learning\",\"publisher\":{\"@id\":\"https:\/\/talkpal.ai\/hu\/#organization\"},\"alternateName\":\"Talkpal AI\",\"potentialAction\":[{\"@type\":\"SearchAction\",\"target\":{\"@type\":\"EntryPoint\",\"urlTemplate\":\"https:\/\/talkpal.ai\/hu\/?s={search_term_string}\"},\"query-input\":{\"@type\":\"PropertyValueSpecification\",\"valueRequired\":true,\"valueName\":\"search_term_string\"}}],\"inLanguage\":\"hu\"},{\"@type\":\"Organization\",\"@id\":\"https:\/\/talkpal.ai\/hu\/#organization\",\"name\":\"Talkpal, Inc.\",\"alternateName\":\"Talkpal AI\",\"url\":\"https:\/\/talkpal.ai\/hu\/\",\"logo\":{\"@type\":\"ImageObject\",\"inLanguage\":\"hu\",\"@id\":\"https:\/\/talkpal.ai\/hu\/#\/schema\/logo\/image\/\",\"url\":\"https:\/\/talkpal.ai\/wp-content\/uploads\/2024\/03\/Talkpal-Logo-Icon.png\",\"contentUrl\":\"https:\/\/talkpal.ai\/wp-content\/uploads\/2024\/03\/Talkpal-Logo-Icon.png\",\"width\":2880,\"height\":2880,\"caption\":\"Talkpal, Inc.\"},\"image\":{\"@id\":\"https:\/\/talkpal.ai\/hu\/#\/schema\/logo\/image\/\"},\"sameAs\":[\"https:\/\/www.facebook.com\/profile.php?id=100090733639311\",\"https:\/\/x.com\/talkpalai\",\"https:\/\/www.linkedin.com\/company\/talkpal\/\",\"https:\/\/www.youtube.com\/@TalkPal\/\",\"https:\/\/www.tiktok.com\/@talkpal\",\"https:\/\/www.instagram.com\/talkpal_ai\/\",\"https:\/\/www.crunchbase.com\/organization\/talkpal-9cde\",\"https:\/\/www.g2.com\/products\/talkpal-for-business\/\",\"https:\/\/www.trustpilot.com\/review\/talkpal.ai\",\"https:\/\/www.capterra.com\/p\/10006800\/TalkPal\/\"],\"description\":\"Talkpal is a language learning web and mobile education app, powered by the latest AI technologies, that provides engaging experiences to its customers in many different languages to help them improve their language skills. Users can chat about unlimited amount of topics with the app and use other modes to practice their language learning.\",\"email\":\"support@talkpal.ai\",\"legalName\":\"Talkpal, Inc.\",\"foundingDate\":\"2023-04-03\",\"duns\":\"118989042\",\"numberOfEmployees\":{\"@type\":\"QuantitativeValue\",\"minValue\":\"11\",\"maxValue\":\"50\"},\"publishingPrinciples\":\"https:\/\/talkpal.ai\/publishing-principles\/\",\"actionableFeedbackPolicy\":\"https:\/\/talkpal.ai\/actionable-feedback-policy\/\",\"correctionsPolicy\":\"https:\/\/talkpal.ai\/corrections-policy\/\",\"ethicsPolicy\":\"https:\/\/talkpal.ai\/ethics-policy\/\",\"diversityPolicy\":\"https:\/\/talkpal.ai\/diversity-policy\/\",\"diversityStaffingReport\":\"https:\/\/talkpal.ai\/diversity-policy\/\"}]}<\/script>\n<!-- \/ Yoast SEO Premium plugin. -->","yoast_head_json":{"title":"Urdu nyelvtan - Talkpal","description":"Fedezze fel az urdu nyelvtan sz\u00e9ps\u00e9g\u00e9t. Fedezze fel egyedi aspektusait, forgat\u00f3k\u00f6nyv\u00e9t, \u00e9s azt, hogyan kapcsol\u00f3dik a kult\u00far\u00e1hoz \u00e9s a t\u00f6rt\u00e9nelemhez.","robots":{"index":"index","follow":"follow","max-snippet":"max-snippet:-1","max-image-preview":"max-image-preview:large","max-video-preview":"max-video-preview:-1"},"canonical":"https:\/\/talkpal.ai\/hu\/urdu-nyelvtan\/","og_locale":"hu_HU","og_type":"article","og_title":"Urdu nyelvtan","og_description":"Urdu nyelvtan: az indo-\u00e1rja nyelv sz\u00e9ps\u00e9g\u00e9nek \u00e9s bonyolults\u00e1g\u00e1nak felt\u00e1r\u00e1sa Nyelvrajong\u00f3k \u00e9s k\u00edv\u00e1ncsi tanul\u00f3k, k\u00e9szen \u00e1llsz arra, hogy belemer\u00fclj az urdu","og_url":"https:\/\/talkpal.ai\/hu\/urdu-nyelvtan\/","og_site_name":"Talkpal","article_publisher":"https:\/\/www.facebook.com\/profile.php?id=100090733639311","article_modified_time":"2025-12-11T16:26:22+00:00","og_image":[{"width":512,"height":512,"url":"https:\/\/talkpal.ai\/wp-content\/uploads\/2023\/05\/Urdu-pakistan.png","type":"image\/png"}],"twitter_card":"summary_large_image","twitter_site":"@talkpalai","twitter_misc":{"Becs\u00fclt olvas\u00e1si id\u0151":"4 perc"},"schema":{"@context":"https:\/\/schema.org","@graph":[{"@type":"WebPage","@id":"https:\/\/talkpal.ai\/hu\/urdu-nyelvtan\/","url":"https:\/\/talkpal.ai\/hu\/urdu-nyelvtan\/","name":"Urdu nyelvtan - Talkpal","isPartOf":{"@id":"https:\/\/talkpal.ai\/hu\/#website"},"primaryImageOfPage":{"@id":"https:\/\/talkpal.ai\/hu\/urdu-nyelvtan\/#primaryimage"},"image":{"@id":"https:\/\/talkpal.ai\/hu\/urdu-nyelvtan\/#primaryimage"},"thumbnailUrl":"https:\/\/talkpal.ai\/wp-content\/uploads\/2023\/05\/Urdu-pakistan.png","datePublished":"2023-05-14T14:22:39+00:00","dateModified":"2025-12-11T16:26:22+00:00","description":"Fedezze fel az urdu nyelvtan sz\u00e9ps\u00e9g\u00e9t. Fedezze fel egyedi aspektusait, forgat\u00f3k\u00f6nyv\u00e9t, \u00e9s azt, hogyan kapcsol\u00f3dik a kult\u00far\u00e1hoz \u00e9s a t\u00f6rt\u00e9nelemhez.","breadcrumb":{"@id":"https:\/\/talkpal.ai\/hu\/urdu-nyelvtan\/#breadcrumb"},"inLanguage":"hu","potentialAction":[{"@type":"ReadAction","target":["https:\/\/talkpal.ai\/hu\/urdu-nyelvtan\/"]}]},{"@type":"ImageObject","inLanguage":"hu","@id":"https:\/\/talkpal.ai\/hu\/urdu-nyelvtan\/#primaryimage","url":"https:\/\/talkpal.ai\/wp-content\/uploads\/2023\/05\/Urdu-pakistan.png","contentUrl":"https:\/\/talkpal.ai\/wp-content\/uploads\/2023\/05\/Urdu-pakistan.png","width":512,"height":512},{"@type":"BreadcrumbList","@id":"https:\/\/talkpal.ai\/hu\/urdu-nyelvtan\/#breadcrumb","itemListElement":[{"@type":"ListItem","position":1,"name":"Homepage","item":"https:\/\/talkpal.ai\/hu\/"},{"@type":"ListItem","position":2,"name":"Urdu nyelvtan"}]},{"@type":"WebSite","@id":"https:\/\/talkpal.ai\/hu\/#website","url":"https:\/\/talkpal.ai\/hu\/","name":"Talkpal","description":"AI Language Learning","publisher":{"@id":"https:\/\/talkpal.ai\/hu\/#organization"},"alternateName":"Talkpal AI","potentialAction":[{"@type":"SearchAction","target":{"@type":"EntryPoint","urlTemplate":"https:\/\/talkpal.ai\/hu\/?s={search_term_string}"},"query-input":{"@type":"PropertyValueSpecification","valueRequired":true,"valueName":"search_term_string"}}],"inLanguage":"hu"},{"@type":"Organization","@id":"https:\/\/talkpal.ai\/hu\/#organization","name":"Talkpal, Inc.","alternateName":"Talkpal AI","url":"https:\/\/talkpal.ai\/hu\/","logo":{"@type":"ImageObject","inLanguage":"hu","@id":"https:\/\/talkpal.ai\/hu\/#\/schema\/logo\/image\/","url":"https:\/\/talkpal.ai\/wp-content\/uploads\/2024\/03\/Talkpal-Logo-Icon.png","contentUrl":"https:\/\/talkpal.ai\/wp-content\/uploads\/2024\/03\/Talkpal-Logo-Icon.png","width":2880,"height":2880,"caption":"Talkpal, Inc."},"image":{"@id":"https:\/\/talkpal.ai\/hu\/#\/schema\/logo\/image\/"},"sameAs":["https:\/\/www.facebook.com\/profile.php?id=100090733639311","https:\/\/x.com\/talkpalai","https:\/\/www.linkedin.com\/company\/talkpal\/","https:\/\/www.youtube.com\/@TalkPal\/","https:\/\/www.tiktok.com\/@talkpal","https:\/\/www.instagram.com\/talkpal_ai\/","https:\/\/www.crunchbase.com\/organization\/talkpal-9cde","https:\/\/www.g2.com\/products\/talkpal-for-business\/","https:\/\/www.trustpilot.com\/review\/talkpal.ai","https:\/\/www.capterra.com\/p\/10006800\/TalkPal\/"],"description":"Talkpal is a language learning web and mobile education app, powered by the latest AI technologies, that provides engaging experiences to its customers in many different languages to help them improve their language skills. Users can chat about unlimited amount of topics with the app and use other modes to practice their language learning.","email":"support@talkpal.ai","legalName":"Talkpal, Inc.","foundingDate":"2023-04-03","duns":"118989042","numberOfEmployees":{"@type":"QuantitativeValue","minValue":"11","maxValue":"50"},"publishingPrinciples":"https:\/\/talkpal.ai\/publishing-principles\/","actionableFeedbackPolicy":"https:\/\/talkpal.ai\/actionable-feedback-policy\/","correctionsPolicy":"https:\/\/talkpal.ai\/corrections-policy\/","ethicsPolicy":"https:\/\/talkpal.ai\/ethics-policy\/","diversityPolicy":"https:\/\/talkpal.ai\/diversity-policy\/","diversityStaffingReport":"https:\/\/talkpal.ai\/diversity-policy\/"}]}},"_links":{"self":[{"href":"https:\/\/talkpal.ai\/hu\/wp-json\/wp\/v2\/pages\/152222","targetHints":{"allow":["GET"]}}],"collection":[{"href":"https:\/\/talkpal.ai\/hu\/wp-json\/wp\/v2\/pages"}],"about":[{"href":"https:\/\/talkpal.ai\/hu\/wp-json\/wp\/v2\/types\/page"}],"author":[{"embeddable":true,"href":"https:\/\/talkpal.ai\/hu\/wp-json\/wp\/v2\/users\/1"}],"replies":[{"embeddable":true,"href":"https:\/\/talkpal.ai\/hu\/wp-json\/wp\/v2\/comments?post=152222"}],"version-history":[{"count":0,"href":"https:\/\/talkpal.ai\/hu\/wp-json\/wp\/v2\/pages\/152222\/revisions"}],"wp:featuredmedia":[{"embeddable":true,"href":"https:\/\/talkpal.ai\/hu\/wp-json\/wp\/v2\/media\/121245"}],"wp:attachment":[{"href":"https:\/\/talkpal.ai\/hu\/wp-json\/wp\/v2\/media?parent=152222"}],"curies":[{"name":"wp","href":"https:\/\/api.w.org\/{rel}","templated":true}]}}