{"id":151912,"date":"2023-05-14T14:22:16","date_gmt":"2023-05-14T14:22:16","guid":{"rendered":"http:\/\/talkpal.ai\/tamil-nyelvtan\/"},"modified":"2025-12-12T11:02:49","modified_gmt":"2025-12-12T11:02:49","slug":"tamil-nyelvtan","status":"publish","type":"page","link":"https:\/\/talkpal.ai\/hu\/tamil-nyelvtan\/","title":{"rendered":"Tamil nyelvtan"},"content":{"rendered":"\r\n\r\n\r\n<section class=\"languageChallengeSection\">\r\n    <div class=\"languageInfoWrapper\">\r\n        \r\n        <h1>Tamil nyelvtan<\/h1>\r\n        <p>Emelje <a href=\"https:\/\/talkpal.ai\/learn-tamil\/\">tamil<\/a> nyelvtani k\u00e9szs\u00e9geit a k\u00f6vetkez\u0151 szintre a nyelvtani alapok \u00e9s a halad\u00f3 fogalmak elsaj\u00e1t\u00edt\u00e1s\u00e1val. Fedezze fel a vil\u00e1gos magyar\u00e1zatokat, gyakorlati p\u00e9ld\u00e1kat \u00e9s interakt\u00edv gyakorlatokat, amelyek c\u00e9lja, hogy n\u00f6velje \u00f6nbizalm\u00e1t. Kezdjen el tanulni a mondatszerkezetr\u0151l, az igek\u00f6t\u0151kr\u0151l \u00e9s az alapvet\u0151 szab\u00e1lyokr\u00f3l m\u00e9g ma. Kezdje el az utat, hogy pontosan \u00e9s k\u00f6nnyed\u00e9n besz\u00e9ljen \u00e9s \u00edrjon tamilul!<\/p>\r\n\r\n                            <a class=\"getStartedHidden\" href=\"https:\/\/app.talkpal.ai\/hu\/signup?lng=\">Kezdj\u00fck<\/a>\r\n        \r\n    <\/div>\r\n\r\n    <figure>\r\n    <img decoding=\"async\" width=\"768\" height=\"768\" src=\"https:\/\/talkpal.ai\/wp-content\/uploads\/2023\/06\/tamil-768x768.png\" class=\"languageImage no-lazy\" alt=\"Language learning for enhanced creativity\" fetchpriority=\"high\" sizes=\"(max-width: 768px) 150px, 768px\" srcset=\"https:\/\/talkpal.ai\/wp-content\/uploads\/2023\/06\/tamil-768x768.png 768w, https:\/\/talkpal.ai\/wp-content\/uploads\/2023\/06\/tamil-300x300.png 300w\" \/>\r\n    \r\n\r\n    <\/figure>\r\n\r\n            <a class=\"getStartedVisible\" href=\"https:\/\/app.talkpal.ai\/hu\/signup?lng=\">Kezdj\u00fck<\/a>\r\n    \r\n<\/section>\r\n<section class=\"promotionalBanner\">\r\n    <p class=\"promotionalText\">A nyelvtanul\u00e1s leghat\u00e9konyabb m\u00f3dja<\/p>\r\n    <a class=\"promotionalLink\" href=\"https:\/\/app.talkpal.ai\/hu\/signup?lng=\">Pr\u00f3b\u00e1lja ki a Talkpal ingyen<\/a>\r\n<\/section>\n<div class=\"wp-block-group pageContainerStyle\"><div class=\"wp-block-group__inner-container is-layout-constrained wp-block-group-is-layout-constrained\">\n<h2 class=\"wp-block-heading\" id=\"h-tamil-grammar-understanding-the-richness-of-the-tamil-language\">Tamil nyelvtan: A tamil nyelv gazdags\u00e1g\u00e1nak meg\u00e9rt\u00e9se<\/h2>\n\n\n\n<p>Amikor elkezdesz tamilul tanulni &#8211; a vil\u00e1g egyik legr\u00e9gebbi \u00e9l\u0151 nyelv\u00e9n -, elengedhetetlen a <a href=\"https:\/\/talkpal.ai\/grammar\/\">nyelvtan<\/a> \u00f6sszetetts\u00e9g\u00e9nek \u00e9s gazdags\u00e1g\u00e1nak megismer\u00e9se. A tamil, amely t\u00f6bb mint 2000 \u00e9ves \u00edr\u00e1sos hagyom\u00e1nnyal b\u00fcszk\u00e9lkedhet, tov\u00e1bbra is vil\u00e1gszerte 70 milli\u00f3 besz\u00e9l\u0151 els\u0151dleges nyelve. Az indul\u00e1s megk\u00f6nny\u00edt\u00e9se \u00e9rdek\u00e9ben ez a cikk felv\u00e1zolja a <a href=\"https:\/\/talkpal.ai\/tamil-grammar\/\">tamil nyelvtan<\/a> n\u00e9h\u00e1ny kulcsfontoss\u00e1g\u00fa aspektus\u00e1t besz\u00e9lget\u00e9si \u00e9s inform\u00e1lis megk\u00f6zel\u00edt\u00e9ssel.<\/p>\n\n\n\n<h3 class=\"wp-block-heading\" id=\"h-1-nouns-classifications-and-cases\">1. F\u0151nevek \u2013 oszt\u00e1lyoz\u00e1sok \u00e9s esetek<\/h3>\n\n\n\n<p>A <a href=\"https:\/\/talkpal.ai\/tamil-grammar\/\">tamil nyelvtan<\/a> jelent\u0151s aspektusa a f\u0151nevek, amelyeket nem (h\u00edmnem\u0171, n\u0151nem\u0171 \u00e9s ivartalan\u00edtott), sz\u00e1m (egyes \u00e9s t\u00f6bbes sz\u00e1m) \u00e9s eset (n\u00e9vel\u0151, t\u00e1rgyeset, dat\u00edvusz, genit\u00edv, helymeghat\u00e1roz\u00f3, instrument\u00e1lis, komitat\u00edv, abszessz\u00edv \u00e9s megsz\u00f3l\u00edt\u00f3) alapj\u00e1n oszt\u00e1lyoznak. B\u00e1r ez t\u00fal soknak t\u0171nhet, ez elengedhetetlen a mondatokon bel\u00fcli szavak k\u00f6z\u00f6tti kapcsolatok meg\u00e9rt\u00e9s\u00e9hez \u00e9s a tamil nyelv logik\u00e1j\u00e1nak megfejt\u00e9s\u00e9hez.<\/p>\n\n\n\n<p>P\u00e9ld\u00e1ul a &#8222;k\u00f6nyv&#8221; sz\u00f3 tamilul &#8222;\u0baa\u0bc1\u0ba4\u0bcd\u0ba4\u0b95\u0bae\u0bcd&#8221; (puththakam). Ha azt mondjuk, hogy &#8222;elolvastam a k\u00f6nyvet&#8221;, akkor az akkuzat\u00edv esetet haszn\u00e1ljuk, <a href=\"https:\/\/talkpal.ai\/locations\/language-courses-in-ami\/\">ami<\/a> azt jelenti, hogy a k\u00f6nyv a cselekv\u00e9s t\u00e1rgya: &#8222;\u0ba8\u0bbe\u0ba9\u0bcd \u0baa\u0bc1\u0ba4\u0bcd\u0ba4\u0b95\u0ba4\u0bcd\u0ba4\u0bc8 \u0bb5\u0bbe\u0b9a\u0bbf\u0b95\u0bcd\u0b95\u0bbf\u0ba9\u0bcd\u0bb1\u0bc7\u0ba9\u0bcd&#8221; (Naan puththakaththai vaasikkiren).<\/p>\n\n\n\n<h3 class=\"wp-block-heading\" id=\"h-2-adjectives-and-pronouns-consistent-harmony\">2. Mell\u00e9knevek \u00e9s n\u00e9vm\u00e1sok \u2013 k\u00f6vetkezetes harm\u00f3nia<\/h3>\n\n\n\n<p>A tamil nyelvben a mell\u00e9knevek (\u0baa\u0ba3\u0bcd\u0baa\u0bc1\u0b9f\u0bc8\u0bae\u0bc8) \u00e9s n\u00e9vm\u00e1sok (\u0ba4\u0ba9\u0bbf\u0baa\u0bcd\u0baa\u0bca\u0bb0\u0bc1\u0bb3\u0bcd) egy alapvet\u0151 szab\u00e1lyt k\u00f6vetnek: nem\u00fckben \u00e9s sz\u00e1mukban meg kell egyezni\u00fck az \u00e1ltaluk m\u00f3dos\u00edtott f\u0151nevekkel. Ez a k\u00f6vetkezetess\u00e9g el\u0151seg\u00edti a nyelvi harm\u00f3ni\u00e1t \u00e9s jav\u00edtja a kifejez\u00e9s tisztas\u00e1g\u00e1t.<\/p>\n\n\n\n<h3 class=\"wp-block-heading\" id=\"h-3-verbs-conjugation-and-tenses\">3. Ig\u00e9k \u2013 ragoz\u00e1s \u00e9s igeid\u0151k<\/h3>\n\n\n\n<p>A tamil ig\u00e9k d\u00f6nt\u0151 szerepet j\u00e1tszanak a mondatok alak\u00edt\u00e1s\u00e1ban. Az ig\u00e9k szem\u00e9ly, sz\u00e1m, fesz\u00fclts\u00e9g, hang \u00e9s hangulat alapj\u00e1n ragoz\u00f3dnak. A tamilnak h\u00e1rom f\u0151 igeideje (m\u00falt, jelen \u00e9s j\u00f6v\u0151) \u00e9s h\u00e1rom hangulata (indikat\u00edv, imperat\u00edv \u00e9s szubjekt\u00edv) <a href=\"https:\/\/talkpal.ai\/locations\/language-courses-in-van\/\">van<\/a>. A ragoz\u00e1s els\u0151re ijeszt\u0151nek t\u0171nhet, de elsaj\u00e1t\u00edt\u00e1sa seg\u00edt kifejezni az \u00e9rzelmek, cselekedetek \u00e9s \u00e1rnyalatok sokas\u00e1g\u00e1t.<\/p>\n\n\n\n<h3 class=\"wp-block-heading\" id=\"h-4-sentence-structure-word-order-and-agreement\">4. Mondatszerkezet \u2013 Sz\u00f3rend \u00e9s meg\u00e1llapod\u00e1s<\/h3>\n\n\n\n<p>A tamil nyelv egy <a href=\"https:\/\/talkpal.ai\/culture\/how-do-you-structure-a-sentence-using-subject-object-verb-order-in-uzbek\/\">Subject-Object-Verb<\/a> (SOV) sz\u00f3rend szerint m\u0171k\u00f6dik, ami elt\u00e9r az angolt\u00f3l, amely az Subject-Verb-Object (SVO) strukt\u00far\u00e1t k\u00f6veti. Ezenk\u00edv\u00fcl a tamil nyelvtan hangs\u00falyozza a sz\u00f3egyez\u00e9st, biztos\u00edtva a f\u0151nevek, mell\u00e9knevek \u00e9s n\u00e9vm\u00e1sok k\u00f6z\u00f6tti k\u00f6vetkezetess\u00e9get.<\/p>\n\n\n\n<p>P\u00e9ld\u00e1ul a tamil nyelvben a &#8222;Megeszik egy alm\u00e1t&#8221; mondatot \u00edgy \u00edrjuk: &#8222;\u0b85\u0bb5\u0bb3\u0bcd \u0b92\u0bb0\u0bc1 \u0b86\u0baa\u0bcd\u0baa\u0bbf\u0bb3\u0bcd \u0b9a\u0bbe\u0baa\u0bcd\u0baa\u0bbf\u0b9f\u0bc1\u0b95\u0bbf\u0bb1\u0bbe\u0bb3\u0bcd&#8221; (Ava\u1e37 oru \u0101ppi\u1e37 s\u0101ppi\u1e6dugi\u1e5f\u0101\u1e37), ahol a f\u0151n\u00e9v \u00e9s az ige neme \u00e9s sz\u00e1ma megegyezik.<\/p>\n\n\n\n<h3 class=\"wp-block-heading\" id=\"h-5-embrace-the-journey\">5. Fogadd el az utaz\u00e1st<\/h3>\n\n\n\n<p>A tamil nyelvtan tanul\u00e1sa kih\u00edv\u00e1st jelenthet, de kaput nyit egy \u00e9l\u00e9nk irodalmi hagyom\u00e1nyhoz \u00e9s gazdag kultur\u00e1lis \u00f6r\u00f6ks\u00e9ghez. Ne feledje, fontos, hogy egyszerre csak egy l\u00e9p\u00e9st tegyen, \u00e9s \u00e9rt\u00e9kelje azokat a finoms\u00e1gokat, amelyek a tamil nyelvet olyan k\u00fcl\u00f6nlegess\u00e9 teszik.<\/p>\n\n\n\n<p>A tamil nyelvtan bonyolult nyelvtani k\u00e9rd\u00e9seinek felfedez\u00e9se sor\u00e1n \u00fcgyeljen arra, hogy rendszeresen gyakoroljon, besz\u00e9ljen anyanyelvi besz\u00e9l\u0151kkel, \u00e9s legyen t\u00fcrelmes \u00f6nmag\u00e1val. Elk\u00f6telezetts\u00e9ggel megismerheti ennek az \u0151si nyelvnek a sz\u00e9ps\u00e9g\u00e9t \u00e9s gazdags\u00e1g\u00e1t. \u0b87\u0ba9\u0bbf\u0baf \u0b95\u0bb1\u0bcd\u0bb1\u0bb2\u0bcd &#8211; Iniy ka\u1e5f\u1e5f\u1e5fal (boldog tanul\u00e1st)!<\/p>\n<\/div><\/div>\n\r\n<section class=\"learnNavigationSection\">\r\n            \r\n        <a href=\"https:\/\/talkpal.ai\/hu\/tanulj-tamil-nyelven\/\">\r\n            <div class=\"learnNavigationWrapper\">\r\n                <div class=\"learnNavigationContent\">\r\n                    <img decoding=\"async\" src=\"https:\/\/talkpal.ai\/wp-content\/uploads\/2024\/08\/Tamil.jpg\" alt=\"Indian Simplified Flag\">\r\n                    <div>\r\n                        <h4>A tamil tanul\u00e1sr\u00f3l<\/h4>\r\n                        <p>Tudjon meg mindent a tamil nyelvtanr\u00f3l.<\/p>\r\n                    <\/div>\r\n                <\/div>\r\n            <\/div>\r\n        <\/a>\r\n\r\n        \r\n        <a href=\"https:\/\/talkpal.ai\/hu\/tamil-nyelvtani-gyakorlatok\/\">\r\n            <div class=\"learnNavigationWrapper\">\r\n                <div class=\"learnNavigationContent\">\r\n                    <img decoding=\"async\" src=\"https:\/\/talkpal.ai\/wp-content\/uploads\/2024\/08\/Tamil.jpg\" alt=\"Indian Simplified Flag\">\r\n                    <div>\r\n                        <h4>Tamil nyelvtani gyakorlat<\/h4>\r\n                        <p>Gyakorolja a tamil nyelvtant.<\/p>\r\n                    <\/div>\r\n                <\/div>\r\n            <\/div>\r\n        <\/a>\r\n\r\n        \r\n        <a href=\"https:\/\/talkpal.ai\/vocabulary_language\/tamil\/\">\r\n            <div class=\"learnNavigationWrapper\">\r\n                <div class=\"learnNavigationContent\">\r\n                    <img decoding=\"async\" src=\"https:\/\/talkpal.ai\/wp-content\/uploads\/2024\/08\/Tamil.jpg\" alt=\"Indian Simplified Flag\">\r\n                    <div>\r\n                        <h4>Tamil sz\u00f3kincs<\/h4>\r\n                        <p>B\u0151v\u00edtse tamil sz\u00f3kincs\u00e9t.<\/p>\r\n                    <\/div>\r\n                <\/div>\r\n            <\/div>\r\n        <\/a>\r\n\r\n            <\/section>","protected":false},"excerpt":{"rendered":"<p>Tamil nyelvtan: A tamil nyelv gazdags\u00e1g\u00e1nak meg\u00e9rt\u00e9se Amikor elkezdesz tamilul tanulni &#8211; a vil\u00e1g egyik legr\u00e9gebbi \u00e9l\u0151 nyelv\u00e9n -, elengedhetetlen a nyelvtan \u00f6sszetetts\u00e9g\u00e9nek \u00e9s gazdags\u00e1g\u00e1nak megismer\u00e9se. A tamil, amely t\u00f6bb mint 2000 \u00e9ves \u00edr\u00e1sos hagyom\u00e1nnyal b\u00fcszk\u00e9lkedhet, tov\u00e1bbra is vil\u00e1gszerte 70 milli\u00f3 besz\u00e9l\u0151 els\u0151dleges nyelve. Az indul\u00e1s megk\u00f6nny\u00edt\u00e9se \u00e9rdek\u00e9ben ez a cikk felv\u00e1zolja a tamil nyelvtan [&hellip;]<\/p>\n","protected":false},"author":1,"featured_media":120348,"parent":0,"menu_order":0,"comment_status":"closed","ping_status":"closed","template":"LearningContentPage.php","meta":{"_acf_changed":false,"footnotes":""},"class_list":["post-151912","page","type-page","status-publish","has-post-thumbnail","hentry"],"acf":[],"yoast_head":"<!-- This site is optimized with the Yoast SEO Premium plugin v27.2 (Yoast SEO v27.2) - https:\/\/yoast.com\/product\/yoast-seo-premium-wordpress\/ -->\n<title>Tamil nyelvtan - Talkpal<\/title>\n<meta name=\"description\" content=\"Ismerje meg a tamil nyelvtan alapjait, \u00e9s fejlessze e gazdag nyelv meg\u00e9rt\u00e9s\u00e9t.\" \/>\n<meta name=\"robots\" content=\"index, follow, max-snippet:-1, max-image-preview:large, max-video-preview:-1\" \/>\n<link rel=\"canonical\" href=\"https:\/\/talkpal.ai\/hu\/tamil-nyelvtan\/\" \/>\n<meta property=\"og:locale\" content=\"hu_HU\" \/>\n<meta property=\"og:type\" content=\"article\" \/>\n<meta property=\"og:title\" content=\"Tamil nyelvtan\" \/>\n<meta property=\"og:description\" content=\"Tamil nyelvtan: A tamil nyelv gazdags\u00e1g\u00e1nak meg\u00e9rt\u00e9se Amikor elkezdesz tamilul tanulni - a vil\u00e1g egyik legr\u00e9gebbi \u00e9l\u0151 nyelv\u00e9n -, elengedhetetlen a\" \/>\n<meta property=\"og:url\" content=\"https:\/\/talkpal.ai\/hu\/tamil-nyelvtan\/\" \/>\n<meta property=\"og:site_name\" content=\"Talkpal\" \/>\n<meta property=\"article:publisher\" content=\"https:\/\/www.facebook.com\/profile.php?id=100090733639311\" \/>\n<meta property=\"article:modified_time\" content=\"2025-12-12T11:02:49+00:00\" \/>\n<meta property=\"og:image\" content=\"https:\/\/talkpal.ai\/wp-content\/uploads\/2023\/05\/Tamil-india.png\" \/>\n\t<meta property=\"og:image:width\" content=\"512\" \/>\n\t<meta property=\"og:image:height\" content=\"512\" \/>\n\t<meta property=\"og:image:type\" content=\"image\/png\" \/>\n<meta name=\"twitter:card\" content=\"summary_large_image\" \/>\n<meta name=\"twitter:site\" content=\"@talkpalai\" \/>\n<meta name=\"twitter:label1\" content=\"Becs\u00fclt olvas\u00e1si id\u0151\" \/>\n\t<meta name=\"twitter:data1\" content=\"3 perc\" \/>\n<script type=\"application\/ld+json\" class=\"yoast-schema-graph\">{\"@context\":\"https:\/\/schema.org\",\"@graph\":[{\"@type\":\"WebPage\",\"@id\":\"https:\/\/talkpal.ai\/hu\/tamil-nyelvtan\/\",\"url\":\"https:\/\/talkpal.ai\/hu\/tamil-nyelvtan\/\",\"name\":\"Tamil nyelvtan - Talkpal\",\"isPartOf\":{\"@id\":\"https:\/\/talkpal.ai\/hu\/#website\"},\"primaryImageOfPage\":{\"@id\":\"https:\/\/talkpal.ai\/hu\/tamil-nyelvtan\/#primaryimage\"},\"image\":{\"@id\":\"https:\/\/talkpal.ai\/hu\/tamil-nyelvtan\/#primaryimage\"},\"thumbnailUrl\":\"https:\/\/talkpal.ai\/wp-content\/uploads\/2023\/05\/Tamil-india.png\",\"datePublished\":\"2023-05-14T14:22:16+00:00\",\"dateModified\":\"2025-12-12T11:02:49+00:00\",\"description\":\"Ismerje meg a tamil nyelvtan alapjait, \u00e9s fejlessze e gazdag nyelv meg\u00e9rt\u00e9s\u00e9t.\",\"breadcrumb\":{\"@id\":\"https:\/\/talkpal.ai\/hu\/tamil-nyelvtan\/#breadcrumb\"},\"inLanguage\":\"hu\",\"potentialAction\":[{\"@type\":\"ReadAction\",\"target\":[\"https:\/\/talkpal.ai\/hu\/tamil-nyelvtan\/\"]}]},{\"@type\":\"ImageObject\",\"inLanguage\":\"hu\",\"@id\":\"https:\/\/talkpal.ai\/hu\/tamil-nyelvtan\/#primaryimage\",\"url\":\"https:\/\/talkpal.ai\/wp-content\/uploads\/2023\/05\/Tamil-india.png\",\"contentUrl\":\"https:\/\/talkpal.ai\/wp-content\/uploads\/2023\/05\/Tamil-india.png\",\"width\":512,\"height\":512},{\"@type\":\"BreadcrumbList\",\"@id\":\"https:\/\/talkpal.ai\/hu\/tamil-nyelvtan\/#breadcrumb\",\"itemListElement\":[{\"@type\":\"ListItem\",\"position\":1,\"name\":\"Homepage\",\"item\":\"https:\/\/talkpal.ai\/hu\/\"},{\"@type\":\"ListItem\",\"position\":2,\"name\":\"Tamil nyelvtan\"}]},{\"@type\":\"WebSite\",\"@id\":\"https:\/\/talkpal.ai\/hu\/#website\",\"url\":\"https:\/\/talkpal.ai\/hu\/\",\"name\":\"Talkpal\",\"description\":\"AI Language Learning\",\"publisher\":{\"@id\":\"https:\/\/talkpal.ai\/hu\/#organization\"},\"alternateName\":\"Talkpal AI\",\"potentialAction\":[{\"@type\":\"SearchAction\",\"target\":{\"@type\":\"EntryPoint\",\"urlTemplate\":\"https:\/\/talkpal.ai\/hu\/?s={search_term_string}\"},\"query-input\":{\"@type\":\"PropertyValueSpecification\",\"valueRequired\":true,\"valueName\":\"search_term_string\"}}],\"inLanguage\":\"hu\"},{\"@type\":\"Organization\",\"@id\":\"https:\/\/talkpal.ai\/hu\/#organization\",\"name\":\"Talkpal, Inc.\",\"alternateName\":\"Talkpal AI\",\"url\":\"https:\/\/talkpal.ai\/hu\/\",\"logo\":{\"@type\":\"ImageObject\",\"inLanguage\":\"hu\",\"@id\":\"https:\/\/talkpal.ai\/hu\/#\/schema\/logo\/image\/\",\"url\":\"https:\/\/talkpal.ai\/wp-content\/uploads\/2024\/03\/Talkpal-Logo-Icon.png\",\"contentUrl\":\"https:\/\/talkpal.ai\/wp-content\/uploads\/2024\/03\/Talkpal-Logo-Icon.png\",\"width\":2880,\"height\":2880,\"caption\":\"Talkpal, Inc.\"},\"image\":{\"@id\":\"https:\/\/talkpal.ai\/hu\/#\/schema\/logo\/image\/\"},\"sameAs\":[\"https:\/\/www.facebook.com\/profile.php?id=100090733639311\",\"https:\/\/x.com\/talkpalai\",\"https:\/\/www.linkedin.com\/company\/talkpal\/\",\"https:\/\/www.youtube.com\/@TalkPal\/\",\"https:\/\/www.tiktok.com\/@talkpal\",\"https:\/\/www.instagram.com\/talkpal_ai\/\",\"https:\/\/www.crunchbase.com\/organization\/talkpal-9cde\",\"https:\/\/www.g2.com\/products\/talkpal-for-business\/\",\"https:\/\/www.trustpilot.com\/review\/talkpal.ai\",\"https:\/\/www.capterra.com\/p\/10006800\/TalkPal\/\"],\"description\":\"Talkpal is a language learning web and mobile education app, powered by the latest AI technologies, that provides engaging experiences to its customers in many different languages to help them improve their language skills. Users can chat about unlimited amount of topics with the app and use other modes to practice their language learning.\",\"email\":\"support@talkpal.ai\",\"legalName\":\"Talkpal, Inc.\",\"foundingDate\":\"2023-04-03\",\"duns\":\"118989042\",\"numberOfEmployees\":{\"@type\":\"QuantitativeValue\",\"minValue\":\"11\",\"maxValue\":\"50\"},\"publishingPrinciples\":\"https:\/\/talkpal.ai\/publishing-principles\/\",\"actionableFeedbackPolicy\":\"https:\/\/talkpal.ai\/actionable-feedback-policy\/\",\"correctionsPolicy\":\"https:\/\/talkpal.ai\/corrections-policy\/\",\"ethicsPolicy\":\"https:\/\/talkpal.ai\/ethics-policy\/\",\"diversityPolicy\":\"https:\/\/talkpal.ai\/diversity-policy\/\",\"diversityStaffingReport\":\"https:\/\/talkpal.ai\/diversity-policy\/\"}]}<\/script>\n<!-- \/ Yoast SEO Premium plugin. -->","yoast_head_json":{"title":"Tamil nyelvtan - Talkpal","description":"Ismerje meg a tamil nyelvtan alapjait, \u00e9s fejlessze e gazdag nyelv meg\u00e9rt\u00e9s\u00e9t.","robots":{"index":"index","follow":"follow","max-snippet":"max-snippet:-1","max-image-preview":"max-image-preview:large","max-video-preview":"max-video-preview:-1"},"canonical":"https:\/\/talkpal.ai\/hu\/tamil-nyelvtan\/","og_locale":"hu_HU","og_type":"article","og_title":"Tamil nyelvtan","og_description":"Tamil nyelvtan: A tamil nyelv gazdags\u00e1g\u00e1nak meg\u00e9rt\u00e9se Amikor elkezdesz tamilul tanulni - a vil\u00e1g egyik legr\u00e9gebbi \u00e9l\u0151 nyelv\u00e9n -, elengedhetetlen a","og_url":"https:\/\/talkpal.ai\/hu\/tamil-nyelvtan\/","og_site_name":"Talkpal","article_publisher":"https:\/\/www.facebook.com\/profile.php?id=100090733639311","article_modified_time":"2025-12-12T11:02:49+00:00","og_image":[{"width":512,"height":512,"url":"https:\/\/talkpal.ai\/wp-content\/uploads\/2023\/05\/Tamil-india.png","type":"image\/png"}],"twitter_card":"summary_large_image","twitter_site":"@talkpalai","twitter_misc":{"Becs\u00fclt olvas\u00e1si id\u0151":"3 perc"},"schema":{"@context":"https:\/\/schema.org","@graph":[{"@type":"WebPage","@id":"https:\/\/talkpal.ai\/hu\/tamil-nyelvtan\/","url":"https:\/\/talkpal.ai\/hu\/tamil-nyelvtan\/","name":"Tamil nyelvtan - Talkpal","isPartOf":{"@id":"https:\/\/talkpal.ai\/hu\/#website"},"primaryImageOfPage":{"@id":"https:\/\/talkpal.ai\/hu\/tamil-nyelvtan\/#primaryimage"},"image":{"@id":"https:\/\/talkpal.ai\/hu\/tamil-nyelvtan\/#primaryimage"},"thumbnailUrl":"https:\/\/talkpal.ai\/wp-content\/uploads\/2023\/05\/Tamil-india.png","datePublished":"2023-05-14T14:22:16+00:00","dateModified":"2025-12-12T11:02:49+00:00","description":"Ismerje meg a tamil nyelvtan alapjait, \u00e9s fejlessze e gazdag nyelv meg\u00e9rt\u00e9s\u00e9t.","breadcrumb":{"@id":"https:\/\/talkpal.ai\/hu\/tamil-nyelvtan\/#breadcrumb"},"inLanguage":"hu","potentialAction":[{"@type":"ReadAction","target":["https:\/\/talkpal.ai\/hu\/tamil-nyelvtan\/"]}]},{"@type":"ImageObject","inLanguage":"hu","@id":"https:\/\/talkpal.ai\/hu\/tamil-nyelvtan\/#primaryimage","url":"https:\/\/talkpal.ai\/wp-content\/uploads\/2023\/05\/Tamil-india.png","contentUrl":"https:\/\/talkpal.ai\/wp-content\/uploads\/2023\/05\/Tamil-india.png","width":512,"height":512},{"@type":"BreadcrumbList","@id":"https:\/\/talkpal.ai\/hu\/tamil-nyelvtan\/#breadcrumb","itemListElement":[{"@type":"ListItem","position":1,"name":"Homepage","item":"https:\/\/talkpal.ai\/hu\/"},{"@type":"ListItem","position":2,"name":"Tamil nyelvtan"}]},{"@type":"WebSite","@id":"https:\/\/talkpal.ai\/hu\/#website","url":"https:\/\/talkpal.ai\/hu\/","name":"Talkpal","description":"AI Language Learning","publisher":{"@id":"https:\/\/talkpal.ai\/hu\/#organization"},"alternateName":"Talkpal AI","potentialAction":[{"@type":"SearchAction","target":{"@type":"EntryPoint","urlTemplate":"https:\/\/talkpal.ai\/hu\/?s={search_term_string}"},"query-input":{"@type":"PropertyValueSpecification","valueRequired":true,"valueName":"search_term_string"}}],"inLanguage":"hu"},{"@type":"Organization","@id":"https:\/\/talkpal.ai\/hu\/#organization","name":"Talkpal, Inc.","alternateName":"Talkpal AI","url":"https:\/\/talkpal.ai\/hu\/","logo":{"@type":"ImageObject","inLanguage":"hu","@id":"https:\/\/talkpal.ai\/hu\/#\/schema\/logo\/image\/","url":"https:\/\/talkpal.ai\/wp-content\/uploads\/2024\/03\/Talkpal-Logo-Icon.png","contentUrl":"https:\/\/talkpal.ai\/wp-content\/uploads\/2024\/03\/Talkpal-Logo-Icon.png","width":2880,"height":2880,"caption":"Talkpal, Inc."},"image":{"@id":"https:\/\/talkpal.ai\/hu\/#\/schema\/logo\/image\/"},"sameAs":["https:\/\/www.facebook.com\/profile.php?id=100090733639311","https:\/\/x.com\/talkpalai","https:\/\/www.linkedin.com\/company\/talkpal\/","https:\/\/www.youtube.com\/@TalkPal\/","https:\/\/www.tiktok.com\/@talkpal","https:\/\/www.instagram.com\/talkpal_ai\/","https:\/\/www.crunchbase.com\/organization\/talkpal-9cde","https:\/\/www.g2.com\/products\/talkpal-for-business\/","https:\/\/www.trustpilot.com\/review\/talkpal.ai","https:\/\/www.capterra.com\/p\/10006800\/TalkPal\/"],"description":"Talkpal is a language learning web and mobile education app, powered by the latest AI technologies, that provides engaging experiences to its customers in many different languages to help them improve their language skills. Users can chat about unlimited amount of topics with the app and use other modes to practice their language learning.","email":"support@talkpal.ai","legalName":"Talkpal, Inc.","foundingDate":"2023-04-03","duns":"118989042","numberOfEmployees":{"@type":"QuantitativeValue","minValue":"11","maxValue":"50"},"publishingPrinciples":"https:\/\/talkpal.ai\/publishing-principles\/","actionableFeedbackPolicy":"https:\/\/talkpal.ai\/actionable-feedback-policy\/","correctionsPolicy":"https:\/\/talkpal.ai\/corrections-policy\/","ethicsPolicy":"https:\/\/talkpal.ai\/ethics-policy\/","diversityPolicy":"https:\/\/talkpal.ai\/diversity-policy\/","diversityStaffingReport":"https:\/\/talkpal.ai\/diversity-policy\/"}]}},"_links":{"self":[{"href":"https:\/\/talkpal.ai\/hu\/wp-json\/wp\/v2\/pages\/151912","targetHints":{"allow":["GET"]}}],"collection":[{"href":"https:\/\/talkpal.ai\/hu\/wp-json\/wp\/v2\/pages"}],"about":[{"href":"https:\/\/talkpal.ai\/hu\/wp-json\/wp\/v2\/types\/page"}],"author":[{"embeddable":true,"href":"https:\/\/talkpal.ai\/hu\/wp-json\/wp\/v2\/users\/1"}],"replies":[{"embeddable":true,"href":"https:\/\/talkpal.ai\/hu\/wp-json\/wp\/v2\/comments?post=151912"}],"version-history":[{"count":0,"href":"https:\/\/talkpal.ai\/hu\/wp-json\/wp\/v2\/pages\/151912\/revisions"}],"wp:featuredmedia":[{"embeddable":true,"href":"https:\/\/talkpal.ai\/hu\/wp-json\/wp\/v2\/media\/120348"}],"wp:attachment":[{"href":"https:\/\/talkpal.ai\/hu\/wp-json\/wp\/v2\/media?parent=151912"}],"curies":[{"name":"wp","href":"https:\/\/api.w.org\/{rel}","templated":true}]}}