{"id":151772,"date":"2023-05-14T14:20:51","date_gmt":"2023-05-14T14:20:51","guid":{"rendered":"http:\/\/talkpal.ai\/walesi-nyelvtan\/"},"modified":"2025-12-12T10:59:37","modified_gmt":"2025-12-12T10:59:37","slug":"walesi-nyelvtan","status":"publish","type":"page","link":"https:\/\/talkpal.ai\/hu\/walesi-nyelvtan\/","title":{"rendered":"Walesi nyelvtan"},"content":{"rendered":"\r\n\r\n\r\n<section class=\"languageChallengeSection\">\r\n    <div class=\"languageInfoWrapper\">\r\n        \r\n        <h1>Walesi nyelvtan<\/h1>\r\n        <p>A <a href=\"https:\/\/talkpal.ai\/welsh-grammar\/\">walesi nyelvtan<\/a> els\u0151re kih\u00edv\u00e1snak t\u0171nhet, de egyed\u00fcl\u00e1ll\u00f3 saj\u00e1toss\u00e1gai miatt a nyelvtanul\u00e1s kifizet\u0151d\u0151 \u00e9lm\u00e9nyt jelent. A nyelv \u00e1b\u00e9c\u00e9j\u00e9nek, mut\u00e1ci\u00f3inak \u00e9s nyelvtani szab\u00e1lyainak felfedez\u00e9s\u00e9vel betekint\u00e9st nyerhet egy gazdag nyelvi hagyom\u00e1nyba. Indulj el, \u00e9s fedezd fel a <a href=\"https:\/\/talkpal.ai\/learn-welsh\/\">walesi<\/a> nyelv sz\u00e9ps\u00e9g\u00e9t!<\/p>\r\n\r\n                            <a class=\"getStartedHidden\" href=\"https:\/\/app.talkpal.ai\/hu\/signup?lng=\">Kezdj\u00fck<\/a>\r\n        \r\n    <\/div>\r\n\r\n    <figure>\r\n    <img decoding=\"async\" width=\"768\" height=\"768\" src=\"https:\/\/talkpal.ai\/wp-content\/uploads\/2023\/06\/welsh-768x768.png\" class=\"languageImage no-lazy\" alt=\"Language learning for better cognitive abilities\" fetchpriority=\"high\" sizes=\"(max-width: 768px) 150px, 768px\" srcset=\"https:\/\/talkpal.ai\/wp-content\/uploads\/2023\/06\/welsh-768x768.png 768w, https:\/\/talkpal.ai\/wp-content\/uploads\/2023\/06\/welsh-300x300.png 300w\" \/>\r\n    \r\n\r\n    <\/figure>\r\n\r\n            <a class=\"getStartedVisible\" href=\"https:\/\/app.talkpal.ai\/hu\/signup?lng=\">Kezdj\u00fck<\/a>\r\n    \r\n<\/section>\r\n<section class=\"promotionalBanner\">\r\n    <p class=\"promotionalText\">A nyelvtanul\u00e1s leghat\u00e9konyabb m\u00f3dja<\/p>\r\n    <a class=\"promotionalLink\" href=\"https:\/\/app.talkpal.ai\/hu\/signup?lng=\">Pr\u00f3b\u00e1lja ki a Talkpal ingyen<\/a>\r\n<\/section>\n<div class=\"wp-block-group pageContainerStyle\"><div class=\"wp-block-group__inner-container is-layout-constrained wp-block-group-is-layout-constrained\">\n<h2 class=\"wp-block-heading\" id=\"h-navigating-the-intricacies-of-welsh-grammar\">Navig\u00e1l\u00e1s a walesi nyelvtan bonyolults\u00e1g\u00e1ban<\/h2>\n\n\n\n<p>A <a href=\"https:\/\/talkpal.ai\/hu\/tanulj-walesi-nyelven\/\">walesi<\/a>, a gazdag t\u00f6rt\u00e9nelm\u0171 \u00e9s kultur\u00e1lis jelent\u0151s\u00e9g\u0171 kelta breton nyelv izgalmas nyelvi \u00e9lm\u00e9nyt ny\u00fajt azoknak, akik sz\u00edvesen felfedezik egyed\u00fcl\u00e1ll\u00f3 nyelvtani rendszer\u00e9t. Ha belev\u00e1g a walesi nyelv birodalm\u00e1ba, nemcsak nyelvi reperto\u00e1rj\u00e1t gazdag\u00edtja, hanem egy leny\u0171g\u00f6z\u0151 kultur\u00e1lis utaz\u00e1sban is r\u00e9szt vehet. B\u00e1r a walesi <a href=\"https:\/\/talkpal.ai\/grammar\/\">nyelvtan<\/a> els\u0151re bonyolultnak t\u0171nhet, a nyelvtan alapvet\u0151 elemekre bont\u00e1sa k\u00f6nnyebben megk\u00f6zel\u00edthet\u0151v\u00e9 teszi a <a href=\"https:\/\/talkpal.ai\/hu\/talkpal-for-education\/\">nyelvtanul\u00e1st<\/a>. Ebben a cikkben a walesi nyelvtan mag\u00e1val ragad\u00f3 vil\u00e1g\u00e1t fedezz\u00fck fel, \u00e9s tippeket adunk, hogyan saj\u00e1t\u00edtsd el a nyelvtan bonyolults\u00e1g\u00e1t.<\/p>\n\n\n\n<h3 class=\"wp-block-heading\" id=\"h-1-welsh-alphabet-and-phonetics\">1. Walesi \u00e1b\u00e9c\u00e9 \u00e9s fonetika<\/h3>\n\n\n\n<p>A walesi \u00e1b\u00e9c\u00e9 29 bet\u0171b\u0151l \u00e1ll, amelyek k\u00f6z\u00fcl n\u00e9h\u00e1ny csak ebben a nyelvben l\u00e9tezik, mint p\u00e9ld\u00e1ul az &#8222;ll&#8221;, &#8222;dd&#8221; \u00e9s &#8222;ff&#8221;. A <a href=\"https:\/\/talkpal.ai\/hu\/tanulj-walesi-nyelven\/\">walesi nyelvtan elsaj\u00e1t\u00edt\u00e1s\u00e1hoz<\/a> elengedhetetlen, hogy megismerkedj\u00fcnk ezzel a saj\u00e1tos \u00edr\u00e1srendszerrel az\u00e1ltal, hogy gyakoroljuk a walesi olvas\u00e1st \u00e9s \u00edr\u00e1st.<\/p>\n\n\n\n<h3 class=\"wp-block-heading\" id=\"h-2-mutations-a-peculiar-welsh-feature\">2. Mut\u00e1ci\u00f3k: saj\u00e1tos walesi jellemz\u0151<\/h3>\n\n\n\n<p>A walesi nyelvtan egyik legszembet\u0171n\u0151bb aspektusa a mut\u00e1ci\u00f3k el\u0151fordul\u00e1sa, amelyek magukban foglalj\u00e1k a sz\u00f3 kezdeti m\u00e1ssalhangz\u00f3j\u00e1nak megv\u00e1ltoztat\u00e1s\u00e1t. A walesi nyelvben h\u00e1rom f\u0151 mut\u00e1ci\u00f3t\u00edpus l\u00e9tezik: l\u00e1gy mut\u00e1ci\u00f3, orrmut\u00e1ci\u00f3 \u00e9s aspir\u00e1ci\u00f3s mut\u00e1ci\u00f3. Annak meg\u00e9rt\u00e9se, hogy mikor \u00e9s hogyan fordulnak el\u0151 ezek a mut\u00e1ci\u00f3k, l\u00e9tfontoss\u00e1g\u00fa a pontos walesi kommunik\u00e1ci\u00f3hoz.<\/p>\n\n\n\n<h3 class=\"wp-block-heading\" id=\"h-3-nouns-and-pronouns-gender-and-cases\">3. F\u0151nevek \u00e9s n\u00e9vm\u00e1sok: nem \u00e9s esetek<\/h3>\n\n\n\n<p>A walesi f\u0151neveknek nyelvtani nem\u00fck <a href=\"https:\/\/talkpal.ai\/locations\/language-courses-in-van\/\">van<\/a> (h\u00edmnem\u0171 vagy n\u0151nem\u0171), \u00e9s nem\u00fck alapj\u00e1n k\u00fcl\u00f6nb\u00f6z\u0151 t\u00f6bbes sz\u00e1m\u00fa k\u00e9pz\u00e9si szab\u00e1lyokat k\u00f6vethetnek. A walesi n\u00e9vm\u00e1sok k\u00f6z\u00e9 tartoznak a szem\u00e9lyes, birtokos, reflex\u00edv, demonstrat\u00edv \u00e9s k\u00e9rd\u0151 n\u00e9vm\u00e1sok. Ezeknek a n\u00e9vm\u00e1soknak \u00e9s alakjaiknak a megismer\u00e9se jelent\u0151sen jav\u00edtja a walesi nyelvtan meg\u00e9rt\u00e9s\u00e9t.<\/p>\n\n\n\n<h3 class=\"wp-block-heading\" id=\"h-4-verbs-structure-and-conjugation\">4. Ig\u00e9k: szerkezet \u00e9s ragoz\u00e1s<\/h3>\n\n\n\n<p>A walesi ig\u00e9k egyedi szerkezetet \u00e9s ragoz\u00e1si mint\u00e1t k\u00f6vetnek az id\u0151t\u0151l, a hangulatt\u00f3l \u00e9s a szem\u00e9lyt\u0151l f\u00fcgg\u0151en. A walesi nyelvben az esszenci\u00e1lis igeid\u0151k a jelen, a m\u00falt \u00e9s a j\u00f6v\u0151, tov\u00e1bbi elemekkel, p\u00e9ld\u00e1ul felt\u00e9teles \u00e9s imperat\u00edv hangulatokkal. Az igeragoz\u00e1si szab\u00e1lyok megtanul\u00e1sa jav\u00edtja a walesi nyelv\u0171 hat\u00e9kony kommunik\u00e1ci\u00f3 k\u00e9pess\u00e9g\u00e9t.<\/p>\n\n\n\n<h3 class=\"wp-block-heading\" id=\"h-5-adjectives-agreement-and-placement\">5. Mell\u00e9knevek: meg\u00e1llapod\u00e1s \u00e9s elhelyez\u00e9s<\/h3>\n\n\n\n<p>A walesi nyelvtanban a mell\u00e9knevek \u00e1ltal\u00e1ban az \u00e1ltaluk m\u00f3dos\u00edtott f\u0151nevet k\u00f6vetik, \u00e9s sz\u00e1mukban meg kell egyezni\u00fck a f\u0151n\u00e9vvel. N\u00e9h\u00e1ny walesi mell\u00e9kn\u00e9v szab\u00e1lytalan \u00f6sszehasonl\u00edt\u00f3 \u00e9s fels\u0151bbrend\u0171 form\u00e1kat mutat, amelyek elengedhetetlenek a term\u00e9szetesebb kommunik\u00e1ci\u00f3 megtanul\u00e1s\u00e1hoz.<\/p>\n\n\n\n<p><strong>P\u00e9ld\u00e1k:<\/strong><\/p>\n\n\n\n<p><strong>&#8211; cariad mawr (nagy szerelem)<\/strong><\/p>\n\n\n\n<p><strong>&#8211; n\u00f6v\u00e9ny bach (kisgyermekek)<\/strong><\/p>\n\n\n\n<h3 class=\"wp-block-heading\" id=\"h-6-engaging-with-the-language\">6. A nyelv haszn\u00e1lata<\/h3>\n\n\n\n<p>A walesi nyelvtan teljes meg\u00e9rt\u00e9s\u00e9nek \u00e9s internaliz\u00e1l\u00e1s\u00e1nak leghat\u00e9konyabb m\u00f3dja a nyelv k\u00f6vetkezetes haszn\u00e1lata. A walesi irodalom olvas\u00e1s\u00e1val, walesi filmek vagy telev\u00edzi\u00f3s sorozatok n\u00e9z\u00e9s\u00e9vel \u00e9s az anyanyelvi besz\u00e9l\u0151kkel val\u00f3 akt\u00edv kommunik\u00e1ci\u00f3val meger\u0151s\u00edti a nyelvtan meg\u00e9rt\u00e9s\u00e9t, mik\u00f6zben b\u0151v\u00edti sz\u00f3kincs\u00e9t.<\/p>\n\n\n\n<h3 class=\"wp-block-heading\" id=\"h-conclusion\">K\u00f6vetkeztet\u00e9s<\/h3>\n\n\n\n<p>B\u00e1r a walesi nyelvtan bonyolultnak t\u0171nhet, odaad\u00e1ssal, gyakorl\u00e1ssal \u00e9s lelkesed\u00e9ssel j\u00e1rtass\u00e1 v\u00e1lhat ezen a gy\u00f6ny\u00f6r\u0171 nyelven. Az alapvet\u0151 szab\u00e1lyokra \u00f6sszpontos\u00edtva \u00e9s a nyelvvel k\u00fcl\u00f6nb\u00f6z\u0151 kontextusokban val\u00f3 foglalkoz\u00e1ssal gyorsan fejlesztheti walesi <a href=\"https:\/\/talkpal.ai\/hu\/nyelvtan\/\">nyelvtani ismereteit<\/a>. Pob lwc (sok szerencs\u00e9t) a walesi nyelvi utaz\u00e1shoz, \u00e9s \u00e9lvezze a walesi nyelvtan rejt\u00e9lyes, m\u00e9gis mag\u00e1val ragad\u00f3 vil\u00e1g\u00e1nak megfejt\u00e9s\u00e9t!<\/p>\n<\/div><\/div>\n\r\n<section class=\"learnNavigationSection\">\r\n            \r\n        <a href=\"https:\/\/talkpal.ai\/hu\/tanulj-walesi-nyelven\/\">\r\n            <div class=\"learnNavigationWrapper\">\r\n                <div class=\"learnNavigationContent\">\r\n                    <img decoding=\"async\" src=\"https:\/\/talkpal.ai\/wp-content\/uploads\/2024\/08\/Welsh.jpg\" alt=\"Welsh Flag\">\r\n                    <div>\r\n                        <h4>A walesi tanul\u00e1sr\u00f3l<\/h4>\r\n                        <p>Tudjon meg mindent a walesi nyelvtanr\u00f3l.<\/p>\r\n                    <\/div>\r\n                <\/div>\r\n            <\/div>\r\n        <\/a>\r\n\r\n        \r\n        <a href=\"https:\/\/talkpal.ai\/hu\/walesi-nyelvtani-gyakorlatok\/\">\r\n            <div class=\"learnNavigationWrapper\">\r\n                <div class=\"learnNavigationContent\">\r\n                    <img decoding=\"async\" src=\"https:\/\/talkpal.ai\/wp-content\/uploads\/2024\/08\/Welsh.jpg\" alt=\"Welsh Flag\">\r\n                    <div>\r\n                        <h4>Walesi nyelvtani gyakorlat<\/h4>\r\n                        <p>Gyakorolja a walesi nyelvtant.<\/p>\r\n                    <\/div>\r\n                <\/div>\r\n            <\/div>\r\n        <\/a>\r\n\r\n        \r\n        <a href=\"https:\/\/talkpal.ai\/vocabulary_language\/welsh\/\">\r\n            <div class=\"learnNavigationWrapper\">\r\n                <div class=\"learnNavigationContent\">\r\n                    <img decoding=\"async\" src=\"https:\/\/talkpal.ai\/wp-content\/uploads\/2024\/08\/Welsh.jpg\" alt=\"Welsh Flag\">\r\n                    <div>\r\n                        <h4>Walesi sz\u00f3kincs<\/h4>\r\n                        <p>B\u0151v\u00edtse walesi sz\u00f3kincs\u00e9t.<\/p>\r\n                    <\/div>\r\n                <\/div>\r\n            <\/div>\r\n        <\/a>\r\n\r\n            <\/section>","protected":false},"excerpt":{"rendered":"<p>Navig\u00e1l\u00e1s a walesi nyelvtan bonyolults\u00e1g\u00e1ban A walesi, a gazdag t\u00f6rt\u00e9nelm\u0171 \u00e9s kultur\u00e1lis jelent\u0151s\u00e9g\u0171 kelta breton nyelv izgalmas nyelvi \u00e9lm\u00e9nyt ny\u00fajt azoknak, akik sz\u00edvesen felfedezik egyed\u00fcl\u00e1ll\u00f3 nyelvtani rendszer\u00e9t. Ha belev\u00e1g a walesi nyelv birodalm\u00e1ba, nemcsak nyelvi reperto\u00e1rj\u00e1t gazdag\u00edtja, hanem egy leny\u0171g\u00f6z\u0151 kultur\u00e1lis utaz\u00e1sban is r\u00e9szt vehet. B\u00e1r a walesi nyelvtan els\u0151re bonyolultnak t\u0171nhet, a nyelvtan alapvet\u0151 [&hellip;]<\/p>\n","protected":false},"author":1,"featured_media":121597,"parent":0,"menu_order":0,"comment_status":"closed","ping_status":"closed","template":"LearningContentPage.php","meta":{"_acf_changed":false,"footnotes":""},"class_list":["post-151772","page","type-page","status-publish","has-post-thumbnail","hentry"],"acf":[],"yoast_head":"<!-- This site is optimized with the Yoast SEO Premium plugin v27.2 (Yoast SEO v27.2) - https:\/\/yoast.com\/product\/yoast-seo-premium-wordpress\/ -->\n<title>Walesi nyelvtan - Talkpal<\/title>\n<meta name=\"description\" content=\"Fedezze fel a walesi nyelvtan fort\u00e9lyait, \u00e9s fedezze fel ennek az egyed\u00fcl\u00e1ll\u00f3 kelta nyelvnek a titkait. Kezdje el az utaz\u00e1st m\u00e9g ma.\" \/>\n<meta name=\"robots\" content=\"index, follow, max-snippet:-1, max-image-preview:large, max-video-preview:-1\" \/>\n<link rel=\"canonical\" href=\"https:\/\/talkpal.ai\/hu\/walesi-nyelvtan\/\" \/>\n<meta property=\"og:locale\" content=\"hu_HU\" \/>\n<meta property=\"og:type\" content=\"article\" \/>\n<meta property=\"og:title\" content=\"Walesi nyelvtan\" \/>\n<meta property=\"og:description\" content=\"Navig\u00e1l\u00e1s a walesi nyelvtan bonyolults\u00e1g\u00e1ban A walesi, a gazdag t\u00f6rt\u00e9nelm\u0171 \u00e9s kultur\u00e1lis jelent\u0151s\u00e9g\u0171 kelta breton nyelv izgalmas nyelvi \u00e9lm\u00e9nyt ny\u00fajt\" \/>\n<meta property=\"og:url\" content=\"https:\/\/talkpal.ai\/hu\/walesi-nyelvtan\/\" \/>\n<meta property=\"og:site_name\" content=\"Talkpal\" \/>\n<meta property=\"article:publisher\" content=\"https:\/\/www.facebook.com\/profile.php?id=100090733639311\" \/>\n<meta property=\"article:modified_time\" content=\"2025-12-12T10:59:37+00:00\" \/>\n<meta property=\"og:image\" content=\"https:\/\/talkpal.ai\/wp-content\/uploads\/2023\/05\/Wales.png\" \/>\n\t<meta property=\"og:image:width\" content=\"512\" \/>\n\t<meta property=\"og:image:height\" content=\"512\" \/>\n\t<meta property=\"og:image:type\" content=\"image\/png\" \/>\n<meta name=\"twitter:card\" content=\"summary_large_image\" \/>\n<meta name=\"twitter:site\" content=\"@talkpalai\" \/>\n<meta name=\"twitter:label1\" content=\"Becs\u00fclt olvas\u00e1si id\u0151\" \/>\n\t<meta name=\"twitter:data1\" content=\"3 perc\" \/>\n<script type=\"application\/ld+json\" class=\"yoast-schema-graph\">{\"@context\":\"https:\/\/schema.org\",\"@graph\":[{\"@type\":\"WebPage\",\"@id\":\"https:\/\/talkpal.ai\/hu\/walesi-nyelvtan\/\",\"url\":\"https:\/\/talkpal.ai\/hu\/walesi-nyelvtan\/\",\"name\":\"Walesi nyelvtan - Talkpal\",\"isPartOf\":{\"@id\":\"https:\/\/talkpal.ai\/hu\/#website\"},\"primaryImageOfPage\":{\"@id\":\"https:\/\/talkpal.ai\/hu\/walesi-nyelvtan\/#primaryimage\"},\"image\":{\"@id\":\"https:\/\/talkpal.ai\/hu\/walesi-nyelvtan\/#primaryimage\"},\"thumbnailUrl\":\"https:\/\/talkpal.ai\/wp-content\/uploads\/2023\/05\/Wales.png\",\"datePublished\":\"2023-05-14T14:20:51+00:00\",\"dateModified\":\"2025-12-12T10:59:37+00:00\",\"description\":\"Fedezze fel a walesi nyelvtan fort\u00e9lyait, \u00e9s fedezze fel ennek az egyed\u00fcl\u00e1ll\u00f3 kelta nyelvnek a titkait. Kezdje el az utaz\u00e1st m\u00e9g ma.\",\"breadcrumb\":{\"@id\":\"https:\/\/talkpal.ai\/hu\/walesi-nyelvtan\/#breadcrumb\"},\"inLanguage\":\"hu\",\"potentialAction\":[{\"@type\":\"ReadAction\",\"target\":[\"https:\/\/talkpal.ai\/hu\/walesi-nyelvtan\/\"]}]},{\"@type\":\"ImageObject\",\"inLanguage\":\"hu\",\"@id\":\"https:\/\/talkpal.ai\/hu\/walesi-nyelvtan\/#primaryimage\",\"url\":\"https:\/\/talkpal.ai\/wp-content\/uploads\/2023\/05\/Wales.png\",\"contentUrl\":\"https:\/\/talkpal.ai\/wp-content\/uploads\/2023\/05\/Wales.png\",\"width\":512,\"height\":512},{\"@type\":\"BreadcrumbList\",\"@id\":\"https:\/\/talkpal.ai\/hu\/walesi-nyelvtan\/#breadcrumb\",\"itemListElement\":[{\"@type\":\"ListItem\",\"position\":1,\"name\":\"Homepage\",\"item\":\"https:\/\/talkpal.ai\/hu\/\"},{\"@type\":\"ListItem\",\"position\":2,\"name\":\"Walesi nyelvtan\"}]},{\"@type\":\"WebSite\",\"@id\":\"https:\/\/talkpal.ai\/hu\/#website\",\"url\":\"https:\/\/talkpal.ai\/hu\/\",\"name\":\"Talkpal\",\"description\":\"AI Language Learning\",\"publisher\":{\"@id\":\"https:\/\/talkpal.ai\/hu\/#organization\"},\"alternateName\":\"Talkpal AI\",\"potentialAction\":[{\"@type\":\"SearchAction\",\"target\":{\"@type\":\"EntryPoint\",\"urlTemplate\":\"https:\/\/talkpal.ai\/hu\/?s={search_term_string}\"},\"query-input\":{\"@type\":\"PropertyValueSpecification\",\"valueRequired\":true,\"valueName\":\"search_term_string\"}}],\"inLanguage\":\"hu\"},{\"@type\":\"Organization\",\"@id\":\"https:\/\/talkpal.ai\/hu\/#organization\",\"name\":\"Talkpal, Inc.\",\"alternateName\":\"Talkpal AI\",\"url\":\"https:\/\/talkpal.ai\/hu\/\",\"logo\":{\"@type\":\"ImageObject\",\"inLanguage\":\"hu\",\"@id\":\"https:\/\/talkpal.ai\/hu\/#\/schema\/logo\/image\/\",\"url\":\"https:\/\/talkpal.ai\/wp-content\/uploads\/2024\/03\/Talkpal-Logo-Icon.png\",\"contentUrl\":\"https:\/\/talkpal.ai\/wp-content\/uploads\/2024\/03\/Talkpal-Logo-Icon.png\",\"width\":2880,\"height\":2880,\"caption\":\"Talkpal, Inc.\"},\"image\":{\"@id\":\"https:\/\/talkpal.ai\/hu\/#\/schema\/logo\/image\/\"},\"sameAs\":[\"https:\/\/www.facebook.com\/profile.php?id=100090733639311\",\"https:\/\/x.com\/talkpalai\",\"https:\/\/www.linkedin.com\/company\/talkpal\/\",\"https:\/\/www.youtube.com\/@TalkPal\/\",\"https:\/\/www.tiktok.com\/@talkpal\",\"https:\/\/www.instagram.com\/talkpal_ai\/\",\"https:\/\/www.crunchbase.com\/organization\/talkpal-9cde\",\"https:\/\/www.g2.com\/products\/talkpal-for-business\/\",\"https:\/\/www.trustpilot.com\/review\/talkpal.ai\",\"https:\/\/www.capterra.com\/p\/10006800\/TalkPal\/\"],\"description\":\"Talkpal is a language learning web and mobile education app, powered by the latest AI technologies, that provides engaging experiences to its customers in many different languages to help them improve their language skills. Users can chat about unlimited amount of topics with the app and use other modes to practice their language learning.\",\"email\":\"support@talkpal.ai\",\"legalName\":\"Talkpal, Inc.\",\"foundingDate\":\"2023-04-03\",\"duns\":\"118989042\",\"numberOfEmployees\":{\"@type\":\"QuantitativeValue\",\"minValue\":\"11\",\"maxValue\":\"50\"},\"publishingPrinciples\":\"https:\/\/talkpal.ai\/publishing-principles\/\",\"actionableFeedbackPolicy\":\"https:\/\/talkpal.ai\/actionable-feedback-policy\/\",\"correctionsPolicy\":\"https:\/\/talkpal.ai\/corrections-policy\/\",\"ethicsPolicy\":\"https:\/\/talkpal.ai\/ethics-policy\/\",\"diversityPolicy\":\"https:\/\/talkpal.ai\/diversity-policy\/\",\"diversityStaffingReport\":\"https:\/\/talkpal.ai\/diversity-policy\/\"}]}<\/script>\n<!-- \/ Yoast SEO Premium plugin. -->","yoast_head_json":{"title":"Walesi nyelvtan - Talkpal","description":"Fedezze fel a walesi nyelvtan fort\u00e9lyait, \u00e9s fedezze fel ennek az egyed\u00fcl\u00e1ll\u00f3 kelta nyelvnek a titkait. Kezdje el az utaz\u00e1st m\u00e9g ma.","robots":{"index":"index","follow":"follow","max-snippet":"max-snippet:-1","max-image-preview":"max-image-preview:large","max-video-preview":"max-video-preview:-1"},"canonical":"https:\/\/talkpal.ai\/hu\/walesi-nyelvtan\/","og_locale":"hu_HU","og_type":"article","og_title":"Walesi nyelvtan","og_description":"Navig\u00e1l\u00e1s a walesi nyelvtan bonyolults\u00e1g\u00e1ban A walesi, a gazdag t\u00f6rt\u00e9nelm\u0171 \u00e9s kultur\u00e1lis jelent\u0151s\u00e9g\u0171 kelta breton nyelv izgalmas nyelvi \u00e9lm\u00e9nyt ny\u00fajt","og_url":"https:\/\/talkpal.ai\/hu\/walesi-nyelvtan\/","og_site_name":"Talkpal","article_publisher":"https:\/\/www.facebook.com\/profile.php?id=100090733639311","article_modified_time":"2025-12-12T10:59:37+00:00","og_image":[{"width":512,"height":512,"url":"https:\/\/talkpal.ai\/wp-content\/uploads\/2023\/05\/Wales.png","type":"image\/png"}],"twitter_card":"summary_large_image","twitter_site":"@talkpalai","twitter_misc":{"Becs\u00fclt olvas\u00e1si id\u0151":"3 perc"},"schema":{"@context":"https:\/\/schema.org","@graph":[{"@type":"WebPage","@id":"https:\/\/talkpal.ai\/hu\/walesi-nyelvtan\/","url":"https:\/\/talkpal.ai\/hu\/walesi-nyelvtan\/","name":"Walesi nyelvtan - Talkpal","isPartOf":{"@id":"https:\/\/talkpal.ai\/hu\/#website"},"primaryImageOfPage":{"@id":"https:\/\/talkpal.ai\/hu\/walesi-nyelvtan\/#primaryimage"},"image":{"@id":"https:\/\/talkpal.ai\/hu\/walesi-nyelvtan\/#primaryimage"},"thumbnailUrl":"https:\/\/talkpal.ai\/wp-content\/uploads\/2023\/05\/Wales.png","datePublished":"2023-05-14T14:20:51+00:00","dateModified":"2025-12-12T10:59:37+00:00","description":"Fedezze fel a walesi nyelvtan fort\u00e9lyait, \u00e9s fedezze fel ennek az egyed\u00fcl\u00e1ll\u00f3 kelta nyelvnek a titkait. Kezdje el az utaz\u00e1st m\u00e9g ma.","breadcrumb":{"@id":"https:\/\/talkpal.ai\/hu\/walesi-nyelvtan\/#breadcrumb"},"inLanguage":"hu","potentialAction":[{"@type":"ReadAction","target":["https:\/\/talkpal.ai\/hu\/walesi-nyelvtan\/"]}]},{"@type":"ImageObject","inLanguage":"hu","@id":"https:\/\/talkpal.ai\/hu\/walesi-nyelvtan\/#primaryimage","url":"https:\/\/talkpal.ai\/wp-content\/uploads\/2023\/05\/Wales.png","contentUrl":"https:\/\/talkpal.ai\/wp-content\/uploads\/2023\/05\/Wales.png","width":512,"height":512},{"@type":"BreadcrumbList","@id":"https:\/\/talkpal.ai\/hu\/walesi-nyelvtan\/#breadcrumb","itemListElement":[{"@type":"ListItem","position":1,"name":"Homepage","item":"https:\/\/talkpal.ai\/hu\/"},{"@type":"ListItem","position":2,"name":"Walesi nyelvtan"}]},{"@type":"WebSite","@id":"https:\/\/talkpal.ai\/hu\/#website","url":"https:\/\/talkpal.ai\/hu\/","name":"Talkpal","description":"AI Language Learning","publisher":{"@id":"https:\/\/talkpal.ai\/hu\/#organization"},"alternateName":"Talkpal AI","potentialAction":[{"@type":"SearchAction","target":{"@type":"EntryPoint","urlTemplate":"https:\/\/talkpal.ai\/hu\/?s={search_term_string}"},"query-input":{"@type":"PropertyValueSpecification","valueRequired":true,"valueName":"search_term_string"}}],"inLanguage":"hu"},{"@type":"Organization","@id":"https:\/\/talkpal.ai\/hu\/#organization","name":"Talkpal, Inc.","alternateName":"Talkpal AI","url":"https:\/\/talkpal.ai\/hu\/","logo":{"@type":"ImageObject","inLanguage":"hu","@id":"https:\/\/talkpal.ai\/hu\/#\/schema\/logo\/image\/","url":"https:\/\/talkpal.ai\/wp-content\/uploads\/2024\/03\/Talkpal-Logo-Icon.png","contentUrl":"https:\/\/talkpal.ai\/wp-content\/uploads\/2024\/03\/Talkpal-Logo-Icon.png","width":2880,"height":2880,"caption":"Talkpal, Inc."},"image":{"@id":"https:\/\/talkpal.ai\/hu\/#\/schema\/logo\/image\/"},"sameAs":["https:\/\/www.facebook.com\/profile.php?id=100090733639311","https:\/\/x.com\/talkpalai","https:\/\/www.linkedin.com\/company\/talkpal\/","https:\/\/www.youtube.com\/@TalkPal\/","https:\/\/www.tiktok.com\/@talkpal","https:\/\/www.instagram.com\/talkpal_ai\/","https:\/\/www.crunchbase.com\/organization\/talkpal-9cde","https:\/\/www.g2.com\/products\/talkpal-for-business\/","https:\/\/www.trustpilot.com\/review\/talkpal.ai","https:\/\/www.capterra.com\/p\/10006800\/TalkPal\/"],"description":"Talkpal is a language learning web and mobile education app, powered by the latest AI technologies, that provides engaging experiences to its customers in many different languages to help them improve their language skills. Users can chat about unlimited amount of topics with the app and use other modes to practice their language learning.","email":"support@talkpal.ai","legalName":"Talkpal, Inc.","foundingDate":"2023-04-03","duns":"118989042","numberOfEmployees":{"@type":"QuantitativeValue","minValue":"11","maxValue":"50"},"publishingPrinciples":"https:\/\/talkpal.ai\/publishing-principles\/","actionableFeedbackPolicy":"https:\/\/talkpal.ai\/actionable-feedback-policy\/","correctionsPolicy":"https:\/\/talkpal.ai\/corrections-policy\/","ethicsPolicy":"https:\/\/talkpal.ai\/ethics-policy\/","diversityPolicy":"https:\/\/talkpal.ai\/diversity-policy\/","diversityStaffingReport":"https:\/\/talkpal.ai\/diversity-policy\/"}]}},"_links":{"self":[{"href":"https:\/\/talkpal.ai\/hu\/wp-json\/wp\/v2\/pages\/151772","targetHints":{"allow":["GET"]}}],"collection":[{"href":"https:\/\/talkpal.ai\/hu\/wp-json\/wp\/v2\/pages"}],"about":[{"href":"https:\/\/talkpal.ai\/hu\/wp-json\/wp\/v2\/types\/page"}],"author":[{"embeddable":true,"href":"https:\/\/talkpal.ai\/hu\/wp-json\/wp\/v2\/users\/1"}],"replies":[{"embeddable":true,"href":"https:\/\/talkpal.ai\/hu\/wp-json\/wp\/v2\/comments?post=151772"}],"version-history":[{"count":0,"href":"https:\/\/talkpal.ai\/hu\/wp-json\/wp\/v2\/pages\/151772\/revisions"}],"wp:featuredmedia":[{"embeddable":true,"href":"https:\/\/talkpal.ai\/hu\/wp-json\/wp\/v2\/media\/121597"}],"wp:attachment":[{"href":"https:\/\/talkpal.ai\/hu\/wp-json\/wp\/v2\/media?parent=151772"}],"curies":[{"name":"wp","href":"https:\/\/api.w.org\/{rel}","templated":true}]}}