{"id":150801,"date":"2023-05-14T14:20:10","date_gmt":"2023-05-14T14:20:10","guid":{"rendered":"http:\/\/talkpal.ai\/szloven-nyelvtan\/"},"modified":"2025-12-12T11:07:48","modified_gmt":"2025-12-12T11:07:48","slug":"szloven-nyelvtan","status":"publish","type":"page","link":"https:\/\/talkpal.ai\/hu\/szloven-nyelvtan\/","title":{"rendered":"Szlov\u00e9n nyelvtan"},"content":{"rendered":"\r\n\r\n\r\n<section class=\"languageChallengeSection\">\r\n    <div class=\"languageInfoWrapper\">\r\n        \r\n        <h1>Szlov\u00e9n nyelvtan<\/h1>\r\n        <p>A <a href=\"https:\/\/talkpal.ai\/learn-slovenian\/\">szlov\u00e9n<\/a> nyelv alapvet\u0151 nyelvtani szab\u00e1lyainak elsaj\u00e1t\u00edt\u00e1s\u00e1val elsaj\u00e1t\u00edthatja a szlov\u00e9n nyelv saj\u00e1tos var\u00e1zs\u00e1t. A szlov\u00e9n nyelvtani ismeretek birtok\u00e1ban k\u00e9pes leszel kapcsolatot teremteni az anyanyelvi besz\u00e9l\u0151kkel, \u00e9s jobban megbecs\u00fclni az orsz\u00e1g gazdag kultur\u00e1lis \u00f6r\u00f6ks\u00e9g\u00e9t. Kezdje el a <a href=\"https:\/\/talkpal.ai\/hu\/kezdok-szloven-nyelvkonyve-gyors-es-hatekony-tanulas-mindenkinek\/\">szlov\u00e9n nyelvtan<\/a> tanul\u00e1s\u00e1t m\u00e9g ma, \u00e9s tegye meg az els\u0151 l\u00e9p\u00e9st a foly\u00e9kony nyelvtud\u00e1s fel\u00e9!<\/p>\r\n\r\n                            <a class=\"getStartedHidden\" href=\"https:\/\/app.talkpal.ai\/hu\/signup?lng=\">Kezdj\u00fck<\/a>\r\n        \r\n    <\/div>\r\n\r\n    <figure>\r\n    <img decoding=\"async\" width=\"768\" height=\"768\" src=\"https:\/\/talkpal.ai\/wp-content\/uploads\/2023\/06\/slovenian-768x768.png\" class=\"languageImage no-lazy\" alt=\"Language learning for broader perspectives\" fetchpriority=\"high\" sizes=\"(max-width: 768px) 150px, 768px\" srcset=\"https:\/\/talkpal.ai\/wp-content\/uploads\/2023\/06\/slovenian-768x768.png 768w, https:\/\/talkpal.ai\/wp-content\/uploads\/2023\/06\/slovenian-300x300.png 300w\" \/>\r\n    \r\n\r\n    <\/figure>\r\n\r\n            <a class=\"getStartedVisible\" href=\"https:\/\/app.talkpal.ai\/hu\/signup?lng=\">Kezdj\u00fck<\/a>\r\n    \r\n<\/section>\r\n<section class=\"promotionalBanner\">\r\n    <p class=\"promotionalText\">A nyelvtanul\u00e1s leghat\u00e9konyabb m\u00f3dja<\/p>\r\n    <a class=\"promotionalLink\" href=\"https:\/\/app.talkpal.ai\/hu\/signup?lng=\">Pr\u00f3b\u00e1lja ki a Talkpal ingyen<\/a>\r\n<\/section>\n<div class=\"wp-block-group pageContainerStyle\"><div class=\"wp-block-group__inner-container is-layout-constrained wp-block-group-is-layout-constrained\">\n<h1 class=\"wp-block-heading\" id=\"h-slovenian-grammar-a-short-introduction-for-language-lovers\">Szlov\u00e9n nyelvtan: r\u00f6vid bevezet\u00e9s a nyelv szerelmeseinek<\/h1>\n\n\n\n<p>K\u00e9szen \u00e1ll arra, hogy belemer\u00fclj\u00f6n a szlov\u00e9n, egy leny\u0171g\u00f6z\u0151 szl\u00e1v nyelv var\u00e1zslatos vil\u00e1g\u00e1ba? Egy \u00e9lm\u00e9nyben lesz r\u00e9szed! Ez a r\u00f6vid \u00fatmutat\u00f3 bepillant\u00e1st enged a szlov\u00e9n nyelvtanba, amely elengedhetetlen ennek a mag\u00e1val ragad\u00f3 nyelvnek a meg\u00e9rt\u00e9s\u00e9hez \u00e9s elsaj\u00e1t\u00edt\u00e1s\u00e1hoz. Induljunk h\u00e1t neki ennek a nyelvi kalandnak, \u00e9s fedezz\u00fck fel l\u00e9p\u00e9sr\u0151l l\u00e9p\u00e9sre a <a href=\"https:\/\/talkpal.ai\/hu\/kezdok-szloven-nyelvkonyve-gyors-es-hatekony-tanulas-mindenkinek\/\">szlov\u00e9n nyelvtan<\/a> fort\u00e9lyait.<\/p>\n\n\n\n<p>A szlov\u00e9n nyelvet, m\u00e1s n\u00e9ven szlov\u00e9nt, Szlov\u00e9ni\u00e1ban t\u00falnyom\u00f3r\u00e9szt mintegy 2,5 milli\u00f3 ember besz\u00e9li. D\u00e9lszl\u00e1v nyelvk\u00e9nt sz\u00e1mos k\u00f6z\u00f6s von\u00e1sa <a href=\"https:\/\/talkpal.ai\/locations\/language-courses-in-van\/\">van<\/a> k\u00f6zeli rokonaival, p\u00e9ld\u00e1ul a <a href=\"https:\/\/talkpal.ai\/learn-serbian\/\">szerb<\/a>, a <a href=\"https:\/\/talkpal.ai\/learn-croatian\/\">horv\u00e1t<\/a> \u00e9s a <a href=\"https:\/\/talkpal.ai\/learn-bulgarian\/\">bolg\u00e1r<\/a>. A szlov\u00e9n azonban egyed\u00fcl\u00e1ll\u00f3 fordulatokkal \u00e9s hangulattal b\u00fcszk\u00e9lkedhet.<\/p>\n\n\n\n<p><a href=\"https:\/\/talkpal.ai\/locations\/language-courses-in-minden\/\">Minden<\/a> tov\u00e1bbi n\u00e9lk\u00fcl n\u00e9zz\u00fck a szlov\u00e9n <a href=\"https:\/\/talkpal.ai\/grammar\/\">nyelvtan<\/a> legfontosabb aspektusait:<\/p>\n\n\n\n<h3 class=\"wp-block-heading\" id=\"h-1-nouns-and-cases\">1. F\u0151nevek \u00e9s esetek:<\/h3>\n\n\n\n<p>A szlov\u00e9n f\u0151nevek h\u00e1rom nemben l\u00e9teznek \u2013 h\u00edmnem\u0171, n\u0151nem\u0171 \u00e9s ivartalan\u00edtott. Minden f\u0151n\u00e9v haszn\u00e1lhat\u00f3 a hat szlov\u00e9n eset egyik\u00e9ben: alanyeset, birtokos eset, dat\u00edvusz, t\u00e1rgyeset, helyhat\u00e1roz\u00f3 \u00e9s eszk\u00f6z. Ezek az esetek k\u00fcl\u00f6nb\u00f6z\u0151 nyelvtani funkci\u00f3kat vagy szavak k\u00f6z\u00f6tti kapcsolatokat fejeznek ki, ez\u00e9rt fontos, hogy megtanuljuk a megfelel\u0151 haszn\u00e1latukat a sz\u00f6vegk\u00f6rnyezetben.<\/p>\n\n\n\n<h3 class=\"wp-block-heading\" id=\"h-2-articles\">2. Cikkek:<\/h3>\n\n\n\n<p>Van egy j\u00f3 h\u00edr\u00fcnk &#8211; a szlov\u00e9n nyelv nem haszn\u00e1l olyan cikkeket, mint a &#8222;the&#8221; vagy az &#8222;a&#8221;! Ehelyett a jelent\u00e9st az esetek \u00e9s a sz\u00f3rend haszn\u00e1lat\u00e1val k\u00f6zvet\u00edtik. Ez megk\u00f6nny\u00edtheti a szlov\u00e9n nyelvtanul\u00e1st, k\u00fcl\u00f6n\u00f6sen, ha nem vagy hozz\u00e1szokva a bonyolult cikkrendszerrel rendelkez\u0151 nyelvekhez.<\/p>\n\n\n\n<h3 class=\"wp-block-heading\" id=\"h-3-adjectives\">3. Mell\u00e9knevek:<\/h3>\n\n\n\n<p>Csak\u00fagy, mint a f\u0151nevek, a szlov\u00e9n mell\u00e9knevek is megegyeznek nemben, sz\u00e1mban \u00e9s esetben az \u00e1ltaluk m\u00f3dos\u00edtott f\u0151n\u00e9vvel. Ez egy kicsit bonyolultabb\u00e1 teszi a mell\u00e9knevek haszn\u00e1lat\u00e1t, mint az angolban, de ne f\u00e9lj &#8211; gyakorl\u00e1ssal pillanatok alatt elsaj\u00e1t\u00edthatod a szlov\u00e9n mell\u00e9kneveket!<\/p>\n\n\n\n<h3 class=\"wp-block-heading\" id=\"h-4-verbs\">4. Ig\u00e9k:<\/h3>\n\n\n\n<p>A szlov\u00e9n nyelv h\u00e1romszint\u0171 igei rendszerrel rendelkezik: h\u00e1rom k\u00f6t\u0151sz\u00f3csoport, az ige f\u0151n\u00e9vi igen\u00e9vre v\u00e9gz\u0151d\u0151 t\u00f6rzs\u00e9t\u0151l f\u00fcgg\u0151en. A szlov\u00e9n ig\u00e9knek k\u00fcl\u00f6nb\u00f6z\u0151 igeid\u0151k \u00e9s hangulatok is vannak, bele\u00e9rtve az egyedi kett\u0151s form\u00e1t is, amelyet k\u00e9t alanyra vagy t\u00e1rgyra val\u00f3 hivatkoz\u00e1skor haszn\u00e1lnak. K\u00e9sz\u00fclj\u00f6n fel arra, hogy t\u00f6lts\u00f6n egy kis id\u0151t a szlov\u00e9n igeragoz\u00e1s tanul\u00e1s\u00e1val \u00e9s gyakorl\u00e1s\u00e1val, hogy magabiztoss\u00e1got szerezzen nyelvi k\u00e9szs\u00e9geiben.<\/p>\n\n\n\n<h3 class=\"wp-block-heading\" id=\"h-5-word-order\">5. Sz\u00f3rend<\/h3>\n\n\n\n<p>A szlov\u00e9n nyelv \u00e1ltal\u00e1ban az alany-ige-objektum (SVO) sz\u00f3rend szerint m\u0171k\u00f6dik, amely ismer\u0151s lehet az angolul besz\u00e9l\u0151k sz\u00e1m\u00e1ra. A nyelv azonban bizonyos fok\u00fa rugalmass\u00e1got \u00e9lvez, lehet\u0151v\u00e9 t\u00e9ve a mondat bizonyos r\u00e9szeinek hangs\u00falyoz\u00e1s\u00e1t a sz\u00f3rend megv\u00e1ltoztat\u00e1s\u00e1val. A f\u00e9lre\u00e9rt\u00e9sek elker\u00fcl\u00e9se \u00e9s a sz\u00e1nd\u00e9kolt jelent\u00e9s k\u00f6zvet\u00edt\u00e9se \u00e9rdek\u00e9ben fontos, hogy az eseteket helyesen haszn\u00e1ljuk.<\/p>\n\n\n\n<h3 class=\"wp-block-heading\" id=\"h-6-pronouns-and-prepositions\">6. N\u00e9vm\u00e1sok \u00e9s el\u00f6lj\u00e1r\u00f3szavak:<\/h3>\n\n\n\n<p>A szlov\u00e9n n\u00e9vm\u00e1sokat a nyelv t\u00f6bbi elem\u00e9hez hasonl\u00f3an befoly\u00e1solja a nem, a sz\u00e1m \u00e9s az eset. K\u00fcl\u00f6nb\u00f6z\u0151 form\u00e1kban l\u00e9teznek, p\u00e9ld\u00e1ul szem\u00e9lyes, birtokl\u00f3, demonstrat\u00edv \u00e9s reflex\u00edv. A szlov\u00e9n el\u00f6lj\u00e1r\u00f3szavak megismer\u00e9se seg\u00edt a szavak \u00e9s kifejez\u00e9sek \u00f6sszekapcsol\u00e1s\u00e1ban is, hogy \u00f6sszetettebb mondatokat hozzon l\u00e9tre.<\/p>\n\n\n\n<p>Most m\u00e1r van egy alapszint\u0171 ismereted a szlov\u00e9n nyelvtanr\u00f3l! Ne feledje, hogy b\u00e1rmely nyelv ismerete odaad\u00e1st \u00e9s gyakorl\u00e1st ig\u00e9nyel. Fogadja el a kih\u00edv\u00e1sokat, \u00e9s ne habozzon tanulni a hib\u00e1ib\u00f3l. Ne feledje, hogy egy \u00faj nyelv tanul\u00e1sa izgalmas utaz\u00e1s, tele eml\u00e9kezetes \u00e9lm\u00e9nyekkel \u00e9s kifizet\u0151d\u0151 felfedez\u00e9sekkel. Sre\u010dno!<\/p>\n<\/div><\/div>\n\r\n<section class=\"learnNavigationSection\">\r\n            \r\n        <a href=\"https:\/\/talkpal.ai\/hu\/tanulj-szlovenul\/\">\r\n            <div class=\"learnNavigationWrapper\">\r\n                <div class=\"learnNavigationContent\">\r\n                    <img decoding=\"async\" src=\"https:\/\/talkpal.ai\/wp-content\/uploads\/2024\/08\/Slovenian.jpg\" alt=\"Slovenian Flag\">\r\n                    <div>\r\n                        <h4>A szlov\u00e9n tanul\u00e1sr\u00f3l<\/h4>\r\n                        <p>Tudjon meg mindent a szlov\u00e9n nyelvtanr\u00f3l.<\/p>\r\n                    <\/div>\r\n                <\/div>\r\n            <\/div>\r\n        <\/a>\r\n\r\n        \r\n        <a href=\"https:\/\/talkpal.ai\/hu\/szloven-nyelvtani-gyakorlatok\/\">\r\n            <div class=\"learnNavigationWrapper\">\r\n                <div class=\"learnNavigationContent\">\r\n                    <img decoding=\"async\" src=\"https:\/\/talkpal.ai\/wp-content\/uploads\/2024\/08\/Slovenian.jpg\" alt=\"Slovenian Flag\">\r\n                    <div>\r\n                        <h4>Szlov\u00e9n nyelvtani gyakorlat<\/h4>\r\n                        <p>Gyakorolja a szlov\u00e9n nyelvtant.<\/p>\r\n                    <\/div>\r\n                <\/div>\r\n            <\/div>\r\n        <\/a>\r\n\r\n        \r\n        <a href=\"https:\/\/talkpal.ai\/vocabulary_language\/slovenian\/\">\r\n            <div class=\"learnNavigationWrapper\">\r\n                <div class=\"learnNavigationContent\">\r\n                    <img decoding=\"async\" src=\"https:\/\/talkpal.ai\/wp-content\/uploads\/2024\/08\/Slovenian.jpg\" alt=\"Slovenian Flag\">\r\n                    <div>\r\n                        <h4>Szlov\u00e9n sz\u00f3kincs<\/h4>\r\n                        <p>B\u0151v\u00edtse szlov\u00e9n sz\u00f3kincs\u00e9t.<\/p>\r\n                    <\/div>\r\n                <\/div>\r\n            <\/div>\r\n        <\/a>\r\n\r\n            <\/section>","protected":false},"excerpt":{"rendered":"<p>Szlov\u00e9n nyelvtan: r\u00f6vid bevezet\u00e9s a nyelv szerelmeseinek K\u00e9szen \u00e1ll arra, hogy belemer\u00fclj\u00f6n a szlov\u00e9n, egy leny\u0171g\u00f6z\u0151 szl\u00e1v nyelv var\u00e1zslatos vil\u00e1g\u00e1ba? Egy \u00e9lm\u00e9nyben lesz r\u00e9szed! Ez a r\u00f6vid \u00fatmutat\u00f3 bepillant\u00e1st enged a szlov\u00e9n nyelvtanba, amely elengedhetetlen ennek a mag\u00e1val ragad\u00f3 nyelvnek a meg\u00e9rt\u00e9s\u00e9hez \u00e9s elsaj\u00e1t\u00edt\u00e1s\u00e1hoz. Induljunk h\u00e1t neki ennek a nyelvi kalandnak, \u00e9s fedezz\u00fck fel l\u00e9p\u00e9sr\u0151l [&hellip;]<\/p>\n","protected":false},"author":1,"featured_media":119804,"parent":0,"menu_order":0,"comment_status":"closed","ping_status":"closed","template":"LearningContentPage.php","meta":{"_acf_changed":false,"footnotes":""},"class_list":["post-150801","page","type-page","status-publish","has-post-thumbnail","hentry"],"acf":[],"yoast_head":"<!-- This site is optimized with the Yoast SEO Premium plugin v27.2 (Yoast SEO v27.2) - https:\/\/yoast.com\/product\/yoast-seo-premium-wordpress\/ -->\n<title>Szlov\u00e9n nyelvtan - Talkpal<\/title>\n<meta name=\"description\" content=\"Fedezze fel a szlov\u00e9n nyelvtan fort\u00e9lyait a jobb nyelvtud\u00e1s \u00e9s meg\u00e9rt\u00e9s \u00e9rdek\u00e9ben. Saj\u00e1t\u00edtsa el a nyelvtan m\u0171v\u00e9szet\u00e9t m\u00e9g ma.\" \/>\n<meta name=\"robots\" content=\"index, follow, max-snippet:-1, max-image-preview:large, max-video-preview:-1\" \/>\n<link rel=\"canonical\" href=\"https:\/\/talkpal.ai\/hu\/szloven-nyelvtan\/\" \/>\n<meta property=\"og:locale\" content=\"hu_HU\" \/>\n<meta property=\"og:type\" content=\"article\" \/>\n<meta property=\"og:title\" content=\"Szlov\u00e9n nyelvtan\" \/>\n<meta property=\"og:description\" content=\"Szlov\u00e9n nyelvtan: r\u00f6vid bevezet\u00e9s a nyelv szerelmeseinek K\u00e9szen \u00e1ll arra, hogy belemer\u00fclj\u00f6n a szlov\u00e9n, egy leny\u0171g\u00f6z\u0151 szl\u00e1v nyelv var\u00e1zslatos vil\u00e1g\u00e1ba? Egy\" \/>\n<meta property=\"og:url\" content=\"https:\/\/talkpal.ai\/hu\/szloven-nyelvtan\/\" \/>\n<meta property=\"og:site_name\" content=\"Talkpal\" \/>\n<meta property=\"article:publisher\" content=\"https:\/\/www.facebook.com\/profile.php?id=100090733639311\" \/>\n<meta property=\"article:modified_time\" content=\"2025-12-12T11:07:48+00:00\" \/>\n<meta property=\"og:image\" content=\"https:\/\/talkpal.ai\/wp-content\/uploads\/2023\/05\/slovenia.png\" \/>\n\t<meta property=\"og:image:width\" content=\"512\" \/>\n\t<meta property=\"og:image:height\" content=\"512\" \/>\n\t<meta property=\"og:image:type\" content=\"image\/png\" \/>\n<meta name=\"twitter:card\" content=\"summary_large_image\" \/>\n<meta name=\"twitter:site\" content=\"@talkpalai\" \/>\n<meta name=\"twitter:label1\" content=\"Becs\u00fclt olvas\u00e1si id\u0151\" \/>\n\t<meta name=\"twitter:data1\" content=\"4 perc\" \/>\n<script type=\"application\/ld+json\" class=\"yoast-schema-graph\">{\"@context\":\"https:\/\/schema.org\",\"@graph\":[{\"@type\":\"WebPage\",\"@id\":\"https:\/\/talkpal.ai\/hu\/szloven-nyelvtan\/\",\"url\":\"https:\/\/talkpal.ai\/hu\/szloven-nyelvtan\/\",\"name\":\"Szlov\u00e9n nyelvtan - Talkpal\",\"isPartOf\":{\"@id\":\"https:\/\/talkpal.ai\/hu\/#website\"},\"primaryImageOfPage\":{\"@id\":\"https:\/\/talkpal.ai\/hu\/szloven-nyelvtan\/#primaryimage\"},\"image\":{\"@id\":\"https:\/\/talkpal.ai\/hu\/szloven-nyelvtan\/#primaryimage\"},\"thumbnailUrl\":\"https:\/\/talkpal.ai\/wp-content\/uploads\/2023\/05\/slovenia.png\",\"datePublished\":\"2023-05-14T14:20:10+00:00\",\"dateModified\":\"2025-12-12T11:07:48+00:00\",\"description\":\"Fedezze fel a szlov\u00e9n nyelvtan fort\u00e9lyait a jobb nyelvtud\u00e1s \u00e9s meg\u00e9rt\u00e9s \u00e9rdek\u00e9ben. Saj\u00e1t\u00edtsa el a nyelvtan m\u0171v\u00e9szet\u00e9t m\u00e9g ma.\",\"breadcrumb\":{\"@id\":\"https:\/\/talkpal.ai\/hu\/szloven-nyelvtan\/#breadcrumb\"},\"inLanguage\":\"hu\",\"potentialAction\":[{\"@type\":\"ReadAction\",\"target\":[\"https:\/\/talkpal.ai\/hu\/szloven-nyelvtan\/\"]}]},{\"@type\":\"ImageObject\",\"inLanguage\":\"hu\",\"@id\":\"https:\/\/talkpal.ai\/hu\/szloven-nyelvtan\/#primaryimage\",\"url\":\"https:\/\/talkpal.ai\/wp-content\/uploads\/2023\/05\/slovenia.png\",\"contentUrl\":\"https:\/\/talkpal.ai\/wp-content\/uploads\/2023\/05\/slovenia.png\",\"width\":512,\"height\":512},{\"@type\":\"BreadcrumbList\",\"@id\":\"https:\/\/talkpal.ai\/hu\/szloven-nyelvtan\/#breadcrumb\",\"itemListElement\":[{\"@type\":\"ListItem\",\"position\":1,\"name\":\"Homepage\",\"item\":\"https:\/\/talkpal.ai\/hu\/\"},{\"@type\":\"ListItem\",\"position\":2,\"name\":\"Szlov\u00e9n nyelvtan\"}]},{\"@type\":\"WebSite\",\"@id\":\"https:\/\/talkpal.ai\/hu\/#website\",\"url\":\"https:\/\/talkpal.ai\/hu\/\",\"name\":\"Talkpal\",\"description\":\"AI Language Learning\",\"publisher\":{\"@id\":\"https:\/\/talkpal.ai\/hu\/#organization\"},\"alternateName\":\"Talkpal AI\",\"potentialAction\":[{\"@type\":\"SearchAction\",\"target\":{\"@type\":\"EntryPoint\",\"urlTemplate\":\"https:\/\/talkpal.ai\/hu\/?s={search_term_string}\"},\"query-input\":{\"@type\":\"PropertyValueSpecification\",\"valueRequired\":true,\"valueName\":\"search_term_string\"}}],\"inLanguage\":\"hu\"},{\"@type\":\"Organization\",\"@id\":\"https:\/\/talkpal.ai\/hu\/#organization\",\"name\":\"Talkpal, Inc.\",\"alternateName\":\"Talkpal AI\",\"url\":\"https:\/\/talkpal.ai\/hu\/\",\"logo\":{\"@type\":\"ImageObject\",\"inLanguage\":\"hu\",\"@id\":\"https:\/\/talkpal.ai\/hu\/#\/schema\/logo\/image\/\",\"url\":\"https:\/\/talkpal.ai\/wp-content\/uploads\/2024\/03\/Talkpal-Logo-Icon.png\",\"contentUrl\":\"https:\/\/talkpal.ai\/wp-content\/uploads\/2024\/03\/Talkpal-Logo-Icon.png\",\"width\":2880,\"height\":2880,\"caption\":\"Talkpal, Inc.\"},\"image\":{\"@id\":\"https:\/\/talkpal.ai\/hu\/#\/schema\/logo\/image\/\"},\"sameAs\":[\"https:\/\/www.facebook.com\/profile.php?id=100090733639311\",\"https:\/\/x.com\/talkpalai\",\"https:\/\/www.linkedin.com\/company\/talkpal\/\",\"https:\/\/www.youtube.com\/@TalkPal\/\",\"https:\/\/www.tiktok.com\/@talkpal\",\"https:\/\/www.instagram.com\/talkpal_ai\/\",\"https:\/\/www.crunchbase.com\/organization\/talkpal-9cde\",\"https:\/\/www.g2.com\/products\/talkpal-for-business\/\",\"https:\/\/www.trustpilot.com\/review\/talkpal.ai\",\"https:\/\/www.capterra.com\/p\/10006800\/TalkPal\/\"],\"description\":\"Talkpal is a language learning web and mobile education app, powered by the latest AI technologies, that provides engaging experiences to its customers in many different languages to help them improve their language skills. Users can chat about unlimited amount of topics with the app and use other modes to practice their language learning.\",\"email\":\"support@talkpal.ai\",\"legalName\":\"Talkpal, Inc.\",\"foundingDate\":\"2023-04-03\",\"duns\":\"118989042\",\"numberOfEmployees\":{\"@type\":\"QuantitativeValue\",\"minValue\":\"11\",\"maxValue\":\"50\"},\"publishingPrinciples\":\"https:\/\/talkpal.ai\/publishing-principles\/\",\"actionableFeedbackPolicy\":\"https:\/\/talkpal.ai\/actionable-feedback-policy\/\",\"correctionsPolicy\":\"https:\/\/talkpal.ai\/corrections-policy\/\",\"ethicsPolicy\":\"https:\/\/talkpal.ai\/ethics-policy\/\",\"diversityPolicy\":\"https:\/\/talkpal.ai\/diversity-policy\/\",\"diversityStaffingReport\":\"https:\/\/talkpal.ai\/diversity-policy\/\"}]}<\/script>\n<!-- \/ Yoast SEO Premium plugin. -->","yoast_head_json":{"title":"Szlov\u00e9n nyelvtan - Talkpal","description":"Fedezze fel a szlov\u00e9n nyelvtan fort\u00e9lyait a jobb nyelvtud\u00e1s \u00e9s meg\u00e9rt\u00e9s \u00e9rdek\u00e9ben. Saj\u00e1t\u00edtsa el a nyelvtan m\u0171v\u00e9szet\u00e9t m\u00e9g ma.","robots":{"index":"index","follow":"follow","max-snippet":"max-snippet:-1","max-image-preview":"max-image-preview:large","max-video-preview":"max-video-preview:-1"},"canonical":"https:\/\/talkpal.ai\/hu\/szloven-nyelvtan\/","og_locale":"hu_HU","og_type":"article","og_title":"Szlov\u00e9n nyelvtan","og_description":"Szlov\u00e9n nyelvtan: r\u00f6vid bevezet\u00e9s a nyelv szerelmeseinek K\u00e9szen \u00e1ll arra, hogy belemer\u00fclj\u00f6n a szlov\u00e9n, egy leny\u0171g\u00f6z\u0151 szl\u00e1v nyelv var\u00e1zslatos vil\u00e1g\u00e1ba? Egy","og_url":"https:\/\/talkpal.ai\/hu\/szloven-nyelvtan\/","og_site_name":"Talkpal","article_publisher":"https:\/\/www.facebook.com\/profile.php?id=100090733639311","article_modified_time":"2025-12-12T11:07:48+00:00","og_image":[{"width":512,"height":512,"url":"https:\/\/talkpal.ai\/wp-content\/uploads\/2023\/05\/slovenia.png","type":"image\/png"}],"twitter_card":"summary_large_image","twitter_site":"@talkpalai","twitter_misc":{"Becs\u00fclt olvas\u00e1si id\u0151":"4 perc"},"schema":{"@context":"https:\/\/schema.org","@graph":[{"@type":"WebPage","@id":"https:\/\/talkpal.ai\/hu\/szloven-nyelvtan\/","url":"https:\/\/talkpal.ai\/hu\/szloven-nyelvtan\/","name":"Szlov\u00e9n nyelvtan - Talkpal","isPartOf":{"@id":"https:\/\/talkpal.ai\/hu\/#website"},"primaryImageOfPage":{"@id":"https:\/\/talkpal.ai\/hu\/szloven-nyelvtan\/#primaryimage"},"image":{"@id":"https:\/\/talkpal.ai\/hu\/szloven-nyelvtan\/#primaryimage"},"thumbnailUrl":"https:\/\/talkpal.ai\/wp-content\/uploads\/2023\/05\/slovenia.png","datePublished":"2023-05-14T14:20:10+00:00","dateModified":"2025-12-12T11:07:48+00:00","description":"Fedezze fel a szlov\u00e9n nyelvtan fort\u00e9lyait a jobb nyelvtud\u00e1s \u00e9s meg\u00e9rt\u00e9s \u00e9rdek\u00e9ben. Saj\u00e1t\u00edtsa el a nyelvtan m\u0171v\u00e9szet\u00e9t m\u00e9g ma.","breadcrumb":{"@id":"https:\/\/talkpal.ai\/hu\/szloven-nyelvtan\/#breadcrumb"},"inLanguage":"hu","potentialAction":[{"@type":"ReadAction","target":["https:\/\/talkpal.ai\/hu\/szloven-nyelvtan\/"]}]},{"@type":"ImageObject","inLanguage":"hu","@id":"https:\/\/talkpal.ai\/hu\/szloven-nyelvtan\/#primaryimage","url":"https:\/\/talkpal.ai\/wp-content\/uploads\/2023\/05\/slovenia.png","contentUrl":"https:\/\/talkpal.ai\/wp-content\/uploads\/2023\/05\/slovenia.png","width":512,"height":512},{"@type":"BreadcrumbList","@id":"https:\/\/talkpal.ai\/hu\/szloven-nyelvtan\/#breadcrumb","itemListElement":[{"@type":"ListItem","position":1,"name":"Homepage","item":"https:\/\/talkpal.ai\/hu\/"},{"@type":"ListItem","position":2,"name":"Szlov\u00e9n nyelvtan"}]},{"@type":"WebSite","@id":"https:\/\/talkpal.ai\/hu\/#website","url":"https:\/\/talkpal.ai\/hu\/","name":"Talkpal","description":"AI Language Learning","publisher":{"@id":"https:\/\/talkpal.ai\/hu\/#organization"},"alternateName":"Talkpal AI","potentialAction":[{"@type":"SearchAction","target":{"@type":"EntryPoint","urlTemplate":"https:\/\/talkpal.ai\/hu\/?s={search_term_string}"},"query-input":{"@type":"PropertyValueSpecification","valueRequired":true,"valueName":"search_term_string"}}],"inLanguage":"hu"},{"@type":"Organization","@id":"https:\/\/talkpal.ai\/hu\/#organization","name":"Talkpal, Inc.","alternateName":"Talkpal AI","url":"https:\/\/talkpal.ai\/hu\/","logo":{"@type":"ImageObject","inLanguage":"hu","@id":"https:\/\/talkpal.ai\/hu\/#\/schema\/logo\/image\/","url":"https:\/\/talkpal.ai\/wp-content\/uploads\/2024\/03\/Talkpal-Logo-Icon.png","contentUrl":"https:\/\/talkpal.ai\/wp-content\/uploads\/2024\/03\/Talkpal-Logo-Icon.png","width":2880,"height":2880,"caption":"Talkpal, Inc."},"image":{"@id":"https:\/\/talkpal.ai\/hu\/#\/schema\/logo\/image\/"},"sameAs":["https:\/\/www.facebook.com\/profile.php?id=100090733639311","https:\/\/x.com\/talkpalai","https:\/\/www.linkedin.com\/company\/talkpal\/","https:\/\/www.youtube.com\/@TalkPal\/","https:\/\/www.tiktok.com\/@talkpal","https:\/\/www.instagram.com\/talkpal_ai\/","https:\/\/www.crunchbase.com\/organization\/talkpal-9cde","https:\/\/www.g2.com\/products\/talkpal-for-business\/","https:\/\/www.trustpilot.com\/review\/talkpal.ai","https:\/\/www.capterra.com\/p\/10006800\/TalkPal\/"],"description":"Talkpal is a language learning web and mobile education app, powered by the latest AI technologies, that provides engaging experiences to its customers in many different languages to help them improve their language skills. Users can chat about unlimited amount of topics with the app and use other modes to practice their language learning.","email":"support@talkpal.ai","legalName":"Talkpal, Inc.","foundingDate":"2023-04-03","duns":"118989042","numberOfEmployees":{"@type":"QuantitativeValue","minValue":"11","maxValue":"50"},"publishingPrinciples":"https:\/\/talkpal.ai\/publishing-principles\/","actionableFeedbackPolicy":"https:\/\/talkpal.ai\/actionable-feedback-policy\/","correctionsPolicy":"https:\/\/talkpal.ai\/corrections-policy\/","ethicsPolicy":"https:\/\/talkpal.ai\/ethics-policy\/","diversityPolicy":"https:\/\/talkpal.ai\/diversity-policy\/","diversityStaffingReport":"https:\/\/talkpal.ai\/diversity-policy\/"}]}},"_links":{"self":[{"href":"https:\/\/talkpal.ai\/hu\/wp-json\/wp\/v2\/pages\/150801","targetHints":{"allow":["GET"]}}],"collection":[{"href":"https:\/\/talkpal.ai\/hu\/wp-json\/wp\/v2\/pages"}],"about":[{"href":"https:\/\/talkpal.ai\/hu\/wp-json\/wp\/v2\/types\/page"}],"author":[{"embeddable":true,"href":"https:\/\/talkpal.ai\/hu\/wp-json\/wp\/v2\/users\/1"}],"replies":[{"embeddable":true,"href":"https:\/\/talkpal.ai\/hu\/wp-json\/wp\/v2\/comments?post=150801"}],"version-history":[{"count":0,"href":"https:\/\/talkpal.ai\/hu\/wp-json\/wp\/v2\/pages\/150801\/revisions"}],"wp:featuredmedia":[{"embeddable":true,"href":"https:\/\/talkpal.ai\/hu\/wp-json\/wp\/v2\/media\/119804"}],"wp:attachment":[{"href":"https:\/\/talkpal.ai\/hu\/wp-json\/wp\/v2\/media?parent=150801"}],"curies":[{"name":"wp","href":"https:\/\/api.w.org\/{rel}","templated":true}]}}