{"id":150311,"date":"2023-05-14T14:19:49","date_gmt":"2023-05-14T14:19:49","guid":{"rendered":"http:\/\/talkpal.ai\/szlovak-nyelvtan\/"},"modified":"2025-12-12T11:12:08","modified_gmt":"2025-12-12T11:12:08","slug":"szlovak-nyelvtan","status":"publish","type":"page","link":"https:\/\/talkpal.ai\/hu\/szlovak-nyelvtan\/","title":{"rendered":"Szlov\u00e1k nyelvtan"},"content":{"rendered":"\r\n\r\n\r\n<section class=\"languageChallengeSection\">\r\n    <div class=\"languageInfoWrapper\">\r\n        \r\n        <h1>Szlov\u00e1k nyelvtan<\/h1>\r\n        <p>Ismerje meg a <a href=\"https:\/\/talkpal.ai\/learn-slovak\/\">szlov\u00e1k<\/a> nyelv sz\u00e9ps\u00e9g\u00e9t az alapvet\u0151 nyelvtani szab\u00e1lyok elsaj\u00e1t\u00edt\u00e1s\u00e1val. A <a href=\"https:\/\/talkpal.ai\/slovak-grammar\/\">szlov\u00e1k nyelvtan<\/a> meg\u00e9rt\u00e9se seg\u00edt magabiztosan kommunik\u00e1lni, \u00e9s m\u00e9lyebben k\u00f6t\u0151dni Szlov\u00e1kia gazdag hagyom\u00e1nyaihoz. Induljon el m\u00e9g ma, \u00e9s tegye meg az els\u0151 l\u00e9p\u00e9st a szlov\u00e1k nyelv elsaj\u00e1t\u00edt\u00e1sa fel\u00e9!\n\n<\/p>\r\n\r\n                            <a class=\"getStartedHidden\" href=\"https:\/\/app.talkpal.ai\/hu\/signup?lng=\">Kezdj\u00fck<\/a>\r\n        \r\n    <\/div>\r\n\r\n    <figure>\r\n    <img decoding=\"async\" width=\"768\" height=\"768\" src=\"https:\/\/talkpal.ai\/wp-content\/uploads\/2023\/06\/slovak-768x768.png\" class=\"languageImage no-lazy\" alt=\"Language learning for cross-cultural competence\" fetchpriority=\"high\" sizes=\"(max-width: 768px) 150px, 768px\" srcset=\"https:\/\/talkpal.ai\/wp-content\/uploads\/2023\/06\/slovak-768x768.png 768w, https:\/\/talkpal.ai\/wp-content\/uploads\/2023\/06\/slovak-300x300.png 300w\" \/>\r\n    \r\n\r\n    <\/figure>\r\n\r\n            <a class=\"getStartedVisible\" href=\"https:\/\/app.talkpal.ai\/hu\/signup?lng=\">Kezdj\u00fck<\/a>\r\n    \r\n<\/section>\r\n<section class=\"promotionalBanner\">\r\n    <p class=\"promotionalText\">A nyelvtanul\u00e1s leghat\u00e9konyabb m\u00f3dja<\/p>\r\n    <a class=\"promotionalLink\" href=\"https:\/\/app.talkpal.ai\/hu\/signup?lng=\">Pr\u00f3b\u00e1lja ki a Talkpal ingyen<\/a>\r\n<\/section>\n<div class=\"wp-block-group pageContainerStyle\"><div class=\"wp-block-group__inner-container is-layout-constrained wp-block-group-is-layout-constrained\">\n<h2 class=\"wp-block-heading\" id=\"h-slovak-grammar-the-key-to-unlocking-a-beautiful-language\">Szlov\u00e1k nyelvtan: A kulcs egy gy\u00f6ny\u00f6r\u0171 nyelv felold\u00e1s\u00e1hoz<\/h2>\n\n\n\n<p>Tervez szlov\u00e1kul tanulni, vagy csak k\u00edv\u00e1ncsi az egyedi nyelvtan\u00e1ra? J\u00f3 helyen j\u00e1rsz! A <a href=\"https:\/\/talkpal.ai\/slovak-grammar\/\">szlov\u00e1k nyelvtan<\/a> els\u0151 pillant\u00e1sra ijeszt\u0151nek t\u0171nhet, de ne agg\u00f3djon &#8211; val\u00f3j\u00e1ban el\u00e9g logikus \u00e9s k\u00f6nnyen kezelhet\u0151. Ebben a cikkben a szlov\u00e1k <a href=\"https:\/\/talkpal.ai\/grammar\/\">nyelvtan<\/a> <a href=\"https:\/\/talkpal.ai\/locations\/language-courses-in-minden\/\">minden<\/a> cs\u00ednj\u00e1t-b\u00ednj\u00e1t felt\u00e1rjuk, hogy jobban meg\u00e9rtsd \u00e9s \u00e9rt\u00e9keld a szlov\u00e1k nyelv sz\u00e9ps\u00e9g\u00e9t.<\/p>\n\n\n\n<p>El\u0151sz\u00f6r is, kezdj\u00fck egy kis h\u00e1tt\u00e9rismerettel. A szlov\u00e1k egy nyugat-szl\u00e1v nyelv, amelyet els\u0151sorban Szlov\u00e1ki\u00e1ban besz\u00e9lnek, de a k\u00f6rnyez\u0151 orsz\u00e1gokban is tal\u00e1lhat besz\u00e9l\u0151ket. Szl\u00e1v nyelvk\u00e9nt sok hasonl\u00f3s\u00e1got mutat a r\u00e9gi\u00f3 m\u00e1s nyelveivel, p\u00e9ld\u00e1ul a csehrel \u00e9s a lengyellel. Azonban megvannak a maga k\u00fcl\u00f6n\u00e1ll\u00f3 nyelvtani szab\u00e1lyai \u00e9s haszn\u00e1lati mint\u00e1i, amelyek megk\u00fcl\u00f6nb\u00f6ztetik.<\/p>\n\n\n\n<p>Most pedig t\u00e9rj\u00fcnk r\u00e1 a szlov\u00e1k nyelvtan legfontosabb aspektusaira.<\/p>\n\n\n\n<h3 class=\"wp-block-heading\" id=\"h-1-nouns-and-their-cases\">1. F\u0151nevek \u00e9s eset\u00fck<\/h3>\n\n\n\n<p>A szlov\u00e1k nyelvtan egyik legszembet\u0171n\u0151bb jellemz\u0151je a bonyolult esetrendszer. Ha ismeri a <a href=\"https:\/\/talkpal.ai\/learn-german\/\">n\u00e9met<\/a> vagy az <a href=\"https:\/\/talkpal.ai\/learn-russian\/\">orosz<\/a> nyelvet, tudni fogja, mir\u0151l besz\u00e9l\u00fcnk: A szlov\u00e1k f\u0151nevek a mondatban bet\u00f6lt\u00f6tt funkci\u00f3juk f\u00fcggv\u00e9ny\u00e9ben v\u00e1ltoztatj\u00e1k alakjukat. A h\u00e9t eset (nominativus, genitivus, dativus, accusativus, lokativus, instrument\u00e1lis \u00e9s vokativus) els\u0151re tal\u00e1n t\u00falterhel\u0151nek t\u0171nhet, de ne add fel! Ha m\u00e1r egyszer elsaj\u00e1t\u00edtottad, hihetetlen\u00fcl logikus \u00e9s m\u00e9g sz\u00f3rakoztat\u00f3 is.<\/p>\n\n\n\n<p>Vegy\u00fck p\u00e9ld\u00e1ul a &#8222;chlapec&#8221; (fi\u00fa) f\u0151nevet. V\u00e1ltozhat &#8222;chlapca&#8221;-ra, &#8222;chlapcovi&#8221;-ra, &#8222;chlapcom&#8221;-ra \u00e9s \u00edgy tov\u00e1bb, att\u00f3l f\u00fcgg\u0151en, hogy egy cselekv\u00e9s <a href=\"https:\/\/talkpal.ai\/locations\/language-courses-in-alanya\/\">alanya<\/a>, t\u00e1rgya vagy c\u00edmzettje. A v\u00e9gz\u0151d\u00e9sek a f\u0151n\u00e9v nem\u00e9t\u0151l is f\u00fcggnek (h\u00edm-, n\u0151nem\u0171 vagy \u00fajnem\u0171), ami m\u00e9g v\u00e1ltozatosabb\u00e1 teszi a nyelvet.<\/p>\n\n\n\n<h3 class=\"wp-block-heading\" id=\"h-2-verb-conjugation-and-tenses\">2. Igeragoz\u00e1s \u00e9s igeid\u0151k<\/h3>\n\n\n\n<p>A szlov\u00e1k ig\u00e9k v\u00e9gz\u0151d\u00e9s\u00fcket az alany szem\u00e9lye \u00e9s sz\u00e1ma (egyes vagy t\u00f6bbes sz\u00e1m) alapj\u00e1n v\u00e1ltoztatj\u00e1k meg. P\u00e9ld\u00e1ul a &#8222;vidie\u0165&#8221; (l\u00e1tni) ig\u00e9b\u0151l lehet &#8222;vid\u00edm&#8221; (l\u00e1tom), &#8222;vid\u00ed\u0161&#8221; (l\u00e1tod), &#8222;vidia&#8221; (l\u00e1tj\u00e1k) \u00e9s m\u00e1sok.<\/p>\n\n\n\n<p>A szlov\u00e1k nyelvnek h\u00e1rom f\u0151 igeideje van: m\u00falt, jelen \u00e9s j\u00f6v\u0151. Az \u00e9rdekess\u00e9g az, hogy az angolt\u00f3l elt\u00e9r\u0151en a szlov\u00e1k nyelv \u00e1ltal\u00e1ban nem haszn\u00e1l seg\u00e9dig\u00e9ket ezen igeid\u0151k k\u00e9pz\u00e9s\u00e9re. Ehelyett az igev\u00e9gz\u0151d\u00e9sek megv\u00e1ltoztat\u00e1s\u00e1val alakulnak ki. P\u00e9ld\u00e1ul &#8222;l\u00e1tom&#8221; a &#8222;vid\u00edm&#8221;, &#8222;l\u00e1ttam&#8221; a &#8222;videl som&#8221;, \u00e9s &#8222;l\u00e1tni fogom&#8221; az &#8222;uvid\u00edm&#8221;.<\/p>\n\n\n\n<h3 class=\"wp-block-heading\" id=\"h-3-sentence-structure-and-word-order\">3. Mondatszerkezet \u00e9s sz\u00f3rend<\/h3>\n\n\n\n<p>A szlov\u00e1k nyelv viszonylag rugalmas sz\u00f3renddel rendelkezik, k\u00f6sz\u00f6nhet\u0151en a f\u0151n\u00e9vi esetnek \u00e9s az igeragoz\u00e1si rendszernek. Ez azt jelenti, hogy az angollal ellent\u00e9tben a szavakat k\u00fcl\u00f6nb\u00f6z\u0151 helyekre lehet helyezni egy mondaton bel\u00fcl an\u00e9lk\u00fcl, hogy a mondat jelent\u00e9se megv\u00e1ltozna &#8211; p\u00e9ld\u00e1ul a &#8222;chlapec vid\u00ed psa&#8221; (a fi\u00fa l\u00e1tja a kuty\u00e1t) lehet &#8222;psa vid\u00ed chlapec&#8221; is, \u00e9s akkor is ugyanaz a jelent\u00e9se.<\/p>\n\n\n\n<p>Ennek ellen\u00e9re a szlov\u00e1kban a leggyakoribb sz\u00f3rend az alany-ige-objektum vagy SVO. Ez hasonl\u00f3 az angolhoz, \u00e9s remek kiindul\u00f3pont a tanul\u00f3k sz\u00e1m\u00e1ra. Ahogy egyre otthonosabb\u00e1 v\u00e1lik a nyelv, k\u00eds\u00e9rletezhet k\u00fcl\u00f6nb\u00f6z\u0151 sz\u00f3rendekkel, hogy hangs\u00falyt vagy \u00e1rnyalatot adjon mondatainak.<\/p>\n\n\n\n<h3 class=\"wp-block-heading\" id=\"h-4-adjectives-and-adverbs\">4. Mell\u00e9knevek \u00e9s hat\u00e1roz\u00f3szavak<\/h3>\n\n\n\n<p>Csak\u00fagy, mint sok m\u00e1s nyelvben, a szlov\u00e1kban mell\u00e9kneveket \u00e9s hat\u00e1roz\u00f3szavakat haszn\u00e1lnak a f\u0151nevek \u00e9s ig\u00e9k le\u00edr\u00e1s\u00e1ra. Ugyanakkor saj\u00e1t eseti meg\u00e1llapod\u00e1sukkal \u00e9s nemi meg\u00e1llapod\u00e1si szab\u00e1lyaikkal is rendelkeznek, ami kiss\u00e9 bonyolultabb\u00e1 teheti a dolgokat. Szerencs\u00e9re, ha elsaj\u00e1t\u00edtja a f\u0151n\u00e9vi eseteket \u00e9s az igeragoz\u00e1sokat, ezek a szab\u00e1lyok term\u00e9szetesebbek lesznek.<\/p>\n\n\n\n<p>Teh\u00e1t k\u00e9szen \u00e1ll a szlov\u00e1k nyelvtan kezel\u00e9s\u00e9re? A megfelel\u0151 gondolkod\u00e1sm\u00f3ddal \u00e9s er\u0151forr\u00e1sokkal a szlov\u00e1k nyelv tanul\u00e1sa kifizet\u0151d\u0151 \u00e9lm\u00e9ny, amely ajt\u00f3kat nyithat meg egy gazdag kult\u00fara \u00e9s egy gy\u00f6ny\u00f6r\u0171 orsz\u00e1g fel\u00e9. L\u00e9p\u00e9sr\u0151l l\u00e9p\u00e9sre haladj, gyakorolj rendszeresen, \u00e9s ne f\u00e9lj hib\u00e1zni &#8211; v\u00e9g\u00fcl is mindannyian \u00edgy tanulunk. Ve\u013ea \u0161\u0165astia! (Sok szerencs\u00e9t!)<\/p>\n<\/div><\/div>\n\r\n<section class=\"learnNavigationSection\">\r\n            \r\n        <a href=\"https:\/\/talkpal.ai\/hu\/tanulj-szlovakul\/\">\r\n            <div class=\"learnNavigationWrapper\">\r\n                <div class=\"learnNavigationContent\">\r\n                    <img decoding=\"async\" src=\"https:\/\/talkpal.ai\/wp-content\/uploads\/2024\/08\/Slovak.jpg\" alt=\"Slovak Flag\">\r\n                    <div>\r\n                        <h4>A szlov\u00e1k tanul\u00e1sr\u00f3l<\/h4>\r\n                        <p>Tudjon meg mindent a szlov\u00e1k nyelvtanr\u00f3l.<\/p>\r\n                    <\/div>\r\n                <\/div>\r\n            <\/div>\r\n        <\/a>\r\n\r\n        \r\n        <a href=\"https:\/\/talkpal.ai\/hu\/szlovak-nyelvtani-gyakorlatok\/\">\r\n            <div class=\"learnNavigationWrapper\">\r\n                <div class=\"learnNavigationContent\">\r\n                    <img decoding=\"async\" src=\"https:\/\/talkpal.ai\/wp-content\/uploads\/2024\/08\/Slovak.jpg\" alt=\"Slovak Flag\">\r\n                    <div>\r\n                        <h4>Szlov\u00e1k nyelvtani gyakorlat<\/h4>\r\n                        <p>Gyakorold a szlov\u00e1k nyelvtant.<\/p>\r\n                    <\/div>\r\n                <\/div>\r\n            <\/div>\r\n        <\/a>\r\n\r\n        \r\n        <a href=\"https:\/\/talkpal.ai\/vocabulary_language\/slovak\/\">\r\n            <div class=\"learnNavigationWrapper\">\r\n                <div class=\"learnNavigationContent\">\r\n                    <img decoding=\"async\" src=\"https:\/\/talkpal.ai\/wp-content\/uploads\/2024\/08\/Slovak.jpg\" alt=\"Slovak Flag\">\r\n                    <div>\r\n                        <h4>Szlov\u00e1k sz\u00f3kincs<\/h4>\r\n                        <p>B\u0151v\u00edtse szlov\u00e1k sz\u00f3kincs\u00e9t.<\/p>\r\n                    <\/div>\r\n                <\/div>\r\n            <\/div>\r\n        <\/a>\r\n\r\n            <\/section>","protected":false},"excerpt":{"rendered":"<p>Szlov\u00e1k nyelvtan: A kulcs egy gy\u00f6ny\u00f6r\u0171 nyelv felold\u00e1s\u00e1hoz Tervez szlov\u00e1kul tanulni, vagy csak k\u00edv\u00e1ncsi az egyedi nyelvtan\u00e1ra? J\u00f3 helyen j\u00e1rsz! A szlov\u00e1k nyelvtan els\u0151 pillant\u00e1sra ijeszt\u0151nek t\u0171nhet, de ne agg\u00f3djon &#8211; val\u00f3j\u00e1ban el\u00e9g logikus \u00e9s k\u00f6nnyen kezelhet\u0151. Ebben a cikkben a szlov\u00e1k nyelvtan minden cs\u00ednj\u00e1t-b\u00ednj\u00e1t felt\u00e1rjuk, hogy jobban meg\u00e9rtsd \u00e9s \u00e9rt\u00e9keld a szlov\u00e1k nyelv sz\u00e9ps\u00e9g\u00e9t. [&hellip;]<\/p>\n","protected":false},"author":1,"featured_media":118475,"parent":0,"menu_order":0,"comment_status":"closed","ping_status":"closed","template":"LearningContentPage.php","meta":{"_acf_changed":false,"footnotes":""},"class_list":["post-150311","page","type-page","status-publish","has-post-thumbnail","hentry"],"acf":[],"yoast_head":"<!-- This site is optimized with the Yoast SEO Premium plugin v27.2 (Yoast SEO v27.2) - https:\/\/yoast.com\/product\/yoast-seo-premium-wordpress\/ -->\n<title>Szlov\u00e1k nyelvtan - Talkpal<\/title>\n<meta name=\"description\" content=\"Saj\u00e1t\u00edtsa el a szlov\u00e1k nyelvtant vil\u00e1gos magyar\u00e1zatokkal, gyakorlati p\u00e9ld\u00e1kkal \u00e9s interakt\u00edv gyakorlatokkal. Fejleszd a k\u00e9pess\u00e9geidet!\" \/>\n<meta name=\"robots\" content=\"index, follow, max-snippet:-1, max-image-preview:large, max-video-preview:-1\" \/>\n<link rel=\"canonical\" href=\"https:\/\/talkpal.ai\/hu\/szlovak-nyelvtan\/\" \/>\n<meta property=\"og:locale\" content=\"hu_HU\" \/>\n<meta property=\"og:type\" content=\"article\" \/>\n<meta property=\"og:title\" content=\"Szlov\u00e1k nyelvtan\" \/>\n<meta property=\"og:description\" content=\"Szlov\u00e1k nyelvtan: A kulcs egy gy\u00f6ny\u00f6r\u0171 nyelv felold\u00e1s\u00e1hoz Tervez szlov\u00e1kul tanulni, vagy csak k\u00edv\u00e1ncsi az egyedi nyelvtan\u00e1ra? J\u00f3 helyen j\u00e1rsz! A szlov\u00e1k\" \/>\n<meta property=\"og:url\" content=\"https:\/\/talkpal.ai\/hu\/szlovak-nyelvtan\/\" \/>\n<meta property=\"og:site_name\" content=\"Talkpal\" \/>\n<meta property=\"article:publisher\" content=\"https:\/\/www.facebook.com\/profile.php?id=100090733639311\" \/>\n<meta property=\"article:modified_time\" content=\"2025-12-12T11:12:08+00:00\" \/>\n<meta property=\"og:image\" content=\"https:\/\/talkpal.ai\/wp-content\/uploads\/2023\/05\/slovakia.png\" \/>\n\t<meta property=\"og:image:width\" content=\"512\" \/>\n\t<meta property=\"og:image:height\" content=\"512\" \/>\n\t<meta property=\"og:image:type\" content=\"image\/png\" \/>\n<meta name=\"twitter:card\" content=\"summary_large_image\" \/>\n<meta name=\"twitter:site\" content=\"@talkpalai\" \/>\n<meta name=\"twitter:label1\" content=\"Becs\u00fclt olvas\u00e1si id\u0151\" \/>\n\t<meta name=\"twitter:data1\" content=\"4 perc\" \/>\n<script type=\"application\/ld+json\" class=\"yoast-schema-graph\">{\"@context\":\"https:\/\/schema.org\",\"@graph\":[{\"@type\":\"WebPage\",\"@id\":\"https:\/\/talkpal.ai\/hu\/szlovak-nyelvtan\/\",\"url\":\"https:\/\/talkpal.ai\/hu\/szlovak-nyelvtan\/\",\"name\":\"Szlov\u00e1k nyelvtan - Talkpal\",\"isPartOf\":{\"@id\":\"https:\/\/talkpal.ai\/hu\/#website\"},\"primaryImageOfPage\":{\"@id\":\"https:\/\/talkpal.ai\/hu\/szlovak-nyelvtan\/#primaryimage\"},\"image\":{\"@id\":\"https:\/\/talkpal.ai\/hu\/szlovak-nyelvtan\/#primaryimage\"},\"thumbnailUrl\":\"https:\/\/talkpal.ai\/wp-content\/uploads\/2023\/05\/slovakia.png\",\"datePublished\":\"2023-05-14T14:19:49+00:00\",\"dateModified\":\"2025-12-12T11:12:08+00:00\",\"description\":\"Saj\u00e1t\u00edtsa el a szlov\u00e1k nyelvtant vil\u00e1gos magyar\u00e1zatokkal, gyakorlati p\u00e9ld\u00e1kkal \u00e9s interakt\u00edv gyakorlatokkal. Fejleszd a k\u00e9pess\u00e9geidet!\",\"breadcrumb\":{\"@id\":\"https:\/\/talkpal.ai\/hu\/szlovak-nyelvtan\/#breadcrumb\"},\"inLanguage\":\"hu\",\"potentialAction\":[{\"@type\":\"ReadAction\",\"target\":[\"https:\/\/talkpal.ai\/hu\/szlovak-nyelvtan\/\"]}]},{\"@type\":\"ImageObject\",\"inLanguage\":\"hu\",\"@id\":\"https:\/\/talkpal.ai\/hu\/szlovak-nyelvtan\/#primaryimage\",\"url\":\"https:\/\/talkpal.ai\/wp-content\/uploads\/2023\/05\/slovakia.png\",\"contentUrl\":\"https:\/\/talkpal.ai\/wp-content\/uploads\/2023\/05\/slovakia.png\",\"width\":512,\"height\":512},{\"@type\":\"BreadcrumbList\",\"@id\":\"https:\/\/talkpal.ai\/hu\/szlovak-nyelvtan\/#breadcrumb\",\"itemListElement\":[{\"@type\":\"ListItem\",\"position\":1,\"name\":\"Homepage\",\"item\":\"https:\/\/talkpal.ai\/hu\/\"},{\"@type\":\"ListItem\",\"position\":2,\"name\":\"Szlov\u00e1k nyelvtan\"}]},{\"@type\":\"WebSite\",\"@id\":\"https:\/\/talkpal.ai\/hu\/#website\",\"url\":\"https:\/\/talkpal.ai\/hu\/\",\"name\":\"Talkpal\",\"description\":\"AI Language Learning\",\"publisher\":{\"@id\":\"https:\/\/talkpal.ai\/hu\/#organization\"},\"alternateName\":\"Talkpal AI\",\"potentialAction\":[{\"@type\":\"SearchAction\",\"target\":{\"@type\":\"EntryPoint\",\"urlTemplate\":\"https:\/\/talkpal.ai\/hu\/?s={search_term_string}\"},\"query-input\":{\"@type\":\"PropertyValueSpecification\",\"valueRequired\":true,\"valueName\":\"search_term_string\"}}],\"inLanguage\":\"hu\"},{\"@type\":\"Organization\",\"@id\":\"https:\/\/talkpal.ai\/hu\/#organization\",\"name\":\"Talkpal, Inc.\",\"alternateName\":\"Talkpal AI\",\"url\":\"https:\/\/talkpal.ai\/hu\/\",\"logo\":{\"@type\":\"ImageObject\",\"inLanguage\":\"hu\",\"@id\":\"https:\/\/talkpal.ai\/hu\/#\/schema\/logo\/image\/\",\"url\":\"https:\/\/talkpal.ai\/wp-content\/uploads\/2024\/03\/Talkpal-Logo-Icon.png\",\"contentUrl\":\"https:\/\/talkpal.ai\/wp-content\/uploads\/2024\/03\/Talkpal-Logo-Icon.png\",\"width\":2880,\"height\":2880,\"caption\":\"Talkpal, Inc.\"},\"image\":{\"@id\":\"https:\/\/talkpal.ai\/hu\/#\/schema\/logo\/image\/\"},\"sameAs\":[\"https:\/\/www.facebook.com\/profile.php?id=100090733639311\",\"https:\/\/x.com\/talkpalai\",\"https:\/\/www.linkedin.com\/company\/talkpal\/\",\"https:\/\/www.youtube.com\/@TalkPal\/\",\"https:\/\/www.tiktok.com\/@talkpal\",\"https:\/\/www.instagram.com\/talkpal_ai\/\",\"https:\/\/www.crunchbase.com\/organization\/talkpal-9cde\",\"https:\/\/www.g2.com\/products\/talkpal-for-business\/\",\"https:\/\/www.trustpilot.com\/review\/talkpal.ai\",\"https:\/\/www.capterra.com\/p\/10006800\/TalkPal\/\"],\"description\":\"Talkpal is a language learning web and mobile education app, powered by the latest AI technologies, that provides engaging experiences to its customers in many different languages to help them improve their language skills. Users can chat about unlimited amount of topics with the app and use other modes to practice their language learning.\",\"email\":\"support@talkpal.ai\",\"legalName\":\"Talkpal, Inc.\",\"foundingDate\":\"2023-04-03\",\"duns\":\"118989042\",\"numberOfEmployees\":{\"@type\":\"QuantitativeValue\",\"minValue\":\"11\",\"maxValue\":\"50\"},\"publishingPrinciples\":\"https:\/\/talkpal.ai\/publishing-principles\/\",\"actionableFeedbackPolicy\":\"https:\/\/talkpal.ai\/actionable-feedback-policy\/\",\"correctionsPolicy\":\"https:\/\/talkpal.ai\/corrections-policy\/\",\"ethicsPolicy\":\"https:\/\/talkpal.ai\/ethics-policy\/\",\"diversityPolicy\":\"https:\/\/talkpal.ai\/diversity-policy\/\",\"diversityStaffingReport\":\"https:\/\/talkpal.ai\/diversity-policy\/\"}]}<\/script>\n<!-- \/ Yoast SEO Premium plugin. -->","yoast_head_json":{"title":"Szlov\u00e1k nyelvtan - Talkpal","description":"Saj\u00e1t\u00edtsa el a szlov\u00e1k nyelvtant vil\u00e1gos magyar\u00e1zatokkal, gyakorlati p\u00e9ld\u00e1kkal \u00e9s interakt\u00edv gyakorlatokkal. Fejleszd a k\u00e9pess\u00e9geidet!","robots":{"index":"index","follow":"follow","max-snippet":"max-snippet:-1","max-image-preview":"max-image-preview:large","max-video-preview":"max-video-preview:-1"},"canonical":"https:\/\/talkpal.ai\/hu\/szlovak-nyelvtan\/","og_locale":"hu_HU","og_type":"article","og_title":"Szlov\u00e1k nyelvtan","og_description":"Szlov\u00e1k nyelvtan: A kulcs egy gy\u00f6ny\u00f6r\u0171 nyelv felold\u00e1s\u00e1hoz Tervez szlov\u00e1kul tanulni, vagy csak k\u00edv\u00e1ncsi az egyedi nyelvtan\u00e1ra? J\u00f3 helyen j\u00e1rsz! A szlov\u00e1k","og_url":"https:\/\/talkpal.ai\/hu\/szlovak-nyelvtan\/","og_site_name":"Talkpal","article_publisher":"https:\/\/www.facebook.com\/profile.php?id=100090733639311","article_modified_time":"2025-12-12T11:12:08+00:00","og_image":[{"width":512,"height":512,"url":"https:\/\/talkpal.ai\/wp-content\/uploads\/2023\/05\/slovakia.png","type":"image\/png"}],"twitter_card":"summary_large_image","twitter_site":"@talkpalai","twitter_misc":{"Becs\u00fclt olvas\u00e1si id\u0151":"4 perc"},"schema":{"@context":"https:\/\/schema.org","@graph":[{"@type":"WebPage","@id":"https:\/\/talkpal.ai\/hu\/szlovak-nyelvtan\/","url":"https:\/\/talkpal.ai\/hu\/szlovak-nyelvtan\/","name":"Szlov\u00e1k nyelvtan - Talkpal","isPartOf":{"@id":"https:\/\/talkpal.ai\/hu\/#website"},"primaryImageOfPage":{"@id":"https:\/\/talkpal.ai\/hu\/szlovak-nyelvtan\/#primaryimage"},"image":{"@id":"https:\/\/talkpal.ai\/hu\/szlovak-nyelvtan\/#primaryimage"},"thumbnailUrl":"https:\/\/talkpal.ai\/wp-content\/uploads\/2023\/05\/slovakia.png","datePublished":"2023-05-14T14:19:49+00:00","dateModified":"2025-12-12T11:12:08+00:00","description":"Saj\u00e1t\u00edtsa el a szlov\u00e1k nyelvtant vil\u00e1gos magyar\u00e1zatokkal, gyakorlati p\u00e9ld\u00e1kkal \u00e9s interakt\u00edv gyakorlatokkal. Fejleszd a k\u00e9pess\u00e9geidet!","breadcrumb":{"@id":"https:\/\/talkpal.ai\/hu\/szlovak-nyelvtan\/#breadcrumb"},"inLanguage":"hu","potentialAction":[{"@type":"ReadAction","target":["https:\/\/talkpal.ai\/hu\/szlovak-nyelvtan\/"]}]},{"@type":"ImageObject","inLanguage":"hu","@id":"https:\/\/talkpal.ai\/hu\/szlovak-nyelvtan\/#primaryimage","url":"https:\/\/talkpal.ai\/wp-content\/uploads\/2023\/05\/slovakia.png","contentUrl":"https:\/\/talkpal.ai\/wp-content\/uploads\/2023\/05\/slovakia.png","width":512,"height":512},{"@type":"BreadcrumbList","@id":"https:\/\/talkpal.ai\/hu\/szlovak-nyelvtan\/#breadcrumb","itemListElement":[{"@type":"ListItem","position":1,"name":"Homepage","item":"https:\/\/talkpal.ai\/hu\/"},{"@type":"ListItem","position":2,"name":"Szlov\u00e1k nyelvtan"}]},{"@type":"WebSite","@id":"https:\/\/talkpal.ai\/hu\/#website","url":"https:\/\/talkpal.ai\/hu\/","name":"Talkpal","description":"AI Language Learning","publisher":{"@id":"https:\/\/talkpal.ai\/hu\/#organization"},"alternateName":"Talkpal AI","potentialAction":[{"@type":"SearchAction","target":{"@type":"EntryPoint","urlTemplate":"https:\/\/talkpal.ai\/hu\/?s={search_term_string}"},"query-input":{"@type":"PropertyValueSpecification","valueRequired":true,"valueName":"search_term_string"}}],"inLanguage":"hu"},{"@type":"Organization","@id":"https:\/\/talkpal.ai\/hu\/#organization","name":"Talkpal, Inc.","alternateName":"Talkpal AI","url":"https:\/\/talkpal.ai\/hu\/","logo":{"@type":"ImageObject","inLanguage":"hu","@id":"https:\/\/talkpal.ai\/hu\/#\/schema\/logo\/image\/","url":"https:\/\/talkpal.ai\/wp-content\/uploads\/2024\/03\/Talkpal-Logo-Icon.png","contentUrl":"https:\/\/talkpal.ai\/wp-content\/uploads\/2024\/03\/Talkpal-Logo-Icon.png","width":2880,"height":2880,"caption":"Talkpal, Inc."},"image":{"@id":"https:\/\/talkpal.ai\/hu\/#\/schema\/logo\/image\/"},"sameAs":["https:\/\/www.facebook.com\/profile.php?id=100090733639311","https:\/\/x.com\/talkpalai","https:\/\/www.linkedin.com\/company\/talkpal\/","https:\/\/www.youtube.com\/@TalkPal\/","https:\/\/www.tiktok.com\/@talkpal","https:\/\/www.instagram.com\/talkpal_ai\/","https:\/\/www.crunchbase.com\/organization\/talkpal-9cde","https:\/\/www.g2.com\/products\/talkpal-for-business\/","https:\/\/www.trustpilot.com\/review\/talkpal.ai","https:\/\/www.capterra.com\/p\/10006800\/TalkPal\/"],"description":"Talkpal is a language learning web and mobile education app, powered by the latest AI technologies, that provides engaging experiences to its customers in many different languages to help them improve their language skills. Users can chat about unlimited amount of topics with the app and use other modes to practice their language learning.","email":"support@talkpal.ai","legalName":"Talkpal, Inc.","foundingDate":"2023-04-03","duns":"118989042","numberOfEmployees":{"@type":"QuantitativeValue","minValue":"11","maxValue":"50"},"publishingPrinciples":"https:\/\/talkpal.ai\/publishing-principles\/","actionableFeedbackPolicy":"https:\/\/talkpal.ai\/actionable-feedback-policy\/","correctionsPolicy":"https:\/\/talkpal.ai\/corrections-policy\/","ethicsPolicy":"https:\/\/talkpal.ai\/ethics-policy\/","diversityPolicy":"https:\/\/talkpal.ai\/diversity-policy\/","diversityStaffingReport":"https:\/\/talkpal.ai\/diversity-policy\/"}]}},"_links":{"self":[{"href":"https:\/\/talkpal.ai\/hu\/wp-json\/wp\/v2\/pages\/150311","targetHints":{"allow":["GET"]}}],"collection":[{"href":"https:\/\/talkpal.ai\/hu\/wp-json\/wp\/v2\/pages"}],"about":[{"href":"https:\/\/talkpal.ai\/hu\/wp-json\/wp\/v2\/types\/page"}],"author":[{"embeddable":true,"href":"https:\/\/talkpal.ai\/hu\/wp-json\/wp\/v2\/users\/1"}],"replies":[{"embeddable":true,"href":"https:\/\/talkpal.ai\/hu\/wp-json\/wp\/v2\/comments?post=150311"}],"version-history":[{"count":0,"href":"https:\/\/talkpal.ai\/hu\/wp-json\/wp\/v2\/pages\/150311\/revisions"}],"wp:featuredmedia":[{"embeddable":true,"href":"https:\/\/talkpal.ai\/hu\/wp-json\/wp\/v2\/media\/118475"}],"wp:attachment":[{"href":"https:\/\/talkpal.ai\/hu\/wp-json\/wp\/v2\/media?parent=150311"}],"curies":[{"name":"wp","href":"https:\/\/api.w.org\/{rel}","templated":true}]}}