{"id":149856,"date":"2023-05-14T14:19:26","date_gmt":"2023-05-14T14:19:26","guid":{"rendered":"http:\/\/talkpal.ai\/szerb-nyelvtan\/"},"modified":"2025-12-17T15:37:13","modified_gmt":"2025-12-17T15:37:13","slug":"szerb-nyelvtan","status":"publish","type":"page","link":"https:\/\/talkpal.ai\/hu\/szerb-nyelvtan\/","title":{"rendered":"Szerb nyelvtan"},"content":{"rendered":"\r\n\r\n\r\n<section class=\"languageChallengeSection\">\r\n    <div class=\"languageInfoWrapper\">\r\n        \r\n        <h1>Szerb nyelvtan<\/h1>\r\n        <p>Kezdje el az orosz nyelvvel val\u00f3 kalandoz\u00e1s\u00e1t, \u00e9s nyissa meg az ajt\u00f3kat egy gazdag kult\u00fara \u00e9s t\u00f6rt\u00e9nelem fel\u00e9. Az orosz <a href=\"https:\/\/talkpal.ai\/grammar\/\">nyelvtan<\/a> \u00e9s sz\u00f3kincs elsaj\u00e1t\u00edt\u00e1sa jav\u00edtja az utaz\u00e1si, karrier- \u00e9s kommunik\u00e1ci\u00f3s lehet\u0151s\u00e9geket. Kezdjen el oroszul tanulni m\u00e9g ma, \u00e9s tegye meg az els\u0151 l\u00e9p\u00e9st a foly\u00e9kony nyelvtud\u00e1s fel\u00e9!\n\n<\/p>\r\n\r\n                            <a class=\"getStartedHidden\" href=\"https:\/\/app.talkpal.ai\/hu\/signup?lng=\">Kezdj\u00fck<\/a>\r\n        \r\n    <\/div>\r\n\r\n    <figure>\r\n    <img decoding=\"async\" width=\"768\" height=\"768\" src=\"https:\/\/talkpal.ai\/wp-content\/uploads\/2023\/06\/serbian-768x768.png\" class=\"languageImage no-lazy\" alt=\"Fast-track to fluency with language learning\" fetchpriority=\"high\" sizes=\"(max-width: 768px) 150px, 768px\" srcset=\"https:\/\/talkpal.ai\/wp-content\/uploads\/2023\/06\/serbian-768x768.png 768w, https:\/\/talkpal.ai\/wp-content\/uploads\/2023\/06\/serbian-300x300.png 300w\" \/>\r\n    \r\n\r\n    <\/figure>\r\n\r\n            <a class=\"getStartedVisible\" href=\"https:\/\/app.talkpal.ai\/hu\/signup?lng=\">Kezdj\u00fck<\/a>\r\n    \r\n<\/section>\r\n<section class=\"promotionalBanner\">\r\n    <p class=\"promotionalText\">A nyelvtanul\u00e1s leghat\u00e9konyabb m\u00f3dja<\/p>\r\n    <a class=\"promotionalLink\" href=\"https:\/\/app.talkpal.ai\/hu\/signup?lng=\">Pr\u00f3b\u00e1lja ki a Talkpal ingyen<\/a>\r\n<\/section>\n<div class=\"wp-block-group pageContainerStyle\"><div class=\"wp-block-group__inner-container is-layout-constrained wp-block-group-is-layout-constrained\">\n<h1 class=\"wp-block-heading\" id=\"h-serbian-grammar-unraveling-the-intricacies-of-the-south-slavic-language\">Szerb nyelvtan: A d\u00e9lszl\u00e1v nyelv bonyolults\u00e1g\u00e1nak felt\u00e1r\u00e1sa<\/h1>\n\n\n\n<p>H\u00edvunk <a href=\"https:\/\/talkpal.ai\/locations\/language-courses-in-minden\/\">minden<\/a> nyelvrajong\u00f3t \u00e9s balk\u00e1ni rajong\u00f3t! Gondolt m\u00e1r arra, hogy belemer\u00fcl a <a href=\"https:\/\/talkpal.ai\/serbian-grammar\/\">szerb nyelvtan<\/a> vil\u00e1g\u00e1ba? A <a href=\"https:\/\/talkpal.ai\/learn-serbian\/\">szerb<\/a>, egy d\u00e9lszl\u00e1v nyelv, Szerbia hivatalos nyelve \u00e9s Bosznia-Hercegovina egyik hivatalos nyelve. K\u00f6r\u00fclbel\u00fcl 9 milli\u00f3 anyanyelvi besz\u00e9l\u0151j\u00e9vel <a href=\"https:\/\/talkpal.ai\/culture\/how-do-you-use-the-demonstrative-pronouns-ez-and-az\/\">ez az<\/a> \u00e9rdekes nyelv hasonl\u00f3s\u00e1got mutat a <a href=\"https:\/\/talkpal.ai\/learn-croatian\/\">horv\u00e1t<\/a>, <a href=\"https:\/\/talkpal.ai\/learn-bosnian\/\">bosny\u00e1k<\/a> \u00e9s montenegr\u00f3i nyelvvel, de megk\u00fcl\u00f6nb\u00f6ztet\u0151 tulajdons\u00e1gokkal b\u00fcszk\u00e9lkedhet, amelyek megk\u00fcl\u00f6nb\u00f6ztetik. Ebben a cikkben a <a href=\"https:\/\/talkpal.ai\/serbian-grammar\/\">szerb nyelvtan<\/a> leny\u0171g\u00f6z\u0151 aspektusait t\u00e1rjuk fel.<\/p>\n\n\n\n<h3 class=\"wp-block-heading\" id=\"h-the-dual-alphabet-cyrillic-and-latin\">A kett\u0151s \u00e1b\u00e9c\u00e9: cirill \u00e9s latin<\/h3>\n\n\n\n<p>Az egyik els\u0151 dolog, <a href=\"https:\/\/talkpal.ai\/locations\/language-courses-in-ami\/\">ami<\/a> felt\u0171nik a szerb nyelvben, hogy k\u00e9t bet\u0171k\u00e9szletet haszn\u00e1l: Cirill \u00e9s latin bet\u0171ket. A 30 bet\u0171s szerb cirill \u00e1b\u00e9c\u00e9t Vuk Karad\u017ei\u0107 nyelv\u00e9sz szabv\u00e1nyos\u00edtotta 1818-ban, \u00e9s ez az orsz\u00e1g hivatalos \u00e1b\u00e9c\u00e9je. A latin \u00e1b\u00e9c\u00e9t, amely szint\u00e9n 30 bet\u0171b\u0151l \u00e1ll, sz\u00e9les k\u00f6rben haszn\u00e1lj\u00e1k, k\u00fcl\u00f6n\u00f6sen a digit\u00e1lis kommunik\u00e1ci\u00f3ban \u00e9s az inform\u00e1lis kontextusokban. A k\u00e9t \u00e1b\u00e9c\u00e9 haszn\u00e1lata egyedi, sokoldal\u00fa karaktert k\u00f6lcs\u00f6n\u00f6z a szerbnek.<\/p>\n\n\n\n<h3 class=\"wp-block-heading\" id=\"h-the-building-blocks-nouns-pronouns-and-cases\">Az \u00e9p\u00edt\u0151elemek: f\u0151nevek, n\u00e9vm\u00e1sok \u00e9s esetek<\/h3>\n\n\n\n<p>A t\u00f6bbi szl\u00e1v nyelvhez hasonl\u00f3an a szerb nyelvtan is az inflexi\u00f3 k\u00f6r\u00fcl forog, ahol a szavak nyelvtani funkci\u00f3juk szerint megv\u00e1ltoztatj\u00e1k v\u00e9gz\u0151d\u00e9s\u00fcket. Ez legink\u00e1bb a f\u0151nevekben, n\u00e9vm\u00e1sokban \u00e9s mell\u00e9knevekben nyilv\u00e1nval\u00f3. Szerbi\u00e1ban h\u00e9t eset van:<\/p>\n\n\n\n<p><strong>1. Nominat\u00edv &#8211; a mondat alany\u00e1t jel\u00f6li.<\/strong><\/p>\n\n\n\n<p><strong>2. Genitivus &#8211; birtokl\u00e1st, tagad\u00e1s t\u00e1rgy\u00e1t vagy partitivuszi jelent\u00e9st mutat.<\/strong><\/p>\n\n\n\n<p><strong>3. Dativus &#8211; a k\u00f6zvetett t\u00e1rgyat jel\u00f6li<\/strong><\/p>\n\n\n\n<p><strong>4. Accusative &#8211; a k\u00f6zvetlen t\u00e1rgyat jel\u00f6li<\/strong><\/p>\n\n\n\n<p><strong>5. Vocative &#8211; valakinek a megsz\u00f3l\u00edt\u00e1s\u00e1ra vagy h\u00edv\u00e1s\u00e1ra haszn\u00e1latos.<\/strong><\/p>\n\n\n\n<p><strong>6. Instrument\u00e1lis &#8211; egy cselekv\u00e9s eszk\u00f6z\u00e9t vagy m\u00f3dszer\u00e9t fejezi ki.<\/strong><\/p>\n\n\n\n<p><strong>7. Locative &#8211; bizonyos prepoz\u00edci\u00f3k hely\u00e9t vagy t\u00e1rgy\u00e1t hat\u00e1rozza meg.<\/strong><\/p>\n\n\n\n<p>A szerb f\u0151neveknek h\u00e1rom neme (h\u00edmnem\u0171, n\u0151nem\u0171 \u00e9s ivartalan\u00edtott) \u00e9s k\u00e9t sz\u00e1ma (egyes \u00e9s t\u00f6bbes sz\u00e1m) van. Az egyes nemekhez \u00e9s sz\u00e1mokhoz tartoz\u00f3 v\u00e9gz\u0151d\u00e9sek esetenk\u00e9nt v\u00e1ltoznak, ez\u00e9rt a nyelvtanilag pontos mondatok fel\u00e9p\u00edt\u00e9s\u00e9hez elengedhetetlen, hogy ezeket a v\u00e9gz\u0151d\u00e9seket megjegyezz\u00fck.<\/p>\n\n\n\n<h3 class=\"wp-block-heading\" id=\"h-get-moving-with-verbs-tenses-aspects-and-moods\">Mozogj ig\u00e9kkel: igeid\u0151k, szempontok \u00e9s hangulatok<\/h3>\n\n\n\n<p>A szerb ig\u00e9k leny\u0171g\u00f6z\u0151 \u00f6sszetetts\u00e9get mutatnak igeidej\u00fckkel (m\u00falt, jelen \u00e9s j\u00f6v\u0151), aspektusukkal (perfekt\u00edv \u00e9s t\u00f6k\u00e9letlen) \u00e9s hangulatukkal (indikat\u00edv, imperat\u00edv \u00e9s felt\u00e9teles). Az aspektus jelent\u0151s szerepet j\u00e1tszik a szerb ig\u00e9kben, mivel azt k\u00f6zvet\u00edti, hogy egy cselekv\u00e9st befejezettnek (perfekt\u00edv) vagy folyamatban l\u00e9v\u0151nek (t\u00f6k\u00e9letlen) tekint\u00fcnk. Sok ige p\u00e1rban van, amelyek jelzik a k\u00fcl\u00f6nb\u00f6z\u0151 szempontokat, gyakran speci\u00e1lis el\u0151tagok vagy ut\u00f3tagok haszn\u00e1lat\u00e1val.<\/p>\n\n\n\n<h3 class=\"wp-block-heading\" id=\"h-adjectives-adverbs-and-all-that-jazz\">Mell\u00e9knevek, hat\u00e1roz\u00f3szavak \u00e9s minden, ami jazz<\/h3>\n\n\n\n<p>A szerb mell\u00e9knevek megegyeznek az \u00e1ltaluk m\u00f3dos\u00edtott f\u0151nevekkel nem, sz\u00e1m \u00e9s eset szempontj\u00e1b\u00f3l. \u00d6sszehasonl\u00edt\u00f3 \u00e9s fels\u0151bbrend\u0171 form\u00e1ik is vannak, hogy kifejezz\u00e9k a k\u00fcl\u00f6nb\u00f6z\u0151 fok\u00fa min\u0151s\u00e9geket. Ezenk\u00edv\u00fcl a hat\u00e1roz\u00f3szavak gyakran mell\u00e9knevekb\u0151l sz\u00e1rmaznak, \u00e9s k\u00fcl\u00f6nb\u00f6z\u0151 jelent\u00e9seket k\u00f6zvet\u00edtenek, p\u00e9ld\u00e1ul id\u0151t, m\u00f3dot, helyet \u00e9s fokot.<\/p>\n\n\n\n<p>A szerb nyelv sz\u00e1mos k\u00f6t\u0151sz\u00f3val, el\u00f6lj\u00e1r\u00f3sz\u00f3val, sz\u00e1mmal \u00e9s r\u00e9szecsk\u00e9vel is b\u00fcszk\u00e9lkedhet, amelyek hozz\u00e1j\u00e1rulnak a nyelv sz\u00e9ps\u00e9g\u00e9hez, \u00e9s seg\u00edtenek \u00f6sszetett, \u00e9rtelmes mondatok l\u00e9trehoz\u00e1s\u00e1ban.<\/p>\n\n\n\n<h3 class=\"wp-block-heading\" id=\"h-embracing-the-world-of-serbian-grammar\">A szerb nyelvtan vil\u00e1g\u00e1nak felkarol\u00e1sa<\/h3>\n\n\n\n<p>A szerb nyelvtan els\u0151 pillant\u00e1sra nyomaszt\u00f3nak t\u0171nhet. Ha azonban m\u00e9lyebbre mer\u00fclsz az esetek, szempontok \u00e9s nyelvi furcsas\u00e1gok gazdag t\u00e1rh\u00e1z\u00e1ban, \u00e9l\u00e9nk \u00e9s kifejez\u0151 nyelvet fedezhetsz fel. A szerb nyelvtanul\u00e1s nemcsak \u00e9les\u00edti a szl\u00e1v nyelvcsal\u00e1d meg\u00e9rt\u00e9s\u00e9t, hanem seg\u00edt kapcsolatba l\u00e9pni egy mag\u00e1val ragad\u00f3 t\u00f6rt\u00e9nelemmel \u00e9s kult\u00far\u00e1val.<\/p>\n\n\n\n<p>Akkor mi\u00e9rt nem v\u00e1llalja a kih\u00edv\u00e1st a szerb nyelvtan tov\u00e1bbi felt\u00e1r\u00e1s\u00e1ra? Kitart\u00e1ssal \u00e9s szenved\u00e9llyel egy nap tal\u00e1n Belgr\u00e1d utc\u00e1in s\u00e9t\u00e1lva tal\u00e1lja mag\u00e1t, \u00e9l\u00e9nk besz\u00e9lget\u00e9seket folytatva a helyiekkel anyanyelv\u00fck\u00f6n. Boldog tanul\u00e1st!<\/p>\n<\/div><\/div>\n\r\n<section class=\"learnNavigationSection\">\r\n            \r\n        <a href=\"https:\/\/talkpal.ai\/hu\/tanulj-szerbul\/\">\r\n            <div class=\"learnNavigationWrapper\">\r\n                <div class=\"learnNavigationContent\">\r\n                    <img decoding=\"async\" src=\"https:\/\/talkpal.ai\/wp-content\/uploads\/2024\/08\/Serbian.jpg\" alt=\"Serbian Flag\">\r\n                    <div>\r\n                        <h4>Szerbia Learning<\/h4>\r\n                        <p>Tudjon meg mindent a szerb nyelvtanr\u00f3l.<\/p>\r\n                    <\/div>\r\n                <\/div>\r\n            <\/div>\r\n        <\/a>\r\n\r\n        \r\n        <a href=\"https:\/\/talkpal.ai\/hu\/szerb-nyelvtani-gyakorlatok\/\">\r\n            <div class=\"learnNavigationWrapper\">\r\n                <div class=\"learnNavigationContent\">\r\n                    <img decoding=\"async\" src=\"https:\/\/talkpal.ai\/wp-content\/uploads\/2024\/08\/Serbian.jpg\" alt=\"Serbian Flag\">\r\n                    <div>\r\n                        <h4>Szerb nyelvtani gyakorlat<\/h4>\r\n                        <p>Gyakorolja a szerb nyelvtant.<\/p>\r\n                    <\/div>\r\n                <\/div>\r\n            <\/div>\r\n        <\/a>\r\n\r\n        \r\n        <a href=\"https:\/\/talkpal.ai\/vocabulary_language\/serbian\/\">\r\n            <div class=\"learnNavigationWrapper\">\r\n                <div class=\"learnNavigationContent\">\r\n                    <img decoding=\"async\" src=\"https:\/\/talkpal.ai\/wp-content\/uploads\/2024\/08\/Serbian.jpg\" alt=\"Serbian Flag\">\r\n                    <div>\r\n                        <h4>Szerb sz\u00f3kincs<\/h4>\r\n                        <p>B\u0151v\u00edtse szerb sz\u00f3kincs\u00e9t.<\/p>\r\n                    <\/div>\r\n                <\/div>\r\n            <\/div>\r\n        <\/a>\r\n\r\n            <\/section>","protected":false},"excerpt":{"rendered":"<p>Szerb nyelvtan: A d\u00e9lszl\u00e1v nyelv bonyolults\u00e1g\u00e1nak felt\u00e1r\u00e1sa H\u00edvunk minden nyelvrajong\u00f3t \u00e9s balk\u00e1ni rajong\u00f3t! Gondolt m\u00e1r arra, hogy belemer\u00fcl a szerb nyelvtan vil\u00e1g\u00e1ba? A szerb, egy d\u00e9lszl\u00e1v nyelv, Szerbia hivatalos nyelve \u00e9s Bosznia-Hercegovina egyik hivatalos nyelve. K\u00f6r\u00fclbel\u00fcl 9 milli\u00f3 anyanyelvi besz\u00e9l\u0151j\u00e9vel ez az \u00e9rdekes nyelv hasonl\u00f3s\u00e1got mutat a horv\u00e1t, bosny\u00e1k \u00e9s montenegr\u00f3i nyelvvel, de megk\u00fcl\u00f6nb\u00f6ztet\u0151 tulajdons\u00e1gokkal [&hellip;]<\/p>\n","protected":false},"author":1,"featured_media":118056,"parent":0,"menu_order":0,"comment_status":"closed","ping_status":"closed","template":"LearningContentPage.php","meta":{"_acf_changed":false,"footnotes":""},"class_list":["post-149856","page","type-page","status-publish","has-post-thumbnail","hentry"],"acf":[],"yoast_head":"<!-- This site is optimized with the Yoast SEO Premium plugin v27.2 (Yoast SEO v27.2) - https:\/\/yoast.com\/product\/yoast-seo-premium-wordpress\/ -->\n<title>Szerb nyelvtan - Talkpal<\/title>\n<meta name=\"description\" content=\"Fedezze fel a szerb nyelvtan fort\u00e9lyait, \u00e9s fedezze fel azokat az egyedi jellemz\u0151ket, amelyek megk\u00fcl\u00f6nb\u00f6ztetik a szerb nyelvet a t\u00f6bbi balk\u00e1ni nyelvt\u0151l.\" \/>\n<meta name=\"robots\" content=\"index, follow, max-snippet:-1, max-image-preview:large, max-video-preview:-1\" \/>\n<link rel=\"canonical\" href=\"https:\/\/talkpal.ai\/hu\/szerb-nyelvtan\/\" \/>\n<meta property=\"og:locale\" content=\"hu_HU\" \/>\n<meta property=\"og:type\" content=\"article\" \/>\n<meta property=\"og:title\" content=\"Szerb nyelvtan\" \/>\n<meta property=\"og:description\" content=\"Szerb nyelvtan: A d\u00e9lszl\u00e1v nyelv bonyolults\u00e1g\u00e1nak felt\u00e1r\u00e1sa H\u00edvunk minden nyelvrajong\u00f3t \u00e9s balk\u00e1ni rajong\u00f3t! Gondolt m\u00e1r arra, hogy belemer\u00fcl a szerb\" \/>\n<meta property=\"og:url\" content=\"https:\/\/talkpal.ai\/hu\/szerb-nyelvtan\/\" \/>\n<meta property=\"og:site_name\" content=\"Talkpal\" \/>\n<meta property=\"article:publisher\" content=\"https:\/\/www.facebook.com\/profile.php?id=100090733639311\" \/>\n<meta property=\"article:modified_time\" content=\"2025-12-17T15:37:13+00:00\" \/>\n<meta property=\"og:image\" content=\"https:\/\/talkpal.ai\/wp-content\/uploads\/2023\/05\/serbia.png\" \/>\n\t<meta property=\"og:image:width\" content=\"512\" \/>\n\t<meta property=\"og:image:height\" content=\"512\" \/>\n\t<meta property=\"og:image:type\" content=\"image\/png\" \/>\n<meta name=\"twitter:card\" content=\"summary_large_image\" \/>\n<meta name=\"twitter:site\" content=\"@talkpalai\" \/>\n<meta name=\"twitter:label1\" content=\"Becs\u00fclt olvas\u00e1si id\u0151\" \/>\n\t<meta name=\"twitter:data1\" content=\"4 perc\" \/>\n<script type=\"application\/ld+json\" class=\"yoast-schema-graph\">{\"@context\":\"https:\/\/schema.org\",\"@graph\":[{\"@type\":\"WebPage\",\"@id\":\"https:\/\/talkpal.ai\/hu\/szerb-nyelvtan\/\",\"url\":\"https:\/\/talkpal.ai\/hu\/szerb-nyelvtan\/\",\"name\":\"Szerb nyelvtan - Talkpal\",\"isPartOf\":{\"@id\":\"https:\/\/talkpal.ai\/hu\/#website\"},\"primaryImageOfPage\":{\"@id\":\"https:\/\/talkpal.ai\/hu\/szerb-nyelvtan\/#primaryimage\"},\"image\":{\"@id\":\"https:\/\/talkpal.ai\/hu\/szerb-nyelvtan\/#primaryimage\"},\"thumbnailUrl\":\"https:\/\/talkpal.ai\/wp-content\/uploads\/2023\/05\/serbia.png\",\"datePublished\":\"2023-05-14T14:19:26+00:00\",\"dateModified\":\"2025-12-17T15:37:13+00:00\",\"description\":\"Fedezze fel a szerb nyelvtan fort\u00e9lyait, \u00e9s fedezze fel azokat az egyedi jellemz\u0151ket, amelyek megk\u00fcl\u00f6nb\u00f6ztetik a szerb nyelvet a t\u00f6bbi balk\u00e1ni nyelvt\u0151l.\",\"breadcrumb\":{\"@id\":\"https:\/\/talkpal.ai\/hu\/szerb-nyelvtan\/#breadcrumb\"},\"inLanguage\":\"hu\",\"potentialAction\":[{\"@type\":\"ReadAction\",\"target\":[\"https:\/\/talkpal.ai\/hu\/szerb-nyelvtan\/\"]}]},{\"@type\":\"ImageObject\",\"inLanguage\":\"hu\",\"@id\":\"https:\/\/talkpal.ai\/hu\/szerb-nyelvtan\/#primaryimage\",\"url\":\"https:\/\/talkpal.ai\/wp-content\/uploads\/2023\/05\/serbia.png\",\"contentUrl\":\"https:\/\/talkpal.ai\/wp-content\/uploads\/2023\/05\/serbia.png\",\"width\":512,\"height\":512},{\"@type\":\"BreadcrumbList\",\"@id\":\"https:\/\/talkpal.ai\/hu\/szerb-nyelvtan\/#breadcrumb\",\"itemListElement\":[{\"@type\":\"ListItem\",\"position\":1,\"name\":\"Homepage\",\"item\":\"https:\/\/talkpal.ai\/hu\/\"},{\"@type\":\"ListItem\",\"position\":2,\"name\":\"Szerb nyelvtan\"}]},{\"@type\":\"WebSite\",\"@id\":\"https:\/\/talkpal.ai\/hu\/#website\",\"url\":\"https:\/\/talkpal.ai\/hu\/\",\"name\":\"Talkpal\",\"description\":\"AI Language Learning\",\"publisher\":{\"@id\":\"https:\/\/talkpal.ai\/hu\/#organization\"},\"alternateName\":\"Talkpal AI\",\"potentialAction\":[{\"@type\":\"SearchAction\",\"target\":{\"@type\":\"EntryPoint\",\"urlTemplate\":\"https:\/\/talkpal.ai\/hu\/?s={search_term_string}\"},\"query-input\":{\"@type\":\"PropertyValueSpecification\",\"valueRequired\":true,\"valueName\":\"search_term_string\"}}],\"inLanguage\":\"hu\"},{\"@type\":\"Organization\",\"@id\":\"https:\/\/talkpal.ai\/hu\/#organization\",\"name\":\"Talkpal, Inc.\",\"alternateName\":\"Talkpal AI\",\"url\":\"https:\/\/talkpal.ai\/hu\/\",\"logo\":{\"@type\":\"ImageObject\",\"inLanguage\":\"hu\",\"@id\":\"https:\/\/talkpal.ai\/hu\/#\/schema\/logo\/image\/\",\"url\":\"https:\/\/talkpal.ai\/wp-content\/uploads\/2024\/03\/Talkpal-Logo-Icon.png\",\"contentUrl\":\"https:\/\/talkpal.ai\/wp-content\/uploads\/2024\/03\/Talkpal-Logo-Icon.png\",\"width\":2880,\"height\":2880,\"caption\":\"Talkpal, Inc.\"},\"image\":{\"@id\":\"https:\/\/talkpal.ai\/hu\/#\/schema\/logo\/image\/\"},\"sameAs\":[\"https:\/\/www.facebook.com\/profile.php?id=100090733639311\",\"https:\/\/x.com\/talkpalai\",\"https:\/\/www.linkedin.com\/company\/talkpal\/\",\"https:\/\/www.youtube.com\/@TalkPal\/\",\"https:\/\/www.tiktok.com\/@talkpal\",\"https:\/\/www.instagram.com\/talkpal_ai\/\",\"https:\/\/www.crunchbase.com\/organization\/talkpal-9cde\",\"https:\/\/www.g2.com\/products\/talkpal-for-business\/\",\"https:\/\/www.trustpilot.com\/review\/talkpal.ai\",\"https:\/\/www.capterra.com\/p\/10006800\/TalkPal\/\"],\"description\":\"Talkpal is a language learning web and mobile education app, powered by the latest AI technologies, that provides engaging experiences to its customers in many different languages to help them improve their language skills. Users can chat about unlimited amount of topics with the app and use other modes to practice their language learning.\",\"email\":\"support@talkpal.ai\",\"legalName\":\"Talkpal, Inc.\",\"foundingDate\":\"2023-04-03\",\"duns\":\"118989042\",\"numberOfEmployees\":{\"@type\":\"QuantitativeValue\",\"minValue\":\"11\",\"maxValue\":\"50\"},\"publishingPrinciples\":\"https:\/\/talkpal.ai\/publishing-principles\/\",\"actionableFeedbackPolicy\":\"https:\/\/talkpal.ai\/actionable-feedback-policy\/\",\"correctionsPolicy\":\"https:\/\/talkpal.ai\/corrections-policy\/\",\"ethicsPolicy\":\"https:\/\/talkpal.ai\/ethics-policy\/\",\"diversityPolicy\":\"https:\/\/talkpal.ai\/diversity-policy\/\",\"diversityStaffingReport\":\"https:\/\/talkpal.ai\/diversity-policy\/\"}]}<\/script>\n<!-- \/ Yoast SEO Premium plugin. -->","yoast_head_json":{"title":"Szerb nyelvtan - Talkpal","description":"Fedezze fel a szerb nyelvtan fort\u00e9lyait, \u00e9s fedezze fel azokat az egyedi jellemz\u0151ket, amelyek megk\u00fcl\u00f6nb\u00f6ztetik a szerb nyelvet a t\u00f6bbi balk\u00e1ni nyelvt\u0151l.","robots":{"index":"index","follow":"follow","max-snippet":"max-snippet:-1","max-image-preview":"max-image-preview:large","max-video-preview":"max-video-preview:-1"},"canonical":"https:\/\/talkpal.ai\/hu\/szerb-nyelvtan\/","og_locale":"hu_HU","og_type":"article","og_title":"Szerb nyelvtan","og_description":"Szerb nyelvtan: A d\u00e9lszl\u00e1v nyelv bonyolults\u00e1g\u00e1nak felt\u00e1r\u00e1sa H\u00edvunk minden nyelvrajong\u00f3t \u00e9s balk\u00e1ni rajong\u00f3t! Gondolt m\u00e1r arra, hogy belemer\u00fcl a szerb","og_url":"https:\/\/talkpal.ai\/hu\/szerb-nyelvtan\/","og_site_name":"Talkpal","article_publisher":"https:\/\/www.facebook.com\/profile.php?id=100090733639311","article_modified_time":"2025-12-17T15:37:13+00:00","og_image":[{"width":512,"height":512,"url":"https:\/\/talkpal.ai\/wp-content\/uploads\/2023\/05\/serbia.png","type":"image\/png"}],"twitter_card":"summary_large_image","twitter_site":"@talkpalai","twitter_misc":{"Becs\u00fclt olvas\u00e1si id\u0151":"4 perc"},"schema":{"@context":"https:\/\/schema.org","@graph":[{"@type":"WebPage","@id":"https:\/\/talkpal.ai\/hu\/szerb-nyelvtan\/","url":"https:\/\/talkpal.ai\/hu\/szerb-nyelvtan\/","name":"Szerb nyelvtan - Talkpal","isPartOf":{"@id":"https:\/\/talkpal.ai\/hu\/#website"},"primaryImageOfPage":{"@id":"https:\/\/talkpal.ai\/hu\/szerb-nyelvtan\/#primaryimage"},"image":{"@id":"https:\/\/talkpal.ai\/hu\/szerb-nyelvtan\/#primaryimage"},"thumbnailUrl":"https:\/\/talkpal.ai\/wp-content\/uploads\/2023\/05\/serbia.png","datePublished":"2023-05-14T14:19:26+00:00","dateModified":"2025-12-17T15:37:13+00:00","description":"Fedezze fel a szerb nyelvtan fort\u00e9lyait, \u00e9s fedezze fel azokat az egyedi jellemz\u0151ket, amelyek megk\u00fcl\u00f6nb\u00f6ztetik a szerb nyelvet a t\u00f6bbi balk\u00e1ni nyelvt\u0151l.","breadcrumb":{"@id":"https:\/\/talkpal.ai\/hu\/szerb-nyelvtan\/#breadcrumb"},"inLanguage":"hu","potentialAction":[{"@type":"ReadAction","target":["https:\/\/talkpal.ai\/hu\/szerb-nyelvtan\/"]}]},{"@type":"ImageObject","inLanguage":"hu","@id":"https:\/\/talkpal.ai\/hu\/szerb-nyelvtan\/#primaryimage","url":"https:\/\/talkpal.ai\/wp-content\/uploads\/2023\/05\/serbia.png","contentUrl":"https:\/\/talkpal.ai\/wp-content\/uploads\/2023\/05\/serbia.png","width":512,"height":512},{"@type":"BreadcrumbList","@id":"https:\/\/talkpal.ai\/hu\/szerb-nyelvtan\/#breadcrumb","itemListElement":[{"@type":"ListItem","position":1,"name":"Homepage","item":"https:\/\/talkpal.ai\/hu\/"},{"@type":"ListItem","position":2,"name":"Szerb nyelvtan"}]},{"@type":"WebSite","@id":"https:\/\/talkpal.ai\/hu\/#website","url":"https:\/\/talkpal.ai\/hu\/","name":"Talkpal","description":"AI Language Learning","publisher":{"@id":"https:\/\/talkpal.ai\/hu\/#organization"},"alternateName":"Talkpal AI","potentialAction":[{"@type":"SearchAction","target":{"@type":"EntryPoint","urlTemplate":"https:\/\/talkpal.ai\/hu\/?s={search_term_string}"},"query-input":{"@type":"PropertyValueSpecification","valueRequired":true,"valueName":"search_term_string"}}],"inLanguage":"hu"},{"@type":"Organization","@id":"https:\/\/talkpal.ai\/hu\/#organization","name":"Talkpal, Inc.","alternateName":"Talkpal AI","url":"https:\/\/talkpal.ai\/hu\/","logo":{"@type":"ImageObject","inLanguage":"hu","@id":"https:\/\/talkpal.ai\/hu\/#\/schema\/logo\/image\/","url":"https:\/\/talkpal.ai\/wp-content\/uploads\/2024\/03\/Talkpal-Logo-Icon.png","contentUrl":"https:\/\/talkpal.ai\/wp-content\/uploads\/2024\/03\/Talkpal-Logo-Icon.png","width":2880,"height":2880,"caption":"Talkpal, Inc."},"image":{"@id":"https:\/\/talkpal.ai\/hu\/#\/schema\/logo\/image\/"},"sameAs":["https:\/\/www.facebook.com\/profile.php?id=100090733639311","https:\/\/x.com\/talkpalai","https:\/\/www.linkedin.com\/company\/talkpal\/","https:\/\/www.youtube.com\/@TalkPal\/","https:\/\/www.tiktok.com\/@talkpal","https:\/\/www.instagram.com\/talkpal_ai\/","https:\/\/www.crunchbase.com\/organization\/talkpal-9cde","https:\/\/www.g2.com\/products\/talkpal-for-business\/","https:\/\/www.trustpilot.com\/review\/talkpal.ai","https:\/\/www.capterra.com\/p\/10006800\/TalkPal\/"],"description":"Talkpal is a language learning web and mobile education app, powered by the latest AI technologies, that provides engaging experiences to its customers in many different languages to help them improve their language skills. Users can chat about unlimited amount of topics with the app and use other modes to practice their language learning.","email":"support@talkpal.ai","legalName":"Talkpal, Inc.","foundingDate":"2023-04-03","duns":"118989042","numberOfEmployees":{"@type":"QuantitativeValue","minValue":"11","maxValue":"50"},"publishingPrinciples":"https:\/\/talkpal.ai\/publishing-principles\/","actionableFeedbackPolicy":"https:\/\/talkpal.ai\/actionable-feedback-policy\/","correctionsPolicy":"https:\/\/talkpal.ai\/corrections-policy\/","ethicsPolicy":"https:\/\/talkpal.ai\/ethics-policy\/","diversityPolicy":"https:\/\/talkpal.ai\/diversity-policy\/","diversityStaffingReport":"https:\/\/talkpal.ai\/diversity-policy\/"}]}},"_links":{"self":[{"href":"https:\/\/talkpal.ai\/hu\/wp-json\/wp\/v2\/pages\/149856","targetHints":{"allow":["GET"]}}],"collection":[{"href":"https:\/\/talkpal.ai\/hu\/wp-json\/wp\/v2\/pages"}],"about":[{"href":"https:\/\/talkpal.ai\/hu\/wp-json\/wp\/v2\/types\/page"}],"author":[{"embeddable":true,"href":"https:\/\/talkpal.ai\/hu\/wp-json\/wp\/v2\/users\/1"}],"replies":[{"embeddable":true,"href":"https:\/\/talkpal.ai\/hu\/wp-json\/wp\/v2\/comments?post=149856"}],"version-history":[{"count":0,"href":"https:\/\/talkpal.ai\/hu\/wp-json\/wp\/v2\/pages\/149856\/revisions"}],"wp:featuredmedia":[{"embeddable":true,"href":"https:\/\/talkpal.ai\/hu\/wp-json\/wp\/v2\/media\/118056"}],"wp:attachment":[{"href":"https:\/\/talkpal.ai\/hu\/wp-json\/wp\/v2\/media?parent=149856"}],"curies":[{"name":"wp","href":"https:\/\/api.w.org\/{rel}","templated":true}]}}