{"id":149382,"date":"2023-05-14T14:19:07","date_gmt":"2023-05-14T14:19:07","guid":{"rendered":"http:\/\/talkpal.ai\/roman-nyelvtan\/"},"modified":"2025-12-17T15:35:00","modified_gmt":"2025-12-17T15:35:00","slug":"roman-nyelvtan","status":"publish","type":"page","link":"https:\/\/talkpal.ai\/hu\/roman-nyelvtan\/","title":{"rendered":"Rom\u00e1n nyelvtan"},"content":{"rendered":"\r\n\r\n\r\n<section class=\"languageChallengeSection\">\r\n    <div class=\"languageInfoWrapper\">\r\n        \r\n        <h1>Rom\u00e1n nyelvtan<\/h1>\r\n        <p>Fedezze fel a <a href=\"https:\/\/talkpal.ai\/learn-romanian\/\">rom\u00e1n<\/a> nyelv sz\u00e9ps\u00e9g\u00e9t a nyelvtani szab\u00e1lyok elsaj\u00e1t\u00edt\u00e1s\u00e1val. A <a href=\"https:\/\/talkpal.ai\/romanian-grammar\/\">rom\u00e1n nyelvtan<\/a> elsaj\u00e1t\u00edt\u00e1sa seg\u00edt magabiztosan kommunik\u00e1lni, \u00e9s kapcsolatot teremteni Rom\u00e1nia gazdag kult\u00far\u00e1j\u00e1val \u00e9s t\u00f6rt\u00e9nelm\u00e9vel. Kezdje el a rom\u00e1n <a href=\"https:\/\/talkpal.ai\/grammar\/\">nyelvtan<\/a> tanul\u00e1s\u00e1t m\u00e9g ma, \u00e9s tegye meg az els\u0151 l\u00e9p\u00e9st a foly\u00e9kony nyelvtud\u00e1s fel\u00e9!<\/p>\r\n\r\n                            <a class=\"getStartedHidden\" href=\"https:\/\/app.talkpal.ai\/hu\/signup?lng=\">Kezdj\u00fck<\/a>\r\n        \r\n    <\/div>\r\n\r\n    <figure>\r\n    <img decoding=\"async\" width=\"768\" height=\"768\" src=\"https:\/\/talkpal.ai\/wp-content\/uploads\/2023\/06\/romanian-768x768.png\" class=\"languageImage no-lazy\" alt=\"Language learning for intellectual challenge\" fetchpriority=\"high\" sizes=\"(max-width: 768px) 150px, 768px\" srcset=\"https:\/\/talkpal.ai\/wp-content\/uploads\/2023\/06\/romanian-768x768.png 768w, https:\/\/talkpal.ai\/wp-content\/uploads\/2023\/06\/romanian-300x300.png 300w\" \/>\r\n    \r\n\r\n    <\/figure>\r\n\r\n            <a class=\"getStartedVisible\" href=\"https:\/\/app.talkpal.ai\/hu\/signup?lng=\">Kezdj\u00fck<\/a>\r\n    \r\n<\/section>\r\n<section class=\"promotionalBanner\">\r\n    <p class=\"promotionalText\">A nyelvtanul\u00e1s leghat\u00e9konyabb m\u00f3dja<\/p>\r\n    <a class=\"promotionalLink\" href=\"https:\/\/app.talkpal.ai\/hu\/signup?lng=\">Pr\u00f3b\u00e1lja ki a Talkpal ingyen<\/a>\r\n<\/section>\n<div class=\"wp-block-group pageContainerStyle\"><div class=\"wp-block-group__inner-container is-layout-constrained wp-block-group-is-layout-constrained\">\n<h2 class=\"wp-block-heading\" id=\"h-unraveling-the-mysteries-of-romanian-grammar\">A rom\u00e1n nyelvtan rejtelmeinek felt\u00e1r\u00e1sa<\/h2>\n\n\n\n<p>A rom\u00e1n, az egyetlen \u00fajlatin nyelv, amelyet Kelet-Eur\u00f3p\u00e1ban besz\u00e9lnek, egyed\u00fcl\u00e1ll\u00f3 \u00e9s \u00e9rdekes nyelvi utaz\u00e1st k\u00edn\u00e1l. A latin \u00e9s a szl\u00e1v vil\u00e1g kultur\u00e1lis \u00f6r\u00f6ks\u00e9g\u00e9t egyar\u00e1nt mag\u00e1ban foglal\u00f3 rom\u00e1n nyelv leny\u0171g\u00f6z\u0151 t\u00f6rt\u00e9nelemmel \u00e9s izgalmas nyelvtani rendszerrel rendelkezik. Teh\u00e1t ak\u00e1r poliglott vagy, ak\u00e1r csak egy \u00faj nyelvi kalandot keresel, csatold be magad \u00e9s k\u00e9sz\u00fclj fel a rom\u00e1n nyelvtan sz\u00e9ps\u00e9g\u00e9nek felfedez\u00e9s\u00e9re!<\/p>\n\n\n\n<h3 class=\"wp-block-heading\" id=\"h-1-the-alphabet-a-familiar-friend-with-a-twist\">1. Az \u00e1b\u00e9c\u00e9: Ismer\u0151s bar\u00e1t csavarral<\/h3>\n\n\n\n<p>A rom\u00e1n \u00e1b\u00e9c\u00e9 a latin bet\u0171s \u00edr\u00e1son alapul, amely 31 bet\u0171b\u0151l \u00e1ll. Az angolul besz\u00e9l\u0151k szerencs\u00e9j\u00e9re az <a href=\"https:\/\/talkpal.ai\/locations\/language-courses-in-angol\/\">angol<\/a> \u00e1b\u00e9c\u00e9 nagyon hasonl\u00edt az angol \u00e1b\u00e9c\u00e9hez, csup\u00e1n n\u00e9h\u00e1ny extra karakterrel, amelyek a saj\u00e1tos rom\u00e1n hangokat jel\u00f6lik. Egy kis gyakorl\u00e1ssal az alapok elsaj\u00e1t\u00edt\u00e1sa (p\u00e9ld\u00e1ul a n\u00e9v bet\u0171z\u00e9se vagy az utcat\u00e1bl\u00e1k olvas\u00e1sa) szell\u0151 lesz!<\/p>\n\n\n\n<h3 class=\"wp-block-heading\" id=\"h-2-nouns-meet-cases-the-dynamic-duo\">2. A f\u0151nevek tal\u00e1lkoznak az esetekkel: A dinamikus du\u00f3<\/h3>\n\n\n\n<p>A rom\u00e1n f\u0151nevek h\u00e1rom nemre oszthat\u00f3k (h\u00edmnem\u0171, n\u0151nem\u0171 \u00e9s ivartalan\u00edtott), \u00e9s a nyelvtani esett\u0151l f\u00fcgg\u0151en v\u00e1ltoznak (n\u00e9vel\u0151, birtokos, dat\u00edvusz, t\u00e1rgyeset vagy megsz\u00f3l\u00edt\u00f3). B\u00e1r ez els\u0151re ijeszt\u0151nek t\u0171nhet, ez a rendszer olyan gazdags\u00e1got ad a rom\u00e1n nyelvnek, amely lehet\u0151v\u00e9 teszi az \u00e1rnyalts\u00e1got \u00e9s a kreativit\u00e1st a mondatok \u00f6ssze\u00e1ll\u00edt\u00e1s\u00e1ban, \u00edgy a nyelvi utaz\u00e1s m\u00e9g kifizet\u0151d\u0151bb.<\/p>\n\n\n\n<h3 class=\"wp-block-heading\" id=\"h-3-verbs-conjugating-your-way-to-success\">3. Ig\u00e9k: A sikerhez vezet\u0151 \u00fat ragoz\u00e1sa<\/h3>\n\n\n\n<p>A rom\u00e1n igeragoz\u00e1s, b\u00e1r valamivel egyszer\u0171bb, mint a f\u0151n\u00e9vragoz\u00e1s, m\u00e9gis sokr\u00e9t\u0171 folyamat. Az ig\u00e9k alakja az id\u0151, a hangulat, a hangalak, valamint az alany szem\u00e9lye \u00e9s sz\u00e1ma szerint v\u00e1ltozik. Mint egy finoman hangolt hangszer, a rom\u00e1n ig\u00e9k sokf\u00e9le cselekv\u00e9st, \u00e9rzelmet \u00e9s sz\u00e1nd\u00e9kot k\u00f6zvet\u00edthetnek, lehet\u0151v\u00e9 t\u00e9ve mind a pontos, mind a k\u00f6lt\u0151i kifejez\u00e9st.<\/p>\n\n\n\n<h3 class=\"wp-block-heading\" id=\"h-4-flexible-word-order-shuffle-the-sentences\">4. Rugalmas sz\u00f3rend: keverje meg a mondatokat<\/h3>\n\n\n\n<p>A rom\u00e1n meglehet\u0151sen rugalmas a sz\u00f3rend tekintet\u00e9ben, lehet\u0151v\u00e9 t\u00e9ve a t\u00e9m\u00e1k, ig\u00e9k \u00e9s t\u00e1rgyak k\u00fcl\u00f6nf\u00e9le m\u00f3don t\u00f6rt\u00e9n\u0151 elrendez\u00e9s\u00e9t an\u00e9lk\u00fcl, hogy vesz\u00e9lyeztetn\u00e9 a jelent\u00e9st. Ez a rugalmass\u00e1g n\u00f6velheti a hangs\u00falyt, kontrasztokat hozhat l\u00e9tre, vagy egyszer\u0171en vonz\u00f3bb\u00e1 teheti a besz\u00e9det. Ahogy egyre jobban elsaj\u00e1t\u00edtod a rom\u00e1n nyelvet, <a href=\"https:\/\/talkpal.ai\/talkpal-christmas-discount\/\">j\u00f3l<\/a> fogsz sz\u00f3rakozni azzal, hogy k\u00fcl\u00f6nb\u00f6z\u0151 m\u00f3dokon k\u00eds\u00e9rletezel, hogy ugyanazt a dolgot elmondd, \u00e9s megtal\u00e1lod a t\u00f6k\u00e9letes hangnemet <a href=\"https:\/\/talkpal.ai\/locations\/language-courses-in-minden\/\">minden<\/a> helyzethez.<\/p>\n\n\n\n<h3 class=\"wp-block-heading\" id=\"h-5-wading-deeper-language-through-culture\">5. M\u00e9lyebbre g\u00e1zolva: nyelv a kult\u00far\u00e1n kereszt\u00fcl<\/h3>\n\n\n\n<p>Ahhoz, hogy val\u00f3ban \u00e9rt\u00e9kelni tudja a rom\u00e1nt, m\u00e9lyebbre kell mer\u00fclnie a kult\u00far\u00e1ban, a t\u00f6rt\u00e9nelemben \u00e9s a gondolkod\u00e1sm\u00f3dban, amely a nyelvet alak\u00edtotta. L\u00e9pjen kapcsolatba anyanyelvi besz\u00e9l\u0151kkel, fedezze fel a rom\u00e1n irodalmat, \u00e9s mer\u00fclj\u00f6n el a helyi szok\u00e1sokban \u00e9s hagyom\u00e1nyokban. Ez\u00e1ltal nemcsak a nyelvtud\u00e1sodat fejlesztheted, hanem a rom\u00e1n kult\u00fara sokr\u00e9t\u0171 sz\u00e9ps\u00e9g\u00e9t is felfedezheted.<\/p>\n\n\n\n<h3 class=\"wp-block-heading\" id=\"h-in-conclusion-embrace-the-magic-of-romanian-grammar\">\u00d6sszefoglalva: Fogadja el a rom\u00e1n nyelvtan var\u00e1zs\u00e1t<\/h3>\n\n\n\n<p>A rom\u00e1n nyelvtan els\u0151re rejt\u00e9lyesnek t\u0171nhet, de id\u0151vel, t\u00fcrelemmel \u00e9s a nyelv ir\u00e1nti \u00e9l\u00e9nk \u00e9rdekl\u0151d\u00e9ssel megfejtheti ennek a figyelemre m\u00e9lt\u00f3 nyelvi kincsnek a titkait. Sz\u00f3val, mi\u00e9rt v\u00e1rjon? Kezdje el rom\u00e1n nyelvi utaz\u00e1s\u00e1t m\u00e9g ma, \u00e9s s\u00fctk\u00e9rezzen nyelvtan\u00e1nak, kult\u00far\u00e1j\u00e1nak \u00e9s mag\u00e1val ragad\u00f3 vil\u00e1g\u00e1nak sz\u00e9ps\u00e9g\u00e9ben.<\/p>\n<\/div><\/div>\n\r\n<section class=\"learnNavigationSection\">\r\n            \r\n        <a href=\"https:\/\/talkpal.ai\/hu\/tanulj-romanul\/\">\r\n            <div class=\"learnNavigationWrapper\">\r\n                <div class=\"learnNavigationContent\">\r\n                    <img decoding=\"async\" src=\"https:\/\/talkpal.ai\/wp-content\/uploads\/2024\/08\/Romanian.jpg\" alt=\"Romanian Flag\">\r\n                    <div>\r\n                        <h4>A rom\u00e1n nyelvtanul\u00e1sr\u00f3l<\/h4>\r\n                        <p>Tudjon meg mindent a rom\u00e1n nyelvtanr\u00f3l.<\/p>\r\n                    <\/div>\r\n                <\/div>\r\n            <\/div>\r\n        <\/a>\r\n\r\n        \r\n        <a href=\"https:\/\/talkpal.ai\/hu\/roman-nyelvtani-gyakorlatok\/\">\r\n            <div class=\"learnNavigationWrapper\">\r\n                <div class=\"learnNavigationContent\">\r\n                    <img decoding=\"async\" src=\"https:\/\/talkpal.ai\/wp-content\/uploads\/2024\/08\/Romanian.jpg\" alt=\"Romanian Flag\">\r\n                    <div>\r\n                        <h4>Rom\u00e1n nyelvtani gyakorlat<\/h4>\r\n                        <p>Gyakorolja a rom\u00e1n nyelvtant.<\/p>\r\n                    <\/div>\r\n                <\/div>\r\n            <\/div>\r\n        <\/a>\r\n\r\n        \r\n        <a href=\"https:\/\/talkpal.ai\/vocabulary_language\/romanian\/\">\r\n            <div class=\"learnNavigationWrapper\">\r\n                <div class=\"learnNavigationContent\">\r\n                    <img decoding=\"async\" src=\"https:\/\/talkpal.ai\/wp-content\/uploads\/2024\/08\/Romanian.jpg\" alt=\"Romanian Flag\">\r\n                    <div>\r\n                        <h4>Rom\u00e1n sz\u00f3kincs<\/h4>\r\n                        <p>B\u0151v\u00edtse rom\u00e1n sz\u00f3kincs\u00e9t.<\/p>\r\n                    <\/div>\r\n                <\/div>\r\n            <\/div>\r\n        <\/a>\r\n\r\n            <\/section>","protected":false},"excerpt":{"rendered":"<p>A rom\u00e1n nyelvtan rejtelmeinek felt\u00e1r\u00e1sa A rom\u00e1n, az egyetlen \u00fajlatin nyelv, amelyet Kelet-Eur\u00f3p\u00e1ban besz\u00e9lnek, egyed\u00fcl\u00e1ll\u00f3 \u00e9s \u00e9rdekes nyelvi utaz\u00e1st k\u00edn\u00e1l. A latin \u00e9s a szl\u00e1v vil\u00e1g kultur\u00e1lis \u00f6r\u00f6ks\u00e9g\u00e9t egyar\u00e1nt mag\u00e1ban foglal\u00f3 rom\u00e1n nyelv leny\u0171g\u00f6z\u0151 t\u00f6rt\u00e9nelemmel \u00e9s izgalmas nyelvtani rendszerrel rendelkezik. Teh\u00e1t ak\u00e1r poliglott vagy, ak\u00e1r csak egy \u00faj nyelvi kalandot keresel, csatold be magad \u00e9s [&hellip;]<\/p>\n","protected":false},"author":1,"featured_media":117738,"parent":0,"menu_order":0,"comment_status":"closed","ping_status":"closed","template":"LearningContentPage.php","meta":{"_acf_changed":false,"footnotes":""},"class_list":["post-149382","page","type-page","status-publish","has-post-thumbnail","hentry"],"acf":[],"yoast_head":"<!-- This site is optimized with the Yoast SEO Premium plugin v27.2 (Yoast SEO v27.2) - https:\/\/yoast.com\/product\/yoast-seo-premium-wordpress\/ -->\n<title>Rom\u00e1n nyelvtan - Talkpal<\/title>\n<meta name=\"description\" content=\"Fedezze fel a rom\u00e1n nyelvtan leny\u0171g\u00f6z\u0151 vil\u00e1g\u00e1t, \u00e9s fedezze fel ennek a gy\u00f6ny\u00f6r\u0171 rom\u00e1n nyelvnek az egyedi jellemz\u0151it.\" \/>\n<meta name=\"robots\" content=\"index, follow, max-snippet:-1, max-image-preview:large, max-video-preview:-1\" \/>\n<link rel=\"canonical\" href=\"https:\/\/talkpal.ai\/hu\/roman-nyelvtan\/\" \/>\n<meta property=\"og:locale\" content=\"hu_HU\" \/>\n<meta property=\"og:type\" content=\"article\" \/>\n<meta property=\"og:title\" content=\"Rom\u00e1n nyelvtan\" \/>\n<meta property=\"og:description\" content=\"A rom\u00e1n nyelvtan rejtelmeinek felt\u00e1r\u00e1sa A rom\u00e1n, az egyetlen \u00fajlatin nyelv, amelyet Kelet-Eur\u00f3p\u00e1ban besz\u00e9lnek, egyed\u00fcl\u00e1ll\u00f3 \u00e9s \u00e9rdekes nyelvi utaz\u00e1st\" \/>\n<meta property=\"og:url\" content=\"https:\/\/talkpal.ai\/hu\/roman-nyelvtan\/\" \/>\n<meta property=\"og:site_name\" content=\"Talkpal\" \/>\n<meta property=\"article:publisher\" content=\"https:\/\/www.facebook.com\/profile.php?id=100090733639311\" \/>\n<meta property=\"article:modified_time\" content=\"2025-12-17T15:35:00+00:00\" \/>\n<meta property=\"og:image\" content=\"https:\/\/talkpal.ai\/wp-content\/uploads\/2023\/05\/romania.png\" \/>\n\t<meta property=\"og:image:width\" content=\"512\" \/>\n\t<meta property=\"og:image:height\" content=\"512\" \/>\n\t<meta property=\"og:image:type\" content=\"image\/png\" \/>\n<meta name=\"twitter:card\" content=\"summary_large_image\" \/>\n<meta name=\"twitter:site\" content=\"@talkpalai\" \/>\n<meta name=\"twitter:label1\" content=\"Becs\u00fclt olvas\u00e1si id\u0151\" \/>\n\t<meta name=\"twitter:data1\" content=\"3 perc\" \/>\n<script type=\"application\/ld+json\" class=\"yoast-schema-graph\">{\"@context\":\"https:\/\/schema.org\",\"@graph\":[{\"@type\":\"WebPage\",\"@id\":\"https:\/\/talkpal.ai\/hu\/roman-nyelvtan\/\",\"url\":\"https:\/\/talkpal.ai\/hu\/roman-nyelvtan\/\",\"name\":\"Rom\u00e1n nyelvtan - Talkpal\",\"isPartOf\":{\"@id\":\"https:\/\/talkpal.ai\/hu\/#website\"},\"primaryImageOfPage\":{\"@id\":\"https:\/\/talkpal.ai\/hu\/roman-nyelvtan\/#primaryimage\"},\"image\":{\"@id\":\"https:\/\/talkpal.ai\/hu\/roman-nyelvtan\/#primaryimage\"},\"thumbnailUrl\":\"https:\/\/talkpal.ai\/wp-content\/uploads\/2023\/05\/romania.png\",\"datePublished\":\"2023-05-14T14:19:07+00:00\",\"dateModified\":\"2025-12-17T15:35:00+00:00\",\"description\":\"Fedezze fel a rom\u00e1n nyelvtan leny\u0171g\u00f6z\u0151 vil\u00e1g\u00e1t, \u00e9s fedezze fel ennek a gy\u00f6ny\u00f6r\u0171 rom\u00e1n nyelvnek az egyedi jellemz\u0151it.\",\"breadcrumb\":{\"@id\":\"https:\/\/talkpal.ai\/hu\/roman-nyelvtan\/#breadcrumb\"},\"inLanguage\":\"hu\",\"potentialAction\":[{\"@type\":\"ReadAction\",\"target\":[\"https:\/\/talkpal.ai\/hu\/roman-nyelvtan\/\"]}]},{\"@type\":\"ImageObject\",\"inLanguage\":\"hu\",\"@id\":\"https:\/\/talkpal.ai\/hu\/roman-nyelvtan\/#primaryimage\",\"url\":\"https:\/\/talkpal.ai\/wp-content\/uploads\/2023\/05\/romania.png\",\"contentUrl\":\"https:\/\/talkpal.ai\/wp-content\/uploads\/2023\/05\/romania.png\",\"width\":512,\"height\":512},{\"@type\":\"BreadcrumbList\",\"@id\":\"https:\/\/talkpal.ai\/hu\/roman-nyelvtan\/#breadcrumb\",\"itemListElement\":[{\"@type\":\"ListItem\",\"position\":1,\"name\":\"Homepage\",\"item\":\"https:\/\/talkpal.ai\/hu\/\"},{\"@type\":\"ListItem\",\"position\":2,\"name\":\"Rom\u00e1n nyelvtan\"}]},{\"@type\":\"WebSite\",\"@id\":\"https:\/\/talkpal.ai\/hu\/#website\",\"url\":\"https:\/\/talkpal.ai\/hu\/\",\"name\":\"Talkpal\",\"description\":\"AI Language Learning\",\"publisher\":{\"@id\":\"https:\/\/talkpal.ai\/hu\/#organization\"},\"alternateName\":\"Talkpal AI\",\"potentialAction\":[{\"@type\":\"SearchAction\",\"target\":{\"@type\":\"EntryPoint\",\"urlTemplate\":\"https:\/\/talkpal.ai\/hu\/?s={search_term_string}\"},\"query-input\":{\"@type\":\"PropertyValueSpecification\",\"valueRequired\":true,\"valueName\":\"search_term_string\"}}],\"inLanguage\":\"hu\"},{\"@type\":\"Organization\",\"@id\":\"https:\/\/talkpal.ai\/hu\/#organization\",\"name\":\"Talkpal, Inc.\",\"alternateName\":\"Talkpal AI\",\"url\":\"https:\/\/talkpal.ai\/hu\/\",\"logo\":{\"@type\":\"ImageObject\",\"inLanguage\":\"hu\",\"@id\":\"https:\/\/talkpal.ai\/hu\/#\/schema\/logo\/image\/\",\"url\":\"https:\/\/talkpal.ai\/wp-content\/uploads\/2024\/03\/Talkpal-Logo-Icon.png\",\"contentUrl\":\"https:\/\/talkpal.ai\/wp-content\/uploads\/2024\/03\/Talkpal-Logo-Icon.png\",\"width\":2880,\"height\":2880,\"caption\":\"Talkpal, Inc.\"},\"image\":{\"@id\":\"https:\/\/talkpal.ai\/hu\/#\/schema\/logo\/image\/\"},\"sameAs\":[\"https:\/\/www.facebook.com\/profile.php?id=100090733639311\",\"https:\/\/x.com\/talkpalai\",\"https:\/\/www.linkedin.com\/company\/talkpal\/\",\"https:\/\/www.youtube.com\/@TalkPal\/\",\"https:\/\/www.tiktok.com\/@talkpal\",\"https:\/\/www.instagram.com\/talkpal_ai\/\",\"https:\/\/www.crunchbase.com\/organization\/talkpal-9cde\",\"https:\/\/www.g2.com\/products\/talkpal-for-business\/\",\"https:\/\/www.trustpilot.com\/review\/talkpal.ai\",\"https:\/\/www.capterra.com\/p\/10006800\/TalkPal\/\"],\"description\":\"Talkpal is a language learning web and mobile education app, powered by the latest AI technologies, that provides engaging experiences to its customers in many different languages to help them improve their language skills. Users can chat about unlimited amount of topics with the app and use other modes to practice their language learning.\",\"email\":\"support@talkpal.ai\",\"legalName\":\"Talkpal, Inc.\",\"foundingDate\":\"2023-04-03\",\"duns\":\"118989042\",\"numberOfEmployees\":{\"@type\":\"QuantitativeValue\",\"minValue\":\"11\",\"maxValue\":\"50\"},\"publishingPrinciples\":\"https:\/\/talkpal.ai\/publishing-principles\/\",\"actionableFeedbackPolicy\":\"https:\/\/talkpal.ai\/actionable-feedback-policy\/\",\"correctionsPolicy\":\"https:\/\/talkpal.ai\/corrections-policy\/\",\"ethicsPolicy\":\"https:\/\/talkpal.ai\/ethics-policy\/\",\"diversityPolicy\":\"https:\/\/talkpal.ai\/diversity-policy\/\",\"diversityStaffingReport\":\"https:\/\/talkpal.ai\/diversity-policy\/\"}]}<\/script>\n<!-- \/ Yoast SEO Premium plugin. -->","yoast_head_json":{"title":"Rom\u00e1n nyelvtan - Talkpal","description":"Fedezze fel a rom\u00e1n nyelvtan leny\u0171g\u00f6z\u0151 vil\u00e1g\u00e1t, \u00e9s fedezze fel ennek a gy\u00f6ny\u00f6r\u0171 rom\u00e1n nyelvnek az egyedi jellemz\u0151it.","robots":{"index":"index","follow":"follow","max-snippet":"max-snippet:-1","max-image-preview":"max-image-preview:large","max-video-preview":"max-video-preview:-1"},"canonical":"https:\/\/talkpal.ai\/hu\/roman-nyelvtan\/","og_locale":"hu_HU","og_type":"article","og_title":"Rom\u00e1n nyelvtan","og_description":"A rom\u00e1n nyelvtan rejtelmeinek felt\u00e1r\u00e1sa A rom\u00e1n, az egyetlen \u00fajlatin nyelv, amelyet Kelet-Eur\u00f3p\u00e1ban besz\u00e9lnek, egyed\u00fcl\u00e1ll\u00f3 \u00e9s \u00e9rdekes nyelvi utaz\u00e1st","og_url":"https:\/\/talkpal.ai\/hu\/roman-nyelvtan\/","og_site_name":"Talkpal","article_publisher":"https:\/\/www.facebook.com\/profile.php?id=100090733639311","article_modified_time":"2025-12-17T15:35:00+00:00","og_image":[{"width":512,"height":512,"url":"https:\/\/talkpal.ai\/wp-content\/uploads\/2023\/05\/romania.png","type":"image\/png"}],"twitter_card":"summary_large_image","twitter_site":"@talkpalai","twitter_misc":{"Becs\u00fclt olvas\u00e1si id\u0151":"3 perc"},"schema":{"@context":"https:\/\/schema.org","@graph":[{"@type":"WebPage","@id":"https:\/\/talkpal.ai\/hu\/roman-nyelvtan\/","url":"https:\/\/talkpal.ai\/hu\/roman-nyelvtan\/","name":"Rom\u00e1n nyelvtan - Talkpal","isPartOf":{"@id":"https:\/\/talkpal.ai\/hu\/#website"},"primaryImageOfPage":{"@id":"https:\/\/talkpal.ai\/hu\/roman-nyelvtan\/#primaryimage"},"image":{"@id":"https:\/\/talkpal.ai\/hu\/roman-nyelvtan\/#primaryimage"},"thumbnailUrl":"https:\/\/talkpal.ai\/wp-content\/uploads\/2023\/05\/romania.png","datePublished":"2023-05-14T14:19:07+00:00","dateModified":"2025-12-17T15:35:00+00:00","description":"Fedezze fel a rom\u00e1n nyelvtan leny\u0171g\u00f6z\u0151 vil\u00e1g\u00e1t, \u00e9s fedezze fel ennek a gy\u00f6ny\u00f6r\u0171 rom\u00e1n nyelvnek az egyedi jellemz\u0151it.","breadcrumb":{"@id":"https:\/\/talkpal.ai\/hu\/roman-nyelvtan\/#breadcrumb"},"inLanguage":"hu","potentialAction":[{"@type":"ReadAction","target":["https:\/\/talkpal.ai\/hu\/roman-nyelvtan\/"]}]},{"@type":"ImageObject","inLanguage":"hu","@id":"https:\/\/talkpal.ai\/hu\/roman-nyelvtan\/#primaryimage","url":"https:\/\/talkpal.ai\/wp-content\/uploads\/2023\/05\/romania.png","contentUrl":"https:\/\/talkpal.ai\/wp-content\/uploads\/2023\/05\/romania.png","width":512,"height":512},{"@type":"BreadcrumbList","@id":"https:\/\/talkpal.ai\/hu\/roman-nyelvtan\/#breadcrumb","itemListElement":[{"@type":"ListItem","position":1,"name":"Homepage","item":"https:\/\/talkpal.ai\/hu\/"},{"@type":"ListItem","position":2,"name":"Rom\u00e1n nyelvtan"}]},{"@type":"WebSite","@id":"https:\/\/talkpal.ai\/hu\/#website","url":"https:\/\/talkpal.ai\/hu\/","name":"Talkpal","description":"AI Language Learning","publisher":{"@id":"https:\/\/talkpal.ai\/hu\/#organization"},"alternateName":"Talkpal AI","potentialAction":[{"@type":"SearchAction","target":{"@type":"EntryPoint","urlTemplate":"https:\/\/talkpal.ai\/hu\/?s={search_term_string}"},"query-input":{"@type":"PropertyValueSpecification","valueRequired":true,"valueName":"search_term_string"}}],"inLanguage":"hu"},{"@type":"Organization","@id":"https:\/\/talkpal.ai\/hu\/#organization","name":"Talkpal, Inc.","alternateName":"Talkpal AI","url":"https:\/\/talkpal.ai\/hu\/","logo":{"@type":"ImageObject","inLanguage":"hu","@id":"https:\/\/talkpal.ai\/hu\/#\/schema\/logo\/image\/","url":"https:\/\/talkpal.ai\/wp-content\/uploads\/2024\/03\/Talkpal-Logo-Icon.png","contentUrl":"https:\/\/talkpal.ai\/wp-content\/uploads\/2024\/03\/Talkpal-Logo-Icon.png","width":2880,"height":2880,"caption":"Talkpal, Inc."},"image":{"@id":"https:\/\/talkpal.ai\/hu\/#\/schema\/logo\/image\/"},"sameAs":["https:\/\/www.facebook.com\/profile.php?id=100090733639311","https:\/\/x.com\/talkpalai","https:\/\/www.linkedin.com\/company\/talkpal\/","https:\/\/www.youtube.com\/@TalkPal\/","https:\/\/www.tiktok.com\/@talkpal","https:\/\/www.instagram.com\/talkpal_ai\/","https:\/\/www.crunchbase.com\/organization\/talkpal-9cde","https:\/\/www.g2.com\/products\/talkpal-for-business\/","https:\/\/www.trustpilot.com\/review\/talkpal.ai","https:\/\/www.capterra.com\/p\/10006800\/TalkPal\/"],"description":"Talkpal is a language learning web and mobile education app, powered by the latest AI technologies, that provides engaging experiences to its customers in many different languages to help them improve their language skills. Users can chat about unlimited amount of topics with the app and use other modes to practice their language learning.","email":"support@talkpal.ai","legalName":"Talkpal, Inc.","foundingDate":"2023-04-03","duns":"118989042","numberOfEmployees":{"@type":"QuantitativeValue","minValue":"11","maxValue":"50"},"publishingPrinciples":"https:\/\/talkpal.ai\/publishing-principles\/","actionableFeedbackPolicy":"https:\/\/talkpal.ai\/actionable-feedback-policy\/","correctionsPolicy":"https:\/\/talkpal.ai\/corrections-policy\/","ethicsPolicy":"https:\/\/talkpal.ai\/ethics-policy\/","diversityPolicy":"https:\/\/talkpal.ai\/diversity-policy\/","diversityStaffingReport":"https:\/\/talkpal.ai\/diversity-policy\/"}]}},"_links":{"self":[{"href":"https:\/\/talkpal.ai\/hu\/wp-json\/wp\/v2\/pages\/149382","targetHints":{"allow":["GET"]}}],"collection":[{"href":"https:\/\/talkpal.ai\/hu\/wp-json\/wp\/v2\/pages"}],"about":[{"href":"https:\/\/talkpal.ai\/hu\/wp-json\/wp\/v2\/types\/page"}],"author":[{"embeddable":true,"href":"https:\/\/talkpal.ai\/hu\/wp-json\/wp\/v2\/users\/1"}],"replies":[{"embeddable":true,"href":"https:\/\/talkpal.ai\/hu\/wp-json\/wp\/v2\/comments?post=149382"}],"version-history":[{"count":0,"href":"https:\/\/talkpal.ai\/hu\/wp-json\/wp\/v2\/pages\/149382\/revisions"}],"wp:featuredmedia":[{"embeddable":true,"href":"https:\/\/talkpal.ai\/hu\/wp-json\/wp\/v2\/media\/117738"}],"wp:attachment":[{"href":"https:\/\/talkpal.ai\/hu\/wp-json\/wp\/v2\/media?parent=149382"}],"curies":[{"name":"wp","href":"https:\/\/api.w.org\/{rel}","templated":true}]}}