{"id":149023,"date":"2023-05-14T14:18:46","date_gmt":"2023-05-14T14:18:46","guid":{"rendered":"http:\/\/talkpal.ai\/lengyel-nyelvtan\/"},"modified":"2025-12-17T17:35:09","modified_gmt":"2025-12-17T17:35:09","slug":"lengyel-nyelvtan","status":"publish","type":"page","link":"https:\/\/talkpal.ai\/hu\/lengyel-nyelvtan\/","title":{"rendered":"Lengyel nyelvtan"},"content":{"rendered":"\r\n\r\n\r\n<section class=\"languageChallengeSection\">\r\n    <div class=\"languageInfoWrapper\">\r\n        \r\n        <h1>Lengyel nyelvtan<\/h1>\r\n        <p>Mer\u00fclj\u00f6n el a <a href=\"https:\/\/talkpal.ai\/hu\/gyors-es-hatekony-lengyel-tanulas-modszerek-minden-szinten\/\">lengyel nyelvtan<\/a> leny\u0171g\u00f6z\u0151 vil\u00e1g\u00e1ban, \u00e9s fedezze fel K\u00f6z\u00e9p-Eur\u00f3pa egyik legsz\u00e9lesebb k\u00f6rben besz\u00e9lt nyelv\u00e9nek alapjait. Az alapvet\u0151 szab\u00e1lyok elsaj\u00e1t\u00edt\u00e1s\u00e1val hat\u00e9konyabban kommunik\u00e1lhat, \u00e9s m\u00e9lyebben meg\u00e9rtheti a <a href=\"https:\/\/talkpal.ai\/learn-polish\/\">lengyel<\/a> kult\u00far\u00e1t. Kezdje el a lengyel <a href=\"https:\/\/talkpal.ai\/grammar\/\">nyelvtan<\/a> tanul\u00e1s\u00e1t m\u00e9g ma, \u00e9s tegye meg az els\u0151 l\u00e9p\u00e9st a foly\u00e9kony nyelvtud\u00e1s fel\u00e9!<\/p>\r\n\r\n                            <a class=\"getStartedHidden\" href=\"https:\/\/app.talkpal.ai\/hu\/signup?lng=\">Kezdj\u00fck<\/a>\r\n        \r\n    <\/div>\r\n\r\n    <figure>\r\n    <img decoding=\"async\" width=\"768\" height=\"768\" src=\"https:\/\/talkpal.ai\/wp-content\/uploads\/2023\/06\/polish-768x768.png\" class=\"languageImage no-lazy\" alt=\"Practical tips on language learning techniques\" fetchpriority=\"high\" sizes=\"(max-width: 768px) 150px, 768px\" srcset=\"https:\/\/talkpal.ai\/wp-content\/uploads\/2023\/06\/polish-768x768.png 768w, https:\/\/talkpal.ai\/wp-content\/uploads\/2023\/06\/polish-300x300.png 300w\" \/>\r\n    \r\n\r\n    <\/figure>\r\n\r\n            <a class=\"getStartedVisible\" href=\"https:\/\/app.talkpal.ai\/hu\/signup?lng=\">Kezdj\u00fck<\/a>\r\n    \r\n<\/section>\r\n<section class=\"promotionalBanner\">\r\n    <p class=\"promotionalText\">A nyelvtanul\u00e1s leghat\u00e9konyabb m\u00f3dja<\/p>\r\n    <a class=\"promotionalLink\" href=\"https:\/\/app.talkpal.ai\/hu\/signup?lng=\">Pr\u00f3b\u00e1lja ki a Talkpal ingyen<\/a>\r\n<\/section>\n<div class=\"wp-block-group pageContainerStyle\"><div class=\"wp-block-group__inner-container is-layout-constrained wp-block-group-is-layout-constrained\">\n<h2 class=\"wp-block-heading\" id=\"h-breaking-down-the-puzzle-of-polish-grammar\">A lengyel nyelvtan rejtv\u00e9ny\u00e9nek lebont\u00e1sa<\/h2>\n\n\n\n<p>A lengyel, egy szl\u00e1v nyelv, egyszerre kih\u00edv\u00e1st jelent \u00e9s kifizet\u0151d\u0151 az egyed\u00fcl\u00e1ll\u00f3 nyelvi kalandot keres\u0151 nyelvtanul\u00f3k sz\u00e1m\u00e1ra. Ahogy belemer\u00fcl a lengyel nyelvbe, felfedezhet egy leny\u0171g\u00f6z\u0151 t\u00f6rt\u00e9nelmet \u00e9s kult\u00far\u00e1t, amely kieg\u00e9sz\u00edti mag\u00e1nak a nyelvnek a gazdags\u00e1g\u00e1t. B\u00e1r a lengyel nyelvtan bonyolultnak t\u0171nhet, kezelhet\u0151 elemekre bontva hozz\u00e1f\u00e9rhet\u0151bb\u00e9 teszi a tanul\u00e1si folyamatot. Ennek a cikknek az a c\u00e9lja, hogy bemutassa \u00d6nt a lengyel nyelvtan mag\u00e1val ragad\u00f3 vil\u00e1g\u00e1ba, \u00e9s \u00fatmutat\u00e1st ny\u00fajtson annak \u00f6sszetetts\u00e9g\u00e9nek kezel\u00e9s\u00e9hez.<\/p>\n\n\n\n<h3 class=\"wp-block-heading\" id=\"h-1-noun-gender-and-cases\">1. F\u0151n\u00e9v, nem \u00e9s esetek<\/h3>\n\n\n\n<p>A lengyel f\u0151neveknek <a href=\"https:\/\/talkpal.ai\/locations\/language-courses-in-van\/\">van<\/a> nyelvtani nem\u00fck &#8211; h\u00edmnem\u0171, n\u0151nem\u0171 \u00e9s nemtelen -, <a href=\"https:\/\/talkpal.ai\/locations\/language-courses-in-ami\/\">ami<\/a> hat\u00e1ssal van a mell\u00e9knevek, n\u00e9vm\u00e1sok \u00e9s ig\u00e9k alakj\u00e1ra. Ezenk\u00edv\u00fcl a lengyel nyelvnek h\u00e9t nyelvtani esete van: n\u00e9vel\u0151, birtokos eset, dat\u00edvusz, t\u00e1rgyeset, instrument\u00e1lis, helyhat\u00e1roz\u00f3 \u00e9s megsz\u00f3l\u00edt\u00f3. A nemek \u00e9s az esetrendszer megismer\u00e9se elengedhetetlen a pontos lengyel mondatok meg\u00e9rt\u00e9s\u00e9hez \u00e9s fel\u00e9p\u00edt\u00e9s\u00e9hez.<\/p>\n\n\n\n<h3 class=\"wp-block-heading\" id=\"h-2-verb-conjugation-person-tense-and-aspect\">2. Igeragoz\u00e1s: szem\u00e9ly, fesz\u00fclts\u00e9g \u00e9s szempont<\/h3>\n\n\n\n<p>A lengyel ig\u00e9ket az igeid\u0151, a szempont \u00e9s a szem\u00e9ly (els\u0151, m\u00e1sodik vagy harmadik) szerint kell ragozni. H\u00e1rom f\u0151 igeid\u0151 van: jelen, m\u00falt \u00e9s j\u00f6v\u0151. Ezenk\u00edv\u00fcl a lengyel ig\u00e9knek k\u00e9t aspektusa van: perfekt\u00edv (befejezett cselekv\u00e9sekhez) \u00e9s imperfect\u00edv (folyamatban l\u00e9v\u0151 vagy szok\u00e1sosan v\u00e9grehajtott cselekv\u00e9sekhez). Ezeknek a ragoz\u00e1si szab\u00e1lyoknak az elsaj\u00e1t\u00edt\u00e1sa jelent\u0151sen jav\u00edtja verb\u00e1lis kommunik\u00e1ci\u00f3s k\u00e9szs\u00e9geit lengyel\u00fcl.<\/p>\n\n\n\n<h3 class=\"wp-block-heading\" id=\"h-3-adjectives-agreement-and-placement\">3. Mell\u00e9knevek: meg\u00e1llapod\u00e1s \u00e9s elhelyez\u00e9s<\/h3>\n\n\n\n<p>A lengyel mell\u00e9kneveknek meg kell egyezni\u00fck azzal a f\u0151n\u00e9vvel, amelyet megv\u00e1ltoztatnak a nem, a sz\u00e1m \u00e9s az eset tekintet\u00e9ben. A mell\u00e9knevek \u00e1ltal\u00e1ban megel\u0151zik a f\u0151nevet, \u00e9s alapvet\u0151 le\u00edr\u00f3 kontextust biztos\u00edtanak a mondathoz.<\/p>\n\n\n\n<p>P\u00e9ld\u00e1k:<\/p>\n\n\n\n<p>&#8211; czerwona sukienka (piros ruha)<\/p>\n\n\n\n<p>&#8211; pi\u0119kny ogr\u00f3d (gy\u00f6ny\u00f6r\u0171 kert)<\/p>\n\n\n\n<h3 class=\"wp-block-heading\" id=\"h-4-pronouns-types-and-uses\">4. N\u00e9vm\u00e1sok: t\u00edpusok \u00e9s felhaszn\u00e1l\u00e1sok<\/h3>\n\n\n\n<p>A lengyel n\u00e9vm\u00e1sok k\u00fcl\u00f6nb\u00f6z\u0151 form\u00e1kban l\u00e9teznek, bele\u00e9rtve a szem\u00e9lyes, birtokos, reflex\u00edv, demonstrat\u00edv \u00e9s k\u00e9rd\u0151 n\u00e9vm\u00e1sokat. Ha meg\u00e9rti, hogyan \u00e9s mikor kell haszn\u00e1lni ezeket a n\u00e9vm\u00e1sokat, pontosabb\u00e1 teszi a lengyel nyelvtant, \u00e9s jav\u00edtja \u00e1ltal\u00e1nos nyelvi k\u00e9szs\u00e9geit.<\/p>\n\n\n\n<h3 class=\"wp-block-heading\" id=\"h-5-negation-conveying-the-opposite\">5. Tagad\u00e1s: az ellenkez\u0151je k\u00f6zvet\u00edt\u00e9se<\/h3>\n\n\n\n<p>A lengyel nyelvtanban a tagad\u00e1st a &#8222;nie&#8221; sz\u00f3 ig\u00e9k, mell\u00e9knevek, hat\u00e1roz\u00f3sz\u00f3k vagy n\u00e9vm\u00e1sok el\u00e9 t\u00f6rt\u00e9n\u0151 beilleszt\u00e9s\u00e9vel \u00e9rj\u00fck el. A f\u0151nevekkel rendelkez\u0151 mondatok tagad\u00e1s\u00e1ra azonban k\u00fcl\u00f6n szab\u00e1lyok vonatkoznak, amelyek tov\u00e1bbi el\u00f6lj\u00e1r\u00f3sz\u00f3t vagy m\u00e1s f\u0151n\u00e9vi form\u00e1t ig\u00e9nyelhetnek. Ezeknek a tagad\u00e1si mint\u00e1knak a felismer\u00e9se seg\u00edt vil\u00e1gosan \u00e1tadni a sz\u00e1nd\u00e9kolt jelent\u00e9st lengyel\u00fcl.<\/p>\n\n\n\n<h3 class=\"wp-block-heading\" id=\"h-6-engage-with-the-language\">6. Vegye fel a kapcsolatot a nyelvvel<\/h3>\n\n\n\n<p>A lengyel nyelvtan meg\u00e9rt\u00e9s\u00e9nek \u00e9s internaliz\u00e1l\u00e1s\u00e1nak leghat\u00e9konyabb m\u00f3dja a nyelv rendszeres haszn\u00e1lata. A lengyel irodalom olvas\u00e1s\u00e1t\u00f3l, a lengyel filmek megtekint\u00e9s\u00e9t\u0151l vagy az anyanyelvi besz\u00e9l\u0151kkel val\u00f3 akt\u00edv besz\u00e9lget\u00e9st\u0151l kezdve a k\u00fcl\u00f6nb\u00f6z\u0151 kontextusokban val\u00f3 elmer\u00fcl\u00e9s meger\u0151s\u00edti a nyelvtan meg\u00e9rt\u00e9s\u00e9t, mik\u00f6zben b\u0151v\u00edti sz\u00f3kincs\u00e9t.<\/p>\n\n\n\n<h3 class=\"wp-block-heading\" id=\"h-conclusion\">K\u00f6vetkeztet\u00e9s<\/h3>\n\n\n\n<p>B\u00e1r a lengyel nyelvtan bonyolultnak t\u0171nhet, k\u00f6vetkezetes gyakorl\u00e1sa \u00e9s l\u00e9p\u00e9sr\u0151l l\u00e9p\u00e9sre t\u00f6rt\u00e9n\u0151 kezel\u00e9se seg\u00edt abban, hogy j\u00e1rtass\u00e1 v\u00e1ljon ezen az egyed\u00fcl\u00e1ll\u00f3 nyelven. Fogadja el a kih\u00edv\u00e1st, amikor megkezdi lengyel nyelvi utaz\u00e1s\u00e1t, \u00e9s hamarosan magabiztosan fogja megfejteni a nyelvtan bonyolults\u00e1g\u00e1t. Sok szerencs\u00e9t a tanulm\u00e1nyaihoz, \u00e9s \u00e9lvezze a lengyel nyelvtan r\u00e9tegeinek felfedez\u00e9s\u00e9t!<\/p>\n<\/div><\/div>\n\r\n<section class=\"learnNavigationSection\">\r\n            \r\n        <a href=\"https:\/\/talkpal.ai\/hu\/tanulj-lengyelul\/\">\r\n            <div class=\"learnNavigationWrapper\">\r\n                <div class=\"learnNavigationContent\">\r\n                    <img decoding=\"async\" src=\"https:\/\/talkpal.ai\/wp-content\/uploads\/2024\/08\/Polish.jpg\" alt=\"Polish Flag\">\r\n                    <div>\r\n                        <h4>A lengyel tanul\u00e1sr\u00f3l<\/h4>\r\n                        <p>Tudjon meg mindent a lengyel nyelvtanr\u00f3l.<\/p>\r\n                    <\/div>\r\n                <\/div>\r\n            <\/div>\r\n        <\/a>\r\n\r\n        \r\n        <a href=\"https:\/\/talkpal.ai\/hu\/lengyel-nyelvtani-gyakorlatok\/\">\r\n            <div class=\"learnNavigationWrapper\">\r\n                <div class=\"learnNavigationContent\">\r\n                    <img decoding=\"async\" src=\"https:\/\/talkpal.ai\/wp-content\/uploads\/2024\/08\/Polish.jpg\" alt=\"Polish Flag\">\r\n                    <div>\r\n                        <h4>Lengyel nyelvtani gyakorlat<\/h4>\r\n                        <p>Gyakorolja a lengyel nyelvtant.<\/p>\r\n                    <\/div>\r\n                <\/div>\r\n            <\/div>\r\n        <\/a>\r\n\r\n        \r\n        <a href=\"https:\/\/talkpal.ai\/vocabulary_language\/polish\/\">\r\n            <div class=\"learnNavigationWrapper\">\r\n                <div class=\"learnNavigationContent\">\r\n                    <img decoding=\"async\" src=\"https:\/\/talkpal.ai\/wp-content\/uploads\/2024\/08\/Polish.jpg\" alt=\"Polish Flag\">\r\n                    <div>\r\n                        <h4>Lengyel sz\u00f3kincs<\/h4>\r\n                        <p>B\u0151v\u00edtse lengyel sz\u00f3kincs\u00e9t.<\/p>\r\n                    <\/div>\r\n                <\/div>\r\n            <\/div>\r\n        <\/a>\r\n\r\n            <\/section>","protected":false},"excerpt":{"rendered":"<p>A lengyel nyelvtan rejtv\u00e9ny\u00e9nek lebont\u00e1sa A lengyel, egy szl\u00e1v nyelv, egyszerre kih\u00edv\u00e1st jelent \u00e9s kifizet\u0151d\u0151 az egyed\u00fcl\u00e1ll\u00f3 nyelvi kalandot keres\u0151 nyelvtanul\u00f3k sz\u00e1m\u00e1ra. Ahogy belemer\u00fcl a lengyel nyelvbe, felfedezhet egy leny\u0171g\u00f6z\u0151 t\u00f6rt\u00e9nelmet \u00e9s kult\u00far\u00e1t, amely kieg\u00e9sz\u00edti mag\u00e1nak a nyelvnek a gazdags\u00e1g\u00e1t. B\u00e1r a lengyel nyelvtan bonyolultnak t\u0171nhet, kezelhet\u0151 elemekre bontva hozz\u00e1f\u00e9rhet\u0151bb\u00e9 teszi a tanul\u00e1si folyamatot. Ennek [&hellip;]<\/p>\n","protected":false},"author":1,"featured_media":117700,"parent":0,"menu_order":0,"comment_status":"closed","ping_status":"closed","template":"LearningContentPage.php","meta":{"_acf_changed":false,"footnotes":""},"class_list":["post-149023","page","type-page","status-publish","has-post-thumbnail","hentry"],"acf":[],"yoast_head":"<!-- This site is optimized with the Yoast SEO Premium plugin v27.2 (Yoast SEO v27.2) - https:\/\/yoast.com\/product\/yoast-seo-premium-wordpress\/ -->\n<title>Lengyel nyelvtan - Talkpal<\/title>\n<meta name=\"description\" content=\"Saj\u00e1t\u00edtsa el a lengyel nyelvtant minden tanul\u00e1si szintre tervezett interakt\u00edv gyakorlatokkal. N\u00f6velje lengyel nyelvtud\u00e1s\u00e1t!\" \/>\n<meta name=\"robots\" content=\"index, follow, max-snippet:-1, max-image-preview:large, max-video-preview:-1\" \/>\n<link rel=\"canonical\" href=\"https:\/\/talkpal.ai\/hu\/lengyel-nyelvtan\/\" \/>\n<meta property=\"og:locale\" content=\"hu_HU\" \/>\n<meta property=\"og:type\" content=\"article\" \/>\n<meta property=\"og:title\" content=\"Lengyel nyelvtan\" \/>\n<meta property=\"og:description\" content=\"A lengyel nyelvtan rejtv\u00e9ny\u00e9nek lebont\u00e1sa A lengyel, egy szl\u00e1v nyelv, egyszerre kih\u00edv\u00e1st jelent \u00e9s kifizet\u0151d\u0151 az egyed\u00fcl\u00e1ll\u00f3 nyelvi kalandot keres\u0151\" \/>\n<meta property=\"og:url\" content=\"https:\/\/talkpal.ai\/hu\/lengyel-nyelvtan\/\" \/>\n<meta property=\"og:site_name\" content=\"Talkpal\" \/>\n<meta property=\"article:publisher\" content=\"https:\/\/www.facebook.com\/profile.php?id=100090733639311\" \/>\n<meta property=\"article:modified_time\" content=\"2025-12-17T17:35:09+00:00\" \/>\n<meta property=\"og:image\" content=\"https:\/\/talkpal.ai\/wp-content\/uploads\/2023\/05\/poland.png\" \/>\n\t<meta property=\"og:image:width\" content=\"512\" \/>\n\t<meta property=\"og:image:height\" content=\"512\" \/>\n\t<meta property=\"og:image:type\" content=\"image\/png\" \/>\n<meta name=\"twitter:card\" content=\"summary_large_image\" \/>\n<meta name=\"twitter:site\" content=\"@talkpalai\" \/>\n<meta name=\"twitter:label1\" content=\"Becs\u00fclt olvas\u00e1si id\u0151\" \/>\n\t<meta name=\"twitter:data1\" content=\"3 perc\" \/>\n<script type=\"application\/ld+json\" class=\"yoast-schema-graph\">{\"@context\":\"https:\/\/schema.org\",\"@graph\":[{\"@type\":\"WebPage\",\"@id\":\"https:\/\/talkpal.ai\/hu\/lengyel-nyelvtan\/\",\"url\":\"https:\/\/talkpal.ai\/hu\/lengyel-nyelvtan\/\",\"name\":\"Lengyel nyelvtan - Talkpal\",\"isPartOf\":{\"@id\":\"https:\/\/talkpal.ai\/hu\/#website\"},\"primaryImageOfPage\":{\"@id\":\"https:\/\/talkpal.ai\/hu\/lengyel-nyelvtan\/#primaryimage\"},\"image\":{\"@id\":\"https:\/\/talkpal.ai\/hu\/lengyel-nyelvtan\/#primaryimage\"},\"thumbnailUrl\":\"https:\/\/talkpal.ai\/wp-content\/uploads\/2023\/05\/poland.png\",\"datePublished\":\"2023-05-14T14:18:46+00:00\",\"dateModified\":\"2025-12-17T17:35:09+00:00\",\"description\":\"Saj\u00e1t\u00edtsa el a lengyel nyelvtant minden tanul\u00e1si szintre tervezett interakt\u00edv gyakorlatokkal. N\u00f6velje lengyel nyelvtud\u00e1s\u00e1t!\",\"breadcrumb\":{\"@id\":\"https:\/\/talkpal.ai\/hu\/lengyel-nyelvtan\/#breadcrumb\"},\"inLanguage\":\"hu\",\"potentialAction\":[{\"@type\":\"ReadAction\",\"target\":[\"https:\/\/talkpal.ai\/hu\/lengyel-nyelvtan\/\"]}]},{\"@type\":\"ImageObject\",\"inLanguage\":\"hu\",\"@id\":\"https:\/\/talkpal.ai\/hu\/lengyel-nyelvtan\/#primaryimage\",\"url\":\"https:\/\/talkpal.ai\/wp-content\/uploads\/2023\/05\/poland.png\",\"contentUrl\":\"https:\/\/talkpal.ai\/wp-content\/uploads\/2023\/05\/poland.png\",\"width\":512,\"height\":512},{\"@type\":\"BreadcrumbList\",\"@id\":\"https:\/\/talkpal.ai\/hu\/lengyel-nyelvtan\/#breadcrumb\",\"itemListElement\":[{\"@type\":\"ListItem\",\"position\":1,\"name\":\"Homepage\",\"item\":\"https:\/\/talkpal.ai\/hu\/\"},{\"@type\":\"ListItem\",\"position\":2,\"name\":\"Lengyel nyelvtan\"}]},{\"@type\":\"WebSite\",\"@id\":\"https:\/\/talkpal.ai\/hu\/#website\",\"url\":\"https:\/\/talkpal.ai\/hu\/\",\"name\":\"Talkpal\",\"description\":\"AI Language Learning\",\"publisher\":{\"@id\":\"https:\/\/talkpal.ai\/hu\/#organization\"},\"alternateName\":\"Talkpal AI\",\"potentialAction\":[{\"@type\":\"SearchAction\",\"target\":{\"@type\":\"EntryPoint\",\"urlTemplate\":\"https:\/\/talkpal.ai\/hu\/?s={search_term_string}\"},\"query-input\":{\"@type\":\"PropertyValueSpecification\",\"valueRequired\":true,\"valueName\":\"search_term_string\"}}],\"inLanguage\":\"hu\"},{\"@type\":\"Organization\",\"@id\":\"https:\/\/talkpal.ai\/hu\/#organization\",\"name\":\"Talkpal, Inc.\",\"alternateName\":\"Talkpal AI\",\"url\":\"https:\/\/talkpal.ai\/hu\/\",\"logo\":{\"@type\":\"ImageObject\",\"inLanguage\":\"hu\",\"@id\":\"https:\/\/talkpal.ai\/hu\/#\/schema\/logo\/image\/\",\"url\":\"https:\/\/talkpal.ai\/wp-content\/uploads\/2024\/03\/Talkpal-Logo-Icon.png\",\"contentUrl\":\"https:\/\/talkpal.ai\/wp-content\/uploads\/2024\/03\/Talkpal-Logo-Icon.png\",\"width\":2880,\"height\":2880,\"caption\":\"Talkpal, Inc.\"},\"image\":{\"@id\":\"https:\/\/talkpal.ai\/hu\/#\/schema\/logo\/image\/\"},\"sameAs\":[\"https:\/\/www.facebook.com\/profile.php?id=100090733639311\",\"https:\/\/x.com\/talkpalai\",\"https:\/\/www.linkedin.com\/company\/talkpal\/\",\"https:\/\/www.youtube.com\/@TalkPal\/\",\"https:\/\/www.tiktok.com\/@talkpal\",\"https:\/\/www.instagram.com\/talkpal_ai\/\",\"https:\/\/www.crunchbase.com\/organization\/talkpal-9cde\",\"https:\/\/www.g2.com\/products\/talkpal-for-business\/\",\"https:\/\/www.trustpilot.com\/review\/talkpal.ai\",\"https:\/\/www.capterra.com\/p\/10006800\/TalkPal\/\"],\"description\":\"Talkpal is a language learning web and mobile education app, powered by the latest AI technologies, that provides engaging experiences to its customers in many different languages to help them improve their language skills. Users can chat about unlimited amount of topics with the app and use other modes to practice their language learning.\",\"email\":\"support@talkpal.ai\",\"legalName\":\"Talkpal, Inc.\",\"foundingDate\":\"2023-04-03\",\"duns\":\"118989042\",\"numberOfEmployees\":{\"@type\":\"QuantitativeValue\",\"minValue\":\"11\",\"maxValue\":\"50\"},\"publishingPrinciples\":\"https:\/\/talkpal.ai\/publishing-principles\/\",\"actionableFeedbackPolicy\":\"https:\/\/talkpal.ai\/actionable-feedback-policy\/\",\"correctionsPolicy\":\"https:\/\/talkpal.ai\/corrections-policy\/\",\"ethicsPolicy\":\"https:\/\/talkpal.ai\/ethics-policy\/\",\"diversityPolicy\":\"https:\/\/talkpal.ai\/diversity-policy\/\",\"diversityStaffingReport\":\"https:\/\/talkpal.ai\/diversity-policy\/\"}]}<\/script>\n<!-- \/ Yoast SEO Premium plugin. -->","yoast_head_json":{"title":"Lengyel nyelvtan - Talkpal","description":"Saj\u00e1t\u00edtsa el a lengyel nyelvtant minden tanul\u00e1si szintre tervezett interakt\u00edv gyakorlatokkal. N\u00f6velje lengyel nyelvtud\u00e1s\u00e1t!","robots":{"index":"index","follow":"follow","max-snippet":"max-snippet:-1","max-image-preview":"max-image-preview:large","max-video-preview":"max-video-preview:-1"},"canonical":"https:\/\/talkpal.ai\/hu\/lengyel-nyelvtan\/","og_locale":"hu_HU","og_type":"article","og_title":"Lengyel nyelvtan","og_description":"A lengyel nyelvtan rejtv\u00e9ny\u00e9nek lebont\u00e1sa A lengyel, egy szl\u00e1v nyelv, egyszerre kih\u00edv\u00e1st jelent \u00e9s kifizet\u0151d\u0151 az egyed\u00fcl\u00e1ll\u00f3 nyelvi kalandot keres\u0151","og_url":"https:\/\/talkpal.ai\/hu\/lengyel-nyelvtan\/","og_site_name":"Talkpal","article_publisher":"https:\/\/www.facebook.com\/profile.php?id=100090733639311","article_modified_time":"2025-12-17T17:35:09+00:00","og_image":[{"width":512,"height":512,"url":"https:\/\/talkpal.ai\/wp-content\/uploads\/2023\/05\/poland.png","type":"image\/png"}],"twitter_card":"summary_large_image","twitter_site":"@talkpalai","twitter_misc":{"Becs\u00fclt olvas\u00e1si id\u0151":"3 perc"},"schema":{"@context":"https:\/\/schema.org","@graph":[{"@type":"WebPage","@id":"https:\/\/talkpal.ai\/hu\/lengyel-nyelvtan\/","url":"https:\/\/talkpal.ai\/hu\/lengyel-nyelvtan\/","name":"Lengyel nyelvtan - Talkpal","isPartOf":{"@id":"https:\/\/talkpal.ai\/hu\/#website"},"primaryImageOfPage":{"@id":"https:\/\/talkpal.ai\/hu\/lengyel-nyelvtan\/#primaryimage"},"image":{"@id":"https:\/\/talkpal.ai\/hu\/lengyel-nyelvtan\/#primaryimage"},"thumbnailUrl":"https:\/\/talkpal.ai\/wp-content\/uploads\/2023\/05\/poland.png","datePublished":"2023-05-14T14:18:46+00:00","dateModified":"2025-12-17T17:35:09+00:00","description":"Saj\u00e1t\u00edtsa el a lengyel nyelvtant minden tanul\u00e1si szintre tervezett interakt\u00edv gyakorlatokkal. N\u00f6velje lengyel nyelvtud\u00e1s\u00e1t!","breadcrumb":{"@id":"https:\/\/talkpal.ai\/hu\/lengyel-nyelvtan\/#breadcrumb"},"inLanguage":"hu","potentialAction":[{"@type":"ReadAction","target":["https:\/\/talkpal.ai\/hu\/lengyel-nyelvtan\/"]}]},{"@type":"ImageObject","inLanguage":"hu","@id":"https:\/\/talkpal.ai\/hu\/lengyel-nyelvtan\/#primaryimage","url":"https:\/\/talkpal.ai\/wp-content\/uploads\/2023\/05\/poland.png","contentUrl":"https:\/\/talkpal.ai\/wp-content\/uploads\/2023\/05\/poland.png","width":512,"height":512},{"@type":"BreadcrumbList","@id":"https:\/\/talkpal.ai\/hu\/lengyel-nyelvtan\/#breadcrumb","itemListElement":[{"@type":"ListItem","position":1,"name":"Homepage","item":"https:\/\/talkpal.ai\/hu\/"},{"@type":"ListItem","position":2,"name":"Lengyel nyelvtan"}]},{"@type":"WebSite","@id":"https:\/\/talkpal.ai\/hu\/#website","url":"https:\/\/talkpal.ai\/hu\/","name":"Talkpal","description":"AI Language Learning","publisher":{"@id":"https:\/\/talkpal.ai\/hu\/#organization"},"alternateName":"Talkpal AI","potentialAction":[{"@type":"SearchAction","target":{"@type":"EntryPoint","urlTemplate":"https:\/\/talkpal.ai\/hu\/?s={search_term_string}"},"query-input":{"@type":"PropertyValueSpecification","valueRequired":true,"valueName":"search_term_string"}}],"inLanguage":"hu"},{"@type":"Organization","@id":"https:\/\/talkpal.ai\/hu\/#organization","name":"Talkpal, Inc.","alternateName":"Talkpal AI","url":"https:\/\/talkpal.ai\/hu\/","logo":{"@type":"ImageObject","inLanguage":"hu","@id":"https:\/\/talkpal.ai\/hu\/#\/schema\/logo\/image\/","url":"https:\/\/talkpal.ai\/wp-content\/uploads\/2024\/03\/Talkpal-Logo-Icon.png","contentUrl":"https:\/\/talkpal.ai\/wp-content\/uploads\/2024\/03\/Talkpal-Logo-Icon.png","width":2880,"height":2880,"caption":"Talkpal, Inc."},"image":{"@id":"https:\/\/talkpal.ai\/hu\/#\/schema\/logo\/image\/"},"sameAs":["https:\/\/www.facebook.com\/profile.php?id=100090733639311","https:\/\/x.com\/talkpalai","https:\/\/www.linkedin.com\/company\/talkpal\/","https:\/\/www.youtube.com\/@TalkPal\/","https:\/\/www.tiktok.com\/@talkpal","https:\/\/www.instagram.com\/talkpal_ai\/","https:\/\/www.crunchbase.com\/organization\/talkpal-9cde","https:\/\/www.g2.com\/products\/talkpal-for-business\/","https:\/\/www.trustpilot.com\/review\/talkpal.ai","https:\/\/www.capterra.com\/p\/10006800\/TalkPal\/"],"description":"Talkpal is a language learning web and mobile education app, powered by the latest AI technologies, that provides engaging experiences to its customers in many different languages to help them improve their language skills. Users can chat about unlimited amount of topics with the app and use other modes to practice their language learning.","email":"support@talkpal.ai","legalName":"Talkpal, Inc.","foundingDate":"2023-04-03","duns":"118989042","numberOfEmployees":{"@type":"QuantitativeValue","minValue":"11","maxValue":"50"},"publishingPrinciples":"https:\/\/talkpal.ai\/publishing-principles\/","actionableFeedbackPolicy":"https:\/\/talkpal.ai\/actionable-feedback-policy\/","correctionsPolicy":"https:\/\/talkpal.ai\/corrections-policy\/","ethicsPolicy":"https:\/\/talkpal.ai\/ethics-policy\/","diversityPolicy":"https:\/\/talkpal.ai\/diversity-policy\/","diversityStaffingReport":"https:\/\/talkpal.ai\/diversity-policy\/"}]}},"_links":{"self":[{"href":"https:\/\/talkpal.ai\/hu\/wp-json\/wp\/v2\/pages\/149023","targetHints":{"allow":["GET"]}}],"collection":[{"href":"https:\/\/talkpal.ai\/hu\/wp-json\/wp\/v2\/pages"}],"about":[{"href":"https:\/\/talkpal.ai\/hu\/wp-json\/wp\/v2\/types\/page"}],"author":[{"embeddable":true,"href":"https:\/\/talkpal.ai\/hu\/wp-json\/wp\/v2\/users\/1"}],"replies":[{"embeddable":true,"href":"https:\/\/talkpal.ai\/hu\/wp-json\/wp\/v2\/comments?post=149023"}],"version-history":[{"count":0,"href":"https:\/\/talkpal.ai\/hu\/wp-json\/wp\/v2\/pages\/149023\/revisions"}],"wp:featuredmedia":[{"embeddable":true,"href":"https:\/\/talkpal.ai\/hu\/wp-json\/wp\/v2\/media\/117700"}],"wp:attachment":[{"href":"https:\/\/talkpal.ai\/hu\/wp-json\/wp\/v2\/media?parent=149023"}],"curies":[{"name":"wp","href":"https:\/\/api.w.org\/{rel}","templated":true}]}}