{"id":148701,"date":"2023-05-14T14:18:22","date_gmt":"2023-05-14T14:18:22","guid":{"rendered":"http:\/\/talkpal.ai\/perzsa-nyelvtan\/"},"modified":"2025-12-12T10:36:03","modified_gmt":"2025-12-12T10:36:03","slug":"perzsa-nyelvtan","status":"publish","type":"page","link":"https:\/\/talkpal.ai\/hu\/perzsa-nyelvtan\/","title":{"rendered":"Perzsa nyelvtan"},"content":{"rendered":"\r\n\r\n\r\n<section class=\"languageChallengeSection\">\r\n    <div class=\"languageInfoWrapper\">\r\n        \r\n        <h1>Perzsa nyelvtan<\/h1>\r\n        <p>K\u00edv\u00e1ncsi a <a href=\"https:\/\/talkpal.ai\/learn-persian\/\">perzsa<\/a> nyelvre? Fedezze fel a perzsa nyelvtant, amely egyszer\u0171s\u00e9g\u00e9r\u0151l h\u00edres &#8211; nincsenek f\u0151n\u00e9vi nemek, egyszer\u0171 igeid\u0151k \u00e9s rugalmas mondatszerkezet teszi \u00fcd\u00edt\u0151en hozz\u00e1f\u00e9rhet\u0151v\u00e9. Kezdje el a perzsa kalandot m\u00e9g ma &#8211; a <a href=\"https:\/\/talkpal.ai\/grammar\/\">nyelvtan<\/a> elsaj\u00e1t\u00edt\u00e1sa \u00faj kommunik\u00e1ci\u00f3s lehet\u0151s\u00e9geket nyit meg, \u00e9s elmer\u00fcl Ir\u00e1n gazdag k\u00f6lt\u00e9szet\u00e9ben \u00e9s kult\u00far\u00e1j\u00e1ban!<\/p>\r\n\r\n                            <a class=\"getStartedHidden\" href=\"https:\/\/app.talkpal.ai\/hu\/signup?lng=\">Kezdj\u00fck<\/a>\r\n        \r\n    <\/div>\r\n\r\n    <figure>\r\n    <img decoding=\"async\" width=\"768\" height=\"768\" src=\"https:\/\/talkpal.ai\/wp-content\/uploads\/2023\/06\/persian-768x768.png\" class=\"languageImage no-lazy\" alt=\"Language learning to comprehend global news\" fetchpriority=\"high\" sizes=\"(max-width: 768px) 150px, 768px\" srcset=\"https:\/\/talkpal.ai\/wp-content\/uploads\/2023\/06\/persian-768x768.png 768w, https:\/\/talkpal.ai\/wp-content\/uploads\/2023\/06\/persian-300x300.png 300w\" \/>\r\n    \r\n\r\n    <\/figure>\r\n\r\n            <a class=\"getStartedVisible\" href=\"https:\/\/app.talkpal.ai\/hu\/signup?lng=\">Kezdj\u00fck<\/a>\r\n    \r\n<\/section>\r\n<section class=\"promotionalBanner\">\r\n    <p class=\"promotionalText\">A nyelvtanul\u00e1s leghat\u00e9konyabb m\u00f3dja<\/p>\r\n    <a class=\"promotionalLink\" href=\"https:\/\/app.talkpal.ai\/hu\/signup?lng=\">Pr\u00f3b\u00e1lja ki a Talkpal ingyen<\/a>\r\n<\/section>\n<div class=\"wp-block-group pageContainerStyle\"><div class=\"wp-block-group__inner-container is-layout-constrained wp-block-group-is-layout-constrained\">\n<h2 class=\"wp-block-heading\" id=\"h-mastering-persian-grammar-your-ultimate-guide\">A perzsa nyelvtan elsaj\u00e1t\u00edt\u00e1sa: a v\u00e9gs\u0151 \u00fatmutat\u00f3<\/h2>\n\n\n\n<p>Salam, <a href=\"https:\/\/talkpal.ai\/talkpal-discount-for-language-enthusiasts\/\">nyelvrajong\u00f3k<\/a>! K\u00e9szen \u00e1llsz arra, hogy \u00fatra kelj a <a href=\"https:\/\/talkpal.ai\/persian-grammar\/\">perzsa nyelvtan<\/a> vil\u00e1g\u00e1ba? A legjobb helyre j\u00f6tt\u00e9l. K\u00f6nnyen \u00e9rthet\u0151 inform\u00e1ci\u00f3kkal \u00e9s t\u00e1rsalg\u00e1si hangv\u00e9tellel ez a cikk v\u00e9gigvezeti \u00d6nt a perzsa nyelvtan mag\u00e1val ragad\u00f3 birodalm\u00e1n. Hamarosan k\u00e9pes leszel mondatokat alkotni \u00e9s \u00e9rtelmes besz\u00e9lget\u00e9seket folytatni anyanyelvi besz\u00e9l\u0151kkel. Teh\u00e1t, kezdj\u00fck el felt\u00e1rni a perzsa nyelvtan titkait!<\/p>\n\n\n\n<p><strong>De el\u0151sz\u00f6r is, mi\u00e9rt perzsa nyelvtan?<\/strong><\/p>\n\n\n\n<p>Ha perzs\u00e1ul tanulsz, a nyelvtani alapismeretek elengedhetetlenek ahhoz, hogy foly\u00e9konyan besz\u00e9lj, olvass \u00e9s \u00edrj. B\u00e1r a perzsa nyelvtan kezdetben bonyolultnak t\u0171nhet, megk\u00f6zel\u00edthet\u0151bb\u00e9 v\u00e1lik, ha kisebb, kezelhet\u0151bb szegmensekre bontja. Teh\u00e1t, kezdj\u00fck el az utat a perzsa nyelvtan elsaj\u00e1t\u00edt\u00e1s\u00e1hoz!<\/p>\n\n\n\n<h3 class=\"wp-block-heading\" id=\"h-1-nouns-gender-and-number\">1. F\u0151nevek, nem \u00e9s sz\u00e1m<\/h3>\n\n\n\n<p>A perzsa nyelvben a f\u0151neveknek nincs nem\u00fck, <a href=\"https:\/\/talkpal.ai\/locations\/language-courses-in-ami\/\">ami<\/a> egyszer\u0171bb, mint sok m\u00e1s nyelvben. A f\u0151nevek egyes sz\u00e1m\u00fa alakja v\u00e1ltozatlan marad, m\u00edg a t\u00f6bbes sz\u00e1m\u00fa alak jellemz\u0151en &#8222;-\u0647\u0627&#8221; vagy &#8222;-\u0627\u0646&#8221; v\u00e9gz\u0151d\u00e9s\u0171. P\u00e9ld\u00e1ul:<\/p>\n\n\n\n<p>&#8211; \u06a9\u062a\u0627\u0628 (ket\u0101b &#8211; k\u00f6nyv)<\/p>\n\n\n\n<p>&#8211; \u06a9\u062a\u0627\u0628\u0647\u0627 (ket\u0101b-h\u0101 &#8211; k\u00f6nyvek)<\/p>\n\n\n\n<h3 class=\"wp-block-heading\" id=\"h-2-adjectives-agreement-and-definite-articles\">2. Mell\u00e9knevek, meg\u00e1llapod\u00e1s \u00e9s hat\u00e1rozott n\u00e9vel\u0151k<\/h3>\n\n\n\n<p>A mell\u00e9knevek a perzsa nyelvben \u00e1ltal\u00e1ban az \u00e1ltaluk m\u00f3dos\u00edtott f\u0151n\u00e9v ut\u00e1n k\u00f6vetkeznek, \u00e9s nem kell, hogy nemben vagy sz\u00e1mban megegyezzenek. P\u00e9ld\u00e1ul:<\/p>\n\n\n\n<p><strong>&#8211; \u062e\u0627\u0646\u0647 \u0628\u0632\u0631\u06af (kh\u0101ne bozorg &#8211; nagy h\u00e1z)<\/strong><\/p>\n\n\n\n<p><strong>&#8211; \u0645\u0646\u0632\u0644 \u06a9\u0648\u0686\u06a9 (manzel kuchak &#8211; kis h\u00e1z)<\/strong><\/p>\n\n\n\n<p>A perzsa nyelvben nincs hat\u00e1rozott n\u00e9vel\u0151, de a hat\u00e1rozatlan n\u00e9vel\u0151 &#8222;-\u06cc&#8221; (i) ut\u00f3taggal eg\u00e9sz\u00fcl ki az egyes sz\u00e1m\u00fa szavakhoz.<\/p>\n\n\n\n<h3 class=\"wp-block-heading\" id=\"h-3-verbs-tense-and-conjugation\">3. Ig\u00e9k, igeid\u0151 \u00e9s ragoz\u00e1s<\/h3>\n\n\n\n<p>A perzsa ig\u00e9k kritikus szerepet j\u00e1tszanak a nyelvtanban, \u00e9s elengedhetetlenek a mondatok fel\u00e9p\u00edt\u00e9s\u00e9hez. <a href=\"https:\/\/talkpal.ai\/locations\/language-courses-in-minden\/\">Minden<\/a> ig\u00e9nek van egy gy\u00f6kere, amely k\u00fcl\u00f6nb\u00f6z\u0151 el\u0151tagokkal \u00e9s ut\u00f3tagokkal kombin\u00e1l\u00f3dik, hogy jelezze a fesz\u00fclts\u00e9get \u00e9s az egyet\u00e9rt\u00e9st a t\u00e9m\u00e1val.<\/p>\n\n\n\n<p>R\u00f6vid \u00e1ttekint\u00e9sk\u00e9ppen besz\u00e9lj\u00fcnk a jelen idej\u0171 szab\u00e1lyos ig\u00e9kr\u0151l:<\/p>\n\n\n\n<p><strong>&#8211; \u0645\u0646 \u0645\u06cc\u062e\u0648\u0627\u0646\u0645 (man mikh\u0101nam &#8211; olvasom)<\/strong><\/p>\n\n\n\n<p><strong>&#8211; \u062a\u0648 \u0645\u06cc\u062e\u0648\u0627\u0646\u06cc (to mikh\u0101ni &#8211; olvassa, inform\u00e1lis)<\/strong><\/p>\n\n\n\n<p><strong>&#8211; \u0627\u0648 \u0645\u06cc\u062e\u0648\u0627\u0646\u062f (u mikh\u0101nad &#8211; olvassa)<\/strong><\/p>\n\n\n\n<p>Ne feledje, ez csak a kezdet! K\u00fcl\u00f6nb\u00f6z\u0151 m\u00e1s igeid\u0151kkel, szab\u00e1lytalan ig\u00e9kkel \u00e9s bonyolults\u00e1gokkal fog tal\u00e1lkozni, amikor m\u00e9lyebbre mer\u00fcl a perzsa nyelvtanban.<\/p>\n\n\n\n<h3 class=\"wp-block-heading\" id=\"h-4-pronouns-prepositions-and-more\">4. N\u00e9vm\u00e1sok, el\u00f6lj\u00e1r\u00f3szavak \u00e9s \u00edgy tov\u00e1bb!<\/h3>\n\n\n\n<p>A perzsa nyelvtan m\u00e1s \u00f6sszetev\u0151ket is mag\u00e1ban foglal, mint p\u00e9ld\u00e1ul a n\u00e9vm\u00e1sok (\u0645\u0646, \u062a\u0648, \u0627\u0648 stb.), a prepoz\u00edci\u00f3k (\u0628\u0647, \u0627\u0632, \u062f\u0631 stb.) \u00e9s az idiomatikus kifejez\u00e9sek. Az egyes elemek l\u00e9p\u00e9sr\u0151l l\u00e9p\u00e9sre t\u00f6rt\u00e9n\u0151 elsaj\u00e1t\u00edt\u00e1sa a kulcs a perzsa nyelv \u00e1tfog\u00f3 foly\u00e9kony elsaj\u00e1t\u00edt\u00e1s\u00e1hoz.<\/p>\n\n\n\n<p>\u00d6sszefoglalva, a perzsa nyelvtan elsaj\u00e1t\u00edt\u00e1s\u00e1hoz nincs r\u00f6vid\u00edtett \u00fat. Kitart\u00e1st, gyakorlatot \u00e9s t\u00fcrelmet ig\u00e9nyel. Ha azonban egyszer meg\u00e9rti a nyelv bonyolults\u00e1g\u00e1t, akkor j\u00f3l felk\u00e9sz\u00fclt lesz arra, hogy \u00e9rt\u00e9kelje a perzsa nyelv\u0171 t\u00e1rsalg\u00e1s \u00e1rnyalatait, felfedezze a perzsa nyelv\u0171 r\u00e9gi\u00f3k gazdag kult\u00far\u00e1j\u00e1t \u00e9s t\u00f6rt\u00e9nelm\u00e9t, \u00e9s elm\u00e9ly\u00edtse a nyelv ir\u00e1nti szeretet\u00e9t. \u0645\u0648\u0641\u0642 \u0628\u0627\u0634\u06cc\u062f (movaffagh b\u0101shid &#8211; sok szerencs\u00e9t)!<\/p>\n<\/div><\/div>\n\r\n<section class=\"learnNavigationSection\">\r\n            \r\n        <a href=\"https:\/\/talkpal.ai\/hu\/tanulj-perzsaul\/\">\r\n            <div class=\"learnNavigationWrapper\">\r\n                <div class=\"learnNavigationContent\">\r\n                    <img decoding=\"async\" src=\"https:\/\/talkpal.ai\/wp-content\/uploads\/2024\/08\/Persian.jpg\" alt=\"Persian Flag\">\r\n                    <div>\r\n                        <h4>A perzsa tanul\u00e1sr\u00f3l<\/h4>\r\n                        <p>Tudjon meg mindent a perzsa nyelvtanr\u00f3l.<\/p>\r\n                    <\/div>\r\n                <\/div>\r\n            <\/div>\r\n        <\/a>\r\n\r\n        \r\n        <a href=\"https:\/\/talkpal.ai\/hu\/perzsa-nyelvtani-gyakorlatok\/\">\r\n            <div class=\"learnNavigationWrapper\">\r\n                <div class=\"learnNavigationContent\">\r\n                    <img decoding=\"async\" src=\"https:\/\/talkpal.ai\/wp-content\/uploads\/2024\/08\/Persian.jpg\" alt=\"Persian Flag\">\r\n                    <div>\r\n                        <h4>Perzsa nyelvtani gyakorlat<\/h4>\r\n                        <p>Gyakorolja a perzsa nyelvtant.<\/p>\r\n                    <\/div>\r\n                <\/div>\r\n            <\/div>\r\n        <\/a>\r\n\r\n        \r\n        <a href=\"https:\/\/talkpal.ai\/vocabulary_language\/persian\/\">\r\n            <div class=\"learnNavigationWrapper\">\r\n                <div class=\"learnNavigationContent\">\r\n                    <img decoding=\"async\" src=\"https:\/\/talkpal.ai\/wp-content\/uploads\/2024\/08\/Persian.jpg\" alt=\"Persian Flag\">\r\n                    <div>\r\n                        <h4>Perzsa sz\u00f3kincs<\/h4>\r\n                        <p>B\u0151v\u00edtse perzsa sz\u00f3kincs\u00e9t.<\/p>\r\n                    <\/div>\r\n                <\/div>\r\n            <\/div>\r\n        <\/a>\r\n\r\n            <\/section>","protected":false},"excerpt":{"rendered":"<p>A perzsa nyelvtan elsaj\u00e1t\u00edt\u00e1sa: a v\u00e9gs\u0151 \u00fatmutat\u00f3 Salam, nyelvrajong\u00f3k! K\u00e9szen \u00e1llsz arra, hogy \u00fatra kelj a perzsa nyelvtan vil\u00e1g\u00e1ba? A legjobb helyre j\u00f6tt\u00e9l. K\u00f6nnyen \u00e9rthet\u0151 inform\u00e1ci\u00f3kkal \u00e9s t\u00e1rsalg\u00e1si hangv\u00e9tellel ez a cikk v\u00e9gigvezeti \u00d6nt a perzsa nyelvtan mag\u00e1val ragad\u00f3 birodalm\u00e1n. Hamarosan k\u00e9pes leszel mondatokat alkotni \u00e9s \u00e9rtelmes besz\u00e9lget\u00e9seket folytatni anyanyelvi besz\u00e9l\u0151kkel. Teh\u00e1t, kezdj\u00fck el felt\u00e1rni [&hellip;]<\/p>\n","protected":false},"author":1,"featured_media":117178,"parent":0,"menu_order":0,"comment_status":"closed","ping_status":"closed","template":"LearningContentPage.php","meta":{"_acf_changed":false,"footnotes":""},"class_list":["post-148701","page","type-page","status-publish","has-post-thumbnail","hentry"],"acf":[],"yoast_head":"<!-- This site is optimized with the Yoast SEO Premium plugin v27.2 (Yoast SEO v27.2) - https:\/\/yoast.com\/product\/yoast-seo-premium-wordpress\/ -->\n<title>Perzsa nyelvtan - Talkpal<\/title>\n<meta name=\"description\" content=\"Fedezze fel a perzsa nyelvtan fort\u00e9lyait a perzsa nyelv meg\u00e9rt\u00e9s\u00e9nek \u00e9s foly\u00e9kony elsaj\u00e1t\u00edt\u00e1s\u00e1nak jav\u00edt\u00e1sa \u00e9rdek\u00e9ben.\" \/>\n<meta name=\"robots\" content=\"index, follow, max-snippet:-1, max-image-preview:large, max-video-preview:-1\" \/>\n<link rel=\"canonical\" href=\"https:\/\/talkpal.ai\/hu\/perzsa-nyelvtan\/\" \/>\n<meta property=\"og:locale\" content=\"hu_HU\" \/>\n<meta property=\"og:type\" content=\"article\" \/>\n<meta property=\"og:title\" content=\"Perzsa nyelvtan\" \/>\n<meta property=\"og:description\" content=\"A perzsa nyelvtan elsaj\u00e1t\u00edt\u00e1sa: a v\u00e9gs\u0151 \u00fatmutat\u00f3 Salam, nyelvrajong\u00f3k! K\u00e9szen \u00e1llsz arra, hogy \u00fatra kelj a perzsa nyelvtan vil\u00e1g\u00e1ba? A legjobb helyre\" \/>\n<meta property=\"og:url\" content=\"https:\/\/talkpal.ai\/hu\/perzsa-nyelvtan\/\" \/>\n<meta property=\"og:site_name\" content=\"Talkpal\" \/>\n<meta property=\"article:publisher\" content=\"https:\/\/www.facebook.com\/profile.php?id=100090733639311\" \/>\n<meta property=\"article:modified_time\" content=\"2025-12-12T10:36:03+00:00\" \/>\n<meta property=\"og:image\" content=\"https:\/\/talkpal.ai\/wp-content\/uploads\/2023\/05\/Persian-iran.png\" \/>\n\t<meta property=\"og:image:width\" content=\"512\" \/>\n\t<meta property=\"og:image:height\" content=\"512\" \/>\n\t<meta property=\"og:image:type\" content=\"image\/png\" \/>\n<meta name=\"twitter:card\" content=\"summary_large_image\" \/>\n<meta name=\"twitter:site\" content=\"@talkpalai\" \/>\n<meta name=\"twitter:label1\" content=\"Becs\u00fclt olvas\u00e1si id\u0151\" \/>\n\t<meta name=\"twitter:data1\" content=\"3 perc\" \/>\n<script type=\"application\/ld+json\" class=\"yoast-schema-graph\">{\"@context\":\"https:\/\/schema.org\",\"@graph\":[{\"@type\":\"WebPage\",\"@id\":\"https:\/\/talkpal.ai\/hu\/perzsa-nyelvtan\/\",\"url\":\"https:\/\/talkpal.ai\/hu\/perzsa-nyelvtan\/\",\"name\":\"Perzsa nyelvtan - Talkpal\",\"isPartOf\":{\"@id\":\"https:\/\/talkpal.ai\/hu\/#website\"},\"primaryImageOfPage\":{\"@id\":\"https:\/\/talkpal.ai\/hu\/perzsa-nyelvtan\/#primaryimage\"},\"image\":{\"@id\":\"https:\/\/talkpal.ai\/hu\/perzsa-nyelvtan\/#primaryimage\"},\"thumbnailUrl\":\"https:\/\/talkpal.ai\/wp-content\/uploads\/2023\/05\/Persian-iran.png\",\"datePublished\":\"2023-05-14T14:18:22+00:00\",\"dateModified\":\"2025-12-12T10:36:03+00:00\",\"description\":\"Fedezze fel a perzsa nyelvtan fort\u00e9lyait a perzsa nyelv meg\u00e9rt\u00e9s\u00e9nek \u00e9s foly\u00e9kony elsaj\u00e1t\u00edt\u00e1s\u00e1nak jav\u00edt\u00e1sa \u00e9rdek\u00e9ben.\",\"breadcrumb\":{\"@id\":\"https:\/\/talkpal.ai\/hu\/perzsa-nyelvtan\/#breadcrumb\"},\"inLanguage\":\"hu\",\"potentialAction\":[{\"@type\":\"ReadAction\",\"target\":[\"https:\/\/talkpal.ai\/hu\/perzsa-nyelvtan\/\"]}]},{\"@type\":\"ImageObject\",\"inLanguage\":\"hu\",\"@id\":\"https:\/\/talkpal.ai\/hu\/perzsa-nyelvtan\/#primaryimage\",\"url\":\"https:\/\/talkpal.ai\/wp-content\/uploads\/2023\/05\/Persian-iran.png\",\"contentUrl\":\"https:\/\/talkpal.ai\/wp-content\/uploads\/2023\/05\/Persian-iran.png\",\"width\":512,\"height\":512},{\"@type\":\"BreadcrumbList\",\"@id\":\"https:\/\/talkpal.ai\/hu\/perzsa-nyelvtan\/#breadcrumb\",\"itemListElement\":[{\"@type\":\"ListItem\",\"position\":1,\"name\":\"Homepage\",\"item\":\"https:\/\/talkpal.ai\/hu\/\"},{\"@type\":\"ListItem\",\"position\":2,\"name\":\"Perzsa nyelvtan\"}]},{\"@type\":\"WebSite\",\"@id\":\"https:\/\/talkpal.ai\/hu\/#website\",\"url\":\"https:\/\/talkpal.ai\/hu\/\",\"name\":\"Talkpal\",\"description\":\"AI Language Learning\",\"publisher\":{\"@id\":\"https:\/\/talkpal.ai\/hu\/#organization\"},\"alternateName\":\"Talkpal AI\",\"potentialAction\":[{\"@type\":\"SearchAction\",\"target\":{\"@type\":\"EntryPoint\",\"urlTemplate\":\"https:\/\/talkpal.ai\/hu\/?s={search_term_string}\"},\"query-input\":{\"@type\":\"PropertyValueSpecification\",\"valueRequired\":true,\"valueName\":\"search_term_string\"}}],\"inLanguage\":\"hu\"},{\"@type\":\"Organization\",\"@id\":\"https:\/\/talkpal.ai\/hu\/#organization\",\"name\":\"Talkpal, Inc.\",\"alternateName\":\"Talkpal AI\",\"url\":\"https:\/\/talkpal.ai\/hu\/\",\"logo\":{\"@type\":\"ImageObject\",\"inLanguage\":\"hu\",\"@id\":\"https:\/\/talkpal.ai\/hu\/#\/schema\/logo\/image\/\",\"url\":\"https:\/\/talkpal.ai\/wp-content\/uploads\/2024\/03\/Talkpal-Logo-Icon.png\",\"contentUrl\":\"https:\/\/talkpal.ai\/wp-content\/uploads\/2024\/03\/Talkpal-Logo-Icon.png\",\"width\":2880,\"height\":2880,\"caption\":\"Talkpal, Inc.\"},\"image\":{\"@id\":\"https:\/\/talkpal.ai\/hu\/#\/schema\/logo\/image\/\"},\"sameAs\":[\"https:\/\/www.facebook.com\/profile.php?id=100090733639311\",\"https:\/\/x.com\/talkpalai\",\"https:\/\/www.linkedin.com\/company\/talkpal\/\",\"https:\/\/www.youtube.com\/@TalkPal\/\",\"https:\/\/www.tiktok.com\/@talkpal\",\"https:\/\/www.instagram.com\/talkpal_ai\/\",\"https:\/\/www.crunchbase.com\/organization\/talkpal-9cde\",\"https:\/\/www.g2.com\/products\/talkpal-for-business\/\",\"https:\/\/www.trustpilot.com\/review\/talkpal.ai\",\"https:\/\/www.capterra.com\/p\/10006800\/TalkPal\/\"],\"description\":\"Talkpal is a language learning web and mobile education app, powered by the latest AI technologies, that provides engaging experiences to its customers in many different languages to help them improve their language skills. Users can chat about unlimited amount of topics with the app and use other modes to practice their language learning.\",\"email\":\"support@talkpal.ai\",\"legalName\":\"Talkpal, Inc.\",\"foundingDate\":\"2023-04-03\",\"duns\":\"118989042\",\"numberOfEmployees\":{\"@type\":\"QuantitativeValue\",\"minValue\":\"11\",\"maxValue\":\"50\"},\"publishingPrinciples\":\"https:\/\/talkpal.ai\/publishing-principles\/\",\"actionableFeedbackPolicy\":\"https:\/\/talkpal.ai\/actionable-feedback-policy\/\",\"correctionsPolicy\":\"https:\/\/talkpal.ai\/corrections-policy\/\",\"ethicsPolicy\":\"https:\/\/talkpal.ai\/ethics-policy\/\",\"diversityPolicy\":\"https:\/\/talkpal.ai\/diversity-policy\/\",\"diversityStaffingReport\":\"https:\/\/talkpal.ai\/diversity-policy\/\"}]}<\/script>\n<!-- \/ Yoast SEO Premium plugin. -->","yoast_head_json":{"title":"Perzsa nyelvtan - Talkpal","description":"Fedezze fel a perzsa nyelvtan fort\u00e9lyait a perzsa nyelv meg\u00e9rt\u00e9s\u00e9nek \u00e9s foly\u00e9kony elsaj\u00e1t\u00edt\u00e1s\u00e1nak jav\u00edt\u00e1sa \u00e9rdek\u00e9ben.","robots":{"index":"index","follow":"follow","max-snippet":"max-snippet:-1","max-image-preview":"max-image-preview:large","max-video-preview":"max-video-preview:-1"},"canonical":"https:\/\/talkpal.ai\/hu\/perzsa-nyelvtan\/","og_locale":"hu_HU","og_type":"article","og_title":"Perzsa nyelvtan","og_description":"A perzsa nyelvtan elsaj\u00e1t\u00edt\u00e1sa: a v\u00e9gs\u0151 \u00fatmutat\u00f3 Salam, nyelvrajong\u00f3k! K\u00e9szen \u00e1llsz arra, hogy \u00fatra kelj a perzsa nyelvtan vil\u00e1g\u00e1ba? A legjobb helyre","og_url":"https:\/\/talkpal.ai\/hu\/perzsa-nyelvtan\/","og_site_name":"Talkpal","article_publisher":"https:\/\/www.facebook.com\/profile.php?id=100090733639311","article_modified_time":"2025-12-12T10:36:03+00:00","og_image":[{"width":512,"height":512,"url":"https:\/\/talkpal.ai\/wp-content\/uploads\/2023\/05\/Persian-iran.png","type":"image\/png"}],"twitter_card":"summary_large_image","twitter_site":"@talkpalai","twitter_misc":{"Becs\u00fclt olvas\u00e1si id\u0151":"3 perc"},"schema":{"@context":"https:\/\/schema.org","@graph":[{"@type":"WebPage","@id":"https:\/\/talkpal.ai\/hu\/perzsa-nyelvtan\/","url":"https:\/\/talkpal.ai\/hu\/perzsa-nyelvtan\/","name":"Perzsa nyelvtan - Talkpal","isPartOf":{"@id":"https:\/\/talkpal.ai\/hu\/#website"},"primaryImageOfPage":{"@id":"https:\/\/talkpal.ai\/hu\/perzsa-nyelvtan\/#primaryimage"},"image":{"@id":"https:\/\/talkpal.ai\/hu\/perzsa-nyelvtan\/#primaryimage"},"thumbnailUrl":"https:\/\/talkpal.ai\/wp-content\/uploads\/2023\/05\/Persian-iran.png","datePublished":"2023-05-14T14:18:22+00:00","dateModified":"2025-12-12T10:36:03+00:00","description":"Fedezze fel a perzsa nyelvtan fort\u00e9lyait a perzsa nyelv meg\u00e9rt\u00e9s\u00e9nek \u00e9s foly\u00e9kony elsaj\u00e1t\u00edt\u00e1s\u00e1nak jav\u00edt\u00e1sa \u00e9rdek\u00e9ben.","breadcrumb":{"@id":"https:\/\/talkpal.ai\/hu\/perzsa-nyelvtan\/#breadcrumb"},"inLanguage":"hu","potentialAction":[{"@type":"ReadAction","target":["https:\/\/talkpal.ai\/hu\/perzsa-nyelvtan\/"]}]},{"@type":"ImageObject","inLanguage":"hu","@id":"https:\/\/talkpal.ai\/hu\/perzsa-nyelvtan\/#primaryimage","url":"https:\/\/talkpal.ai\/wp-content\/uploads\/2023\/05\/Persian-iran.png","contentUrl":"https:\/\/talkpal.ai\/wp-content\/uploads\/2023\/05\/Persian-iran.png","width":512,"height":512},{"@type":"BreadcrumbList","@id":"https:\/\/talkpal.ai\/hu\/perzsa-nyelvtan\/#breadcrumb","itemListElement":[{"@type":"ListItem","position":1,"name":"Homepage","item":"https:\/\/talkpal.ai\/hu\/"},{"@type":"ListItem","position":2,"name":"Perzsa nyelvtan"}]},{"@type":"WebSite","@id":"https:\/\/talkpal.ai\/hu\/#website","url":"https:\/\/talkpal.ai\/hu\/","name":"Talkpal","description":"AI Language Learning","publisher":{"@id":"https:\/\/talkpal.ai\/hu\/#organization"},"alternateName":"Talkpal AI","potentialAction":[{"@type":"SearchAction","target":{"@type":"EntryPoint","urlTemplate":"https:\/\/talkpal.ai\/hu\/?s={search_term_string}"},"query-input":{"@type":"PropertyValueSpecification","valueRequired":true,"valueName":"search_term_string"}}],"inLanguage":"hu"},{"@type":"Organization","@id":"https:\/\/talkpal.ai\/hu\/#organization","name":"Talkpal, Inc.","alternateName":"Talkpal AI","url":"https:\/\/talkpal.ai\/hu\/","logo":{"@type":"ImageObject","inLanguage":"hu","@id":"https:\/\/talkpal.ai\/hu\/#\/schema\/logo\/image\/","url":"https:\/\/talkpal.ai\/wp-content\/uploads\/2024\/03\/Talkpal-Logo-Icon.png","contentUrl":"https:\/\/talkpal.ai\/wp-content\/uploads\/2024\/03\/Talkpal-Logo-Icon.png","width":2880,"height":2880,"caption":"Talkpal, Inc."},"image":{"@id":"https:\/\/talkpal.ai\/hu\/#\/schema\/logo\/image\/"},"sameAs":["https:\/\/www.facebook.com\/profile.php?id=100090733639311","https:\/\/x.com\/talkpalai","https:\/\/www.linkedin.com\/company\/talkpal\/","https:\/\/www.youtube.com\/@TalkPal\/","https:\/\/www.tiktok.com\/@talkpal","https:\/\/www.instagram.com\/talkpal_ai\/","https:\/\/www.crunchbase.com\/organization\/talkpal-9cde","https:\/\/www.g2.com\/products\/talkpal-for-business\/","https:\/\/www.trustpilot.com\/review\/talkpal.ai","https:\/\/www.capterra.com\/p\/10006800\/TalkPal\/"],"description":"Talkpal is a language learning web and mobile education app, powered by the latest AI technologies, that provides engaging experiences to its customers in many different languages to help them improve their language skills. Users can chat about unlimited amount of topics with the app and use other modes to practice their language learning.","email":"support@talkpal.ai","legalName":"Talkpal, Inc.","foundingDate":"2023-04-03","duns":"118989042","numberOfEmployees":{"@type":"QuantitativeValue","minValue":"11","maxValue":"50"},"publishingPrinciples":"https:\/\/talkpal.ai\/publishing-principles\/","actionableFeedbackPolicy":"https:\/\/talkpal.ai\/actionable-feedback-policy\/","correctionsPolicy":"https:\/\/talkpal.ai\/corrections-policy\/","ethicsPolicy":"https:\/\/talkpal.ai\/ethics-policy\/","diversityPolicy":"https:\/\/talkpal.ai\/diversity-policy\/","diversityStaffingReport":"https:\/\/talkpal.ai\/diversity-policy\/"}]}},"_links":{"self":[{"href":"https:\/\/talkpal.ai\/hu\/wp-json\/wp\/v2\/pages\/148701","targetHints":{"allow":["GET"]}}],"collection":[{"href":"https:\/\/talkpal.ai\/hu\/wp-json\/wp\/v2\/pages"}],"about":[{"href":"https:\/\/talkpal.ai\/hu\/wp-json\/wp\/v2\/types\/page"}],"author":[{"embeddable":true,"href":"https:\/\/talkpal.ai\/hu\/wp-json\/wp\/v2\/users\/1"}],"replies":[{"embeddable":true,"href":"https:\/\/talkpal.ai\/hu\/wp-json\/wp\/v2\/comments?post=148701"}],"version-history":[{"count":0,"href":"https:\/\/talkpal.ai\/hu\/wp-json\/wp\/v2\/pages\/148701\/revisions"}],"wp:featuredmedia":[{"embeddable":true,"href":"https:\/\/talkpal.ai\/hu\/wp-json\/wp\/v2\/media\/117178"}],"wp:attachment":[{"href":"https:\/\/talkpal.ai\/hu\/wp-json\/wp\/v2\/media?parent=148701"}],"curies":[{"name":"wp","href":"https:\/\/api.w.org\/{rel}","templated":true}]}}