{"id":148411,"date":"2023-05-14T14:13:06","date_gmt":"2023-05-14T14:13:06","guid":{"rendered":"http:\/\/talkpal.ai\/norveg-nyelvtan\/"},"modified":"2025-12-17T17:36:18","modified_gmt":"2025-12-17T17:36:18","slug":"norveg-nyelvtan","status":"publish","type":"page","link":"https:\/\/talkpal.ai\/hu\/norveg-nyelvtan\/","title":{"rendered":"Norv\u00e9g nyelvtan"},"content":{"rendered":"\r\n\r\n\r\n<section class=\"languageChallengeSection\">\r\n    <div class=\"languageInfoWrapper\">\r\n        \r\n        <h1>Norv\u00e9g nyelvtan<\/h1>\r\n        <p>Ismerje meg a <a href=\"https:\/\/talkpal.ai\/learn-norwegian\/\">norv\u00e9g<\/a> <a href=\"https:\/\/talkpal.ai\/grammar\/\">nyelvtan<\/a> alapjait, \u00e9s tegye lehet\u0151v\u00e9, hogy magabiztosan kommunik\u00e1ljon Skandin\u00e1via egyik legszebb nyelv\u00e9n. A <a href=\"https:\/\/talkpal.ai\/norwegian-grammar\/\">norv\u00e9g nyelvtan<\/a> meg\u00e9rt\u00e9se \u00faj kultur\u00e1lis \u00e9lm\u00e9nyek \u00e9s tartalmas besz\u00e9lget\u00e9sek el\u0151tt nyitja meg az ajt\u00f3kat. Kezdje el a norv\u00e9g nyelvtan tanul\u00e1s\u00e1t m\u00e9g ma, \u00e9s tegye meg az els\u0151 l\u00e9p\u00e9st a foly\u00e9kony nyelvtud\u00e1s fel\u00e9!<\/p>\r\n\r\n                            <a class=\"getStartedHidden\" href=\"https:\/\/app.talkpal.ai\/hu\/signup?lng=\">Kezdj\u00fck<\/a>\r\n        \r\n    <\/div>\r\n\r\n    <figure>\r\n    <img decoding=\"async\" width=\"768\" height=\"768\" src=\"https:\/\/talkpal.ai\/wp-content\/uploads\/2023\/06\/norwegian-768x768.png\" class=\"languageImage no-lazy\" alt=\"Language learning for extensive vocabulary\" fetchpriority=\"high\" sizes=\"(max-width: 768px) 150px, 768px\" srcset=\"https:\/\/talkpal.ai\/wp-content\/uploads\/2023\/06\/norwegian-768x768.png 768w, https:\/\/talkpal.ai\/wp-content\/uploads\/2023\/06\/norwegian-300x300.png 300w\" \/>\r\n    \r\n\r\n    <\/figure>\r\n\r\n            <a class=\"getStartedVisible\" href=\"https:\/\/app.talkpal.ai\/hu\/signup?lng=\">Kezdj\u00fck<\/a>\r\n    \r\n<\/section>\r\n<section class=\"promotionalBanner\">\r\n    <p class=\"promotionalText\">A nyelvtanul\u00e1s leghat\u00e9konyabb m\u00f3dja<\/p>\r\n    <a class=\"promotionalLink\" href=\"https:\/\/app.talkpal.ai\/hu\/signup?lng=\">Pr\u00f3b\u00e1lja ki a Talkpal ingyen<\/a>\r\n<\/section>\n<div class=\"wp-block-group pageContainerStyle\"><div class=\"wp-block-group__inner-container is-layout-constrained wp-block-group-is-layout-constrained\">\n<h2 class=\"wp-block-heading\" id=\"h-dive-into-norwegian-grammar-a-comprehensive-guide\">Mer\u00fclj\u00f6n el a norv\u00e9g nyelvtanban: \u00c1tfog\u00f3 \u00fatmutat\u00f3<\/h2>\n\n\n\n<p>A norv\u00e9g, egy leny\u0171g\u00f6z\u0151 \u00e9s kifejez\u0151 nyelv, egyed\u00fcl\u00e1ll\u00f3 lehet\u0151s\u00e9get k\u00edn\u00e1l a nyelvtanul\u00f3k sz\u00e1m\u00e1ra, hogy felfedezz\u00e9k Norv\u00e9gia gazdag kultur\u00e1lis \u00e9s t\u00f6rt\u00e9nelmi \u00f6r\u00f6ks\u00e9g\u00e9t. A j\u00f3 h\u00edr az, hogy a norv\u00e9g nyelvtan n\u00e9h\u00e1ny hasonl\u00f3s\u00e1got mutat az angollal, \u00edgy hozz\u00e1f\u00e9rhet\u0151 nyelv a tanul\u00e1shoz. Ez a cikk v\u00e9gigvezeti \u00d6nt a norv\u00e9g nyelvtan alapvet\u0151 szempontjain, biztos\u00edtva, hogy er\u0151s alapot \u00e9p\u00edtsen \u00e9s magabiztosan meg\u00e9rtse a nyelvet.<\/p>\n\n\n\n<h3 class=\"wp-block-heading\" id=\"h-1-embracing-norwegian-nouns-and-articles\">1. A norv\u00e9g f\u0151nevek \u00e9s cikkek felkarol\u00e1sa<\/h3>\n\n\n\n<p>A norv\u00e9g f\u0151nevek, ak\u00e1rcsak <a href=\"https:\/\/talkpal.ai\/locations\/language-courses-in-angol\/\">angol<\/a> megfelel\u0151ik, embereket, helyeket, dolgokat vagy \u00f6tleteket k\u00e9pviselnek. H\u00e1rom nembe sorolhat\u00f3k: f\u00e9rfias, n\u0151ies \u00e9s ivartalan\u00edtott. A f\u0151n\u00e9v v\u00e9gz\u0151d\u00e9s\u00e9nek \u00e9s a vele p\u00e1ros\u00edtand\u00f3 cikkeknek a meghat\u00e1roz\u00e1sa szempontj\u00e1b\u00f3l a nemek d\u00f6nt\u0151 fontoss\u00e1g\u00faak.<\/p>\n\n\n\n<p>K\u00e9tf\u00e9le cikk l\u00e9tezik a norv\u00e9g nyelvben: hat\u00e1rozott \u00e9s hat\u00e1rozatlan. A hat\u00e1rozott n\u00e9vel\u0151k ut\u00f3tagk\u00e9nt jelennek meg a f\u0151nevek v\u00e9g\u00e9n, m\u00edg a hat\u00e1rozatlan cikkek k\u00fcl\u00f6n\u00e1ll\u00f3 szavak, amelyek megel\u0151zik a f\u0151neveket. A cikkeknek meg kell egyezni\u00fck a f\u0151nevekkel a nemben \u00e9s a sz\u00e1mban.<\/p>\n\n\n\n<p><strong>&#8211; Hat\u00e1rozott cikkek: -en (h\u00edmnem\u0171), -a (n\u0151nem\u0171), -et (alanyi).<\/strong><\/p>\n\n\n\n<p><strong>&#8211; Hat\u00e1rozatlan n\u00e9vel\u0151: en (h\u00edmnem\u0171), ei (n\u0151nem\u0171), et (alanyeset)<\/strong><\/p>\n\n\n\n<h3 class=\"wp-block-heading\" id=\"h-2-mastering-norwegian-verbs-conjugation-and-tenses\">2. A norv\u00e9g ig\u00e9k elsaj\u00e1t\u00edt\u00e1sa: ragoz\u00e1s \u00e9s igeid\u0151k<\/h3>\n\n\n\n<p>A norv\u00e9g ig\u00e9k viszonylag k\u00f6nnyen megtanulhat\u00f3k, mivel kevesebb ragoz\u00e1suk <a href=\"https:\/\/talkpal.ai\/locations\/language-courses-in-van\/\">van<\/a>, mint sok m\u00e1s nyelvnek. Az ig\u00e9k fesz\u00fclts\u00e9g \u00e9s hangulat szerint vannak ragozva. A norv\u00e9g ig\u00e9k els\u0151sorban n\u00e9gy csoportra oszlanak, mindegyiknek megvan a maga ragoz\u00e1si mint\u00e1ja. A j\u00f3 h\u00edr azonban az, hogy sok m\u00e1s nyelvvel ellent\u00e9tben a norv\u00e9g ig\u00e9k nem v\u00e1ltoztatj\u00e1k meg alakjukat az alany vagy a sz\u00e1m alapj\u00e1n.<\/p>\n\n\n\n<p>A norv\u00e9gban kevesebb id\u0151 van, mint az angolban, csak h\u00e1rom igeid\u0151vel: jelen id\u0151, m\u00falt id\u0151 \u00e9s m\u00falt t\u00f6k\u00e9letes id\u0151. A jelen id\u0151t a jelen \u00e9s a j\u00f6v\u0151beli esem\u00e9nyek kifejez\u00e9s\u00e9re haszn\u00e1lj\u00e1k, m\u00edg a m\u00falt id\u0151 befejezett cselekv\u00e9seket jel\u00f6l, a m\u00falt t\u00f6k\u00e9letes fesz\u00fclts\u00e9ge pedig olyan tapasztalatokat vagy \u00e1llapotokat jelez, amelyek a m\u00falt egy adott pontja el\u0151tt t\u00f6rt\u00e9ntek.<\/p>\n\n\n\n<h3 class=\"wp-block-heading\" id=\"h-3-expressing-yourself-with-norwegian-adjectives-and-adverbs\">3. Fejezze ki mag\u00e1t norv\u00e9g mell\u00e9knevekkel \u00e9s hat\u00e1roz\u00f3szavakkal<\/h3>\n\n\n\n<p>A mell\u00e9knevek haszn\u00e1lata hat\u00e9konyan jav\u00edtja a norv\u00e9giai kifejez\u00e9s k\u00e9pess\u00e9g\u00e9t. A mell\u00e9knevek a f\u0151nevek tulajdons\u00e1gait vagy jellemz\u0151it \u00edrj\u00e1k le, \u00e9s meg kell egyezni\u00fck a f\u0151nevekkel a nemben \u00e9s a sz\u00e1mban. A norv\u00e9gban a mell\u00e9knevek \u00e1ltal\u00e1ban az \u00e1ltaluk le\u00edrt f\u0151n\u00e9v el\u0151tt \u00e1llnak.<\/p>\n\n\n\n<p>A norv\u00e9g hat\u00e1roz\u00f3szavak m\u00f3dos\u00edtj\u00e1k az ig\u00e9ket, mell\u00e9kneveket vagy m\u00e1s hat\u00e1roz\u00f3szavakat. Inform\u00e1ci\u00f3t k\u00f6zvet\u00edtenek arr\u00f3l, hogyan, mikor, hol \u00e9s milyen m\u00e9rt\u00e9kben t\u00f6rt\u00e9nik egy cselekv\u00e9s. A mell\u00e9knevekkel ellent\u00e9tben a hat\u00e1roz\u00f3szavak ugyanazok maradnak, f\u00fcggetlen\u00fcl a le\u00edrt f\u0151nevek nem\u00e9t\u0151l vagy sz\u00e1m\u00e1t\u00f3l.<\/p>\n\n\n\n<h3 class=\"wp-block-heading\" id=\"h-4-constructing-sentences-with-norwegian-pronouns-and-word-order\">4. Mondatok \u00e9p\u00edt\u00e9se norv\u00e9g n\u00e9vm\u00e1sokkal \u00e9s sz\u00f3rend<\/h3>\n\n\n\n<p>A norv\u00e9g n\u00e9vm\u00e1sok helyettes\u00edtik a f\u0151neveket, \u00e9s \u00e1ltal\u00e1ban megegyeznek az \u00e1ltaluk k\u00e9pviselt f\u0151n\u00e9vvel nemben, sz\u00e1mban \u00e9s esetben. A norv\u00e9gban k\u00fcl\u00f6nf\u00e9le n\u00e9vm\u00e1sok l\u00e9teznek, bele\u00e9rtve a szem\u00e9lyes, birtokos, demonstrat\u00edv, reflex\u00edv, relat\u00edv \u00e9s k\u00e9rd\u0151 n\u00e9vm\u00e1sokat.<\/p>\n\n\n\n<p>A norv\u00e9g mondatszerkezet az alany-ige-objektum (SVO) sorrendet k\u00f6veti, hasonl\u00f3an az angolhoz. Ugyanakkor alkalmaz egy ige-m\u00e1sodperc (V2) szab\u00e1lyt is, amelyben az ige \u00e1ltal\u00e1ban a m\u00e1sodik helyet foglalja el a f\u0151mondatokban. A norv\u00e9g sz\u00f3rend meg\u00e9rt\u00e9se \u00e9s gyakorl\u00e1sa elengedhetetlen a nyelv foly\u00e9kony ismeret\u00e9hez.<\/p>\n\n\n\n<h3 class=\"wp-block-heading\" id=\"h-conclusion\">K\u00f6vetkeztet\u00e9s<\/h3>\n\n\n\n<p>A norv\u00e9g nyelvtan elsaj\u00e1t\u00edt\u00e1sa elk\u00f6telezetts\u00e9get, gyakorl\u00e1st \u00e9s a nyelv egyedi jellemz\u0151inek felfedez\u00e9s\u00e9re val\u00f3 nyitotts\u00e1got ig\u00e9nyel. Ak\u00e1r a norv\u00e9g kult\u00far\u00e1ban szeretne elmer\u00fclni, ak\u00e1r egy \u00faj nyelvet szeretne megtanulni, a norv\u00e9g nyelvtan elsaj\u00e1t\u00edt\u00e1sa megalapozza a sikeres kommunik\u00e1ci\u00f3t. Mik\u00f6zben belemer\u00fcl a norv\u00e9g f\u0151nevekbe, ig\u00e9kbe, mell\u00e9knevekbe \u00e9s sz\u00f3rendbe, ne felejtse el \u00e9lvezni a folyamatot, \u00e9s \u00e1polja a r\u00e1d v\u00e1r\u00f3 gazdag nyelvi tapasztalatokat. <a href=\"https:\/\/talkpal.ai\/culture\/how-do-you-say-good-luck-with-that-in-norwegian\/\">Lykke til<\/a>!<\/p>\n<\/div><\/div>\n\r\n<section class=\"learnNavigationSection\">\r\n            \r\n        <a href=\"https:\/\/talkpal.ai\/hu\/tanulj-norvegul\/\">\r\n            <div class=\"learnNavigationWrapper\">\r\n                <div class=\"learnNavigationContent\">\r\n                    <img decoding=\"async\" src=\"https:\/\/talkpal.ai\/wp-content\/uploads\/2024\/08\/Norwegian.jpg\" alt=\"Norwegian Flag\">\r\n                    <div>\r\n                        <h4>A norv\u00e9g tanul\u00e1sr\u00f3l<\/h4>\r\n                        <p>Tudjon meg mindent a norv\u00e9g nyelvtanr\u00f3l.<\/p>\r\n                    <\/div>\r\n                <\/div>\r\n            <\/div>\r\n        <\/a>\r\n\r\n        \r\n        <a href=\"https:\/\/talkpal.ai\/hu\/norveg-nyelvtani-gyakorlatok\/\">\r\n            <div class=\"learnNavigationWrapper\">\r\n                <div class=\"learnNavigationContent\">\r\n                    <img decoding=\"async\" src=\"https:\/\/talkpal.ai\/wp-content\/uploads\/2024\/08\/Norwegian.jpg\" alt=\"Norwegian Flag\">\r\n                    <div>\r\n                        <h4>Norv\u00e9g nyelvtani gyakorlat<\/h4>\r\n                        <p>Gyakorolja a norv\u00e9g nyelvtant.<\/p>\r\n                    <\/div>\r\n                <\/div>\r\n            <\/div>\r\n        <\/a>\r\n\r\n        \r\n        <a href=\"https:\/\/talkpal.ai\/vocabulary_language\/norwegian\/\">\r\n            <div class=\"learnNavigationWrapper\">\r\n                <div class=\"learnNavigationContent\">\r\n                    <img decoding=\"async\" src=\"https:\/\/talkpal.ai\/wp-content\/uploads\/2024\/08\/Norwegian.jpg\" alt=\"Norwegian Flag\">\r\n                    <div>\r\n                        <h4>Norv\u00e9g sz\u00f3kincs<\/h4>\r\n                        <p>B\u0151v\u00edtse norv\u00e9g sz\u00f3kincs\u00e9t.<\/p>\r\n                    <\/div>\r\n                <\/div>\r\n            <\/div>\r\n        <\/a>\r\n\r\n            <\/section>","protected":false},"excerpt":{"rendered":"<p>Mer\u00fclj\u00f6n el a norv\u00e9g nyelvtanban: \u00c1tfog\u00f3 \u00fatmutat\u00f3 A norv\u00e9g, egy leny\u0171g\u00f6z\u0151 \u00e9s kifejez\u0151 nyelv, egyed\u00fcl\u00e1ll\u00f3 lehet\u0151s\u00e9get k\u00edn\u00e1l a nyelvtanul\u00f3k sz\u00e1m\u00e1ra, hogy felfedezz\u00e9k Norv\u00e9gia gazdag kultur\u00e1lis \u00e9s t\u00f6rt\u00e9nelmi \u00f6r\u00f6ks\u00e9g\u00e9t. A j\u00f3 h\u00edr az, hogy a norv\u00e9g nyelvtan n\u00e9h\u00e1ny hasonl\u00f3s\u00e1got mutat az angollal, \u00edgy hozz\u00e1f\u00e9rhet\u0151 nyelv a tanul\u00e1shoz. Ez a cikk v\u00e9gigvezeti \u00d6nt a norv\u00e9g nyelvtan alapvet\u0151 [&hellip;]<\/p>\n","protected":false},"author":1,"featured_media":116907,"parent":0,"menu_order":0,"comment_status":"closed","ping_status":"closed","template":"LearningContentPage.php","meta":{"_acf_changed":false,"footnotes":""},"class_list":["post-148411","page","type-page","status-publish","has-post-thumbnail","hentry"],"acf":[],"yoast_head":"<!-- This site is optimized with the Yoast SEO Premium plugin v27.2 (Yoast SEO v27.2) - https:\/\/yoast.com\/product\/yoast-seo-premium-wordpress\/ -->\n<title>Norv\u00e9g nyelvtan - Talkpal<\/title>\n<meta name=\"description\" content=\"Fedezze fel a norv\u00e9g nyelvtan fort\u00e9lyait, \u00e9s emelje nyelvtud\u00e1s\u00e1t a k\u00f6vetkez\u0151 szintre.\" \/>\n<meta name=\"robots\" content=\"index, follow, max-snippet:-1, max-image-preview:large, max-video-preview:-1\" \/>\n<link rel=\"canonical\" href=\"https:\/\/talkpal.ai\/hu\/norveg-nyelvtan\/\" \/>\n<meta property=\"og:locale\" content=\"hu_HU\" \/>\n<meta property=\"og:type\" content=\"article\" \/>\n<meta property=\"og:title\" content=\"Norv\u00e9g nyelvtan\" \/>\n<meta property=\"og:description\" content=\"Mer\u00fclj\u00f6n el a norv\u00e9g nyelvtanban: \u00c1tfog\u00f3 \u00fatmutat\u00f3 A norv\u00e9g, egy leny\u0171g\u00f6z\u0151 \u00e9s kifejez\u0151 nyelv, egyed\u00fcl\u00e1ll\u00f3 lehet\u0151s\u00e9get k\u00edn\u00e1l a nyelvtanul\u00f3k sz\u00e1m\u00e1ra, hogy\" \/>\n<meta property=\"og:url\" content=\"https:\/\/talkpal.ai\/hu\/norveg-nyelvtan\/\" \/>\n<meta property=\"og:site_name\" content=\"Talkpal\" \/>\n<meta property=\"article:publisher\" content=\"https:\/\/www.facebook.com\/profile.php?id=100090733639311\" \/>\n<meta property=\"article:modified_time\" content=\"2025-12-17T17:36:18+00:00\" \/>\n<meta property=\"og:image\" content=\"https:\/\/talkpal.ai\/wp-content\/uploads\/2023\/05\/norway.png\" \/>\n\t<meta property=\"og:image:width\" content=\"512\" \/>\n\t<meta property=\"og:image:height\" content=\"512\" \/>\n\t<meta property=\"og:image:type\" content=\"image\/png\" \/>\n<meta name=\"twitter:card\" content=\"summary_large_image\" \/>\n<meta name=\"twitter:site\" content=\"@talkpalai\" \/>\n<meta name=\"twitter:label1\" content=\"Becs\u00fclt olvas\u00e1si id\u0151\" \/>\n\t<meta name=\"twitter:data1\" content=\"4 perc\" \/>\n<script type=\"application\/ld+json\" class=\"yoast-schema-graph\">{\"@context\":\"https:\/\/schema.org\",\"@graph\":[{\"@type\":\"WebPage\",\"@id\":\"https:\/\/talkpal.ai\/hu\/norveg-nyelvtan\/\",\"url\":\"https:\/\/talkpal.ai\/hu\/norveg-nyelvtan\/\",\"name\":\"Norv\u00e9g nyelvtan - Talkpal\",\"isPartOf\":{\"@id\":\"https:\/\/talkpal.ai\/hu\/#website\"},\"primaryImageOfPage\":{\"@id\":\"https:\/\/talkpal.ai\/hu\/norveg-nyelvtan\/#primaryimage\"},\"image\":{\"@id\":\"https:\/\/talkpal.ai\/hu\/norveg-nyelvtan\/#primaryimage\"},\"thumbnailUrl\":\"https:\/\/talkpal.ai\/wp-content\/uploads\/2023\/05\/norway.png\",\"datePublished\":\"2023-05-14T14:13:06+00:00\",\"dateModified\":\"2025-12-17T17:36:18+00:00\",\"description\":\"Fedezze fel a norv\u00e9g nyelvtan fort\u00e9lyait, \u00e9s emelje nyelvtud\u00e1s\u00e1t a k\u00f6vetkez\u0151 szintre.\",\"breadcrumb\":{\"@id\":\"https:\/\/talkpal.ai\/hu\/norveg-nyelvtan\/#breadcrumb\"},\"inLanguage\":\"hu\",\"potentialAction\":[{\"@type\":\"ReadAction\",\"target\":[\"https:\/\/talkpal.ai\/hu\/norveg-nyelvtan\/\"]}]},{\"@type\":\"ImageObject\",\"inLanguage\":\"hu\",\"@id\":\"https:\/\/talkpal.ai\/hu\/norveg-nyelvtan\/#primaryimage\",\"url\":\"https:\/\/talkpal.ai\/wp-content\/uploads\/2023\/05\/norway.png\",\"contentUrl\":\"https:\/\/talkpal.ai\/wp-content\/uploads\/2023\/05\/norway.png\",\"width\":512,\"height\":512},{\"@type\":\"BreadcrumbList\",\"@id\":\"https:\/\/talkpal.ai\/hu\/norveg-nyelvtan\/#breadcrumb\",\"itemListElement\":[{\"@type\":\"ListItem\",\"position\":1,\"name\":\"Homepage\",\"item\":\"https:\/\/talkpal.ai\/hu\/\"},{\"@type\":\"ListItem\",\"position\":2,\"name\":\"Norv\u00e9g nyelvtan\"}]},{\"@type\":\"WebSite\",\"@id\":\"https:\/\/talkpal.ai\/hu\/#website\",\"url\":\"https:\/\/talkpal.ai\/hu\/\",\"name\":\"Talkpal\",\"description\":\"AI Language Learning\",\"publisher\":{\"@id\":\"https:\/\/talkpal.ai\/hu\/#organization\"},\"alternateName\":\"Talkpal AI\",\"potentialAction\":[{\"@type\":\"SearchAction\",\"target\":{\"@type\":\"EntryPoint\",\"urlTemplate\":\"https:\/\/talkpal.ai\/hu\/?s={search_term_string}\"},\"query-input\":{\"@type\":\"PropertyValueSpecification\",\"valueRequired\":true,\"valueName\":\"search_term_string\"}}],\"inLanguage\":\"hu\"},{\"@type\":\"Organization\",\"@id\":\"https:\/\/talkpal.ai\/hu\/#organization\",\"name\":\"Talkpal, Inc.\",\"alternateName\":\"Talkpal AI\",\"url\":\"https:\/\/talkpal.ai\/hu\/\",\"logo\":{\"@type\":\"ImageObject\",\"inLanguage\":\"hu\",\"@id\":\"https:\/\/talkpal.ai\/hu\/#\/schema\/logo\/image\/\",\"url\":\"https:\/\/talkpal.ai\/wp-content\/uploads\/2024\/03\/Talkpal-Logo-Icon.png\",\"contentUrl\":\"https:\/\/talkpal.ai\/wp-content\/uploads\/2024\/03\/Talkpal-Logo-Icon.png\",\"width\":2880,\"height\":2880,\"caption\":\"Talkpal, Inc.\"},\"image\":{\"@id\":\"https:\/\/talkpal.ai\/hu\/#\/schema\/logo\/image\/\"},\"sameAs\":[\"https:\/\/www.facebook.com\/profile.php?id=100090733639311\",\"https:\/\/x.com\/talkpalai\",\"https:\/\/www.linkedin.com\/company\/talkpal\/\",\"https:\/\/www.youtube.com\/@TalkPal\/\",\"https:\/\/www.tiktok.com\/@talkpal\",\"https:\/\/www.instagram.com\/talkpal_ai\/\",\"https:\/\/www.crunchbase.com\/organization\/talkpal-9cde\",\"https:\/\/www.g2.com\/products\/talkpal-for-business\/\",\"https:\/\/www.trustpilot.com\/review\/talkpal.ai\",\"https:\/\/www.capterra.com\/p\/10006800\/TalkPal\/\"],\"description\":\"Talkpal is a language learning web and mobile education app, powered by the latest AI technologies, that provides engaging experiences to its customers in many different languages to help them improve their language skills. Users can chat about unlimited amount of topics with the app and use other modes to practice their language learning.\",\"email\":\"support@talkpal.ai\",\"legalName\":\"Talkpal, Inc.\",\"foundingDate\":\"2023-04-03\",\"duns\":\"118989042\",\"numberOfEmployees\":{\"@type\":\"QuantitativeValue\",\"minValue\":\"11\",\"maxValue\":\"50\"},\"publishingPrinciples\":\"https:\/\/talkpal.ai\/publishing-principles\/\",\"actionableFeedbackPolicy\":\"https:\/\/talkpal.ai\/actionable-feedback-policy\/\",\"correctionsPolicy\":\"https:\/\/talkpal.ai\/corrections-policy\/\",\"ethicsPolicy\":\"https:\/\/talkpal.ai\/ethics-policy\/\",\"diversityPolicy\":\"https:\/\/talkpal.ai\/diversity-policy\/\",\"diversityStaffingReport\":\"https:\/\/talkpal.ai\/diversity-policy\/\"}]}<\/script>\n<!-- \/ Yoast SEO Premium plugin. -->","yoast_head_json":{"title":"Norv\u00e9g nyelvtan - Talkpal","description":"Fedezze fel a norv\u00e9g nyelvtan fort\u00e9lyait, \u00e9s emelje nyelvtud\u00e1s\u00e1t a k\u00f6vetkez\u0151 szintre.","robots":{"index":"index","follow":"follow","max-snippet":"max-snippet:-1","max-image-preview":"max-image-preview:large","max-video-preview":"max-video-preview:-1"},"canonical":"https:\/\/talkpal.ai\/hu\/norveg-nyelvtan\/","og_locale":"hu_HU","og_type":"article","og_title":"Norv\u00e9g nyelvtan","og_description":"Mer\u00fclj\u00f6n el a norv\u00e9g nyelvtanban: \u00c1tfog\u00f3 \u00fatmutat\u00f3 A norv\u00e9g, egy leny\u0171g\u00f6z\u0151 \u00e9s kifejez\u0151 nyelv, egyed\u00fcl\u00e1ll\u00f3 lehet\u0151s\u00e9get k\u00edn\u00e1l a nyelvtanul\u00f3k sz\u00e1m\u00e1ra, hogy","og_url":"https:\/\/talkpal.ai\/hu\/norveg-nyelvtan\/","og_site_name":"Talkpal","article_publisher":"https:\/\/www.facebook.com\/profile.php?id=100090733639311","article_modified_time":"2025-12-17T17:36:18+00:00","og_image":[{"width":512,"height":512,"url":"https:\/\/talkpal.ai\/wp-content\/uploads\/2023\/05\/norway.png","type":"image\/png"}],"twitter_card":"summary_large_image","twitter_site":"@talkpalai","twitter_misc":{"Becs\u00fclt olvas\u00e1si id\u0151":"4 perc"},"schema":{"@context":"https:\/\/schema.org","@graph":[{"@type":"WebPage","@id":"https:\/\/talkpal.ai\/hu\/norveg-nyelvtan\/","url":"https:\/\/talkpal.ai\/hu\/norveg-nyelvtan\/","name":"Norv\u00e9g nyelvtan - Talkpal","isPartOf":{"@id":"https:\/\/talkpal.ai\/hu\/#website"},"primaryImageOfPage":{"@id":"https:\/\/talkpal.ai\/hu\/norveg-nyelvtan\/#primaryimage"},"image":{"@id":"https:\/\/talkpal.ai\/hu\/norveg-nyelvtan\/#primaryimage"},"thumbnailUrl":"https:\/\/talkpal.ai\/wp-content\/uploads\/2023\/05\/norway.png","datePublished":"2023-05-14T14:13:06+00:00","dateModified":"2025-12-17T17:36:18+00:00","description":"Fedezze fel a norv\u00e9g nyelvtan fort\u00e9lyait, \u00e9s emelje nyelvtud\u00e1s\u00e1t a k\u00f6vetkez\u0151 szintre.","breadcrumb":{"@id":"https:\/\/talkpal.ai\/hu\/norveg-nyelvtan\/#breadcrumb"},"inLanguage":"hu","potentialAction":[{"@type":"ReadAction","target":["https:\/\/talkpal.ai\/hu\/norveg-nyelvtan\/"]}]},{"@type":"ImageObject","inLanguage":"hu","@id":"https:\/\/talkpal.ai\/hu\/norveg-nyelvtan\/#primaryimage","url":"https:\/\/talkpal.ai\/wp-content\/uploads\/2023\/05\/norway.png","contentUrl":"https:\/\/talkpal.ai\/wp-content\/uploads\/2023\/05\/norway.png","width":512,"height":512},{"@type":"BreadcrumbList","@id":"https:\/\/talkpal.ai\/hu\/norveg-nyelvtan\/#breadcrumb","itemListElement":[{"@type":"ListItem","position":1,"name":"Homepage","item":"https:\/\/talkpal.ai\/hu\/"},{"@type":"ListItem","position":2,"name":"Norv\u00e9g nyelvtan"}]},{"@type":"WebSite","@id":"https:\/\/talkpal.ai\/hu\/#website","url":"https:\/\/talkpal.ai\/hu\/","name":"Talkpal","description":"AI Language Learning","publisher":{"@id":"https:\/\/talkpal.ai\/hu\/#organization"},"alternateName":"Talkpal AI","potentialAction":[{"@type":"SearchAction","target":{"@type":"EntryPoint","urlTemplate":"https:\/\/talkpal.ai\/hu\/?s={search_term_string}"},"query-input":{"@type":"PropertyValueSpecification","valueRequired":true,"valueName":"search_term_string"}}],"inLanguage":"hu"},{"@type":"Organization","@id":"https:\/\/talkpal.ai\/hu\/#organization","name":"Talkpal, Inc.","alternateName":"Talkpal AI","url":"https:\/\/talkpal.ai\/hu\/","logo":{"@type":"ImageObject","inLanguage":"hu","@id":"https:\/\/talkpal.ai\/hu\/#\/schema\/logo\/image\/","url":"https:\/\/talkpal.ai\/wp-content\/uploads\/2024\/03\/Talkpal-Logo-Icon.png","contentUrl":"https:\/\/talkpal.ai\/wp-content\/uploads\/2024\/03\/Talkpal-Logo-Icon.png","width":2880,"height":2880,"caption":"Talkpal, Inc."},"image":{"@id":"https:\/\/talkpal.ai\/hu\/#\/schema\/logo\/image\/"},"sameAs":["https:\/\/www.facebook.com\/profile.php?id=100090733639311","https:\/\/x.com\/talkpalai","https:\/\/www.linkedin.com\/company\/talkpal\/","https:\/\/www.youtube.com\/@TalkPal\/","https:\/\/www.tiktok.com\/@talkpal","https:\/\/www.instagram.com\/talkpal_ai\/","https:\/\/www.crunchbase.com\/organization\/talkpal-9cde","https:\/\/www.g2.com\/products\/talkpal-for-business\/","https:\/\/www.trustpilot.com\/review\/talkpal.ai","https:\/\/www.capterra.com\/p\/10006800\/TalkPal\/"],"description":"Talkpal is a language learning web and mobile education app, powered by the latest AI technologies, that provides engaging experiences to its customers in many different languages to help them improve their language skills. Users can chat about unlimited amount of topics with the app and use other modes to practice their language learning.","email":"support@talkpal.ai","legalName":"Talkpal, Inc.","foundingDate":"2023-04-03","duns":"118989042","numberOfEmployees":{"@type":"QuantitativeValue","minValue":"11","maxValue":"50"},"publishingPrinciples":"https:\/\/talkpal.ai\/publishing-principles\/","actionableFeedbackPolicy":"https:\/\/talkpal.ai\/actionable-feedback-policy\/","correctionsPolicy":"https:\/\/talkpal.ai\/corrections-policy\/","ethicsPolicy":"https:\/\/talkpal.ai\/ethics-policy\/","diversityPolicy":"https:\/\/talkpal.ai\/diversity-policy\/","diversityStaffingReport":"https:\/\/talkpal.ai\/diversity-policy\/"}]}},"_links":{"self":[{"href":"https:\/\/talkpal.ai\/hu\/wp-json\/wp\/v2\/pages\/148411","targetHints":{"allow":["GET"]}}],"collection":[{"href":"https:\/\/talkpal.ai\/hu\/wp-json\/wp\/v2\/pages"}],"about":[{"href":"https:\/\/talkpal.ai\/hu\/wp-json\/wp\/v2\/types\/page"}],"author":[{"embeddable":true,"href":"https:\/\/talkpal.ai\/hu\/wp-json\/wp\/v2\/users\/1"}],"replies":[{"embeddable":true,"href":"https:\/\/talkpal.ai\/hu\/wp-json\/wp\/v2\/comments?post=148411"}],"version-history":[{"count":0,"href":"https:\/\/talkpal.ai\/hu\/wp-json\/wp\/v2\/pages\/148411\/revisions"}],"wp:featuredmedia":[{"embeddable":true,"href":"https:\/\/talkpal.ai\/hu\/wp-json\/wp\/v2\/media\/116907"}],"wp:attachment":[{"href":"https:\/\/talkpal.ai\/hu\/wp-json\/wp\/v2\/media?parent=148411"}],"curies":[{"name":"wp","href":"https:\/\/api.w.org\/{rel}","templated":true}]}}