{"id":1481602,"date":"2025-11-27T16:56:24","date_gmt":"2025-11-27T16:56:24","guid":{"rendered":"https:\/\/talkpal.ai\/talkpal-karacsonyi-kedvezmeny\/"},"modified":"2026-01-22T14:03:12","modified_gmt":"2026-01-22T14:03:12","slug":"talkpal-karacsonyi-kedvezmeny","status":"publish","type":"page","link":"https:\/\/talkpal.ai\/hu\/talkpal-karacsonyi-kedvezmeny\/","title":{"rendered":"Talkpal kar\u00e1csonyi kedvezm\u00e9ny"},"content":{"rendered":"<section class=\"languageChallengeSection\">\r\n    <div class=\"languageInfoWrapper\">\r\n        \r\n        <h1>Talkpal kar\u00e1csonyi kedvezm\u00e9ny<\/h1>\r\n        <p>K\u00e9szen \u00e1llsz arra, hogy er\u0151s\u00edtsd a nyelvtud\u00e1sodat? Id\u00e9n kar\u00e1csonykor a Talkpal exkluz\u00edv 79%-os kedvezm\u00e9nyt k\u00edn\u00e1l, hogy gyorsabban \u00e9s okosabban tanulj. Oldd fel az \u00f6sszes pr\u00e9mium funkci\u00f3t, gyakorolj val\u00f3di besz\u00e9lget\u00e9seket az MI-vel, \u00e9s \u00e9p\u00edts folyamatoss\u00e1got a fele k\u00f6lts\u00e9g\u00e9rt.<\/p>\r\n\r\n                    <a class=\"getStartedHidden\" href=\"https:\/\/app.talkpal.ai\/signup?discount=50\">\r\n                Kedvezm\u00e9ny            <\/a>\r\n            <\/div>\r\n\r\n            <figure>\r\n            <img decoding=\"async\" class=\"no-lazy\" src=\"https:\/\/talkpal.ai\/wp-content\/uploads\/2026\/01\/curly-girl-with-phone-yellow-background.webp\" alt=\"\" fetchpriority=\"high\" \/>\r\n        <\/figure>\r\n        \r\n                    <a class=\"getStartedVisible\" href=\"https:\/\/app.talkpal.ai\/signup?discount=50\">\r\n                Kedvezm\u00e9ny            <\/a>\r\n        <\/section><section class=\"featureSection\">\r\n    <div class=\"featureIntroduce\">\r\n        <a class=\"introduceLink\" href=\"https:\/\/app.talkpal.ai\/hu\/signup?lng=\">\r\n            <img decoding=\"async\" src=\"https:\/\/talkpal.ai\/wp-content\/themes\/talkpal\/assets\/img\/Sparkle.svg\" alt=\"\" \/>a legfejlettebb\n  AI<\/a>\r\n        <h3 class=\"featureTitle\">A talkpal k\u00fcl\u00f6nbs\u00e9g<\/h3>\r\n    <\/div>\r\n            <div class=\"introduceWrapper\">\r\n                            <a class=\"introducCard\" href=\"https:\/\/app.talkpal.ai\/hu\/signup?lng=\">\r\n\r\n                    \r\n                                                <img decoding=\"async\" src=\"https:\/\/talkpal.ai\/wp-content\/uploads\/2025\/05\/Immersive_conversations.png\" alt=\"Immersive Conversation Screenshot\" \/>\r\n                        <h4 class=\"introduceTitle\">Szem\u00e9lyre szabott oktat\u00e1s<\/h4>\r\n                        <p class=\"cardText\">Minden tanul\u00f3 \u00fatja m\u00e1s, utaz\u00e1s, munka \u00e9s zs\u00fafolt beoszt\u00e1sokkal a j\u00e1t\u00e9kban. A Talkpal fejlett MI-t haszn\u00e1l, hogy milli\u00f3nyi tanul\u00e1si mint\u00e1b\u00f3l tanuljon, \u00e9s szem\u00e9lyre szabott, hat\u00e9kony \u00e9s mag\u00e1val ragad\u00f3 \u00e9lm\u00e9nyeket hoz l\u00e9tre, amelyek kifejezetten \u00d6nnek szabott.<\/p>\r\n                    \r\n                <\/a>\r\n                            <a class=\"introducCard\" href=\"https:\/\/app.talkpal.ai\/hu\/signup?lng=\">\r\n\r\n                    \r\n                                                <img decoding=\"async\" src=\"https:\/\/talkpal.ai\/wp-content\/uploads\/2025\/05\/Realtime_feedback.png\" alt=\"Feedback Screenshot\" \/>\r\n                        <h4 class=\"introduceTitle\">\u00c9lvonalbeli technol\u00f3gia<\/h4>\r\n                        <p class=\"cardText\">K\u00fcldet\u00e9s\u00fcnk, hogy a szem\u00e9lyre szabott nyelvtanul\u00e1st mindenki sz\u00e1m\u00e1ra el\u00e9rhet\u0151v\u00e9 tegy\u00fck az\u00e1ltal, hogy a legkorszer\u0171bb MI-t bev\u00e1lt tan\u00edt\u00e1si m\u00f3dszerekkel \u00f6tv\u00f6zz\u00fck. Id\u00e9n kar\u00e1csonykor minden eddigin\u00e9l k\u00f6nnyebben el\u00e9rhet\u0151. A Talkpal-lal egy szem\u00e9lyre szabott utaz\u00e1st kapsz, amely alkalmazkodik a temp\u00f3dhoz, \u00e9letst\u00edlusodhoz \u00e9s c\u00e9ljaidhoz, b\u00e1rhov\u00e1 is visz az \u00e9let.<\/p>\r\n                    \r\n                <\/a>\r\n                            <a class=\"introducCard\" href=\"https:\/\/app.talkpal.ai\/hu\/signup?lng=\">\r\n\r\n                    \r\n                                                <img decoding=\"async\" src=\"https:\/\/talkpal.ai\/wp-content\/uploads\/2025\/05\/Personalization.png\" alt=\"Personalization Screenshot\" \/>\r\n                        <h4 class=\"introduceTitle\">A tanul\u00e1s sz\u00f3rakoztat\u00f3v\u00e1 t\u00e9tele<\/h4>\r\n                        <p class=\"cardText\">\u00dagy gondoljuk, hogy a nyelvtanul\u00e1snak \u00e9lvezetesnek \u00e9s motiv\u00e1l\u00f3nak kell lennie. Ez\u00e9rt tart a Talkpal lek\u00f6t\u00f6tt \u00e9s inspir\u00e1lt, \u00edgy kev\u00e9sb\u00e9 tanul\u00e1snak \u00e9rz\u0151dik, ink\u00e1bb kalandnak. Csatlakozz vil\u00e1gszerte t\u00f6bb ezer tanul\u00f3hoz, \u00e9s haszn\u00e1ld ki kar\u00e1csonyi aj\u00e1nlatunkat, hogy elkezdd elsaj\u00e1t\u00edtani k\u00f6vetkez\u0151 nyelvedet.<\/p>\r\n                    \r\n                <\/a>\r\n                            <\/div>\r\n                     <a class=\"featureSectionLink\" href=\"https:\/\/app.talkpal.ai\/signup?discount=50\">\r\n                Kedvezm\u00e9ny            <\/a>\r\n                \r\n<\/section>\r\n\r\n\r\n<section class=\"smartFunSection\">\r\n            \r\n            <div class=\"smartFunCard\">\r\n                <div class=\"smartFunWrapper\"><img decoding=\"async\" src=\"https:\/\/talkpal.ai\/wp-content\/uploads\/2025\/05\/1.png\" alt=\"Learning Stats Screenshot\"><\/div>\r\n                <h3>\u00d6nre szabva<\/h3>\r\n                <p>A Talkpal mesters\u00e9ges intelligencia alap\u00fa technol\u00f3gi\u00e1t haszn\u00e1l, hogy szem\u00e9lyre szabott \u00fcl\u00e9seket ny\u00fajtson, amelyek megfelelnek a szintednek \u00e9s temp\u00f3dnak. Minden \u00f3ra megfelel az ig\u00e9nyeidnek, \u00e9s seg\u00edt abban, hogy folyamatos el\u0151rel\u00e9p\u00e9st \u00e9rj el, ak\u00e1r otthon, ak\u00e1r k\u00fclf\u00f6ld\u00f6n vagy.<\/p>\r\n            <\/div>\r\n\r\n        \r\n            <div class=\"smartFunCard\">\r\n                <div class=\"smartFunWrapper\"><img decoding=\"async\" src=\"https:\/\/talkpal.ai\/wp-content\/uploads\/2025\/05\/2.png\" alt=\"Pronunciation Score Screenshot\"><\/div>\r\n                <h3>Hat\u00e9kony \u00e9s hat\u00e9kony<\/h3>\r\n                <p>Er\u0151s\u00edtse hat\u00e9konyan az olvas\u00e1si, hallgat\u00e1si \u00e9s besz\u00e9dk\u00e9szs\u00e9get a Talkpal seg\u00edts\u00e9g\u00e9vel. Innovat\u00edv eszk\u00f6zeink egyszerre teszik a nyelvtanul\u00e1st hat\u00e9konys\u00e1 \u00e9s \u00e9lvezetess\u00e9 a tanul\u00f3k sz\u00e1m\u00e1ra, akiknek mindenf\u00e9le \u00f3rarendje van.<\/p>\r\n            <\/div>\r\n\r\n        \r\n            <div class=\"smartFunCard\">\r\n                <div class=\"smartFunWrapper\"><img decoding=\"async\" src=\"https:\/\/talkpal.ai\/wp-content\/uploads\/2025\/05\/3.png\" alt=\"Chat Topics Screenshot\"><\/div>\r\n                <h3>Maradjon elk\u00f6telezett<\/h3>\r\n                <p>A platform a j\u00e1t\u00e9kos elemeket, lebilincsel\u0151 kih\u00edv\u00e1sokat \u00e9s gondolat\u00e9breszt\u0151 felh\u00edv\u00e1sokat \u00f6tv\u00f6z, hogy motiv\u00e1lt \u00e9s k\u00f6vetkezetes maradjon. A Talkpal seg\u00edts\u00e9g\u00e9vel a nyelvtanul\u00e1s sz\u00f3rakoztat\u00f3 mindennapi szok\u00e1ss\u00e1 v\u00e1lik, nem pedig \u00fajabb k\u00f6telezetts\u00e9g.<\/p>\r\n            <\/div>\r\n\r\n        \r\n            <div class=\"smartFunCard\">\r\n                <div class=\"smartFunWrapper\"><img decoding=\"async\" src=\"https:\/\/talkpal.ai\/wp-content\/uploads\/2025\/05\/4.png\" alt=\"Dashboard Screenshot\"><\/div>\r\n                <h3>\u00c9lvezze a tanul\u00e1st<\/h3>\r\n                <p>Egy \u00faj nyelv elsaj\u00e1t\u00edt\u00e1sa nem kell, hogy f\u00e1raszt\u00f3 legyen. A Talkpal interakt\u00edv gyakorlatokat, \u00e9l\u00e9nk karaktereket \u00e9s k\u00f6nnyed mesters\u00e9ges intelligencia besz\u00e9lget\u00e9seket k\u00edn\u00e1l, hogy a tanul\u00e1s \u00e9lvezetes r\u00e9sze legyen a napodnak. Biztos\u00edtsd a kar\u00e1csonyi 79%-os kedvezm\u00e9nyt, \u00e9s kezdd el ma.<\/p>\r\n            <\/div>\r\n\r\n            \r\n<\/section>\r\n\r\n<section class=\"promotionalBanner\">\r\n    <p class=\"promotionalText\">Talkpal kar\u00e1csonyi kedvezm\u00e9ny \u2013 Kezdj el tanulni kedvezm\u00e9nyes \u00e1ron<\/p>\r\n                <a class=\"promotionalLink\" href=\"https:\/\/app.talkpal.ai\/signup?discount=50\">\r\n                Kedvezm\u00e9ny            <\/a>\r\n            \r\n<\/section>","protected":false},"excerpt":{"rendered":"","protected":false},"author":20,"featured_media":0,"parent":0,"menu_order":0,"comment_status":"closed","ping_status":"closed","template":"LearningContentPage.php","meta":{"_acf_changed":false,"footnotes":""},"class_list":["post-1481602","page","type-page","status-publish","hentry"],"acf":[],"yoast_head":"<!-- This site is optimized with the Yoast SEO Premium plugin v27.2 (Yoast SEO v27.2) - https:\/\/yoast.com\/product\/yoast-seo-premium-wordpress\/ -->\n<title>Talkpal kar\u00e1csonyi kedvezm\u00e9ny - Talkpal<\/title>\n<meta name=\"description\" content=\"Takar\u00edts meg 79%-ot a Talkpal Premiumon kar\u00e1csonyban, \u00e9s tanulj gyorsabban a nyelveket fejlett AI besz\u00e9lget\u00e9soktat\u00f3nkkal egy\u00fctt.\" \/>\n<meta name=\"robots\" content=\"index, follow, max-snippet:-1, max-image-preview:large, max-video-preview:-1\" \/>\n<link rel=\"canonical\" href=\"https:\/\/talkpal.ai\/hu\/talkpal-karacsonyi-kedvezmeny\/\" \/>\n<meta property=\"og:locale\" content=\"hu_HU\" \/>\n<meta property=\"og:type\" content=\"article\" \/>\n<meta property=\"og:title\" content=\"Talkpal kar\u00e1csonyi kedvezm\u00e9ny\" \/>\n<meta property=\"og:url\" content=\"https:\/\/talkpal.ai\/hu\/talkpal-karacsonyi-kedvezmeny\/\" \/>\n<meta property=\"og:site_name\" content=\"Talkpal\" \/>\n<meta property=\"article:publisher\" content=\"https:\/\/www.facebook.com\/profile.php?id=100090733639311\" \/>\n<meta property=\"article:modified_time\" content=\"2026-01-22T14:03:12+00:00\" \/>\n<meta property=\"og:image\" content=\"https:\/\/talkpal.ai\/wp-content\/uploads\/2025\/02\/Progress-tab-16_9.png\" \/>\n\t<meta property=\"og:image:width\" content=\"2880\" \/>\n\t<meta property=\"og:image:height\" content=\"1620\" \/>\n\t<meta property=\"og:image:type\" content=\"image\/png\" \/>\n<meta name=\"twitter:card\" content=\"summary_large_image\" \/>\n<meta name=\"twitter:site\" content=\"@talkpalai\" \/>\n<script type=\"application\/ld+json\" class=\"yoast-schema-graph\">{\"@context\":\"https:\/\/schema.org\",\"@graph\":[{\"@type\":\"WebPage\",\"@id\":\"https:\/\/talkpal.ai\/hu\/talkpal-karacsonyi-kedvezmeny\/\",\"url\":\"https:\/\/talkpal.ai\/hu\/talkpal-karacsonyi-kedvezmeny\/\",\"name\":\"Talkpal kar\u00e1csonyi kedvezm\u00e9ny - Talkpal\",\"isPartOf\":{\"@id\":\"https:\/\/talkpal.ai\/hu\/#website\"},\"datePublished\":\"2025-11-27T16:56:24+00:00\",\"dateModified\":\"2026-01-22T14:03:12+00:00\",\"description\":\"Takar\u00edts meg 79%-ot a Talkpal Premiumon kar\u00e1csonyban, \u00e9s tanulj gyorsabban a nyelveket fejlett AI besz\u00e9lget\u00e9soktat\u00f3nkkal egy\u00fctt.\",\"breadcrumb\":{\"@id\":\"https:\/\/talkpal.ai\/hu\/talkpal-karacsonyi-kedvezmeny\/#breadcrumb\"},\"inLanguage\":\"hu\",\"potentialAction\":[{\"@type\":\"ReadAction\",\"target\":[\"https:\/\/talkpal.ai\/hu\/talkpal-karacsonyi-kedvezmeny\/\"]}]},{\"@type\":\"BreadcrumbList\",\"@id\":\"https:\/\/talkpal.ai\/hu\/talkpal-karacsonyi-kedvezmeny\/#breadcrumb\",\"itemListElement\":[{\"@type\":\"ListItem\",\"position\":1,\"name\":\"Homepage\",\"item\":\"https:\/\/talkpal.ai\/hu\/\"},{\"@type\":\"ListItem\",\"position\":2,\"name\":\"Talkpal kar\u00e1csonyi kedvezm\u00e9ny\"}]},{\"@type\":\"WebSite\",\"@id\":\"https:\/\/talkpal.ai\/hu\/#website\",\"url\":\"https:\/\/talkpal.ai\/hu\/\",\"name\":\"Talkpal\",\"description\":\"AI Language Learning\",\"publisher\":{\"@id\":\"https:\/\/talkpal.ai\/hu\/#organization\"},\"alternateName\":\"Talkpal AI\",\"potentialAction\":[{\"@type\":\"SearchAction\",\"target\":{\"@type\":\"EntryPoint\",\"urlTemplate\":\"https:\/\/talkpal.ai\/hu\/?s={search_term_string}\"},\"query-input\":{\"@type\":\"PropertyValueSpecification\",\"valueRequired\":true,\"valueName\":\"search_term_string\"}}],\"inLanguage\":\"hu\"},{\"@type\":\"Organization\",\"@id\":\"https:\/\/talkpal.ai\/hu\/#organization\",\"name\":\"Talkpal, Inc.\",\"alternateName\":\"Talkpal AI\",\"url\":\"https:\/\/talkpal.ai\/hu\/\",\"logo\":{\"@type\":\"ImageObject\",\"inLanguage\":\"hu\",\"@id\":\"https:\/\/talkpal.ai\/hu\/#\/schema\/logo\/image\/\",\"url\":\"https:\/\/talkpal.ai\/wp-content\/uploads\/2024\/03\/Talkpal-Logo-Icon.png\",\"contentUrl\":\"https:\/\/talkpal.ai\/wp-content\/uploads\/2024\/03\/Talkpal-Logo-Icon.png\",\"width\":2880,\"height\":2880,\"caption\":\"Talkpal, Inc.\"},\"image\":{\"@id\":\"https:\/\/talkpal.ai\/hu\/#\/schema\/logo\/image\/\"},\"sameAs\":[\"https:\/\/www.facebook.com\/profile.php?id=100090733639311\",\"https:\/\/x.com\/talkpalai\",\"https:\/\/www.linkedin.com\/company\/talkpal\/\",\"https:\/\/www.youtube.com\/@TalkPal\/\",\"https:\/\/www.tiktok.com\/@talkpal\",\"https:\/\/www.instagram.com\/talkpal_ai\/\",\"https:\/\/www.crunchbase.com\/organization\/talkpal-9cde\",\"https:\/\/www.g2.com\/products\/talkpal-for-business\/\",\"https:\/\/www.trustpilot.com\/review\/talkpal.ai\",\"https:\/\/www.capterra.com\/p\/10006800\/TalkPal\/\"],\"description\":\"Talkpal is a language learning web and mobile education app, powered by the latest AI technologies, that provides engaging experiences to its customers in many different languages to help them improve their language skills. Users can chat about unlimited amount of topics with the app and use other modes to practice their language learning.\",\"email\":\"support@talkpal.ai\",\"legalName\":\"Talkpal, Inc.\",\"foundingDate\":\"2023-04-03\",\"duns\":\"118989042\",\"numberOfEmployees\":{\"@type\":\"QuantitativeValue\",\"minValue\":\"11\",\"maxValue\":\"50\"},\"publishingPrinciples\":\"https:\/\/talkpal.ai\/publishing-principles\/\",\"actionableFeedbackPolicy\":\"https:\/\/talkpal.ai\/actionable-feedback-policy\/\",\"correctionsPolicy\":\"https:\/\/talkpal.ai\/corrections-policy\/\",\"ethicsPolicy\":\"https:\/\/talkpal.ai\/ethics-policy\/\",\"diversityPolicy\":\"https:\/\/talkpal.ai\/diversity-policy\/\",\"diversityStaffingReport\":\"https:\/\/talkpal.ai\/diversity-policy\/\"}]}<\/script>\n<!-- \/ Yoast SEO Premium plugin. -->","yoast_head_json":{"title":"Talkpal kar\u00e1csonyi kedvezm\u00e9ny - Talkpal","description":"Takar\u00edts meg 79%-ot a Talkpal Premiumon kar\u00e1csonyban, \u00e9s tanulj gyorsabban a nyelveket fejlett AI besz\u00e9lget\u00e9soktat\u00f3nkkal egy\u00fctt.","robots":{"index":"index","follow":"follow","max-snippet":"max-snippet:-1","max-image-preview":"max-image-preview:large","max-video-preview":"max-video-preview:-1"},"canonical":"https:\/\/talkpal.ai\/hu\/talkpal-karacsonyi-kedvezmeny\/","og_locale":"hu_HU","og_type":"article","og_title":"Talkpal kar\u00e1csonyi kedvezm\u00e9ny","og_url":"https:\/\/talkpal.ai\/hu\/talkpal-karacsonyi-kedvezmeny\/","og_site_name":"Talkpal","article_publisher":"https:\/\/www.facebook.com\/profile.php?id=100090733639311","article_modified_time":"2026-01-22T14:03:12+00:00","og_image":[{"width":2880,"height":1620,"url":"https:\/\/talkpal.ai\/wp-content\/uploads\/2025\/02\/Progress-tab-16_9.png","type":"image\/png"}],"twitter_card":"summary_large_image","twitter_site":"@talkpalai","schema":{"@context":"https:\/\/schema.org","@graph":[{"@type":"WebPage","@id":"https:\/\/talkpal.ai\/hu\/talkpal-karacsonyi-kedvezmeny\/","url":"https:\/\/talkpal.ai\/hu\/talkpal-karacsonyi-kedvezmeny\/","name":"Talkpal kar\u00e1csonyi kedvezm\u00e9ny - Talkpal","isPartOf":{"@id":"https:\/\/talkpal.ai\/hu\/#website"},"datePublished":"2025-11-27T16:56:24+00:00","dateModified":"2026-01-22T14:03:12+00:00","description":"Takar\u00edts meg 79%-ot a Talkpal Premiumon kar\u00e1csonyban, \u00e9s tanulj gyorsabban a nyelveket fejlett AI besz\u00e9lget\u00e9soktat\u00f3nkkal egy\u00fctt.","breadcrumb":{"@id":"https:\/\/talkpal.ai\/hu\/talkpal-karacsonyi-kedvezmeny\/#breadcrumb"},"inLanguage":"hu","potentialAction":[{"@type":"ReadAction","target":["https:\/\/talkpal.ai\/hu\/talkpal-karacsonyi-kedvezmeny\/"]}]},{"@type":"BreadcrumbList","@id":"https:\/\/talkpal.ai\/hu\/talkpal-karacsonyi-kedvezmeny\/#breadcrumb","itemListElement":[{"@type":"ListItem","position":1,"name":"Homepage","item":"https:\/\/talkpal.ai\/hu\/"},{"@type":"ListItem","position":2,"name":"Talkpal kar\u00e1csonyi kedvezm\u00e9ny"}]},{"@type":"WebSite","@id":"https:\/\/talkpal.ai\/hu\/#website","url":"https:\/\/talkpal.ai\/hu\/","name":"Talkpal","description":"AI Language Learning","publisher":{"@id":"https:\/\/talkpal.ai\/hu\/#organization"},"alternateName":"Talkpal AI","potentialAction":[{"@type":"SearchAction","target":{"@type":"EntryPoint","urlTemplate":"https:\/\/talkpal.ai\/hu\/?s={search_term_string}"},"query-input":{"@type":"PropertyValueSpecification","valueRequired":true,"valueName":"search_term_string"}}],"inLanguage":"hu"},{"@type":"Organization","@id":"https:\/\/talkpal.ai\/hu\/#organization","name":"Talkpal, Inc.","alternateName":"Talkpal AI","url":"https:\/\/talkpal.ai\/hu\/","logo":{"@type":"ImageObject","inLanguage":"hu","@id":"https:\/\/talkpal.ai\/hu\/#\/schema\/logo\/image\/","url":"https:\/\/talkpal.ai\/wp-content\/uploads\/2024\/03\/Talkpal-Logo-Icon.png","contentUrl":"https:\/\/talkpal.ai\/wp-content\/uploads\/2024\/03\/Talkpal-Logo-Icon.png","width":2880,"height":2880,"caption":"Talkpal, Inc."},"image":{"@id":"https:\/\/talkpal.ai\/hu\/#\/schema\/logo\/image\/"},"sameAs":["https:\/\/www.facebook.com\/profile.php?id=100090733639311","https:\/\/x.com\/talkpalai","https:\/\/www.linkedin.com\/company\/talkpal\/","https:\/\/www.youtube.com\/@TalkPal\/","https:\/\/www.tiktok.com\/@talkpal","https:\/\/www.instagram.com\/talkpal_ai\/","https:\/\/www.crunchbase.com\/organization\/talkpal-9cde","https:\/\/www.g2.com\/products\/talkpal-for-business\/","https:\/\/www.trustpilot.com\/review\/talkpal.ai","https:\/\/www.capterra.com\/p\/10006800\/TalkPal\/"],"description":"Talkpal is a language learning web and mobile education app, powered by the latest AI technologies, that provides engaging experiences to its customers in many different languages to help them improve their language skills. Users can chat about unlimited amount of topics with the app and use other modes to practice their language learning.","email":"support@talkpal.ai","legalName":"Talkpal, Inc.","foundingDate":"2023-04-03","duns":"118989042","numberOfEmployees":{"@type":"QuantitativeValue","minValue":"11","maxValue":"50"},"publishingPrinciples":"https:\/\/talkpal.ai\/publishing-principles\/","actionableFeedbackPolicy":"https:\/\/talkpal.ai\/actionable-feedback-policy\/","correctionsPolicy":"https:\/\/talkpal.ai\/corrections-policy\/","ethicsPolicy":"https:\/\/talkpal.ai\/ethics-policy\/","diversityPolicy":"https:\/\/talkpal.ai\/diversity-policy\/","diversityStaffingReport":"https:\/\/talkpal.ai\/diversity-policy\/"}]}},"_links":{"self":[{"href":"https:\/\/talkpal.ai\/hu\/wp-json\/wp\/v2\/pages\/1481602","targetHints":{"allow":["GET"]}}],"collection":[{"href":"https:\/\/talkpal.ai\/hu\/wp-json\/wp\/v2\/pages"}],"about":[{"href":"https:\/\/talkpal.ai\/hu\/wp-json\/wp\/v2\/types\/page"}],"author":[{"embeddable":true,"href":"https:\/\/talkpal.ai\/hu\/wp-json\/wp\/v2\/users\/20"}],"replies":[{"embeddable":true,"href":"https:\/\/talkpal.ai\/hu\/wp-json\/wp\/v2\/comments?post=1481602"}],"version-history":[{"count":0,"href":"https:\/\/talkpal.ai\/hu\/wp-json\/wp\/v2\/pages\/1481602\/revisions"}],"wp:attachment":[{"href":"https:\/\/talkpal.ai\/hu\/wp-json\/wp\/v2\/media?parent=1481602"}],"curies":[{"name":"wp","href":"https:\/\/api.w.org\/{rel}","templated":true}]}}