{"id":148064,"date":"2023-05-14T14:12:45","date_gmt":"2023-05-14T14:12:45","guid":{"rendered":"http:\/\/talkpal.ai\/nepali-nyelvtan\/"},"modified":"2025-12-17T17:00:24","modified_gmt":"2025-12-17T17:00:24","slug":"nepali-nyelvtan","status":"publish","type":"page","link":"https:\/\/talkpal.ai\/hu\/nepali-nyelvtan\/","title":{"rendered":"Nep\u00e1li nyelvtan"},"content":{"rendered":"\r\n\r\n\r\n<section class=\"languageChallengeSection\">\r\n    <div class=\"languageInfoWrapper\">\r\n        \r\n        <h1>Nep\u00e1li nyelvtan<\/h1>\r\n        <p>K\u00edv\u00e1ncsi a <a href=\"https:\/\/talkpal.ai\/learn-nepali\/\">nep\u00e1li<\/a> nyelvre? Fedezze fel a nep\u00e1li nyelvtant, amely a nemek szerinti f\u0151neveket, a posztpoz\u00edci\u00f3kat \u00e9s a rugalmas mondatszerkezetet mutatja be, <a href=\"https:\/\/talkpal.ai\/locations\/language-courses-in-ami\/\">ami<\/a> a nyelvet kifejez\u0151v\u00e9 \u00e9s vonz\u00f3v\u00e1 teszi. Kezdje el a tanul\u00e1st m\u00e9g ma &#8211; a <a href=\"https:\/\/talkpal.ai\/nepali-grammar\/\">nep\u00e1li nyelvtan<\/a> elsaj\u00e1t\u00edt\u00e1sa \u00e9rtelmes besz\u00e9lget\u00e9seket tesz lehet\u0151v\u00e9, \u00e9s \u00f6sszekapcsolja \u00d6nt Nep\u00e1l soksz\u00edn\u0171 kult\u00far\u00e1j\u00e1val \u00e9s hagyom\u00e1nyaival!<\/p>\r\n\r\n                            <a class=\"getStartedHidden\" href=\"https:\/\/app.talkpal.ai\/hu\/signup?lng=\">Kezdj\u00fck<\/a>\r\n        \r\n    <\/div>\r\n\r\n    <figure>\r\n    <img decoding=\"async\" width=\"768\" height=\"768\" src=\"https:\/\/talkpal.ai\/wp-content\/uploads\/2023\/06\/nepali-768x768.png\" class=\"languageImage no-lazy\" alt=\"Practical language learning for real-life application\" fetchpriority=\"high\" sizes=\"(max-width: 768px) 150px, 768px\" srcset=\"https:\/\/talkpal.ai\/wp-content\/uploads\/2023\/06\/nepali-768x768.png 768w, https:\/\/talkpal.ai\/wp-content\/uploads\/2023\/06\/nepali-300x300.png 300w\" \/>\r\n    \r\n\r\n    <\/figure>\r\n\r\n            <a class=\"getStartedVisible\" href=\"https:\/\/app.talkpal.ai\/hu\/signup?lng=\">Kezdj\u00fck<\/a>\r\n    \r\n<\/section>\r\n<section class=\"promotionalBanner\">\r\n    <p class=\"promotionalText\">A nyelvtanul\u00e1s leghat\u00e9konyabb m\u00f3dja<\/p>\r\n    <a class=\"promotionalLink\" href=\"https:\/\/app.talkpal.ai\/hu\/signup?lng=\">Pr\u00f3b\u00e1lja ki a Talkpal ingyen<\/a>\r\n<\/section>\n<div class=\"wp-block-group pageContainerStyle\"><div class=\"wp-block-group__inner-container is-layout-constrained wp-block-group-is-layout-constrained\">\n<h2 class=\"wp-block-heading\" id=\"h-delving-into-the-richness-of-nepali-grammar-an-insightful-guide\">Belemer\u00fclni a nep\u00e1li nyelvtan gazdags\u00e1g\u00e1ba: betekint\u00e9st ny\u00fajt\u00f3 \u00fatmutat\u00f3<\/h2>\n\n\n\n<p>A nep\u00e1li, egy indo-\u00e1rja nyelv, amelyet t\u00f6bb mint 25 milli\u00f3 ember besz\u00e9l Nep\u00e1lban \u00e9s a szomsz\u00e9dos r\u00e9gi\u00f3kban, egy kellemes nyelv, amely bemutatja D\u00e9l-\u00c1zsia kultur\u00e1lis gazdags\u00e1g\u00e1t \u00e9s nyelvi soksz\u00edn\u0171s\u00e9g\u00e9t. Ahhoz, hogy hat\u00e9konyan kommunik\u00e1ljunk nep\u00e1li nyelven \u00e9s val\u00f3ban \u00e9rt\u00e9kelj\u00fck sz\u00e9ps\u00e9g\u00e9t, meg kell \u00e9rten\u00fcnk a nyelvtan\u00e1t. Ebben a cikkben \u00e1ttekint\u00e9st ny\u00fajtunk a nep\u00e1li <a href=\"https:\/\/talkpal.ai\/grammar\/\">nyelvtan<\/a> alapvet\u0151 szempontjair\u00f3l, \u00e9s gyakorlati tippeket k\u00edn\u00e1lunk ennek a leny\u0171g\u00f6z\u0151 nyelvnek az elsaj\u00e1t\u00edt\u00e1s\u00e1hoz.<\/p>\n\n\n\n<h3 class=\"wp-block-heading\" id=\"h-key-aspects-of-nepali-grammar\">A nep\u00e1li nyelvtan legfontosabb szempontjai:<\/h3>\n\n\n\n<p>A nep\u00e1li nyelvtan kezdetben kih\u00edv\u00e1st jelenthet, de id\u0151vel \u00e9s gyakorl\u00e1ssal r\u00e1j\u00f6het. \u00cdme a nep\u00e1li nyelvtan n\u00e9h\u00e1ny alapvet\u0151 \u00f6sszetev\u0151je, amellyel megismerkedhet:<\/p>\n\n\n\n<p><strong>1. F\u0151nevek:<\/strong> A nep\u00e1li f\u0151neveknek nincs nyelvtani neme, ami megk\u00f6nny\u00edti a tanul\u00f3k dolg\u00e1t, mivel nincs sz\u00fcks\u00e9g az egyes f\u0151nevek nem\u00e9nek memoriz\u00e1l\u00e1s\u00e1ra. A f\u0151neveket azonban sz\u00e1mra (egyes \u00e9s t\u00f6bbes sz\u00e1m) \u00e9s esetre (nominat\u00edv, genit\u00edv, dat\u00edvusz stb.) ragozz\u00e1k.<\/p>\n\n\n\n<p><strong>2. N\u00e9vm\u00e1sok<\/strong> : A nep\u00e1li szem\u00e9lyes n\u00e9vm\u00e1soknak h\u00e1rom form\u00e1ja <a href=\"https:\/\/talkpal.ai\/locations\/language-courses-in-van\/\">van<\/a>: szubjekt\u00edv, objekt\u00edv \u00e9s birtokos. Egyet\u00e9rtenek azzal a f\u0151n\u00e9vvel, amelyre hivatkoznak a sz\u00e1m, de nem a nem szempontj\u00e1b\u00f3l. K\u00fcl\u00f6nb\u00f6z\u0151 n\u00e9vm\u00e1sok \u00e9s igeragoz\u00e1si form\u00e1k is l\u00e9teznek a formalit\u00e1s szintje alapj\u00e1n (udvarias, ismer\u0151s vagy intim).<\/p>\n\n\n\n<p><strong>3. Ig\u00e9k:<\/strong> A nep\u00e1li ig\u00e9k ragoz\u00e1sa igeid\u0151re (jelen, m\u00falt \u00e9s j\u00f6v\u0151), hangulatra (indikat\u00edv, imperat\u00edv vagy szubjekt\u00edv) \u00e9s aspektusra (folyamatos, t\u00f6k\u00e9letes vagy egyszer\u0171). Az igealakok ragoz\u00e1si mint\u00e1i is elk\u00fcl\u00f6n\u00fclnek az alany form\u00e1lis szintj\u00e9t\u0151l f\u00fcgg\u0151en.<\/p>\n\n\n\n<p><strong>4. Mell\u00e9knevek \u00e9s hat\u00e1roz\u00f3sz\u00f3k:<\/strong> A nep\u00e1li mell\u00e9knevek \u00e1ltal\u00e1ban az \u00e1ltaluk m\u00f3dos\u00edtott f\u0151nevet k\u00f6vetik, \u00e9s sz\u00e1mban \u00e9s esetben megegyeznek. A hat\u00e1roz\u00f3szavak tov\u00e1bbi inform\u00e1ci\u00f3k megad\u00e1s\u00e1ra haszn\u00e1lhat\u00f3k, \u00e9s \u00e1ltal\u00e1ban nem v\u00e1ltoztatj\u00e1k meg form\u00e1jukat.<\/p>\n\n\n\n<p><strong>5. Mondatszerkezet:<\/strong> A tipikus nep\u00e1li mondatszerkezet az alany-objektum-ige (SOV) sorrendet k\u00f6veti. A sz\u00f3rend azonban rugalmas lehet, a hangs\u00falyt\u00f3l \u00e9s a kontextust\u00f3l f\u00fcgg\u0151en.<\/p>\n\n\n\n<h3 class=\"wp-block-heading\" id=\"h-tips-for-learning-nepali-grammar\">Tippek a nep\u00e1li nyelvtan tanul\u00e1s\u00e1hoz:<\/h3>\n\n\n\n<p>\u00cdme n\u00e9h\u00e1ny hat\u00e9kony strat\u00e9gia a nep\u00e1li nyelvtan tanul\u00e1si folyamat\u00e1nak z\u00f6kken\u0151mentesebb\u00e9 t\u00e9tel\u00e9hez:<\/p>\n\n\n\n<p><strong>1. Kezdje az alapokkal:<\/strong> \u00d6sszpontos\u00edtson a nep\u00e1li nyelvtan alapjainak elsaj\u00e1t\u00edt\u00e1s\u00e1ra, p\u00e9ld\u00e1ul a f\u0151n\u00e9vi esetekre, a n\u00e9vm\u00e1sokra \u00e9s az igeragoz\u00e1sra. Ahogy a meg\u00e9rt\u00e9sed n\u00f6vekszik, fokozatosan \u00e9p\u00edts be \u00f6sszetettebb strukt\u00far\u00e1kat \u00e9s szab\u00e1lyokat.<\/p>\n\n\n\n<p><strong>2. Gyakoroljon rendszeresen:<\/strong> A k\u00f6vetkezetess\u00e9g kritikus fontoss\u00e1g\u00fa egy \u00faj nyelv tanul\u00e1sakor. <a href=\"https:\/\/talkpal.ai\/locations\/language-courses-in-minden\/\">Minden<\/a> nap vagy hetente sz\u00e1njon meghat\u00e1rozott id\u0151pontokat a <a href=\"https:\/\/talkpal.ai\/hu\/ir-nyelvtani-gyakorlatok\/\">nyelvtani gyakorlatok<\/a>, az olvas\u00e1s \u00e9s az \u00edr\u00e1s gyakorl\u00e1s\u00e1ra nep\u00e1li nyelven.<\/p>\n\n\n\n<p><strong>3. Haszn\u00e1ljon nat\u00edv forr\u00e1sokat:<\/strong> Mer\u00fclj\u00f6n el hiteles nep\u00e1li anyagokban, p\u00e9ld\u00e1ul irodalomban, \u00fajs\u00e1gcikkekben \u00e9s podcastokban. Ez nem csak seg\u00edt meg\u00e9rteni a nep\u00e1li nyelvtant a kontextusban, hanem jav\u00edtja az \u00e1ltal\u00e1nos nyelvi k\u00e9szs\u00e9geket is.<\/p>\n\n\n\n<p><strong>4. L\u00e9pjen kapcsolatba anyanyelvi besz\u00e9l\u0151kkel: A nep\u00e1li anyanyelv\u0171ekkel<\/strong> folytatott besz\u00e9lget\u00e9sek lehet\u0151v\u00e9 teszik a nyelvtan gyakorl\u00e1s\u00e1t val\u00f3s \u00e9lethelyzetekben, \u00e9s \u00e9rt\u00e9kes visszajelz\u00e9seket kaphat. Fontolja meg a nyelvi cserecsoportokhoz vagy online f\u00f3rumokhoz val\u00f3 csatlakoz\u00e1st, hogy kapcsolatba l\u00e9phessen a nep\u00e1li nyelv\u0171 szem\u00e9lyekkel.<\/p>\n\n\n\n<p><strong>5. Legyen t\u00fcrelmes \u00e9s kitart\u00f3:<\/strong> Ne feledje, hogy egy \u00faj nyelv tanul\u00e1sa id\u0151t, kitart\u00e1st \u00e9s t\u00fcrelmet ig\u00e9nyel. Fogadd el a kih\u00edv\u00e1sokat, \u00e9s \u00fcnnepeld meg a fejl\u0151d\u00e9sedet az \u00fat sor\u00e1n.<\/p>\n\n\n\n<h3 class=\"wp-block-heading\" id=\"h-conclusion\">K\u00f6vetkeztet\u00e9s:<\/h3>\n\n\n\n<p>A nep\u00e1li nyelvtan egyed\u00fcl\u00e1ll\u00f3 jellemz\u0151ivel \u00e9s az indo-\u00e1rja nyelvcsal\u00e1ddal val\u00f3 kapcsolat\u00e1val leny\u0171g\u00f6z\u0151 nyelvi utaz\u00e1st k\u00edn\u00e1l. Ha meg\u00e9rti a nyelv legfontosabb aspektusait, \u00e9s k\u00f6veti gyakorlati tan\u00e1csainkat, egyengetheti az utat a nyelvtud\u00e1s fel\u00e9, \u00e9s m\u00e9lyebben megismerheti a nep\u00e1li nyelvet. Mer\u00e9szkedj h\u00e1t lelkesen \u00e9s k\u00edv\u00e1ncsian, \u00e9s \u00f6leld magadhoz Nep\u00e1l nyelvi kincseit!<\/p>\n<\/div><\/div>\n\r\n<section class=\"learnNavigationSection\">\r\n            \r\n        <a href=\"https:\/\/talkpal.ai\/hu\/tanulj-nepali-nyelven\/\">\r\n            <div class=\"learnNavigationWrapper\">\r\n                <div class=\"learnNavigationContent\">\r\n                    <img decoding=\"async\" src=\"https:\/\/talkpal.ai\/wp-content\/uploads\/2024\/08\/Nepali.jpg\" alt=\"Nepali Flag\">\r\n                    <div>\r\n                        <h4>A nep\u00e1li tanul\u00e1sr\u00f3l<\/h4>\r\n                        <p>Tudjon meg mindent a nep\u00e1li nyelvtanr\u00f3l.<\/p>\r\n                    <\/div>\r\n                <\/div>\r\n            <\/div>\r\n        <\/a>\r\n\r\n        \r\n        <a href=\"https:\/\/talkpal.ai\/hu\/nepali-nyelvtani-gyakorlatok\/\">\r\n            <div class=\"learnNavigationWrapper\">\r\n                <div class=\"learnNavigationContent\">\r\n                    <img decoding=\"async\" src=\"https:\/\/talkpal.ai\/wp-content\/uploads\/2024\/08\/Nepali.jpg\" alt=\"Nepali Flag\">\r\n                    <div>\r\n                        <h4>Nep\u00e1li nyelvtani gyakorlat<\/h4>\r\n                        <p>Gyakorolja a nep\u00e1li nyelvtant.<\/p>\r\n                    <\/div>\r\n                <\/div>\r\n            <\/div>\r\n        <\/a>\r\n\r\n        \r\n        <a href=\"https:\/\/talkpal.ai\/vocabulary_language\/nepali\/\">\r\n            <div class=\"learnNavigationWrapper\">\r\n                <div class=\"learnNavigationContent\">\r\n                    <img decoding=\"async\" src=\"https:\/\/talkpal.ai\/wp-content\/uploads\/2024\/08\/Nepali.jpg\" alt=\"Nepali Flag\">\r\n                    <div>\r\n                        <h4>Nep\u00e1li sz\u00f3kincs<\/h4>\r\n                        <p>B\u0151v\u00edtse nep\u00e1li sz\u00f3kincs\u00e9t.<\/p>\r\n                    <\/div>\r\n                <\/div>\r\n            <\/div>\r\n        <\/a>\r\n\r\n            <\/section>","protected":false},"excerpt":{"rendered":"<p>Belemer\u00fclni a nep\u00e1li nyelvtan gazdags\u00e1g\u00e1ba: betekint\u00e9st ny\u00fajt\u00f3 \u00fatmutat\u00f3 A nep\u00e1li, egy indo-\u00e1rja nyelv, amelyet t\u00f6bb mint 25 milli\u00f3 ember besz\u00e9l Nep\u00e1lban \u00e9s a szomsz\u00e9dos r\u00e9gi\u00f3kban, egy kellemes nyelv, amely bemutatja D\u00e9l-\u00c1zsia kultur\u00e1lis gazdags\u00e1g\u00e1t \u00e9s nyelvi soksz\u00edn\u0171s\u00e9g\u00e9t. Ahhoz, hogy hat\u00e9konyan kommunik\u00e1ljunk nep\u00e1li nyelven \u00e9s val\u00f3ban \u00e9rt\u00e9kelj\u00fck sz\u00e9ps\u00e9g\u00e9t, meg kell \u00e9rten\u00fcnk a nyelvtan\u00e1t. Ebben a cikkben \u00e1ttekint\u00e9st [&hellip;]<\/p>\n","protected":false},"author":1,"featured_media":116168,"parent":0,"menu_order":0,"comment_status":"closed","ping_status":"closed","template":"LearningContentPage.php","meta":{"_acf_changed":false,"footnotes":""},"class_list":["post-148064","page","type-page","status-publish","has-post-thumbnail","hentry"],"acf":[],"yoast_head":"<!-- This site is optimized with the Yoast SEO Premium plugin v27.2 (Yoast SEO v27.2) - https:\/\/yoast.com\/product\/yoast-seo-premium-wordpress\/ -->\n<title>Nep\u00e1li nyelvtan - Talkpal<\/title>\n<meta name=\"description\" content=\"Fedezze fel a nep\u00e1li nyelvtant, \u00e9s vil\u00e1gos \u00e9s t\u00f6m\u00f6r magyar\u00e1zatokkal b\u0151v\u00edtse a nyelv meg\u00e9rt\u00e9s\u00e9t.\" \/>\n<meta name=\"robots\" content=\"index, follow, max-snippet:-1, max-image-preview:large, max-video-preview:-1\" \/>\n<link rel=\"canonical\" href=\"https:\/\/talkpal.ai\/hu\/nepali-nyelvtan\/\" \/>\n<meta property=\"og:locale\" content=\"hu_HU\" \/>\n<meta property=\"og:type\" content=\"article\" \/>\n<meta property=\"og:title\" content=\"Nep\u00e1li nyelvtan\" \/>\n<meta property=\"og:description\" content=\"Belemer\u00fclni a nep\u00e1li nyelvtan gazdags\u00e1g\u00e1ba: betekint\u00e9st ny\u00fajt\u00f3 \u00fatmutat\u00f3 A nep\u00e1li, egy indo-\u00e1rja nyelv, amelyet t\u00f6bb mint 25 milli\u00f3 ember besz\u00e9l Nep\u00e1lban\" \/>\n<meta property=\"og:url\" content=\"https:\/\/talkpal.ai\/hu\/nepali-nyelvtan\/\" \/>\n<meta property=\"og:site_name\" content=\"Talkpal\" \/>\n<meta property=\"article:publisher\" content=\"https:\/\/www.facebook.com\/profile.php?id=100090733639311\" \/>\n<meta property=\"article:modified_time\" content=\"2025-12-17T17:00:24+00:00\" \/>\n<meta property=\"og:image\" content=\"https:\/\/talkpal.ai\/wp-content\/uploads\/2023\/05\/nepal.png\" \/>\n\t<meta property=\"og:image:width\" content=\"512\" \/>\n\t<meta property=\"og:image:height\" content=\"512\" \/>\n\t<meta property=\"og:image:type\" content=\"image\/png\" \/>\n<meta name=\"twitter:card\" content=\"summary_large_image\" \/>\n<meta name=\"twitter:site\" content=\"@talkpalai\" \/>\n<meta name=\"twitter:label1\" content=\"Becs\u00fclt olvas\u00e1si id\u0151\" \/>\n\t<meta name=\"twitter:data1\" content=\"4 perc\" \/>\n<script type=\"application\/ld+json\" class=\"yoast-schema-graph\">{\"@context\":\"https:\/\/schema.org\",\"@graph\":[{\"@type\":\"WebPage\",\"@id\":\"https:\/\/talkpal.ai\/hu\/nepali-nyelvtan\/\",\"url\":\"https:\/\/talkpal.ai\/hu\/nepali-nyelvtan\/\",\"name\":\"Nep\u00e1li nyelvtan - Talkpal\",\"isPartOf\":{\"@id\":\"https:\/\/talkpal.ai\/hu\/#website\"},\"primaryImageOfPage\":{\"@id\":\"https:\/\/talkpal.ai\/hu\/nepali-nyelvtan\/#primaryimage\"},\"image\":{\"@id\":\"https:\/\/talkpal.ai\/hu\/nepali-nyelvtan\/#primaryimage\"},\"thumbnailUrl\":\"https:\/\/talkpal.ai\/wp-content\/uploads\/2023\/05\/nepal.png\",\"datePublished\":\"2023-05-14T14:12:45+00:00\",\"dateModified\":\"2025-12-17T17:00:24+00:00\",\"description\":\"Fedezze fel a nep\u00e1li nyelvtant, \u00e9s vil\u00e1gos \u00e9s t\u00f6m\u00f6r magyar\u00e1zatokkal b\u0151v\u00edtse a nyelv meg\u00e9rt\u00e9s\u00e9t.\",\"breadcrumb\":{\"@id\":\"https:\/\/talkpal.ai\/hu\/nepali-nyelvtan\/#breadcrumb\"},\"inLanguage\":\"hu\",\"potentialAction\":[{\"@type\":\"ReadAction\",\"target\":[\"https:\/\/talkpal.ai\/hu\/nepali-nyelvtan\/\"]}]},{\"@type\":\"ImageObject\",\"inLanguage\":\"hu\",\"@id\":\"https:\/\/talkpal.ai\/hu\/nepali-nyelvtan\/#primaryimage\",\"url\":\"https:\/\/talkpal.ai\/wp-content\/uploads\/2023\/05\/nepal.png\",\"contentUrl\":\"https:\/\/talkpal.ai\/wp-content\/uploads\/2023\/05\/nepal.png\",\"width\":512,\"height\":512},{\"@type\":\"BreadcrumbList\",\"@id\":\"https:\/\/talkpal.ai\/hu\/nepali-nyelvtan\/#breadcrumb\",\"itemListElement\":[{\"@type\":\"ListItem\",\"position\":1,\"name\":\"Homepage\",\"item\":\"https:\/\/talkpal.ai\/hu\/\"},{\"@type\":\"ListItem\",\"position\":2,\"name\":\"Nep\u00e1li nyelvtan\"}]},{\"@type\":\"WebSite\",\"@id\":\"https:\/\/talkpal.ai\/hu\/#website\",\"url\":\"https:\/\/talkpal.ai\/hu\/\",\"name\":\"Talkpal\",\"description\":\"AI Language Learning\",\"publisher\":{\"@id\":\"https:\/\/talkpal.ai\/hu\/#organization\"},\"alternateName\":\"Talkpal AI\",\"potentialAction\":[{\"@type\":\"SearchAction\",\"target\":{\"@type\":\"EntryPoint\",\"urlTemplate\":\"https:\/\/talkpal.ai\/hu\/?s={search_term_string}\"},\"query-input\":{\"@type\":\"PropertyValueSpecification\",\"valueRequired\":true,\"valueName\":\"search_term_string\"}}],\"inLanguage\":\"hu\"},{\"@type\":\"Organization\",\"@id\":\"https:\/\/talkpal.ai\/hu\/#organization\",\"name\":\"Talkpal, Inc.\",\"alternateName\":\"Talkpal AI\",\"url\":\"https:\/\/talkpal.ai\/hu\/\",\"logo\":{\"@type\":\"ImageObject\",\"inLanguage\":\"hu\",\"@id\":\"https:\/\/talkpal.ai\/hu\/#\/schema\/logo\/image\/\",\"url\":\"https:\/\/talkpal.ai\/wp-content\/uploads\/2024\/03\/Talkpal-Logo-Icon.png\",\"contentUrl\":\"https:\/\/talkpal.ai\/wp-content\/uploads\/2024\/03\/Talkpal-Logo-Icon.png\",\"width\":2880,\"height\":2880,\"caption\":\"Talkpal, Inc.\"},\"image\":{\"@id\":\"https:\/\/talkpal.ai\/hu\/#\/schema\/logo\/image\/\"},\"sameAs\":[\"https:\/\/www.facebook.com\/profile.php?id=100090733639311\",\"https:\/\/x.com\/talkpalai\",\"https:\/\/www.linkedin.com\/company\/talkpal\/\",\"https:\/\/www.youtube.com\/@TalkPal\/\",\"https:\/\/www.tiktok.com\/@talkpal\",\"https:\/\/www.instagram.com\/talkpal_ai\/\",\"https:\/\/www.crunchbase.com\/organization\/talkpal-9cde\",\"https:\/\/www.g2.com\/products\/talkpal-for-business\/\",\"https:\/\/www.trustpilot.com\/review\/talkpal.ai\",\"https:\/\/www.capterra.com\/p\/10006800\/TalkPal\/\"],\"description\":\"Talkpal is a language learning web and mobile education app, powered by the latest AI technologies, that provides engaging experiences to its customers in many different languages to help them improve their language skills. Users can chat about unlimited amount of topics with the app and use other modes to practice their language learning.\",\"email\":\"support@talkpal.ai\",\"legalName\":\"Talkpal, Inc.\",\"foundingDate\":\"2023-04-03\",\"duns\":\"118989042\",\"numberOfEmployees\":{\"@type\":\"QuantitativeValue\",\"minValue\":\"11\",\"maxValue\":\"50\"},\"publishingPrinciples\":\"https:\/\/talkpal.ai\/publishing-principles\/\",\"actionableFeedbackPolicy\":\"https:\/\/talkpal.ai\/actionable-feedback-policy\/\",\"correctionsPolicy\":\"https:\/\/talkpal.ai\/corrections-policy\/\",\"ethicsPolicy\":\"https:\/\/talkpal.ai\/ethics-policy\/\",\"diversityPolicy\":\"https:\/\/talkpal.ai\/diversity-policy\/\",\"diversityStaffingReport\":\"https:\/\/talkpal.ai\/diversity-policy\/\"}]}<\/script>\n<!-- \/ Yoast SEO Premium plugin. -->","yoast_head_json":{"title":"Nep\u00e1li nyelvtan - Talkpal","description":"Fedezze fel a nep\u00e1li nyelvtant, \u00e9s vil\u00e1gos \u00e9s t\u00f6m\u00f6r magyar\u00e1zatokkal b\u0151v\u00edtse a nyelv meg\u00e9rt\u00e9s\u00e9t.","robots":{"index":"index","follow":"follow","max-snippet":"max-snippet:-1","max-image-preview":"max-image-preview:large","max-video-preview":"max-video-preview:-1"},"canonical":"https:\/\/talkpal.ai\/hu\/nepali-nyelvtan\/","og_locale":"hu_HU","og_type":"article","og_title":"Nep\u00e1li nyelvtan","og_description":"Belemer\u00fclni a nep\u00e1li nyelvtan gazdags\u00e1g\u00e1ba: betekint\u00e9st ny\u00fajt\u00f3 \u00fatmutat\u00f3 A nep\u00e1li, egy indo-\u00e1rja nyelv, amelyet t\u00f6bb mint 25 milli\u00f3 ember besz\u00e9l Nep\u00e1lban","og_url":"https:\/\/talkpal.ai\/hu\/nepali-nyelvtan\/","og_site_name":"Talkpal","article_publisher":"https:\/\/www.facebook.com\/profile.php?id=100090733639311","article_modified_time":"2025-12-17T17:00:24+00:00","og_image":[{"width":512,"height":512,"url":"https:\/\/talkpal.ai\/wp-content\/uploads\/2023\/05\/nepal.png","type":"image\/png"}],"twitter_card":"summary_large_image","twitter_site":"@talkpalai","twitter_misc":{"Becs\u00fclt olvas\u00e1si id\u0151":"4 perc"},"schema":{"@context":"https:\/\/schema.org","@graph":[{"@type":"WebPage","@id":"https:\/\/talkpal.ai\/hu\/nepali-nyelvtan\/","url":"https:\/\/talkpal.ai\/hu\/nepali-nyelvtan\/","name":"Nep\u00e1li nyelvtan - Talkpal","isPartOf":{"@id":"https:\/\/talkpal.ai\/hu\/#website"},"primaryImageOfPage":{"@id":"https:\/\/talkpal.ai\/hu\/nepali-nyelvtan\/#primaryimage"},"image":{"@id":"https:\/\/talkpal.ai\/hu\/nepali-nyelvtan\/#primaryimage"},"thumbnailUrl":"https:\/\/talkpal.ai\/wp-content\/uploads\/2023\/05\/nepal.png","datePublished":"2023-05-14T14:12:45+00:00","dateModified":"2025-12-17T17:00:24+00:00","description":"Fedezze fel a nep\u00e1li nyelvtant, \u00e9s vil\u00e1gos \u00e9s t\u00f6m\u00f6r magyar\u00e1zatokkal b\u0151v\u00edtse a nyelv meg\u00e9rt\u00e9s\u00e9t.","breadcrumb":{"@id":"https:\/\/talkpal.ai\/hu\/nepali-nyelvtan\/#breadcrumb"},"inLanguage":"hu","potentialAction":[{"@type":"ReadAction","target":["https:\/\/talkpal.ai\/hu\/nepali-nyelvtan\/"]}]},{"@type":"ImageObject","inLanguage":"hu","@id":"https:\/\/talkpal.ai\/hu\/nepali-nyelvtan\/#primaryimage","url":"https:\/\/talkpal.ai\/wp-content\/uploads\/2023\/05\/nepal.png","contentUrl":"https:\/\/talkpal.ai\/wp-content\/uploads\/2023\/05\/nepal.png","width":512,"height":512},{"@type":"BreadcrumbList","@id":"https:\/\/talkpal.ai\/hu\/nepali-nyelvtan\/#breadcrumb","itemListElement":[{"@type":"ListItem","position":1,"name":"Homepage","item":"https:\/\/talkpal.ai\/hu\/"},{"@type":"ListItem","position":2,"name":"Nep\u00e1li nyelvtan"}]},{"@type":"WebSite","@id":"https:\/\/talkpal.ai\/hu\/#website","url":"https:\/\/talkpal.ai\/hu\/","name":"Talkpal","description":"AI Language Learning","publisher":{"@id":"https:\/\/talkpal.ai\/hu\/#organization"},"alternateName":"Talkpal AI","potentialAction":[{"@type":"SearchAction","target":{"@type":"EntryPoint","urlTemplate":"https:\/\/talkpal.ai\/hu\/?s={search_term_string}"},"query-input":{"@type":"PropertyValueSpecification","valueRequired":true,"valueName":"search_term_string"}}],"inLanguage":"hu"},{"@type":"Organization","@id":"https:\/\/talkpal.ai\/hu\/#organization","name":"Talkpal, Inc.","alternateName":"Talkpal AI","url":"https:\/\/talkpal.ai\/hu\/","logo":{"@type":"ImageObject","inLanguage":"hu","@id":"https:\/\/talkpal.ai\/hu\/#\/schema\/logo\/image\/","url":"https:\/\/talkpal.ai\/wp-content\/uploads\/2024\/03\/Talkpal-Logo-Icon.png","contentUrl":"https:\/\/talkpal.ai\/wp-content\/uploads\/2024\/03\/Talkpal-Logo-Icon.png","width":2880,"height":2880,"caption":"Talkpal, Inc."},"image":{"@id":"https:\/\/talkpal.ai\/hu\/#\/schema\/logo\/image\/"},"sameAs":["https:\/\/www.facebook.com\/profile.php?id=100090733639311","https:\/\/x.com\/talkpalai","https:\/\/www.linkedin.com\/company\/talkpal\/","https:\/\/www.youtube.com\/@TalkPal\/","https:\/\/www.tiktok.com\/@talkpal","https:\/\/www.instagram.com\/talkpal_ai\/","https:\/\/www.crunchbase.com\/organization\/talkpal-9cde","https:\/\/www.g2.com\/products\/talkpal-for-business\/","https:\/\/www.trustpilot.com\/review\/talkpal.ai","https:\/\/www.capterra.com\/p\/10006800\/TalkPal\/"],"description":"Talkpal is a language learning web and mobile education app, powered by the latest AI technologies, that provides engaging experiences to its customers in many different languages to help them improve their language skills. Users can chat about unlimited amount of topics with the app and use other modes to practice their language learning.","email":"support@talkpal.ai","legalName":"Talkpal, Inc.","foundingDate":"2023-04-03","duns":"118989042","numberOfEmployees":{"@type":"QuantitativeValue","minValue":"11","maxValue":"50"},"publishingPrinciples":"https:\/\/talkpal.ai\/publishing-principles\/","actionableFeedbackPolicy":"https:\/\/talkpal.ai\/actionable-feedback-policy\/","correctionsPolicy":"https:\/\/talkpal.ai\/corrections-policy\/","ethicsPolicy":"https:\/\/talkpal.ai\/ethics-policy\/","diversityPolicy":"https:\/\/talkpal.ai\/diversity-policy\/","diversityStaffingReport":"https:\/\/talkpal.ai\/diversity-policy\/"}]}},"_links":{"self":[{"href":"https:\/\/talkpal.ai\/hu\/wp-json\/wp\/v2\/pages\/148064","targetHints":{"allow":["GET"]}}],"collection":[{"href":"https:\/\/talkpal.ai\/hu\/wp-json\/wp\/v2\/pages"}],"about":[{"href":"https:\/\/talkpal.ai\/hu\/wp-json\/wp\/v2\/types\/page"}],"author":[{"embeddable":true,"href":"https:\/\/talkpal.ai\/hu\/wp-json\/wp\/v2\/users\/1"}],"replies":[{"embeddable":true,"href":"https:\/\/talkpal.ai\/hu\/wp-json\/wp\/v2\/comments?post=148064"}],"version-history":[{"count":0,"href":"https:\/\/talkpal.ai\/hu\/wp-json\/wp\/v2\/pages\/148064\/revisions"}],"wp:featuredmedia":[{"embeddable":true,"href":"https:\/\/talkpal.ai\/hu\/wp-json\/wp\/v2\/media\/116168"}],"wp:attachment":[{"href":"https:\/\/talkpal.ai\/hu\/wp-json\/wp\/v2\/media?parent=148064"}],"curies":[{"name":"wp","href":"https:\/\/api.w.org\/{rel}","templated":true}]}}