{"id":147904,"date":"2023-05-14T14:12:25","date_gmt":"2023-05-14T14:12:25","guid":{"rendered":"http:\/\/talkpal.ai\/maori-nyelvtan\/"},"modified":"2025-12-17T16:44:30","modified_gmt":"2025-12-17T16:44:30","slug":"maori-nyelvtan","status":"publish","type":"page","link":"https:\/\/talkpal.ai\/hu\/maori-nyelvtan\/","title":{"rendered":"Maori nyelvtan"},"content":{"rendered":"\r\n\r\n\r\n<section class=\"languageChallengeSection\">\r\n    <div class=\"languageInfoWrapper\">\r\n        \r\n        <h1>Maori nyelvtan<\/h1>\r\n        <p>Szeretne m\u0101oriul tanulni? Ismerje meg a m\u0101ori nyelvtant, amely egyszer\u0171s\u00e9g\u00e9r\u0151l, a cikkek haszn\u00e1lat\u00e1r\u00f3l \u00e9s a jelent\u00e9sform\u00e1l\u00e1sban fontos szerepet j\u00e1tsz\u00f3 r\u00e9szecsk\u00e9kr\u0151l ismert. Kezdje el m\u00e9g ma &#8211; a m\u0101ori <a href=\"https:\/\/talkpal.ai\/grammar\/\">nyelvtan<\/a> elsaj\u00e1t\u00edt\u00e1sa seg\u00edt m\u00e9lyebb kapcsolatba ker\u00fclni a nyelv gazdag \u00f6r\u00f6ks\u00e9g\u00e9vel \u00e9s Aotearoa \u00daj-Z\u00e9land vibr\u00e1l\u00f3 kult\u00far\u00e1j\u00e1val!<\/p>\r\n\r\n                            <a class=\"getStartedHidden\" href=\"https:\/\/app.talkpal.ai\/hu\/signup?lng=\">Kezdj\u00fck<\/a>\r\n        \r\n    <\/div>\r\n\r\n    <figure>\r\n    <img decoding=\"async\" width=\"768\" height=\"768\" src=\"https:\/\/talkpal.ai\/wp-content\/uploads\/2023\/06\/maori-768x768.png\" class=\"languageImage no-lazy\" alt=\"Language learning for social and professional settings\" fetchpriority=\"high\" sizes=\"(max-width: 768px) 150px, 768px\" srcset=\"https:\/\/talkpal.ai\/wp-content\/uploads\/2023\/06\/maori-768x768.png 768w, https:\/\/talkpal.ai\/wp-content\/uploads\/2023\/06\/maori-300x300.png 300w\" \/>\r\n    \r\n\r\n    <\/figure>\r\n\r\n            <a class=\"getStartedVisible\" href=\"https:\/\/app.talkpal.ai\/hu\/signup?lng=\">Kezdj\u00fck<\/a>\r\n    \r\n<\/section>\r\n<section class=\"promotionalBanner\">\r\n    <p class=\"promotionalText\">A nyelvtanul\u00e1s leghat\u00e9konyabb m\u00f3dja<\/p>\r\n    <a class=\"promotionalLink\" href=\"https:\/\/app.talkpal.ai\/hu\/signup?lng=\">Pr\u00f3b\u00e1lja ki a Talkpal ingyen<\/a>\r\n<\/section>\n<div class=\"wp-block-group pageContainerStyle\"><div class=\"wp-block-group__inner-container is-layout-constrained wp-block-group-is-layout-constrained\">\n<h2 class=\"wp-block-heading\" id=\"h-maori-grammar-your-ticket-to-a-vibrant-bicultural-world\">Maori nyelvtan: A jegy egy \u00e9l\u00e9nk bikultur\u00e1lis vil\u00e1gba<\/h2>\n\n\n\n<p><a href=\"https:\/\/talkpal.ai\/culture\/how-do-you-say-lets-go-in-maori\/\">Kia ora<\/a>! \u00dcdv\u00f6z\u00f6lj\u00fck a <a href=\"https:\/\/talkpal.ai\/learn-maori\/\">maori<\/a> nyelv csod\u00e1latos vil\u00e1g\u00e1ban. A maori vagy te reo maori \u00daj-Z\u00e9land \u0151shonos nyelvek\u00e9nt egyed\u00fcl\u00e1ll\u00f3 lehet\u0151s\u00e9get k\u00edn\u00e1l arra, hogy kapcsolatba ker\u00fclj\u00f6n egy \u0151si kult\u00far\u00e1val \u00e9s annak \u00e9l\u00e9nk besz\u00e9l\u0151k\u00f6z\u00f6ss\u00e9g\u00e9vel. Mint <a href=\"https:\/\/talkpal.ai\/languages\/\">minden nyelv<\/a>, a <a href=\"https:\/\/talkpal.ai\/maori-grammar\/\">maori nyelvtan<\/a> is kih\u00edv\u00e1snak t\u0171nhet, de ne agg\u00f3dj! Ez a kezd\u0151bar\u00e1t \u00fatmutat\u00f3 leegyszer\u0171s\u00edti a <a href=\"https:\/\/talkpal.ai\/maori-grammar\/\">maori nyelvtan<\/a> alapvet\u0151 \u00f6sszetev\u0151it egy vizu\u00e1lisan vonz\u00f3 \u00e9s informat\u00edv utaz\u00e1s \u00e9rdek\u00e9ben.<\/p>\n\n\n\n<h3 class=\"wp-block-heading\" id=\"h-1-starting-with-the-basics-maori-alphabet-and-pronunciation\">1. Kezdve az alapokkal: maori \u00e1b\u00e9c\u00e9 \u00e9s kiejt\u00e9s<\/h3>\n\n\n\n<p>A maori m\u00f3dos\u00edtott latin \u00edr\u00e1st haszn\u00e1l, amely mind\u00f6ssze 15 bet\u0171b\u0151l \u00e1ll: \u00f6t mag\u00e1nhangz\u00f3 (a, e, i, o \u00e9s u) \u00e9s t\u00edz m\u00e1ssalhangz\u00f3 (h, k, m, n, p, r, t, w, ng \u00e9s wh). Ismerje meg ezeket a bet\u0171ket \u00e9s azok k\u00fcl\u00f6nb\u00f6z\u0151 kiejt\u00e9s\u00e9t, mivel megalapozz\u00e1k az \u00f6sszes k\u00e9s\u0151bbi maori nyelvtani tanul\u00e1st.<\/p>\n\n\n\n<h3 class=\"wp-block-heading\" id=\"h-2-exploring-maori-sentence-structure\">2. A maori mondatszerkezet felt\u00e1r\u00e1sa<\/h3>\n\n\n\n<p>A maori nyelvtan l\u00e9nyeg\u00e9ben egy egyszer\u0171 alany-ige (-t\u00e1rgy) szerkezetet k\u00f6vet, ahol az ige \u00e1ltal\u00e1ban megel\u0151zi az alanyt. A strukt\u00fara meg\u00e9rt\u00e9s\u00e9nek legtiszt\u00e1bb m\u00f3dja az, ha m\u0171k\u00f6d\u00e9s k\u00f6zben l\u00e1tjuk:<\/p>\n\n\n\n<p><strong>Angol: A gyermek j\u00e1tszik.<\/strong><\/p>\n\n\n\n<p><strong>Maori: Kei te t\u0101karo te tamaiti.<\/strong><\/p>\n\n\n\n<p>A maori nyelvben az ige idej\u00e9t r\u00e9szecsk\u00e9k kombin\u00e1ci\u00f3j\u00e1val vagy egy id\u0151jelz\u0151 hozz\u00e1ad\u00e1s\u00e1val jelzik a mondathoz.<\/p>\n\n\n\n<h3 class=\"wp-block-heading\" id=\"h-3-demystifying-particles-building-blocks-of-maori-grammar\">3. A r\u00e9szecsk\u00e9k demisztifik\u00e1l\u00e1sa: a maori nyelvtan \u00e9p\u00edt\u0151k\u00f6vei<\/h3>\n\n\n\n<p>A r\u00e9szecsk\u00e9k d\u00f6nt\u0151 szerepet j\u00e1tszanak a maori nyelvtanban, \u00f6sszekapcsolva a szavakat \u00e9s kifejez\u00e9seket, hogy koherens \u00e9s kifejez\u0151 mondatokat hozzanak l\u00e9tre. Kezd\u0151k\u00e9nt \u00f6sszpontos\u00edtson n\u00e9h\u00e1ny alapvet\u0151 r\u00e9szecske meg\u00e9rt\u00e9s\u00e9re:<\/p>\n\n\n\n<p><strong>&#8211; Kia: parancsokra, k\u00edv\u00e1ns\u00e1gokra \u00e9s egy cselekv\u00e9s c\u00e9lj\u00e1nak jelz\u00e9s\u00e9re haszn\u00e1lj\u00e1k.<\/strong><\/p>\n\n\n\n<p><strong>&#8211; Kei: a folyamatos id\u0151 alakj\u00e1ban haszn\u00e1latos.<\/strong><\/p>\n\n\n\n<p><strong>&#8211; Ko: a mondat alany\u00e1nak jelz\u00e9s\u00e9re szolg\u00e1l.<\/strong><\/p>\n\n\n\n<h3 class=\"wp-block-heading\" id=\"h-4-getting-to-know-maori-pronouns\">4. A maori n\u00e9vm\u00e1sok megismer\u00e9se<\/h3>\n\n\n\n<p>A maori n\u00e9vm\u00e1sok helyettes\u00edtik a f\u0151neveket, \u00e9s seg\u00edtenek meg\u0151rizni a besz\u00e9lget\u00e9sek term\u00e9szetess\u00e9g\u00e9t \u00e9s foly\u00e9konys\u00e1g\u00e1t. Kezd\u0151k\u00e9nt koncentr\u00e1ljon a szem\u00e9lyes \u00e9s birtokos n\u00e9vm\u00e1sok meg\u00e9rt\u00e9s\u00e9re:<\/p>\n\n\n\n<p>Szem\u00e9lyes n\u00e9vm\u00e1sok: ahau (I), koe (te, egyes sz\u00e1m), ia (\u0151\/\u0151), t\u0101ua (mi, bele\u00e9rtve a szem\u00e9lyt, akivel besz\u00e9ltek), m\u0101ua (mi, kiv\u00e9ve a szem\u00e9lyt, akivel besz\u00e9ltek), koutou (te, t\u00f6bbes sz\u00e1m), r\u0101tau (\u0151k)<\/p>\n\n\n\n<p>Birtokos n\u00e9vm\u00e1sok: taku\/t\u014dku (\u00e9n), t\u014du (ur, egyes sz\u00e1m), t\u014dna (\u0151), t\u014d t\u0101ua (mi\u00e9nk, bele\u00e9rtve a besz\u00e9l\u0151t \u00e9s a hallgat\u00f3t), t\u014d m\u0101ua (mi\u00e9nk, besz\u00e9l\u0151nk \u00e9s valaki m\u00e1s), t\u014d koutou (ur, t\u00f6bbes sz\u00e1m), t\u014d r\u0101tau (\u00f6v\u00e9k)<\/p>\n\n\n\n<h3 class=\"wp-block-heading\" id=\"h-5-navigating-maori-nouns-and-adjectives\">5. Navig\u00e1l\u00e1s a maori f\u0151nevek \u00e9s mell\u00e9knevek k\u00f6z\u00f6tt<\/h3>\n\n\n\n<p>A maori f\u0151nevek \u00e9s mell\u00e9knevek egyszer\u0171 nyelvtani szab\u00e1lyokat k\u00f6vetnek, \u00edgy a kezd\u0151k k\u00f6nnyen \u00e9rthet\u0151k. A mell\u00e9knevek \u00e1ltal\u00e1ban az \u00e1ltaluk le\u00edrt f\u0151n\u00e9v ut\u00e1n k\u00f6vetkeznek, a f\u0151n\u00e9v t\u00f6bbes sz\u00e1ma pedig egyszer\u0171en egy &#8222;ng\u0101&#8221; r\u00e9szecske hozz\u00e1ad\u00e1s\u00e1t jelenti a f\u0151n\u00e9v el\u0151tt. P\u00e9ld\u00e1ul:<\/p>\n\n\n\n<p><strong>Te whare nui &#8211; &#8222;a nagy h\u00e1z&#8221;<\/strong><\/p>\n\n\n\n<p><strong>Ng\u0101 tamariki &#8211; &#8222;a gyerekek&#8221;<\/strong><\/p>\n\n\n\n<p>Itt van! Megtetted az els\u0151 l\u00e9p\u00e9seket a maori nyelvtan elsaj\u00e1t\u00edt\u00e1sa fel\u00e9, \u00e9s gazdagodt\u00e1l a maori nyelvvel \u00e9s kult\u00far\u00e1val. Ne feledje, hogy a gyakorlat, a kitart\u00e1s \u00e9s az elm\u00e9ly\u00fcl\u00e9s elengedhetetlen a sikerhez, ez\u00e9rt vegye fel a kapcsolatot anyanyelvi besz\u00e9l\u0151kkel, fedezze fel a maori sz\u00f6vegeket, \u00e9s er\u0151s\u00edtse meg nyelvi alapjait. Kia kaha! (L\u00e9gy er\u0151s!)<\/p>\n<\/div><\/div>\n\r\n<section class=\"learnNavigationSection\">\r\n            \r\n        <a href=\"https:\/\/talkpal.ai\/hu\/ismerje-meg-a-maorit\/\">\r\n            <div class=\"learnNavigationWrapper\">\r\n                <div class=\"learnNavigationContent\">\r\n                    <img decoding=\"async\" src=\"https:\/\/talkpal.ai\/wp-content\/uploads\/2024\/08\/Maori.jpg\" alt=\"New Zealand Flag\">\r\n                    <div>\r\n                        <h4>Maori nyelvtan leck\u00e9k<\/h4>\r\n                        <p>Tudjon meg mindent a maori nyelvtanr\u00f3l.<\/p>\r\n                    <\/div>\r\n                <\/div>\r\n            <\/div>\r\n        <\/a>\r\n\r\n        \r\n        <a href=\"https:\/\/talkpal.ai\/hu\/maori-nyelvtani-gyakorlatok\/\">\r\n            <div class=\"learnNavigationWrapper\">\r\n                <div class=\"learnNavigationContent\">\r\n                    <img decoding=\"async\" src=\"https:\/\/talkpal.ai\/wp-content\/uploads\/2024\/08\/Maori.jpg\" alt=\"New Zealand Flag\">\r\n                    <div>\r\n                        <h4>Maori nyelvtani gyakorlat<\/h4>\r\n                        <p>Gyakorolja a maori nyelvtant.<\/p>\r\n                    <\/div>\r\n                <\/div>\r\n            <\/div>\r\n        <\/a>\r\n\r\n        \r\n        <a href=\"https:\/\/talkpal.ai\/vocabulary_language\/maori\/\">\r\n            <div class=\"learnNavigationWrapper\">\r\n                <div class=\"learnNavigationContent\">\r\n                    <img decoding=\"async\" src=\"https:\/\/talkpal.ai\/wp-content\/uploads\/2024\/08\/Maori.jpg\" alt=\"New Zealand Flag\">\r\n                    <div>\r\n                        <h4>Maori sz\u00f3kincs<\/h4>\r\n                        <p>B\u0151v\u00edtse maori sz\u00f3kincs\u00e9t.<\/p>\r\n                    <\/div>\r\n                <\/div>\r\n            <\/div>\r\n        <\/a>\r\n\r\n            <\/section>","protected":false},"excerpt":{"rendered":"<p>Maori nyelvtan: A jegy egy \u00e9l\u00e9nk bikultur\u00e1lis vil\u00e1gba Kia ora! \u00dcdv\u00f6z\u00f6lj\u00fck a maori nyelv csod\u00e1latos vil\u00e1g\u00e1ban. A maori vagy te reo maori \u00daj-Z\u00e9land \u0151shonos nyelvek\u00e9nt egyed\u00fcl\u00e1ll\u00f3 lehet\u0151s\u00e9get k\u00edn\u00e1l arra, hogy kapcsolatba ker\u00fclj\u00f6n egy \u0151si kult\u00far\u00e1val \u00e9s annak \u00e9l\u00e9nk besz\u00e9l\u0151k\u00f6z\u00f6ss\u00e9g\u00e9vel. Mint minden nyelv, a maori nyelvtan is kih\u00edv\u00e1snak t\u0171nhet, de ne agg\u00f3dj! Ez a kezd\u0151bar\u00e1t \u00fatmutat\u00f3 [&hellip;]<\/p>\n","protected":false},"author":1,"featured_media":116724,"parent":0,"menu_order":0,"comment_status":"closed","ping_status":"closed","template":"LearningContentPage.php","meta":{"_acf_changed":false,"footnotes":""},"class_list":["post-147904","page","type-page","status-publish","has-post-thumbnail","hentry"],"acf":[],"yoast_head":"<!-- This site is optimized with the Yoast SEO Premium plugin v27.2 (Yoast SEO v27.2) - https:\/\/yoast.com\/product\/yoast-seo-premium-wordpress\/ -->\n<title>Maori nyelvtan - Talkpal<\/title>\n<meta name=\"description\" content=\"Fedezze fel a maori nyelvtan alapjait kezd\u0151bar\u00e1t \u00fatmutat\u00f3nkkal. Ismerje meg a te reo maori 15 bet\u0171j\u00e9t \u00e9s alapvet\u0151 szab\u00e1lyait.\" \/>\n<meta name=\"robots\" content=\"index, follow, max-snippet:-1, max-image-preview:large, max-video-preview:-1\" \/>\n<link rel=\"canonical\" href=\"https:\/\/talkpal.ai\/hu\/maori-nyelvtan\/\" \/>\n<meta property=\"og:locale\" content=\"hu_HU\" \/>\n<meta property=\"og:type\" content=\"article\" \/>\n<meta property=\"og:title\" content=\"Maori nyelvtan\" \/>\n<meta property=\"og:description\" content=\"Maori nyelvtan: A jegy egy \u00e9l\u00e9nk bikultur\u00e1lis vil\u00e1gba Kia ora! \u00dcdv\u00f6z\u00f6lj\u00fck a maori nyelv csod\u00e1latos vil\u00e1g\u00e1ban. A maori vagy te reo maori \u00daj-Z\u00e9land \u0151shonos\" \/>\n<meta property=\"og:url\" content=\"https:\/\/talkpal.ai\/hu\/maori-nyelvtan\/\" \/>\n<meta property=\"og:site_name\" content=\"Talkpal\" \/>\n<meta property=\"article:publisher\" content=\"https:\/\/www.facebook.com\/profile.php?id=100090733639311\" \/>\n<meta property=\"article:modified_time\" content=\"2025-12-17T16:44:30+00:00\" \/>\n<meta property=\"og:image\" content=\"https:\/\/talkpal.ai\/wp-content\/uploads\/2023\/05\/Maori-new-zealand.png\" \/>\n\t<meta property=\"og:image:width\" content=\"512\" \/>\n\t<meta property=\"og:image:height\" content=\"512\" \/>\n\t<meta property=\"og:image:type\" content=\"image\/png\" \/>\n<meta name=\"twitter:card\" content=\"summary_large_image\" \/>\n<meta name=\"twitter:site\" content=\"@talkpalai\" \/>\n<meta name=\"twitter:label1\" content=\"Becs\u00fclt olvas\u00e1si id\u0151\" \/>\n\t<meta name=\"twitter:data1\" content=\"3 perc\" \/>\n<script type=\"application\/ld+json\" class=\"yoast-schema-graph\">{\"@context\":\"https:\/\/schema.org\",\"@graph\":[{\"@type\":\"WebPage\",\"@id\":\"https:\/\/talkpal.ai\/hu\/maori-nyelvtan\/\",\"url\":\"https:\/\/talkpal.ai\/hu\/maori-nyelvtan\/\",\"name\":\"Maori nyelvtan - Talkpal\",\"isPartOf\":{\"@id\":\"https:\/\/talkpal.ai\/hu\/#website\"},\"primaryImageOfPage\":{\"@id\":\"https:\/\/talkpal.ai\/hu\/maori-nyelvtan\/#primaryimage\"},\"image\":{\"@id\":\"https:\/\/talkpal.ai\/hu\/maori-nyelvtan\/#primaryimage\"},\"thumbnailUrl\":\"https:\/\/talkpal.ai\/wp-content\/uploads\/2023\/05\/Maori-new-zealand.png\",\"datePublished\":\"2023-05-14T14:12:25+00:00\",\"dateModified\":\"2025-12-17T16:44:30+00:00\",\"description\":\"Fedezze fel a maori nyelvtan alapjait kezd\u0151bar\u00e1t \u00fatmutat\u00f3nkkal. Ismerje meg a te reo maori 15 bet\u0171j\u00e9t \u00e9s alapvet\u0151 szab\u00e1lyait.\",\"breadcrumb\":{\"@id\":\"https:\/\/talkpal.ai\/hu\/maori-nyelvtan\/#breadcrumb\"},\"inLanguage\":\"hu\",\"potentialAction\":[{\"@type\":\"ReadAction\",\"target\":[\"https:\/\/talkpal.ai\/hu\/maori-nyelvtan\/\"]}]},{\"@type\":\"ImageObject\",\"inLanguage\":\"hu\",\"@id\":\"https:\/\/talkpal.ai\/hu\/maori-nyelvtan\/#primaryimage\",\"url\":\"https:\/\/talkpal.ai\/wp-content\/uploads\/2023\/05\/Maori-new-zealand.png\",\"contentUrl\":\"https:\/\/talkpal.ai\/wp-content\/uploads\/2023\/05\/Maori-new-zealand.png\",\"width\":512,\"height\":512},{\"@type\":\"BreadcrumbList\",\"@id\":\"https:\/\/talkpal.ai\/hu\/maori-nyelvtan\/#breadcrumb\",\"itemListElement\":[{\"@type\":\"ListItem\",\"position\":1,\"name\":\"Homepage\",\"item\":\"https:\/\/talkpal.ai\/hu\/\"},{\"@type\":\"ListItem\",\"position\":2,\"name\":\"Maori nyelvtan\"}]},{\"@type\":\"WebSite\",\"@id\":\"https:\/\/talkpal.ai\/hu\/#website\",\"url\":\"https:\/\/talkpal.ai\/hu\/\",\"name\":\"Talkpal\",\"description\":\"AI Language Learning\",\"publisher\":{\"@id\":\"https:\/\/talkpal.ai\/hu\/#organization\"},\"alternateName\":\"Talkpal AI\",\"potentialAction\":[{\"@type\":\"SearchAction\",\"target\":{\"@type\":\"EntryPoint\",\"urlTemplate\":\"https:\/\/talkpal.ai\/hu\/?s={search_term_string}\"},\"query-input\":{\"@type\":\"PropertyValueSpecification\",\"valueRequired\":true,\"valueName\":\"search_term_string\"}}],\"inLanguage\":\"hu\"},{\"@type\":\"Organization\",\"@id\":\"https:\/\/talkpal.ai\/hu\/#organization\",\"name\":\"Talkpal, Inc.\",\"alternateName\":\"Talkpal AI\",\"url\":\"https:\/\/talkpal.ai\/hu\/\",\"logo\":{\"@type\":\"ImageObject\",\"inLanguage\":\"hu\",\"@id\":\"https:\/\/talkpal.ai\/hu\/#\/schema\/logo\/image\/\",\"url\":\"https:\/\/talkpal.ai\/wp-content\/uploads\/2024\/03\/Talkpal-Logo-Icon.png\",\"contentUrl\":\"https:\/\/talkpal.ai\/wp-content\/uploads\/2024\/03\/Talkpal-Logo-Icon.png\",\"width\":2880,\"height\":2880,\"caption\":\"Talkpal, Inc.\"},\"image\":{\"@id\":\"https:\/\/talkpal.ai\/hu\/#\/schema\/logo\/image\/\"},\"sameAs\":[\"https:\/\/www.facebook.com\/profile.php?id=100090733639311\",\"https:\/\/x.com\/talkpalai\",\"https:\/\/www.linkedin.com\/company\/talkpal\/\",\"https:\/\/www.youtube.com\/@TalkPal\/\",\"https:\/\/www.tiktok.com\/@talkpal\",\"https:\/\/www.instagram.com\/talkpal_ai\/\",\"https:\/\/www.crunchbase.com\/organization\/talkpal-9cde\",\"https:\/\/www.g2.com\/products\/talkpal-for-business\/\",\"https:\/\/www.trustpilot.com\/review\/talkpal.ai\",\"https:\/\/www.capterra.com\/p\/10006800\/TalkPal\/\"],\"description\":\"Talkpal is a language learning web and mobile education app, powered by the latest AI technologies, that provides engaging experiences to its customers in many different languages to help them improve their language skills. Users can chat about unlimited amount of topics with the app and use other modes to practice their language learning.\",\"email\":\"support@talkpal.ai\",\"legalName\":\"Talkpal, Inc.\",\"foundingDate\":\"2023-04-03\",\"duns\":\"118989042\",\"numberOfEmployees\":{\"@type\":\"QuantitativeValue\",\"minValue\":\"11\",\"maxValue\":\"50\"},\"publishingPrinciples\":\"https:\/\/talkpal.ai\/publishing-principles\/\",\"actionableFeedbackPolicy\":\"https:\/\/talkpal.ai\/actionable-feedback-policy\/\",\"correctionsPolicy\":\"https:\/\/talkpal.ai\/corrections-policy\/\",\"ethicsPolicy\":\"https:\/\/talkpal.ai\/ethics-policy\/\",\"diversityPolicy\":\"https:\/\/talkpal.ai\/diversity-policy\/\",\"diversityStaffingReport\":\"https:\/\/talkpal.ai\/diversity-policy\/\"}]}<\/script>\n<!-- \/ Yoast SEO Premium plugin. -->","yoast_head_json":{"title":"Maori nyelvtan - Talkpal","description":"Fedezze fel a maori nyelvtan alapjait kezd\u0151bar\u00e1t \u00fatmutat\u00f3nkkal. Ismerje meg a te reo maori 15 bet\u0171j\u00e9t \u00e9s alapvet\u0151 szab\u00e1lyait.","robots":{"index":"index","follow":"follow","max-snippet":"max-snippet:-1","max-image-preview":"max-image-preview:large","max-video-preview":"max-video-preview:-1"},"canonical":"https:\/\/talkpal.ai\/hu\/maori-nyelvtan\/","og_locale":"hu_HU","og_type":"article","og_title":"Maori nyelvtan","og_description":"Maori nyelvtan: A jegy egy \u00e9l\u00e9nk bikultur\u00e1lis vil\u00e1gba Kia ora! \u00dcdv\u00f6z\u00f6lj\u00fck a maori nyelv csod\u00e1latos vil\u00e1g\u00e1ban. A maori vagy te reo maori \u00daj-Z\u00e9land \u0151shonos","og_url":"https:\/\/talkpal.ai\/hu\/maori-nyelvtan\/","og_site_name":"Talkpal","article_publisher":"https:\/\/www.facebook.com\/profile.php?id=100090733639311","article_modified_time":"2025-12-17T16:44:30+00:00","og_image":[{"width":512,"height":512,"url":"https:\/\/talkpal.ai\/wp-content\/uploads\/2023\/05\/Maori-new-zealand.png","type":"image\/png"}],"twitter_card":"summary_large_image","twitter_site":"@talkpalai","twitter_misc":{"Becs\u00fclt olvas\u00e1si id\u0151":"3 perc"},"schema":{"@context":"https:\/\/schema.org","@graph":[{"@type":"WebPage","@id":"https:\/\/talkpal.ai\/hu\/maori-nyelvtan\/","url":"https:\/\/talkpal.ai\/hu\/maori-nyelvtan\/","name":"Maori nyelvtan - Talkpal","isPartOf":{"@id":"https:\/\/talkpal.ai\/hu\/#website"},"primaryImageOfPage":{"@id":"https:\/\/talkpal.ai\/hu\/maori-nyelvtan\/#primaryimage"},"image":{"@id":"https:\/\/talkpal.ai\/hu\/maori-nyelvtan\/#primaryimage"},"thumbnailUrl":"https:\/\/talkpal.ai\/wp-content\/uploads\/2023\/05\/Maori-new-zealand.png","datePublished":"2023-05-14T14:12:25+00:00","dateModified":"2025-12-17T16:44:30+00:00","description":"Fedezze fel a maori nyelvtan alapjait kezd\u0151bar\u00e1t \u00fatmutat\u00f3nkkal. Ismerje meg a te reo maori 15 bet\u0171j\u00e9t \u00e9s alapvet\u0151 szab\u00e1lyait.","breadcrumb":{"@id":"https:\/\/talkpal.ai\/hu\/maori-nyelvtan\/#breadcrumb"},"inLanguage":"hu","potentialAction":[{"@type":"ReadAction","target":["https:\/\/talkpal.ai\/hu\/maori-nyelvtan\/"]}]},{"@type":"ImageObject","inLanguage":"hu","@id":"https:\/\/talkpal.ai\/hu\/maori-nyelvtan\/#primaryimage","url":"https:\/\/talkpal.ai\/wp-content\/uploads\/2023\/05\/Maori-new-zealand.png","contentUrl":"https:\/\/talkpal.ai\/wp-content\/uploads\/2023\/05\/Maori-new-zealand.png","width":512,"height":512},{"@type":"BreadcrumbList","@id":"https:\/\/talkpal.ai\/hu\/maori-nyelvtan\/#breadcrumb","itemListElement":[{"@type":"ListItem","position":1,"name":"Homepage","item":"https:\/\/talkpal.ai\/hu\/"},{"@type":"ListItem","position":2,"name":"Maori nyelvtan"}]},{"@type":"WebSite","@id":"https:\/\/talkpal.ai\/hu\/#website","url":"https:\/\/talkpal.ai\/hu\/","name":"Talkpal","description":"AI Language Learning","publisher":{"@id":"https:\/\/talkpal.ai\/hu\/#organization"},"alternateName":"Talkpal AI","potentialAction":[{"@type":"SearchAction","target":{"@type":"EntryPoint","urlTemplate":"https:\/\/talkpal.ai\/hu\/?s={search_term_string}"},"query-input":{"@type":"PropertyValueSpecification","valueRequired":true,"valueName":"search_term_string"}}],"inLanguage":"hu"},{"@type":"Organization","@id":"https:\/\/talkpal.ai\/hu\/#organization","name":"Talkpal, Inc.","alternateName":"Talkpal AI","url":"https:\/\/talkpal.ai\/hu\/","logo":{"@type":"ImageObject","inLanguage":"hu","@id":"https:\/\/talkpal.ai\/hu\/#\/schema\/logo\/image\/","url":"https:\/\/talkpal.ai\/wp-content\/uploads\/2024\/03\/Talkpal-Logo-Icon.png","contentUrl":"https:\/\/talkpal.ai\/wp-content\/uploads\/2024\/03\/Talkpal-Logo-Icon.png","width":2880,"height":2880,"caption":"Talkpal, Inc."},"image":{"@id":"https:\/\/talkpal.ai\/hu\/#\/schema\/logo\/image\/"},"sameAs":["https:\/\/www.facebook.com\/profile.php?id=100090733639311","https:\/\/x.com\/talkpalai","https:\/\/www.linkedin.com\/company\/talkpal\/","https:\/\/www.youtube.com\/@TalkPal\/","https:\/\/www.tiktok.com\/@talkpal","https:\/\/www.instagram.com\/talkpal_ai\/","https:\/\/www.crunchbase.com\/organization\/talkpal-9cde","https:\/\/www.g2.com\/products\/talkpal-for-business\/","https:\/\/www.trustpilot.com\/review\/talkpal.ai","https:\/\/www.capterra.com\/p\/10006800\/TalkPal\/"],"description":"Talkpal is a language learning web and mobile education app, powered by the latest AI technologies, that provides engaging experiences to its customers in many different languages to help them improve their language skills. Users can chat about unlimited amount of topics with the app and use other modes to practice their language learning.","email":"support@talkpal.ai","legalName":"Talkpal, Inc.","foundingDate":"2023-04-03","duns":"118989042","numberOfEmployees":{"@type":"QuantitativeValue","minValue":"11","maxValue":"50"},"publishingPrinciples":"https:\/\/talkpal.ai\/publishing-principles\/","actionableFeedbackPolicy":"https:\/\/talkpal.ai\/actionable-feedback-policy\/","correctionsPolicy":"https:\/\/talkpal.ai\/corrections-policy\/","ethicsPolicy":"https:\/\/talkpal.ai\/ethics-policy\/","diversityPolicy":"https:\/\/talkpal.ai\/diversity-policy\/","diversityStaffingReport":"https:\/\/talkpal.ai\/diversity-policy\/"}]}},"_links":{"self":[{"href":"https:\/\/talkpal.ai\/hu\/wp-json\/wp\/v2\/pages\/147904","targetHints":{"allow":["GET"]}}],"collection":[{"href":"https:\/\/talkpal.ai\/hu\/wp-json\/wp\/v2\/pages"}],"about":[{"href":"https:\/\/talkpal.ai\/hu\/wp-json\/wp\/v2\/types\/page"}],"author":[{"embeddable":true,"href":"https:\/\/talkpal.ai\/hu\/wp-json\/wp\/v2\/users\/1"}],"replies":[{"embeddable":true,"href":"https:\/\/talkpal.ai\/hu\/wp-json\/wp\/v2\/comments?post=147904"}],"version-history":[{"count":0,"href":"https:\/\/talkpal.ai\/hu\/wp-json\/wp\/v2\/pages\/147904\/revisions"}],"wp:featuredmedia":[{"embeddable":true,"href":"https:\/\/talkpal.ai\/hu\/wp-json\/wp\/v2\/media\/116724"}],"wp:attachment":[{"href":"https:\/\/talkpal.ai\/hu\/wp-json\/wp\/v2\/media?parent=147904"}],"curies":[{"name":"wp","href":"https:\/\/api.w.org\/{rel}","templated":true}]}}