{"id":1476023,"date":"2025-11-12T17:34:19","date_gmt":"2025-11-12T17:34:19","guid":{"rendered":"https:\/\/talkpal.ai\/zulu-nyelvtan\/"},"modified":"2025-12-30T13:31:07","modified_gmt":"2025-12-30T13:31:07","slug":"zulu-nyelvtan","status":"publish","type":"page","link":"https:\/\/talkpal.ai\/hu\/zulu-nyelvtan\/","title":{"rendered":"Zulu nyelvtan"},"content":{"rendered":"\r\n\r\n\r\n<section class=\"languageChallengeSection\">\r\n    <div class=\"languageInfoWrapper\">\r\n        \r\n        <h1>Zulu nyelvtan<\/h1>\r\n        <p>A <a href=\"https:\/\/talkpal.ai\/zulu-grammar\/\">zulu nyelvtan<\/a> els\u0151re kih\u00edv\u00e1snak t\u0171nhet, de egyedi tulajdons\u00e1gai kifizet\u0151d\u0151 \u00e9lm\u00e9nny\u00e9 teszik a nyelvtanul\u00e1st. A nyelv \u00e1b\u00e9c\u00e9j\u00e9nek, mut\u00e1ci\u00f3inak \u00e9s nyelvtani szab\u00e1lyainak felfedez\u00e9s\u00e9vel betekint\u00e9st nyerhet egy gazdag nyelvi hagyom\u00e1nyba. Indulj el \u00e9s fedezd fel a <a href=\"https:\/\/talkpal.ai\/learn-zulu\/\">zulu<\/a> sz\u00e9ps\u00e9g\u00e9t!<\/p>\r\n\r\n                            <a class=\"getStartedHidden\" href=\"https:\/\/app.talkpal.ai\/hu\/signup?lng=\">Kezdj\u00fck<\/a>\r\n        \r\n    <\/div>\r\n\r\n    <figure>\r\n    <img decoding=\"async\" width=\"768\" height=\"768\" src=\"https:\/\/talkpal.ai\/wp-content\/uploads\/2023\/06\/welsh-768x768.png\" class=\"languageImage no-lazy\" alt=\"Language learning for better cognitive abilities\" fetchpriority=\"high\" sizes=\"(max-width: 768px) 150px, 768px\" srcset=\"https:\/\/talkpal.ai\/wp-content\/uploads\/2023\/06\/welsh-768x768.png 768w, https:\/\/talkpal.ai\/wp-content\/uploads\/2023\/06\/welsh-300x300.png 300w\" \/>\r\n    \r\n\r\n    <\/figure>\r\n\r\n            <a class=\"getStartedVisible\" href=\"https:\/\/app.talkpal.ai\/hu\/signup?lng=\">Kezdj\u00fck<\/a>\r\n    \r\n<\/section><section class=\"promotionalBanner\">\r\n    <p class=\"promotionalText\">A nyelvtanul\u00e1s leghat\u00e9konyabb m\u00f3dja<\/p>\r\n    <a class=\"promotionalLink\" href=\"https:\/\/app.talkpal.ai\/hu\/signup?lng=\">Pr\u00f3b\u00e1lja ki a Talkpal ingyen<\/a>\r\n<\/section>\n<div class=\"wp-block-group pageContainerStyle\"><div class=\"wp-block-group__inner-container is-layout-constrained wp-block-group-is-layout-constrained\">\n<h2 class=\"wp-block-heading\" id=\"h-navigating-the-intricacies-of-zulu-grammar\">Eligazod\u00e1s a zulu nyelvtan bonyolults\u00e1g\u00e1ban<\/h2>\n\n\n\n<p><a href=\"https:\/\/talkpal.ai\/hu\/tanulj-zulu-nyelven\/\">A zulu<\/a>, a nguni csoport d\u00e9li bantu nyelve, gazdag t\u00f6rt\u00e9nelemmel \u00e9s kultur\u00e1lis jelent\u0151s\u00e9ggel, izgalmas nyelvi \u00e9lm\u00e9nyt k\u00edn\u00e1l azok sz\u00e1m\u00e1ra, akik sz\u00edvesen felfedezik egyed\u00fcl\u00e1ll\u00f3 nyelvtani rendszer\u00e9t. Ahogy bemer\u00e9szkedik a zulu birodalm\u00e1ba, nemcsak nyelvi reperto\u00e1rj\u00e1t gazdag\u00edtja, hanem egy leny\u0171g\u00f6z\u0151 kultur\u00e1lis utaz\u00e1st is megteszel. B\u00e1r a zulu <a href=\"https:\/\/talkpal.ai\/grammar\/\">nyelvtan<\/a> els\u0151re bonyolultnak t\u0171nhet, az alapvet\u0151 \u00f6sszetev\u0151kre bont\u00e1sa megk\u00f6zel\u00edthet\u0151bb\u00e9 teszi a nyelvtanul\u00e1st. Ebben a cikkben felt\u00e1rjuk a zulu nyelvtan mag\u00e1val ragad\u00f3 vil\u00e1g\u00e1t, \u00e9s tippeket adunk annak \u00f6sszetetts\u00e9g\u00e9nek elsaj\u00e1t\u00edt\u00e1s\u00e1hoz.<\/p>\n\n\n\n<h3 class=\"wp-block-heading\" id=\"h-1-zulu-alphabet-and-phonetics\">1. Zulu \u00e1b\u00e9c\u00e9 \u00e9s fonetika<\/h3>\n\n\n\n<p>A zulu \u00edr\u00e1srendszer a latin \u00e1b\u00e9c\u00e9t haszn\u00e1lja, \u00e9s jellegzetes hangokat k\u00e9pvisel, bele\u00e9rtve a c, q \u00e9s x form\u00e1tumban \u00edrt kattint\u00e1sos m\u00e1ssalhangz\u00f3kat, valamint a digr\u00e1fokkal, p\u00e9ld\u00e1ul ph, th \u00e9s kh felirat\u00fa aspir\u00e1lt m\u00e1ssalhangz\u00f3kat. A zulu \u00f6t mag\u00e1nhangz\u00f3 bet\u0171vel rendelkezik (a, e, i, o, u), \u00e9s egy ton\u00e1lis nyelv, ahol a hangmagass\u00e1g k\u00e9pes megk\u00fcl\u00f6nb\u00f6ztetni a jelent\u00e9st, b\u00e1r a hangsz\u00edn nincs megjel\u00f6lve a szok\u00e1sos helyes\u00edr\u00e1sban. A zulu nyelvtan elsaj\u00e1t\u00edt\u00e1s\u00e1hoz elengedhetetlen, hogy megismerkedjen ezzel a hangrendszerrel a zulu nyelv\u0171 olvas\u00e1s, hall\u00e1s \u00e9s besz\u00e9d gyakorl\u00e1s\u00e1val.<\/p>\n\n\n\n<h3 class=\"wp-block-heading\" id=\"h-2-noun-classes-and-concords-a-distinctive-zulu-feature\">2. F\u0151n\u00e9vi oszt\u00e1lyok \u00e9s konkord\u00e1k: megk\u00fcl\u00f6nb\u00f6ztet\u0151 zulu jellemz\u0151<\/h3>\n\n\n\n<p>A zulu nyelvtan egyik legszembet\u0171n\u0151bb aspektusa a f\u0151n\u00e9vi oszt\u00e1lyok kiterjedt rendszere, amelyek mindegyik\u00e9t egy meghat\u00e1rozott el\u0151tag jel\u00f6li, \u00e9s konkordiumok h\u00e1l\u00f3zat\u00e1val p\u00e1ros\u00edtj\u00e1k. A f\u0151n\u00e9vi oszt\u00e1lyok egyet\u00e9rt\u00e9st eredm\u00e9nyeznek a mondatban, befoly\u00e1solva az alanyjel\u00f6l\u0151ket, a t\u00e1rgyjel\u00f6l\u0151ket, a mell\u00e9kneveket, a birtokosokat, a demonstrat\u00edv\u00e1kat \u00e9s a rokonokat. Annak meg\u00e9rt\u00e9se, hogy mikor \u00e9s hogyan jelennek meg ezek az egyet\u00e9rt\u00e9sek, l\u00e9tfontoss\u00e1g\u00fa a zulu nyelven folytatott pontos kommunik\u00e1ci\u00f3hoz.<\/p>\n\n\n\n<h3 class=\"wp-block-heading\" id=\"h-3-nouns-and-pronouns-noun-classes-and-agreement\">3. F\u0151nevek \u00e9s n\u00e9vm\u00e1sok: F\u0151n\u00e9vi oszt\u00e1lyok \u00e9s megegyez\u00e9s<\/h3>\n\n\n\n<p>A zulu f\u0151nevek ink\u00e1bb f\u0151n\u00e9vi oszt\u00e1lyokba tartoznak, mint nyelvtani nembe, \u00e9s t\u00f6bbes sz\u00e1mukat oszt\u00e1lyp\u00e1ros\u00edt\u00e1sok hat\u00e1rozz\u00e1k meg (p\u00e9ld\u00e1ul umuntu, abantu). A zulu n\u00e9vm\u00e1sok k\u00f6z\u00e9 tartoznak a f\u00fcggetlen alakok (mina, wena, yena, thina, nina, bona), birtokos t\u00f6vekb\u0151l \u00e9p\u00fcl\u0151 birtokos alakok, mint p\u00e9ld\u00e1ul -ami, -akho, -akhe, amelyek megegyeznek a f\u0151n\u00e9vi oszt\u00e1lysal (incwadi yami, izincwadi zami), az ig\u00e9k reflex\u00edv jel\u00f6l\u00e9se (zi-), a f\u0151n\u00e9vi oszt\u00e1lynak megfelel\u0151 demonstrat\u00edvuszok (lo, laba, le, lezi) \u00e9s k\u00e9rd\u0151 alakok (ubani, ini, kuphi, nini, kanjani). Ezeknek a form\u00e1knak \u00e9s megegyez\u00e9si mint\u00e1iknak az ismerete jelent\u0151sen jav\u00edtja a zulu nyelvtan meg\u00e9rt\u00e9s\u00e9t.<\/p>\n\n\n\n<h3 class=\"wp-block-heading\" id=\"h-4-verbs-structure-and-conjugation\">4. Ig\u00e9k: szerkezet \u00e9s ragoz\u00e1s<\/h3>\n\n\n\n<p>A zulu ig\u00e9k gazdag agglutin\u00e1l\u00f3 szerkezetet k\u00f6vetnek, amely az alanyt, az objektumot, az igeid\u0151t, az aspektust, a hangulatot \u00e9s a polarit\u00e1st k\u00f3dolja. A magigeid\u0151k k\u00f6z\u00e9 tartozik a jelen (ngiyabona vagy ngibona), a m\u00falt (t\u00f6k\u00e9letes -ile, ngibonile) \u00e9s a j\u00f6v\u0151 zo- (ngizobona), tov\u00e1bbi hangulatokkal, mint p\u00e9ld\u00e1ul a k\u00f6t\u0151sz\u00f3 (v\u00e9gs\u0151 -e) \u00e9s az imperat\u00edvusz (hamba, hambani). A tagad\u00e1st \u00e1ltal\u00e1ban a- \u00e9s z\u00e1r\u00f3 -i (angiboni, akaboni) jel\u00f6li. Az igesablon \u00e9s a gyakori kiterjeszt\u00e9sek (ok-isa, applikat\u00edv -ela, reciprok -ana, passz\u00edv -wa) elsaj\u00e1t\u00edt\u00e1sa jav\u00edtja a hat\u00e9kony zulu nyelv\u0171 kommunik\u00e1ci\u00f3 k\u00e9pess\u00e9g\u00e9t.<\/p>\n\n\n\n<h3 class=\"wp-block-heading\" id=\"h-5-adjectives-agreement-and-placement\">5. Mell\u00e9knevek: meg\u00e1llapod\u00e1s \u00e9s elhelyez\u00e9s<\/h3>\n\n\n\n<p>A zulu nyelvtanban a mell\u00e9knevek jellemz\u0151en az \u00e1ltaluk m\u00f3dos\u00edtott f\u0151nevet k\u00f6vetik, \u00e9s mell\u00e9kn\u00e9vi konkord\u00edvummal egyeznek meg a f\u0151n\u00e9v oszt\u00e1ly\u00e1val. A zulu nyelvnek korl\u00e1tozott sz\u00e1m\u00fa val\u00f3di mell\u00e9kn\u00e9vi t\u00f6ve <a href=\"https:\/\/talkpal.ai\/locations\/language-courses-in-van\/\">van<\/a> (p\u00e9ld\u00e1ul -khulu nagy, -ncane kicsi, -mnyama s\u00f6t\u00e9t, -de magas), \u00e9s sok le\u00edr\u00f3 jelent\u00e9st relat\u00edv konstrukci\u00f3kkal fejeznek ki. Az \u00f6sszehasonl\u00edt\u00f3 \u00e9s szuperlat\u00edvuszokat \u00e1ltal\u00e1ban perifrasztikusan alak\u00edtj\u00e1k ki, p\u00e9ld\u00e1ul a kakhulu (nagyon) \u00e9s az ukwedlula vagy ngaphezu kuka-val val\u00f3 \u00f6sszehasonl\u00edt\u00e1s a &#8222;t\u00f6bb, mint&#8221;.<\/p>\n\n\n\n<p><strong>P\u00e9ld\u00e1k:<\/strong><\/p>\n\n\n\n<p><strong>\u2013 Uthando Olukhulu (nagy szerelem)<\/strong><\/p>\n\n\n\n<p><strong>\u2013 izingane ezincane (kisgyermekek)<\/strong><\/p>\n\n\n\n<h3 class=\"wp-block-heading\" id=\"h-6-engaging-with-the-language\">6. A nyelv haszn\u00e1lata<\/h3>\n\n\n\n<p>A zulu nyelvtan teljes meg\u00e9rt\u00e9s\u00e9nek \u00e9s internaliz\u00e1l\u00e1s\u00e1nak leghat\u00e9konyabb m\u00f3dja a nyelv k\u00f6vetkezetes kezel\u00e9se. A zulu irodalom olvas\u00e1s\u00e1val, zulu filmek vagy telev\u00edzi\u00f3s sorozatok n\u00e9z\u00e9s\u00e9vel, zulu nyelv\u0171 r\u00e1di\u00f3 \u00e9s zenehallgat\u00e1ssal, valamint az anyanyelvi besz\u00e9l\u0151kkel val\u00f3 akt\u00edv kommunik\u00e1ci\u00f3val meger\u0151s\u00edti a nyelvtan meg\u00e9rt\u00e9s\u00e9t, mik\u00f6zben b\u0151v\u00edti sz\u00f3kincs\u00e9t.<\/p>\n\n\n\n<h3 class=\"wp-block-heading\" id=\"h-conclusion\">K\u00f6vetkeztet\u00e9s<\/h3>\n\n\n\n<p>B\u00e1r a zulu nyelvtan bonyolultnak t\u0171nhet, elhivatotts\u00e1ggal, gyakorl\u00e1ssal \u00e9s lelkesed\u00e9ssel j\u00e1rtass\u00e1 v\u00e1lhat ebben a gy\u00f6ny\u00f6r\u0171 nyelvben. Ha az alapvet\u0151 szab\u00e1lyokra \u00f6sszpontos\u00edt, \u00e9s k\u00fcl\u00f6nb\u00f6z\u0151 kontextusokban foglalkozik a nyelvvel, gyorsan fejlesztheti zulu <a href=\"https:\/\/talkpal.ai\/hu\/nyelvtan\/\">nyelvtani k\u00e9szs\u00e9geit<\/a>. Sok szerencs\u00e9t k\u00edv\u00e1n a zulu nyelvi utaz\u00e1shoz, \u00e9s \u00e9lvezze a zulu nyelvtan rejt\u00e9lyes, m\u00e9gis mag\u00e1val ragad\u00f3 vil\u00e1g\u00e1nak felt\u00e1r\u00e1s\u00e1t!<\/p>\n<\/div><\/div>\n\r\n<section class=\"learnNavigationSection\">\r\n            \r\n        <a href=\"https:\/\/talkpal.ai\/hu\/tanulj-zulu-nyelven\/\">\r\n            <div class=\"learnNavigationWrapper\">\r\n                <div class=\"learnNavigationContent\">\r\n                    <img decoding=\"async\" src=\"https:\/\/talkpal.ai\/wp-content\/uploads\/2025\/11\/Zulu.png\" alt=\"South African Flag\">\r\n                    <div>\r\n                        <h4>A Zulu Learningr\u0151l<\/h4>\r\n                        <p>Tudjon meg mindent a zulu nyelvtanr\u00f3l.<\/p>\r\n                    <\/div>\r\n                <\/div>\r\n            <\/div>\r\n        <\/a>\r\n\r\n        \r\n        <a href=\"https:\/\/talkpal.ai\/hu\/zulu-nyelvtani-gyakorlatok\/\">\r\n            <div class=\"learnNavigationWrapper\">\r\n                <div class=\"learnNavigationContent\">\r\n                    <img decoding=\"async\" src=\"https:\/\/talkpal.ai\/wp-content\/uploads\/2025\/11\/Zulu.png\" alt=\"South African Flag\">\r\n                    <div>\r\n                        <h4>Zulu nyelvtani gyakorlat<\/h4>\r\n                        <p>Gyakorold a zulu nyelvtant.<\/p>\r\n                    <\/div>\r\n                <\/div>\r\n            <\/div>\r\n        <\/a>\r\n\r\n            <\/section>","protected":false},"excerpt":{"rendered":"<p>Eligazod\u00e1s a zulu nyelvtan bonyolults\u00e1g\u00e1ban A zulu, a nguni csoport d\u00e9li bantu nyelve, gazdag t\u00f6rt\u00e9nelemmel \u00e9s kultur\u00e1lis jelent\u0151s\u00e9ggel, izgalmas nyelvi \u00e9lm\u00e9nyt k\u00edn\u00e1l azok sz\u00e1m\u00e1ra, akik sz\u00edvesen felfedezik egyed\u00fcl\u00e1ll\u00f3 nyelvtani rendszer\u00e9t. Ahogy bemer\u00e9szkedik a zulu birodalm\u00e1ba, nemcsak nyelvi reperto\u00e1rj\u00e1t gazdag\u00edtja, hanem egy leny\u0171g\u00f6z\u0151 kultur\u00e1lis utaz\u00e1st is megteszel. B\u00e1r a zulu nyelvtan els\u0151re bonyolultnak t\u0171nhet, az alapvet\u0151 [&hellip;]<\/p>\n","protected":false},"author":20,"featured_media":0,"parent":0,"menu_order":0,"comment_status":"closed","ping_status":"closed","template":"LearningContentPage.php","meta":{"_acf_changed":false,"footnotes":""},"class_list":["post-1476023","page","type-page","status-publish","hentry"],"acf":[],"yoast_head":"<!-- This site is optimized with the Yoast SEO Premium plugin v27.2 (Yoast SEO v27.2) - https:\/\/yoast.com\/product\/yoast-seo-premium-wordpress\/ -->\n<title>Zulu nyelvtan - Talkpal<\/title>\n<meta name=\"description\" content=\"Saj\u00e1t\u00edtsa el a zulu nyelvtan bonyolult nyelvtani ismereteit a gyors \u00e9s hat\u00e9kony nyelvtanul\u00e1shoz tervezett, \u00e1tfog\u00f3, mesters\u00e9ges intelligenci\u00e1val t\u00e1mogatott nyelvk\u00f6nyv\u00fcnkkel.\" \/>\n<meta name=\"robots\" content=\"index, follow, max-snippet:-1, max-image-preview:large, max-video-preview:-1\" \/>\n<link rel=\"canonical\" href=\"https:\/\/talkpal.ai\/hu\/zulu-nyelvtan\/\" \/>\n<meta property=\"og:locale\" content=\"hu_HU\" \/>\n<meta property=\"og:type\" content=\"article\" \/>\n<meta property=\"og:title\" content=\"Zulu nyelvtan\" \/>\n<meta property=\"og:description\" content=\"Eligazod\u00e1s a zulu nyelvtan bonyolults\u00e1g\u00e1ban A zulu, a nguni csoport d\u00e9li bantu nyelve, gazdag t\u00f6rt\u00e9nelemmel \u00e9s kultur\u00e1lis jelent\u0151s\u00e9ggel, izgalmas nyelvi\" \/>\n<meta property=\"og:url\" content=\"https:\/\/talkpal.ai\/hu\/zulu-nyelvtan\/\" \/>\n<meta property=\"og:site_name\" content=\"Talkpal\" \/>\n<meta property=\"article:publisher\" content=\"https:\/\/www.facebook.com\/profile.php?id=100090733639311\" \/>\n<meta property=\"article:modified_time\" content=\"2025-12-30T13:31:07+00:00\" \/>\n<meta property=\"og:image\" content=\"https:\/\/talkpal.ai\/wp-content\/uploads\/2025\/02\/Progress-tab-16_9.png\" \/>\n\t<meta property=\"og:image:width\" content=\"2880\" \/>\n\t<meta property=\"og:image:height\" content=\"1620\" \/>\n\t<meta property=\"og:image:type\" content=\"image\/png\" \/>\n<meta name=\"twitter:card\" content=\"summary_large_image\" \/>\n<meta name=\"twitter:site\" content=\"@talkpalai\" \/>\n<meta name=\"twitter:label1\" content=\"Becs\u00fclt olvas\u00e1si id\u0151\" \/>\n\t<meta name=\"twitter:data1\" content=\"5 perc\" \/>\n<script type=\"application\/ld+json\" class=\"yoast-schema-graph\">{\"@context\":\"https:\/\/schema.org\",\"@graph\":[{\"@type\":\"WebPage\",\"@id\":\"https:\/\/talkpal.ai\/hu\/zulu-nyelvtan\/\",\"url\":\"https:\/\/talkpal.ai\/hu\/zulu-nyelvtan\/\",\"name\":\"Zulu nyelvtan - Talkpal\",\"isPartOf\":{\"@id\":\"https:\/\/talkpal.ai\/hu\/#website\"},\"datePublished\":\"2025-11-12T17:34:19+00:00\",\"dateModified\":\"2025-12-30T13:31:07+00:00\",\"description\":\"Saj\u00e1t\u00edtsa el a zulu nyelvtan bonyolult nyelvtani ismereteit a gyors \u00e9s hat\u00e9kony nyelvtanul\u00e1shoz tervezett, \u00e1tfog\u00f3, mesters\u00e9ges intelligenci\u00e1val t\u00e1mogatott nyelvk\u00f6nyv\u00fcnkkel.\",\"breadcrumb\":{\"@id\":\"https:\/\/talkpal.ai\/hu\/zulu-nyelvtan\/#breadcrumb\"},\"inLanguage\":\"hu\",\"potentialAction\":[{\"@type\":\"ReadAction\",\"target\":[\"https:\/\/talkpal.ai\/hu\/zulu-nyelvtan\/\"]}]},{\"@type\":\"BreadcrumbList\",\"@id\":\"https:\/\/talkpal.ai\/hu\/zulu-nyelvtan\/#breadcrumb\",\"itemListElement\":[{\"@type\":\"ListItem\",\"position\":1,\"name\":\"Homepage\",\"item\":\"https:\/\/talkpal.ai\/hu\/\"},{\"@type\":\"ListItem\",\"position\":2,\"name\":\"Zulu nyelvtan\"}]},{\"@type\":\"WebSite\",\"@id\":\"https:\/\/talkpal.ai\/hu\/#website\",\"url\":\"https:\/\/talkpal.ai\/hu\/\",\"name\":\"Talkpal\",\"description\":\"AI Language Learning\",\"publisher\":{\"@id\":\"https:\/\/talkpal.ai\/hu\/#organization\"},\"alternateName\":\"Talkpal AI\",\"potentialAction\":[{\"@type\":\"SearchAction\",\"target\":{\"@type\":\"EntryPoint\",\"urlTemplate\":\"https:\/\/talkpal.ai\/hu\/?s={search_term_string}\"},\"query-input\":{\"@type\":\"PropertyValueSpecification\",\"valueRequired\":true,\"valueName\":\"search_term_string\"}}],\"inLanguage\":\"hu\"},{\"@type\":\"Organization\",\"@id\":\"https:\/\/talkpal.ai\/hu\/#organization\",\"name\":\"Talkpal, Inc.\",\"alternateName\":\"Talkpal AI\",\"url\":\"https:\/\/talkpal.ai\/hu\/\",\"logo\":{\"@type\":\"ImageObject\",\"inLanguage\":\"hu\",\"@id\":\"https:\/\/talkpal.ai\/hu\/#\/schema\/logo\/image\/\",\"url\":\"https:\/\/talkpal.ai\/wp-content\/uploads\/2024\/03\/Talkpal-Logo-Icon.png\",\"contentUrl\":\"https:\/\/talkpal.ai\/wp-content\/uploads\/2024\/03\/Talkpal-Logo-Icon.png\",\"width\":2880,\"height\":2880,\"caption\":\"Talkpal, Inc.\"},\"image\":{\"@id\":\"https:\/\/talkpal.ai\/hu\/#\/schema\/logo\/image\/\"},\"sameAs\":[\"https:\/\/www.facebook.com\/profile.php?id=100090733639311\",\"https:\/\/x.com\/talkpalai\",\"https:\/\/www.linkedin.com\/company\/talkpal\/\",\"https:\/\/www.youtube.com\/@TalkPal\/\",\"https:\/\/www.tiktok.com\/@talkpal\",\"https:\/\/www.instagram.com\/talkpal_ai\/\",\"https:\/\/www.crunchbase.com\/organization\/talkpal-9cde\",\"https:\/\/www.g2.com\/products\/talkpal-for-business\/\",\"https:\/\/www.trustpilot.com\/review\/talkpal.ai\",\"https:\/\/www.capterra.com\/p\/10006800\/TalkPal\/\"],\"description\":\"Talkpal is a language learning web and mobile education app, powered by the latest AI technologies, that provides engaging experiences to its customers in many different languages to help them improve their language skills. Users can chat about unlimited amount of topics with the app and use other modes to practice their language learning.\",\"email\":\"support@talkpal.ai\",\"legalName\":\"Talkpal, Inc.\",\"foundingDate\":\"2023-04-03\",\"duns\":\"118989042\",\"numberOfEmployees\":{\"@type\":\"QuantitativeValue\",\"minValue\":\"11\",\"maxValue\":\"50\"},\"publishingPrinciples\":\"https:\/\/talkpal.ai\/publishing-principles\/\",\"actionableFeedbackPolicy\":\"https:\/\/talkpal.ai\/actionable-feedback-policy\/\",\"correctionsPolicy\":\"https:\/\/talkpal.ai\/corrections-policy\/\",\"ethicsPolicy\":\"https:\/\/talkpal.ai\/ethics-policy\/\",\"diversityPolicy\":\"https:\/\/talkpal.ai\/diversity-policy\/\",\"diversityStaffingReport\":\"https:\/\/talkpal.ai\/diversity-policy\/\"}]}<\/script>\n<!-- \/ Yoast SEO Premium plugin. -->","yoast_head_json":{"title":"Zulu nyelvtan - Talkpal","description":"Saj\u00e1t\u00edtsa el a zulu nyelvtan bonyolult nyelvtani ismereteit a gyors \u00e9s hat\u00e9kony nyelvtanul\u00e1shoz tervezett, \u00e1tfog\u00f3, mesters\u00e9ges intelligenci\u00e1val t\u00e1mogatott nyelvk\u00f6nyv\u00fcnkkel.","robots":{"index":"index","follow":"follow","max-snippet":"max-snippet:-1","max-image-preview":"max-image-preview:large","max-video-preview":"max-video-preview:-1"},"canonical":"https:\/\/talkpal.ai\/hu\/zulu-nyelvtan\/","og_locale":"hu_HU","og_type":"article","og_title":"Zulu nyelvtan","og_description":"Eligazod\u00e1s a zulu nyelvtan bonyolults\u00e1g\u00e1ban A zulu, a nguni csoport d\u00e9li bantu nyelve, gazdag t\u00f6rt\u00e9nelemmel \u00e9s kultur\u00e1lis jelent\u0151s\u00e9ggel, izgalmas nyelvi","og_url":"https:\/\/talkpal.ai\/hu\/zulu-nyelvtan\/","og_site_name":"Talkpal","article_publisher":"https:\/\/www.facebook.com\/profile.php?id=100090733639311","article_modified_time":"2025-12-30T13:31:07+00:00","og_image":[{"width":2880,"height":1620,"url":"https:\/\/talkpal.ai\/wp-content\/uploads\/2025\/02\/Progress-tab-16_9.png","type":"image\/png"}],"twitter_card":"summary_large_image","twitter_site":"@talkpalai","twitter_misc":{"Becs\u00fclt olvas\u00e1si id\u0151":"5 perc"},"schema":{"@context":"https:\/\/schema.org","@graph":[{"@type":"WebPage","@id":"https:\/\/talkpal.ai\/hu\/zulu-nyelvtan\/","url":"https:\/\/talkpal.ai\/hu\/zulu-nyelvtan\/","name":"Zulu nyelvtan - Talkpal","isPartOf":{"@id":"https:\/\/talkpal.ai\/hu\/#website"},"datePublished":"2025-11-12T17:34:19+00:00","dateModified":"2025-12-30T13:31:07+00:00","description":"Saj\u00e1t\u00edtsa el a zulu nyelvtan bonyolult nyelvtani ismereteit a gyors \u00e9s hat\u00e9kony nyelvtanul\u00e1shoz tervezett, \u00e1tfog\u00f3, mesters\u00e9ges intelligenci\u00e1val t\u00e1mogatott nyelvk\u00f6nyv\u00fcnkkel.","breadcrumb":{"@id":"https:\/\/talkpal.ai\/hu\/zulu-nyelvtan\/#breadcrumb"},"inLanguage":"hu","potentialAction":[{"@type":"ReadAction","target":["https:\/\/talkpal.ai\/hu\/zulu-nyelvtan\/"]}]},{"@type":"BreadcrumbList","@id":"https:\/\/talkpal.ai\/hu\/zulu-nyelvtan\/#breadcrumb","itemListElement":[{"@type":"ListItem","position":1,"name":"Homepage","item":"https:\/\/talkpal.ai\/hu\/"},{"@type":"ListItem","position":2,"name":"Zulu nyelvtan"}]},{"@type":"WebSite","@id":"https:\/\/talkpal.ai\/hu\/#website","url":"https:\/\/talkpal.ai\/hu\/","name":"Talkpal","description":"AI Language Learning","publisher":{"@id":"https:\/\/talkpal.ai\/hu\/#organization"},"alternateName":"Talkpal AI","potentialAction":[{"@type":"SearchAction","target":{"@type":"EntryPoint","urlTemplate":"https:\/\/talkpal.ai\/hu\/?s={search_term_string}"},"query-input":{"@type":"PropertyValueSpecification","valueRequired":true,"valueName":"search_term_string"}}],"inLanguage":"hu"},{"@type":"Organization","@id":"https:\/\/talkpal.ai\/hu\/#organization","name":"Talkpal, Inc.","alternateName":"Talkpal AI","url":"https:\/\/talkpal.ai\/hu\/","logo":{"@type":"ImageObject","inLanguage":"hu","@id":"https:\/\/talkpal.ai\/hu\/#\/schema\/logo\/image\/","url":"https:\/\/talkpal.ai\/wp-content\/uploads\/2024\/03\/Talkpal-Logo-Icon.png","contentUrl":"https:\/\/talkpal.ai\/wp-content\/uploads\/2024\/03\/Talkpal-Logo-Icon.png","width":2880,"height":2880,"caption":"Talkpal, Inc."},"image":{"@id":"https:\/\/talkpal.ai\/hu\/#\/schema\/logo\/image\/"},"sameAs":["https:\/\/www.facebook.com\/profile.php?id=100090733639311","https:\/\/x.com\/talkpalai","https:\/\/www.linkedin.com\/company\/talkpal\/","https:\/\/www.youtube.com\/@TalkPal\/","https:\/\/www.tiktok.com\/@talkpal","https:\/\/www.instagram.com\/talkpal_ai\/","https:\/\/www.crunchbase.com\/organization\/talkpal-9cde","https:\/\/www.g2.com\/products\/talkpal-for-business\/","https:\/\/www.trustpilot.com\/review\/talkpal.ai","https:\/\/www.capterra.com\/p\/10006800\/TalkPal\/"],"description":"Talkpal is a language learning web and mobile education app, powered by the latest AI technologies, that provides engaging experiences to its customers in many different languages to help them improve their language skills. Users can chat about unlimited amount of topics with the app and use other modes to practice their language learning.","email":"support@talkpal.ai","legalName":"Talkpal, Inc.","foundingDate":"2023-04-03","duns":"118989042","numberOfEmployees":{"@type":"QuantitativeValue","minValue":"11","maxValue":"50"},"publishingPrinciples":"https:\/\/talkpal.ai\/publishing-principles\/","actionableFeedbackPolicy":"https:\/\/talkpal.ai\/actionable-feedback-policy\/","correctionsPolicy":"https:\/\/talkpal.ai\/corrections-policy\/","ethicsPolicy":"https:\/\/talkpal.ai\/ethics-policy\/","diversityPolicy":"https:\/\/talkpal.ai\/diversity-policy\/","diversityStaffingReport":"https:\/\/talkpal.ai\/diversity-policy\/"}]}},"_links":{"self":[{"href":"https:\/\/talkpal.ai\/hu\/wp-json\/wp\/v2\/pages\/1476023","targetHints":{"allow":["GET"]}}],"collection":[{"href":"https:\/\/talkpal.ai\/hu\/wp-json\/wp\/v2\/pages"}],"about":[{"href":"https:\/\/talkpal.ai\/hu\/wp-json\/wp\/v2\/types\/page"}],"author":[{"embeddable":true,"href":"https:\/\/talkpal.ai\/hu\/wp-json\/wp\/v2\/users\/20"}],"replies":[{"embeddable":true,"href":"https:\/\/talkpal.ai\/hu\/wp-json\/wp\/v2\/comments?post=1476023"}],"version-history":[{"count":0,"href":"https:\/\/talkpal.ai\/hu\/wp-json\/wp\/v2\/pages\/1476023\/revisions"}],"wp:attachment":[{"href":"https:\/\/talkpal.ai\/hu\/wp-json\/wp\/v2\/media?parent=1476023"}],"curies":[{"name":"wp","href":"https:\/\/api.w.org\/{rel}","templated":true}]}}