{"id":1476003,"date":"2025-11-12T17:24:56","date_gmt":"2025-11-12T17:24:56","guid":{"rendered":"https:\/\/talkpal.ai\/uzbeg-nyelvtani-gyakorlatok\/"},"modified":"2025-12-30T13:31:55","modified_gmt":"2025-12-30T13:31:55","slug":"uzbeg-nyelvtani-gyakorlatok","status":"publish","type":"page","link":"https:\/\/talkpal.ai\/hu\/uzbeg-nyelvtani-gyakorlatok\/","title":{"rendered":"\u00dczb\u00e9g nyelvtani gyakorlatok"},"content":{"rendered":"\r\n\r\n\r\n<section class=\"languageChallengeSection\">\r\n    <div class=\"languageInfoWrapper\">\r\n        \r\n        <h1>\u00dczb\u00e9g nyelvtani gyakorlatok<\/h1>\r\n        <p>K\u00e9szen \u00e1ll arra, hogy belemer\u00fclj\u00f6n az <a href=\"https:\/\/talkpal.ai\/learn-uzbek\/\">\u00fczb\u00e9g<\/a> nyelvtanba? N\u00e9h\u00e1ny alapismeret begyakorl\u00e1sa seg\u00edt abban, hogy elsaj\u00e1t\u00edtsd ezt az egyed\u00fcl\u00e1ll\u00f3 \u00e9s gy\u00f6ny\u00f6r\u0171 nyelvet. Pr\u00f3b\u00e1ld ki ezeket a gyakorlatokat, hogy n\u00f6veld az \u00f6nbizalmadat, \u00e9s k\u00f6zben j\u00f3l \u00e9rezd magad!<\/p>\r\n\r\n                            <a class=\"getStartedHidden\" href=\"https:\/\/app.talkpal.ai\/hu\/signup?lng=\">Kezdj\u00fck<\/a>\r\n        \r\n    <\/div>\r\n\r\n    <figure>\r\n    <img decoding=\"async\" width=\"768\" height=\"768\" src=\"https:\/\/talkpal.ai\/wp-content\/uploads\/2023\/06\/welsh-768x768.png\" class=\"languageImage no-lazy\" alt=\"Language learning for better cognitive abilities\" fetchpriority=\"high\" sizes=\"(max-width: 768px) 150px, 768px\" srcset=\"https:\/\/talkpal.ai\/wp-content\/uploads\/2023\/06\/welsh-768x768.png 768w, https:\/\/talkpal.ai\/wp-content\/uploads\/2023\/06\/welsh-300x300.png 300w\" \/>\r\n    \r\n\r\n    <\/figure>\r\n\r\n            <a class=\"getStartedVisible\" href=\"https:\/\/app.talkpal.ai\/hu\/signup?lng=\">Kezdj\u00fck<\/a>\r\n    \r\n<\/section><section class=\"promotionalBanner\">\r\n    <p class=\"promotionalText\">A nyelvtanul\u00e1s leghat\u00e9konyabb m\u00f3dja<\/p>\r\n    <a class=\"promotionalLink\" href=\"https:\/\/app.talkpal.ai\/hu\/signup?lng=\">Pr\u00f3b\u00e1lja ki a Talkpal ingyen<\/a>\r\n<\/section>\n<div class=\"wp-block-group pageContainerStyle\"><div class=\"wp-block-group__inner-container is-layout-constrained wp-block-group-is-layout-constrained\">\n<h2 class=\"wp-block-heading\" id=\"h-uzbek-grammar-topics\">\u00dczb\u00e9g nyelvtani t\u00e9m\u00e1k<\/h2>\n\n\n\n<p><a href=\"https:\/\/talkpal.ai\/hu\/a-legnagyobb-hibak-amelyeket-el-kell-kerulni-ha-uj-nyelvet-tanulunk\/\">Egy \u00faj nyelv elsaj\u00e1t\u00edt\u00e1sa<\/a> kih\u00edv\u00e1st jelent\u0151, de kifizet\u0151d\u0151 v\u00e1llalkoz\u00e1s lehet. Ez al\u00f3l az <a href=\"https:\/\/talkpal.ai\/learn-uzbek\/\">\u00fczb\u00e9g<\/a> nyelv, egy <a href=\"https:\/\/talkpal.ai\/learn-turkish\/\">t\u00f6r\u00f6k<\/a> nyelv, amelyet f\u0151leg \u00dczbegiszt\u00e1nban \u00e9s a szomsz\u00e9dos r\u00e9gi\u00f3kban besz\u00e9lnek. Agglutin\u00e1l\u00f3 tulajdons\u00e1gaival \u00e9s szerkezeteivel az \u00fczb\u00e9g <a href=\"https:\/\/talkpal.ai\/hu\/talkpal-for-education\/\">nyelvtanul\u00e1s<\/a> szisztematikus megk\u00f6zel\u00edt\u00e9st ig\u00e9nyel a <a href=\"https:\/\/talkpal.ai\/grammar\/\">nyelvtan<\/a> meg\u00e9rt\u00e9s\u00e9hez. <a href=\"https:\/\/talkpal.ai\/culture\/how-do-you-use-the-demonstrative-pronouns-ez-and-az\/\">Ez az<\/a> \u00fatmutat\u00f3 felv\u00e1zolja az <a href=\"https:\/\/talkpal.ai\/hu\/uzbeg-nyelvtan\/\">\u00fczb\u00e9g nyelvtan<\/a> kulcsfontoss\u00e1g\u00fa ter\u00fcleteit logikai sorrendben a <a href=\"https:\/\/talkpal.ai\/hu\/talkpal-for-education\/\">nyelvtanul\u00e1shoz<\/a>, kezdve az alapokt\u00f3l, p\u00e9ld\u00e1ul a f\u0151nevekt\u0151l \u00e9s a cikkekt\u0151l, \u00e9s tov\u00e1bbhaladva az \u00f6sszetettebb ter\u00fcletekig, mint p\u00e9ld\u00e1ul az igeid\u0151k \u00e9s a mondat\u00e9p\u00edt\u00e9s.<\/p>\n\n\n\n<h3 class=\"wp-block-heading\" id=\"h-1-nouns\">1. F\u0151nevek:<\/h3>\n\n\n\n<p>Kezdje \u00fczb\u00e9g nyelvi \u00fatj\u00e1t a f\u0151nevek elsaj\u00e1t\u00edt\u00e1s\u00e1val. Ez mag\u00e1ban foglalja a f\u0151nevek k\u00fcl\u00f6nb\u00f6z\u0151 kateg\u00f3ri\u00e1inak meg\u00e9rt\u00e9s\u00e9t, p\u00e9ld\u00e1ul a k\u00f6z\u00f6ns\u00e9ges \u00e9s tulajdonneveket, valamint t\u00f6bbes sz\u00e1m\u00fa alakjukat. Tanulja meg a t\u00f6bbes sz\u00e1m -lar ut\u00f3tagot \u00e9s a f\u0151 esetv\u00e9gz\u0151d\u00e9seket, mint p\u00e9ld\u00e1ul -ni, -ga, -da, -dan \u00e9s -ning.<\/p>\n\n\n\n<h3 class=\"wp-block-heading\" id=\"h-2-articles\">2. Cikkek:<\/h3>\n\n\n\n<p>Az \u00fczb\u00e9g nyelvnek nincsenek cikkei. A mondat\u00e9p\u00edt\u00e9sben kulcsfontoss\u00e1g\u00fa annak meg\u00e9rt\u00e9se, hogy a hat\u00e1rozotts\u00e1got hogyan fejezi ki a kontextus, a sz\u00f3rend \u00e9s a k\u00f6zvetlen objektumjel\u00f6l\u0151 -ni.<\/p>\n\n\n\n<h3 class=\"wp-block-heading\" id=\"h-3-adjectives\">3. Mell\u00e9knevek:<\/h3>\n\n\n\n<p>Az \u00fczb\u00e9g mell\u00e9knevek \u00e1ltal\u00e1ban megel\u0151zik a f\u0151nev\u00fcket, ellent\u00e9tben az angollal bizonyos esetekben. Nem \u00e9rtenek egyet nem\u00fckben vagy sz\u00e1mukban. Tanuld meg, hogyan alkothatsz \u00f6sszehasonl\u00edt\u00f3 \u00e9s szuperlat\u00edvuszokat a -roq \u00e9s az eng haszn\u00e1lat\u00e1val, \u00e9s hogyan befoly\u00e1solj\u00e1k az olyan er\u0151s\u00edt\u0151k, mint a j\u00fada, a jelent\u00e9st.<\/p>\n\n\n\n<h3 class=\"wp-block-heading\" id=\"h-4-pronouns-determiners\">4. N\u00e9vm\u00e1sok\/determin\u00e1nsok:<\/h3>\n\n\n\n<p>A n\u00e9vm\u00e1sok \u00e9s a determin\u00e1nsok n\u00e9lk\u00fcl\u00f6zhetetlenek az \u00fczb\u00e9g nyelvben; Helyettes\u00edtik a f\u0151neveket, \u00e9s inform\u00e1ci\u00f3t ny\u00fajtanak a mennyis\u00e9gr\u0151l, a birtokl\u00e1sr\u00f3l \u00e9s egyebekr\u0151l. Tanulja meg a szem\u00e9lyes n\u00e9vm\u00e1sokat, demonstrat\u00edvumokat, mint p\u00e9ld\u00e1ul a bu, shu, u, birtokos ut\u00f3tagok, mint -im, -ing, -i, \u00e9s hogyan kombin\u00e1lhat\u00f3k ezek a kis- \u00e9s nagybet\u0171kkel a helyes haszn\u00e1lat \u00e9rdek\u00e9ben.<\/p>\n\n\n\n<h3 class=\"wp-block-heading\" id=\"h-5-verbs\">5. Ig\u00e9k:<\/h3>\n\n\n\n<p>Az \u00fczb\u00e9g ig\u00e9knek k\u00fcl\u00f6nb\u00f6z\u0151 alakjai vannak az igeid\u0151t\u0151l, az aspektust\u00f3l, a hangulatt\u00f3l \u00e9s a szem\u00e9lyt\u0151l f\u00fcgg\u0151en. Kezdj\u00fck a jelen megszokott -adi-val \u00e9s a jelen progressz\u00edv -yapti vagy -moqda-val, majd fedezz\u00fck fel az <a href=\"https:\/\/talkpal.ai\/hu\/grammar\/egyszeru-mult-az-angol-nyelvtanban\/\">egyszer\u0171 m\u00falt<\/a> -di, eredm\u00e9ny -gan, \u00e9s a j\u00f6v\u0151 kifejez\u00e9seket, mint p\u00e9ld\u00e1ul -adi \u00e9s -moqchi.<\/p>\n\n\n\n<h3 class=\"wp-block-heading\" id=\"h-6-tenses\">6. Igeid\u0151k:<\/h3>\n\n\n\n<p>Az igeform\u00e1k elsaj\u00e1t\u00edt\u00e1sa ut\u00e1n m\u00e9lyedjen el az \u00fczb\u00e9g igeid\u0151kben \u00e9s szempontokban. Ez mag\u00e1ban foglalja a jelenlegi szok\u00e1sos, a jelen progressz\u00edv, az egyszer\u0171 m\u00falt, az eredm\u00e9ny vagy a tapasztalati -gan \u00e9s a j\u00f6v\u0151 form\u00e1i k\u00f6z\u00f6tti k\u00fcl\u00f6nbs\u00e9gek meg\u00e9rt\u00e9s\u00e9t, valamint azt, hogy hogyan haszn\u00e1lj\u00e1k \u0151ket k\u00fcl\u00f6nb\u00f6z\u0151 kontextusokban \u00e9s regiszterekben.<\/p>\n\n\n\n<h3 class=\"wp-block-heading\" id=\"h-7-tense-comparison\">7. Fesz\u00fclt \u00f6sszehasonl\u00edt\u00e1s:<\/h3>\n\n\n\n<p>Az \u00fczb\u00e9g igeid\u0151 \u00f6sszehasonl\u00edt\u00e1sa seg\u00edt meg\u00e9rteni az esem\u00e9nyek sorrendj\u00e9t \u00e9s aspektus\u00e1t. Ugyanazon ige \u00f6sszehasonl\u00edt\u00e1sa a szok\u00e1sos, progressz\u00edv, m\u00faltbeli, eredm\u00e9nyszer\u0171 \u00e9s j\u00f6v\u0151beli form\u00e1kban jobban meg\u00e9rti az \u00fczb\u00e9g nyelvet.<\/p>\n\n\n\n<h3 class=\"wp-block-heading\" id=\"h-8-progressive\">8. Progressz\u00edv:<\/h3>\n\n\n\n<p>Az \u00fczb\u00e9g progressz\u00edv kifejez\u00e9st a folyamatban l\u00e9v\u0151 cselekv\u00e9sek kifejez\u00e9s\u00e9re haszn\u00e1lj\u00e1k. Az iget\u0151h\u00f6z csatolt -yap- vagy -moqda jel\u00f6l\u0151kkel vagy az analitikus konstrukci\u00f3kban egy seg\u00e9danyaggal, p\u00e9ld\u00e1ul yotmoq-kal alkotj\u00e1k.<\/p>\n\n\n\n<h3 class=\"wp-block-heading\" id=\"h-9-perfect-progressive\">9. T\u00f6k\u00e9letes progressz\u00edv:<\/h3>\n\n\n\n<p>Ez egy adott pontig folyamatban l\u00e9v\u0151 tev\u00e9kenys\u00e9gek kifejez\u00e9s\u00e9re szolg\u00e1l. \u00dczb\u00e9g nyelvben olyan konstrukci\u00f3kkal k\u00f6zvet\u00edtik, mint az -ib kelmoq vagy az -ib turmoq, vagy progressz\u00edv form\u00e1t haszn\u00e1lnak az edi-vel egy m\u00faltbeli referenciapont be\u00e1ll\u00edt\u00e1s\u00e1hoz.<\/p>\n\n\n\n<h3 class=\"wp-block-heading\" id=\"h-10-conditionals\">10. Felt\u00e9telek:<\/h3>\n\n\n\n<p>A felt\u00e9telek hipotetikus helyzeteket \u00e9s azok lehets\u00e9ges kimeneteleit fejezik ki. Az <a href=\"https:\/\/talkpal.ai\/hu\/uzbeg-nyelvtan\/\">\u00fczb\u00e9g nyelvtan<\/a> fontos r\u00e9sz\u00e9t k\u00e9pezik, \u00e9s \u00f6sszetettebb\u00e9 teszik a nyelvtud\u00e1st. Haszn\u00e1ld a -sa ut\u00f3tagot, gyakran agarral, \u00e9s alak\u00edts ki ellentmond\u00e1sos eseteket olyan mint\u00e1kkal, mint a -gan bo&#8217;lardi vagy a bo&#8217;lganida.<\/p>\n\n\n\n<h3 class=\"wp-block-heading\" id=\"h-11-adverbs\">11. Hat\u00e1roz\u00f3sz\u00f3k:<\/h3>\n\n\n\n<p>Az \u00fczb\u00e9g hat\u00e1roz\u00f3szavak m\u00f3dos\u00edtj\u00e1k az ig\u00e9ket, mell\u00e9kneveket vagy m\u00e1s hat\u00e1roz\u00f3szavakat. Inform\u00e1ci\u00f3t ny\u00fajtanak a m\u00f3dr\u00f3l, helyr\u0151l, id\u0151r\u0151l, fokozatr\u00f3l \u00e9s egyebekr\u0151l. Sok hat\u00e1roz\u00f3sz\u00f3 lexikai, \u00e9s n\u00e9h\u00e1ny ut\u00f3taggal <a href=\"https:\/\/talkpal.ai\/locations\/language-courses-in-van\/\">van<\/a> kialak\u00edtva, mint p\u00e9ld\u00e1ul -cha vagy -lab.<\/p>\n\n\n\n<h3 class=\"wp-block-heading\" id=\"h-12-prepositions\">12. El\u00f6lj\u00e1r\u00f3szavak:<\/h3>\n\n\n\n<p>Az el\u00f6lj\u00e1r\u00f3szavak \u00f6sszekapcsolj\u00e1k a szavakat \u00e9s kifejez\u00e9seket. Az \u00fczb\u00e9g nyelvben ezeket a kapcsolatokat els\u0151sorban esetv\u00e9gz\u0151d\u00e9sekkel \u00e9s posztpoz\u00edci\u00f3kkal fejezik ki, nem pedig el\u00f6lj\u00e1r\u00f3szavakkal. Tanulja meg az olyan kis- \u00e9s nagybet\u0171k haszn\u00e1lat\u00e1t, mint a -da, -dan, -ga \u00e9s olyan gyakori posztpoz\u00edci\u00f3kat, mint az uchun, bilan, oldin, keyin, tomon \u00e9s kabi.<\/p>\n\n\n\n<h3 class=\"wp-block-heading\" id=\"h-13-sentences\">13. Mondatok:<\/h3>\n\n\n\n<p>V\u00e9g\u00fcl gyakorold a mondatok fel\u00e9p\u00edt\u00e9s\u00e9t. Ez mag\u00e1ban foglalja az \u00f6sszes kor\u00e1bban megtanult nyelvtani pont kontextusban t\u00f6rt\u00e9n\u0151 felhaszn\u00e1l\u00e1s\u00e1t, \u00edgy biztos\u00edtva az \u00fczb\u00e9g nyelv \u00e1tfog\u00f3 meg\u00e9rt\u00e9s\u00e9t. Figyeljen a tipikus SOV sz\u00f3rendre, a mi k\u00e9rd\u00e9s r\u00e9szecsk\u00e9re, valamint a -ma tagad\u00e1sra az ig\u00e9kn\u00e9l \u00e9s az ema-val a n\u00e9vleges \u00e1ll\u00edtm\u00e1nyokhoz.<\/p>\n<\/div><\/div>\n\r\n<section class=\"learnNavigationSection\">\r\n            \r\n        <a href=\"https:\/\/talkpal.ai\/hu\/tanulj-uzbeg-nyelven\/\">\r\n            <div class=\"learnNavigationWrapper\">\r\n                <div class=\"learnNavigationContent\">\r\n                    <img decoding=\"async\" src=\"https:\/\/talkpal.ai\/wp-content\/uploads\/2025\/11\/Uzbek.png\" alt=\"Uzbek Flag\">\r\n                    <div>\r\n                        <h4>Az \u00fczb\u00e9g tanul\u00e1sr\u00f3l<\/h4>\r\n                        <p>Tudjon meg mindent az \u00fczb\u00e9g nyelvtanr\u00f3l.<\/p>\r\n                    <\/div>\r\n                <\/div>\r\n            <\/div>\r\n        <\/a>\r\n\r\n        \r\n        <a href=\"https:\/\/talkpal.ai\/hu\/uzbeg-nyelvtan\/\">\r\n            <div class=\"learnNavigationWrapper\">\r\n                <div class=\"learnNavigationContent\">\r\n                    <img decoding=\"async\" src=\"https:\/\/talkpal.ai\/wp-content\/uploads\/2025\/11\/Uzbek.png\" alt=\"Uzbek Flag\">\r\n                    <div>\r\n                        <h4>\u00dczb\u00e9g nyelvtani leck\u00e9k<\/h4>\r\n                        <p>Gyakorolja az \u00fczb\u00e9g nyelvtant.<\/p>\r\n                    <\/div>\r\n                <\/div>\r\n            <\/div>\r\n        <\/a>\r\n\r\n            <\/section>","protected":false},"excerpt":{"rendered":"<p>\u00dczb\u00e9g nyelvtani t\u00e9m\u00e1k Egy \u00faj nyelv elsaj\u00e1t\u00edt\u00e1sa kih\u00edv\u00e1st jelent\u0151, de kifizet\u0151d\u0151 v\u00e1llalkoz\u00e1s lehet. Ez al\u00f3l az \u00fczb\u00e9g nyelv, egy t\u00f6r\u00f6k nyelv, amelyet f\u0151leg \u00dczbegiszt\u00e1nban \u00e9s a szomsz\u00e9dos r\u00e9gi\u00f3kban besz\u00e9lnek. Agglutin\u00e1l\u00f3 tulajdons\u00e1gaival \u00e9s szerkezeteivel az \u00fczb\u00e9g nyelvtanul\u00e1s szisztematikus megk\u00f6zel\u00edt\u00e9st ig\u00e9nyel a nyelvtan meg\u00e9rt\u00e9s\u00e9hez. Ez az \u00fatmutat\u00f3 felv\u00e1zolja az \u00fczb\u00e9g nyelvtan kulcsfontoss\u00e1g\u00fa ter\u00fcleteit logikai sorrendben a nyelvtanul\u00e1shoz, [&hellip;]<\/p>\n","protected":false},"author":20,"featured_media":0,"parent":0,"menu_order":0,"comment_status":"closed","ping_status":"closed","template":"LearningContentPage.php","meta":{"_acf_changed":false,"footnotes":""},"class_list":["post-1476003","page","type-page","status-publish","hentry"],"acf":[],"yoast_head":"<!-- This site is optimized with the Yoast SEO Premium plugin v27.2 (Yoast SEO v27.2) - https:\/\/yoast.com\/product\/yoast-seo-premium-wordpress\/ -->\n<title>\u00dczb\u00e9g nyelvtani gyakorlatok - Talkpal<\/title>\n<meta name=\"description\" content=\"Saj\u00e1t\u00edtsa el az \u00fczb\u00e9g nyelvtant a f\u0151nevekre, ig\u00e9kre \u00e9s igeid\u0151kre vonatkoz\u00f3 interakt\u00edv gyakorlatokkal, hogy fejlessze a nyelvtud\u00e1s\u00e1t.\" \/>\n<meta name=\"robots\" content=\"index, follow, max-snippet:-1, max-image-preview:large, max-video-preview:-1\" \/>\n<link rel=\"canonical\" href=\"https:\/\/talkpal.ai\/hu\/uzbeg-nyelvtani-gyakorlatok\/\" \/>\n<meta property=\"og:locale\" content=\"hu_HU\" \/>\n<meta property=\"og:type\" content=\"article\" \/>\n<meta property=\"og:title\" content=\"\u00dczb\u00e9g nyelvtani gyakorlatok\" \/>\n<meta property=\"og:description\" content=\"\u00dczb\u00e9g nyelvtani t\u00e9m\u00e1k Egy \u00faj nyelv elsaj\u00e1t\u00edt\u00e1sa kih\u00edv\u00e1st jelent\u0151, de kifizet\u0151d\u0151 v\u00e1llalkoz\u00e1s lehet. Ez al\u00f3l az \u00fczb\u00e9g nyelv, egy t\u00f6r\u00f6k nyelv, amelyet f\u0151leg\" \/>\n<meta property=\"og:url\" content=\"https:\/\/talkpal.ai\/hu\/uzbeg-nyelvtani-gyakorlatok\/\" \/>\n<meta property=\"og:site_name\" content=\"Talkpal\" \/>\n<meta property=\"article:publisher\" content=\"https:\/\/www.facebook.com\/profile.php?id=100090733639311\" \/>\n<meta property=\"article:modified_time\" content=\"2025-12-30T13:31:55+00:00\" \/>\n<meta property=\"og:image\" content=\"https:\/\/talkpal.ai\/wp-content\/uploads\/2025\/02\/Progress-tab-16_9.png\" \/>\n\t<meta property=\"og:image:width\" content=\"2880\" \/>\n\t<meta property=\"og:image:height\" content=\"1620\" \/>\n\t<meta property=\"og:image:type\" content=\"image\/png\" \/>\n<meta name=\"twitter:card\" content=\"summary_large_image\" \/>\n<meta name=\"twitter:site\" content=\"@talkpalai\" \/>\n<meta name=\"twitter:label1\" content=\"Becs\u00fclt olvas\u00e1si id\u0151\" \/>\n\t<meta name=\"twitter:data1\" content=\"5 perc\" \/>\n<script type=\"application\/ld+json\" class=\"yoast-schema-graph\">{\"@context\":\"https:\/\/schema.org\",\"@graph\":[{\"@type\":\"WebPage\",\"@id\":\"https:\/\/talkpal.ai\/hu\/uzbeg-nyelvtani-gyakorlatok\/\",\"url\":\"https:\/\/talkpal.ai\/hu\/uzbeg-nyelvtani-gyakorlatok\/\",\"name\":\"\u00dczb\u00e9g nyelvtani gyakorlatok - Talkpal\",\"isPartOf\":{\"@id\":\"https:\/\/talkpal.ai\/hu\/#website\"},\"datePublished\":\"2025-11-12T17:24:56+00:00\",\"dateModified\":\"2025-12-30T13:31:55+00:00\",\"description\":\"Saj\u00e1t\u00edtsa el az \u00fczb\u00e9g nyelvtant a f\u0151nevekre, ig\u00e9kre \u00e9s igeid\u0151kre vonatkoz\u00f3 interakt\u00edv gyakorlatokkal, hogy fejlessze a nyelvtud\u00e1s\u00e1t.\",\"breadcrumb\":{\"@id\":\"https:\/\/talkpal.ai\/hu\/uzbeg-nyelvtani-gyakorlatok\/#breadcrumb\"},\"inLanguage\":\"hu\",\"potentialAction\":[{\"@type\":\"ReadAction\",\"target\":[\"https:\/\/talkpal.ai\/hu\/uzbeg-nyelvtani-gyakorlatok\/\"]}]},{\"@type\":\"BreadcrumbList\",\"@id\":\"https:\/\/talkpal.ai\/hu\/uzbeg-nyelvtani-gyakorlatok\/#breadcrumb\",\"itemListElement\":[{\"@type\":\"ListItem\",\"position\":1,\"name\":\"Homepage\",\"item\":\"https:\/\/talkpal.ai\/hu\/\"},{\"@type\":\"ListItem\",\"position\":2,\"name\":\"\u00dczb\u00e9g nyelvtani gyakorlatok\"}]},{\"@type\":\"WebSite\",\"@id\":\"https:\/\/talkpal.ai\/hu\/#website\",\"url\":\"https:\/\/talkpal.ai\/hu\/\",\"name\":\"Talkpal\",\"description\":\"AI Language Learning\",\"publisher\":{\"@id\":\"https:\/\/talkpal.ai\/hu\/#organization\"},\"alternateName\":\"Talkpal AI\",\"potentialAction\":[{\"@type\":\"SearchAction\",\"target\":{\"@type\":\"EntryPoint\",\"urlTemplate\":\"https:\/\/talkpal.ai\/hu\/?s={search_term_string}\"},\"query-input\":{\"@type\":\"PropertyValueSpecification\",\"valueRequired\":true,\"valueName\":\"search_term_string\"}}],\"inLanguage\":\"hu\"},{\"@type\":\"Organization\",\"@id\":\"https:\/\/talkpal.ai\/hu\/#organization\",\"name\":\"Talkpal, Inc.\",\"alternateName\":\"Talkpal AI\",\"url\":\"https:\/\/talkpal.ai\/hu\/\",\"logo\":{\"@type\":\"ImageObject\",\"inLanguage\":\"hu\",\"@id\":\"https:\/\/talkpal.ai\/hu\/#\/schema\/logo\/image\/\",\"url\":\"https:\/\/talkpal.ai\/wp-content\/uploads\/2024\/03\/Talkpal-Logo-Icon.png\",\"contentUrl\":\"https:\/\/talkpal.ai\/wp-content\/uploads\/2024\/03\/Talkpal-Logo-Icon.png\",\"width\":2880,\"height\":2880,\"caption\":\"Talkpal, Inc.\"},\"image\":{\"@id\":\"https:\/\/talkpal.ai\/hu\/#\/schema\/logo\/image\/\"},\"sameAs\":[\"https:\/\/www.facebook.com\/profile.php?id=100090733639311\",\"https:\/\/x.com\/talkpalai\",\"https:\/\/www.linkedin.com\/company\/talkpal\/\",\"https:\/\/www.youtube.com\/@TalkPal\/\",\"https:\/\/www.tiktok.com\/@talkpal\",\"https:\/\/www.instagram.com\/talkpal_ai\/\",\"https:\/\/www.crunchbase.com\/organization\/talkpal-9cde\",\"https:\/\/www.g2.com\/products\/talkpal-for-business\/\",\"https:\/\/www.trustpilot.com\/review\/talkpal.ai\",\"https:\/\/www.capterra.com\/p\/10006800\/TalkPal\/\"],\"description\":\"Talkpal is a language learning web and mobile education app, powered by the latest AI technologies, that provides engaging experiences to its customers in many different languages to help them improve their language skills. Users can chat about unlimited amount of topics with the app and use other modes to practice their language learning.\",\"email\":\"support@talkpal.ai\",\"legalName\":\"Talkpal, Inc.\",\"foundingDate\":\"2023-04-03\",\"duns\":\"118989042\",\"numberOfEmployees\":{\"@type\":\"QuantitativeValue\",\"minValue\":\"11\",\"maxValue\":\"50\"},\"publishingPrinciples\":\"https:\/\/talkpal.ai\/publishing-principles\/\",\"actionableFeedbackPolicy\":\"https:\/\/talkpal.ai\/actionable-feedback-policy\/\",\"correctionsPolicy\":\"https:\/\/talkpal.ai\/corrections-policy\/\",\"ethicsPolicy\":\"https:\/\/talkpal.ai\/ethics-policy\/\",\"diversityPolicy\":\"https:\/\/talkpal.ai\/diversity-policy\/\",\"diversityStaffingReport\":\"https:\/\/talkpal.ai\/diversity-policy\/\"}]}<\/script>\n<!-- \/ Yoast SEO Premium plugin. -->","yoast_head_json":{"title":"\u00dczb\u00e9g nyelvtani gyakorlatok - Talkpal","description":"Saj\u00e1t\u00edtsa el az \u00fczb\u00e9g nyelvtant a f\u0151nevekre, ig\u00e9kre \u00e9s igeid\u0151kre vonatkoz\u00f3 interakt\u00edv gyakorlatokkal, hogy fejlessze a nyelvtud\u00e1s\u00e1t.","robots":{"index":"index","follow":"follow","max-snippet":"max-snippet:-1","max-image-preview":"max-image-preview:large","max-video-preview":"max-video-preview:-1"},"canonical":"https:\/\/talkpal.ai\/hu\/uzbeg-nyelvtani-gyakorlatok\/","og_locale":"hu_HU","og_type":"article","og_title":"\u00dczb\u00e9g nyelvtani gyakorlatok","og_description":"\u00dczb\u00e9g nyelvtani t\u00e9m\u00e1k Egy \u00faj nyelv elsaj\u00e1t\u00edt\u00e1sa kih\u00edv\u00e1st jelent\u0151, de kifizet\u0151d\u0151 v\u00e1llalkoz\u00e1s lehet. Ez al\u00f3l az \u00fczb\u00e9g nyelv, egy t\u00f6r\u00f6k nyelv, amelyet f\u0151leg","og_url":"https:\/\/talkpal.ai\/hu\/uzbeg-nyelvtani-gyakorlatok\/","og_site_name":"Talkpal","article_publisher":"https:\/\/www.facebook.com\/profile.php?id=100090733639311","article_modified_time":"2025-12-30T13:31:55+00:00","og_image":[{"width":2880,"height":1620,"url":"https:\/\/talkpal.ai\/wp-content\/uploads\/2025\/02\/Progress-tab-16_9.png","type":"image\/png"}],"twitter_card":"summary_large_image","twitter_site":"@talkpalai","twitter_misc":{"Becs\u00fclt olvas\u00e1si id\u0151":"5 perc"},"schema":{"@context":"https:\/\/schema.org","@graph":[{"@type":"WebPage","@id":"https:\/\/talkpal.ai\/hu\/uzbeg-nyelvtani-gyakorlatok\/","url":"https:\/\/talkpal.ai\/hu\/uzbeg-nyelvtani-gyakorlatok\/","name":"\u00dczb\u00e9g nyelvtani gyakorlatok - Talkpal","isPartOf":{"@id":"https:\/\/talkpal.ai\/hu\/#website"},"datePublished":"2025-11-12T17:24:56+00:00","dateModified":"2025-12-30T13:31:55+00:00","description":"Saj\u00e1t\u00edtsa el az \u00fczb\u00e9g nyelvtant a f\u0151nevekre, ig\u00e9kre \u00e9s igeid\u0151kre vonatkoz\u00f3 interakt\u00edv gyakorlatokkal, hogy fejlessze a nyelvtud\u00e1s\u00e1t.","breadcrumb":{"@id":"https:\/\/talkpal.ai\/hu\/uzbeg-nyelvtani-gyakorlatok\/#breadcrumb"},"inLanguage":"hu","potentialAction":[{"@type":"ReadAction","target":["https:\/\/talkpal.ai\/hu\/uzbeg-nyelvtani-gyakorlatok\/"]}]},{"@type":"BreadcrumbList","@id":"https:\/\/talkpal.ai\/hu\/uzbeg-nyelvtani-gyakorlatok\/#breadcrumb","itemListElement":[{"@type":"ListItem","position":1,"name":"Homepage","item":"https:\/\/talkpal.ai\/hu\/"},{"@type":"ListItem","position":2,"name":"\u00dczb\u00e9g nyelvtani gyakorlatok"}]},{"@type":"WebSite","@id":"https:\/\/talkpal.ai\/hu\/#website","url":"https:\/\/talkpal.ai\/hu\/","name":"Talkpal","description":"AI Language Learning","publisher":{"@id":"https:\/\/talkpal.ai\/hu\/#organization"},"alternateName":"Talkpal AI","potentialAction":[{"@type":"SearchAction","target":{"@type":"EntryPoint","urlTemplate":"https:\/\/talkpal.ai\/hu\/?s={search_term_string}"},"query-input":{"@type":"PropertyValueSpecification","valueRequired":true,"valueName":"search_term_string"}}],"inLanguage":"hu"},{"@type":"Organization","@id":"https:\/\/talkpal.ai\/hu\/#organization","name":"Talkpal, Inc.","alternateName":"Talkpal AI","url":"https:\/\/talkpal.ai\/hu\/","logo":{"@type":"ImageObject","inLanguage":"hu","@id":"https:\/\/talkpal.ai\/hu\/#\/schema\/logo\/image\/","url":"https:\/\/talkpal.ai\/wp-content\/uploads\/2024\/03\/Talkpal-Logo-Icon.png","contentUrl":"https:\/\/talkpal.ai\/wp-content\/uploads\/2024\/03\/Talkpal-Logo-Icon.png","width":2880,"height":2880,"caption":"Talkpal, Inc."},"image":{"@id":"https:\/\/talkpal.ai\/hu\/#\/schema\/logo\/image\/"},"sameAs":["https:\/\/www.facebook.com\/profile.php?id=100090733639311","https:\/\/x.com\/talkpalai","https:\/\/www.linkedin.com\/company\/talkpal\/","https:\/\/www.youtube.com\/@TalkPal\/","https:\/\/www.tiktok.com\/@talkpal","https:\/\/www.instagram.com\/talkpal_ai\/","https:\/\/www.crunchbase.com\/organization\/talkpal-9cde","https:\/\/www.g2.com\/products\/talkpal-for-business\/","https:\/\/www.trustpilot.com\/review\/talkpal.ai","https:\/\/www.capterra.com\/p\/10006800\/TalkPal\/"],"description":"Talkpal is a language learning web and mobile education app, powered by the latest AI technologies, that provides engaging experiences to its customers in many different languages to help them improve their language skills. Users can chat about unlimited amount of topics with the app and use other modes to practice their language learning.","email":"support@talkpal.ai","legalName":"Talkpal, Inc.","foundingDate":"2023-04-03","duns":"118989042","numberOfEmployees":{"@type":"QuantitativeValue","minValue":"11","maxValue":"50"},"publishingPrinciples":"https:\/\/talkpal.ai\/publishing-principles\/","actionableFeedbackPolicy":"https:\/\/talkpal.ai\/actionable-feedback-policy\/","correctionsPolicy":"https:\/\/talkpal.ai\/corrections-policy\/","ethicsPolicy":"https:\/\/talkpal.ai\/ethics-policy\/","diversityPolicy":"https:\/\/talkpal.ai\/diversity-policy\/","diversityStaffingReport":"https:\/\/talkpal.ai\/diversity-policy\/"}]}},"_links":{"self":[{"href":"https:\/\/talkpal.ai\/hu\/wp-json\/wp\/v2\/pages\/1476003","targetHints":{"allow":["GET"]}}],"collection":[{"href":"https:\/\/talkpal.ai\/hu\/wp-json\/wp\/v2\/pages"}],"about":[{"href":"https:\/\/talkpal.ai\/hu\/wp-json\/wp\/v2\/types\/page"}],"author":[{"embeddable":true,"href":"https:\/\/talkpal.ai\/hu\/wp-json\/wp\/v2\/users\/20"}],"replies":[{"embeddable":true,"href":"https:\/\/talkpal.ai\/hu\/wp-json\/wp\/v2\/comments?post=1476003"}],"version-history":[{"count":0,"href":"https:\/\/talkpal.ai\/hu\/wp-json\/wp\/v2\/pages\/1476003\/revisions"}],"wp:attachment":[{"href":"https:\/\/talkpal.ai\/hu\/wp-json\/wp\/v2\/media?parent=1476003"}],"curies":[{"name":"wp","href":"https:\/\/api.w.org\/{rel}","templated":true}]}}