{"id":1475963,"date":"2025-11-12T17:11:45","date_gmt":"2025-11-12T17:11:45","guid":{"rendered":"https:\/\/talkpal.ai\/telugu-nyelvtan\/"},"modified":"2025-12-30T11:56:00","modified_gmt":"2025-12-30T11:56:00","slug":"telugu-nyelvtan","status":"publish","type":"page","link":"https:\/\/talkpal.ai\/hu\/telugu-nyelvtan\/","title":{"rendered":"Telugu nyelvtan"},"content":{"rendered":"\r\n\r\n\r\n<section class=\"languageChallengeSection\">\r\n    <div class=\"languageInfoWrapper\">\r\n        \r\n        <h1>Telugu nyelvtan<\/h1>\r\n        <p>A <a href=\"https:\/\/talkpal.ai\/telugu-grammar\/\">telugu nyelvtan<\/a> els\u0151re kih\u00edv\u00e1snak t\u0171nhet, de egyedi tulajdons\u00e1gai kifizet\u0151d\u0151 \u00e9lm\u00e9nny\u00e9 teszik a nyelvtanul\u00e1st. A nyelv \u00e1b\u00e9c\u00e9j\u00e9nek, mut\u00e1ci\u00f3inak \u00e9s nyelvtani szab\u00e1lyainak felfedez\u00e9s\u00e9vel betekint\u00e9st nyerhet egy gazdag nyelvi hagyom\u00e1nyba. Induljon el utaz\u00e1s\u00e1val, \u00e9s fedezze fel a <a href=\"https:\/\/talkpal.ai\/learn-telugu\/\">telugu<\/a> sz\u00e9ps\u00e9g\u00e9t!<\/p>\r\n\r\n                            <a class=\"getStartedHidden\" href=\"https:\/\/app.talkpal.ai\/hu\/signup?lng=\">Kezdj\u00fck<\/a>\r\n        \r\n    <\/div>\r\n\r\n    <figure>\r\n    <img decoding=\"async\" width=\"768\" height=\"768\" src=\"https:\/\/talkpal.ai\/wp-content\/uploads\/2023\/06\/welsh-768x768.png\" class=\"languageImage no-lazy\" alt=\"Language learning for better cognitive abilities\" fetchpriority=\"high\" sizes=\"(max-width: 768px) 150px, 768px\" srcset=\"https:\/\/talkpal.ai\/wp-content\/uploads\/2023\/06\/welsh-768x768.png 768w, https:\/\/talkpal.ai\/wp-content\/uploads\/2023\/06\/welsh-300x300.png 300w\" \/>\r\n    \r\n\r\n    <\/figure>\r\n\r\n            <a class=\"getStartedVisible\" href=\"https:\/\/app.talkpal.ai\/hu\/signup?lng=\">Kezdj\u00fck<\/a>\r\n    \r\n<\/section><section class=\"promotionalBanner\">\r\n    <p class=\"promotionalText\">A nyelvtanul\u00e1s leghat\u00e9konyabb m\u00f3dja<\/p>\r\n    <a class=\"promotionalLink\" href=\"https:\/\/app.talkpal.ai\/hu\/signup?lng=\">Pr\u00f3b\u00e1lja ki a Talkpal ingyen<\/a>\r\n<\/section>\n<div class=\"wp-block-group pageContainerStyle\"><div class=\"wp-block-group__inner-container is-layout-constrained wp-block-group-is-layout-constrained\">\n<h2 class=\"wp-block-heading\" id=\"h-navigating-the-intricacies-of-telugu-grammar\">Eligazod\u00e1s a telugu nyelvtan bonyolults\u00e1g\u00e1ban<\/h2>\n\n\n\n<p><a href=\"https:\/\/talkpal.ai\/hu\/tanulj-teluguul\/\">A telugu<\/a>, egy dravida nyelv, amely \u00e9l\u00e9nk irodalmi hagyom\u00e1nyokkal \u00e9s kultur\u00e1lis jelent\u0151s\u00e9ggel rendelkezik Andhra Pradeshben \u00e9s Telangan\u00e1ban, izgalmas nyelvi \u00e9lm\u00e9nyt k\u00edn\u00e1l azok sz\u00e1m\u00e1ra, akik sz\u00edvesen felfedezik egyedi nyelvtani rendszer\u00e9t. Ahogy bemer\u00e9szkedik a telugu birodalm\u00e1ba, nemcsak nyelvi reperto\u00e1rj\u00e1t gazdag\u00edtja, hanem egy leny\u0171g\u00f6z\u0151 kultur\u00e1lis utaz\u00e1st is megteszel. B\u00e1r a telugu <a href=\"https:\/\/talkpal.ai\/grammar\/\">nyelvtan<\/a> els\u0151re bonyolultnak t\u0171nhet, az alapvet\u0151 \u00f6sszetev\u0151kre bont\u00e1sa megk\u00f6zel\u00edthet\u0151bb\u00e9 teszi a nyelvtanul\u00e1st. Ebben a cikkben felt\u00e1rjuk a telugu nyelvtan mag\u00e1val ragad\u00f3 vil\u00e1g\u00e1t, \u00e9s tippeket adunk annak \u00f6sszetetts\u00e9g\u00e9nek elsaj\u00e1t\u00edt\u00e1s\u00e1hoz.<\/p>\n\n\n\n<h3 class=\"wp-block-heading\" id=\"h-1-telugu-alphabet-and-phonetics\">1. Telugu \u00e1b\u00e9c\u00e9 \u00e9s fonetika<\/h3>\n\n\n\n<p>A telugu \u00edr\u00e1s 16 mag\u00e1nhangz\u00f3t \u00e9s 36 m\u00e1ssalhangz\u00f3t tartalmaz, valamint olyan jeleket, mint az anusvara \u00e9s a visarga. Ez egy abugida, ahol a m\u00e1ssalhangz\u00f3 szimb\u00f3lumok egy eredend\u0151 mag\u00e1nhangz\u00f3t hordoznak, amelyet a gunintalu nev\u0171 mag\u00e1nhangz\u00f3 mell\u00e9kjelekkel lehet m\u00f3dos\u00edtani. A telugu fonetika egy\u00e9rtelm\u0171 hossz\u00fa-r\u00f6vid mag\u00e1nhangz\u00f3-kontrasztokat \u00e9s retroflex m\u00e1ssalhangz\u00f3kat tartalmaz. A telugu nyelvtan elsaj\u00e1t\u00edt\u00e1s\u00e1hoz elengedhetetlen, hogy megismerkedjen ezzel a jellegzetes \u00edr\u00e1srendszerrel a telugu nyelv\u0171 olvas\u00e1s \u00e9s \u00edr\u00e1s gyakorl\u00e1s\u00e1val.<\/p>\n\n\n\n<h3 class=\"wp-block-heading\" id=\"h-2-sandhi-and-assimilation-a-notable-telugu-feature\">2. Sandhi \u00e9s asszimil\u00e1ci\u00f3: figyelemre m\u00e9lt\u00f3 telugu jellemz\u0151<\/h3>\n\n\n\n<p>A telugu nyelvtan egyik legszembet\u0171n\u0151bb aspektusa a sandhi \u00e9s a fonol\u00f3giai asszimil\u00e1ci\u00f3 haszn\u00e1lata, amelyek a hangok v\u00e1ltoz\u00e1s\u00e1t okozz\u00e1k, a sz\u00f3 \u00e9s a morf\u00e9ma hat\u00e1rain. A mag\u00e1nhangz\u00f3k \u00f6sszeolvadhatnak vagy meghosszabbodhatnak, a m\u00e1ssalhangz\u00f3k pedig asszimil\u00e1l\u00f3dhatnak vagy geminiz\u00e1l\u00f3dhatnak. Annak meg\u00e9rt\u00e9se, hogy mikor \u00e9s hogyan t\u00f6rt\u00e9nnek ezek a v\u00e1ltoz\u00e1sok, mind a besz\u00e9dben, mind a helyes\u00edr\u00e1sban, l\u00e9tfontoss\u00e1g\u00fa a pontos telugu kommunik\u00e1ci\u00f3hoz.<\/p>\n\n\n\n<h3 class=\"wp-block-heading\" id=\"h-3-nouns-and-pronouns-gender-and-cases\">3. F\u0151nevek \u00e9s n\u00e9vm\u00e1sok: nem \u00e9s esetek<\/h3>\n\n\n\n<p>A telugu f\u0151nevek nyelvtani nem\u00e9t nem jel\u00f6lik ugyan\u00fagy, mint egyes indoeur\u00f3pai nyelveket, de az egyet\u00e9rt\u00e9s t\u00fckr\u00f6z\u0151dik az ig\u00e9kben \u00e9s n\u00e9vm\u00e1sokban, amelyek megk\u00fcl\u00f6nb\u00f6ztetik a h\u00edmnem\u0171, a n\u0151nem\u0171 \u00e9s az ivartalan\u00edtott harmadik szem\u00e9lyt. A t\u00f6bbes sz\u00e1mot \u00e1ltal\u00e1ban a -lu ut\u00f3taggal alkotj\u00e1k, b\u00e1r a mint\u00e1k f\u0151n\u00e9vi oszt\u00e1lyonk\u00e9nt v\u00e1ltoznak. A telugu nagybet\u0171s ut\u00f3tagokat haszn\u00e1l a kapcsolatok jel\u00f6l\u00e9s\u00e9re, mint p\u00e9ld\u00e1ul a t\u00e1rgyesetes -ni, a dat\u00edvusz -ki vagy -ku, a birtokos -di vagy -yokka, az instrument\u00e1lis -to, a helyhat\u00e1roz\u00f3 -lo \u00e9s az ablat\u00edv -nundi. A n\u00e9vm\u00e1sok k\u00f6z\u00e9 tartozik a szem\u00e9lyes (nenu, nuvvu, meeru, atanu, ame, adi), a birtokos (naa, nee, maa, me), a reflex\u00edv (tanu k\u00fcl\u00f6nb\u00f6z\u0151 funkci\u00f3kban), a demonstrat\u00edv (idi, adi, ivvi, avi) \u00e9s a k\u00e9rd\u0151 (emi, evaru, \u0113di). Ezeknek a form\u00e1knak a megismer\u00e9se jelent\u0151sen jav\u00edtja a telugu nyelvtan meg\u00e9rt\u00e9s\u00e9t.<\/p>\n\n\n\n<h3 class=\"wp-block-heading\" id=\"h-4-verbs-structure-and-conjugation\">4. Ig\u00e9k: szerkezet \u00e9s ragoz\u00e1s<\/h3>\n\n\n\n<p>A telugu ig\u00e9k agglutinat\u00edvak \u00e9s konjug\u00e1ltak a szem\u00e9lyre, a sz\u00e1mra \u00e9s gyakran a nemre, tov\u00e1bbi jel\u00f6l\u00e9ssel az igeid\u0151re, az aspektusra, a hangulatra \u00e9s az udvariass\u00e1gra. A gyakori igeid\u0151k \u00e9s szempontok k\u00f6z\u00e9 tartozik a m\u00falt, a j\u00f6v\u0151 \u00e9s a sz\u00e9les k\u00f6rben haszn\u00e1lt jelen progressz\u00edv -tunn- alakban. A hangulatot felsz\u00f3l\u00edt\u00f3 \u00e9s felt\u00e9teles form\u00e1kon kereszt\u00fcl fejezik ki, az udvariass\u00e1g szintj\u00e9t pedig olyan tiszteletteljes befejez\u00e9sek jelzik, mint az -andi. Az iget\u00f6vek \u00e9s a ragoz\u00e1si mint\u00e1k elsaj\u00e1t\u00edt\u00e1sa jav\u00edtja a telugu nyelven val\u00f3 hat\u00e9kony kommunik\u00e1ci\u00f3 k\u00e9pess\u00e9g\u00e9t.<\/p>\n\n\n\n<h3 class=\"wp-block-heading\" id=\"h-5-adjectives-agreement-and-placement\">5. Mell\u00e9knevek: meg\u00e1llapod\u00e1s \u00e9s elhelyez\u00e9s<\/h3>\n\n\n\n<p>A telugu nyelvtanban a mell\u00e9knevek \u00e1ltal\u00e1ban megel\u0151zik az \u00e1ltaluk m\u00f3dos\u00edtott f\u0151nevet, \u00e9s \u00e1ltal\u00e1ban nem v\u00e1ltoztatj\u00e1k meg a sz\u00e1m vagy a nem alakj\u00e1t. A r\u00e9sztvev\u0151i mell\u00e9knevek \u00e9s bizonyos k\u00f6lcs\u00f6nz\u00f6tt alakok tov\u00e1bbi morfol\u00f3gi\u00e1t mutathatnak, \u00e9s az \u00f6sszehasonl\u00edt\u00e1st gyakran analitikusan fejezik ki olyan szavakkal, mint az inka a t\u00f6bbre, \u00e9s az atyantha vagy a ch\u0101la a legt\u00f6bbre, kanna jel\u00f6l\u00e9s \u00f6sszehasonl\u00edt\u00e1s\u00e1val. Ezek a mint\u00e1k elengedhetetlenek a term\u00e9szetesebb kommunik\u00e1ci\u00f3 megtanul\u00e1s\u00e1hoz.<\/p>\n\n\n\n<p><strong>P\u00e9ld\u00e1k:<\/strong><\/p>\n\n\n\n<p><strong>\u2013 Pedda Prema (Nagy szerelem)<\/strong><\/p>\n\n\n\n<p><strong>\u2013 Chinna Pillalu (kisgyermekek)<\/strong><\/p>\n\n\n\n<h3 class=\"wp-block-heading\" id=\"h-6-engaging-with-the-language\">6. A nyelv haszn\u00e1lata<\/h3>\n\n\n\n<p>A telugu nyelvtan teljes meg\u00e9rt\u00e9s\u00e9nek \u00e9s internaliz\u00e1l\u00e1s\u00e1nak leghat\u00e9konyabb m\u00f3dja a nyelv k\u00f6vetkezetes haszn\u00e1lata. A telugu irodalom olvas\u00e1s\u00e1val, telugu filmek vagy telev\u00edzi\u00f3s sorozatok n\u00e9z\u00e9s\u00e9vel \u00e9s az anyanyelvi besz\u00e9l\u0151kkel val\u00f3 akt\u00edv kommunik\u00e1ci\u00f3val meger\u0151s\u00edti nyelvtani meg\u00e9rt\u00e9s\u00e9t, mik\u00f6zben b\u0151v\u00edti sz\u00f3kincs\u00e9t.<\/p>\n\n\n\n<h3 class=\"wp-block-heading\" id=\"h-conclusion\">K\u00f6vetkeztet\u00e9s<\/h3>\n\n\n\n<p>B\u00e1r a telugu nyelvtan bonyolultnak t\u0171nhet, elhivatotts\u00e1ggal, gyakorl\u00e1ssal \u00e9s lelkesed\u00e9ssel j\u00e1rtass\u00e1 v\u00e1lhat ebben a gy\u00f6ny\u00f6r\u0171 nyelvben. Ha az alapvet\u0151 szab\u00e1lyokra \u00f6sszpontos\u00edt, \u00e9s k\u00fcl\u00f6nb\u00f6z\u0151 kontextusokban foglalkozik a nyelvvel, gyorsan fejlesztheti telugu <a href=\"https:\/\/talkpal.ai\/hu\/nyelvtan\/\">nyelvtani k\u00e9szs\u00e9geit<\/a>. Shubhakankshalu (j\u00f3k\u00edv\u00e1ns\u00e1gok) a telugu nyelvi utaz\u00e1shoz, \u00e9s \u00e9lvezze a telugu nyelvtan gazdag \u00e9s mag\u00e1val ragad\u00f3 vil\u00e1g\u00e1nak felt\u00e1r\u00e1s\u00e1t!<\/p>\n<\/div><\/div>\n\r\n<section class=\"learnNavigationSection\">\r\n            \r\n        <a href=\"https:\/\/talkpal.ai\/hu\/tanulj-teluguul\/\">\r\n            <div class=\"learnNavigationWrapper\">\r\n                <div class=\"learnNavigationContent\">\r\n                    <img decoding=\"async\" src=\"https:\/\/talkpal.ai\/wp-content\/uploads\/2025\/11\/Telugu.png\" alt=\"Indian Simplified Flag\">\r\n                    <div>\r\n                        <h4>A telugu tanul\u00e1sr\u00f3l<\/h4>\r\n                        <p>Tudjon meg mindent a telugu nyelvtanr\u00f3l.<\/p>\r\n                    <\/div>\r\n                <\/div>\r\n            <\/div>\r\n        <\/a>\r\n\r\n        \r\n        <a href=\"https:\/\/talkpal.ai\/hu\/telugu-nyelvtani-gyakorlatok\/\">\r\n            <div class=\"learnNavigationWrapper\">\r\n                <div class=\"learnNavigationContent\">\r\n                    <img decoding=\"async\" src=\"https:\/\/talkpal.ai\/wp-content\/uploads\/2025\/11\/Telugu.png\" alt=\"Indian Simplified Flag\">\r\n                    <div>\r\n                        <h4>Telugu nyelvtani gyakorlat<\/h4>\r\n                        <p>Gyakorolja a telugu nyelvtant.<\/p>\r\n                    <\/div>\r\n                <\/div>\r\n            <\/div>\r\n        <\/a>\r\n\r\n            <\/section>","protected":false},"excerpt":{"rendered":"<p>Eligazod\u00e1s a telugu nyelvtan bonyolults\u00e1g\u00e1ban A telugu, egy dravida nyelv, amely \u00e9l\u00e9nk irodalmi hagyom\u00e1nyokkal \u00e9s kultur\u00e1lis jelent\u0151s\u00e9ggel rendelkezik Andhra Pradeshben \u00e9s Telangan\u00e1ban, izgalmas nyelvi \u00e9lm\u00e9nyt k\u00edn\u00e1l azok sz\u00e1m\u00e1ra, akik sz\u00edvesen felfedezik egyedi nyelvtani rendszer\u00e9t. Ahogy bemer\u00e9szkedik a telugu birodalm\u00e1ba, nemcsak nyelvi reperto\u00e1rj\u00e1t gazdag\u00edtja, hanem egy leny\u0171g\u00f6z\u0151 kultur\u00e1lis utaz\u00e1st is megteszel. B\u00e1r a telugu nyelvtan els\u0151re [&hellip;]<\/p>\n","protected":false},"author":20,"featured_media":0,"parent":0,"menu_order":0,"comment_status":"closed","ping_status":"closed","template":"LearningContentPage.php","meta":{"_acf_changed":false,"footnotes":""},"class_list":["post-1475963","page","type-page","status-publish","hentry"],"acf":[],"yoast_head":"<!-- This site is optimized with the Yoast SEO Premium plugin v27.2 (Yoast SEO v27.2) - https:\/\/yoast.com\/product\/yoast-seo-premium-wordpress\/ -->\n<title>Telugu nyelvtan - Talkpal<\/title>\n<meta name=\"description\" content=\"Saj\u00e1t\u00edtsd el a telugu nyelvtani szab\u00e1lyokat, bele\u00e9rtve a sandhi-t, az eseteket \u00e9s az igek\u00f6t\u0151ket, \u00e1tfog\u00f3 \u00fatmutat\u00f3nk \u00e9s interakt\u00edv gyakorlataink seg\u00edts\u00e9g\u00e9vel.\" \/>\n<meta name=\"robots\" content=\"index, follow, max-snippet:-1, max-image-preview:large, max-video-preview:-1\" \/>\n<link rel=\"canonical\" href=\"https:\/\/talkpal.ai\/hu\/telugu-nyelvtan\/\" \/>\n<meta property=\"og:locale\" content=\"hu_HU\" \/>\n<meta property=\"og:type\" content=\"article\" \/>\n<meta property=\"og:title\" content=\"Telugu nyelvtan\" \/>\n<meta property=\"og:description\" content=\"Eligazod\u00e1s a telugu nyelvtan bonyolults\u00e1g\u00e1ban A telugu, egy dravida nyelv, amely \u00e9l\u00e9nk irodalmi hagyom\u00e1nyokkal \u00e9s kultur\u00e1lis jelent\u0151s\u00e9ggel rendelkezik\" \/>\n<meta property=\"og:url\" content=\"https:\/\/talkpal.ai\/hu\/telugu-nyelvtan\/\" \/>\n<meta property=\"og:site_name\" content=\"Talkpal\" \/>\n<meta property=\"article:publisher\" content=\"https:\/\/www.facebook.com\/profile.php?id=100090733639311\" \/>\n<meta property=\"article:modified_time\" content=\"2025-12-30T11:56:00+00:00\" \/>\n<meta property=\"og:image\" content=\"https:\/\/talkpal.ai\/wp-content\/uploads\/2025\/02\/Progress-tab-16_9.png\" \/>\n\t<meta property=\"og:image:width\" content=\"2880\" \/>\n\t<meta property=\"og:image:height\" content=\"1620\" \/>\n\t<meta property=\"og:image:type\" content=\"image\/png\" \/>\n<meta name=\"twitter:card\" content=\"summary_large_image\" \/>\n<meta name=\"twitter:site\" content=\"@talkpalai\" \/>\n<meta name=\"twitter:label1\" content=\"Becs\u00fclt olvas\u00e1si id\u0151\" \/>\n\t<meta name=\"twitter:data1\" content=\"5 perc\" \/>\n<script type=\"application\/ld+json\" class=\"yoast-schema-graph\">{\"@context\":\"https:\/\/schema.org\",\"@graph\":[{\"@type\":\"WebPage\",\"@id\":\"https:\/\/talkpal.ai\/hu\/telugu-nyelvtan\/\",\"url\":\"https:\/\/talkpal.ai\/hu\/telugu-nyelvtan\/\",\"name\":\"Telugu nyelvtan - Talkpal\",\"isPartOf\":{\"@id\":\"https:\/\/talkpal.ai\/hu\/#website\"},\"datePublished\":\"2025-11-12T17:11:45+00:00\",\"dateModified\":\"2025-12-30T11:56:00+00:00\",\"description\":\"Saj\u00e1t\u00edtsd el a telugu nyelvtani szab\u00e1lyokat, bele\u00e9rtve a sandhi-t, az eseteket \u00e9s az igek\u00f6t\u0151ket, \u00e1tfog\u00f3 \u00fatmutat\u00f3nk \u00e9s interakt\u00edv gyakorlataink seg\u00edts\u00e9g\u00e9vel.\",\"breadcrumb\":{\"@id\":\"https:\/\/talkpal.ai\/hu\/telugu-nyelvtan\/#breadcrumb\"},\"inLanguage\":\"hu\",\"potentialAction\":[{\"@type\":\"ReadAction\",\"target\":[\"https:\/\/talkpal.ai\/hu\/telugu-nyelvtan\/\"]}]},{\"@type\":\"BreadcrumbList\",\"@id\":\"https:\/\/talkpal.ai\/hu\/telugu-nyelvtan\/#breadcrumb\",\"itemListElement\":[{\"@type\":\"ListItem\",\"position\":1,\"name\":\"Homepage\",\"item\":\"https:\/\/talkpal.ai\/hu\/\"},{\"@type\":\"ListItem\",\"position\":2,\"name\":\"Telugu nyelvtan\"}]},{\"@type\":\"WebSite\",\"@id\":\"https:\/\/talkpal.ai\/hu\/#website\",\"url\":\"https:\/\/talkpal.ai\/hu\/\",\"name\":\"Talkpal\",\"description\":\"AI Language Learning\",\"publisher\":{\"@id\":\"https:\/\/talkpal.ai\/hu\/#organization\"},\"alternateName\":\"Talkpal AI\",\"potentialAction\":[{\"@type\":\"SearchAction\",\"target\":{\"@type\":\"EntryPoint\",\"urlTemplate\":\"https:\/\/talkpal.ai\/hu\/?s={search_term_string}\"},\"query-input\":{\"@type\":\"PropertyValueSpecification\",\"valueRequired\":true,\"valueName\":\"search_term_string\"}}],\"inLanguage\":\"hu\"},{\"@type\":\"Organization\",\"@id\":\"https:\/\/talkpal.ai\/hu\/#organization\",\"name\":\"Talkpal, Inc.\",\"alternateName\":\"Talkpal AI\",\"url\":\"https:\/\/talkpal.ai\/hu\/\",\"logo\":{\"@type\":\"ImageObject\",\"inLanguage\":\"hu\",\"@id\":\"https:\/\/talkpal.ai\/hu\/#\/schema\/logo\/image\/\",\"url\":\"https:\/\/talkpal.ai\/wp-content\/uploads\/2024\/03\/Talkpal-Logo-Icon.png\",\"contentUrl\":\"https:\/\/talkpal.ai\/wp-content\/uploads\/2024\/03\/Talkpal-Logo-Icon.png\",\"width\":2880,\"height\":2880,\"caption\":\"Talkpal, Inc.\"},\"image\":{\"@id\":\"https:\/\/talkpal.ai\/hu\/#\/schema\/logo\/image\/\"},\"sameAs\":[\"https:\/\/www.facebook.com\/profile.php?id=100090733639311\",\"https:\/\/x.com\/talkpalai\",\"https:\/\/www.linkedin.com\/company\/talkpal\/\",\"https:\/\/www.youtube.com\/@TalkPal\/\",\"https:\/\/www.tiktok.com\/@talkpal\",\"https:\/\/www.instagram.com\/talkpal_ai\/\",\"https:\/\/www.crunchbase.com\/organization\/talkpal-9cde\",\"https:\/\/www.g2.com\/products\/talkpal-for-business\/\",\"https:\/\/www.trustpilot.com\/review\/talkpal.ai\",\"https:\/\/www.capterra.com\/p\/10006800\/TalkPal\/\"],\"description\":\"Talkpal is a language learning web and mobile education app, powered by the latest AI technologies, that provides engaging experiences to its customers in many different languages to help them improve their language skills. Users can chat about unlimited amount of topics with the app and use other modes to practice their language learning.\",\"email\":\"support@talkpal.ai\",\"legalName\":\"Talkpal, Inc.\",\"foundingDate\":\"2023-04-03\",\"duns\":\"118989042\",\"numberOfEmployees\":{\"@type\":\"QuantitativeValue\",\"minValue\":\"11\",\"maxValue\":\"50\"},\"publishingPrinciples\":\"https:\/\/talkpal.ai\/publishing-principles\/\",\"actionableFeedbackPolicy\":\"https:\/\/talkpal.ai\/actionable-feedback-policy\/\",\"correctionsPolicy\":\"https:\/\/talkpal.ai\/corrections-policy\/\",\"ethicsPolicy\":\"https:\/\/talkpal.ai\/ethics-policy\/\",\"diversityPolicy\":\"https:\/\/talkpal.ai\/diversity-policy\/\",\"diversityStaffingReport\":\"https:\/\/talkpal.ai\/diversity-policy\/\"}]}<\/script>\n<!-- \/ Yoast SEO Premium plugin. -->","yoast_head_json":{"title":"Telugu nyelvtan - Talkpal","description":"Saj\u00e1t\u00edtsd el a telugu nyelvtani szab\u00e1lyokat, bele\u00e9rtve a sandhi-t, az eseteket \u00e9s az igek\u00f6t\u0151ket, \u00e1tfog\u00f3 \u00fatmutat\u00f3nk \u00e9s interakt\u00edv gyakorlataink seg\u00edts\u00e9g\u00e9vel.","robots":{"index":"index","follow":"follow","max-snippet":"max-snippet:-1","max-image-preview":"max-image-preview:large","max-video-preview":"max-video-preview:-1"},"canonical":"https:\/\/talkpal.ai\/hu\/telugu-nyelvtan\/","og_locale":"hu_HU","og_type":"article","og_title":"Telugu nyelvtan","og_description":"Eligazod\u00e1s a telugu nyelvtan bonyolults\u00e1g\u00e1ban A telugu, egy dravida nyelv, amely \u00e9l\u00e9nk irodalmi hagyom\u00e1nyokkal \u00e9s kultur\u00e1lis jelent\u0151s\u00e9ggel rendelkezik","og_url":"https:\/\/talkpal.ai\/hu\/telugu-nyelvtan\/","og_site_name":"Talkpal","article_publisher":"https:\/\/www.facebook.com\/profile.php?id=100090733639311","article_modified_time":"2025-12-30T11:56:00+00:00","og_image":[{"width":2880,"height":1620,"url":"https:\/\/talkpal.ai\/wp-content\/uploads\/2025\/02\/Progress-tab-16_9.png","type":"image\/png"}],"twitter_card":"summary_large_image","twitter_site":"@talkpalai","twitter_misc":{"Becs\u00fclt olvas\u00e1si id\u0151":"5 perc"},"schema":{"@context":"https:\/\/schema.org","@graph":[{"@type":"WebPage","@id":"https:\/\/talkpal.ai\/hu\/telugu-nyelvtan\/","url":"https:\/\/talkpal.ai\/hu\/telugu-nyelvtan\/","name":"Telugu nyelvtan - Talkpal","isPartOf":{"@id":"https:\/\/talkpal.ai\/hu\/#website"},"datePublished":"2025-11-12T17:11:45+00:00","dateModified":"2025-12-30T11:56:00+00:00","description":"Saj\u00e1t\u00edtsd el a telugu nyelvtani szab\u00e1lyokat, bele\u00e9rtve a sandhi-t, az eseteket \u00e9s az igek\u00f6t\u0151ket, \u00e1tfog\u00f3 \u00fatmutat\u00f3nk \u00e9s interakt\u00edv gyakorlataink seg\u00edts\u00e9g\u00e9vel.","breadcrumb":{"@id":"https:\/\/talkpal.ai\/hu\/telugu-nyelvtan\/#breadcrumb"},"inLanguage":"hu","potentialAction":[{"@type":"ReadAction","target":["https:\/\/talkpal.ai\/hu\/telugu-nyelvtan\/"]}]},{"@type":"BreadcrumbList","@id":"https:\/\/talkpal.ai\/hu\/telugu-nyelvtan\/#breadcrumb","itemListElement":[{"@type":"ListItem","position":1,"name":"Homepage","item":"https:\/\/talkpal.ai\/hu\/"},{"@type":"ListItem","position":2,"name":"Telugu nyelvtan"}]},{"@type":"WebSite","@id":"https:\/\/talkpal.ai\/hu\/#website","url":"https:\/\/talkpal.ai\/hu\/","name":"Talkpal","description":"AI Language Learning","publisher":{"@id":"https:\/\/talkpal.ai\/hu\/#organization"},"alternateName":"Talkpal AI","potentialAction":[{"@type":"SearchAction","target":{"@type":"EntryPoint","urlTemplate":"https:\/\/talkpal.ai\/hu\/?s={search_term_string}"},"query-input":{"@type":"PropertyValueSpecification","valueRequired":true,"valueName":"search_term_string"}}],"inLanguage":"hu"},{"@type":"Organization","@id":"https:\/\/talkpal.ai\/hu\/#organization","name":"Talkpal, Inc.","alternateName":"Talkpal AI","url":"https:\/\/talkpal.ai\/hu\/","logo":{"@type":"ImageObject","inLanguage":"hu","@id":"https:\/\/talkpal.ai\/hu\/#\/schema\/logo\/image\/","url":"https:\/\/talkpal.ai\/wp-content\/uploads\/2024\/03\/Talkpal-Logo-Icon.png","contentUrl":"https:\/\/talkpal.ai\/wp-content\/uploads\/2024\/03\/Talkpal-Logo-Icon.png","width":2880,"height":2880,"caption":"Talkpal, Inc."},"image":{"@id":"https:\/\/talkpal.ai\/hu\/#\/schema\/logo\/image\/"},"sameAs":["https:\/\/www.facebook.com\/profile.php?id=100090733639311","https:\/\/x.com\/talkpalai","https:\/\/www.linkedin.com\/company\/talkpal\/","https:\/\/www.youtube.com\/@TalkPal\/","https:\/\/www.tiktok.com\/@talkpal","https:\/\/www.instagram.com\/talkpal_ai\/","https:\/\/www.crunchbase.com\/organization\/talkpal-9cde","https:\/\/www.g2.com\/products\/talkpal-for-business\/","https:\/\/www.trustpilot.com\/review\/talkpal.ai","https:\/\/www.capterra.com\/p\/10006800\/TalkPal\/"],"description":"Talkpal is a language learning web and mobile education app, powered by the latest AI technologies, that provides engaging experiences to its customers in many different languages to help them improve their language skills. Users can chat about unlimited amount of topics with the app and use other modes to practice their language learning.","email":"support@talkpal.ai","legalName":"Talkpal, Inc.","foundingDate":"2023-04-03","duns":"118989042","numberOfEmployees":{"@type":"QuantitativeValue","minValue":"11","maxValue":"50"},"publishingPrinciples":"https:\/\/talkpal.ai\/publishing-principles\/","actionableFeedbackPolicy":"https:\/\/talkpal.ai\/actionable-feedback-policy\/","correctionsPolicy":"https:\/\/talkpal.ai\/corrections-policy\/","ethicsPolicy":"https:\/\/talkpal.ai\/ethics-policy\/","diversityPolicy":"https:\/\/talkpal.ai\/diversity-policy\/","diversityStaffingReport":"https:\/\/talkpal.ai\/diversity-policy\/"}]}},"_links":{"self":[{"href":"https:\/\/talkpal.ai\/hu\/wp-json\/wp\/v2\/pages\/1475963","targetHints":{"allow":["GET"]}}],"collection":[{"href":"https:\/\/talkpal.ai\/hu\/wp-json\/wp\/v2\/pages"}],"about":[{"href":"https:\/\/talkpal.ai\/hu\/wp-json\/wp\/v2\/types\/page"}],"author":[{"embeddable":true,"href":"https:\/\/talkpal.ai\/hu\/wp-json\/wp\/v2\/users\/20"}],"replies":[{"embeddable":true,"href":"https:\/\/talkpal.ai\/hu\/wp-json\/wp\/v2\/comments?post=1475963"}],"version-history":[{"count":0,"href":"https:\/\/talkpal.ai\/hu\/wp-json\/wp\/v2\/pages\/1475963\/revisions"}],"wp:attachment":[{"href":"https:\/\/talkpal.ai\/hu\/wp-json\/wp\/v2\/media?parent=1475963"}],"curies":[{"name":"wp","href":"https:\/\/api.w.org\/{rel}","templated":true}]}}