{"id":1475792,"date":"2025-11-12T16:44:57","date_gmt":"2025-11-12T16:44:57","guid":{"rendered":"https:\/\/talkpal.ai\/szingalez-nyelvtan\/"},"modified":"2025-12-30T11:10:23","modified_gmt":"2025-12-30T11:10:23","slug":"szingalez-nyelvtan","status":"publish","type":"page","link":"https:\/\/talkpal.ai\/hu\/szingalez-nyelvtan\/","title":{"rendered":"Szingal\u00e9z nyelvtan"},"content":{"rendered":"\r\n\r\n\r\n<section class=\"languageChallengeSection\">\r\n    <div class=\"languageInfoWrapper\">\r\n        \r\n        <h1>Szingal\u00e9z nyelvtan<\/h1>\r\n        <p>A <a href=\"https:\/\/talkpal.ai\/learn-sinhala\/\">szingal\u00e9z<\/a> <a href=\"https:\/\/talkpal.ai\/grammar\/\">nyelvtan<\/a> els\u0151re kih\u00edv\u00e1snak t\u0171nhet, de egyedi tulajdons\u00e1gai kifizet\u0151d\u0151 \u00e9lm\u00e9nny\u00e9 teszik a nyelvtanul\u00e1st. A nyelv \u00e1b\u00e9c\u00e9j\u00e9nek, mut\u00e1ci\u00f3inak \u00e9s nyelvtani szab\u00e1lyainak felfedez\u00e9s\u00e9vel betekint\u00e9st nyerhet egy gazdag nyelvi hagyom\u00e1nyba. Induljon el utaz\u00e1s\u00e1ra, \u00e9s fedezze fel <a href=\"https:\/\/talkpal.ai\/hu\/tanulj-szingalez-nyelven\/\">szingal\u00e9z nyelv<\/a> sz\u00e9ps\u00e9g\u00e9t!<\/p>\r\n\r\n                            <a class=\"getStartedHidden\" href=\"https:\/\/app.talkpal.ai\/hu\/signup?lng=\">Kezdj\u00fck<\/a>\r\n        \r\n    <\/div>\r\n\r\n    <figure>\r\n    <img decoding=\"async\" width=\"768\" height=\"768\" src=\"https:\/\/talkpal.ai\/wp-content\/uploads\/2023\/06\/welsh-768x768.png\" class=\"languageImage no-lazy\" alt=\"Language learning for better cognitive abilities\" fetchpriority=\"high\" sizes=\"(max-width: 768px) 150px, 768px\" srcset=\"https:\/\/talkpal.ai\/wp-content\/uploads\/2023\/06\/welsh-768x768.png 768w, https:\/\/talkpal.ai\/wp-content\/uploads\/2023\/06\/welsh-300x300.png 300w\" \/>\r\n    \r\n\r\n    <\/figure>\r\n\r\n            <a class=\"getStartedVisible\" href=\"https:\/\/app.talkpal.ai\/hu\/signup?lng=\">Kezdj\u00fck<\/a>\r\n    \r\n<\/section><section class=\"promotionalBanner\">\r\n    <p class=\"promotionalText\">A nyelvtanul\u00e1s leghat\u00e9konyabb m\u00f3dja<\/p>\r\n    <a class=\"promotionalLink\" href=\"https:\/\/app.talkpal.ai\/hu\/signup?lng=\">Pr\u00f3b\u00e1lja ki a Talkpal ingyen<\/a>\r\n<\/section>\n<div class=\"wp-block-group pageContainerStyle\"><div class=\"wp-block-group__inner-container is-layout-constrained wp-block-group-is-layout-constrained\">\n<h2 class=\"wp-block-heading\" id=\"h-navigating-the-intricacies-of-sinhala-grammar\">Eligazod\u00e1s a szingal\u00e9z nyelvtan bonyolults\u00e1g\u00e1ban<\/h2>\n\n\n\n<p><a href=\"https:\/\/talkpal.ai\/hu\/tanulj-szingalez-nyelven\/\">A szingal\u00e9z,<\/a> Sr\u00ed Lanka gazdag t\u00f6rt\u00e9nelemmel \u00e9s kultur\u00e1lis jelent\u0151s\u00e9ggel rendelkez\u0151 indo\u00e1rja nyelve izgalmas nyelvi \u00e9lm\u00e9nyt k\u00edn\u00e1l azok sz\u00e1m\u00e1ra, akik sz\u00edvesen felfedezik egyedi nyelvtani rendszer\u00e9t. Ahogy a szingal\u00e9z nyelv birodalm\u00e1ba mer\u00e9szkedik, nemcsak nyelvi reperto\u00e1rj\u00e1t gazdag\u00edtja, hanem egy leny\u0171g\u00f6z\u0151 kultur\u00e1lis utaz\u00e1st is megteszel. B\u00e1r a szingal\u00e9z nyelvtan els\u0151re bonyolultnak t\u0171nhet, az alapvet\u0151 \u00f6sszetev\u0151kre bont\u00e1sa megk\u00f6zel\u00edthet\u0151bb\u00e9 teszi a nyelvtanul\u00e1st. Ebben a cikkben felt\u00e1rjuk a szingal\u00e9z nyelvtan mag\u00e1val ragad\u00f3 vil\u00e1g\u00e1t, \u00e9s tippeket adunk a bonyolults\u00e1g elsaj\u00e1t\u00edt\u00e1s\u00e1hoz.<\/p>\n\n\n\n<h3 class=\"wp-block-heading\" id=\"h-1-sinhala-alphabet-and-phonetics\">1. Szingal\u00e9z \u00e1b\u00e9c\u00e9 \u00e9s fonetika<\/h3>\n\n\n\n<p>A szingal\u00e9z \u00edr\u00e1srendszer egy abugida, saj\u00e1t m\u00e1ssalhangz\u00f3kkal \u00e9s mag\u00e1nhangz\u00f3kkal, balr\u00f3l jobbra \u00edrva. A m\u00e1ssalhangz\u00f3k egy eredend\u0151 mag\u00e1nhangz\u00f3t hordoznak, amelyet mell\u00e9kjelek m\u00f3dos\u00edtanak, \u00e9s az \u00edr\u00e1s olyan jellegzetes elemeket tartalmaz, mint a rakaransaya \u00e9s a yansaya, valamint a nyelvre jellemz\u0151 prenaz\u00e1lis \u00e9s retroflex m\u00e1ssalhangz\u00f3kat. A szingal\u00e9z nyelvtan elsaj\u00e1t\u00edt\u00e1s\u00e1hoz elengedhetetlen, hogy megismerkedjen ezzel a jellegzetes \u00edr\u00e1srendszerrel a szingal\u00e9z nyelv\u0171 olvas\u00e1s \u00e9s \u00edr\u00e1s gyakorl\u00e1s\u00e1val.<\/p>\n\n\n\n<h3 class=\"wp-block-heading\" id=\"h-2-mutations-a-peculiar-sinhala-feature\">2. Mut\u00e1ci\u00f3k: Saj\u00e1tos szingal\u00e9z tulajdons\u00e1g<\/h3>\n\n\n\n<p>A szingal\u00e9z nyelv nem haszn\u00e1l kezdeti m\u00e1ssalhangz\u00f3-mut\u00e1ci\u00f3kat. Ehelyett figyelemre m\u00e9lt\u00f3 jellemz\u0151 a fonol\u00f3giai sandhi \u00e9s az asszimil\u00e1ci\u00f3, bele\u00e9rtve a mag\u00e1nhangz\u00f3k \u00f6sszeolvad\u00e1s\u00e1t \u00e9s a m\u00e1ssalhangz\u00f3k gemin\u00e1ci\u00f3j\u00e1t a morf\u00e9ma- \u00e9s sz\u00f3hat\u00e1rok k\u00f6z\u00f6tt. Tal\u00e1lkozni fogsz k\u00f6t\u0151bet\u0171kkel \u00e9s szisztematikus v\u00e1ltakoz\u00e1sokkal is a besz\u00e9lt szingal\u00e9zben, amelyek befoly\u00e1solj\u00e1k a kiejt\u00e9st \u00e9s a ritmust. Annak meg\u00e9rt\u00e9se, hogy mikor \u00e9s hogyan t\u00f6rt\u00e9nnek ezek a hangv\u00e1ltoz\u00e1sok, l\u00e9tfontoss\u00e1g\u00fa a szingal\u00e9z nyelv pontos kommunik\u00e1ci\u00f3j\u00e1hoz.<\/p>\n\n\n\n<h3 class=\"wp-block-heading\" id=\"h-3-nouns-and-pronouns-gender-and-cases\">3. F\u0151nevek \u00e9s n\u00e9vm\u00e1sok: nem \u00e9s esetek<\/h3>\n\n\n\n<p>A szingal\u00e9z f\u0151nevek nem jel\u00f6lik meg a nyelvtani nemet \u00fagy, mint sok eur\u00f3pai nyelv, de megk\u00fcl\u00f6nb\u00f6ztetik az anim\u00e1ci\u00f3t, \u00e9s k\u00fcl\u00f6nb\u00f6z\u0151 t\u00f6bbes sz\u00e1m\u00fa strat\u00e9gi\u00e1kat haszn\u00e1lnak, mint p\u00e9ld\u00e1ul a -l\u0101 az \u00e9l\u0151l\u00e9nyekre \u00e9s a -val sok \u00e9lettelenre. Az esetkapcsolatokat ut\u00f3tagokkal \u00e9s posztpoz\u00edci\u00f3kkal fejezz\u00fck ki, p\u00e9ld\u00e1ul -\u1e6da a dativus, -ge a birtokos \u00e9s -in az instrument\u00e1lis vagy ablat\u00edv f\u00fcggv\u00e9nyek eset\u00e9ben. A szingal\u00e9z n\u00e9vm\u00e1sok k\u00f6z\u00e9 tartoznak a formalit\u00e1s \u00e9s a tisztelet szintj\u00e9vel rendelkez\u0151 szem\u00e9lyes form\u00e1k (pl. mama I, oy\u0101 vagy ob\u0101 u), birtokos form\u00e1k (m\u00e1gus eny\u00e9m, ob\u0113 ur), reflex\u00edvek (tamange a saj\u00e1tja), demonstrat\u00edvok (\u00e9n ez, e az) \u00e9s k\u00e9rd\u0151 alakok (kavuda ki, mokakda mi). Ezeknek a n\u00e9vm\u00e1soknak \u00e9s form\u00e1iknak a megismer\u00e9se jelent\u0151sen jav\u00edtja a szingal\u00e9z nyelvtan meg\u00e9rt\u00e9s\u00e9t.<\/p>\n\n\n\n<h3 class=\"wp-block-heading\" id=\"h-4-verbs-structure-and-conjugation\">4. Ig\u00e9k: szerkezet \u00e9s ragoz\u00e1s<\/h3>\n\n\n\n<p>A szingal\u00e9z els\u0151sorban SOV, \u00e9s az ig\u00e9k az igeid\u0151re \u00e9s a polarit\u00e1sra ragoz\u00f3dnak, nem pedig a szem\u00e9lyre vagy a sz\u00e1mra a k\u00f6znyelvben. A magigeid\u0151k k\u00f6z\u00e9 tartozik a jelen-szok\u00e1s, a m\u00falt \u00e9s a j\u00f6v\u0151, valamint a felt\u00e9teles \u00e9s imperat\u00edv hangulatok. A jelent \u00e1ltal\u00e1ban -nava-val alkotj\u00e1k, sok m\u00faltbeli forma t\u0151alap\u00fa, a negat\u00edvok pedig analitikusan \u00e9p\u00fclnek fel. Az igeragoz\u00e1si mint\u00e1k, valamint a mell\u00e9kn\u00e9vi igenevek \u00e9s seg\u00e9dszavak szerep\u00e9nek elsaj\u00e1t\u00edt\u00e1sa jav\u00edtja a szingal\u00e9z nyelven val\u00f3 hat\u00e9kony kommunik\u00e1ci\u00f3 k\u00e9pess\u00e9g\u00e9t.<\/p>\n\n\n\n<h3 class=\"wp-block-heading\" id=\"h-5-adjectives-agreement-and-placement\">5. Mell\u00e9knevek: meg\u00e1llapod\u00e1s \u00e9s elhelyez\u00e9s<\/h3>\n\n\n\n<p>A szingal\u00e9z nyelvtanban a mell\u00e9knevek \u00e1ltal\u00e1ban megel\u0151zik az \u00e1ltaluk m\u00f3dos\u00edtott f\u0151nevet, \u00e9s sz\u00e1mukban vagy nem\u00fckben nem egyeznek meg a f\u0151n\u00e9vvel. Az \u00f6sszehasonl\u00edt\u00f3 \u00e9rt\u00e9keket gyakran a vada more-val, a szuperlat\u00edvuszokat pedig a -ma klitikus karakterrel alkotj\u00e1k, amelyek elengedhetetlenek a term\u00e9szetesebb kommunik\u00e1ci\u00f3 megtanul\u00e1s\u00e1hoz.<\/p>\n\n\n\n<p><strong>P\u00e9ld\u00e1k:<\/strong><\/p>\n\n\n\n<p><strong>\u2013 Loku Ad\u0101re (nagy szerelem)<\/strong><\/p>\n\n\n\n<p><strong>\u2013 Podi Lamayi (kisgyerekek)<\/strong><\/p>\n\n\n\n<h3 class=\"wp-block-heading\" id=\"h-6-engaging-with-the-language\">6. A nyelv haszn\u00e1lata<\/h3>\n\n\n\n<p>A szingal\u00e9z nyelvtan teljes meg\u00e9rt\u00e9s\u00e9nek \u00e9s internaliz\u00e1l\u00e1s\u00e1nak leghat\u00e9konyabb m\u00f3dja a nyelv k\u00f6vetkezetes kezel\u00e9se. A szingal\u00e9z irodalom olvas\u00e1s\u00e1val, szingal\u00e9z filmek vagy telev\u00edzi\u00f3s sorozatok n\u00e9z\u00e9s\u00e9vel \u00e9s az anyanyelvi besz\u00e9l\u0151kkel val\u00f3 akt\u00edv kommunik\u00e1ci\u00f3val meger\u0151s\u00edti nyelvtani meg\u00e9rt\u00e9s\u00e9t, mik\u00f6zben b\u0151v\u00edti sz\u00f3kincs\u00e9t.<\/p>\n\n\n\n<h3 class=\"wp-block-heading\" id=\"h-conclusion\">K\u00f6vetkeztet\u00e9s<\/h3>\n\n\n\n<p>B\u00e1r a szingal\u00e9z nyelvtan bonyolultnak t\u0171nhet, elhivatotts\u00e1ggal, gyakorl\u00e1ssal \u00e9s lelkesed\u00e9ssel j\u00e1rtass\u00e1 v\u00e1lhat ebben a gy\u00f6ny\u00f6r\u0171 nyelvben. Ha az alapvet\u0151 szab\u00e1lyokra \u00f6sszpontos\u00edt, \u00e9s k\u00fcl\u00f6nb\u00f6z\u0151 kontextusokban foglalkozik a nyelvvel, gyorsan fejlesztheti szingal\u00e9z <a href=\"https:\/\/talkpal.ai\/hu\/nyelvtan\/\">nyelvtani k\u00e9szs\u00e9geit<\/a>. Subha pathum (sok szerencs\u00e9t) a szingal\u00e9z nyelvi utaz\u00e1shoz, \u00e9s \u00e9lvezze a szingal\u00e9z nyelvtan rejt\u00e9lyes, m\u00e9gis mag\u00e1val ragad\u00f3 vil\u00e1g\u00e1nak felt\u00e1r\u00e1s\u00e1t!<\/p>\n<\/div><\/div>\n\r\n<section class=\"learnNavigationSection\">\r\n            \r\n        <a href=\"https:\/\/talkpal.ai\/hu\/tanulj-szingalez-nyelven\/\">\r\n            <div class=\"learnNavigationWrapper\">\r\n                <div class=\"learnNavigationContent\">\r\n                    <img decoding=\"async\" src=\"https:\/\/talkpal.ai\/wp-content\/uploads\/2025\/11\/Sinhala.png\" alt=\"Sri Lankan Flag\">\r\n                    <div>\r\n                        <h4>A szingal\u00e9z tanul\u00e1sr\u00f3l<\/h4>\r\n                        <p>Tudjon meg mindent a szingal\u00e9z nyelvtanr\u00f3l.<\/p>\r\n                    <\/div>\r\n                <\/div>\r\n            <\/div>\r\n        <\/a>\r\n\r\n        \r\n        <a href=\"https:\/\/talkpal.ai\/hu\/szingalez-nyelvtani-gyakorlatok\/\">\r\n            <div class=\"learnNavigationWrapper\">\r\n                <div class=\"learnNavigationContent\">\r\n                    <img decoding=\"async\" src=\"https:\/\/talkpal.ai\/wp-content\/uploads\/2025\/11\/Sinhala.png\" alt=\"Sri Lankan Flag\">\r\n                    <div>\r\n                        <h4>Szingal\u00e9z nyelvtani gyakorlat<\/h4>\r\n                        <p>Gyakorold a szingal\u00e9z nyelvtant.<\/p>\r\n                    <\/div>\r\n                <\/div>\r\n            <\/div>\r\n        <\/a>\r\n\r\n            <\/section>","protected":false},"excerpt":{"rendered":"<p>Eligazod\u00e1s a szingal\u00e9z nyelvtan bonyolults\u00e1g\u00e1ban A szingal\u00e9z, Sr\u00ed Lanka gazdag t\u00f6rt\u00e9nelemmel \u00e9s kultur\u00e1lis jelent\u0151s\u00e9ggel rendelkez\u0151 indo\u00e1rja nyelve izgalmas nyelvi \u00e9lm\u00e9nyt k\u00edn\u00e1l azok sz\u00e1m\u00e1ra, akik sz\u00edvesen felfedezik egyedi nyelvtani rendszer\u00e9t. Ahogy a szingal\u00e9z nyelv birodalm\u00e1ba mer\u00e9szkedik, nemcsak nyelvi reperto\u00e1rj\u00e1t gazdag\u00edtja, hanem egy leny\u0171g\u00f6z\u0151 kultur\u00e1lis utaz\u00e1st is megteszel. B\u00e1r a szingal\u00e9z nyelvtan els\u0151re bonyolultnak t\u0171nhet, az alapvet\u0151 [&hellip;]<\/p>\n","protected":false},"author":20,"featured_media":0,"parent":0,"menu_order":0,"comment_status":"closed","ping_status":"closed","template":"LearningContentPage.php","meta":{"_acf_changed":false,"footnotes":""},"class_list":["post-1475792","page","type-page","status-publish","hentry"],"acf":[],"yoast_head":"<!-- This site is optimized with the Yoast SEO Premium plugin v27.2 (Yoast SEO v27.2) - https:\/\/yoast.com\/product\/yoast-seo-premium-wordpress\/ -->\n<title>Szingal\u00e9z nyelvtan - Talkpal<\/title>\n<meta name=\"description\" content=\"Saj\u00e1t\u00edtsa el a szingal\u00e9z nyelvtani szab\u00e1lyokat \u00e9s fejlessze foly\u00e9konyan a Talkpal AI \u00e1tfog\u00f3 \u00e9s interakt\u00edv nyelvi \u00fatmutat\u00f3j\u00e1val.\" \/>\n<meta name=\"robots\" content=\"index, follow, max-snippet:-1, max-image-preview:large, max-video-preview:-1\" \/>\n<link rel=\"canonical\" href=\"https:\/\/talkpal.ai\/hu\/szingalez-nyelvtan\/\" \/>\n<meta property=\"og:locale\" content=\"hu_HU\" \/>\n<meta property=\"og:type\" content=\"article\" \/>\n<meta property=\"og:title\" content=\"Szingal\u00e9z nyelvtan\" \/>\n<meta property=\"og:description\" content=\"Eligazod\u00e1s a szingal\u00e9z nyelvtan bonyolults\u00e1g\u00e1ban A szingal\u00e9z, Sr\u00ed Lanka gazdag t\u00f6rt\u00e9nelemmel \u00e9s kultur\u00e1lis jelent\u0151s\u00e9ggel rendelkez\u0151 indo\u00e1rja nyelve\" \/>\n<meta property=\"og:url\" content=\"https:\/\/talkpal.ai\/hu\/szingalez-nyelvtan\/\" \/>\n<meta property=\"og:site_name\" content=\"Talkpal\" \/>\n<meta property=\"article:publisher\" content=\"https:\/\/www.facebook.com\/profile.php?id=100090733639311\" \/>\n<meta property=\"article:modified_time\" content=\"2025-12-30T11:10:23+00:00\" \/>\n<meta property=\"og:image\" content=\"https:\/\/talkpal.ai\/wp-content\/uploads\/2025\/02\/Progress-tab-16_9.png\" \/>\n\t<meta property=\"og:image:width\" content=\"2880\" \/>\n\t<meta property=\"og:image:height\" content=\"1620\" \/>\n\t<meta property=\"og:image:type\" content=\"image\/png\" \/>\n<meta name=\"twitter:card\" content=\"summary_large_image\" \/>\n<meta name=\"twitter:site\" content=\"@talkpalai\" \/>\n<meta name=\"twitter:label1\" content=\"Becs\u00fclt olvas\u00e1si id\u0151\" \/>\n\t<meta name=\"twitter:data1\" content=\"4 perc\" \/>\n<script type=\"application\/ld+json\" class=\"yoast-schema-graph\">{\"@context\":\"https:\/\/schema.org\",\"@graph\":[{\"@type\":\"WebPage\",\"@id\":\"https:\/\/talkpal.ai\/hu\/szingalez-nyelvtan\/\",\"url\":\"https:\/\/talkpal.ai\/hu\/szingalez-nyelvtan\/\",\"name\":\"Szingal\u00e9z nyelvtan - Talkpal\",\"isPartOf\":{\"@id\":\"https:\/\/talkpal.ai\/hu\/#website\"},\"datePublished\":\"2025-11-12T16:44:57+00:00\",\"dateModified\":\"2025-12-30T11:10:23+00:00\",\"description\":\"Saj\u00e1t\u00edtsa el a szingal\u00e9z nyelvtani szab\u00e1lyokat \u00e9s fejlessze foly\u00e9konyan a Talkpal AI \u00e1tfog\u00f3 \u00e9s interakt\u00edv nyelvi \u00fatmutat\u00f3j\u00e1val.\",\"breadcrumb\":{\"@id\":\"https:\/\/talkpal.ai\/hu\/szingalez-nyelvtan\/#breadcrumb\"},\"inLanguage\":\"hu\",\"potentialAction\":[{\"@type\":\"ReadAction\",\"target\":[\"https:\/\/talkpal.ai\/hu\/szingalez-nyelvtan\/\"]}]},{\"@type\":\"BreadcrumbList\",\"@id\":\"https:\/\/talkpal.ai\/hu\/szingalez-nyelvtan\/#breadcrumb\",\"itemListElement\":[{\"@type\":\"ListItem\",\"position\":1,\"name\":\"Homepage\",\"item\":\"https:\/\/talkpal.ai\/hu\/\"},{\"@type\":\"ListItem\",\"position\":2,\"name\":\"Szingal\u00e9z nyelvtan\"}]},{\"@type\":\"WebSite\",\"@id\":\"https:\/\/talkpal.ai\/hu\/#website\",\"url\":\"https:\/\/talkpal.ai\/hu\/\",\"name\":\"Talkpal\",\"description\":\"AI Language Learning\",\"publisher\":{\"@id\":\"https:\/\/talkpal.ai\/hu\/#organization\"},\"alternateName\":\"Talkpal AI\",\"potentialAction\":[{\"@type\":\"SearchAction\",\"target\":{\"@type\":\"EntryPoint\",\"urlTemplate\":\"https:\/\/talkpal.ai\/hu\/?s={search_term_string}\"},\"query-input\":{\"@type\":\"PropertyValueSpecification\",\"valueRequired\":true,\"valueName\":\"search_term_string\"}}],\"inLanguage\":\"hu\"},{\"@type\":\"Organization\",\"@id\":\"https:\/\/talkpal.ai\/hu\/#organization\",\"name\":\"Talkpal, Inc.\",\"alternateName\":\"Talkpal AI\",\"url\":\"https:\/\/talkpal.ai\/hu\/\",\"logo\":{\"@type\":\"ImageObject\",\"inLanguage\":\"hu\",\"@id\":\"https:\/\/talkpal.ai\/hu\/#\/schema\/logo\/image\/\",\"url\":\"https:\/\/talkpal.ai\/wp-content\/uploads\/2024\/03\/Talkpal-Logo-Icon.png\",\"contentUrl\":\"https:\/\/talkpal.ai\/wp-content\/uploads\/2024\/03\/Talkpal-Logo-Icon.png\",\"width\":2880,\"height\":2880,\"caption\":\"Talkpal, Inc.\"},\"image\":{\"@id\":\"https:\/\/talkpal.ai\/hu\/#\/schema\/logo\/image\/\"},\"sameAs\":[\"https:\/\/www.facebook.com\/profile.php?id=100090733639311\",\"https:\/\/x.com\/talkpalai\",\"https:\/\/www.linkedin.com\/company\/talkpal\/\",\"https:\/\/www.youtube.com\/@TalkPal\/\",\"https:\/\/www.tiktok.com\/@talkpal\",\"https:\/\/www.instagram.com\/talkpal_ai\/\",\"https:\/\/www.crunchbase.com\/organization\/talkpal-9cde\",\"https:\/\/www.g2.com\/products\/talkpal-for-business\/\",\"https:\/\/www.trustpilot.com\/review\/talkpal.ai\",\"https:\/\/www.capterra.com\/p\/10006800\/TalkPal\/\"],\"description\":\"Talkpal is a language learning web and mobile education app, powered by the latest AI technologies, that provides engaging experiences to its customers in many different languages to help them improve their language skills. Users can chat about unlimited amount of topics with the app and use other modes to practice their language learning.\",\"email\":\"support@talkpal.ai\",\"legalName\":\"Talkpal, Inc.\",\"foundingDate\":\"2023-04-03\",\"duns\":\"118989042\",\"numberOfEmployees\":{\"@type\":\"QuantitativeValue\",\"minValue\":\"11\",\"maxValue\":\"50\"},\"publishingPrinciples\":\"https:\/\/talkpal.ai\/publishing-principles\/\",\"actionableFeedbackPolicy\":\"https:\/\/talkpal.ai\/actionable-feedback-policy\/\",\"correctionsPolicy\":\"https:\/\/talkpal.ai\/corrections-policy\/\",\"ethicsPolicy\":\"https:\/\/talkpal.ai\/ethics-policy\/\",\"diversityPolicy\":\"https:\/\/talkpal.ai\/diversity-policy\/\",\"diversityStaffingReport\":\"https:\/\/talkpal.ai\/diversity-policy\/\"}]}<\/script>\n<!-- \/ Yoast SEO Premium plugin. -->","yoast_head_json":{"title":"Szingal\u00e9z nyelvtan - Talkpal","description":"Saj\u00e1t\u00edtsa el a szingal\u00e9z nyelvtani szab\u00e1lyokat \u00e9s fejlessze foly\u00e9konyan a Talkpal AI \u00e1tfog\u00f3 \u00e9s interakt\u00edv nyelvi \u00fatmutat\u00f3j\u00e1val.","robots":{"index":"index","follow":"follow","max-snippet":"max-snippet:-1","max-image-preview":"max-image-preview:large","max-video-preview":"max-video-preview:-1"},"canonical":"https:\/\/talkpal.ai\/hu\/szingalez-nyelvtan\/","og_locale":"hu_HU","og_type":"article","og_title":"Szingal\u00e9z nyelvtan","og_description":"Eligazod\u00e1s a szingal\u00e9z nyelvtan bonyolults\u00e1g\u00e1ban A szingal\u00e9z, Sr\u00ed Lanka gazdag t\u00f6rt\u00e9nelemmel \u00e9s kultur\u00e1lis jelent\u0151s\u00e9ggel rendelkez\u0151 indo\u00e1rja nyelve","og_url":"https:\/\/talkpal.ai\/hu\/szingalez-nyelvtan\/","og_site_name":"Talkpal","article_publisher":"https:\/\/www.facebook.com\/profile.php?id=100090733639311","article_modified_time":"2025-12-30T11:10:23+00:00","og_image":[{"width":2880,"height":1620,"url":"https:\/\/talkpal.ai\/wp-content\/uploads\/2025\/02\/Progress-tab-16_9.png","type":"image\/png"}],"twitter_card":"summary_large_image","twitter_site":"@talkpalai","twitter_misc":{"Becs\u00fclt olvas\u00e1si id\u0151":"4 perc"},"schema":{"@context":"https:\/\/schema.org","@graph":[{"@type":"WebPage","@id":"https:\/\/talkpal.ai\/hu\/szingalez-nyelvtan\/","url":"https:\/\/talkpal.ai\/hu\/szingalez-nyelvtan\/","name":"Szingal\u00e9z nyelvtan - Talkpal","isPartOf":{"@id":"https:\/\/talkpal.ai\/hu\/#website"},"datePublished":"2025-11-12T16:44:57+00:00","dateModified":"2025-12-30T11:10:23+00:00","description":"Saj\u00e1t\u00edtsa el a szingal\u00e9z nyelvtani szab\u00e1lyokat \u00e9s fejlessze foly\u00e9konyan a Talkpal AI \u00e1tfog\u00f3 \u00e9s interakt\u00edv nyelvi \u00fatmutat\u00f3j\u00e1val.","breadcrumb":{"@id":"https:\/\/talkpal.ai\/hu\/szingalez-nyelvtan\/#breadcrumb"},"inLanguage":"hu","potentialAction":[{"@type":"ReadAction","target":["https:\/\/talkpal.ai\/hu\/szingalez-nyelvtan\/"]}]},{"@type":"BreadcrumbList","@id":"https:\/\/talkpal.ai\/hu\/szingalez-nyelvtan\/#breadcrumb","itemListElement":[{"@type":"ListItem","position":1,"name":"Homepage","item":"https:\/\/talkpal.ai\/hu\/"},{"@type":"ListItem","position":2,"name":"Szingal\u00e9z nyelvtan"}]},{"@type":"WebSite","@id":"https:\/\/talkpal.ai\/hu\/#website","url":"https:\/\/talkpal.ai\/hu\/","name":"Talkpal","description":"AI Language Learning","publisher":{"@id":"https:\/\/talkpal.ai\/hu\/#organization"},"alternateName":"Talkpal AI","potentialAction":[{"@type":"SearchAction","target":{"@type":"EntryPoint","urlTemplate":"https:\/\/talkpal.ai\/hu\/?s={search_term_string}"},"query-input":{"@type":"PropertyValueSpecification","valueRequired":true,"valueName":"search_term_string"}}],"inLanguage":"hu"},{"@type":"Organization","@id":"https:\/\/talkpal.ai\/hu\/#organization","name":"Talkpal, Inc.","alternateName":"Talkpal AI","url":"https:\/\/talkpal.ai\/hu\/","logo":{"@type":"ImageObject","inLanguage":"hu","@id":"https:\/\/talkpal.ai\/hu\/#\/schema\/logo\/image\/","url":"https:\/\/talkpal.ai\/wp-content\/uploads\/2024\/03\/Talkpal-Logo-Icon.png","contentUrl":"https:\/\/talkpal.ai\/wp-content\/uploads\/2024\/03\/Talkpal-Logo-Icon.png","width":2880,"height":2880,"caption":"Talkpal, Inc."},"image":{"@id":"https:\/\/talkpal.ai\/hu\/#\/schema\/logo\/image\/"},"sameAs":["https:\/\/www.facebook.com\/profile.php?id=100090733639311","https:\/\/x.com\/talkpalai","https:\/\/www.linkedin.com\/company\/talkpal\/","https:\/\/www.youtube.com\/@TalkPal\/","https:\/\/www.tiktok.com\/@talkpal","https:\/\/www.instagram.com\/talkpal_ai\/","https:\/\/www.crunchbase.com\/organization\/talkpal-9cde","https:\/\/www.g2.com\/products\/talkpal-for-business\/","https:\/\/www.trustpilot.com\/review\/talkpal.ai","https:\/\/www.capterra.com\/p\/10006800\/TalkPal\/"],"description":"Talkpal is a language learning web and mobile education app, powered by the latest AI technologies, that provides engaging experiences to its customers in many different languages to help them improve their language skills. Users can chat about unlimited amount of topics with the app and use other modes to practice their language learning.","email":"support@talkpal.ai","legalName":"Talkpal, Inc.","foundingDate":"2023-04-03","duns":"118989042","numberOfEmployees":{"@type":"QuantitativeValue","minValue":"11","maxValue":"50"},"publishingPrinciples":"https:\/\/talkpal.ai\/publishing-principles\/","actionableFeedbackPolicy":"https:\/\/talkpal.ai\/actionable-feedback-policy\/","correctionsPolicy":"https:\/\/talkpal.ai\/corrections-policy\/","ethicsPolicy":"https:\/\/talkpal.ai\/ethics-policy\/","diversityPolicy":"https:\/\/talkpal.ai\/diversity-policy\/","diversityStaffingReport":"https:\/\/talkpal.ai\/diversity-policy\/"}]}},"_links":{"self":[{"href":"https:\/\/talkpal.ai\/hu\/wp-json\/wp\/v2\/pages\/1475792","targetHints":{"allow":["GET"]}}],"collection":[{"href":"https:\/\/talkpal.ai\/hu\/wp-json\/wp\/v2\/pages"}],"about":[{"href":"https:\/\/talkpal.ai\/hu\/wp-json\/wp\/v2\/types\/page"}],"author":[{"embeddable":true,"href":"https:\/\/talkpal.ai\/hu\/wp-json\/wp\/v2\/users\/20"}],"replies":[{"embeddable":true,"href":"https:\/\/talkpal.ai\/hu\/wp-json\/wp\/v2\/comments?post=1475792"}],"version-history":[{"count":0,"href":"https:\/\/talkpal.ai\/hu\/wp-json\/wp\/v2\/pages\/1475792\/revisions"}],"wp:attachment":[{"href":"https:\/\/talkpal.ai\/hu\/wp-json\/wp\/v2\/media?parent=1475792"}],"curies":[{"name":"wp","href":"https:\/\/api.w.org\/{rel}","templated":true}]}}