{"id":1475772,"date":"2025-11-12T16:31:52","date_gmt":"2025-11-12T16:31:52","guid":{"rendered":"https:\/\/talkpal.ai\/pandzsabi-nyelvtan\/"},"modified":"2025-12-30T11:37:57","modified_gmt":"2025-12-30T11:37:57","slug":"pandzsabi-nyelvtan","status":"publish","type":"page","link":"https:\/\/talkpal.ai\/hu\/pandzsabi-nyelvtan\/","title":{"rendered":"Pandzs\u00e1bi nyelvtan"},"content":{"rendered":"\r\n\r\n\r\n<section class=\"languageChallengeSection\">\r\n    <div class=\"languageInfoWrapper\">\r\n        \r\n        <h1>Pandzs\u00e1bi nyelvtan<\/h1>\r\n        <p>A <a href=\"https:\/\/talkpal.ai\/learn-punjabi\/\">pandzs\u00e1bi<\/a> <a href=\"https:\/\/talkpal.ai\/grammar\/\">nyelvtan<\/a> els\u0151re kih\u00edv\u00e1snak t\u0171nhet, de egyedi tulajdons\u00e1gai kifizet\u0151d\u0151 \u00e9lm\u00e9nny\u00e9 teszik a nyelvtanul\u00e1st. A nyelv \u00e1b\u00e9c\u00e9j\u00e9nek, mut\u00e1ci\u00f3inak \u00e9s nyelvtani szab\u00e1lyainak felfedez\u00e9s\u00e9vel betekint\u00e9st nyerhet egy gazdag nyelvi hagyom\u00e1nyba. Induljon el utaz\u00e1s\u00e1val, \u00e9s fedezze fel <a href=\"https:\/\/talkpal.ai\/learn-punjabi\/\">Pandzs\u00e1bi<\/a> sz\u00e9ps\u00e9g\u00e9t!<\/p>\r\n\r\n                            <a class=\"getStartedHidden\" href=\"https:\/\/app.talkpal.ai\/hu\/signup?lng=\">Kezdj\u00fck<\/a>\r\n        \r\n    <\/div>\r\n\r\n    <figure>\r\n    <img decoding=\"async\" width=\"768\" height=\"768\" src=\"https:\/\/talkpal.ai\/wp-content\/uploads\/2023\/06\/welsh-768x768.png\" class=\"languageImage no-lazy\" alt=\"Language learning for better cognitive abilities\" fetchpriority=\"high\" sizes=\"(max-width: 768px) 150px, 768px\" srcset=\"https:\/\/talkpal.ai\/wp-content\/uploads\/2023\/06\/welsh-768x768.png 768w, https:\/\/talkpal.ai\/wp-content\/uploads\/2023\/06\/welsh-300x300.png 300w\" \/>\r\n    \r\n\r\n    <\/figure>\r\n\r\n            <a class=\"getStartedVisible\" href=\"https:\/\/app.talkpal.ai\/hu\/signup?lng=\">Kezdj\u00fck<\/a>\r\n    \r\n<\/section><section class=\"promotionalBanner\">\r\n    <p class=\"promotionalText\">A nyelvtanul\u00e1s leghat\u00e9konyabb m\u00f3dja<\/p>\r\n    <a class=\"promotionalLink\" href=\"https:\/\/app.talkpal.ai\/hu\/signup?lng=\">Pr\u00f3b\u00e1lja ki a Talkpal ingyen<\/a>\r\n<\/section>\n<div class=\"wp-block-group pageContainerStyle\"><div class=\"wp-block-group__inner-container is-layout-constrained wp-block-group-is-layout-constrained\">\n<h2 class=\"wp-block-heading\" id=\"h-navigating-the-intricacies-of-punjabi-grammar\">Eligazod\u00e1s a pandzs\u00e1bi nyelvtan bonyolults\u00e1g\u00e1ban<\/h2>\n\n\n\n<p><a href=\"https:\/\/talkpal.ai\/hu\/tanulj-pandzsabiul\/\">A pandzs\u00e1bi<\/a>, egy gazdag t\u00f6rt\u00e9nelemmel \u00e9s kultur\u00e1lis jelent\u0151s\u00e9ggel b\u00edr\u00f3 indo\u00e1rja nyelv, izgalmas nyelvi \u00e9lm\u00e9nyt k\u00edn\u00e1l azok sz\u00e1m\u00e1ra, akik sz\u00edvesen felfedezik egyed\u00fcl\u00e1ll\u00f3 nyelvtani rendszer\u00e9t. Ahogy bemer\u00e9szkedik Pandzs\u00e1bi birodalm\u00e1ba, nemcsak nyelvi reperto\u00e1rj\u00e1t gazdag\u00edtja, hanem egy leny\u0171g\u00f6z\u0151 kultur\u00e1lis utaz\u00e1st is megteszel. B\u00e1r a pandzs\u00e1bi nyelvtan els\u0151re bonyolultnak t\u0171nhet, az alapvet\u0151 \u00f6sszetev\u0151kre bont\u00e1sa megk\u00f6zel\u00edthet\u0151bb\u00e9 teszi a nyelvtanul\u00e1st. Ebben a cikkben felt\u00e1rjuk a pandzs\u00e1bi nyelvtan mag\u00e1val ragad\u00f3 vil\u00e1g\u00e1t, \u00e9s tippeket adunk annak \u00f6sszetetts\u00e9g\u00e9nek elsaj\u00e1t\u00edt\u00e1s\u00e1hoz.<\/p>\n\n\n\n<h3 class=\"wp-block-heading\" id=\"h-1-punjabi-alphabet-and-phonetics\">1. Pandzs\u00e1bi \u00e1b\u00e9c\u00e9 \u00e9s fonetika<\/h3>\n\n\n\n<p>A pandzs\u00e1bi \u00edr\u00e1srendszer els\u0151sorban a gurmukhi \u00edr\u00e1st haszn\u00e1lja, amely mag\u00e1ban foglalja a f\u00fcggetlen mag\u00e1nhangz\u00f3kat, m\u00e1ssalhangz\u00f3kat, a matr\u00e1knak nevezett mag\u00e1nhangz\u00f3jeleket, a naz\u00e1lis jeleket, mint a bind\u012b \u00e9s a \u1e6dipp\u012b, valamint az addhakot, amely a m\u00e1ssalhangz\u00f3k megdupl\u00e1z\u00f3d\u00e1s\u00e1t jelzi. A pandzs\u00e1bi nyelvet Pakiszt\u00e1nban Shahmukhi \u00edr\u00e1ssal is \u00edrj\u00e1k. A pandzs\u00e1bi nyelvtan elsaj\u00e1t\u00edt\u00e1s\u00e1hoz elengedhetetlen, hogy megismerj\u00fck a gurmukhit a pandzs\u00e1bi nyelv\u0171 olvas\u00e1s \u00e9s \u00edr\u00e1s gyakorl\u00e1s\u00e1val.<\/p>\n\n\n\n<h3 class=\"wp-block-heading\" id=\"h-2-tones-a-distinctive-punjabi-feature\">2. Hangok: jellegzetes pandzs\u00e1bi jellemz\u0151<\/h3>\n\n\n\n<p>A pandzs\u00e1bi nyelv egyik legszembet\u0171n\u0151bb aspektusa a hangnemhaszn\u00e1lat, amely megv\u00e1ltoztathatja a szavak jelent\u00e9s\u00e9t. A pandzs\u00e1bi nyelvet \u00e1ltal\u00e1ban h\u00e1rom hangsz\u00ednnel \u00edrj\u00e1k le, \u00e9s gyakran olyan t\u00f6rt\u00e9nelmi hangv\u00e1ltoz\u00e1sokhoz kapcsol\u00f3dnak, amelyeket a modern helyes\u00edr\u00e1s nem jel\u00f6l k\u00f6zvetlen\u00fcl. A hangsz\u00edn m\u0171k\u00f6d\u00e9s\u00e9nek meg\u00e9rt\u00e9se \u00e9s a pontos kiejt\u00e9s gyakorl\u00e1sa l\u00e9tfontoss\u00e1g\u00fa a pandzs\u00e1bi nyelv\u0171 vil\u00e1gos \u00e9s pontos kommunik\u00e1ci\u00f3hoz.<\/p>\n\n\n\n<h3 class=\"wp-block-heading\" id=\"h-3-nouns-and-pronouns-gender-and-cases\">3. F\u0151nevek \u00e9s n\u00e9vm\u00e1sok: nem \u00e9s esetek<\/h3>\n\n\n\n<p>A pandzs\u00e1bi f\u0151nevek nyelvtani nem\u0171ek, h\u00edmnem\u0171ek vagy n\u0151nem\u0171ek, \u00e9s a t\u00f6bbes sz\u00e1m f\u0151n\u00e9vt\u00edpusonk\u00e9nt v\u00e1ltoz\u00f3 mint\u00e1kat k\u00f6vet. Sok h\u00edmnem\u0171 f\u0151n\u00e9v t\u00f6bbes sz\u00e1mot alkot az -e-ben \u00e9s sok n\u0151nem\u0171 f\u0151nevet az -\u0101\u1e41-ban, b\u00e1r vannak szab\u00e1lytalans\u00e1gok. A pandzs\u00e1bi ferde esetet haszn\u00e1l a f\u0151n\u00e9v vagy n\u00e9vm\u00e1s ut\u00e1n. A n\u00e9vm\u00e1sok k\u00f6z\u00e9 tartoznak a szem\u00e9lyes, birtokos, reflex\u00edv, demonstrat\u00edv \u00e9s k\u00e9rd\u0151 halmazok, mint p\u00e9ld\u00e1ul \u0a2e\u0a48\u0a02, \u0a24\u0a42\u0a70, \u0a09\u0a39, \u0a2e\u0a47\u0a30\u0a3e, \u0a06\u0a2a\u0a23\u0a3e, \u0a07\u0a39, \u0a09\u0a39, \u0a15\u0a4c\u0a23 \u00e9s \u0a15\u0a40. Ezeknek a n\u00e9vm\u00e1soknak \u00e9s form\u00e1iknak a megismer\u00e9se jelent\u0151sen jav\u00edtja a pandzs\u00e1bi nyelvtan meg\u00e9rt\u00e9s\u00e9t.<\/p>\n\n\n\n<h3 class=\"wp-block-heading\" id=\"h-4-verbs-structure-and-conjugation\">4. Ig\u00e9k: szerkezet \u00e9s ragoz\u00e1s<\/h3>\n\n\n\n<p>A pandzs\u00e1bi ig\u00e9k aspektust \u00e9s egyet\u00e9rt\u00e9st mutatnak, \u00e9s jellemz\u0151en mell\u00e9kn\u00e9vi igeneveket haszn\u00e1lnak a \u0a39\u0a4b\u0a23\u0a3e seg\u00e9dig\u00e9vel kombin\u00e1lva az igid\u0151 \u00e9s a hangulat kifejez\u00e9s\u00e9re. Az alapvet\u0151 k\u00fcl\u00f6nbs\u00e9gek k\u00f6z\u00e9 tartozik a jelen szok\u00e1sa, a m\u00faltbeli t\u00f6k\u00e9letes\u00edt\u00e9s \u00e9s a j\u00f6v\u0151, valamint a felt\u00e9teles \u00e9s imperat\u00edv hangulatok. Az egyez\u00e9s gyakran a nemt\u0151l \u00e9s a sz\u00e1mt\u00f3l f\u00fcgg, \u00e9s sok perfekt\u00edv tranzit\u00edv mell\u00e9kmondatban a pandzs\u00e1bi \u0a28\u0a47-vel jel\u00f6li az alanyt, m\u00edg az ige megegyezik a t\u00e1rggyal. A f\u0151 ragoz\u00e1si mint\u00e1k \u00e9s a kieg\u00e9sz\u00edt\u0151 haszn\u00e1lat elsaj\u00e1t\u00edt\u00e1sa jav\u00edtja a pandzs\u00e1bi nyelven val\u00f3 hat\u00e9kony kommunik\u00e1ci\u00f3 k\u00e9pess\u00e9g\u00e9t.<\/p>\n\n\n\n<h3 class=\"wp-block-heading\" id=\"h-5-adjectives-agreement-and-placement\">5. Mell\u00e9knevek: meg\u00e1llapod\u00e1s \u00e9s elhelyez\u00e9s<\/h3>\n\n\n\n<p>A pandzs\u00e1bi nyelvtanban a mell\u00e9knevek \u00e1ltal\u00e1ban megel\u0151zik az \u00e1ltaluk m\u00f3dos\u00edtott f\u0151nevet, \u00e9s ha megjel\u00f6lik, nem\u00fckben \u00e9s sz\u00e1mukban megegyeznek a f\u0151n\u00e9vvel. Sok mell\u00e9kn\u00e9v v\u00e1ltozatlan, de a gyakori le\u00edr\u00f3 mell\u00e9knevek h\u00edmnem\u0171, n\u0151nem\u0171 \u00e9s t\u00f6bbes sz\u00e1m\u00fa alakokat mutatnak. Az \u00f6sszehasonl\u00edt\u00f3 \u00e9s szuperlat\u00edvusz\u00fa jelent\u00e9seket gyakran analitikusan alak\u00edtj\u00e1k ki, a \u0a39\u0a4b\u0a30 a t\u00f6bb, \u00e9s a \u0a38\u0a2d \u0a24\u0a4b\u0a02 a legt\u00f6bbn\u00e9l.<\/p>\n\n\n\n<p><strong>P\u00e9ld\u00e1k:<\/strong><\/p>\n\n\n\n<p><strong>\u2013 \u0a35\u0a71\u0a21\u0a3e \u0a2a\u0a3f\u0a06\u0a30 (nagy szerelem)<\/strong><\/p>\n\n\n\n<p><strong>\u2013 \u0a1b\u0a4b\u0a1f\u0a47 \u0a2c\u0a71\u0a1a\u0a47 (kisgyermekek)<\/strong><\/p>\n\n\n\n<h3 class=\"wp-block-heading\" id=\"h-6-engaging-with-the-language\">6. A nyelv haszn\u00e1lata<\/h3>\n\n\n\n<p>A pandzs\u00e1bi nyelvtan teljes meg\u00e9rt\u00e9s\u00e9nek \u00e9s internaliz\u00e1l\u00e1s\u00e1nak leghat\u00e9konyabb m\u00f3dja a nyelv k\u00f6vetkezetes kezel\u00e9se. A pandzs\u00e1bi irodalom olvas\u00e1s\u00e1val, pandzs\u00e1bi filmek vagy telev\u00edzi\u00f3s sorozatok n\u00e9z\u00e9s\u00e9vel, zene \u00e9s versek hallgat\u00e1s\u00e1val, valamint az anyanyelvi besz\u00e9l\u0151kkel val\u00f3 akt\u00edv kommunik\u00e1ci\u00f3val meger\u0151s\u00edti a nyelvtan meg\u00e9rt\u00e9s\u00e9t, mik\u00f6zben b\u0151v\u00edti sz\u00f3kincs\u00e9t.<\/p>\n\n\n\n<h3 class=\"wp-block-heading\" id=\"h-conclusion\">K\u00f6vetkeztet\u00e9s<\/h3>\n\n\n\n<p>B\u00e1r a pandzs\u00e1bi nyelvtan bonyolultnak t\u0171nhet, elhivatotts\u00e1ggal, gyakorl\u00e1ssal \u00e9s lelkesed\u00e9ssel j\u00e1rtass\u00e1 v\u00e1lhat ebben a gy\u00f6ny\u00f6r\u0171 nyelvben. Ha az alapvet\u0151 szab\u00e1lyokra \u00f6sszpontos\u00edt, \u00e9s k\u00fcl\u00f6nb\u00f6z\u0151 kontextusokban foglalkozik a nyelvvel, gyorsan fejlesztheti pandzs\u00e1bi <a href=\"https:\/\/talkpal.ai\/hu\/nyelvtan\/\">nyelvtani k\u00e9szs\u00e9geit<\/a>. \u0a38\u0a3c\u0a41\u0a2d \u0a15\u0a3e\u0a2e\u0a28\u0a3e\u0a35\u0a3e\u0a02 (sok szerencs\u00e9t) pandzs\u00e1bi nyelvi utaz\u00e1s\u00e1hoz, \u00e9s \u00e9lvezze a pandzs\u00e1bi nyelvtan dinamikus \u00e9s mag\u00e1val ragad\u00f3 vil\u00e1g\u00e1nak felt\u00e1r\u00e1s\u00e1t!<\/p>\n<\/div><\/div>\n\r\n<section class=\"learnNavigationSection\">\r\n            \r\n        <a href=\"https:\/\/talkpal.ai\/hu\/tanulj-pandzsabiul\/\">\r\n            <div class=\"learnNavigationWrapper\">\r\n                <div class=\"learnNavigationContent\">\r\n                    <img decoding=\"async\" src=\"https:\/\/talkpal.ai\/wp-content\/uploads\/2025\/11\/Punjabi.png\" alt=\"Indian Simplified Flag\">\r\n                    <div>\r\n                        <h4>A pandzs\u00e1bi tanul\u00e1sr\u00f3l<\/h4>\r\n                        <p>Tudjon meg mindent a pandzs\u00e1bi nyelvtanr\u00f3l.<\/p>\r\n                    <\/div>\r\n                <\/div>\r\n            <\/div>\r\n        <\/a>\r\n\r\n        \r\n        <a href=\"https:\/\/talkpal.ai\/hu\/pandzsabi-nyelvtani-gyakorlatok\/\">\r\n            <div class=\"learnNavigationWrapper\">\r\n                <div class=\"learnNavigationContent\">\r\n                    <img decoding=\"async\" src=\"https:\/\/talkpal.ai\/wp-content\/uploads\/2025\/11\/Punjabi.png\" alt=\"Indian Simplified Flag\">\r\n                    <div>\r\n                        <h4>Pandzs\u00e1bi nyelvtani gyakorlat<\/h4>\r\n                        <p>Gyakorold a pandzs\u00e1bi nyelvtant.<\/p>\r\n                    <\/div>\r\n                <\/div>\r\n            <\/div>\r\n        <\/a>\r\n\r\n            <\/section>","protected":false},"excerpt":{"rendered":"<p>Eligazod\u00e1s a pandzs\u00e1bi nyelvtan bonyolults\u00e1g\u00e1ban A pandzs\u00e1bi, egy gazdag t\u00f6rt\u00e9nelemmel \u00e9s kultur\u00e1lis jelent\u0151s\u00e9ggel b\u00edr\u00f3 indo\u00e1rja nyelv, izgalmas nyelvi \u00e9lm\u00e9nyt k\u00edn\u00e1l azok sz\u00e1m\u00e1ra, akik sz\u00edvesen felfedezik egyed\u00fcl\u00e1ll\u00f3 nyelvtani rendszer\u00e9t. Ahogy bemer\u00e9szkedik Pandzs\u00e1bi birodalm\u00e1ba, nemcsak nyelvi reperto\u00e1rj\u00e1t gazdag\u00edtja, hanem egy leny\u0171g\u00f6z\u0151 kultur\u00e1lis utaz\u00e1st is megteszel. B\u00e1r a pandzs\u00e1bi nyelvtan els\u0151re bonyolultnak t\u0171nhet, az alapvet\u0151 \u00f6sszetev\u0151kre bont\u00e1sa megk\u00f6zel\u00edthet\u0151bb\u00e9 [&hellip;]<\/p>\n","protected":false},"author":20,"featured_media":0,"parent":0,"menu_order":0,"comment_status":"closed","ping_status":"closed","template":"LearningContentPage.php","meta":{"_acf_changed":false,"footnotes":""},"class_list":["post-1475772","page","type-page","status-publish","hentry"],"acf":[],"yoast_head":"<!-- This site is optimized with the Yoast SEO Premium plugin v27.2 (Yoast SEO v27.2) - https:\/\/yoast.com\/product\/yoast-seo-premium-wordpress\/ -->\n<title>Pandzs\u00e1bi nyelvtan - Talkpal<\/title>\n<meta name=\"description\" content=\"Saj\u00e1t\u00edtsa el a pandzs\u00e1bi nyelvtan alapjait \u00e1tfog\u00f3 \u00fatmutat\u00f3nkkal, hogy m\u00e9g ma jav\u00edtsa nyelvtud\u00e1s\u00e1t.\" \/>\n<meta name=\"robots\" content=\"index, follow, max-snippet:-1, max-image-preview:large, max-video-preview:-1\" \/>\n<link rel=\"canonical\" href=\"https:\/\/talkpal.ai\/hu\/pandzsabi-nyelvtan\/\" \/>\n<meta property=\"og:locale\" content=\"hu_HU\" \/>\n<meta property=\"og:type\" content=\"article\" \/>\n<meta property=\"og:title\" content=\"Pandzs\u00e1bi nyelvtan\" \/>\n<meta property=\"og:description\" content=\"Eligazod\u00e1s a pandzs\u00e1bi nyelvtan bonyolults\u00e1g\u00e1ban A pandzs\u00e1bi, egy gazdag t\u00f6rt\u00e9nelemmel \u00e9s kultur\u00e1lis jelent\u0151s\u00e9ggel b\u00edr\u00f3 indo\u00e1rja nyelv, izgalmas nyelvi\" \/>\n<meta property=\"og:url\" content=\"https:\/\/talkpal.ai\/hu\/pandzsabi-nyelvtan\/\" \/>\n<meta property=\"og:site_name\" content=\"Talkpal\" \/>\n<meta property=\"article:publisher\" content=\"https:\/\/www.facebook.com\/profile.php?id=100090733639311\" \/>\n<meta property=\"article:modified_time\" content=\"2025-12-30T11:37:57+00:00\" \/>\n<meta property=\"og:image\" content=\"https:\/\/talkpal.ai\/wp-content\/uploads\/2025\/02\/Progress-tab-16_9.png\" \/>\n\t<meta property=\"og:image:width\" content=\"2880\" \/>\n\t<meta property=\"og:image:height\" content=\"1620\" \/>\n\t<meta property=\"og:image:type\" content=\"image\/png\" \/>\n<meta name=\"twitter:card\" content=\"summary_large_image\" \/>\n<meta name=\"twitter:site\" content=\"@talkpalai\" \/>\n<meta name=\"twitter:label1\" content=\"Becs\u00fclt olvas\u00e1si id\u0151\" \/>\n\t<meta name=\"twitter:data1\" content=\"4 perc\" \/>\n<script type=\"application\/ld+json\" class=\"yoast-schema-graph\">{\"@context\":\"https:\/\/schema.org\",\"@graph\":[{\"@type\":\"WebPage\",\"@id\":\"https:\/\/talkpal.ai\/hu\/pandzsabi-nyelvtan\/\",\"url\":\"https:\/\/talkpal.ai\/hu\/pandzsabi-nyelvtan\/\",\"name\":\"Pandzs\u00e1bi nyelvtan - Talkpal\",\"isPartOf\":{\"@id\":\"https:\/\/talkpal.ai\/hu\/#website\"},\"datePublished\":\"2025-11-12T16:31:52+00:00\",\"dateModified\":\"2025-12-30T11:37:57+00:00\",\"description\":\"Saj\u00e1t\u00edtsa el a pandzs\u00e1bi nyelvtan alapjait \u00e1tfog\u00f3 \u00fatmutat\u00f3nkkal, hogy m\u00e9g ma jav\u00edtsa nyelvtud\u00e1s\u00e1t.\",\"breadcrumb\":{\"@id\":\"https:\/\/talkpal.ai\/hu\/pandzsabi-nyelvtan\/#breadcrumb\"},\"inLanguage\":\"hu\",\"potentialAction\":[{\"@type\":\"ReadAction\",\"target\":[\"https:\/\/talkpal.ai\/hu\/pandzsabi-nyelvtan\/\"]}]},{\"@type\":\"BreadcrumbList\",\"@id\":\"https:\/\/talkpal.ai\/hu\/pandzsabi-nyelvtan\/#breadcrumb\",\"itemListElement\":[{\"@type\":\"ListItem\",\"position\":1,\"name\":\"Homepage\",\"item\":\"https:\/\/talkpal.ai\/hu\/\"},{\"@type\":\"ListItem\",\"position\":2,\"name\":\"Pandzs\u00e1bi nyelvtan\"}]},{\"@type\":\"WebSite\",\"@id\":\"https:\/\/talkpal.ai\/hu\/#website\",\"url\":\"https:\/\/talkpal.ai\/hu\/\",\"name\":\"Talkpal\",\"description\":\"AI Language Learning\",\"publisher\":{\"@id\":\"https:\/\/talkpal.ai\/hu\/#organization\"},\"alternateName\":\"Talkpal AI\",\"potentialAction\":[{\"@type\":\"SearchAction\",\"target\":{\"@type\":\"EntryPoint\",\"urlTemplate\":\"https:\/\/talkpal.ai\/hu\/?s={search_term_string}\"},\"query-input\":{\"@type\":\"PropertyValueSpecification\",\"valueRequired\":true,\"valueName\":\"search_term_string\"}}],\"inLanguage\":\"hu\"},{\"@type\":\"Organization\",\"@id\":\"https:\/\/talkpal.ai\/hu\/#organization\",\"name\":\"Talkpal, Inc.\",\"alternateName\":\"Talkpal AI\",\"url\":\"https:\/\/talkpal.ai\/hu\/\",\"logo\":{\"@type\":\"ImageObject\",\"inLanguage\":\"hu\",\"@id\":\"https:\/\/talkpal.ai\/hu\/#\/schema\/logo\/image\/\",\"url\":\"https:\/\/talkpal.ai\/wp-content\/uploads\/2024\/03\/Talkpal-Logo-Icon.png\",\"contentUrl\":\"https:\/\/talkpal.ai\/wp-content\/uploads\/2024\/03\/Talkpal-Logo-Icon.png\",\"width\":2880,\"height\":2880,\"caption\":\"Talkpal, Inc.\"},\"image\":{\"@id\":\"https:\/\/talkpal.ai\/hu\/#\/schema\/logo\/image\/\"},\"sameAs\":[\"https:\/\/www.facebook.com\/profile.php?id=100090733639311\",\"https:\/\/x.com\/talkpalai\",\"https:\/\/www.linkedin.com\/company\/talkpal\/\",\"https:\/\/www.youtube.com\/@TalkPal\/\",\"https:\/\/www.tiktok.com\/@talkpal\",\"https:\/\/www.instagram.com\/talkpal_ai\/\",\"https:\/\/www.crunchbase.com\/organization\/talkpal-9cde\",\"https:\/\/www.g2.com\/products\/talkpal-for-business\/\",\"https:\/\/www.trustpilot.com\/review\/talkpal.ai\",\"https:\/\/www.capterra.com\/p\/10006800\/TalkPal\/\"],\"description\":\"Talkpal is a language learning web and mobile education app, powered by the latest AI technologies, that provides engaging experiences to its customers in many different languages to help them improve their language skills. Users can chat about unlimited amount of topics with the app and use other modes to practice their language learning.\",\"email\":\"support@talkpal.ai\",\"legalName\":\"Talkpal, Inc.\",\"foundingDate\":\"2023-04-03\",\"duns\":\"118989042\",\"numberOfEmployees\":{\"@type\":\"QuantitativeValue\",\"minValue\":\"11\",\"maxValue\":\"50\"},\"publishingPrinciples\":\"https:\/\/talkpal.ai\/publishing-principles\/\",\"actionableFeedbackPolicy\":\"https:\/\/talkpal.ai\/actionable-feedback-policy\/\",\"correctionsPolicy\":\"https:\/\/talkpal.ai\/corrections-policy\/\",\"ethicsPolicy\":\"https:\/\/talkpal.ai\/ethics-policy\/\",\"diversityPolicy\":\"https:\/\/talkpal.ai\/diversity-policy\/\",\"diversityStaffingReport\":\"https:\/\/talkpal.ai\/diversity-policy\/\"}]}<\/script>\n<!-- \/ Yoast SEO Premium plugin. -->","yoast_head_json":{"title":"Pandzs\u00e1bi nyelvtan - Talkpal","description":"Saj\u00e1t\u00edtsa el a pandzs\u00e1bi nyelvtan alapjait \u00e1tfog\u00f3 \u00fatmutat\u00f3nkkal, hogy m\u00e9g ma jav\u00edtsa nyelvtud\u00e1s\u00e1t.","robots":{"index":"index","follow":"follow","max-snippet":"max-snippet:-1","max-image-preview":"max-image-preview:large","max-video-preview":"max-video-preview:-1"},"canonical":"https:\/\/talkpal.ai\/hu\/pandzsabi-nyelvtan\/","og_locale":"hu_HU","og_type":"article","og_title":"Pandzs\u00e1bi nyelvtan","og_description":"Eligazod\u00e1s a pandzs\u00e1bi nyelvtan bonyolults\u00e1g\u00e1ban A pandzs\u00e1bi, egy gazdag t\u00f6rt\u00e9nelemmel \u00e9s kultur\u00e1lis jelent\u0151s\u00e9ggel b\u00edr\u00f3 indo\u00e1rja nyelv, izgalmas nyelvi","og_url":"https:\/\/talkpal.ai\/hu\/pandzsabi-nyelvtan\/","og_site_name":"Talkpal","article_publisher":"https:\/\/www.facebook.com\/profile.php?id=100090733639311","article_modified_time":"2025-12-30T11:37:57+00:00","og_image":[{"width":2880,"height":1620,"url":"https:\/\/talkpal.ai\/wp-content\/uploads\/2025\/02\/Progress-tab-16_9.png","type":"image\/png"}],"twitter_card":"summary_large_image","twitter_site":"@talkpalai","twitter_misc":{"Becs\u00fclt olvas\u00e1si id\u0151":"4 perc"},"schema":{"@context":"https:\/\/schema.org","@graph":[{"@type":"WebPage","@id":"https:\/\/talkpal.ai\/hu\/pandzsabi-nyelvtan\/","url":"https:\/\/talkpal.ai\/hu\/pandzsabi-nyelvtan\/","name":"Pandzs\u00e1bi nyelvtan - Talkpal","isPartOf":{"@id":"https:\/\/talkpal.ai\/hu\/#website"},"datePublished":"2025-11-12T16:31:52+00:00","dateModified":"2025-12-30T11:37:57+00:00","description":"Saj\u00e1t\u00edtsa el a pandzs\u00e1bi nyelvtan alapjait \u00e1tfog\u00f3 \u00fatmutat\u00f3nkkal, hogy m\u00e9g ma jav\u00edtsa nyelvtud\u00e1s\u00e1t.","breadcrumb":{"@id":"https:\/\/talkpal.ai\/hu\/pandzsabi-nyelvtan\/#breadcrumb"},"inLanguage":"hu","potentialAction":[{"@type":"ReadAction","target":["https:\/\/talkpal.ai\/hu\/pandzsabi-nyelvtan\/"]}]},{"@type":"BreadcrumbList","@id":"https:\/\/talkpal.ai\/hu\/pandzsabi-nyelvtan\/#breadcrumb","itemListElement":[{"@type":"ListItem","position":1,"name":"Homepage","item":"https:\/\/talkpal.ai\/hu\/"},{"@type":"ListItem","position":2,"name":"Pandzs\u00e1bi nyelvtan"}]},{"@type":"WebSite","@id":"https:\/\/talkpal.ai\/hu\/#website","url":"https:\/\/talkpal.ai\/hu\/","name":"Talkpal","description":"AI Language Learning","publisher":{"@id":"https:\/\/talkpal.ai\/hu\/#organization"},"alternateName":"Talkpal AI","potentialAction":[{"@type":"SearchAction","target":{"@type":"EntryPoint","urlTemplate":"https:\/\/talkpal.ai\/hu\/?s={search_term_string}"},"query-input":{"@type":"PropertyValueSpecification","valueRequired":true,"valueName":"search_term_string"}}],"inLanguage":"hu"},{"@type":"Organization","@id":"https:\/\/talkpal.ai\/hu\/#organization","name":"Talkpal, Inc.","alternateName":"Talkpal AI","url":"https:\/\/talkpal.ai\/hu\/","logo":{"@type":"ImageObject","inLanguage":"hu","@id":"https:\/\/talkpal.ai\/hu\/#\/schema\/logo\/image\/","url":"https:\/\/talkpal.ai\/wp-content\/uploads\/2024\/03\/Talkpal-Logo-Icon.png","contentUrl":"https:\/\/talkpal.ai\/wp-content\/uploads\/2024\/03\/Talkpal-Logo-Icon.png","width":2880,"height":2880,"caption":"Talkpal, Inc."},"image":{"@id":"https:\/\/talkpal.ai\/hu\/#\/schema\/logo\/image\/"},"sameAs":["https:\/\/www.facebook.com\/profile.php?id=100090733639311","https:\/\/x.com\/talkpalai","https:\/\/www.linkedin.com\/company\/talkpal\/","https:\/\/www.youtube.com\/@TalkPal\/","https:\/\/www.tiktok.com\/@talkpal","https:\/\/www.instagram.com\/talkpal_ai\/","https:\/\/www.crunchbase.com\/organization\/talkpal-9cde","https:\/\/www.g2.com\/products\/talkpal-for-business\/","https:\/\/www.trustpilot.com\/review\/talkpal.ai","https:\/\/www.capterra.com\/p\/10006800\/TalkPal\/"],"description":"Talkpal is a language learning web and mobile education app, powered by the latest AI technologies, that provides engaging experiences to its customers in many different languages to help them improve their language skills. Users can chat about unlimited amount of topics with the app and use other modes to practice their language learning.","email":"support@talkpal.ai","legalName":"Talkpal, Inc.","foundingDate":"2023-04-03","duns":"118989042","numberOfEmployees":{"@type":"QuantitativeValue","minValue":"11","maxValue":"50"},"publishingPrinciples":"https:\/\/talkpal.ai\/publishing-principles\/","actionableFeedbackPolicy":"https:\/\/talkpal.ai\/actionable-feedback-policy\/","correctionsPolicy":"https:\/\/talkpal.ai\/corrections-policy\/","ethicsPolicy":"https:\/\/talkpal.ai\/ethics-policy\/","diversityPolicy":"https:\/\/talkpal.ai\/diversity-policy\/","diversityStaffingReport":"https:\/\/talkpal.ai\/diversity-policy\/"}]}},"_links":{"self":[{"href":"https:\/\/talkpal.ai\/hu\/wp-json\/wp\/v2\/pages\/1475772","targetHints":{"allow":["GET"]}}],"collection":[{"href":"https:\/\/talkpal.ai\/hu\/wp-json\/wp\/v2\/pages"}],"about":[{"href":"https:\/\/talkpal.ai\/hu\/wp-json\/wp\/v2\/types\/page"}],"author":[{"embeddable":true,"href":"https:\/\/talkpal.ai\/hu\/wp-json\/wp\/v2\/users\/20"}],"replies":[{"embeddable":true,"href":"https:\/\/talkpal.ai\/hu\/wp-json\/wp\/v2\/comments?post=1475772"}],"version-history":[{"count":0,"href":"https:\/\/talkpal.ai\/hu\/wp-json\/wp\/v2\/pages\/1475772\/revisions"}],"wp:attachment":[{"href":"https:\/\/talkpal.ai\/hu\/wp-json\/wp\/v2\/media?parent=1475772"}],"curies":[{"name":"wp","href":"https:\/\/api.w.org\/{rel}","templated":true}]}}