{"id":1475770,"date":"2025-11-12T16:33:49","date_gmt":"2025-11-12T16:33:49","guid":{"rendered":"https:\/\/talkpal.ai\/pandzsabi-nyelvtani-gyakorlatok\/"},"modified":"2025-12-30T11:20:39","modified_gmt":"2025-12-30T11:20:39","slug":"pandzsabi-nyelvtani-gyakorlatok","status":"publish","type":"page","link":"https:\/\/talkpal.ai\/hu\/pandzsabi-nyelvtani-gyakorlatok\/","title":{"rendered":"Pandzs\u00e1bi nyelvtani gyakorlatok"},"content":{"rendered":"\r\n\r\n\r\n<section class=\"languageChallengeSection\">\r\n    <div class=\"languageInfoWrapper\">\r\n        \r\n        <h1>Pandzs\u00e1bi nyelvtani gyakorlatok<\/h1>\r\n        <p>K\u00e9szen \u00e1llsz arra, hogy belemer\u00fclj a <a href=\"https:\/\/talkpal.ai\/learn-punjabi\/\">pandzs\u00e1bi<\/a> nyelvtanba? N\u00e9h\u00e1ny alapismeret begyakorl\u00e1sa seg\u00edt abban, hogy elsaj\u00e1t\u00edtsd ezt az egyed\u00fcl\u00e1ll\u00f3 \u00e9s gy\u00f6ny\u00f6r\u0171 nyelvet. Pr\u00f3b\u00e1ld ki ezeket a gyakorlatokat, hogy n\u00f6veld az \u00f6nbizalmadat, \u00e9s k\u00f6zben j\u00f3l \u00e9rezd magad!<\/p>\r\n\r\n                            <a class=\"getStartedHidden\" href=\"https:\/\/app.talkpal.ai\/hu\/signup?lng=\">Kezdj\u00fck<\/a>\r\n        \r\n    <\/div>\r\n\r\n    <figure>\r\n    <img decoding=\"async\" width=\"768\" height=\"768\" src=\"https:\/\/talkpal.ai\/wp-content\/uploads\/2023\/06\/welsh-768x768.png\" class=\"languageImage no-lazy\" alt=\"Language learning for better cognitive abilities\" fetchpriority=\"high\" sizes=\"(max-width: 768px) 150px, 768px\" srcset=\"https:\/\/talkpal.ai\/wp-content\/uploads\/2023\/06\/welsh-768x768.png 768w, https:\/\/talkpal.ai\/wp-content\/uploads\/2023\/06\/welsh-300x300.png 300w\" \/>\r\n    \r\n\r\n    <\/figure>\r\n\r\n            <a class=\"getStartedVisible\" href=\"https:\/\/app.talkpal.ai\/hu\/signup?lng=\">Kezdj\u00fck<\/a>\r\n    \r\n<\/section><section class=\"promotionalBanner\">\r\n    <p class=\"promotionalText\">A nyelvtanul\u00e1s leghat\u00e9konyabb m\u00f3dja<\/p>\r\n    <a class=\"promotionalLink\" href=\"https:\/\/app.talkpal.ai\/hu\/signup?lng=\">Pr\u00f3b\u00e1lja ki a Talkpal ingyen<\/a>\r\n<\/section>\n<div class=\"wp-block-group pageContainerStyle\"><div class=\"wp-block-group__inner-container is-layout-constrained wp-block-group-is-layout-constrained\">\n<h2 class=\"wp-block-heading\" id=\"h-punjabi-grammar-topics\">Pandzs\u00e1bi nyelvtani t\u00e9m\u00e1k<\/h2>\n\n\n\n<p><a href=\"https:\/\/talkpal.ai\/hu\/a-legnagyobb-hibak-amelyeket-el-kell-kerulni-ha-uj-nyelvet-tanulunk\/\">Egy \u00faj nyelv elsaj\u00e1t\u00edt\u00e1sa<\/a> kih\u00edv\u00e1st jelent\u0151, de kifizet\u0151d\u0151 v\u00e1llalkoz\u00e1s lehet. Ez al\u00f3l a <a href=\"https:\/\/talkpal.ai\/learn-punjabi\/\">pandzs\u00e1bi<\/a>, egy indo-\u00e1rja nyelv, amelyet f\u0151leg a pandzs\u00e1bi r\u00e9gi\u00f3ban \u00e9s a diaszp\u00f3ra k\u00f6z\u00f6ss\u00e9gekben besz\u00e9lnek. Egyedi tulajdons\u00e1gaival \u00e9s szerkezeteivel a pandzs\u00e1bi <a href=\"https:\/\/talkpal.ai\/hu\/talkpal-for-education\/\">nyelv tanul\u00e1sa<\/a> szisztematikus megk\u00f6zel\u00edt\u00e9st ig\u00e9nyel a <a href=\"https:\/\/talkpal.ai\/grammar\/\">nyelvtan<\/a> meg\u00e9rt\u00e9s\u00e9hez. <a href=\"https:\/\/talkpal.ai\/culture\/how-do-you-use-the-demonstrative-pronouns-ez-and-az\/\">Ez az<\/a> \u00fatmutat\u00f3 a <a href=\"https:\/\/talkpal.ai\/hu\/pandzsabi-nyelvtan\/\">pandzs\u00e1bi nyelvtan <\/a>kulcsfontoss\u00e1g\u00fa ter\u00fcleteit v\u00e1zolja fel logikus sorrendben a <a href=\"https:\/\/talkpal.ai\/hu\/talkpal-for-education\/\">nyelvtanul\u00e1shoz<\/a>, kezdve az alapokt\u00f3l, p\u00e9ld\u00e1ul a f\u0151nevekt\u0151l \u00e9s a cikkekt\u0151l, \u00e9s tov\u00e1bbhaladva az \u00f6sszetettebb ter\u00fcletekig, mint p\u00e9ld\u00e1ul az igeid\u0151k \u00e9s a mondat\u00e9p\u00edt\u00e9s.<\/p>\n\n\n\n<h3 class=\"wp-block-heading\" id=\"h-1-nouns\">1. F\u0151nevek:<\/h3>\n\n\n\n<p>Kezdje pandzs\u00e1bi nyelvi \u00fatj\u00e1t a f\u0151nevek elsaj\u00e1t\u00edt\u00e1s\u00e1val. Ez mag\u00e1ban foglalja a f\u0151nevek k\u00fcl\u00f6nb\u00f6z\u0151 kateg\u00f3ri\u00e1inak meg\u00e9rt\u00e9s\u00e9t, p\u00e9ld\u00e1ul a k\u00f6z- \u00e9s tulajdonneveket, nem\u00fcket (h\u00edmnem\u0171 \u00e9s n\u0151nem\u0171) \u00e9s t\u00f6bbes sz\u00e1mbeli form\u00e1ikat.<\/p>\n\n\n\n<h3 class=\"wp-block-heading\" id=\"h-2-articles\">2. Cikkek:<\/h3>\n\n\n\n<p>A pandzs\u00e1bi nyelv\u0171 cikkeket nem \u00fagy haszn\u00e1lj\u00e1k, mint <a href=\"https:\/\/talkpal.ai\/ai-english-speaking-practice\/\">az angolt<\/a>. A pandzs\u00e1bi nyelvnek nincsenek hat\u00e1rozott vagy hat\u00e1rozatlan n\u00e9vel\u0151i; A hat\u00e1rozotts\u00e1got kontextuson vagy demonstrat\u00edvumokon kereszt\u00fcl fejezik ki, \u00e9s az ik sz\u00e1m bizonyos kontextusokban hat\u00e1rozatlan n\u00e9vel\u0151k\u00e9nt m\u0171k\u00f6dhet.<\/p>\n\n\n\n<h3 class=\"wp-block-heading\" id=\"h-3-adjectives\">3. Mell\u00e9knevek:<\/h3>\n\n\n\n<p>A pandzs\u00e1bi mell\u00e9knevek \u00e1ltal\u00e1ban megel\u0151zik a f\u0151nev\u00fcket, \u00e9s megegyeznek a f\u0151n\u00e9vvel nemben, sz\u00e1mban \u00e9s esetben. Azt is meg kell tanulnia, hogyan v\u00e1ltoznak a v\u00e9gz\u0151d\u00e9seik, \u00e9s hogyan lehet \u00f6sszehasonl\u00edt\u00f3 \u00e9s szuperlat\u00edvuszokat alkotni olyan szavakkal, mint a hor \u00e9s a sabh ton.<\/p>\n\n\n\n<h3 class=\"wp-block-heading\" id=\"h-4-pronouns-determiners\">4. N\u00e9vm\u00e1sok\/determin\u00e1nsok:<\/h3>\n\n\n\n<p>A n\u00e9vm\u00e1sok \u00e9s a meghat\u00e1roz\u00f3k elengedhetetlenek Pandzs\u00e1biban; Helyettes\u00edtik a f\u0151neveket, \u00e9s inform\u00e1ci\u00f3t ny\u00fajtanak a mennyis\u00e9gr\u0151l, a birtokl\u00e1sr\u00f3l \u00e9s egyebekr\u0151l. Tanuld meg a posztpoz\u00edci\u00f3khoz haszn\u00e1lt k\u00f6zvetlen \u00e9s ferde form\u00e1kat, valamint az olyan demonstrat\u00edvumokat, mint az eh \u00e9s oh, valamint a birtokos alakokat, mint a mera \u00e9s a tera a hat\u00e9kony kommunik\u00e1ci\u00f3 \u00e9rdek\u00e9ben.<\/p>\n\n\n\n<h3 class=\"wp-block-heading\" id=\"h-5-verbs\">5. Ig\u00e9k:<\/h3>\n\n\n\n<p>A pandzs\u00e1bi ig\u00e9k k\u00fcl\u00f6nb\u00f6z\u0151 alakokkal rendelkeznek az igeid\u0151t\u0151l, az aspektust\u00f3l, a hangulatt\u00f3l \u00e9s a hangt\u00f3l f\u00fcgg\u0151en, \u00e9s szorosan egy\u00fcttm\u0171k\u00f6dnek a hona seg\u00e9dig\u00e9vel. Kezdj\u00fck a jelenlegi megszokott form\u00e1kkal, \u00e9s fokozatosan fedezz\u00fck fel a t\u00f6k\u00e9letes\u00edt\u0151 \u00e9s a j\u00f6v\u0151beli form\u00e1kat.<\/p>\n\n\n\n<h3 class=\"wp-block-heading\" id=\"h-6-tenses\">6. Igeid\u0151k:<\/h3>\n\n\n\n<p>Az igealakok elsaj\u00e1t\u00edt\u00e1sa ut\u00e1n m\u00e9lyedjen el m\u00e9lyebben a pandzs\u00e1bi igeid\u0151kben. Ez mag\u00e1ban foglalja annak meg\u00e9rt\u00e9s\u00e9t, hogy a jelen, a m\u00falt \u00e9s a j\u00f6v\u0151 ideje hogyan fejez\u0151dik ki seg\u00e9djel\u0171 mell\u00e9kn\u00e9vi igeneveken vagy szintetikus j\u00f6v\u0151form\u00e1kon kereszt\u00fcl, \u00e9s hogyan haszn\u00e1lj\u00e1k \u0151ket k\u00fcl\u00f6nb\u00f6z\u0151 kontextusokban.<\/p>\n\n\n\n<h3 class=\"wp-block-heading\" id=\"h-7-tense-comparison\">7. Fesz\u00fclt \u00f6sszehasonl\u00edt\u00e1s:<\/h3>\n\n\n\n<p>A pandzs\u00e1bi igeid\u0151 \u00f6sszehasonl\u00edt\u00e1sa seg\u00edt meg\u00e9rteni az esem\u00e9nyek sorrendj\u00e9t. Ugyanazon ige k\u00fcl\u00f6nb\u00f6z\u0151 igeid\u0151kben \u00e9s aspektusokban t\u00f6rt\u00e9n\u0151 \u00f6sszehasonl\u00edt\u00e1sa jobban meg\u00e9rti az egyet\u00e9rt\u00e9si mint\u00e1kat \u00e9s a haszn\u00e1latot.<\/p>\n\n\n\n<h3 class=\"wp-block-heading\" id=\"h-8-progressive\">8. Progressz\u00edv:<\/h3>\n\n\n\n<p>A pandzs\u00e1bi progressz\u00edv kifejez\u00e9st a folyamatban l\u00e9v\u0151 cselekv\u00e9sek kifejez\u00e9s\u00e9re haszn\u00e1lj\u00e1k. A reha, rahi vagy rahe progressz\u00edv igen\u00e9v haszn\u00e1lat\u00e1val j\u00f6n l\u00e9tre a lenni ige megfelel\u0151 alakj\u00e1val.<\/p>\n\n\n\n<h3 class=\"wp-block-heading\" id=\"h-9-perfect-progressive\">9. T\u00f6k\u00e9letes progressz\u00edv:<\/h3>\n\n\n\n<p>Ez egy adott pontig folyamatban l\u00e9v\u0151 tev\u00e9kenys\u00e9gek kifejez\u00e9s\u00e9re szolg\u00e1l. Pandzs\u00e1bi nyelven a reha, rahi vagy rahe progressz\u00edv igen\u00e9vb\u0151l \u00e1ll, a lenni ige t\u00f6k\u00e9letes vagy m\u00faltbeli alakj\u00e1val egy\u00fctt.<\/p>\n\n\n\n<h3 class=\"wp-block-heading\" id=\"h-10-conditionals\">10. Felt\u00e9telek:<\/h3>\n\n\n\n<p>A felt\u00e9telek hipotetikus helyzeteket \u00e9s azok lehets\u00e9ges kimeneteleit fejezik ki. A <a href=\"https:\/\/talkpal.ai\/hu\/pandzsabi-nyelvtan\/\">pandzs\u00e1bi nyelvtan<\/a> fontos r\u00e9sz\u00e9t k\u00e9pezik, \u00e9s gyakran haszn\u00e1lnak je-t \u00e9s then-tagmondatokat, valamint megfelel\u0151 igealakokat vagy mod\u00e1lokat, hogy \u00e1rnyalj\u00e1k nyelvtud\u00e1s\u00e1t.<\/p>\n\n\n\n<h3 class=\"wp-block-heading\" id=\"h-11-adverbs\">11. Hat\u00e1roz\u00f3sz\u00f3k:<\/h3>\n\n\n\n<p>A pandzs\u00e1bi hat\u00e1roz\u00f3szavak m\u00f3dos\u00edtj\u00e1k az ig\u00e9ket, mell\u00e9kneveket vagy m\u00e1s hat\u00e1roz\u00f3szavakat. Inform\u00e1ci\u00f3t ny\u00fajtanak a m\u00f3dr\u00f3l, helyr\u0151l, id\u0151r\u0151l, m\u00e9rt\u00e9kr\u0151l \u00e9s egyebekr\u0151l, \u00e9s elengedhetetlenek a pontos kifejez\u00e9shez.<\/p>\n\n\n\n<h3 class=\"wp-block-heading\" id=\"h-12-prepositions\">12. El\u00f6lj\u00e1r\u00f3szavak:<\/h3>\n\n\n\n<p>A pandzs\u00e1bi ink\u00e1bb posztpoz\u00edci\u00f3kat haszn\u00e1l, mint el\u00f6lj\u00e1r\u00f3szavakat; k\u00f6vetik a f\u0151nevet, \u00e9s gyakran megk\u00f6vetelik a f\u0151nevet ferde esetben. Kifejezik az id\u0151, a hely, az ir\u00e1ny \u00e9s egyebek kapcsolatait.<\/p>\n\n\n\n<h3 class=\"wp-block-heading\" id=\"h-13-sentences\">13. Mondatok:<\/h3>\n\n\n\n<p>V\u00e9g\u00fcl gyakorold a mondatok fel\u00e9p\u00edt\u00e9s\u00e9t. Ez mag\u00e1ban foglalja az \u00f6sszes kor\u00e1bban megtanult nyelvtani pont kontextusban t\u00f6rt\u00e9n\u0151 felhaszn\u00e1l\u00e1s\u00e1t, jellemz\u0151en t\u00e1rgyobjektummal, ig\u00e9vel, sz\u00f3renddel \u00e9s posztpoz\u00edci\u00f3kkal, \u00edgy biztos\u00edtva a pandzs\u00e1bi nyelv \u00e1tfog\u00f3 meg\u00e9rt\u00e9s\u00e9t.<\/p>\n<\/div><\/div>\n\r\n<section class=\"learnNavigationSection\">\r\n            \r\n        <a href=\"https:\/\/talkpal.ai\/hu\/tanulj-pandzsabiul\/\">\r\n            <div class=\"learnNavigationWrapper\">\r\n                <div class=\"learnNavigationContent\">\r\n                    <img decoding=\"async\" src=\"https:\/\/talkpal.ai\/wp-content\/uploads\/2025\/11\/Punjabi.png\" alt=\"Indian Simplified Flag\">\r\n                    <div>\r\n                        <h4>A pandzs\u00e1bi tanul\u00e1sr\u00f3l<\/h4>\r\n                        <p>Tudjon meg mindent a pandzs\u00e1bi nyelvtanr\u00f3l.<\/p>\r\n                    <\/div>\r\n                <\/div>\r\n            <\/div>\r\n        <\/a>\r\n\r\n        \r\n        <a href=\"https:\/\/talkpal.ai\/hu\/pandzsabi-nyelvtan\/\">\r\n            <div class=\"learnNavigationWrapper\">\r\n                <div class=\"learnNavigationContent\">\r\n                    <img decoding=\"async\" src=\"https:\/\/talkpal.ai\/wp-content\/uploads\/2025\/11\/Punjabi.png\" alt=\"Indian Simplified Flag\">\r\n                    <div>\r\n                        <h4>Pandzs\u00e1bi nyelvtani leck\u00e9k<\/h4>\r\n                        <p>Gyakorold a pandzs\u00e1bi nyelvtant.<\/p>\r\n                    <\/div>\r\n                <\/div>\r\n            <\/div>\r\n        <\/a>\r\n\r\n            <\/section>","protected":false},"excerpt":{"rendered":"<p>Pandzs\u00e1bi nyelvtani t\u00e9m\u00e1k Egy \u00faj nyelv elsaj\u00e1t\u00edt\u00e1sa kih\u00edv\u00e1st jelent\u0151, de kifizet\u0151d\u0151 v\u00e1llalkoz\u00e1s lehet. Ez al\u00f3l a pandzs\u00e1bi, egy indo-\u00e1rja nyelv, amelyet f\u0151leg a pandzs\u00e1bi r\u00e9gi\u00f3ban \u00e9s a diaszp\u00f3ra k\u00f6z\u00f6ss\u00e9gekben besz\u00e9lnek. Egyedi tulajdons\u00e1gaival \u00e9s szerkezeteivel a pandzs\u00e1bi nyelv tanul\u00e1sa szisztematikus megk\u00f6zel\u00edt\u00e9st ig\u00e9nyel a nyelvtan meg\u00e9rt\u00e9s\u00e9hez. Ez az \u00fatmutat\u00f3 a pandzs\u00e1bi nyelvtan kulcsfontoss\u00e1g\u00fa ter\u00fcleteit v\u00e1zolja fel logikus [&hellip;]<\/p>\n","protected":false},"author":20,"featured_media":0,"parent":0,"menu_order":0,"comment_status":"closed","ping_status":"closed","template":"LearningContentPage.php","meta":{"_acf_changed":false,"footnotes":""},"class_list":["post-1475770","page","type-page","status-publish","hentry"],"acf":[],"yoast_head":"<!-- This site is optimized with the Yoast SEO Premium plugin v27.2 (Yoast SEO v27.2) - https:\/\/yoast.com\/product\/yoast-seo-premium-wordpress\/ -->\n<title>Pandzs\u00e1bi nyelvtani gyakorlatok - Talkpal<\/title>\n<meta name=\"description\" content=\"A pandzs\u00e1bi nyelvtan elsaj\u00e1t\u00edt\u00e1sa interakt\u00edv gyakorlatokkal, amelyek c\u00e9lja, hogy jav\u00edtsa a nyelvtud\u00e1sodat \u00e9s a nyelvi magabiztoss\u00e1godat.\" \/>\n<meta name=\"robots\" content=\"index, follow, max-snippet:-1, max-image-preview:large, max-video-preview:-1\" \/>\n<link rel=\"canonical\" href=\"https:\/\/talkpal.ai\/hu\/pandzsabi-nyelvtani-gyakorlatok\/\" \/>\n<meta property=\"og:locale\" content=\"hu_HU\" \/>\n<meta property=\"og:type\" content=\"article\" \/>\n<meta property=\"og:title\" content=\"Pandzs\u00e1bi nyelvtani gyakorlatok\" \/>\n<meta property=\"og:description\" content=\"Pandzs\u00e1bi nyelvtani t\u00e9m\u00e1k Egy \u00faj nyelv elsaj\u00e1t\u00edt\u00e1sa kih\u00edv\u00e1st jelent\u0151, de kifizet\u0151d\u0151 v\u00e1llalkoz\u00e1s lehet. Ez al\u00f3l a pandzs\u00e1bi, egy indo-\u00e1rja nyelv, amelyet\" \/>\n<meta property=\"og:url\" content=\"https:\/\/talkpal.ai\/hu\/pandzsabi-nyelvtani-gyakorlatok\/\" \/>\n<meta property=\"og:site_name\" content=\"Talkpal\" \/>\n<meta property=\"article:publisher\" content=\"https:\/\/www.facebook.com\/profile.php?id=100090733639311\" \/>\n<meta property=\"article:modified_time\" content=\"2025-12-30T11:20:39+00:00\" \/>\n<meta property=\"og:image\" content=\"https:\/\/talkpal.ai\/wp-content\/uploads\/2025\/02\/Progress-tab-16_9.png\" \/>\n\t<meta property=\"og:image:width\" content=\"2880\" \/>\n\t<meta property=\"og:image:height\" content=\"1620\" \/>\n\t<meta property=\"og:image:type\" content=\"image\/png\" \/>\n<meta name=\"twitter:card\" content=\"summary_large_image\" \/>\n<meta name=\"twitter:site\" content=\"@talkpalai\" \/>\n<meta name=\"twitter:label1\" content=\"Becs\u00fclt olvas\u00e1si id\u0151\" \/>\n\t<meta name=\"twitter:data1\" content=\"4 perc\" \/>\n<script type=\"application\/ld+json\" class=\"yoast-schema-graph\">{\"@context\":\"https:\/\/schema.org\",\"@graph\":[{\"@type\":\"WebPage\",\"@id\":\"https:\/\/talkpal.ai\/hu\/pandzsabi-nyelvtani-gyakorlatok\/\",\"url\":\"https:\/\/talkpal.ai\/hu\/pandzsabi-nyelvtani-gyakorlatok\/\",\"name\":\"Pandzs\u00e1bi nyelvtani gyakorlatok - Talkpal\",\"isPartOf\":{\"@id\":\"https:\/\/talkpal.ai\/hu\/#website\"},\"datePublished\":\"2025-11-12T16:33:49+00:00\",\"dateModified\":\"2025-12-30T11:20:39+00:00\",\"description\":\"A pandzs\u00e1bi nyelvtan elsaj\u00e1t\u00edt\u00e1sa interakt\u00edv gyakorlatokkal, amelyek c\u00e9lja, hogy jav\u00edtsa a nyelvtud\u00e1sodat \u00e9s a nyelvi magabiztoss\u00e1godat.\",\"breadcrumb\":{\"@id\":\"https:\/\/talkpal.ai\/hu\/pandzsabi-nyelvtani-gyakorlatok\/#breadcrumb\"},\"inLanguage\":\"hu\",\"potentialAction\":[{\"@type\":\"ReadAction\",\"target\":[\"https:\/\/talkpal.ai\/hu\/pandzsabi-nyelvtani-gyakorlatok\/\"]}]},{\"@type\":\"BreadcrumbList\",\"@id\":\"https:\/\/talkpal.ai\/hu\/pandzsabi-nyelvtani-gyakorlatok\/#breadcrumb\",\"itemListElement\":[{\"@type\":\"ListItem\",\"position\":1,\"name\":\"Homepage\",\"item\":\"https:\/\/talkpal.ai\/hu\/\"},{\"@type\":\"ListItem\",\"position\":2,\"name\":\"Pandzs\u00e1bi nyelvtani gyakorlatok\"}]},{\"@type\":\"WebSite\",\"@id\":\"https:\/\/talkpal.ai\/hu\/#website\",\"url\":\"https:\/\/talkpal.ai\/hu\/\",\"name\":\"Talkpal\",\"description\":\"AI Language Learning\",\"publisher\":{\"@id\":\"https:\/\/talkpal.ai\/hu\/#organization\"},\"alternateName\":\"Talkpal AI\",\"potentialAction\":[{\"@type\":\"SearchAction\",\"target\":{\"@type\":\"EntryPoint\",\"urlTemplate\":\"https:\/\/talkpal.ai\/hu\/?s={search_term_string}\"},\"query-input\":{\"@type\":\"PropertyValueSpecification\",\"valueRequired\":true,\"valueName\":\"search_term_string\"}}],\"inLanguage\":\"hu\"},{\"@type\":\"Organization\",\"@id\":\"https:\/\/talkpal.ai\/hu\/#organization\",\"name\":\"Talkpal, Inc.\",\"alternateName\":\"Talkpal AI\",\"url\":\"https:\/\/talkpal.ai\/hu\/\",\"logo\":{\"@type\":\"ImageObject\",\"inLanguage\":\"hu\",\"@id\":\"https:\/\/talkpal.ai\/hu\/#\/schema\/logo\/image\/\",\"url\":\"https:\/\/talkpal.ai\/wp-content\/uploads\/2024\/03\/Talkpal-Logo-Icon.png\",\"contentUrl\":\"https:\/\/talkpal.ai\/wp-content\/uploads\/2024\/03\/Talkpal-Logo-Icon.png\",\"width\":2880,\"height\":2880,\"caption\":\"Talkpal, Inc.\"},\"image\":{\"@id\":\"https:\/\/talkpal.ai\/hu\/#\/schema\/logo\/image\/\"},\"sameAs\":[\"https:\/\/www.facebook.com\/profile.php?id=100090733639311\",\"https:\/\/x.com\/talkpalai\",\"https:\/\/www.linkedin.com\/company\/talkpal\/\",\"https:\/\/www.youtube.com\/@TalkPal\/\",\"https:\/\/www.tiktok.com\/@talkpal\",\"https:\/\/www.instagram.com\/talkpal_ai\/\",\"https:\/\/www.crunchbase.com\/organization\/talkpal-9cde\",\"https:\/\/www.g2.com\/products\/talkpal-for-business\/\",\"https:\/\/www.trustpilot.com\/review\/talkpal.ai\",\"https:\/\/www.capterra.com\/p\/10006800\/TalkPal\/\"],\"description\":\"Talkpal is a language learning web and mobile education app, powered by the latest AI technologies, that provides engaging experiences to its customers in many different languages to help them improve their language skills. Users can chat about unlimited amount of topics with the app and use other modes to practice their language learning.\",\"email\":\"support@talkpal.ai\",\"legalName\":\"Talkpal, Inc.\",\"foundingDate\":\"2023-04-03\",\"duns\":\"118989042\",\"numberOfEmployees\":{\"@type\":\"QuantitativeValue\",\"minValue\":\"11\",\"maxValue\":\"50\"},\"publishingPrinciples\":\"https:\/\/talkpal.ai\/publishing-principles\/\",\"actionableFeedbackPolicy\":\"https:\/\/talkpal.ai\/actionable-feedback-policy\/\",\"correctionsPolicy\":\"https:\/\/talkpal.ai\/corrections-policy\/\",\"ethicsPolicy\":\"https:\/\/talkpal.ai\/ethics-policy\/\",\"diversityPolicy\":\"https:\/\/talkpal.ai\/diversity-policy\/\",\"diversityStaffingReport\":\"https:\/\/talkpal.ai\/diversity-policy\/\"}]}<\/script>\n<!-- \/ Yoast SEO Premium plugin. -->","yoast_head_json":{"title":"Pandzs\u00e1bi nyelvtani gyakorlatok - Talkpal","description":"A pandzs\u00e1bi nyelvtan elsaj\u00e1t\u00edt\u00e1sa interakt\u00edv gyakorlatokkal, amelyek c\u00e9lja, hogy jav\u00edtsa a nyelvtud\u00e1sodat \u00e9s a nyelvi magabiztoss\u00e1godat.","robots":{"index":"index","follow":"follow","max-snippet":"max-snippet:-1","max-image-preview":"max-image-preview:large","max-video-preview":"max-video-preview:-1"},"canonical":"https:\/\/talkpal.ai\/hu\/pandzsabi-nyelvtani-gyakorlatok\/","og_locale":"hu_HU","og_type":"article","og_title":"Pandzs\u00e1bi nyelvtani gyakorlatok","og_description":"Pandzs\u00e1bi nyelvtani t\u00e9m\u00e1k Egy \u00faj nyelv elsaj\u00e1t\u00edt\u00e1sa kih\u00edv\u00e1st jelent\u0151, de kifizet\u0151d\u0151 v\u00e1llalkoz\u00e1s lehet. Ez al\u00f3l a pandzs\u00e1bi, egy indo-\u00e1rja nyelv, amelyet","og_url":"https:\/\/talkpal.ai\/hu\/pandzsabi-nyelvtani-gyakorlatok\/","og_site_name":"Talkpal","article_publisher":"https:\/\/www.facebook.com\/profile.php?id=100090733639311","article_modified_time":"2025-12-30T11:20:39+00:00","og_image":[{"width":2880,"height":1620,"url":"https:\/\/talkpal.ai\/wp-content\/uploads\/2025\/02\/Progress-tab-16_9.png","type":"image\/png"}],"twitter_card":"summary_large_image","twitter_site":"@talkpalai","twitter_misc":{"Becs\u00fclt olvas\u00e1si id\u0151":"4 perc"},"schema":{"@context":"https:\/\/schema.org","@graph":[{"@type":"WebPage","@id":"https:\/\/talkpal.ai\/hu\/pandzsabi-nyelvtani-gyakorlatok\/","url":"https:\/\/talkpal.ai\/hu\/pandzsabi-nyelvtani-gyakorlatok\/","name":"Pandzs\u00e1bi nyelvtani gyakorlatok - Talkpal","isPartOf":{"@id":"https:\/\/talkpal.ai\/hu\/#website"},"datePublished":"2025-11-12T16:33:49+00:00","dateModified":"2025-12-30T11:20:39+00:00","description":"A pandzs\u00e1bi nyelvtan elsaj\u00e1t\u00edt\u00e1sa interakt\u00edv gyakorlatokkal, amelyek c\u00e9lja, hogy jav\u00edtsa a nyelvtud\u00e1sodat \u00e9s a nyelvi magabiztoss\u00e1godat.","breadcrumb":{"@id":"https:\/\/talkpal.ai\/hu\/pandzsabi-nyelvtani-gyakorlatok\/#breadcrumb"},"inLanguage":"hu","potentialAction":[{"@type":"ReadAction","target":["https:\/\/talkpal.ai\/hu\/pandzsabi-nyelvtani-gyakorlatok\/"]}]},{"@type":"BreadcrumbList","@id":"https:\/\/talkpal.ai\/hu\/pandzsabi-nyelvtani-gyakorlatok\/#breadcrumb","itemListElement":[{"@type":"ListItem","position":1,"name":"Homepage","item":"https:\/\/talkpal.ai\/hu\/"},{"@type":"ListItem","position":2,"name":"Pandzs\u00e1bi nyelvtani gyakorlatok"}]},{"@type":"WebSite","@id":"https:\/\/talkpal.ai\/hu\/#website","url":"https:\/\/talkpal.ai\/hu\/","name":"Talkpal","description":"AI Language Learning","publisher":{"@id":"https:\/\/talkpal.ai\/hu\/#organization"},"alternateName":"Talkpal AI","potentialAction":[{"@type":"SearchAction","target":{"@type":"EntryPoint","urlTemplate":"https:\/\/talkpal.ai\/hu\/?s={search_term_string}"},"query-input":{"@type":"PropertyValueSpecification","valueRequired":true,"valueName":"search_term_string"}}],"inLanguage":"hu"},{"@type":"Organization","@id":"https:\/\/talkpal.ai\/hu\/#organization","name":"Talkpal, Inc.","alternateName":"Talkpal AI","url":"https:\/\/talkpal.ai\/hu\/","logo":{"@type":"ImageObject","inLanguage":"hu","@id":"https:\/\/talkpal.ai\/hu\/#\/schema\/logo\/image\/","url":"https:\/\/talkpal.ai\/wp-content\/uploads\/2024\/03\/Talkpal-Logo-Icon.png","contentUrl":"https:\/\/talkpal.ai\/wp-content\/uploads\/2024\/03\/Talkpal-Logo-Icon.png","width":2880,"height":2880,"caption":"Talkpal, Inc."},"image":{"@id":"https:\/\/talkpal.ai\/hu\/#\/schema\/logo\/image\/"},"sameAs":["https:\/\/www.facebook.com\/profile.php?id=100090733639311","https:\/\/x.com\/talkpalai","https:\/\/www.linkedin.com\/company\/talkpal\/","https:\/\/www.youtube.com\/@TalkPal\/","https:\/\/www.tiktok.com\/@talkpal","https:\/\/www.instagram.com\/talkpal_ai\/","https:\/\/www.crunchbase.com\/organization\/talkpal-9cde","https:\/\/www.g2.com\/products\/talkpal-for-business\/","https:\/\/www.trustpilot.com\/review\/talkpal.ai","https:\/\/www.capterra.com\/p\/10006800\/TalkPal\/"],"description":"Talkpal is a language learning web and mobile education app, powered by the latest AI technologies, that provides engaging experiences to its customers in many different languages to help them improve their language skills. Users can chat about unlimited amount of topics with the app and use other modes to practice their language learning.","email":"support@talkpal.ai","legalName":"Talkpal, Inc.","foundingDate":"2023-04-03","duns":"118989042","numberOfEmployees":{"@type":"QuantitativeValue","minValue":"11","maxValue":"50"},"publishingPrinciples":"https:\/\/talkpal.ai\/publishing-principles\/","actionableFeedbackPolicy":"https:\/\/talkpal.ai\/actionable-feedback-policy\/","correctionsPolicy":"https:\/\/talkpal.ai\/corrections-policy\/","ethicsPolicy":"https:\/\/talkpal.ai\/ethics-policy\/","diversityPolicy":"https:\/\/talkpal.ai\/diversity-policy\/","diversityStaffingReport":"https:\/\/talkpal.ai\/diversity-policy\/"}]}},"_links":{"self":[{"href":"https:\/\/talkpal.ai\/hu\/wp-json\/wp\/v2\/pages\/1475770","targetHints":{"allow":["GET"]}}],"collection":[{"href":"https:\/\/talkpal.ai\/hu\/wp-json\/wp\/v2\/pages"}],"about":[{"href":"https:\/\/talkpal.ai\/hu\/wp-json\/wp\/v2\/types\/page"}],"author":[{"embeddable":true,"href":"https:\/\/talkpal.ai\/hu\/wp-json\/wp\/v2\/users\/20"}],"replies":[{"embeddable":true,"href":"https:\/\/talkpal.ai\/hu\/wp-json\/wp\/v2\/comments?post=1475770"}],"version-history":[{"count":0,"href":"https:\/\/talkpal.ai\/hu\/wp-json\/wp\/v2\/pages\/1475770\/revisions"}],"wp:attachment":[{"href":"https:\/\/talkpal.ai\/hu\/wp-json\/wp\/v2\/media?parent=1475770"}],"curies":[{"name":"wp","href":"https:\/\/api.w.org\/{rel}","templated":true}]}}