{"id":1475712,"date":"2025-11-12T16:07:26","date_gmt":"2025-11-12T16:07:26","guid":{"rendered":"https:\/\/talkpal.ai\/oriya-nyelvtan\/"},"modified":"2025-12-30T12:45:22","modified_gmt":"2025-12-30T12:45:22","slug":"oriya-nyelvtan","status":"publish","type":"page","link":"https:\/\/talkpal.ai\/hu\/oriya-nyelvtan\/","title":{"rendered":"Odia nyelvtan"},"content":{"rendered":"\r\n\r\n\r\n<section class=\"languageChallengeSection\">\r\n    <div class=\"languageInfoWrapper\">\r\n        \r\n        <h1>Odia nyelvtan<\/h1>\r\n        <p>Az <a href=\"https:\/\/talkpal.ai\/odia-grammar\/\">Odia nyelvtan<\/a> els\u0151re kih\u00edv\u00e1snak t\u0171nhet, de egyedi jellemz\u0151i jutalmaz\u00f3 \u00e9lm\u00e9nyt ny\u00fajtanak a nyelvtanul\u00e1st. A nyelv \u00e1b\u00e9c\u00e9j\u00e9nek, mut\u00e1ci\u00f3inak \u00e9s nyelvtani szab\u00e1lyainak felfedez\u00e9s\u00e9vel betekint\u00e9st nyerhet egy gazdag nyelvi hagyom\u00e1nyba. Kezdd el az utadat, \u00e9s fedezd fel <a href=\"https:\/\/talkpal.ai\/learn-odia\/\">Odia<\/a> sz\u00e9ps\u00e9g\u00e9t!<\/p>\r\n\r\n                            <a class=\"getStartedHidden\" href=\"https:\/\/app.talkpal.ai\/hu\/signup?lng=\">Kezdj\u00fck<\/a>\r\n        \r\n    <\/div>\r\n\r\n    <figure>\r\n    <img decoding=\"async\" width=\"768\" height=\"768\" src=\"https:\/\/talkpal.ai\/wp-content\/uploads\/2023\/06\/welsh-768x768.png\" class=\"languageImage no-lazy\" alt=\"Language learning for better cognitive abilities\" fetchpriority=\"high\" sizes=\"(max-width: 768px) 150px, 768px\" srcset=\"https:\/\/talkpal.ai\/wp-content\/uploads\/2023\/06\/welsh-768x768.png 768w, https:\/\/talkpal.ai\/wp-content\/uploads\/2023\/06\/welsh-300x300.png 300w\" \/>\r\n    \r\n\r\n    <\/figure>\r\n\r\n            <a class=\"getStartedVisible\" href=\"https:\/\/app.talkpal.ai\/hu\/signup?lng=\">Kezdj\u00fck<\/a>\r\n    \r\n<\/section><section class=\"promotionalBanner\">\r\n    <p class=\"promotionalText\">A nyelvtanul\u00e1s leghat\u00e9konyabb m\u00f3dja<\/p>\r\n    <a class=\"promotionalLink\" href=\"https:\/\/app.talkpal.ai\/hu\/signup?lng=\">Pr\u00f3b\u00e1lja ki a Talkpal ingyen<\/a>\r\n<\/section>\n<div class=\"wp-block-group pageContainerStyle\"><div class=\"wp-block-group__inner-container is-layout-constrained wp-block-group-is-layout-constrained\">\n<h2 class=\"wp-block-heading\" id=\"h-navigating-the-intricacies-of-odia-grammar\">Az Odia nyelvtan bonyolults\u00e1gainak eligazod\u00e1sa<\/h2>\n\n\n\n<p><a href=\"https:\/\/talkpal.ai\/learn-oriya\/\">Az Odia<\/a>, m\u00e1s n\u00e9ven Odia, egy indo\u00e1ri nyelv, gazdag irodalmi hagyom\u00e1nyokkal \u00e9s m\u00e9ly kultur\u00e1lis gy\u00f6kerekkel rendelkezik Kelet-Indi\u00e1ban. Izgalmas nyelvi \u00e9lm\u00e9nyt k\u00edn\u00e1l azoknak a tanul\u00f3knak, akik sz\u00edvesen felfedezik jellegzetes nyelvtani rendszer\u00e9t. Ahogy belev\u00e1gsz Odia birodalm\u00e1ba, nemcsak gazdag\u00edtod nyelvi reperto\u00e1rodat, hanem egy leny\u0171g\u00f6z\u0151 kultur\u00e1lis utaz\u00e1st is mag\u00e1ba sz\u00edvsz. B\u00e1r els\u0151re bonyolultnak t\u0171nhet, a f\u0151 komponensekre bontva a nyelv megtanul\u00e1sa k\u00f6nnyebb megk\u00f6zel\u00edthet\u0151v\u00e9 v\u00e1lik. Ebben a cikkben az Odia <a href=\"https:\/\/talkpal.ai\/grammar\/\">nyelvtan<\/a> leny\u0171g\u00f6z\u0151 vil\u00e1g\u00e1t vizsg\u00e1ljuk, \u00e9s tippeket adunk annak \u00f6sszetetts\u00e9geinek elsaj\u00e1t\u00edt\u00e1s\u00e1hoz.<\/p>\n\n\n\n<h3 class=\"wp-block-heading\" id=\"h-1-odia-alphabet-and-phonetics\">1. Odia \u00e1b\u00e9c\u00e9 \u00e9s fonetika<\/h3>\n\n\n\n<p>Az Odia \u00edr\u00e1s egy abugida, amely 11 mag\u00e1nhangz\u00f3t \u00e9s k\u00f6r\u00fclbel\u00fcl 35 m\u00e1ssalhangz\u00f3t tartalmaz, valamint diakritikus \u00e9s konjunktusos m\u00e1ssalhangz\u00f3kat. Mag\u00e1ban foglalja az indo-\u00e1rja nyelvekre jellemz\u0151 retroflex \u00e9s aspir\u00e1lt hangokat. Az \u00edr\u00e1s, a mag\u00e1nhangz\u00f3jelek \u00e9s a k\u00f6t\u0151sz\u00f3-csoportok ismerete kulcsfontoss\u00e1g\u00fa a kiejt\u00e9s \u00e9s az olvas\u00e1s elsaj\u00e1t\u00edt\u00e1s\u00e1hoz. Gyakorolj odiai olvas\u00e1ssal \u00e9s \u00edr\u00e1ssal, hogy bels\u0151v\u00e9 v\u00e1lj a hang\u2013szimb\u00f3lum megfelel\u0151s\u00e9g.<\/p>\n\n\n\n<h3 class=\"wp-block-heading\" id=\"h-2-case-markers-and-postpositions-a-distinctive-odia-feature\">2. Tokjelz\u0151k \u00e9s posztpoz\u00edci\u00f3k: Egy jellegzetes odiai jellemz\u0151<\/h3>\n\n\n\n<p>Az Odia nyelvtan egyik figyelemre m\u00e9lt\u00f3 von\u00e1sa, hogy az esetjelz\u0151k \u00e9s ut\u00f3poz\u00edci\u00f3k haszn\u00e1lata az el\u0151szadoz\u00e1sok helyett. A gyakori markerek k\u00f6z\u00e9 tartozik a ku az akuzat\u00edv \u00e9s datat\u00edv szerepekhez, a ra a birtokoshoz, a re a helyhat\u00e1roz\u00f3hoz, a ru az ablat\u00edvuszhoz, a saha a komitat\u00edvuszhoz, a dwara az instrument\u00e1lis vagy cselekv\u0151, \u00e9s a f\u00e1jdalom a c\u00e9lhoz. Elengedhetetlen meg\u00e9rteni, hogyan kapcsol\u00f3dnak ezek a jelz\u0151k f\u0151nevekhez \u00e9s n\u00e9vm\u00e1sokhoz, a pontos kommunik\u00e1ci\u00f3hoz Odi\u00e1ban.<\/p>\n\n\n\n<h3 class=\"wp-block-heading\" id=\"h-3-nouns-and-pronouns-gender-and-cases\">3. F\u0151nevek \u00e9s n\u00e9vm\u00e1sok: nem \u00e9s esetek<\/h3>\n\n\n\n<p>Az odia f\u0151nevek nyelvtani nem\u0171ek, \u00e9s a t\u00f6bbesed\u00e9s f\u0151n\u00e9vt\u00edpus \u00e9s kontextus szerint v\u00e1ltozik. Az emberi \u00e9s az \u00e9l\u0151 f\u0151nevek gyakran t\u00f6bbes sz\u00e1m\u00fa ut\u00f3tagot vesznek fel, m\u00edg az \u00e9lettelen f\u0151nevek a -gudika -gudik\u00e1t haszn\u00e1lhatj\u00e1k, vagy jel\u00f6letlenek maradhatnak, ha a t\u00f6bbes sz\u00e1m egy\u00e9rtelm\u0171 a kontextusb\u00f3l. A n\u00e9vm\u00e1sok k\u00f6z\u00e9 tartoznak a szem\u00e9lyes, birtokos, reflex\u00edv, demonstrat\u00edv \u00e9s k\u00e9rd\u0151 halmazok, tiszteletbeli megk\u00fcl\u00f6nb\u00f6ztet\u00e9sekkel: mu I, tume you informal, apana you courte, se he or she, semane they. A birtokos kifejez\u00e9sek k\u00f6z\u00e9 tartozik a <a href=\"https:\/\/talkpal.ai\/locations\/language-courses-in-mora\/\">mora<\/a> my, a tora ur, az apanangkara az udvariass\u00e1god, a tara az \u00f6v\u00e9. Ezeknek a form\u00e1knak \u00e9s a h\u00e1zjelz\u0151 v\u00e1ltozataik megismer\u00e9se jelent\u0151sen jav\u00edtja az Odia nyelvtani elsaj\u00e1t\u00edt\u00e1s\u00e1t.<\/p>\n\n\n\n<h3 class=\"wp-block-heading\" id=\"h-4-verbs-structure-and-conjugation\">4. Ig\u00e9k: szerkezet \u00e9s ragoz\u00e1s<\/h3>\n\n\n\n<p>Az odia ig\u00e9k az id\u0151, aspektus, hangulat \u00e9s egyez\u00e9s alakj\u00e1t id\u00e9zik, m\u00edg a tiszteletbeli szintek befoly\u00e1solj\u00e1k az igeform\u00e1kat. A mag igeid\u0151-aspektus\u00fa form\u00e1ci\u00f3k k\u00f6z\u00e9 tartozik a jelen progressz\u00edv -uchi, az <a href=\"https:\/\/talkpal.ai\/hu\/grammar\/egyszeru-mult-az-angol-nyelvtanban\/\">egyszer\u0171 m\u00falt<\/a> az -ila-ban \u00e9s a j\u00f6v\u0151 az -iba-ban, az \u00f6sszetett konstrukci\u00f3k \u00e9s seg\u00e9danyagok mellett. A felt\u00e9teles \u00e9s imperat\u00edv hangulatokat akt\u00edvan haszn\u00e1lj\u00e1k. A hangz\u00e1si mint\u00e1k \u00e9s azok viselked\u00e9s\u00e9nek megtanul\u00e1sa jav\u00edtja a hat\u00e9kony kommunik\u00e1ci\u00f3s k\u00e9pess\u00e9gedet Odi\u00e1ban.<\/p>\n\n\n\n<h3 class=\"wp-block-heading\" id=\"h-5-adjectives-agreement-and-placement\">5. Mell\u00e9knevek: meg\u00e1llapod\u00e1s \u00e9s elhelyez\u00e9s<\/h3>\n\n\n\n<p>Az odia nyelvtanban a mell\u00e9knevek \u00e1ltal\u00e1ban a m\u00f3dos\u00edtott f\u0151n\u00e9v el\u0151tt \u00e1llnak, \u00e9s \u00e1ltal\u00e1ban nem v\u00e1ltoznak a sz\u00e1m vagy a nem miatt. Az \u00f6sszehasonl\u00edt\u00f3 \u00e9s szuperlat\u00edvuszokat \u00e1ltal\u00e1ban olyan hat\u00e1roz\u00f3szavakkal alkotj\u00e1k, mint az adhika more \u00e9s a sabutharu legink\u00e1bb, b\u00e1r a tatsama alakok is haszn\u00e1lhatnak ut\u00f3tagokat a form\u00e1lis regiszterekben. Ezeknek a mint\u00e1knak az elsaj\u00e1t\u00edt\u00e1sa seg\u00edt a besz\u00e9dnek term\u00e9szetesnek \u00e9s idiomatikusnak hangozni.<\/p>\n\n\n\n<p><strong>P\u00e9ld\u00e1k:<\/strong><\/p>\n\n\n\n<p><strong>\u2013 Bada Prema (Nagy szerelem)  <\/strong><\/p>\n\n\n\n<p><strong>\u2013 Chhota pilamane (kisgyerekek)<\/strong><\/p>\n\n\n\n<h3 class=\"wp-block-heading\" id=\"h-6-engaging-with-the-language\">6. A nyelv haszn\u00e1lata<\/h3>\n\n\n\n<p>A leghat\u00e9konyabb m\u00f3dja annak, hogy teljesen meg\u00e9rts\u00fck \u00e9s bels\u0151v\u00e9 saj\u00e1t\u00edtsuk az Odia nyelvtan\u00e1t, ha k\u00f6vetkezetesen foglalkozunk a nyelvvel. Az odia irodalmat olvasva, odiai filmeket vagy t\u00e9v\u00e9sorozatokat n\u00e9zve, az odiai h\u00edrek k\u00f6vet\u00e9s\u00e9vel, valamint az anyanyelvi besz\u00e9l\u0151kkel val\u00f3 akt\u00edv kommunik\u00e1ci\u00f3val meger\u0151s\u00edti a nyelvtani ismereteit, mik\u00f6zben b\u0151v\u00edti a sz\u00f3kincsedet.<\/p>\n\n\n\n<h3 class=\"wp-block-heading\" id=\"h-conclusion\">K\u00f6vetkeztet\u00e9s<\/h3>\n\n\n\n<p>B\u00e1r az Odia nyelvtan bonyolultnak t\u0171nhet, elk\u00f6telezetts\u00e9ggel, gyakorl\u00e1ssal \u00e9s lelkesed\u00e9ssel elsaj\u00e1t\u00edthatod ezt a gy\u00f6ny\u00f6r\u0171 nyelvet. Az alapvet\u0151 szab\u00e1lyokra koncentr\u00e1lva \u00e9s a nyelvvel k\u00fcl\u00f6nb\u00f6z\u0151 kontextusokban t\u00f6rt\u00e9n\u0151 elhangz\u00e1ssal gyorsan fejleszti az Odia <a href=\"https:\/\/talkpal.ai\/hu\/nyelvtan\/\">nyelvtani k\u00e9szs\u00e9geit<\/a>. Sok sikert k\u00edv\u00e1nok az odia nyelvi utadhoz, \u00e9s \u00e9lvezd az odia nyelvtani eleg\u00e1ns, m\u00e9gis mag\u00e1val ragad\u00f3 vil\u00e1g\u00e1nak felt\u00e1r\u00e1s\u00e1t!<\/p>\n<\/div><\/div>\n\r\n<section class=\"learnNavigationSection\">\r\n            \r\n        <a href=\"https:\/\/talkpal.ai\/hu\/tanulj-oriya-t\/\">\r\n            <div class=\"learnNavigationWrapper\">\r\n                <div class=\"learnNavigationContent\">\r\n                    <img decoding=\"async\" src=\"https:\/\/talkpal.ai\/wp-content\/uploads\/2025\/11\/Oriya.png\" alt=\"Indian Simplified Flag\">\r\n                    <div>\r\n                        <h4>Odia Learningr\u0151l<\/h4>\r\n                        <p>Tudjon meg mindent az Odia Grammar t\u00f6rt\u00e9net\u00e9r\u0151l.<\/p>\r\n                    <\/div>\r\n                <\/div>\r\n            <\/div>\r\n        <\/a>\r\n\r\n        \r\n        <a href=\"https:\/\/talkpal.ai\/hu\/oriya-nyelvtani-gyakorlatok\/\">\r\n            <div class=\"learnNavigationWrapper\">\r\n                <div class=\"learnNavigationContent\">\r\n                    <img decoding=\"async\" src=\"https:\/\/talkpal.ai\/wp-content\/uploads\/2025\/11\/Oriya.png\" alt=\"Indian Simplified Flag\">\r\n                    <div>\r\n                        <h4>Odia nyelvtan gyakorlat<\/h4>\r\n                        <p>Gyakorold az Odia nyelvtant.<\/p>\r\n                    <\/div>\r\n                <\/div>\r\n            <\/div>\r\n        <\/a>\r\n\r\n            <\/section>","protected":false},"excerpt":{"rendered":"<p>Az Odia nyelvtan bonyolults\u00e1gainak eligazod\u00e1sa Az Odia, m\u00e1s n\u00e9ven Odia, egy indo\u00e1ri nyelv, gazdag irodalmi hagyom\u00e1nyokkal \u00e9s m\u00e9ly kultur\u00e1lis gy\u00f6kerekkel rendelkezik Kelet-Indi\u00e1ban. Izgalmas nyelvi \u00e9lm\u00e9nyt k\u00edn\u00e1l azoknak a tanul\u00f3knak, akik sz\u00edvesen felfedezik jellegzetes nyelvtani rendszer\u00e9t. Ahogy belev\u00e1gsz Odia birodalm\u00e1ba, nemcsak gazdag\u00edtod nyelvi reperto\u00e1rodat, hanem egy leny\u0171g\u00f6z\u0151 kultur\u00e1lis utaz\u00e1st is mag\u00e1ba sz\u00edvsz. B\u00e1r els\u0151re bonyolultnak t\u0171nhet, [&hellip;]<\/p>\n","protected":false},"author":20,"featured_media":0,"parent":0,"menu_order":0,"comment_status":"closed","ping_status":"closed","template":"LearningContentPage.php","meta":{"_acf_changed":false,"footnotes":""},"class_list":["post-1475712","page","type-page","status-publish","hentry"],"acf":[],"yoast_head":"<!-- This site is optimized with the Yoast SEO Premium plugin v27.2 (Yoast SEO v27.2) - https:\/\/yoast.com\/product\/yoast-seo-premium-wordpress\/ -->\n<title>Odia nyelvtan - Talkpal<\/title>\n<meta name=\"description\" content=\"Saj\u00e1t\u00edtsd el az odia nyelvtan alapelemeit, bele\u00e9rtve az \u00e1b\u00e9c\u00e9t, az esetjelz\u0151ket \u00e9s az ig\u00e9ket \u00e1tfog\u00f3 nyelvtanul\u00e1si \u00fatmutat\u00f3nkkal.\" \/>\n<meta name=\"robots\" content=\"index, follow, max-snippet:-1, max-image-preview:large, max-video-preview:-1\" \/>\n<link rel=\"canonical\" href=\"https:\/\/talkpal.ai\/hu\/oriya-nyelvtan\/\" \/>\n<meta property=\"og:locale\" content=\"hu_HU\" \/>\n<meta property=\"og:type\" content=\"article\" \/>\n<meta property=\"og:title\" content=\"Odia nyelvtan\" \/>\n<meta property=\"og:description\" content=\"Az Odia nyelvtan bonyolults\u00e1gainak eligazod\u00e1sa Az Odia, m\u00e1s n\u00e9ven Odia, egy indo\u00e1ri nyelv, gazdag irodalmi hagyom\u00e1nyokkal \u00e9s m\u00e9ly kultur\u00e1lis gy\u00f6kerekkel\" \/>\n<meta property=\"og:url\" content=\"https:\/\/talkpal.ai\/hu\/oriya-nyelvtan\/\" \/>\n<meta property=\"og:site_name\" content=\"Talkpal\" \/>\n<meta property=\"article:publisher\" content=\"https:\/\/www.facebook.com\/profile.php?id=100090733639311\" \/>\n<meta property=\"article:modified_time\" content=\"2025-12-30T12:45:22+00:00\" \/>\n<meta property=\"og:image\" content=\"https:\/\/talkpal.ai\/wp-content\/uploads\/2025\/02\/Progress-tab-16_9.png\" \/>\n\t<meta property=\"og:image:width\" content=\"2880\" \/>\n\t<meta property=\"og:image:height\" content=\"1620\" \/>\n\t<meta property=\"og:image:type\" content=\"image\/png\" \/>\n<meta name=\"twitter:card\" content=\"summary_large_image\" \/>\n<meta name=\"twitter:site\" content=\"@talkpalai\" \/>\n<meta name=\"twitter:label1\" content=\"Becs\u00fclt olvas\u00e1si id\u0151\" \/>\n\t<meta name=\"twitter:data1\" content=\"4 perc\" \/>\n<script type=\"application\/ld+json\" class=\"yoast-schema-graph\">{\"@context\":\"https:\/\/schema.org\",\"@graph\":[{\"@type\":\"WebPage\",\"@id\":\"https:\/\/talkpal.ai\/hu\/oriya-nyelvtan\/\",\"url\":\"https:\/\/talkpal.ai\/hu\/oriya-nyelvtan\/\",\"name\":\"Odia nyelvtan - Talkpal\",\"isPartOf\":{\"@id\":\"https:\/\/talkpal.ai\/hu\/#website\"},\"datePublished\":\"2025-11-12T16:07:26+00:00\",\"dateModified\":\"2025-12-30T12:45:22+00:00\",\"description\":\"Saj\u00e1t\u00edtsd el az odia nyelvtan alapelemeit, bele\u00e9rtve az \u00e1b\u00e9c\u00e9t, az esetjelz\u0151ket \u00e9s az ig\u00e9ket \u00e1tfog\u00f3 nyelvtanul\u00e1si \u00fatmutat\u00f3nkkal.\",\"breadcrumb\":{\"@id\":\"https:\/\/talkpal.ai\/hu\/oriya-nyelvtan\/#breadcrumb\"},\"inLanguage\":\"hu\",\"potentialAction\":[{\"@type\":\"ReadAction\",\"target\":[\"https:\/\/talkpal.ai\/hu\/oriya-nyelvtan\/\"]}]},{\"@type\":\"BreadcrumbList\",\"@id\":\"https:\/\/talkpal.ai\/hu\/oriya-nyelvtan\/#breadcrumb\",\"itemListElement\":[{\"@type\":\"ListItem\",\"position\":1,\"name\":\"Homepage\",\"item\":\"https:\/\/talkpal.ai\/hu\/\"},{\"@type\":\"ListItem\",\"position\":2,\"name\":\"Odia nyelvtan\"}]},{\"@type\":\"WebSite\",\"@id\":\"https:\/\/talkpal.ai\/hu\/#website\",\"url\":\"https:\/\/talkpal.ai\/hu\/\",\"name\":\"Talkpal\",\"description\":\"AI Language Learning\",\"publisher\":{\"@id\":\"https:\/\/talkpal.ai\/hu\/#organization\"},\"alternateName\":\"Talkpal AI\",\"potentialAction\":[{\"@type\":\"SearchAction\",\"target\":{\"@type\":\"EntryPoint\",\"urlTemplate\":\"https:\/\/talkpal.ai\/hu\/?s={search_term_string}\"},\"query-input\":{\"@type\":\"PropertyValueSpecification\",\"valueRequired\":true,\"valueName\":\"search_term_string\"}}],\"inLanguage\":\"hu\"},{\"@type\":\"Organization\",\"@id\":\"https:\/\/talkpal.ai\/hu\/#organization\",\"name\":\"Talkpal, Inc.\",\"alternateName\":\"Talkpal AI\",\"url\":\"https:\/\/talkpal.ai\/hu\/\",\"logo\":{\"@type\":\"ImageObject\",\"inLanguage\":\"hu\",\"@id\":\"https:\/\/talkpal.ai\/hu\/#\/schema\/logo\/image\/\",\"url\":\"https:\/\/talkpal.ai\/wp-content\/uploads\/2024\/03\/Talkpal-Logo-Icon.png\",\"contentUrl\":\"https:\/\/talkpal.ai\/wp-content\/uploads\/2024\/03\/Talkpal-Logo-Icon.png\",\"width\":2880,\"height\":2880,\"caption\":\"Talkpal, Inc.\"},\"image\":{\"@id\":\"https:\/\/talkpal.ai\/hu\/#\/schema\/logo\/image\/\"},\"sameAs\":[\"https:\/\/www.facebook.com\/profile.php?id=100090733639311\",\"https:\/\/x.com\/talkpalai\",\"https:\/\/www.linkedin.com\/company\/talkpal\/\",\"https:\/\/www.youtube.com\/@TalkPal\/\",\"https:\/\/www.tiktok.com\/@talkpal\",\"https:\/\/www.instagram.com\/talkpal_ai\/\",\"https:\/\/www.crunchbase.com\/organization\/talkpal-9cde\",\"https:\/\/www.g2.com\/products\/talkpal-for-business\/\",\"https:\/\/www.trustpilot.com\/review\/talkpal.ai\",\"https:\/\/www.capterra.com\/p\/10006800\/TalkPal\/\"],\"description\":\"Talkpal is a language learning web and mobile education app, powered by the latest AI technologies, that provides engaging experiences to its customers in many different languages to help them improve their language skills. Users can chat about unlimited amount of topics with the app and use other modes to practice their language learning.\",\"email\":\"support@talkpal.ai\",\"legalName\":\"Talkpal, Inc.\",\"foundingDate\":\"2023-04-03\",\"duns\":\"118989042\",\"numberOfEmployees\":{\"@type\":\"QuantitativeValue\",\"minValue\":\"11\",\"maxValue\":\"50\"},\"publishingPrinciples\":\"https:\/\/talkpal.ai\/publishing-principles\/\",\"actionableFeedbackPolicy\":\"https:\/\/talkpal.ai\/actionable-feedback-policy\/\",\"correctionsPolicy\":\"https:\/\/talkpal.ai\/corrections-policy\/\",\"ethicsPolicy\":\"https:\/\/talkpal.ai\/ethics-policy\/\",\"diversityPolicy\":\"https:\/\/talkpal.ai\/diversity-policy\/\",\"diversityStaffingReport\":\"https:\/\/talkpal.ai\/diversity-policy\/\"}]}<\/script>\n<!-- \/ Yoast SEO Premium plugin. -->","yoast_head_json":{"title":"Odia nyelvtan - Talkpal","description":"Saj\u00e1t\u00edtsd el az odia nyelvtan alapelemeit, bele\u00e9rtve az \u00e1b\u00e9c\u00e9t, az esetjelz\u0151ket \u00e9s az ig\u00e9ket \u00e1tfog\u00f3 nyelvtanul\u00e1si \u00fatmutat\u00f3nkkal.","robots":{"index":"index","follow":"follow","max-snippet":"max-snippet:-1","max-image-preview":"max-image-preview:large","max-video-preview":"max-video-preview:-1"},"canonical":"https:\/\/talkpal.ai\/hu\/oriya-nyelvtan\/","og_locale":"hu_HU","og_type":"article","og_title":"Odia nyelvtan","og_description":"Az Odia nyelvtan bonyolults\u00e1gainak eligazod\u00e1sa Az Odia, m\u00e1s n\u00e9ven Odia, egy indo\u00e1ri nyelv, gazdag irodalmi hagyom\u00e1nyokkal \u00e9s m\u00e9ly kultur\u00e1lis gy\u00f6kerekkel","og_url":"https:\/\/talkpal.ai\/hu\/oriya-nyelvtan\/","og_site_name":"Talkpal","article_publisher":"https:\/\/www.facebook.com\/profile.php?id=100090733639311","article_modified_time":"2025-12-30T12:45:22+00:00","og_image":[{"width":2880,"height":1620,"url":"https:\/\/talkpal.ai\/wp-content\/uploads\/2025\/02\/Progress-tab-16_9.png","type":"image\/png"}],"twitter_card":"summary_large_image","twitter_site":"@talkpalai","twitter_misc":{"Becs\u00fclt olvas\u00e1si id\u0151":"4 perc"},"schema":{"@context":"https:\/\/schema.org","@graph":[{"@type":"WebPage","@id":"https:\/\/talkpal.ai\/hu\/oriya-nyelvtan\/","url":"https:\/\/talkpal.ai\/hu\/oriya-nyelvtan\/","name":"Odia nyelvtan - Talkpal","isPartOf":{"@id":"https:\/\/talkpal.ai\/hu\/#website"},"datePublished":"2025-11-12T16:07:26+00:00","dateModified":"2025-12-30T12:45:22+00:00","description":"Saj\u00e1t\u00edtsd el az odia nyelvtan alapelemeit, bele\u00e9rtve az \u00e1b\u00e9c\u00e9t, az esetjelz\u0151ket \u00e9s az ig\u00e9ket \u00e1tfog\u00f3 nyelvtanul\u00e1si \u00fatmutat\u00f3nkkal.","breadcrumb":{"@id":"https:\/\/talkpal.ai\/hu\/oriya-nyelvtan\/#breadcrumb"},"inLanguage":"hu","potentialAction":[{"@type":"ReadAction","target":["https:\/\/talkpal.ai\/hu\/oriya-nyelvtan\/"]}]},{"@type":"BreadcrumbList","@id":"https:\/\/talkpal.ai\/hu\/oriya-nyelvtan\/#breadcrumb","itemListElement":[{"@type":"ListItem","position":1,"name":"Homepage","item":"https:\/\/talkpal.ai\/hu\/"},{"@type":"ListItem","position":2,"name":"Odia nyelvtan"}]},{"@type":"WebSite","@id":"https:\/\/talkpal.ai\/hu\/#website","url":"https:\/\/talkpal.ai\/hu\/","name":"Talkpal","description":"AI Language Learning","publisher":{"@id":"https:\/\/talkpal.ai\/hu\/#organization"},"alternateName":"Talkpal AI","potentialAction":[{"@type":"SearchAction","target":{"@type":"EntryPoint","urlTemplate":"https:\/\/talkpal.ai\/hu\/?s={search_term_string}"},"query-input":{"@type":"PropertyValueSpecification","valueRequired":true,"valueName":"search_term_string"}}],"inLanguage":"hu"},{"@type":"Organization","@id":"https:\/\/talkpal.ai\/hu\/#organization","name":"Talkpal, Inc.","alternateName":"Talkpal AI","url":"https:\/\/talkpal.ai\/hu\/","logo":{"@type":"ImageObject","inLanguage":"hu","@id":"https:\/\/talkpal.ai\/hu\/#\/schema\/logo\/image\/","url":"https:\/\/talkpal.ai\/wp-content\/uploads\/2024\/03\/Talkpal-Logo-Icon.png","contentUrl":"https:\/\/talkpal.ai\/wp-content\/uploads\/2024\/03\/Talkpal-Logo-Icon.png","width":2880,"height":2880,"caption":"Talkpal, Inc."},"image":{"@id":"https:\/\/talkpal.ai\/hu\/#\/schema\/logo\/image\/"},"sameAs":["https:\/\/www.facebook.com\/profile.php?id=100090733639311","https:\/\/x.com\/talkpalai","https:\/\/www.linkedin.com\/company\/talkpal\/","https:\/\/www.youtube.com\/@TalkPal\/","https:\/\/www.tiktok.com\/@talkpal","https:\/\/www.instagram.com\/talkpal_ai\/","https:\/\/www.crunchbase.com\/organization\/talkpal-9cde","https:\/\/www.g2.com\/products\/talkpal-for-business\/","https:\/\/www.trustpilot.com\/review\/talkpal.ai","https:\/\/www.capterra.com\/p\/10006800\/TalkPal\/"],"description":"Talkpal is a language learning web and mobile education app, powered by the latest AI technologies, that provides engaging experiences to its customers in many different languages to help them improve their language skills. Users can chat about unlimited amount of topics with the app and use other modes to practice their language learning.","email":"support@talkpal.ai","legalName":"Talkpal, Inc.","foundingDate":"2023-04-03","duns":"118989042","numberOfEmployees":{"@type":"QuantitativeValue","minValue":"11","maxValue":"50"},"publishingPrinciples":"https:\/\/talkpal.ai\/publishing-principles\/","actionableFeedbackPolicy":"https:\/\/talkpal.ai\/actionable-feedback-policy\/","correctionsPolicy":"https:\/\/talkpal.ai\/corrections-policy\/","ethicsPolicy":"https:\/\/talkpal.ai\/ethics-policy\/","diversityPolicy":"https:\/\/talkpal.ai\/diversity-policy\/","diversityStaffingReport":"https:\/\/talkpal.ai\/diversity-policy\/"}]}},"_links":{"self":[{"href":"https:\/\/talkpal.ai\/hu\/wp-json\/wp\/v2\/pages\/1475712","targetHints":{"allow":["GET"]}}],"collection":[{"href":"https:\/\/talkpal.ai\/hu\/wp-json\/wp\/v2\/pages"}],"about":[{"href":"https:\/\/talkpal.ai\/hu\/wp-json\/wp\/v2\/types\/page"}],"author":[{"embeddable":true,"href":"https:\/\/talkpal.ai\/hu\/wp-json\/wp\/v2\/users\/20"}],"replies":[{"embeddable":true,"href":"https:\/\/talkpal.ai\/hu\/wp-json\/wp\/v2\/comments?post=1475712"}],"version-history":[{"count":0,"href":"https:\/\/talkpal.ai\/hu\/wp-json\/wp\/v2\/pages\/1475712\/revisions"}],"wp:attachment":[{"href":"https:\/\/talkpal.ai\/hu\/wp-json\/wp\/v2\/media?parent=1475712"}],"curies":[{"name":"wp","href":"https:\/\/api.w.org\/{rel}","templated":true}]}}