{"id":1475710,"date":"2025-11-12T16:09:11","date_gmt":"2025-11-12T16:09:11","guid":{"rendered":"https:\/\/talkpal.ai\/oriya-nyelvtani-gyakorlatok\/"},"modified":"2025-12-30T11:52:37","modified_gmt":"2025-12-30T11:52:37","slug":"oriya-nyelvtani-gyakorlatok","status":"publish","type":"page","link":"https:\/\/talkpal.ai\/hu\/oriya-nyelvtani-gyakorlatok\/","title":{"rendered":"Odia nyelvtani gyakorlatok"},"content":{"rendered":"\r\n\r\n\r\n<section class=\"languageChallengeSection\">\r\n    <div class=\"languageInfoWrapper\">\r\n        \r\n        <h1>Odia nyelvtani gyakorlatok<\/h1>\r\n        <p>K\u00e9szen \u00e1llsz, hogy belemer\u00fclj az <a href=\"https:\/\/talkpal.ai\/learn-odia\/\">Odia<\/a> nyelvtanba? N\u00e9h\u00e1ny alapismeret begyakorl\u00e1sa seg\u00edt abban, hogy elsaj\u00e1t\u00edtsd ezt az egyed\u00fcl\u00e1ll\u00f3 \u00e9s gy\u00f6ny\u00f6r\u0171 nyelvet. Pr\u00f3b\u00e1ld ki ezeket a gyakorlatokat, hogy n\u00f6veld az \u00f6nbizalmadat, \u00e9s k\u00f6zben j\u00f3l \u00e9rezd magad!<\/p>\r\n\r\n                            <a class=\"getStartedHidden\" href=\"https:\/\/app.talkpal.ai\/hu\/signup?lng=\">Kezdj\u00fck<\/a>\r\n        \r\n    <\/div>\r\n\r\n    <figure>\r\n    <img decoding=\"async\" width=\"768\" height=\"768\" src=\"https:\/\/talkpal.ai\/wp-content\/uploads\/2023\/06\/welsh-768x768.png\" class=\"languageImage no-lazy\" alt=\"Language learning for better cognitive abilities\" fetchpriority=\"high\" sizes=\"(max-width: 768px) 150px, 768px\" srcset=\"https:\/\/talkpal.ai\/wp-content\/uploads\/2023\/06\/welsh-768x768.png 768w, https:\/\/talkpal.ai\/wp-content\/uploads\/2023\/06\/welsh-300x300.png 300w\" \/>\r\n    \r\n\r\n    <\/figure>\r\n\r\n            <a class=\"getStartedVisible\" href=\"https:\/\/app.talkpal.ai\/hu\/signup?lng=\">Kezdj\u00fck<\/a>\r\n    \r\n<\/section><section class=\"promotionalBanner\">\r\n    <p class=\"promotionalText\">A nyelvtanul\u00e1s leghat\u00e9konyabb m\u00f3dja<\/p>\r\n    <a class=\"promotionalLink\" href=\"https:\/\/app.talkpal.ai\/hu\/signup?lng=\">Pr\u00f3b\u00e1lja ki a Talkpal ingyen<\/a>\r\n<\/section>\n<div class=\"wp-block-group pageContainerStyle\"><div class=\"wp-block-group__inner-container is-layout-constrained wp-block-group-is-layout-constrained\">\n<h2 class=\"wp-block-heading\" id=\"h-odia-grammar-topics\">Odia nyelvtan t\u00e9m\u00e1k<\/h2>\n\n\n\n<p><a href=\"https:\/\/talkpal.ai\/hu\/a-legnagyobb-hibak-amelyeket-el-kell-kerulni-ha-uj-nyelvet-tanulunk\/\">Egy \u00faj nyelv elsaj\u00e1t\u00edt\u00e1sa<\/a> kih\u00edv\u00e1st jelent\u0151, de kifizet\u0151d\u0151 v\u00e1llalkoz\u00e1s lehet. Az Odia, egy indo\u00e1rja nyelv, amelyet f\u0151k\u00e9nt az indiai Odisha \u00e1llamban besz\u00e9lnek, nem kiv\u00e9tel. Saj\u00e1t jellemz\u0151ivel \u00e9s szerkezet\u00e9vel rendelkez\u0151 Odia <a href=\"https:\/\/talkpal.ai\/hu\/talkpal-for-education\/\">tanul\u00e1sa<\/a> rendszerszint\u0171 megk\u00f6zel\u00edt\u00e9st ig\u00e9nyel a <a href=\"https:\/\/talkpal.ai\/grammar\/\">nyelvtan<\/a> meg\u00e9rt\u00e9s\u00e9hez. <a href=\"https:\/\/talkpal.ai\/culture\/how-do-you-use-the-demonstrative-pronouns-ez-and-az\/\">Ez az<\/a> \u00fatmutat\u00f3 logikus sorrendben <a href=\"https:\/\/talkpal.ai\/oriya-grammar\/\">mutatja be az Odia nyelvtan\u00e1nak<\/a> kulcsfontoss\u00e1g\u00fa <a href=\"https:\/\/talkpal.ai\/hu\/talkpal-for-education\/\">ter\u00fcleteit,<\/a> kezdve az alapokt\u00f3l, mint a f\u0151nevek \u00e9s cikkel\u00e9kek, majd tov\u00e1bbhaladva a bonyolultabb ter\u00fcletekig, mint az id\u0151k \u00e9s a mondat\u00e9p\u00edt\u00e9s.<\/p>\n\n\n\n<h3 class=\"wp-block-heading\" id=\"h-1-nouns\">1. F\u0151nevek:<\/h3>\n\n\n\n<p>Kezdd az odia nyelvi utadat a f\u0151nevek megtanul\u00e1s\u00e1val. Ez mag\u00e1ban foglalja a f\u0151nevek k\u00fcl\u00f6nb\u00f6z\u0151 kateg\u00f3ri\u00e1inak, p\u00e9ld\u00e1ul a k\u00f6z- \u00e9s tulajdonneveknek, valamint t\u00f6bbes sz\u00e1m\u00fa alakjaik meg\u00e9rt\u00e9s\u00e9t. Megjegyzend\u0151, hogy Odia \u00e1ltal\u00e1ban nem a nyelvtani nem, \u00e9s t\u00f6bbes sz\u00e1m\u00fa jel\u00f6l\u0151ket haszn\u00e1l, mint p\u00e9ld\u00e1ul -mane az emberekhez \u00e9s -gudika az objektumokhoz.<\/p>\n\n\n\n<h3 class=\"wp-block-heading\" id=\"h-2-articles\">2. Cikkek:<\/h3>\n\n\n\n<p>Az Odia nem haszn\u00e1l hat\u00e1rozott vagy hat\u00e1rozatlan cikkeket \u00fagy, mint <a href=\"https:\/\/talkpal.ai\/ai-english-speaking-practice\/\">az angol<\/a> . A hat\u00e1rozotts\u00e1got \u00e1ltal\u00e1ban kontextuson vagy demonstrat\u00edvumokon kereszt\u00fcl fejezik ki, \u00e9s a hat\u00e1rozatlans\u00e1got sz\u00fcks\u00e9g eset\u00e9n a sz\u00e1mmal is k\u00f6zvet\u00edthetj\u00fck.<\/p>\n\n\n\n<h3 class=\"wp-block-heading\" id=\"h-3-adjectives\">3. Mell\u00e9knevek:<\/h3>\n\n\n\n<p>Az odia mell\u00e9knevek \u00e1ltal\u00e1ban megel\u0151zik azokat a f\u0151neveket, amelyeket m\u00f3dos\u00edtanak. \u00c1ltal\u00e1ban nem v\u00e1ltoztatj\u00e1k meg a sz\u00e1mot vagy a nemet. Tanuld meg, hogyan alak\u00edts ki \u00f6sszehasonl\u00edt\u00f3 \u00e9s szuperlat\u00edvuszokat, gyakran haszn\u00e1lva olyan szavakat, mint az adhika a t\u00f6bbre, a sabuthu a t\u00f6bbre, \u00e9s a marker tharu a mint.<\/p>\n\n\n\n<h3 class=\"wp-block-heading\" id=\"h-4-pronouns-determiners\">4. N\u00e9vm\u00e1sok\/determin\u00e1nsok:<\/h3>\n\n\n\n<p>A n\u00e9vm\u00e1sok \u00e9s meghat\u00e1roz\u00f3k elengedhetetlenek Odi\u00e1ban; \u0150k helyettes\u00edtik a f\u0151neveket, \u00e9s inform\u00e1ci\u00f3kat adnak a mennyis\u00e9gr\u0151l, birtokl\u00e1sr\u00f3l \u00e9s m\u00e9g sok m\u00e1sr\u00f3l. Az Odia udvariass\u00e1gi szintje <a href=\"https:\/\/talkpal.ai\/locations\/language-courses-in-van\/\">van<\/a> a m\u00e1sodik szem\u00e9ly\u0171 n\u00e9vm\u00e1sokban, \u00e9s a birtokl\u00e1st \u00e1ltal\u00e1ban a -ra genit\u00edv r\u00e9szecske jel\u00f6li. A demonstrat\u00edvumokat \u00e9s a kvantorokat sz\u00e9les k\u00f6rben haszn\u00e1lj\u00e1k.<\/p>\n\n\n\n<h3 class=\"wp-block-heading\" id=\"h-5-verbs\">5. Ig\u00e9k:<\/h3>\n\n\n\n<p>Az odia ig\u00e9k k\u00fcl\u00f6nb\u00f6z\u0151 form\u00e1kkal rendelkeznek az id\u0151, aspektus, hangulat \u00e9s n\u00e9ha tiszteletbeli szint f\u00fcggv\u00e9ny\u00e9ben. Kezdje a jelen form\u00e1ival, bele\u00e9rtve a megszokott \u00e9s progressz\u00edv form\u00e1kat, majd fedezze fel a m\u00faltat \u00e9s a j\u00f6v\u0151t. Tanulja meg a f\u0151n\u00e9vi igen\u00e9v vagy igei f\u0151n\u00e9vi alakokat -iba vagy -ba nyelven.<\/p>\n\n\n\n<h3 class=\"wp-block-heading\" id=\"h-6-tenses\">6. Igeid\u0151k:<\/h3>\n\n\n\n<p>Miut\u00e1n elsaj\u00e1t\u00edtottad az igeform\u00e1kat, m\u00e9lyebben mer\u00fclj el az odia id\u0151kben \u00e9s aspektusokban. Ismerje meg a k\u00fcl\u00f6nbs\u00e9geket a jelenlegi szok\u00e1sos, a jelenlegi progressz\u00edv, a m\u00faltbeli t\u00f6k\u00e9letes, a m\u00faltbeli progressz\u00edv \u00e9s a j\u00f6v\u0151 k\u00f6z\u00f6tt, \u00e9s hogyan haszn\u00e1lj\u00e1k ezeket k\u00fcl\u00f6nb\u00f6z\u0151 kontextusokban.<\/p>\n\n\n\n<h3 class=\"wp-block-heading\" id=\"h-7-tense-comparison\">7. Fesz\u00fclt \u00f6sszehasonl\u00edt\u00e1s:<\/h3>\n\n\n\n<p>Az id\u0151k \u00f6sszehasonl\u00edt\u00e1sa Odia nyelven seg\u00edt meg\u00e9rteni az esem\u00e9nyek sorrendj\u00e9t \u00e9s aspektus\u00e1t. Ugyanazon ige \u00f6sszehasonl\u00edt\u00e1sa a szok\u00e1sos, progressz\u00edv, perfekt\u00edv \u00e9s j\u00f6v\u0151beli haszn\u00e1latok k\u00f6z\u00f6tt a nyelv jobb meg\u00e9rt\u00e9s\u00e9t biztos\u00edtja.<\/p>\n\n\n\n<h3 class=\"wp-block-heading\" id=\"h-8-progressive\">8. Progressz\u00edv:<\/h3>\n\n\n\n<p>Az Odia progressz\u00edv aspektus\u00e1t a folyamatos cselekv\u00e9sek kifejez\u00e9s\u00e9re haszn\u00e1lj\u00e1k. \u00c1ltal\u00e1ban az -uchhi ut\u00f3taggal jel\u00f6lik a jelent, az -uthila a m\u00faltat \u00e9s az -uthiba a j\u00f6v\u0151t, amely az iget\u0151re \u00e9s a kapcsol\u00f3d\u00f3 seg\u00e9dalakokra \u00e9p\u00fcl.<\/p>\n\n\n\n<h3 class=\"wp-block-heading\" id=\"h-9-perfect-progressive\">9. T\u00f6k\u00e9letes progressz\u00edv:<\/h3>\n\n\n\n<p>Ez egy adott pontig folyamatban l\u00e9v\u0151 tev\u00e9kenys\u00e9gek kifejez\u00e9s\u00e9re szolg\u00e1l. Odi\u00e1ban \u00e1ltal\u00e1ban progressz\u00edv szerkezettel k\u00f6zvet\u00edtik, id\u0151kifejez\u00e9sekkel, mint dhari vagy tharu az id\u0151tartam jelz\u00e9s\u00e9re, nem pedig egy dedik\u00e1lt t\u00f6k\u00e9letes-progressz\u00edv seg\u00e9dkombin\u00e1ci\u00f3val.<\/p>\n\n\n\n<h3 class=\"wp-block-heading\" id=\"h-10-conditionals\">10. Felt\u00e9telek:<\/h3>\n\n\n\n<p>A felt\u00e9telek hipotetikus helyzeteket \u00e9s azok lehets\u00e9ges kimeneteleit fejezik ki. Odia felt\u00e9teles jel\u00f6l\u0151ket \u00e9s szavakat, mint a <a href=\"https:\/\/talkpal.ai\/will-ai-kill-traditional-language-learning\/\">jadi<\/a> vagy yadi az if, valamint -le verb\u00e1lis felt\u00e9teles form\u00e1kat haszn\u00e1l ezeknek a kapcsolatoknak a kifejez\u00e9s\u00e9re.<\/p>\n\n\n\n<h3 class=\"wp-block-heading\" id=\"h-11-adverbs\">11. Hat\u00e1roz\u00f3sz\u00f3k:<\/h3>\n\n\n\n<p>Az Odia hat\u00e1roz\u00f3sz\u00f3i ig\u00e9ket, mell\u00e9kneveket vagy m\u00e1s hat\u00e1roz\u00f3szavakat m\u00f3dos\u00edtanak. Inform\u00e1ci\u00f3t ny\u00fajtanak a m\u00f3dr\u00f3l, helyr\u0151l, id\u0151r\u0151l, fokozatr\u00f3l \u00e9s egyebekr\u0151l, \u00e9s a hangs\u00faly \u00e9s a mondatfolyam szerint vannak elhelyezve.<\/p>\n\n\n\n<h3 class=\"wp-block-heading\" id=\"h-12-prepositions\">12. El\u00f6lj\u00e1r\u00f3szavak:<\/h3>\n\n\n\n<p>Odia els\u0151sorban posztpoz\u00edci\u00f3kat haszn\u00e1l, amelyek k\u00f6vetik azokat a f\u0151neveket, amelyekhez kapcsol\u00f3dnak. Szavakat \u00e9s kifejez\u00e9seket kapcsolnak \u00f6ssze, \u00e9s kifejezik az id\u0151, a hely, az ir\u00e1ny, a forr\u00e1s \u00e9s a c\u00e9l kapcsolatait, mint p\u00e9ld\u00e1ul -re in vagy at, -ku to, -ru from \u00e9s f\u00e1jdalom.<\/p>\n\n\n\n<h3 class=\"wp-block-heading\" id=\"h-13-sentences\">13. Mondatok:<\/h3>\n\n\n\n<p>V\u00e9g\u00fcl gyakorold a mondatok fel\u00e9p\u00edt\u00e9s\u00e9t. Az Odia \u00e1ltal\u00e1ban egy t\u00e1rgy igesorrendj\u00e9t k\u00f6veti. Ez mag\u00e1ban foglalja az \u00f6sszes kor\u00e1bban elsaj\u00e1t\u00edtott nyelvtani pont kontextusban val\u00f3 felhaszn\u00e1l\u00e1s\u00e1t, bele\u00e9rtve a koncentr\u00e1ci\u00f3s mint\u00e1kat \u00e9s a k\u00f6z\u00f6s tagad\u00e1si form\u00e1kat, \u00edgy biztos\u00edtva az Odia nyelv \u00e1tfog\u00f3 meg\u00e9rt\u00e9s\u00e9t.<\/p>\n<\/div><\/div>\n\r\n<section class=\"learnNavigationSection\">\r\n            \r\n        <a href=\"https:\/\/talkpal.ai\/hu\/tanulj-oriya-t\/\">\r\n            <div class=\"learnNavigationWrapper\">\r\n                <div class=\"learnNavigationContent\">\r\n                    <img decoding=\"async\" src=\"https:\/\/talkpal.ai\/wp-content\/uploads\/2025\/11\/Oriya.png\" alt=\"Indian Simplified Flag\">\r\n                    <div>\r\n                        <h4>Odia Learningr\u0151l<\/h4>\r\n                        <p>Tudjon meg mindent az Odia Grammar t\u00f6rt\u00e9net\u00e9r\u0151l.<\/p>\r\n                    <\/div>\r\n                <\/div>\r\n            <\/div>\r\n        <\/a>\r\n\r\n        \r\n        <a href=\"https:\/\/talkpal.ai\/hu\/oriya-nyelvtan\/\">\r\n            <div class=\"learnNavigationWrapper\">\r\n                <div class=\"learnNavigationContent\">\r\n                    <img decoding=\"async\" src=\"https:\/\/talkpal.ai\/wp-content\/uploads\/2025\/11\/Oriya.png\" alt=\"Indian Simplified Flag\">\r\n                    <div>\r\n                        <h4>Odia nyelvtan\u00f3r\u00e1k<\/h4>\r\n                        <p>Gyakorold az Odia nyelvtant.<\/p>\r\n                    <\/div>\r\n                <\/div>\r\n            <\/div>\r\n        <\/a>\r\n\r\n            <\/section>","protected":false},"excerpt":{"rendered":"<p>Odia nyelvtan t\u00e9m\u00e1k Egy \u00faj nyelv elsaj\u00e1t\u00edt\u00e1sa kih\u00edv\u00e1st jelent\u0151, de kifizet\u0151d\u0151 v\u00e1llalkoz\u00e1s lehet. Az Odia, egy indo\u00e1rja nyelv, amelyet f\u0151k\u00e9nt az indiai Odisha \u00e1llamban besz\u00e9lnek, nem kiv\u00e9tel. Saj\u00e1t jellemz\u0151ivel \u00e9s szerkezet\u00e9vel rendelkez\u0151 Odia tanul\u00e1sa rendszerszint\u0171 megk\u00f6zel\u00edt\u00e9st ig\u00e9nyel a nyelvtan meg\u00e9rt\u00e9s\u00e9hez. Ez az \u00fatmutat\u00f3 logikus sorrendben mutatja be az Odia nyelvtan\u00e1nak kulcsfontoss\u00e1g\u00fa ter\u00fcleteit, kezdve az alapokt\u00f3l, [&hellip;]<\/p>\n","protected":false},"author":20,"featured_media":0,"parent":0,"menu_order":0,"comment_status":"closed","ping_status":"closed","template":"LearningContentPage.php","meta":{"_acf_changed":false,"footnotes":""},"class_list":["post-1475710","page","type-page","status-publish","hentry"],"acf":[],"yoast_head":"<!-- This site is optimized with the Yoast SEO Premium plugin v27.2 (Yoast SEO v27.2) - https:\/\/yoast.com\/product\/yoast-seo-premium-wordpress\/ -->\n<title>Odia nyelvtani gyakorlatok - Talkpal<\/title>\n<meta name=\"description\" content=\"Saj\u00e1t\u00edtsa el az odia nyelvtant interakt\u00edv gyakorlatokkal, amelyek seg\u00edts\u00e9g\u00e9vel hat\u00e9konyan fejlesztheti nyelvtud\u00e1s\u00e1t \u00e9s foly\u00e9kony besz\u00e9dk\u00e9szs\u00e9g\u00e9t.\" \/>\n<meta name=\"robots\" content=\"index, follow, max-snippet:-1, max-image-preview:large, max-video-preview:-1\" \/>\n<link rel=\"canonical\" href=\"https:\/\/talkpal.ai\/hu\/oriya-nyelvtani-gyakorlatok\/\" \/>\n<meta property=\"og:locale\" content=\"hu_HU\" \/>\n<meta property=\"og:type\" content=\"article\" \/>\n<meta property=\"og:title\" content=\"Odia nyelvtani gyakorlatok\" \/>\n<meta property=\"og:description\" content=\"Odia nyelvtan t\u00e9m\u00e1k Egy \u00faj nyelv elsaj\u00e1t\u00edt\u00e1sa kih\u00edv\u00e1st jelent\u0151, de kifizet\u0151d\u0151 v\u00e1llalkoz\u00e1s lehet. Az Odia, egy indo\u00e1rja nyelv, amelyet f\u0151k\u00e9nt az indiai\" \/>\n<meta property=\"og:url\" content=\"https:\/\/talkpal.ai\/hu\/oriya-nyelvtani-gyakorlatok\/\" \/>\n<meta property=\"og:site_name\" content=\"Talkpal\" \/>\n<meta property=\"article:publisher\" content=\"https:\/\/www.facebook.com\/profile.php?id=100090733639311\" \/>\n<meta property=\"article:modified_time\" content=\"2025-12-30T11:52:37+00:00\" \/>\n<meta property=\"og:image\" content=\"https:\/\/talkpal.ai\/wp-content\/uploads\/2025\/02\/Progress-tab-16_9.png\" \/>\n\t<meta property=\"og:image:width\" content=\"2880\" \/>\n\t<meta property=\"og:image:height\" content=\"1620\" \/>\n\t<meta property=\"og:image:type\" content=\"image\/png\" \/>\n<meta name=\"twitter:card\" content=\"summary_large_image\" \/>\n<meta name=\"twitter:site\" content=\"@talkpalai\" \/>\n<meta name=\"twitter:label1\" content=\"Becs\u00fclt olvas\u00e1si id\u0151\" \/>\n\t<meta name=\"twitter:data1\" content=\"5 perc\" \/>\n<script type=\"application\/ld+json\" class=\"yoast-schema-graph\">{\"@context\":\"https:\/\/schema.org\",\"@graph\":[{\"@type\":\"WebPage\",\"@id\":\"https:\/\/talkpal.ai\/hu\/oriya-nyelvtani-gyakorlatok\/\",\"url\":\"https:\/\/talkpal.ai\/hu\/oriya-nyelvtani-gyakorlatok\/\",\"name\":\"Odia nyelvtani gyakorlatok - Talkpal\",\"isPartOf\":{\"@id\":\"https:\/\/talkpal.ai\/hu\/#website\"},\"datePublished\":\"2025-11-12T16:09:11+00:00\",\"dateModified\":\"2025-12-30T11:52:37+00:00\",\"description\":\"Saj\u00e1t\u00edtsa el az odia nyelvtant interakt\u00edv gyakorlatokkal, amelyek seg\u00edts\u00e9g\u00e9vel hat\u00e9konyan fejlesztheti nyelvtud\u00e1s\u00e1t \u00e9s foly\u00e9kony besz\u00e9dk\u00e9szs\u00e9g\u00e9t.\",\"breadcrumb\":{\"@id\":\"https:\/\/talkpal.ai\/hu\/oriya-nyelvtani-gyakorlatok\/#breadcrumb\"},\"inLanguage\":\"hu\",\"potentialAction\":[{\"@type\":\"ReadAction\",\"target\":[\"https:\/\/talkpal.ai\/hu\/oriya-nyelvtani-gyakorlatok\/\"]}]},{\"@type\":\"BreadcrumbList\",\"@id\":\"https:\/\/talkpal.ai\/hu\/oriya-nyelvtani-gyakorlatok\/#breadcrumb\",\"itemListElement\":[{\"@type\":\"ListItem\",\"position\":1,\"name\":\"Homepage\",\"item\":\"https:\/\/talkpal.ai\/hu\/\"},{\"@type\":\"ListItem\",\"position\":2,\"name\":\"Odia nyelvtani gyakorlatok\"}]},{\"@type\":\"WebSite\",\"@id\":\"https:\/\/talkpal.ai\/hu\/#website\",\"url\":\"https:\/\/talkpal.ai\/hu\/\",\"name\":\"Talkpal\",\"description\":\"AI Language Learning\",\"publisher\":{\"@id\":\"https:\/\/talkpal.ai\/hu\/#organization\"},\"alternateName\":\"Talkpal AI\",\"potentialAction\":[{\"@type\":\"SearchAction\",\"target\":{\"@type\":\"EntryPoint\",\"urlTemplate\":\"https:\/\/talkpal.ai\/hu\/?s={search_term_string}\"},\"query-input\":{\"@type\":\"PropertyValueSpecification\",\"valueRequired\":true,\"valueName\":\"search_term_string\"}}],\"inLanguage\":\"hu\"},{\"@type\":\"Organization\",\"@id\":\"https:\/\/talkpal.ai\/hu\/#organization\",\"name\":\"Talkpal, Inc.\",\"alternateName\":\"Talkpal AI\",\"url\":\"https:\/\/talkpal.ai\/hu\/\",\"logo\":{\"@type\":\"ImageObject\",\"inLanguage\":\"hu\",\"@id\":\"https:\/\/talkpal.ai\/hu\/#\/schema\/logo\/image\/\",\"url\":\"https:\/\/talkpal.ai\/wp-content\/uploads\/2024\/03\/Talkpal-Logo-Icon.png\",\"contentUrl\":\"https:\/\/talkpal.ai\/wp-content\/uploads\/2024\/03\/Talkpal-Logo-Icon.png\",\"width\":2880,\"height\":2880,\"caption\":\"Talkpal, Inc.\"},\"image\":{\"@id\":\"https:\/\/talkpal.ai\/hu\/#\/schema\/logo\/image\/\"},\"sameAs\":[\"https:\/\/www.facebook.com\/profile.php?id=100090733639311\",\"https:\/\/x.com\/talkpalai\",\"https:\/\/www.linkedin.com\/company\/talkpal\/\",\"https:\/\/www.youtube.com\/@TalkPal\/\",\"https:\/\/www.tiktok.com\/@talkpal\",\"https:\/\/www.instagram.com\/talkpal_ai\/\",\"https:\/\/www.crunchbase.com\/organization\/talkpal-9cde\",\"https:\/\/www.g2.com\/products\/talkpal-for-business\/\",\"https:\/\/www.trustpilot.com\/review\/talkpal.ai\",\"https:\/\/www.capterra.com\/p\/10006800\/TalkPal\/\"],\"description\":\"Talkpal is a language learning web and mobile education app, powered by the latest AI technologies, that provides engaging experiences to its customers in many different languages to help them improve their language skills. Users can chat about unlimited amount of topics with the app and use other modes to practice their language learning.\",\"email\":\"support@talkpal.ai\",\"legalName\":\"Talkpal, Inc.\",\"foundingDate\":\"2023-04-03\",\"duns\":\"118989042\",\"numberOfEmployees\":{\"@type\":\"QuantitativeValue\",\"minValue\":\"11\",\"maxValue\":\"50\"},\"publishingPrinciples\":\"https:\/\/talkpal.ai\/publishing-principles\/\",\"actionableFeedbackPolicy\":\"https:\/\/talkpal.ai\/actionable-feedback-policy\/\",\"correctionsPolicy\":\"https:\/\/talkpal.ai\/corrections-policy\/\",\"ethicsPolicy\":\"https:\/\/talkpal.ai\/ethics-policy\/\",\"diversityPolicy\":\"https:\/\/talkpal.ai\/diversity-policy\/\",\"diversityStaffingReport\":\"https:\/\/talkpal.ai\/diversity-policy\/\"}]}<\/script>\n<!-- \/ Yoast SEO Premium plugin. -->","yoast_head_json":{"title":"Odia nyelvtani gyakorlatok - Talkpal","description":"Saj\u00e1t\u00edtsa el az odia nyelvtant interakt\u00edv gyakorlatokkal, amelyek seg\u00edts\u00e9g\u00e9vel hat\u00e9konyan fejlesztheti nyelvtud\u00e1s\u00e1t \u00e9s foly\u00e9kony besz\u00e9dk\u00e9szs\u00e9g\u00e9t.","robots":{"index":"index","follow":"follow","max-snippet":"max-snippet:-1","max-image-preview":"max-image-preview:large","max-video-preview":"max-video-preview:-1"},"canonical":"https:\/\/talkpal.ai\/hu\/oriya-nyelvtani-gyakorlatok\/","og_locale":"hu_HU","og_type":"article","og_title":"Odia nyelvtani gyakorlatok","og_description":"Odia nyelvtan t\u00e9m\u00e1k Egy \u00faj nyelv elsaj\u00e1t\u00edt\u00e1sa kih\u00edv\u00e1st jelent\u0151, de kifizet\u0151d\u0151 v\u00e1llalkoz\u00e1s lehet. Az Odia, egy indo\u00e1rja nyelv, amelyet f\u0151k\u00e9nt az indiai","og_url":"https:\/\/talkpal.ai\/hu\/oriya-nyelvtani-gyakorlatok\/","og_site_name":"Talkpal","article_publisher":"https:\/\/www.facebook.com\/profile.php?id=100090733639311","article_modified_time":"2025-12-30T11:52:37+00:00","og_image":[{"width":2880,"height":1620,"url":"https:\/\/talkpal.ai\/wp-content\/uploads\/2025\/02\/Progress-tab-16_9.png","type":"image\/png"}],"twitter_card":"summary_large_image","twitter_site":"@talkpalai","twitter_misc":{"Becs\u00fclt olvas\u00e1si id\u0151":"5 perc"},"schema":{"@context":"https:\/\/schema.org","@graph":[{"@type":"WebPage","@id":"https:\/\/talkpal.ai\/hu\/oriya-nyelvtani-gyakorlatok\/","url":"https:\/\/talkpal.ai\/hu\/oriya-nyelvtani-gyakorlatok\/","name":"Odia nyelvtani gyakorlatok - Talkpal","isPartOf":{"@id":"https:\/\/talkpal.ai\/hu\/#website"},"datePublished":"2025-11-12T16:09:11+00:00","dateModified":"2025-12-30T11:52:37+00:00","description":"Saj\u00e1t\u00edtsa el az odia nyelvtant interakt\u00edv gyakorlatokkal, amelyek seg\u00edts\u00e9g\u00e9vel hat\u00e9konyan fejlesztheti nyelvtud\u00e1s\u00e1t \u00e9s foly\u00e9kony besz\u00e9dk\u00e9szs\u00e9g\u00e9t.","breadcrumb":{"@id":"https:\/\/talkpal.ai\/hu\/oriya-nyelvtani-gyakorlatok\/#breadcrumb"},"inLanguage":"hu","potentialAction":[{"@type":"ReadAction","target":["https:\/\/talkpal.ai\/hu\/oriya-nyelvtani-gyakorlatok\/"]}]},{"@type":"BreadcrumbList","@id":"https:\/\/talkpal.ai\/hu\/oriya-nyelvtani-gyakorlatok\/#breadcrumb","itemListElement":[{"@type":"ListItem","position":1,"name":"Homepage","item":"https:\/\/talkpal.ai\/hu\/"},{"@type":"ListItem","position":2,"name":"Odia nyelvtani gyakorlatok"}]},{"@type":"WebSite","@id":"https:\/\/talkpal.ai\/hu\/#website","url":"https:\/\/talkpal.ai\/hu\/","name":"Talkpal","description":"AI Language Learning","publisher":{"@id":"https:\/\/talkpal.ai\/hu\/#organization"},"alternateName":"Talkpal AI","potentialAction":[{"@type":"SearchAction","target":{"@type":"EntryPoint","urlTemplate":"https:\/\/talkpal.ai\/hu\/?s={search_term_string}"},"query-input":{"@type":"PropertyValueSpecification","valueRequired":true,"valueName":"search_term_string"}}],"inLanguage":"hu"},{"@type":"Organization","@id":"https:\/\/talkpal.ai\/hu\/#organization","name":"Talkpal, Inc.","alternateName":"Talkpal AI","url":"https:\/\/talkpal.ai\/hu\/","logo":{"@type":"ImageObject","inLanguage":"hu","@id":"https:\/\/talkpal.ai\/hu\/#\/schema\/logo\/image\/","url":"https:\/\/talkpal.ai\/wp-content\/uploads\/2024\/03\/Talkpal-Logo-Icon.png","contentUrl":"https:\/\/talkpal.ai\/wp-content\/uploads\/2024\/03\/Talkpal-Logo-Icon.png","width":2880,"height":2880,"caption":"Talkpal, Inc."},"image":{"@id":"https:\/\/talkpal.ai\/hu\/#\/schema\/logo\/image\/"},"sameAs":["https:\/\/www.facebook.com\/profile.php?id=100090733639311","https:\/\/x.com\/talkpalai","https:\/\/www.linkedin.com\/company\/talkpal\/","https:\/\/www.youtube.com\/@TalkPal\/","https:\/\/www.tiktok.com\/@talkpal","https:\/\/www.instagram.com\/talkpal_ai\/","https:\/\/www.crunchbase.com\/organization\/talkpal-9cde","https:\/\/www.g2.com\/products\/talkpal-for-business\/","https:\/\/www.trustpilot.com\/review\/talkpal.ai","https:\/\/www.capterra.com\/p\/10006800\/TalkPal\/"],"description":"Talkpal is a language learning web and mobile education app, powered by the latest AI technologies, that provides engaging experiences to its customers in many different languages to help them improve their language skills. Users can chat about unlimited amount of topics with the app and use other modes to practice their language learning.","email":"support@talkpal.ai","legalName":"Talkpal, Inc.","foundingDate":"2023-04-03","duns":"118989042","numberOfEmployees":{"@type":"QuantitativeValue","minValue":"11","maxValue":"50"},"publishingPrinciples":"https:\/\/talkpal.ai\/publishing-principles\/","actionableFeedbackPolicy":"https:\/\/talkpal.ai\/actionable-feedback-policy\/","correctionsPolicy":"https:\/\/talkpal.ai\/corrections-policy\/","ethicsPolicy":"https:\/\/talkpal.ai\/ethics-policy\/","diversityPolicy":"https:\/\/talkpal.ai\/diversity-policy\/","diversityStaffingReport":"https:\/\/talkpal.ai\/diversity-policy\/"}]}},"_links":{"self":[{"href":"https:\/\/talkpal.ai\/hu\/wp-json\/wp\/v2\/pages\/1475710","targetHints":{"allow":["GET"]}}],"collection":[{"href":"https:\/\/talkpal.ai\/hu\/wp-json\/wp\/v2\/pages"}],"about":[{"href":"https:\/\/talkpal.ai\/hu\/wp-json\/wp\/v2\/types\/page"}],"author":[{"embeddable":true,"href":"https:\/\/talkpal.ai\/hu\/wp-json\/wp\/v2\/users\/20"}],"replies":[{"embeddable":true,"href":"https:\/\/talkpal.ai\/hu\/wp-json\/wp\/v2\/comments?post=1475710"}],"version-history":[{"count":0,"href":"https:\/\/talkpal.ai\/hu\/wp-json\/wp\/v2\/pages\/1475710\/revisions"}],"wp:attachment":[{"href":"https:\/\/talkpal.ai\/hu\/wp-json\/wp\/v2\/media?parent=1475710"}],"curies":[{"name":"wp","href":"https:\/\/api.w.org\/{rel}","templated":true}]}}