{"id":1475691,"date":"2025-11-12T15:57:33","date_gmt":"2025-11-12T15:57:33","guid":{"rendered":"https:\/\/talkpal.ai\/mongol-nyelvtani-gyakorlatok\/"},"modified":"2025-12-30T12:40:58","modified_gmt":"2025-12-30T12:40:58","slug":"mongol-nyelvtani-gyakorlatok","status":"publish","type":"page","link":"https:\/\/talkpal.ai\/hu\/mongol-nyelvtani-gyakorlatok\/","title":{"rendered":"Mongol nyelvtani gyakorlatok"},"content":{"rendered":"\r\n\r\n\r\n<section class=\"languageChallengeSection\">\r\n    <div class=\"languageInfoWrapper\">\r\n        \r\n        <h1>Mongol nyelvtani gyakorlatok<\/h1>\r\n        <p>K\u00e9szen \u00e1llsz arra, hogy belemer\u00fclj a <a href=\"https:\/\/talkpal.ai\/learn-mongolian\/\">mongol<\/a> nyelvtanba? N\u00e9h\u00e1ny alapismeret begyakorl\u00e1sa seg\u00edt abban, hogy elsaj\u00e1t\u00edtsd ezt az egyed\u00fcl\u00e1ll\u00f3 \u00e9s gy\u00f6ny\u00f6r\u0171 nyelvet. Pr\u00f3b\u00e1ld ki ezeket a gyakorlatokat, hogy n\u00f6veld az \u00f6nbizalmadat, \u00e9s k\u00f6zben j\u00f3l \u00e9rezd magad!<\/p>\r\n\r\n                            <a class=\"getStartedHidden\" href=\"https:\/\/app.talkpal.ai\/hu\/signup?lng=\">Kezdj\u00fck<\/a>\r\n        \r\n    <\/div>\r\n\r\n    <figure>\r\n    <img decoding=\"async\" width=\"768\" height=\"768\" src=\"https:\/\/talkpal.ai\/wp-content\/uploads\/2023\/06\/welsh-768x768.png\" class=\"languageImage no-lazy\" alt=\"Language learning for better cognitive abilities\" fetchpriority=\"high\" sizes=\"(max-width: 768px) 150px, 768px\" srcset=\"https:\/\/talkpal.ai\/wp-content\/uploads\/2023\/06\/welsh-768x768.png 768w, https:\/\/talkpal.ai\/wp-content\/uploads\/2023\/06\/welsh-300x300.png 300w\" \/>\r\n    \r\n\r\n    <\/figure>\r\n\r\n            <a class=\"getStartedVisible\" href=\"https:\/\/app.talkpal.ai\/hu\/signup?lng=\">Kezdj\u00fck<\/a>\r\n    \r\n<\/section><section class=\"promotionalBanner\">\r\n    <p class=\"promotionalText\">A nyelvtanul\u00e1s leghat\u00e9konyabb m\u00f3dja<\/p>\r\n    <a class=\"promotionalLink\" href=\"https:\/\/app.talkpal.ai\/hu\/signup?lng=\">Pr\u00f3b\u00e1lja ki a Talkpal ingyen<\/a>\r\n<\/section>\n<div class=\"wp-block-group pageContainerStyle\"><div class=\"wp-block-group__inner-container is-layout-constrained wp-block-group-is-layout-constrained\">\n<h2 class=\"wp-block-heading\" id=\"h-mongolian-grammar-topics\">Mongol nyelvtani t\u00e9m\u00e1k<\/h2>\n\n\n\n<p><a href=\"https:\/\/talkpal.ai\/hu\/a-legnagyobb-hibak-amelyeket-el-kell-kerulni-ha-uj-nyelvet-tanulunk\/\">Egy \u00faj nyelv elsaj\u00e1t\u00edt\u00e1sa<\/a> kih\u00edv\u00e1st jelent\u0151, de kifizet\u0151d\u0151 v\u00e1llalkoz\u00e1s lehet. Ez al\u00f3l a <a href=\"https:\/\/talkpal.ai\/learn-mongolian\/\">mongol<\/a> nyelv, egy mongol nyelv, amelyet f\u0151leg Mong\u00f3li\u00e1ban \u00e9s \u00c9szak-K\u00edna egyes r\u00e9szein besz\u00e9lnek. Egyedi jellemz\u0151ivel \u00e9s szerkezeteivel, mint p\u00e9ld\u00e1ul a mag\u00e1nhangz\u00f3k harm\u00f3ni\u00e1ja, az agglutin\u00e1l\u00f3 morfol\u00f3gia, a gazdag kis- \u00e9s nagybet\u0171k megjel\u00f6l\u00e9se \u00e9s a posztpoz\u00edci\u00f3k, a mongol <a href=\"https:\/\/talkpal.ai\/hu\/talkpal-for-education\/\">nyelv tanul\u00e1sa<\/a> szisztematikus megk\u00f6zel\u00edt\u00e9st ig\u00e9nyel a <a href=\"https:\/\/talkpal.ai\/grammar\/\">nyelvtan<\/a> meg\u00e9rt\u00e9s\u00e9hez. <a href=\"https:\/\/talkpal.ai\/culture\/how-do-you-use-the-demonstrative-pronouns-ez-and-az\/\">Ez az<\/a> \u00fatmutat\u00f3 a <a href=\"https:\/\/talkpal.ai\/hu\/mongol-nyelvtan\/\">mongol nyelvtan<\/a> kulcsfontoss\u00e1g\u00fa ter\u00fcleteit v\u00e1zolja fel logikai sorrendben a <a href=\"https:\/\/talkpal.ai\/hu\/talkpal-for-education\/\">nyelvtanul\u00e1shoz<\/a>, kezdve az alapokt\u00f3l, p\u00e9ld\u00e1ul a f\u0151nevekt\u0151l \u00e9s a cikkekt\u0151l, \u00e9s tov\u00e1bbhaladva az \u00f6sszetettebb ter\u00fcletekig, mint p\u00e9ld\u00e1ul az igeid\u0151 \u00e9s a mondat\u00e9p\u00edt\u00e9s.<\/p>\n\n\n\n<h3 class=\"wp-block-heading\" id=\"h-1-nouns\">1. F\u0151nevek:<\/h3>\n\n\n\n<p>Kezdje mongol nyelvi \u00fatj\u00e1t a f\u0151nevek elsaj\u00e1t\u00edt\u00e1s\u00e1val. Ez mag\u00e1ban foglalja a f\u0151nevek k\u00fcl\u00f6nb\u00f6z\u0151 kateg\u00f3ri\u00e1inak meg\u00e9rt\u00e9s\u00e9t, p\u00e9ld\u00e1ul a k\u00f6z\u00f6ns\u00e9ges \u00e9s tulajdonneveket, valamint t\u00f6bbes sz\u00e1m\u00fa alakjukat. Tal\u00e1lkozni fog olyan kis- \u00e9s nagybet\u0171kkel is, amelyek olyan nyelvtani szerepeket jel\u00f6lnek, mint a t\u00e1rgy, az objektum, a hely \u00e9s az ir\u00e1ny.<\/p>\n\n\n\n<h3 class=\"wp-block-heading\" id=\"h-2-articles\">2. Cikkek:<\/h3>\n\n\n\n<p>A mongol nyelv\u0171 cikkeket nem \u00fagy haszn\u00e1lj\u00e1k, mint <a href=\"https:\/\/talkpal.ai\/ai-english-speaking-practice\/\">az angolt<\/a>. A mongol nyelvnek nincsenek hat\u00e1rozott vagy hat\u00e1rozatlan n\u00e9vel\u0151i. Ehelyett a hat\u00e1rozotts\u00e1got a kontextus, a sz\u00f3rend, az ilyen \u00e9s az demonstrat\u00edvumok fejezik ki, \u00e9s n\u00e9ha esetjel\u00f6l\u00e9ssel, mint p\u00e9ld\u00e1ul a hat\u00e1rozott k\u00f6zvetlen t\u00e1rgyak t\u00e1rgyt\u00e1rgya.<\/p>\n\n\n\n<h3 class=\"wp-block-heading\" id=\"h-3-adjectives\">3. Mell\u00e9knevek:<\/h3>\n\n\n\n<p>A mongol mell\u00e9knevek \u00e1ltal\u00e1ban megel\u0151zik a f\u0151nev\u00fcket, <a href=\"https:\/\/talkpal.ai\/locations\/language-courses-in-ami\/\">ami<\/a> egyes tanul\u00f3k eset\u00e9ben elt\u00e9r az angolt\u00f3l. Nem \u00e9rtenek egyet nem\u00fckben vagy sz\u00e1mukban. Azt is meg kell tanulnia, hogyan kell \u00f6sszehasonl\u00edt\u00f3 \u00e9s szuperlat\u00edvuszokat alkotni, gyakran olyan szavakkal, mint a t\u00f6bb \u00e9s a legt\u00f6bb, vagy \u00f6sszehasonl\u00edt\u00f3 szerkezetekkel, mint mint.<\/p>\n\n\n\n<h3 class=\"wp-block-heading\" id=\"h-4-pronouns-determiners\">4. N\u00e9vm\u00e1sok\/determin\u00e1nsok:<\/h3>\n\n\n\n<p>A n\u00e9vm\u00e1sok \u00e9s a determin\u00e1nsok elengedhetetlenek a mongol nyelvben; Helyettes\u00edtik a f\u0151neveket, \u00e9s inform\u00e1ci\u00f3t ny\u00fajtanak a mennyis\u00e9gr\u0151l, a birtokl\u00e1sr\u00f3l \u00e9s egyebekr\u0151l. A birtokl\u00e1st \u00e1ltal\u00e1ban birtokos alakokkal \u00e9s birtokos n\u00e9vm\u00e1sokkal mutatj\u00e1k be, \u00e9s az alany n\u00e9vm\u00e1sokat el lehet hagyni, ha kontextusb\u00f3l \u00e9rtj\u00fck. Az ilyen \u00e9s olyan demonstrat\u00edvumok, a sz\u00e1mok \u00e9s a kvantorok kulcsfontoss\u00e1g\u00fa meghat\u00e1roz\u00f3k, amelyeket el kell saj\u00e1t\u00edtani.<\/p>\n\n\n\n<h3 class=\"wp-block-heading\" id=\"h-5-verbs\">5. Ig\u00e9k:<\/h3>\n\n\n\n<p>A mongol ig\u00e9knek k\u00fcl\u00f6nb\u00f6z\u0151 alakjaik vannak az igeid\u0151t\u0151l, az aspektust\u00f3l \u00e9s a hangulatt\u00f3l f\u00fcgg\u0151en, gyakran ut\u00f3tagokkal \u00e9s seg\u00e9dk\u00e9pekkel \u00e9p\u00fclnek fel. A szem\u00e9lyi egyet\u00e9rt\u00e9s korl\u00e1tozott, \u00e9s a t\u00e9m\u00e1kat gyakran kihagyj\u00e1k, ha egy\u00e9rtelm\u0171ek. Kezdje az alapvet\u0151 nem-m\u00falt \u00e9s m\u00faltbeli form\u00e1kkal, majd fedezze fel a szok\u00e1sos, j\u00f6v\u0151-sz\u00e1nd\u00e9kos \u00e9s mod\u00e1lis felhaszn\u00e1l\u00e1sokat.<\/p>\n\n\n\n<h3 class=\"wp-block-heading\" id=\"h-6-tenses\">6. Igeid\u0151k:<\/h3>\n\n\n\n<p>Az iget\u00f6vek \u00e9s az alapform\u00e1k elsaj\u00e1t\u00edt\u00e1sa ut\u00e1n m\u00e9lyedjen el m\u00e9lyebben a mongol igeid\u0151ben \u00e9s aspektusban. Ez mag\u00e1ban foglalja a szok\u00e1sos jelen, a progressz\u00edv jelen, az <a href=\"https:\/\/talkpal.ai\/hu\/grammar\/egyszeru-mult-az-angol-nyelvtanban\/\">egyszer\u0171 m\u00falt<\/a>, a m\u00falt t\u00f6k\u00e9letes\u00edt\u0151 \u00e9s a nem m\u00faltbeli vagy j\u00f6v\u0151beli olvasm\u00e1nyok k\u00f6z\u00f6tti k\u00fcl\u00f6nbs\u00e9gek meg\u00e9rt\u00e9s\u00e9t, valamint azt, hogy hogyan haszn\u00e1lj\u00e1k ezeket k\u00fcl\u00f6nb\u00f6z\u0151 kontextusokban.<\/p>\n\n\n\n<h3 class=\"wp-block-heading\" id=\"h-7-tense-comparison\">7. Fesz\u00fclt \u00f6sszehasonl\u00edt\u00e1s:<\/h3>\n\n\n\n<p>A mongol igeid\u0151 \u00f6sszehasonl\u00edt\u00e1sa seg\u00edt meg\u00e9rteni a cselekv\u00e9sek sorrendj\u00e9t \u00e9s \u00e1rnyalatait. Ugyanazon ige szok\u00e1sos, progressz\u00edv, m\u00faltbeli \u00e9s nem m\u00faltbeli alakokban val\u00f3 \u00f6sszehasonl\u00edt\u00e1sa jobban meg\u00e9rti a jelent\u00e9sk\u00fcl\u00f6nbs\u00e9geket \u00e9s a haszn\u00e1latot.<\/p>\n\n\n\n<h3 class=\"wp-block-heading\" id=\"h-8-progressive\">8. Progressz\u00edv:<\/h3>\n\n\n\n<p>A mongol progressz\u00edv kifejez\u00e9st a folyamatban l\u00e9v\u0151 cselekv\u00e9sek kifejez\u00e9s\u00e9re haszn\u00e1lj\u00e1k. \u00dagy alakul ki, hogy az iget\u0151t a igetaggal \u00e9s a seg\u00e9dt\u0151vel egy\u00fctt haszn\u00e1ljuk, \u00e1ltal\u00e1ban a tennival\u00f3val egyen\u00e9rt\u00e9k\u0171 alakban fejezik ki.<\/p>\n\n\n\n<h3 class=\"wp-block-heading\" id=\"h-9-perfect-progressive\">9. T\u00f6k\u00e9letes progressz\u00edv:<\/h3>\n\n\n\n<p>Ez a jelent\u00e9s olyan cselekedetek kifejez\u00e9s\u00e9re szolg\u00e1l, amelyek egy adott pontig folyamatban voltak. A mongol nyelvben egy ig\u00e9vel \u00e9s seg\u00e9dszavakkal fejezik ki, mint p\u00e9ld\u00e1ul j\u00f6tt vagy volt, amelyek a mostan\u00e1ig vagy egy m\u00faltbeli viszony\u00edt\u00e1si pontig t\u00f6rt\u00e9n\u0151 folytat\u00e1st k\u00f6zvet\u00edtik.<\/p>\n\n\n\n<h3 class=\"wp-block-heading\" id=\"h-10-conditionals\">10. Felt\u00e9telek:<\/h3>\n\n\n\n<p>A felt\u00e9telek hipotetikus helyzeteket \u00e9s azok lehets\u00e9ges kimeneteleit fejezik ki. A <a href=\"https:\/\/talkpal.ai\/hu\/mongol-nyelvtan\/\">mongol nyelvtan<\/a> fontos r\u00e9sz\u00e9t k\u00e9pezik, \u00e9s jellemz\u0151en felt\u00e9teles ut\u00f3tagokkal alkotj\u00e1k \u0151ket, amelyek egyen\u00e9rt\u00e9k\u0171ek az if-vel, valamint olyan konstrukci\u00f3kkal, amelyek val\u00f3s, potenci\u00e1lis vagy kontrafaktu\u00e1lis helyzeteket fejeznek ki.<\/p>\n\n\n\n<h3 class=\"wp-block-heading\" id=\"h-11-adverbs\">11. Hat\u00e1roz\u00f3sz\u00f3k:<\/h3>\n\n\n\n<p>A mongol hat\u00e1roz\u00f3szavak m\u00f3dos\u00edtj\u00e1k az ig\u00e9ket, mell\u00e9kneveket vagy m\u00e1s hat\u00e1roz\u00f3szavakat. Inform\u00e1ci\u00f3t ny\u00fajtanak a m\u00f3dr\u00f3l, helyr\u0151l, id\u0151r\u0151l, fokozatr\u00f3l \u00e9s egyebekr\u0151l. Sok m\u00f3dhat\u00e1roz\u00f3sz\u00f3 hat\u00e1roz\u00f3i ut\u00f3taggal rendelkez\u0151 mell\u00e9knevekb\u0151l sz\u00e1rmazik, \u00e9s sok gyakori hat\u00e1roz\u00f3sz\u00f3 l\u00e9tezik az id\u0151re \u00e9s a gyakoris\u00e1gra.<\/p>\n\n\n\n<h3 class=\"wp-block-heading\" id=\"h-12-prepositions\">12. El\u00f6lj\u00e1r\u00f3szavak:<\/h3>\n\n\n\n<p>A mongol el\u00f6lj\u00e1r\u00f3szavak els\u0151sorban posztpoz\u00edci\u00f3kk\u00e9nt \u00e9s esetv\u00e9gz\u0151d\u00e9sekk\u00e9nt val\u00f3sulnak meg. Szavakat \u00e9s kifejez\u00e9seket kapcsolnak \u00f6ssze, \u00e9s id\u0151, hely, ir\u00e1ny, c\u00e9l, ok stb. kapcsolat\u00e1t fejezik ki. A k\u00f6z\u00f6s \u00e1ll\u00e1spontok \u00e9s az esetrendszer funkci\u00f3inak elsaj\u00e1t\u00edt\u00e1sa elengedhetetlen.<\/p>\n\n\n\n<h3 class=\"wp-block-heading\" id=\"h-13-sentences\">13. Mondatok:<\/h3>\n\n\n\n<p>V\u00e9g\u00fcl gyakorold a mondatok fel\u00e9p\u00edt\u00e9s\u00e9t. A mongol nyelv jellemz\u0151en egy alany t\u00e1rgy ige sz\u00f3rendet k\u00f6vet, a t\u00e9ma kiemel\u00e9s\u00e9t r\u00e9szecsk\u00e9kkel haszn\u00e1lja, \u00e9s k\u00e9rd\u0151 r\u00e9szecsk\u00e9kkel \u00e9s inton\u00e1ci\u00f3val fogalmaz meg k\u00e9rd\u00e9seket. Ez mag\u00e1ban foglalja az \u00f6sszes kor\u00e1bban megtanult nyelvtani pont kontextusban val\u00f3 felhaszn\u00e1l\u00e1s\u00e1t, \u00edgy biztos\u00edtva a mongol nyelv \u00e1tfog\u00f3 meg\u00e9rt\u00e9s\u00e9t.<\/p>\n<\/div><\/div>\n\r\n<section class=\"learnNavigationSection\">\r\n            \r\n        <a href=\"https:\/\/talkpal.ai\/hu\/tanulj-mongol-nyelven\/\">\r\n            <div class=\"learnNavigationWrapper\">\r\n                <div class=\"learnNavigationContent\">\r\n                    <img decoding=\"async\" src=\"https:\/\/talkpal.ai\/wp-content\/uploads\/2025\/11\/Mongolian.png\" alt=\"Mongolian Flag\">\r\n                    <div>\r\n                        <h4>A mongol tanul\u00e1sr\u00f3l<\/h4>\r\n                        <p>Tudjon meg mindent a mongol nyelvtanr\u00f3l.<\/p>\r\n                    <\/div>\r\n                <\/div>\r\n            <\/div>\r\n        <\/a>\r\n\r\n        \r\n        <a href=\"https:\/\/talkpal.ai\/hu\/mongol-nyelvtan\/\">\r\n            <div class=\"learnNavigationWrapper\">\r\n                <div class=\"learnNavigationContent\">\r\n                    <img decoding=\"async\" src=\"https:\/\/talkpal.ai\/wp-content\/uploads\/2025\/11\/Mongolian.png\" alt=\"Mongolian Flag\">\r\n                    <div>\r\n                        <h4>Mongol nyelvtani leck\u00e9k<\/h4>\r\n                        <p>Gyakorolja a mongol nyelvtant.<\/p>\r\n                    <\/div>\r\n                <\/div>\r\n            <\/div>\r\n        <\/a>\r\n\r\n            <\/section>","protected":false},"excerpt":{"rendered":"<p>Mongol nyelvtani t\u00e9m\u00e1k Egy \u00faj nyelv elsaj\u00e1t\u00edt\u00e1sa kih\u00edv\u00e1st jelent\u0151, de kifizet\u0151d\u0151 v\u00e1llalkoz\u00e1s lehet. Ez al\u00f3l a mongol nyelv, egy mongol nyelv, amelyet f\u0151leg Mong\u00f3li\u00e1ban \u00e9s \u00c9szak-K\u00edna egyes r\u00e9szein besz\u00e9lnek. Egyedi jellemz\u0151ivel \u00e9s szerkezeteivel, mint p\u00e9ld\u00e1ul a mag\u00e1nhangz\u00f3k harm\u00f3ni\u00e1ja, az agglutin\u00e1l\u00f3 morfol\u00f3gia, a gazdag kis- \u00e9s nagybet\u0171k megjel\u00f6l\u00e9se \u00e9s a posztpoz\u00edci\u00f3k, a mongol nyelv tanul\u00e1sa szisztematikus [&hellip;]<\/p>\n","protected":false},"author":20,"featured_media":0,"parent":0,"menu_order":0,"comment_status":"closed","ping_status":"closed","template":"LearningContentPage.php","meta":{"_acf_changed":false,"footnotes":""},"class_list":["post-1475691","page","type-page","status-publish","hentry"],"acf":[],"yoast_head":"<!-- This site is optimized with the Yoast SEO Premium plugin v27.2 (Yoast SEO v27.2) - https:\/\/yoast.com\/product\/yoast-seo-premium-wordpress\/ -->\n<title>Mongol nyelvtani gyakorlatok - Talkpal<\/title>\n<meta name=\"description\" content=\"Saj\u00e1t\u00edtsd el a mongol nyelvtant interakt\u00edv gyakorlatokkal \u00e9s mesters\u00e9ges intelligencia \u00e1ltal vez\u00e9relt leck\u00e9kkel, amelyek c\u00e9lja, hogy n\u00f6veld a nyelvtud\u00e1sodat \u00e9s a nyelvi meg\u00e9rt\u00e9sedet.\" \/>\n<meta name=\"robots\" content=\"index, follow, max-snippet:-1, max-image-preview:large, max-video-preview:-1\" \/>\n<link rel=\"canonical\" href=\"https:\/\/talkpal.ai\/hu\/mongol-nyelvtani-gyakorlatok\/\" \/>\n<meta property=\"og:locale\" content=\"hu_HU\" \/>\n<meta property=\"og:type\" content=\"article\" \/>\n<meta property=\"og:title\" content=\"Mongol nyelvtani gyakorlatok\" \/>\n<meta property=\"og:description\" content=\"Mongol nyelvtani t\u00e9m\u00e1k Egy \u00faj nyelv elsaj\u00e1t\u00edt\u00e1sa kih\u00edv\u00e1st jelent\u0151, de kifizet\u0151d\u0151 v\u00e1llalkoz\u00e1s lehet. Ez al\u00f3l a mongol nyelv, egy mongol nyelv, amelyet\" \/>\n<meta property=\"og:url\" content=\"https:\/\/talkpal.ai\/hu\/mongol-nyelvtani-gyakorlatok\/\" \/>\n<meta property=\"og:site_name\" content=\"Talkpal\" \/>\n<meta property=\"article:publisher\" content=\"https:\/\/www.facebook.com\/profile.php?id=100090733639311\" \/>\n<meta property=\"article:modified_time\" content=\"2025-12-30T12:40:58+00:00\" \/>\n<meta property=\"og:image\" content=\"https:\/\/talkpal.ai\/wp-content\/uploads\/2025\/02\/Progress-tab-16_9.png\" \/>\n\t<meta property=\"og:image:width\" content=\"2880\" \/>\n\t<meta property=\"og:image:height\" content=\"1620\" \/>\n\t<meta property=\"og:image:type\" content=\"image\/png\" \/>\n<meta name=\"twitter:card\" content=\"summary_large_image\" \/>\n<meta name=\"twitter:site\" content=\"@talkpalai\" \/>\n<meta name=\"twitter:label1\" content=\"Becs\u00fclt olvas\u00e1si id\u0151\" \/>\n\t<meta name=\"twitter:data1\" content=\"5 perc\" \/>\n<script type=\"application\/ld+json\" class=\"yoast-schema-graph\">{\"@context\":\"https:\/\/schema.org\",\"@graph\":[{\"@type\":\"WebPage\",\"@id\":\"https:\/\/talkpal.ai\/hu\/mongol-nyelvtani-gyakorlatok\/\",\"url\":\"https:\/\/talkpal.ai\/hu\/mongol-nyelvtani-gyakorlatok\/\",\"name\":\"Mongol nyelvtani gyakorlatok - Talkpal\",\"isPartOf\":{\"@id\":\"https:\/\/talkpal.ai\/hu\/#website\"},\"datePublished\":\"2025-11-12T15:57:33+00:00\",\"dateModified\":\"2025-12-30T12:40:58+00:00\",\"description\":\"Saj\u00e1t\u00edtsd el a mongol nyelvtant interakt\u00edv gyakorlatokkal \u00e9s mesters\u00e9ges intelligencia \u00e1ltal vez\u00e9relt leck\u00e9kkel, amelyek c\u00e9lja, hogy n\u00f6veld a nyelvtud\u00e1sodat \u00e9s a nyelvi meg\u00e9rt\u00e9sedet.\",\"breadcrumb\":{\"@id\":\"https:\/\/talkpal.ai\/hu\/mongol-nyelvtani-gyakorlatok\/#breadcrumb\"},\"inLanguage\":\"hu\",\"potentialAction\":[{\"@type\":\"ReadAction\",\"target\":[\"https:\/\/talkpal.ai\/hu\/mongol-nyelvtani-gyakorlatok\/\"]}]},{\"@type\":\"BreadcrumbList\",\"@id\":\"https:\/\/talkpal.ai\/hu\/mongol-nyelvtani-gyakorlatok\/#breadcrumb\",\"itemListElement\":[{\"@type\":\"ListItem\",\"position\":1,\"name\":\"Homepage\",\"item\":\"https:\/\/talkpal.ai\/hu\/\"},{\"@type\":\"ListItem\",\"position\":2,\"name\":\"Mongol nyelvtani gyakorlatok\"}]},{\"@type\":\"WebSite\",\"@id\":\"https:\/\/talkpal.ai\/hu\/#website\",\"url\":\"https:\/\/talkpal.ai\/hu\/\",\"name\":\"Talkpal\",\"description\":\"AI Language Learning\",\"publisher\":{\"@id\":\"https:\/\/talkpal.ai\/hu\/#organization\"},\"alternateName\":\"Talkpal AI\",\"potentialAction\":[{\"@type\":\"SearchAction\",\"target\":{\"@type\":\"EntryPoint\",\"urlTemplate\":\"https:\/\/talkpal.ai\/hu\/?s={search_term_string}\"},\"query-input\":{\"@type\":\"PropertyValueSpecification\",\"valueRequired\":true,\"valueName\":\"search_term_string\"}}],\"inLanguage\":\"hu\"},{\"@type\":\"Organization\",\"@id\":\"https:\/\/talkpal.ai\/hu\/#organization\",\"name\":\"Talkpal, Inc.\",\"alternateName\":\"Talkpal AI\",\"url\":\"https:\/\/talkpal.ai\/hu\/\",\"logo\":{\"@type\":\"ImageObject\",\"inLanguage\":\"hu\",\"@id\":\"https:\/\/talkpal.ai\/hu\/#\/schema\/logo\/image\/\",\"url\":\"https:\/\/talkpal.ai\/wp-content\/uploads\/2024\/03\/Talkpal-Logo-Icon.png\",\"contentUrl\":\"https:\/\/talkpal.ai\/wp-content\/uploads\/2024\/03\/Talkpal-Logo-Icon.png\",\"width\":2880,\"height\":2880,\"caption\":\"Talkpal, Inc.\"},\"image\":{\"@id\":\"https:\/\/talkpal.ai\/hu\/#\/schema\/logo\/image\/\"},\"sameAs\":[\"https:\/\/www.facebook.com\/profile.php?id=100090733639311\",\"https:\/\/x.com\/talkpalai\",\"https:\/\/www.linkedin.com\/company\/talkpal\/\",\"https:\/\/www.youtube.com\/@TalkPal\/\",\"https:\/\/www.tiktok.com\/@talkpal\",\"https:\/\/www.instagram.com\/talkpal_ai\/\",\"https:\/\/www.crunchbase.com\/organization\/talkpal-9cde\",\"https:\/\/www.g2.com\/products\/talkpal-for-business\/\",\"https:\/\/www.trustpilot.com\/review\/talkpal.ai\",\"https:\/\/www.capterra.com\/p\/10006800\/TalkPal\/\"],\"description\":\"Talkpal is a language learning web and mobile education app, powered by the latest AI technologies, that provides engaging experiences to its customers in many different languages to help them improve their language skills. Users can chat about unlimited amount of topics with the app and use other modes to practice their language learning.\",\"email\":\"support@talkpal.ai\",\"legalName\":\"Talkpal, Inc.\",\"foundingDate\":\"2023-04-03\",\"duns\":\"118989042\",\"numberOfEmployees\":{\"@type\":\"QuantitativeValue\",\"minValue\":\"11\",\"maxValue\":\"50\"},\"publishingPrinciples\":\"https:\/\/talkpal.ai\/publishing-principles\/\",\"actionableFeedbackPolicy\":\"https:\/\/talkpal.ai\/actionable-feedback-policy\/\",\"correctionsPolicy\":\"https:\/\/talkpal.ai\/corrections-policy\/\",\"ethicsPolicy\":\"https:\/\/talkpal.ai\/ethics-policy\/\",\"diversityPolicy\":\"https:\/\/talkpal.ai\/diversity-policy\/\",\"diversityStaffingReport\":\"https:\/\/talkpal.ai\/diversity-policy\/\"}]}<\/script>\n<!-- \/ Yoast SEO Premium plugin. -->","yoast_head_json":{"title":"Mongol nyelvtani gyakorlatok - Talkpal","description":"Saj\u00e1t\u00edtsd el a mongol nyelvtant interakt\u00edv gyakorlatokkal \u00e9s mesters\u00e9ges intelligencia \u00e1ltal vez\u00e9relt leck\u00e9kkel, amelyek c\u00e9lja, hogy n\u00f6veld a nyelvtud\u00e1sodat \u00e9s a nyelvi meg\u00e9rt\u00e9sedet.","robots":{"index":"index","follow":"follow","max-snippet":"max-snippet:-1","max-image-preview":"max-image-preview:large","max-video-preview":"max-video-preview:-1"},"canonical":"https:\/\/talkpal.ai\/hu\/mongol-nyelvtani-gyakorlatok\/","og_locale":"hu_HU","og_type":"article","og_title":"Mongol nyelvtani gyakorlatok","og_description":"Mongol nyelvtani t\u00e9m\u00e1k Egy \u00faj nyelv elsaj\u00e1t\u00edt\u00e1sa kih\u00edv\u00e1st jelent\u0151, de kifizet\u0151d\u0151 v\u00e1llalkoz\u00e1s lehet. Ez al\u00f3l a mongol nyelv, egy mongol nyelv, amelyet","og_url":"https:\/\/talkpal.ai\/hu\/mongol-nyelvtani-gyakorlatok\/","og_site_name":"Talkpal","article_publisher":"https:\/\/www.facebook.com\/profile.php?id=100090733639311","article_modified_time":"2025-12-30T12:40:58+00:00","og_image":[{"width":2880,"height":1620,"url":"https:\/\/talkpal.ai\/wp-content\/uploads\/2025\/02\/Progress-tab-16_9.png","type":"image\/png"}],"twitter_card":"summary_large_image","twitter_site":"@talkpalai","twitter_misc":{"Becs\u00fclt olvas\u00e1si id\u0151":"5 perc"},"schema":{"@context":"https:\/\/schema.org","@graph":[{"@type":"WebPage","@id":"https:\/\/talkpal.ai\/hu\/mongol-nyelvtani-gyakorlatok\/","url":"https:\/\/talkpal.ai\/hu\/mongol-nyelvtani-gyakorlatok\/","name":"Mongol nyelvtani gyakorlatok - Talkpal","isPartOf":{"@id":"https:\/\/talkpal.ai\/hu\/#website"},"datePublished":"2025-11-12T15:57:33+00:00","dateModified":"2025-12-30T12:40:58+00:00","description":"Saj\u00e1t\u00edtsd el a mongol nyelvtant interakt\u00edv gyakorlatokkal \u00e9s mesters\u00e9ges intelligencia \u00e1ltal vez\u00e9relt leck\u00e9kkel, amelyek c\u00e9lja, hogy n\u00f6veld a nyelvtud\u00e1sodat \u00e9s a nyelvi meg\u00e9rt\u00e9sedet.","breadcrumb":{"@id":"https:\/\/talkpal.ai\/hu\/mongol-nyelvtani-gyakorlatok\/#breadcrumb"},"inLanguage":"hu","potentialAction":[{"@type":"ReadAction","target":["https:\/\/talkpal.ai\/hu\/mongol-nyelvtani-gyakorlatok\/"]}]},{"@type":"BreadcrumbList","@id":"https:\/\/talkpal.ai\/hu\/mongol-nyelvtani-gyakorlatok\/#breadcrumb","itemListElement":[{"@type":"ListItem","position":1,"name":"Homepage","item":"https:\/\/talkpal.ai\/hu\/"},{"@type":"ListItem","position":2,"name":"Mongol nyelvtani gyakorlatok"}]},{"@type":"WebSite","@id":"https:\/\/talkpal.ai\/hu\/#website","url":"https:\/\/talkpal.ai\/hu\/","name":"Talkpal","description":"AI Language Learning","publisher":{"@id":"https:\/\/talkpal.ai\/hu\/#organization"},"alternateName":"Talkpal AI","potentialAction":[{"@type":"SearchAction","target":{"@type":"EntryPoint","urlTemplate":"https:\/\/talkpal.ai\/hu\/?s={search_term_string}"},"query-input":{"@type":"PropertyValueSpecification","valueRequired":true,"valueName":"search_term_string"}}],"inLanguage":"hu"},{"@type":"Organization","@id":"https:\/\/talkpal.ai\/hu\/#organization","name":"Talkpal, Inc.","alternateName":"Talkpal AI","url":"https:\/\/talkpal.ai\/hu\/","logo":{"@type":"ImageObject","inLanguage":"hu","@id":"https:\/\/talkpal.ai\/hu\/#\/schema\/logo\/image\/","url":"https:\/\/talkpal.ai\/wp-content\/uploads\/2024\/03\/Talkpal-Logo-Icon.png","contentUrl":"https:\/\/talkpal.ai\/wp-content\/uploads\/2024\/03\/Talkpal-Logo-Icon.png","width":2880,"height":2880,"caption":"Talkpal, Inc."},"image":{"@id":"https:\/\/talkpal.ai\/hu\/#\/schema\/logo\/image\/"},"sameAs":["https:\/\/www.facebook.com\/profile.php?id=100090733639311","https:\/\/x.com\/talkpalai","https:\/\/www.linkedin.com\/company\/talkpal\/","https:\/\/www.youtube.com\/@TalkPal\/","https:\/\/www.tiktok.com\/@talkpal","https:\/\/www.instagram.com\/talkpal_ai\/","https:\/\/www.crunchbase.com\/organization\/talkpal-9cde","https:\/\/www.g2.com\/products\/talkpal-for-business\/","https:\/\/www.trustpilot.com\/review\/talkpal.ai","https:\/\/www.capterra.com\/p\/10006800\/TalkPal\/"],"description":"Talkpal is a language learning web and mobile education app, powered by the latest AI technologies, that provides engaging experiences to its customers in many different languages to help them improve their language skills. Users can chat about unlimited amount of topics with the app and use other modes to practice their language learning.","email":"support@talkpal.ai","legalName":"Talkpal, Inc.","foundingDate":"2023-04-03","duns":"118989042","numberOfEmployees":{"@type":"QuantitativeValue","minValue":"11","maxValue":"50"},"publishingPrinciples":"https:\/\/talkpal.ai\/publishing-principles\/","actionableFeedbackPolicy":"https:\/\/talkpal.ai\/actionable-feedback-policy\/","correctionsPolicy":"https:\/\/talkpal.ai\/corrections-policy\/","ethicsPolicy":"https:\/\/talkpal.ai\/ethics-policy\/","diversityPolicy":"https:\/\/talkpal.ai\/diversity-policy\/","diversityStaffingReport":"https:\/\/talkpal.ai\/diversity-policy\/"}]}},"_links":{"self":[{"href":"https:\/\/talkpal.ai\/hu\/wp-json\/wp\/v2\/pages\/1475691","targetHints":{"allow":["GET"]}}],"collection":[{"href":"https:\/\/talkpal.ai\/hu\/wp-json\/wp\/v2\/pages"}],"about":[{"href":"https:\/\/talkpal.ai\/hu\/wp-json\/wp\/v2\/types\/page"}],"author":[{"embeddable":true,"href":"https:\/\/talkpal.ai\/hu\/wp-json\/wp\/v2\/users\/20"}],"replies":[{"embeddable":true,"href":"https:\/\/talkpal.ai\/hu\/wp-json\/wp\/v2\/comments?post=1475691"}],"version-history":[{"count":0,"href":"https:\/\/talkpal.ai\/hu\/wp-json\/wp\/v2\/pages\/1475691\/revisions"}],"wp:attachment":[{"href":"https:\/\/talkpal.ai\/hu\/wp-json\/wp\/v2\/media?parent=1475691"}],"curies":[{"name":"wp","href":"https:\/\/api.w.org\/{rel}","templated":true}]}}