{"id":1475652,"date":"2025-11-12T15:39:07","date_gmt":"2025-11-12T15:39:07","guid":{"rendered":"https:\/\/talkpal.ai\/maltai-nyelvtan\/"},"modified":"2025-12-30T13:54:33","modified_gmt":"2025-12-30T13:54:33","slug":"maltai-nyelvtan","status":"publish","type":"page","link":"https:\/\/talkpal.ai\/hu\/maltai-nyelvtan\/","title":{"rendered":"M\u00e1ltai nyelvtan"},"content":{"rendered":"\r\n\r\n\r\n<section class=\"languageChallengeSection\">\r\n    <div class=\"languageInfoWrapper\">\r\n        \r\n        <h1>M\u00e1ltai nyelvtan<\/h1>\r\n        <p>A <a href=\"https:\/\/talkpal.ai\/learn-maltese\/\">m\u00e1ltai<\/a> <a href=\"https:\/\/talkpal.ai\/grammar\/\">nyelvtan<\/a> els\u0151re kih\u00edv\u00e1snak t\u0171nhet, de egyedi tulajdons\u00e1gai kifizet\u0151d\u0151 \u00e9lm\u00e9nny\u00e9 teszik a nyelvtanul\u00e1st. A nyelv \u00e1b\u00e9c\u00e9j\u00e9nek, mut\u00e1ci\u00f3inak \u00e9s nyelvtani szab\u00e1lyainak felfedez\u00e9s\u00e9vel betekint\u00e9st nyerhet egy gazdag nyelvi hagyom\u00e1nyba. Induljon el utaz\u00e1s\u00e1ra, \u00e9s fedezze fel a m\u00e1ltai sz\u00e9ps\u00e9get!<\/p>\r\n\r\n                            <a class=\"getStartedHidden\" href=\"https:\/\/app.talkpal.ai\/hu\/signup?lng=\">Kezdj\u00fck<\/a>\r\n        \r\n    <\/div>\r\n\r\n    <figure>\r\n    <img decoding=\"async\" width=\"768\" height=\"768\" src=\"https:\/\/talkpal.ai\/wp-content\/uploads\/2023\/06\/welsh-768x768.png\" class=\"languageImage no-lazy\" alt=\"Language learning for better cognitive abilities\" fetchpriority=\"high\" sizes=\"(max-width: 768px) 150px, 768px\" srcset=\"https:\/\/talkpal.ai\/wp-content\/uploads\/2023\/06\/welsh-768x768.png 768w, https:\/\/talkpal.ai\/wp-content\/uploads\/2023\/06\/welsh-300x300.png 300w\" \/>\r\n    \r\n\r\n    <\/figure>\r\n\r\n            <a class=\"getStartedVisible\" href=\"https:\/\/app.talkpal.ai\/hu\/signup?lng=\">Kezdj\u00fck<\/a>\r\n    \r\n<\/section><section class=\"promotionalBanner\">\r\n    <p class=\"promotionalText\">A nyelvtanul\u00e1s leghat\u00e9konyabb m\u00f3dja<\/p>\r\n    <a class=\"promotionalLink\" href=\"https:\/\/app.talkpal.ai\/hu\/signup?lng=\">Pr\u00f3b\u00e1lja ki a Talkpal ingyen<\/a>\r\n<\/section>\n<div class=\"wp-block-group pageContainerStyle\"><div class=\"wp-block-group__inner-container is-layout-constrained wp-block-group-is-layout-constrained\">\n<h2 class=\"wp-block-heading\" id=\"h-navigating-the-intricacies-of-maltese-grammar\">Eligazod\u00e1s a m\u00e1ltai nyelvtan bonyolults\u00e1g\u00e1ban<\/h2>\n\n\n\n<p><a href=\"https:\/\/talkpal.ai\/hu\/tanulj-maltaiul\/\">A m\u00e1ltai,<\/a> egy m\u00e9ly mediterr\u00e1n gy\u00f6kerekkel \u00e9s \u00e9l\u00e9nk kultur\u00e1lis jelent\u0151s\u00e9ggel rendelkez\u0151 s\u00e9mi nyelv, izgalmas nyelvi \u00e9lm\u00e9nyt k\u00edn\u00e1l azok sz\u00e1m\u00e1ra, akik sz\u00edvesen felfedezik egyed\u00fcl\u00e1ll\u00f3 nyelvtani rendszer\u00e9t. Ahogy a m\u00e1ltai birodalomba mer\u00e9szkedik, nemcsak nyelvi reperto\u00e1rj\u00e1t gazdag\u00edtja, hanem egy leny\u0171g\u00f6z\u0151 kultur\u00e1lis utaz\u00e1st is megteszel. B\u00e1r a m\u00e1ltai nyelvtan els\u0151re bonyolultnak t\u0171nhet, az alapvet\u0151 \u00f6sszetev\u0151kre bont\u00e1sa megk\u00f6zel\u00edthet\u0151bb\u00e9 teszi a nyelvtanul\u00e1st. Ebben a cikkben felt\u00e1rjuk a m\u00e1ltai nyelvtan mag\u00e1val ragad\u00f3 vil\u00e1g\u00e1t, \u00e9s tippeket adunk annak \u00f6sszetetts\u00e9g\u00e9nek elsaj\u00e1t\u00edt\u00e1s\u00e1hoz.<\/p>\n\n\n\n<h3 class=\"wp-block-heading\" id=\"h-1-maltese-alphabet-and-phonetics\">1. M\u00e1ltai \u00e1b\u00e9c\u00e9 \u00e9s fonetika<\/h3>\n\n\n\n<p>A m\u00e1ltai \u00e1b\u00e9c\u00e9 30 bet\u0171b\u0151l \u00e1ll, amelyek k\u00f6z\u00fcl t\u00f6bb egyedi a nyelvre, p\u00e9ld\u00e1ul &#8222;g\u0127&#8221;, &#8222;\u0127&#8221;, &#8222;q&#8221;, &#8222;\u010b&#8221;, &#8222;\u0121&#8221;, &#8222;\u017c&#8221; \u00e9s &#8222;x&#8221;. A m\u00e1ltai nyelvtan elsaj\u00e1t\u00edt\u00e1s\u00e1hoz elengedhetetlen, hogy megismerkedjen ezzel a jellegzetes \u00edr\u00e1srendszerrel a m\u00e1ltai nyelv\u0171 olvas\u00e1s \u00e9s \u00edr\u00e1s gyakorl\u00e1s\u00e1val.<\/p>\n\n\n\n<h3 class=\"wp-block-heading\" id=\"h-2-assimilation-a-peculiar-maltese-feature\">2. Asszimil\u00e1ci\u00f3: saj\u00e1tos m\u00e1ltai jellemz\u0151<\/h3>\n\n\n\n<p>A m\u00e1ltai nyelvtan egyik megk\u00fcl\u00f6nb\u00f6ztet\u0151 aspektusa a hat\u00e1rozott n\u00e9vel\u0151 asszimil\u00e1ci\u00f3ja \u00e9s a kapcsol\u00f3d\u00f3 hangv\u00e1ltoz\u00e1sok. Az &#8222;il-&#8221; vagy &#8222;l-&#8221; n\u00e9vel\u0151 gyakran asszimil\u00e1l\u00f3dik bizonyos f\u0151nevek kezd\u0151 m\u00e1ssalhangz\u00f3j\u00e1hoz, kett\u0151s hangot hozva l\u00e9tre, mint az il + ra\u0121el = ir-ra\u0121el \u00e9s az il + sieg\u0127a = is-sieg\u0127a. Az el\u00f6lj\u00e1r\u00f3szavak \u00e9s a n\u00e9vel\u0151 is \u00f6sszeh\u00faz\u00f3d\u00e1sokat alkotnak, mint p\u00e9ld\u00e1ul ta&#8217; + il = tal. Annak meg\u00e9rt\u00e9se, hogy mikor \u00e9s hogyan fordulnak el\u0151 ezek az asszimil\u00e1ci\u00f3k \u00e9s \u00f6sszeh\u00faz\u00f3d\u00e1sok, l\u00e9tfontoss\u00e1g\u00fa a m\u00e1ltai nyelv pontos kommunik\u00e1ci\u00f3j\u00e1hoz.<\/p>\n\n\n\n<h3 class=\"wp-block-heading\" id=\"h-3-nouns-and-pronouns-gender-and-cases\">3. F\u0151nevek \u00e9s n\u00e9vm\u00e1sok: nem \u00e9s esetek<\/h3>\n\n\n\n<p>A m\u00e1ltai f\u0151nevek nyelvtani nem\u0171ek (h\u00edmnem\u0171 vagy n\u0151nem\u0171), \u00e9s k\u00fcl\u00f6nf\u00e9le t\u00f6bbes sz\u00e1mk\u00e9pz\u00e9si strat\u00e9gi\u00e1kat haszn\u00e1lnak, bele\u00e9rtve az olyan ut\u00f3tagokat, mint az -i \u00e9s -ijiet, valamint a bels\u0151 mag\u00e1nhangz\u00f3-v\u00e1ltoz\u00e1sok \u00e1ltal alkotott t\u00f6rt t\u00f6bbes sz\u00e1mot. A m\u00e1ltai n\u00e9vm\u00e1sok k\u00f6z\u00e9 tartoznak a szem\u00e9lyes (jien, inti, hu, hi, a\u0127na, intom, huma), a gyakran ta&#8217; vagy n\u00e9vm\u00e1s ut\u00f3tagokkal fel\u00e9p\u00edtett birtokos form\u00e1k, a reflex\u00edv \u00e9s hangs\u00falyos alakok, a demonstrat\u00edvok (dan, din, dawn, dak, dik, dawk) \u00e9s a k\u00e9rd\u0151 alakok (min, x&#8217;, fejn, meta). Ezeknek a n\u00e9vm\u00e1soknak \u00e9s form\u00e1iknak a megismer\u00e9se jelent\u0151sen jav\u00edtja a m\u00e1ltai nyelvtan meg\u00e9rt\u00e9s\u00e9t.<\/p>\n\n\n\n<h3 class=\"wp-block-heading\" id=\"h-4-verbs-structure-and-conjugation\">4. Ig\u00e9k: szerkezet \u00e9s ragoz\u00e1s<\/h3>\n\n\n\n<p>A m\u00e1ltai ig\u00e9k gy\u00f6kerekre \u00e9s mint\u00e1kra \u00e9p\u00fclnek, \u00e9s konjug\u00e1l\u00f3dnak a szem\u00e9lyre, a sz\u00e1mra \u00e9s n\u00e9ha a nemre. A magt\u00f6vek a m\u00faltat \u00e9s a nem-m\u00faltat jel\u00f6lik, a j\u00f6v\u0151t gyakran a se r\u00e9szecske jelzi. Tov\u00e1bbi elemek k\u00f6z\u00e9 tartozik a felt\u00e9teles kieku \u00e9s az imperat\u00edv form\u00e1k. A t\u00e1rgyn\u00e9vm\u00e1sok kapcsol\u00f3dhatnak az ig\u00e9khez, mint a rajtek (l\u00e1ttalak). Az igeragoz\u00e1si mint\u00e1k, r\u00e9szecsk\u00e9k \u00e9s tagad\u00e1s megtanul\u00e1sa a ma&#8230; x jav\u00edtja a m\u00e1ltai nyelven val\u00f3 hat\u00e9kony kommunik\u00e1ci\u00f3 k\u00e9pess\u00e9g\u00e9t.<\/p>\n\n\n\n<h3 class=\"wp-block-heading\" id=\"h-5-adjectives-agreement-and-placement\">5. Mell\u00e9knevek: meg\u00e1llapod\u00e1s \u00e9s elhelyez\u00e9s<\/h3>\n\n\n\n<p>A m\u00e1ltai nyelvtanban a mell\u00e9knevek jellemz\u0151en az \u00e1ltaluk m\u00f3dos\u00edtott f\u0151nevet k\u00f6vetik, \u00e9s nem\u00fckben \u00e9s sz\u00e1mukban megegyeznek a f\u0151n\u00e9vvel. Sok mell\u00e9kn\u00e9v n\u0151nem\u0171 \u00e9s t\u00f6bbes sz\u00e1m\u00fa v\u00e1ltozatot alkot, \u00e9s az \u00f6sszehasonl\u00edt\u00f3 \u00e9s szuperlat\u00edvuszokat \u00e1ltal\u00e1ban aktar vagy i\u017cjed kifejez\u00e9ssel fejezik ki, n\u00e9h\u00e1ny szab\u00e1lytalan alak mellett, mint p\u00e9ld\u00e1ul az a\u0127jar \u00e9s az ag\u0127ar, amelyek elengedhetetlenek a term\u00e9szetesebb kommunik\u00e1ci\u00f3 megtanul\u00e1s\u00e1hoz.<\/p>\n\n\n\n<p><strong>P\u00e9ld\u00e1k:<\/strong><\/p>\n\n\n\n<p><strong>\u2013 im\u0127abba kbira (nagy szerelem)<\/strong><\/p>\n\n\n\n<p><strong>\u2013 tfal \u017cg\u0127ar (kisgyermekek)<\/strong><\/p>\n\n\n\n<h3 class=\"wp-block-heading\" id=\"h-6-engaging-with-the-language\">6. A nyelv haszn\u00e1lata<\/h3>\n\n\n\n<p>A m\u00e1ltai nyelvtan teljes meg\u00e9rt\u00e9s\u00e9nek \u00e9s internaliz\u00e1l\u00e1s\u00e1nak leghat\u00e9konyabb m\u00f3dja a nyelv k\u00f6vetkezetes kezel\u00e9se. A m\u00e1ltai irodalom olvas\u00e1s\u00e1val, m\u00e1ltai filmek vagy telev\u00edzi\u00f3s sorozatok n\u00e9z\u00e9s\u00e9vel \u00e9s az anyanyelvi besz\u00e9l\u0151kkel val\u00f3 akt\u00edv kommunik\u00e1ci\u00f3val meger\u0151s\u00edti nyelvtani ismereteit, mik\u00f6zben b\u0151v\u00edti sz\u00f3kincs\u00e9t.<\/p>\n\n\n\n<h3 class=\"wp-block-heading\" id=\"h-conclusion\">K\u00f6vetkeztet\u00e9s<\/h3>\n\n\n\n<p>B\u00e1r a m\u00e1ltai nyelvtan bonyolultnak t\u0171nhet, odaad\u00e1ssal, gyakorl\u00e1ssal \u00e9s lelkesed\u00e9ssel j\u00e1rtass\u00e1 v\u00e1lhat ebben a gy\u00f6ny\u00f6r\u0171 nyelvben. Ha az alapvet\u0151 szab\u00e1lyokra \u00f6sszpontos\u00edt, \u00e9s k\u00fcl\u00f6nb\u00f6z\u0151 kontextusokban foglalkozik a nyelvvel, gyorsan fejlesztheti m\u00e1ltai <a href=\"https:\/\/talkpal.ai\/hu\/nyelvtan\/\">nyelvtani k\u00e9szs\u00e9geit<\/a>. Xorti tajba (sok szerencs\u00e9t) a m\u00e1ltai nyelvi utaz\u00e1shoz, \u00e9s \u00e9lvezze a m\u00e1ltai nyelvtan rejt\u00e9lyes, m\u00e9gis mag\u00e1val ragad\u00f3 vil\u00e1g\u00e1nak felt\u00e1r\u00e1s\u00e1t!<\/p>\n<\/div><\/div>\n\r\n<section class=\"learnNavigationSection\">\r\n            \r\n        <a href=\"https:\/\/talkpal.ai\/hu\/tanulj-maltaiul\/\">\r\n            <div class=\"learnNavigationWrapper\">\r\n                <div class=\"learnNavigationContent\">\r\n                    <img decoding=\"async\" src=\"https:\/\/talkpal.ai\/wp-content\/uploads\/2025\/11\/Maltese.png\" alt=\"Maltese Flag\">\r\n                    <div>\r\n                        <h4>A m\u00e1ltai tanul\u00e1sr\u00f3l<\/h4>\r\n                        <p>Tudjon meg mindent a m\u00e1ltai nyelvtanr\u00f3l.<\/p>\r\n                    <\/div>\r\n                <\/div>\r\n            <\/div>\r\n        <\/a>\r\n\r\n        \r\n        <a href=\"https:\/\/talkpal.ai\/hu\/maltai-nyelvtani-gyakorlatok\/\">\r\n            <div class=\"learnNavigationWrapper\">\r\n                <div class=\"learnNavigationContent\">\r\n                    <img decoding=\"async\" src=\"https:\/\/talkpal.ai\/wp-content\/uploads\/2025\/11\/Maltese.png\" alt=\"Maltese Flag\">\r\n                    <div>\r\n                        <h4>M\u00e1ltai nyelvtani gyakorlat<\/h4>\r\n                        <p>Gyakorolja a m\u00e1ltai nyelvtant.<\/p>\r\n                    <\/div>\r\n                <\/div>\r\n            <\/div>\r\n        <\/a>\r\n\r\n            <\/section>","protected":false},"excerpt":{"rendered":"<p>Eligazod\u00e1s a m\u00e1ltai nyelvtan bonyolults\u00e1g\u00e1ban A m\u00e1ltai, egy m\u00e9ly mediterr\u00e1n gy\u00f6kerekkel \u00e9s \u00e9l\u00e9nk kultur\u00e1lis jelent\u0151s\u00e9ggel rendelkez\u0151 s\u00e9mi nyelv, izgalmas nyelvi \u00e9lm\u00e9nyt k\u00edn\u00e1l azok sz\u00e1m\u00e1ra, akik sz\u00edvesen felfedezik egyed\u00fcl\u00e1ll\u00f3 nyelvtani rendszer\u00e9t. Ahogy a m\u00e1ltai birodalomba mer\u00e9szkedik, nemcsak nyelvi reperto\u00e1rj\u00e1t gazdag\u00edtja, hanem egy leny\u0171g\u00f6z\u0151 kultur\u00e1lis utaz\u00e1st is megteszel. B\u00e1r a m\u00e1ltai nyelvtan els\u0151re bonyolultnak t\u0171nhet, az alapvet\u0151 [&hellip;]<\/p>\n","protected":false},"author":20,"featured_media":0,"parent":0,"menu_order":0,"comment_status":"closed","ping_status":"closed","template":"LearningContentPage.php","meta":{"_acf_changed":false,"footnotes":""},"class_list":["post-1475652","page","type-page","status-publish","hentry"],"acf":[],"yoast_head":"<!-- This site is optimized with the Yoast SEO Premium plugin v27.2 (Yoast SEO v27.2) - https:\/\/yoast.com\/product\/yoast-seo-premium-wordpress\/ -->\n<title>M\u00e1ltai nyelvtan - Talkpal<\/title>\n<meta name=\"description\" content=\"Fejtse meg a m\u00e1ltai nyelvtan titkait az \u00e1b\u00e9c\u00e9, a fonetika, az igemint\u00e1k \u00e9s a foly\u00e9kony besz\u00e9dhez sz\u00fcks\u00e9ges alapvet\u0151 szab\u00e1lyok elsaj\u00e1t\u00edt\u00e1s\u00e1val.\" \/>\n<meta name=\"robots\" content=\"index, follow, max-snippet:-1, max-image-preview:large, max-video-preview:-1\" \/>\n<link rel=\"canonical\" href=\"https:\/\/talkpal.ai\/hu\/maltai-nyelvtan\/\" \/>\n<meta property=\"og:locale\" content=\"hu_HU\" \/>\n<meta property=\"og:type\" content=\"article\" \/>\n<meta property=\"og:title\" content=\"M\u00e1ltai nyelvtan\" \/>\n<meta property=\"og:description\" content=\"Eligazod\u00e1s a m\u00e1ltai nyelvtan bonyolults\u00e1g\u00e1ban A m\u00e1ltai, egy m\u00e9ly mediterr\u00e1n gy\u00f6kerekkel \u00e9s \u00e9l\u00e9nk kultur\u00e1lis jelent\u0151s\u00e9ggel rendelkez\u0151 s\u00e9mi nyelv, izgalmas\" \/>\n<meta property=\"og:url\" content=\"https:\/\/talkpal.ai\/hu\/maltai-nyelvtan\/\" \/>\n<meta property=\"og:site_name\" content=\"Talkpal\" \/>\n<meta property=\"article:publisher\" content=\"https:\/\/www.facebook.com\/profile.php?id=100090733639311\" \/>\n<meta property=\"article:modified_time\" content=\"2025-12-30T13:54:33+00:00\" \/>\n<meta property=\"og:image\" content=\"https:\/\/talkpal.ai\/wp-content\/uploads\/2025\/02\/Progress-tab-16_9.png\" \/>\n\t<meta property=\"og:image:width\" content=\"2880\" \/>\n\t<meta property=\"og:image:height\" content=\"1620\" \/>\n\t<meta property=\"og:image:type\" content=\"image\/png\" \/>\n<meta name=\"twitter:card\" content=\"summary_large_image\" \/>\n<meta name=\"twitter:site\" content=\"@talkpalai\" \/>\n<meta name=\"twitter:label1\" content=\"Becs\u00fclt olvas\u00e1si id\u0151\" \/>\n\t<meta name=\"twitter:data1\" content=\"4 perc\" \/>\n<script type=\"application\/ld+json\" class=\"yoast-schema-graph\">{\"@context\":\"https:\/\/schema.org\",\"@graph\":[{\"@type\":\"WebPage\",\"@id\":\"https:\/\/talkpal.ai\/hu\/maltai-nyelvtan\/\",\"url\":\"https:\/\/talkpal.ai\/hu\/maltai-nyelvtan\/\",\"name\":\"M\u00e1ltai nyelvtan - Talkpal\",\"isPartOf\":{\"@id\":\"https:\/\/talkpal.ai\/hu\/#website\"},\"datePublished\":\"2025-11-12T15:39:07+00:00\",\"dateModified\":\"2025-12-30T13:54:33+00:00\",\"description\":\"Fejtse meg a m\u00e1ltai nyelvtan titkait az \u00e1b\u00e9c\u00e9, a fonetika, az igemint\u00e1k \u00e9s a foly\u00e9kony besz\u00e9dhez sz\u00fcks\u00e9ges alapvet\u0151 szab\u00e1lyok elsaj\u00e1t\u00edt\u00e1s\u00e1val.\",\"breadcrumb\":{\"@id\":\"https:\/\/talkpal.ai\/hu\/maltai-nyelvtan\/#breadcrumb\"},\"inLanguage\":\"hu\",\"potentialAction\":[{\"@type\":\"ReadAction\",\"target\":[\"https:\/\/talkpal.ai\/hu\/maltai-nyelvtan\/\"]}]},{\"@type\":\"BreadcrumbList\",\"@id\":\"https:\/\/talkpal.ai\/hu\/maltai-nyelvtan\/#breadcrumb\",\"itemListElement\":[{\"@type\":\"ListItem\",\"position\":1,\"name\":\"Homepage\",\"item\":\"https:\/\/talkpal.ai\/hu\/\"},{\"@type\":\"ListItem\",\"position\":2,\"name\":\"M\u00e1ltai nyelvtan\"}]},{\"@type\":\"WebSite\",\"@id\":\"https:\/\/talkpal.ai\/hu\/#website\",\"url\":\"https:\/\/talkpal.ai\/hu\/\",\"name\":\"Talkpal\",\"description\":\"AI Language Learning\",\"publisher\":{\"@id\":\"https:\/\/talkpal.ai\/hu\/#organization\"},\"alternateName\":\"Talkpal AI\",\"potentialAction\":[{\"@type\":\"SearchAction\",\"target\":{\"@type\":\"EntryPoint\",\"urlTemplate\":\"https:\/\/talkpal.ai\/hu\/?s={search_term_string}\"},\"query-input\":{\"@type\":\"PropertyValueSpecification\",\"valueRequired\":true,\"valueName\":\"search_term_string\"}}],\"inLanguage\":\"hu\"},{\"@type\":\"Organization\",\"@id\":\"https:\/\/talkpal.ai\/hu\/#organization\",\"name\":\"Talkpal, Inc.\",\"alternateName\":\"Talkpal AI\",\"url\":\"https:\/\/talkpal.ai\/hu\/\",\"logo\":{\"@type\":\"ImageObject\",\"inLanguage\":\"hu\",\"@id\":\"https:\/\/talkpal.ai\/hu\/#\/schema\/logo\/image\/\",\"url\":\"https:\/\/talkpal.ai\/wp-content\/uploads\/2024\/03\/Talkpal-Logo-Icon.png\",\"contentUrl\":\"https:\/\/talkpal.ai\/wp-content\/uploads\/2024\/03\/Talkpal-Logo-Icon.png\",\"width\":2880,\"height\":2880,\"caption\":\"Talkpal, Inc.\"},\"image\":{\"@id\":\"https:\/\/talkpal.ai\/hu\/#\/schema\/logo\/image\/\"},\"sameAs\":[\"https:\/\/www.facebook.com\/profile.php?id=100090733639311\",\"https:\/\/x.com\/talkpalai\",\"https:\/\/www.linkedin.com\/company\/talkpal\/\",\"https:\/\/www.youtube.com\/@TalkPal\/\",\"https:\/\/www.tiktok.com\/@talkpal\",\"https:\/\/www.instagram.com\/talkpal_ai\/\",\"https:\/\/www.crunchbase.com\/organization\/talkpal-9cde\",\"https:\/\/www.g2.com\/products\/talkpal-for-business\/\",\"https:\/\/www.trustpilot.com\/review\/talkpal.ai\",\"https:\/\/www.capterra.com\/p\/10006800\/TalkPal\/\"],\"description\":\"Talkpal is a language learning web and mobile education app, powered by the latest AI technologies, that provides engaging experiences to its customers in many different languages to help them improve their language skills. Users can chat about unlimited amount of topics with the app and use other modes to practice their language learning.\",\"email\":\"support@talkpal.ai\",\"legalName\":\"Talkpal, Inc.\",\"foundingDate\":\"2023-04-03\",\"duns\":\"118989042\",\"numberOfEmployees\":{\"@type\":\"QuantitativeValue\",\"minValue\":\"11\",\"maxValue\":\"50\"},\"publishingPrinciples\":\"https:\/\/talkpal.ai\/publishing-principles\/\",\"actionableFeedbackPolicy\":\"https:\/\/talkpal.ai\/actionable-feedback-policy\/\",\"correctionsPolicy\":\"https:\/\/talkpal.ai\/corrections-policy\/\",\"ethicsPolicy\":\"https:\/\/talkpal.ai\/ethics-policy\/\",\"diversityPolicy\":\"https:\/\/talkpal.ai\/diversity-policy\/\",\"diversityStaffingReport\":\"https:\/\/talkpal.ai\/diversity-policy\/\"}]}<\/script>\n<!-- \/ Yoast SEO Premium plugin. -->","yoast_head_json":{"title":"M\u00e1ltai nyelvtan - Talkpal","description":"Fejtse meg a m\u00e1ltai nyelvtan titkait az \u00e1b\u00e9c\u00e9, a fonetika, az igemint\u00e1k \u00e9s a foly\u00e9kony besz\u00e9dhez sz\u00fcks\u00e9ges alapvet\u0151 szab\u00e1lyok elsaj\u00e1t\u00edt\u00e1s\u00e1val.","robots":{"index":"index","follow":"follow","max-snippet":"max-snippet:-1","max-image-preview":"max-image-preview:large","max-video-preview":"max-video-preview:-1"},"canonical":"https:\/\/talkpal.ai\/hu\/maltai-nyelvtan\/","og_locale":"hu_HU","og_type":"article","og_title":"M\u00e1ltai nyelvtan","og_description":"Eligazod\u00e1s a m\u00e1ltai nyelvtan bonyolults\u00e1g\u00e1ban A m\u00e1ltai, egy m\u00e9ly mediterr\u00e1n gy\u00f6kerekkel \u00e9s \u00e9l\u00e9nk kultur\u00e1lis jelent\u0151s\u00e9ggel rendelkez\u0151 s\u00e9mi nyelv, izgalmas","og_url":"https:\/\/talkpal.ai\/hu\/maltai-nyelvtan\/","og_site_name":"Talkpal","article_publisher":"https:\/\/www.facebook.com\/profile.php?id=100090733639311","article_modified_time":"2025-12-30T13:54:33+00:00","og_image":[{"width":2880,"height":1620,"url":"https:\/\/talkpal.ai\/wp-content\/uploads\/2025\/02\/Progress-tab-16_9.png","type":"image\/png"}],"twitter_card":"summary_large_image","twitter_site":"@talkpalai","twitter_misc":{"Becs\u00fclt olvas\u00e1si id\u0151":"4 perc"},"schema":{"@context":"https:\/\/schema.org","@graph":[{"@type":"WebPage","@id":"https:\/\/talkpal.ai\/hu\/maltai-nyelvtan\/","url":"https:\/\/talkpal.ai\/hu\/maltai-nyelvtan\/","name":"M\u00e1ltai nyelvtan - Talkpal","isPartOf":{"@id":"https:\/\/talkpal.ai\/hu\/#website"},"datePublished":"2025-11-12T15:39:07+00:00","dateModified":"2025-12-30T13:54:33+00:00","description":"Fejtse meg a m\u00e1ltai nyelvtan titkait az \u00e1b\u00e9c\u00e9, a fonetika, az igemint\u00e1k \u00e9s a foly\u00e9kony besz\u00e9dhez sz\u00fcks\u00e9ges alapvet\u0151 szab\u00e1lyok elsaj\u00e1t\u00edt\u00e1s\u00e1val.","breadcrumb":{"@id":"https:\/\/talkpal.ai\/hu\/maltai-nyelvtan\/#breadcrumb"},"inLanguage":"hu","potentialAction":[{"@type":"ReadAction","target":["https:\/\/talkpal.ai\/hu\/maltai-nyelvtan\/"]}]},{"@type":"BreadcrumbList","@id":"https:\/\/talkpal.ai\/hu\/maltai-nyelvtan\/#breadcrumb","itemListElement":[{"@type":"ListItem","position":1,"name":"Homepage","item":"https:\/\/talkpal.ai\/hu\/"},{"@type":"ListItem","position":2,"name":"M\u00e1ltai nyelvtan"}]},{"@type":"WebSite","@id":"https:\/\/talkpal.ai\/hu\/#website","url":"https:\/\/talkpal.ai\/hu\/","name":"Talkpal","description":"AI Language Learning","publisher":{"@id":"https:\/\/talkpal.ai\/hu\/#organization"},"alternateName":"Talkpal AI","potentialAction":[{"@type":"SearchAction","target":{"@type":"EntryPoint","urlTemplate":"https:\/\/talkpal.ai\/hu\/?s={search_term_string}"},"query-input":{"@type":"PropertyValueSpecification","valueRequired":true,"valueName":"search_term_string"}}],"inLanguage":"hu"},{"@type":"Organization","@id":"https:\/\/talkpal.ai\/hu\/#organization","name":"Talkpal, Inc.","alternateName":"Talkpal AI","url":"https:\/\/talkpal.ai\/hu\/","logo":{"@type":"ImageObject","inLanguage":"hu","@id":"https:\/\/talkpal.ai\/hu\/#\/schema\/logo\/image\/","url":"https:\/\/talkpal.ai\/wp-content\/uploads\/2024\/03\/Talkpal-Logo-Icon.png","contentUrl":"https:\/\/talkpal.ai\/wp-content\/uploads\/2024\/03\/Talkpal-Logo-Icon.png","width":2880,"height":2880,"caption":"Talkpal, Inc."},"image":{"@id":"https:\/\/talkpal.ai\/hu\/#\/schema\/logo\/image\/"},"sameAs":["https:\/\/www.facebook.com\/profile.php?id=100090733639311","https:\/\/x.com\/talkpalai","https:\/\/www.linkedin.com\/company\/talkpal\/","https:\/\/www.youtube.com\/@TalkPal\/","https:\/\/www.tiktok.com\/@talkpal","https:\/\/www.instagram.com\/talkpal_ai\/","https:\/\/www.crunchbase.com\/organization\/talkpal-9cde","https:\/\/www.g2.com\/products\/talkpal-for-business\/","https:\/\/www.trustpilot.com\/review\/talkpal.ai","https:\/\/www.capterra.com\/p\/10006800\/TalkPal\/"],"description":"Talkpal is a language learning web and mobile education app, powered by the latest AI technologies, that provides engaging experiences to its customers in many different languages to help them improve their language skills. Users can chat about unlimited amount of topics with the app and use other modes to practice their language learning.","email":"support@talkpal.ai","legalName":"Talkpal, Inc.","foundingDate":"2023-04-03","duns":"118989042","numberOfEmployees":{"@type":"QuantitativeValue","minValue":"11","maxValue":"50"},"publishingPrinciples":"https:\/\/talkpal.ai\/publishing-principles\/","actionableFeedbackPolicy":"https:\/\/talkpal.ai\/actionable-feedback-policy\/","correctionsPolicy":"https:\/\/talkpal.ai\/corrections-policy\/","ethicsPolicy":"https:\/\/talkpal.ai\/ethics-policy\/","diversityPolicy":"https:\/\/talkpal.ai\/diversity-policy\/","diversityStaffingReport":"https:\/\/talkpal.ai\/diversity-policy\/"}]}},"_links":{"self":[{"href":"https:\/\/talkpal.ai\/hu\/wp-json\/wp\/v2\/pages\/1475652","targetHints":{"allow":["GET"]}}],"collection":[{"href":"https:\/\/talkpal.ai\/hu\/wp-json\/wp\/v2\/pages"}],"about":[{"href":"https:\/\/talkpal.ai\/hu\/wp-json\/wp\/v2\/types\/page"}],"author":[{"embeddable":true,"href":"https:\/\/talkpal.ai\/hu\/wp-json\/wp\/v2\/users\/20"}],"replies":[{"embeddable":true,"href":"https:\/\/talkpal.ai\/hu\/wp-json\/wp\/v2\/comments?post=1475652"}],"version-history":[{"count":0,"href":"https:\/\/talkpal.ai\/hu\/wp-json\/wp\/v2\/pages\/1475652\/revisions"}],"wp:attachment":[{"href":"https:\/\/talkpal.ai\/hu\/wp-json\/wp\/v2\/media?parent=1475652"}],"curies":[{"name":"wp","href":"https:\/\/api.w.org\/{rel}","templated":true}]}}