{"id":1475650,"date":"2025-11-12T15:41:46","date_gmt":"2025-11-12T15:41:46","guid":{"rendered":"https:\/\/talkpal.ai\/maltai-nyelvtani-gyakorlatok\/"},"modified":"2025-12-30T13:40:49","modified_gmt":"2025-12-30T13:40:49","slug":"maltai-nyelvtani-gyakorlatok","status":"publish","type":"page","link":"https:\/\/talkpal.ai\/hu\/maltai-nyelvtani-gyakorlatok\/","title":{"rendered":"M\u00e1ltai nyelvtani gyakorlatok"},"content":{"rendered":"\r\n\r\n\r\n<section class=\"languageChallengeSection\">\r\n    <div class=\"languageInfoWrapper\">\r\n        \r\n        <h1>M\u00e1ltai nyelvtani gyakorlatok<\/h1>\r\n        <p>K\u00e9szen \u00e1llsz arra, hogy belemer\u00fclj a <a href=\"https:\/\/talkpal.ai\/learn-maltese\/\">m\u00e1ltai<\/a> nyelvtanba? N\u00e9h\u00e1ny alapismeret begyakorl\u00e1sa seg\u00edt abban, hogy elsaj\u00e1t\u00edtsd ezt az egyed\u00fcl\u00e1ll\u00f3 \u00e9s gy\u00f6ny\u00f6r\u0171 nyelvet. Pr\u00f3b\u00e1ld ki ezeket a gyakorlatokat, hogy n\u00f6veld az \u00f6nbizalmadat, \u00e9s k\u00f6zben j\u00f3l \u00e9rezd magad!<\/p>\r\n\r\n                            <a class=\"getStartedHidden\" href=\"https:\/\/app.talkpal.ai\/hu\/signup?lng=\">Kezdj\u00fck<\/a>\r\n        \r\n    <\/div>\r\n\r\n    <figure>\r\n    <img decoding=\"async\" width=\"768\" height=\"768\" src=\"https:\/\/talkpal.ai\/wp-content\/uploads\/2023\/06\/welsh-768x768.png\" class=\"languageImage no-lazy\" alt=\"Language learning for better cognitive abilities\" fetchpriority=\"high\" sizes=\"(max-width: 768px) 150px, 768px\" srcset=\"https:\/\/talkpal.ai\/wp-content\/uploads\/2023\/06\/welsh-768x768.png 768w, https:\/\/talkpal.ai\/wp-content\/uploads\/2023\/06\/welsh-300x300.png 300w\" \/>\r\n    \r\n\r\n    <\/figure>\r\n\r\n            <a class=\"getStartedVisible\" href=\"https:\/\/app.talkpal.ai\/hu\/signup?lng=\">Kezdj\u00fck<\/a>\r\n    \r\n<\/section><section class=\"promotionalBanner\">\r\n    <p class=\"promotionalText\">A nyelvtanul\u00e1s leghat\u00e9konyabb m\u00f3dja<\/p>\r\n    <a class=\"promotionalLink\" href=\"https:\/\/app.talkpal.ai\/hu\/signup?lng=\">Pr\u00f3b\u00e1lja ki a Talkpal ingyen<\/a>\r\n<\/section>\n<div class=\"wp-block-group pageContainerStyle\"><div class=\"wp-block-group__inner-container is-layout-constrained wp-block-group-is-layout-constrained\">\n<h2 class=\"wp-block-heading\" id=\"h-maltese-grammar-topics\">M\u00e1ltai nyelvtani t\u00e9m\u00e1k<\/h2>\n\n\n\n<p><a href=\"https:\/\/talkpal.ai\/hu\/a-legnagyobb-hibak-amelyeket-el-kell-kerulni-ha-uj-nyelvet-tanulunk\/\">Egy \u00faj nyelv elsaj\u00e1t\u00edt\u00e1sa<\/a> kih\u00edv\u00e1st jelent\u0151, de kifizet\u0151d\u0151 v\u00e1llalkoz\u00e1s lehet. Ez al\u00f3l a <a href=\"https:\/\/talkpal.ai\/learn-maltese\/\">m\u00e1ltai<\/a>, er\u0151s \u00fajlatin \u00e9s <a href=\"https:\/\/talkpal.ai\/locations\/language-courses-in-angol\/\">angol<\/a> befoly\u00e1ssal rendelkez\u0151 s\u00e9mi nyelv, amelyet f\u0151leg M\u00e1lt\u00e1n besz\u00e9lnek. Egyedi jellemz\u0151ivel \u00e9s szerkezet\u00e9vel a m\u00e1ltai nyelv <a href=\"https:\/\/talkpal.ai\/hu\/talkpal-for-education\/\">tanul\u00e1sa<\/a> szisztematikus megk\u00f6zel\u00edt\u00e9st ig\u00e9nyel a <a href=\"https:\/\/talkpal.ai\/grammar\/\">nyelvtan<\/a> meg\u00e9rt\u00e9s\u00e9hez. <a href=\"https:\/\/talkpal.ai\/culture\/how-do-you-use-the-demonstrative-pronouns-ez-and-az\/\">Ez az<\/a> \u00fatmutat\u00f3 a <a href=\"https:\/\/talkpal.ai\/hu\/maltai-nyelvtan\/\">m\u00e1ltai nyelvtan<\/a> kulcsfontoss\u00e1g\u00fa ter\u00fcleteit v\u00e1zolja fel logikai sorrendben a <a href=\"https:\/\/talkpal.ai\/hu\/talkpal-for-education\/\">nyelvtanul\u00e1shoz<\/a>, kezdve az alapokt\u00f3l, p\u00e9ld\u00e1ul a f\u0151nevekt\u0151l \u00e9s a cikkekt\u0151l, \u00e9s tov\u00e1bbhaladva az \u00f6sszetettebb ter\u00fcletekig, mint p\u00e9ld\u00e1ul az igeid\u0151k \u00e9s a mondat\u00e9p\u00edt\u00e9s.<\/p>\n\n\n\n<h3 class=\"wp-block-heading\" id=\"h-1-nouns\">1. F\u0151nevek:<\/h3>\n\n\n\n<p>Kezdje m\u00e1ltai nyelvi \u00fatj\u00e1t a f\u0151nevek elsaj\u00e1t\u00edt\u00e1s\u00e1val. Ez mag\u00e1ban foglalja a f\u0151nevek k\u00fcl\u00f6nb\u00f6z\u0151 kateg\u00f3ri\u00e1inak meg\u00e9rt\u00e9s\u00e9t, p\u00e9ld\u00e1ul a k\u00f6z\u00f6ns\u00e9ges \u00e9s tulajdonneveket, valamint t\u00f6bbes sz\u00e1m\u00fa alakjukat.<\/p>\n\n\n\n<h3 class=\"wp-block-heading\" id=\"h-2-articles\">2. Cikkek:<\/h3>\n\n\n\n<p>A m\u00e1ltai nyelv\u0171 cikkeket m\u00e1sk\u00e9pp haszn\u00e1lj\u00e1k, mint az <a href=\"https:\/\/talkpal.ai\/ai-english-speaking-practice\/\">angolt<\/a>. A hat\u00e1rozott n\u00e9vel\u0151 helyes haszn\u00e1lat\u00e1nak meg\u00e9rt\u00e9se, bele\u00e9rtve annak asszimil\u00e1ci\u00f3j\u00e1t \u00e9s a hat\u00e1rozatlan n\u00e9vel\u0151 hi\u00e1ny\u00e1t, kulcsfontoss\u00e1g\u00fa a mondat\u00e9p\u00edt\u00e9sben.<\/p>\n\n\n\n<h3 class=\"wp-block-heading\" id=\"h-3-adjectives\">3. Mell\u00e9knevek:<\/h3>\n\n\n\n<p>A m\u00e1ltai mell\u00e9knevek a f\u0151nev\u00fcket k\u00f6vetik, <a href=\"https:\/\/talkpal.ai\/locations\/language-courses-in-ami\/\">ami<\/a> elt\u00e9r az angolt\u00f3l. Meg kell tanulnia az egyez\u00e9si mint\u00e1kat is, \u00e9s azt, hogyan kell \u00f6sszehasonl\u00edt\u00f3 \u00e9s szuperlat\u00edvuszokat alkotni aktar vagy iktar \u00e9s r\u00f6gz\u00edtett form\u00e1kkal, p\u00e9ld\u00e1ul a\u0127jarral.<\/p>\n\n\n\n<h3 class=\"wp-block-heading\" id=\"h-4-pronouns-determiners\">4. N\u00e9vm\u00e1sok\/determin\u00e1nsok:<\/h3>\n\n\n\n<p>A n\u00e9vm\u00e1sok \u00e9s a determin\u00e1nsok n\u00e9lk\u00fcl\u00f6zhetetlenek a m\u00e1ltai nyelvben; Helyettes\u00edtik a f\u0151neveket, \u00e9s inform\u00e1ci\u00f3t ny\u00fajtanak a mennyis\u00e9gr\u0151l, a birtokl\u00e1sr\u00f3l \u00e9s egyebekr\u0151l. Helyes haszn\u00e1latuk mag\u00e1ban foglalja a f\u00fcggetlen alakokat, az objektumklitik\u00e1kat, a ta&#8217;-n alapul\u00f3 birtokos jellegeket \u00e9s az el\u00f6lj\u00e1r\u00f3sz\u00f3k n\u00e9vleges v\u00e9gz\u0151d\u00e9seit.<\/p>\n\n\n\n<h3 class=\"wp-block-heading\" id=\"h-5-verbs\">5. Ig\u00e9k:<\/h3>\n\n\n\n<p>A m\u00e1ltai ig\u00e9knek k\u00fcl\u00f6nb\u00f6z\u0151 alakjai vannak az igeid\u0151t\u0151l, az aspektust\u00f3l, a hangulatt\u00f3l \u00e9s a hangt\u00f3l f\u00fcgg\u0151en. Kezdje a t\u00f6k\u00e9letlen jelenjelent\u00e9ssel \u00e9s a j\u00f6v\u0151 jelz\u0151j\u00e9vel, majd fedezze fel a t\u00f6k\u00e9leteset a m\u00falt \u00e9s a imperat\u00edvusz sz\u00e1m\u00e1ra.<\/p>\n\n\n\n<h3 class=\"wp-block-heading\" id=\"h-6-tenses\">6. Igeid\u0151k:<\/h3>\n\n\n\n<p>Az igealakok elsaj\u00e1t\u00edt\u00e1sa ut\u00e1n m\u00e9lyedjen el a m\u00e1ltai igeid\u0151kben \u00e9s szempontokban. Ez mag\u00e1ban foglalja a t\u00f6k\u00e9letes \u00e9s a t\u00f6k\u00e9letlen k\u00f6z\u00f6tti k\u00fcl\u00f6nbs\u00e9gek meg\u00e9rt\u00e9s\u00e9t, a j\u00f6v\u0151 megjel\u00f6l\u00e9s\u00e9t \u00e9s a k\u00fcl\u00f6nb\u00f6z\u0151 kontextusokban val\u00f3 felhaszn\u00e1l\u00e1sukat.<\/p>\n\n\n\n<h3 class=\"wp-block-heading\" id=\"h-7-tense-comparison\">7. Fesz\u00fclt \u00f6sszehasonl\u00edt\u00e1s:<\/h3>\n\n\n\n<p>A m\u00e1ltai igeid\u0151 \u00f6sszehasonl\u00edt\u00e1sa seg\u00edt meg\u00e9rteni az esem\u00e9nyek sorrendj\u00e9t. Ugyanazon ige \u00f6sszehasonl\u00edt\u00e1sa a t\u00f6k\u00e9letes, t\u00f6k\u00e9letlen \u00e9s j\u00f6v\u0151beni ig\u00e9ben jobban meg\u00e9rti a m\u00e1ltai nyelvet.<\/p>\n\n\n\n<h3 class=\"wp-block-heading\" id=\"h-8-progressive\">8. Progressz\u00edv:<\/h3>\n\n\n\n<p>A m\u00e1ltai progressz\u00edv kifejez\u00e9st a folyamatban l\u00e9v\u0151 cselekv\u00e9sek kifejez\u00e9s\u00e9re haszn\u00e1lj\u00e1k. A qed haszn\u00e1lat\u00e1val alakul ki, amelyet a t\u00f6k\u00e9letlen k\u00f6vet.<\/p>\n\n\n\n<h3 class=\"wp-block-heading\" id=\"h-9-perfect-progressive\">9. T\u00f6k\u00e9letes progressz\u00edv:<\/h3>\n\n\n\n<p>Ezt az id\u0151t olyan cselekv\u00e9sek kifejez\u00e9s\u00e9re haszn\u00e1lj\u00e1k, amelyek egy adott pontig folyamatban voltak. A m\u00e1ltaiban \u00e1ltal\u00e1ban ilni-vel vagy ilna-val plusz id\u0151tartammal fejezik ki, \u00e9s qed-et az imperfektel.<\/p>\n\n\n\n<h3 class=\"wp-block-heading\" id=\"h-10-conditionals\">10. Felt\u00e9telek:<\/h3>\n\n\n\n<p>A felt\u00e9telek hipotetikus helyzeteket \u00e9s azok lehets\u00e9ges kimeneteleit fejezik ki. A <a href=\"https:\/\/talkpal.ai\/hu\/maltai-nyelvtan\/\">m\u00e1ltai nyelvtan<\/a> fontos r\u00e9sz\u00e9t k\u00e9pezik, \u00e9s gyakran haszn\u00e1lj\u00e1k a jekk-et az if-re \u00e9s a kieku-t az ellentmond\u00e1sos kifejez\u00e9sekre.<\/p>\n\n\n\n<h3 class=\"wp-block-heading\" id=\"h-11-adverbs\">11. Hat\u00e1roz\u00f3sz\u00f3k:<\/h3>\n\n\n\n<p>A m\u00e1ltai hat\u00e1roz\u00f3szavak ig\u00e9ket, mell\u00e9kneveket vagy m\u00e1s hat\u00e1roz\u00f3szavakat m\u00f3dos\u00edtanak. Inform\u00e1ci\u00f3t ny\u00fajtanak a m\u00f3dr\u00f3l, helyr\u0151l, id\u0151r\u0151l, fokozatr\u00f3l \u00e9s egyebekr\u0151l.<\/p>\n\n\n\n<h3 class=\"wp-block-heading\" id=\"h-12-prepositions\">12. El\u00f6lj\u00e1r\u00f3szavak:<\/h3>\n\n\n\n<p>Az el\u00f6lj\u00e1r\u00f3szavak \u00f6sszekapcsolj\u00e1k a szavakat \u00e9s kifejez\u00e9seket. Id\u0151, hely, ir\u00e1ny \u00e9s egyebek viszony\u00e1t fejezik ki, \u00e9s a m\u00e1ltaiban n\u00e9vleges v\u00e9gz\u0151d\u00e9seket vesznek fel, \u00e9s gyakran \u00f6sszeh\u00faz\u00f3dnak a hat\u00e1rozott n\u00e9vel\u0151vel.<\/p>\n\n\n\n<h3 class=\"wp-block-heading\" id=\"h-13-sentences\">13. Mondatok:<\/h3>\n\n\n\n<p>V\u00e9g\u00fcl gyakorold a mondatok fel\u00e9p\u00edt\u00e9s\u00e9t. Ez mag\u00e1ban foglalja az \u00f6sszes kor\u00e1bban megtanult nyelvtani pont kontextusban val\u00f3 felhaszn\u00e1l\u00e1s\u00e1t, \u00edgy biztos\u00edtva a m\u00e1ltai nyelv \u00e1tfog\u00f3 meg\u00e9rt\u00e9s\u00e9t.<\/p>\n<\/div><\/div>\n\r\n<section class=\"learnNavigationSection\">\r\n            \r\n        <a href=\"https:\/\/talkpal.ai\/hu\/tanulj-maltaiul\/\">\r\n            <div class=\"learnNavigationWrapper\">\r\n                <div class=\"learnNavigationContent\">\r\n                    <img decoding=\"async\" src=\"https:\/\/talkpal.ai\/wp-content\/uploads\/2025\/11\/Maltese.png\" alt=\"Maltese Flag\">\r\n                    <div>\r\n                        <h4>A m\u00e1ltai tanul\u00e1sr\u00f3l<\/h4>\r\n                        <p>Tudjon meg mindent a m\u00e1ltai nyelvtanr\u00f3l.<\/p>\r\n                    <\/div>\r\n                <\/div>\r\n            <\/div>\r\n        <\/a>\r\n\r\n        \r\n        <a href=\"https:\/\/talkpal.ai\/hu\/maltai-nyelvtan\/\">\r\n            <div class=\"learnNavigationWrapper\">\r\n                <div class=\"learnNavigationContent\">\r\n                    <img decoding=\"async\" src=\"https:\/\/talkpal.ai\/wp-content\/uploads\/2025\/11\/Maltese.png\" alt=\"Maltese Flag\">\r\n                    <div>\r\n                        <h4>M\u00e1ltai nyelvtani leck\u00e9k<\/h4>\r\n                        <p>Gyakorolja a m\u00e1ltai nyelvtant.<\/p>\r\n                    <\/div>\r\n                <\/div>\r\n            <\/div>\r\n        <\/a>\r\n\r\n            <\/section>","protected":false},"excerpt":{"rendered":"<p>M\u00e1ltai nyelvtani t\u00e9m\u00e1k Egy \u00faj nyelv elsaj\u00e1t\u00edt\u00e1sa kih\u00edv\u00e1st jelent\u0151, de kifizet\u0151d\u0151 v\u00e1llalkoz\u00e1s lehet. Ez al\u00f3l a m\u00e1ltai, er\u0151s \u00fajlatin \u00e9s angol befoly\u00e1ssal rendelkez\u0151 s\u00e9mi nyelv, amelyet f\u0151leg M\u00e1lt\u00e1n besz\u00e9lnek. Egyedi jellemz\u0151ivel \u00e9s szerkezet\u00e9vel a m\u00e1ltai nyelv tanul\u00e1sa szisztematikus megk\u00f6zel\u00edt\u00e9st ig\u00e9nyel a nyelvtan meg\u00e9rt\u00e9s\u00e9hez. Ez az \u00fatmutat\u00f3 a m\u00e1ltai nyelvtan kulcsfontoss\u00e1g\u00fa ter\u00fcleteit v\u00e1zolja fel logikai sorrendben [&hellip;]<\/p>\n","protected":false},"author":20,"featured_media":0,"parent":0,"menu_order":0,"comment_status":"closed","ping_status":"closed","template":"LearningContentPage.php","meta":{"_acf_changed":false,"footnotes":""},"class_list":["post-1475650","page","type-page","status-publish","hentry"],"acf":[],"yoast_head":"<!-- This site is optimized with the Yoast SEO Premium plugin v27.2 (Yoast SEO v27.2) - https:\/\/yoast.com\/product\/yoast-seo-premium-wordpress\/ -->\n<title>M\u00e1ltai nyelvtani gyakorlatok - Talkpal<\/title>\n<meta name=\"description\" content=\"Saj\u00e1t\u00edtsa el a m\u00e1ltai nyelvtant a f\u0151nevekre, ig\u00e9kre \u00e9s igeid\u0151kre vonatkoz\u00f3 struktur\u00e1lt gyakorlatokkal, hogy magabiztosabb\u00e1 \u00e9s foly\u00e9konyabb\u00e1 v\u00e1ljon.\" \/>\n<meta name=\"robots\" content=\"index, follow, max-snippet:-1, max-image-preview:large, max-video-preview:-1\" \/>\n<link rel=\"canonical\" href=\"https:\/\/talkpal.ai\/hu\/maltai-nyelvtani-gyakorlatok\/\" \/>\n<meta property=\"og:locale\" content=\"hu_HU\" \/>\n<meta property=\"og:type\" content=\"article\" \/>\n<meta property=\"og:title\" content=\"M\u00e1ltai nyelvtani gyakorlatok\" \/>\n<meta property=\"og:description\" content=\"M\u00e1ltai nyelvtani t\u00e9m\u00e1k Egy \u00faj nyelv elsaj\u00e1t\u00edt\u00e1sa kih\u00edv\u00e1st jelent\u0151, de kifizet\u0151d\u0151 v\u00e1llalkoz\u00e1s lehet. Ez al\u00f3l a m\u00e1ltai, er\u0151s \u00fajlatin \u00e9s angol befoly\u00e1ssal\" \/>\n<meta property=\"og:url\" content=\"https:\/\/talkpal.ai\/hu\/maltai-nyelvtani-gyakorlatok\/\" \/>\n<meta property=\"og:site_name\" content=\"Talkpal\" \/>\n<meta property=\"article:publisher\" content=\"https:\/\/www.facebook.com\/profile.php?id=100090733639311\" \/>\n<meta property=\"article:modified_time\" content=\"2025-12-30T13:40:49+00:00\" \/>\n<meta property=\"og:image\" content=\"https:\/\/talkpal.ai\/wp-content\/uploads\/2025\/02\/Progress-tab-16_9.png\" \/>\n\t<meta property=\"og:image:width\" content=\"2880\" \/>\n\t<meta property=\"og:image:height\" content=\"1620\" \/>\n\t<meta property=\"og:image:type\" content=\"image\/png\" \/>\n<meta name=\"twitter:card\" content=\"summary_large_image\" \/>\n<meta name=\"twitter:site\" content=\"@talkpalai\" \/>\n<meta name=\"twitter:label1\" content=\"Becs\u00fclt olvas\u00e1si id\u0151\" \/>\n\t<meta name=\"twitter:data1\" content=\"4 perc\" \/>\n<script type=\"application\/ld+json\" class=\"yoast-schema-graph\">{\"@context\":\"https:\/\/schema.org\",\"@graph\":[{\"@type\":\"WebPage\",\"@id\":\"https:\/\/talkpal.ai\/hu\/maltai-nyelvtani-gyakorlatok\/\",\"url\":\"https:\/\/talkpal.ai\/hu\/maltai-nyelvtani-gyakorlatok\/\",\"name\":\"M\u00e1ltai nyelvtani gyakorlatok - Talkpal\",\"isPartOf\":{\"@id\":\"https:\/\/talkpal.ai\/hu\/#website\"},\"datePublished\":\"2025-11-12T15:41:46+00:00\",\"dateModified\":\"2025-12-30T13:40:49+00:00\",\"description\":\"Saj\u00e1t\u00edtsa el a m\u00e1ltai nyelvtant a f\u0151nevekre, ig\u00e9kre \u00e9s igeid\u0151kre vonatkoz\u00f3 struktur\u00e1lt gyakorlatokkal, hogy magabiztosabb\u00e1 \u00e9s foly\u00e9konyabb\u00e1 v\u00e1ljon.\",\"breadcrumb\":{\"@id\":\"https:\/\/talkpal.ai\/hu\/maltai-nyelvtani-gyakorlatok\/#breadcrumb\"},\"inLanguage\":\"hu\",\"potentialAction\":[{\"@type\":\"ReadAction\",\"target\":[\"https:\/\/talkpal.ai\/hu\/maltai-nyelvtani-gyakorlatok\/\"]}]},{\"@type\":\"BreadcrumbList\",\"@id\":\"https:\/\/talkpal.ai\/hu\/maltai-nyelvtani-gyakorlatok\/#breadcrumb\",\"itemListElement\":[{\"@type\":\"ListItem\",\"position\":1,\"name\":\"Homepage\",\"item\":\"https:\/\/talkpal.ai\/hu\/\"},{\"@type\":\"ListItem\",\"position\":2,\"name\":\"M\u00e1ltai nyelvtani gyakorlatok\"}]},{\"@type\":\"WebSite\",\"@id\":\"https:\/\/talkpal.ai\/hu\/#website\",\"url\":\"https:\/\/talkpal.ai\/hu\/\",\"name\":\"Talkpal\",\"description\":\"AI Language Learning\",\"publisher\":{\"@id\":\"https:\/\/talkpal.ai\/hu\/#organization\"},\"alternateName\":\"Talkpal AI\",\"potentialAction\":[{\"@type\":\"SearchAction\",\"target\":{\"@type\":\"EntryPoint\",\"urlTemplate\":\"https:\/\/talkpal.ai\/hu\/?s={search_term_string}\"},\"query-input\":{\"@type\":\"PropertyValueSpecification\",\"valueRequired\":true,\"valueName\":\"search_term_string\"}}],\"inLanguage\":\"hu\"},{\"@type\":\"Organization\",\"@id\":\"https:\/\/talkpal.ai\/hu\/#organization\",\"name\":\"Talkpal, Inc.\",\"alternateName\":\"Talkpal AI\",\"url\":\"https:\/\/talkpal.ai\/hu\/\",\"logo\":{\"@type\":\"ImageObject\",\"inLanguage\":\"hu\",\"@id\":\"https:\/\/talkpal.ai\/hu\/#\/schema\/logo\/image\/\",\"url\":\"https:\/\/talkpal.ai\/wp-content\/uploads\/2024\/03\/Talkpal-Logo-Icon.png\",\"contentUrl\":\"https:\/\/talkpal.ai\/wp-content\/uploads\/2024\/03\/Talkpal-Logo-Icon.png\",\"width\":2880,\"height\":2880,\"caption\":\"Talkpal, Inc.\"},\"image\":{\"@id\":\"https:\/\/talkpal.ai\/hu\/#\/schema\/logo\/image\/\"},\"sameAs\":[\"https:\/\/www.facebook.com\/profile.php?id=100090733639311\",\"https:\/\/x.com\/talkpalai\",\"https:\/\/www.linkedin.com\/company\/talkpal\/\",\"https:\/\/www.youtube.com\/@TalkPal\/\",\"https:\/\/www.tiktok.com\/@talkpal\",\"https:\/\/www.instagram.com\/talkpal_ai\/\",\"https:\/\/www.crunchbase.com\/organization\/talkpal-9cde\",\"https:\/\/www.g2.com\/products\/talkpal-for-business\/\",\"https:\/\/www.trustpilot.com\/review\/talkpal.ai\",\"https:\/\/www.capterra.com\/p\/10006800\/TalkPal\/\"],\"description\":\"Talkpal is a language learning web and mobile education app, powered by the latest AI technologies, that provides engaging experiences to its customers in many different languages to help them improve their language skills. Users can chat about unlimited amount of topics with the app and use other modes to practice their language learning.\",\"email\":\"support@talkpal.ai\",\"legalName\":\"Talkpal, Inc.\",\"foundingDate\":\"2023-04-03\",\"duns\":\"118989042\",\"numberOfEmployees\":{\"@type\":\"QuantitativeValue\",\"minValue\":\"11\",\"maxValue\":\"50\"},\"publishingPrinciples\":\"https:\/\/talkpal.ai\/publishing-principles\/\",\"actionableFeedbackPolicy\":\"https:\/\/talkpal.ai\/actionable-feedback-policy\/\",\"correctionsPolicy\":\"https:\/\/talkpal.ai\/corrections-policy\/\",\"ethicsPolicy\":\"https:\/\/talkpal.ai\/ethics-policy\/\",\"diversityPolicy\":\"https:\/\/talkpal.ai\/diversity-policy\/\",\"diversityStaffingReport\":\"https:\/\/talkpal.ai\/diversity-policy\/\"}]}<\/script>\n<!-- \/ Yoast SEO Premium plugin. -->","yoast_head_json":{"title":"M\u00e1ltai nyelvtani gyakorlatok - Talkpal","description":"Saj\u00e1t\u00edtsa el a m\u00e1ltai nyelvtant a f\u0151nevekre, ig\u00e9kre \u00e9s igeid\u0151kre vonatkoz\u00f3 struktur\u00e1lt gyakorlatokkal, hogy magabiztosabb\u00e1 \u00e9s foly\u00e9konyabb\u00e1 v\u00e1ljon.","robots":{"index":"index","follow":"follow","max-snippet":"max-snippet:-1","max-image-preview":"max-image-preview:large","max-video-preview":"max-video-preview:-1"},"canonical":"https:\/\/talkpal.ai\/hu\/maltai-nyelvtani-gyakorlatok\/","og_locale":"hu_HU","og_type":"article","og_title":"M\u00e1ltai nyelvtani gyakorlatok","og_description":"M\u00e1ltai nyelvtani t\u00e9m\u00e1k Egy \u00faj nyelv elsaj\u00e1t\u00edt\u00e1sa kih\u00edv\u00e1st jelent\u0151, de kifizet\u0151d\u0151 v\u00e1llalkoz\u00e1s lehet. Ez al\u00f3l a m\u00e1ltai, er\u0151s \u00fajlatin \u00e9s angol befoly\u00e1ssal","og_url":"https:\/\/talkpal.ai\/hu\/maltai-nyelvtani-gyakorlatok\/","og_site_name":"Talkpal","article_publisher":"https:\/\/www.facebook.com\/profile.php?id=100090733639311","article_modified_time":"2025-12-30T13:40:49+00:00","og_image":[{"width":2880,"height":1620,"url":"https:\/\/talkpal.ai\/wp-content\/uploads\/2025\/02\/Progress-tab-16_9.png","type":"image\/png"}],"twitter_card":"summary_large_image","twitter_site":"@talkpalai","twitter_misc":{"Becs\u00fclt olvas\u00e1si id\u0151":"4 perc"},"schema":{"@context":"https:\/\/schema.org","@graph":[{"@type":"WebPage","@id":"https:\/\/talkpal.ai\/hu\/maltai-nyelvtani-gyakorlatok\/","url":"https:\/\/talkpal.ai\/hu\/maltai-nyelvtani-gyakorlatok\/","name":"M\u00e1ltai nyelvtani gyakorlatok - Talkpal","isPartOf":{"@id":"https:\/\/talkpal.ai\/hu\/#website"},"datePublished":"2025-11-12T15:41:46+00:00","dateModified":"2025-12-30T13:40:49+00:00","description":"Saj\u00e1t\u00edtsa el a m\u00e1ltai nyelvtant a f\u0151nevekre, ig\u00e9kre \u00e9s igeid\u0151kre vonatkoz\u00f3 struktur\u00e1lt gyakorlatokkal, hogy magabiztosabb\u00e1 \u00e9s foly\u00e9konyabb\u00e1 v\u00e1ljon.","breadcrumb":{"@id":"https:\/\/talkpal.ai\/hu\/maltai-nyelvtani-gyakorlatok\/#breadcrumb"},"inLanguage":"hu","potentialAction":[{"@type":"ReadAction","target":["https:\/\/talkpal.ai\/hu\/maltai-nyelvtani-gyakorlatok\/"]}]},{"@type":"BreadcrumbList","@id":"https:\/\/talkpal.ai\/hu\/maltai-nyelvtani-gyakorlatok\/#breadcrumb","itemListElement":[{"@type":"ListItem","position":1,"name":"Homepage","item":"https:\/\/talkpal.ai\/hu\/"},{"@type":"ListItem","position":2,"name":"M\u00e1ltai nyelvtani gyakorlatok"}]},{"@type":"WebSite","@id":"https:\/\/talkpal.ai\/hu\/#website","url":"https:\/\/talkpal.ai\/hu\/","name":"Talkpal","description":"AI Language Learning","publisher":{"@id":"https:\/\/talkpal.ai\/hu\/#organization"},"alternateName":"Talkpal AI","potentialAction":[{"@type":"SearchAction","target":{"@type":"EntryPoint","urlTemplate":"https:\/\/talkpal.ai\/hu\/?s={search_term_string}"},"query-input":{"@type":"PropertyValueSpecification","valueRequired":true,"valueName":"search_term_string"}}],"inLanguage":"hu"},{"@type":"Organization","@id":"https:\/\/talkpal.ai\/hu\/#organization","name":"Talkpal, Inc.","alternateName":"Talkpal AI","url":"https:\/\/talkpal.ai\/hu\/","logo":{"@type":"ImageObject","inLanguage":"hu","@id":"https:\/\/talkpal.ai\/hu\/#\/schema\/logo\/image\/","url":"https:\/\/talkpal.ai\/wp-content\/uploads\/2024\/03\/Talkpal-Logo-Icon.png","contentUrl":"https:\/\/talkpal.ai\/wp-content\/uploads\/2024\/03\/Talkpal-Logo-Icon.png","width":2880,"height":2880,"caption":"Talkpal, Inc."},"image":{"@id":"https:\/\/talkpal.ai\/hu\/#\/schema\/logo\/image\/"},"sameAs":["https:\/\/www.facebook.com\/profile.php?id=100090733639311","https:\/\/x.com\/talkpalai","https:\/\/www.linkedin.com\/company\/talkpal\/","https:\/\/www.youtube.com\/@TalkPal\/","https:\/\/www.tiktok.com\/@talkpal","https:\/\/www.instagram.com\/talkpal_ai\/","https:\/\/www.crunchbase.com\/organization\/talkpal-9cde","https:\/\/www.g2.com\/products\/talkpal-for-business\/","https:\/\/www.trustpilot.com\/review\/talkpal.ai","https:\/\/www.capterra.com\/p\/10006800\/TalkPal\/"],"description":"Talkpal is a language learning web and mobile education app, powered by the latest AI technologies, that provides engaging experiences to its customers in many different languages to help them improve their language skills. Users can chat about unlimited amount of topics with the app and use other modes to practice their language learning.","email":"support@talkpal.ai","legalName":"Talkpal, Inc.","foundingDate":"2023-04-03","duns":"118989042","numberOfEmployees":{"@type":"QuantitativeValue","minValue":"11","maxValue":"50"},"publishingPrinciples":"https:\/\/talkpal.ai\/publishing-principles\/","actionableFeedbackPolicy":"https:\/\/talkpal.ai\/actionable-feedback-policy\/","correctionsPolicy":"https:\/\/talkpal.ai\/corrections-policy\/","ethicsPolicy":"https:\/\/talkpal.ai\/ethics-policy\/","diversityPolicy":"https:\/\/talkpal.ai\/diversity-policy\/","diversityStaffingReport":"https:\/\/talkpal.ai\/diversity-policy\/"}]}},"_links":{"self":[{"href":"https:\/\/talkpal.ai\/hu\/wp-json\/wp\/v2\/pages\/1475650","targetHints":{"allow":["GET"]}}],"collection":[{"href":"https:\/\/talkpal.ai\/hu\/wp-json\/wp\/v2\/pages"}],"about":[{"href":"https:\/\/talkpal.ai\/hu\/wp-json\/wp\/v2\/types\/page"}],"author":[{"embeddable":true,"href":"https:\/\/talkpal.ai\/hu\/wp-json\/wp\/v2\/users\/20"}],"replies":[{"embeddable":true,"href":"https:\/\/talkpal.ai\/hu\/wp-json\/wp\/v2\/comments?post=1475650"}],"version-history":[{"count":0,"href":"https:\/\/talkpal.ai\/hu\/wp-json\/wp\/v2\/pages\/1475650\/revisions"}],"wp:attachment":[{"href":"https:\/\/talkpal.ai\/hu\/wp-json\/wp\/v2\/media?parent=1475650"}],"curies":[{"name":"wp","href":"https:\/\/api.w.org\/{rel}","templated":true}]}}