{"id":1475632,"date":"2025-11-12T12:26:29","date_gmt":"2025-11-12T12:26:29","guid":{"rendered":"https:\/\/talkpal.ai\/malajalam-nyelvtan\/"},"modified":"2025-12-30T13:58:51","modified_gmt":"2025-12-30T13:58:51","slug":"malajalam-nyelvtan","status":"publish","type":"page","link":"https:\/\/talkpal.ai\/hu\/malajalam-nyelvtan\/","title":{"rendered":"Malaj\u00e1lam nyelvtan"},"content":{"rendered":"\r\n\r\n\r\n<section class=\"languageChallengeSection\">\r\n    <div class=\"languageInfoWrapper\">\r\n        \r\n        <h1>Malaj\u00e1lam nyelvtan<\/h1>\r\n        <p>A malaj\u00e1lam <a href=\"https:\/\/talkpal.ai\/grammar\/\">nyelvtan<\/a> els\u0151re kih\u00edv\u00e1snak t\u0171nhet, de egyedi tulajdons\u00e1gai kifizet\u0151d\u0151 \u00e9lm\u00e9nny\u00e9 teszik a nyelvtanul\u00e1st. A nyelv \u00e1b\u00e9c\u00e9j\u00e9nek, mut\u00e1ci\u00f3inak \u00e9s nyelvtani szab\u00e1lyainak felfedez\u00e9s\u00e9vel betekint\u00e9st nyerhet egy gazdag nyelvi hagyom\u00e1nyba. Induljon el utaz\u00e1s\u00e1val, \u00e9s fedezze fel Malayalam sz\u00e9ps\u00e9g\u00e9t!<\/p>\r\n\r\n                            <a class=\"getStartedHidden\" href=\"https:\/\/app.talkpal.ai\/hu\/signup?lng=\">Kezdj\u00fck<\/a>\r\n        \r\n    <\/div>\r\n\r\n    <figure>\r\n    <img decoding=\"async\" width=\"768\" height=\"768\" src=\"https:\/\/talkpal.ai\/wp-content\/uploads\/2023\/06\/welsh-768x768.png\" class=\"languageImage no-lazy\" alt=\"Language learning for better cognitive abilities\" fetchpriority=\"high\" sizes=\"(max-width: 768px) 150px, 768px\" srcset=\"https:\/\/talkpal.ai\/wp-content\/uploads\/2023\/06\/welsh-768x768.png 768w, https:\/\/talkpal.ai\/wp-content\/uploads\/2023\/06\/welsh-300x300.png 300w\" \/>\r\n    \r\n\r\n    <\/figure>\r\n\r\n            <a class=\"getStartedVisible\" href=\"https:\/\/app.talkpal.ai\/hu\/signup?lng=\">Kezdj\u00fck<\/a>\r\n    \r\n<\/section><section class=\"promotionalBanner\">\r\n    <p class=\"promotionalText\">A nyelvtanul\u00e1s leghat\u00e9konyabb m\u00f3dja<\/p>\r\n    <a class=\"promotionalLink\" href=\"https:\/\/app.talkpal.ai\/hu\/signup?lng=\">Pr\u00f3b\u00e1lja ki a Talkpal ingyen<\/a>\r\n<\/section>\n<div class=\"wp-block-group pageContainerStyle\"><div class=\"wp-block-group__inner-container is-layout-constrained wp-block-group-is-layout-constrained\">\n<h2 class=\"wp-block-heading\" id=\"h-navigating-the-intricacies-of-malayalam-grammar\">Eligazod\u00e1s a malaj\u00e1lam nyelvtan bonyolults\u00e1g\u00e1ban<\/h2>\n\n\n\n<p><a href=\"https:\/\/talkpal.ai\/hu\/tanulj-malajalam-nyelven\/\">A malaj\u00e1lam<\/a>, egy dravida nyelv, amely gazdag t\u00f6rt\u00e9nelemmel \u00e9s m\u00e9ly kultur\u00e1lis gy\u00f6kerekkel rendelkezik Keral\u00e1ban \u00e9s a diaszp\u00f3r\u00e1ban, izgalmas nyelvi \u00e9lm\u00e9nyt k\u00edn\u00e1l azok sz\u00e1m\u00e1ra, akik sz\u00edvesen felfedezik egyed\u00fcl\u00e1ll\u00f3 nyelvtani rendszer\u00e9t. Ahogy bemer\u00e9szkedik a malaj\u00e1lam birodalm\u00e1ba, nemcsak nyelvi reperto\u00e1rj\u00e1t gazdag\u00edtja, hanem egy leny\u0171g\u00f6z\u0151 kultur\u00e1lis utaz\u00e1st is megteszel. B\u00e1r a malaj\u00e1lam nyelvtan els\u0151re bonyolultnak t\u0171nhet, az alapvet\u0151 \u00f6sszetev\u0151kre bont\u00e1sa megk\u00f6zel\u00edthet\u0151bb\u00e9 teszi a nyelvtanul\u00e1st. Ebben a cikkben felt\u00e1rjuk a malaj\u00e1lam nyelvtan mag\u00e1val ragad\u00f3 vil\u00e1g\u00e1t, \u00e9s tippeket adunk annak \u00f6sszetetts\u00e9g\u00e9nek elsaj\u00e1t\u00edt\u00e1s\u00e1hoz.<\/p>\n\n\n\n<h3 class=\"wp-block-heading\" id=\"h-1-malayalam-alphabet-and-phonetics\">1. Malaj\u00e1lam \u00e1b\u00e9c\u00e9 \u00e9s fonetika<\/h3>\n\n\n\n<p>A malaj\u00e1lam \u00edr\u00e1s egy abugida, amely f\u00fcggetlen mag\u00e1nhangz\u00f3kat, benne rejl\u0151 mag\u00e1nhangz\u00f3kat \u00e9s f\u00fcgg\u0151 mag\u00e1nhangz\u00f3jeleket tartalmaz. A tanul\u00f3knak meg kell ismerni\u00fck mag\u00e1nhangz\u00f3it \u00e9s m\u00e1ssalhangz\u00f3it, bele\u00e9rtve az olyan jellegzetes hangokat, mint a retroflex m\u00e1ssalhangz\u00f3k \u00e9s a figyelemre m\u00e9lt\u00f3 &#8222;zh&#8221; hang. A legfontosabb \u00edr\u00e1si fogalmak k\u00f6z\u00e9 tartozik a mag\u00e1nhangz\u00f3, a mag\u00e1nhangz\u00f3k elnyom\u00e1s\u00e1ra szolg\u00e1l\u00f3 chandrakkala nev\u0171 virama jel, a k\u00f6t\u0151sz\u00f3 m\u00e1ssalhangz\u00f3k \u00e9s a speci\u00e1lis chillu bet\u0171k. A malaj\u00e1lam nyelvtan elsaj\u00e1t\u00edt\u00e1s\u00e1hoz elengedhetetlen az olvas\u00e1s \u00e9s az \u00edr\u00e1s gyakorl\u00e1sa malaj\u00e1lam nyelven.<\/p>\n\n\n\n<h3 class=\"wp-block-heading\" id=\"h-2-sandhi-and-assimilation-a-peculiar-malayalam-feature\">2. Sandhi \u00e9s asszimil\u00e1ci\u00f3: Saj\u00e1tos malaj\u00e1lam jellemz\u0151<\/h3>\n\n\n\n<p>A malaj\u00e1lam fonol\u00f3gia egyik legszembet\u0171n\u0151bb aspektusa a sandhi, az asszimil\u00e1ci\u00f3 \u00e9s a m\u00e1ssalhangz\u00f3 gemin\u00e1ci\u00f3 elterjedts\u00e9ge a morf\u00e9ma \u00e9s a sz\u00f3 hat\u00e1rain. A hangok megv\u00e1ltozhatnak, ha ut\u00f3tagokat adnak hozz\u00e1, vagy amikor a szavak \u00f6sszet\u00e9telben egyes\u00fclnek, \u00e9s a naz\u00e1lisok gyakran asszimil\u00e1l\u00f3dnak a k\u00f6vetkez\u0151 m\u00e1ssalhangz\u00f3kkal. Annak meg\u00e9rt\u00e9se, hogy mikor \u00e9s hogyan t\u00f6rt\u00e9nnek ezek a v\u00e1ltoz\u00e1sok, l\u00e9tfontoss\u00e1g\u00fa a term\u00e9szetes kiejt\u00e9shez \u00e9s a pontos kommunik\u00e1ci\u00f3hoz malaj\u00e1lam nyelven.<\/p>\n\n\n\n<h3 class=\"wp-block-heading\" id=\"h-3-nouns-and-pronouns-gender-and-cases\">3. F\u0151nevek \u00e9s n\u00e9vm\u00e1sok: nem \u00e9s esetek<\/h3>\n\n\n\n<p>A malaj\u00e1lam f\u0151nevek \u00e1ltal\u00e1ban nem jel\u00f6lik meg a nyelvtani nemet, \u00e9s a t\u00f6bbes sz\u00e1m gyakran haszn\u00e1lja a -kal ut\u00f3tagot, n\u00e9mi szab\u00e1lytalans\u00e1ggal \u00e9s alternat\u00edv\u00e1val. Az esetkapcsolatokat ut\u00f3tagokkal \u00e9s posztpoz\u00edci\u00f3kkal fejezz\u00fck ki, mint p\u00e9ld\u00e1ul a t\u00e1rgyesetes -e, a dat\u00edvusz -kku vagy -inu, a birtokos -ude, az instrument\u00e1lis -al, a helyhat\u00e1roz\u00f3 -il, az ablat\u00edv -il ninnu, a szociat\u00edv -ote \u00e9s a vokat\u00edvusz -e. A malaj\u00e1lam n\u00e9vm\u00e1sok k\u00f6z\u00e9 tartoznak az olyan szem\u00e9lyes n\u00e9vm\u00e1sok, mint a njan, ni, ningal, nammal, avan, aval \u00e9s a tiszteletbeli avar, valamint birtokos alakok a birtokos alakokon kereszt\u00fcl, a reflex\u00edv tan vagy tanne r\u00e9v\u00e9n, az olyan demonstrat\u00edvumok, mint az i \u00e9s aa, valamint a k\u00e9rd\u0151 alakok, mint az aar, entu, evate \u00e9s eppol. Ezeknek a n\u00e9vm\u00e1soknak \u00e9s form\u00e1iknak a megismer\u00e9se jelent\u0151sen jav\u00edtja a malaj\u00e1lam nyelvtan meg\u00e9rt\u00e9s\u00e9t.<\/p>\n\n\n\n<h3 class=\"wp-block-heading\" id=\"h-4-verbs-structure-and-conjugation\">4. Ig\u00e9k: szerkezet \u00e9s ragoz\u00e1s<\/h3>\n\n\n\n<p>A malaj\u00e1lam ig\u00e9k els\u0151sorban az igeid\u0151re, az aspektusra, a hangulatra \u00e9s a polarit\u00e1sra ragoznak, nem pedig a szem\u00e9lyre vagy a sz\u00e1mra. A mag igeid\u0151 aspektusform\u00e1k k\u00f6z\u00e9 tartozik a jelen progressz\u00edv -unnu, a m\u00falt -i vagy -u \u00e9s a j\u00f6v\u0151 -um. A tagad\u00e1st \u00e1ltal\u00e1ban -illa-val alkotj\u00e1k, \u00e9s a fontos hangulatok k\u00f6z\u00e9 tartozik az imperat\u00edvusz \u00e9s a felt\u00e9teles, gyakran olyan \u00f6sszek\u00f6ttet\u00e9sekkel \u00e9p\u00fcl fel, mint az -enkil vagy az -al. A seg\u00e9dig\u00e9k \u00e9s a mell\u00e9kn\u00e9vi igenevek k\u00f6zponti szerepet j\u00e1tszanak a nyelvben, olyan form\u00e1kkal, mint az -unna, -iya \u00e9s -aya, relat\u00edv mell\u00e9kmondatok \u00e9s perifrasztikus konstrukci\u00f3k l\u00e9trehoz\u00e1s\u00e1ra szolg\u00e1lnak. Ezeknek a mint\u00e1knak a megtanul\u00e1sa jav\u00edtja a malaj\u00e1lam nyelven val\u00f3 hat\u00e9kony kommunik\u00e1ci\u00f3 k\u00e9pess\u00e9g\u00e9t.<\/p>\n\n\n\n<h3 class=\"wp-block-heading\" id=\"h-5-adjectives-agreement-and-placement\">5. Mell\u00e9knevek: meg\u00e1llapod\u00e1s \u00e9s elhelyez\u00e9s<\/h3>\n\n\n\n<p>A malaj\u00e1lam nyelvtanban a mell\u00e9knevek \u00e1ltal\u00e1ban megel\u0151zik az \u00e1ltaluk m\u00f3dos\u00edtott f\u0151nevet, \u00e9s nem\u00fckben vagy sz\u00e1mukban nem egyeznek meg a f\u0151n\u00e9vvel. Sok le\u00edr\u00f3 jelent\u00e9st participi\u00e1lis vagy birtokos konstrukci\u00f3kkal fejeznek ki, \u00e9s az \u00f6sszehasonl\u00edt\u00f3 \u00e9s szuperlat\u00edvuszokat gyakran analitikusan alak\u00edtj\u00e1k ki, p\u00e9ld\u00e1ul a kooduthal az \u00f6sszehasonl\u00edt\u00f3 \u00e9s az etavum a szuperlat\u00edvusz helyett. Ezeknek a mint\u00e1knak a meg\u00e9rt\u00e9se elengedhetetlen a term\u00e9szetesebb kommunik\u00e1ci\u00f3hoz.<\/p>\n\n\n\n<p><strong>P\u00e9ld\u00e1k:<\/strong><\/p>\n\n\n\n<p><strong>\u2013 Valiya Sneham (nagy szerelem)<\/strong><\/p>\n\n\n\n<p><strong>\u2013 Cheriya Kuttikal (kisgyerekek)<\/strong><\/p>\n\n\n\n<h3 class=\"wp-block-heading\" id=\"h-6-engaging-with-the-language\">6. A nyelv haszn\u00e1lata<\/h3>\n\n\n\n<p>A malaj\u00e1lam nyelvtan teljes meg\u00e9rt\u00e9s\u00e9nek \u00e9s internaliz\u00e1l\u00e1s\u00e1nak leghat\u00e9konyabb m\u00f3dja a nyelv k\u00f6vetkezetes bevon\u00e1sa. A malaj\u00e1lam irodalom \u00e9s \u00fajs\u00e1gok olvas\u00e1s\u00e1val, malaj\u00e1lam filmek vagy telev\u00edzi\u00f3s sorozatok n\u00e9z\u00e9s\u00e9vel, dalok \u00e9s r\u00e1di\u00f3 hallgat\u00e1s\u00e1val, valamint az anyanyelvi besz\u00e9l\u0151kkel val\u00f3 akt\u00edv kommunik\u00e1ci\u00f3val meger\u0151s\u00edti a nyelvtan meg\u00e9rt\u00e9s\u00e9t, mik\u00f6zben b\u0151v\u00edti sz\u00f3kincs\u00e9t.<\/p>\n\n\n\n<h3 class=\"wp-block-heading\" id=\"h-conclusion\">K\u00f6vetkeztet\u00e9s<\/h3>\n\n\n\n<p>B\u00e1r a malaj\u00e1lam nyelvtan bonyolultnak t\u0171nhet, odaad\u00e1ssal, gyakorl\u00e1ssal \u00e9s lelkesed\u00e9ssel j\u00e1rtass\u00e1 v\u00e1lhat ebben a gy\u00f6ny\u00f6r\u0171 nyelvben. Ha az alapvet\u0151 szab\u00e1lyokra \u00f6sszpontos\u00edt, \u00e9s k\u00fcl\u00f6nb\u00f6z\u0151 kontextusokban foglalkozik a nyelvvel, gyorsan fejlesztheti malaj\u00e1lam <a href=\"https:\/\/talkpal.ai\/hu\/nyelvtan\/\">nyelvtani k\u00e9szs\u00e9geit<\/a>. Ashamsakal (sok szerencs\u00e9t) a malaj\u00e1lam nyelvi utaz\u00e1shoz, \u00e9s \u00e9lvezze a malaj\u00e1lam nyelvtan rejt\u00e9lyes, m\u00e9gis mag\u00e1val ragad\u00f3 vil\u00e1g\u00e1nak megfejt\u00e9s\u00e9t!<\/p>\n<\/div><\/div>\n\r\n<section class=\"learnNavigationSection\">\r\n            \r\n        <a href=\"https:\/\/talkpal.ai\/hu\/tanulj-malajalam-nyelven\/\">\r\n            <div class=\"learnNavigationWrapper\">\r\n                <div class=\"learnNavigationContent\">\r\n                    <img decoding=\"async\" src=\"https:\/\/talkpal.ai\/wp-content\/uploads\/2025\/11\/Malayalam.png\" alt=\"Indian Simplified Flag\">\r\n                    <div>\r\n                        <h4>A malaj\u00e1lam tanul\u00e1sr\u00f3l<\/h4>\r\n                        <p>Tudjon meg mindent a malaj\u00e1lam nyelvtanr\u00f3l.<\/p>\r\n                    <\/div>\r\n                <\/div>\r\n            <\/div>\r\n        <\/a>\r\n\r\n        \r\n        <a href=\"https:\/\/talkpal.ai\/hu\/malajalam-nyelvtani-gyakorlatok\/\">\r\n            <div class=\"learnNavigationWrapper\">\r\n                <div class=\"learnNavigationContent\">\r\n                    <img decoding=\"async\" src=\"https:\/\/talkpal.ai\/wp-content\/uploads\/2025\/11\/Malayalam.png\" alt=\"Indian Simplified Flag\">\r\n                    <div>\r\n                        <h4>Malaj\u00e1lam nyelvtani gyakorlat<\/h4>\r\n                        <p>Gyakorold a malaj\u00e1lam nyelvtant.<\/p>\r\n                    <\/div>\r\n                <\/div>\r\n            <\/div>\r\n        <\/a>\r\n\r\n            <\/section>","protected":false},"excerpt":{"rendered":"<p>Eligazod\u00e1s a malaj\u00e1lam nyelvtan bonyolults\u00e1g\u00e1ban A malaj\u00e1lam, egy dravida nyelv, amely gazdag t\u00f6rt\u00e9nelemmel \u00e9s m\u00e9ly kultur\u00e1lis gy\u00f6kerekkel rendelkezik Keral\u00e1ban \u00e9s a diaszp\u00f3r\u00e1ban, izgalmas nyelvi \u00e9lm\u00e9nyt k\u00edn\u00e1l azok sz\u00e1m\u00e1ra, akik sz\u00edvesen felfedezik egyed\u00fcl\u00e1ll\u00f3 nyelvtani rendszer\u00e9t. Ahogy bemer\u00e9szkedik a malaj\u00e1lam birodalm\u00e1ba, nemcsak nyelvi reperto\u00e1rj\u00e1t gazdag\u00edtja, hanem egy leny\u0171g\u00f6z\u0151 kultur\u00e1lis utaz\u00e1st is megteszel. B\u00e1r a malaj\u00e1lam nyelvtan els\u0151re [&hellip;]<\/p>\n","protected":false},"author":20,"featured_media":0,"parent":0,"menu_order":0,"comment_status":"closed","ping_status":"closed","template":"LearningContentPage.php","meta":{"_acf_changed":false,"footnotes":""},"class_list":["post-1475632","page","type-page","status-publish","hentry"],"acf":[],"yoast_head":"<!-- This site is optimized with the Yoast SEO Premium plugin v27.2 (Yoast SEO v27.2) - https:\/\/yoast.com\/product\/yoast-seo-premium-wordpress\/ -->\n<title>Malaj\u00e1lam nyelvtan - Talkpal<\/title>\n<meta name=\"description\" content=\"Saj\u00e1t\u00edtsd el a mal\u00e1j nyelvtani szab\u00e1lyokat, bele\u00e9rtve az \u00e1b\u00e9c\u00e9t, a f\u0151neveket \u00e9s az ig\u00e9ket is, az \u00e1tfog\u00f3 AI nyelvtanul\u00e1si \u00fatmutat\u00f3val.\" \/>\n<meta name=\"robots\" content=\"index, follow, max-snippet:-1, max-image-preview:large, max-video-preview:-1\" \/>\n<link rel=\"canonical\" href=\"https:\/\/talkpal.ai\/hu\/malajalam-nyelvtan\/\" \/>\n<meta property=\"og:locale\" content=\"hu_HU\" \/>\n<meta property=\"og:type\" content=\"article\" \/>\n<meta property=\"og:title\" content=\"Malaj\u00e1lam nyelvtan\" \/>\n<meta property=\"og:description\" content=\"Eligazod\u00e1s a malaj\u00e1lam nyelvtan bonyolults\u00e1g\u00e1ban A malaj\u00e1lam, egy dravida nyelv, amely gazdag t\u00f6rt\u00e9nelemmel \u00e9s m\u00e9ly kultur\u00e1lis gy\u00f6kerekkel rendelkezik\" \/>\n<meta property=\"og:url\" content=\"https:\/\/talkpal.ai\/hu\/malajalam-nyelvtan\/\" \/>\n<meta property=\"og:site_name\" content=\"Talkpal\" \/>\n<meta property=\"article:publisher\" content=\"https:\/\/www.facebook.com\/profile.php?id=100090733639311\" \/>\n<meta property=\"article:modified_time\" content=\"2025-12-30T13:58:51+00:00\" \/>\n<meta property=\"og:image\" content=\"https:\/\/talkpal.ai\/wp-content\/uploads\/2025\/02\/Progress-tab-16_9.png\" \/>\n\t<meta property=\"og:image:width\" content=\"2880\" \/>\n\t<meta property=\"og:image:height\" content=\"1620\" \/>\n\t<meta property=\"og:image:type\" content=\"image\/png\" \/>\n<meta name=\"twitter:card\" content=\"summary_large_image\" \/>\n<meta name=\"twitter:site\" content=\"@talkpalai\" \/>\n<meta name=\"twitter:label1\" content=\"Becs\u00fclt olvas\u00e1si id\u0151\" \/>\n\t<meta name=\"twitter:data1\" content=\"5 perc\" \/>\n<script type=\"application\/ld+json\" class=\"yoast-schema-graph\">{\"@context\":\"https:\/\/schema.org\",\"@graph\":[{\"@type\":\"WebPage\",\"@id\":\"https:\/\/talkpal.ai\/hu\/malajalam-nyelvtan\/\",\"url\":\"https:\/\/talkpal.ai\/hu\/malajalam-nyelvtan\/\",\"name\":\"Malaj\u00e1lam nyelvtan - Talkpal\",\"isPartOf\":{\"@id\":\"https:\/\/talkpal.ai\/hu\/#website\"},\"datePublished\":\"2025-11-12T12:26:29+00:00\",\"dateModified\":\"2025-12-30T13:58:51+00:00\",\"description\":\"Saj\u00e1t\u00edtsd el a mal\u00e1j nyelvtani szab\u00e1lyokat, bele\u00e9rtve az \u00e1b\u00e9c\u00e9t, a f\u0151neveket \u00e9s az ig\u00e9ket is, az \u00e1tfog\u00f3 AI nyelvtanul\u00e1si \u00fatmutat\u00f3val.\",\"breadcrumb\":{\"@id\":\"https:\/\/talkpal.ai\/hu\/malajalam-nyelvtan\/#breadcrumb\"},\"inLanguage\":\"hu\",\"potentialAction\":[{\"@type\":\"ReadAction\",\"target\":[\"https:\/\/talkpal.ai\/hu\/malajalam-nyelvtan\/\"]}]},{\"@type\":\"BreadcrumbList\",\"@id\":\"https:\/\/talkpal.ai\/hu\/malajalam-nyelvtan\/#breadcrumb\",\"itemListElement\":[{\"@type\":\"ListItem\",\"position\":1,\"name\":\"Homepage\",\"item\":\"https:\/\/talkpal.ai\/hu\/\"},{\"@type\":\"ListItem\",\"position\":2,\"name\":\"Malaj\u00e1lam nyelvtan\"}]},{\"@type\":\"WebSite\",\"@id\":\"https:\/\/talkpal.ai\/hu\/#website\",\"url\":\"https:\/\/talkpal.ai\/hu\/\",\"name\":\"Talkpal\",\"description\":\"AI Language Learning\",\"publisher\":{\"@id\":\"https:\/\/talkpal.ai\/hu\/#organization\"},\"alternateName\":\"Talkpal AI\",\"potentialAction\":[{\"@type\":\"SearchAction\",\"target\":{\"@type\":\"EntryPoint\",\"urlTemplate\":\"https:\/\/talkpal.ai\/hu\/?s={search_term_string}\"},\"query-input\":{\"@type\":\"PropertyValueSpecification\",\"valueRequired\":true,\"valueName\":\"search_term_string\"}}],\"inLanguage\":\"hu\"},{\"@type\":\"Organization\",\"@id\":\"https:\/\/talkpal.ai\/hu\/#organization\",\"name\":\"Talkpal, Inc.\",\"alternateName\":\"Talkpal AI\",\"url\":\"https:\/\/talkpal.ai\/hu\/\",\"logo\":{\"@type\":\"ImageObject\",\"inLanguage\":\"hu\",\"@id\":\"https:\/\/talkpal.ai\/hu\/#\/schema\/logo\/image\/\",\"url\":\"https:\/\/talkpal.ai\/wp-content\/uploads\/2024\/03\/Talkpal-Logo-Icon.png\",\"contentUrl\":\"https:\/\/talkpal.ai\/wp-content\/uploads\/2024\/03\/Talkpal-Logo-Icon.png\",\"width\":2880,\"height\":2880,\"caption\":\"Talkpal, Inc.\"},\"image\":{\"@id\":\"https:\/\/talkpal.ai\/hu\/#\/schema\/logo\/image\/\"},\"sameAs\":[\"https:\/\/www.facebook.com\/profile.php?id=100090733639311\",\"https:\/\/x.com\/talkpalai\",\"https:\/\/www.linkedin.com\/company\/talkpal\/\",\"https:\/\/www.youtube.com\/@TalkPal\/\",\"https:\/\/www.tiktok.com\/@talkpal\",\"https:\/\/www.instagram.com\/talkpal_ai\/\",\"https:\/\/www.crunchbase.com\/organization\/talkpal-9cde\",\"https:\/\/www.g2.com\/products\/talkpal-for-business\/\",\"https:\/\/www.trustpilot.com\/review\/talkpal.ai\",\"https:\/\/www.capterra.com\/p\/10006800\/TalkPal\/\"],\"description\":\"Talkpal is a language learning web and mobile education app, powered by the latest AI technologies, that provides engaging experiences to its customers in many different languages to help them improve their language skills. Users can chat about unlimited amount of topics with the app and use other modes to practice their language learning.\",\"email\":\"support@talkpal.ai\",\"legalName\":\"Talkpal, Inc.\",\"foundingDate\":\"2023-04-03\",\"duns\":\"118989042\",\"numberOfEmployees\":{\"@type\":\"QuantitativeValue\",\"minValue\":\"11\",\"maxValue\":\"50\"},\"publishingPrinciples\":\"https:\/\/talkpal.ai\/publishing-principles\/\",\"actionableFeedbackPolicy\":\"https:\/\/talkpal.ai\/actionable-feedback-policy\/\",\"correctionsPolicy\":\"https:\/\/talkpal.ai\/corrections-policy\/\",\"ethicsPolicy\":\"https:\/\/talkpal.ai\/ethics-policy\/\",\"diversityPolicy\":\"https:\/\/talkpal.ai\/diversity-policy\/\",\"diversityStaffingReport\":\"https:\/\/talkpal.ai\/diversity-policy\/\"}]}<\/script>\n<!-- \/ Yoast SEO Premium plugin. -->","yoast_head_json":{"title":"Malaj\u00e1lam nyelvtan - Talkpal","description":"Saj\u00e1t\u00edtsd el a mal\u00e1j nyelvtani szab\u00e1lyokat, bele\u00e9rtve az \u00e1b\u00e9c\u00e9t, a f\u0151neveket \u00e9s az ig\u00e9ket is, az \u00e1tfog\u00f3 AI nyelvtanul\u00e1si \u00fatmutat\u00f3val.","robots":{"index":"index","follow":"follow","max-snippet":"max-snippet:-1","max-image-preview":"max-image-preview:large","max-video-preview":"max-video-preview:-1"},"canonical":"https:\/\/talkpal.ai\/hu\/malajalam-nyelvtan\/","og_locale":"hu_HU","og_type":"article","og_title":"Malaj\u00e1lam nyelvtan","og_description":"Eligazod\u00e1s a malaj\u00e1lam nyelvtan bonyolults\u00e1g\u00e1ban A malaj\u00e1lam, egy dravida nyelv, amely gazdag t\u00f6rt\u00e9nelemmel \u00e9s m\u00e9ly kultur\u00e1lis gy\u00f6kerekkel rendelkezik","og_url":"https:\/\/talkpal.ai\/hu\/malajalam-nyelvtan\/","og_site_name":"Talkpal","article_publisher":"https:\/\/www.facebook.com\/profile.php?id=100090733639311","article_modified_time":"2025-12-30T13:58:51+00:00","og_image":[{"width":2880,"height":1620,"url":"https:\/\/talkpal.ai\/wp-content\/uploads\/2025\/02\/Progress-tab-16_9.png","type":"image\/png"}],"twitter_card":"summary_large_image","twitter_site":"@talkpalai","twitter_misc":{"Becs\u00fclt olvas\u00e1si id\u0151":"5 perc"},"schema":{"@context":"https:\/\/schema.org","@graph":[{"@type":"WebPage","@id":"https:\/\/talkpal.ai\/hu\/malajalam-nyelvtan\/","url":"https:\/\/talkpal.ai\/hu\/malajalam-nyelvtan\/","name":"Malaj\u00e1lam nyelvtan - Talkpal","isPartOf":{"@id":"https:\/\/talkpal.ai\/hu\/#website"},"datePublished":"2025-11-12T12:26:29+00:00","dateModified":"2025-12-30T13:58:51+00:00","description":"Saj\u00e1t\u00edtsd el a mal\u00e1j nyelvtani szab\u00e1lyokat, bele\u00e9rtve az \u00e1b\u00e9c\u00e9t, a f\u0151neveket \u00e9s az ig\u00e9ket is, az \u00e1tfog\u00f3 AI nyelvtanul\u00e1si \u00fatmutat\u00f3val.","breadcrumb":{"@id":"https:\/\/talkpal.ai\/hu\/malajalam-nyelvtan\/#breadcrumb"},"inLanguage":"hu","potentialAction":[{"@type":"ReadAction","target":["https:\/\/talkpal.ai\/hu\/malajalam-nyelvtan\/"]}]},{"@type":"BreadcrumbList","@id":"https:\/\/talkpal.ai\/hu\/malajalam-nyelvtan\/#breadcrumb","itemListElement":[{"@type":"ListItem","position":1,"name":"Homepage","item":"https:\/\/talkpal.ai\/hu\/"},{"@type":"ListItem","position":2,"name":"Malaj\u00e1lam nyelvtan"}]},{"@type":"WebSite","@id":"https:\/\/talkpal.ai\/hu\/#website","url":"https:\/\/talkpal.ai\/hu\/","name":"Talkpal","description":"AI Language Learning","publisher":{"@id":"https:\/\/talkpal.ai\/hu\/#organization"},"alternateName":"Talkpal AI","potentialAction":[{"@type":"SearchAction","target":{"@type":"EntryPoint","urlTemplate":"https:\/\/talkpal.ai\/hu\/?s={search_term_string}"},"query-input":{"@type":"PropertyValueSpecification","valueRequired":true,"valueName":"search_term_string"}}],"inLanguage":"hu"},{"@type":"Organization","@id":"https:\/\/talkpal.ai\/hu\/#organization","name":"Talkpal, Inc.","alternateName":"Talkpal AI","url":"https:\/\/talkpal.ai\/hu\/","logo":{"@type":"ImageObject","inLanguage":"hu","@id":"https:\/\/talkpal.ai\/hu\/#\/schema\/logo\/image\/","url":"https:\/\/talkpal.ai\/wp-content\/uploads\/2024\/03\/Talkpal-Logo-Icon.png","contentUrl":"https:\/\/talkpal.ai\/wp-content\/uploads\/2024\/03\/Talkpal-Logo-Icon.png","width":2880,"height":2880,"caption":"Talkpal, Inc."},"image":{"@id":"https:\/\/talkpal.ai\/hu\/#\/schema\/logo\/image\/"},"sameAs":["https:\/\/www.facebook.com\/profile.php?id=100090733639311","https:\/\/x.com\/talkpalai","https:\/\/www.linkedin.com\/company\/talkpal\/","https:\/\/www.youtube.com\/@TalkPal\/","https:\/\/www.tiktok.com\/@talkpal","https:\/\/www.instagram.com\/talkpal_ai\/","https:\/\/www.crunchbase.com\/organization\/talkpal-9cde","https:\/\/www.g2.com\/products\/talkpal-for-business\/","https:\/\/www.trustpilot.com\/review\/talkpal.ai","https:\/\/www.capterra.com\/p\/10006800\/TalkPal\/"],"description":"Talkpal is a language learning web and mobile education app, powered by the latest AI technologies, that provides engaging experiences to its customers in many different languages to help them improve their language skills. Users can chat about unlimited amount of topics with the app and use other modes to practice their language learning.","email":"support@talkpal.ai","legalName":"Talkpal, Inc.","foundingDate":"2023-04-03","duns":"118989042","numberOfEmployees":{"@type":"QuantitativeValue","minValue":"11","maxValue":"50"},"publishingPrinciples":"https:\/\/talkpal.ai\/publishing-principles\/","actionableFeedbackPolicy":"https:\/\/talkpal.ai\/actionable-feedback-policy\/","correctionsPolicy":"https:\/\/talkpal.ai\/corrections-policy\/","ethicsPolicy":"https:\/\/talkpal.ai\/ethics-policy\/","diversityPolicy":"https:\/\/talkpal.ai\/diversity-policy\/","diversityStaffingReport":"https:\/\/talkpal.ai\/diversity-policy\/"}]}},"_links":{"self":[{"href":"https:\/\/talkpal.ai\/hu\/wp-json\/wp\/v2\/pages\/1475632","targetHints":{"allow":["GET"]}}],"collection":[{"href":"https:\/\/talkpal.ai\/hu\/wp-json\/wp\/v2\/pages"}],"about":[{"href":"https:\/\/talkpal.ai\/hu\/wp-json\/wp\/v2\/types\/page"}],"author":[{"embeddable":true,"href":"https:\/\/talkpal.ai\/hu\/wp-json\/wp\/v2\/users\/20"}],"replies":[{"embeddable":true,"href":"https:\/\/talkpal.ai\/hu\/wp-json\/wp\/v2\/comments?post=1475632"}],"version-history":[{"count":0,"href":"https:\/\/talkpal.ai\/hu\/wp-json\/wp\/v2\/pages\/1475632\/revisions"}],"wp:attachment":[{"href":"https:\/\/talkpal.ai\/hu\/wp-json\/wp\/v2\/media?parent=1475632"}],"curies":[{"name":"wp","href":"https:\/\/api.w.org\/{rel}","templated":true}]}}