{"id":1475612,"date":"2025-11-12T12:26:03","date_gmt":"2025-11-12T12:26:03","guid":{"rendered":"https:\/\/talkpal.ai\/malajalam-nyelvtani-gyakorlatok\/"},"modified":"2025-12-30T13:57:05","modified_gmt":"2025-12-30T13:57:05","slug":"malajalam-nyelvtani-gyakorlatok","status":"publish","type":"page","link":"https:\/\/talkpal.ai\/hu\/malajalam-nyelvtani-gyakorlatok\/","title":{"rendered":"Malaj\u00e1lam nyelvtani gyakorlatok"},"content":{"rendered":"\r\n\r\n\r\n<section class=\"languageChallengeSection\">\r\n    <div class=\"languageInfoWrapper\">\r\n        \r\n        <h1>Malaj\u00e1lam nyelvtani gyakorlatok<\/h1>\r\n        <p>K\u00e9szen \u00e1llsz arra, hogy belemer\u00fclj a malaj\u00e1lam nyelvtanba? N\u00e9h\u00e1ny alapismeret begyakorl\u00e1sa seg\u00edt abban, hogy elsaj\u00e1t\u00edtsd ezt az egyed\u00fcl\u00e1ll\u00f3 \u00e9s gy\u00f6ny\u00f6r\u0171 nyelvet. Pr\u00f3b\u00e1ld ki ezeket a gyakorlatokat, hogy n\u00f6veld az \u00f6nbizalmadat, \u00e9s k\u00f6zben j\u00f3l \u00e9rezd magad!<\/p>\r\n\r\n                            <a class=\"getStartedHidden\" href=\"https:\/\/app.talkpal.ai\/hu\/signup?lng=\">Kezdj\u00fck<\/a>\r\n        \r\n    <\/div>\r\n\r\n    <figure>\r\n    <img decoding=\"async\" width=\"768\" height=\"768\" src=\"https:\/\/talkpal.ai\/wp-content\/uploads\/2023\/06\/welsh-768x768.png\" class=\"languageImage no-lazy\" alt=\"Language learning for better cognitive abilities\" fetchpriority=\"high\" sizes=\"(max-width: 768px) 150px, 768px\" srcset=\"https:\/\/talkpal.ai\/wp-content\/uploads\/2023\/06\/welsh-768x768.png 768w, https:\/\/talkpal.ai\/wp-content\/uploads\/2023\/06\/welsh-300x300.png 300w\" \/>\r\n    \r\n\r\n    <\/figure>\r\n\r\n            <a class=\"getStartedVisible\" href=\"https:\/\/app.talkpal.ai\/hu\/signup?lng=\">Kezdj\u00fck<\/a>\r\n    \r\n<\/section><section class=\"promotionalBanner\">\r\n    <p class=\"promotionalText\">A nyelvtanul\u00e1s leghat\u00e9konyabb m\u00f3dja<\/p>\r\n    <a class=\"promotionalLink\" href=\"https:\/\/app.talkpal.ai\/hu\/signup?lng=\">Pr\u00f3b\u00e1lja ki a Talkpal ingyen<\/a>\r\n<\/section>\n<div class=\"wp-block-group pageContainerStyle\"><div class=\"wp-block-group__inner-container is-layout-constrained wp-block-group-is-layout-constrained\">\n<h2 class=\"wp-block-heading\" id=\"h-malayalam-grammar-topics\">Malaj\u00e1lam nyelvtani t\u00e9m\u00e1k<\/h2>\n\n\n\n<p><a href=\"https:\/\/talkpal.ai\/hu\/a-legnagyobb-hibak-amelyeket-el-kell-kerulni-ha-uj-nyelvet-tanulunk\/\">Egy \u00faj nyelv elsaj\u00e1t\u00edt\u00e1sa<\/a> kih\u00edv\u00e1st jelent\u0151, de kifizet\u0151d\u0151 v\u00e1llalkoz\u00e1s lehet. Ez al\u00f3l a malaj\u00e1lam, egy dravida nyelv, amelyet f\u0151leg Keral\u00e1ban \u00e9s a szomsz\u00e9dos r\u00e9gi\u00f3kban besz\u00e9lnek. Egyedi tulajdons\u00e1gaival \u00e9s szerkezet\u00e9vel a malaj\u00e1lam <a href=\"https:\/\/talkpal.ai\/hu\/talkpal-for-education\/\">tanul\u00e1sa<\/a> szisztematikus megk\u00f6zel\u00edt\u00e9st ig\u00e9nyel gazdag <a href=\"https:\/\/talkpal.ai\/grammar\/\">nyelvtan<\/a> meg\u00e9rt\u00e9s\u00e9hez. <a href=\"https:\/\/talkpal.ai\/culture\/how-do-you-use-the-demonstrative-pronouns-ez-and-az\/\">Ez az<\/a> \u00fatmutat\u00f3 a <a href=\"https:\/\/talkpal.ai\/hu\/malajalam-nyelvtan\/\">malaj\u00e1lam nyelvtan<\/a> kulcsfontoss\u00e1g\u00fa ter\u00fcleteit v\u00e1zolja fel logikai sorrendben a <a href=\"https:\/\/talkpal.ai\/hu\/ai-chatbot-a-nyelvtanulashoz\/\">nyelvtanul\u00e1shoz<\/a>, kezdve az alapokt\u00f3l, p\u00e9ld\u00e1ul a f\u0151nevekt\u0151l \u00e9s a cikkekt\u0151l, \u00e9s tov\u00e1bbhaladva az \u00f6sszetettebb ter\u00fcletekig, mint p\u00e9ld\u00e1ul az igeid\u0151 \u00e9s a mondat\u00e9p\u00edt\u00e9s.<\/p>\n\n\n\n<h3 class=\"wp-block-heading\" id=\"h-1-nouns\">1. F\u0151nevek:<\/h3>\n\n\n\n<p>Kezdje malaj\u00e1lam nyelvi \u00fatj\u00e1t a f\u0151nevek elsaj\u00e1t\u00edt\u00e1s\u00e1val. Ez mag\u00e1ban foglalja a f\u0151nevek k\u00fcl\u00f6nb\u00f6z\u0151 kateg\u00f3ri\u00e1inak meg\u00e9rt\u00e9s\u00e9t, p\u00e9ld\u00e1ul a k\u00f6z- \u00e9s tulajdonneveket, t\u00f6bbes sz\u00e1mbeli alakjaik, mint p\u00e9ld\u00e1ul a -kal \u00e9s -mar, valamint az esetv\u00e9gz\u0151d\u00e9sek haszn\u00e1lat\u00e1t olyan kapcsolatokhoz, mint a hely \u00e9s a birtokl\u00e1s.<\/p>\n\n\n\n<h3 class=\"wp-block-heading\" id=\"h-2-articles\">2. Cikkek:<\/h3>\n\n\n\n<p>A malaj\u00e1lam nyelvnek nincsenek hat\u00e1rozott vagy hat\u00e1rozatlan n\u00e9vel\u0151i. A hat\u00e1rozotts\u00e1got \u00e9s a hat\u00e1rozatlans\u00e1got a kontextusban fejezik ki, az olyan demonstrat\u00edvumokon, mint az ee ez \u00e9s aa az, \u00e9s az olyan sz\u00e1mokon, mint az oru one, amely \u00fagy m\u0171k\u00f6dik, mint a vagy an.<\/p>\n\n\n\n<h3 class=\"wp-block-heading\" id=\"h-3-adjectives\">3. Mell\u00e9knevek:<\/h3>\n\n\n\n<p>A malaj\u00e1lam mell\u00e9knevek \u00e1ltal\u00e1ban megel\u0151zik a f\u0151neveiket, \u00e9s nem egyeznek meg nem\u00fckben vagy sz\u00e1mukban. Ismerje meg, hogyan fejezik ki a fokozatokat, gyakran kooduthal az \u00f6sszehasonl\u00edt\u00f3 \u00e9s ettavum a szuperlat\u00edvusz, valamint a gyakori \u00e1ll\u00edtm\u00e1nymint\u00e1k.<\/p>\n\n\n\n<h3 class=\"wp-block-heading\" id=\"h-4-pronouns-determiners\">4. N\u00e9vm\u00e1sok\/determin\u00e1nsok:<\/h3>\n\n\n\n<p>A n\u00e9vm\u00e1sok \u00e9s a determin\u00e1nsok elengedhetetlenek a malaj\u00e1lam nyelvben; A szem\u00e9lyes n\u00e9vm\u00e1sok az udvariass\u00e1got \u00e9s a t\u00e1rsadalmi t\u00e1vols\u00e1got jelzik, \u00e9s <a href=\"https:\/\/talkpal.ai\/locations\/language-courses-in-van\/\">van<\/a> egy befogad\u00f3 \u00e9s kiz\u00e1r\u00f3lagos megk\u00fcl\u00f6nb\u00f6ztet\u00e9s a We sz\u00e1m\u00e1ra. A birtokl\u00e1st \u00e1ltal\u00e1ban a birtokos ut\u00f3taggal -ute alkotj\u00e1k, \u00e9s a determin\u00e1torok k\u00f6z\u00e9 tartoznak a demonstrat\u00edvusok \u00e9s kvantorok, mint p\u00e9ld\u00e1ul az ella all \u00e9s a chila some.<\/p>\n\n\n\n<h3 class=\"wp-block-heading\" id=\"h-5-verbs\">5. Ig\u00e9k:<\/h3>\n\n\n\n<p>A malaj\u00e1lam ig\u00e9k alakj\u00e1t az id\u0151 \u00e9s az aspektus szerint v\u00e1ltoztatj\u00e1k, nem pedig szem\u00e9ly vagy sz\u00e1m szerint. Kezdje a jelen -unnu form\u00e1kkal, \u00e9s fokozatosan fedezze fel a m\u00faltat \u00e9s a j\u00f6v\u0151t, valamint az alapvet\u0151 imperat\u00edvuszokat \u00e9s a nem-v\u00e9ges form\u00e1kat.<\/p>\n\n\n\n<h3 class=\"wp-block-heading\" id=\"h-6-tenses\">6. Igeid\u0151k:<\/h3>\n\n\n\n<p>Az igealakok elsaj\u00e1t\u00edt\u00e1sa ut\u00e1n m\u00e9lyedjen el m\u00e9lyebben a malaj\u00e1lam igeid\u0151kben. Ez mag\u00e1ban foglalja a jelen -unnu, a m\u00faltbeli form\u00e1k, mint az -i vagy -ttu, \u00e9s a future -um meg\u00e9rt\u00e9s\u00e9t, \u00e9s azt, hogy mindegyiket hogyan haszn\u00e1lj\u00e1k k\u00fcl\u00f6nb\u00f6z\u0151 kontextusokban.<\/p>\n\n\n\n<h3 class=\"wp-block-heading\" id=\"h-7-tense-comparison\">7. Fesz\u00fclt \u00f6sszehasonl\u00edt\u00e1s:<\/h3>\n\n\n\n<p>A malaj\u00e1lam nyelv igeid\u0151inek \u00f6sszehasonl\u00edt\u00e1sa seg\u00edt meg\u00e9rteni az esem\u00e9nyek sorrendj\u00e9t. Ugyanazon ige \u00f6sszehasonl\u00edt\u00e1sa a jelenben, a m\u00faltban \u00e9s a j\u00f6v\u0151ben jobban meg\u00e9rti a malaj\u00e1lam nyelvet.<\/p>\n\n\n\n<h3 class=\"wp-block-heading\" id=\"h-8-progressive\">8. Progressz\u00edv:<\/h3>\n\n\n\n<p>A progressz\u00edv kifejez\u00e9st a malaj\u00e1lam nyelvben gyakran fejezik ki a jelen -unnu kontextusban, \u00e9s kifejezettebben a perifrasztikus szerkezetekkel az irikkuka seg\u00e9d haszn\u00e1lat\u00e1val, mint p\u00e9ld\u00e1ul az iget\u0151 \u00e9s a kkondu irikkuka a folyamatban l\u00e9v\u0151 cselekv\u00e9sek megjelen\u00edt\u00e9s\u00e9re.<\/p>\n\n\n\n<h3 class=\"wp-block-heading\" id=\"h-9-perfect-progressive\">9. T\u00f6k\u00e9letes progressz\u00edv:<\/h3>\n\n\n\n<p>Ez egy adott pontig folyamatban l\u00e9v\u0151 tev\u00e9kenys\u00e9gek kifejez\u00e9s\u00e9re szolg\u00e1l. A malaj\u00e1lam \u00e1ltal\u00e1ban iget\u0151t \u00e9s kkondu irikkunnu sz\u00f3t haszn\u00e1l a mostan\u00e1ig folytat\u00f3d\u00f3, az igeigen\u00e9v plusz u\u1e47\u1e6du pedig eredm\u00e9nyesebb t\u00f6k\u00e9leteseket fejez ki.<\/p>\n\n\n\n<h3 class=\"wp-block-heading\" id=\"h-10-conditionals\">10. Felt\u00e9telek:<\/h3>\n\n\n\n<p>A felt\u00e9telek hipotetikus helyzeteket \u00e9s azok lehets\u00e9ges kimeneteleit fejezik ki. A malaj\u00e1lam nyelvben olyan v\u00e9gz\u0151d\u00e9sekkel vannak kialak\u00edtva, mint az -e\u1e45kil \u00e9s -\u0101l, \u00e9s ezek elsaj\u00e1t\u00edt\u00e1sa \u00e1rnyaltabb\u00e1 \u00e9s pontosabb\u00e1 teszi a nyelvtud\u00e1sodat.<\/p>\n\n\n\n<h3 class=\"wp-block-heading\" id=\"h-11-adverbs\">11. Hat\u00e1roz\u00f3sz\u00f3k:<\/h3>\n\n\n\n<p>A malaj\u00e1lam hat\u00e1roz\u00f3i m\u00f3dos\u00edtj\u00e1k az ig\u00e9ket, mell\u00e9kneveket vagy m\u00e1s hat\u00e1roz\u00f3szavakat. Inform\u00e1ci\u00f3t ny\u00fajtanak a m\u00f3dr\u00f3l, helyr\u0151l, id\u0151r\u0151l, fokozatr\u00f3l \u00e9s egyebekr\u0151l, \u00e9s vagy k\u00fcl\u00f6n\u00e1ll\u00f3 szavakk\u00e9nt, vagy mell\u00e9knevekb\u0151l \u00e1llnak, gyakran -\u0101yi-vel.<\/p>\n\n\n\n<h3 class=\"wp-block-heading\" id=\"h-12-prepositions\">12. El\u00f6lj\u00e1r\u00f3szavak:<\/h3>\n\n\n\n<p>A malaj\u00e1lam els\u0151sorban posztpoz\u00edci\u00f3kat \u00e9s eset-ut\u00f3tagokat haszn\u00e1l, nem pedig el\u00f6lj\u00e1r\u00f3szavakat. Az id\u0151, a hely, az ir\u00e1ny \u00e9s egyebek kapcsolatai olyan v\u00e9gz\u0151d\u00e9seken kereszt\u00fcl fejez\u0151dnek ki, mint a -il lokat\u00edvus, -kku dat\u00edvusz, -\u0101l instrument\u00e1lis \u00e9s a kapcsol\u00f3d\u00f3 posztpoz\u00edci\u00f3k.<\/p>\n\n\n\n<h3 class=\"wp-block-heading\" id=\"h-13-sentences\">13. Mondatok:<\/h3>\n\n\n\n<p>V\u00e9g\u00fcl gyakorold a mondatok fel\u00e9p\u00edt\u00e9s\u00e9t. Ez mag\u00e1ban foglalja az \u00f6sszes kor\u00e1bban megtanult nyelvtani pont kontextusban t\u00f6rt\u00e9n\u0151 felhaszn\u00e1l\u00e1s\u00e1t, a malaj\u00e1lam tipikus alany-t\u00e1rgy-ige sorrendj\u00e9vel \u00e9s klausulis szerkezet\u00e9vel, \u00edgy biztos\u00edtva a malaj\u00e1lam nyelv \u00e1tfog\u00f3 meg\u00e9rt\u00e9s\u00e9t.<\/p>\n<\/div><\/div>\n\r\n<section class=\"learnNavigationSection\">\r\n            \r\n        <a href=\"https:\/\/talkpal.ai\/hu\/tanulj-malajalam-nyelven\/\">\r\n            <div class=\"learnNavigationWrapper\">\r\n                <div class=\"learnNavigationContent\">\r\n                    <img decoding=\"async\" src=\"https:\/\/talkpal.ai\/wp-content\/uploads\/2025\/11\/Malayalam.png\" alt=\"Indian Simplified Flag\">\r\n                    <div>\r\n                        <h4>A malaj\u00e1lam tanul\u00e1sr\u00f3l<\/h4>\r\n                        <p>Tudjon meg mindent a malaj\u00e1lam nyelvtanr\u00f3l.<\/p>\r\n                    <\/div>\r\n                <\/div>\r\n            <\/div>\r\n        <\/a>\r\n\r\n        \r\n        <a href=\"https:\/\/talkpal.ai\/hu\/malajalam-nyelvtan\/\">\r\n            <div class=\"learnNavigationWrapper\">\r\n                <div class=\"learnNavigationContent\">\r\n                    <img decoding=\"async\" src=\"https:\/\/talkpal.ai\/wp-content\/uploads\/2025\/11\/Malayalam.png\" alt=\"Indian Simplified Flag\">\r\n                    <div>\r\n                        <h4>Malaj\u00e1lam nyelvtani leck\u00e9k<\/h4>\r\n                        <p>Gyakorold a malaj\u00e1lam nyelvtant.<\/p>\r\n                    <\/div>\r\n                <\/div>\r\n            <\/div>\r\n        <\/a>\r\n\r\n            <\/section>","protected":false},"excerpt":{"rendered":"<p>Malaj\u00e1lam nyelvtani t\u00e9m\u00e1k Egy \u00faj nyelv elsaj\u00e1t\u00edt\u00e1sa kih\u00edv\u00e1st jelent\u0151, de kifizet\u0151d\u0151 v\u00e1llalkoz\u00e1s lehet. Ez al\u00f3l a malaj\u00e1lam, egy dravida nyelv, amelyet f\u0151leg Keral\u00e1ban \u00e9s a szomsz\u00e9dos r\u00e9gi\u00f3kban besz\u00e9lnek. Egyedi tulajdons\u00e1gaival \u00e9s szerkezet\u00e9vel a malaj\u00e1lam tanul\u00e1sa szisztematikus megk\u00f6zel\u00edt\u00e9st ig\u00e9nyel gazdag nyelvtan meg\u00e9rt\u00e9s\u00e9hez. Ez az \u00fatmutat\u00f3 a malaj\u00e1lam nyelvtan kulcsfontoss\u00e1g\u00fa ter\u00fcleteit v\u00e1zolja fel logikai sorrendben a nyelvtanul\u00e1shoz, [&hellip;]<\/p>\n","protected":false},"author":20,"featured_media":0,"parent":0,"menu_order":0,"comment_status":"closed","ping_status":"closed","template":"LearningContentPage.php","meta":{"_acf_changed":false,"footnotes":""},"class_list":["post-1475612","page","type-page","status-publish","hentry"],"acf":[],"yoast_head":"<!-- This site is optimized with the Yoast SEO Premium plugin v27.2 (Yoast SEO v27.2) - https:\/\/yoast.com\/product\/yoast-seo-premium-wordpress\/ -->\n<title>Malaj\u00e1lam nyelvtani gyakorlatok - Talkpal<\/title>\n<meta name=\"description\" content=\"Saj\u00e1t\u00edtsd el a mal\u00e1j nyelvtant interakt\u00edv gyakorlatokon kereszt\u00fcl, amelyek c\u00e9lja, hogy jav\u00edtsd a foly\u00e9kony besz\u00e9dk\u00e9szs\u00e9gedet \u00e9s a nyelv\u00e9rt\u00e9si k\u00e9szs\u00e9geidet m\u00e9g ma.\" \/>\n<meta name=\"robots\" content=\"index, follow, max-snippet:-1, max-image-preview:large, max-video-preview:-1\" \/>\n<link rel=\"canonical\" href=\"https:\/\/talkpal.ai\/hu\/malajalam-nyelvtani-gyakorlatok\/\" \/>\n<meta property=\"og:locale\" content=\"hu_HU\" \/>\n<meta property=\"og:type\" content=\"article\" \/>\n<meta property=\"og:title\" content=\"Malaj\u00e1lam nyelvtani gyakorlatok\" \/>\n<meta property=\"og:description\" content=\"Malaj\u00e1lam nyelvtani t\u00e9m\u00e1k Egy \u00faj nyelv elsaj\u00e1t\u00edt\u00e1sa kih\u00edv\u00e1st jelent\u0151, de kifizet\u0151d\u0151 v\u00e1llalkoz\u00e1s lehet. Ez al\u00f3l a malaj\u00e1lam, egy dravida nyelv, amelyet\" \/>\n<meta property=\"og:url\" content=\"https:\/\/talkpal.ai\/hu\/malajalam-nyelvtani-gyakorlatok\/\" \/>\n<meta property=\"og:site_name\" content=\"Talkpal\" \/>\n<meta property=\"article:publisher\" content=\"https:\/\/www.facebook.com\/profile.php?id=100090733639311\" \/>\n<meta property=\"article:modified_time\" content=\"2025-12-30T13:57:05+00:00\" \/>\n<meta property=\"og:image\" content=\"https:\/\/talkpal.ai\/wp-content\/uploads\/2025\/02\/Progress-tab-16_9.png\" \/>\n\t<meta property=\"og:image:width\" content=\"2880\" \/>\n\t<meta property=\"og:image:height\" content=\"1620\" \/>\n\t<meta property=\"og:image:type\" content=\"image\/png\" \/>\n<meta name=\"twitter:card\" content=\"summary_large_image\" \/>\n<meta name=\"twitter:site\" content=\"@talkpalai\" \/>\n<meta name=\"twitter:label1\" content=\"Becs\u00fclt olvas\u00e1si id\u0151\" \/>\n\t<meta name=\"twitter:data1\" content=\"4 perc\" \/>\n<script type=\"application\/ld+json\" class=\"yoast-schema-graph\">{\"@context\":\"https:\/\/schema.org\",\"@graph\":[{\"@type\":\"WebPage\",\"@id\":\"https:\/\/talkpal.ai\/hu\/malajalam-nyelvtani-gyakorlatok\/\",\"url\":\"https:\/\/talkpal.ai\/hu\/malajalam-nyelvtani-gyakorlatok\/\",\"name\":\"Malaj\u00e1lam nyelvtani gyakorlatok - Talkpal\",\"isPartOf\":{\"@id\":\"https:\/\/talkpal.ai\/hu\/#website\"},\"datePublished\":\"2025-11-12T12:26:03+00:00\",\"dateModified\":\"2025-12-30T13:57:05+00:00\",\"description\":\"Saj\u00e1t\u00edtsd el a mal\u00e1j nyelvtant interakt\u00edv gyakorlatokon kereszt\u00fcl, amelyek c\u00e9lja, hogy jav\u00edtsd a foly\u00e9kony besz\u00e9dk\u00e9szs\u00e9gedet \u00e9s a nyelv\u00e9rt\u00e9si k\u00e9szs\u00e9geidet m\u00e9g ma.\",\"breadcrumb\":{\"@id\":\"https:\/\/talkpal.ai\/hu\/malajalam-nyelvtani-gyakorlatok\/#breadcrumb\"},\"inLanguage\":\"hu\",\"potentialAction\":[{\"@type\":\"ReadAction\",\"target\":[\"https:\/\/talkpal.ai\/hu\/malajalam-nyelvtani-gyakorlatok\/\"]}]},{\"@type\":\"BreadcrumbList\",\"@id\":\"https:\/\/talkpal.ai\/hu\/malajalam-nyelvtani-gyakorlatok\/#breadcrumb\",\"itemListElement\":[{\"@type\":\"ListItem\",\"position\":1,\"name\":\"Homepage\",\"item\":\"https:\/\/talkpal.ai\/hu\/\"},{\"@type\":\"ListItem\",\"position\":2,\"name\":\"Malaj\u00e1lam nyelvtani gyakorlatok\"}]},{\"@type\":\"WebSite\",\"@id\":\"https:\/\/talkpal.ai\/hu\/#website\",\"url\":\"https:\/\/talkpal.ai\/hu\/\",\"name\":\"Talkpal\",\"description\":\"AI Language Learning\",\"publisher\":{\"@id\":\"https:\/\/talkpal.ai\/hu\/#organization\"},\"alternateName\":\"Talkpal AI\",\"potentialAction\":[{\"@type\":\"SearchAction\",\"target\":{\"@type\":\"EntryPoint\",\"urlTemplate\":\"https:\/\/talkpal.ai\/hu\/?s={search_term_string}\"},\"query-input\":{\"@type\":\"PropertyValueSpecification\",\"valueRequired\":true,\"valueName\":\"search_term_string\"}}],\"inLanguage\":\"hu\"},{\"@type\":\"Organization\",\"@id\":\"https:\/\/talkpal.ai\/hu\/#organization\",\"name\":\"Talkpal, Inc.\",\"alternateName\":\"Talkpal AI\",\"url\":\"https:\/\/talkpal.ai\/hu\/\",\"logo\":{\"@type\":\"ImageObject\",\"inLanguage\":\"hu\",\"@id\":\"https:\/\/talkpal.ai\/hu\/#\/schema\/logo\/image\/\",\"url\":\"https:\/\/talkpal.ai\/wp-content\/uploads\/2024\/03\/Talkpal-Logo-Icon.png\",\"contentUrl\":\"https:\/\/talkpal.ai\/wp-content\/uploads\/2024\/03\/Talkpal-Logo-Icon.png\",\"width\":2880,\"height\":2880,\"caption\":\"Talkpal, Inc.\"},\"image\":{\"@id\":\"https:\/\/talkpal.ai\/hu\/#\/schema\/logo\/image\/\"},\"sameAs\":[\"https:\/\/www.facebook.com\/profile.php?id=100090733639311\",\"https:\/\/x.com\/talkpalai\",\"https:\/\/www.linkedin.com\/company\/talkpal\/\",\"https:\/\/www.youtube.com\/@TalkPal\/\",\"https:\/\/www.tiktok.com\/@talkpal\",\"https:\/\/www.instagram.com\/talkpal_ai\/\",\"https:\/\/www.crunchbase.com\/organization\/talkpal-9cde\",\"https:\/\/www.g2.com\/products\/talkpal-for-business\/\",\"https:\/\/www.trustpilot.com\/review\/talkpal.ai\",\"https:\/\/www.capterra.com\/p\/10006800\/TalkPal\/\"],\"description\":\"Talkpal is a language learning web and mobile education app, powered by the latest AI technologies, that provides engaging experiences to its customers in many different languages to help them improve their language skills. Users can chat about unlimited amount of topics with the app and use other modes to practice their language learning.\",\"email\":\"support@talkpal.ai\",\"legalName\":\"Talkpal, Inc.\",\"foundingDate\":\"2023-04-03\",\"duns\":\"118989042\",\"numberOfEmployees\":{\"@type\":\"QuantitativeValue\",\"minValue\":\"11\",\"maxValue\":\"50\"},\"publishingPrinciples\":\"https:\/\/talkpal.ai\/publishing-principles\/\",\"actionableFeedbackPolicy\":\"https:\/\/talkpal.ai\/actionable-feedback-policy\/\",\"correctionsPolicy\":\"https:\/\/talkpal.ai\/corrections-policy\/\",\"ethicsPolicy\":\"https:\/\/talkpal.ai\/ethics-policy\/\",\"diversityPolicy\":\"https:\/\/talkpal.ai\/diversity-policy\/\",\"diversityStaffingReport\":\"https:\/\/talkpal.ai\/diversity-policy\/\"}]}<\/script>\n<!-- \/ Yoast SEO Premium plugin. -->","yoast_head_json":{"title":"Malaj\u00e1lam nyelvtani gyakorlatok - Talkpal","description":"Saj\u00e1t\u00edtsd el a mal\u00e1j nyelvtant interakt\u00edv gyakorlatokon kereszt\u00fcl, amelyek c\u00e9lja, hogy jav\u00edtsd a foly\u00e9kony besz\u00e9dk\u00e9szs\u00e9gedet \u00e9s a nyelv\u00e9rt\u00e9si k\u00e9szs\u00e9geidet m\u00e9g ma.","robots":{"index":"index","follow":"follow","max-snippet":"max-snippet:-1","max-image-preview":"max-image-preview:large","max-video-preview":"max-video-preview:-1"},"canonical":"https:\/\/talkpal.ai\/hu\/malajalam-nyelvtani-gyakorlatok\/","og_locale":"hu_HU","og_type":"article","og_title":"Malaj\u00e1lam nyelvtani gyakorlatok","og_description":"Malaj\u00e1lam nyelvtani t\u00e9m\u00e1k Egy \u00faj nyelv elsaj\u00e1t\u00edt\u00e1sa kih\u00edv\u00e1st jelent\u0151, de kifizet\u0151d\u0151 v\u00e1llalkoz\u00e1s lehet. Ez al\u00f3l a malaj\u00e1lam, egy dravida nyelv, amelyet","og_url":"https:\/\/talkpal.ai\/hu\/malajalam-nyelvtani-gyakorlatok\/","og_site_name":"Talkpal","article_publisher":"https:\/\/www.facebook.com\/profile.php?id=100090733639311","article_modified_time":"2025-12-30T13:57:05+00:00","og_image":[{"width":2880,"height":1620,"url":"https:\/\/talkpal.ai\/wp-content\/uploads\/2025\/02\/Progress-tab-16_9.png","type":"image\/png"}],"twitter_card":"summary_large_image","twitter_site":"@talkpalai","twitter_misc":{"Becs\u00fclt olvas\u00e1si id\u0151":"4 perc"},"schema":{"@context":"https:\/\/schema.org","@graph":[{"@type":"WebPage","@id":"https:\/\/talkpal.ai\/hu\/malajalam-nyelvtani-gyakorlatok\/","url":"https:\/\/talkpal.ai\/hu\/malajalam-nyelvtani-gyakorlatok\/","name":"Malaj\u00e1lam nyelvtani gyakorlatok - Talkpal","isPartOf":{"@id":"https:\/\/talkpal.ai\/hu\/#website"},"datePublished":"2025-11-12T12:26:03+00:00","dateModified":"2025-12-30T13:57:05+00:00","description":"Saj\u00e1t\u00edtsd el a mal\u00e1j nyelvtant interakt\u00edv gyakorlatokon kereszt\u00fcl, amelyek c\u00e9lja, hogy jav\u00edtsd a foly\u00e9kony besz\u00e9dk\u00e9szs\u00e9gedet \u00e9s a nyelv\u00e9rt\u00e9si k\u00e9szs\u00e9geidet m\u00e9g ma.","breadcrumb":{"@id":"https:\/\/talkpal.ai\/hu\/malajalam-nyelvtani-gyakorlatok\/#breadcrumb"},"inLanguage":"hu","potentialAction":[{"@type":"ReadAction","target":["https:\/\/talkpal.ai\/hu\/malajalam-nyelvtani-gyakorlatok\/"]}]},{"@type":"BreadcrumbList","@id":"https:\/\/talkpal.ai\/hu\/malajalam-nyelvtani-gyakorlatok\/#breadcrumb","itemListElement":[{"@type":"ListItem","position":1,"name":"Homepage","item":"https:\/\/talkpal.ai\/hu\/"},{"@type":"ListItem","position":2,"name":"Malaj\u00e1lam nyelvtani gyakorlatok"}]},{"@type":"WebSite","@id":"https:\/\/talkpal.ai\/hu\/#website","url":"https:\/\/talkpal.ai\/hu\/","name":"Talkpal","description":"AI Language Learning","publisher":{"@id":"https:\/\/talkpal.ai\/hu\/#organization"},"alternateName":"Talkpal AI","potentialAction":[{"@type":"SearchAction","target":{"@type":"EntryPoint","urlTemplate":"https:\/\/talkpal.ai\/hu\/?s={search_term_string}"},"query-input":{"@type":"PropertyValueSpecification","valueRequired":true,"valueName":"search_term_string"}}],"inLanguage":"hu"},{"@type":"Organization","@id":"https:\/\/talkpal.ai\/hu\/#organization","name":"Talkpal, Inc.","alternateName":"Talkpal AI","url":"https:\/\/talkpal.ai\/hu\/","logo":{"@type":"ImageObject","inLanguage":"hu","@id":"https:\/\/talkpal.ai\/hu\/#\/schema\/logo\/image\/","url":"https:\/\/talkpal.ai\/wp-content\/uploads\/2024\/03\/Talkpal-Logo-Icon.png","contentUrl":"https:\/\/talkpal.ai\/wp-content\/uploads\/2024\/03\/Talkpal-Logo-Icon.png","width":2880,"height":2880,"caption":"Talkpal, Inc."},"image":{"@id":"https:\/\/talkpal.ai\/hu\/#\/schema\/logo\/image\/"},"sameAs":["https:\/\/www.facebook.com\/profile.php?id=100090733639311","https:\/\/x.com\/talkpalai","https:\/\/www.linkedin.com\/company\/talkpal\/","https:\/\/www.youtube.com\/@TalkPal\/","https:\/\/www.tiktok.com\/@talkpal","https:\/\/www.instagram.com\/talkpal_ai\/","https:\/\/www.crunchbase.com\/organization\/talkpal-9cde","https:\/\/www.g2.com\/products\/talkpal-for-business\/","https:\/\/www.trustpilot.com\/review\/talkpal.ai","https:\/\/www.capterra.com\/p\/10006800\/TalkPal\/"],"description":"Talkpal is a language learning web and mobile education app, powered by the latest AI technologies, that provides engaging experiences to its customers in many different languages to help them improve their language skills. Users can chat about unlimited amount of topics with the app and use other modes to practice their language learning.","email":"support@talkpal.ai","legalName":"Talkpal, Inc.","foundingDate":"2023-04-03","duns":"118989042","numberOfEmployees":{"@type":"QuantitativeValue","minValue":"11","maxValue":"50"},"publishingPrinciples":"https:\/\/talkpal.ai\/publishing-principles\/","actionableFeedbackPolicy":"https:\/\/talkpal.ai\/actionable-feedback-policy\/","correctionsPolicy":"https:\/\/talkpal.ai\/corrections-policy\/","ethicsPolicy":"https:\/\/talkpal.ai\/ethics-policy\/","diversityPolicy":"https:\/\/talkpal.ai\/diversity-policy\/","diversityStaffingReport":"https:\/\/talkpal.ai\/diversity-policy\/"}]}},"_links":{"self":[{"href":"https:\/\/talkpal.ai\/hu\/wp-json\/wp\/v2\/pages\/1475612","targetHints":{"allow":["GET"]}}],"collection":[{"href":"https:\/\/talkpal.ai\/hu\/wp-json\/wp\/v2\/pages"}],"about":[{"href":"https:\/\/talkpal.ai\/hu\/wp-json\/wp\/v2\/types\/page"}],"author":[{"embeddable":true,"href":"https:\/\/talkpal.ai\/hu\/wp-json\/wp\/v2\/users\/20"}],"replies":[{"embeddable":true,"href":"https:\/\/talkpal.ai\/hu\/wp-json\/wp\/v2\/comments?post=1475612"}],"version-history":[{"count":0,"href":"https:\/\/talkpal.ai\/hu\/wp-json\/wp\/v2\/pages\/1475612\/revisions"}],"wp:attachment":[{"href":"https:\/\/talkpal.ai\/hu\/wp-json\/wp\/v2\/media?parent=1475612"}],"curies":[{"name":"wp","href":"https:\/\/api.w.org\/{rel}","templated":true}]}}