{"id":1475592,"date":"2025-11-12T12:14:52","date_gmt":"2025-11-12T12:14:52","guid":{"rendered":"https:\/\/talkpal.ai\/laoszi-nyelvtan\/"},"modified":"2025-12-30T14:08:54","modified_gmt":"2025-12-30T14:08:54","slug":"laoszi-nyelvtan","status":"publish","type":"page","link":"https:\/\/talkpal.ai\/hu\/laoszi-nyelvtan\/","title":{"rendered":"Laoszi nyelvtan"},"content":{"rendered":"\r\n\r\n\r\n<section class=\"languageChallengeSection\">\r\n    <div class=\"languageInfoWrapper\">\r\n        \r\n        <h1>Laoszi nyelvtan<\/h1>\r\n        <p>A laoszi <a href=\"https:\/\/talkpal.ai\/grammar\/\">nyelvtan<\/a> els\u0151re kih\u00edv\u00e1snak t\u0171nhet, de egyedi tulajdons\u00e1gai kifizet\u0151d\u0151 \u00e9lm\u00e9nny\u00e9 teszik a nyelvtanul\u00e1st. A nyelv \u00e1b\u00e9c\u00e9j\u00e9nek, mut\u00e1ci\u00f3inak \u00e9s nyelvtani szab\u00e1lyainak felfedez\u00e9s\u00e9vel betekint\u00e9st nyerhet egy gazdag nyelvi hagyom\u00e1nyba. Indulj el az utaz\u00e1sodra, \u00e9s fedezd fel <a href=\"https:\/\/talkpal.ai\/learn-lao\/\">Lao<\/a> sz\u00e9ps\u00e9g\u00e9t!<\/p>\r\n\r\n                            <a class=\"getStartedHidden\" href=\"https:\/\/app.talkpal.ai\/hu\/signup?lng=\">Kezdj\u00fck<\/a>\r\n        \r\n    <\/div>\r\n\r\n    <figure>\r\n    <img decoding=\"async\" width=\"768\" height=\"768\" src=\"https:\/\/talkpal.ai\/wp-content\/uploads\/2023\/06\/welsh-768x768.png\" class=\"languageImage no-lazy\" alt=\"Language learning for better cognitive abilities\" fetchpriority=\"high\" sizes=\"(max-width: 768px) 150px, 768px\" srcset=\"https:\/\/talkpal.ai\/wp-content\/uploads\/2023\/06\/welsh-768x768.png 768w, https:\/\/talkpal.ai\/wp-content\/uploads\/2023\/06\/welsh-300x300.png 300w\" \/>\r\n    \r\n\r\n    <\/figure>\r\n\r\n            <a class=\"getStartedVisible\" href=\"https:\/\/app.talkpal.ai\/hu\/signup?lng=\">Kezdj\u00fck<\/a>\r\n    \r\n<\/section><section class=\"promotionalBanner\">\r\n    <p class=\"promotionalText\">A nyelvtanul\u00e1s leghat\u00e9konyabb m\u00f3dja<\/p>\r\n    <a class=\"promotionalLink\" href=\"https:\/\/app.talkpal.ai\/hu\/signup?lng=\">Pr\u00f3b\u00e1lja ki a Talkpal ingyen<\/a>\r\n<\/section>\n<div class=\"wp-block-group pageContainerStyle\"><div class=\"wp-block-group__inner-container is-layout-constrained wp-block-group-is-layout-constrained\">\n<h2 class=\"wp-block-heading\" id=\"h-navigating-the-intricacies-of-lao-grammar\">Eligazod\u00e1s a laoszi nyelvtan bonyolults\u00e1g\u00e1ban<\/h2>\n\n\n\n<p><a href=\"https:\/\/talkpal.ai\/hu\/tanulj-laosz-nyelven\/\">A laosz<\/a>, egy gazdag t\u00f6rt\u00e9nelemmel \u00e9s kultur\u00e1lis jelent\u0151s\u00e9ggel b\u00edr\u00f3 tai-kadai nyelv, izgalmas nyelvi \u00e9lm\u00e9nyt k\u00edn\u00e1l azok sz\u00e1m\u00e1ra, akik szeretn\u00e9k felfedezni egyed\u00fcl\u00e1ll\u00f3 nyelvtani rendszer\u00e9t. Ahogy bemer\u00e9szkedik Laosz birodalm\u00e1ba, nemcsak nyelvi reperto\u00e1rj\u00e1t gazdag\u00edtja, hanem egy leny\u0171g\u00f6z\u0151 kultur\u00e1lis utaz\u00e1st is megteszel. B\u00e1r a laoszi nyelvtan els\u0151re ismeretlennek t\u0171nhet, az alapvet\u0151 \u00f6sszetev\u0151kre bont\u00e1sa megk\u00f6zel\u00edthet\u0151bb\u00e9 teszi a nyelvtanul\u00e1st. Ebben a cikkben felt\u00e1rjuk a laoszi nyelvtan mag\u00e1val ragad\u00f3 vil\u00e1g\u00e1t, \u00e9s tippeket adunk a bonyolults\u00e1g elsaj\u00e1t\u00edt\u00e1s\u00e1hoz.<\/p>\n\n\n\n<h3 class=\"wp-block-heading\" id=\"h-1-lao-alphabet-and-phonetics\">1. Laoszi \u00e1b\u00e9c\u00e9 \u00e9s fonetika<\/h3>\n\n\n\n<p>A laoszi \u00edr\u00e1s 27 m\u00e1ssalhangz\u00f3 bet\u0171t, sz\u00e1mos mag\u00e1nhangz\u00f3jelet \u00e9s n\u00e9gy hangjelet haszn\u00e1l. A laosz ton\u00e1lis, \u00f6t hanggal a szok\u00e1sos vientianei dialektusban. A laoszi nyelvtan elsaj\u00e1t\u00edt\u00e1s\u00e1hoz elengedhetetlen, hogy megismerkedjen ezzel a jellegzetes \u00edr\u00e1srendszerrel a laoszi olvas\u00e1s \u00e9s \u00edr\u00e1s gyakorl\u00e1s\u00e1val.<\/p>\n\n\n\n<h3 class=\"wp-block-heading\" id=\"h-2-tone-system-a-defining-lao-feature\">2. Hangrendszer: Meghat\u00e1roz\u00f3 laoszi jellemz\u0151<\/h3>\n\n\n\n<p>A laoszi nyelvtan egyik legszembet\u0171n\u0151bb aspektusa a hangrendszere. A m\u00e1ssalhangz\u00f3kat magas, k\u00f6zepes \u00e9s alacsony oszt\u00e1lyokba sorolj\u00e1k, amelyek k\u00f6lcs\u00f6nhat\u00e1sba l\u00e9pnek a hangsz\u00ednekkel, a mag\u00e1nhangz\u00f3k hossz\u00e1val \u00e9s a sz\u00f3tagt\u00edpussal a hangsz\u00edn meghat\u00e1roz\u00e1s\u00e1hoz. A m\u00e1ssalhangz\u00f3-oszt\u00e1lyok \u00e9s a hangjelek kiejt\u00e9s\u00e9nek meg\u00e9rt\u00e9se l\u00e9tfontoss\u00e1g\u00fa a laoszi nyelv pontos kommunik\u00e1ci\u00f3j\u00e1hoz.<\/p>\n\n\n\n<h3 class=\"wp-block-heading\" id=\"h-3-nouns-and-pronouns-classifiers-and-politeness\">3. F\u0151nevek \u00e9s n\u00e9vm\u00e1sok: oszt\u00e1lyoz\u00f3k \u00e9s udvariass\u00e1g<\/h3>\n\n\n\n<p>A laoszi f\u0151neveknek nincs nyelvtani nem\u00fck vagy esete, \u00e9s a t\u00f6bbes sz\u00e1mot \u00e1ltal\u00e1ban olyan szavakkal fejezik ki, mint a &#8222;sok&#8221;, vagy oszt\u00e1lyoz\u00f3kkal, nem pedig ragoz\u00e1ssal. A laoszi n\u00e9vm\u00e1sok szem\u00e9lyes, birtokos, reflex\u00edv, demonstrat\u00edv \u00e9s k\u00e9rd\u0151 form\u00e1kat tartalmaznak, sok v\u00e1laszt\u00e1st az \u00e9letkor, a st\u00e1tusz \u00e9s az udvariass\u00e1g alak\u00edt. Ezeknek a n\u00e9vm\u00e1soknak, oszt\u00e1lyoz\u00f3knak \u00e9s a &#8222;khong&#8221; birtokos jel\u00f6l\u0151nek a megismer\u00e9se jelent\u0151sen jav\u00edtja a laoszi nyelvtan meg\u00e9rt\u00e9s\u00e9t.<\/p>\n\n\n\n<h3 class=\"wp-block-heading\" id=\"h-4-verbs-structure-and-conjugation\">4. Ig\u00e9k: szerkezet \u00e9s ragoz\u00e1s<\/h3>\n\n\n\n<p>A laoszi ig\u00e9k nem ragoz\u00f3dnak igeid\u0151re, hangulatra vagy szem\u00e9lyre. Az id\u0151t \u00e9s az aspektust olyan r\u00e9szecsk\u00e9k fejezik ki, mint a &#8222;kamlang&#8221; a progressz\u00edv, a &#8222;laew&#8221; a befejezett cselekv\u00e9sek \u00e9s a &#8222;si&#8221; a j\u00f6v\u0151. A felt\u00e9teles \u00e9s imperat\u00edv jelent\u00e9sek r\u00e9szecsk\u00e9kkel \u00e9s kontextussal alakulnak ki. Ha megtanulja, hogyan haszn\u00e1lja a Lao a r\u00e9szecsk\u00e9ket, a soros ig\u00e9ket \u00e9s a kopul\u00e1kat, mint p\u00e9ld\u00e1ul a &#8222;toll&#8221; az identit\u00e1shoz \u00e9s a &#8222;yu&#8221; a helyhez, jav\u00edtja a hat\u00e9kony kommunik\u00e1ci\u00f3 k\u00e9pess\u00e9g\u00e9t laosz nyelven.<\/p>\n\n\n\n<h3 class=\"wp-block-heading\" id=\"h-5-adjectives-agreement-and-placement\">5. Mell\u00e9knevek: meg\u00e1llapod\u00e1s \u00e9s elhelyez\u00e9s<\/h3>\n\n\n\n<p>A laoszi nyelvtanban a mell\u00e9knevek jellemz\u0151en az \u00e1ltaluk m\u00f3dos\u00edtott f\u0151nevet k\u00f6vetik, \u00e9s nem egyeznek meg nem\u00fckben vagy sz\u00e1mukban. Az \u00f6sszehasonl\u00edt\u00f3 \u00e9s szuperlat\u00edvuszok olyan r\u00e9szecsk\u00e9kb\u0151l \u00e9p\u00fclnek fel, mint a &#8222;kwaa&#8221; a &#8222;t\u00f6bb, mint&#8221; \u00e9s a &#8222;thi sut&#8221; a &#8222;legt\u00f6bb&#8221;, amelyek elengedhetetlenek a term\u00e9szetesebb kommunik\u00e1ci\u00f3 megtanul\u00e1s\u00e1hoz.<\/p>\n\n\n\n<p><strong>P\u00e9ld\u00e1k:<\/strong><\/p>\n\n\n\n<p><strong>\u2013 Khw\u0101m Hak Nyai (Nagy szerelem)<\/strong><\/p>\n\n\n\n<p><strong>\u2013 Dek N\u00f2i (Kisgyerekek)<\/strong><\/p>\n\n\n\n<h3 class=\"wp-block-heading\" id=\"h-6-engaging-with-the-language\">6. A nyelv haszn\u00e1lata<\/h3>\n\n\n\n<p>A laoszi nyelvtan teljes meg\u00e9rt\u00e9s\u00e9nek \u00e9s internaliz\u00e1l\u00e1s\u00e1nak leghat\u00e9konyabb m\u00f3dja a nyelv k\u00f6vetkezetes kezel\u00e9se. A laoszi irodalom olvas\u00e1s\u00e1val, laoszi filmek vagy telev\u00edzi\u00f3s sorozatok n\u00e9z\u00e9s\u00e9vel \u00e9s az anyanyelvi besz\u00e9l\u0151kkel val\u00f3 akt\u00edv kommunik\u00e1ci\u00f3val meger\u0151s\u00edti a nyelvtan meg\u00e9rt\u00e9s\u00e9t, mik\u00f6zben b\u0151v\u00edti sz\u00f3kincs\u00e9t.<\/p>\n\n\n\n<h3 class=\"wp-block-heading\" id=\"h-conclusion\">K\u00f6vetkeztet\u00e9s<\/h3>\n\n\n\n<p>B\u00e1r a laoszi nyelvtan bonyolultnak t\u0171nhet, elhivatotts\u00e1ggal, gyakorl\u00e1ssal \u00e9s lelkesed\u00e9ssel j\u00e1rtass\u00e1 v\u00e1lhat ebben a gy\u00f6ny\u00f6r\u0171 nyelvben. Ha az alapvet\u0151 szab\u00e1lyokra \u00f6sszpontos\u00edt, \u00e9s k\u00fcl\u00f6nb\u00f6z\u0151 kontextusokban foglalkozik a nyelvvel, gyorsan fejlesztheti laoszi <a href=\"https:\/\/talkpal.ai\/hu\/nyelvtan\/\">nyelvtani k\u00e9szs\u00e9geit<\/a>. Sok dii (sok sikert) a laoszi nyelvi utaz\u00e1shoz, \u00e9s \u00e9lvezze a laoszi nyelvtan rejt\u00e9lyes, m\u00e9gis mag\u00e1val ragad\u00f3 vil\u00e1g\u00e1nak felt\u00e1r\u00e1s\u00e1t!<\/p>\n<\/div><\/div>\n\r\n<section class=\"learnNavigationSection\">\r\n            \r\n        <a href=\"https:\/\/talkpal.ai\/hu\/tanulj-laosz-nyelven\/\">\r\n            <div class=\"learnNavigationWrapper\">\r\n                <div class=\"learnNavigationContent\">\r\n                    <img decoding=\"async\" src=\"https:\/\/talkpal.ai\/wp-content\/uploads\/2025\/11\/Lao-1.png\" alt=\"Laotian Flag\">\r\n                    <div>\r\n                        <h4>A Lao Learningr\u0151l<\/h4>\r\n                        <p>Tudjon meg mindent a laoszi nyelvtanr\u00f3l.<\/p>\r\n                    <\/div>\r\n                <\/div>\r\n            <\/div>\r\n        <\/a>\r\n\r\n        \r\n        <a href=\"https:\/\/talkpal.ai\/hu\/laoszi-nyelvtani-gyakorlatok\/\">\r\n            <div class=\"learnNavigationWrapper\">\r\n                <div class=\"learnNavigationContent\">\r\n                    <img decoding=\"async\" src=\"https:\/\/talkpal.ai\/wp-content\/uploads\/2025\/11\/Lao-1.png\" alt=\"Laotian Flag\">\r\n                    <div>\r\n                        <h4>Laoszi nyelvtani gyakorlat<\/h4>\r\n                        <p>Gyakorold a laoszi nyelvtant.<\/p>\r\n                    <\/div>\r\n                <\/div>\r\n            <\/div>\r\n        <\/a>\r\n\r\n            <\/section>","protected":false},"excerpt":{"rendered":"<p>Eligazod\u00e1s a laoszi nyelvtan bonyolults\u00e1g\u00e1ban A laosz, egy gazdag t\u00f6rt\u00e9nelemmel \u00e9s kultur\u00e1lis jelent\u0151s\u00e9ggel b\u00edr\u00f3 tai-kadai nyelv, izgalmas nyelvi \u00e9lm\u00e9nyt k\u00edn\u00e1l azok sz\u00e1m\u00e1ra, akik szeretn\u00e9k felfedezni egyed\u00fcl\u00e1ll\u00f3 nyelvtani rendszer\u00e9t. Ahogy bemer\u00e9szkedik Laosz birodalm\u00e1ba, nemcsak nyelvi reperto\u00e1rj\u00e1t gazdag\u00edtja, hanem egy leny\u0171g\u00f6z\u0151 kultur\u00e1lis utaz\u00e1st is megteszel. B\u00e1r a laoszi nyelvtan els\u0151re ismeretlennek t\u0171nhet, az alapvet\u0151 \u00f6sszetev\u0151kre bont\u00e1sa megk\u00f6zel\u00edthet\u0151bb\u00e9 [&hellip;]<\/p>\n","protected":false},"author":20,"featured_media":0,"parent":0,"menu_order":0,"comment_status":"closed","ping_status":"closed","template":"LearningContentPage.php","meta":{"_acf_changed":false,"footnotes":""},"class_list":["post-1475592","page","type-page","status-publish","hentry"],"acf":[],"yoast_head":"<!-- This site is optimized with the Yoast SEO Premium plugin v27.2 (Yoast SEO v27.2) - https:\/\/yoast.com\/product\/yoast-seo-premium-wordpress\/ -->\n<title>Laoszi nyelvtan - Talkpal<\/title>\n<meta name=\"description\" content=\"Saj\u00e1t\u00edtsa el a laoszi nyelvtan alapjait, bele\u00e9rtve a hangrendszert \u00e9s a mondatszerkezetet, hogy fokozza nyelvtud\u00e1s\u00e1t a Talkpal seg\u00edts\u00e9g\u00e9vel.\" \/>\n<meta name=\"robots\" content=\"index, follow, max-snippet:-1, max-image-preview:large, max-video-preview:-1\" \/>\n<link rel=\"canonical\" href=\"https:\/\/talkpal.ai\/hu\/laoszi-nyelvtan\/\" \/>\n<meta property=\"og:locale\" content=\"hu_HU\" \/>\n<meta property=\"og:type\" content=\"article\" \/>\n<meta property=\"og:title\" content=\"Laoszi nyelvtan\" \/>\n<meta property=\"og:description\" content=\"Eligazod\u00e1s a laoszi nyelvtan bonyolults\u00e1g\u00e1ban A laosz, egy gazdag t\u00f6rt\u00e9nelemmel \u00e9s kultur\u00e1lis jelent\u0151s\u00e9ggel b\u00edr\u00f3 tai-kadai nyelv, izgalmas nyelvi \u00e9lm\u00e9nyt\" \/>\n<meta property=\"og:url\" content=\"https:\/\/talkpal.ai\/hu\/laoszi-nyelvtan\/\" \/>\n<meta property=\"og:site_name\" content=\"Talkpal\" \/>\n<meta property=\"article:publisher\" content=\"https:\/\/www.facebook.com\/profile.php?id=100090733639311\" \/>\n<meta property=\"article:modified_time\" content=\"2025-12-30T14:08:54+00:00\" \/>\n<meta property=\"og:image\" content=\"https:\/\/talkpal.ai\/wp-content\/uploads\/2025\/02\/Progress-tab-16_9.png\" \/>\n\t<meta property=\"og:image:width\" content=\"2880\" \/>\n\t<meta property=\"og:image:height\" content=\"1620\" \/>\n\t<meta property=\"og:image:type\" content=\"image\/png\" \/>\n<meta name=\"twitter:card\" content=\"summary_large_image\" \/>\n<meta name=\"twitter:site\" content=\"@talkpalai\" \/>\n<meta name=\"twitter:label1\" content=\"Becs\u00fclt olvas\u00e1si id\u0151\" \/>\n\t<meta name=\"twitter:data1\" content=\"4 perc\" \/>\n<script type=\"application\/ld+json\" class=\"yoast-schema-graph\">{\"@context\":\"https:\/\/schema.org\",\"@graph\":[{\"@type\":\"WebPage\",\"@id\":\"https:\/\/talkpal.ai\/hu\/laoszi-nyelvtan\/\",\"url\":\"https:\/\/talkpal.ai\/hu\/laoszi-nyelvtan\/\",\"name\":\"Laoszi nyelvtan - Talkpal\",\"isPartOf\":{\"@id\":\"https:\/\/talkpal.ai\/hu\/#website\"},\"datePublished\":\"2025-11-12T12:14:52+00:00\",\"dateModified\":\"2025-12-30T14:08:54+00:00\",\"description\":\"Saj\u00e1t\u00edtsa el a laoszi nyelvtan alapjait, bele\u00e9rtve a hangrendszert \u00e9s a mondatszerkezetet, hogy fokozza nyelvtud\u00e1s\u00e1t a Talkpal seg\u00edts\u00e9g\u00e9vel.\",\"breadcrumb\":{\"@id\":\"https:\/\/talkpal.ai\/hu\/laoszi-nyelvtan\/#breadcrumb\"},\"inLanguage\":\"hu\",\"potentialAction\":[{\"@type\":\"ReadAction\",\"target\":[\"https:\/\/talkpal.ai\/hu\/laoszi-nyelvtan\/\"]}]},{\"@type\":\"BreadcrumbList\",\"@id\":\"https:\/\/talkpal.ai\/hu\/laoszi-nyelvtan\/#breadcrumb\",\"itemListElement\":[{\"@type\":\"ListItem\",\"position\":1,\"name\":\"Homepage\",\"item\":\"https:\/\/talkpal.ai\/hu\/\"},{\"@type\":\"ListItem\",\"position\":2,\"name\":\"Laoszi nyelvtan\"}]},{\"@type\":\"WebSite\",\"@id\":\"https:\/\/talkpal.ai\/hu\/#website\",\"url\":\"https:\/\/talkpal.ai\/hu\/\",\"name\":\"Talkpal\",\"description\":\"AI Language Learning\",\"publisher\":{\"@id\":\"https:\/\/talkpal.ai\/hu\/#organization\"},\"alternateName\":\"Talkpal AI\",\"potentialAction\":[{\"@type\":\"SearchAction\",\"target\":{\"@type\":\"EntryPoint\",\"urlTemplate\":\"https:\/\/talkpal.ai\/hu\/?s={search_term_string}\"},\"query-input\":{\"@type\":\"PropertyValueSpecification\",\"valueRequired\":true,\"valueName\":\"search_term_string\"}}],\"inLanguage\":\"hu\"},{\"@type\":\"Organization\",\"@id\":\"https:\/\/talkpal.ai\/hu\/#organization\",\"name\":\"Talkpal, Inc.\",\"alternateName\":\"Talkpal AI\",\"url\":\"https:\/\/talkpal.ai\/hu\/\",\"logo\":{\"@type\":\"ImageObject\",\"inLanguage\":\"hu\",\"@id\":\"https:\/\/talkpal.ai\/hu\/#\/schema\/logo\/image\/\",\"url\":\"https:\/\/talkpal.ai\/wp-content\/uploads\/2024\/03\/Talkpal-Logo-Icon.png\",\"contentUrl\":\"https:\/\/talkpal.ai\/wp-content\/uploads\/2024\/03\/Talkpal-Logo-Icon.png\",\"width\":2880,\"height\":2880,\"caption\":\"Talkpal, Inc.\"},\"image\":{\"@id\":\"https:\/\/talkpal.ai\/hu\/#\/schema\/logo\/image\/\"},\"sameAs\":[\"https:\/\/www.facebook.com\/profile.php?id=100090733639311\",\"https:\/\/x.com\/talkpalai\",\"https:\/\/www.linkedin.com\/company\/talkpal\/\",\"https:\/\/www.youtube.com\/@TalkPal\/\",\"https:\/\/www.tiktok.com\/@talkpal\",\"https:\/\/www.instagram.com\/talkpal_ai\/\",\"https:\/\/www.crunchbase.com\/organization\/talkpal-9cde\",\"https:\/\/www.g2.com\/products\/talkpal-for-business\/\",\"https:\/\/www.trustpilot.com\/review\/talkpal.ai\",\"https:\/\/www.capterra.com\/p\/10006800\/TalkPal\/\"],\"description\":\"Talkpal is a language learning web and mobile education app, powered by the latest AI technologies, that provides engaging experiences to its customers in many different languages to help them improve their language skills. Users can chat about unlimited amount of topics with the app and use other modes to practice their language learning.\",\"email\":\"support@talkpal.ai\",\"legalName\":\"Talkpal, Inc.\",\"foundingDate\":\"2023-04-03\",\"duns\":\"118989042\",\"numberOfEmployees\":{\"@type\":\"QuantitativeValue\",\"minValue\":\"11\",\"maxValue\":\"50\"},\"publishingPrinciples\":\"https:\/\/talkpal.ai\/publishing-principles\/\",\"actionableFeedbackPolicy\":\"https:\/\/talkpal.ai\/actionable-feedback-policy\/\",\"correctionsPolicy\":\"https:\/\/talkpal.ai\/corrections-policy\/\",\"ethicsPolicy\":\"https:\/\/talkpal.ai\/ethics-policy\/\",\"diversityPolicy\":\"https:\/\/talkpal.ai\/diversity-policy\/\",\"diversityStaffingReport\":\"https:\/\/talkpal.ai\/diversity-policy\/\"}]}<\/script>\n<!-- \/ Yoast SEO Premium plugin. -->","yoast_head_json":{"title":"Laoszi nyelvtan - Talkpal","description":"Saj\u00e1t\u00edtsa el a laoszi nyelvtan alapjait, bele\u00e9rtve a hangrendszert \u00e9s a mondatszerkezetet, hogy fokozza nyelvtud\u00e1s\u00e1t a Talkpal seg\u00edts\u00e9g\u00e9vel.","robots":{"index":"index","follow":"follow","max-snippet":"max-snippet:-1","max-image-preview":"max-image-preview:large","max-video-preview":"max-video-preview:-1"},"canonical":"https:\/\/talkpal.ai\/hu\/laoszi-nyelvtan\/","og_locale":"hu_HU","og_type":"article","og_title":"Laoszi nyelvtan","og_description":"Eligazod\u00e1s a laoszi nyelvtan bonyolults\u00e1g\u00e1ban A laosz, egy gazdag t\u00f6rt\u00e9nelemmel \u00e9s kultur\u00e1lis jelent\u0151s\u00e9ggel b\u00edr\u00f3 tai-kadai nyelv, izgalmas nyelvi \u00e9lm\u00e9nyt","og_url":"https:\/\/talkpal.ai\/hu\/laoszi-nyelvtan\/","og_site_name":"Talkpal","article_publisher":"https:\/\/www.facebook.com\/profile.php?id=100090733639311","article_modified_time":"2025-12-30T14:08:54+00:00","og_image":[{"width":2880,"height":1620,"url":"https:\/\/talkpal.ai\/wp-content\/uploads\/2025\/02\/Progress-tab-16_9.png","type":"image\/png"}],"twitter_card":"summary_large_image","twitter_site":"@talkpalai","twitter_misc":{"Becs\u00fclt olvas\u00e1si id\u0151":"4 perc"},"schema":{"@context":"https:\/\/schema.org","@graph":[{"@type":"WebPage","@id":"https:\/\/talkpal.ai\/hu\/laoszi-nyelvtan\/","url":"https:\/\/talkpal.ai\/hu\/laoszi-nyelvtan\/","name":"Laoszi nyelvtan - Talkpal","isPartOf":{"@id":"https:\/\/talkpal.ai\/hu\/#website"},"datePublished":"2025-11-12T12:14:52+00:00","dateModified":"2025-12-30T14:08:54+00:00","description":"Saj\u00e1t\u00edtsa el a laoszi nyelvtan alapjait, bele\u00e9rtve a hangrendszert \u00e9s a mondatszerkezetet, hogy fokozza nyelvtud\u00e1s\u00e1t a Talkpal seg\u00edts\u00e9g\u00e9vel.","breadcrumb":{"@id":"https:\/\/talkpal.ai\/hu\/laoszi-nyelvtan\/#breadcrumb"},"inLanguage":"hu","potentialAction":[{"@type":"ReadAction","target":["https:\/\/talkpal.ai\/hu\/laoszi-nyelvtan\/"]}]},{"@type":"BreadcrumbList","@id":"https:\/\/talkpal.ai\/hu\/laoszi-nyelvtan\/#breadcrumb","itemListElement":[{"@type":"ListItem","position":1,"name":"Homepage","item":"https:\/\/talkpal.ai\/hu\/"},{"@type":"ListItem","position":2,"name":"Laoszi nyelvtan"}]},{"@type":"WebSite","@id":"https:\/\/talkpal.ai\/hu\/#website","url":"https:\/\/talkpal.ai\/hu\/","name":"Talkpal","description":"AI Language Learning","publisher":{"@id":"https:\/\/talkpal.ai\/hu\/#organization"},"alternateName":"Talkpal AI","potentialAction":[{"@type":"SearchAction","target":{"@type":"EntryPoint","urlTemplate":"https:\/\/talkpal.ai\/hu\/?s={search_term_string}"},"query-input":{"@type":"PropertyValueSpecification","valueRequired":true,"valueName":"search_term_string"}}],"inLanguage":"hu"},{"@type":"Organization","@id":"https:\/\/talkpal.ai\/hu\/#organization","name":"Talkpal, Inc.","alternateName":"Talkpal AI","url":"https:\/\/talkpal.ai\/hu\/","logo":{"@type":"ImageObject","inLanguage":"hu","@id":"https:\/\/talkpal.ai\/hu\/#\/schema\/logo\/image\/","url":"https:\/\/talkpal.ai\/wp-content\/uploads\/2024\/03\/Talkpal-Logo-Icon.png","contentUrl":"https:\/\/talkpal.ai\/wp-content\/uploads\/2024\/03\/Talkpal-Logo-Icon.png","width":2880,"height":2880,"caption":"Talkpal, Inc."},"image":{"@id":"https:\/\/talkpal.ai\/hu\/#\/schema\/logo\/image\/"},"sameAs":["https:\/\/www.facebook.com\/profile.php?id=100090733639311","https:\/\/x.com\/talkpalai","https:\/\/www.linkedin.com\/company\/talkpal\/","https:\/\/www.youtube.com\/@TalkPal\/","https:\/\/www.tiktok.com\/@talkpal","https:\/\/www.instagram.com\/talkpal_ai\/","https:\/\/www.crunchbase.com\/organization\/talkpal-9cde","https:\/\/www.g2.com\/products\/talkpal-for-business\/","https:\/\/www.trustpilot.com\/review\/talkpal.ai","https:\/\/www.capterra.com\/p\/10006800\/TalkPal\/"],"description":"Talkpal is a language learning web and mobile education app, powered by the latest AI technologies, that provides engaging experiences to its customers in many different languages to help them improve their language skills. Users can chat about unlimited amount of topics with the app and use other modes to practice their language learning.","email":"support@talkpal.ai","legalName":"Talkpal, Inc.","foundingDate":"2023-04-03","duns":"118989042","numberOfEmployees":{"@type":"QuantitativeValue","minValue":"11","maxValue":"50"},"publishingPrinciples":"https:\/\/talkpal.ai\/publishing-principles\/","actionableFeedbackPolicy":"https:\/\/talkpal.ai\/actionable-feedback-policy\/","correctionsPolicy":"https:\/\/talkpal.ai\/corrections-policy\/","ethicsPolicy":"https:\/\/talkpal.ai\/ethics-policy\/","diversityPolicy":"https:\/\/talkpal.ai\/diversity-policy\/","diversityStaffingReport":"https:\/\/talkpal.ai\/diversity-policy\/"}]}},"_links":{"self":[{"href":"https:\/\/talkpal.ai\/hu\/wp-json\/wp\/v2\/pages\/1475592","targetHints":{"allow":["GET"]}}],"collection":[{"href":"https:\/\/talkpal.ai\/hu\/wp-json\/wp\/v2\/pages"}],"about":[{"href":"https:\/\/talkpal.ai\/hu\/wp-json\/wp\/v2\/types\/page"}],"author":[{"embeddable":true,"href":"https:\/\/talkpal.ai\/hu\/wp-json\/wp\/v2\/users\/20"}],"replies":[{"embeddable":true,"href":"https:\/\/talkpal.ai\/hu\/wp-json\/wp\/v2\/comments?post=1475592"}],"version-history":[{"count":0,"href":"https:\/\/talkpal.ai\/hu\/wp-json\/wp\/v2\/pages\/1475592\/revisions"}],"wp:attachment":[{"href":"https:\/\/talkpal.ai\/hu\/wp-json\/wp\/v2\/media?parent=1475592"}],"curies":[{"name":"wp","href":"https:\/\/api.w.org\/{rel}","templated":true}]}}