{"id":1475590,"date":"2025-11-12T12:14:54","date_gmt":"2025-11-12T12:14:54","guid":{"rendered":"https:\/\/talkpal.ai\/laoszi-nyelvtani-gyakorlatok\/"},"modified":"2025-12-30T14:13:35","modified_gmt":"2025-12-30T14:13:35","slug":"laoszi-nyelvtani-gyakorlatok","status":"publish","type":"page","link":"https:\/\/talkpal.ai\/hu\/laoszi-nyelvtani-gyakorlatok\/","title":{"rendered":"Laoszi nyelvtani gyakorlatok"},"content":{"rendered":"\r\n\r\n\r\n<section class=\"languageChallengeSection\">\r\n    <div class=\"languageInfoWrapper\">\r\n        \r\n        <h1>Laoszi nyelvtani gyakorlatok<\/h1>\r\n        <p>K\u00e9szen \u00e1llsz arra, hogy belemer\u00fclj a laoszi nyelvtanba? N\u00e9h\u00e1ny alapismeret begyakorl\u00e1sa seg\u00edt abban, hogy elsaj\u00e1t\u00edtsd ezt az egyed\u00fcl\u00e1ll\u00f3 \u00e9s gy\u00f6ny\u00f6r\u0171 nyelvet. Pr\u00f3b\u00e1ld ki ezeket a gyakorlatokat, hogy n\u00f6veld az \u00f6nbizalmadat, \u00e9s k\u00f6zben j\u00f3l \u00e9rezd magad!<\/p>\r\n\r\n                            <a class=\"getStartedHidden\" href=\"https:\/\/app.talkpal.ai\/hu\/signup?lng=\">Kezdj\u00fck<\/a>\r\n        \r\n    <\/div>\r\n\r\n    <figure>\r\n    <img decoding=\"async\" width=\"768\" height=\"768\" src=\"https:\/\/talkpal.ai\/wp-content\/uploads\/2023\/06\/welsh-768x768.png\" class=\"languageImage no-lazy\" alt=\"Language learning for better cognitive abilities\" fetchpriority=\"high\" sizes=\"(max-width: 768px) 150px, 768px\" srcset=\"https:\/\/talkpal.ai\/wp-content\/uploads\/2023\/06\/welsh-768x768.png 768w, https:\/\/talkpal.ai\/wp-content\/uploads\/2023\/06\/welsh-300x300.png 300w\" \/>\r\n    \r\n\r\n    <\/figure>\r\n\r\n            <a class=\"getStartedVisible\" href=\"https:\/\/app.talkpal.ai\/hu\/signup?lng=\">Kezdj\u00fck<\/a>\r\n    \r\n<\/section><section class=\"promotionalBanner\">\r\n    <p class=\"promotionalText\">A nyelvtanul\u00e1s leghat\u00e9konyabb m\u00f3dja<\/p>\r\n    <a class=\"promotionalLink\" href=\"https:\/\/app.talkpal.ai\/hu\/signup?lng=\">Pr\u00f3b\u00e1lja ki a Talkpal ingyen<\/a>\r\n<\/section>\n<div class=\"wp-block-group pageContainerStyle\"><div class=\"wp-block-group__inner-container is-layout-constrained wp-block-group-is-layout-constrained\">\n<h2 class=\"wp-block-heading\" id=\"h-lao-grammar-topics\">Laoszi nyelvtani t\u00e9m\u00e1k<\/h2>\n\n\n\n<p><a href=\"https:\/\/talkpal.ai\/hu\/a-legnagyobb-hibak-amelyeket-el-kell-kerulni-ha-uj-nyelvet-tanulunk\/\">Egy \u00faj nyelv elsaj\u00e1t\u00edt\u00e1sa<\/a> kih\u00edv\u00e1st jelent\u0151, de kifizet\u0151d\u0151 v\u00e1llalkoz\u00e1s lehet. Ez al\u00f3l a laosz, a f\u0151k\u00e9nt Laoszban besz\u00e9lt tai-kadai nyelv sem kiv\u00e9tel. Egyedi tulajdons\u00e1gaival \u00e9s szerkezeteivel a laosz <a href=\"https:\/\/talkpal.ai\/hu\/talkpal-for-education\/\">tanul\u00e1sa<\/a> szisztematikus megk\u00f6zel\u00edt\u00e9st ig\u00e9nyel annak meg\u00e9rt\u00e9s\u00e9hez, hogy a jelent\u00e9s hogyan \u00e9p\u00fcl fel r\u00e9szecsk\u00e9kkel, sz\u00f3renddel \u00e9s oszt\u00e1lyoz\u00f3kkal, nem pedig ragoz\u00e1ssal. <a href=\"https:\/\/talkpal.ai\/culture\/how-do-you-use-the-demonstrative-pronouns-ez-and-az\/\">Ez az<\/a> \u00fatmutat\u00f3 a <a href=\"https:\/\/talkpal.ai\/hu\/laoszi-nyelvtan\/\">laoszi nyelvtan<\/a> kulcsfontoss\u00e1g\u00fa ter\u00fcleteit v\u00e1zolja fel a <a href=\"https:\/\/talkpal.ai\/hu\/ai-chatbot-a-nyelvtanulashoz\/\">nyelvtanul\u00e1s<\/a> logikai sorrendj\u00e9ben, kezdve az alapokt\u00f3l, p\u00e9ld\u00e1ul a f\u0151nevekt\u0151l \u00e9s az oszt\u00e1lyoz\u00f3kt\u00f3l, \u00e9s tov\u00e1bbhaladva az \u00f6sszetettebb ter\u00fcletekig, mint p\u00e9ld\u00e1ul a k\u00e9pjelz\u0151k \u00e9s a mondat\u00e9p\u00edt\u00e9s.<\/p>\n\n\n\n<h3 class=\"wp-block-heading\" id=\"h-1-nouns\">1. F\u0151nevek:<\/h3>\n\n\n\n<p>Kezdje laoszi nyelvi \u00fatj\u00e1t a f\u0151nevek elsaj\u00e1t\u00edt\u00e1s\u00e1val. Ez mag\u00e1ban foglalja a k\u00f6znevek \u00e9s a tulajdonnevek meg\u00e9rt\u00e9s\u00e9t, a t\u00f6bbes sz\u00e1m megjelen\u00edt\u00e9s\u00e9t a kontextusban, a sz\u00e1mokban \u00e9s a szavakban, mint sokan, valamint az oszt\u00e1lyoz\u00f3k alapvet\u0151 szerep\u00e9t a sz\u00e1mok \u00e9s a kvantorok ut\u00e1n.<\/p>\n\n\n\n<h3 class=\"wp-block-heading\" id=\"h-2-articles\">2. Cikkek:<\/h3>\n\n\n\n<p><a href=\"https:\/\/talkpal.ai\/learn-lao\/\">Lao<\/a> nem haszn\u00e1l hat\u00e1rozott vagy hat\u00e1rozatlan n\u00e9vel\u0151ket. Ehelyett a hat\u00e1rozotts\u00e1got \u00e9s a specifikuss\u00e1got a kontextus, az ilyen \u00e9s az olyan demonstrat\u00edvumok \u00e9s az oszt\u00e1lyoz\u00f3 konstrukci\u00f3k fejezik ki.<\/p>\n\n\n\n<h3 class=\"wp-block-heading\" id=\"h-3-adjectives\">3. Mell\u00e9knevek:<\/h3>\n\n\n\n<p>A laoszi mell\u00e9knevek \u00e1ltal\u00e1ban az \u00e1ltaluk m\u00f3dos\u00edtott f\u0151neveket k\u00f6vetik. Ismerje meg, hogyan m\u0171k\u00f6dhetnek a mell\u00e9knevek \u00e1ll\u00edtm\u00e1nyk\u00e9nt is, \u00e9s hogyan lehet \u00f6sszehasonl\u00edt\u00e1sokat k\u00e9sz\u00edteni a t\u00f6bb \u00e9s mint jel\u00f6l\u0151inek, valamint a szuperlat\u00edvuszoknak a legt\u00f6bbel.<\/p>\n\n\n\n<h3 class=\"wp-block-heading\" id=\"h-4-pronouns-determiners\">4. N\u00e9vm\u00e1sok\/determin\u00e1nsok:<\/h3>\n\n\n\n<p>A n\u00e9vm\u00e1sok \u00e9s a determin\u00e1nsok n\u00e9lk\u00fcl\u00f6zhetetlenek Laoszban; A n\u00e9vm\u00e1sok udvariass\u00e1gt\u00f3l, \u00e9letkort\u00f3l \u00e9s t\u00e1rsadalmi kontextust\u00f3l f\u00fcgg\u0151en v\u00e1ltoznak. A determin\u00e1torok k\u00f6z\u00e9 tartoznak a demonstrat\u00edvumok \u00e9s a kvantorok, \u00e9s a birtokl\u00e1st \u00e1ltal\u00e1ban a tulajdonos \u00e9s a f\u0151n\u00e9v k\u00f6z\u00f6tt a for of sz\u00f3val jel\u00f6lik.<\/p>\n\n\n\n<h3 class=\"wp-block-heading\" id=\"h-5-verbs\">5. Ig\u00e9k:<\/h3>\n\n\n\n<p>A laoszi ig\u00e9k nem v\u00e1ltoztatj\u00e1k meg az igeid\u0151, a szem\u00e9ly vagy a sz\u00e1m alakj\u00e1t. Az id\u0151t, az aspektust \u00e9s a hangulatot r\u00e9szecsk\u00e9kkel \u00e9s seg\u00e9dszavakkal mutatj\u00e1k be. Kezdje az alapvet\u0151 igemint\u00e1kkal, \u00e9s tanulja meg a m\u00falt, a befejez\u00e9s, a folyamatban l\u00e9v\u0151 cselekv\u00e9s \u00e9s a sz\u00e1nd\u00e9k k\u00f6z\u00f6s jelz\u0151it.<\/p>\n\n\n\n<h3 class=\"wp-block-heading\" id=\"h-6-tenses\">6. Igeid\u0151k:<\/h3>\n\n\n\n<p>Az alapvet\u0151 igemint\u00e1k elsaj\u00e1t\u00edt\u00e1sa ut\u00e1n m\u00e9lyedjen el abban, hogy a laoszi nyelv hogyan fejezi ki az id\u0151t ragozott igeid\u0151 n\u00e9lk\u00fcl. Ez mag\u00e1ban foglalja az id\u0151szavak \u00e9s aspektusjelz\u0151k haszn\u00e1lat\u00e1t a jelenlegi helyzetek, a befejezett esem\u00e9nyek \u00e9s a j\u00f6v\u0151beli vagy tervezett cselekv\u00e9sek megk\u00fcl\u00f6nb\u00f6ztet\u00e9s\u00e9re k\u00fcl\u00f6nb\u00f6z\u0151 kontextusokban.<\/p>\n\n\n\n<h3 class=\"wp-block-heading\" id=\"h-7-tense-comparison\">7. Fesz\u00fclt \u00f6sszehasonl\u00edt\u00e1s:<\/h3>\n\n\n\n<p>Az id\u0151- \u00e9s aspektusjel\u00f6l\u00e9sek \u00f6sszehasonl\u00edt\u00e1sa laosz nyelven seg\u00edt meg\u00e9rteni az esem\u00e9nyek sorrendj\u00e9t \u00e9s n\u00e9z\u0151pontj\u00e1t. Hasonl\u00edtsa \u00f6ssze ugyanazt a tagmondatot k\u00fcl\u00f6nb\u00f6z\u0151 r\u00e9szecsk\u00e9kkel, hogy megtudja, hogyan v\u00e1ltozik a jelent\u00e9s a befejezett, folyamatos, szok\u00e1sos \u00e9s j\u00f6v\u0151beli olvasatok k\u00f6z\u00f6tt.<\/p>\n\n\n\n<h3 class=\"wp-block-heading\" id=\"h-8-progressive\">8. Progressz\u00edv:<\/h3>\n\n\n\n<p>Laoszban a progressz\u00edv kifejez\u00e9st a folyamatban l\u00e9v\u0151 cselekv\u00e9sek kifejez\u00e9s\u00e9re haszn\u00e1lj\u00e1k. \u00c1ltal\u00e1ban egy preverb\u00e1lis jel\u00f6l\u0151vel alkotj\u00e1k a folyamatban l\u00e9v\u0151h\u00f6z, \u00e9s meger\u0151s\u00edthet\u0151 egy mondatz\u00e1r\u00f3 vagy verb\u00e1lis poszt-jel\u00f6l\u0151vel, amely jelzi az aktu\u00e1lis \u00e1llapotot.<\/p>\n\n\n\n<h3 class=\"wp-block-heading\" id=\"h-9-perfect-progressive\">9. T\u00f6k\u00e9letes progressz\u00edv:<\/h3>\n\n\n\n<p>Ezt a jelent\u00e9st olyan kombin\u00e1ci\u00f3kkal fejezik ki, amelyek egy referenciapontig mutatj\u00e1k az id\u0151tartamot. Lao olyan aspektusmarkereket, id\u0151kifejez\u00e9seket \u00e9s r\u00e9szecsk\u00e9ket haszn\u00e1l, amelyek azt jelzik, hogy m\u00e1r vagy eddig k\u00f6zvet\u00edtett\u00e9k, hogy egy ideje csin\u00e1lj\u00e1k.<\/p>\n\n\n\n<h3 class=\"wp-block-heading\" id=\"h-10-conditionals\">10. Felt\u00e9telek:<\/h3>\n\n\n\n<p>A felt\u00e9telek hipotetikus helyzeteket \u00e9s azok lehets\u00e9ges kimeneteleit fejezik ki. Ezeket egy if z\u00e1rad\u00e9kb\u00f3l alkotj\u00e1k, amelyet egy eredm\u00e9ny z\u00e1rad\u00e9k k\u00f6vet, gyakran mod\u00e1lis r\u00e9szecsk\u00e9ket haszn\u00e1lnak a val\u00f3sz\u00edn\u0171s\u00e9g vagy a sz\u00e1nd\u00e9k jelz\u00e9s\u00e9re, nem pedig az igeid\u0151s v\u00e1ltoz\u00e1sokra.<\/p>\n\n\n\n<h3 class=\"wp-block-heading\" id=\"h-11-adverbs\">11. Hat\u00e1roz\u00f3sz\u00f3k:<\/h3>\n\n\n\n<p>A laoszi hat\u00e1roz\u00f3szavak ig\u00e9ket, mell\u00e9kneveket vagy m\u00e1s hat\u00e1roz\u00f3szavakat m\u00f3dos\u00edtanak. \u00c1ltal\u00e1ban az ige ut\u00e1n vagy a tagmondat v\u00e9g\u00e9n jelennek meg, \u00e9s inform\u00e1ci\u00f3t ny\u00fajtanak a m\u00f3dr\u00f3l, helyr\u0151l, id\u0151r\u0151l, fokozatr\u00f3l \u00e9s egyebekr\u0151l.<\/p>\n\n\n\n<h3 class=\"wp-block-heading\" id=\"h-12-prepositions\">12. El\u00f6lj\u00e1r\u00f3szavak:<\/h3>\n\n\n\n<p>Az el\u00f6lj\u00e1r\u00f3szavak \u00f6sszekapcsolj\u00e1k a szavakat \u00e9s kifejez\u00e9seket. Laoszban ezek k\u00f6z\u00fcl sok fed\u0151, amely a f\u0151n\u00e9v el\u0151tt vagy a soros igeszerkezetekben fordul el\u0151, hogy kifejezze az id\u0151, a hely, az ir\u00e1ny \u00e9s a k\u00eds\u00e9ret kapcsolat\u00e1t.<\/p>\n\n\n\n<h3 class=\"wp-block-heading\" id=\"h-13-sentences\">13. Mondatok:<\/h3>\n\n\n\n<p>V\u00e9g\u00fcl gyakorold a mondatok fel\u00e9p\u00edt\u00e9s\u00e9t. A lao els\u0151sorban alany iget\u00e1rgy, tagad\u00e1s az ige el\u0151tt, \u00e9s a k\u00e9rd\u00e9sr\u00e9szecsk\u00e9k vagy a k\u00e9rd\u0151szavak a hely\u00fck\u00f6n. Haszn\u00e1lja az \u00f6sszes kor\u00e1bban megtanult nyelvtani pontot a kontextusban, bele\u00e9rtve az oszt\u00e1lyoz\u00f3kat, a k\u00e9pjel\u00f6l\u0151ket \u00e9s a soros ig\u00e9ket, hogy biztos\u00edtsa a laoszi nyelv \u00e1tfog\u00f3 meg\u00e9rt\u00e9s\u00e9t.<\/p>\n<\/div><\/div>\n\r\n<section class=\"learnNavigationSection\">\r\n            \r\n        <a href=\"https:\/\/talkpal.ai\/hu\/tanulj-laosz-nyelven\/\">\r\n            <div class=\"learnNavigationWrapper\">\r\n                <div class=\"learnNavigationContent\">\r\n                    <img decoding=\"async\" src=\"https:\/\/talkpal.ai\/wp-content\/uploads\/2025\/11\/Lao-1.png\" alt=\"Laotian Flag\">\r\n                    <div>\r\n                        <h4>A Lao Learningr\u0151l<\/h4>\r\n                        <p>Tudjon meg mindent a laoszi nyelvtanr\u00f3l.<\/p>\r\n                    <\/div>\r\n                <\/div>\r\n            <\/div>\r\n        <\/a>\r\n\r\n        \r\n        <a href=\"https:\/\/talkpal.ai\/hu\/laoszi-nyelvtan\/\">\r\n            <div class=\"learnNavigationWrapper\">\r\n                <div class=\"learnNavigationContent\">\r\n                    <img decoding=\"async\" src=\"https:\/\/talkpal.ai\/wp-content\/uploads\/2025\/11\/Lao-1.png\" alt=\"Laotian Flag\">\r\n                    <div>\r\n                        <h4>Laoszi nyelvtani leck\u00e9k<\/h4>\r\n                        <p>Gyakorold a laoszi nyelvtant.<\/p>\r\n                    <\/div>\r\n                <\/div>\r\n            <\/div>\r\n        <\/a>\r\n\r\n            <\/section>","protected":false},"excerpt":{"rendered":"<p>Laoszi nyelvtani t\u00e9m\u00e1k Egy \u00faj nyelv elsaj\u00e1t\u00edt\u00e1sa kih\u00edv\u00e1st jelent\u0151, de kifizet\u0151d\u0151 v\u00e1llalkoz\u00e1s lehet. Ez al\u00f3l a laosz, a f\u0151k\u00e9nt Laoszban besz\u00e9lt tai-kadai nyelv sem kiv\u00e9tel. Egyedi tulajdons\u00e1gaival \u00e9s szerkezeteivel a laosz tanul\u00e1sa szisztematikus megk\u00f6zel\u00edt\u00e9st ig\u00e9nyel annak meg\u00e9rt\u00e9s\u00e9hez, hogy a jelent\u00e9s hogyan \u00e9p\u00fcl fel r\u00e9szecsk\u00e9kkel, sz\u00f3renddel \u00e9s oszt\u00e1lyoz\u00f3kkal, nem pedig ragoz\u00e1ssal. Ez az \u00fatmutat\u00f3 a laoszi [&hellip;]<\/p>\n","protected":false},"author":20,"featured_media":0,"parent":0,"menu_order":0,"comment_status":"closed","ping_status":"closed","template":"LearningContentPage.php","meta":{"_acf_changed":false,"footnotes":""},"class_list":["post-1475590","page","type-page","status-publish","hentry"],"acf":[],"yoast_head":"<!-- This site is optimized with the Yoast SEO Premium plugin v27.2 (Yoast SEO v27.2) - https:\/\/yoast.com\/product\/yoast-seo-premium-wordpress\/ -->\n<title>Laoszi nyelvtani gyakorlatok - Talkpal<\/title>\n<meta name=\"description\" content=\"A laoszi nyelvtan elsaj\u00e1t\u00edt\u00e1sa interakt\u00edv gyakorlatokkal, amelyek c\u00e9lja, hogy seg\u00edtsenek a nyelv foly\u00e9kony \u00e9s magabiztos elsaj\u00e1t\u00edt\u00e1s\u00e1ban.\" \/>\n<meta name=\"robots\" content=\"index, follow, max-snippet:-1, max-image-preview:large, max-video-preview:-1\" \/>\n<link rel=\"canonical\" href=\"https:\/\/talkpal.ai\/hu\/laoszi-nyelvtani-gyakorlatok\/\" \/>\n<meta property=\"og:locale\" content=\"hu_HU\" \/>\n<meta property=\"og:type\" content=\"article\" \/>\n<meta property=\"og:title\" content=\"Laoszi nyelvtani gyakorlatok\" \/>\n<meta property=\"og:description\" content=\"Laoszi nyelvtani t\u00e9m\u00e1k Egy \u00faj nyelv elsaj\u00e1t\u00edt\u00e1sa kih\u00edv\u00e1st jelent\u0151, de kifizet\u0151d\u0151 v\u00e1llalkoz\u00e1s lehet. Ez al\u00f3l a laosz, a f\u0151k\u00e9nt Laoszban besz\u00e9lt tai-kadai\" \/>\n<meta property=\"og:url\" content=\"https:\/\/talkpal.ai\/hu\/laoszi-nyelvtani-gyakorlatok\/\" \/>\n<meta property=\"og:site_name\" content=\"Talkpal\" \/>\n<meta property=\"article:publisher\" content=\"https:\/\/www.facebook.com\/profile.php?id=100090733639311\" \/>\n<meta property=\"article:modified_time\" content=\"2025-12-30T14:13:35+00:00\" \/>\n<meta property=\"og:image\" content=\"https:\/\/talkpal.ai\/wp-content\/uploads\/2025\/02\/Progress-tab-16_9.png\" \/>\n\t<meta property=\"og:image:width\" content=\"2880\" \/>\n\t<meta property=\"og:image:height\" content=\"1620\" \/>\n\t<meta property=\"og:image:type\" content=\"image\/png\" \/>\n<meta name=\"twitter:card\" content=\"summary_large_image\" \/>\n<meta name=\"twitter:site\" content=\"@talkpalai\" \/>\n<meta name=\"twitter:label1\" content=\"Becs\u00fclt olvas\u00e1si id\u0151\" \/>\n\t<meta name=\"twitter:data1\" content=\"5 perc\" \/>\n<script type=\"application\/ld+json\" class=\"yoast-schema-graph\">{\"@context\":\"https:\/\/schema.org\",\"@graph\":[{\"@type\":\"WebPage\",\"@id\":\"https:\/\/talkpal.ai\/hu\/laoszi-nyelvtani-gyakorlatok\/\",\"url\":\"https:\/\/talkpal.ai\/hu\/laoszi-nyelvtani-gyakorlatok\/\",\"name\":\"Laoszi nyelvtani gyakorlatok - Talkpal\",\"isPartOf\":{\"@id\":\"https:\/\/talkpal.ai\/hu\/#website\"},\"datePublished\":\"2025-11-12T12:14:54+00:00\",\"dateModified\":\"2025-12-30T14:13:35+00:00\",\"description\":\"A laoszi nyelvtan elsaj\u00e1t\u00edt\u00e1sa interakt\u00edv gyakorlatokkal, amelyek c\u00e9lja, hogy seg\u00edtsenek a nyelv foly\u00e9kony \u00e9s magabiztos elsaj\u00e1t\u00edt\u00e1s\u00e1ban.\",\"breadcrumb\":{\"@id\":\"https:\/\/talkpal.ai\/hu\/laoszi-nyelvtani-gyakorlatok\/#breadcrumb\"},\"inLanguage\":\"hu\",\"potentialAction\":[{\"@type\":\"ReadAction\",\"target\":[\"https:\/\/talkpal.ai\/hu\/laoszi-nyelvtani-gyakorlatok\/\"]}]},{\"@type\":\"BreadcrumbList\",\"@id\":\"https:\/\/talkpal.ai\/hu\/laoszi-nyelvtani-gyakorlatok\/#breadcrumb\",\"itemListElement\":[{\"@type\":\"ListItem\",\"position\":1,\"name\":\"Homepage\",\"item\":\"https:\/\/talkpal.ai\/hu\/\"},{\"@type\":\"ListItem\",\"position\":2,\"name\":\"Laoszi nyelvtani gyakorlatok\"}]},{\"@type\":\"WebSite\",\"@id\":\"https:\/\/talkpal.ai\/hu\/#website\",\"url\":\"https:\/\/talkpal.ai\/hu\/\",\"name\":\"Talkpal\",\"description\":\"AI Language Learning\",\"publisher\":{\"@id\":\"https:\/\/talkpal.ai\/hu\/#organization\"},\"alternateName\":\"Talkpal AI\",\"potentialAction\":[{\"@type\":\"SearchAction\",\"target\":{\"@type\":\"EntryPoint\",\"urlTemplate\":\"https:\/\/talkpal.ai\/hu\/?s={search_term_string}\"},\"query-input\":{\"@type\":\"PropertyValueSpecification\",\"valueRequired\":true,\"valueName\":\"search_term_string\"}}],\"inLanguage\":\"hu\"},{\"@type\":\"Organization\",\"@id\":\"https:\/\/talkpal.ai\/hu\/#organization\",\"name\":\"Talkpal, Inc.\",\"alternateName\":\"Talkpal AI\",\"url\":\"https:\/\/talkpal.ai\/hu\/\",\"logo\":{\"@type\":\"ImageObject\",\"inLanguage\":\"hu\",\"@id\":\"https:\/\/talkpal.ai\/hu\/#\/schema\/logo\/image\/\",\"url\":\"https:\/\/talkpal.ai\/wp-content\/uploads\/2024\/03\/Talkpal-Logo-Icon.png\",\"contentUrl\":\"https:\/\/talkpal.ai\/wp-content\/uploads\/2024\/03\/Talkpal-Logo-Icon.png\",\"width\":2880,\"height\":2880,\"caption\":\"Talkpal, Inc.\"},\"image\":{\"@id\":\"https:\/\/talkpal.ai\/hu\/#\/schema\/logo\/image\/\"},\"sameAs\":[\"https:\/\/www.facebook.com\/profile.php?id=100090733639311\",\"https:\/\/x.com\/talkpalai\",\"https:\/\/www.linkedin.com\/company\/talkpal\/\",\"https:\/\/www.youtube.com\/@TalkPal\/\",\"https:\/\/www.tiktok.com\/@talkpal\",\"https:\/\/www.instagram.com\/talkpal_ai\/\",\"https:\/\/www.crunchbase.com\/organization\/talkpal-9cde\",\"https:\/\/www.g2.com\/products\/talkpal-for-business\/\",\"https:\/\/www.trustpilot.com\/review\/talkpal.ai\",\"https:\/\/www.capterra.com\/p\/10006800\/TalkPal\/\"],\"description\":\"Talkpal is a language learning web and mobile education app, powered by the latest AI technologies, that provides engaging experiences to its customers in many different languages to help them improve their language skills. Users can chat about unlimited amount of topics with the app and use other modes to practice their language learning.\",\"email\":\"support@talkpal.ai\",\"legalName\":\"Talkpal, Inc.\",\"foundingDate\":\"2023-04-03\",\"duns\":\"118989042\",\"numberOfEmployees\":{\"@type\":\"QuantitativeValue\",\"minValue\":\"11\",\"maxValue\":\"50\"},\"publishingPrinciples\":\"https:\/\/talkpal.ai\/publishing-principles\/\",\"actionableFeedbackPolicy\":\"https:\/\/talkpal.ai\/actionable-feedback-policy\/\",\"correctionsPolicy\":\"https:\/\/talkpal.ai\/corrections-policy\/\",\"ethicsPolicy\":\"https:\/\/talkpal.ai\/ethics-policy\/\",\"diversityPolicy\":\"https:\/\/talkpal.ai\/diversity-policy\/\",\"diversityStaffingReport\":\"https:\/\/talkpal.ai\/diversity-policy\/\"}]}<\/script>\n<!-- \/ Yoast SEO Premium plugin. -->","yoast_head_json":{"title":"Laoszi nyelvtani gyakorlatok - Talkpal","description":"A laoszi nyelvtan elsaj\u00e1t\u00edt\u00e1sa interakt\u00edv gyakorlatokkal, amelyek c\u00e9lja, hogy seg\u00edtsenek a nyelv foly\u00e9kony \u00e9s magabiztos elsaj\u00e1t\u00edt\u00e1s\u00e1ban.","robots":{"index":"index","follow":"follow","max-snippet":"max-snippet:-1","max-image-preview":"max-image-preview:large","max-video-preview":"max-video-preview:-1"},"canonical":"https:\/\/talkpal.ai\/hu\/laoszi-nyelvtani-gyakorlatok\/","og_locale":"hu_HU","og_type":"article","og_title":"Laoszi nyelvtani gyakorlatok","og_description":"Laoszi nyelvtani t\u00e9m\u00e1k Egy \u00faj nyelv elsaj\u00e1t\u00edt\u00e1sa kih\u00edv\u00e1st jelent\u0151, de kifizet\u0151d\u0151 v\u00e1llalkoz\u00e1s lehet. Ez al\u00f3l a laosz, a f\u0151k\u00e9nt Laoszban besz\u00e9lt tai-kadai","og_url":"https:\/\/talkpal.ai\/hu\/laoszi-nyelvtani-gyakorlatok\/","og_site_name":"Talkpal","article_publisher":"https:\/\/www.facebook.com\/profile.php?id=100090733639311","article_modified_time":"2025-12-30T14:13:35+00:00","og_image":[{"width":2880,"height":1620,"url":"https:\/\/talkpal.ai\/wp-content\/uploads\/2025\/02\/Progress-tab-16_9.png","type":"image\/png"}],"twitter_card":"summary_large_image","twitter_site":"@talkpalai","twitter_misc":{"Becs\u00fclt olvas\u00e1si id\u0151":"5 perc"},"schema":{"@context":"https:\/\/schema.org","@graph":[{"@type":"WebPage","@id":"https:\/\/talkpal.ai\/hu\/laoszi-nyelvtani-gyakorlatok\/","url":"https:\/\/talkpal.ai\/hu\/laoszi-nyelvtani-gyakorlatok\/","name":"Laoszi nyelvtani gyakorlatok - Talkpal","isPartOf":{"@id":"https:\/\/talkpal.ai\/hu\/#website"},"datePublished":"2025-11-12T12:14:54+00:00","dateModified":"2025-12-30T14:13:35+00:00","description":"A laoszi nyelvtan elsaj\u00e1t\u00edt\u00e1sa interakt\u00edv gyakorlatokkal, amelyek c\u00e9lja, hogy seg\u00edtsenek a nyelv foly\u00e9kony \u00e9s magabiztos elsaj\u00e1t\u00edt\u00e1s\u00e1ban.","breadcrumb":{"@id":"https:\/\/talkpal.ai\/hu\/laoszi-nyelvtani-gyakorlatok\/#breadcrumb"},"inLanguage":"hu","potentialAction":[{"@type":"ReadAction","target":["https:\/\/talkpal.ai\/hu\/laoszi-nyelvtani-gyakorlatok\/"]}]},{"@type":"BreadcrumbList","@id":"https:\/\/talkpal.ai\/hu\/laoszi-nyelvtani-gyakorlatok\/#breadcrumb","itemListElement":[{"@type":"ListItem","position":1,"name":"Homepage","item":"https:\/\/talkpal.ai\/hu\/"},{"@type":"ListItem","position":2,"name":"Laoszi nyelvtani gyakorlatok"}]},{"@type":"WebSite","@id":"https:\/\/talkpal.ai\/hu\/#website","url":"https:\/\/talkpal.ai\/hu\/","name":"Talkpal","description":"AI Language Learning","publisher":{"@id":"https:\/\/talkpal.ai\/hu\/#organization"},"alternateName":"Talkpal AI","potentialAction":[{"@type":"SearchAction","target":{"@type":"EntryPoint","urlTemplate":"https:\/\/talkpal.ai\/hu\/?s={search_term_string}"},"query-input":{"@type":"PropertyValueSpecification","valueRequired":true,"valueName":"search_term_string"}}],"inLanguage":"hu"},{"@type":"Organization","@id":"https:\/\/talkpal.ai\/hu\/#organization","name":"Talkpal, Inc.","alternateName":"Talkpal AI","url":"https:\/\/talkpal.ai\/hu\/","logo":{"@type":"ImageObject","inLanguage":"hu","@id":"https:\/\/talkpal.ai\/hu\/#\/schema\/logo\/image\/","url":"https:\/\/talkpal.ai\/wp-content\/uploads\/2024\/03\/Talkpal-Logo-Icon.png","contentUrl":"https:\/\/talkpal.ai\/wp-content\/uploads\/2024\/03\/Talkpal-Logo-Icon.png","width":2880,"height":2880,"caption":"Talkpal, Inc."},"image":{"@id":"https:\/\/talkpal.ai\/hu\/#\/schema\/logo\/image\/"},"sameAs":["https:\/\/www.facebook.com\/profile.php?id=100090733639311","https:\/\/x.com\/talkpalai","https:\/\/www.linkedin.com\/company\/talkpal\/","https:\/\/www.youtube.com\/@TalkPal\/","https:\/\/www.tiktok.com\/@talkpal","https:\/\/www.instagram.com\/talkpal_ai\/","https:\/\/www.crunchbase.com\/organization\/talkpal-9cde","https:\/\/www.g2.com\/products\/talkpal-for-business\/","https:\/\/www.trustpilot.com\/review\/talkpal.ai","https:\/\/www.capterra.com\/p\/10006800\/TalkPal\/"],"description":"Talkpal is a language learning web and mobile education app, powered by the latest AI technologies, that provides engaging experiences to its customers in many different languages to help them improve their language skills. Users can chat about unlimited amount of topics with the app and use other modes to practice their language learning.","email":"support@talkpal.ai","legalName":"Talkpal, Inc.","foundingDate":"2023-04-03","duns":"118989042","numberOfEmployees":{"@type":"QuantitativeValue","minValue":"11","maxValue":"50"},"publishingPrinciples":"https:\/\/talkpal.ai\/publishing-principles\/","actionableFeedbackPolicy":"https:\/\/talkpal.ai\/actionable-feedback-policy\/","correctionsPolicy":"https:\/\/talkpal.ai\/corrections-policy\/","ethicsPolicy":"https:\/\/talkpal.ai\/ethics-policy\/","diversityPolicy":"https:\/\/talkpal.ai\/diversity-policy\/","diversityStaffingReport":"https:\/\/talkpal.ai\/diversity-policy\/"}]}},"_links":{"self":[{"href":"https:\/\/talkpal.ai\/hu\/wp-json\/wp\/v2\/pages\/1475590","targetHints":{"allow":["GET"]}}],"collection":[{"href":"https:\/\/talkpal.ai\/hu\/wp-json\/wp\/v2\/pages"}],"about":[{"href":"https:\/\/talkpal.ai\/hu\/wp-json\/wp\/v2\/types\/page"}],"author":[{"embeddable":true,"href":"https:\/\/talkpal.ai\/hu\/wp-json\/wp\/v2\/users\/20"}],"replies":[{"embeddable":true,"href":"https:\/\/talkpal.ai\/hu\/wp-json\/wp\/v2\/comments?post=1475590"}],"version-history":[{"count":0,"href":"https:\/\/talkpal.ai\/hu\/wp-json\/wp\/v2\/pages\/1475590\/revisions"}],"wp:attachment":[{"href":"https:\/\/talkpal.ai\/hu\/wp-json\/wp\/v2\/media?parent=1475590"}],"curies":[{"name":"wp","href":"https:\/\/api.w.org\/{rel}","templated":true}]}}