{"id":1475571,"date":"2025-11-12T11:25:18","date_gmt":"2025-11-12T11:25:18","guid":{"rendered":"https:\/\/talkpal.ai\/khmer-nyelvtani-gyakorlatok\/"},"modified":"2025-12-30T14:44:03","modified_gmt":"2025-12-30T14:44:03","slug":"khmer-nyelvtani-gyakorlatok","status":"publish","type":"page","link":"https:\/\/talkpal.ai\/hu\/khmer-nyelvtani-gyakorlatok\/","title":{"rendered":"Khmer nyelvtani gyakorlatok"},"content":{"rendered":"\r\n\r\n\r\n<section class=\"languageChallengeSection\">\r\n    <div class=\"languageInfoWrapper\">\r\n        \r\n        <h1>Khmer nyelvtani gyakorlatok<\/h1>\r\n        <p>K\u00e9szen \u00e1llsz arra, hogy belemer\u00fclj a <a href=\"https:\/\/talkpal.ai\/learn-khmer\/\">khmer<\/a> nyelvtanba? N\u00e9h\u00e1ny alapismeret begyakorl\u00e1sa seg\u00edt abban, hogy elsaj\u00e1t\u00edtsd ezt az egyed\u00fcl\u00e1ll\u00f3 \u00e9s gy\u00f6ny\u00f6r\u0171 nyelvet. Pr\u00f3b\u00e1ld ki ezeket a gyakorlatokat, hogy n\u00f6veld az \u00f6nbizalmadat, \u00e9s k\u00f6zben j\u00f3l \u00e9rezd magad!<\/p>\r\n\r\n                            <a class=\"getStartedHidden\" href=\"https:\/\/app.talkpal.ai\/hu\/signup?lng=\">Kezdj\u00fck<\/a>\r\n        \r\n    <\/div>\r\n\r\n    <figure>\r\n    <img decoding=\"async\" width=\"768\" height=\"768\" src=\"https:\/\/talkpal.ai\/wp-content\/uploads\/2023\/06\/welsh-768x768.png\" class=\"languageImage no-lazy\" alt=\"Language learning for better cognitive abilities\" fetchpriority=\"high\" sizes=\"(max-width: 768px) 150px, 768px\" srcset=\"https:\/\/talkpal.ai\/wp-content\/uploads\/2023\/06\/welsh-768x768.png 768w, https:\/\/talkpal.ai\/wp-content\/uploads\/2023\/06\/welsh-300x300.png 300w\" \/>\r\n    \r\n\r\n    <\/figure>\r\n\r\n            <a class=\"getStartedVisible\" href=\"https:\/\/app.talkpal.ai\/hu\/signup?lng=\">Kezdj\u00fck<\/a>\r\n    \r\n<\/section><section class=\"promotionalBanner\">\r\n    <p class=\"promotionalText\">A nyelvtanul\u00e1s leghat\u00e9konyabb m\u00f3dja<\/p>\r\n    <a class=\"promotionalLink\" href=\"https:\/\/app.talkpal.ai\/hu\/signup?lng=\">Pr\u00f3b\u00e1lja ki a Talkpal ingyen<\/a>\r\n<\/section>\n<div class=\"wp-block-group pageContainerStyle\"><div class=\"wp-block-group__inner-container is-layout-constrained wp-block-group-is-layout-constrained\">\n<h2 class=\"wp-block-heading\" id=\"h-khmer-grammar-topics\">Khmer nyelvtani t\u00e9m\u00e1k<\/h2>\n\n\n\n<p><a href=\"https:\/\/talkpal.ai\/hu\/a-legnagyobb-hibak-amelyeket-el-kell-kerulni-ha-uj-nyelvet-tanulunk\/\">Egy \u00faj nyelv elsaj\u00e1t\u00edt\u00e1sa<\/a> kih\u00edv\u00e1st jelent\u0151, de kifizet\u0151d\u0151 v\u00e1llalkoz\u00e1s lehet. Ez al\u00f3l a <a href=\"https:\/\/talkpal.ai\/learn-khmer\/\">khmer<\/a>, egy ausztro\u00e1zsiai nyelv, amelyet f\u0151leg Kambodzs\u00e1ban besz\u00e9lnek. Analitikus szerkezet\u00e9vel \u00e9s jellegzetes r\u00e9szecsk\u00e9ivel a khmer <a href=\"https:\/\/talkpal.ai\/hu\/talkpal-for-education\/\">nyelv tanul\u00e1sa<\/a> szisztematikus megk\u00f6zel\u00edt\u00e9st ig\u00e9nyel annak meg\u00e9rt\u00e9s\u00e9hez, hogyan \u00e9p\u00fcl fel a jelent\u00e9s ragoz\u00e1s n\u00e9lk\u00fcl. <a href=\"https:\/\/talkpal.ai\/culture\/how-do-you-use-the-demonstrative-pronouns-ez-and-az\/\">Ez az<\/a> \u00fatmutat\u00f3 a <a href=\"https:\/\/talkpal.ai\/hu\/khmer-nyelvtan\/\">khmer nyelvtan<\/a> kulcsfontoss\u00e1g\u00fa ter\u00fcleteit v\u00e1zolja fel logikai sorrendben a <a href=\"https:\/\/talkpal.ai\/hu\/ai-chatbot-a-nyelvtanulashoz\/\">nyelvtanul\u00e1shoz<\/a>, kezdve az alapokt\u00f3l, p\u00e9ld\u00e1ul a f\u0151nevekt\u0151l \u00e9s a n\u00e9vel\u0151kt\u0151l, \u00e9s tov\u00e1bbhaladva az \u00f6sszetettebb ter\u00fcletekig, mint p\u00e9ld\u00e1ul az igeid\u0151 \u00e9s a mondat\u00e9p\u00edt\u00e9s.<\/p>\n\n\n\n<h3 class=\"wp-block-heading\" id=\"h-1-nouns\">1. F\u0151nevek:<\/h3>\n\n\n\n<p>Kezdje a khmer nyelvi utaz\u00e1st a f\u0151nevek elsaj\u00e1t\u00edt\u00e1s\u00e1val. Ez mag\u00e1ban foglalja a k\u00f6z- \u00e9s tulajdonnevek meg\u00e9rt\u00e9s\u00e9t, azt, hogy a t\u00f6bbes sz\u00e1mot gyakran kvantorokkal, oszt\u00e1lyoz\u00f3kkal vagy duplik\u00e1ci\u00f3val mutatj\u00e1k meg a ragoz\u00e1s helyett, valamint a nyelvtani nem vagy kis- \u00e9s nagybet\u0171 hi\u00e1ny\u00e1t.<\/p>\n\n\n\n<h3 class=\"wp-block-heading\" id=\"h-2-articles\">2. Cikkek:<\/h3>\n\n\n\n<p>A khmer nem haszn\u00e1l hat\u00e1rozott vagy hat\u00e1rozatlan n\u00e9vel\u0151ket, mint <a href=\"https:\/\/talkpal.ai\/ai-english-speaking-practice\/\">az angolban<\/a>. A hat\u00e1rozotts\u00e1g kontextuson vagy demonstrat\u00edvumokon kereszt\u00fcl fejez\u0151dik ki, mint p\u00e9ld\u00e1ul \u1793\u17c1\u17c7 ez \u00e9s \u1793\u17c4\u17c7, m\u00edg a hat\u00e1rozatlans\u00e1g a \u1798\u17bd\u1799 sz\u00e1mmal mutathat\u00f3 ki, vagy n\u00e9h\u00e1ny sz\u00f3val, mint a \u1798\u17bd\u1799\u1785\u17c6\u1793\u17bd\u1793.<\/p>\n\n\n\n<h3 class=\"wp-block-heading\" id=\"h-3-adjectives\">3. Mell\u00e9knevek:<\/h3>\n\n\n\n<p>A khmer mell\u00e9knevek jellemz\u0151en a f\u0151nev\u00fcket k\u00f6vetik, \u00e9s \u00e1ll\u00f3igek\u00e9nt m\u0171k\u00f6dhetnek az \u00e1ll\u00edtm\u00e1nyokban. Tanulja meg a fokozatjelz\u0151ket \u00e9s az \u00f6sszehasonl\u00edt\u00e1st, mint p\u00e9ld\u00e1ul a \u178e\u17b6\u179f\u17cb nagyon, a \u1787\u17b6\u1784 az \u00f6sszehasonl\u00edt\u00f3 \u00e9s a \u1787\u17b6\u1784\u1782\u17c1 a szuperlat\u00edvusz, valamint a duplik\u00e1ci\u00f3 a hangs\u00falyhoz.<\/p>\n\n\n\n<h3 class=\"wp-block-heading\" id=\"h-4-pronouns-determiners\">4. N\u00e9vm\u00e1sok\/determin\u00e1nsok:<\/h3>\n\n\n\n<p>A n\u00e9vm\u00e1sok \u00e9s a meghat\u00e1roz\u00f3k elengedhetetlenek a khmerben, \u00e9s a formalit\u00e1s \u00e9s a t\u00e1rsadalmi kapcsolatok szintj\u00e9t t\u00fckr\u00f6zik. Saj\u00e1t\u00edtsd el a szem\u00e9lyes n\u00e9vm\u00e1sokat, demonstrat\u00edvusokat, kvantorokat, oszt\u00e1lyoz\u00f3kkal ell\u00e1tott sz\u00e1mokat, \u00e9s birtokl\u00e1st \u179a\u1794\u179f\u17cb vagy f\u0151n\u00e9v-f\u0151n\u00e9v sorozatok haszn\u00e1lat\u00e1val a vil\u00e1gos \u00e9s megfelel\u0151 kommunik\u00e1ci\u00f3 \u00e9rdek\u00e9ben.<\/p>\n\n\n\n<h3 class=\"wp-block-heading\" id=\"h-5-verbs\">5. Ig\u00e9k:<\/h3>\n\n\n\n<p>A khmer ig\u00e9k nem ragoznak szem\u00e9lyt vagy igeid\u0151t. Az aspektus, az id\u0151 \u00e9s a hangulat r\u00e9szecsk\u00e9kkel \u00e9s hat\u00e1roz\u00f3szavakkal jelenik meg, mint p\u00e9ld\u00e1ul a \u1780\u17c6\u1796\u17bb\u1784 progressz\u00edv, \u1794\u17b6\u1793 befejezett vagy m\u00falt, \u1793\u17b9\u1784 j\u00f6v\u0151 vagy sz\u00e1nd\u00e9k, \u1791\u17be\u1794 csak \u00e9s \u178f\u17c2\u1784 szok\u00e1sos, valamint a soros igeszerkezetek \u00e9s a kopul\u00e1k, p\u00e9ld\u00e1ul a \u1787\u17b6 oszt\u00e1lyoz\u00e1shoz \u00e9s a \u1793\u17c5 a helyhez val\u00f3 korl\u00e1tozott haszn\u00e1lata.<\/p>\n\n\n\n<h3 class=\"wp-block-heading\" id=\"h-6-tenses\">6. Igeid\u0151k:<\/h3>\n\n\n\n<p>Az igehaszn\u00e1lat elsaj\u00e1t\u00edt\u00e1sa ut\u00e1n fedezze fel, hogyan fejezi ki a khmer az id\u0151t ragoz\u00e1si id\u0151 n\u00e9lk\u00fcl. A jelent gyakran jel\u00f6letlen, a m\u00faltat \u00e1ltal\u00e1ban \u1794\u17b6\u1793 vagy id\u0151kifejez\u00e9sekkel jel\u00f6lik, a j\u00f6v\u0151t vagy a sz\u00e1nd\u00e9kot pedig \u1793\u17b9\u1784 vagy kontextussal, a kieg\u00e9sz\u00edt\u0151 \u00e1rnyalatokat gyakran m\u00e1r \u17a0\u17be\u1799 jel\u00f6li.<\/p>\n\n\n\n<h3 class=\"wp-block-heading\" id=\"h-7-tense-comparison\">7. Fesz\u00fclt \u00f6sszehasonl\u00edt\u00e1s:<\/h3>\n\n\n\n<p>Az id\u0151 \u00e9s az aspektus \u00f6sszehasonl\u00edt\u00e1sa a khmer nyelvben a r\u00e9szecsk\u00e9kre \u00e9s a hat\u00e1roz\u00f3szavakra \u00f6sszpontos\u00edt, nem pedig az igev\u00e1ltoz\u00e1sokra. Ha ugyanazt az ig\u00e9t olyan r\u00e9szecsk\u00e9kkel haszn\u00e1ljuk, mint a \u1794\u17b6\u1793, \u1793\u17b9\u1784 \u00e9s \u1780\u17c6\u1796\u17bb\u1784 k\u00fcl\u00f6nb\u00f6z\u0151 kontextusokban, akkor tiszt\u00e1zzuk, hogyan fejez\u0151dnek ki az esem\u00e9nyek sorrendjei.<\/p>\n\n\n\n<h3 class=\"wp-block-heading\" id=\"h-8-progressive\">8. Progressz\u00edv:<\/h3>\n\n\n\n<p>A khmer progressz\u00edv kifejez\u00e9st a folyamatban l\u00e9v\u0151 cselekv\u00e9sek kifejez\u00e9s\u00e9re haszn\u00e1lj\u00e1k. \u00dagy alakul ki, hogy a \u1780\u17c6\u1796\u17bb\u1784-t a f\u0151ige el\u00e9 helyezz\u00fck, opcion\u00e1lis \u178f\u17c2-vel a hangs\u00faly \u00e9rdek\u00e9ben, \u00e9s az \u00e9rthet\u0151s\u00e9g kedv\u00e9\u00e9rt id\u0151kifejez\u00e9sekkel kombin\u00e1lhat\u00f3.<\/p>\n\n\n\n<h3 class=\"wp-block-heading\" id=\"h-9-perfect-progressive\">9. T\u00f6k\u00e9letes progressz\u00edv:<\/h3>\n\n\n\n<p>Ez egy adott pontig folyamatban l\u00e9v\u0151 tev\u00e9kenys\u00e9gek kifejez\u00e9s\u00e9re szolg\u00e1l. A khmer nyelven az eddigi folytonoss\u00e1g a \u1780\u17c6\u1796\u17bb\u1784 &#8230; \u1798\u1780 vagy \u1794\u17b6\u1793 + ige + \u1798\u1780 id\u0151tartam\u00fa kifejez\u00e9sekkel egy\u00fctt, a kontextust\u00f3l \u00e9s a hangs\u00falyt\u00f3l f\u00fcgg\u0151en.<\/p>\n\n\n\n<h3 class=\"wp-block-heading\" id=\"h-10-conditionals\">10. Felt\u00e9telek:<\/h3>\n\n\n\n<p>A felt\u00e9teles kifejez\u00e9sek hipotetikus helyzeteket \u00e9s eredm\u00e9nyeket fejeznek ki. A khmer \u00e1ltal\u00e1ban a \u1794\u17be vagy \u1794\u17d2\u179a\u179f\u17b7\u1793\u1794\u17be sz\u00f3t haszn\u00e1lja az if felt\u00e9telz\u00e1rad\u00e9kban, az eredm\u00e9nyt gyakran olyan r\u00e9szecsk\u00e9k jel\u00f6lik, mint a \u1793\u17c4\u17c7 vagy az \u00e1rnyalatok megfelel\u0151 mod\u00e1ljai.<\/p>\n\n\n\n<h3 class=\"wp-block-heading\" id=\"h-11-adverbs\">11. Hat\u00e1roz\u00f3sz\u00f3k:<\/h3>\n\n\n\n<p>A khmer hat\u00e1roz\u00f3szavak m\u00f3dos\u00edtj\u00e1k az ig\u00e9ket, mell\u00e9kneveket vagy m\u00e1s hat\u00e1roz\u00f3szavakat, \u00e9s magukban foglalj\u00e1k a m\u00f3dot, a helyet, az id\u0151t \u00e9s a fokozatot. A poz\u00edci\u00f3 rugalmas, az id\u0151 hat\u00e1roz\u00f3szavak gyakran az elej\u00e9n, gyakran az ige ut\u00e1n a modor, \u00e9s az olyan fokozat\u00fa szavak, mint a \u178e\u17b6\u179f\u17cb \u00e9s a \u1794\u1793\u17d2\u178f\u17b7\u1785 alak\u00edtj\u00e1k az intenzit\u00e1st.<\/p>\n\n\n\n<h3 class=\"wp-block-heading\" id=\"h-12-prepositions\">12. El\u00f6lj\u00e1r\u00f3szavak:<\/h3>\n\n\n\n<p>Az el\u00f6lj\u00e1r\u00f3szavak szavakat \u00e9s kifejez\u00e9seket kapcsolnak \u00f6ssze, hogy megmutass\u00e1k az id\u0151, a hely \u00e9s az ir\u00e1ny kapcsolat\u00e1t. A khmer olyan elemeket haszn\u00e1l, mint a \u1793\u17c5 at or in, \u1791\u17c5 to, \u1796\u17b8 from \u00e9s rel\u00e1ci\u00f3s alakok, mint a \u1781\u17b6\u1784\u1780\u17d2\u179a\u17c4\u1799 behind \u00e9s \u179b\u17be on, gyakran helynevekkel kombin\u00e1lva.<\/p>\n\n\n\n<h3 class=\"wp-block-heading\" id=\"h-13-sentences\">13. Mondatok:<\/h3>\n\n\n\n<p>V\u00e9g\u00fcl gyakorold a mondatok fel\u00e9p\u00edt\u00e9s\u00e9t. A khmer hajlamos az SVO rend fel\u00e9, gyakori t\u00e9ma-megjegyz\u00e9s strukt\u00far\u00e1kkal. Mester tagad\u00e1s \u1798\u17b7\u1793 &#8230; \u1791\u17c1 a szok\u00e1sos haszn\u00e1latban \u00e9s a k\u00f6znyelvben, imperat\u00edvuszok olyan r\u00e9szecsk\u00e9kkel, mint a \u179f\u17bc\u1798, \u00e9s az \u00f6sszes kor\u00e1bban megtanult nyelvtani pont integr\u00e1l\u00e1sa a kontextusba.<\/p>\n<\/div><\/div>\n\r\n<section class=\"learnNavigationSection\">\r\n            \r\n        <a href=\"https:\/\/talkpal.ai\/hu\/tanulj-walesi-nyelven\/\">\r\n            <div class=\"learnNavigationWrapper\">\r\n                <div class=\"learnNavigationContent\">\r\n                    <img decoding=\"async\" src=\"https:\/\/talkpal.ai\/wp-content\/uploads\/2025\/11\/Khmer.png\" alt=\"Cambodian Flag\">\r\n                    <div>\r\n                        <h4>A khmer tanul\u00e1sr\u00f3l<\/h4>\r\n                        <p>Tudjon meg mindent a khmer nyelvtanr\u00f3l.<\/p>\r\n                    <\/div>\r\n                <\/div>\r\n            <\/div>\r\n        <\/a>\r\n\r\n        \r\n        <a href=\"https:\/\/talkpal.ai\/hu\/khmer-nyelvtan\/\">\r\n            <div class=\"learnNavigationWrapper\">\r\n                <div class=\"learnNavigationContent\">\r\n                    <img decoding=\"async\" src=\"https:\/\/talkpal.ai\/wp-content\/uploads\/2025\/11\/Khmer.png\" alt=\"Cambodian Flag\">\r\n                    <div>\r\n                        <h4>Khmer nyelvtani leck\u00e9k<\/h4>\r\n                        <p>Gyakorold a khmer nyelvtant.<\/p>\r\n                    <\/div>\r\n                <\/div>\r\n            <\/div>\r\n        <\/a>\r\n\r\n            <\/section>","protected":false},"excerpt":{"rendered":"<p>Khmer nyelvtani t\u00e9m\u00e1k Egy \u00faj nyelv elsaj\u00e1t\u00edt\u00e1sa kih\u00edv\u00e1st jelent\u0151, de kifizet\u0151d\u0151 v\u00e1llalkoz\u00e1s lehet. Ez al\u00f3l a khmer, egy ausztro\u00e1zsiai nyelv, amelyet f\u0151leg Kambodzs\u00e1ban besz\u00e9lnek. Analitikus szerkezet\u00e9vel \u00e9s jellegzetes r\u00e9szecsk\u00e9ivel a khmer nyelv tanul\u00e1sa szisztematikus megk\u00f6zel\u00edt\u00e9st ig\u00e9nyel annak meg\u00e9rt\u00e9s\u00e9hez, hogyan \u00e9p\u00fcl fel a jelent\u00e9s ragoz\u00e1s n\u00e9lk\u00fcl. Ez az \u00fatmutat\u00f3 a khmer nyelvtan kulcsfontoss\u00e1g\u00fa ter\u00fcleteit v\u00e1zolja fel [&hellip;]<\/p>\n","protected":false},"author":20,"featured_media":0,"parent":0,"menu_order":0,"comment_status":"closed","ping_status":"closed","template":"LearningContentPage.php","meta":{"_acf_changed":false,"footnotes":""},"class_list":["post-1475571","page","type-page","status-publish","hentry"],"acf":[],"yoast_head":"<!-- This site is optimized with the Yoast SEO Premium plugin v27.2 (Yoast SEO v27.2) - https:\/\/yoast.com\/product\/yoast-seo-premium-wordpress\/ -->\n<title>Khmer nyelvtani gyakorlatok - Talkpal<\/title>\n<meta name=\"description\" content=\"N\u00f6velje nyelvtud\u00e1s\u00e1t interakt\u00edv khmer nyelvtani gyakorlatokkal, amelyek seg\u00edts\u00e9g\u00e9vel magabiztosan besz\u00e9lhet \u00e9s \u00edrhat.\" \/>\n<meta name=\"robots\" content=\"index, follow, max-snippet:-1, max-image-preview:large, max-video-preview:-1\" \/>\n<link rel=\"canonical\" href=\"https:\/\/talkpal.ai\/hu\/khmer-nyelvtani-gyakorlatok\/\" \/>\n<meta property=\"og:locale\" content=\"hu_HU\" \/>\n<meta property=\"og:type\" content=\"article\" \/>\n<meta property=\"og:title\" content=\"Khmer nyelvtani gyakorlatok\" \/>\n<meta property=\"og:description\" content=\"Khmer nyelvtani t\u00e9m\u00e1k Egy \u00faj nyelv elsaj\u00e1t\u00edt\u00e1sa kih\u00edv\u00e1st jelent\u0151, de kifizet\u0151d\u0151 v\u00e1llalkoz\u00e1s lehet. Ez al\u00f3l a khmer, egy ausztro\u00e1zsiai nyelv, amelyet f\u0151leg\" \/>\n<meta property=\"og:url\" content=\"https:\/\/talkpal.ai\/hu\/khmer-nyelvtani-gyakorlatok\/\" \/>\n<meta property=\"og:site_name\" content=\"Talkpal\" \/>\n<meta property=\"article:publisher\" content=\"https:\/\/www.facebook.com\/profile.php?id=100090733639311\" \/>\n<meta property=\"article:modified_time\" content=\"2025-12-30T14:44:03+00:00\" \/>\n<meta property=\"og:image\" content=\"https:\/\/talkpal.ai\/wp-content\/uploads\/2025\/02\/Progress-tab-16_9.png\" \/>\n\t<meta property=\"og:image:width\" content=\"2880\" \/>\n\t<meta property=\"og:image:height\" content=\"1620\" \/>\n\t<meta property=\"og:image:type\" content=\"image\/png\" \/>\n<meta name=\"twitter:card\" content=\"summary_large_image\" \/>\n<meta name=\"twitter:site\" content=\"@talkpalai\" \/>\n<meta name=\"twitter:label1\" content=\"Becs\u00fclt olvas\u00e1si id\u0151\" \/>\n\t<meta name=\"twitter:data1\" content=\"5 perc\" \/>\n<script type=\"application\/ld+json\" class=\"yoast-schema-graph\">{\"@context\":\"https:\/\/schema.org\",\"@graph\":[{\"@type\":\"WebPage\",\"@id\":\"https:\/\/talkpal.ai\/hu\/khmer-nyelvtani-gyakorlatok\/\",\"url\":\"https:\/\/talkpal.ai\/hu\/khmer-nyelvtani-gyakorlatok\/\",\"name\":\"Khmer nyelvtani gyakorlatok - Talkpal\",\"isPartOf\":{\"@id\":\"https:\/\/talkpal.ai\/hu\/#website\"},\"datePublished\":\"2025-11-12T11:25:18+00:00\",\"dateModified\":\"2025-12-30T14:44:03+00:00\",\"description\":\"N\u00f6velje nyelvtud\u00e1s\u00e1t interakt\u00edv khmer nyelvtani gyakorlatokkal, amelyek seg\u00edts\u00e9g\u00e9vel magabiztosan besz\u00e9lhet \u00e9s \u00edrhat.\",\"breadcrumb\":{\"@id\":\"https:\/\/talkpal.ai\/hu\/khmer-nyelvtani-gyakorlatok\/#breadcrumb\"},\"inLanguage\":\"hu\",\"potentialAction\":[{\"@type\":\"ReadAction\",\"target\":[\"https:\/\/talkpal.ai\/hu\/khmer-nyelvtani-gyakorlatok\/\"]}]},{\"@type\":\"BreadcrumbList\",\"@id\":\"https:\/\/talkpal.ai\/hu\/khmer-nyelvtani-gyakorlatok\/#breadcrumb\",\"itemListElement\":[{\"@type\":\"ListItem\",\"position\":1,\"name\":\"Homepage\",\"item\":\"https:\/\/talkpal.ai\/hu\/\"},{\"@type\":\"ListItem\",\"position\":2,\"name\":\"Khmer nyelvtani gyakorlatok\"}]},{\"@type\":\"WebSite\",\"@id\":\"https:\/\/talkpal.ai\/hu\/#website\",\"url\":\"https:\/\/talkpal.ai\/hu\/\",\"name\":\"Talkpal\",\"description\":\"AI Language Learning\",\"publisher\":{\"@id\":\"https:\/\/talkpal.ai\/hu\/#organization\"},\"alternateName\":\"Talkpal AI\",\"potentialAction\":[{\"@type\":\"SearchAction\",\"target\":{\"@type\":\"EntryPoint\",\"urlTemplate\":\"https:\/\/talkpal.ai\/hu\/?s={search_term_string}\"},\"query-input\":{\"@type\":\"PropertyValueSpecification\",\"valueRequired\":true,\"valueName\":\"search_term_string\"}}],\"inLanguage\":\"hu\"},{\"@type\":\"Organization\",\"@id\":\"https:\/\/talkpal.ai\/hu\/#organization\",\"name\":\"Talkpal, Inc.\",\"alternateName\":\"Talkpal AI\",\"url\":\"https:\/\/talkpal.ai\/hu\/\",\"logo\":{\"@type\":\"ImageObject\",\"inLanguage\":\"hu\",\"@id\":\"https:\/\/talkpal.ai\/hu\/#\/schema\/logo\/image\/\",\"url\":\"https:\/\/talkpal.ai\/wp-content\/uploads\/2024\/03\/Talkpal-Logo-Icon.png\",\"contentUrl\":\"https:\/\/talkpal.ai\/wp-content\/uploads\/2024\/03\/Talkpal-Logo-Icon.png\",\"width\":2880,\"height\":2880,\"caption\":\"Talkpal, Inc.\"},\"image\":{\"@id\":\"https:\/\/talkpal.ai\/hu\/#\/schema\/logo\/image\/\"},\"sameAs\":[\"https:\/\/www.facebook.com\/profile.php?id=100090733639311\",\"https:\/\/x.com\/talkpalai\",\"https:\/\/www.linkedin.com\/company\/talkpal\/\",\"https:\/\/www.youtube.com\/@TalkPal\/\",\"https:\/\/www.tiktok.com\/@talkpal\",\"https:\/\/www.instagram.com\/talkpal_ai\/\",\"https:\/\/www.crunchbase.com\/organization\/talkpal-9cde\",\"https:\/\/www.g2.com\/products\/talkpal-for-business\/\",\"https:\/\/www.trustpilot.com\/review\/talkpal.ai\",\"https:\/\/www.capterra.com\/p\/10006800\/TalkPal\/\"],\"description\":\"Talkpal is a language learning web and mobile education app, powered by the latest AI technologies, that provides engaging experiences to its customers in many different languages to help them improve their language skills. Users can chat about unlimited amount of topics with the app and use other modes to practice their language learning.\",\"email\":\"support@talkpal.ai\",\"legalName\":\"Talkpal, Inc.\",\"foundingDate\":\"2023-04-03\",\"duns\":\"118989042\",\"numberOfEmployees\":{\"@type\":\"QuantitativeValue\",\"minValue\":\"11\",\"maxValue\":\"50\"},\"publishingPrinciples\":\"https:\/\/talkpal.ai\/publishing-principles\/\",\"actionableFeedbackPolicy\":\"https:\/\/talkpal.ai\/actionable-feedback-policy\/\",\"correctionsPolicy\":\"https:\/\/talkpal.ai\/corrections-policy\/\",\"ethicsPolicy\":\"https:\/\/talkpal.ai\/ethics-policy\/\",\"diversityPolicy\":\"https:\/\/talkpal.ai\/diversity-policy\/\",\"diversityStaffingReport\":\"https:\/\/talkpal.ai\/diversity-policy\/\"}]}<\/script>\n<!-- \/ Yoast SEO Premium plugin. -->","yoast_head_json":{"title":"Khmer nyelvtani gyakorlatok - Talkpal","description":"N\u00f6velje nyelvtud\u00e1s\u00e1t interakt\u00edv khmer nyelvtani gyakorlatokkal, amelyek seg\u00edts\u00e9g\u00e9vel magabiztosan besz\u00e9lhet \u00e9s \u00edrhat.","robots":{"index":"index","follow":"follow","max-snippet":"max-snippet:-1","max-image-preview":"max-image-preview:large","max-video-preview":"max-video-preview:-1"},"canonical":"https:\/\/talkpal.ai\/hu\/khmer-nyelvtani-gyakorlatok\/","og_locale":"hu_HU","og_type":"article","og_title":"Khmer nyelvtani gyakorlatok","og_description":"Khmer nyelvtani t\u00e9m\u00e1k Egy \u00faj nyelv elsaj\u00e1t\u00edt\u00e1sa kih\u00edv\u00e1st jelent\u0151, de kifizet\u0151d\u0151 v\u00e1llalkoz\u00e1s lehet. Ez al\u00f3l a khmer, egy ausztro\u00e1zsiai nyelv, amelyet f\u0151leg","og_url":"https:\/\/talkpal.ai\/hu\/khmer-nyelvtani-gyakorlatok\/","og_site_name":"Talkpal","article_publisher":"https:\/\/www.facebook.com\/profile.php?id=100090733639311","article_modified_time":"2025-12-30T14:44:03+00:00","og_image":[{"width":2880,"height":1620,"url":"https:\/\/talkpal.ai\/wp-content\/uploads\/2025\/02\/Progress-tab-16_9.png","type":"image\/png"}],"twitter_card":"summary_large_image","twitter_site":"@talkpalai","twitter_misc":{"Becs\u00fclt olvas\u00e1si id\u0151":"5 perc"},"schema":{"@context":"https:\/\/schema.org","@graph":[{"@type":"WebPage","@id":"https:\/\/talkpal.ai\/hu\/khmer-nyelvtani-gyakorlatok\/","url":"https:\/\/talkpal.ai\/hu\/khmer-nyelvtani-gyakorlatok\/","name":"Khmer nyelvtani gyakorlatok - Talkpal","isPartOf":{"@id":"https:\/\/talkpal.ai\/hu\/#website"},"datePublished":"2025-11-12T11:25:18+00:00","dateModified":"2025-12-30T14:44:03+00:00","description":"N\u00f6velje nyelvtud\u00e1s\u00e1t interakt\u00edv khmer nyelvtani gyakorlatokkal, amelyek seg\u00edts\u00e9g\u00e9vel magabiztosan besz\u00e9lhet \u00e9s \u00edrhat.","breadcrumb":{"@id":"https:\/\/talkpal.ai\/hu\/khmer-nyelvtani-gyakorlatok\/#breadcrumb"},"inLanguage":"hu","potentialAction":[{"@type":"ReadAction","target":["https:\/\/talkpal.ai\/hu\/khmer-nyelvtani-gyakorlatok\/"]}]},{"@type":"BreadcrumbList","@id":"https:\/\/talkpal.ai\/hu\/khmer-nyelvtani-gyakorlatok\/#breadcrumb","itemListElement":[{"@type":"ListItem","position":1,"name":"Homepage","item":"https:\/\/talkpal.ai\/hu\/"},{"@type":"ListItem","position":2,"name":"Khmer nyelvtani gyakorlatok"}]},{"@type":"WebSite","@id":"https:\/\/talkpal.ai\/hu\/#website","url":"https:\/\/talkpal.ai\/hu\/","name":"Talkpal","description":"AI Language Learning","publisher":{"@id":"https:\/\/talkpal.ai\/hu\/#organization"},"alternateName":"Talkpal AI","potentialAction":[{"@type":"SearchAction","target":{"@type":"EntryPoint","urlTemplate":"https:\/\/talkpal.ai\/hu\/?s={search_term_string}"},"query-input":{"@type":"PropertyValueSpecification","valueRequired":true,"valueName":"search_term_string"}}],"inLanguage":"hu"},{"@type":"Organization","@id":"https:\/\/talkpal.ai\/hu\/#organization","name":"Talkpal, Inc.","alternateName":"Talkpal AI","url":"https:\/\/talkpal.ai\/hu\/","logo":{"@type":"ImageObject","inLanguage":"hu","@id":"https:\/\/talkpal.ai\/hu\/#\/schema\/logo\/image\/","url":"https:\/\/talkpal.ai\/wp-content\/uploads\/2024\/03\/Talkpal-Logo-Icon.png","contentUrl":"https:\/\/talkpal.ai\/wp-content\/uploads\/2024\/03\/Talkpal-Logo-Icon.png","width":2880,"height":2880,"caption":"Talkpal, Inc."},"image":{"@id":"https:\/\/talkpal.ai\/hu\/#\/schema\/logo\/image\/"},"sameAs":["https:\/\/www.facebook.com\/profile.php?id=100090733639311","https:\/\/x.com\/talkpalai","https:\/\/www.linkedin.com\/company\/talkpal\/","https:\/\/www.youtube.com\/@TalkPal\/","https:\/\/www.tiktok.com\/@talkpal","https:\/\/www.instagram.com\/talkpal_ai\/","https:\/\/www.crunchbase.com\/organization\/talkpal-9cde","https:\/\/www.g2.com\/products\/talkpal-for-business\/","https:\/\/www.trustpilot.com\/review\/talkpal.ai","https:\/\/www.capterra.com\/p\/10006800\/TalkPal\/"],"description":"Talkpal is a language learning web and mobile education app, powered by the latest AI technologies, that provides engaging experiences to its customers in many different languages to help them improve their language skills. Users can chat about unlimited amount of topics with the app and use other modes to practice their language learning.","email":"support@talkpal.ai","legalName":"Talkpal, Inc.","foundingDate":"2023-04-03","duns":"118989042","numberOfEmployees":{"@type":"QuantitativeValue","minValue":"11","maxValue":"50"},"publishingPrinciples":"https:\/\/talkpal.ai\/publishing-principles\/","actionableFeedbackPolicy":"https:\/\/talkpal.ai\/actionable-feedback-policy\/","correctionsPolicy":"https:\/\/talkpal.ai\/corrections-policy\/","ethicsPolicy":"https:\/\/talkpal.ai\/ethics-policy\/","diversityPolicy":"https:\/\/talkpal.ai\/diversity-policy\/","diversityStaffingReport":"https:\/\/talkpal.ai\/diversity-policy\/"}]}},"_links":{"self":[{"href":"https:\/\/talkpal.ai\/hu\/wp-json\/wp\/v2\/pages\/1475571","targetHints":{"allow":["GET"]}}],"collection":[{"href":"https:\/\/talkpal.ai\/hu\/wp-json\/wp\/v2\/pages"}],"about":[{"href":"https:\/\/talkpal.ai\/hu\/wp-json\/wp\/v2\/types\/page"}],"author":[{"embeddable":true,"href":"https:\/\/talkpal.ai\/hu\/wp-json\/wp\/v2\/users\/20"}],"replies":[{"embeddable":true,"href":"https:\/\/talkpal.ai\/hu\/wp-json\/wp\/v2\/comments?post=1475571"}],"version-history":[{"count":0,"href":"https:\/\/talkpal.ai\/hu\/wp-json\/wp\/v2\/pages\/1475571\/revisions"}],"wp:attachment":[{"href":"https:\/\/talkpal.ai\/hu\/wp-json\/wp\/v2\/media?parent=1475571"}],"curies":[{"name":"wp","href":"https:\/\/api.w.org\/{rel}","templated":true}]}}