{"id":1475552,"date":"2025-11-12T11:25:16","date_gmt":"2025-11-12T11:25:16","guid":{"rendered":"https:\/\/talkpal.ai\/khmer-nyelvtan\/"},"modified":"2025-12-30T14:41:36","modified_gmt":"2025-12-30T14:41:36","slug":"khmer-nyelvtan","status":"publish","type":"page","link":"https:\/\/talkpal.ai\/hu\/khmer-nyelvtan\/","title":{"rendered":"Khmer nyelvtan"},"content":{"rendered":"\r\n\r\n\r\n<section class=\"languageChallengeSection\">\r\n    <div class=\"languageInfoWrapper\">\r\n        \r\n        <h1>Khmer nyelvtan<\/h1>\r\n        <p>A <a href=\"https:\/\/talkpal.ai\/learn-khmer\/\">khmer<\/a> <a href=\"https:\/\/talkpal.ai\/grammar\/\">nyelvtan<\/a> els\u0151re kih\u00edv\u00e1snak t\u0171nhet, de egyedi tulajdons\u00e1gai kifizet\u0151d\u0151 \u00e9lm\u00e9nny\u00e9 teszik a nyelvtanul\u00e1st. A nyelv \u00e1b\u00e9c\u00e9j\u00e9nek, mut\u00e1ci\u00f3inak \u00e9s nyelvtani szab\u00e1lyainak felfedez\u00e9s\u00e9vel betekint\u00e9st nyerhet egy gazdag nyelvi hagyom\u00e1nyba. Indulj el az utaz\u00e1sodra, \u00e9s fedezd fel a khmer sz\u00e9ps\u00e9g\u00e9t!<\/p>\r\n\r\n                            <a class=\"getStartedHidden\" href=\"https:\/\/app.talkpal.ai\/hu\/signup?lng=\">Kezdj\u00fck<\/a>\r\n        \r\n    <\/div>\r\n\r\n    <figure>\r\n    <img decoding=\"async\" width=\"768\" height=\"768\" src=\"https:\/\/talkpal.ai\/wp-content\/uploads\/2023\/06\/welsh-768x768.png\" class=\"languageImage no-lazy\" alt=\"Language learning for better cognitive abilities\" fetchpriority=\"high\" sizes=\"(max-width: 768px) 150px, 768px\" srcset=\"https:\/\/talkpal.ai\/wp-content\/uploads\/2023\/06\/welsh-768x768.png 768w, https:\/\/talkpal.ai\/wp-content\/uploads\/2023\/06\/welsh-300x300.png 300w\" \/>\r\n    \r\n\r\n    <\/figure>\r\n\r\n            <a class=\"getStartedVisible\" href=\"https:\/\/app.talkpal.ai\/hu\/signup?lng=\">Kezdj\u00fck<\/a>\r\n    \r\n<\/section><section class=\"promotionalBanner\">\r\n    <p class=\"promotionalText\">A nyelvtanul\u00e1s leghat\u00e9konyabb m\u00f3dja<\/p>\r\n    <a class=\"promotionalLink\" href=\"https:\/\/app.talkpal.ai\/hu\/signup?lng=\">Pr\u00f3b\u00e1lja ki a Talkpal ingyen<\/a>\r\n<\/section>\n<div class=\"wp-block-group pageContainerStyle\"><div class=\"wp-block-group__inner-container is-layout-constrained wp-block-group-is-layout-constrained\">\n<h2 class=\"wp-block-heading\" id=\"h-navigating-the-intricacies-of-khmer-grammar\">Eligazod\u00e1s a khmer nyelvtan bonyolults\u00e1g\u00e1ban<\/h2>\n\n\n\n<p><a href=\"https:\/\/talkpal.ai\/hu\/tanulj-khmer-nyelven\/\">A khmer,<\/a> Kambodzsa nemzeti nyelve \u00e9s m\u00e9ly irodalmi hagyom\u00e1nyokkal rendelkez\u0151 jelent\u0151s ausztro\u00e1zsiai nyelv izgalmas nyelvi \u00e9lm\u00e9nyt k\u00edn\u00e1l azoknak, akik sz\u00edvesen felfedezik egyed\u00fcl\u00e1ll\u00f3 nyelvtani rendszer\u00e9t. Ahogy a khmer birodalm\u00e1ba mer\u00e9szkedik, nemcsak nyelvi reperto\u00e1rj\u00e1t gazdag\u00edtja, hanem egy leny\u0171g\u00f6z\u0151 kultur\u00e1lis utaz\u00e1st is megteszel. B\u00e1r a khmer nyelvtan els\u0151re ismeretlennek t\u0171nhet, az alapvet\u0151 \u00f6sszetev\u0151kre bont\u00e1sa megk\u00f6zel\u00edthet\u0151bb\u00e9 teszi a nyelvtanul\u00e1st. Ebben a cikkben felt\u00e1rjuk a khmer nyelvtan mag\u00e1val ragad\u00f3 vil\u00e1g\u00e1t, \u00e9s tippeket adunk annak \u00f6sszetetts\u00e9g\u00e9nek elsaj\u00e1t\u00edt\u00e1s\u00e1hoz.<\/p>\n\n\n\n<h3 class=\"wp-block-heading\" id=\"h-1-khmer-alphabet-and-phonetics\">1. Khmer \u00e1b\u00e9c\u00e9 \u00e9s fonetika<\/h3>\n\n\n\n<p>A khmer \u00edr\u00e1srendszer egy abugida, amely 33 m\u00e1ssalhangz\u00f3t, 23 f\u00fcgg\u0151 mag\u00e1nhangz\u00f3t \u00e9s 12 f\u00fcggetlen mag\u00e1nhangz\u00f3t tartalmaz. A m\u00e1ssalhangz\u00f3k k\u00e9t sorozatban vannak, amelyek befoly\u00e1solj\u00e1k a mag\u00e1nhangz\u00f3k min\u0151s\u00e9g\u00e9t, \u00e9s a mag\u00e1nhangz\u00f3-szimb\u00f3lumok a m\u00e1ssalhangz\u00f3-sorozatt\u00f3l f\u00fcgg\u0151en v\u00e1ltoztatj\u00e1k kiejt\u00e9s\u00fcket. A khmer nyelvtan elsaj\u00e1t\u00edt\u00e1s\u00e1hoz elengedhetetlen, hogy megismerkedj\u00fcnk ezzel a jellegzetes \u00edr\u00e1ssal a khmer nyelv\u0171 olvas\u00e1s \u00e9s \u00edr\u00e1s gyakorl\u00e1s\u00e1val.<\/p>\n\n\n\n<h3 class=\"wp-block-heading\" id=\"h-2-consonant-series-a-peculiar-khmer-feature\">2. M\u00e1ssalhangz\u00f3-sorozat: Saj\u00e1tos khmer tulajdons\u00e1g<\/h3>\n\n\n\n<p>A khmer nyelv egyik legszembet\u0171n\u0151bb aspektusa a k\u00e9t m\u00e1ssalhangz\u00f3-sorozat, amelyeket gyakran regisztereknek neveznek, \u00e9s amelyek befoly\u00e1solj\u00e1k a f\u00fcgg\u0151 mag\u00e1nhangz\u00f3k kiejt\u00e9s\u00e9t. Az A-sorozat\u00fa \u00e9s az O-sorozat\u00fa m\u00e1ssalhangz\u00f3k ugyanazt a mag\u00e1nhangz\u00f3-szimb\u00f3lumot elt\u00e9r\u0151en olvass\u00e1k. Ezeknek a sorozatoknak a m\u0171k\u00f6d\u00e9s\u00e9nek meg\u00e9rt\u00e9se, valamint a gyakori mell\u00e9kjelek l\u00e9tfontoss\u00e1g\u00faak a khmer nyelven t\u00f6rt\u00e9n\u0151 pontos kiejt\u00e9shez \u00e9s \u00edr\u00e1shoz.<\/p>\n\n\n\n<h3 class=\"wp-block-heading\" id=\"h-3-nouns-and-pronouns-gender-and-cases\">3. F\u0151nevek \u00e9s n\u00e9vm\u00e1sok: nem \u00e9s esetek<\/h3>\n\n\n\n<p>A khmer f\u0151neveknek nincs nyelvtani nem\u00fck, \u00e9s nem ragoznak esetre. A t\u00f6bbes sz\u00e1mot gyakran kontextussal, duplik\u00e1ci\u00f3val vagy olyan szavakkal jel\u00f6lik, mint a \u1785\u17d2\u179a\u17be\u1793. A khmer n\u00e9vm\u00e1sok szem\u00e9lyes, birtokl\u00f3, reflex\u00edv, demonstrat\u00edv \u00e9s k\u00e9rd\u0151 form\u00e1kat tartalmaznak, \u00e9s udvariass\u00e1gt\u00f3l \u00e9s t\u00e1rsadalmi kontextust\u00f3l f\u00fcgg\u0151en v\u00e1ltoznak. Ha megismered ezeket a n\u00e9vm\u00e1sokat \u00e9s r\u00e9szecsk\u00e9ket, mint p\u00e9ld\u00e1ul a \u179a\u1794\u179f\u17cb a birtokl\u00e1s sz\u00e1m\u00e1ra, jelent\u0151sen jav\u00edtja a khmer nyelvtan meg\u00e9rt\u00e9s\u00e9t.<\/p>\n\n\n\n<h3 class=\"wp-block-heading\" id=\"h-4-verbs-structure-and-conjugation\">4. Ig\u00e9k: szerkezet \u00e9s ragoz\u00e1s<\/h3>\n\n\n\n<p>A khmer ig\u00e9k nem ragoz\u00f3dnak igeid\u0151re, szem\u00e9lyre vagy sz\u00e1mra. Ehelyett az id\u0151t \u00e9s az aspektust r\u00e9szecsk\u00e9kkel \u00e9s hat\u00e1roz\u00f3szavakkal fejezik ki, mint p\u00e9ld\u00e1ul a \u1780\u17c6\u1796\u17bb\u1784 a progressz\u00edv, a \u1794\u17b6\u1793 a befejezett m\u00falt \u00e9s a \u1793\u17b9\u1784 a j\u00f6v\u0151. A hangulatot olyan szavakkal lehet jelezni, mint a \u179f\u17bc\u1798 vagy a \u1785\u17bc\u179a az udvarias imperat\u00edvuszokhoz \u00e9s a \u1780\u17bb\u17c6 a tilalmakhoz. Ezeknek a r\u00e9szecsk\u00e9knek \u00e9s a gyakori soros igeszerkezeteknek a megtanul\u00e1sa jav\u00edtja a khmer nyelven val\u00f3 hat\u00e9kony kommunik\u00e1ci\u00f3 k\u00e9pess\u00e9g\u00e9t.<\/p>\n\n\n\n<h3 class=\"wp-block-heading\" id=\"h-5-adjectives-agreement-and-placement\">5. Mell\u00e9knevek: meg\u00e1llapod\u00e1s \u00e9s elhelyez\u00e9s<\/h3>\n\n\n\n<p>A khmer nyelvtanban a mell\u00e9knevek jellemz\u0151en az \u00e1ltaluk m\u00f3dos\u00edtott f\u0151nevet k\u00f6vetik, \u00e9s nem egyeznek meg sz\u00e1mban vagy nemben. Az \u00f6sszehasonl\u00edt\u00f3 \u00e9s szuperlat\u00edvuszokat analitikusan alak\u00edtj\u00e1k ki, gyakran a \u1787\u17b6\u1784 \u00f6sszehasonl\u00edt\u00e1shoz, a \u1787\u17b6\u1784\u1782\u17c1 vagy \u1794\u17c6\u1795\u17bb\u178f szuperlat\u00edvuszokhoz pedig a \u1787\u17b6\u1784 karaktereket haszn\u00e1lj\u00e1k.<\/p>\n\n\n\n<p><strong>P\u00e9ld\u00e1k:<\/strong><\/p>\n\n\n\n<p><strong>\u2013 \u179f\u17c1\u1785\u1780\u17d2\u178f\u17b8\u179f\u17d2\u179a\u17a1\u17b6\u1789\u17cb \u1792\u17c6 (nagy szerelem)<\/strong><\/p>\n\n\n\n<p><strong>\u2013 \u1780\u17bc\u1793\u1780\u17d2\u1798\u17c1\u1784 \u178f\u17bc\u1785 (kisgyermekek)<\/strong><\/p>\n\n\n\n<h3 class=\"wp-block-heading\" id=\"h-6-engaging-with-the-language\">6. A nyelv haszn\u00e1lata<\/h3>\n\n\n\n<p>A khmer nyelvtan teljes meg\u00e9rt\u00e9s\u00e9nek \u00e9s internaliz\u00e1l\u00e1s\u00e1nak leghat\u00e9konyabb m\u00f3dja a nyelv k\u00f6vetkezetes kezel\u00e9se. A khmer irodalom olvas\u00e1s\u00e1val, khmer filmek vagy telev\u00edzi\u00f3s sorozatok n\u00e9z\u00e9s\u00e9vel, khmer zene hallgat\u00e1s\u00e1val \u00e9s az anyanyelvi besz\u00e9l\u0151kkel val\u00f3 akt\u00edv kommunik\u00e1ci\u00f3val meger\u0151s\u00edti a nyelvtan meg\u00e9rt\u00e9s\u00e9t, mik\u00f6zben b\u0151v\u00edti sz\u00f3kincs\u00e9t.<\/p>\n\n\n\n<h3 class=\"wp-block-heading\" id=\"h-conclusion\">K\u00f6vetkeztet\u00e9s<\/h3>\n\n\n\n<p>B\u00e1r a khmer nyelvtan bonyolultnak t\u0171nhet, odaad\u00e1ssal, gyakorl\u00e1ssal \u00e9s lelkesed\u00e9ssel j\u00e1rtass\u00e1 v\u00e1lhat ebben a gy\u00f6ny\u00f6r\u0171 nyelvben. Ha az alapvet\u0151 szab\u00e1lyokra \u00f6sszpontos\u00edt, \u00e9s k\u00fcl\u00f6nb\u00f6z\u0151 kontextusokban foglalkozik a nyelvvel, gyorsan fejlesztheti khmer <a href=\"https:\/\/talkpal.ai\/hu\/nyelvtan\/\">nyelvtani k\u00e9szs\u00e9geit<\/a>. Somnang laor (sok szerencs\u00e9t) a khmer nyelvi utaz\u00e1shoz, \u00e9s \u00e9lvezze a khmer nyelvtan rejt\u00e9lyes, m\u00e9gis mag\u00e1val ragad\u00f3 vil\u00e1g\u00e1nak megfejt\u00e9s\u00e9t!<\/p>\n<\/div><\/div>\n\r\n<section class=\"learnNavigationSection\">\r\n            \r\n        <a href=\"https:\/\/talkpal.ai\/hu\/tanulj-khmer-nyelven\/\">\r\n            <div class=\"learnNavigationWrapper\">\r\n                <div class=\"learnNavigationContent\">\r\n                    <img decoding=\"async\" src=\"https:\/\/talkpal.ai\/wp-content\/uploads\/2025\/11\/Khmer.png\" alt=\"Cambodian Flag\">\r\n                    <div>\r\n                        <h4>A khmer tanul\u00e1sr\u00f3l<\/h4>\r\n                        <p>Tudjon meg mindent a khmer nyelvtanr\u00f3l.<\/p>\r\n                    <\/div>\r\n                <\/div>\r\n            <\/div>\r\n        <\/a>\r\n\r\n        \r\n        <a href=\"https:\/\/talkpal.ai\/hu\/khmer-nyelvtani-gyakorlatok\/\">\r\n            <div class=\"learnNavigationWrapper\">\r\n                <div class=\"learnNavigationContent\">\r\n                    <img decoding=\"async\" src=\"https:\/\/talkpal.ai\/wp-content\/uploads\/2025\/11\/Khmer.png\" alt=\"Cambodian Flag\">\r\n                    <div>\r\n                        <h4>Khmer nyelvtani gyakorlat<\/h4>\r\n                        <p>Gyakorold a khmer nyelvtant.<\/p>\r\n                    <\/div>\r\n                <\/div>\r\n            <\/div>\r\n        <\/a>\r\n\r\n            <\/section>","protected":false},"excerpt":{"rendered":"<p>Eligazod\u00e1s a khmer nyelvtan bonyolults\u00e1g\u00e1ban A khmer, Kambodzsa nemzeti nyelve \u00e9s m\u00e9ly irodalmi hagyom\u00e1nyokkal rendelkez\u0151 jelent\u0151s ausztro\u00e1zsiai nyelv izgalmas nyelvi \u00e9lm\u00e9nyt k\u00edn\u00e1l azoknak, akik sz\u00edvesen felfedezik egyed\u00fcl\u00e1ll\u00f3 nyelvtani rendszer\u00e9t. Ahogy a khmer birodalm\u00e1ba mer\u00e9szkedik, nemcsak nyelvi reperto\u00e1rj\u00e1t gazdag\u00edtja, hanem egy leny\u0171g\u00f6z\u0151 kultur\u00e1lis utaz\u00e1st is megteszel. B\u00e1r a khmer nyelvtan els\u0151re ismeretlennek t\u0171nhet, az alapvet\u0151 \u00f6sszetev\u0151kre [&hellip;]<\/p>\n","protected":false},"author":20,"featured_media":0,"parent":0,"menu_order":0,"comment_status":"closed","ping_status":"closed","template":"LearningContentPage.php","meta":{"_acf_changed":false,"footnotes":""},"class_list":["post-1475552","page","type-page","status-publish","hentry"],"acf":[],"yoast_head":"<!-- This site is optimized with the Yoast SEO Premium plugin v27.2 (Yoast SEO v27.2) - https:\/\/yoast.com\/product\/yoast-seo-premium-wordpress\/ -->\n<title>Khmer nyelvtan - Talkpal<\/title>\n<meta name=\"description\" content=\"Saj\u00e1t\u00edtsd el a khmer nyelvtan alapelemeit, bele\u00e9rtve az \u00e1b\u00e9c\u00e9t, a fonetik\u00e1t \u00e9s a mondatszerkezetet \u00e1tfog\u00f3 nyelvtanul\u00e1si \u00fatmutat\u00f3nkkal.\" \/>\n<meta name=\"robots\" content=\"index, follow, max-snippet:-1, max-image-preview:large, max-video-preview:-1\" \/>\n<link rel=\"canonical\" href=\"https:\/\/talkpal.ai\/hu\/khmer-nyelvtan\/\" \/>\n<meta property=\"og:locale\" content=\"hu_HU\" \/>\n<meta property=\"og:type\" content=\"article\" \/>\n<meta property=\"og:title\" content=\"Khmer nyelvtan\" \/>\n<meta property=\"og:description\" content=\"Eligazod\u00e1s a khmer nyelvtan bonyolults\u00e1g\u00e1ban A khmer, Kambodzsa nemzeti nyelve \u00e9s m\u00e9ly irodalmi hagyom\u00e1nyokkal rendelkez\u0151 jelent\u0151s ausztro\u00e1zsiai nyelv\" \/>\n<meta property=\"og:url\" content=\"https:\/\/talkpal.ai\/hu\/khmer-nyelvtan\/\" \/>\n<meta property=\"og:site_name\" content=\"Talkpal\" \/>\n<meta property=\"article:publisher\" content=\"https:\/\/www.facebook.com\/profile.php?id=100090733639311\" \/>\n<meta property=\"article:modified_time\" content=\"2025-12-30T14:41:36+00:00\" \/>\n<meta property=\"og:image\" content=\"https:\/\/talkpal.ai\/wp-content\/uploads\/2025\/02\/Progress-tab-16_9.png\" \/>\n\t<meta property=\"og:image:width\" content=\"2880\" \/>\n\t<meta property=\"og:image:height\" content=\"1620\" \/>\n\t<meta property=\"og:image:type\" content=\"image\/png\" \/>\n<meta name=\"twitter:card\" content=\"summary_large_image\" \/>\n<meta name=\"twitter:site\" content=\"@talkpalai\" \/>\n<meta name=\"twitter:label1\" content=\"Becs\u00fclt olvas\u00e1si id\u0151\" \/>\n\t<meta name=\"twitter:data1\" content=\"4 perc\" \/>\n<script type=\"application\/ld+json\" class=\"yoast-schema-graph\">{\"@context\":\"https:\/\/schema.org\",\"@graph\":[{\"@type\":\"WebPage\",\"@id\":\"https:\/\/talkpal.ai\/hu\/khmer-nyelvtan\/\",\"url\":\"https:\/\/talkpal.ai\/hu\/khmer-nyelvtan\/\",\"name\":\"Khmer nyelvtan - Talkpal\",\"isPartOf\":{\"@id\":\"https:\/\/talkpal.ai\/hu\/#website\"},\"datePublished\":\"2025-11-12T11:25:16+00:00\",\"dateModified\":\"2025-12-30T14:41:36+00:00\",\"description\":\"Saj\u00e1t\u00edtsd el a khmer nyelvtan alapelemeit, bele\u00e9rtve az \u00e1b\u00e9c\u00e9t, a fonetik\u00e1t \u00e9s a mondatszerkezetet \u00e1tfog\u00f3 nyelvtanul\u00e1si \u00fatmutat\u00f3nkkal.\",\"breadcrumb\":{\"@id\":\"https:\/\/talkpal.ai\/hu\/khmer-nyelvtan\/#breadcrumb\"},\"inLanguage\":\"hu\",\"potentialAction\":[{\"@type\":\"ReadAction\",\"target\":[\"https:\/\/talkpal.ai\/hu\/khmer-nyelvtan\/\"]}]},{\"@type\":\"BreadcrumbList\",\"@id\":\"https:\/\/talkpal.ai\/hu\/khmer-nyelvtan\/#breadcrumb\",\"itemListElement\":[{\"@type\":\"ListItem\",\"position\":1,\"name\":\"Homepage\",\"item\":\"https:\/\/talkpal.ai\/hu\/\"},{\"@type\":\"ListItem\",\"position\":2,\"name\":\"Khmer nyelvtan\"}]},{\"@type\":\"WebSite\",\"@id\":\"https:\/\/talkpal.ai\/hu\/#website\",\"url\":\"https:\/\/talkpal.ai\/hu\/\",\"name\":\"Talkpal\",\"description\":\"AI Language Learning\",\"publisher\":{\"@id\":\"https:\/\/talkpal.ai\/hu\/#organization\"},\"alternateName\":\"Talkpal AI\",\"potentialAction\":[{\"@type\":\"SearchAction\",\"target\":{\"@type\":\"EntryPoint\",\"urlTemplate\":\"https:\/\/talkpal.ai\/hu\/?s={search_term_string}\"},\"query-input\":{\"@type\":\"PropertyValueSpecification\",\"valueRequired\":true,\"valueName\":\"search_term_string\"}}],\"inLanguage\":\"hu\"},{\"@type\":\"Organization\",\"@id\":\"https:\/\/talkpal.ai\/hu\/#organization\",\"name\":\"Talkpal, Inc.\",\"alternateName\":\"Talkpal AI\",\"url\":\"https:\/\/talkpal.ai\/hu\/\",\"logo\":{\"@type\":\"ImageObject\",\"inLanguage\":\"hu\",\"@id\":\"https:\/\/talkpal.ai\/hu\/#\/schema\/logo\/image\/\",\"url\":\"https:\/\/talkpal.ai\/wp-content\/uploads\/2024\/03\/Talkpal-Logo-Icon.png\",\"contentUrl\":\"https:\/\/talkpal.ai\/wp-content\/uploads\/2024\/03\/Talkpal-Logo-Icon.png\",\"width\":2880,\"height\":2880,\"caption\":\"Talkpal, Inc.\"},\"image\":{\"@id\":\"https:\/\/talkpal.ai\/hu\/#\/schema\/logo\/image\/\"},\"sameAs\":[\"https:\/\/www.facebook.com\/profile.php?id=100090733639311\",\"https:\/\/x.com\/talkpalai\",\"https:\/\/www.linkedin.com\/company\/talkpal\/\",\"https:\/\/www.youtube.com\/@TalkPal\/\",\"https:\/\/www.tiktok.com\/@talkpal\",\"https:\/\/www.instagram.com\/talkpal_ai\/\",\"https:\/\/www.crunchbase.com\/organization\/talkpal-9cde\",\"https:\/\/www.g2.com\/products\/talkpal-for-business\/\",\"https:\/\/www.trustpilot.com\/review\/talkpal.ai\",\"https:\/\/www.capterra.com\/p\/10006800\/TalkPal\/\"],\"description\":\"Talkpal is a language learning web and mobile education app, powered by the latest AI technologies, that provides engaging experiences to its customers in many different languages to help them improve their language skills. Users can chat about unlimited amount of topics with the app and use other modes to practice their language learning.\",\"email\":\"support@talkpal.ai\",\"legalName\":\"Talkpal, Inc.\",\"foundingDate\":\"2023-04-03\",\"duns\":\"118989042\",\"numberOfEmployees\":{\"@type\":\"QuantitativeValue\",\"minValue\":\"11\",\"maxValue\":\"50\"},\"publishingPrinciples\":\"https:\/\/talkpal.ai\/publishing-principles\/\",\"actionableFeedbackPolicy\":\"https:\/\/talkpal.ai\/actionable-feedback-policy\/\",\"correctionsPolicy\":\"https:\/\/talkpal.ai\/corrections-policy\/\",\"ethicsPolicy\":\"https:\/\/talkpal.ai\/ethics-policy\/\",\"diversityPolicy\":\"https:\/\/talkpal.ai\/diversity-policy\/\",\"diversityStaffingReport\":\"https:\/\/talkpal.ai\/diversity-policy\/\"}]}<\/script>\n<!-- \/ Yoast SEO Premium plugin. -->","yoast_head_json":{"title":"Khmer nyelvtan - Talkpal","description":"Saj\u00e1t\u00edtsd el a khmer nyelvtan alapelemeit, bele\u00e9rtve az \u00e1b\u00e9c\u00e9t, a fonetik\u00e1t \u00e9s a mondatszerkezetet \u00e1tfog\u00f3 nyelvtanul\u00e1si \u00fatmutat\u00f3nkkal.","robots":{"index":"index","follow":"follow","max-snippet":"max-snippet:-1","max-image-preview":"max-image-preview:large","max-video-preview":"max-video-preview:-1"},"canonical":"https:\/\/talkpal.ai\/hu\/khmer-nyelvtan\/","og_locale":"hu_HU","og_type":"article","og_title":"Khmer nyelvtan","og_description":"Eligazod\u00e1s a khmer nyelvtan bonyolults\u00e1g\u00e1ban A khmer, Kambodzsa nemzeti nyelve \u00e9s m\u00e9ly irodalmi hagyom\u00e1nyokkal rendelkez\u0151 jelent\u0151s ausztro\u00e1zsiai nyelv","og_url":"https:\/\/talkpal.ai\/hu\/khmer-nyelvtan\/","og_site_name":"Talkpal","article_publisher":"https:\/\/www.facebook.com\/profile.php?id=100090733639311","article_modified_time":"2025-12-30T14:41:36+00:00","og_image":[{"width":2880,"height":1620,"url":"https:\/\/talkpal.ai\/wp-content\/uploads\/2025\/02\/Progress-tab-16_9.png","type":"image\/png"}],"twitter_card":"summary_large_image","twitter_site":"@talkpalai","twitter_misc":{"Becs\u00fclt olvas\u00e1si id\u0151":"4 perc"},"schema":{"@context":"https:\/\/schema.org","@graph":[{"@type":"WebPage","@id":"https:\/\/talkpal.ai\/hu\/khmer-nyelvtan\/","url":"https:\/\/talkpal.ai\/hu\/khmer-nyelvtan\/","name":"Khmer nyelvtan - Talkpal","isPartOf":{"@id":"https:\/\/talkpal.ai\/hu\/#website"},"datePublished":"2025-11-12T11:25:16+00:00","dateModified":"2025-12-30T14:41:36+00:00","description":"Saj\u00e1t\u00edtsd el a khmer nyelvtan alapelemeit, bele\u00e9rtve az \u00e1b\u00e9c\u00e9t, a fonetik\u00e1t \u00e9s a mondatszerkezetet \u00e1tfog\u00f3 nyelvtanul\u00e1si \u00fatmutat\u00f3nkkal.","breadcrumb":{"@id":"https:\/\/talkpal.ai\/hu\/khmer-nyelvtan\/#breadcrumb"},"inLanguage":"hu","potentialAction":[{"@type":"ReadAction","target":["https:\/\/talkpal.ai\/hu\/khmer-nyelvtan\/"]}]},{"@type":"BreadcrumbList","@id":"https:\/\/talkpal.ai\/hu\/khmer-nyelvtan\/#breadcrumb","itemListElement":[{"@type":"ListItem","position":1,"name":"Homepage","item":"https:\/\/talkpal.ai\/hu\/"},{"@type":"ListItem","position":2,"name":"Khmer nyelvtan"}]},{"@type":"WebSite","@id":"https:\/\/talkpal.ai\/hu\/#website","url":"https:\/\/talkpal.ai\/hu\/","name":"Talkpal","description":"AI Language Learning","publisher":{"@id":"https:\/\/talkpal.ai\/hu\/#organization"},"alternateName":"Talkpal AI","potentialAction":[{"@type":"SearchAction","target":{"@type":"EntryPoint","urlTemplate":"https:\/\/talkpal.ai\/hu\/?s={search_term_string}"},"query-input":{"@type":"PropertyValueSpecification","valueRequired":true,"valueName":"search_term_string"}}],"inLanguage":"hu"},{"@type":"Organization","@id":"https:\/\/talkpal.ai\/hu\/#organization","name":"Talkpal, Inc.","alternateName":"Talkpal AI","url":"https:\/\/talkpal.ai\/hu\/","logo":{"@type":"ImageObject","inLanguage":"hu","@id":"https:\/\/talkpal.ai\/hu\/#\/schema\/logo\/image\/","url":"https:\/\/talkpal.ai\/wp-content\/uploads\/2024\/03\/Talkpal-Logo-Icon.png","contentUrl":"https:\/\/talkpal.ai\/wp-content\/uploads\/2024\/03\/Talkpal-Logo-Icon.png","width":2880,"height":2880,"caption":"Talkpal, Inc."},"image":{"@id":"https:\/\/talkpal.ai\/hu\/#\/schema\/logo\/image\/"},"sameAs":["https:\/\/www.facebook.com\/profile.php?id=100090733639311","https:\/\/x.com\/talkpalai","https:\/\/www.linkedin.com\/company\/talkpal\/","https:\/\/www.youtube.com\/@TalkPal\/","https:\/\/www.tiktok.com\/@talkpal","https:\/\/www.instagram.com\/talkpal_ai\/","https:\/\/www.crunchbase.com\/organization\/talkpal-9cde","https:\/\/www.g2.com\/products\/talkpal-for-business\/","https:\/\/www.trustpilot.com\/review\/talkpal.ai","https:\/\/www.capterra.com\/p\/10006800\/TalkPal\/"],"description":"Talkpal is a language learning web and mobile education app, powered by the latest AI technologies, that provides engaging experiences to its customers in many different languages to help them improve their language skills. Users can chat about unlimited amount of topics with the app and use other modes to practice their language learning.","email":"support@talkpal.ai","legalName":"Talkpal, Inc.","foundingDate":"2023-04-03","duns":"118989042","numberOfEmployees":{"@type":"QuantitativeValue","minValue":"11","maxValue":"50"},"publishingPrinciples":"https:\/\/talkpal.ai\/publishing-principles\/","actionableFeedbackPolicy":"https:\/\/talkpal.ai\/actionable-feedback-policy\/","correctionsPolicy":"https:\/\/talkpal.ai\/corrections-policy\/","ethicsPolicy":"https:\/\/talkpal.ai\/ethics-policy\/","diversityPolicy":"https:\/\/talkpal.ai\/diversity-policy\/","diversityStaffingReport":"https:\/\/talkpal.ai\/diversity-policy\/"}]}},"_links":{"self":[{"href":"https:\/\/talkpal.ai\/hu\/wp-json\/wp\/v2\/pages\/1475552","targetHints":{"allow":["GET"]}}],"collection":[{"href":"https:\/\/talkpal.ai\/hu\/wp-json\/wp\/v2\/pages"}],"about":[{"href":"https:\/\/talkpal.ai\/hu\/wp-json\/wp\/v2\/types\/page"}],"author":[{"embeddable":true,"href":"https:\/\/talkpal.ai\/hu\/wp-json\/wp\/v2\/users\/20"}],"replies":[{"embeddable":true,"href":"https:\/\/talkpal.ai\/hu\/wp-json\/wp\/v2\/comments?post=1475552"}],"version-history":[{"count":0,"href":"https:\/\/talkpal.ai\/hu\/wp-json\/wp\/v2\/pages\/1475552\/revisions"}],"wp:attachment":[{"href":"https:\/\/talkpal.ai\/hu\/wp-json\/wp\/v2\/media?parent=1475552"}],"curies":[{"name":"wp","href":"https:\/\/api.w.org\/{rel}","templated":true}]}}