{"id":1475532,"date":"2025-11-12T10:09:38","date_gmt":"2025-11-12T10:09:38","guid":{"rendered":"https:\/\/talkpal.ai\/javai-nyelvtan\/"},"modified":"2025-12-30T14:30:57","modified_gmt":"2025-12-30T14:30:57","slug":"javai-nyelvtan","status":"publish","type":"page","link":"https:\/\/talkpal.ai\/hu\/javai-nyelvtan\/","title":{"rendered":"J\u00e1vai nyelvtan"},"content":{"rendered":"\r\n\r\n\r\n<section class=\"languageChallengeSection\">\r\n    <div class=\"languageInfoWrapper\">\r\n        \r\n        <h1>J\u00e1vai nyelvtan<\/h1>\r\n        <p>A j\u00e1vai <a href=\"https:\/\/talkpal.ai\/grammar\/\">nyelvtan<\/a> els\u0151re kih\u00edv\u00e1snak t\u0171nhet, de egyedi tulajdons\u00e1gai kifizet\u0151d\u0151 \u00e9lm\u00e9nny\u00e9 teszik a nyelvtanul\u00e1st. A nyelv \u00e1b\u00e9c\u00e9j\u00e9nek, mut\u00e1ci\u00f3inak \u00e9s nyelvtani szab\u00e1lyainak felfedez\u00e9s\u00e9vel betekint\u00e9st nyerhet egy gazdag nyelvi hagyom\u00e1nyba. Induljon el utaz\u00e1s\u00e1val, \u00e9s fedezze fel a j\u00e1vai sz\u00e9ps\u00e9g\u00e9t!<\/p>\r\n\r\n                            <a class=\"getStartedHidden\" href=\"https:\/\/app.talkpal.ai\/hu\/signup?lng=\">Kezdj\u00fck<\/a>\r\n        \r\n    <\/div>\r\n\r\n    <figure>\r\n    <img decoding=\"async\" width=\"768\" height=\"768\" src=\"https:\/\/talkpal.ai\/wp-content\/uploads\/2023\/06\/welsh-768x768.png\" class=\"languageImage no-lazy\" alt=\"Language learning for better cognitive abilities\" fetchpriority=\"high\" sizes=\"(max-width: 768px) 150px, 768px\" srcset=\"https:\/\/talkpal.ai\/wp-content\/uploads\/2023\/06\/welsh-768x768.png 768w, https:\/\/talkpal.ai\/wp-content\/uploads\/2023\/06\/welsh-300x300.png 300w\" \/>\r\n    \r\n\r\n    <\/figure>\r\n\r\n            <a class=\"getStartedVisible\" href=\"https:\/\/app.talkpal.ai\/hu\/signup?lng=\">Kezdj\u00fck<\/a>\r\n    \r\n<\/section><section class=\"promotionalBanner\">\r\n    <p class=\"promotionalText\">A nyelvtanul\u00e1s leghat\u00e9konyabb m\u00f3dja<\/p>\r\n    <a class=\"promotionalLink\" href=\"https:\/\/app.talkpal.ai\/hu\/signup?lng=\">Pr\u00f3b\u00e1lja ki a Talkpal ingyen<\/a>\r\n<\/section>\n<div class=\"wp-block-group pageContainerStyle\"><div class=\"wp-block-group__inner-container is-layout-constrained wp-block-group-is-layout-constrained\">\n<h2 class=\"wp-block-heading\" id=\"h-navigating-the-intricacies-of-javanese-grammar\">Eligazod\u00e1s a j\u00e1vai nyelvtan bonyolults\u00e1g\u00e1ban<\/h2>\n\n\n\n<p><a href=\"https:\/\/talkpal.ai\/hu\/tanulj-javai-nyelven\/\">A j\u00e1vai nyelv<\/a>, egy gazdag t\u00f6rt\u00e9nelemmel \u00e9s kultur\u00e1lis jelent\u0151s\u00e9ggel b\u00edr\u00f3 ausztron\u00e9z nyelv, izgalmas nyelvi \u00e9lm\u00e9nyt k\u00edn\u00e1l azok sz\u00e1m\u00e1ra, akik sz\u00edvesen felfedezn\u00e9k egyed\u00fcl\u00e1ll\u00f3 nyelvtani rendszer\u00e9t. Ahogy a j\u00e1vai birodalomba mer\u00e9szkedik, nemcsak nyelvi reperto\u00e1rj\u00e1t gazdag\u00edtja, hanem egy leny\u0171g\u00f6z\u0151 kultur\u00e1lis utaz\u00e1st is megteszel. B\u00e1r a j\u00e1vai nyelvtan els\u0151re bonyolultnak t\u0171nhet, az alapvet\u0151 \u00f6sszetev\u0151kre bont\u00e1sa megk\u00f6zel\u00edthet\u0151bb\u00e9 teszi a nyelvtanul\u00e1st. Ebben a cikkben felt\u00e1rjuk a j\u00e1vai nyelvtan mag\u00e1val ragad\u00f3 vil\u00e1g\u00e1t, \u00e9s tippeket adunk annak \u00f6sszetetts\u00e9g\u00e9nek elsaj\u00e1t\u00edt\u00e1s\u00e1hoz.<\/p>\n\n\n\n<h3 class=\"wp-block-heading\" id=\"h-1-javanese-alphabet-and-phonetics\">1. J\u00e1vai \u00e1b\u00e9c\u00e9 \u00e9s fonetika<\/h3>\n\n\n\n<p>A j\u00e1vai nyelvet ma \u00e1ltal\u00e1ban latin \u00e1b\u00e9c\u00e9vel \u00edrj\u00e1k, b\u00e1r <a href=\"https:\/\/talkpal.ai\/locations\/language-courses-in-van\/\">van<\/a> egy <a href=\"https:\/\/talkpal.ai\/will-ai-kill-traditional-language-learning\/\">hagyom\u00e1nyos<\/a> \u00edr\u00e1sa is, amelyet Aksara Jawa vagy Hanacaraka n\u00e9ven ismernek. A j\u00e1vai nyelvtan elsaj\u00e1t\u00edt\u00e1s\u00e1hoz elengedhetetlen, hogy megismerkedjen mind a modern latin alap\u00fa helyes\u00edr\u00e1ssal, mind \u2013 ha \u00fagy d\u00f6nt, a hagyom\u00e1nyos \u00edr\u00e1ssal is. A legfontosabb fonetikai jellemz\u0151k k\u00f6z\u00e9 tartozik az e \/\u0259\/ \u00e9s az \u00e9 \/e\/ k\u00f6z\u00f6tti k\u00fcl\u00f6nbs\u00e9gt\u00e9tel, a vel\u00e1ris naz\u00e1lis ng \u00e9s a palat\u00e1lis <a href=\"https:\/\/talkpal.ai\/talkpal-new-years-discount\/\">ny<\/a>, valamint a glott\u00e1lis meg\u00e1ll\u00e1s, amely egyes nyelvj\u00e1r\u00e1sokban felbukkanhat. Az olvas\u00e1s \u00e9s az \u00edr\u00e1s gyakorl\u00e1sa mindk\u00e9t rendszerben szil\u00e1rd alapot teremt a nyelvtanhoz.<\/p>\n\n\n\n<h3 class=\"wp-block-heading\" id=\"h-2-nouns-and-pronouns-number-and-levels\">2. F\u0151nevek \u00e9s n\u00e9vm\u00e1sok: sz\u00e1m \u00e9s szintek<\/h3>\n\n\n\n<p>A <a href=\"https:\/\/talkpal.ai\/hu\/tanulj-javai-nyelven\/\">j\u00e1vai nyelv<\/a> egyik felt\u0171n\u0151 aspektusa az, ahogyan bizonyos el\u0151tagok megv\u00e1ltoztatj\u00e1k a sz\u00f3 kezd\u0151 m\u00e1ssalhangz\u00f3j\u00e1t. Az N- naz\u00e1lis igei el\u0151tag olyan v\u00e1ltakoz\u00e1sokat okoz, mint p\u00e9ld\u00e1ul p m, t n, k ng, s \u00e9s s ny. Annak meg\u00e9rt\u00e9se, hogy mikor \u00e9s hogyan t\u00f6rt\u00e9nnek ezek a v\u00e1ltoz\u00e1sok, l\u00e9tfontoss\u00e1g\u00fa a j\u00e1vai nyelven t\u00f6rt\u00e9n\u0151 pontos kommunik\u00e1ci\u00f3hoz. Ilyenek p\u00e9ld\u00e1ul a pangan a mangan, a tulis a nulis, a gawe a nggawe \u00e9s a sapu a nyapu.<\/p>\n\n\n\n<h3 class=\"wp-block-heading\" id=\"h-3-nouns-and-pronouns-gender-and-cases\">3. F\u0151nevek \u00e9s n\u00e9vm\u00e1sok: nem \u00e9s esetek<\/h3>\n\n\n\n<p>A j\u00e1vai f\u0151neveknek nincs nyelvtani nem\u00fck vagy esete. A pluralit\u00e1s gyakran opcion\u00e1lis, \u00e9s kifejezhet\u0151 a tisztelet \u00e9s a kollekt\u00edv\u00e1k reduplik\u00e1ci\u00f3j\u00e1val vagy r\u00e9szecsk\u00e9ivel, mint p\u00e9ld\u00e1ul a bocah-bocah a gyermekekn\u00e9l \u00e9s a para az emberek tiszteletteljes plur\u00e1lis\u00e1n\u00e1l. A n\u00e9vm\u00e1sok besz\u00e9dszintt\u0151l f\u00fcgg\u0151en v\u00e1ltoznak, <a href=\"https:\/\/talkpal.ai\/locations\/language-courses-in-ami\/\">ami<\/a> k\u00f6zponti szerepet j\u00e1tszik a j\u00e1vai nyelvben: ngoko form\u00e1k, mint az aku, kowe, dheweke \u00e9s krama form\u00e1k, mint a <a href=\"https:\/\/talkpal.ai\/locations\/language-courses-in-kula\/\">kula<\/a>, panjenengan, piyambakipun. A birtokl\u00e1s olyan enklitik\u00e1kkal jel\u00f6lhet\u0151, mint a -ku, -mu \u00e9s -e, \u00e9s a demonstrat\u00edvumok k\u00f6z\u00e9 tartozik az iki this \u00e9s az iku that.<\/p>\n\n\n\n<h3 class=\"wp-block-heading\" id=\"h-4-verbs-structure-and-conjugation\">4. Ig\u00e9k: szerkezet \u00e9s ragoz\u00e1s<\/h3>\n\n\n\n<p>A j\u00e1vai ig\u00e9k nem konjug\u00e1l\u00f3dnak szem\u00e9lyre vagy igeid\u0151re. Ehelyett az aspektus, a hangulat \u00e9s az id\u0151 olyan r\u00e9szecsk\u00e9ken \u00e9s seg\u00e9danyagokon kereszt\u00fcl fejez\u0151dik ki, mint a wis m\u00e1r, m\u00e9g nem, lagi folyamatban, arep vagy bakal a j\u00f6v\u0151re vagy a sz\u00e1nd\u00e9kra. A hangot \u00e9s a vegy\u00e9rt\u00e9ket morfol\u00f3gi\u00e1val kezelik, bele\u00e9rtve az akt\u00edv orrel\u0151tagot N-, a passz\u00edv di-, \u00e9s form\u00e1lisabb vagy irodalmi kontextusban a ka-. Az olyan proklik\u00e1torok, mint a tak-, bizonyos st\u00edlusokban els\u0151 szem\u00e9ly\u0171 \u00fcgyn\u00f6k\u00f6t jel\u00f6lhetnek. Ezeknek a mint\u00e1knak az elsaj\u00e1t\u00edt\u00e1sa jav\u00edtja a j\u00e1vai nyelven val\u00f3 hat\u00e9kony kommunik\u00e1ci\u00f3 k\u00e9pess\u00e9g\u00e9t.<\/p>\n\n\n\n<h3 class=\"wp-block-heading\" id=\"h-5-adjectives-agreement-and-placement\">5. Mell\u00e9knevek: meg\u00e1llapod\u00e1s \u00e9s elhelyez\u00e9s<\/h3>\n\n\n\n<p>A j\u00e1vai nyelvtanban a mell\u00e9knevek \u00e1ltal\u00e1ban az \u00e1ltaluk m\u00f3dos\u00edtott f\u0151nevet k\u00f6vetik, \u00e9s nem egyeznek meg sz\u00e1mban vagy nemben. Az \u00f6sszehasonl\u00edt\u00f3 \u00e9s szuperlat\u00edvusz\u00fa jelent\u00e9seket \u00e1ltal\u00e1ban a luwih more \u00e9s a leggyakrabban halv\u00e1nyul, gyakran a szaka, mint az \u00f6sszehasonl\u00edt\u00e1s megjel\u00f6l\u00e9se. A duplik\u00e1ci\u00f3 vagy az olyan er\u0151s\u00edt\u0151k, mint a banget, nagyon \u00e1rnyaltabb\u00e1 tehetik a dolgokat.<\/p>\n\n\n\n<p><strong>P\u00e9ld\u00e1k:<\/strong><\/p>\n\n\n\n<p><strong>\u2013 Tresna Gedhe (nagy szerelem)<\/strong><\/p>\n\n\n\n<p><strong>\u2013 Bocah-Bocah cilik (kisgyerekek)<\/strong><\/p>\n\n\n\n<h3 class=\"wp-block-heading\" id=\"h-6-engaging-with-the-language\">6. A nyelv haszn\u00e1lata<\/h3>\n\n\n\n<p>A j\u00e1vai nyelvtan teljes meg\u00e9rt\u00e9s\u00e9nek \u00e9s internaliz\u00e1l\u00e1s\u00e1nak leghat\u00e9konyabb m\u00f3dja a nyelv k\u00f6vetkezetes kezel\u00e9se. A j\u00e1vai irodalom \u00e9s dalsz\u00f6vegek olvas\u00e1s\u00e1val, a wayang kulit vagy a kort\u00e1rs j\u00e1vai m\u00e9dia n\u00e9z\u00e9s\u00e9vel, a tembang macapat hallgat\u00e1s\u00e1val \u00e9s az anyanyelvi besz\u00e9l\u0151kkel val\u00f3 akt\u00edv kommunik\u00e1ci\u00f3val a k\u00fcl\u00f6nb\u00f6z\u0151 regiszterekben meger\u0151s\u00edti a nyelvtan meg\u00e9rt\u00e9s\u00e9t, mik\u00f6zben b\u0151v\u00edti sz\u00f3kincs\u00e9t.<\/p>\n\n\n\n<h3 class=\"wp-block-heading\" id=\"h-conclusion\">K\u00f6vetkeztet\u00e9s<\/h3>\n\n\n\n<p>B\u00e1r a j\u00e1vai nyelvtan bonyolultnak t\u0171nhet, odaad\u00e1ssal, gyakorl\u00e1ssal \u00e9s lelkesed\u00e9ssel j\u00e1rtass\u00e1 v\u00e1lhat ebben a gy\u00f6ny\u00f6r\u0171 nyelvben. Ha az alapvet\u0151 szab\u00e1lyokra \u00f6sszpontos\u00edt, \u00e9s k\u00fcl\u00f6nb\u00f6z\u0151 kontextusokban foglalkozik a nyelvvel, gyorsan fejlesztheti j\u00e1vai <a href=\"https:\/\/talkpal.ai\/hu\/nyelvtan\/\">nyelvtani k\u00e9szs\u00e9geit<\/a>. Muga-muga sukses (sok szerencs\u00e9t) a j\u00e1vai nyelvi utaz\u00e1shoz, \u00e9s \u00e9lvezze a j\u00e1vai nyelvtan rejt\u00e9lyes, m\u00e9gis mag\u00e1val ragad\u00f3 vil\u00e1g\u00e1nak kibont\u00e1s\u00e1t!<\/p>\n<\/div><\/div>\n\r\n<section class=\"learnNavigationSection\">\r\n            \r\n        <a href=\"https:\/\/talkpal.ai\/hu\/tanulj-javai-nyelven\/\">\r\n            <div class=\"learnNavigationWrapper\">\r\n                <div class=\"learnNavigationContent\">\r\n                    <img decoding=\"async\" src=\"https:\/\/talkpal.ai\/wp-content\/uploads\/2025\/11\/Javanese.png\" alt=\"Indonesian Flag\">\r\n                    <div>\r\n                        <h4>A j\u00e1vai tanul\u00e1sr\u00f3l<\/h4>\r\n                        <p>Tudjon meg mindent a j\u00e1vai nyelvtanr\u00f3l.<\/p>\r\n                    <\/div>\r\n                <\/div>\r\n            <\/div>\r\n        <\/a>\r\n\r\n        \r\n        <a href=\"https:\/\/talkpal.ai\/hu\/javai-nyelvtani-gyakorlatok\/\">\r\n            <div class=\"learnNavigationWrapper\">\r\n                <div class=\"learnNavigationContent\">\r\n                    <img decoding=\"async\" src=\"https:\/\/talkpal.ai\/wp-content\/uploads\/2025\/11\/Javanese.png\" alt=\"Indonesian Flag\">\r\n                    <div>\r\n                        <h4>J\u00e1vai nyelvtani gyakorlat<\/h4>\r\n                        <p>Gyakorolja a j\u00e1vai nyelvtant.<\/p>\r\n                    <\/div>\r\n                <\/div>\r\n            <\/div>\r\n        <\/a>\r\n\r\n            <\/section>","protected":false},"excerpt":{"rendered":"<p>Eligazod\u00e1s a j\u00e1vai nyelvtan bonyolults\u00e1g\u00e1ban A j\u00e1vai nyelv, egy gazdag t\u00f6rt\u00e9nelemmel \u00e9s kultur\u00e1lis jelent\u0151s\u00e9ggel b\u00edr\u00f3 ausztron\u00e9z nyelv, izgalmas nyelvi \u00e9lm\u00e9nyt k\u00edn\u00e1l azok sz\u00e1m\u00e1ra, akik sz\u00edvesen felfedezn\u00e9k egyed\u00fcl\u00e1ll\u00f3 nyelvtani rendszer\u00e9t. Ahogy a j\u00e1vai birodalomba mer\u00e9szkedik, nemcsak nyelvi reperto\u00e1rj\u00e1t gazdag\u00edtja, hanem egy leny\u0171g\u00f6z\u0151 kultur\u00e1lis utaz\u00e1st is megteszel. B\u00e1r a j\u00e1vai nyelvtan els\u0151re bonyolultnak t\u0171nhet, az alapvet\u0151 \u00f6sszetev\u0151kre [&hellip;]<\/p>\n","protected":false},"author":20,"featured_media":0,"parent":0,"menu_order":0,"comment_status":"closed","ping_status":"closed","template":"LearningContentPage.php","meta":{"_acf_changed":false,"footnotes":""},"class_list":["post-1475532","page","type-page","status-publish","hentry"],"acf":[],"yoast_head":"<!-- This site is optimized with the Yoast SEO Premium plugin v27.2 (Yoast SEO v27.2) - https:\/\/yoast.com\/product\/yoast-seo-premium-wordpress\/ -->\n<title>J\u00e1vai nyelvtan - Talkpal<\/title>\n<meta name=\"description\" content=\"Saj\u00e1t\u00edtsa el gyorsan a j\u00e1vai nyelvtani szab\u00e1lyokat \u00e9s mondatszerkezeteket a hat\u00e9kony nyelvtanul\u00e1shoz tervezett \u00e1tfog\u00f3 \u00fatmutat\u00f3nkkal.\" \/>\n<meta name=\"robots\" content=\"index, follow, max-snippet:-1, max-image-preview:large, max-video-preview:-1\" \/>\n<link rel=\"canonical\" href=\"https:\/\/talkpal.ai\/hu\/javai-nyelvtan\/\" \/>\n<meta property=\"og:locale\" content=\"hu_HU\" \/>\n<meta property=\"og:type\" content=\"article\" \/>\n<meta property=\"og:title\" content=\"J\u00e1vai nyelvtan\" \/>\n<meta property=\"og:description\" content=\"Eligazod\u00e1s a j\u00e1vai nyelvtan bonyolults\u00e1g\u00e1ban A j\u00e1vai nyelv, egy gazdag t\u00f6rt\u00e9nelemmel \u00e9s kultur\u00e1lis jelent\u0151s\u00e9ggel b\u00edr\u00f3 ausztron\u00e9z nyelv, izgalmas nyelvi\" \/>\n<meta property=\"og:url\" content=\"https:\/\/talkpal.ai\/hu\/javai-nyelvtan\/\" \/>\n<meta property=\"og:site_name\" content=\"Talkpal\" \/>\n<meta property=\"article:publisher\" content=\"https:\/\/www.facebook.com\/profile.php?id=100090733639311\" \/>\n<meta property=\"article:modified_time\" content=\"2025-12-30T14:30:57+00:00\" \/>\n<meta property=\"og:image\" content=\"https:\/\/talkpal.ai\/wp-content\/uploads\/2025\/02\/Progress-tab-16_9.png\" \/>\n\t<meta property=\"og:image:width\" content=\"2880\" \/>\n\t<meta property=\"og:image:height\" content=\"1620\" \/>\n\t<meta property=\"og:image:type\" content=\"image\/png\" \/>\n<meta name=\"twitter:card\" content=\"summary_large_image\" \/>\n<meta name=\"twitter:site\" content=\"@talkpalai\" \/>\n<meta name=\"twitter:label1\" content=\"Becs\u00fclt olvas\u00e1si id\u0151\" \/>\n\t<meta name=\"twitter:data1\" content=\"5 perc\" \/>\n<script type=\"application\/ld+json\" class=\"yoast-schema-graph\">{\"@context\":\"https:\/\/schema.org\",\"@graph\":[{\"@type\":\"WebPage\",\"@id\":\"https:\/\/talkpal.ai\/hu\/javai-nyelvtan\/\",\"url\":\"https:\/\/talkpal.ai\/hu\/javai-nyelvtan\/\",\"name\":\"J\u00e1vai nyelvtan - Talkpal\",\"isPartOf\":{\"@id\":\"https:\/\/talkpal.ai\/hu\/#website\"},\"datePublished\":\"2025-11-12T10:09:38+00:00\",\"dateModified\":\"2025-12-30T14:30:57+00:00\",\"description\":\"Saj\u00e1t\u00edtsa el gyorsan a j\u00e1vai nyelvtani szab\u00e1lyokat \u00e9s mondatszerkezeteket a hat\u00e9kony nyelvtanul\u00e1shoz tervezett \u00e1tfog\u00f3 \u00fatmutat\u00f3nkkal.\",\"breadcrumb\":{\"@id\":\"https:\/\/talkpal.ai\/hu\/javai-nyelvtan\/#breadcrumb\"},\"inLanguage\":\"hu\",\"potentialAction\":[{\"@type\":\"ReadAction\",\"target\":[\"https:\/\/talkpal.ai\/hu\/javai-nyelvtan\/\"]}]},{\"@type\":\"BreadcrumbList\",\"@id\":\"https:\/\/talkpal.ai\/hu\/javai-nyelvtan\/#breadcrumb\",\"itemListElement\":[{\"@type\":\"ListItem\",\"position\":1,\"name\":\"Homepage\",\"item\":\"https:\/\/talkpal.ai\/hu\/\"},{\"@type\":\"ListItem\",\"position\":2,\"name\":\"J\u00e1vai nyelvtan\"}]},{\"@type\":\"WebSite\",\"@id\":\"https:\/\/talkpal.ai\/hu\/#website\",\"url\":\"https:\/\/talkpal.ai\/hu\/\",\"name\":\"Talkpal\",\"description\":\"AI Language Learning\",\"publisher\":{\"@id\":\"https:\/\/talkpal.ai\/hu\/#organization\"},\"alternateName\":\"Talkpal AI\",\"potentialAction\":[{\"@type\":\"SearchAction\",\"target\":{\"@type\":\"EntryPoint\",\"urlTemplate\":\"https:\/\/talkpal.ai\/hu\/?s={search_term_string}\"},\"query-input\":{\"@type\":\"PropertyValueSpecification\",\"valueRequired\":true,\"valueName\":\"search_term_string\"}}],\"inLanguage\":\"hu\"},{\"@type\":\"Organization\",\"@id\":\"https:\/\/talkpal.ai\/hu\/#organization\",\"name\":\"Talkpal, Inc.\",\"alternateName\":\"Talkpal AI\",\"url\":\"https:\/\/talkpal.ai\/hu\/\",\"logo\":{\"@type\":\"ImageObject\",\"inLanguage\":\"hu\",\"@id\":\"https:\/\/talkpal.ai\/hu\/#\/schema\/logo\/image\/\",\"url\":\"https:\/\/talkpal.ai\/wp-content\/uploads\/2024\/03\/Talkpal-Logo-Icon.png\",\"contentUrl\":\"https:\/\/talkpal.ai\/wp-content\/uploads\/2024\/03\/Talkpal-Logo-Icon.png\",\"width\":2880,\"height\":2880,\"caption\":\"Talkpal, Inc.\"},\"image\":{\"@id\":\"https:\/\/talkpal.ai\/hu\/#\/schema\/logo\/image\/\"},\"sameAs\":[\"https:\/\/www.facebook.com\/profile.php?id=100090733639311\",\"https:\/\/x.com\/talkpalai\",\"https:\/\/www.linkedin.com\/company\/talkpal\/\",\"https:\/\/www.youtube.com\/@TalkPal\/\",\"https:\/\/www.tiktok.com\/@talkpal\",\"https:\/\/www.instagram.com\/talkpal_ai\/\",\"https:\/\/www.crunchbase.com\/organization\/talkpal-9cde\",\"https:\/\/www.g2.com\/products\/talkpal-for-business\/\",\"https:\/\/www.trustpilot.com\/review\/talkpal.ai\",\"https:\/\/www.capterra.com\/p\/10006800\/TalkPal\/\"],\"description\":\"Talkpal is a language learning web and mobile education app, powered by the latest AI technologies, that provides engaging experiences to its customers in many different languages to help them improve their language skills. Users can chat about unlimited amount of topics with the app and use other modes to practice their language learning.\",\"email\":\"support@talkpal.ai\",\"legalName\":\"Talkpal, Inc.\",\"foundingDate\":\"2023-04-03\",\"duns\":\"118989042\",\"numberOfEmployees\":{\"@type\":\"QuantitativeValue\",\"minValue\":\"11\",\"maxValue\":\"50\"},\"publishingPrinciples\":\"https:\/\/talkpal.ai\/publishing-principles\/\",\"actionableFeedbackPolicy\":\"https:\/\/talkpal.ai\/actionable-feedback-policy\/\",\"correctionsPolicy\":\"https:\/\/talkpal.ai\/corrections-policy\/\",\"ethicsPolicy\":\"https:\/\/talkpal.ai\/ethics-policy\/\",\"diversityPolicy\":\"https:\/\/talkpal.ai\/diversity-policy\/\",\"diversityStaffingReport\":\"https:\/\/talkpal.ai\/diversity-policy\/\"}]}<\/script>\n<!-- \/ Yoast SEO Premium plugin. -->","yoast_head_json":{"title":"J\u00e1vai nyelvtan - Talkpal","description":"Saj\u00e1t\u00edtsa el gyorsan a j\u00e1vai nyelvtani szab\u00e1lyokat \u00e9s mondatszerkezeteket a hat\u00e9kony nyelvtanul\u00e1shoz tervezett \u00e1tfog\u00f3 \u00fatmutat\u00f3nkkal.","robots":{"index":"index","follow":"follow","max-snippet":"max-snippet:-1","max-image-preview":"max-image-preview:large","max-video-preview":"max-video-preview:-1"},"canonical":"https:\/\/talkpal.ai\/hu\/javai-nyelvtan\/","og_locale":"hu_HU","og_type":"article","og_title":"J\u00e1vai nyelvtan","og_description":"Eligazod\u00e1s a j\u00e1vai nyelvtan bonyolults\u00e1g\u00e1ban A j\u00e1vai nyelv, egy gazdag t\u00f6rt\u00e9nelemmel \u00e9s kultur\u00e1lis jelent\u0151s\u00e9ggel b\u00edr\u00f3 ausztron\u00e9z nyelv, izgalmas nyelvi","og_url":"https:\/\/talkpal.ai\/hu\/javai-nyelvtan\/","og_site_name":"Talkpal","article_publisher":"https:\/\/www.facebook.com\/profile.php?id=100090733639311","article_modified_time":"2025-12-30T14:30:57+00:00","og_image":[{"width":2880,"height":1620,"url":"https:\/\/talkpal.ai\/wp-content\/uploads\/2025\/02\/Progress-tab-16_9.png","type":"image\/png"}],"twitter_card":"summary_large_image","twitter_site":"@talkpalai","twitter_misc":{"Becs\u00fclt olvas\u00e1si id\u0151":"5 perc"},"schema":{"@context":"https:\/\/schema.org","@graph":[{"@type":"WebPage","@id":"https:\/\/talkpal.ai\/hu\/javai-nyelvtan\/","url":"https:\/\/talkpal.ai\/hu\/javai-nyelvtan\/","name":"J\u00e1vai nyelvtan - Talkpal","isPartOf":{"@id":"https:\/\/talkpal.ai\/hu\/#website"},"datePublished":"2025-11-12T10:09:38+00:00","dateModified":"2025-12-30T14:30:57+00:00","description":"Saj\u00e1t\u00edtsa el gyorsan a j\u00e1vai nyelvtani szab\u00e1lyokat \u00e9s mondatszerkezeteket a hat\u00e9kony nyelvtanul\u00e1shoz tervezett \u00e1tfog\u00f3 \u00fatmutat\u00f3nkkal.","breadcrumb":{"@id":"https:\/\/talkpal.ai\/hu\/javai-nyelvtan\/#breadcrumb"},"inLanguage":"hu","potentialAction":[{"@type":"ReadAction","target":["https:\/\/talkpal.ai\/hu\/javai-nyelvtan\/"]}]},{"@type":"BreadcrumbList","@id":"https:\/\/talkpal.ai\/hu\/javai-nyelvtan\/#breadcrumb","itemListElement":[{"@type":"ListItem","position":1,"name":"Homepage","item":"https:\/\/talkpal.ai\/hu\/"},{"@type":"ListItem","position":2,"name":"J\u00e1vai nyelvtan"}]},{"@type":"WebSite","@id":"https:\/\/talkpal.ai\/hu\/#website","url":"https:\/\/talkpal.ai\/hu\/","name":"Talkpal","description":"AI Language Learning","publisher":{"@id":"https:\/\/talkpal.ai\/hu\/#organization"},"alternateName":"Talkpal AI","potentialAction":[{"@type":"SearchAction","target":{"@type":"EntryPoint","urlTemplate":"https:\/\/talkpal.ai\/hu\/?s={search_term_string}"},"query-input":{"@type":"PropertyValueSpecification","valueRequired":true,"valueName":"search_term_string"}}],"inLanguage":"hu"},{"@type":"Organization","@id":"https:\/\/talkpal.ai\/hu\/#organization","name":"Talkpal, Inc.","alternateName":"Talkpal AI","url":"https:\/\/talkpal.ai\/hu\/","logo":{"@type":"ImageObject","inLanguage":"hu","@id":"https:\/\/talkpal.ai\/hu\/#\/schema\/logo\/image\/","url":"https:\/\/talkpal.ai\/wp-content\/uploads\/2024\/03\/Talkpal-Logo-Icon.png","contentUrl":"https:\/\/talkpal.ai\/wp-content\/uploads\/2024\/03\/Talkpal-Logo-Icon.png","width":2880,"height":2880,"caption":"Talkpal, Inc."},"image":{"@id":"https:\/\/talkpal.ai\/hu\/#\/schema\/logo\/image\/"},"sameAs":["https:\/\/www.facebook.com\/profile.php?id=100090733639311","https:\/\/x.com\/talkpalai","https:\/\/www.linkedin.com\/company\/talkpal\/","https:\/\/www.youtube.com\/@TalkPal\/","https:\/\/www.tiktok.com\/@talkpal","https:\/\/www.instagram.com\/talkpal_ai\/","https:\/\/www.crunchbase.com\/organization\/talkpal-9cde","https:\/\/www.g2.com\/products\/talkpal-for-business\/","https:\/\/www.trustpilot.com\/review\/talkpal.ai","https:\/\/www.capterra.com\/p\/10006800\/TalkPal\/"],"description":"Talkpal is a language learning web and mobile education app, powered by the latest AI technologies, that provides engaging experiences to its customers in many different languages to help them improve their language skills. Users can chat about unlimited amount of topics with the app and use other modes to practice their language learning.","email":"support@talkpal.ai","legalName":"Talkpal, Inc.","foundingDate":"2023-04-03","duns":"118989042","numberOfEmployees":{"@type":"QuantitativeValue","minValue":"11","maxValue":"50"},"publishingPrinciples":"https:\/\/talkpal.ai\/publishing-principles\/","actionableFeedbackPolicy":"https:\/\/talkpal.ai\/actionable-feedback-policy\/","correctionsPolicy":"https:\/\/talkpal.ai\/corrections-policy\/","ethicsPolicy":"https:\/\/talkpal.ai\/ethics-policy\/","diversityPolicy":"https:\/\/talkpal.ai\/diversity-policy\/","diversityStaffingReport":"https:\/\/talkpal.ai\/diversity-policy\/"}]}},"_links":{"self":[{"href":"https:\/\/talkpal.ai\/hu\/wp-json\/wp\/v2\/pages\/1475532","targetHints":{"allow":["GET"]}}],"collection":[{"href":"https:\/\/talkpal.ai\/hu\/wp-json\/wp\/v2\/pages"}],"about":[{"href":"https:\/\/talkpal.ai\/hu\/wp-json\/wp\/v2\/types\/page"}],"author":[{"embeddable":true,"href":"https:\/\/talkpal.ai\/hu\/wp-json\/wp\/v2\/users\/20"}],"replies":[{"embeddable":true,"href":"https:\/\/talkpal.ai\/hu\/wp-json\/wp\/v2\/comments?post=1475532"}],"version-history":[{"count":0,"href":"https:\/\/talkpal.ai\/hu\/wp-json\/wp\/v2\/pages\/1475532\/revisions"}],"wp:attachment":[{"href":"https:\/\/talkpal.ai\/hu\/wp-json\/wp\/v2\/media?parent=1475532"}],"curies":[{"name":"wp","href":"https:\/\/api.w.org\/{rel}","templated":true}]}}