{"id":1475413,"date":"2025-11-11T15:06:48","date_gmt":"2025-11-11T15:06:48","guid":{"rendered":"https:\/\/talkpal.ai\/asszami-nyelvtani-gyakorlatok\/"},"modified":"2025-12-30T15:26:40","modified_gmt":"2025-12-30T15:26:40","slug":"asszami-nyelvtani-gyakorlatok","status":"publish","type":"page","link":"https:\/\/talkpal.ai\/hu\/asszami-nyelvtani-gyakorlatok\/","title":{"rendered":"Assz\u00e1mi nyelvtani gyakorlatok"},"content":{"rendered":"\r\n\r\n\r\n<section class=\"languageChallengeSection\">\r\n    <div class=\"languageInfoWrapper\">\r\n        \r\n        <h1>Assz\u00e1mi nyelvtani gyakorlatok<\/h1>\r\n        <p>K\u00e9szen \u00e1llsz arra, hogy belemer\u00fclj az <a href=\"https:\/\/talkpal.ai\/learn-assamese\/\">assz\u00e1mi<\/a> nyelvtanba? N\u00e9h\u00e1ny alapismeret begyakorl\u00e1sa seg\u00edt abban, hogy elsaj\u00e1t\u00edtsd ezt az egyed\u00fcl\u00e1ll\u00f3 \u00e9s gy\u00f6ny\u00f6r\u0171 nyelvet. Pr\u00f3b\u00e1ld ki ezeket a gyakorlatokat, hogy n\u00f6veld az \u00f6nbizalmadat, \u00e9s k\u00f6zben j\u00f3l \u00e9rezd magad!<\/p>\r\n\r\n                            <a class=\"getStartedHidden\" href=\"https:\/\/app.talkpal.ai\/hu\/signup?lng=\">Kezdj\u00fck<\/a>\r\n        \r\n    <\/div>\r\n\r\n    <figure>\r\n    <img decoding=\"async\" width=\"768\" height=\"768\" src=\"https:\/\/talkpal.ai\/wp-content\/uploads\/2023\/06\/welsh-768x768.png\" class=\"languageImage no-lazy\" alt=\"Language learning for better cognitive abilities\" fetchpriority=\"high\" sizes=\"(max-width: 768px) 150px, 768px\" srcset=\"https:\/\/talkpal.ai\/wp-content\/uploads\/2023\/06\/welsh-768x768.png 768w, https:\/\/talkpal.ai\/wp-content\/uploads\/2023\/06\/welsh-300x300.png 300w\" \/>\r\n    \r\n\r\n    <\/figure>\r\n\r\n            <a class=\"getStartedVisible\" href=\"https:\/\/app.talkpal.ai\/hu\/signup?lng=\">Kezdj\u00fck<\/a>\r\n    \r\n<\/section><section class=\"promotionalBanner\">\r\n    <p class=\"promotionalText\">A nyelvtanul\u00e1s leghat\u00e9konyabb m\u00f3dja<\/p>\r\n    <a class=\"promotionalLink\" href=\"https:\/\/app.talkpal.ai\/hu\/signup?lng=\">Pr\u00f3b\u00e1lja ki a Talkpal ingyen<\/a>\r\n<\/section>\n<div class=\"wp-block-group pageContainerStyle\"><div class=\"wp-block-group__inner-container is-layout-constrained wp-block-group-is-layout-constrained\">\n<h2 class=\"wp-block-heading\" id=\"h-assamese-grammar-topics\">Assz\u00e1mi nyelvtani t\u00e9m\u00e1k<\/h2>\n\n\n\n<p><a href=\"https:\/\/talkpal.ai\/hu\/a-legnagyobb-hibak-amelyeket-el-kell-kerulni-ha-uj-nyelvet-tanulunk\/\">Egy \u00faj nyelv elsaj\u00e1t\u00edt\u00e1sa<\/a> kih\u00edv\u00e1st jelent\u0151, de kifizet\u0151d\u0151 v\u00e1llalkoz\u00e1s lehet. Ez al\u00f3l az <a href=\"https:\/\/talkpal.ai\/learn-assamese\/\">assz\u00e1mi<\/a>, egy indo-\u00e1rja nyelv, amelyet f\u0151leg Assamban \u00e9s a szomsz\u00e9dos r\u00e9gi\u00f3kban besz\u00e9lnek, sem kiv\u00e9tel. Megk\u00fcl\u00f6nb\u00f6ztet\u0151 jellemz\u0151ivel \u00e9s szerkezet\u00e9vel az assz\u00e1mi <a href=\"https:\/\/talkpal.ai\/hu\/talkpal-for-education\/\">nyelv tanul\u00e1sa<\/a> sz\u00e1m\u00e1ra el\u0151ny\u00f6s a <a href=\"https:\/\/talkpal.ai\/grammar\/\">nyelvtan<\/a> meg\u00e9rt\u00e9s\u00e9nek szisztematikus megk\u00f6zel\u00edt\u00e9se. <a href=\"https:\/\/talkpal.ai\/culture\/how-do-you-use-the-demonstrative-pronouns-ez-and-az\/\">Ez az<\/a> \u00fatmutat\u00f3 felv\u00e1zolja az <a href=\"https:\/\/talkpal.ai\/hu\/asszami-nyelvtan\/\">assz\u00e1mi nyelvtan<\/a> kulcsfontoss\u00e1g\u00fa ter\u00fcleteit a <a href=\"https:\/\/talkpal.ai\/hu\/ai-chatbot-a-nyelvtanulashoz\/\">nyelvtanul\u00e1s<\/a> logikai sorrendj\u00e9ben, kezdve az alapokt\u00f3l, p\u00e9ld\u00e1ul a f\u0151nevekt\u0151l \u00e9s a meghat\u00e1roz\u00f3kt\u00f3l, \u00e9s tov\u00e1bbhaladva az \u00f6sszetettebb ter\u00fcletekig, mint p\u00e9ld\u00e1ul az igeid\u0151k \u00e9s a mondat\u00e9p\u00edt\u00e9s.<\/p>\n\n\n\n<h3 class=\"wp-block-heading\" id=\"h-1-nouns\">1. F\u0151nevek:<\/h3>\n\n\n\n<p>Kezdje assz\u00e1mi nyelvi \u00fatj\u00e1t a f\u0151nevek elsaj\u00e1t\u00edt\u00e1s\u00e1val. Ez mag\u00e1ban foglalja a k\u00f6z- \u00e9s tulajdonnevek, a megsz\u00e1ml\u00e1lhat\u00f3 \u00e9s megsz\u00e1ml\u00e1lhatatlan f\u0151nevek meg\u00e9rt\u00e9s\u00e9t, a t\u00f6bbes sz\u00e1m kialakul\u00e1s\u00e1nak m\u00f3dj\u00e1t \u00e9s a sz\u00e1moszt\u00e1lyoz\u00f3k szerep\u00e9t. Az assz\u00e1minak nincs nyelvtani neme.<\/p>\n\n\n\n<h3 class=\"wp-block-heading\" id=\"h-2-articles\">2. Cikkek:<\/h3>\n\n\n\n<p>Az assz\u00e1mi nem haszn\u00e1l hat\u00e1rozott vagy hat\u00e1rozatlan n\u00e9vel\u0151ket, mint az <a href=\"https:\/\/talkpal.ai\/ai-english-speaking-practice\/\">angol.<\/a> A hat\u00e1rozotts\u00e1g \u00e9s a hat\u00e1rozatlans\u00e1g a kontextusban, a demonstrat\u00edvumokban \u00e9s a sz\u00e1mszer\u0171s\u00e9gen kereszt\u00fcl fejez\u0151dik ki, amely hat\u00e1rozatlan jelz\u0151k\u00e9nt m\u0171k\u00f6dik. Ezeknek a mint\u00e1knak a meg\u00e9rt\u00e9se kulcsfontoss\u00e1g\u00fa a mondat\u00e9p\u00edt\u00e9sben.<\/p>\n\n\n\n<h3 class=\"wp-block-heading\" id=\"h-3-adjectives\">3. Mell\u00e9knevek:<\/h3>\n\n\n\n<p>Az assz\u00e1mi nyelvben a mell\u00e9knevek \u00e1ltal\u00e1ban megel\u0151zik az \u00e1ltaluk m\u00f3dos\u00edtott f\u0151neveket. Tanulja meg, hogyan haszn\u00e1lj\u00e1k a mell\u00e9kneveket attrib\u00fatum \u00e9s \u00e1ll\u00edtm\u00e1nyi poz\u00edci\u00f3kban, hogy nem egyeznek meg a nemmel kapcsolatban, \u00e9s hogyan lehet \u00f6sszehasonl\u00edt\u00f3 \u00e9s szuperlat\u00edvuszokat alkotni r\u00e9szecsk\u00e9k vagy perifrasztikus konstrukci\u00f3k seg\u00edts\u00e9g\u00e9vel.<\/p>\n\n\n\n<h3 class=\"wp-block-heading\" id=\"h-4-pronouns-determiners\">4. N\u00e9vm\u00e1sok\/determin\u00e1nsok:<\/h3>\n\n\n\n<p>A n\u00e9vm\u00e1sok \u00e9s a determin\u00e1nsok elengedhetetlenek az assz\u00e1mi nyelvben. Tanulm\u00e1nyozza a szem\u00e9lyes, demonstrat\u00edv, k\u00e9rd\u0151 \u00e9s birtokos n\u00e9vm\u00e1sokat, bele\u00e9rtve a sz\u00e1m \u00e9s a formalit\u00e1s vagy a becs\u00fcletess\u00e9g szintj\u00e9nek megk\u00fcl\u00f6nb\u00f6ztet\u00e9s\u00e9t. Tanulja meg a mennyis\u00e9g meghat\u00e1roz\u00f3it \u00e9s a sz\u00e1mokkal ell\u00e1tott oszt\u00e1lyoz\u00f3k haszn\u00e1lat\u00e1t.<\/p>\n\n\n\n<h3 class=\"wp-block-heading\" id=\"h-5-verbs\">5. Ig\u00e9k:<\/h3>\n\n\n\n<p>Az assz\u00e1mi ig\u00e9k alakjukat az igeid\u0151, az aspektus, a hangulat, a szem\u00e9ly \u00e9s n\u00e9ha a tiszteletbeli szint szerint v\u00e1ltoztatj\u00e1k. Kezdje az alapvet\u0151 jelen form\u00e1kkal, \u00e9s fokozatosan fedezze fel a m\u00faltat \u00e9s a j\u00f6v\u0151t, valamint a nem v\u00e9ges form\u00e1kat, p\u00e9ld\u00e1ul a mell\u00e9kn\u00e9vi igeneveket \u00e9s az igei f\u0151neveket.<\/p>\n\n\n\n<h3 class=\"wp-block-heading\" id=\"h-6-tenses\">6. Igeid\u0151k:<\/h3>\n\n\n\n<p>Az igeform\u00e1k elsaj\u00e1t\u00edt\u00e1sa ut\u00e1n m\u00e9lyedjen el m\u00e9lyebben az assz\u00e1mi igeid\u0151ben \u00e9s az aspektusban. \u00c9rtse meg, hogyan kombin\u00e1l\u00f3dik a jelen, a m\u00falt \u00e9s a j\u00f6v\u0151 olyan szempontokkal, mint a t\u00f6k\u00e9letes \u00e9s progressz\u00edv, \u00e9s hogyan haszn\u00e1lj\u00e1k \u0151ket k\u00fcl\u00f6nb\u00f6z\u0151 kontextusokban.<\/p>\n\n\n\n<h3 class=\"wp-block-heading\" id=\"h-7-tense-comparison\">7. Fesz\u00fclt \u00f6sszehasonl\u00edt\u00e1s:<\/h3>\n\n\n\n<p>Az assz\u00e1mi igeid\u0151 \u00e9s szempontok \u00f6sszehasonl\u00edt\u00e1sa seg\u00edt meg\u00e9rteni az esem\u00e9nyek sorrendj\u00e9t \u00e9s \u00e1rnyalatait. Ugyanazon ige \u00f6sszehasonl\u00edt\u00e1sa az igeid\u0151k \u00e9s aspektusok k\u00f6z\u00f6tt vil\u00e1gosabb meg\u00e9rt\u00e9st biztos\u00edt a haszn\u00e1latr\u00f3l.<\/p>\n\n\n\n<h3 class=\"wp-block-heading\" id=\"h-8-progressive\">8. Progressz\u00edv:<\/h3>\n\n\n\n<p>Az assz\u00e1mi progressz\u00edv aspektus a folyamatban l\u00e9v\u0151 cselekv\u00e9seket fejezi ki. \u00c1ltal\u00e1ban igeigen\u00e9vvel egy\u00fctt alkotj\u00e1k a lenni ige megfelel\u0151 alakjaival egy\u00fctt.<\/p>\n\n\n\n<h3 class=\"wp-block-heading\" id=\"h-9-perfect-progressive\">9. T\u00f6k\u00e9letes progressz\u00edv:<\/h3>\n\n\n\n<p>Ez a szempont olyan tev\u00e9kenys\u00e9geket fejez ki, amelyek egy adott pontig folyamatban vannak. Az assz\u00e1mi nyelvben igen\u00e9vi alakok \u00e9s az ige seg\u00e9dalakjai kombin\u00e1ci\u00f3j\u00e1val alkotj\u00e1k, hogy a folytonoss\u00e1got jelezz\u00e9k egy referenciaid\u0151ig.<\/p>\n\n\n\n<h3 class=\"wp-block-heading\" id=\"h-10-conditionals\">10. Felt\u00e9telek:<\/h3>\n\n\n\n<p>A felt\u00e9telek hipotetikus helyzeteket \u00e9s azok lehets\u00e9ges kimeneteleit fejezik ki. Tanuljon felt\u00e9teles konstrukci\u00f3kat k\u00f6t\u0151szavak seg\u00edts\u00e9g\u00e9vel, p\u00e9ld\u00e1ul azt, hogy a k\u00fcl\u00f6nb\u00f6z\u0151 igeid\u0151k \u00e9s szempontok befoly\u00e1solj\u00e1k-e a jelent\u00e9st \u00e9s az udvariass\u00e1got.<\/p>\n\n\n\n<h3 class=\"wp-block-heading\" id=\"h-11-adverbs\">11. Hat\u00e1roz\u00f3sz\u00f3k:<\/h3>\n\n\n\n<p>Az assz\u00e1mi hat\u00e1roz\u00f3szavak m\u00f3dos\u00edtj\u00e1k az ig\u00e9ket, mell\u00e9kneveket vagy m\u00e1s hat\u00e1roz\u00f3szavakat. Sz\u00e1mos hat\u00e1roz\u00f3i jelent\u00e9st posztpoz\u00edci\u00f3s kifejez\u00e9sek is kifejeznek. Inform\u00e1ci\u00f3t ny\u00fajtanak a m\u00f3dr\u00f3l, helyr\u0151l, id\u0151r\u0151l, fokozatr\u00f3l \u00e9s egyebekr\u0151l.<\/p>\n\n\n\n<h3 class=\"wp-block-heading\" id=\"h-12-prepositions\">12. El\u00f6lj\u00e1r\u00f3szavak:<\/h3>\n\n\n\n<p>Az assz\u00e1mi els\u0151sorban a f\u0151nevet k\u00f6vet\u0151 posztpoz\u00edci\u00f3kat haszn\u00e1l, nem pedig el\u00f6lj\u00e1r\u00f3szavakat. Ezek az elemek \u00f6sszekapcsolj\u00e1k a szavakat \u00e9s kifejez\u00e9seket, \u00e9s kifejezik az id\u0151, a hely, az ir\u00e1ny, a birtokl\u00e1s \u00e9s egyebek kapcsolat\u00e1t.<\/p>\n\n\n\n<h3 class=\"wp-block-heading\" id=\"h-13-sentences\">13. Mondatok:<\/h3>\n\n\n\n<p>V\u00e9g\u00fcl gyakorold a mondatok fel\u00e9p\u00edt\u00e9s\u00e9t. Az <a href=\"https:\/\/talkpal.ai\/hu\/tanulj-asszami-nyelven\/\">assz\u00e1mi nyelv<\/a> jellemz\u0151en az alany-objektum ige sorrendj\u00e9t k\u00f6veti, posztpoz\u00edci\u00f3kat haszn\u00e1l, \u00e9s mint\u00e1kat \u00e1ll\u00edt be a tagad\u00e1shoz \u00e9s a hangs\u00falyhoz. Az \u00f6sszes kor\u00e1bban megtanult nyelvtani pont kontextusban t\u00f6rt\u00e9n\u0151 alkalmaz\u00e1sa biztos\u00edtja az assz\u00e1mi nyelv \u00e1tfog\u00f3 meg\u00e9rt\u00e9s\u00e9t.<\/p>\n<\/div><\/div>\n\r\n<section class=\"learnNavigationSection\">\r\n            \r\n        <a href=\"https:\/\/talkpal.ai\/hu\/tanulj-asszami-nyelven\/\">\r\n            <div class=\"learnNavigationWrapper\">\r\n                <div class=\"learnNavigationContent\">\r\n                    <img decoding=\"async\" src=\"https:\/\/talkpal.ai\/wp-content\/uploads\/2025\/11\/Assamese.png\" alt=\"Indian Simplified Flag\">\r\n                    <div>\r\n                        <h4>Az assz\u00e1mi tanul\u00e1sr\u00f3l<\/h4>\r\n                        <p>Tudjon meg mindent az assz\u00e1mi nyelvtanr\u00f3l.<\/p>\r\n                    <\/div>\r\n                <\/div>\r\n            <\/div>\r\n        <\/a>\r\n\r\n        \r\n        <a href=\"https:\/\/talkpal.ai\/hu\/asszami-nyelvtan\/\">\r\n            <div class=\"learnNavigationWrapper\">\r\n                <div class=\"learnNavigationContent\">\r\n                    <img decoding=\"async\" src=\"https:\/\/talkpal.ai\/wp-content\/uploads\/2025\/11\/Assamese.png\" alt=\"Indian Simplified Flag\">\r\n                    <div>\r\n                        <h4>Assz\u00e1mi nyelvtani leck\u00e9k<\/h4>\r\n                        <p>Gyakorold az assz\u00e1mi nyelvtant.<\/p>\r\n                    <\/div>\r\n                <\/div>\r\n            <\/div>\r\n        <\/a>\r\n\r\n            <\/section>","protected":false},"excerpt":{"rendered":"<p>Assz\u00e1mi nyelvtani t\u00e9m\u00e1k Egy \u00faj nyelv elsaj\u00e1t\u00edt\u00e1sa kih\u00edv\u00e1st jelent\u0151, de kifizet\u0151d\u0151 v\u00e1llalkoz\u00e1s lehet. Ez al\u00f3l az assz\u00e1mi, egy indo-\u00e1rja nyelv, amelyet f\u0151leg Assamban \u00e9s a szomsz\u00e9dos r\u00e9gi\u00f3kban besz\u00e9lnek, sem kiv\u00e9tel. Megk\u00fcl\u00f6nb\u00f6ztet\u0151 jellemz\u0151ivel \u00e9s szerkezet\u00e9vel az assz\u00e1mi nyelv tanul\u00e1sa sz\u00e1m\u00e1ra el\u0151ny\u00f6s a nyelvtan meg\u00e9rt\u00e9s\u00e9nek szisztematikus megk\u00f6zel\u00edt\u00e9se. Ez az \u00fatmutat\u00f3 felv\u00e1zolja az assz\u00e1mi nyelvtan kulcsfontoss\u00e1g\u00fa ter\u00fcleteit a [&hellip;]<\/p>\n","protected":false},"author":20,"featured_media":0,"parent":0,"menu_order":0,"comment_status":"closed","ping_status":"closed","template":"LearningContentPage.php","meta":{"_acf_changed":false,"footnotes":""},"class_list":["post-1475413","page","type-page","status-publish","hentry"],"acf":[],"yoast_head":"<!-- This site is optimized with the Yoast SEO Premium plugin v27.2 (Yoast SEO v27.2) - https:\/\/yoast.com\/product\/yoast-seo-premium-wordpress\/ -->\n<title>Assz\u00e1mi nyelvtani gyakorlatok - Talkpal<\/title>\n<meta name=\"description\" content=\"Saj\u00e1t\u00edtsd el az assz\u00e1mi nyelvtant interakt\u00edv gyakorlatokkal, amelyek c\u00e9lja, hogy hat\u00e9konyan n\u00f6veld a nyelvtud\u00e1sodat \u00e9s a nyelvi k\u00e9szs\u00e9geidet m\u00e9g ma.\" \/>\n<meta name=\"robots\" content=\"index, follow, max-snippet:-1, max-image-preview:large, max-video-preview:-1\" \/>\n<link rel=\"canonical\" href=\"https:\/\/talkpal.ai\/hu\/asszami-nyelvtani-gyakorlatok\/\" \/>\n<meta property=\"og:locale\" content=\"hu_HU\" \/>\n<meta property=\"og:type\" content=\"article\" \/>\n<meta property=\"og:title\" content=\"Assz\u00e1mi nyelvtani gyakorlatok\" \/>\n<meta property=\"og:description\" content=\"Assz\u00e1mi nyelvtani t\u00e9m\u00e1k Egy \u00faj nyelv elsaj\u00e1t\u00edt\u00e1sa kih\u00edv\u00e1st jelent\u0151, de kifizet\u0151d\u0151 v\u00e1llalkoz\u00e1s lehet. Ez al\u00f3l az assz\u00e1mi, egy indo-\u00e1rja nyelv, amelyet\" \/>\n<meta property=\"og:url\" content=\"https:\/\/talkpal.ai\/hu\/asszami-nyelvtani-gyakorlatok\/\" \/>\n<meta property=\"og:site_name\" content=\"Talkpal\" \/>\n<meta property=\"article:publisher\" content=\"https:\/\/www.facebook.com\/profile.php?id=100090733639311\" \/>\n<meta property=\"article:modified_time\" content=\"2025-12-30T15:26:40+00:00\" \/>\n<meta property=\"og:image\" content=\"https:\/\/talkpal.ai\/wp-content\/uploads\/2025\/02\/Progress-tab-16_9.png\" \/>\n\t<meta property=\"og:image:width\" content=\"2880\" \/>\n\t<meta property=\"og:image:height\" content=\"1620\" \/>\n\t<meta property=\"og:image:type\" content=\"image\/png\" \/>\n<meta name=\"twitter:card\" content=\"summary_large_image\" \/>\n<meta name=\"twitter:site\" content=\"@talkpalai\" \/>\n<meta name=\"twitter:label1\" content=\"Becs\u00fclt olvas\u00e1si id\u0151\" \/>\n\t<meta name=\"twitter:data1\" content=\"4 perc\" \/>\n<script type=\"application\/ld+json\" class=\"yoast-schema-graph\">{\"@context\":\"https:\/\/schema.org\",\"@graph\":[{\"@type\":\"WebPage\",\"@id\":\"https:\/\/talkpal.ai\/hu\/asszami-nyelvtani-gyakorlatok\/\",\"url\":\"https:\/\/talkpal.ai\/hu\/asszami-nyelvtani-gyakorlatok\/\",\"name\":\"Assz\u00e1mi nyelvtani gyakorlatok - Talkpal\",\"isPartOf\":{\"@id\":\"https:\/\/talkpal.ai\/hu\/#website\"},\"datePublished\":\"2025-11-11T15:06:48+00:00\",\"dateModified\":\"2025-12-30T15:26:40+00:00\",\"description\":\"Saj\u00e1t\u00edtsd el az assz\u00e1mi nyelvtant interakt\u00edv gyakorlatokkal, amelyek c\u00e9lja, hogy hat\u00e9konyan n\u00f6veld a nyelvtud\u00e1sodat \u00e9s a nyelvi k\u00e9szs\u00e9geidet m\u00e9g ma.\",\"breadcrumb\":{\"@id\":\"https:\/\/talkpal.ai\/hu\/asszami-nyelvtani-gyakorlatok\/#breadcrumb\"},\"inLanguage\":\"hu\",\"potentialAction\":[{\"@type\":\"ReadAction\",\"target\":[\"https:\/\/talkpal.ai\/hu\/asszami-nyelvtani-gyakorlatok\/\"]}]},{\"@type\":\"BreadcrumbList\",\"@id\":\"https:\/\/talkpal.ai\/hu\/asszami-nyelvtani-gyakorlatok\/#breadcrumb\",\"itemListElement\":[{\"@type\":\"ListItem\",\"position\":1,\"name\":\"Homepage\",\"item\":\"https:\/\/talkpal.ai\/hu\/\"},{\"@type\":\"ListItem\",\"position\":2,\"name\":\"Assz\u00e1mi nyelvtani gyakorlatok\"}]},{\"@type\":\"WebSite\",\"@id\":\"https:\/\/talkpal.ai\/hu\/#website\",\"url\":\"https:\/\/talkpal.ai\/hu\/\",\"name\":\"Talkpal\",\"description\":\"AI Language Learning\",\"publisher\":{\"@id\":\"https:\/\/talkpal.ai\/hu\/#organization\"},\"alternateName\":\"Talkpal AI\",\"potentialAction\":[{\"@type\":\"SearchAction\",\"target\":{\"@type\":\"EntryPoint\",\"urlTemplate\":\"https:\/\/talkpal.ai\/hu\/?s={search_term_string}\"},\"query-input\":{\"@type\":\"PropertyValueSpecification\",\"valueRequired\":true,\"valueName\":\"search_term_string\"}}],\"inLanguage\":\"hu\"},{\"@type\":\"Organization\",\"@id\":\"https:\/\/talkpal.ai\/hu\/#organization\",\"name\":\"Talkpal, Inc.\",\"alternateName\":\"Talkpal AI\",\"url\":\"https:\/\/talkpal.ai\/hu\/\",\"logo\":{\"@type\":\"ImageObject\",\"inLanguage\":\"hu\",\"@id\":\"https:\/\/talkpal.ai\/hu\/#\/schema\/logo\/image\/\",\"url\":\"https:\/\/talkpal.ai\/wp-content\/uploads\/2024\/03\/Talkpal-Logo-Icon.png\",\"contentUrl\":\"https:\/\/talkpal.ai\/wp-content\/uploads\/2024\/03\/Talkpal-Logo-Icon.png\",\"width\":2880,\"height\":2880,\"caption\":\"Talkpal, Inc.\"},\"image\":{\"@id\":\"https:\/\/talkpal.ai\/hu\/#\/schema\/logo\/image\/\"},\"sameAs\":[\"https:\/\/www.facebook.com\/profile.php?id=100090733639311\",\"https:\/\/x.com\/talkpalai\",\"https:\/\/www.linkedin.com\/company\/talkpal\/\",\"https:\/\/www.youtube.com\/@TalkPal\/\",\"https:\/\/www.tiktok.com\/@talkpal\",\"https:\/\/www.instagram.com\/talkpal_ai\/\",\"https:\/\/www.crunchbase.com\/organization\/talkpal-9cde\",\"https:\/\/www.g2.com\/products\/talkpal-for-business\/\",\"https:\/\/www.trustpilot.com\/review\/talkpal.ai\",\"https:\/\/www.capterra.com\/p\/10006800\/TalkPal\/\"],\"description\":\"Talkpal is a language learning web and mobile education app, powered by the latest AI technologies, that provides engaging experiences to its customers in many different languages to help them improve their language skills. Users can chat about unlimited amount of topics with the app and use other modes to practice their language learning.\",\"email\":\"support@talkpal.ai\",\"legalName\":\"Talkpal, Inc.\",\"foundingDate\":\"2023-04-03\",\"duns\":\"118989042\",\"numberOfEmployees\":{\"@type\":\"QuantitativeValue\",\"minValue\":\"11\",\"maxValue\":\"50\"},\"publishingPrinciples\":\"https:\/\/talkpal.ai\/publishing-principles\/\",\"actionableFeedbackPolicy\":\"https:\/\/talkpal.ai\/actionable-feedback-policy\/\",\"correctionsPolicy\":\"https:\/\/talkpal.ai\/corrections-policy\/\",\"ethicsPolicy\":\"https:\/\/talkpal.ai\/ethics-policy\/\",\"diversityPolicy\":\"https:\/\/talkpal.ai\/diversity-policy\/\",\"diversityStaffingReport\":\"https:\/\/talkpal.ai\/diversity-policy\/\"}]}<\/script>\n<!-- \/ Yoast SEO Premium plugin. -->","yoast_head_json":{"title":"Assz\u00e1mi nyelvtani gyakorlatok - Talkpal","description":"Saj\u00e1t\u00edtsd el az assz\u00e1mi nyelvtant interakt\u00edv gyakorlatokkal, amelyek c\u00e9lja, hogy hat\u00e9konyan n\u00f6veld a nyelvtud\u00e1sodat \u00e9s a nyelvi k\u00e9szs\u00e9geidet m\u00e9g ma.","robots":{"index":"index","follow":"follow","max-snippet":"max-snippet:-1","max-image-preview":"max-image-preview:large","max-video-preview":"max-video-preview:-1"},"canonical":"https:\/\/talkpal.ai\/hu\/asszami-nyelvtani-gyakorlatok\/","og_locale":"hu_HU","og_type":"article","og_title":"Assz\u00e1mi nyelvtani gyakorlatok","og_description":"Assz\u00e1mi nyelvtani t\u00e9m\u00e1k Egy \u00faj nyelv elsaj\u00e1t\u00edt\u00e1sa kih\u00edv\u00e1st jelent\u0151, de kifizet\u0151d\u0151 v\u00e1llalkoz\u00e1s lehet. Ez al\u00f3l az assz\u00e1mi, egy indo-\u00e1rja nyelv, amelyet","og_url":"https:\/\/talkpal.ai\/hu\/asszami-nyelvtani-gyakorlatok\/","og_site_name":"Talkpal","article_publisher":"https:\/\/www.facebook.com\/profile.php?id=100090733639311","article_modified_time":"2025-12-30T15:26:40+00:00","og_image":[{"width":2880,"height":1620,"url":"https:\/\/talkpal.ai\/wp-content\/uploads\/2025\/02\/Progress-tab-16_9.png","type":"image\/png"}],"twitter_card":"summary_large_image","twitter_site":"@talkpalai","twitter_misc":{"Becs\u00fclt olvas\u00e1si id\u0151":"4 perc"},"schema":{"@context":"https:\/\/schema.org","@graph":[{"@type":"WebPage","@id":"https:\/\/talkpal.ai\/hu\/asszami-nyelvtani-gyakorlatok\/","url":"https:\/\/talkpal.ai\/hu\/asszami-nyelvtani-gyakorlatok\/","name":"Assz\u00e1mi nyelvtani gyakorlatok - Talkpal","isPartOf":{"@id":"https:\/\/talkpal.ai\/hu\/#website"},"datePublished":"2025-11-11T15:06:48+00:00","dateModified":"2025-12-30T15:26:40+00:00","description":"Saj\u00e1t\u00edtsd el az assz\u00e1mi nyelvtant interakt\u00edv gyakorlatokkal, amelyek c\u00e9lja, hogy hat\u00e9konyan n\u00f6veld a nyelvtud\u00e1sodat \u00e9s a nyelvi k\u00e9szs\u00e9geidet m\u00e9g ma.","breadcrumb":{"@id":"https:\/\/talkpal.ai\/hu\/asszami-nyelvtani-gyakorlatok\/#breadcrumb"},"inLanguage":"hu","potentialAction":[{"@type":"ReadAction","target":["https:\/\/talkpal.ai\/hu\/asszami-nyelvtani-gyakorlatok\/"]}]},{"@type":"BreadcrumbList","@id":"https:\/\/talkpal.ai\/hu\/asszami-nyelvtani-gyakorlatok\/#breadcrumb","itemListElement":[{"@type":"ListItem","position":1,"name":"Homepage","item":"https:\/\/talkpal.ai\/hu\/"},{"@type":"ListItem","position":2,"name":"Assz\u00e1mi nyelvtani gyakorlatok"}]},{"@type":"WebSite","@id":"https:\/\/talkpal.ai\/hu\/#website","url":"https:\/\/talkpal.ai\/hu\/","name":"Talkpal","description":"AI Language Learning","publisher":{"@id":"https:\/\/talkpal.ai\/hu\/#organization"},"alternateName":"Talkpal AI","potentialAction":[{"@type":"SearchAction","target":{"@type":"EntryPoint","urlTemplate":"https:\/\/talkpal.ai\/hu\/?s={search_term_string}"},"query-input":{"@type":"PropertyValueSpecification","valueRequired":true,"valueName":"search_term_string"}}],"inLanguage":"hu"},{"@type":"Organization","@id":"https:\/\/talkpal.ai\/hu\/#organization","name":"Talkpal, Inc.","alternateName":"Talkpal AI","url":"https:\/\/talkpal.ai\/hu\/","logo":{"@type":"ImageObject","inLanguage":"hu","@id":"https:\/\/talkpal.ai\/hu\/#\/schema\/logo\/image\/","url":"https:\/\/talkpal.ai\/wp-content\/uploads\/2024\/03\/Talkpal-Logo-Icon.png","contentUrl":"https:\/\/talkpal.ai\/wp-content\/uploads\/2024\/03\/Talkpal-Logo-Icon.png","width":2880,"height":2880,"caption":"Talkpal, Inc."},"image":{"@id":"https:\/\/talkpal.ai\/hu\/#\/schema\/logo\/image\/"},"sameAs":["https:\/\/www.facebook.com\/profile.php?id=100090733639311","https:\/\/x.com\/talkpalai","https:\/\/www.linkedin.com\/company\/talkpal\/","https:\/\/www.youtube.com\/@TalkPal\/","https:\/\/www.tiktok.com\/@talkpal","https:\/\/www.instagram.com\/talkpal_ai\/","https:\/\/www.crunchbase.com\/organization\/talkpal-9cde","https:\/\/www.g2.com\/products\/talkpal-for-business\/","https:\/\/www.trustpilot.com\/review\/talkpal.ai","https:\/\/www.capterra.com\/p\/10006800\/TalkPal\/"],"description":"Talkpal is a language learning web and mobile education app, powered by the latest AI technologies, that provides engaging experiences to its customers in many different languages to help them improve their language skills. Users can chat about unlimited amount of topics with the app and use other modes to practice their language learning.","email":"support@talkpal.ai","legalName":"Talkpal, Inc.","foundingDate":"2023-04-03","duns":"118989042","numberOfEmployees":{"@type":"QuantitativeValue","minValue":"11","maxValue":"50"},"publishingPrinciples":"https:\/\/talkpal.ai\/publishing-principles\/","actionableFeedbackPolicy":"https:\/\/talkpal.ai\/actionable-feedback-policy\/","correctionsPolicy":"https:\/\/talkpal.ai\/corrections-policy\/","ethicsPolicy":"https:\/\/talkpal.ai\/ethics-policy\/","diversityPolicy":"https:\/\/talkpal.ai\/diversity-policy\/","diversityStaffingReport":"https:\/\/talkpal.ai\/diversity-policy\/"}]}},"_links":{"self":[{"href":"https:\/\/talkpal.ai\/hu\/wp-json\/wp\/v2\/pages\/1475413","targetHints":{"allow":["GET"]}}],"collection":[{"href":"https:\/\/talkpal.ai\/hu\/wp-json\/wp\/v2\/pages"}],"about":[{"href":"https:\/\/talkpal.ai\/hu\/wp-json\/wp\/v2\/types\/page"}],"author":[{"embeddable":true,"href":"https:\/\/talkpal.ai\/hu\/wp-json\/wp\/v2\/users\/20"}],"replies":[{"embeddable":true,"href":"https:\/\/talkpal.ai\/hu\/wp-json\/wp\/v2\/comments?post=1475413"}],"version-history":[{"count":0,"href":"https:\/\/talkpal.ai\/hu\/wp-json\/wp\/v2\/pages\/1475413\/revisions"}],"wp:attachment":[{"href":"https:\/\/talkpal.ai\/hu\/wp-json\/wp\/v2\/media?parent=1475413"}],"curies":[{"name":"wp","href":"https:\/\/api.w.org\/{rel}","templated":true}]}}