{"id":1475394,"date":"2025-11-11T12:32:58","date_gmt":"2025-11-11T12:32:58","guid":{"rendered":"https:\/\/talkpal.ai\/alban-nyelvtani-gyakorlatok\/"},"modified":"2025-12-30T15:39:38","modified_gmt":"2025-12-30T15:39:38","slug":"alban-nyelvtani-gyakorlatok","status":"publish","type":"page","link":"https:\/\/talkpal.ai\/hu\/alban-nyelvtani-gyakorlatok\/","title":{"rendered":"Alb\u00e1n nyelvtani gyakorlatok"},"content":{"rendered":"\r\n\r\n\r\n<section class=\"languageChallengeSection\">\r\n    <div class=\"languageInfoWrapper\">\r\n        \r\n        <h1>Alb\u00e1n nyelvtani gyakorlatok<\/h1>\r\n        <p>K\u00e9szen \u00e1llsz arra, hogy belemer\u00fclj az <a href=\"https:\/\/talkpal.ai\/learn-albanian\/\">alb\u00e1n<\/a> nyelvtanba? N\u00e9h\u00e1ny alapismeret begyakorl\u00e1sa seg\u00edt abban, hogy elsaj\u00e1t\u00edtsd ezt az egyed\u00fcl\u00e1ll\u00f3 \u00e9s gy\u00f6ny\u00f6r\u0171 nyelvet. Pr\u00f3b\u00e1ld ki ezeket a gyakorlatokat, hogy n\u00f6veld az \u00f6nbizalmadat, \u00e9s k\u00f6zben j\u00f3l \u00e9rezd magad!<\/p>\r\n\r\n                            <a class=\"getStartedHidden\" href=\"https:\/\/app.talkpal.ai\/hu\/signup?lng=\">Kezdj\u00fck<\/a>\r\n        \r\n    <\/div>\r\n\r\n    <figure>\r\n    <img decoding=\"async\" width=\"768\" height=\"768\" src=\"https:\/\/talkpal.ai\/wp-content\/uploads\/2023\/06\/welsh-768x768.png\" class=\"languageImage no-lazy\" alt=\"Language learning for better cognitive abilities\" fetchpriority=\"high\" sizes=\"(max-width: 768px) 150px, 768px\" srcset=\"https:\/\/talkpal.ai\/wp-content\/uploads\/2023\/06\/welsh-768x768.png 768w, https:\/\/talkpal.ai\/wp-content\/uploads\/2023\/06\/welsh-300x300.png 300w\" \/>\r\n    \r\n\r\n    <\/figure>\r\n\r\n            <a class=\"getStartedVisible\" href=\"https:\/\/app.talkpal.ai\/hu\/signup?lng=\">Kezdj\u00fck<\/a>\r\n    \r\n<\/section><section class=\"promotionalBanner\">\r\n    <p class=\"promotionalText\">A nyelvtanul\u00e1s leghat\u00e9konyabb m\u00f3dja<\/p>\r\n    <a class=\"promotionalLink\" href=\"https:\/\/app.talkpal.ai\/hu\/signup?lng=\">Pr\u00f3b\u00e1lja ki a Talkpal ingyen<\/a>\r\n<\/section>\n<div class=\"wp-block-group pageContainerStyle\"><div class=\"wp-block-group__inner-container is-layout-constrained wp-block-group-is-layout-constrained\">\n<h2 class=\"wp-block-heading\" id=\"h-albanian-grammar-topics\">Alb\u00e1n nyelvtani t\u00e9m\u00e1k<\/h2>\n\n\n\n<p><a href=\"https:\/\/talkpal.ai\/hu\/a-legnagyobb-hibak-amelyeket-el-kell-kerulni-ha-uj-nyelvet-tanulunk\/\">Egy \u00faj nyelv elsaj\u00e1t\u00edt\u00e1sa<\/a> kih\u00edv\u00e1st jelent\u0151, de kifizet\u0151d\u0151 v\u00e1llalkoz\u00e1s lehet. Ez al\u00f3l az <a href=\"https:\/\/talkpal.ai\/learn-albanian\/\">alb\u00e1n<\/a>, egy indoeur\u00f3pai nyelv, amelyet f\u0151leg Alb\u00e1ni\u00e1ban besz\u00e9lnek. Egyedi tulajdons\u00e1gaival \u00e9s szerkezet\u00e9vel az alb\u00e1n <a href=\"https:\/\/talkpal.ai\/hu\/talkpal-for-education\/\">nyelvtanul\u00e1s<\/a> szisztematikus megk\u00f6zel\u00edt\u00e9st ig\u00e9nyel a gazdag <a href=\"https:\/\/talkpal.ai\/grammar\/\">nyelvtan<\/a> meg\u00e9rt\u00e9s\u00e9hez. <a href=\"https:\/\/talkpal.ai\/culture\/how-do-you-use-the-demonstrative-pronouns-ez-and-az\/\">Ez az<\/a> \u00fatmutat\u00f3 felv\u00e1zolja az <a href=\"https:\/\/talkpal.ai\/hu\/alban-nyelvtan\/\">alb\u00e1n nyelvtan<\/a> kulcsfontoss\u00e1g\u00fa ter\u00fcleteit a <a href=\"https:\/\/talkpal.ai\/hu\/ai-chatbot-a-nyelvtanulashoz\/\">nyelvtanul\u00e1s<\/a> logikai sorrendj\u00e9ben, kezdve az alapokt\u00f3l, p\u00e9ld\u00e1ul a f\u0151nevekt\u0151l \u00e9s a n\u00e9vel\u0151kt\u0151l, \u00e9s tov\u00e1bbhaladva az \u00f6sszetettebb ter\u00fcletekig, mint p\u00e9ld\u00e1ul az igeid\u0151k \u00e9s a mondat\u00e9p\u00edt\u00e9s.<\/p>\n\n\n\n<h3 class=\"wp-block-heading\" id=\"h-1-nouns\">1. F\u0151nevek:<\/h3>\n\n\n\n<p>Kezdje alb\u00e1n nyelvi \u00fatj\u00e1t a f\u0151nevek elsaj\u00e1t\u00edt\u00e1s\u00e1val. Ez mag\u00e1ban foglalja a nem \u00e9s a sz\u00e1m, a k\u00f6z- \u00e9s tulajdonnevek \u00e9s t\u00f6bbes sz\u00e1muk meg\u00e9rt\u00e9s\u00e9t. Az alb\u00e1n f\u0151nevek esetet is ragoznak, hat\u00e1rozatlan \u00e9s hat\u00e1rozott alakjuk is <a href=\"https:\/\/talkpal.ai\/locations\/language-courses-in-van\/\">van<\/a>, a hat\u00e1rozotts\u00e1got gyakran a f\u0151n\u00e9vhez csatolt ut\u00f3tag jel\u00f6li.<\/p>\n\n\n\n<h3 class=\"wp-block-heading\" id=\"h-2-articles\">2. Cikkek:<\/h3>\n\n\n\n<p>Az alb\u00e1n nyelv\u0171 sz\u00f3cikkek m\u00e1sk\u00e9pp m\u0171k\u00f6dnek, mint <a href=\"https:\/\/talkpal.ai\/ai-english-speaking-practice\/\">az angol.<\/a> A hat\u00e1rozott n\u00e9vel\u0151 jellemz\u0151en a f\u0151n\u00e9vhez hozz\u00e1adott ut\u00f3tag, m\u00edg a hat\u00e1rozatlan n\u00e9vel\u0151 a k\u00fcl\u00f6n\u00e1ll\u00f3 nj\u00eb sz\u00f3 egyes sz\u00e1mban. Az alb\u00e1n a mell\u00e9knevek el\u0151tt \u00e9s bizonyos birtokos szerkezetekben is haszn\u00e1l egy hivatkoz\u00f3 n\u00e9vel\u0151t, amely nemben \u00e9s sz\u00e1mban megegyezik.<\/p>\n\n\n\n<h3 class=\"wp-block-heading\" id=\"h-3-adjectives\">3. Mell\u00e9knevek:<\/h3>\n\n\n\n<p>Az alb\u00e1n mell\u00e9knevek \u00e1ltal\u00e1ban a f\u0151nev\u00fcket k\u00f6vetik. Az egyet\u00e9rt\u00e9st a mell\u00e9kn\u00e9v el\u00e9 helyezett linkel\u0151 sz\u00f3cikk mutatja, amely a f\u0151n\u00e9v nem\u00e9t, sz\u00e1m\u00e1t \u00e9s eset\u00e9t t\u00fckr\u00f6zi. Tanuld meg, hogyan kell \u00f6sszehasonl\u00edt\u00f3 \u00e9s szuperlat\u00edvuszokat alkotni, \u00e1ltal\u00e1ban a m\u00eb-vel az \u00f6sszehasonl\u00edt\u00f3 \u00e9s a hat\u00e1rozott alakot a szuperlat\u00edvusz helyett.<\/p>\n\n\n\n<h3 class=\"wp-block-heading\" id=\"h-4-pronouns-determiners\">4. N\u00e9vm\u00e1sok\/determin\u00e1nsok:<\/h3>\n\n\n\n<p>A n\u00e9vm\u00e1sok \u00e9s a determin\u00e1nsok n\u00e9lk\u00fcl\u00f6zhetetlenek az alb\u00e1nban; Helyettes\u00edtik a f\u0151neveket, \u00e9s inform\u00e1ci\u00f3t ny\u00fajtanak a szem\u00e9lyr\u0151l, a birtokl\u00e1sr\u00f3l, a mennyis\u00e9gr\u0151l \u00e9s egyebekr\u0151l. K\u00fcl\u00f6n\u00f6s figyelmet kell ford\u00edtani a klitikus t\u00e1rgyn\u00e9vm\u00e1sokra, amelyek gyakran az ige el\u0151tt jelennek meg, \u00e9s azokra a birtokos determin\u00e1nsokra, amelyek megegyeznek az \u00e1ltaluk m\u00f3dos\u00edtott f\u0151n\u00e9vvel.<\/p>\n\n\n\n<h3 class=\"wp-block-heading\" id=\"h-5-verbs\">5. Ig\u00e9k:<\/h3>\n\n\n\n<p>Az alb\u00e1n ig\u00e9k megv\u00e1ltoztatj\u00e1k a szem\u00e9ly \u00e9s a sz\u00e1m alakj\u00e1t, \u00e9s sz\u00e1mos hangulatban haszn\u00e1lj\u00e1k \u0151ket, p\u00e9ld\u00e1ul indikat\u00edv, k\u00f6t\u0151sz\u00f3, imperat\u00edvusz, felt\u00e9teles \u00e9s csod\u00e1latos. Kezdje a jelen idej\u0171 \u00e9s a k\u00f6z\u00f6s m\u00faltbeli form\u00e1kkal, majd terjessze ki m\u00e1s hangulatokra \u00e9s hangokra, bele\u00e9rtve a passz\u00edv form\u00e1ci\u00f3kat is.<\/p>\n\n\n\n<h3 class=\"wp-block-heading\" id=\"h-6-tenses\">6. Igeid\u0151k:<\/h3>\n\n\n\n<p>Az igealakok elsaj\u00e1t\u00edt\u00e1sa ut\u00e1n m\u00e9lyedjen el m\u00e9lyebben az alb\u00e1n igeid\u0151kben. A kulcsigeid\u0151k k\u00f6z\u00e9 tartozik a jelen, a t\u00f6k\u00e9letlen, az aorista, a t\u00f6k\u00e9letes jelen, a plut\u00f6k\u00e9letes \u00e9s a j\u00f6v\u0151 form\u00e1i. Megtudhatja, hogyan haszn\u00e1lj\u00e1k az egyes igeid\u0151t a kontextusban a befejezett m\u0171veletek, a folyamatban l\u00e9v\u0151 m\u00faltbeli m\u0171veletek \u00e9s a j\u00f6v\u0151beli esem\u00e9nyek kifejez\u00e9s\u00e9re.<\/p>\n\n\n\n<h3 class=\"wp-block-heading\" id=\"h-7-tense-comparison\">7. Fesz\u00fclt \u00f6sszehasonl\u00edt\u00e1s:<\/h3>\n\n\n\n<p>Az alb\u00e1n igeid\u0151 \u00f6sszehasonl\u00edt\u00e1sa seg\u00edt meg\u00e9rteni az esem\u00e9nyek sorrendj\u00e9t \u00e9s aspektus\u00e1t. \u00c1ll\u00edtsuk szembe az aoriszt\u00e1t a t\u00f6k\u00e9letes jelennel, \u00e9s a t\u00f6k\u00e9letlent az aoriszt\u00e1val, hogy l\u00e1ssuk, hogyan k\u00fcl\u00f6nb\u00f6zteti meg az alb\u00e1n az egyes befejezett cselekv\u00e9seket, a folyamatban l\u00e9v\u0151 m\u00faltbeli cselekedeteket \u00e9s a jelen relevanci\u00e1j\u00e1t.<\/p>\n\n\n\n<h3 class=\"wp-block-heading\" id=\"h-8-progressive\">8. Progressz\u00edv:<\/h3>\n\n\n\n<p>Az alb\u00e1n nyelvben a progressz\u00edv aspektust \u00e1ltal\u00e1ban a v\u00e9ges ige el\u0151tti po r\u00e9szecsk\u00e9vel vagy a jam duke szerkezettel fejezik ki, amelyet az igei f\u0151n\u00e9v vagy mell\u00e9kn\u00e9v k\u00f6vet. Haszn\u00e1lja ezeket a jelenben vagy a m\u00faltban folyamatban l\u00e9v\u0151 cselekv\u00e9sek kifejez\u00e9s\u00e9re.<\/p>\n\n\n\n<h3 class=\"wp-block-heading\" id=\"h-9-perfect-progressive\">9. T\u00f6k\u00e9letes progressz\u00edv:<\/h3>\n\n\n\n<p>Ez a szempont egy adott pontig folyamatban l\u00e9v\u0151 tev\u00e9kenys\u00e9gek kifejez\u00e9s\u00e9re szolg\u00e1l. Az alb\u00e1n nyelvben a kam qen\u00eb herceg n\u00e9vigen\u00e9vet k\u00f6veti, amelyet a jelen t\u00f6k\u00e9letes progressz\u00edv igen\u00e9ve, a kisa qen\u00eb herceg pedig a m\u00falt t\u00f6k\u00e9letes progressz\u00edv mell\u00e9kn\u00e9vi igen\u00e9ve k\u00f6vet.<\/p>\n\n\n\n<h3 class=\"wp-block-heading\" id=\"h-10-conditionals\">10. Felt\u00e9telek:<\/h3>\n\n\n\n<p>A felt\u00e9telek hipotetikus helyzeteket \u00e9s azok lehets\u00e9ges kimeneteleit fejezik ki. Az alb\u00e1n a do t\u00eb alakokat \u00e9s a megfelel\u0151 igealakot haszn\u00e1lja a lehets\u00e9ges vagy irre\u00e1lis helyzetekre, valamint a n\u00ebse vagy po t\u00eb \u00e1ltal bevezetett if-tagmondatokat. Ezek elsaj\u00e1t\u00edt\u00e1sa \u00e1rnyaltabb\u00e1 teszi nyelvtud\u00e1s\u00e1t.<\/p>\n\n\n\n<h3 class=\"wp-block-heading\" id=\"h-11-adverbs\">11. Hat\u00e1roz\u00f3sz\u00f3k:<\/h3>\n\n\n\n<p>Az alb\u00e1n hat\u00e1roz\u00f3szavak ig\u00e9ket, mell\u00e9kneveket vagy m\u00e1s hat\u00e1roz\u00f3szavakat m\u00f3dos\u00edtanak. Inform\u00e1ci\u00f3t ny\u00fajtanak a m\u00f3dr\u00f3l, helyr\u0151l, id\u0151r\u0151l, fokozatr\u00f3l \u00e9s egyebekr\u0151l, gyakran mell\u00e9knevekkel vagy r\u00f6gz\u00edtett hat\u00e1roz\u00f3szavakkal azonos alakokat haszn\u00e1lva, mint p\u00e9ld\u00e1ul a tani, dje, k\u00ebtu \u00e9s atje.<\/p>\n\n\n\n<h3 class=\"wp-block-heading\" id=\"h-12-prepositions\">12. El\u00f6lj\u00e1r\u00f3szavak:<\/h3>\n\n\n\n<p>Az el\u00f6lj\u00e1r\u00f3szavak \u00f6sszekapcsolj\u00e1k a szavakat \u00e9s kifejez\u00e9seket. Id\u0151, hely, ir\u00e1ny \u00e9s egyebek kapcsolatait fejezik ki, olyan gyakori t\u00e1rgyakkal, mint a n\u00eb, te, tek, me, pa, p\u00ebr, nga, mbi, n\u00ebn, para \u00e9s pas. Ismerje meg, hogyan kombin\u00e1l\u00f3dnak az esetekkel \u00e9s a f\u0151n\u00e9vi kifejez\u00e9sek hivatkoz\u00f3 cikk\u00e9vel.<\/p>\n\n\n\n<h3 class=\"wp-block-heading\" id=\"h-13-sentences\">13. Mondatok:<\/h3>\n\n\n\n<p>V\u00e9g\u00fcl gyakorold a mondatok fel\u00e9p\u00edt\u00e9s\u00e9t. Az alb\u00e1n nyelv jellemz\u0151en rugalmas sz\u00f3renddel rendelkezik, k\u00f6z\u00f6s SVO mint\u00e1val, klitikus n\u00e9vm\u00e1sokat haszn\u00e1l az ige el\u0151tt, tagadja a nuk-ot, \u00e9s inton\u00e1ci\u00f3val vagy a-val fogalmazza meg a k\u00e9rd\u00e9seket. Az \u00f6sszes kor\u00e1bban megtanult nyelvtani pont kontextusban t\u00f6rt\u00e9n\u0151 haszn\u00e1lata biztos\u00edtja az alb\u00e1n nyelv \u00e1tfog\u00f3 meg\u00e9rt\u00e9s\u00e9t.<\/p>\n<\/div><\/div>\n\r\n<section class=\"learnNavigationSection\">\r\n            \r\n        <a href=\"https:\/\/talkpal.ai\/hu\/tanulj-albanul\/\">\r\n            <div class=\"learnNavigationWrapper\">\r\n                <div class=\"learnNavigationContent\">\r\n                    <img decoding=\"async\" src=\"https:\/\/talkpal.ai\/wp-content\/uploads\/2025\/11\/Albanian.png\" alt=\"Albanian Flag\">\r\n                    <div>\r\n                        <h4>Az alb\u00e1n tanul\u00e1sr\u00f3l<\/h4>\r\n                        <p>Tudjon meg mindent az alb\u00e1n nyelvtanr\u00f3l.<\/p>\r\n                    <\/div>\r\n                <\/div>\r\n            <\/div>\r\n        <\/a>\r\n\r\n        \r\n        <a href=\"https:\/\/talkpal.ai\/hu\/alban-nyelvtan\/\">\r\n            <div class=\"learnNavigationWrapper\">\r\n                <div class=\"learnNavigationContent\">\r\n                    <img decoding=\"async\" src=\"https:\/\/talkpal.ai\/wp-content\/uploads\/2025\/11\/Albanian.png\" alt=\"Albanian Flag\">\r\n                    <div>\r\n                        <h4>Alb\u00e1n nyelvtani leck\u00e9k<\/h4>\r\n                        <p>Gyakorolja az alb\u00e1n nyelvtant.<\/p>\r\n                    <\/div>\r\n                <\/div>\r\n            <\/div>\r\n        <\/a>\r\n\r\n            <\/section>","protected":false},"excerpt":{"rendered":"<p>Alb\u00e1n nyelvtani t\u00e9m\u00e1k Egy \u00faj nyelv elsaj\u00e1t\u00edt\u00e1sa kih\u00edv\u00e1st jelent\u0151, de kifizet\u0151d\u0151 v\u00e1llalkoz\u00e1s lehet. Ez al\u00f3l az alb\u00e1n, egy indoeur\u00f3pai nyelv, amelyet f\u0151leg Alb\u00e1ni\u00e1ban besz\u00e9lnek. Egyedi tulajdons\u00e1gaival \u00e9s szerkezet\u00e9vel az alb\u00e1n nyelvtanul\u00e1s szisztematikus megk\u00f6zel\u00edt\u00e9st ig\u00e9nyel a gazdag nyelvtan meg\u00e9rt\u00e9s\u00e9hez. Ez az \u00fatmutat\u00f3 felv\u00e1zolja az alb\u00e1n nyelvtan kulcsfontoss\u00e1g\u00fa ter\u00fcleteit a nyelvtanul\u00e1s logikai sorrendj\u00e9ben, kezdve az alapokt\u00f3l, p\u00e9ld\u00e1ul [&hellip;]<\/p>\n","protected":false},"author":20,"featured_media":0,"parent":0,"menu_order":0,"comment_status":"closed","ping_status":"closed","template":"LearningContentPage.php","meta":{"_acf_changed":false,"footnotes":""},"class_list":["post-1475394","page","type-page","status-publish","hentry"],"acf":[],"yoast_head":"<!-- This site is optimized with the Yoast SEO Premium plugin v27.2 (Yoast SEO v27.2) - https:\/\/yoast.com\/product\/yoast-seo-premium-wordpress\/ -->\n<title>Alb\u00e1n nyelvtani gyakorlatok - Talkpal<\/title>\n<meta name=\"description\" content=\"Fejleszd az alb\u00e1n nyelvtud\u00e1sodat a Talkpal interakt\u00edv nyelvtani gyakorlataival, amelyek f\u0151neveket, ig\u00e9ket, id\u0151hat\u00e1roz\u00f3kat \u00e9s mondatszerkezeteket tartalmaznak.\" \/>\n<meta name=\"robots\" content=\"index, follow, max-snippet:-1, max-image-preview:large, max-video-preview:-1\" \/>\n<link rel=\"canonical\" href=\"https:\/\/talkpal.ai\/hu\/alban-nyelvtani-gyakorlatok\/\" \/>\n<meta property=\"og:locale\" content=\"hu_HU\" \/>\n<meta property=\"og:type\" content=\"article\" \/>\n<meta property=\"og:title\" content=\"Alb\u00e1n nyelvtani gyakorlatok\" \/>\n<meta property=\"og:description\" content=\"Alb\u00e1n nyelvtani t\u00e9m\u00e1k Egy \u00faj nyelv elsaj\u00e1t\u00edt\u00e1sa kih\u00edv\u00e1st jelent\u0151, de kifizet\u0151d\u0151 v\u00e1llalkoz\u00e1s lehet. Ez al\u00f3l az alb\u00e1n, egy indoeur\u00f3pai nyelv, amelyet f\u0151leg\" \/>\n<meta property=\"og:url\" content=\"https:\/\/talkpal.ai\/hu\/alban-nyelvtani-gyakorlatok\/\" \/>\n<meta property=\"og:site_name\" content=\"Talkpal\" \/>\n<meta property=\"article:publisher\" content=\"https:\/\/www.facebook.com\/profile.php?id=100090733639311\" \/>\n<meta property=\"article:modified_time\" content=\"2025-12-30T15:39:38+00:00\" \/>\n<meta property=\"og:image\" content=\"https:\/\/talkpal.ai\/wp-content\/uploads\/2025\/02\/Progress-tab-16_9.png\" \/>\n\t<meta property=\"og:image:width\" content=\"2880\" \/>\n\t<meta property=\"og:image:height\" content=\"1620\" \/>\n\t<meta property=\"og:image:type\" content=\"image\/png\" \/>\n<meta name=\"twitter:card\" content=\"summary_large_image\" \/>\n<meta name=\"twitter:site\" content=\"@talkpalai\" \/>\n<meta name=\"twitter:label1\" content=\"Becs\u00fclt olvas\u00e1si id\u0151\" \/>\n\t<meta name=\"twitter:data1\" content=\"5 perc\" \/>\n<script type=\"application\/ld+json\" class=\"yoast-schema-graph\">{\"@context\":\"https:\/\/schema.org\",\"@graph\":[{\"@type\":\"WebPage\",\"@id\":\"https:\/\/talkpal.ai\/hu\/alban-nyelvtani-gyakorlatok\/\",\"url\":\"https:\/\/talkpal.ai\/hu\/alban-nyelvtani-gyakorlatok\/\",\"name\":\"Alb\u00e1n nyelvtani gyakorlatok - Talkpal\",\"isPartOf\":{\"@id\":\"https:\/\/talkpal.ai\/hu\/#website\"},\"datePublished\":\"2025-11-11T12:32:58+00:00\",\"dateModified\":\"2025-12-30T15:39:38+00:00\",\"description\":\"Fejleszd az alb\u00e1n nyelvtud\u00e1sodat a Talkpal interakt\u00edv nyelvtani gyakorlataival, amelyek f\u0151neveket, ig\u00e9ket, id\u0151hat\u00e1roz\u00f3kat \u00e9s mondatszerkezeteket tartalmaznak.\",\"breadcrumb\":{\"@id\":\"https:\/\/talkpal.ai\/hu\/alban-nyelvtani-gyakorlatok\/#breadcrumb\"},\"inLanguage\":\"hu\",\"potentialAction\":[{\"@type\":\"ReadAction\",\"target\":[\"https:\/\/talkpal.ai\/hu\/alban-nyelvtani-gyakorlatok\/\"]}]},{\"@type\":\"BreadcrumbList\",\"@id\":\"https:\/\/talkpal.ai\/hu\/alban-nyelvtani-gyakorlatok\/#breadcrumb\",\"itemListElement\":[{\"@type\":\"ListItem\",\"position\":1,\"name\":\"Homepage\",\"item\":\"https:\/\/talkpal.ai\/hu\/\"},{\"@type\":\"ListItem\",\"position\":2,\"name\":\"Alb\u00e1n nyelvtani gyakorlatok\"}]},{\"@type\":\"WebSite\",\"@id\":\"https:\/\/talkpal.ai\/hu\/#website\",\"url\":\"https:\/\/talkpal.ai\/hu\/\",\"name\":\"Talkpal\",\"description\":\"AI Language Learning\",\"publisher\":{\"@id\":\"https:\/\/talkpal.ai\/hu\/#organization\"},\"alternateName\":\"Talkpal AI\",\"potentialAction\":[{\"@type\":\"SearchAction\",\"target\":{\"@type\":\"EntryPoint\",\"urlTemplate\":\"https:\/\/talkpal.ai\/hu\/?s={search_term_string}\"},\"query-input\":{\"@type\":\"PropertyValueSpecification\",\"valueRequired\":true,\"valueName\":\"search_term_string\"}}],\"inLanguage\":\"hu\"},{\"@type\":\"Organization\",\"@id\":\"https:\/\/talkpal.ai\/hu\/#organization\",\"name\":\"Talkpal, Inc.\",\"alternateName\":\"Talkpal AI\",\"url\":\"https:\/\/talkpal.ai\/hu\/\",\"logo\":{\"@type\":\"ImageObject\",\"inLanguage\":\"hu\",\"@id\":\"https:\/\/talkpal.ai\/hu\/#\/schema\/logo\/image\/\",\"url\":\"https:\/\/talkpal.ai\/wp-content\/uploads\/2024\/03\/Talkpal-Logo-Icon.png\",\"contentUrl\":\"https:\/\/talkpal.ai\/wp-content\/uploads\/2024\/03\/Talkpal-Logo-Icon.png\",\"width\":2880,\"height\":2880,\"caption\":\"Talkpal, Inc.\"},\"image\":{\"@id\":\"https:\/\/talkpal.ai\/hu\/#\/schema\/logo\/image\/\"},\"sameAs\":[\"https:\/\/www.facebook.com\/profile.php?id=100090733639311\",\"https:\/\/x.com\/talkpalai\",\"https:\/\/www.linkedin.com\/company\/talkpal\/\",\"https:\/\/www.youtube.com\/@TalkPal\/\",\"https:\/\/www.tiktok.com\/@talkpal\",\"https:\/\/www.instagram.com\/talkpal_ai\/\",\"https:\/\/www.crunchbase.com\/organization\/talkpal-9cde\",\"https:\/\/www.g2.com\/products\/talkpal-for-business\/\",\"https:\/\/www.trustpilot.com\/review\/talkpal.ai\",\"https:\/\/www.capterra.com\/p\/10006800\/TalkPal\/\"],\"description\":\"Talkpal is a language learning web and mobile education app, powered by the latest AI technologies, that provides engaging experiences to its customers in many different languages to help them improve their language skills. Users can chat about unlimited amount of topics with the app and use other modes to practice their language learning.\",\"email\":\"support@talkpal.ai\",\"legalName\":\"Talkpal, Inc.\",\"foundingDate\":\"2023-04-03\",\"duns\":\"118989042\",\"numberOfEmployees\":{\"@type\":\"QuantitativeValue\",\"minValue\":\"11\",\"maxValue\":\"50\"},\"publishingPrinciples\":\"https:\/\/talkpal.ai\/publishing-principles\/\",\"actionableFeedbackPolicy\":\"https:\/\/talkpal.ai\/actionable-feedback-policy\/\",\"correctionsPolicy\":\"https:\/\/talkpal.ai\/corrections-policy\/\",\"ethicsPolicy\":\"https:\/\/talkpal.ai\/ethics-policy\/\",\"diversityPolicy\":\"https:\/\/talkpal.ai\/diversity-policy\/\",\"diversityStaffingReport\":\"https:\/\/talkpal.ai\/diversity-policy\/\"}]}<\/script>\n<!-- \/ Yoast SEO Premium plugin. -->","yoast_head_json":{"title":"Alb\u00e1n nyelvtani gyakorlatok - Talkpal","description":"Fejleszd az alb\u00e1n nyelvtud\u00e1sodat a Talkpal interakt\u00edv nyelvtani gyakorlataival, amelyek f\u0151neveket, ig\u00e9ket, id\u0151hat\u00e1roz\u00f3kat \u00e9s mondatszerkezeteket tartalmaznak.","robots":{"index":"index","follow":"follow","max-snippet":"max-snippet:-1","max-image-preview":"max-image-preview:large","max-video-preview":"max-video-preview:-1"},"canonical":"https:\/\/talkpal.ai\/hu\/alban-nyelvtani-gyakorlatok\/","og_locale":"hu_HU","og_type":"article","og_title":"Alb\u00e1n nyelvtani gyakorlatok","og_description":"Alb\u00e1n nyelvtani t\u00e9m\u00e1k Egy \u00faj nyelv elsaj\u00e1t\u00edt\u00e1sa kih\u00edv\u00e1st jelent\u0151, de kifizet\u0151d\u0151 v\u00e1llalkoz\u00e1s lehet. Ez al\u00f3l az alb\u00e1n, egy indoeur\u00f3pai nyelv, amelyet f\u0151leg","og_url":"https:\/\/talkpal.ai\/hu\/alban-nyelvtani-gyakorlatok\/","og_site_name":"Talkpal","article_publisher":"https:\/\/www.facebook.com\/profile.php?id=100090733639311","article_modified_time":"2025-12-30T15:39:38+00:00","og_image":[{"width":2880,"height":1620,"url":"https:\/\/talkpal.ai\/wp-content\/uploads\/2025\/02\/Progress-tab-16_9.png","type":"image\/png"}],"twitter_card":"summary_large_image","twitter_site":"@talkpalai","twitter_misc":{"Becs\u00fclt olvas\u00e1si id\u0151":"5 perc"},"schema":{"@context":"https:\/\/schema.org","@graph":[{"@type":"WebPage","@id":"https:\/\/talkpal.ai\/hu\/alban-nyelvtani-gyakorlatok\/","url":"https:\/\/talkpal.ai\/hu\/alban-nyelvtani-gyakorlatok\/","name":"Alb\u00e1n nyelvtani gyakorlatok - Talkpal","isPartOf":{"@id":"https:\/\/talkpal.ai\/hu\/#website"},"datePublished":"2025-11-11T12:32:58+00:00","dateModified":"2025-12-30T15:39:38+00:00","description":"Fejleszd az alb\u00e1n nyelvtud\u00e1sodat a Talkpal interakt\u00edv nyelvtani gyakorlataival, amelyek f\u0151neveket, ig\u00e9ket, id\u0151hat\u00e1roz\u00f3kat \u00e9s mondatszerkezeteket tartalmaznak.","breadcrumb":{"@id":"https:\/\/talkpal.ai\/hu\/alban-nyelvtani-gyakorlatok\/#breadcrumb"},"inLanguage":"hu","potentialAction":[{"@type":"ReadAction","target":["https:\/\/talkpal.ai\/hu\/alban-nyelvtani-gyakorlatok\/"]}]},{"@type":"BreadcrumbList","@id":"https:\/\/talkpal.ai\/hu\/alban-nyelvtani-gyakorlatok\/#breadcrumb","itemListElement":[{"@type":"ListItem","position":1,"name":"Homepage","item":"https:\/\/talkpal.ai\/hu\/"},{"@type":"ListItem","position":2,"name":"Alb\u00e1n nyelvtani gyakorlatok"}]},{"@type":"WebSite","@id":"https:\/\/talkpal.ai\/hu\/#website","url":"https:\/\/talkpal.ai\/hu\/","name":"Talkpal","description":"AI Language Learning","publisher":{"@id":"https:\/\/talkpal.ai\/hu\/#organization"},"alternateName":"Talkpal AI","potentialAction":[{"@type":"SearchAction","target":{"@type":"EntryPoint","urlTemplate":"https:\/\/talkpal.ai\/hu\/?s={search_term_string}"},"query-input":{"@type":"PropertyValueSpecification","valueRequired":true,"valueName":"search_term_string"}}],"inLanguage":"hu"},{"@type":"Organization","@id":"https:\/\/talkpal.ai\/hu\/#organization","name":"Talkpal, Inc.","alternateName":"Talkpal AI","url":"https:\/\/talkpal.ai\/hu\/","logo":{"@type":"ImageObject","inLanguage":"hu","@id":"https:\/\/talkpal.ai\/hu\/#\/schema\/logo\/image\/","url":"https:\/\/talkpal.ai\/wp-content\/uploads\/2024\/03\/Talkpal-Logo-Icon.png","contentUrl":"https:\/\/talkpal.ai\/wp-content\/uploads\/2024\/03\/Talkpal-Logo-Icon.png","width":2880,"height":2880,"caption":"Talkpal, Inc."},"image":{"@id":"https:\/\/talkpal.ai\/hu\/#\/schema\/logo\/image\/"},"sameAs":["https:\/\/www.facebook.com\/profile.php?id=100090733639311","https:\/\/x.com\/talkpalai","https:\/\/www.linkedin.com\/company\/talkpal\/","https:\/\/www.youtube.com\/@TalkPal\/","https:\/\/www.tiktok.com\/@talkpal","https:\/\/www.instagram.com\/talkpal_ai\/","https:\/\/www.crunchbase.com\/organization\/talkpal-9cde","https:\/\/www.g2.com\/products\/talkpal-for-business\/","https:\/\/www.trustpilot.com\/review\/talkpal.ai","https:\/\/www.capterra.com\/p\/10006800\/TalkPal\/"],"description":"Talkpal is a language learning web and mobile education app, powered by the latest AI technologies, that provides engaging experiences to its customers in many different languages to help them improve their language skills. Users can chat about unlimited amount of topics with the app and use other modes to practice their language learning.","email":"support@talkpal.ai","legalName":"Talkpal, Inc.","foundingDate":"2023-04-03","duns":"118989042","numberOfEmployees":{"@type":"QuantitativeValue","minValue":"11","maxValue":"50"},"publishingPrinciples":"https:\/\/talkpal.ai\/publishing-principles\/","actionableFeedbackPolicy":"https:\/\/talkpal.ai\/actionable-feedback-policy\/","correctionsPolicy":"https:\/\/talkpal.ai\/corrections-policy\/","ethicsPolicy":"https:\/\/talkpal.ai\/ethics-policy\/","diversityPolicy":"https:\/\/talkpal.ai\/diversity-policy\/","diversityStaffingReport":"https:\/\/talkpal.ai\/diversity-policy\/"}]}},"_links":{"self":[{"href":"https:\/\/talkpal.ai\/hu\/wp-json\/wp\/v2\/pages\/1475394","targetHints":{"allow":["GET"]}}],"collection":[{"href":"https:\/\/talkpal.ai\/hu\/wp-json\/wp\/v2\/pages"}],"about":[{"href":"https:\/\/talkpal.ai\/hu\/wp-json\/wp\/v2\/types\/page"}],"author":[{"embeddable":true,"href":"https:\/\/talkpal.ai\/hu\/wp-json\/wp\/v2\/users\/20"}],"replies":[{"embeddable":true,"href":"https:\/\/talkpal.ai\/hu\/wp-json\/wp\/v2\/comments?post=1475394"}],"version-history":[{"count":0,"href":"https:\/\/talkpal.ai\/hu\/wp-json\/wp\/v2\/pages\/1475394\/revisions"}],"wp:attachment":[{"href":"https:\/\/talkpal.ai\/hu\/wp-json\/wp\/v2\/media?parent=1475394"}],"curies":[{"name":"wp","href":"https:\/\/api.w.org\/{rel}","templated":true}]}}