{"id":1475393,"date":"2025-11-11T15:06:39","date_gmt":"2025-11-11T15:06:39","guid":{"rendered":"https:\/\/talkpal.ai\/asszami-nyelvtan\/"},"modified":"2025-12-30T15:41:54","modified_gmt":"2025-12-30T15:41:54","slug":"asszami-nyelvtan","status":"publish","type":"page","link":"https:\/\/talkpal.ai\/hu\/asszami-nyelvtan\/","title":{"rendered":"Assz\u00e1mi nyelvtan"},"content":{"rendered":"\r\n\r\n\r\n<section class=\"languageChallengeSection\">\r\n    <div class=\"languageInfoWrapper\">\r\n        \r\n        <h1>Assz\u00e1mi nyelvtan<\/h1>\r\n        <p>Az <a href=\"https:\/\/talkpal.ai\/assamese-grammar\/\">assz\u00e1mi nyelvtan<\/a> els\u0151re kih\u00edv\u00e1snak t\u0171nhet, de egyedi tulajdons\u00e1gai kifizet\u0151d\u0151 \u00e9lm\u00e9nny\u00e9 teszik a nyelvtanul\u00e1st. A nyelv \u00e1b\u00e9c\u00e9j\u00e9nek, mut\u00e1ci\u00f3inak \u00e9s nyelvtani szab\u00e1lyainak felfedez\u00e9s\u00e9vel betekint\u00e9st nyerhet egy gazdag nyelvi hagyom\u00e1nyba. Induljon el utaz\u00e1s\u00e1val, \u00e9s fedezze fel az <a href=\"https:\/\/talkpal.ai\/learn-assamese\/\">assz\u00e1mi<\/a> sz\u00e9ps\u00e9g\u00e9t!<\/p>\r\n\r\n                            <a class=\"getStartedHidden\" href=\"https:\/\/app.talkpal.ai\/hu\/signup?lng=\">Kezdj\u00fck<\/a>\r\n        \r\n    <\/div>\r\n\r\n    <figure>\r\n    <img decoding=\"async\" width=\"768\" height=\"768\" src=\"https:\/\/talkpal.ai\/wp-content\/uploads\/2023\/06\/welsh-768x768.png\" class=\"languageImage no-lazy\" alt=\"Language learning for better cognitive abilities\" fetchpriority=\"high\" sizes=\"(max-width: 768px) 150px, 768px\" srcset=\"https:\/\/talkpal.ai\/wp-content\/uploads\/2023\/06\/welsh-768x768.png 768w, https:\/\/talkpal.ai\/wp-content\/uploads\/2023\/06\/welsh-300x300.png 300w\" \/>\r\n    \r\n\r\n    <\/figure>\r\n\r\n            <a class=\"getStartedVisible\" href=\"https:\/\/app.talkpal.ai\/hu\/signup?lng=\">Kezdj\u00fck<\/a>\r\n    \r\n<\/section><section class=\"promotionalBanner\">\r\n    <p class=\"promotionalText\">A nyelvtanul\u00e1s leghat\u00e9konyabb m\u00f3dja<\/p>\r\n    <a class=\"promotionalLink\" href=\"https:\/\/app.talkpal.ai\/hu\/signup?lng=\">Pr\u00f3b\u00e1lja ki a Talkpal ingyen<\/a>\r\n<\/section>\n<div class=\"wp-block-group pageContainerStyle\"><div class=\"wp-block-group__inner-container is-layout-constrained wp-block-group-is-layout-constrained\">\n<h2 class=\"wp-block-heading\" id=\"h-navigating-the-intricacies-of-assamese-grammar\">Eligazod\u00e1s az assz\u00e1mi nyelvtan bonyolults\u00e1g\u00e1ban<\/h2>\n\n\n\n<p><a href=\"https:\/\/talkpal.ai\/hu\/tanulj-asszami-nyelven\/\">Az assz\u00e1mi,<\/a> egy gazdag t\u00f6rt\u00e9nelemmel \u00e9s kultur\u00e1lis jelent\u0151s\u00e9ggel b\u00edr\u00f3 indo\u00e1rja nyelv, izgalmas nyelvi \u00e9lm\u00e9nyt k\u00edn\u00e1l azok sz\u00e1m\u00e1ra, akik sz\u00edvesen felfedezik egyedi nyelvtani rendszer\u00e9t. Ahogy az assz\u00e1mi birodalomba mer\u00e9szkedik, nemcsak nyelvi reperto\u00e1rj\u00e1t gazdag\u00edtja, hanem egy leny\u0171g\u00f6z\u0151 kultur\u00e1lis utaz\u00e1st is befogad. B\u00e1r az assz\u00e1mi <a href=\"https:\/\/talkpal.ai\/grammar\/\">nyelvtan<\/a> els\u0151re bonyolultnak t\u0171nhet, az alapvet\u0151 \u00f6sszetev\u0151kre bont\u00e1sa megk\u00f6zel\u00edthet\u0151bb\u00e9 teszi a nyelvtanul\u00e1st. Ebben a cikkben felt\u00e1rjuk az assz\u00e1mi nyelvtan mag\u00e1val ragad\u00f3 vil\u00e1g\u00e1t, \u00e9s tippeket adunk annak \u00f6sszetetts\u00e9g\u00e9nek elsaj\u00e1t\u00edt\u00e1s\u00e1hoz.<\/p>\n\n\n\n<h3 class=\"wp-block-heading\" id=\"h-1-assamese-alphabet-and-phonetics\">1. Assz\u00e1mi \u00e1b\u00e9c\u00e9 \u00e9s fonetika<\/h3>\n\n\n\n<p>Az assz\u00e1mi \u00edr\u00e1srendszer a keleti nagari \u00edr\u00e1st haszn\u00e1lja, \u00e9s megk\u00fcl\u00f6nb\u00f6ztet\u0151 karaktereket \u00e9s hang\u00e9rt\u00e9keket tartalmaz, mint p\u00e9ld\u00e1ul a \u09f0 ra \u00e9s a \u09f1 wa, valamint m\u00e1ssalhangz\u00f3-csoportokat \u00e9s mag\u00e1nhangz\u00f3-mell\u00e9kjeleket. Az assz\u00e1mi nyelvtan elsaj\u00e1t\u00edt\u00e1s\u00e1hoz elengedhetetlen, hogy megismerj\u00fck ezt az \u00edr\u00e1st \u00e9s fonetik\u00e1j\u00e1t az assz\u00e1mi nyelv\u0171 olvas\u00e1s \u00e9s \u00edr\u00e1s gyakorl\u00e1s\u00e1val.<\/p>\n\n\n\n<h3 class=\"wp-block-heading\" id=\"h-2-sandhi-and-sound-changes-a-peculiar-assamese-feature\">2. Sandhi \u00e9s hangv\u00e1ltoz\u00e1sok: Saj\u00e1tos assz\u00e1mi tulajdons\u00e1g<\/h3>\n\n\n\n<p>Az <a href=\"https:\/\/talkpal.ai\/hu\/tanulj-asszami-nyelven\/\">assz\u00e1mi nyelv<\/a> felt\u0171n\u0151 aspektusa a sandhi \u00e9s a fonol\u00f3giai v\u00e1ltakoz\u00e1sok szerepe, amelyek akkor fordulnak el\u0151, amikor a szavak \u00f6sszeolvadnak, vagy amikor az ut\u00f3tagok kapcsol\u00f3dnak. Olyan folyamatokkal tal\u00e1lkozhatunk, mint a schwa t\u00f6rl\u00e9s a k\u00f6znyelvben, a mag\u00e1nhangz\u00f3k k\u00f6z\u00f6tti cs\u00fasz\u00f3 beilleszt\u00e9s, valamint a kis- \u00e9s nagybet\u0171k \u00e9s ut\u00f3tagok v\u00e1ltakoz\u00f3 form\u00e1i, p\u00e9ld\u00e1ul -or vagy -ar a birtokos \u00e9s -ok vagy -ak a t\u00e1rgyes\u00edt\u0151 vagy dativus eset\u00e9ben. Annak meg\u00e9rt\u00e9se, hogy mikor \u00e9s hogyan t\u00f6rt\u00e9nnek ezek a v\u00e1ltoz\u00e1sok, l\u00e9tfontoss\u00e1g\u00fa az assz\u00e1mi nyelv pontos \u00e9s term\u00e9szetes kommunik\u00e1ci\u00f3j\u00e1hoz.<\/p>\n\n\n\n<h3 class=\"wp-block-heading\" id=\"h-3-nouns-and-pronouns-number-classifiers-and-cases\">3. F\u0151nevek \u00e9s n\u00e9vm\u00e1sok: sz\u00e1m, oszt\u00e1lyoz\u00f3k \u00e9s esetek<\/h3>\n\n\n\n<p>Az assz\u00e1mi f\u0151neveknek nincs nyelvtani nem\u00fck, de a sz\u00e1mot \u00e9s a hat\u00e1rozotts\u00e1got t\u00f6bbes sz\u00e1m\u00fa jel\u00f6l\u0151k \u00e9s oszt\u00e1lyoz\u00f3k fejezik ki. A t\u00f6bbes sz\u00e1m gyakori jel\u00f6l\u0151i k\u00f6z\u00e9 tartozik a -bor \u00e9s a -bilak, m\u00edg az olyan oszt\u00e1lyoz\u00f3k, mint a -ta, -khon \u00e9s -zoni, gyakoriak a sz\u00e1mokkal vagy hat\u00e1rozotts\u00e1ggal rendelkez\u0151 f\u0151n\u00e9vi kifejez\u00e9sekben. Az assz\u00e1mi posztpoz\u00edci\u00f3kat \u00e9s esetjelz\u0151ket haszn\u00e1l, bele\u00e9rtve a birtokos -vagy vagy -ar, t\u00e1rgyeseti vagy dat\u00edvusz -ok vagy -ak, helymeghat\u00e1roz\u00f3 -at vagy -ot, instrument\u00e1lis vagy \u00e1gens -e, ablat\u00edv -pora \u00e9s komitat\u00edv logot. A n\u00e9vm\u00e1sok k\u00f6z\u00e9 tartoznak az olyan szem\u00e9lyes form\u00e1k, mint a moi I, toi vagy tumi vagy apuni u, v\u00e1ltoz\u00f3 szint\u0171 ismer\u0151ss\u00e9ggel \u00e9s udvariass\u00e1ggal, \u00e9s se he vagy she, t\u00f6bbes sz\u00e1mokkal, mint <a href=\"https:\/\/talkpal.ai\/locations\/language-courses-in-ami\/\">ami<\/a> we \u00e9s teolok they. A birtokos form\u00e1k a birtokos alakokkal k\u00e9sz\u00fclnek, mint p\u00e9ld\u00e1ul mur my, tomar ur, apunar your udvarias, tar his vagy her. A reflex\u00edv nij \u00e9s nijeke, a demonstrat\u00edvok eita ezt \u00e9s a seita azt, valamint az olyan k\u00e9rd\u0151\u00edvek, mint a kune who, ki what, kot where \u00e9s ketiya when elengedhetetlenek a tanul\u00e1shoz.<\/p>\n\n\n\n<h3 class=\"wp-block-heading\" id=\"h-4-verbs-structure-and-conjugation\">4. Ig\u00e9k: szerkezet \u00e9s ragoz\u00e1s<\/h3>\n\n\n\n<p>Az assz\u00e1mi ig\u00e9ket igide, aspektus, hangulat \u00e9s polarit\u00e1s jel\u00f6lik, gyakran seg\u00e9dszavakkal, \u00e9s korl\u00e1tozott egyet\u00e9rt\u00e9st mutatnak. Az alapvet\u0151 igeid\u0151k a jelen, a m\u00falt \u00e9s a j\u00f6v\u0151, valamint olyan szempontok, mint a progressz\u00edv \u00e9s a perfekt\u00edv. A tagad\u00e1s \u00e1ltal\u00e1ban na-t haszn\u00e1l az ige vagy seg\u00e9dige el\u0151tt, a tagad\u00f3 egzisztenci\u00e1lis pedig nai. A imperat\u00edvuszok az udvariass\u00e1g szintj\u00e9t\u0151l f\u00fcgg\u0151en v\u00e1ltoznak, p\u00e9ld\u00e1ul kor do, kora vagy korun udvarias. Az alapvet\u0151 ragoz\u00e1si mint\u00e1k \u00e9s a seg\u00e9danyagok aspektuskifejez\u00e9s\u00e9nek elsaj\u00e1t\u00edt\u00e1sa nagym\u00e9rt\u00e9kben jav\u00edtja az assz\u00e1mi nyelven val\u00f3 hat\u00e9kony kommunik\u00e1ci\u00f3 k\u00e9pess\u00e9g\u00e9t.<\/p>\n\n\n\n<h3 class=\"wp-block-heading\" id=\"h-5-adjectives-agreement-and-placement\">5. Mell\u00e9knevek: meg\u00e1llapod\u00e1s \u00e9s elhelyez\u00e9s<\/h3>\n\n\n\n<p>n Assz\u00e1mi nyelvtan, a mell\u00e9knevek \u00e1ltal\u00e1ban megel\u0151zik az \u00e1ltaluk m\u00f3dos\u00edtott f\u0151nevet, \u00e9s nem\u00fckben vagy sz\u00e1mukban nem egyeznek meg a f\u0151n\u00e9vvel. Az \u00f6sszehasonl\u00edt\u00e1s fokozatait \u00e1ltal\u00e1ban hat\u00e1roz\u00f3szavakkal \u00e9s perifrasztikus szerkezetekkel alak\u00edtj\u00e1k ki, p\u00e9ld\u00e1ul a besi haszn\u00e1lata a hangs\u00faly n\u00f6vel\u00e9s\u00e9re, \u00e9s nagyon markerek haszn\u00e1lata. A gyakori mint\u00e1k elsaj\u00e1t\u00edt\u00e1sa seg\u00edt abban, hogy term\u00e9szetesnek t\u0171nj\u00f6n a mindennapi besz\u00e9dben.  <\/p>\n\n\n\n<p><strong>P\u00e9ld\u00e1k:<\/strong><\/p>\n\n\n\n<p><strong>\u2013 Dangor Morom (nagy szerelem)<\/strong><\/p>\n\n\n\n<p><strong>\u2013 Xoru Sishu-Bilak (kisgyerekek)<\/strong><\/p>\n\n\n\n<h3 class=\"wp-block-heading\" id=\"h-6-engaging-with-the-language\">6. A nyelv haszn\u00e1lata<\/h3>\n\n\n\n<p>Az assz\u00e1mi nyelvtan teljes meg\u00e9rt\u00e9s\u00e9nek \u00e9s internaliz\u00e1l\u00e1s\u00e1nak leghat\u00e9konyabb m\u00f3dja a nyelv k\u00f6vetkezetes bevon\u00e1sa. Az assz\u00e1mi irodalom olvas\u00e1s\u00e1val, assz\u00e1mi filmek vagy telev\u00edzi\u00f3s sorozatok n\u00e9z\u00e9s\u00e9vel, assz\u00e1mi h\u00edrek vagy r\u00e1di\u00f3 hallgat\u00e1s\u00e1val, valamint az anyanyelvi besz\u00e9l\u0151kkel val\u00f3 akt\u00edv kommunik\u00e1ci\u00f3val meger\u0151s\u00edti a nyelvtan meg\u00e9rt\u00e9s\u00e9t, mik\u00f6zben b\u0151v\u00edti sz\u00f3kincs\u00e9t.<\/p>\n\n\n\n<h3 class=\"wp-block-heading\" id=\"h-conclusion\">K\u00f6vetkeztet\u00e9s<\/h3>\n\n\n\n<p>B\u00e1r az assz\u00e1mi nyelvtan bonyolultnak t\u0171nhet, elhivatotts\u00e1ggal, gyakorl\u00e1ssal \u00e9s lelkesed\u00e9ssel j\u00e1rtass\u00e1 v\u00e1lhat ebben a gy\u00f6ny\u00f6r\u0171 nyelvben. Ha az alapvet\u0151 szab\u00e1lyokra \u00f6sszpontos\u00edt, \u00e9s k\u00fcl\u00f6nb\u00f6z\u0151 kontextusokban foglalkozik a nyelvvel, gyorsan fejlesztheti assz\u00e1mi <a href=\"https:\/\/talkpal.ai\/hu\/nyelvtan\/\">nyelvtani k\u00e9szs\u00e9geit<\/a>. Xubheccha (sok szerencs\u00e9t) az assz\u00e1mi nyelvi utaz\u00e1shoz, \u00e9s \u00e9lvezze az assz\u00e1mi nyelvtan gazdag \u00e9s mag\u00e1val ragad\u00f3 vil\u00e1g\u00e1nak felt\u00e1r\u00e1s\u00e1t!<\/p>\n<\/div><\/div>\n\r\n<section class=\"learnNavigationSection\">\r\n            \r\n        <a href=\"https:\/\/talkpal.ai\/hu\/tanulj-asszami-nyelven\/\">\r\n            <div class=\"learnNavigationWrapper\">\r\n                <div class=\"learnNavigationContent\">\r\n                    <img decoding=\"async\" src=\"https:\/\/talkpal.ai\/wp-content\/uploads\/2025\/11\/Assamese.png\" alt=\"Indian Simplified Flag\">\r\n                    <div>\r\n                        <h4>Az assz\u00e1mi tanul\u00e1sr\u00f3l<\/h4>\r\n                        <p>Tudjon meg mindent az assz\u00e1mi nyelvtanr\u00f3l.<\/p>\r\n                    <\/div>\r\n                <\/div>\r\n            <\/div>\r\n        <\/a>\r\n\r\n        \r\n        <a href=\"https:\/\/talkpal.ai\/hu\/asszami-nyelvtani-gyakorlatok\/\">\r\n            <div class=\"learnNavigationWrapper\">\r\n                <div class=\"learnNavigationContent\">\r\n                    <img decoding=\"async\" src=\"https:\/\/talkpal.ai\/wp-content\/uploads\/2025\/11\/Assamese.png\" alt=\"Indian Simplified Flag\">\r\n                    <div>\r\n                        <h4>Assz\u00e1mi nyelvtani gyakorlat<\/h4>\r\n                        <p>Gyakorold az assz\u00e1mi nyelvtant.<\/p>\r\n                    <\/div>\r\n                <\/div>\r\n            <\/div>\r\n        <\/a>\r\n\r\n            <\/section>","protected":false},"excerpt":{"rendered":"<p>Eligazod\u00e1s az assz\u00e1mi nyelvtan bonyolults\u00e1g\u00e1ban Az assz\u00e1mi, egy gazdag t\u00f6rt\u00e9nelemmel \u00e9s kultur\u00e1lis jelent\u0151s\u00e9ggel b\u00edr\u00f3 indo\u00e1rja nyelv, izgalmas nyelvi \u00e9lm\u00e9nyt k\u00edn\u00e1l azok sz\u00e1m\u00e1ra, akik sz\u00edvesen felfedezik egyedi nyelvtani rendszer\u00e9t. Ahogy az assz\u00e1mi birodalomba mer\u00e9szkedik, nemcsak nyelvi reperto\u00e1rj\u00e1t gazdag\u00edtja, hanem egy leny\u0171g\u00f6z\u0151 kultur\u00e1lis utaz\u00e1st is befogad. B\u00e1r az assz\u00e1mi nyelvtan els\u0151re bonyolultnak t\u0171nhet, az alapvet\u0151 \u00f6sszetev\u0151kre bont\u00e1sa [&hellip;]<\/p>\n","protected":false},"author":20,"featured_media":0,"parent":0,"menu_order":0,"comment_status":"closed","ping_status":"closed","template":"LearningContentPage.php","meta":{"_acf_changed":false,"footnotes":""},"class_list":["post-1475393","page","type-page","status-publish","hentry"],"acf":[],"yoast_head":"<!-- This site is optimized with the Yoast SEO Premium plugin v27.2 (Yoast SEO v27.2) - https:\/\/yoast.com\/product\/yoast-seo-premium-wordpress\/ -->\n<title>Assz\u00e1mi nyelvtan - Talkpal<\/title>\n<meta name=\"description\" content=\"Saj\u00e1t\u00edtsa el az assami nyelvtan fort\u00e9lyait a Talkpal AI seg\u00edts\u00e9g\u00e9vel, hogy n\u00f6velje a nyelvtud\u00e1s\u00e1t, \u00e9s m\u00e9g ma magabiztosan besz\u00e9ljen.\" \/>\n<meta name=\"robots\" content=\"index, follow, max-snippet:-1, max-image-preview:large, max-video-preview:-1\" \/>\n<link rel=\"canonical\" href=\"https:\/\/talkpal.ai\/hu\/asszami-nyelvtan\/\" \/>\n<meta property=\"og:locale\" content=\"hu_HU\" \/>\n<meta property=\"og:type\" content=\"article\" \/>\n<meta property=\"og:title\" content=\"Assz\u00e1mi nyelvtan\" \/>\n<meta property=\"og:description\" content=\"Eligazod\u00e1s az assz\u00e1mi nyelvtan bonyolults\u00e1g\u00e1ban Az assz\u00e1mi, egy gazdag t\u00f6rt\u00e9nelemmel \u00e9s kultur\u00e1lis jelent\u0151s\u00e9ggel b\u00edr\u00f3 indo\u00e1rja nyelv, izgalmas nyelvi\" \/>\n<meta property=\"og:url\" content=\"https:\/\/talkpal.ai\/hu\/asszami-nyelvtan\/\" \/>\n<meta property=\"og:site_name\" content=\"Talkpal\" \/>\n<meta property=\"article:publisher\" content=\"https:\/\/www.facebook.com\/profile.php?id=100090733639311\" \/>\n<meta property=\"article:modified_time\" content=\"2025-12-30T15:41:54+00:00\" \/>\n<meta property=\"og:image\" content=\"https:\/\/talkpal.ai\/wp-content\/uploads\/2025\/02\/Progress-tab-16_9.png\" \/>\n\t<meta property=\"og:image:width\" content=\"2880\" \/>\n\t<meta property=\"og:image:height\" content=\"1620\" \/>\n\t<meta property=\"og:image:type\" content=\"image\/png\" \/>\n<meta name=\"twitter:card\" content=\"summary_large_image\" \/>\n<meta name=\"twitter:site\" content=\"@talkpalai\" \/>\n<meta name=\"twitter:label1\" content=\"Becs\u00fclt olvas\u00e1si id\u0151\" \/>\n\t<meta name=\"twitter:data1\" content=\"5 perc\" \/>\n<script type=\"application\/ld+json\" class=\"yoast-schema-graph\">{\"@context\":\"https:\/\/schema.org\",\"@graph\":[{\"@type\":\"WebPage\",\"@id\":\"https:\/\/talkpal.ai\/hu\/asszami-nyelvtan\/\",\"url\":\"https:\/\/talkpal.ai\/hu\/asszami-nyelvtan\/\",\"name\":\"Assz\u00e1mi nyelvtan - Talkpal\",\"isPartOf\":{\"@id\":\"https:\/\/talkpal.ai\/hu\/#website\"},\"datePublished\":\"2025-11-11T15:06:39+00:00\",\"dateModified\":\"2025-12-30T15:41:54+00:00\",\"description\":\"Saj\u00e1t\u00edtsa el az assami nyelvtan fort\u00e9lyait a Talkpal AI seg\u00edts\u00e9g\u00e9vel, hogy n\u00f6velje a nyelvtud\u00e1s\u00e1t, \u00e9s m\u00e9g ma magabiztosan besz\u00e9ljen.\",\"breadcrumb\":{\"@id\":\"https:\/\/talkpal.ai\/hu\/asszami-nyelvtan\/#breadcrumb\"},\"inLanguage\":\"hu\",\"potentialAction\":[{\"@type\":\"ReadAction\",\"target\":[\"https:\/\/talkpal.ai\/hu\/asszami-nyelvtan\/\"]}]},{\"@type\":\"BreadcrumbList\",\"@id\":\"https:\/\/talkpal.ai\/hu\/asszami-nyelvtan\/#breadcrumb\",\"itemListElement\":[{\"@type\":\"ListItem\",\"position\":1,\"name\":\"Homepage\",\"item\":\"https:\/\/talkpal.ai\/hu\/\"},{\"@type\":\"ListItem\",\"position\":2,\"name\":\"Assz\u00e1mi nyelvtan\"}]},{\"@type\":\"WebSite\",\"@id\":\"https:\/\/talkpal.ai\/hu\/#website\",\"url\":\"https:\/\/talkpal.ai\/hu\/\",\"name\":\"Talkpal\",\"description\":\"AI Language Learning\",\"publisher\":{\"@id\":\"https:\/\/talkpal.ai\/hu\/#organization\"},\"alternateName\":\"Talkpal AI\",\"potentialAction\":[{\"@type\":\"SearchAction\",\"target\":{\"@type\":\"EntryPoint\",\"urlTemplate\":\"https:\/\/talkpal.ai\/hu\/?s={search_term_string}\"},\"query-input\":{\"@type\":\"PropertyValueSpecification\",\"valueRequired\":true,\"valueName\":\"search_term_string\"}}],\"inLanguage\":\"hu\"},{\"@type\":\"Organization\",\"@id\":\"https:\/\/talkpal.ai\/hu\/#organization\",\"name\":\"Talkpal, Inc.\",\"alternateName\":\"Talkpal AI\",\"url\":\"https:\/\/talkpal.ai\/hu\/\",\"logo\":{\"@type\":\"ImageObject\",\"inLanguage\":\"hu\",\"@id\":\"https:\/\/talkpal.ai\/hu\/#\/schema\/logo\/image\/\",\"url\":\"https:\/\/talkpal.ai\/wp-content\/uploads\/2024\/03\/Talkpal-Logo-Icon.png\",\"contentUrl\":\"https:\/\/talkpal.ai\/wp-content\/uploads\/2024\/03\/Talkpal-Logo-Icon.png\",\"width\":2880,\"height\":2880,\"caption\":\"Talkpal, Inc.\"},\"image\":{\"@id\":\"https:\/\/talkpal.ai\/hu\/#\/schema\/logo\/image\/\"},\"sameAs\":[\"https:\/\/www.facebook.com\/profile.php?id=100090733639311\",\"https:\/\/x.com\/talkpalai\",\"https:\/\/www.linkedin.com\/company\/talkpal\/\",\"https:\/\/www.youtube.com\/@TalkPal\/\",\"https:\/\/www.tiktok.com\/@talkpal\",\"https:\/\/www.instagram.com\/talkpal_ai\/\",\"https:\/\/www.crunchbase.com\/organization\/talkpal-9cde\",\"https:\/\/www.g2.com\/products\/talkpal-for-business\/\",\"https:\/\/www.trustpilot.com\/review\/talkpal.ai\",\"https:\/\/www.capterra.com\/p\/10006800\/TalkPal\/\"],\"description\":\"Talkpal is a language learning web and mobile education app, powered by the latest AI technologies, that provides engaging experiences to its customers in many different languages to help them improve their language skills. Users can chat about unlimited amount of topics with the app and use other modes to practice their language learning.\",\"email\":\"support@talkpal.ai\",\"legalName\":\"Talkpal, Inc.\",\"foundingDate\":\"2023-04-03\",\"duns\":\"118989042\",\"numberOfEmployees\":{\"@type\":\"QuantitativeValue\",\"minValue\":\"11\",\"maxValue\":\"50\"},\"publishingPrinciples\":\"https:\/\/talkpal.ai\/publishing-principles\/\",\"actionableFeedbackPolicy\":\"https:\/\/talkpal.ai\/actionable-feedback-policy\/\",\"correctionsPolicy\":\"https:\/\/talkpal.ai\/corrections-policy\/\",\"ethicsPolicy\":\"https:\/\/talkpal.ai\/ethics-policy\/\",\"diversityPolicy\":\"https:\/\/talkpal.ai\/diversity-policy\/\",\"diversityStaffingReport\":\"https:\/\/talkpal.ai\/diversity-policy\/\"}]}<\/script>\n<!-- \/ Yoast SEO Premium plugin. -->","yoast_head_json":{"title":"Assz\u00e1mi nyelvtan - Talkpal","description":"Saj\u00e1t\u00edtsa el az assami nyelvtan fort\u00e9lyait a Talkpal AI seg\u00edts\u00e9g\u00e9vel, hogy n\u00f6velje a nyelvtud\u00e1s\u00e1t, \u00e9s m\u00e9g ma magabiztosan besz\u00e9ljen.","robots":{"index":"index","follow":"follow","max-snippet":"max-snippet:-1","max-image-preview":"max-image-preview:large","max-video-preview":"max-video-preview:-1"},"canonical":"https:\/\/talkpal.ai\/hu\/asszami-nyelvtan\/","og_locale":"hu_HU","og_type":"article","og_title":"Assz\u00e1mi nyelvtan","og_description":"Eligazod\u00e1s az assz\u00e1mi nyelvtan bonyolults\u00e1g\u00e1ban Az assz\u00e1mi, egy gazdag t\u00f6rt\u00e9nelemmel \u00e9s kultur\u00e1lis jelent\u0151s\u00e9ggel b\u00edr\u00f3 indo\u00e1rja nyelv, izgalmas nyelvi","og_url":"https:\/\/talkpal.ai\/hu\/asszami-nyelvtan\/","og_site_name":"Talkpal","article_publisher":"https:\/\/www.facebook.com\/profile.php?id=100090733639311","article_modified_time":"2025-12-30T15:41:54+00:00","og_image":[{"width":2880,"height":1620,"url":"https:\/\/talkpal.ai\/wp-content\/uploads\/2025\/02\/Progress-tab-16_9.png","type":"image\/png"}],"twitter_card":"summary_large_image","twitter_site":"@talkpalai","twitter_misc":{"Becs\u00fclt olvas\u00e1si id\u0151":"5 perc"},"schema":{"@context":"https:\/\/schema.org","@graph":[{"@type":"WebPage","@id":"https:\/\/talkpal.ai\/hu\/asszami-nyelvtan\/","url":"https:\/\/talkpal.ai\/hu\/asszami-nyelvtan\/","name":"Assz\u00e1mi nyelvtan - Talkpal","isPartOf":{"@id":"https:\/\/talkpal.ai\/hu\/#website"},"datePublished":"2025-11-11T15:06:39+00:00","dateModified":"2025-12-30T15:41:54+00:00","description":"Saj\u00e1t\u00edtsa el az assami nyelvtan fort\u00e9lyait a Talkpal AI seg\u00edts\u00e9g\u00e9vel, hogy n\u00f6velje a nyelvtud\u00e1s\u00e1t, \u00e9s m\u00e9g ma magabiztosan besz\u00e9ljen.","breadcrumb":{"@id":"https:\/\/talkpal.ai\/hu\/asszami-nyelvtan\/#breadcrumb"},"inLanguage":"hu","potentialAction":[{"@type":"ReadAction","target":["https:\/\/talkpal.ai\/hu\/asszami-nyelvtan\/"]}]},{"@type":"BreadcrumbList","@id":"https:\/\/talkpal.ai\/hu\/asszami-nyelvtan\/#breadcrumb","itemListElement":[{"@type":"ListItem","position":1,"name":"Homepage","item":"https:\/\/talkpal.ai\/hu\/"},{"@type":"ListItem","position":2,"name":"Assz\u00e1mi nyelvtan"}]},{"@type":"WebSite","@id":"https:\/\/talkpal.ai\/hu\/#website","url":"https:\/\/talkpal.ai\/hu\/","name":"Talkpal","description":"AI Language Learning","publisher":{"@id":"https:\/\/talkpal.ai\/hu\/#organization"},"alternateName":"Talkpal AI","potentialAction":[{"@type":"SearchAction","target":{"@type":"EntryPoint","urlTemplate":"https:\/\/talkpal.ai\/hu\/?s={search_term_string}"},"query-input":{"@type":"PropertyValueSpecification","valueRequired":true,"valueName":"search_term_string"}}],"inLanguage":"hu"},{"@type":"Organization","@id":"https:\/\/talkpal.ai\/hu\/#organization","name":"Talkpal, Inc.","alternateName":"Talkpal AI","url":"https:\/\/talkpal.ai\/hu\/","logo":{"@type":"ImageObject","inLanguage":"hu","@id":"https:\/\/talkpal.ai\/hu\/#\/schema\/logo\/image\/","url":"https:\/\/talkpal.ai\/wp-content\/uploads\/2024\/03\/Talkpal-Logo-Icon.png","contentUrl":"https:\/\/talkpal.ai\/wp-content\/uploads\/2024\/03\/Talkpal-Logo-Icon.png","width":2880,"height":2880,"caption":"Talkpal, Inc."},"image":{"@id":"https:\/\/talkpal.ai\/hu\/#\/schema\/logo\/image\/"},"sameAs":["https:\/\/www.facebook.com\/profile.php?id=100090733639311","https:\/\/x.com\/talkpalai","https:\/\/www.linkedin.com\/company\/talkpal\/","https:\/\/www.youtube.com\/@TalkPal\/","https:\/\/www.tiktok.com\/@talkpal","https:\/\/www.instagram.com\/talkpal_ai\/","https:\/\/www.crunchbase.com\/organization\/talkpal-9cde","https:\/\/www.g2.com\/products\/talkpal-for-business\/","https:\/\/www.trustpilot.com\/review\/talkpal.ai","https:\/\/www.capterra.com\/p\/10006800\/TalkPal\/"],"description":"Talkpal is a language learning web and mobile education app, powered by the latest AI technologies, that provides engaging experiences to its customers in many different languages to help them improve their language skills. Users can chat about unlimited amount of topics with the app and use other modes to practice their language learning.","email":"support@talkpal.ai","legalName":"Talkpal, Inc.","foundingDate":"2023-04-03","duns":"118989042","numberOfEmployees":{"@type":"QuantitativeValue","minValue":"11","maxValue":"50"},"publishingPrinciples":"https:\/\/talkpal.ai\/publishing-principles\/","actionableFeedbackPolicy":"https:\/\/talkpal.ai\/actionable-feedback-policy\/","correctionsPolicy":"https:\/\/talkpal.ai\/corrections-policy\/","ethicsPolicy":"https:\/\/talkpal.ai\/ethics-policy\/","diversityPolicy":"https:\/\/talkpal.ai\/diversity-policy\/","diversityStaffingReport":"https:\/\/talkpal.ai\/diversity-policy\/"}]}},"_links":{"self":[{"href":"https:\/\/talkpal.ai\/hu\/wp-json\/wp\/v2\/pages\/1475393","targetHints":{"allow":["GET"]}}],"collection":[{"href":"https:\/\/talkpal.ai\/hu\/wp-json\/wp\/v2\/pages"}],"about":[{"href":"https:\/\/talkpal.ai\/hu\/wp-json\/wp\/v2\/types\/page"}],"author":[{"embeddable":true,"href":"https:\/\/talkpal.ai\/hu\/wp-json\/wp\/v2\/users\/20"}],"replies":[{"embeddable":true,"href":"https:\/\/talkpal.ai\/hu\/wp-json\/wp\/v2\/comments?post=1475393"}],"version-history":[{"count":0,"href":"https:\/\/talkpal.ai\/hu\/wp-json\/wp\/v2\/pages\/1475393\/revisions"}],"wp:attachment":[{"href":"https:\/\/talkpal.ai\/hu\/wp-json\/wp\/v2\/media?parent=1475393"}],"curies":[{"name":"wp","href":"https:\/\/api.w.org\/{rel}","templated":true}]}}