{"id":1475373,"date":"2025-11-11T12:01:19","date_gmt":"2025-11-11T12:01:19","guid":{"rendered":"https:\/\/talkpal.ai\/alban-nyelvtan\/"},"modified":"2025-12-30T15:37:30","modified_gmt":"2025-12-30T15:37:30","slug":"alban-nyelvtan","status":"publish","type":"page","link":"https:\/\/talkpal.ai\/hu\/alban-nyelvtan\/","title":{"rendered":"Alb\u00e1n nyelvtan"},"content":{"rendered":"\r\n\r\n\r\n<section class=\"languageChallengeSection\">\r\n    <div class=\"languageInfoWrapper\">\r\n        \r\n        <h1>Alb\u00e1n nyelvtan<\/h1>\r\n        <p>Az <a href=\"https:\/\/talkpal.ai\/learn-albanian\/\">alb\u00e1n<\/a> <a href=\"https:\/\/talkpal.ai\/grammar\/\">nyelvtan<\/a> els\u0151re kih\u00edv\u00e1snak t\u0171nhet, de egyedi tulajdons\u00e1gai kifizet\u0151d\u0151 \u00e9lm\u00e9nny\u00e9 teszik a nyelvtanul\u00e1st. A nyelv \u00e1b\u00e9c\u00e9j\u00e9nek, mut\u00e1ci\u00f3inak \u00e9s nyelvtani szab\u00e1lyainak felfedez\u00e9s\u00e9vel betekint\u00e9st nyerhet egy gazdag nyelvi hagyom\u00e1nyba. Induljon el utaz\u00e1s\u00e1ra, \u00e9s fedezze fel az alb\u00e1n nyelv sz\u00e9ps\u00e9g\u00e9t!<\/p>\r\n\r\n                            <a class=\"getStartedHidden\" href=\"https:\/\/app.talkpal.ai\/hu\/signup?lng=\">Kezdj\u00fck<\/a>\r\n        \r\n    <\/div>\r\n\r\n    <figure>\r\n    <img decoding=\"async\" width=\"768\" height=\"768\" src=\"https:\/\/talkpal.ai\/wp-content\/uploads\/2023\/06\/welsh-768x768.png\" class=\"languageImage no-lazy\" alt=\"Language learning for better cognitive abilities\" fetchpriority=\"high\" sizes=\"(max-width: 768px) 150px, 768px\" srcset=\"https:\/\/talkpal.ai\/wp-content\/uploads\/2023\/06\/welsh-768x768.png 768w, https:\/\/talkpal.ai\/wp-content\/uploads\/2023\/06\/welsh-300x300.png 300w\" \/>\r\n    \r\n\r\n    <\/figure>\r\n\r\n            <a class=\"getStartedVisible\" href=\"https:\/\/app.talkpal.ai\/hu\/signup?lng=\">Kezdj\u00fck<\/a>\r\n    \r\n<\/section><section class=\"promotionalBanner\">\r\n    <p class=\"promotionalText\">A nyelvtanul\u00e1s leghat\u00e9konyabb m\u00f3dja<\/p>\r\n    <a class=\"promotionalLink\" href=\"https:\/\/app.talkpal.ai\/hu\/signup?lng=\">Pr\u00f3b\u00e1lja ki a Talkpal ingyen<\/a>\r\n<\/section>\n<div class=\"wp-block-group pageContainerStyle\"><div class=\"wp-block-group__inner-container is-layout-constrained wp-block-group-is-layout-constrained\">\n<h2 class=\"wp-block-heading\" id=\"h-navigating-the-intricacies-of-albanian-grammar\">Eligazod\u00e1s az alb\u00e1n nyelvtan bonyolults\u00e1g\u00e1ban<\/h2>\n\n\n\n<p><a href=\"https:\/\/talkpal.ai\/hu\/tanulj-albanul\/\">Az alb\u00e1n,<\/a> egy indoeur\u00f3pai nyelv, amelynek k\u00fcl\u00f6n \u00e1ga \u00e9s m\u00e9ly kultur\u00e1lis gy\u00f6kerei vannak, kifizet\u0151d\u0151 utaz\u00e1st k\u00edn\u00e1l azoknak a tanul\u00f3knak, akiket vonz az egyedi nyelvtani \u00e9s hangrendszere. Az alb\u00e1n nyelv felfedez\u00e9se sor\u00e1n b\u0151v\u00edti nyelvi eszk\u00f6zt\u00e1r\u00e1t, mik\u00f6zben kapcsolatba l\u00e9p Alb\u00e1nia kult\u00far\u00e1j\u00e1val \u00e9s a t\u00e1gabb alb\u00e1n nyelvter\u00fclettel. Az alb\u00e1n nyelvtan els\u0151re bonyolultnak t\u0171nhet, de az alapvet\u0151 r\u00e9szekre bont\u00e1sa egyszer\u0171v\u00e9 teszi a halad\u00e1st. Az al\u00e1bbiakban egy f\u00f3kusz\u00e1lt \u00fatmutat\u00f3 tal\u00e1lhat\u00f3 a l\u00e9nyeghez, tippekkel, amelyek seg\u00edtenek elsaj\u00e1t\u00edtani \u0151ket.<\/p>\n\n\n\n<h3 class=\"wp-block-heading\" id=\"h-1-albanian-alphabet-and-phonetics\">1. Alb\u00e1n \u00e1b\u00e9c\u00e9 \u00e9s fonetika<\/h3>\n\n\n\n<p>Az alb\u00e1n \u00e1b\u00e9c\u00e9 36 bet\u0171b\u0151l \u00e1ll, k\u00f6zt\u00fck t\u00f6bb, amelyeket digr\u00e1fk\u00e9nt \u00edrnak, de egyetlen bet\u0171nek sz\u00e1m\u00edtanak, mint p\u00e9ld\u00e1ul dh, gj, ll, nj, rr, sh, th, xh, zh. Haszn\u00e1lja a \u00e7-t \u00e9s az \u00eb-t is, \u00e9s az y mag\u00e1nhangz\u00f3 egy k\u00f6zeli el\u00fcls\u0151 lekerek\u00edtett hangot jelent. Az r \u00e9s rr k\u00f6z\u00f6tti kontraszt \u00e9rtelmes, a q \u00e9s a gj pedig a k-t\u00f3l \u00e9s g-t\u0151l elt\u00e9r\u0151 palat\u00e1lis meg\u00e1ll\u00f3k. Kulcsfontoss\u00e1g\u00fa els\u0151 l\u00e9p\u00e9s, hogy megbar\u00e1tkozzon ezekkel a hangokkal \u00e9s bet\u0171kkel a hangos olvas\u00e1s \u00e9s a hall\u00e1s gyakorl\u00e1sa r\u00e9v\u00e9n.<\/p>\n\n\n\n<h3 class=\"wp-block-heading\" id=\"h-2-definite-articles-and-linkers-a-distinctive-albanian-feature\">2. Hat\u00e1rozott n\u00e9vel\u0151k \u00e9s linkerek: megk\u00fcl\u00f6nb\u00f6ztet\u0151 alb\u00e1n jellemz\u0151<\/h3>\n\n\n\n<p>Az alb\u00e1n nyelv egyik jellemz\u0151je a hat\u00e1rozott n\u00e9vel\u0151 ut\u00f3tag, amely a f\u0151nevekhez kapcsol\u00f3dik, \u00e9s nemenk\u00e9nt \u00e9s sz\u00e1monk\u00e9nt v\u00e1ltozik. Egy m\u00e1sik figyelemre m\u00e9lt\u00f3 jellemz\u0151 a f\u0151n\u00e9vi kifejez\u00e9sben tal\u00e1lhat\u00f3 \u00f6sszek\u00f6t\u0151 r\u00e9szecske, jellemz\u0151en i vagy e hat\u00e1rozatlanban, valamint t\u00eb vagy s\u00eb hat\u00e1rozott \u00e9s eseti kontextusban, mell\u00e9knevek \u00e9s n\u00e9h\u00e1ny m\u00f3dos\u00edt\u00f3 el\u0151tt haszn\u00e1lva. Annak meg\u00e9rt\u00e9se, hogy mikor \u00e9s hogyan jelenik meg a hat\u00e1rozotts\u00e1g \u00e9s a linker, l\u00e9tfontoss\u00e1g\u00fa a pontos alb\u00e1n kommunik\u00e1ci\u00f3hoz.<\/p>\n\n\n\n<h3 class=\"wp-block-heading\" id=\"h-3-nouns-and-pronouns-gender-and-cases\">3. F\u0151nevek \u00e9s n\u00e9vm\u00e1sok: nem \u00e9s esetek<\/h3>\n\n\n\n<p>Az alb\u00e1n f\u0151nevek nyelvtani nem\u0171ek (h\u00edmnem\u0171 vagy n\u0151nem\u0171), \u00e9s k\u00fcl\u00f6nb\u00f6z\u0151 t\u00f6bbes sz\u00e1m form\u00e1z\u00e1si mint\u00e1kat k\u00f6vetnek. A nyelv a f\u0151n\u00e9vi kifejez\u00e9sben jel\u00f6li a kis- \u00e9s nagybet\u0171k kapcsolatait, hagyom\u00e1nyosan \u00f6t esetet a standard nyelvben. A n\u00e9vm\u00e1sok k\u00f6z\u00e9 tartoznak a szem\u00e9lyes, birtokos, reflex\u00edv, demonstrat\u00edv \u00e9s k\u00e9rd\u0151 form\u00e1k, valamint az ig\u00e9hez kapcsol\u00f3d\u00f3 t\u00e1rgyklitika. Ezeknek a n\u00e9vm\u00e1soknak \u00e9s elhelyez\u00e9s\u00fcknek a megismer\u00e9se jelent\u0151sen jav\u00edtja az alb\u00e1n nyelvtan meg\u00e9rt\u00e9s\u00e9t.<\/p>\n\n\n\n<h3 class=\"wp-block-heading\" id=\"h-4-verbs-structure-and-conjugation\">4. Ig\u00e9k: szerkezet \u00e9s ragoz\u00e1s<\/h3>\n\n\n\n<p>Az alb\u00e1n ig\u00e9k elt\u00e9r\u0151 szerkezetet \u00e9s ragoz\u00e1si mint\u00e1t k\u00f6vetnek az igeid\u0151t\u0151l, a hangulatt\u00f3l \u00e9s a szem\u00e9lyt\u0151l f\u00fcgg\u0151en. Az esszenci\u00e1lis igeid\u0151k k\u00f6z\u00e9 tartozik a jelen, az <a href=\"https:\/\/talkpal.ai\/hu\/grammar\/egyszeru-mult-az-angol-nyelvtanban\/\">egyszer\u0171 m\u00falt<\/a>, a t\u00f6k\u00e9letlen \u00e9s az \u00f6sszetett t\u00f6k\u00e9letes, valamint a do t\u00eb \u00e9s a k\u00f6t\u0151sz\u00f3 \u00e1ltal alkotott j\u00f6v\u0151. Az alb\u00e1n nyelv sz\u00e9les k\u00f6rben haszn\u00e1lja a k\u00f6t\u0151sz\u00f3t is, \u00e9s mag\u00e1ban foglalja a felt\u00e9teles \u00e9s felsz\u00f3l\u00edt\u00f3 hangulatokat. A gyakori ig\u00e9k ragoz\u00e1si szab\u00e1lyainak elsaj\u00e1t\u00edt\u00e1sa jav\u00edtja az alb\u00e1n nyelven val\u00f3 hat\u00e9kony kommunik\u00e1ci\u00f3 k\u00e9pess\u00e9g\u00e9t.<\/p>\n\n\n\n<h3 class=\"wp-block-heading\" id=\"h-5-adjectives-agreement-and-placement\">5. Mell\u00e9knevek: meg\u00e1llapod\u00e1s \u00e9s elhelyez\u00e9s<\/h3>\n\n\n\n<p>Az alb\u00e1n nyelvtanban a mell\u00e9knevek jellemz\u0151en k\u00f6vetik az \u00e1ltaluk m\u00f3dos\u00edtott f\u0151nevet, \u00e9s egy \u00f6sszek\u00f6t\u0151 r\u00e9szecsk\u00e9n kereszt\u00fcl egyeznek meg, amely a nemet \u00e9s a sz\u00e1mot mutatja. Egyes mell\u00e9knevek szab\u00e1lytalan \u00f6sszehasonl\u00edt\u00f3 \u00e9s szuperlat\u00edvusz\u00fa mint\u00e1zattal rendelkeznek, \u00e9s az \u00f6sszehasonl\u00edt\u00f3 \u00e9rt\u00e9kek gyakran haszn\u00e1lj\u00e1k a m\u00eb-t \u00e9s a mell\u00e9knevet, m\u00edg a szuperlat\u00edvuszok az egyet\u00e9rt\u0151 n\u00e9vel\u0151t adj\u00e1k hozz\u00e1. A meg\u00e1llapod\u00e1s \u00e9s az elhelyez\u00e9s elsaj\u00e1t\u00edt\u00e1sa seg\u00edt a term\u00e9szetesnek t\u0171nni.<\/p>\n\n\n\n<p><strong>P\u00e9ld\u00e1k:<\/strong><\/p>\n\n\n\n<p><strong>\u2013 Dashuri e Madhe (Nagy szerelem)<\/strong><\/p>\n\n\n\n<p><strong>\u2013 f\u00ebmij\u00eb t\u00eb vegj\u00ebl (kisgyermekek)<\/strong><\/p>\n\n\n\n<h3 class=\"wp-block-heading\" id=\"h-6-engaging-with-the-language\">6. A nyelv haszn\u00e1lata<\/h3>\n\n\n\n<p>Az alb\u00e1n nyelvtan teljes meg\u00e9rt\u00e9s\u00e9nek \u00e9s internaliz\u00e1l\u00e1s\u00e1nak leghat\u00e9konyabb m\u00f3dja a nyelv k\u00f6vetkezetes kezel\u00e9se. Az alb\u00e1n irodalom olvas\u00e1s\u00e1val, alb\u00e1n filmek vagy telev\u00edzi\u00f3s sorozatok n\u00e9z\u00e9s\u00e9vel, h\u00edrek \u00e9s podcastok k\u00f6vet\u00e9s\u00e9vel, valamint az anyanyelvi besz\u00e9l\u0151kkel val\u00f3 akt\u00edv kommunik\u00e1ci\u00f3val meger\u0151s\u00edti nyelvtani meg\u00e9rt\u00e9s\u00e9t, mik\u00f6zben b\u0151v\u00edti sz\u00f3kincs\u00e9t.<\/p>\n\n\n\n<h3 class=\"wp-block-heading\" id=\"h-conclusion\">K\u00f6vetkeztet\u00e9s<\/h3>\n\n\n\n<p>B\u00e1r az alb\u00e1n nyelvtan bonyolultnak t\u0171nhet, odaad\u00e1ssal, gyakorl\u00e1ssal \u00e9s lelkesed\u00e9ssel j\u00e1rtass\u00e1 v\u00e1lhat ebben a gy\u00f6ny\u00f6r\u0171 nyelvben. Ha az alapvet\u0151 szab\u00e1lyokra \u00f6sszpontos\u00edt, \u00e9s k\u00fcl\u00f6nb\u00f6z\u0151 kontextusokban foglalkozik a nyelvvel, gyorsan fejlesztheti alb\u00e1n <a href=\"https:\/\/talkpal.ai\/hu\/nyelvtan\/\">nyelvtani k\u00e9szs\u00e9geit<\/a>. Suksese az alb\u00e1n nyelvi utaz\u00e1ssal, \u00e9s \u00e9lvezze az alb\u00e1n nyelvtan kifejez\u0151 \u00e9s mag\u00e1val ragad\u00f3 vil\u00e1g\u00e1nak felt\u00e1r\u00e1s\u00e1t.<\/p>\n<\/div><\/div>\n\r\n<section class=\"learnNavigationSection\">\r\n            \r\n        <a href=\"https:\/\/talkpal.ai\/hu\/tanulj-albanul\/\">\r\n            <div class=\"learnNavigationWrapper\">\r\n                <div class=\"learnNavigationContent\">\r\n                    <img decoding=\"async\" src=\"https:\/\/talkpal.ai\/wp-content\/uploads\/2025\/11\/Albanian.png\" alt=\"Albanian Flag\">\r\n                    <div>\r\n                        <h4>Az alb\u00e1n tanul\u00e1sr\u00f3l<\/h4>\r\n                        <p>Tudjon meg mindent az alb\u00e1n nyelvtanr\u00f3l.<\/p>\r\n                    <\/div>\r\n                <\/div>\r\n            <\/div>\r\n        <\/a>\r\n\r\n        \r\n        <a href=\"https:\/\/talkpal.ai\/hu\/alban-nyelvtani-gyakorlatok\/\">\r\n            <div class=\"learnNavigationWrapper\">\r\n                <div class=\"learnNavigationContent\">\r\n                    <img decoding=\"async\" src=\"https:\/\/talkpal.ai\/wp-content\/uploads\/2025\/11\/Albanian.png\" alt=\"Albanian Flag\">\r\n                    <div>\r\n                        <h4>Alb\u00e1n nyelvtani gyakorlat<\/h4>\r\n                        <p>Gyakorolja az alb\u00e1n nyelvtant.<\/p>\r\n                    <\/div>\r\n                <\/div>\r\n            <\/div>\r\n        <\/a>\r\n\r\n            <\/section>","protected":false},"excerpt":{"rendered":"<p>Eligazod\u00e1s az alb\u00e1n nyelvtan bonyolults\u00e1g\u00e1ban Az alb\u00e1n, egy indoeur\u00f3pai nyelv, amelynek k\u00fcl\u00f6n \u00e1ga \u00e9s m\u00e9ly kultur\u00e1lis gy\u00f6kerei vannak, kifizet\u0151d\u0151 utaz\u00e1st k\u00edn\u00e1l azoknak a tanul\u00f3knak, akiket vonz az egyedi nyelvtani \u00e9s hangrendszere. Az alb\u00e1n nyelv felfedez\u00e9se sor\u00e1n b\u0151v\u00edti nyelvi eszk\u00f6zt\u00e1r\u00e1t, mik\u00f6zben kapcsolatba l\u00e9p Alb\u00e1nia kult\u00far\u00e1j\u00e1val \u00e9s a t\u00e1gabb alb\u00e1n nyelvter\u00fclettel. Az alb\u00e1n nyelvtan els\u0151re bonyolultnak t\u0171nhet, [&hellip;]<\/p>\n","protected":false},"author":20,"featured_media":0,"parent":0,"menu_order":0,"comment_status":"closed","ping_status":"closed","template":"LearningContentPage.php","meta":{"_acf_changed":false,"footnotes":""},"class_list":["post-1475373","page","type-page","status-publish","hentry"],"acf":[],"yoast_head":"<!-- This site is optimized with the Yoast SEO Premium plugin v27.2 (Yoast SEO v27.2) - https:\/\/yoast.com\/product\/yoast-seo-premium-wordpress\/ -->\n<title>Alb\u00e1n nyelvtan - Talkpal<\/title>\n<meta name=\"description\" content=\"A Talkpal interakt\u00edv mesters\u00e9ges intelligencia nyelvtanul\u00e1si \u00fatmutat\u00f3j\u00e1val elsaj\u00e1t\u00edthatja az alb\u00e1n nyelvtan alapvet\u0151 elemeit, bele\u00e9rtve az eseteket \u00e9s az ig\u00e9ket.\" \/>\n<meta name=\"robots\" content=\"index, follow, max-snippet:-1, max-image-preview:large, max-video-preview:-1\" \/>\n<link rel=\"canonical\" href=\"https:\/\/talkpal.ai\/hu\/alban-nyelvtan\/\" \/>\n<meta property=\"og:locale\" content=\"hu_HU\" \/>\n<meta property=\"og:type\" content=\"article\" \/>\n<meta property=\"og:title\" content=\"Alb\u00e1n nyelvtan\" \/>\n<meta property=\"og:description\" content=\"Eligazod\u00e1s az alb\u00e1n nyelvtan bonyolults\u00e1g\u00e1ban Az alb\u00e1n, egy indoeur\u00f3pai nyelv, amelynek k\u00fcl\u00f6n \u00e1ga \u00e9s m\u00e9ly kultur\u00e1lis gy\u00f6kerei vannak, kifizet\u0151d\u0151 utaz\u00e1st\" \/>\n<meta property=\"og:url\" content=\"https:\/\/talkpal.ai\/hu\/alban-nyelvtan\/\" \/>\n<meta property=\"og:site_name\" content=\"Talkpal\" \/>\n<meta property=\"article:publisher\" content=\"https:\/\/www.facebook.com\/profile.php?id=100090733639311\" \/>\n<meta property=\"article:modified_time\" content=\"2025-12-30T15:37:30+00:00\" \/>\n<meta property=\"og:image\" content=\"https:\/\/talkpal.ai\/wp-content\/uploads\/2025\/02\/Progress-tab-16_9.png\" \/>\n\t<meta property=\"og:image:width\" content=\"2880\" \/>\n\t<meta property=\"og:image:height\" content=\"1620\" \/>\n\t<meta property=\"og:image:type\" content=\"image\/png\" \/>\n<meta name=\"twitter:card\" content=\"summary_large_image\" \/>\n<meta name=\"twitter:site\" content=\"@talkpalai\" \/>\n<meta name=\"twitter:label1\" content=\"Becs\u00fclt olvas\u00e1si id\u0151\" \/>\n\t<meta name=\"twitter:data1\" content=\"4 perc\" \/>\n<script type=\"application\/ld+json\" class=\"yoast-schema-graph\">{\"@context\":\"https:\/\/schema.org\",\"@graph\":[{\"@type\":\"WebPage\",\"@id\":\"https:\/\/talkpal.ai\/hu\/alban-nyelvtan\/\",\"url\":\"https:\/\/talkpal.ai\/hu\/alban-nyelvtan\/\",\"name\":\"Alb\u00e1n nyelvtan - Talkpal\",\"isPartOf\":{\"@id\":\"https:\/\/talkpal.ai\/hu\/#website\"},\"datePublished\":\"2025-11-11T12:01:19+00:00\",\"dateModified\":\"2025-12-30T15:37:30+00:00\",\"description\":\"A Talkpal interakt\u00edv mesters\u00e9ges intelligencia nyelvtanul\u00e1si \u00fatmutat\u00f3j\u00e1val elsaj\u00e1t\u00edthatja az alb\u00e1n nyelvtan alapvet\u0151 elemeit, bele\u00e9rtve az eseteket \u00e9s az ig\u00e9ket.\",\"breadcrumb\":{\"@id\":\"https:\/\/talkpal.ai\/hu\/alban-nyelvtan\/#breadcrumb\"},\"inLanguage\":\"hu\",\"potentialAction\":[{\"@type\":\"ReadAction\",\"target\":[\"https:\/\/talkpal.ai\/hu\/alban-nyelvtan\/\"]}]},{\"@type\":\"BreadcrumbList\",\"@id\":\"https:\/\/talkpal.ai\/hu\/alban-nyelvtan\/#breadcrumb\",\"itemListElement\":[{\"@type\":\"ListItem\",\"position\":1,\"name\":\"Homepage\",\"item\":\"https:\/\/talkpal.ai\/hu\/\"},{\"@type\":\"ListItem\",\"position\":2,\"name\":\"Alb\u00e1n nyelvtan\"}]},{\"@type\":\"WebSite\",\"@id\":\"https:\/\/talkpal.ai\/hu\/#website\",\"url\":\"https:\/\/talkpal.ai\/hu\/\",\"name\":\"Talkpal\",\"description\":\"AI Language Learning\",\"publisher\":{\"@id\":\"https:\/\/talkpal.ai\/hu\/#organization\"},\"alternateName\":\"Talkpal AI\",\"potentialAction\":[{\"@type\":\"SearchAction\",\"target\":{\"@type\":\"EntryPoint\",\"urlTemplate\":\"https:\/\/talkpal.ai\/hu\/?s={search_term_string}\"},\"query-input\":{\"@type\":\"PropertyValueSpecification\",\"valueRequired\":true,\"valueName\":\"search_term_string\"}}],\"inLanguage\":\"hu\"},{\"@type\":\"Organization\",\"@id\":\"https:\/\/talkpal.ai\/hu\/#organization\",\"name\":\"Talkpal, Inc.\",\"alternateName\":\"Talkpal AI\",\"url\":\"https:\/\/talkpal.ai\/hu\/\",\"logo\":{\"@type\":\"ImageObject\",\"inLanguage\":\"hu\",\"@id\":\"https:\/\/talkpal.ai\/hu\/#\/schema\/logo\/image\/\",\"url\":\"https:\/\/talkpal.ai\/wp-content\/uploads\/2024\/03\/Talkpal-Logo-Icon.png\",\"contentUrl\":\"https:\/\/talkpal.ai\/wp-content\/uploads\/2024\/03\/Talkpal-Logo-Icon.png\",\"width\":2880,\"height\":2880,\"caption\":\"Talkpal, Inc.\"},\"image\":{\"@id\":\"https:\/\/talkpal.ai\/hu\/#\/schema\/logo\/image\/\"},\"sameAs\":[\"https:\/\/www.facebook.com\/profile.php?id=100090733639311\",\"https:\/\/x.com\/talkpalai\",\"https:\/\/www.linkedin.com\/company\/talkpal\/\",\"https:\/\/www.youtube.com\/@TalkPal\/\",\"https:\/\/www.tiktok.com\/@talkpal\",\"https:\/\/www.instagram.com\/talkpal_ai\/\",\"https:\/\/www.crunchbase.com\/organization\/talkpal-9cde\",\"https:\/\/www.g2.com\/products\/talkpal-for-business\/\",\"https:\/\/www.trustpilot.com\/review\/talkpal.ai\",\"https:\/\/www.capterra.com\/p\/10006800\/TalkPal\/\"],\"description\":\"Talkpal is a language learning web and mobile education app, powered by the latest AI technologies, that provides engaging experiences to its customers in many different languages to help them improve their language skills. Users can chat about unlimited amount of topics with the app and use other modes to practice their language learning.\",\"email\":\"support@talkpal.ai\",\"legalName\":\"Talkpal, Inc.\",\"foundingDate\":\"2023-04-03\",\"duns\":\"118989042\",\"numberOfEmployees\":{\"@type\":\"QuantitativeValue\",\"minValue\":\"11\",\"maxValue\":\"50\"},\"publishingPrinciples\":\"https:\/\/talkpal.ai\/publishing-principles\/\",\"actionableFeedbackPolicy\":\"https:\/\/talkpal.ai\/actionable-feedback-policy\/\",\"correctionsPolicy\":\"https:\/\/talkpal.ai\/corrections-policy\/\",\"ethicsPolicy\":\"https:\/\/talkpal.ai\/ethics-policy\/\",\"diversityPolicy\":\"https:\/\/talkpal.ai\/diversity-policy\/\",\"diversityStaffingReport\":\"https:\/\/talkpal.ai\/diversity-policy\/\"}]}<\/script>\n<!-- \/ Yoast SEO Premium plugin. -->","yoast_head_json":{"title":"Alb\u00e1n nyelvtan - Talkpal","description":"A Talkpal interakt\u00edv mesters\u00e9ges intelligencia nyelvtanul\u00e1si \u00fatmutat\u00f3j\u00e1val elsaj\u00e1t\u00edthatja az alb\u00e1n nyelvtan alapvet\u0151 elemeit, bele\u00e9rtve az eseteket \u00e9s az ig\u00e9ket.","robots":{"index":"index","follow":"follow","max-snippet":"max-snippet:-1","max-image-preview":"max-image-preview:large","max-video-preview":"max-video-preview:-1"},"canonical":"https:\/\/talkpal.ai\/hu\/alban-nyelvtan\/","og_locale":"hu_HU","og_type":"article","og_title":"Alb\u00e1n nyelvtan","og_description":"Eligazod\u00e1s az alb\u00e1n nyelvtan bonyolults\u00e1g\u00e1ban Az alb\u00e1n, egy indoeur\u00f3pai nyelv, amelynek k\u00fcl\u00f6n \u00e1ga \u00e9s m\u00e9ly kultur\u00e1lis gy\u00f6kerei vannak, kifizet\u0151d\u0151 utaz\u00e1st","og_url":"https:\/\/talkpal.ai\/hu\/alban-nyelvtan\/","og_site_name":"Talkpal","article_publisher":"https:\/\/www.facebook.com\/profile.php?id=100090733639311","article_modified_time":"2025-12-30T15:37:30+00:00","og_image":[{"width":2880,"height":1620,"url":"https:\/\/talkpal.ai\/wp-content\/uploads\/2025\/02\/Progress-tab-16_9.png","type":"image\/png"}],"twitter_card":"summary_large_image","twitter_site":"@talkpalai","twitter_misc":{"Becs\u00fclt olvas\u00e1si id\u0151":"4 perc"},"schema":{"@context":"https:\/\/schema.org","@graph":[{"@type":"WebPage","@id":"https:\/\/talkpal.ai\/hu\/alban-nyelvtan\/","url":"https:\/\/talkpal.ai\/hu\/alban-nyelvtan\/","name":"Alb\u00e1n nyelvtan - Talkpal","isPartOf":{"@id":"https:\/\/talkpal.ai\/hu\/#website"},"datePublished":"2025-11-11T12:01:19+00:00","dateModified":"2025-12-30T15:37:30+00:00","description":"A Talkpal interakt\u00edv mesters\u00e9ges intelligencia nyelvtanul\u00e1si \u00fatmutat\u00f3j\u00e1val elsaj\u00e1t\u00edthatja az alb\u00e1n nyelvtan alapvet\u0151 elemeit, bele\u00e9rtve az eseteket \u00e9s az ig\u00e9ket.","breadcrumb":{"@id":"https:\/\/talkpal.ai\/hu\/alban-nyelvtan\/#breadcrumb"},"inLanguage":"hu","potentialAction":[{"@type":"ReadAction","target":["https:\/\/talkpal.ai\/hu\/alban-nyelvtan\/"]}]},{"@type":"BreadcrumbList","@id":"https:\/\/talkpal.ai\/hu\/alban-nyelvtan\/#breadcrumb","itemListElement":[{"@type":"ListItem","position":1,"name":"Homepage","item":"https:\/\/talkpal.ai\/hu\/"},{"@type":"ListItem","position":2,"name":"Alb\u00e1n nyelvtan"}]},{"@type":"WebSite","@id":"https:\/\/talkpal.ai\/hu\/#website","url":"https:\/\/talkpal.ai\/hu\/","name":"Talkpal","description":"AI Language Learning","publisher":{"@id":"https:\/\/talkpal.ai\/hu\/#organization"},"alternateName":"Talkpal AI","potentialAction":[{"@type":"SearchAction","target":{"@type":"EntryPoint","urlTemplate":"https:\/\/talkpal.ai\/hu\/?s={search_term_string}"},"query-input":{"@type":"PropertyValueSpecification","valueRequired":true,"valueName":"search_term_string"}}],"inLanguage":"hu"},{"@type":"Organization","@id":"https:\/\/talkpal.ai\/hu\/#organization","name":"Talkpal, Inc.","alternateName":"Talkpal AI","url":"https:\/\/talkpal.ai\/hu\/","logo":{"@type":"ImageObject","inLanguage":"hu","@id":"https:\/\/talkpal.ai\/hu\/#\/schema\/logo\/image\/","url":"https:\/\/talkpal.ai\/wp-content\/uploads\/2024\/03\/Talkpal-Logo-Icon.png","contentUrl":"https:\/\/talkpal.ai\/wp-content\/uploads\/2024\/03\/Talkpal-Logo-Icon.png","width":2880,"height":2880,"caption":"Talkpal, Inc."},"image":{"@id":"https:\/\/talkpal.ai\/hu\/#\/schema\/logo\/image\/"},"sameAs":["https:\/\/www.facebook.com\/profile.php?id=100090733639311","https:\/\/x.com\/talkpalai","https:\/\/www.linkedin.com\/company\/talkpal\/","https:\/\/www.youtube.com\/@TalkPal\/","https:\/\/www.tiktok.com\/@talkpal","https:\/\/www.instagram.com\/talkpal_ai\/","https:\/\/www.crunchbase.com\/organization\/talkpal-9cde","https:\/\/www.g2.com\/products\/talkpal-for-business\/","https:\/\/www.trustpilot.com\/review\/talkpal.ai","https:\/\/www.capterra.com\/p\/10006800\/TalkPal\/"],"description":"Talkpal is a language learning web and mobile education app, powered by the latest AI technologies, that provides engaging experiences to its customers in many different languages to help them improve their language skills. Users can chat about unlimited amount of topics with the app and use other modes to practice their language learning.","email":"support@talkpal.ai","legalName":"Talkpal, Inc.","foundingDate":"2023-04-03","duns":"118989042","numberOfEmployees":{"@type":"QuantitativeValue","minValue":"11","maxValue":"50"},"publishingPrinciples":"https:\/\/talkpal.ai\/publishing-principles\/","actionableFeedbackPolicy":"https:\/\/talkpal.ai\/actionable-feedback-policy\/","correctionsPolicy":"https:\/\/talkpal.ai\/corrections-policy\/","ethicsPolicy":"https:\/\/talkpal.ai\/ethics-policy\/","diversityPolicy":"https:\/\/talkpal.ai\/diversity-policy\/","diversityStaffingReport":"https:\/\/talkpal.ai\/diversity-policy\/"}]}},"_links":{"self":[{"href":"https:\/\/talkpal.ai\/hu\/wp-json\/wp\/v2\/pages\/1475373","targetHints":{"allow":["GET"]}}],"collection":[{"href":"https:\/\/talkpal.ai\/hu\/wp-json\/wp\/v2\/pages"}],"about":[{"href":"https:\/\/talkpal.ai\/hu\/wp-json\/wp\/v2\/types\/page"}],"author":[{"embeddable":true,"href":"https:\/\/talkpal.ai\/hu\/wp-json\/wp\/v2\/users\/20"}],"replies":[{"embeddable":true,"href":"https:\/\/talkpal.ai\/hu\/wp-json\/wp\/v2\/comments?post=1475373"}],"version-history":[{"count":0,"href":"https:\/\/talkpal.ai\/hu\/wp-json\/wp\/v2\/pages\/1475373\/revisions"}],"wp:attachment":[{"href":"https:\/\/talkpal.ai\/hu\/wp-json\/wp\/v2\/media?parent=1475373"}],"curies":[{"name":"wp","href":"https:\/\/api.w.org\/{rel}","templated":true}]}}