{"id":1475360,"date":"2025-11-11T16:21:06","date_gmt":"2025-11-11T16:21:06","guid":{"rendered":"https:\/\/talkpal.ai\/burmai-nyelvtani-gyakorlatok\/"},"modified":"2025-12-30T15:04:41","modified_gmt":"2025-12-30T15:04:41","slug":"burmai-nyelvtani-gyakorlatok","status":"publish","type":"page","link":"https:\/\/talkpal.ai\/hu\/burmai-nyelvtani-gyakorlatok\/","title":{"rendered":"Burmai nyelvtani gyakorlatok"},"content":{"rendered":"\r\n\r\n\r\n<section class=\"languageChallengeSection\">\r\n    <div class=\"languageInfoWrapper\">\r\n        \r\n        <h1>Burmai nyelvtani gyakorlatok<\/h1>\r\n        <p>K\u00e9szen \u00e1llsz arra, hogy belemer\u00fclj a <a href=\"https:\/\/talkpal.ai\/learn-burmese\/\">burmai<\/a> nyelvtanba? N\u00e9h\u00e1ny alapismeret begyakorl\u00e1sa seg\u00edt abban, hogy elsaj\u00e1t\u00edtsd ezt az egyed\u00fcl\u00e1ll\u00f3 \u00e9s gy\u00f6ny\u00f6r\u0171 nyelvet. Pr\u00f3b\u00e1ld ki ezeket a gyakorlatokat, hogy n\u00f6veld az \u00f6nbizalmadat, \u00e9s k\u00f6zben j\u00f3l \u00e9rezd magad!<\/p>\r\n\r\n                            <a class=\"getStartedHidden\" href=\"https:\/\/app.talkpal.ai\/hu\/signup?lng=\">Kezdj\u00fck<\/a>\r\n        \r\n    <\/div>\r\n\r\n    <figure>\r\n    <img decoding=\"async\" width=\"768\" height=\"768\" src=\"https:\/\/talkpal.ai\/wp-content\/uploads\/2023\/06\/welsh-768x768.png\" class=\"languageImage no-lazy\" alt=\"Language learning for better cognitive abilities\" fetchpriority=\"high\" sizes=\"(max-width: 768px) 150px, 768px\" srcset=\"https:\/\/talkpal.ai\/wp-content\/uploads\/2023\/06\/welsh-768x768.png 768w, https:\/\/talkpal.ai\/wp-content\/uploads\/2023\/06\/welsh-300x300.png 300w\" \/>\r\n    \r\n\r\n    <\/figure>\r\n\r\n            <a class=\"getStartedVisible\" href=\"https:\/\/app.talkpal.ai\/hu\/signup?lng=\">Kezdj\u00fck<\/a>\r\n    \r\n<\/section><section class=\"promotionalBanner\">\r\n    <p class=\"promotionalText\">A nyelvtanul\u00e1s leghat\u00e9konyabb m\u00f3dja<\/p>\r\n    <a class=\"promotionalLink\" href=\"https:\/\/app.talkpal.ai\/hu\/signup?lng=\">Pr\u00f3b\u00e1lja ki a Talkpal ingyen<\/a>\r\n<\/section>\n<div class=\"wp-block-group pageContainerStyle\"><div class=\"wp-block-group__inner-container is-layout-constrained wp-block-group-is-layout-constrained\">\n<h2 class=\"wp-block-heading\" id=\"h-burmese-grammar-topics\">Burmai nyelvtani t\u00e9m\u00e1k<\/h2>\n\n\n\n<p><a href=\"https:\/\/talkpal.ai\/hu\/a-legnagyobb-hibak-amelyeket-el-kell-kerulni-ha-uj-nyelvet-tanulunk\/\">Egy \u00faj nyelv elsaj\u00e1t\u00edt\u00e1sa<\/a> kih\u00edv\u00e1st jelent\u0151, de kifizet\u0151d\u0151 v\u00e1llalkoz\u00e1s lehet. Ez al\u00f3l a <a href=\"https:\/\/talkpal.ai\/learn-burmese\/\">burmai<\/a>, egy <a href=\"https:\/\/talkpal.ai\/learn-chinese\/\">k\u00ednai<\/a>-tibeti nyelv, amelyet f\u0151k\u00e9nt Mianmarban besz\u00e9lnek, sem kiv\u00e9tel. Egyedi tulajdons\u00e1gaival \u00e9s szerkezet\u00e9vel a burmai <a href=\"https:\/\/talkpal.ai\/hu\/talkpal-for-education\/\">nyelv tanul\u00e1sa<\/a> szisztematikus megk\u00f6zel\u00edt\u00e9st ig\u00e9nyel a <a href=\"https:\/\/talkpal.ai\/grammar\/\">nyelvtan<\/a> meg\u00e9rt\u00e9s\u00e9hez. <a href=\"https:\/\/talkpal.ai\/culture\/how-do-you-use-the-demonstrative-pronouns-ez-and-az\/\">Ez az<\/a> \u00fatmutat\u00f3 a <a href=\"https:\/\/talkpal.ai\/hu\/burmai-nyelvtan\/\">burmai nyelvtan<\/a> kulcsfontoss\u00e1g\u00fa ter\u00fcleteit v\u00e1zolja fel logikus sorrendben a <a href=\"https:\/\/talkpal.ai\/hu\/ai-chatbot-a-nyelvtanulashoz\/\">nyelvtanul\u00e1shoz<\/a>, kezdve az alapokt\u00f3l, p\u00e9ld\u00e1ul a f\u0151nevekt\u0151l \u00e9s a n\u00e9vel\u0151kt\u0151l, \u00e9s tov\u00e1bbhaladva az \u00f6sszetettebb ter\u00fcletekig, mint p\u00e9ld\u00e1ul az igeid\u0151k \u00e9s a mondat\u00e9p\u00edt\u00e9s.<\/p>\n\n\n\n<h3 class=\"wp-block-heading\" id=\"h-1-nouns\">1. F\u0151nevek:<\/h3>\n\n\n\n<p>Kezdje burmai nyelvi \u00fatj\u00e1t a f\u0151nevek elsaj\u00e1t\u00edt\u00e1s\u00e1val. Ez mag\u00e1ban foglalja a k\u00f6z- \u00e9s tulajdonnevek meg\u00e9rt\u00e9s\u00e9t, azt, hogy a t\u00f6bbes sz\u00e1mot hogyan jel\u00f6lik jel\u00f6l\u0151kkel a k\u00f6telez\u0151 ragoz\u00e1s helyett, \u00e9s hogyan p\u00e1rosulnak az oszt\u00e1lyoz\u00f3k sz\u00e1mokkal.<\/p>\n\n\n\n<h3 class=\"wp-block-heading\" id=\"h-2-articles\">2. Cikkek:<\/h3>\n\n\n\n<p>A burmai nyelv\u0171 cikkeket m\u00e1sk\u00e9pp haszn\u00e1lj\u00e1k, mint <a href=\"https:\/\/talkpal.ai\/ai-english-speaking-practice\/\">az angolt<\/a>. A burmai nyelvnek nincsenek hat\u00e1rozott \u00e9s hat\u00e1rozatlan n\u00e9vel\u0151i, \u00edgy a hat\u00e1rozotts\u00e1got a kontextus vagy a demonstrat\u00edvumok mutatj\u00e1k, \u00e9s a hat\u00e1rozatlan jelent\u00e9st gyakran egy vagy m\u00e1sik sz\u00e1m sz\u00f3csk\u00e1val k\u00f6zvet\u00edtik.<\/p>\n\n\n\n<h3 class=\"wp-block-heading\" id=\"h-3-adjectives\">3. Mell\u00e9knevek:<\/h3>\n\n\n\n<p>A burmai mell\u00e9knevek m\u00e1sk\u00e9pp hatnak a f\u0151nevekre, mint az <a href=\"https:\/\/talkpal.ai\/locations\/language-courses-in-angol\/\">angol<\/a>. Gyakran stat\u00edv igek\u00e9nt m\u0171k\u00f6dnek, \u00e9s \u00e1ltal\u00e1ban a f\u0151n\u00e9v ut\u00e1n jelennek meg a k\u00f6znyelvben, vagy a f\u0151n\u00e9v el\u0151tt attrib\u00fatum jel\u00f6l\u0151vel form\u00e1lisabb st\u00edlusokban, \u00e9s azt is megtanulja, hogyan kell \u00f6sszehasonl\u00edt\u00f3 szavakat alkotni a fokszavakkal \u00e9s a mint jel\u00f6l\u0151j\u00e9vel, valamint a szuperlat\u00edvuszokat dedik\u00e1lt form\u00e1kkal.<\/p>\n\n\n\n<h3 class=\"wp-block-heading\" id=\"h-4-pronouns-determiners\">4. N\u00e9vm\u00e1sok\/determin\u00e1nsok:<\/h3>\n\n\n\n<p>A n\u00e9vszavak \u00e9s a determin\u00e1nsok elengedhetetlenek a burmai nyelvben; Az udvariass\u00e1g \u00e9s a formalit\u00e1s szintj\u00e9t t\u00fckr\u00f6zik, \u00e9s helyettes\u00edthetik a f\u0151neveket, vagy meghat\u00e1rozhatj\u00e1k \u0151ket ilyen \u00e9s olyan demonstrat\u00edvumokkal, a mennyis\u00e9get sz\u00e1mokkal \u00e9s oszt\u00e1lyoz\u00f3kkal, a birtokl\u00e1st birtokos r\u00e9szecsk\u00e9kkel.<\/p>\n\n\n\n<h3 class=\"wp-block-heading\" id=\"h-5-verbs\">5. Ig\u00e9k:<\/h3>\n\n\n\n<p>A burmai ig\u00e9k nem ragoznak szem\u00e9lyt vagy sz\u00e1mot. Ehelyett az igeid\u0151t, az aspektust, a hangulatot, a polarit\u00e1st \u00e9s az udvariass\u00e1got jel\u00f6l\u0151kkel \u00e9s mondatz\u00e1r\u00f3 r\u00e9szecsk\u00e9kkel fejezz\u00fck ki, ez\u00e9rt kezdj\u00fck az alapvet\u0151 ig\u00e9t\u00f6vekkel \u00e9s a mindennapi besz\u00e9dben haszn\u00e1lt alapvet\u0151 r\u00e9szecsk\u00e9kkel.<\/p>\n\n\n\n<h3 class=\"wp-block-heading\" id=\"h-6-tenses\">6. Igeid\u0151k:<\/h3>\n\n\n\n<p>Az igemint\u00e1k elsaj\u00e1t\u00edt\u00e1sa ut\u00e1n m\u00e9lyedjen el m\u00e9lyebben abban, hogy a burmai hogyan kezeli az igeid\u0151t \u00e9s az aspektust. A burmai nyelv aspektu\u00e1lis jelz\u0151kre \u00e9s mondatz\u00e1r\u00f3 r\u00e9szecsk\u00e9kre t\u00e1maszkodik a jelen, a m\u00falt, a j\u00f6v\u0151, a befejez\u00e9s \u00e9s a sz\u00e1nd\u00e9k megk\u00fcl\u00f6nb\u00f6ztet\u00e9s\u00e9re, gyakran id\u0151kifejez\u00e9sekkel kombin\u00e1lva.<\/p>\n\n\n\n<h3 class=\"wp-block-heading\" id=\"h-7-tense-comparison\">7. Fesz\u00fclt \u00f6sszehasonl\u00edt\u00e1s:<\/h3>\n\n\n\n<p>Az igeid\u0151 \u00e9s az aspektus \u00f6sszehasonl\u00edt\u00e1sa <a href=\"https:\/\/talkpal.ai\/hu\/tanulj-burmai-nyelven\/\">burmai nyelven<\/a> seg\u00edt meg\u00e9rteni az esem\u00e9nyek sorrendj\u00e9t \u00e9s term\u00e9szet\u00e9t. Hasonl\u00edtsd \u00f6ssze ugyanazt az ig\u00e9t k\u00fcl\u00f6nb\u00f6z\u0151 r\u00e9szecsk\u00e9kkel \u00e9s id\u0151kifejez\u00e9sekkel, hogy l\u00e1ssuk, hogyan fejez\u0151dnek ki a folyamatos, befejezett, megszokott \u00e9s sz\u00e1nd\u00e9kolt cselekedetek.<\/p>\n\n\n\n<h3 class=\"wp-block-heading\" id=\"h-8-progressive\">8. Progressz\u00edv:<\/h3>\n\n\n\n<p>A burmai progressz\u00edv kifejez\u00e9st a folyamatban l\u00e9v\u0151 cselekv\u00e9sek kifejez\u00e9s\u00e9re haszn\u00e1lj\u00e1k. Az ig\u00e9hez csatolt progressz\u00edv jel\u00f6l\u0151vel <a href=\"https:\/\/talkpal.ai\/locations\/language-courses-in-van\/\">van<\/a> kialak\u00edtva, \u00e9s megfelel\u0151 mondatz\u00e1r\u00f3 r\u00e9szecsk\u00e9vel eg\u00e9sz\u00edtik ki.<\/p>\n\n\n\n<h3 class=\"wp-block-heading\" id=\"h-9-perfect-progressive\">9. T\u00f6k\u00e9letes progressz\u00edv:<\/h3>\n\n\n\n<p>Ez a jelent\u00e9s olyan cselekedetek kifejez\u00e9s\u00e9re szolg\u00e1l, amelyek egy adott pontig folyamatban voltak. A burmai nyelvben a progressz\u00edv \u00e9s a folytonos vagy kieg\u00e9sz\u00edt\u0151 jelz\u0151k \u00e9s id\u0151tartam-kifejez\u00e9sek kombin\u00e1l\u00e1s\u00e1val k\u00f6zvet\u00edtik, nem pedig egyetlen dedik\u00e1lt form\u00e1val.<\/p>\n\n\n\n<h3 class=\"wp-block-heading\" id=\"h-10-conditionals\">10. Felt\u00e9telek:<\/h3>\n\n\n\n<p>A felt\u00e9telek hipotetikus helyzeteket \u00e9s azok lehets\u00e9ges kimeneteleit fejezik ki. A burmai nyelvben felt\u00e9teles jel\u00f6l\u0151vel vannak kialak\u00edtva a protasisban \u00e9s megfelel\u0151 mondatz\u00e1r\u00f3 r\u00e9szecsk\u00e9kkel az eredm\u00e9nymondatban, \u00e9s a nyelvtan fontos r\u00e9sz\u00e9t k\u00e9pezik, amely \u00e1rnyaltabb\u00e1 teszi a nyelvtud\u00e1st.<\/p>\n\n\n\n<h3 class=\"wp-block-heading\" id=\"h-11-adverbs\">11. Hat\u00e1roz\u00f3sz\u00f3k:<\/h3>\n\n\n\n<p>A burmai hat\u00e1roz\u00f3szavak ig\u00e9ket, mell\u00e9kneveket vagy m\u00e1s hat\u00e1roz\u00f3szavakat m\u00f3dos\u00edtanak. \u00c1ltal\u00e1ban az igekifejez\u00e9s el\u0151tt jelennek meg, \u00e9s inform\u00e1ci\u00f3t ny\u00fajtanak a m\u00f3dr\u00f3l, helyr\u0151l, id\u0151r\u0151l, fokozatr\u00f3l \u00e9s egyebekr\u0151l, gyakran dedik\u00e1lt r\u00e9szecsk\u00e9k vagy r\u00f6gz\u00edtett hat\u00e1roz\u00f3szavak haszn\u00e1lat\u00e1val.<\/p>\n\n\n\n<h3 class=\"wp-block-heading\" id=\"h-12-prepositions\">12. El\u00f6lj\u00e1r\u00f3szavak:<\/h3>\n\n\n\n<p>Az el\u00f6lj\u00e1r\u00f3szavak \u00f6sszekapcsolj\u00e1k a szavakat \u00e9s kifejez\u00e9seket. A burmai ink\u00e1bb posztpoz\u00edci\u00f3kat haszn\u00e1l, mint el\u00f6lj\u00e1r\u00f3szavakat, \u00e9s ezek a f\u0151nevet k\u00f6vetve fejezik ki az id\u0151, a hely, az ir\u00e1ny, a k\u00eds\u00e9ret \u00e9s egyebek kapcsolat\u00e1t.<\/p>\n\n\n\n<h3 class=\"wp-block-heading\" id=\"h-13-sentences\">13. Mondatok:<\/h3>\n\n\n\n<p>V\u00e9g\u00fcl gyakorold a mondatok fel\u00e9p\u00edt\u00e9s\u00e9t. A burmai \u00e1ltal\u00e1ban alany t\u00e1rgy ige, \u00e9s a mondatz\u00e1r\u00f3 r\u00e9szecsk\u00e9kre \u00e9s a t\u00e9ma-megjegyz\u00e9s szerkezetre t\u00e1maszkodik, ez\u00e9rt ez a l\u00e9p\u00e9s mag\u00e1ban foglalja az \u00f6sszes kor\u00e1bban megtanult nyelvtani pont kontextusban t\u00f6rt\u00e9n\u0151 felhaszn\u00e1l\u00e1s\u00e1t a pontos \u00e9s term\u00e9szetes burmai nyelv fel\u00e9p\u00edt\u00e9s\u00e9hez.<\/p>\n<\/div><\/div>\n\r\n<section class=\"learnNavigationSection\">\r\n            \r\n        <a href=\"https:\/\/talkpal.ai\/hu\/tanulj-burmai-nyelven\/\">\r\n            <div class=\"learnNavigationWrapper\">\r\n                <div class=\"learnNavigationContent\">\r\n                    <img decoding=\"async\" src=\"https:\/\/talkpal.ai\/wp-content\/uploads\/2025\/11\/Myanmar.png\" alt=\"Myanmar Flag\">\r\n                    <div>\r\n                        <h4>A burmai tanul\u00e1sr\u00f3l<\/h4>\r\n                        <p>Tudjon meg mindent a burmai nyelvtanr\u00f3l.<\/p>\r\n                    <\/div>\r\n                <\/div>\r\n            <\/div>\r\n        <\/a>\r\n\r\n        \r\n        <a href=\"https:\/\/talkpal.ai\/hu\/burmai-nyelvtan\/\">\r\n            <div class=\"learnNavigationWrapper\">\r\n                <div class=\"learnNavigationContent\">\r\n                    <img decoding=\"async\" src=\"https:\/\/talkpal.ai\/wp-content\/uploads\/2025\/11\/Myanmar.png\" alt=\"Myanmar Flag\">\r\n                    <div>\r\n                        <h4>Burmai nyelvtani leck\u00e9k<\/h4>\r\n                        <p>Gyakorolja a burmai nyelvtant.<\/p>\r\n                    <\/div>\r\n                <\/div>\r\n            <\/div>\r\n        <\/a>\r\n\r\n            <\/section>","protected":false},"excerpt":{"rendered":"<p>Burmai nyelvtani t\u00e9m\u00e1k Egy \u00faj nyelv elsaj\u00e1t\u00edt\u00e1sa kih\u00edv\u00e1st jelent\u0151, de kifizet\u0151d\u0151 v\u00e1llalkoz\u00e1s lehet. Ez al\u00f3l a burmai, egy k\u00ednai-tibeti nyelv, amelyet f\u0151k\u00e9nt Mianmarban besz\u00e9lnek, sem kiv\u00e9tel. Egyedi tulajdons\u00e1gaival \u00e9s szerkezet\u00e9vel a burmai nyelv tanul\u00e1sa szisztematikus megk\u00f6zel\u00edt\u00e9st ig\u00e9nyel a nyelvtan meg\u00e9rt\u00e9s\u00e9hez. Ez az \u00fatmutat\u00f3 a burmai nyelvtan kulcsfontoss\u00e1g\u00fa ter\u00fcleteit v\u00e1zolja fel logikus sorrendben a nyelvtanul\u00e1shoz, kezdve [&hellip;]<\/p>\n","protected":false},"author":20,"featured_media":0,"parent":0,"menu_order":0,"comment_status":"closed","ping_status":"closed","template":"LearningContentPage.php","meta":{"_acf_changed":false,"footnotes":""},"class_list":["post-1475360","page","type-page","status-publish","hentry"],"acf":[],"yoast_head":"<!-- This site is optimized with the Yoast SEO Premium plugin v27.2 (Yoast SEO v27.2) - https:\/\/yoast.com\/product\/yoast-seo-premium-wordpress\/ -->\n<title>Burmai nyelvtani gyakorlatok - Talkpal<\/title>\n<meta name=\"description\" content=\"A burmai nyelv elsaj\u00e1t\u00edt\u00e1sa a f\u0151neveket, ig\u00e9ket \u00e9s id\u0151hat\u00e1roz\u00f3kat lefed\u0151 \u00e1tfog\u00f3 nyelvtani gyakorlatokkal, amelyekkel n\u00f6velheted a nyelvtud\u00e1sodat.\" \/>\n<meta name=\"robots\" content=\"index, follow, max-snippet:-1, max-image-preview:large, max-video-preview:-1\" \/>\n<link rel=\"canonical\" href=\"https:\/\/talkpal.ai\/hu\/burmai-nyelvtani-gyakorlatok\/\" \/>\n<meta property=\"og:locale\" content=\"hu_HU\" \/>\n<meta property=\"og:type\" content=\"article\" \/>\n<meta property=\"og:title\" content=\"Burmai nyelvtani gyakorlatok\" \/>\n<meta property=\"og:description\" content=\"Burmai nyelvtani t\u00e9m\u00e1k Egy \u00faj nyelv elsaj\u00e1t\u00edt\u00e1sa kih\u00edv\u00e1st jelent\u0151, de kifizet\u0151d\u0151 v\u00e1llalkoz\u00e1s lehet. Ez al\u00f3l a burmai, egy k\u00ednai-tibeti nyelv, amelyet\" \/>\n<meta property=\"og:url\" content=\"https:\/\/talkpal.ai\/hu\/burmai-nyelvtani-gyakorlatok\/\" \/>\n<meta property=\"og:site_name\" content=\"Talkpal\" \/>\n<meta property=\"article:publisher\" content=\"https:\/\/www.facebook.com\/profile.php?id=100090733639311\" \/>\n<meta property=\"article:modified_time\" content=\"2025-12-30T15:04:41+00:00\" \/>\n<meta property=\"og:image\" content=\"https:\/\/talkpal.ai\/wp-content\/uploads\/2025\/02\/Progress-tab-16_9.png\" \/>\n\t<meta property=\"og:image:width\" content=\"2880\" \/>\n\t<meta property=\"og:image:height\" content=\"1620\" \/>\n\t<meta property=\"og:image:type\" content=\"image\/png\" \/>\n<meta name=\"twitter:card\" content=\"summary_large_image\" \/>\n<meta name=\"twitter:site\" content=\"@talkpalai\" \/>\n<meta name=\"twitter:label1\" content=\"Becs\u00fclt olvas\u00e1si id\u0151\" \/>\n\t<meta name=\"twitter:data1\" content=\"5 perc\" \/>\n<script type=\"application\/ld+json\" class=\"yoast-schema-graph\">{\"@context\":\"https:\/\/schema.org\",\"@graph\":[{\"@type\":\"WebPage\",\"@id\":\"https:\/\/talkpal.ai\/hu\/burmai-nyelvtani-gyakorlatok\/\",\"url\":\"https:\/\/talkpal.ai\/hu\/burmai-nyelvtani-gyakorlatok\/\",\"name\":\"Burmai nyelvtani gyakorlatok - Talkpal\",\"isPartOf\":{\"@id\":\"https:\/\/talkpal.ai\/hu\/#website\"},\"datePublished\":\"2025-11-11T16:21:06+00:00\",\"dateModified\":\"2025-12-30T15:04:41+00:00\",\"description\":\"A burmai nyelv elsaj\u00e1t\u00edt\u00e1sa a f\u0151neveket, ig\u00e9ket \u00e9s id\u0151hat\u00e1roz\u00f3kat lefed\u0151 \u00e1tfog\u00f3 nyelvtani gyakorlatokkal, amelyekkel n\u00f6velheted a nyelvtud\u00e1sodat.\",\"breadcrumb\":{\"@id\":\"https:\/\/talkpal.ai\/hu\/burmai-nyelvtani-gyakorlatok\/#breadcrumb\"},\"inLanguage\":\"hu\",\"potentialAction\":[{\"@type\":\"ReadAction\",\"target\":[\"https:\/\/talkpal.ai\/hu\/burmai-nyelvtani-gyakorlatok\/\"]}]},{\"@type\":\"BreadcrumbList\",\"@id\":\"https:\/\/talkpal.ai\/hu\/burmai-nyelvtani-gyakorlatok\/#breadcrumb\",\"itemListElement\":[{\"@type\":\"ListItem\",\"position\":1,\"name\":\"Homepage\",\"item\":\"https:\/\/talkpal.ai\/hu\/\"},{\"@type\":\"ListItem\",\"position\":2,\"name\":\"Burmai nyelvtani gyakorlatok\"}]},{\"@type\":\"WebSite\",\"@id\":\"https:\/\/talkpal.ai\/hu\/#website\",\"url\":\"https:\/\/talkpal.ai\/hu\/\",\"name\":\"Talkpal\",\"description\":\"AI Language Learning\",\"publisher\":{\"@id\":\"https:\/\/talkpal.ai\/hu\/#organization\"},\"alternateName\":\"Talkpal AI\",\"potentialAction\":[{\"@type\":\"SearchAction\",\"target\":{\"@type\":\"EntryPoint\",\"urlTemplate\":\"https:\/\/talkpal.ai\/hu\/?s={search_term_string}\"},\"query-input\":{\"@type\":\"PropertyValueSpecification\",\"valueRequired\":true,\"valueName\":\"search_term_string\"}}],\"inLanguage\":\"hu\"},{\"@type\":\"Organization\",\"@id\":\"https:\/\/talkpal.ai\/hu\/#organization\",\"name\":\"Talkpal, Inc.\",\"alternateName\":\"Talkpal AI\",\"url\":\"https:\/\/talkpal.ai\/hu\/\",\"logo\":{\"@type\":\"ImageObject\",\"inLanguage\":\"hu\",\"@id\":\"https:\/\/talkpal.ai\/hu\/#\/schema\/logo\/image\/\",\"url\":\"https:\/\/talkpal.ai\/wp-content\/uploads\/2024\/03\/Talkpal-Logo-Icon.png\",\"contentUrl\":\"https:\/\/talkpal.ai\/wp-content\/uploads\/2024\/03\/Talkpal-Logo-Icon.png\",\"width\":2880,\"height\":2880,\"caption\":\"Talkpal, Inc.\"},\"image\":{\"@id\":\"https:\/\/talkpal.ai\/hu\/#\/schema\/logo\/image\/\"},\"sameAs\":[\"https:\/\/www.facebook.com\/profile.php?id=100090733639311\",\"https:\/\/x.com\/talkpalai\",\"https:\/\/www.linkedin.com\/company\/talkpal\/\",\"https:\/\/www.youtube.com\/@TalkPal\/\",\"https:\/\/www.tiktok.com\/@talkpal\",\"https:\/\/www.instagram.com\/talkpal_ai\/\",\"https:\/\/www.crunchbase.com\/organization\/talkpal-9cde\",\"https:\/\/www.g2.com\/products\/talkpal-for-business\/\",\"https:\/\/www.trustpilot.com\/review\/talkpal.ai\",\"https:\/\/www.capterra.com\/p\/10006800\/TalkPal\/\"],\"description\":\"Talkpal is a language learning web and mobile education app, powered by the latest AI technologies, that provides engaging experiences to its customers in many different languages to help them improve their language skills. Users can chat about unlimited amount of topics with the app and use other modes to practice their language learning.\",\"email\":\"support@talkpal.ai\",\"legalName\":\"Talkpal, Inc.\",\"foundingDate\":\"2023-04-03\",\"duns\":\"118989042\",\"numberOfEmployees\":{\"@type\":\"QuantitativeValue\",\"minValue\":\"11\",\"maxValue\":\"50\"},\"publishingPrinciples\":\"https:\/\/talkpal.ai\/publishing-principles\/\",\"actionableFeedbackPolicy\":\"https:\/\/talkpal.ai\/actionable-feedback-policy\/\",\"correctionsPolicy\":\"https:\/\/talkpal.ai\/corrections-policy\/\",\"ethicsPolicy\":\"https:\/\/talkpal.ai\/ethics-policy\/\",\"diversityPolicy\":\"https:\/\/talkpal.ai\/diversity-policy\/\",\"diversityStaffingReport\":\"https:\/\/talkpal.ai\/diversity-policy\/\"}]}<\/script>\n<!-- \/ Yoast SEO Premium plugin. -->","yoast_head_json":{"title":"Burmai nyelvtani gyakorlatok - Talkpal","description":"A burmai nyelv elsaj\u00e1t\u00edt\u00e1sa a f\u0151neveket, ig\u00e9ket \u00e9s id\u0151hat\u00e1roz\u00f3kat lefed\u0151 \u00e1tfog\u00f3 nyelvtani gyakorlatokkal, amelyekkel n\u00f6velheted a nyelvtud\u00e1sodat.","robots":{"index":"index","follow":"follow","max-snippet":"max-snippet:-1","max-image-preview":"max-image-preview:large","max-video-preview":"max-video-preview:-1"},"canonical":"https:\/\/talkpal.ai\/hu\/burmai-nyelvtani-gyakorlatok\/","og_locale":"hu_HU","og_type":"article","og_title":"Burmai nyelvtani gyakorlatok","og_description":"Burmai nyelvtani t\u00e9m\u00e1k Egy \u00faj nyelv elsaj\u00e1t\u00edt\u00e1sa kih\u00edv\u00e1st jelent\u0151, de kifizet\u0151d\u0151 v\u00e1llalkoz\u00e1s lehet. Ez al\u00f3l a burmai, egy k\u00ednai-tibeti nyelv, amelyet","og_url":"https:\/\/talkpal.ai\/hu\/burmai-nyelvtani-gyakorlatok\/","og_site_name":"Talkpal","article_publisher":"https:\/\/www.facebook.com\/profile.php?id=100090733639311","article_modified_time":"2025-12-30T15:04:41+00:00","og_image":[{"width":2880,"height":1620,"url":"https:\/\/talkpal.ai\/wp-content\/uploads\/2025\/02\/Progress-tab-16_9.png","type":"image\/png"}],"twitter_card":"summary_large_image","twitter_site":"@talkpalai","twitter_misc":{"Becs\u00fclt olvas\u00e1si id\u0151":"5 perc"},"schema":{"@context":"https:\/\/schema.org","@graph":[{"@type":"WebPage","@id":"https:\/\/talkpal.ai\/hu\/burmai-nyelvtani-gyakorlatok\/","url":"https:\/\/talkpal.ai\/hu\/burmai-nyelvtani-gyakorlatok\/","name":"Burmai nyelvtani gyakorlatok - Talkpal","isPartOf":{"@id":"https:\/\/talkpal.ai\/hu\/#website"},"datePublished":"2025-11-11T16:21:06+00:00","dateModified":"2025-12-30T15:04:41+00:00","description":"A burmai nyelv elsaj\u00e1t\u00edt\u00e1sa a f\u0151neveket, ig\u00e9ket \u00e9s id\u0151hat\u00e1roz\u00f3kat lefed\u0151 \u00e1tfog\u00f3 nyelvtani gyakorlatokkal, amelyekkel n\u00f6velheted a nyelvtud\u00e1sodat.","breadcrumb":{"@id":"https:\/\/talkpal.ai\/hu\/burmai-nyelvtani-gyakorlatok\/#breadcrumb"},"inLanguage":"hu","potentialAction":[{"@type":"ReadAction","target":["https:\/\/talkpal.ai\/hu\/burmai-nyelvtani-gyakorlatok\/"]}]},{"@type":"BreadcrumbList","@id":"https:\/\/talkpal.ai\/hu\/burmai-nyelvtani-gyakorlatok\/#breadcrumb","itemListElement":[{"@type":"ListItem","position":1,"name":"Homepage","item":"https:\/\/talkpal.ai\/hu\/"},{"@type":"ListItem","position":2,"name":"Burmai nyelvtani gyakorlatok"}]},{"@type":"WebSite","@id":"https:\/\/talkpal.ai\/hu\/#website","url":"https:\/\/talkpal.ai\/hu\/","name":"Talkpal","description":"AI Language Learning","publisher":{"@id":"https:\/\/talkpal.ai\/hu\/#organization"},"alternateName":"Talkpal AI","potentialAction":[{"@type":"SearchAction","target":{"@type":"EntryPoint","urlTemplate":"https:\/\/talkpal.ai\/hu\/?s={search_term_string}"},"query-input":{"@type":"PropertyValueSpecification","valueRequired":true,"valueName":"search_term_string"}}],"inLanguage":"hu"},{"@type":"Organization","@id":"https:\/\/talkpal.ai\/hu\/#organization","name":"Talkpal, Inc.","alternateName":"Talkpal AI","url":"https:\/\/talkpal.ai\/hu\/","logo":{"@type":"ImageObject","inLanguage":"hu","@id":"https:\/\/talkpal.ai\/hu\/#\/schema\/logo\/image\/","url":"https:\/\/talkpal.ai\/wp-content\/uploads\/2024\/03\/Talkpal-Logo-Icon.png","contentUrl":"https:\/\/talkpal.ai\/wp-content\/uploads\/2024\/03\/Talkpal-Logo-Icon.png","width":2880,"height":2880,"caption":"Talkpal, Inc."},"image":{"@id":"https:\/\/talkpal.ai\/hu\/#\/schema\/logo\/image\/"},"sameAs":["https:\/\/www.facebook.com\/profile.php?id=100090733639311","https:\/\/x.com\/talkpalai","https:\/\/www.linkedin.com\/company\/talkpal\/","https:\/\/www.youtube.com\/@TalkPal\/","https:\/\/www.tiktok.com\/@talkpal","https:\/\/www.instagram.com\/talkpal_ai\/","https:\/\/www.crunchbase.com\/organization\/talkpal-9cde","https:\/\/www.g2.com\/products\/talkpal-for-business\/","https:\/\/www.trustpilot.com\/review\/talkpal.ai","https:\/\/www.capterra.com\/p\/10006800\/TalkPal\/"],"description":"Talkpal is a language learning web and mobile education app, powered by the latest AI technologies, that provides engaging experiences to its customers in many different languages to help them improve their language skills. Users can chat about unlimited amount of topics with the app and use other modes to practice their language learning.","email":"support@talkpal.ai","legalName":"Talkpal, Inc.","foundingDate":"2023-04-03","duns":"118989042","numberOfEmployees":{"@type":"QuantitativeValue","minValue":"11","maxValue":"50"},"publishingPrinciples":"https:\/\/talkpal.ai\/publishing-principles\/","actionableFeedbackPolicy":"https:\/\/talkpal.ai\/actionable-feedback-policy\/","correctionsPolicy":"https:\/\/talkpal.ai\/corrections-policy\/","ethicsPolicy":"https:\/\/talkpal.ai\/ethics-policy\/","diversityPolicy":"https:\/\/talkpal.ai\/diversity-policy\/","diversityStaffingReport":"https:\/\/talkpal.ai\/diversity-policy\/"}]}},"_links":{"self":[{"href":"https:\/\/talkpal.ai\/hu\/wp-json\/wp\/v2\/pages\/1475360","targetHints":{"allow":["GET"]}}],"collection":[{"href":"https:\/\/talkpal.ai\/hu\/wp-json\/wp\/v2\/pages"}],"about":[{"href":"https:\/\/talkpal.ai\/hu\/wp-json\/wp\/v2\/types\/page"}],"author":[{"embeddable":true,"href":"https:\/\/talkpal.ai\/hu\/wp-json\/wp\/v2\/users\/20"}],"replies":[{"embeddable":true,"href":"https:\/\/talkpal.ai\/hu\/wp-json\/wp\/v2\/comments?post=1475360"}],"version-history":[{"count":0,"href":"https:\/\/talkpal.ai\/hu\/wp-json\/wp\/v2\/pages\/1475360\/revisions"}],"wp:attachment":[{"href":"https:\/\/talkpal.ai\/hu\/wp-json\/wp\/v2\/media?parent=1475360"}],"curies":[{"name":"wp","href":"https:\/\/api.w.org\/{rel}","templated":true}]}}