{"id":1475342,"date":"2025-11-11T16:16:27","date_gmt":"2025-11-11T16:16:27","guid":{"rendered":"https:\/\/talkpal.ai\/burmai-nyelvtan\/"},"modified":"2025-12-30T15:19:00","modified_gmt":"2025-12-30T15:19:00","slug":"burmai-nyelvtan","status":"publish","type":"page","link":"https:\/\/talkpal.ai\/hu\/burmai-nyelvtan\/","title":{"rendered":"Burmai nyelvtan"},"content":{"rendered":"\r\n\r\n\r\n<section class=\"languageChallengeSection\">\r\n    <div class=\"languageInfoWrapper\">\r\n        \r\n        <h1>Burmai nyelvtan<\/h1>\r\n        <p>A <a href=\"https:\/\/talkpal.ai\/learn-burmese\/\">burmai<\/a> <a href=\"https:\/\/talkpal.ai\/grammar\/\">nyelvtan<\/a> els\u0151re kih\u00edv\u00e1snak t\u0171nhet, de egyedi tulajdons\u00e1gai kifizet\u0151d\u0151 \u00e9lm\u00e9nny\u00e9 teszik a nyelvtanul\u00e1st. A nyelv \u00e1b\u00e9c\u00e9j\u00e9nek, mut\u00e1ci\u00f3inak \u00e9s nyelvtani szab\u00e1lyainak felfedez\u00e9s\u00e9vel betekint\u00e9st nyerhet egy gazdag nyelvi hagyom\u00e1nyba. Induljon el utaz\u00e1s\u00e1ra, \u00e9s fedezze fel Burma sz\u00e9ps\u00e9g\u00e9t!<\/p>\r\n\r\n                            <a class=\"getStartedHidden\" href=\"https:\/\/app.talkpal.ai\/hu\/signup?lng=\">Kezdj\u00fck<\/a>\r\n        \r\n    <\/div>\r\n\r\n    <figure>\r\n    <img decoding=\"async\" width=\"768\" height=\"768\" src=\"https:\/\/talkpal.ai\/wp-content\/uploads\/2023\/06\/welsh-768x768.png\" class=\"languageImage no-lazy\" alt=\"Language learning for better cognitive abilities\" fetchpriority=\"high\" sizes=\"(max-width: 768px) 150px, 768px\" srcset=\"https:\/\/talkpal.ai\/wp-content\/uploads\/2023\/06\/welsh-768x768.png 768w, https:\/\/talkpal.ai\/wp-content\/uploads\/2023\/06\/welsh-300x300.png 300w\" \/>\r\n    \r\n\r\n    <\/figure>\r\n\r\n            <a class=\"getStartedVisible\" href=\"https:\/\/app.talkpal.ai\/hu\/signup?lng=\">Kezdj\u00fck<\/a>\r\n    \r\n<\/section><section class=\"promotionalBanner\">\r\n    <p class=\"promotionalText\">A nyelvtanul\u00e1s leghat\u00e9konyabb m\u00f3dja<\/p>\r\n    <a class=\"promotionalLink\" href=\"https:\/\/app.talkpal.ai\/hu\/signup?lng=\">Pr\u00f3b\u00e1lja ki a Talkpal ingyen<\/a>\r\n<\/section>\n<div class=\"wp-block-group pageContainerStyle\"><div class=\"wp-block-group__inner-container is-layout-constrained wp-block-group-is-layout-constrained\">\n<h2 class=\"wp-block-heading\" id=\"h-navigating-the-intricacies-of-burmese-grammar\">Eligazod\u00e1s a burmai nyelvtan bonyolults\u00e1g\u00e1ban<\/h2>\n\n\n\n<p><a href=\"https:\/\/talkpal.ai\/hu\/tanulj-burmai-nyelven\/\">A burmai nyelv<\/a>, egy tibeti-burmai nyelv, gazdag t\u00f6rt\u00e9nelemmel \u00e9s kultur\u00e1lis jelent\u0151s\u00e9ggel, izgalmas nyelvi \u00e9lm\u00e9nyt k\u00edn\u00e1l azok sz\u00e1m\u00e1ra, akik sz\u00edvesen felfedezik egyed\u00fcl\u00e1ll\u00f3 nyelvtani rendszer\u00e9t. Ahogy a burmai birodalomba mer\u00e9szkedik, nemcsak nyelvi reperto\u00e1rj\u00e1t gazdag\u00edtja, hanem egy leny\u0171g\u00f6z\u0151 kultur\u00e1lis utaz\u00e1st is megteszel. B\u00e1r a burmai nyelvtan els\u0151re ismeretlennek t\u0171nhet, az alapvet\u0151 \u00f6sszetev\u0151kre bont\u00e1sa megk\u00f6zel\u00edthet\u0151bb\u00e9 teszi a nyelvtanul\u00e1st. Ebben a cikkben felt\u00e1rjuk a burmai nyelvtan mag\u00e1val ragad\u00f3 vil\u00e1g\u00e1t, \u00e9s tippeket adunk annak \u00f6sszetetts\u00e9g\u00e9nek elsaj\u00e1t\u00edt\u00e1s\u00e1hoz.<\/p>\n\n\n\n<h3 class=\"wp-block-heading\" id=\"h-1-welsh-alphabet-and-phonetics\">1. Walesi \u00e1b\u00e9c\u00e9 \u00e9s fonetika<\/h3>\n\n\n\n<p>A burmai \u00edr\u00e1srendszer egy abugida, amely 33 m\u00e1ssalhangz\u00f3 bet\u0171t \u00e9s mag\u00e1nhangz\u00f3 mell\u00e9kjelet haszn\u00e1l, valamint olyan jellegzetes medi\u00e1lisokat, mint a \u103b, \u103c, \u103d, \u103e. A hangot \u00e9s a sz\u00f3tagt\u00edpust olyan jelekkel jel\u00f6lik, mint a \u1037, \u1038 \u00e9s \u103a. A burmai nyelvtan elsaj\u00e1t\u00edt\u00e1s\u00e1hoz elengedhetetlen, hogy megismerkedjen ezzel a forgat\u00f3k\u00f6nyvvel a burmai nyelv\u0171 olvas\u00e1s \u00e9s \u00edr\u00e1s gyakorl\u00e1s\u00e1val, valamint a hangnemre \u00e9s a ritmusra val\u00f3 fokozott odafigyel\u00e9ssel.<\/p>\n\n\n\n<h3 class=\"wp-block-heading\" id=\"h-2-particles-a-distinctive-burmese-feature\">2. R\u00e9szecsk\u00e9k: jellegzetes burmai jellemz\u0151<\/h3>\n\n\n\n<p>A burmai nyelvtan egyik legszembet\u0171n\u0151bb aspektusa a r\u00e9szecsk\u00e9k sz\u00e9les k\u00f6r\u0171 haszn\u00e1lata, amelyek jelzik az igeid\u0151t, az aspektust, a hangulatot, az udvariass\u00e1got \u00e9s a kaskapcsolatokat. A gyakori mondatz\u00e1r\u00f3 r\u00e9szecsk\u00e9k k\u00f6z\u00e9 tartozik a \u1010\u101a\u103a, \u1015\u102b, \u1019\u101a\u103a \u00e9s \u101b\u1032\u1037, m\u00edg az olyan nyelvtani r\u00e9szecsk\u00e9k, mint a \u1000\u102d\u102f, \u1000, \u1019\u103e\u102c, \u1006\u102e, \u1014\u1032\u1037 olyan szerepeket jel\u00f6lnek, mint a t\u00e1rgy, az \u00e1gens, a hely, a c\u00e9l \u00e9s az eszk\u00f6z. Annak meg\u00e9rt\u00e9se, hogy mikor \u00e9s hogyan haszn\u00e1lj\u00e1k ezeket a r\u00e9szecsk\u00e9ket, l\u00e9tfontoss\u00e1g\u00fa a burmai nyelv pontos kommunik\u00e1ci\u00f3j\u00e1hoz.<\/p>\n\n\n\n<h3 class=\"wp-block-heading\" id=\"h-3-nouns-and-pronouns-gender-and-cases\">3. F\u0151nevek \u00e9s n\u00e9vm\u00e1sok: nem \u00e9s esetek<\/h3>\n\n\n\n<p>A burmai f\u0151neveknek nincs nyelvtani nem\u00fck, \u00e9s a t\u00f6bbes sz\u00e1mot gyakran \u1010\u103d\u1031-val jel\u00f6lik, ha sz\u00fcks\u00e9ges. Az esetkapcsolatokat ink\u00e1bb posztpoz\u00edci\u00f3s r\u00e9szecsk\u00e9kkel, mint ragoz\u00e1ssal fejezik ki, p\u00e9ld\u00e1ul \u1000\u102d\u102f k\u00f6zvetlen objektumokra, \u1000 vagy \u1019\u103e \u00e1gensekre vagy forr\u00e1sokra, \u1019\u103e\u102c vagy \u1010\u103d\u1004\u103a helyekre \u00e9s \u1006\u102e a recipiensekre. A burmai n\u00e9vm\u00e1sok szem\u00e9lyt\u0151l, sz\u00e1mt\u00f3l \u00e9s udvariass\u00e1gi szintt\u0151l f\u00fcgg\u0151en v\u00e1ltoznak, bele\u00e9rtve az olyan alakokat, mint a \u1000\u103b\u103d\u1014\u103a\u1010\u1031\u102c\u103a vagy \u1000\u103b\u103d\u1014\u103a\u1019 az \u00e9n, a \u101e\u1004\u103a vagy a \u101b\u103e\u1004\u103a az \u00d6n sz\u00e1m\u00e1ra, \u00e9s a \u101e\u1030 az \u0151. Ezeknek a n\u00e9vm\u00e1soknak, udvarias v\u00e1ltozataiknak \u00e9s r\u00e9szecskekombin\u00e1ci\u00f3iknak a megismer\u00e9se jelent\u0151sen jav\u00edtja a burmai nyelvtan meg\u00e9rt\u00e9s\u00e9t.<\/p>\n\n\n\n<h3 class=\"wp-block-heading\" id=\"h-4-verbs-structure-and-conjugation\">4. Ig\u00e9k: szerkezet \u00e9s ragoz\u00e1s<\/h3>\n\n\n\n<p>A burmai ig\u00e9k nem ragoznak szem\u00e9lyt vagy sz\u00e1mot. Ehelyett az igeid\u0151t, az aspektust \u00e9s a hangulatot r\u00e9szecsk\u00e9kkel \u00e9s seg\u00e9delemekkel fejezik ki. Az alapvet\u0151 mint\u00e1k k\u00f6z\u00e9 tartoznak a nem-m\u00faltbeli \u00e1ll\u00edt\u00e1sok a \u1010\u101a\u103a-val, a t\u00f6k\u00e9letes\u00edt\u0151 vagy \u00e1llapotv\u00e1lt\u00e1s a \u1015\u103c\u102e-vel, a j\u00f6v\u0151 vagy a sz\u00e1nd\u00e9k a \u1019\u101a\u103a-val vagy a \u101c\u102d\u1019\u1037\u103a\u1019\u101a\u103a-val, \u00e9s a tapasztalati aspektus a \u1016\u1030\u1038-val. A tagad\u00e1s \u00e1ltal\u00e1ban \u1019 + ige + \u1018\u1030\u1038 vagy \u1019 + ige + \u101e\u1031\u1038 szavakat haszn\u00e1l, \u00e9s a felsz\u00f3l\u00edt\u00f3 vagy k\u00e9r\u00e9si form\u00e1k gyakran haszn\u00e1lnak olyan r\u00e9szecsk\u00e9ket, mint a \u1015\u102b vagy a \u1014\u1031\u102c\u103a. Ezeknek a r\u00e9szecskevez\u00e9relt mint\u00e1knak a megtanul\u00e1sa jav\u00edtja a <a href=\"https:\/\/talkpal.ai\/hu\/tanulj-burmai-nyelven\/\">burmai nyelven<\/a> val\u00f3 hat\u00e9kony kommunik\u00e1ci\u00f3 k\u00e9pess\u00e9g\u00e9t.<\/p>\n\n\n\n<h3 class=\"wp-block-heading\" id=\"h-5-adjectives-agreement-and-placement\">5. Mell\u00e9knevek: meg\u00e1llapod\u00e1s \u00e9s elhelyez\u00e9s<\/h3>\n\n\n\n<p>Meg\u00e1llapod\u00e1s \u00e9s elhelyez\u00e9s A burmai nyelvtanban a mell\u00e9knevek \u00e1ltal\u00e1ban egyszer\u0171 f\u0151n\u00e9v-mell\u00e9kn\u00e9vi \u00f6sszet\u00e9telekben k\u00f6vetik a f\u0151nevet, \u00e9s nincs egyet\u00e9rt\u00e9s a sz\u00e1mban vagy a nemben. A mell\u00e9kn\u00e9vi mell\u00e9kmondatok gyakran megel\u0151zik a f\u0151nevet olyan jel\u00f6l\u0151kkel, mint a \u1010\u1032\u1037 a k\u00f6znyelvben burmai vagy \u1021&#8230; \u101e\u1031\u102c form\u00e1lis st\u00edlusban. Az \u00f6sszehasonl\u00edt\u00f3 \u00e9s szuperlat\u00edvusz\u00fa jelent\u00e9seket \u00e1ltal\u00e1ban a \u1015\u102d\u102f \u00e9s a \u1011\u1000\u103a szavakkal alkotj\u00e1k \u00f6sszehasonl\u00edt\u00e1s c\u00e9lj\u00e1b\u00f3l \u00e9s \u1021&#8230; \u1006\u102f\u1036\u1038 a szuperlat\u00edvuszokhoz.<\/p>\n\n\n\n<p><strong>P\u00e9ld\u00e1k:<\/strong><\/p>\n\n\n\n<p><strong>\u2013 \u1021\u1001\u103b\u1005\u103a\u1000\u103c\u102e\u1038 (nagy szerelem)<\/strong><\/p>\n\n\n\n<p><strong>\u2013 \u1000\u101c\u1031\u1038\u1004\u101a\u103a\u1010\u103d\u1031 (kisgyermekek)<\/strong><\/p>\n\n\n\n<h3 class=\"wp-block-heading\" id=\"h-6-engaging-with-the-language\">6. A nyelv haszn\u00e1lata<\/h3>\n\n\n\n<p>A burmai nyelvtan teljes meg\u00e9rt\u00e9s\u00e9nek \u00e9s internaliz\u00e1l\u00e1s\u00e1nak leghat\u00e9konyabb m\u00f3dja a nyelv k\u00f6vetkezetes bevon\u00e1sa. A burmai irodalom olvas\u00e1s\u00e1val, burmai filmek vagy telev\u00edzi\u00f3s sorozatok n\u00e9z\u00e9s\u00e9vel \u00e9s az anyanyelvi besz\u00e9l\u0151kkel val\u00f3 akt\u00edv kommunik\u00e1ci\u00f3val meger\u0151s\u00edti a nyelvtan meg\u00e9rt\u00e9s\u00e9t, mik\u00f6zben b\u0151v\u00edti sz\u00f3kincs\u00e9t.<\/p>\n\n\n\n<h3 class=\"wp-block-heading\" id=\"h-conclusion\">K\u00f6vetkeztet\u00e9s<\/h3>\n\n\n\n<p>B\u00e1r a burmai nyelvtan bonyolultnak t\u0171nhet, odaad\u00e1ssal, gyakorl\u00e1ssal \u00e9s lelkesed\u00e9ssel j\u00e1rtass\u00e1 v\u00e1lhat ebben a gy\u00f6ny\u00f6r\u0171 nyelvben. Ha az alapvet\u0151 szab\u00e1lyokra \u00f6sszpontos\u00edt, \u00e9s k\u00fcl\u00f6nb\u00f6z\u0151 kontextusokban foglalkozik a nyelvvel, gyorsan fejleszti burmai <a href=\"https:\/\/talkpal.ai\/hu\/nyelvtan\/\">nyelvtani k\u00e9szs\u00e9geit<\/a>. \u1000\u1036\u1000\u1031\u102c\u1004\u103a\u1038\u1015\u102b\u1005\u1031 (sok szerencs\u00e9t) a burmai nyelvi utaz\u00e1shoz, \u00e9s \u00e9lvezd a burmai nyelvtan rejt\u00e9lyes, m\u00e9gis mag\u00e1val ragad\u00f3 vil\u00e1g\u00e1nak kibogoz\u00e1s\u00e1t!<\/p>\n<\/div><\/div>\n\r\n<section class=\"learnNavigationSection\">\r\n            \r\n        <a href=\"https:\/\/talkpal.ai\/hu\/tanulj-burmai-nyelven\/\">\r\n            <div class=\"learnNavigationWrapper\">\r\n                <div class=\"learnNavigationContent\">\r\n                    <img decoding=\"async\" src=\"https:\/\/talkpal.ai\/wp-content\/uploads\/2025\/11\/Myanmar.png\" alt=\"Myanmar Flag\">\r\n                    <div>\r\n                        <h4>A burmai tanul\u00e1sr\u00f3l<\/h4>\r\n                        <p>Tudjon meg mindent a burmai nyelvtanr\u00f3l.<\/p>\r\n                    <\/div>\r\n                <\/div>\r\n            <\/div>\r\n        <\/a>\r\n\r\n        \r\n        <a href=\"https:\/\/talkpal.ai\/hu\/burmai-nyelvtani-gyakorlatok\/\">\r\n            <div class=\"learnNavigationWrapper\">\r\n                <div class=\"learnNavigationContent\">\r\n                    <img decoding=\"async\" src=\"https:\/\/talkpal.ai\/wp-content\/uploads\/2025\/11\/Myanmar.png\" alt=\"Myanmar Flag\">\r\n                    <div>\r\n                        <h4>Burmai nyelvtani gyakorlat<\/h4>\r\n                        <p>Gyakorolja a burmai nyelvtant.<\/p>\r\n                    <\/div>\r\n                <\/div>\r\n            <\/div>\r\n        <\/a>\r\n\r\n            <\/section>","protected":false},"excerpt":{"rendered":"<p>Eligazod\u00e1s a burmai nyelvtan bonyolults\u00e1g\u00e1ban A burmai nyelv, egy tibeti-burmai nyelv, gazdag t\u00f6rt\u00e9nelemmel \u00e9s kultur\u00e1lis jelent\u0151s\u00e9ggel, izgalmas nyelvi \u00e9lm\u00e9nyt k\u00edn\u00e1l azok sz\u00e1m\u00e1ra, akik sz\u00edvesen felfedezik egyed\u00fcl\u00e1ll\u00f3 nyelvtani rendszer\u00e9t. Ahogy a burmai birodalomba mer\u00e9szkedik, nemcsak nyelvi reperto\u00e1rj\u00e1t gazdag\u00edtja, hanem egy leny\u0171g\u00f6z\u0151 kultur\u00e1lis utaz\u00e1st is megteszel. B\u00e1r a burmai nyelvtan els\u0151re ismeretlennek t\u0171nhet, az alapvet\u0151 \u00f6sszetev\u0151kre bont\u00e1sa [&hellip;]<\/p>\n","protected":false},"author":20,"featured_media":0,"parent":0,"menu_order":0,"comment_status":"closed","ping_status":"closed","template":"LearningContentPage.php","meta":{"_acf_changed":false,"footnotes":""},"class_list":["post-1475342","page","type-page","status-publish","hentry"],"acf":[],"yoast_head":"<!-- This site is optimized with the Yoast SEO Premium plugin v27.2 (Yoast SEO v27.2) - https:\/\/yoast.com\/product\/yoast-seo-premium-wordpress\/ -->\n<title>Burmai nyelvtan - Talkpal<\/title>\n<meta name=\"description\" content=\"Saj\u00e1t\u00edtsd el a burmai nyelvtani szab\u00e1lyokat \u00e9s mondatszerkezeteket, hogy jav\u00edtsd a nyelvtud\u00e1sodat \u00e1tfog\u00f3 nyelvtanul\u00e1si \u00fatmutat\u00f3nkkal.\" \/>\n<meta name=\"robots\" content=\"index, follow, max-snippet:-1, max-image-preview:large, max-video-preview:-1\" \/>\n<link rel=\"canonical\" href=\"https:\/\/talkpal.ai\/hu\/burmai-nyelvtan\/\" \/>\n<meta property=\"og:locale\" content=\"hu_HU\" \/>\n<meta property=\"og:type\" content=\"article\" \/>\n<meta property=\"og:title\" content=\"Burmai nyelvtan\" \/>\n<meta property=\"og:description\" content=\"Eligazod\u00e1s a burmai nyelvtan bonyolults\u00e1g\u00e1ban A burmai nyelv, egy tibeti-burmai nyelv, gazdag t\u00f6rt\u00e9nelemmel \u00e9s kultur\u00e1lis jelent\u0151s\u00e9ggel, izgalmas nyelvi\" \/>\n<meta property=\"og:url\" content=\"https:\/\/talkpal.ai\/hu\/burmai-nyelvtan\/\" \/>\n<meta property=\"og:site_name\" content=\"Talkpal\" \/>\n<meta property=\"article:publisher\" content=\"https:\/\/www.facebook.com\/profile.php?id=100090733639311\" \/>\n<meta property=\"article:modified_time\" content=\"2025-12-30T15:19:00+00:00\" \/>\n<meta property=\"og:image\" content=\"https:\/\/talkpal.ai\/wp-content\/uploads\/2025\/02\/Progress-tab-16_9.png\" \/>\n\t<meta property=\"og:image:width\" content=\"2880\" \/>\n\t<meta property=\"og:image:height\" content=\"1620\" \/>\n\t<meta property=\"og:image:type\" content=\"image\/png\" \/>\n<meta name=\"twitter:card\" content=\"summary_large_image\" \/>\n<meta name=\"twitter:site\" content=\"@talkpalai\" \/>\n<meta name=\"twitter:label1\" content=\"Becs\u00fclt olvas\u00e1si id\u0151\" \/>\n\t<meta name=\"twitter:data1\" content=\"4 perc\" \/>\n<script type=\"application\/ld+json\" class=\"yoast-schema-graph\">{\"@context\":\"https:\/\/schema.org\",\"@graph\":[{\"@type\":\"WebPage\",\"@id\":\"https:\/\/talkpal.ai\/hu\/burmai-nyelvtan\/\",\"url\":\"https:\/\/talkpal.ai\/hu\/burmai-nyelvtan\/\",\"name\":\"Burmai nyelvtan - Talkpal\",\"isPartOf\":{\"@id\":\"https:\/\/talkpal.ai\/hu\/#website\"},\"datePublished\":\"2025-11-11T16:16:27+00:00\",\"dateModified\":\"2025-12-30T15:19:00+00:00\",\"description\":\"Saj\u00e1t\u00edtsd el a burmai nyelvtani szab\u00e1lyokat \u00e9s mondatszerkezeteket, hogy jav\u00edtsd a nyelvtud\u00e1sodat \u00e1tfog\u00f3 nyelvtanul\u00e1si \u00fatmutat\u00f3nkkal.\",\"breadcrumb\":{\"@id\":\"https:\/\/talkpal.ai\/hu\/burmai-nyelvtan\/#breadcrumb\"},\"inLanguage\":\"hu\",\"potentialAction\":[{\"@type\":\"ReadAction\",\"target\":[\"https:\/\/talkpal.ai\/hu\/burmai-nyelvtan\/\"]}]},{\"@type\":\"BreadcrumbList\",\"@id\":\"https:\/\/talkpal.ai\/hu\/burmai-nyelvtan\/#breadcrumb\",\"itemListElement\":[{\"@type\":\"ListItem\",\"position\":1,\"name\":\"Homepage\",\"item\":\"https:\/\/talkpal.ai\/hu\/\"},{\"@type\":\"ListItem\",\"position\":2,\"name\":\"Burmai nyelvtan\"}]},{\"@type\":\"WebSite\",\"@id\":\"https:\/\/talkpal.ai\/hu\/#website\",\"url\":\"https:\/\/talkpal.ai\/hu\/\",\"name\":\"Talkpal\",\"description\":\"AI Language Learning\",\"publisher\":{\"@id\":\"https:\/\/talkpal.ai\/hu\/#organization\"},\"alternateName\":\"Talkpal AI\",\"potentialAction\":[{\"@type\":\"SearchAction\",\"target\":{\"@type\":\"EntryPoint\",\"urlTemplate\":\"https:\/\/talkpal.ai\/hu\/?s={search_term_string}\"},\"query-input\":{\"@type\":\"PropertyValueSpecification\",\"valueRequired\":true,\"valueName\":\"search_term_string\"}}],\"inLanguage\":\"hu\"},{\"@type\":\"Organization\",\"@id\":\"https:\/\/talkpal.ai\/hu\/#organization\",\"name\":\"Talkpal, Inc.\",\"alternateName\":\"Talkpal AI\",\"url\":\"https:\/\/talkpal.ai\/hu\/\",\"logo\":{\"@type\":\"ImageObject\",\"inLanguage\":\"hu\",\"@id\":\"https:\/\/talkpal.ai\/hu\/#\/schema\/logo\/image\/\",\"url\":\"https:\/\/talkpal.ai\/wp-content\/uploads\/2024\/03\/Talkpal-Logo-Icon.png\",\"contentUrl\":\"https:\/\/talkpal.ai\/wp-content\/uploads\/2024\/03\/Talkpal-Logo-Icon.png\",\"width\":2880,\"height\":2880,\"caption\":\"Talkpal, Inc.\"},\"image\":{\"@id\":\"https:\/\/talkpal.ai\/hu\/#\/schema\/logo\/image\/\"},\"sameAs\":[\"https:\/\/www.facebook.com\/profile.php?id=100090733639311\",\"https:\/\/x.com\/talkpalai\",\"https:\/\/www.linkedin.com\/company\/talkpal\/\",\"https:\/\/www.youtube.com\/@TalkPal\/\",\"https:\/\/www.tiktok.com\/@talkpal\",\"https:\/\/www.instagram.com\/talkpal_ai\/\",\"https:\/\/www.crunchbase.com\/organization\/talkpal-9cde\",\"https:\/\/www.g2.com\/products\/talkpal-for-business\/\",\"https:\/\/www.trustpilot.com\/review\/talkpal.ai\",\"https:\/\/www.capterra.com\/p\/10006800\/TalkPal\/\"],\"description\":\"Talkpal is a language learning web and mobile education app, powered by the latest AI technologies, that provides engaging experiences to its customers in many different languages to help them improve their language skills. Users can chat about unlimited amount of topics with the app and use other modes to practice their language learning.\",\"email\":\"support@talkpal.ai\",\"legalName\":\"Talkpal, Inc.\",\"foundingDate\":\"2023-04-03\",\"duns\":\"118989042\",\"numberOfEmployees\":{\"@type\":\"QuantitativeValue\",\"minValue\":\"11\",\"maxValue\":\"50\"},\"publishingPrinciples\":\"https:\/\/talkpal.ai\/publishing-principles\/\",\"actionableFeedbackPolicy\":\"https:\/\/talkpal.ai\/actionable-feedback-policy\/\",\"correctionsPolicy\":\"https:\/\/talkpal.ai\/corrections-policy\/\",\"ethicsPolicy\":\"https:\/\/talkpal.ai\/ethics-policy\/\",\"diversityPolicy\":\"https:\/\/talkpal.ai\/diversity-policy\/\",\"diversityStaffingReport\":\"https:\/\/talkpal.ai\/diversity-policy\/\"}]}<\/script>\n<!-- \/ Yoast SEO Premium plugin. -->","yoast_head_json":{"title":"Burmai nyelvtan - Talkpal","description":"Saj\u00e1t\u00edtsd el a burmai nyelvtani szab\u00e1lyokat \u00e9s mondatszerkezeteket, hogy jav\u00edtsd a nyelvtud\u00e1sodat \u00e1tfog\u00f3 nyelvtanul\u00e1si \u00fatmutat\u00f3nkkal.","robots":{"index":"index","follow":"follow","max-snippet":"max-snippet:-1","max-image-preview":"max-image-preview:large","max-video-preview":"max-video-preview:-1"},"canonical":"https:\/\/talkpal.ai\/hu\/burmai-nyelvtan\/","og_locale":"hu_HU","og_type":"article","og_title":"Burmai nyelvtan","og_description":"Eligazod\u00e1s a burmai nyelvtan bonyolults\u00e1g\u00e1ban A burmai nyelv, egy tibeti-burmai nyelv, gazdag t\u00f6rt\u00e9nelemmel \u00e9s kultur\u00e1lis jelent\u0151s\u00e9ggel, izgalmas nyelvi","og_url":"https:\/\/talkpal.ai\/hu\/burmai-nyelvtan\/","og_site_name":"Talkpal","article_publisher":"https:\/\/www.facebook.com\/profile.php?id=100090733639311","article_modified_time":"2025-12-30T15:19:00+00:00","og_image":[{"width":2880,"height":1620,"url":"https:\/\/talkpal.ai\/wp-content\/uploads\/2025\/02\/Progress-tab-16_9.png","type":"image\/png"}],"twitter_card":"summary_large_image","twitter_site":"@talkpalai","twitter_misc":{"Becs\u00fclt olvas\u00e1si id\u0151":"4 perc"},"schema":{"@context":"https:\/\/schema.org","@graph":[{"@type":"WebPage","@id":"https:\/\/talkpal.ai\/hu\/burmai-nyelvtan\/","url":"https:\/\/talkpal.ai\/hu\/burmai-nyelvtan\/","name":"Burmai nyelvtan - Talkpal","isPartOf":{"@id":"https:\/\/talkpal.ai\/hu\/#website"},"datePublished":"2025-11-11T16:16:27+00:00","dateModified":"2025-12-30T15:19:00+00:00","description":"Saj\u00e1t\u00edtsd el a burmai nyelvtani szab\u00e1lyokat \u00e9s mondatszerkezeteket, hogy jav\u00edtsd a nyelvtud\u00e1sodat \u00e1tfog\u00f3 nyelvtanul\u00e1si \u00fatmutat\u00f3nkkal.","breadcrumb":{"@id":"https:\/\/talkpal.ai\/hu\/burmai-nyelvtan\/#breadcrumb"},"inLanguage":"hu","potentialAction":[{"@type":"ReadAction","target":["https:\/\/talkpal.ai\/hu\/burmai-nyelvtan\/"]}]},{"@type":"BreadcrumbList","@id":"https:\/\/talkpal.ai\/hu\/burmai-nyelvtan\/#breadcrumb","itemListElement":[{"@type":"ListItem","position":1,"name":"Homepage","item":"https:\/\/talkpal.ai\/hu\/"},{"@type":"ListItem","position":2,"name":"Burmai nyelvtan"}]},{"@type":"WebSite","@id":"https:\/\/talkpal.ai\/hu\/#website","url":"https:\/\/talkpal.ai\/hu\/","name":"Talkpal","description":"AI Language Learning","publisher":{"@id":"https:\/\/talkpal.ai\/hu\/#organization"},"alternateName":"Talkpal AI","potentialAction":[{"@type":"SearchAction","target":{"@type":"EntryPoint","urlTemplate":"https:\/\/talkpal.ai\/hu\/?s={search_term_string}"},"query-input":{"@type":"PropertyValueSpecification","valueRequired":true,"valueName":"search_term_string"}}],"inLanguage":"hu"},{"@type":"Organization","@id":"https:\/\/talkpal.ai\/hu\/#organization","name":"Talkpal, Inc.","alternateName":"Talkpal AI","url":"https:\/\/talkpal.ai\/hu\/","logo":{"@type":"ImageObject","inLanguage":"hu","@id":"https:\/\/talkpal.ai\/hu\/#\/schema\/logo\/image\/","url":"https:\/\/talkpal.ai\/wp-content\/uploads\/2024\/03\/Talkpal-Logo-Icon.png","contentUrl":"https:\/\/talkpal.ai\/wp-content\/uploads\/2024\/03\/Talkpal-Logo-Icon.png","width":2880,"height":2880,"caption":"Talkpal, Inc."},"image":{"@id":"https:\/\/talkpal.ai\/hu\/#\/schema\/logo\/image\/"},"sameAs":["https:\/\/www.facebook.com\/profile.php?id=100090733639311","https:\/\/x.com\/talkpalai","https:\/\/www.linkedin.com\/company\/talkpal\/","https:\/\/www.youtube.com\/@TalkPal\/","https:\/\/www.tiktok.com\/@talkpal","https:\/\/www.instagram.com\/talkpal_ai\/","https:\/\/www.crunchbase.com\/organization\/talkpal-9cde","https:\/\/www.g2.com\/products\/talkpal-for-business\/","https:\/\/www.trustpilot.com\/review\/talkpal.ai","https:\/\/www.capterra.com\/p\/10006800\/TalkPal\/"],"description":"Talkpal is a language learning web and mobile education app, powered by the latest AI technologies, that provides engaging experiences to its customers in many different languages to help them improve their language skills. Users can chat about unlimited amount of topics with the app and use other modes to practice their language learning.","email":"support@talkpal.ai","legalName":"Talkpal, Inc.","foundingDate":"2023-04-03","duns":"118989042","numberOfEmployees":{"@type":"QuantitativeValue","minValue":"11","maxValue":"50"},"publishingPrinciples":"https:\/\/talkpal.ai\/publishing-principles\/","actionableFeedbackPolicy":"https:\/\/talkpal.ai\/actionable-feedback-policy\/","correctionsPolicy":"https:\/\/talkpal.ai\/corrections-policy\/","ethicsPolicy":"https:\/\/talkpal.ai\/ethics-policy\/","diversityPolicy":"https:\/\/talkpal.ai\/diversity-policy\/","diversityStaffingReport":"https:\/\/talkpal.ai\/diversity-policy\/"}]}},"_links":{"self":[{"href":"https:\/\/talkpal.ai\/hu\/wp-json\/wp\/v2\/pages\/1475342","targetHints":{"allow":["GET"]}}],"collection":[{"href":"https:\/\/talkpal.ai\/hu\/wp-json\/wp\/v2\/pages"}],"about":[{"href":"https:\/\/talkpal.ai\/hu\/wp-json\/wp\/v2\/types\/page"}],"author":[{"embeddable":true,"href":"https:\/\/talkpal.ai\/hu\/wp-json\/wp\/v2\/users\/20"}],"replies":[{"embeddable":true,"href":"https:\/\/talkpal.ai\/hu\/wp-json\/wp\/v2\/comments?post=1475342"}],"version-history":[{"count":0,"href":"https:\/\/talkpal.ai\/hu\/wp-json\/wp\/v2\/pages\/1475342\/revisions"}],"wp:attachment":[{"href":"https:\/\/talkpal.ai\/hu\/wp-json\/wp\/v2\/media?parent=1475342"}],"curies":[{"name":"wp","href":"https:\/\/api.w.org\/{rel}","templated":true}]}}