{"id":1475322,"date":"2025-11-11T15:54:57","date_gmt":"2025-11-11T15:54:57","guid":{"rendered":"https:\/\/talkpal.ai\/bengali-nyelvtan\/"},"modified":"2025-12-30T15:14:17","modified_gmt":"2025-12-30T15:14:17","slug":"bengali-nyelvtan","status":"publish","type":"page","link":"https:\/\/talkpal.ai\/hu\/bengali-nyelvtan\/","title":{"rendered":"Beng\u00e1li nyelvtan"},"content":{"rendered":"\r\n\r\n\r\n<section class=\"languageChallengeSection\">\r\n    <div class=\"languageInfoWrapper\">\r\n        \r\n        <h1>Beng\u00e1li nyelvtan<\/h1>\r\n        <p>A <a href=\"https:\/\/talkpal.ai\/bengali-grammar\/\">beng\u00e1li nyelvtan<\/a> els\u0151re kih\u00edv\u00e1snak t\u0171nhet, de egyedi tulajdons\u00e1gai kifizet\u0151d\u0151 \u00e9lm\u00e9nny\u00e9 teszik a nyelvtanul\u00e1st. A nyelv \u00e1b\u00e9c\u00e9j\u00e9nek, mut\u00e1ci\u00f3inak \u00e9s nyelvtani szab\u00e1lyainak felfedez\u00e9s\u00e9vel betekint\u00e9st nyerhet egy gazdag nyelvi hagyom\u00e1nyba. Induljon el utaz\u00e1s\u00e1ra, \u00e9s fedezze fel a <a href=\"https:\/\/talkpal.ai\/learn-bengali\/\">beng\u00e1li<\/a> sz\u00e9ps\u00e9g\u00e9t!<\/p>\r\n\r\n                            <a class=\"getStartedHidden\" href=\"https:\/\/app.talkpal.ai\/hu\/signup?lng=\">Kezdj\u00fck<\/a>\r\n        \r\n    <\/div>\r\n\r\n    <figure>\r\n    <img decoding=\"async\" width=\"768\" height=\"768\" src=\"https:\/\/talkpal.ai\/wp-content\/uploads\/2023\/06\/welsh-768x768.png\" class=\"languageImage no-lazy\" alt=\"Language learning for better cognitive abilities\" fetchpriority=\"high\" sizes=\"(max-width: 768px) 150px, 768px\" srcset=\"https:\/\/talkpal.ai\/wp-content\/uploads\/2023\/06\/welsh-768x768.png 768w, https:\/\/talkpal.ai\/wp-content\/uploads\/2023\/06\/welsh-300x300.png 300w\" \/>\r\n    \r\n\r\n    <\/figure>\r\n\r\n            <a class=\"getStartedVisible\" href=\"https:\/\/app.talkpal.ai\/hu\/signup?lng=\">Kezdj\u00fck<\/a>\r\n    \r\n<\/section><section class=\"promotionalBanner\">\r\n    <p class=\"promotionalText\">A nyelvtanul\u00e1s leghat\u00e9konyabb m\u00f3dja<\/p>\r\n    <a class=\"promotionalLink\" href=\"https:\/\/app.talkpal.ai\/hu\/signup?lng=\">Pr\u00f3b\u00e1lja ki a Talkpal ingyen<\/a>\r\n<\/section>\n<div class=\"wp-block-group pageContainerStyle\"><div class=\"wp-block-group__inner-container is-layout-constrained wp-block-group-is-layout-constrained\">\n<h2 class=\"wp-block-heading\" id=\"h-navigating-the-intricacies-of-bengali-grammar\">Eligazod\u00e1s a beng\u00e1li nyelvtan bonyolults\u00e1g\u00e1ban<\/h2>\n\n\n\n<p><a href=\"https:\/\/talkpal.ai\/hu\/tanulj-bengaliul\/\">A beng\u00e1li<\/a> nyelv, egy gazdag t\u00f6rt\u00e9nelemmel \u00e9s kultur\u00e1lis jelent\u0151s\u00e9ggel b\u00edr\u00f3 indo\u00e1rja nyelv, izgalmas nyelvi \u00e9lm\u00e9nyt k\u00edn\u00e1l azok sz\u00e1m\u00e1ra, akik sz\u00edvesen felfedezik egyedi nyelvtani rendszer\u00e9t. Ahogy a beng\u00e1li birodalomba mer\u00e9szkedik, nemcsak nyelvi reperto\u00e1rj\u00e1t gazdag\u00edtja, hanem egy leny\u0171g\u00f6z\u0151 kultur\u00e1lis utaz\u00e1st is megteszel. B\u00e1r a beng\u00e1li <a href=\"https:\/\/talkpal.ai\/grammar\/\">nyelvtan<\/a> els\u0151re bonyolultnak t\u0171nhet, az alapvet\u0151 \u00f6sszetev\u0151kre bont\u00e1sa megk\u00f6zel\u00edthet\u0151bb\u00e9 teszi a nyelvtanul\u00e1st. Ebben a cikkben felt\u00e1rjuk a beng\u00e1li nyelvtan mag\u00e1val ragad\u00f3 vil\u00e1g\u00e1t, \u00e9s tippeket adunk annak \u00f6sszetetts\u00e9g\u00e9nek elsaj\u00e1t\u00edt\u00e1s\u00e1hoz.<\/p>\n\n\n\n<h3 class=\"wp-block-heading\" id=\"h-1-bengali-alphabet-and-phonetics\">1. Beng\u00e1li \u00e1b\u00e9c\u00e9 \u00e9s fonetika<\/h3>\n\n\n\n<p>A beng\u00e1li \u00edr\u00e1s 11 mag\u00e1nhangz\u00f3t \u00e9s 39 m\u00e1ssalhangz\u00f3t tartalmaz\u00f3 abugid\u00e1t haszn\u00e1l, valamint olyan jeleket, mint a chandrabindu, a visarga \u00e9s az anusvara. A beng\u00e1li nyelvtan elsaj\u00e1t\u00edt\u00e1s\u00e1hoz elengedhetetlen, hogy megismerkedjen ezzel a jellegzetes \u00edr\u00e1srendszerrel a beng\u00e1li nyelv\u0171 olvas\u00e1s \u00e9s \u00edr\u00e1s gyakorl\u00e1s\u00e1val. A legfontosabb fonetikai jellemz\u0151k k\u00f6z\u00e9 tartozik a benne rejl\u0151 mag\u00e1nhangz\u00f3, a fog\u00e1szati \u00e9s retroflex hangok k\u00f6z\u00f6tti kontrasztok, valamint az aspir\u00e1lt \u00e9s nem aspir\u00e1lt m\u00e1ssalhangz\u00f3k.<\/p>\n\n\n\n<h3 class=\"wp-block-heading\" id=\"h-2-sandhi-and-conjuncts-a-distinctive-bengali-feature\">2. Sandhi \u00e9s k\u00f6t\u0151szavak: jellegzetes beng\u00e1li tulajdons\u00e1g<\/h3>\n\n\n\n<p>A beng\u00e1li nyelv egyik legszembet\u0171n\u0151bb aspektusa a sandhi \u00e9s a m\u00e1ssalhangz\u00f3 k\u00f6t\u0151szavak elterjedts\u00e9ge, amelyek megv\u00e1ltoztathatj\u00e1k a kiejt\u00e9st \u00e9s a helyes\u00edr\u00e1st a morf\u00e9ma \u00e9s a sz\u00f3hat\u00e1rokon. A gyakori mint\u00e1k k\u00f6z\u00e9 tartozik a mag\u00e1nhangz\u00f3k cs\u00f6kkent\u00e9se vagy elizionja, az asszimil\u00e1ci\u00f3, az naz\u00e1lis \u00e9s a ligat\u00far\u00e1k \u00edr\u00e1sbeli kialakul\u00e1sa. Annak meg\u00e9rt\u00e9se, hogy mikor \u00e9s hogyan t\u00f6rt\u00e9nnek ezek a v\u00e1ltoz\u00e1sok, l\u00e9tfontoss\u00e1g\u00fa a beng\u00e1li nyelv pontos kommunik\u00e1ci\u00f3j\u00e1hoz.<\/p>\n\n\n\n<h3 class=\"wp-block-heading\" id=\"h-3-nouns-and-pronouns-classifiers-and-cases\">3. F\u0151nevek \u00e9s n\u00e9vm\u00e1sok: oszt\u00e1lyoz\u00f3k \u00e9s esetek<\/h3>\n\n\n\n<p>A beng\u00e1li f\u0151neveknek nincs nyelvtani neme, \u00e9s a t\u00f6bbes sz\u00e1m jel\u00f6l\u00e9se gyakran oszt\u00e1lyoz\u00f3kat foglal mag\u00e1ban. Az esetjel\u00f6l\u0151k ut\u00f3tagk\u00e9nt vannak csatolva, p\u00e9ld\u00e1ul birtokos -r vagy -er, objekt\u00edv -ke \u00e9s -e helyhat\u00e1roz\u00f3. Az olyan oszt\u00e1lyoz\u00f3k, mint a -ta vagy -ti, -jon \u00e9s -khana f\u0151nevek sz\u00e1ml\u00e1l\u00e1sakor vagy megad\u00e1sakor haszn\u00e1latosak. A beng\u00e1li n\u00e9vm\u00e1sok k\u00f6z\u00e9 tartoznak a szem\u00e9lyes, birtokos, reflex\u00edv, demonstrat\u00edv \u00e9s k\u00e9rd\u0151 form\u00e1k, \u00e9s az udvariass\u00e1g szintjeit t\u00fckr\u00f6zik, p\u00e9ld\u00e1ul <a href=\"https:\/\/talkpal.ai\/locations\/language-courses-in-ami\/\">ami<\/a>, tumi, apni, tui, she, tara. Ezeknek a n\u00e9vm\u00e1soknak \u00e9s form\u00e1iknak a megismer\u00e9se jelent\u0151sen jav\u00edtja a beng\u00e1li nyelvtan meg\u00e9rt\u00e9s\u00e9t.<\/p>\n\n\n\n<h3 class=\"wp-block-heading\" id=\"h-4-verbs-structure-and-conjugation\">4. Ig\u00e9k: szerkezet \u00e9s ragoz\u00e1s<\/h3>\n\n\n\n<p>A beng\u00e1li ig\u00e9k jellegzetes szerkezetet \u00e9s ragoz\u00e1si mint\u00e1t k\u00f6vetnek az igeid\u0151t\u0151l, az aspektust\u00f3l, a hangulatt\u00f3l \u00e9s az udvariass\u00e1gt\u00f3l f\u00fcgg\u0151en. Az alapvet\u0151 igeid\u0151k a jelen, a m\u00falt \u00e9s a j\u00f6v\u0151, tov\u00e1bbi elemekkel, mint p\u00e9ld\u00e1ul a progressz\u00edv \u00e9s t\u00f6k\u00e9letes aspektusok, valamint a felt\u00e9teles \u00e9s imperat\u00edv hangulatok. Az igeragoz\u00e1si szab\u00e1lyok elsaj\u00e1t\u00edt\u00e1sa, bele\u00e9rtve a na-val val\u00f3 gyakori negat\u00edv mint\u00e1kat is, jav\u00edtja a beng\u00e1li nyelven val\u00f3 hat\u00e9kony kommunik\u00e1ci\u00f3 k\u00e9pess\u00e9g\u00e9t.<\/p>\n\n\n\n<h3 class=\"wp-block-heading\" id=\"h-5-adjectives-agreement-and-placement\">5. Mell\u00e9knevek: meg\u00e1llapod\u00e1s \u00e9s elhelyez\u00e9s<\/h3>\n\n\n\n<p>Egyet\u00e9rt\u00e9s \u00e9s elhelyez\u00e9s A beng\u00e1li nyelvtanban a mell\u00e9knevek \u00e1ltal\u00e1ban megel\u0151zik az \u00e1ltaluk m\u00f3dos\u00edtott f\u0151nevet, \u00e9s nem\u00fckben vagy sz\u00e1mukban nem egyeznek meg a f\u0151n\u00e9vvel. Az \u00f6sszehasonl\u00edt\u00f3 \u00e9s szuperlat\u00edvusz\u00fa jelent\u00e9seket gyakran analitikusan fejezik ki, p\u00e9ld\u00e1ul a beshi az \u00f6sszehasonl\u00edt\u00f3 \u00e9s a shobcheye a szuperlat\u00edvusz helyett, b\u00e1r l\u00e9teznek olyan form\u00e1lis ut\u00f3tagok is, mint a -toro \u00e9s a -tomo.<\/p>\n\n\n\n<p><strong>P\u00e9ld\u00e1k:<\/strong><\/p>\n\n\n\n<p><strong>\u2013 chhoto bachchara (kisgyerekek)<\/strong><\/p>\n\n\n\n<p><strong>\u2013 Boro Bhalobasha (Nagy szerelem)<\/strong><\/p>\n\n\n\n<h3 class=\"wp-block-heading\" id=\"h-6-engaging-with-the-language\">6. A nyelv haszn\u00e1lata<\/h3>\n\n\n\n<p>A beng\u00e1li nyelvtan teljes meg\u00e9rt\u00e9s\u00e9nek \u00e9s internaliz\u00e1l\u00e1s\u00e1nak leghat\u00e9konyabb m\u00f3dja a nyelv k\u00f6vetkezetes kezel\u00e9se. A beng\u00e1li irodalom olvas\u00e1s\u00e1val, beng\u00e1li filmek vagy telev\u00edzi\u00f3s sorozatok n\u00e9z\u00e9s\u00e9vel \u00e9s az anyanyelvi besz\u00e9l\u0151kkel val\u00f3 akt\u00edv kommunik\u00e1ci\u00f3val meger\u0151s\u00edti nyelvtani meg\u00e9rt\u00e9s\u00e9t, mik\u00f6zben b\u0151v\u00edti sz\u00f3kincs\u00e9t.<\/p>\n\n\n\n<h3 class=\"wp-block-heading\" id=\"h-conclusion\">K\u00f6vetkeztet\u00e9s<\/h3>\n\n\n\n<p>B\u00e1r a beng\u00e1li nyelvtan bonyolultnak t\u0171nhet, elhivatotts\u00e1ggal, gyakorl\u00e1ssal \u00e9s lelkesed\u00e9ssel j\u00e1rtass\u00e1 v\u00e1lhat ebben a gy\u00f6ny\u00f6r\u0171 nyelvben. Ha az alapvet\u0151 szab\u00e1lyokra \u00f6sszpontos\u00edt, \u00e9s k\u00fcl\u00f6nb\u00f6z\u0151 kontextusokban foglalkozik a nyelvvel, gyorsan fejlesztheti beng\u00e1li <a href=\"https:\/\/talkpal.ai\/hu\/nyelvtan\/\">nyelvtani k\u00e9szs\u00e9geit<\/a>. Shubho kamona (sok szerencs\u00e9t) a beng\u00e1li nyelvi utaz\u00e1shoz, \u00e9s \u00e9lvezze a beng\u00e1li nyelvtan rejt\u00e9lyes, m\u00e9gis mag\u00e1val ragad\u00f3 vil\u00e1g\u00e1nak felt\u00e1r\u00e1s\u00e1t!<\/p>\n<\/div><\/div>\n\r\n<section class=\"learnNavigationSection\">\r\n            \r\n        <a href=\"https:\/\/talkpal.ai\/hu\/tanulj-bengaliul\/\">\r\n            <div class=\"learnNavigationWrapper\">\r\n                <div class=\"learnNavigationContent\">\r\n                    <img decoding=\"async\" src=\"https:\/\/talkpal.ai\/wp-content\/uploads\/2025\/11\/Bengali.png\" alt=\"Bengali Flag\">\r\n                    <div>\r\n                        <h4>A beng\u00e1li tanul\u00e1sr\u00f3l<\/h4>\r\n                        <p>Tudjon meg mindent a beng\u00e1li nyelvtanr\u00f3l.<\/p>\r\n                    <\/div>\r\n                <\/div>\r\n            <\/div>\r\n        <\/a>\r\n\r\n        \r\n        <a href=\"https:\/\/talkpal.ai\/hu\/bengali-nyelvtani-gyakorlatok\/\">\r\n            <div class=\"learnNavigationWrapper\">\r\n                <div class=\"learnNavigationContent\">\r\n                    <img decoding=\"async\" src=\"https:\/\/talkpal.ai\/wp-content\/uploads\/2025\/11\/Bengali.png\" alt=\"Bengali Flag\">\r\n                    <div>\r\n                        <h4>Beng\u00e1li nyelvtani gyakorlat<\/h4>\r\n                        <p>Gyakorold a beng\u00e1li nyelvtant.<\/p>\r\n                    <\/div>\r\n                <\/div>\r\n            <\/div>\r\n        <\/a>\r\n\r\n            <\/section>","protected":false},"excerpt":{"rendered":"<p>Eligazod\u00e1s a beng\u00e1li nyelvtan bonyolults\u00e1g\u00e1ban A beng\u00e1li nyelv, egy gazdag t\u00f6rt\u00e9nelemmel \u00e9s kultur\u00e1lis jelent\u0151s\u00e9ggel b\u00edr\u00f3 indo\u00e1rja nyelv, izgalmas nyelvi \u00e9lm\u00e9nyt k\u00edn\u00e1l azok sz\u00e1m\u00e1ra, akik sz\u00edvesen felfedezik egyedi nyelvtani rendszer\u00e9t. Ahogy a beng\u00e1li birodalomba mer\u00e9szkedik, nemcsak nyelvi reperto\u00e1rj\u00e1t gazdag\u00edtja, hanem egy leny\u0171g\u00f6z\u0151 kultur\u00e1lis utaz\u00e1st is megteszel. B\u00e1r a beng\u00e1li nyelvtan els\u0151re bonyolultnak t\u0171nhet, az alapvet\u0151 \u00f6sszetev\u0151kre [&hellip;]<\/p>\n","protected":false},"author":20,"featured_media":0,"parent":0,"menu_order":0,"comment_status":"closed","ping_status":"closed","template":"LearningContentPage.php","meta":{"_acf_changed":false,"footnotes":""},"class_list":["post-1475322","page","type-page","status-publish","hentry"],"acf":[],"yoast_head":"<!-- This site is optimized with the Yoast SEO Premium plugin v27.2 (Yoast SEO v27.2) - https:\/\/yoast.com\/product\/yoast-seo-premium-wordpress\/ -->\n<title>Beng\u00e1li nyelvtan - Talkpal<\/title>\n<meta name=\"description\" content=\"Fejlett mesters\u00e9ges intelligenci\u00e1val rendelkez\u0151 nyelvtan\u00e1runk seg\u00edts\u00e9g\u00e9vel megfejtheti a beng\u00e1li nyelvtan titkait \u00e9s felgyors\u00edthatja a tanul\u00e1si folyamatot.\" \/>\n<meta name=\"robots\" content=\"index, follow, max-snippet:-1, max-image-preview:large, max-video-preview:-1\" \/>\n<link rel=\"canonical\" href=\"https:\/\/talkpal.ai\/hu\/bengali-nyelvtan\/\" \/>\n<meta property=\"og:locale\" content=\"hu_HU\" \/>\n<meta property=\"og:type\" content=\"article\" \/>\n<meta property=\"og:title\" content=\"Beng\u00e1li nyelvtan\" \/>\n<meta property=\"og:description\" content=\"Eligazod\u00e1s a beng\u00e1li nyelvtan bonyolults\u00e1g\u00e1ban A beng\u00e1li nyelv, egy gazdag t\u00f6rt\u00e9nelemmel \u00e9s kultur\u00e1lis jelent\u0151s\u00e9ggel b\u00edr\u00f3 indo\u00e1rja nyelv, izgalmas nyelvi\" \/>\n<meta property=\"og:url\" content=\"https:\/\/talkpal.ai\/hu\/bengali-nyelvtan\/\" \/>\n<meta property=\"og:site_name\" content=\"Talkpal\" \/>\n<meta property=\"article:publisher\" content=\"https:\/\/www.facebook.com\/profile.php?id=100090733639311\" \/>\n<meta property=\"article:modified_time\" content=\"2025-12-30T15:14:17+00:00\" \/>\n<meta property=\"og:image\" content=\"https:\/\/talkpal.ai\/wp-content\/uploads\/2025\/02\/Progress-tab-16_9.png\" \/>\n\t<meta property=\"og:image:width\" content=\"2880\" \/>\n\t<meta property=\"og:image:height\" content=\"1620\" \/>\n\t<meta property=\"og:image:type\" content=\"image\/png\" \/>\n<meta name=\"twitter:card\" content=\"summary_large_image\" \/>\n<meta name=\"twitter:site\" content=\"@talkpalai\" \/>\n<meta name=\"twitter:label1\" content=\"Becs\u00fclt olvas\u00e1si id\u0151\" \/>\n\t<meta name=\"twitter:data1\" content=\"4 perc\" \/>\n<script type=\"application\/ld+json\" class=\"yoast-schema-graph\">{\"@context\":\"https:\/\/schema.org\",\"@graph\":[{\"@type\":\"WebPage\",\"@id\":\"https:\/\/talkpal.ai\/hu\/bengali-nyelvtan\/\",\"url\":\"https:\/\/talkpal.ai\/hu\/bengali-nyelvtan\/\",\"name\":\"Beng\u00e1li nyelvtan - Talkpal\",\"isPartOf\":{\"@id\":\"https:\/\/talkpal.ai\/hu\/#website\"},\"datePublished\":\"2025-11-11T15:54:57+00:00\",\"dateModified\":\"2025-12-30T15:14:17+00:00\",\"description\":\"Fejlett mesters\u00e9ges intelligenci\u00e1val rendelkez\u0151 nyelvtan\u00e1runk seg\u00edts\u00e9g\u00e9vel megfejtheti a beng\u00e1li nyelvtan titkait \u00e9s felgyors\u00edthatja a tanul\u00e1si folyamatot.\",\"breadcrumb\":{\"@id\":\"https:\/\/talkpal.ai\/hu\/bengali-nyelvtan\/#breadcrumb\"},\"inLanguage\":\"hu\",\"potentialAction\":[{\"@type\":\"ReadAction\",\"target\":[\"https:\/\/talkpal.ai\/hu\/bengali-nyelvtan\/\"]}]},{\"@type\":\"BreadcrumbList\",\"@id\":\"https:\/\/talkpal.ai\/hu\/bengali-nyelvtan\/#breadcrumb\",\"itemListElement\":[{\"@type\":\"ListItem\",\"position\":1,\"name\":\"Homepage\",\"item\":\"https:\/\/talkpal.ai\/hu\/\"},{\"@type\":\"ListItem\",\"position\":2,\"name\":\"Beng\u00e1li nyelvtan\"}]},{\"@type\":\"WebSite\",\"@id\":\"https:\/\/talkpal.ai\/hu\/#website\",\"url\":\"https:\/\/talkpal.ai\/hu\/\",\"name\":\"Talkpal\",\"description\":\"AI Language Learning\",\"publisher\":{\"@id\":\"https:\/\/talkpal.ai\/hu\/#organization\"},\"alternateName\":\"Talkpal AI\",\"potentialAction\":[{\"@type\":\"SearchAction\",\"target\":{\"@type\":\"EntryPoint\",\"urlTemplate\":\"https:\/\/talkpal.ai\/hu\/?s={search_term_string}\"},\"query-input\":{\"@type\":\"PropertyValueSpecification\",\"valueRequired\":true,\"valueName\":\"search_term_string\"}}],\"inLanguage\":\"hu\"},{\"@type\":\"Organization\",\"@id\":\"https:\/\/talkpal.ai\/hu\/#organization\",\"name\":\"Talkpal, Inc.\",\"alternateName\":\"Talkpal AI\",\"url\":\"https:\/\/talkpal.ai\/hu\/\",\"logo\":{\"@type\":\"ImageObject\",\"inLanguage\":\"hu\",\"@id\":\"https:\/\/talkpal.ai\/hu\/#\/schema\/logo\/image\/\",\"url\":\"https:\/\/talkpal.ai\/wp-content\/uploads\/2024\/03\/Talkpal-Logo-Icon.png\",\"contentUrl\":\"https:\/\/talkpal.ai\/wp-content\/uploads\/2024\/03\/Talkpal-Logo-Icon.png\",\"width\":2880,\"height\":2880,\"caption\":\"Talkpal, Inc.\"},\"image\":{\"@id\":\"https:\/\/talkpal.ai\/hu\/#\/schema\/logo\/image\/\"},\"sameAs\":[\"https:\/\/www.facebook.com\/profile.php?id=100090733639311\",\"https:\/\/x.com\/talkpalai\",\"https:\/\/www.linkedin.com\/company\/talkpal\/\",\"https:\/\/www.youtube.com\/@TalkPal\/\",\"https:\/\/www.tiktok.com\/@talkpal\",\"https:\/\/www.instagram.com\/talkpal_ai\/\",\"https:\/\/www.crunchbase.com\/organization\/talkpal-9cde\",\"https:\/\/www.g2.com\/products\/talkpal-for-business\/\",\"https:\/\/www.trustpilot.com\/review\/talkpal.ai\",\"https:\/\/www.capterra.com\/p\/10006800\/TalkPal\/\"],\"description\":\"Talkpal is a language learning web and mobile education app, powered by the latest AI technologies, that provides engaging experiences to its customers in many different languages to help them improve their language skills. Users can chat about unlimited amount of topics with the app and use other modes to practice their language learning.\",\"email\":\"support@talkpal.ai\",\"legalName\":\"Talkpal, Inc.\",\"foundingDate\":\"2023-04-03\",\"duns\":\"118989042\",\"numberOfEmployees\":{\"@type\":\"QuantitativeValue\",\"minValue\":\"11\",\"maxValue\":\"50\"},\"publishingPrinciples\":\"https:\/\/talkpal.ai\/publishing-principles\/\",\"actionableFeedbackPolicy\":\"https:\/\/talkpal.ai\/actionable-feedback-policy\/\",\"correctionsPolicy\":\"https:\/\/talkpal.ai\/corrections-policy\/\",\"ethicsPolicy\":\"https:\/\/talkpal.ai\/ethics-policy\/\",\"diversityPolicy\":\"https:\/\/talkpal.ai\/diversity-policy\/\",\"diversityStaffingReport\":\"https:\/\/talkpal.ai\/diversity-policy\/\"}]}<\/script>\n<!-- \/ Yoast SEO Premium plugin. -->","yoast_head_json":{"title":"Beng\u00e1li nyelvtan - Talkpal","description":"Fejlett mesters\u00e9ges intelligenci\u00e1val rendelkez\u0151 nyelvtan\u00e1runk seg\u00edts\u00e9g\u00e9vel megfejtheti a beng\u00e1li nyelvtan titkait \u00e9s felgyors\u00edthatja a tanul\u00e1si folyamatot.","robots":{"index":"index","follow":"follow","max-snippet":"max-snippet:-1","max-image-preview":"max-image-preview:large","max-video-preview":"max-video-preview:-1"},"canonical":"https:\/\/talkpal.ai\/hu\/bengali-nyelvtan\/","og_locale":"hu_HU","og_type":"article","og_title":"Beng\u00e1li nyelvtan","og_description":"Eligazod\u00e1s a beng\u00e1li nyelvtan bonyolults\u00e1g\u00e1ban A beng\u00e1li nyelv, egy gazdag t\u00f6rt\u00e9nelemmel \u00e9s kultur\u00e1lis jelent\u0151s\u00e9ggel b\u00edr\u00f3 indo\u00e1rja nyelv, izgalmas nyelvi","og_url":"https:\/\/talkpal.ai\/hu\/bengali-nyelvtan\/","og_site_name":"Talkpal","article_publisher":"https:\/\/www.facebook.com\/profile.php?id=100090733639311","article_modified_time":"2025-12-30T15:14:17+00:00","og_image":[{"width":2880,"height":1620,"url":"https:\/\/talkpal.ai\/wp-content\/uploads\/2025\/02\/Progress-tab-16_9.png","type":"image\/png"}],"twitter_card":"summary_large_image","twitter_site":"@talkpalai","twitter_misc":{"Becs\u00fclt olvas\u00e1si id\u0151":"4 perc"},"schema":{"@context":"https:\/\/schema.org","@graph":[{"@type":"WebPage","@id":"https:\/\/talkpal.ai\/hu\/bengali-nyelvtan\/","url":"https:\/\/talkpal.ai\/hu\/bengali-nyelvtan\/","name":"Beng\u00e1li nyelvtan - Talkpal","isPartOf":{"@id":"https:\/\/talkpal.ai\/hu\/#website"},"datePublished":"2025-11-11T15:54:57+00:00","dateModified":"2025-12-30T15:14:17+00:00","description":"Fejlett mesters\u00e9ges intelligenci\u00e1val rendelkez\u0151 nyelvtan\u00e1runk seg\u00edts\u00e9g\u00e9vel megfejtheti a beng\u00e1li nyelvtan titkait \u00e9s felgyors\u00edthatja a tanul\u00e1si folyamatot.","breadcrumb":{"@id":"https:\/\/talkpal.ai\/hu\/bengali-nyelvtan\/#breadcrumb"},"inLanguage":"hu","potentialAction":[{"@type":"ReadAction","target":["https:\/\/talkpal.ai\/hu\/bengali-nyelvtan\/"]}]},{"@type":"BreadcrumbList","@id":"https:\/\/talkpal.ai\/hu\/bengali-nyelvtan\/#breadcrumb","itemListElement":[{"@type":"ListItem","position":1,"name":"Homepage","item":"https:\/\/talkpal.ai\/hu\/"},{"@type":"ListItem","position":2,"name":"Beng\u00e1li nyelvtan"}]},{"@type":"WebSite","@id":"https:\/\/talkpal.ai\/hu\/#website","url":"https:\/\/talkpal.ai\/hu\/","name":"Talkpal","description":"AI Language Learning","publisher":{"@id":"https:\/\/talkpal.ai\/hu\/#organization"},"alternateName":"Talkpal AI","potentialAction":[{"@type":"SearchAction","target":{"@type":"EntryPoint","urlTemplate":"https:\/\/talkpal.ai\/hu\/?s={search_term_string}"},"query-input":{"@type":"PropertyValueSpecification","valueRequired":true,"valueName":"search_term_string"}}],"inLanguage":"hu"},{"@type":"Organization","@id":"https:\/\/talkpal.ai\/hu\/#organization","name":"Talkpal, Inc.","alternateName":"Talkpal AI","url":"https:\/\/talkpal.ai\/hu\/","logo":{"@type":"ImageObject","inLanguage":"hu","@id":"https:\/\/talkpal.ai\/hu\/#\/schema\/logo\/image\/","url":"https:\/\/talkpal.ai\/wp-content\/uploads\/2024\/03\/Talkpal-Logo-Icon.png","contentUrl":"https:\/\/talkpal.ai\/wp-content\/uploads\/2024\/03\/Talkpal-Logo-Icon.png","width":2880,"height":2880,"caption":"Talkpal, Inc."},"image":{"@id":"https:\/\/talkpal.ai\/hu\/#\/schema\/logo\/image\/"},"sameAs":["https:\/\/www.facebook.com\/profile.php?id=100090733639311","https:\/\/x.com\/talkpalai","https:\/\/www.linkedin.com\/company\/talkpal\/","https:\/\/www.youtube.com\/@TalkPal\/","https:\/\/www.tiktok.com\/@talkpal","https:\/\/www.instagram.com\/talkpal_ai\/","https:\/\/www.crunchbase.com\/organization\/talkpal-9cde","https:\/\/www.g2.com\/products\/talkpal-for-business\/","https:\/\/www.trustpilot.com\/review\/talkpal.ai","https:\/\/www.capterra.com\/p\/10006800\/TalkPal\/"],"description":"Talkpal is a language learning web and mobile education app, powered by the latest AI technologies, that provides engaging experiences to its customers in many different languages to help them improve their language skills. Users can chat about unlimited amount of topics with the app and use other modes to practice their language learning.","email":"support@talkpal.ai","legalName":"Talkpal, Inc.","foundingDate":"2023-04-03","duns":"118989042","numberOfEmployees":{"@type":"QuantitativeValue","minValue":"11","maxValue":"50"},"publishingPrinciples":"https:\/\/talkpal.ai\/publishing-principles\/","actionableFeedbackPolicy":"https:\/\/talkpal.ai\/actionable-feedback-policy\/","correctionsPolicy":"https:\/\/talkpal.ai\/corrections-policy\/","ethicsPolicy":"https:\/\/talkpal.ai\/ethics-policy\/","diversityPolicy":"https:\/\/talkpal.ai\/diversity-policy\/","diversityStaffingReport":"https:\/\/talkpal.ai\/diversity-policy\/"}]}},"_links":{"self":[{"href":"https:\/\/talkpal.ai\/hu\/wp-json\/wp\/v2\/pages\/1475322","targetHints":{"allow":["GET"]}}],"collection":[{"href":"https:\/\/talkpal.ai\/hu\/wp-json\/wp\/v2\/pages"}],"about":[{"href":"https:\/\/talkpal.ai\/hu\/wp-json\/wp\/v2\/types\/page"}],"author":[{"embeddable":true,"href":"https:\/\/talkpal.ai\/hu\/wp-json\/wp\/v2\/users\/20"}],"replies":[{"embeddable":true,"href":"https:\/\/talkpal.ai\/hu\/wp-json\/wp\/v2\/comments?post=1475322"}],"version-history":[{"count":0,"href":"https:\/\/talkpal.ai\/hu\/wp-json\/wp\/v2\/pages\/1475322\/revisions"}],"wp:attachment":[{"href":"https:\/\/talkpal.ai\/hu\/wp-json\/wp\/v2\/media?parent=1475322"}],"curies":[{"name":"wp","href":"https:\/\/api.w.org\/{rel}","templated":true}]}}