{"id":1475320,"date":"2025-11-11T15:55:06","date_gmt":"2025-11-11T15:55:06","guid":{"rendered":"https:\/\/talkpal.ai\/bengali-nyelvtani-gyakorlatok\/"},"modified":"2025-12-30T15:03:34","modified_gmt":"2025-12-30T15:03:34","slug":"bengali-nyelvtani-gyakorlatok","status":"publish","type":"page","link":"https:\/\/talkpal.ai\/hu\/bengali-nyelvtani-gyakorlatok\/","title":{"rendered":"Beng\u00e1li nyelvtani gyakorlatok"},"content":{"rendered":"\r\n\r\n\r\n<section class=\"languageChallengeSection\">\r\n    <div class=\"languageInfoWrapper\">\r\n        \r\n        <h1>Beng\u00e1li nyelvtani gyakorlatok<\/h1>\r\n        <p>K\u00e9szen \u00e1llsz arra, hogy belemer\u00fclj a <a href=\"https:\/\/talkpal.ai\/learn-bengali\/\">beng\u00e1li<\/a> nyelvtanba? N\u00e9h\u00e1ny alapismeret begyakorl\u00e1sa seg\u00edt abban, hogy elsaj\u00e1t\u00edtsd ezt az egyed\u00fcl\u00e1ll\u00f3 \u00e9s gy\u00f6ny\u00f6r\u0171 nyelvet. Pr\u00f3b\u00e1ld ki ezeket a gyakorlatokat, hogy n\u00f6veld az \u00f6nbizalmadat, \u00e9s k\u00f6zben j\u00f3l \u00e9rezd magad!<\/p>\r\n\r\n                            <a class=\"getStartedHidden\" href=\"https:\/\/app.talkpal.ai\/hu\/signup?lng=\">Kezdj\u00fck<\/a>\r\n        \r\n    <\/div>\r\n\r\n    <figure>\r\n    <img decoding=\"async\" width=\"768\" height=\"768\" src=\"https:\/\/talkpal.ai\/wp-content\/uploads\/2023\/06\/welsh-768x768.png\" class=\"languageImage no-lazy\" alt=\"Language learning for better cognitive abilities\" fetchpriority=\"high\" sizes=\"(max-width: 768px) 150px, 768px\" srcset=\"https:\/\/talkpal.ai\/wp-content\/uploads\/2023\/06\/welsh-768x768.png 768w, https:\/\/talkpal.ai\/wp-content\/uploads\/2023\/06\/welsh-300x300.png 300w\" \/>\r\n    \r\n\r\n    <\/figure>\r\n\r\n            <a class=\"getStartedVisible\" href=\"https:\/\/app.talkpal.ai\/hu\/signup?lng=\">Kezdj\u00fck<\/a>\r\n    \r\n<\/section><section class=\"promotionalBanner\">\r\n    <p class=\"promotionalText\">A nyelvtanul\u00e1s leghat\u00e9konyabb m\u00f3dja<\/p>\r\n    <a class=\"promotionalLink\" href=\"https:\/\/app.talkpal.ai\/hu\/signup?lng=\">Pr\u00f3b\u00e1lja ki a Talkpal ingyen<\/a>\r\n<\/section>\n<div class=\"wp-block-group pageContainerStyle\"><div class=\"wp-block-group__inner-container is-layout-constrained wp-block-group-is-layout-constrained\">\n<h2 class=\"wp-block-heading\" id=\"h-bengali-grammar-topics\">Beng\u00e1li nyelvtani t\u00e9m\u00e1k<\/h2>\n\n\n\n<p><a href=\"https:\/\/talkpal.ai\/hu\/a-legnagyobb-hibak-amelyeket-el-kell-kerulni-ha-uj-nyelvet-tanulunk\/\">Egy \u00faj nyelv elsaj\u00e1t\u00edt\u00e1sa<\/a> kih\u00edv\u00e1st jelent\u0151, de kifizet\u0151d\u0151 v\u00e1llalkoz\u00e1s lehet. Ez al\u00f3l a <a href=\"https:\/\/talkpal.ai\/learn-bengali\/\">beng\u00e1li<\/a>, egy indo\u00e1rja nyelv, amelyet f\u0151leg Bangladesben \u00e9s az indiai Nyugat-Beng\u00e1l \u00e1llamban besz\u00e9lnek. Egyedi tulajdons\u00e1gaival \u00e9s szerkezet\u00e9vel a beng\u00e1li <a href=\"https:\/\/talkpal.ai\/hu\/talkpal-for-education\/\">nyelvtanul\u00e1s<\/a> szisztematikus megk\u00f6zel\u00edt\u00e9st ig\u00e9nyel a <a href=\"https:\/\/talkpal.ai\/grammar\/\">nyelvtan<\/a> meg\u00e9rt\u00e9s\u00e9hez. <a href=\"https:\/\/talkpal.ai\/culture\/how-do-you-use-the-demonstrative-pronouns-ez-and-az\/\">Ez az<\/a> \u00fatmutat\u00f3 a <a href=\"https:\/\/talkpal.ai\/hu\/bengali-nyelvtan\/\">beng\u00e1li nyelvtan<\/a> kulcsfontoss\u00e1g\u00fa ter\u00fcleteit v\u00e1zolja fel logikai sorrendben a <a href=\"https:\/\/talkpal.ai\/hu\/ai-chatbot-a-nyelvtanulashoz\/\">nyelvtanul\u00e1shoz<\/a>, kezdve az alapokt\u00f3l, p\u00e9ld\u00e1ul a f\u0151nevekt\u0151l \u00e9s a cikkekt\u0151l, \u00e9s tov\u00e1bbhaladva az \u00f6sszetettebb ter\u00fcletekig, mint p\u00e9ld\u00e1ul az igeid\u0151k \u00e9s a mondat\u00e9p\u00edt\u00e9s.<\/p>\n\n\n\n<h3 class=\"wp-block-heading\" id=\"h-1-nouns\">1. F\u0151nevek:<\/h3>\n\n\n\n<p>Kezdje beng\u00e1li nyelvi \u00fatj\u00e1t a f\u0151nevek elsaj\u00e1t\u00edt\u00e1s\u00e1val. Ez mag\u00e1ban foglalja a k\u00f6z- \u00e9s tulajdonnevek meg\u00e9rt\u00e9s\u00e9t, a t\u00f6bbes sz\u00e1m kifejez\u00e9s\u00e9t olyan form\u00e1kkal, mint a -ra az emberekre \u00e9s a -gulo vagy -guli a dolgokra, valamint az oszt\u00e1lyoz\u00f3k szerep\u00e9t a sz\u00e1mokkal.<\/p>\n\n\n\n<h3 class=\"wp-block-heading\" id=\"h-2-articles\">2. Cikkek:<\/h3>\n\n\n\n<p>A beng\u00e1li nyelvnek nincs hat\u00e1rozott vagy hat\u00e1rozatlan n\u00e9vel\u0151je, mint <a href=\"https:\/\/talkpal.ai\/ai-english-speaking-practice\/\">az angolnak<\/a>. Ehelyett a hat\u00e1rozotts\u00e1got \u00e9s a hat\u00e1rozatlans\u00e1got kontextus, demonstrat\u00edvumok, sz\u00e1mok \u00e9s oszt\u00e1lyoz\u00f3k, p\u00e9ld\u00e1ul -ta, -ti, -khana, \u00e9s t\u00f6bbes sz\u00e1m\u00fa jel\u00f6l\u0151k, p\u00e9ld\u00e1ul -gulo fejezik ki.<\/p>\n\n\n\n<h3 class=\"wp-block-heading\" id=\"h-3-adjectives\">3. Mell\u00e9knevek:<\/h3>\n\n\n\n<p>A beng\u00e1li mell\u00e9knevek \u00e1ltal\u00e1ban megel\u0151zik a f\u0151nev\u00fcket. \u00c1ltal\u00e1ban nem v\u00e1ltoznak nem vagy sz\u00e1m szerint. Tanuld meg, hogyan kapcsold \u00f6ssze a f\u0151n\u00e9vszer\u0171 m\u00f3dos\u00edt\u00f3kat az -er birtokossal, \u00e9s hogyan alak\u00edtsunk ki \u00f6sszehasonl\u00edt\u00f3 \u00e9s szuperlat\u00edvuszokat az aro \u00e9s a shobcheye szuperlat\u00edvusz haszn\u00e1lat\u00e1val, valamint az irodalmi ut\u00f3tagokat -tar \u00e9s -tam.<\/p>\n\n\n\n<h3 class=\"wp-block-heading\" id=\"h-4-pronouns-determiners\">4. N\u00e9vm\u00e1sok\/determin\u00e1nsok:<\/h3>\n\n\n\n<p>A n\u00e9vm\u00e1sok \u00e9s a determin\u00e1nsok elengedhetetlenek a beng\u00e1li nyelvben. Saj\u00e1t\u00edtsd el a szem\u00e9lyes n\u00e9vm\u00e1sokat a formalit\u00e1si szinteken \u00e9s a k\u00f6zels\u00e9gen, mint p\u00e9ld\u00e1ul <a href=\"https:\/\/talkpal.ai\/locations\/language-courses-in-ami\/\">ami<\/a>, tumi, apni, tui, eta, ota, seta. Tanulja meg a birtokos -er birtokos \u00e9s mennyis\u00e9gi szavakat, mint p\u00e9ld\u00e1ul onek, kichu, koyek, \u00e9s hogyan <a href=\"https:\/\/talkpal.ai\/locations\/language-courses-in-van\/\">van<\/a> sz\u00fcks\u00e9g oszt\u00e1lyoz\u00f3kra a sz\u00e1mok \u00e9s sok meghat\u00e1roz\u00f3 ut\u00e1n.<\/p>\n\n\n\n<h3 class=\"wp-block-heading\" id=\"h-5-verbs\">5. Ig\u00e9k:<\/h3>\n\n\n\n<p>A beng\u00e1li ig\u00e9k alakot v\u00e1ltoztatnak az igeid\u0151, az aspektus, a szem\u00e9ly \u00e9s a formalit\u00e1s szintje szempontj\u00e1b\u00f3l. Kezdje a jelen form\u00e1ival, \u00e9s l\u00e9pjen a m\u00faltba \u00e9s a j\u00f6v\u0151be. Ismerje meg, hogyan kombin\u00e1l\u00f3dnak az iget\u00f6vek az aspektusjel\u00f6l\u0151kkel \u00e9s a szem\u00e9lyes v\u00e9gz\u0151d\u00e9sekkel, valamint az imperat\u00edv \u00e9s k\u00f6t\u0151sz\u00f3szer\u0171 haszn\u00e1lattal.<\/p>\n\n\n\n<h3 class=\"wp-block-heading\" id=\"h-6-tenses\">6. Igeid\u0151k:<\/h3>\n\n\n\n<p>Az igemint\u00e1k elsaj\u00e1t\u00edt\u00e1sa ut\u00e1n m\u00e9lyedjen el a beng\u00e1li igeid\u0151ben \u00e9s aspektusban. \u00c9rtse meg a jelent, a m\u00faltat \u00e9s a j\u00f6v\u0151t, valamint az olyan aspektu\u00e1lis megk\u00fcl\u00f6nb\u00f6ztet\u00e9seket, mint az egyszer\u0171, progressz\u00edv \u00e9s t\u00f6k\u00e9letes, \u00e9s hogy a formalit\u00e1s hogyan befoly\u00e1solja a befejez\u00e9seket.<\/p>\n\n\n\n<h3 class=\"wp-block-heading\" id=\"h-7-tense-comparison\">7. Fesz\u00fclt \u00f6sszehasonl\u00edt\u00e1s:<\/h3>\n\n\n\n<p>A beng\u00e1li igeid\u0151 \u00e9s szempontok \u00f6sszehasonl\u00edt\u00e1sa seg\u00edt meg\u00e9rteni az esem\u00e9nyek sorrendj\u00e9t \u00e9s \u00e1rnyalatait. Ha ugyanazt az ig\u00e9t hasonl\u00edtja \u00f6ssze a jelen, a m\u00falt, a j\u00f6v\u0151 \u00e9s a formalit\u00e1s szintjein, az meger\u0151s\u00edti a haszn\u00e1lat meg\u00e9rt\u00e9s\u00e9t.<\/p>\n\n\n\n<h3 class=\"wp-block-heading\" id=\"h-8-progressive\">8. Progressz\u00edv:<\/h3>\n\n\n\n<p>A beng\u00e1li progressz\u00edv folyamatos cselekedeteket fejez ki. Jellemz\u0151en az iget\u0151h\u00f6z csatolt progressz\u00edv -chh- jel\u00f6l\u0151vel \u00e9s szem\u00e9lyes v\u00e9gz\u0151d\u00e9sekkel alakul ki, p\u00e9ld\u00e1ul korchhi az \u00e9n csin\u00e1lom, \u00e9s egyes regiszterekben perifrasztikus alakokban is megjelenhet, mint p\u00e9ld\u00e1ul a korte achhi.<\/p>\n\n\n\n<h3 class=\"wp-block-heading\" id=\"h-9-perfect-progressive\">9. T\u00f6k\u00e9letes progressz\u00edv:<\/h3>\n\n\n\n<p>Ez egy bizonyos pontig folyamatban l\u00e9v\u0151 tev\u00e9kenys\u00e9geket fejez ki. A beng\u00e1li nyelvben \u00e1ltal\u00e1ban mell\u00e9kn\u00e9vi igen\u00e9vekkel \u00e9s seg\u00e9dszavakkal k\u00f6zvet\u00edtik, mint p\u00e9ld\u00e1ul a kore aschi for have been doing \u00e9s korte chhilam for was doing, a v\u00e1ltozatok a thaka-t haszn\u00e1lj\u00e1k a folytonoss\u00e1g hangs\u00falyoz\u00e1s\u00e1ra.<\/p>\n\n\n\n<h3 class=\"wp-block-heading\" id=\"h-10-conditionals\">10. Felt\u00e9telek:<\/h3>\n\n\n\n<p>A felt\u00e9teles kifejez\u00e9sek hipotetikus helyzeteket \u00e9s eredm\u00e9nyeket fejeznek ki. A beng\u00e1li nyelvben a jodi \u00e9s gyakran tahole r\u00e9szecsk\u00e9vel vannak alkotva, valamint olyan felt\u00e9teles ut\u00f3tagokkal, mint a -le az ig\u00e9n, \u00e9s kontrafaktu\u00e1lis a hoto for would have n\u00e9vvel.<\/p>\n\n\n\n<h3 class=\"wp-block-heading\" id=\"h-11-adverbs\">11. Hat\u00e1roz\u00f3sz\u00f3k:<\/h3>\n\n\n\n<p>A beng\u00e1li hat\u00e1roz\u00f3szavak ig\u00e9ket, mell\u00e9kneveket vagy m\u00e1s hat\u00e1roz\u00f3szavakat m\u00f3dos\u00edtanak. Tanuld meg a -bhabe-val alkotott hat\u00e1roz\u00f3szavakat, valamint a hely, az id\u0151 \u00e9s a fokozat \u00e1ltal\u00e1nos v\u00e1ltozatlan hat\u00e1roz\u00f3pontjait, mint p\u00e9ld\u00e1ul ekhane, ekhon, beshi \u00e9s khub.<\/p>\n\n\n\n<h3 class=\"wp-block-heading\" id=\"h-12-prepositions\">12. El\u00f6lj\u00e1r\u00f3szavak:<\/h3>\n\n\n\n<p>A beng\u00e1li ink\u00e1bb posztpoz\u00edci\u00f3kat haszn\u00e1l, mint el\u00f6lj\u00e1r\u00f3szavakat. K\u00f6vetik a f\u0151nevet, \u00e9s gyakran megk\u00f6vetelik a kis- vagy birtokos \u00f6sszekapcsol\u00e1st, p\u00e9ld\u00e1ul ghore, ghar theke, boi er upor, bandhuder shathe, kal porjonto, \u00e9s id\u0151, hely \u00e9s ir\u00e1ny kapcsolatait fejezik ki.<\/p>\n\n\n\n<h3 class=\"wp-block-heading\" id=\"h-13-sentences\">13. Mondatok:<\/h3>\n\n\n\n<p>V\u00e9g\u00fcl gyakorold a mondatok fel\u00e9p\u00edt\u00e9s\u00e9t. Ez mag\u00e1ban foglalja az \u00f6sszes kor\u00e1bban megtanult nyelvtani pont kontextusban val\u00f3 felhaszn\u00e1l\u00e1s\u00e1t, bele\u00e9rtve a tipikus SOV sz\u00f3rendet, a na-val val\u00f3 tagad\u00e1st, a jelenben a gyakran nulla kopul\u00e1t, valamint a ki \u00e9s wh-szavakkal val\u00f3 k\u00e9rd\u00e9sk\u00e9pz\u00e9st, \u00edgy biztos\u00edtva a beng\u00e1li nyelv \u00e1tfog\u00f3 meg\u00e9rt\u00e9s\u00e9t.<\/p>\n<\/div><\/div>\n\r\n<section class=\"learnNavigationSection\">\r\n            \r\n        <a href=\"https:\/\/talkpal.ai\/hu\/tanulj-bengaliul\/\">\r\n            <div class=\"learnNavigationWrapper\">\r\n                <div class=\"learnNavigationContent\">\r\n                    <img decoding=\"async\" src=\"https:\/\/talkpal.ai\/wp-content\/uploads\/2025\/11\/Bengali.png\" alt=\"Bengali Flag\">\r\n                    <div>\r\n                        <h4>A beng\u00e1li tanul\u00e1sr\u00f3l<\/h4>\r\n                        <p>Tudjon meg mindent a beng\u00e1li nyelvtanr\u00f3l.<\/p>\r\n                    <\/div>\r\n                <\/div>\r\n            <\/div>\r\n        <\/a>\r\n\r\n        \r\n        <a href=\"https:\/\/talkpal.ai\/hu\/bengali-nyelvtan\/\">\r\n            <div class=\"learnNavigationWrapper\">\r\n                <div class=\"learnNavigationContent\">\r\n                    <img decoding=\"async\" src=\"https:\/\/talkpal.ai\/wp-content\/uploads\/2025\/11\/Bengali.png\" alt=\"Bengali Flag\">\r\n                    <div>\r\n                        <h4>Beng\u00e1li nyelvtani leck\u00e9k<\/h4>\r\n                        <p>Gyakorold a beng\u00e1li nyelvtant.<\/p>\r\n                    <\/div>\r\n                <\/div>\r\n            <\/div>\r\n        <\/a>\r\n\r\n            <\/section>","protected":false},"excerpt":{"rendered":"<p>Beng\u00e1li nyelvtani t\u00e9m\u00e1k Egy \u00faj nyelv elsaj\u00e1t\u00edt\u00e1sa kih\u00edv\u00e1st jelent\u0151, de kifizet\u0151d\u0151 v\u00e1llalkoz\u00e1s lehet. Ez al\u00f3l a beng\u00e1li, egy indo\u00e1rja nyelv, amelyet f\u0151leg Bangladesben \u00e9s az indiai Nyugat-Beng\u00e1l \u00e1llamban besz\u00e9lnek. Egyedi tulajdons\u00e1gaival \u00e9s szerkezet\u00e9vel a beng\u00e1li nyelvtanul\u00e1s szisztematikus megk\u00f6zel\u00edt\u00e9st ig\u00e9nyel a nyelvtan meg\u00e9rt\u00e9s\u00e9hez. Ez az \u00fatmutat\u00f3 a beng\u00e1li nyelvtan kulcsfontoss\u00e1g\u00fa ter\u00fcleteit v\u00e1zolja fel logikai sorrendben a [&hellip;]<\/p>\n","protected":false},"author":20,"featured_media":0,"parent":0,"menu_order":0,"comment_status":"closed","ping_status":"closed","template":"LearningContentPage.php","meta":{"_acf_changed":false,"footnotes":""},"class_list":["post-1475320","page","type-page","status-publish","hentry"],"acf":[],"yoast_head":"<!-- This site is optimized with the Yoast SEO Premium plugin v27.2 (Yoast SEO v27.2) - https:\/\/yoast.com\/product\/yoast-seo-premium-wordpress\/ -->\n<title>Beng\u00e1li nyelvtani gyakorlatok - Talkpal<\/title>\n<meta name=\"description\" content=\"Saj\u00e1t\u00edtsa el a beng\u00e1li nyelvtan alapjait a f\u0151neveket, ig\u00e9ket \u00e9s igeid\u0151ket lefed\u0151 interakt\u00edv gyakorlatokkal, hogy n\u00f6velje nyelvtud\u00e1s\u00e1t.\" \/>\n<meta name=\"robots\" content=\"index, follow, max-snippet:-1, max-image-preview:large, max-video-preview:-1\" \/>\n<link rel=\"canonical\" href=\"https:\/\/talkpal.ai\/hu\/bengali-nyelvtani-gyakorlatok\/\" \/>\n<meta property=\"og:locale\" content=\"hu_HU\" \/>\n<meta property=\"og:type\" content=\"article\" \/>\n<meta property=\"og:title\" content=\"Beng\u00e1li nyelvtani gyakorlatok\" \/>\n<meta property=\"og:description\" content=\"Beng\u00e1li nyelvtani t\u00e9m\u00e1k Egy \u00faj nyelv elsaj\u00e1t\u00edt\u00e1sa kih\u00edv\u00e1st jelent\u0151, de kifizet\u0151d\u0151 v\u00e1llalkoz\u00e1s lehet. Ez al\u00f3l a beng\u00e1li, egy indo\u00e1rja nyelv, amelyet f\u0151leg\" \/>\n<meta property=\"og:url\" content=\"https:\/\/talkpal.ai\/hu\/bengali-nyelvtani-gyakorlatok\/\" \/>\n<meta property=\"og:site_name\" content=\"Talkpal\" \/>\n<meta property=\"article:publisher\" content=\"https:\/\/www.facebook.com\/profile.php?id=100090733639311\" \/>\n<meta property=\"article:modified_time\" content=\"2025-12-30T15:03:34+00:00\" \/>\n<meta property=\"og:image\" content=\"https:\/\/talkpal.ai\/wp-content\/uploads\/2025\/02\/Progress-tab-16_9.png\" \/>\n\t<meta property=\"og:image:width\" content=\"2880\" \/>\n\t<meta property=\"og:image:height\" content=\"1620\" \/>\n\t<meta property=\"og:image:type\" content=\"image\/png\" \/>\n<meta name=\"twitter:card\" content=\"summary_large_image\" \/>\n<meta name=\"twitter:site\" content=\"@talkpalai\" \/>\n<meta name=\"twitter:label1\" content=\"Becs\u00fclt olvas\u00e1si id\u0151\" \/>\n\t<meta name=\"twitter:data1\" content=\"5 perc\" \/>\n<script type=\"application\/ld+json\" class=\"yoast-schema-graph\">{\"@context\":\"https:\/\/schema.org\",\"@graph\":[{\"@type\":\"WebPage\",\"@id\":\"https:\/\/talkpal.ai\/hu\/bengali-nyelvtani-gyakorlatok\/\",\"url\":\"https:\/\/talkpal.ai\/hu\/bengali-nyelvtani-gyakorlatok\/\",\"name\":\"Beng\u00e1li nyelvtani gyakorlatok - Talkpal\",\"isPartOf\":{\"@id\":\"https:\/\/talkpal.ai\/hu\/#website\"},\"datePublished\":\"2025-11-11T15:55:06+00:00\",\"dateModified\":\"2025-12-30T15:03:34+00:00\",\"description\":\"Saj\u00e1t\u00edtsa el a beng\u00e1li nyelvtan alapjait a f\u0151neveket, ig\u00e9ket \u00e9s igeid\u0151ket lefed\u0151 interakt\u00edv gyakorlatokkal, hogy n\u00f6velje nyelvtud\u00e1s\u00e1t.\",\"breadcrumb\":{\"@id\":\"https:\/\/talkpal.ai\/hu\/bengali-nyelvtani-gyakorlatok\/#breadcrumb\"},\"inLanguage\":\"hu\",\"potentialAction\":[{\"@type\":\"ReadAction\",\"target\":[\"https:\/\/talkpal.ai\/hu\/bengali-nyelvtani-gyakorlatok\/\"]}]},{\"@type\":\"BreadcrumbList\",\"@id\":\"https:\/\/talkpal.ai\/hu\/bengali-nyelvtani-gyakorlatok\/#breadcrumb\",\"itemListElement\":[{\"@type\":\"ListItem\",\"position\":1,\"name\":\"Homepage\",\"item\":\"https:\/\/talkpal.ai\/hu\/\"},{\"@type\":\"ListItem\",\"position\":2,\"name\":\"Beng\u00e1li nyelvtani gyakorlatok\"}]},{\"@type\":\"WebSite\",\"@id\":\"https:\/\/talkpal.ai\/hu\/#website\",\"url\":\"https:\/\/talkpal.ai\/hu\/\",\"name\":\"Talkpal\",\"description\":\"AI Language Learning\",\"publisher\":{\"@id\":\"https:\/\/talkpal.ai\/hu\/#organization\"},\"alternateName\":\"Talkpal AI\",\"potentialAction\":[{\"@type\":\"SearchAction\",\"target\":{\"@type\":\"EntryPoint\",\"urlTemplate\":\"https:\/\/talkpal.ai\/hu\/?s={search_term_string}\"},\"query-input\":{\"@type\":\"PropertyValueSpecification\",\"valueRequired\":true,\"valueName\":\"search_term_string\"}}],\"inLanguage\":\"hu\"},{\"@type\":\"Organization\",\"@id\":\"https:\/\/talkpal.ai\/hu\/#organization\",\"name\":\"Talkpal, Inc.\",\"alternateName\":\"Talkpal AI\",\"url\":\"https:\/\/talkpal.ai\/hu\/\",\"logo\":{\"@type\":\"ImageObject\",\"inLanguage\":\"hu\",\"@id\":\"https:\/\/talkpal.ai\/hu\/#\/schema\/logo\/image\/\",\"url\":\"https:\/\/talkpal.ai\/wp-content\/uploads\/2024\/03\/Talkpal-Logo-Icon.png\",\"contentUrl\":\"https:\/\/talkpal.ai\/wp-content\/uploads\/2024\/03\/Talkpal-Logo-Icon.png\",\"width\":2880,\"height\":2880,\"caption\":\"Talkpal, Inc.\"},\"image\":{\"@id\":\"https:\/\/talkpal.ai\/hu\/#\/schema\/logo\/image\/\"},\"sameAs\":[\"https:\/\/www.facebook.com\/profile.php?id=100090733639311\",\"https:\/\/x.com\/talkpalai\",\"https:\/\/www.linkedin.com\/company\/talkpal\/\",\"https:\/\/www.youtube.com\/@TalkPal\/\",\"https:\/\/www.tiktok.com\/@talkpal\",\"https:\/\/www.instagram.com\/talkpal_ai\/\",\"https:\/\/www.crunchbase.com\/organization\/talkpal-9cde\",\"https:\/\/www.g2.com\/products\/talkpal-for-business\/\",\"https:\/\/www.trustpilot.com\/review\/talkpal.ai\",\"https:\/\/www.capterra.com\/p\/10006800\/TalkPal\/\"],\"description\":\"Talkpal is a language learning web and mobile education app, powered by the latest AI technologies, that provides engaging experiences to its customers in many different languages to help them improve their language skills. Users can chat about unlimited amount of topics with the app and use other modes to practice their language learning.\",\"email\":\"support@talkpal.ai\",\"legalName\":\"Talkpal, Inc.\",\"foundingDate\":\"2023-04-03\",\"duns\":\"118989042\",\"numberOfEmployees\":{\"@type\":\"QuantitativeValue\",\"minValue\":\"11\",\"maxValue\":\"50\"},\"publishingPrinciples\":\"https:\/\/talkpal.ai\/publishing-principles\/\",\"actionableFeedbackPolicy\":\"https:\/\/talkpal.ai\/actionable-feedback-policy\/\",\"correctionsPolicy\":\"https:\/\/talkpal.ai\/corrections-policy\/\",\"ethicsPolicy\":\"https:\/\/talkpal.ai\/ethics-policy\/\",\"diversityPolicy\":\"https:\/\/talkpal.ai\/diversity-policy\/\",\"diversityStaffingReport\":\"https:\/\/talkpal.ai\/diversity-policy\/\"}]}<\/script>\n<!-- \/ Yoast SEO Premium plugin. -->","yoast_head_json":{"title":"Beng\u00e1li nyelvtani gyakorlatok - Talkpal","description":"Saj\u00e1t\u00edtsa el a beng\u00e1li nyelvtan alapjait a f\u0151neveket, ig\u00e9ket \u00e9s igeid\u0151ket lefed\u0151 interakt\u00edv gyakorlatokkal, hogy n\u00f6velje nyelvtud\u00e1s\u00e1t.","robots":{"index":"index","follow":"follow","max-snippet":"max-snippet:-1","max-image-preview":"max-image-preview:large","max-video-preview":"max-video-preview:-1"},"canonical":"https:\/\/talkpal.ai\/hu\/bengali-nyelvtani-gyakorlatok\/","og_locale":"hu_HU","og_type":"article","og_title":"Beng\u00e1li nyelvtani gyakorlatok","og_description":"Beng\u00e1li nyelvtani t\u00e9m\u00e1k Egy \u00faj nyelv elsaj\u00e1t\u00edt\u00e1sa kih\u00edv\u00e1st jelent\u0151, de kifizet\u0151d\u0151 v\u00e1llalkoz\u00e1s lehet. Ez al\u00f3l a beng\u00e1li, egy indo\u00e1rja nyelv, amelyet f\u0151leg","og_url":"https:\/\/talkpal.ai\/hu\/bengali-nyelvtani-gyakorlatok\/","og_site_name":"Talkpal","article_publisher":"https:\/\/www.facebook.com\/profile.php?id=100090733639311","article_modified_time":"2025-12-30T15:03:34+00:00","og_image":[{"width":2880,"height":1620,"url":"https:\/\/talkpal.ai\/wp-content\/uploads\/2025\/02\/Progress-tab-16_9.png","type":"image\/png"}],"twitter_card":"summary_large_image","twitter_site":"@talkpalai","twitter_misc":{"Becs\u00fclt olvas\u00e1si id\u0151":"5 perc"},"schema":{"@context":"https:\/\/schema.org","@graph":[{"@type":"WebPage","@id":"https:\/\/talkpal.ai\/hu\/bengali-nyelvtani-gyakorlatok\/","url":"https:\/\/talkpal.ai\/hu\/bengali-nyelvtani-gyakorlatok\/","name":"Beng\u00e1li nyelvtani gyakorlatok - Talkpal","isPartOf":{"@id":"https:\/\/talkpal.ai\/hu\/#website"},"datePublished":"2025-11-11T15:55:06+00:00","dateModified":"2025-12-30T15:03:34+00:00","description":"Saj\u00e1t\u00edtsa el a beng\u00e1li nyelvtan alapjait a f\u0151neveket, ig\u00e9ket \u00e9s igeid\u0151ket lefed\u0151 interakt\u00edv gyakorlatokkal, hogy n\u00f6velje nyelvtud\u00e1s\u00e1t.","breadcrumb":{"@id":"https:\/\/talkpal.ai\/hu\/bengali-nyelvtani-gyakorlatok\/#breadcrumb"},"inLanguage":"hu","potentialAction":[{"@type":"ReadAction","target":["https:\/\/talkpal.ai\/hu\/bengali-nyelvtani-gyakorlatok\/"]}]},{"@type":"BreadcrumbList","@id":"https:\/\/talkpal.ai\/hu\/bengali-nyelvtani-gyakorlatok\/#breadcrumb","itemListElement":[{"@type":"ListItem","position":1,"name":"Homepage","item":"https:\/\/talkpal.ai\/hu\/"},{"@type":"ListItem","position":2,"name":"Beng\u00e1li nyelvtani gyakorlatok"}]},{"@type":"WebSite","@id":"https:\/\/talkpal.ai\/hu\/#website","url":"https:\/\/talkpal.ai\/hu\/","name":"Talkpal","description":"AI Language Learning","publisher":{"@id":"https:\/\/talkpal.ai\/hu\/#organization"},"alternateName":"Talkpal AI","potentialAction":[{"@type":"SearchAction","target":{"@type":"EntryPoint","urlTemplate":"https:\/\/talkpal.ai\/hu\/?s={search_term_string}"},"query-input":{"@type":"PropertyValueSpecification","valueRequired":true,"valueName":"search_term_string"}}],"inLanguage":"hu"},{"@type":"Organization","@id":"https:\/\/talkpal.ai\/hu\/#organization","name":"Talkpal, Inc.","alternateName":"Talkpal AI","url":"https:\/\/talkpal.ai\/hu\/","logo":{"@type":"ImageObject","inLanguage":"hu","@id":"https:\/\/talkpal.ai\/hu\/#\/schema\/logo\/image\/","url":"https:\/\/talkpal.ai\/wp-content\/uploads\/2024\/03\/Talkpal-Logo-Icon.png","contentUrl":"https:\/\/talkpal.ai\/wp-content\/uploads\/2024\/03\/Talkpal-Logo-Icon.png","width":2880,"height":2880,"caption":"Talkpal, Inc."},"image":{"@id":"https:\/\/talkpal.ai\/hu\/#\/schema\/logo\/image\/"},"sameAs":["https:\/\/www.facebook.com\/profile.php?id=100090733639311","https:\/\/x.com\/talkpalai","https:\/\/www.linkedin.com\/company\/talkpal\/","https:\/\/www.youtube.com\/@TalkPal\/","https:\/\/www.tiktok.com\/@talkpal","https:\/\/www.instagram.com\/talkpal_ai\/","https:\/\/www.crunchbase.com\/organization\/talkpal-9cde","https:\/\/www.g2.com\/products\/talkpal-for-business\/","https:\/\/www.trustpilot.com\/review\/talkpal.ai","https:\/\/www.capterra.com\/p\/10006800\/TalkPal\/"],"description":"Talkpal is a language learning web and mobile education app, powered by the latest AI technologies, that provides engaging experiences to its customers in many different languages to help them improve their language skills. Users can chat about unlimited amount of topics with the app and use other modes to practice their language learning.","email":"support@talkpal.ai","legalName":"Talkpal, Inc.","foundingDate":"2023-04-03","duns":"118989042","numberOfEmployees":{"@type":"QuantitativeValue","minValue":"11","maxValue":"50"},"publishingPrinciples":"https:\/\/talkpal.ai\/publishing-principles\/","actionableFeedbackPolicy":"https:\/\/talkpal.ai\/actionable-feedback-policy\/","correctionsPolicy":"https:\/\/talkpal.ai\/corrections-policy\/","ethicsPolicy":"https:\/\/talkpal.ai\/ethics-policy\/","diversityPolicy":"https:\/\/talkpal.ai\/diversity-policy\/","diversityStaffingReport":"https:\/\/talkpal.ai\/diversity-policy\/"}]}},"_links":{"self":[{"href":"https:\/\/talkpal.ai\/hu\/wp-json\/wp\/v2\/pages\/1475320","targetHints":{"allow":["GET"]}}],"collection":[{"href":"https:\/\/talkpal.ai\/hu\/wp-json\/wp\/v2\/pages"}],"about":[{"href":"https:\/\/talkpal.ai\/hu\/wp-json\/wp\/v2\/types\/page"}],"author":[{"embeddable":true,"href":"https:\/\/talkpal.ai\/hu\/wp-json\/wp\/v2\/users\/20"}],"replies":[{"embeddable":true,"href":"https:\/\/talkpal.ai\/hu\/wp-json\/wp\/v2\/comments?post=1475320"}],"version-history":[{"count":0,"href":"https:\/\/talkpal.ai\/hu\/wp-json\/wp\/v2\/pages\/1475320\/revisions"}],"wp:attachment":[{"href":"https:\/\/talkpal.ai\/hu\/wp-json\/wp\/v2\/media?parent=1475320"}],"curies":[{"name":"wp","href":"https:\/\/api.w.org\/{rel}","templated":true}]}}