{"id":1475301,"date":"2025-11-11T15:33:20","date_gmt":"2025-11-11T15:33:20","guid":{"rendered":"https:\/\/talkpal.ai\/baszk-nyelvtani-gyakorlatok\/"},"modified":"2025-12-30T15:06:41","modified_gmt":"2025-12-30T15:06:41","slug":"baszk-nyelvtani-gyakorlatok","status":"publish","type":"page","link":"https:\/\/talkpal.ai\/hu\/baszk-nyelvtani-gyakorlatok\/","title":{"rendered":"Baszk nyelvtani gyakorlatok"},"content":{"rendered":"\r\n\r\n\r\n<section class=\"languageChallengeSection\">\r\n    <div class=\"languageInfoWrapper\">\r\n        \r\n        <h1>Baszk nyelvtani gyakorlatok<\/h1>\r\n        <p>K\u00e9szen \u00e1llsz arra, hogy belemer\u00fclj a <a href=\"https:\/\/talkpal.ai\/learn-basque\/\">baszk<\/a> nyelvtanba? N\u00e9h\u00e1ny alapismeret begyakorl\u00e1sa seg\u00edt abban, hogy elsaj\u00e1t\u00edtsd ezt az egyed\u00fcl\u00e1ll\u00f3 \u00e9s gy\u00f6ny\u00f6r\u0171 nyelvet. Pr\u00f3b\u00e1ld ki ezeket a gyakorlatokat, hogy n\u00f6veld az \u00f6nbizalmadat, \u00e9s k\u00f6zben j\u00f3l \u00e9rezd magad!<\/p>\r\n\r\n                            <a class=\"getStartedHidden\" href=\"https:\/\/app.talkpal.ai\/hu\/signup?lng=\">Kezdj\u00fck<\/a>\r\n        \r\n    <\/div>\r\n\r\n    <figure>\r\n    <img decoding=\"async\" width=\"768\" height=\"768\" src=\"https:\/\/talkpal.ai\/wp-content\/uploads\/2023\/06\/welsh-768x768.png\" class=\"languageImage no-lazy\" alt=\"Language learning for better cognitive abilities\" fetchpriority=\"high\" sizes=\"(max-width: 768px) 150px, 768px\" srcset=\"https:\/\/talkpal.ai\/wp-content\/uploads\/2023\/06\/welsh-768x768.png 768w, https:\/\/talkpal.ai\/wp-content\/uploads\/2023\/06\/welsh-300x300.png 300w\" \/>\r\n    \r\n\r\n    <\/figure>\r\n\r\n            <a class=\"getStartedVisible\" href=\"https:\/\/app.talkpal.ai\/hu\/signup?lng=\">Kezdj\u00fck<\/a>\r\n    \r\n<\/section><section class=\"promotionalBanner\">\r\n    <p class=\"promotionalText\">A nyelvtanul\u00e1s leghat\u00e9konyabb m\u00f3dja<\/p>\r\n    <a class=\"promotionalLink\" href=\"https:\/\/app.talkpal.ai\/hu\/signup?lng=\">Pr\u00f3b\u00e1lja ki a Talkpal ingyen<\/a>\r\n<\/section>\n<div class=\"wp-block-group pageContainerStyle\"><div class=\"wp-block-group__inner-container is-layout-constrained wp-block-group-is-layout-constrained\">\n<h2 class=\"wp-block-heading\" id=\"h-basque-grammar-topics\">Baszk nyelvtani t\u00e9m\u00e1k<\/h2>\n\n\n\n<p><a href=\"https:\/\/talkpal.ai\/hu\/a-legnagyobb-hibak-amelyeket-el-kell-kerulni-ha-uj-nyelvet-tanulunk\/\">\u00daj nyelv tanul\u00e1sa<\/a> Egy \u00faj nyelv elsaj\u00e1t\u00edt\u00e1sa kih\u00edv\u00e1st jelent\u0151, de kifizet\u0151d\u0151 v\u00e1llalkoz\u00e1s lehet. Ez al\u00f3l a <a href=\"https:\/\/talkpal.ai\/learn-basque\/\">baszk<\/a>, a Baszkf\u00f6ld\u00f6n besz\u00e9lt nyelvi izol\u00e1tum sem kiv\u00e9tel. Egyedi tulajdons\u00e1gaival \u00e9s szerkezeteivel, bele\u00e9rtve az ergativit\u00e1st \u00e9s a kiterjedt esetrendszert, a baszk <a href=\"https:\/\/talkpal.ai\/hu\/talkpal-for-education\/\">nyelv tanul\u00e1sa<\/a> szisztematikus megk\u00f6zel\u00edt\u00e9st ig\u00e9nyel a <a href=\"https:\/\/talkpal.ai\/grammar\/\">nyelvtan<\/a> meg\u00e9rt\u00e9s\u00e9hez. <a href=\"https:\/\/talkpal.ai\/culture\/how-do-you-use-the-demonstrative-pronouns-ez-and-az\/\">Ez az<\/a> \u00fatmutat\u00f3 a baszk<a href=\"https:\/\/talkpal.ai\/hu\/baszk-nyelvtan\/\"> nyelvtan <\/a>kulcsfontoss\u00e1g\u00fa ter\u00fcleteit v\u00e1zolja fel logikai sorrendben a <a href=\"https:\/\/talkpal.ai\/hu\/ai-chatbot-a-nyelvtanulashoz\/\">nyelvtanul\u00e1shoz<\/a>, kezdve az alapokt\u00f3l, p\u00e9ld\u00e1ul a f\u0151nevekt\u0151l \u00e9s a cikkekt\u0151l, \u00e9s tov\u00e1bbhaladva az \u00f6sszetettebb ter\u00fcletekig, mint p\u00e9ld\u00e1ul az igeid\u0151 \u00e9s a mondat\u00e9p\u00edt\u00e9s.<\/p>\n\n\n\n<h3 class=\"wp-block-heading\" id=\"h-1-nouns\">1. F\u0151nevek:<\/h3>\n\n\n\n<p>Kezdje baszk nyelvi \u00fatj\u00e1t a f\u0151nevek elsaj\u00e1t\u00edt\u00e1s\u00e1val. Ez mag\u00e1ban foglalja a k\u00f6z- \u00e9s tulajdonnevek meg\u00e9rt\u00e9s\u00e9t, a sz\u00e1m \u00e9s a hat\u00e1rozotts\u00e1g ut\u00f3taggal val\u00f3 jel\u00f6l\u00e9s\u00e9t, valamint az esetv\u00e9gz\u0151d\u00e9sek m\u0171k\u00f6d\u00e9s\u00e9t olyan szerepekben, mint az abszolut\u00edv, ergat\u00edv \u00e9s dativus.<\/p>\n\n\n\n<h3 class=\"wp-block-heading\" id=\"h-2-articles\">2. Cikkek:<\/h3>\n\n\n\n<p>A baszk nyelv\u0171 cikkek m\u00e1sk\u00e9pp m\u0171k\u00f6dnek, mint <a href=\"https:\/\/talkpal.ai\/ai-english-speaking-practice\/\">az angolban<\/a>. A hat\u00e1rozott n\u00e9vel\u0151 a f\u0151n\u00e9vhez csatolt ut\u00f3tag, \u00e9s nincs val\u00f3di hat\u00e1rozatlan n\u00e9vel\u0151. A hat\u00e1rozotts\u00e1g \u00e9s a sz\u00e1m jel\u00f6l\u00e9s\u00e9nek elsaj\u00e1t\u00edt\u00e1sa kulcsfontoss\u00e1g\u00fa a mondat\u00e9p\u00edt\u00e9sben.<\/p>\n\n\n\n<h3 class=\"wp-block-heading\" id=\"h-3-adjectives\">3. Mell\u00e9knevek:<\/h3>\n\n\n\n<p>A baszk mell\u00e9knevek \u00e1ltal\u00e1ban a f\u0151nev\u00fcket k\u00f6vetik. Tanuld meg, hogyan kapcsol\u00f3dik a n\u00e9vel\u0151 a teljes f\u0151n\u00e9vi kifejez\u00e9s v\u00e9g\u00e9hez, \u00e9s hogyan kell \u00f6sszehasonl\u00edt\u00f3 \u00e9s szuperlat\u00edvuszokat alkotni, p\u00e9ld\u00e1ul -ago az \u00f6sszehasonl\u00edt\u00f3 \u00e9s -en a szuperlat\u00edvusz n\u00e9vel\u0151vel.<\/p>\n\n\n\n<h3 class=\"wp-block-heading\" id=\"h-4-pronouns-determiners\">4. N\u00e9vm\u00e1sok\/determin\u00e1nsok:<\/h3>\n\n\n\n<p>A n\u00e9vm\u00e1sok \u00e9s a determin\u00e1nsok elengedhetetlenek a baszk nyelvben; Helyettes\u00edtik a f\u0151neveket, \u00e9s inform\u00e1ci\u00f3t ny\u00fajtanak a mennyis\u00e9gr\u0151l, a birtokl\u00e1sr\u00f3l \u00e9s egyebekr\u0151l. Figyeljen a birtokos determin\u00e1nsokra, \u00e9s arra, hogy a szem\u00e9ly \u00e9s a sz\u00e1m hogyan t\u00fckr\u00f6z\u0151dik a seg\u00e9dig\u00e9ben.<\/p>\n\n\n\n<h3 class=\"wp-block-heading\" id=\"h-5-verbs\">5. Ig\u00e9k:<\/h3>\n\n\n\n<p>A baszk ig\u00e9k nagyr\u00e9szt perifrasztikusak, olyan seg\u00e9dszavakat haszn\u00e1lnak, amelyek megegyeznek az alanyokkal \u00e9s a t\u00e1rgyakkal. Kezdje a k\u00f6z\u00f6ns\u00e9ges seg\u00e9dszavak \u00e9s a f\u0151igei igenevek jelen idej\u00e9vel, majd fokozatosan fedezze fel a m\u00faltat \u00e9s a j\u00f6v\u0151t, valamint az imperat\u00edv alakokat.<\/p>\n\n\n\n<h3 class=\"wp-block-heading\" id=\"h-6-tenses\">6. Igeid\u0151k:<\/h3>\n\n\n\n<p>Az igeform\u00e1k elsaj\u00e1t\u00edt\u00e1sa ut\u00e1n m\u00e9lyedjen el m\u00e9lyebben a baszk igeid\u0151ben \u00e9s az aspektusban. \u00c9rtse meg, hogyan fejezik ki a jelen, a m\u00falt \u00e9s a j\u00f6v\u0151 jelent\u00e9seit seg\u00e9dszavakkal \u00e9s mell\u00e9kn\u00e9vi igen\u00e9vekkel, \u00e9s hogyan befoly\u00e1solj\u00e1k az aspektusk\u00fcl\u00f6nbs\u00e9gek a k\u00fcl\u00f6nb\u00f6z\u0151 kontextusokban val\u00f3 haszn\u00e1latot.<\/p>\n\n\n\n<h3 class=\"wp-block-heading\" id=\"h-7-tense-comparison\">7. Fesz\u00fclt \u00f6sszehasonl\u00edt\u00e1s:<\/h3>\n\n\n\n<p>A baszk igeid\u0151 \u00f6sszehasonl\u00edt\u00e1sa seg\u00edt meg\u00e9rteni az esem\u00e9nyek sorrendj\u00e9t. Ha ugyanazt az igekifejez\u00e9st hasonl\u00edtjuk \u00f6ssze a jelenlegi, m\u00faltbeli \u00e9s j\u00f6v\u0151beli seg\u00e9deszk\u00f6z\u00f6kkel, akkor jobban meg\u00e9rthetj\u00fck, hogyan kezeli a baszk az id\u0151t \u00e9s az aspektust.<\/p>\n\n\n\n<h3 class=\"wp-block-heading\" id=\"h-8-progressive\">8. Progressz\u00edv:<\/h3>\n\n\n\n<p>A progressz\u00edv baszk nyelvet a folyamatban l\u00e9v\u0151 cselekv\u00e9sek kifejez\u00e9s\u00e9re haszn\u00e1lj\u00e1k. Az ige -tzen alakj\u00e1val egy\u00fctt az ari izan seg\u00e9danyaggal egy\u00fctt alakul ki.<\/p>\n\n\n\n<h3 class=\"wp-block-heading\" id=\"h-9-perfect-progressive\">9. T\u00f6k\u00e9letes progressz\u00edv:<\/h3>\n\n\n\n<p>Ez egy adott pontig folyamatban l\u00e9v\u0151 tev\u00e9kenys\u00e9gek kifejez\u00e9s\u00e9re szolg\u00e1l. A baszk nyelvben az izan perfektj\u00e9vel \u00e9s az ari-val \u00e9s a f\u0151ige -tzen alakj\u00e1val egy\u00fctt alakul.<\/p>\n\n\n\n<h3 class=\"wp-block-heading\" id=\"h-10-conditionals\">10. Felt\u00e9telek:<\/h3>\n\n\n\n<p>A felt\u00e9telek hipotetikus helyzeteket \u00e9s azok lehets\u00e9ges kimeneteleit fejezik ki. Baszk nyelven felt\u00e9teles seg\u00e9dszavakkal \u00e9s ba-val bevezetett tagmondatokkal vannak kialak\u00edtva, \u00e9s \u00e1rnyaltt\u00e1 \u00e9s precizizebb\u00e9 teszik a nyelvtud\u00e1st.<\/p>\n\n\n\n<h3 class=\"wp-block-heading\" id=\"h-11-adverbs\">11. Hat\u00e1roz\u00f3sz\u00f3k:<\/h3>\n\n\n\n<p>A baszk hat\u00e1roz\u00f3szavak m\u00f3dos\u00edtj\u00e1k az ig\u00e9ket, mell\u00e9kneveket vagy m\u00e1s hat\u00e1roz\u00f3szavakat. Inform\u00e1ci\u00f3t ny\u00fajtanak a m\u00f3dr\u00f3l, a helyr\u0151l, az id\u0151r\u0151l, a fokozatr\u00f3l \u00e9s egyebekr\u0151l, \u00e9s a kontextust\u00f3l f\u00fcgg\u0151en gyakori hat\u00e1roz\u00f3szavakkal vagy ut\u00f3tagokkal, p\u00e9ld\u00e1ul -ki vagy -z toldal\u00e9kokkal alkothat\u00f3k.<\/p>\n\n\n\n<h3 class=\"wp-block-heading\" id=\"h-12-prepositions\">12. El\u00f6lj\u00e1r\u00f3szavak:<\/h3>\n\n\n\n<p>A baszk els\u0151sorban posztpoz\u00edci\u00f3kat \u00e9s esetv\u00e9gz\u0151d\u00e9seket haszn\u00e1l, nem pedig el\u00f6lj\u00e1r\u00f3szavakat. Id\u0151, hely, ir\u00e1ny \u00e9s egyebek kapcsolatait fejezik ki, \u00e9s elengedhetetlenek a szavak \u00e9s kifejez\u00e9sek \u00f6sszekapcsol\u00e1s\u00e1hoz.<\/p>\n\n\n\n<h3 class=\"wp-block-heading\" id=\"h-13-sentences\">13. Mondatok:<\/h3>\n\n\n\n<p>V\u00e9g\u00fcl gyakorold a mondatok fel\u00e9p\u00edt\u00e9s\u00e9t. Ez mag\u00e1ban foglalja az \u00f6sszes kor\u00e1bban megtanult nyelvtani pont kontextusban val\u00f3 felhaszn\u00e1l\u00e1s\u00e1t, figyelve a baszk tipikus SOV sz\u00f3rendj\u00e9re, a f\u00f3kusz elhelyez\u00e9s\u00e9re \u00e9s a tagad\u00e1sra, \u00edgy biztos\u00edtva a baszk nyelv \u00e1tfog\u00f3 meg\u00e9rt\u00e9s\u00e9t.<\/p>\n<\/div><\/div>\n\r\n<section class=\"learnNavigationSection\">\r\n            \r\n        <a href=\"https:\/\/talkpal.ai\/hu\/tanulj-baszkul\/\">\r\n            <div class=\"learnNavigationWrapper\">\r\n                <div class=\"learnNavigationContent\">\r\n                    <img decoding=\"async\" src=\"https:\/\/talkpal.ai\/wp-content\/uploads\/2025\/11\/Basque.png\" alt=\"Basque Flag\">\r\n                    <div>\r\n                        <h4>A Basque Learningr\u0151l<\/h4>\r\n                        <p>Tudjon meg mindent a baszk nyelvtanr\u00f3l.<\/p>\r\n                    <\/div>\r\n                <\/div>\r\n            <\/div>\r\n        <\/a>\r\n\r\n        \r\n        <a href=\"https:\/\/talkpal.ai\/hu\/baszk-nyelvtan\/\">\r\n            <div class=\"learnNavigationWrapper\">\r\n                <div class=\"learnNavigationContent\">\r\n                    <img decoding=\"async\" src=\"https:\/\/talkpal.ai\/wp-content\/uploads\/2025\/11\/Basque.png\" alt=\"Basque Flag\">\r\n                    <div>\r\n                        <h4>Baszk nyelvtani leck\u00e9k<\/h4>\r\n                        <p>Gyakorold a baszk nyelvtant.<\/p>\r\n                    <\/div>\r\n                <\/div>\r\n            <\/div>\r\n        <\/a>\r\n\r\n            <\/section>","protected":false},"excerpt":{"rendered":"<p>Baszk nyelvtani t\u00e9m\u00e1k \u00daj nyelv tanul\u00e1sa Egy \u00faj nyelv elsaj\u00e1t\u00edt\u00e1sa kih\u00edv\u00e1st jelent\u0151, de kifizet\u0151d\u0151 v\u00e1llalkoz\u00e1s lehet. Ez al\u00f3l a baszk, a Baszkf\u00f6ld\u00f6n besz\u00e9lt nyelvi izol\u00e1tum sem kiv\u00e9tel. Egyedi tulajdons\u00e1gaival \u00e9s szerkezeteivel, bele\u00e9rtve az ergativit\u00e1st \u00e9s a kiterjedt esetrendszert, a baszk nyelv tanul\u00e1sa szisztematikus megk\u00f6zel\u00edt\u00e9st ig\u00e9nyel a nyelvtan meg\u00e9rt\u00e9s\u00e9hez. Ez az \u00fatmutat\u00f3 a baszk nyelvtan kulcsfontoss\u00e1g\u00fa [&hellip;]<\/p>\n","protected":false},"author":20,"featured_media":0,"parent":0,"menu_order":0,"comment_status":"closed","ping_status":"closed","template":"LearningContentPage.php","meta":{"_acf_changed":false,"footnotes":""},"class_list":["post-1475301","page","type-page","status-publish","hentry"],"acf":[],"yoast_head":"<!-- This site is optimized with the Yoast SEO Premium plugin v27.2 (Yoast SEO v27.2) - https:\/\/yoast.com\/product\/yoast-seo-premium-wordpress\/ -->\n<title>Baszk nyelvtani gyakorlatok - Talkpal<\/title>\n<meta name=\"description\" content=\"Saj\u00e1t\u00edtsa el a baszk nyelvtant a f\u0151nevekre, ig\u00e9kre \u00e9s id\u0151m\u00e9rt\u00e9kekre vonatkoz\u00f3 izgalmas gyakorlatokkal, hogy n\u00f6velje nyelvtud\u00e1s\u00e1t.\" \/>\n<meta name=\"robots\" content=\"index, follow, max-snippet:-1, max-image-preview:large, max-video-preview:-1\" \/>\n<link rel=\"canonical\" href=\"https:\/\/talkpal.ai\/hu\/baszk-nyelvtani-gyakorlatok\/\" \/>\n<meta property=\"og:locale\" content=\"hu_HU\" \/>\n<meta property=\"og:type\" content=\"article\" \/>\n<meta property=\"og:title\" content=\"Baszk nyelvtani gyakorlatok\" \/>\n<meta property=\"og:description\" content=\"Baszk nyelvtani t\u00e9m\u00e1k \u00daj nyelv tanul\u00e1sa Egy \u00faj nyelv elsaj\u00e1t\u00edt\u00e1sa kih\u00edv\u00e1st jelent\u0151, de kifizet\u0151d\u0151 v\u00e1llalkoz\u00e1s lehet. Ez al\u00f3l a baszk, a Baszkf\u00f6ld\u00f6n\" \/>\n<meta property=\"og:url\" content=\"https:\/\/talkpal.ai\/hu\/baszk-nyelvtani-gyakorlatok\/\" \/>\n<meta property=\"og:site_name\" content=\"Talkpal\" \/>\n<meta property=\"article:publisher\" content=\"https:\/\/www.facebook.com\/profile.php?id=100090733639311\" \/>\n<meta property=\"article:modified_time\" content=\"2025-12-30T15:06:41+00:00\" \/>\n<meta property=\"og:image\" content=\"https:\/\/talkpal.ai\/wp-content\/uploads\/2025\/02\/Progress-tab-16_9.png\" \/>\n\t<meta property=\"og:image:width\" content=\"2880\" \/>\n\t<meta property=\"og:image:height\" content=\"1620\" \/>\n\t<meta property=\"og:image:type\" content=\"image\/png\" \/>\n<meta name=\"twitter:card\" content=\"summary_large_image\" \/>\n<meta name=\"twitter:site\" content=\"@talkpalai\" \/>\n<meta name=\"twitter:label1\" content=\"Becs\u00fclt olvas\u00e1si id\u0151\" \/>\n\t<meta name=\"twitter:data1\" content=\"4 perc\" \/>\n<script type=\"application\/ld+json\" class=\"yoast-schema-graph\">{\"@context\":\"https:\/\/schema.org\",\"@graph\":[{\"@type\":\"WebPage\",\"@id\":\"https:\/\/talkpal.ai\/hu\/baszk-nyelvtani-gyakorlatok\/\",\"url\":\"https:\/\/talkpal.ai\/hu\/baszk-nyelvtani-gyakorlatok\/\",\"name\":\"Baszk nyelvtani gyakorlatok - Talkpal\",\"isPartOf\":{\"@id\":\"https:\/\/talkpal.ai\/hu\/#website\"},\"datePublished\":\"2025-11-11T15:33:20+00:00\",\"dateModified\":\"2025-12-30T15:06:41+00:00\",\"description\":\"Saj\u00e1t\u00edtsa el a baszk nyelvtant a f\u0151nevekre, ig\u00e9kre \u00e9s id\u0151m\u00e9rt\u00e9kekre vonatkoz\u00f3 izgalmas gyakorlatokkal, hogy n\u00f6velje nyelvtud\u00e1s\u00e1t.\",\"breadcrumb\":{\"@id\":\"https:\/\/talkpal.ai\/hu\/baszk-nyelvtani-gyakorlatok\/#breadcrumb\"},\"inLanguage\":\"hu\",\"potentialAction\":[{\"@type\":\"ReadAction\",\"target\":[\"https:\/\/talkpal.ai\/hu\/baszk-nyelvtani-gyakorlatok\/\"]}]},{\"@type\":\"BreadcrumbList\",\"@id\":\"https:\/\/talkpal.ai\/hu\/baszk-nyelvtani-gyakorlatok\/#breadcrumb\",\"itemListElement\":[{\"@type\":\"ListItem\",\"position\":1,\"name\":\"Homepage\",\"item\":\"https:\/\/talkpal.ai\/hu\/\"},{\"@type\":\"ListItem\",\"position\":2,\"name\":\"Baszk nyelvtani gyakorlatok\"}]},{\"@type\":\"WebSite\",\"@id\":\"https:\/\/talkpal.ai\/hu\/#website\",\"url\":\"https:\/\/talkpal.ai\/hu\/\",\"name\":\"Talkpal\",\"description\":\"AI Language Learning\",\"publisher\":{\"@id\":\"https:\/\/talkpal.ai\/hu\/#organization\"},\"alternateName\":\"Talkpal AI\",\"potentialAction\":[{\"@type\":\"SearchAction\",\"target\":{\"@type\":\"EntryPoint\",\"urlTemplate\":\"https:\/\/talkpal.ai\/hu\/?s={search_term_string}\"},\"query-input\":{\"@type\":\"PropertyValueSpecification\",\"valueRequired\":true,\"valueName\":\"search_term_string\"}}],\"inLanguage\":\"hu\"},{\"@type\":\"Organization\",\"@id\":\"https:\/\/talkpal.ai\/hu\/#organization\",\"name\":\"Talkpal, Inc.\",\"alternateName\":\"Talkpal AI\",\"url\":\"https:\/\/talkpal.ai\/hu\/\",\"logo\":{\"@type\":\"ImageObject\",\"inLanguage\":\"hu\",\"@id\":\"https:\/\/talkpal.ai\/hu\/#\/schema\/logo\/image\/\",\"url\":\"https:\/\/talkpal.ai\/wp-content\/uploads\/2024\/03\/Talkpal-Logo-Icon.png\",\"contentUrl\":\"https:\/\/talkpal.ai\/wp-content\/uploads\/2024\/03\/Talkpal-Logo-Icon.png\",\"width\":2880,\"height\":2880,\"caption\":\"Talkpal, Inc.\"},\"image\":{\"@id\":\"https:\/\/talkpal.ai\/hu\/#\/schema\/logo\/image\/\"},\"sameAs\":[\"https:\/\/www.facebook.com\/profile.php?id=100090733639311\",\"https:\/\/x.com\/talkpalai\",\"https:\/\/www.linkedin.com\/company\/talkpal\/\",\"https:\/\/www.youtube.com\/@TalkPal\/\",\"https:\/\/www.tiktok.com\/@talkpal\",\"https:\/\/www.instagram.com\/talkpal_ai\/\",\"https:\/\/www.crunchbase.com\/organization\/talkpal-9cde\",\"https:\/\/www.g2.com\/products\/talkpal-for-business\/\",\"https:\/\/www.trustpilot.com\/review\/talkpal.ai\",\"https:\/\/www.capterra.com\/p\/10006800\/TalkPal\/\"],\"description\":\"Talkpal is a language learning web and mobile education app, powered by the latest AI technologies, that provides engaging experiences to its customers in many different languages to help them improve their language skills. Users can chat about unlimited amount of topics with the app and use other modes to practice their language learning.\",\"email\":\"support@talkpal.ai\",\"legalName\":\"Talkpal, Inc.\",\"foundingDate\":\"2023-04-03\",\"duns\":\"118989042\",\"numberOfEmployees\":{\"@type\":\"QuantitativeValue\",\"minValue\":\"11\",\"maxValue\":\"50\"},\"publishingPrinciples\":\"https:\/\/talkpal.ai\/publishing-principles\/\",\"actionableFeedbackPolicy\":\"https:\/\/talkpal.ai\/actionable-feedback-policy\/\",\"correctionsPolicy\":\"https:\/\/talkpal.ai\/corrections-policy\/\",\"ethicsPolicy\":\"https:\/\/talkpal.ai\/ethics-policy\/\",\"diversityPolicy\":\"https:\/\/talkpal.ai\/diversity-policy\/\",\"diversityStaffingReport\":\"https:\/\/talkpal.ai\/diversity-policy\/\"}]}<\/script>\n<!-- \/ Yoast SEO Premium plugin. -->","yoast_head_json":{"title":"Baszk nyelvtani gyakorlatok - Talkpal","description":"Saj\u00e1t\u00edtsa el a baszk nyelvtant a f\u0151nevekre, ig\u00e9kre \u00e9s id\u0151m\u00e9rt\u00e9kekre vonatkoz\u00f3 izgalmas gyakorlatokkal, hogy n\u00f6velje nyelvtud\u00e1s\u00e1t.","robots":{"index":"index","follow":"follow","max-snippet":"max-snippet:-1","max-image-preview":"max-image-preview:large","max-video-preview":"max-video-preview:-1"},"canonical":"https:\/\/talkpal.ai\/hu\/baszk-nyelvtani-gyakorlatok\/","og_locale":"hu_HU","og_type":"article","og_title":"Baszk nyelvtani gyakorlatok","og_description":"Baszk nyelvtani t\u00e9m\u00e1k \u00daj nyelv tanul\u00e1sa Egy \u00faj nyelv elsaj\u00e1t\u00edt\u00e1sa kih\u00edv\u00e1st jelent\u0151, de kifizet\u0151d\u0151 v\u00e1llalkoz\u00e1s lehet. Ez al\u00f3l a baszk, a Baszkf\u00f6ld\u00f6n","og_url":"https:\/\/talkpal.ai\/hu\/baszk-nyelvtani-gyakorlatok\/","og_site_name":"Talkpal","article_publisher":"https:\/\/www.facebook.com\/profile.php?id=100090733639311","article_modified_time":"2025-12-30T15:06:41+00:00","og_image":[{"width":2880,"height":1620,"url":"https:\/\/talkpal.ai\/wp-content\/uploads\/2025\/02\/Progress-tab-16_9.png","type":"image\/png"}],"twitter_card":"summary_large_image","twitter_site":"@talkpalai","twitter_misc":{"Becs\u00fclt olvas\u00e1si id\u0151":"4 perc"},"schema":{"@context":"https:\/\/schema.org","@graph":[{"@type":"WebPage","@id":"https:\/\/talkpal.ai\/hu\/baszk-nyelvtani-gyakorlatok\/","url":"https:\/\/talkpal.ai\/hu\/baszk-nyelvtani-gyakorlatok\/","name":"Baszk nyelvtani gyakorlatok - Talkpal","isPartOf":{"@id":"https:\/\/talkpal.ai\/hu\/#website"},"datePublished":"2025-11-11T15:33:20+00:00","dateModified":"2025-12-30T15:06:41+00:00","description":"Saj\u00e1t\u00edtsa el a baszk nyelvtant a f\u0151nevekre, ig\u00e9kre \u00e9s id\u0151m\u00e9rt\u00e9kekre vonatkoz\u00f3 izgalmas gyakorlatokkal, hogy n\u00f6velje nyelvtud\u00e1s\u00e1t.","breadcrumb":{"@id":"https:\/\/talkpal.ai\/hu\/baszk-nyelvtani-gyakorlatok\/#breadcrumb"},"inLanguage":"hu","potentialAction":[{"@type":"ReadAction","target":["https:\/\/talkpal.ai\/hu\/baszk-nyelvtani-gyakorlatok\/"]}]},{"@type":"BreadcrumbList","@id":"https:\/\/talkpal.ai\/hu\/baszk-nyelvtani-gyakorlatok\/#breadcrumb","itemListElement":[{"@type":"ListItem","position":1,"name":"Homepage","item":"https:\/\/talkpal.ai\/hu\/"},{"@type":"ListItem","position":2,"name":"Baszk nyelvtani gyakorlatok"}]},{"@type":"WebSite","@id":"https:\/\/talkpal.ai\/hu\/#website","url":"https:\/\/talkpal.ai\/hu\/","name":"Talkpal","description":"AI Language Learning","publisher":{"@id":"https:\/\/talkpal.ai\/hu\/#organization"},"alternateName":"Talkpal AI","potentialAction":[{"@type":"SearchAction","target":{"@type":"EntryPoint","urlTemplate":"https:\/\/talkpal.ai\/hu\/?s={search_term_string}"},"query-input":{"@type":"PropertyValueSpecification","valueRequired":true,"valueName":"search_term_string"}}],"inLanguage":"hu"},{"@type":"Organization","@id":"https:\/\/talkpal.ai\/hu\/#organization","name":"Talkpal, Inc.","alternateName":"Talkpal AI","url":"https:\/\/talkpal.ai\/hu\/","logo":{"@type":"ImageObject","inLanguage":"hu","@id":"https:\/\/talkpal.ai\/hu\/#\/schema\/logo\/image\/","url":"https:\/\/talkpal.ai\/wp-content\/uploads\/2024\/03\/Talkpal-Logo-Icon.png","contentUrl":"https:\/\/talkpal.ai\/wp-content\/uploads\/2024\/03\/Talkpal-Logo-Icon.png","width":2880,"height":2880,"caption":"Talkpal, Inc."},"image":{"@id":"https:\/\/talkpal.ai\/hu\/#\/schema\/logo\/image\/"},"sameAs":["https:\/\/www.facebook.com\/profile.php?id=100090733639311","https:\/\/x.com\/talkpalai","https:\/\/www.linkedin.com\/company\/talkpal\/","https:\/\/www.youtube.com\/@TalkPal\/","https:\/\/www.tiktok.com\/@talkpal","https:\/\/www.instagram.com\/talkpal_ai\/","https:\/\/www.crunchbase.com\/organization\/talkpal-9cde","https:\/\/www.g2.com\/products\/talkpal-for-business\/","https:\/\/www.trustpilot.com\/review\/talkpal.ai","https:\/\/www.capterra.com\/p\/10006800\/TalkPal\/"],"description":"Talkpal is a language learning web and mobile education app, powered by the latest AI technologies, that provides engaging experiences to its customers in many different languages to help them improve their language skills. Users can chat about unlimited amount of topics with the app and use other modes to practice their language learning.","email":"support@talkpal.ai","legalName":"Talkpal, Inc.","foundingDate":"2023-04-03","duns":"118989042","numberOfEmployees":{"@type":"QuantitativeValue","minValue":"11","maxValue":"50"},"publishingPrinciples":"https:\/\/talkpal.ai\/publishing-principles\/","actionableFeedbackPolicy":"https:\/\/talkpal.ai\/actionable-feedback-policy\/","correctionsPolicy":"https:\/\/talkpal.ai\/corrections-policy\/","ethicsPolicy":"https:\/\/talkpal.ai\/ethics-policy\/","diversityPolicy":"https:\/\/talkpal.ai\/diversity-policy\/","diversityStaffingReport":"https:\/\/talkpal.ai\/diversity-policy\/"}]}},"_links":{"self":[{"href":"https:\/\/talkpal.ai\/hu\/wp-json\/wp\/v2\/pages\/1475301","targetHints":{"allow":["GET"]}}],"collection":[{"href":"https:\/\/talkpal.ai\/hu\/wp-json\/wp\/v2\/pages"}],"about":[{"href":"https:\/\/talkpal.ai\/hu\/wp-json\/wp\/v2\/types\/page"}],"author":[{"embeddable":true,"href":"https:\/\/talkpal.ai\/hu\/wp-json\/wp\/v2\/users\/20"}],"replies":[{"embeddable":true,"href":"https:\/\/talkpal.ai\/hu\/wp-json\/wp\/v2\/comments?post=1475301"}],"version-history":[{"count":0,"href":"https:\/\/talkpal.ai\/hu\/wp-json\/wp\/v2\/pages\/1475301\/revisions"}],"wp:attachment":[{"href":"https:\/\/talkpal.ai\/hu\/wp-json\/wp\/v2\/media?parent=1475301"}],"curies":[{"name":"wp","href":"https:\/\/api.w.org\/{rel}","templated":true}]}}