{"id":1475282,"date":"2025-11-11T15:33:17","date_gmt":"2025-11-11T15:33:17","guid":{"rendered":"https:\/\/talkpal.ai\/baszk-nyelvtan\/"},"modified":"2025-12-30T15:33:02","modified_gmt":"2025-12-30T15:33:02","slug":"baszk-nyelvtan","status":"publish","type":"page","link":"https:\/\/talkpal.ai\/hu\/baszk-nyelvtan\/","title":{"rendered":"Baszk nyelvtan"},"content":{"rendered":"\r\n\r\n\r\n<section class=\"languageChallengeSection\">\r\n    <div class=\"languageInfoWrapper\">\r\n        \r\n        <h1>Baszk nyelvtan<\/h1>\r\n        <p>A <a href=\"https:\/\/talkpal.ai\/basque-grammar\/\">baszk nyelvtan<\/a> els\u0151re kih\u00edv\u00e1snak t\u0171nhet, de egyedi tulajdons\u00e1gai kifizet\u0151d\u0151 \u00e9lm\u00e9nny\u00e9 teszik a nyelvtanul\u00e1st. A nyelv \u00e1b\u00e9c\u00e9j\u00e9nek, mut\u00e1ci\u00f3inak \u00e9s nyelvtani szab\u00e1lyainak felfedez\u00e9s\u00e9vel betekint\u00e9st nyerhet egy gazdag nyelvi hagyom\u00e1nyba. Induljon el utaz\u00e1s\u00e1val, \u00e9s fedezze fel <a href=\"https:\/\/talkpal.ai\/learn-basque\/\">Baszk<\/a> sz\u00e9ps\u00e9g\u00e9t!<\/p>\r\n\r\n                            <a class=\"getStartedHidden\" href=\"https:\/\/app.talkpal.ai\/hu\/signup?lng=\">Kezdj\u00fck<\/a>\r\n        \r\n    <\/div>\r\n\r\n    <figure>\r\n    <img decoding=\"async\" width=\"768\" height=\"768\" src=\"https:\/\/talkpal.ai\/wp-content\/uploads\/2023\/06\/welsh-768x768.png\" class=\"languageImage no-lazy\" alt=\"Language learning for better cognitive abilities\" fetchpriority=\"high\" sizes=\"(max-width: 768px) 150px, 768px\" srcset=\"https:\/\/talkpal.ai\/wp-content\/uploads\/2023\/06\/welsh-768x768.png 768w, https:\/\/talkpal.ai\/wp-content\/uploads\/2023\/06\/welsh-300x300.png 300w\" \/>\r\n    \r\n\r\n    <\/figure>\r\n\r\n            <a class=\"getStartedVisible\" href=\"https:\/\/app.talkpal.ai\/hu\/signup?lng=\">Kezdj\u00fck<\/a>\r\n    \r\n<\/section><section class=\"promotionalBanner\">\r\n    <p class=\"promotionalText\">A nyelvtanul\u00e1s leghat\u00e9konyabb m\u00f3dja<\/p>\r\n    <a class=\"promotionalLink\" href=\"https:\/\/app.talkpal.ai\/hu\/signup?lng=\">Pr\u00f3b\u00e1lja ki a Talkpal ingyen<\/a>\r\n<\/section>\n<div class=\"wp-block-group pageContainerStyle\"><div class=\"wp-block-group__inner-container is-layout-constrained wp-block-group-is-layout-constrained\">\n<h2 class=\"wp-block-heading\" id=\"h-navigating-the-intricacies-of-basque-grammar\">Eligazod\u00e1s a baszk nyelvtan bonyolults\u00e1g\u00e1ban<\/h2>\n\n\n\n<p>A <a href=\"https:\/\/talkpal.ai\/hu\/tanulj-baszkul\/\">baszk,<\/a> a gazdag t\u00f6rt\u00e9nelemmel \u00e9s kultur\u00e1lis jelent\u0151s\u00e9ggel b\u00edr\u00f3 nyelvi elszigetelt nyelvi \u00e9lm\u00e9nyt k\u00edn\u00e1l azok sz\u00e1m\u00e1ra, akik sz\u00edvesen felfedezik egyedi nyelvtani rendszer\u00e9t. Ahogy a baszk birodalomba mer\u00e9szkedik, nemcsak nyelvi reperto\u00e1rj\u00e1t gazdag\u00edtja, hanem egy leny\u0171g\u00f6z\u0151 kultur\u00e1lis utaz\u00e1st is megteszel. B\u00e1r a baszk <a href=\"https:\/\/talkpal.ai\/grammar\/\">nyelvtan<\/a> els\u0151re bonyolultnak t\u0171nhet, az alapvet\u0151 \u00f6sszetev\u0151kre bont\u00e1sa megk\u00f6zel\u00edthet\u0151bb\u00e9 teszi a nyelvtanul\u00e1st. Ebben a cikkben felt\u00e1rjuk a baszk nyelvtan mag\u00e1val ragad\u00f3 vil\u00e1g\u00e1t, \u00e9s tippeket adunk annak \u00f6sszetetts\u00e9g\u00e9nek elsaj\u00e1t\u00edt\u00e1s\u00e1hoz.<\/p>\n\n\n\n<h3 class=\"wp-block-heading\" id=\"h-1-basque-alphabet-and-phonetics\">1. Baszk \u00e1b\u00e9c\u00e9 \u00e9s fonetika<\/h3>\n\n\n\n<p>A baszk \u00e1b\u00e9c\u00e9 standard baszk nyelven 27 bet\u0171b\u0151l \u00e1ll. A megk\u00fcl\u00f6nb\u00f6ztet\u0151 jellemz\u0151k k\u00f6z\u00e9 tartozik a &#8222;tx&#8221;, &#8222;tz&#8221; \u00e9s &#8222;ts&#8221; digr\u00e1fok, amelyek egyedi hangokat k\u00e9pviselnek, az &#8222;x&#8221; bet\u0171, amelyet \u00fagy ejtenek ki, mint az <a href=\"https:\/\/talkpal.ai\/locations\/language-courses-in-angol\/\">angol<\/a> &#8222;sh&#8221;, valamint az egyszeres &#8222;r&#8221; \u00e9s a dupla &#8222;rr&#8221; k\u00f6z\u00f6tti kontraszt. Egyes bet\u0171k, mint p\u00e9ld\u00e1ul a &#8222;c&#8221;, &#8222;q&#8221;, &#8222;v&#8221;, &#8222;w&#8221; \u00e9s &#8222;y&#8221; f\u0151leg j\u00f6vev\u00e9nyszavakban jelennek meg. A baszk nyelvtan elsaj\u00e1t\u00edt\u00e1s\u00e1hoz elengedhetetlen, hogy megismerkedjen ezzel az \u00edr\u00e1srendszerrel a baszk nyelv\u0171 olvas\u00e1s \u00e9s \u00edr\u00e1s gyakorl\u00e1s\u00e1val.<\/p>\n\n\n\n<h3 class=\"wp-block-heading\" id=\"h-2-case-suffixes-and-ergativity-a-core-basque-feature\">2. Eset-ut\u00f3tagok \u00e9s ergativit\u00e1s: alapvet\u0151 baszk jellemz\u0151<\/h3>\n\n\n\n<p>A baszk nyelvtan egyik legszembet\u0171n\u0151bb aspektusa az ergat\u00edvus-abszolut\u00edv \u00f6sszehangol\u00e1s \u00e9s a nagybet\u0171k ut\u00f3tagok gazdag rendszere. A f\u0151nevek \u00e9s a teljes f\u0151n\u00e9vi kifejez\u00e9sek olyan v\u00e9gz\u0151d\u00e9seket vesznek fel, amelyek jelzik a mondatban bet\u00f6lt\u00f6tt szerep\u00fcket, mint p\u00e9ld\u00e1ul az abszol\u00fat\u00edv (gyakran nulla, vagy -a\/-ak a hat\u00e1rozott n\u00e9vel\u0151vel), ergat\u00edvusz (-k vagy -ek), dativus (-ri vagy -ei), birtokos (-ren), inessive (-n), allat\u00edvusz (-ra), ablat\u00edv (-tik), instrument\u00e1lis (-z) \u00e9s komitat\u00edv (-ekin). Annak meg\u00e9rt\u00e9se, hogy mikor \u00e9s hogyan haszn\u00e1lj\u00e1k ezeket a v\u00e9gz\u0151d\u00e9seket, \u00e9s hogy kapcsol\u00f3dnak-e a f\u0151n\u00e9vi kifejez\u00e9s utols\u00f3 szav\u00e1hoz, l\u00e9tfontoss\u00e1g\u00fa a pontos baszk kommunik\u00e1ci\u00f3hoz.<\/p>\n\n\n\n<h3 class=\"wp-block-heading\" id=\"h-3-nouns-and-pronouns-gender-and-cases\">3. F\u0151nevek \u00e9s n\u00e9vm\u00e1sok: nem \u00e9s esetek<\/h3>\n\n\n\n<p>A baszk f\u0151neveknek nincs nyelvtani nem\u00fck, <a href=\"https:\/\/talkpal.ai\/locations\/language-courses-in-ami\/\">ami<\/a> leegyszer\u0171s\u00edti az egyet\u00e9rt\u00e9st, de kiterjedt esetrendszerrel \u00e9s hat\u00e1rozotts\u00e1ggal l\u00e9pnek k\u00f6lcs\u00f6nhat\u00e1sba. A sz\u00e1mot \u00e9s a hat\u00e1rozotts\u00e1got jellemz\u0151en a -a (hat\u00e1rozott egyes sz\u00e1m) \u00e9s -ak (hat\u00e1rozott t\u00f6bbes sz\u00e1m vagy ergat\u00edv egyes sz\u00e1m) n\u00e9vel\u0151 ut\u00f3tagokkal fejezik ki. A baszk n\u00e9vm\u00e1sok k\u00f6z\u00e9 tartoznak a szem\u00e9lyes (ni, hi, zu, zuek, gu, bera, haiek), birtokos (nire, zure, bere, gure, zuen, haien), reflex\u00edv (bere burua), demonstrat\u00edv (hau, hori, hura) \u00e9s k\u00e9rd\u0151 (nor, zer, zein) n\u00e9vm\u00e1sok. Ha megismeri ezeket a n\u00e9vm\u00e1sokat \u00e9s alakjaikat az esetek k\u00f6z\u00f6tt, az jelent\u0151sen jav\u00edtja a baszk nyelvtan meg\u00e9rt\u00e9s\u00e9t.<\/p>\n\n\n\n<h3 class=\"wp-block-heading\" id=\"h-4-verbs-structure-and-conjugation\">4. Ig\u00e9k: szerkezet \u00e9s ragoz\u00e1s<\/h3>\n\n\n\n<p>A baszk ig\u00e9k nagym\u00e9rt\u00e9kben t\u00e1maszkodnak seg\u00e9dszavakra, \u00e9s egyet\u00e9rt\u00e9st mutatnak az alommal, gyakran a k\u00f6zvetlen \u00e9s k\u00f6zvetett t\u00e1rgyakkal. Sok igeid\u0151 perifrasztikus, mell\u00e9kn\u00e9vi igen\u00e9vekb\u0151l \u00e9s az izan \u00e9s edun seg\u00e9dszavakb\u00f3l \u00e9p\u00fcl fel, m\u00edg az ig\u00e9k korl\u00e1tozott csoportj\u00e1nak szintetikus alakjai is vannak. A baszk nyelvben a l\u00e9nyegi id\u0151k a jelen, a m\u00falt \u00e9s a j\u00f6v\u0151, tov\u00e1bbi elemekkel, p\u00e9ld\u00e1ul felt\u00e9teles \u00e9s imperat\u00edv hangulatokkal. A seg\u00e9dszelekci\u00f3 m\u0171k\u00f6d\u00e9s\u00e9nek elsaj\u00e1t\u00edt\u00e1sa, valamint a magragoz\u00e1si mint\u00e1k jav\u00edtj\u00e1k a hat\u00e9kony baszk kommunik\u00e1ci\u00f3 k\u00e9pess\u00e9g\u00e9t.<\/p>\n\n\n\n<h3 class=\"wp-block-heading\" id=\"h-5-adjectives-agreement-and-placement\">5. Mell\u00e9knevek: meg\u00e1llapod\u00e1s \u00e9s elhelyez\u00e9s<\/h3>\n\n\n\n<p>A baszk nyelvtanban a mell\u00e9knevek \u00e1ltal\u00e1ban az \u00e1ltaluk m\u00f3dos\u00edtott f\u0151nevet k\u00f6vetik. Maguk a mell\u00e9knevek nem v\u00e1ltoznak sz\u00e1m vagy nem miatt, de a teljes f\u0151n\u00e9vi kifejez\u00e9s meghat\u00e1roz\u00f3ja \u00e9s esetut\u00f3tagja megjelenik az utols\u00f3 elemen, gyakran a mell\u00e9kn\u00e9ven. Az \u00f6sszehasonl\u00edt\u00f3 \u00e9s szuperlat\u00edvuszokat \u00e1ltal\u00e1ban -ago \u00e9s -en vagy -ena alkotj\u00e1k, amelyek elengedhetetlenek a term\u00e9szetesebb kommunik\u00e1ci\u00f3 megtanul\u00e1s\u00e1hoz.<\/p>\n\n\n\n<p><strong>P\u00e9ld\u00e1k:<\/strong><\/p>\n\n\n\n<p><strong>\u2013 Ume Txikiak (kisgyerekek)<\/strong><\/p>\n\n\n\n<p><strong>\u2013 Maitasun Handi (Nagy szerelem)<\/strong><\/p>\n\n\n\n<h3 class=\"wp-block-heading\" id=\"h-6-engaging-with-the-language\">6. A nyelv haszn\u00e1lata<\/h3>\n\n\n\n<p>A baszk nyelvtan teljes meg\u00e9rt\u00e9s\u00e9nek \u00e9s internaliz\u00e1l\u00e1s\u00e1nak leghat\u00e9konyabb m\u00f3dja a nyelv k\u00f6vetkezetes kezel\u00e9se. A baszk irodalom olvas\u00e1s\u00e1val, baszk filmek vagy telev\u00edzi\u00f3s sorozatok n\u00e9z\u00e9s\u00e9vel, baszk r\u00e1di\u00f3 hallgat\u00e1s\u00e1val \u00e9s az anyanyelvi besz\u00e9l\u0151kkel val\u00f3 akt\u00edv kommunik\u00e1ci\u00f3val meger\u0151s\u00edti nyelvtani meg\u00e9rt\u00e9s\u00e9t, mik\u00f6zben b\u0151v\u00edti sz\u00f3kincs\u00e9t.<\/p>\n\n\n\n<h3 class=\"wp-block-heading\" id=\"h-conclusion\">K\u00f6vetkeztet\u00e9s<\/h3>\n\n\n\n<p>B\u00e1r a baszk nyelvtan bonyolultnak t\u0171nhet, odaad\u00e1ssal, gyakorl\u00e1ssal \u00e9s lelkesed\u00e9ssel j\u00e1rtass\u00e1 v\u00e1lhat ebben a gy\u00f6ny\u00f6r\u0171 nyelvben. Ha az alapvet\u0151 szab\u00e1lyokra \u00f6sszpontos\u00edt, \u00e9s k\u00fcl\u00f6nb\u00f6z\u0151 kontextusokban foglalkozik a nyelvvel, gyorsan fejlesztheti baszk <a href=\"https:\/\/talkpal.ai\/hu\/nyelvtan\/\">nyelvtani k\u00e9szs\u00e9geit<\/a>. Zorte folytassa (sok sikert) a baszk nyelvi utaz\u00e1shoz, \u00e9s \u00e9lvezze a baszk nyelvtan rejt\u00e9lyes, m\u00e9gis mag\u00e1val ragad\u00f3 vil\u00e1g\u00e1nak felt\u00e1r\u00e1s\u00e1t!<\/p>\n<\/div><\/div>\n\r\n<section class=\"learnNavigationSection\">\r\n            \r\n        <a href=\"https:\/\/talkpal.ai\/hu\/tanulj-baszkul\/\">\r\n            <div class=\"learnNavigationWrapper\">\r\n                <div class=\"learnNavigationContent\">\r\n                    <img decoding=\"async\" src=\"https:\/\/talkpal.ai\/wp-content\/uploads\/2025\/11\/Basque.png\" alt=\"Basque Flag\">\r\n                    <div>\r\n                        <h4>A Basque Learningr\u0151l<\/h4>\r\n                        <p>Tudjon meg mindent a baszk nyelvtanr\u00f3l.<\/p>\r\n                    <\/div>\r\n                <\/div>\r\n            <\/div>\r\n        <\/a>\r\n\r\n        \r\n        <a href=\"https:\/\/talkpal.ai\/hu\/baszk-nyelvtani-gyakorlatok\/\">\r\n            <div class=\"learnNavigationWrapper\">\r\n                <div class=\"learnNavigationContent\">\r\n                    <img decoding=\"async\" src=\"https:\/\/talkpal.ai\/wp-content\/uploads\/2025\/11\/Basque.png\" alt=\"Basque Flag\">\r\n                    <div>\r\n                        <h4>Baszk nyelvtani gyakorlat<\/h4>\r\n                        <p>Gyakorold a baszk nyelvtant.<\/p>\r\n                    <\/div>\r\n                <\/div>\r\n            <\/div>\r\n        <\/a>\r\n\r\n            <\/section>\n<p><\/p>\n","protected":false},"excerpt":{"rendered":"<p>Eligazod\u00e1s a baszk nyelvtan bonyolults\u00e1g\u00e1ban A baszk, a gazdag t\u00f6rt\u00e9nelemmel \u00e9s kultur\u00e1lis jelent\u0151s\u00e9ggel b\u00edr\u00f3 nyelvi elszigetelt nyelvi \u00e9lm\u00e9nyt k\u00edn\u00e1l azok sz\u00e1m\u00e1ra, akik sz\u00edvesen felfedezik egyedi nyelvtani rendszer\u00e9t. Ahogy a baszk birodalomba mer\u00e9szkedik, nemcsak nyelvi reperto\u00e1rj\u00e1t gazdag\u00edtja, hanem egy leny\u0171g\u00f6z\u0151 kultur\u00e1lis utaz\u00e1st is megteszel. B\u00e1r a baszk nyelvtan els\u0151re bonyolultnak t\u0171nhet, az alapvet\u0151 \u00f6sszetev\u0151kre bont\u00e1sa megk\u00f6zel\u00edthet\u0151bb\u00e9 [&hellip;]<\/p>\n","protected":false},"author":20,"featured_media":0,"parent":0,"menu_order":0,"comment_status":"closed","ping_status":"closed","template":"LearningContentPage.php","meta":{"_acf_changed":false,"footnotes":""},"class_list":["post-1475282","page","type-page","status-publish","hentry"],"acf":[],"yoast_head":"<!-- This site is optimized with the Yoast SEO Premium plugin v27.2 (Yoast SEO v27.2) - https:\/\/yoast.com\/product\/yoast-seo-premium-wordpress\/ -->\n<title>Baszk nyelvtan - Talkpal<\/title>\n<meta name=\"description\" content=\"Saj\u00e1t\u00edtsa el a baszk nyelvtant ezzel az \u00fatmutat\u00f3val, amely tartalmazza az \u00e1b\u00e9c\u00e9t, a fonetik\u00e1t, az esetek ut\u00f3tagjait \u00e9s az ig\u00e9k ragoz\u00e1si szab\u00e1lyait.\" \/>\n<meta name=\"robots\" content=\"index, follow, max-snippet:-1, max-image-preview:large, max-video-preview:-1\" \/>\n<link rel=\"canonical\" href=\"https:\/\/talkpal.ai\/hu\/baszk-nyelvtan\/\" \/>\n<meta property=\"og:locale\" content=\"hu_HU\" \/>\n<meta property=\"og:type\" content=\"article\" \/>\n<meta property=\"og:title\" content=\"Baszk nyelvtan\" \/>\n<meta property=\"og:description\" content=\"Eligazod\u00e1s a baszk nyelvtan bonyolults\u00e1g\u00e1ban A baszk, a gazdag t\u00f6rt\u00e9nelemmel \u00e9s kultur\u00e1lis jelent\u0151s\u00e9ggel b\u00edr\u00f3 nyelvi elszigetelt nyelvi \u00e9lm\u00e9nyt k\u00edn\u00e1l azok\" \/>\n<meta property=\"og:url\" content=\"https:\/\/talkpal.ai\/hu\/baszk-nyelvtan\/\" \/>\n<meta property=\"og:site_name\" content=\"Talkpal\" \/>\n<meta property=\"article:publisher\" content=\"https:\/\/www.facebook.com\/profile.php?id=100090733639311\" \/>\n<meta property=\"article:modified_time\" content=\"2025-12-30T15:33:02+00:00\" \/>\n<meta property=\"og:image\" content=\"https:\/\/talkpal.ai\/wp-content\/uploads\/2025\/02\/Progress-tab-16_9.png\" \/>\n\t<meta property=\"og:image:width\" content=\"2880\" \/>\n\t<meta property=\"og:image:height\" content=\"1620\" \/>\n\t<meta property=\"og:image:type\" content=\"image\/png\" \/>\n<meta name=\"twitter:card\" content=\"summary_large_image\" \/>\n<meta name=\"twitter:site\" content=\"@talkpalai\" \/>\n<meta name=\"twitter:label1\" content=\"Becs\u00fclt olvas\u00e1si id\u0151\" \/>\n\t<meta name=\"twitter:data1\" content=\"4 perc\" \/>\n<script type=\"application\/ld+json\" class=\"yoast-schema-graph\">{\"@context\":\"https:\/\/schema.org\",\"@graph\":[{\"@type\":\"WebPage\",\"@id\":\"https:\/\/talkpal.ai\/hu\/baszk-nyelvtan\/\",\"url\":\"https:\/\/talkpal.ai\/hu\/baszk-nyelvtan\/\",\"name\":\"Baszk nyelvtan - Talkpal\",\"isPartOf\":{\"@id\":\"https:\/\/talkpal.ai\/hu\/#website\"},\"datePublished\":\"2025-11-11T15:33:17+00:00\",\"dateModified\":\"2025-12-30T15:33:02+00:00\",\"description\":\"Saj\u00e1t\u00edtsa el a baszk nyelvtant ezzel az \u00fatmutat\u00f3val, amely tartalmazza az \u00e1b\u00e9c\u00e9t, a fonetik\u00e1t, az esetek ut\u00f3tagjait \u00e9s az ig\u00e9k ragoz\u00e1si szab\u00e1lyait.\",\"breadcrumb\":{\"@id\":\"https:\/\/talkpal.ai\/hu\/baszk-nyelvtan\/#breadcrumb\"},\"inLanguage\":\"hu\",\"potentialAction\":[{\"@type\":\"ReadAction\",\"target\":[\"https:\/\/talkpal.ai\/hu\/baszk-nyelvtan\/\"]}]},{\"@type\":\"BreadcrumbList\",\"@id\":\"https:\/\/talkpal.ai\/hu\/baszk-nyelvtan\/#breadcrumb\",\"itemListElement\":[{\"@type\":\"ListItem\",\"position\":1,\"name\":\"Homepage\",\"item\":\"https:\/\/talkpal.ai\/hu\/\"},{\"@type\":\"ListItem\",\"position\":2,\"name\":\"Baszk nyelvtan\"}]},{\"@type\":\"WebSite\",\"@id\":\"https:\/\/talkpal.ai\/hu\/#website\",\"url\":\"https:\/\/talkpal.ai\/hu\/\",\"name\":\"Talkpal\",\"description\":\"AI Language Learning\",\"publisher\":{\"@id\":\"https:\/\/talkpal.ai\/hu\/#organization\"},\"alternateName\":\"Talkpal AI\",\"potentialAction\":[{\"@type\":\"SearchAction\",\"target\":{\"@type\":\"EntryPoint\",\"urlTemplate\":\"https:\/\/talkpal.ai\/hu\/?s={search_term_string}\"},\"query-input\":{\"@type\":\"PropertyValueSpecification\",\"valueRequired\":true,\"valueName\":\"search_term_string\"}}],\"inLanguage\":\"hu\"},{\"@type\":\"Organization\",\"@id\":\"https:\/\/talkpal.ai\/hu\/#organization\",\"name\":\"Talkpal, Inc.\",\"alternateName\":\"Talkpal AI\",\"url\":\"https:\/\/talkpal.ai\/hu\/\",\"logo\":{\"@type\":\"ImageObject\",\"inLanguage\":\"hu\",\"@id\":\"https:\/\/talkpal.ai\/hu\/#\/schema\/logo\/image\/\",\"url\":\"https:\/\/talkpal.ai\/wp-content\/uploads\/2024\/03\/Talkpal-Logo-Icon.png\",\"contentUrl\":\"https:\/\/talkpal.ai\/wp-content\/uploads\/2024\/03\/Talkpal-Logo-Icon.png\",\"width\":2880,\"height\":2880,\"caption\":\"Talkpal, Inc.\"},\"image\":{\"@id\":\"https:\/\/talkpal.ai\/hu\/#\/schema\/logo\/image\/\"},\"sameAs\":[\"https:\/\/www.facebook.com\/profile.php?id=100090733639311\",\"https:\/\/x.com\/talkpalai\",\"https:\/\/www.linkedin.com\/company\/talkpal\/\",\"https:\/\/www.youtube.com\/@TalkPal\/\",\"https:\/\/www.tiktok.com\/@talkpal\",\"https:\/\/www.instagram.com\/talkpal_ai\/\",\"https:\/\/www.crunchbase.com\/organization\/talkpal-9cde\",\"https:\/\/www.g2.com\/products\/talkpal-for-business\/\",\"https:\/\/www.trustpilot.com\/review\/talkpal.ai\",\"https:\/\/www.capterra.com\/p\/10006800\/TalkPal\/\"],\"description\":\"Talkpal is a language learning web and mobile education app, powered by the latest AI technologies, that provides engaging experiences to its customers in many different languages to help them improve their language skills. Users can chat about unlimited amount of topics with the app and use other modes to practice their language learning.\",\"email\":\"support@talkpal.ai\",\"legalName\":\"Talkpal, Inc.\",\"foundingDate\":\"2023-04-03\",\"duns\":\"118989042\",\"numberOfEmployees\":{\"@type\":\"QuantitativeValue\",\"minValue\":\"11\",\"maxValue\":\"50\"},\"publishingPrinciples\":\"https:\/\/talkpal.ai\/publishing-principles\/\",\"actionableFeedbackPolicy\":\"https:\/\/talkpal.ai\/actionable-feedback-policy\/\",\"correctionsPolicy\":\"https:\/\/talkpal.ai\/corrections-policy\/\",\"ethicsPolicy\":\"https:\/\/talkpal.ai\/ethics-policy\/\",\"diversityPolicy\":\"https:\/\/talkpal.ai\/diversity-policy\/\",\"diversityStaffingReport\":\"https:\/\/talkpal.ai\/diversity-policy\/\"}]}<\/script>\n<!-- \/ Yoast SEO Premium plugin. -->","yoast_head_json":{"title":"Baszk nyelvtan - Talkpal","description":"Saj\u00e1t\u00edtsa el a baszk nyelvtant ezzel az \u00fatmutat\u00f3val, amely tartalmazza az \u00e1b\u00e9c\u00e9t, a fonetik\u00e1t, az esetek ut\u00f3tagjait \u00e9s az ig\u00e9k ragoz\u00e1si szab\u00e1lyait.","robots":{"index":"index","follow":"follow","max-snippet":"max-snippet:-1","max-image-preview":"max-image-preview:large","max-video-preview":"max-video-preview:-1"},"canonical":"https:\/\/talkpal.ai\/hu\/baszk-nyelvtan\/","og_locale":"hu_HU","og_type":"article","og_title":"Baszk nyelvtan","og_description":"Eligazod\u00e1s a baszk nyelvtan bonyolults\u00e1g\u00e1ban A baszk, a gazdag t\u00f6rt\u00e9nelemmel \u00e9s kultur\u00e1lis jelent\u0151s\u00e9ggel b\u00edr\u00f3 nyelvi elszigetelt nyelvi \u00e9lm\u00e9nyt k\u00edn\u00e1l azok","og_url":"https:\/\/talkpal.ai\/hu\/baszk-nyelvtan\/","og_site_name":"Talkpal","article_publisher":"https:\/\/www.facebook.com\/profile.php?id=100090733639311","article_modified_time":"2025-12-30T15:33:02+00:00","og_image":[{"width":2880,"height":1620,"url":"https:\/\/talkpal.ai\/wp-content\/uploads\/2025\/02\/Progress-tab-16_9.png","type":"image\/png"}],"twitter_card":"summary_large_image","twitter_site":"@talkpalai","twitter_misc":{"Becs\u00fclt olvas\u00e1si id\u0151":"4 perc"},"schema":{"@context":"https:\/\/schema.org","@graph":[{"@type":"WebPage","@id":"https:\/\/talkpal.ai\/hu\/baszk-nyelvtan\/","url":"https:\/\/talkpal.ai\/hu\/baszk-nyelvtan\/","name":"Baszk nyelvtan - Talkpal","isPartOf":{"@id":"https:\/\/talkpal.ai\/hu\/#website"},"datePublished":"2025-11-11T15:33:17+00:00","dateModified":"2025-12-30T15:33:02+00:00","description":"Saj\u00e1t\u00edtsa el a baszk nyelvtant ezzel az \u00fatmutat\u00f3val, amely tartalmazza az \u00e1b\u00e9c\u00e9t, a fonetik\u00e1t, az esetek ut\u00f3tagjait \u00e9s az ig\u00e9k ragoz\u00e1si szab\u00e1lyait.","breadcrumb":{"@id":"https:\/\/talkpal.ai\/hu\/baszk-nyelvtan\/#breadcrumb"},"inLanguage":"hu","potentialAction":[{"@type":"ReadAction","target":["https:\/\/talkpal.ai\/hu\/baszk-nyelvtan\/"]}]},{"@type":"BreadcrumbList","@id":"https:\/\/talkpal.ai\/hu\/baszk-nyelvtan\/#breadcrumb","itemListElement":[{"@type":"ListItem","position":1,"name":"Homepage","item":"https:\/\/talkpal.ai\/hu\/"},{"@type":"ListItem","position":2,"name":"Baszk nyelvtan"}]},{"@type":"WebSite","@id":"https:\/\/talkpal.ai\/hu\/#website","url":"https:\/\/talkpal.ai\/hu\/","name":"Talkpal","description":"AI Language Learning","publisher":{"@id":"https:\/\/talkpal.ai\/hu\/#organization"},"alternateName":"Talkpal AI","potentialAction":[{"@type":"SearchAction","target":{"@type":"EntryPoint","urlTemplate":"https:\/\/talkpal.ai\/hu\/?s={search_term_string}"},"query-input":{"@type":"PropertyValueSpecification","valueRequired":true,"valueName":"search_term_string"}}],"inLanguage":"hu"},{"@type":"Organization","@id":"https:\/\/talkpal.ai\/hu\/#organization","name":"Talkpal, Inc.","alternateName":"Talkpal AI","url":"https:\/\/talkpal.ai\/hu\/","logo":{"@type":"ImageObject","inLanguage":"hu","@id":"https:\/\/talkpal.ai\/hu\/#\/schema\/logo\/image\/","url":"https:\/\/talkpal.ai\/wp-content\/uploads\/2024\/03\/Talkpal-Logo-Icon.png","contentUrl":"https:\/\/talkpal.ai\/wp-content\/uploads\/2024\/03\/Talkpal-Logo-Icon.png","width":2880,"height":2880,"caption":"Talkpal, Inc."},"image":{"@id":"https:\/\/talkpal.ai\/hu\/#\/schema\/logo\/image\/"},"sameAs":["https:\/\/www.facebook.com\/profile.php?id=100090733639311","https:\/\/x.com\/talkpalai","https:\/\/www.linkedin.com\/company\/talkpal\/","https:\/\/www.youtube.com\/@TalkPal\/","https:\/\/www.tiktok.com\/@talkpal","https:\/\/www.instagram.com\/talkpal_ai\/","https:\/\/www.crunchbase.com\/organization\/talkpal-9cde","https:\/\/www.g2.com\/products\/talkpal-for-business\/","https:\/\/www.trustpilot.com\/review\/talkpal.ai","https:\/\/www.capterra.com\/p\/10006800\/TalkPal\/"],"description":"Talkpal is a language learning web and mobile education app, powered by the latest AI technologies, that provides engaging experiences to its customers in many different languages to help them improve their language skills. Users can chat about unlimited amount of topics with the app and use other modes to practice their language learning.","email":"support@talkpal.ai","legalName":"Talkpal, Inc.","foundingDate":"2023-04-03","duns":"118989042","numberOfEmployees":{"@type":"QuantitativeValue","minValue":"11","maxValue":"50"},"publishingPrinciples":"https:\/\/talkpal.ai\/publishing-principles\/","actionableFeedbackPolicy":"https:\/\/talkpal.ai\/actionable-feedback-policy\/","correctionsPolicy":"https:\/\/talkpal.ai\/corrections-policy\/","ethicsPolicy":"https:\/\/talkpal.ai\/ethics-policy\/","diversityPolicy":"https:\/\/talkpal.ai\/diversity-policy\/","diversityStaffingReport":"https:\/\/talkpal.ai\/diversity-policy\/"}]}},"_links":{"self":[{"href":"https:\/\/talkpal.ai\/hu\/wp-json\/wp\/v2\/pages\/1475282","targetHints":{"allow":["GET"]}}],"collection":[{"href":"https:\/\/talkpal.ai\/hu\/wp-json\/wp\/v2\/pages"}],"about":[{"href":"https:\/\/talkpal.ai\/hu\/wp-json\/wp\/v2\/types\/page"}],"author":[{"embeddable":true,"href":"https:\/\/talkpal.ai\/hu\/wp-json\/wp\/v2\/users\/20"}],"replies":[{"embeddable":true,"href":"https:\/\/talkpal.ai\/hu\/wp-json\/wp\/v2\/comments?post=1475282"}],"version-history":[{"count":0,"href":"https:\/\/talkpal.ai\/hu\/wp-json\/wp\/v2\/pages\/1475282\/revisions"}],"wp:attachment":[{"href":"https:\/\/talkpal.ai\/hu\/wp-json\/wp\/v2\/media?parent=1475282"}],"curies":[{"name":"wp","href":"https:\/\/api.w.org\/{rel}","templated":true}]}}